{"id":97002,"date":"2025-08-06T06:18:05","date_gmt":"2025-08-06T06:18:05","guid":{"rendered":"https:\/\/transfereurope.com\/transfer-z-outletu-parndorf-do-drazdan\/"},"modified":"2025-08-06T06:18:05","modified_gmt":"2025-08-06T06:18:05","slug":"transfer-z-outletu-parndorf-do-drazdan","status":"publish","type":"page","link":"https:\/\/transfereurope.com\/sk\/outlet-parndorf\/z-drazdana\/transfer-z-outletu-parndorf-do-drazdan\/","title":{"rendered":"Transfer z outletu Parndorf do Dr\u00e1\u017e\u010fan"},"content":{"rendered":"\n<div id=\"t4-masthead\" class=\"t4-section  t4-masthead\">\n<div class=\"t4-col text-center\">\n<div class=\"ja-masthead\" >\n<div class=\"ja-masthead-detail\">\n<h1 class=\"ja-masthead-title\">Transfer z outletu Parndorf do Dr\u00e1\u017e\u010fan<\/h1>\n<p>                 <!---->            <\/p>\n<div class=\"block-breadcrumb\">\n<div class=\"moduletable\">\n<div aria-label=\"Breadcrumbs\" role=\"navigation\">\n<ul  class=\"breadcrumb\">\n<li class=\"active\"> \t\t\t\t<span class=\"fas fa-map-marker-alt home-map\"><\/span> \t\t\t<\/li>\n<li itemprop='itemListElement' > \t\t\t\t\t\t\t\t\t\t\t<a  href=\"\/sk\/\" class=\"pathway\"><span itemprop=\"name\">Hlavn\u00e1 str\u00e1nka<\/span><\/a> \t\t\t\t\t \t\t\t\t\t\t\t\t\t\t\t<span class=\"divider\"> \t\t\t\t\t\t\t<i class=\"fa fa-angle-double-right\" aria-hidden=\"true\"><\/i> \t\t\t\t\t\t<\/span> \t\t\t\t\t\t\t\t\t\t<meta  content=\"1\"> \t\t\t\t<\/li>\n<li itemprop='itemListElement' > \t\t\t\t\t\t\t\t\t\t\t<a  href=\"\/sk\/outlet-parndorf\" class=\"pathway\"><span itemprop=\"name\">Parndorf<\/span><\/a> \t\t\t\t\t \t\t\t\t\t\t\t\t\t\t\t<span class=\"divider\"> \t\t\t\t\t\t\t<i class=\"fa fa-angle-double-right\" aria-hidden=\"true\"><\/i> \t\t\t\t\t\t<\/span> \t\t\t\t\t\t\t\t\t\t<meta  content=\"2\"> \t\t\t\t<\/li>\n<li itemprop='itemListElement' > \t\t\t\t\t\t\t\t\t\t\t<a  href=\"\/sk\/outlet-parndorf\/z-drazdana\" class=\"pathway\"><span itemprop=\"name\">z Dr\u00e1\u017e\u010fana<\/span><\/a> \t\t\t\t\t \t\t\t\t\t\t\t\t\t\t\t<span class=\"divider\"> \t\t\t\t\t\t\t<i class=\"fa fa-angle-double-right\" aria-hidden=\"true\"><\/i> \t\t\t\t\t\t<\/span> \t\t\t\t\t\t\t\t\t\t<meta  content=\"3\"> \t\t\t\t<\/li>\n<li   class=\"active\"> \t\t\t\t\t<span itemprop=\"name\"> \t\t\t\t\t\tTransfer z outletu Parndorf do Dr\u00e1\u017e\u010fan\t\t\t\t\t<\/span> \t\t\t\t\t<meta  content=\"4\"> \t\t\t\t<\/li>\n<\/ul><\/div>\n<\/p><\/div>\n<\/p><\/div>\n<\/p><\/div>\n<\/p><\/div>\n<pre><\/pre>\n<\/div>\n<\/div>\n<div id=\"t4-main-body\" class=\"t4-section  t4-main-body\" role=\"main body\">\n<div class=\"t4-section-inner container\">\n<div class=\"t4-row row\">\n<div class=\"t4-col col-12 col-xl\">\n<div id=\"system-message-container\"> \t<\/div>\n<div class=\"com-content-article item-page view-tour-detail\">\n<div class=\"tour-top-info clearfix\">\n<div class=\"pull-left\">\n<div class=\"category-article-dot\">\n<div class=\"category-name\"> \t\t\t\t\t<a href=\"\/sk\/outlet-parndorf\/z-drazdana\" itemprop=\"genre\">z Dr\u00e1\u017e\u010fana<\/a> \t\t\t\t<\/div>\n<\/p><\/div>\n<\/p><\/div>\n<div class=\"pull-right\">\n<div class=\"text-danger tour-price\"> \t\t\t\t\t\t<a href=\"\/sk\/rezervovat-transfer\">Rezervova\u0165<\/a><\/div>\n<\/p><\/div>\n<\/p><\/div>\n<p>  \t <!--\t-->  \t<\/p>\n<div class=\"vm-product-container\">\n<figure class=\"pull-left item-image\">\n<div class=\"main-image\"> \t\t<a title=\"Parndorf Outlet to Dresden Transfer Service\" rel='vm-additional-images' href=\"\/images\/virtuemart\/product\/Europe Destinations Transfers (3)86.jpg\"><img decoding=\"async\"  loading=\"lazy\"  src=\"\/wp-content\/uploads\/2025\/08\/Europe-Destinations-Transfers-386-8.jpg\"  alt=\"Parndorf Outlet to Dresden Transfer Service\"  \/><\/a>\t\t<\/p>\n<div class=\"clear\"><\/div>\n<\/p><\/div>\n<\/figure>\n<div class=\"vm-product-details-container\">\n<div class=\"spacer-buy-area\">    \t\t \t\t<\/div>\n<\/p><\/div>\n<div class=\"clear\"><\/div>\n<\/p><\/div>\n<div class=\"product-description\" >\n<div class=\"book-now mt-5\" style=\"text-align: left;\">\n<p>Vitajte na str\u00e1nkach hlavnej prepravnej slu\u017eby pre va\u0161u cestu z Parndorf Outlet do Dr\u00e1\u017e\u010fan. Na\u0161e \u0161pi\u010dkov\u00e9 prepravn\u00e9 slu\u017eby v\u00e1m poskytn\u00fa bezprobl\u00e9mov\u00fd a pohodln\u00fd z\u00e1\u017eitok a zabezpe\u010dia, \u017ee do cie\u013ea doraz\u00edte \u0161t\u00fdlovo a uvo\u013enene.<\/p>\n<p style=\"text-align: center;\"><a class=\"btn btn-primary\" href=\"\/sk\/rezervovat-transfer\">Rezervova\u0165<\/a><\/p>\n<h2 style=\"text-align: center;\"><strong>Pre\u010do si vybra\u0165 n\u00e1\u0161 transfer z Parndorf Outlet do Dr\u00e1\u017e\u010fan?<\/strong><\/h2>\n<ul>\n<li><strong>Pohodlie:<\/strong> Na\u0161e vozidl\u00e1 s\u00fa vybaven\u00e9 v\u0161etk\u00fdm komfortom, ktor\u00fd potrebujete na pr\u00edjemn\u00fa cestu.<\/li>\n<li><strong>Bezpe\u010dnos\u0165:<\/strong> Dodr\u017eiavame najvy\u0161\u0161ie bezpe\u010dnostn\u00e9 normy, aby sme v\u00e1m zabezpe\u010dili pokoj.<\/li>\n<li><strong>Spo\u013eahlivos\u0165:<\/strong> Spo\u013eahnite sa na n\u00e1s, \u017ee pr\u00eddeme, ke\u010f n\u00e1s budete potrebova\u0165, bez me\u0161kania na posledn\u00fa chv\u00ed\u013eu.<\/li>\n<li><strong>Flexibilita:<\/strong> Vieme sa prisp\u00f4sobi\u0165 va\u0161im jedine\u010dn\u00fdm potreb\u00e1m, \u010di u\u017e ide o individu\u00e1lnu cestu alebo skupinov\u00fd v\u00fdlet.<\/li>\n<\/ul>\n<h2 style=\"text-align: center;\"><strong><img decoding=\"async\" title=\"Parndorf Outlet to Dresden Transfer Service\" src=\"\/wp-content\/uploads\/2025\/08\/parndorf-outlet-to-dresden-transfer-service-27.jpg\" alt=\"Parndorf Outlet to Dresden Transfer Service\" \/><\/strong><\/h2>\n<h2 style=\"text-align: center;\">\u00a0<\/h2>\n<h2 style=\"text-align: center;\"><strong>Rezerv\u00e1cia transferu z Parndorf Outlet do Dr\u00e1\u017e\u010fan\u00a0<\/strong><\/h2>\n<p>Urobte si nezabudnute\u013en\u00fa cestu z Parndorf Outlet do Dr\u00e1\u017e\u010fan s na\u0161ou pr\u00e9miovou dopravou a slu\u017ebou pren\u00e1jmu auta. Kontaktujte n\u00e1s e\u0161te dnes a rezervujte si s\u00fakromn\u00e9ho vodi\u010da a dopravu a za\u017eite cestovanie v tej najlep\u0161ej kvalite.<\/p>\n<p style=\"text-align: center;\"><a class=\"btn btn-primary\" href=\"\/sk\/rezervovat-transfer\">Rezervova\u0165<\/a><\/p>\n<h2 style=\"text-align: center;\"><b>Ako sa dosta\u0165 z Parndorf Outlet do Dr\u00e1\u017e\u010fan<\/b><\/h2>\n<p>Ak sa chcete dosta\u0165 z Parndorf Outlet do Dr\u00e1\u017e\u010fan, m\u00e1te nieko\u013eko mo\u017enost\u00ed dopravy. Parndorf Outlet sa nach\u00e1dza v Rak\u00fasku a Dr\u00e1\u017e\u010fany s\u00fa mesto v Nemecku. Tu s\u00fa najbe\u017enej\u0161ie sp\u00f4soby, ako t\u00fato cestu uskuto\u010dni\u0165:<\/p>\n<h3>Automobilom<\/h3>\n<p>Najflexibilnej\u0161ou mo\u017enos\u0165ou je jazda autom z Parndorf Outlet do Dr\u00e1\u017e\u010fan. M\u00f4\u017eete vyu\u017ei\u0165 dia\u013enicu A4, ktor\u00e1 sp\u00e1ja Viede\u0148 (kde sa Parndorf nach\u00e1dza) s Dr\u00e1\u017e\u010fanmi.<\/p>\n<p>Vzdialenos\u0165 je pribli\u017ene 350 kilometrov (217 m\u00ed\u013e) a zvy\u010dajne trv\u00e1 pribli\u017ene 3,5 a\u017e 4 hodiny v z\u00e1vislosti od dopravn\u00fdch podmienok.<\/p>\n<h3>Vlakom<\/h3>\n<p>Z Parndorfu Outlet sa m\u00f4\u017eete dosta\u0165 vlakom do Dr\u00e1\u017e\u010fan. Najsk\u00f4r sa mus\u00edte dosta\u0165 vlakom z Parndorfu na viedensk\u00fa hlavn\u00fa stanicu (Hauptbahnhof).<\/p>\n<p>Z Viedne prem\u00e1vaj\u00fa priame vlaky do Dr\u00e1\u017e\u010fan, ktor\u00e9 zvy\u010dajne trvaj\u00fa pribli\u017ene 4 a\u017e 5 hod\u00edn.<\/p>\n<p>\u00a0<\/p>\n<h3>Autobusom<\/h3>\n<p>Medzi ve\u013ek\u00fdmi eur\u00f3pskymi mestami prem\u00e1va autobusov\u00e1 doprava a mo\u017eno n\u00e1jdete aj autobus, ktor\u00fd prem\u00e1va z Viedne do Dr\u00e1\u017e\u010fan. Cesta autobusom m\u00f4\u017ee trva\u0165 pribli\u017ene 6 a\u017e 8 hod\u00edn.<\/p>\n<h3>Lietadlom<\/h3>\n<p>Najr\u00fdchlej\u0161ou mo\u017enos\u0165ou je let z medzin\u00e1rodn\u00e9ho letiska Viede\u0148 (ktor\u00e9 sa nach\u00e1dza v bl\u00edzkosti Parndorfu) na letisko Dr\u00e1\u017e\u010fany. Lety s\u00fa zvy\u010dajne kr\u00e1tke a trvaj\u00fa pribli\u017ene 1 hodinu.<\/p>\n<p>Po pr\u00edlete na dr\u00e1\u017e\u010fansk\u00e9 letisko sa m\u00f4\u017eete do centra mesta dosta\u0165 verejnou dopravou alebo tax\u00edkom.<\/p>\n<h3>Pod\u013ea kombin\u00e1cie dopravy<\/h3>\n<p>V z\u00e1vislosti od va\u0161ich preferenci\u00ed a \u010dasov\u00e9ho rozvrhu m\u00f4\u017eete tie\u017e kombinova\u0165 r\u00f4zne druhy dopravy, napr\u00edklad vlakom alebo autobusom do Viedne a potom letom do Dr\u00e1\u017e\u010fan.<\/p>\n<p style=\"text-align: center;\"><a class=\"btn btn-primary\" href=\"\/sk\/rezervovat-transfer\">Rezervova\u0165<\/a><\/p>\n<p style=\"text-align: left;\">Nezabudnite si overi\u0165 aktu\u00e1lne cestovn\u00e9 poriadky a dostupnos\u0165 vybran\u00e9ho druhu dopravy, preto\u017ee sa m\u00f4\u017eu zmeni\u0165. Odpor\u00fa\u010da sa tie\u017e rezervova\u0165 si l\u00edstky vopred, najm\u00e4 na vlaky a lety, aby ste si zabezpe\u010dili svoje cestovn\u00e9 pl\u00e1ny.<\/p>\n<\/p><\/div>\n<\/p><\/div>\n<div class=\"product-price-container\">\n<div class=\"sale-price\"> \t\t<\/div>\n<\/p><\/div>\n<div class=\"options\"><\/div>\n<div> \t\t<\/div>\n<p>   \t        <script type=\"text\/javascript\" ><\/script>  <script type=\"text\/javascript\" ><\/script> <script type=\"text\/javascript\" ><\/script>  <script type=\"text\/javascript\" ><\/script> <script type=\"text\/javascript\" ><\/script> <script type=\"text\/javascript\" ><\/script> <script type=\"text\/javascript\" ><\/script> <\/div>\n<p> \t\t<!-- \u041f\u043b\u0430\u0433\u0438\u043d \u0440\u0435\u0439\u0442\u0438\u043d\u0433\u0430 --> <\/p>\n<div class=\"vrvote-body\">\n<ul class=\"vrvote-ul\">\n<li id=\"rating_71\" class=\"current-rating\" style=\"width:97.86%;\"><\/li>\n<li> \t\t\t\t\t\t<a class=\"vr-one-star\" onclick=\"javascript:JSVRvote(71,1,137,28,0)\" href=\"javascript:void(null)\">1<\/a> \t\t\t\t\t<\/li>\n<li> \t\t\t\t\t\t<a class=\"vr-two-stars\" onclick=\"javascript:JSVRvote(71,2,137,28,0)\" href=\"javascript:void(null)\">2<\/a> \t\t\t\t\t<\/li>\n<li> \t\t\t\t\t\t<a class=\"vr-three-stars\" onclick=\"javascript:JSVRvote(71,3,137,28,0)\" href=\"javascript:void(null)\">3<\/a> \t\t\t\t\t<\/li>\n<li> \t\t\t\t\t\t<a class=\"vr-four-stars\" onclick=\"javascript:JSVRvote(71,4,137,28,0)\" href=\"javascript:void(null)\">4<\/a> \t\t\t\t\t<\/li>\n<li> \t\t\t\t\t\t<a class=\"vr-five-stars\" onclick=\"javascript:JSVRvote(71,5,137,28,0)\" href=\"javascript:void(null)\">5<\/a> \t\t\t\t\t<\/li>\n<\/ul><\/div>\n<p> \t\t\t<span id=\"vrvote_71\" class=\"vrvote-count\"><small><\/small><\/span>\t<\/span><script type=\"application\/ld+json\"><\/script>   <\/div>\n<div class=\"t4-col sidebar-r col-12 col-xl-4\">\n<div class=\"t4-module module\" id=\"Mod306\">\n<div class=\"module-inner\">\n<div class=\"module-ct\">\n<div class=\"bannergroup\">\n<div class=\"banneritem\"> \t\t\t\t\t\t\t\t\t\t\t\t\t\t\t\t\t\t\t\t\t\t\t\t\t\t\t\t\t\t\t\t\t\t\t\t\t\t\t\t\t\t\t\t\t\t\t\t\t\t<img \t\t\t\t\t\tsrc=\"\/wp-content\/uploads\/2025\/08\/banner-transfer-europe-sk-581.png\" \t\t\t\t\t\talt=\"Banner-sk\" \t\t\t\t\t\t\t\t\t\t\t\t\t\t\t\t\t\/> \t\t\t\t\t\t\t\t\t\t\t<\/p>\n<div class=\"clr\"><\/div>\n<\/p><\/div>\n<\/p><\/div>\n<\/p><\/div>\n<\/div>\n<\/div><\/div>\n<\/p><\/div>\n<\/div><\/div>\n<div id=\"t4-section-8\" class=\"t4-section  t4-section-8  section-border-top\" role=\"section-8\">\n<div class=\"bg-overlay bg-overlay-image\">&nbsp;<\/div>\n<\/p><\/div>\n<p>  <a href='javascript:' id='back-to-top'><i class='fa fa-chevron-up'><\/i><\/a>                <\/p>\n","protected":false},"excerpt":{"rendered":"<p>Transfer z outletu Parndorf do Dr\u00e1\u017e\u010fan Hlavn\u00e1 str\u00e1nka Parndorf z Dr\u00e1\u017e\u010fana Transfer z outletu Parndorf do Dr\u00e1\u017e\u010fan z Dr\u00e1\u017e\u010fana Rezervova\u0165 Vitajte na str\u00e1nkach hlavnej prepravnej slu\u017eby pre va\u0161u cestu z Parndorf Outlet do Dr\u00e1\u017e\u010fan. Na\u0161e \u0161pi\u010dkov\u00e9 prepravn\u00e9 slu\u017eby v\u00e1m poskytn\u00fa bezprobl\u00e9mov\u00fd a pohodln\u00fd z\u00e1\u017eitok a zabezpe\u010dia, \u017ee do cie\u013ea doraz\u00edte \u0161t\u00fdlovo a uvo\u013enene. Rezervova\u0165 Pre\u010do [&hellip;]<\/p>\n","protected":false},"author":1,"featured_media":97003,"parent":23351,"menu_order":0,"comment_status":"closed","ping_status":"closed","template":"","meta":{"footnotes":""},"class_list":["post-97002","page","type-page","status-publish","has-post-thumbnail","hentry"],"yoast_head":"<!-- This site is optimized with the Yoast SEO plugin v25.6 - https:\/\/yoast.com\/wordpress\/plugins\/seo\/ -->\n<title>Transfer z outletu Parndorf do Dr\u00e1\u017e\u010fan - Transfer Europe<\/title>\n<meta name=\"description\" content=\"\u0160of\u00e9rujte z outletu Parndorf do Dr\u00e1\u017e\u010fan autom. Zarezervujte si prevod online Outlet Parndorf - Dresden on Transfer Europe \u2714Ve\u013ek\u00fd vozov\u00fd park \u2714VIP taxi \u2714Bezpe\u010dn\u00e9 platby \u260e+421 951 460 615\" \/>\n<meta name=\"robots\" content=\"index, follow, max-snippet:-1, max-image-preview:large, max-video-preview:-1\" \/>\n<link rel=\"canonical\" href=\"https:\/\/transfereurope.com\/sk\/outlet-parndorf\/z-drazdana\/transfer-z-outletu-parndorf-do-drazdan\/\" \/>\n<meta property=\"og:locale\" content=\"sk_SK\" \/>\n<meta property=\"og:type\" content=\"article\" \/>\n<meta property=\"og:title\" content=\"Transfer z outletu Parndorf do Dr\u00e1\u017e\u010fan - Transfer Europe\" \/>\n<meta property=\"og:description\" content=\"\u0160of\u00e9rujte z outletu Parndorf do Dr\u00e1\u017e\u010fan autom. Zarezervujte si prevod online Outlet Parndorf - Dresden on Transfer Europe \u2714Ve\u013ek\u00fd vozov\u00fd park \u2714VIP taxi \u2714Bezpe\u010dn\u00e9 platby \u260e+421 951 460 615\" \/>\n<meta property=\"og:url\" content=\"https:\/\/transfereurope.com\/sk\/outlet-parndorf\/z-drazdana\/transfer-z-outletu-parndorf-do-drazdan\/\" \/>\n<meta property=\"og:site_name\" content=\"transfereurope\" \/>\n<meta property=\"og:image\" content=\"https:\/\/transfereurope.com\/wp-content\/uploads\/2025\/08\/Europe-Destinations-Transfers-386-8-1.jpg\" \/>\n\t<meta property=\"og:image:width\" content=\"1500\" \/>\n\t<meta property=\"og:image:height\" content=\"2000\" \/>\n\t<meta property=\"og:image:type\" content=\"image\/jpeg\" \/>\n<meta name=\"twitter:card\" content=\"summary_large_image\" \/>\n<meta name=\"twitter:label1\" content=\"Predpokladan\u00fd \u010das \u010d\u00edtania\" \/>\n\t<meta name=\"twitter:data1\" content=\"3 min\u00faty\" \/>\n<script type=\"application\/ld+json\" class=\"yoast-schema-graph\">{\"@context\":\"https:\/\/schema.org\",\"@graph\":[{\"@type\":\"WebPage\",\"@id\":\"https:\/\/transfereurope.com\/sk\/outlet-parndorf\/z-drazdana\/transfer-z-outletu-parndorf-do-drazdan\/\",\"url\":\"https:\/\/transfereurope.com\/sk\/outlet-parndorf\/z-drazdana\/transfer-z-outletu-parndorf-do-drazdan\/\",\"name\":\"Transfer z outletu Parndorf do Dr\u00e1\u017e\u010fan - Transfer Europe\",\"isPartOf\":{\"@id\":\"https:\/\/transfereurope.com\/sk\/#website\"},\"primaryImageOfPage\":{\"@id\":\"https:\/\/transfereurope.com\/sk\/outlet-parndorf\/z-drazdana\/transfer-z-outletu-parndorf-do-drazdan\/#primaryimage\"},\"image\":{\"@id\":\"https:\/\/transfereurope.com\/sk\/outlet-parndorf\/z-drazdana\/transfer-z-outletu-parndorf-do-drazdan\/#primaryimage\"},\"thumbnailUrl\":\"https:\/\/transfereurope.com\/wp-content\/uploads\/2025\/08\/Europe-Destinations-Transfers-386-8-1.jpg\",\"datePublished\":\"2025-08-06T06:18:05+00:00\",\"description\":\"\u0160of\u00e9rujte z outletu Parndorf do Dr\u00e1\u017e\u010fan autom. Zarezervujte si prevod online Outlet Parndorf - Dresden on Transfer Europe \u2714Ve\u013ek\u00fd vozov\u00fd park \u2714VIP taxi \u2714Bezpe\u010dn\u00e9 platby \u260e+421 951 460 615\",\"breadcrumb\":{\"@id\":\"https:\/\/transfereurope.com\/sk\/outlet-parndorf\/z-drazdana\/transfer-z-outletu-parndorf-do-drazdan\/#breadcrumb\"},\"inLanguage\":\"sk-SK\",\"potentialAction\":[{\"@type\":\"ReadAction\",\"target\":[\"https:\/\/transfereurope.com\/sk\/outlet-parndorf\/z-drazdana\/transfer-z-outletu-parndorf-do-drazdan\/\"]}]},{\"@type\":\"ImageObject\",\"inLanguage\":\"sk-SK\",\"@id\":\"https:\/\/transfereurope.com\/sk\/outlet-parndorf\/z-drazdana\/transfer-z-outletu-parndorf-do-drazdan\/#primaryimage\",\"url\":\"https:\/\/transfereurope.com\/wp-content\/uploads\/2025\/08\/Europe-Destinations-Transfers-386-8-1.jpg\",\"contentUrl\":\"https:\/\/transfereurope.com\/wp-content\/uploads\/2025\/08\/Europe-Destinations-Transfers-386-8-1.jpg\",\"width\":1500,\"height\":2000},{\"@type\":\"BreadcrumbList\",\"@id\":\"https:\/\/transfereurope.com\/sk\/outlet-parndorf\/z-drazdana\/transfer-z-outletu-parndorf-do-drazdan\/#breadcrumb\",\"itemListElement\":[{\"@type\":\"ListItem\",\"position\":1,\"name\":\"Home\",\"item\":\"https:\/\/transfereurope.com\/sk\/\"},{\"@type\":\"ListItem\",\"position\":2,\"name\":\"Transfer z outletu Parndorf do Dr\u00e1\u017e\u010fan\"}]},{\"@type\":\"WebSite\",\"@id\":\"https:\/\/transfereurope.com\/sk\/#website\",\"url\":\"https:\/\/transfereurope.com\/sk\/\",\"name\":\"transfereurope\",\"description\":\"\",\"publisher\":{\"@id\":\"https:\/\/transfereurope.com\/sk\/#organization\"},\"potentialAction\":[{\"@type\":\"SearchAction\",\"target\":{\"@type\":\"EntryPoint\",\"urlTemplate\":\"https:\/\/transfereurope.com\/sk\/?s={search_term_string}\"},\"query-input\":{\"@type\":\"PropertyValueSpecification\",\"valueRequired\":true,\"valueName\":\"search_term_string\"}}],\"inLanguage\":\"sk-SK\"},{\"@type\":\"Organization\",\"@id\":\"https:\/\/transfereurope.com\/sk\/#organization\",\"name\":\"transfereurope\",\"url\":\"https:\/\/transfereurope.com\/sk\/\",\"logo\":{\"@type\":\"ImageObject\",\"inLanguage\":\"sk-SK\",\"@id\":\"https:\/\/transfereurope.com\/sk\/#\/schema\/logo\/image\/\",\"url\":\"https:\/\/transfereurope.com\/wp-content\/uploads\/2025\/08\/TRANSFERS-1655.png\",\"contentUrl\":\"https:\/\/transfereurope.com\/wp-content\/uploads\/2025\/08\/TRANSFERS-1655.png\",\"width\":500,\"height\":274,\"caption\":\"transfereurope\"},\"image\":{\"@id\":\"https:\/\/transfereurope.com\/sk\/#\/schema\/logo\/image\/\"}}]}<\/script>\n<!-- \/ Yoast SEO plugin. -->","yoast_head_json":{"title":"Transfer z outletu Parndorf do Dr\u00e1\u017e\u010fan - Transfer Europe","description":"\u0160of\u00e9rujte z outletu Parndorf do Dr\u00e1\u017e\u010fan autom. Zarezervujte si prevod online Outlet Parndorf - Dresden on Transfer Europe \u2714Ve\u013ek\u00fd vozov\u00fd park \u2714VIP taxi \u2714Bezpe\u010dn\u00e9 platby \u260e+421 951 460 615","robots":{"index":"index","follow":"follow","max-snippet":"max-snippet:-1","max-image-preview":"max-image-preview:large","max-video-preview":"max-video-preview:-1"},"canonical":"https:\/\/transfereurope.com\/sk\/outlet-parndorf\/z-drazdana\/transfer-z-outletu-parndorf-do-drazdan\/","og_locale":"sk_SK","og_type":"article","og_title":"Transfer z outletu Parndorf do Dr\u00e1\u017e\u010fan - Transfer Europe","og_description":"\u0160of\u00e9rujte z outletu Parndorf do Dr\u00e1\u017e\u010fan autom. Zarezervujte si prevod online Outlet Parndorf - Dresden on Transfer Europe \u2714Ve\u013ek\u00fd vozov\u00fd park \u2714VIP taxi \u2714Bezpe\u010dn\u00e9 platby \u260e+421 951 460 615","og_url":"https:\/\/transfereurope.com\/sk\/outlet-parndorf\/z-drazdana\/transfer-z-outletu-parndorf-do-drazdan\/","og_site_name":"transfereurope","og_image":[{"width":1500,"height":2000,"url":"https:\/\/transfereurope.com\/wp-content\/uploads\/2025\/08\/Europe-Destinations-Transfers-386-8-1.jpg","type":"image\/jpeg"}],"twitter_card":"summary_large_image","twitter_misc":{"Predpokladan\u00fd \u010das \u010d\u00edtania":"3 min\u00faty"},"schema":{"@context":"https:\/\/schema.org","@graph":[{"@type":"WebPage","@id":"https:\/\/transfereurope.com\/sk\/outlet-parndorf\/z-drazdana\/transfer-z-outletu-parndorf-do-drazdan\/","url":"https:\/\/transfereurope.com\/sk\/outlet-parndorf\/z-drazdana\/transfer-z-outletu-parndorf-do-drazdan\/","name":"Transfer z outletu Parndorf do Dr\u00e1\u017e\u010fan - Transfer Europe","isPartOf":{"@id":"https:\/\/transfereurope.com\/sk\/#website"},"primaryImageOfPage":{"@id":"https:\/\/transfereurope.com\/sk\/outlet-parndorf\/z-drazdana\/transfer-z-outletu-parndorf-do-drazdan\/#primaryimage"},"image":{"@id":"https:\/\/transfereurope.com\/sk\/outlet-parndorf\/z-drazdana\/transfer-z-outletu-parndorf-do-drazdan\/#primaryimage"},"thumbnailUrl":"https:\/\/transfereurope.com\/wp-content\/uploads\/2025\/08\/Europe-Destinations-Transfers-386-8-1.jpg","datePublished":"2025-08-06T06:18:05+00:00","description":"\u0160of\u00e9rujte z outletu Parndorf do Dr\u00e1\u017e\u010fan autom. Zarezervujte si prevod online Outlet Parndorf - Dresden on Transfer Europe \u2714Ve\u013ek\u00fd vozov\u00fd park \u2714VIP taxi \u2714Bezpe\u010dn\u00e9 platby \u260e+421 951 460 615","breadcrumb":{"@id":"https:\/\/transfereurope.com\/sk\/outlet-parndorf\/z-drazdana\/transfer-z-outletu-parndorf-do-drazdan\/#breadcrumb"},"inLanguage":"sk-SK","potentialAction":[{"@type":"ReadAction","target":["https:\/\/transfereurope.com\/sk\/outlet-parndorf\/z-drazdana\/transfer-z-outletu-parndorf-do-drazdan\/"]}]},{"@type":"ImageObject","inLanguage":"sk-SK","@id":"https:\/\/transfereurope.com\/sk\/outlet-parndorf\/z-drazdana\/transfer-z-outletu-parndorf-do-drazdan\/#primaryimage","url":"https:\/\/transfereurope.com\/wp-content\/uploads\/2025\/08\/Europe-Destinations-Transfers-386-8-1.jpg","contentUrl":"https:\/\/transfereurope.com\/wp-content\/uploads\/2025\/08\/Europe-Destinations-Transfers-386-8-1.jpg","width":1500,"height":2000},{"@type":"BreadcrumbList","@id":"https:\/\/transfereurope.com\/sk\/outlet-parndorf\/z-drazdana\/transfer-z-outletu-parndorf-do-drazdan\/#breadcrumb","itemListElement":[{"@type":"ListItem","position":1,"name":"Home","item":"https:\/\/transfereurope.com\/sk\/"},{"@type":"ListItem","position":2,"name":"Transfer z outletu Parndorf do Dr\u00e1\u017e\u010fan"}]},{"@type":"WebSite","@id":"https:\/\/transfereurope.com\/sk\/#website","url":"https:\/\/transfereurope.com\/sk\/","name":"transfereurope","description":"","publisher":{"@id":"https:\/\/transfereurope.com\/sk\/#organization"},"potentialAction":[{"@type":"SearchAction","target":{"@type":"EntryPoint","urlTemplate":"https:\/\/transfereurope.com\/sk\/?s={search_term_string}"},"query-input":{"@type":"PropertyValueSpecification","valueRequired":true,"valueName":"search_term_string"}}],"inLanguage":"sk-SK"},{"@type":"Organization","@id":"https:\/\/transfereurope.com\/sk\/#organization","name":"transfereurope","url":"https:\/\/transfereurope.com\/sk\/","logo":{"@type":"ImageObject","inLanguage":"sk-SK","@id":"https:\/\/transfereurope.com\/sk\/#\/schema\/logo\/image\/","url":"https:\/\/transfereurope.com\/wp-content\/uploads\/2025\/08\/TRANSFERS-1655.png","contentUrl":"https:\/\/transfereurope.com\/wp-content\/uploads\/2025\/08\/TRANSFERS-1655.png","width":500,"height":274,"caption":"transfereurope"},"image":{"@id":"https:\/\/transfereurope.com\/sk\/#\/schema\/logo\/image\/"}}]}},"_links":{"self":[{"href":"https:\/\/transfereurope.com\/sk\/wp-json\/wp\/v2\/pages\/97002","targetHints":{"allow":["GET"]}}],"collection":[{"href":"https:\/\/transfereurope.com\/sk\/wp-json\/wp\/v2\/pages"}],"about":[{"href":"https:\/\/transfereurope.com\/sk\/wp-json\/wp\/v2\/types\/page"}],"author":[{"embeddable":true,"href":"https:\/\/transfereurope.com\/sk\/wp-json\/wp\/v2\/users\/1"}],"replies":[{"embeddable":true,"href":"https:\/\/transfereurope.com\/sk\/wp-json\/wp\/v2\/comments?post=97002"}],"version-history":[{"count":0,"href":"https:\/\/transfereurope.com\/sk\/wp-json\/wp\/v2\/pages\/97002\/revisions"}],"up":[{"embeddable":true,"href":"https:\/\/transfereurope.com\/sk\/wp-json\/wp\/v2\/pages\/23351"}],"wp:featuredmedia":[{"embeddable":true,"href":"https:\/\/transfereurope.com\/sk\/wp-json\/wp\/v2\/media\/97003"}],"wp:attachment":[{"href":"https:\/\/transfereurope.com\/sk\/wp-json\/wp\/v2\/media?parent=97002"}],"curies":[{"name":"wp","href":"https:\/\/api.w.org\/{rel}","templated":true}]}}