{"id":96894,"date":"2025-08-06T06:16:57","date_gmt":"2025-08-06T06:16:57","guid":{"rendered":"https:\/\/transfereurope.com\/transfer-z-drazdanskeho-letiska-do-outletu-parndorf\/"},"modified":"2025-08-06T06:16:57","modified_gmt":"2025-08-06T06:16:57","slug":"transfer-z-drazdanskeho-letiska-do-outletu-parndorf","status":"publish","type":"page","link":"https:\/\/transfereurope.com\/sk\/outlet-parndorf\/z-drazdana\/transfer-z-drazdanskeho-letiska-do-outletu-parndorf\/","title":{"rendered":"Transfer z dr\u00e1\u017e\u010fansk\u00e9ho letiska do outletu Parndorf"},"content":{"rendered":"\n<div id=\"t4-masthead\" class=\"t4-section  t4-masthead\">\n<div class=\"t4-col text-center\">\n<div class=\"ja-masthead\" >\n<div class=\"ja-masthead-detail\">\n<h1 class=\"ja-masthead-title\">Transfer z dr\u00e1\u017e\u010fansk\u00e9ho letiska do outletu Parndorf<\/h1>\n<p>                 <!---->            <\/p>\n<div class=\"block-breadcrumb\">\n<div class=\"moduletable\">\n<div aria-label=\"Breadcrumbs\" role=\"navigation\">\n<ul  class=\"breadcrumb\">\n<li class=\"active\"> \t\t\t\t<span class=\"fas fa-map-marker-alt home-map\"><\/span> \t\t\t<\/li>\n<li itemprop='itemListElement' > \t\t\t\t\t\t\t\t\t\t\t<a  href=\"\/sk\/\" class=\"pathway\"><span itemprop=\"name\">Hlavn\u00e1 str\u00e1nka<\/span><\/a> \t\t\t\t\t \t\t\t\t\t\t\t\t\t\t\t<span class=\"divider\"> \t\t\t\t\t\t\t<i class=\"fa fa-angle-double-right\" aria-hidden=\"true\"><\/i> \t\t\t\t\t\t<\/span> \t\t\t\t\t\t\t\t\t\t<meta  content=\"1\"> \t\t\t\t<\/li>\n<li itemprop='itemListElement' > \t\t\t\t\t\t\t\t\t\t\t<a  href=\"\/sk\/outlet-parndorf\" class=\"pathway\"><span itemprop=\"name\">Parndorf<\/span><\/a> \t\t\t\t\t \t\t\t\t\t\t\t\t\t\t\t<span class=\"divider\"> \t\t\t\t\t\t\t<i class=\"fa fa-angle-double-right\" aria-hidden=\"true\"><\/i> \t\t\t\t\t\t<\/span> \t\t\t\t\t\t\t\t\t\t<meta  content=\"2\"> \t\t\t\t<\/li>\n<li itemprop='itemListElement' > \t\t\t\t\t\t\t\t\t\t\t<a  href=\"\/sk\/outlet-parndorf\/z-drazdana\" class=\"pathway\"><span itemprop=\"name\">z Dr\u00e1\u017e\u010fana<\/span><\/a> \t\t\t\t\t \t\t\t\t\t\t\t\t\t\t\t<span class=\"divider\"> \t\t\t\t\t\t\t<i class=\"fa fa-angle-double-right\" aria-hidden=\"true\"><\/i> \t\t\t\t\t\t<\/span> \t\t\t\t\t\t\t\t\t\t<meta  content=\"3\"> \t\t\t\t<\/li>\n<li   class=\"active\"> \t\t\t\t\t<span itemprop=\"name\"> \t\t\t\t\t\tTransfer z dr\u00e1\u017e\u010fansk\u00e9ho letiska do outletu Parndorf\t\t\t\t\t<\/span> \t\t\t\t\t<meta  content=\"4\"> \t\t\t\t<\/li>\n<\/ul><\/div>\n<\/p><\/div>\n<\/p><\/div>\n<\/p><\/div>\n<\/p><\/div>\n<pre><\/pre>\n<\/div>\n<\/div>\n<div id=\"t4-main-body\" class=\"t4-section  t4-main-body\" role=\"main body\">\n<div class=\"t4-section-inner container\">\n<div class=\"t4-row row\">\n<div class=\"t4-col col-12 col-xl\">\n<div id=\"system-message-container\"> \t<\/div>\n<div class=\"com-content-article item-page view-tour-detail\">\n<div class=\"tour-top-info clearfix\">\n<div class=\"pull-left\">\n<div class=\"category-article-dot\">\n<div class=\"category-name\"> \t\t\t\t\t<a href=\"\/sk\/outlet-parndorf\/z-drazdana\" itemprop=\"genre\">z Dr\u00e1\u017e\u010fana<\/a> \t\t\t\t<\/div>\n<\/p><\/div>\n<\/p><\/div>\n<div class=\"pull-right\">\n<div class=\"text-danger tour-price\"> \t\t\t\t\t\t<a href=\"\/sk\/rezervovat-transfer\">Rezervova\u0165<\/a><\/div>\n<\/p><\/div>\n<\/p><\/div>\n<p>  \t <!--\t-->  \t<\/p>\n<div class=\"vm-product-container\">\n<figure class=\"pull-left item-image\">\n<div class=\"main-image\"> \t\t<a title=\"Dresden Airport to Parndorf Outlet Transfer Service\" rel='vm-additional-images' href=\"\/images\/virtuemart\/product\/Europe Destinations Transfers (1)7.jpg\"><img decoding=\"async\"  loading=\"lazy\"  src=\"\/wp-content\/uploads\/2025\/08\/Europe-Destinations-Transfers-17-7.jpg\"  alt=\"Dresden Airport to Parndorf Outlet Transfer Service\"  \/><\/a>\t\t<\/p>\n<div class=\"clear\"><\/div>\n<\/p><\/div>\n<\/figure>\n<div class=\"vm-product-details-container\">\n<div class=\"spacer-buy-area\">    \t\t \t\t<\/div>\n<\/p><\/div>\n<div class=\"clear\"><\/div>\n<\/p><\/div>\n<div class=\"product-description\" >\n<div class=\"book-now mt-5\" style=\"text-align: left;\">\n<p>Vitajte na str\u00e1nke hlavnej prepravnej slu\u017eby sp\u00e1jaj\u00facej letisko Dr\u00e1\u017e\u010fany s outletom Parndorf! Ak h\u013ead\u00e1te pohodln\u00fd a komfortn\u00fd sp\u00f4sob, ako sa dosta\u0165 do tohto n\u00e1kupn\u00e9ho raja, na\u0161a slu\u017eba pren\u00e1jmu auta a s\u00fakromn\u00e9ho vodi\u010da je pre v\u00e1s ide\u00e1lnou vo\u013ebou.<\/p>\n<p>Na\u0161e \u0161pi\u010dkov\u00e9 slu\u017eby transferu v\u00e1m zabezpe\u010dia bezprobl\u00e9mov\u00fa a pr\u00edjemn\u00fa cestu od momentu, ke\u010f vyst\u00fapite z lietadla. Rozl\u00fa\u010dte sa s probl\u00e9mami s navig\u00e1ciou v mestskej hromadnej doprave alebo h\u013eadan\u00edm tax\u00edka. S na\u0161ou spo\u013eahlivou automobilovou slu\u017ebou bude na v\u00e1s \u010daka\u0165 profesion\u00e1lny s\u00fakromn\u00fd vodi\u010d, ktor\u00fd v\u00e1s odvezie do Parndorf Outlet v \u0161t\u00fdle a pohodl\u00ed.<\/p>\n<p style=\"text-align: center;\"><a class=\"btn btn-primary\" href=\"\/sk\/rezervovat-transfer-z-na-letisko\">Rezervova\u0165<\/a><\/p>\n<h2 style=\"text-align: center;\"><strong>Pre\u010do si vybra\u0165 na\u0161e slu\u017eby transferu z letiska Dresden do Parndorf Outlet?<\/strong><\/h2>\n<ul>\n<li><strong>Cestovanie bez stresu:<\/strong>\u00a0Va\u0161a cesta sa za\u010d\u00edna srde\u010dn\u00fdm priv\u00edtan\u00edm na letisku v Dr\u00e1\u017e\u010fanoch. Na\u0161i vodi\u010di s\u00fa presn\u00ed, priate\u013esk\u00ed a dobre sa orientuj\u00fa v najlep\u0161\u00edch tras\u00e1ch do Parndorf Outlet. Uvo\u013enite sa a nechajte logistiku na n\u00e1s.<\/li>\n<li><strong>Komfort a pohodlie:<\/strong>\u00a0Vychutnajte si pohodln\u00fa jazdu v na\u0161ich modern\u00fdch a dobre udr\u017eiavan\u00fdch vozidl\u00e1ch. \u010ci u\u017e cestujete sami, so skupinou alebo ako rodina, m\u00e1me pre v\u00e1s ide\u00e1lne vozidlo, ktor\u00e9 vyhovie va\u0161im potreb\u00e1m.<\/li>\n<li><strong>Personalizovan\u00e9 slu\u017eby:<\/strong>\u00a0Vych\u00e1dzame v \u00fastrety va\u0161im jedine\u010dn\u00fdm po\u017eiadavk\u00e1m. Potrebujete autoseda\u010dku pre svoje die\u0165atko alebo preferujete konkr\u00e9tny typ vozidla? Sta\u010d\u00ed, ak n\u00e1m d\u00e1te vedie\u0165, a my v\u00e1m pod\u013ea toho prisp\u00f4sob\u00edme z\u00e1\u017eitok z prepravy.<\/li>\n<li><strong>\u00daspora \u010dasu:<\/strong>\u00a0Na\u0161i vodi\u010di s\u00fa obozn\u00e1men\u00ed s trasami a dopravn\u00fdmi sch\u00e9mami, \u010do zaru\u010duje efekt\u00edvnu a v\u010dasn\u00fa cestu. Maximalizujte svoj \u010das na n\u00e1kupy v Parndorf Outlet.<\/li>\n<li><strong>Konkuren\u010dn\u00e9 ceny:<\/strong>\u00a0Pon\u00fakame konkurencieschopn\u00e9 ceny bez kompromisov v kvalite. Na\u0161e prepravn\u00e9 slu\u017eby s\u00fa pre v\u00e1s cenovo v\u00fdhodn\u00e9 a z\u00e1rove\u0148 pohodln\u00e9.<\/li>\n<\/ul>\n<h2 style=\"text-align: center;\"><strong><img decoding=\"async\" title=\"Parndorf Outlet to Dresden Transfer Service\" src=\"\/wp-content\/uploads\/2025\/08\/parndorf-outlet-to-dresden-transfer-service-24.jpg\" alt=\"Parndorf Outlet to Dresden Transfer Service\" \/><\/strong><\/h2>\n<h2 style=\"text-align: center;\">\u00a0<\/h2>\n<h2 style=\"text-align: center;\"><strong>Rezerv\u00e1cia transferu z letiska Dresden do Parndorf Outlet\u00a0<\/strong><\/h2>\n<p>Ak si chcete objedna\u0165 slu\u017eby s\u00fakromn\u00e9ho vodi\u010da a automobilu z letiska Dr\u00e1\u017e\u010fany do Parndorf Outlet, jednoducho vypl\u0148te n\u00e1\u0161 jednoduch\u00fd rezerva\u010dn\u00fd formul\u00e1r alebo kontaktujte n\u00e1\u0161 priate\u013esk\u00fd t\u00edm slu\u017eieb z\u00e1kazn\u00edkom. Sme v\u00e1m k dispoz\u00edcii 24 hod\u00edn denne, 7 dn\u00ed v t\u00fd\u017edni a pom\u00f4\u017eeme v\u00e1m napl\u00e1nova\u0165 va\u0161u ide\u00e1lnu cestu. Vychutnajte si s nami bezprobl\u00e9mov\u00fa a pohodov\u00fa prepravu.<\/p>\n<p>Urobte si z n\u00e1v\u0161tevy Parndorf Outlet nezabudnute\u013en\u00e9 n\u00e1kupy v\u00fdberom na\u0161ich profesion\u00e1lnych prepravn\u00fdch slu\u017eieb. Te\u0161\u00edme sa, \u017ee v\u00e1m \u010doskoro budeme m\u00f4c\u0165 sl\u00fa\u017ei\u0165!<\/p>\n<p style=\"text-align: center;\"><a class=\"btn btn-primary\" href=\"\/sk\/rezervovat-transfer-z-na-letisko\">Rezervova\u0165<\/a><\/p>\n<h2 style=\"text-align: center;\"><b>Ako sa dosta\u0165 z letiska Dr\u00e1\u017e\u010fany do Parndorf Outlet<\/b><\/h2>\n<p>Ak let\u00edte na letisko Dr\u00e1\u017e\u010fany a pl\u00e1nujete n\u00e1kupy v Parndorf Outlet, \u010dak\u00e1 v\u00e1s fantastick\u00fd z\u00e1\u017eitok z nakupovania. Tu je jednoduch\u00fd n\u00e1vod, ako sa dosta\u0165 do Parndorf Outlet z dr\u00e1\u017e\u010fansk\u00e9ho letiska:<\/p>\n<h3>S\u00fakromn\u00e1 automobilov\u00e1 slu\u017eba<\/h3>\n<p>Najpohodlnej\u0161\u00ed a najkomfortnej\u0161\u00ed sp\u00f4sob, ako sa dosta\u0165 z letiska Dr\u00e1\u017e\u010fany do Parndorf Outlet, je vyu\u017ei\u0165 s\u00fakromn\u00fa automobilov\u00fa dopravu. M\u00f4\u017eete si objedna\u0165 auto a profesion\u00e1lneho vodi\u010da, ktor\u00fd v\u00e1s priv\u00edta na letisku a odvezie v\u00e1s priamo do outletu. T\u00e1to mo\u017enos\u0165 je ide\u00e1lna, ak chcete cestova\u0165 bez stresu a s osobn\u00fdm pr\u00edstupom.<\/p>\n<h3>Kyvadlov\u00e1 doprava<\/h3>\n<p>Medzi letiskom Dr\u00e1\u017e\u010fany a Parndorf Outlet m\u00f4\u017ee prem\u00e1va\u0165 kyvadlov\u00e1 doprava, najm\u00e4 po\u010das n\u00e1kupnej \u0161pi\u010dky. Informujte sa na letisku alebo v cestovnej kancel\u00e1rii o dostupn\u00fdch mo\u017enostiach kyvadlovej dopravy a jej cestovn\u00fdch poriadkoch.<\/p>\n<p>\u00a0<img decoding=\"async\" title=\"Parndorf Outlet to Dresden\" src=\"\/wp-content\/uploads\/2025\/08\/parndorf-outlet-to-dresden-24.jpg\" alt=\"Parndorf Outlet to Dresden\" \/><\/p>\n<h3>Pren\u00e1jom auta<\/h3>\n<p>\u010eal\u0161ou flexibilnou mo\u017enos\u0165ou je prenaja\u0165 si auto na letisku Dr\u00e1\u017e\u010fany. To v\u00e1m umo\u017en\u00ed ma\u0165 kontrolu nad svoj\u00edm \u010dasov\u00fdm harmonogramom a presk\u00fama\u0165 \u010fal\u0161ie atrakcie v oblasti. Parndorf Outlet je vzdialen\u00fd od dr\u00e1\u017e\u010fansk\u00e9ho letiska pribli\u017ene 3 a\u017e 4 hodiny jazdy, preto sa uistite, \u017ee m\u00e1te platn\u00fd vodi\u010dsk\u00fd preukaz a rozumiete miestnym dopravn\u00fdm predpisom.<\/p>\n<h3>Verejn\u00e1 doprava<\/h3>\n<p>Do Parndorf Outlet sa s\u00edce d\u00e1 dosta\u0165 aj verejnou dopravou, ale m\u00f4\u017ee to trva\u0165 dlh\u0161ie a zah\u0155\u0148a\u0165 viacero prestupov. Z letiska do Viedne m\u00f4\u017eete \u00eds\u0165 vlakom alebo autobusom a potom sa do Parndorfu dosta\u0165 miestnou dopravou. T\u00e1to mo\u017enos\u0165 je \u010dasovo n\u00e1ro\u010dnej\u0161ia, ale m\u00f4\u017ee by\u0165 cenovo v\u00fdhodn\u00e1.<\/p>\n<h3><b>Taxi<\/b><\/h3>\n<p>Na dr\u00e1\u017e\u010fanskom letisku s\u00fa \u013eahko dostupn\u00e9 tax\u00edky a s vodi\u010dom sa m\u00f4\u017eete dohodn\u00fa\u0165 na cene za odvoz do Parndorf Outlet. Majte na pam\u00e4ti, \u017ee t\u00e1to mo\u017enos\u0165 m\u00f4\u017ee by\u0165 relat\u00edvne drah\u0161ia ako s\u00fakromn\u00e1 automobilov\u00e1 slu\u017eba.<\/p>\n<p style=\"text-align: center;\"><a class=\"btn btn-primary\" href=\"\/sk\/rezervovat-transfer-z-na-letisko\">Rezervova\u0165<\/a><\/p>\n<p style=\"text-align: left;\">Bez oh\u013eadu na to, ak\u00fd sp\u00f4sob dopravy si vyberiete, je d\u00f4le\u017eit\u00e9, aby ste si cestu vopred napl\u00e1novali a zv\u00e1\u017eili faktory, ako je v\u00e1\u0161 rozpo\u010det, \u010das cesty a pohodlie. U\u017eite si n\u00e1kupy v Parndorf Outlet, kde n\u00e1jdete \u0161irok\u00fa ponuku zna\u010diek a v\u00fdrobkov, ktor\u00e9 uspokoja va\u0161e n\u00e1kupn\u00e9 ch\u00fa\u0165ky!<\/p>\n<\/p><\/div>\n<\/p><\/div>\n<div class=\"product-price-container\">\n<div class=\"sale-price\"> \t\t<\/div>\n<\/p><\/div>\n<div class=\"options\"><\/div>\n<div> \t\t<\/div>\n<p>   \t        <script type=\"text\/javascript\" ><\/script>  <script type=\"text\/javascript\" ><\/script> <script type=\"text\/javascript\" ><\/script>  <script type=\"text\/javascript\" ><\/script> <script type=\"text\/javascript\" ><\/script> <script type=\"text\/javascript\" ><\/script> <script type=\"text\/javascript\" ><\/script> <\/div>\n<p> \t\t<!-- \u041f\u043b\u0430\u0433\u0438\u043d \u0440\u0435\u0439\u0442\u0438\u043d\u0433\u0430 --> <\/p>\n<div class=\"vrvote-body\">\n<ul class=\"vrvote-ul\">\n<li id=\"rating_70\" class=\"current-rating\" style=\"width:98.13%;\"><\/li>\n<li> \t\t\t\t\t\t<a class=\"vr-one-star\" onclick=\"javascript:JSVRvote(70,1,157,32,0)\" href=\"javascript:void(null)\">1<\/a> \t\t\t\t\t<\/li>\n<li> \t\t\t\t\t\t<a class=\"vr-two-stars\" onclick=\"javascript:JSVRvote(70,2,157,32,0)\" href=\"javascript:void(null)\">2<\/a> \t\t\t\t\t<\/li>\n<li> \t\t\t\t\t\t<a class=\"vr-three-stars\" onclick=\"javascript:JSVRvote(70,3,157,32,0)\" href=\"javascript:void(null)\">3<\/a> \t\t\t\t\t<\/li>\n<li> \t\t\t\t\t\t<a class=\"vr-four-stars\" onclick=\"javascript:JSVRvote(70,4,157,32,0)\" href=\"javascript:void(null)\">4<\/a> \t\t\t\t\t<\/li>\n<li> \t\t\t\t\t\t<a class=\"vr-five-stars\" onclick=\"javascript:JSVRvote(70,5,157,32,0)\" href=\"javascript:void(null)\">5<\/a> \t\t\t\t\t<\/li>\n<\/ul><\/div>\n<p> \t\t\t<span id=\"vrvote_70\" class=\"vrvote-count\"><small><\/small><\/span>\t<\/span><script type=\"application\/ld+json\"><\/script>   <\/div>\n<div class=\"t4-col sidebar-r col-12 col-xl-4\">\n<div class=\"t4-module module\" id=\"Mod306\">\n<div class=\"module-inner\">\n<div class=\"module-ct\">\n<div class=\"bannergroup\">\n<div class=\"banneritem\"> \t\t\t\t\t\t\t\t\t\t\t\t\t\t\t\t\t\t\t\t\t\t\t\t\t\t\t\t\t\t\t\t\t\t\t\t\t\t\t\t\t\t\t\t\t\t\t\t\t\t<img \t\t\t\t\t\tsrc=\"\/wp-content\/uploads\/2025\/08\/banner-transfer-europe-sk-580.png\" \t\t\t\t\t\talt=\"Banner-sk\" \t\t\t\t\t\t\t\t\t\t\t\t\t\t\t\t\t\/> \t\t\t\t\t\t\t\t\t\t\t<\/p>\n<div class=\"clr\"><\/div>\n<\/p><\/div>\n<\/p><\/div>\n<\/p><\/div>\n<\/div>\n<\/div><\/div>\n<\/p><\/div>\n<\/div><\/div>\n<div id=\"t4-section-8\" class=\"t4-section  t4-section-8  section-border-top\" role=\"section-8\">\n<div class=\"bg-overlay bg-overlay-image\">&nbsp;<\/div>\n<\/p><\/div>\n<p>  <a href='javascript:' id='back-to-top'><i class='fa fa-chevron-up'><\/i><\/a>                <\/p>\n","protected":false},"excerpt":{"rendered":"<p>Transfer z dr\u00e1\u017e\u010fansk\u00e9ho letiska do outletu Parndorf Hlavn\u00e1 str\u00e1nka Parndorf z Dr\u00e1\u017e\u010fana Transfer z dr\u00e1\u017e\u010fansk\u00e9ho letiska do outletu Parndorf z Dr\u00e1\u017e\u010fana Rezervova\u0165 Vitajte na str\u00e1nke hlavnej prepravnej slu\u017eby sp\u00e1jaj\u00facej letisko Dr\u00e1\u017e\u010fany s outletom Parndorf! Ak h\u013ead\u00e1te pohodln\u00fd a komfortn\u00fd sp\u00f4sob, ako sa dosta\u0165 do tohto n\u00e1kupn\u00e9ho raja, na\u0161a slu\u017eba pren\u00e1jmu auta a s\u00fakromn\u00e9ho vodi\u010da je [&hellip;]<\/p>\n","protected":false},"author":1,"featured_media":96895,"parent":23351,"menu_order":0,"comment_status":"closed","ping_status":"closed","template":"","meta":{"footnotes":""},"class_list":["post-96894","page","type-page","status-publish","has-post-thumbnail","hentry"],"yoast_head":"<!-- This site is optimized with the Yoast SEO plugin v25.6 - https:\/\/yoast.com\/wordpress\/plugins\/seo\/ -->\n<title>Transfer z letiska v Dr\u00e1\u017e\u010fanoch do Parndorfu - Transfer Europe<\/title>\n<meta name=\"description\" content=\"\u0160of\u00e9rujte z dr\u00e1\u017e\u010fansk\u00e9ho letiska do outletu Parndorf autom. Zarezervujte si online transfer Dresden Airport - Parndorf Outlet on Transfer Europe \u2714Ve\u013ek\u00fd vozov\u00fd park \u2714VIP taxi \u2714Bezpe\u010dn\u00e9 platby \u260e+421 951 460 615\" \/>\n<meta name=\"robots\" content=\"index, follow, max-snippet:-1, max-image-preview:large, max-video-preview:-1\" \/>\n<link rel=\"canonical\" href=\"https:\/\/transfereurope.com\/sk\/outlet-parndorf\/z-drazdana\/transfer-z-drazdanskeho-letiska-do-outletu-parndorf\/\" \/>\n<meta property=\"og:locale\" content=\"sk_SK\" \/>\n<meta property=\"og:type\" content=\"article\" \/>\n<meta property=\"og:title\" content=\"Transfer z letiska v Dr\u00e1\u017e\u010fanoch do Parndorfu - Transfer Europe\" \/>\n<meta property=\"og:description\" content=\"\u0160of\u00e9rujte z dr\u00e1\u017e\u010fansk\u00e9ho letiska do outletu Parndorf autom. Zarezervujte si online transfer Dresden Airport - Parndorf Outlet on Transfer Europe \u2714Ve\u013ek\u00fd vozov\u00fd park \u2714VIP taxi \u2714Bezpe\u010dn\u00e9 platby \u260e+421 951 460 615\" \/>\n<meta property=\"og:url\" content=\"https:\/\/transfereurope.com\/sk\/outlet-parndorf\/z-drazdana\/transfer-z-drazdanskeho-letiska-do-outletu-parndorf\/\" \/>\n<meta property=\"og:site_name\" content=\"transfereurope\" \/>\n<meta property=\"og:image\" content=\"https:\/\/transfereurope.com\/wp-content\/uploads\/2025\/08\/Europe-Destinations-Transfers-17-7-1.jpg\" \/>\n\t<meta property=\"og:image:width\" content=\"1500\" \/>\n\t<meta property=\"og:image:height\" content=\"2000\" \/>\n\t<meta property=\"og:image:type\" content=\"image\/jpeg\" \/>\n<meta name=\"twitter:card\" content=\"summary_large_image\" \/>\n<meta name=\"twitter:label1\" content=\"Predpokladan\u00fd \u010das \u010d\u00edtania\" \/>\n\t<meta name=\"twitter:data1\" content=\"4 min\u00faty\" \/>\n<script type=\"application\/ld+json\" class=\"yoast-schema-graph\">{\"@context\":\"https:\/\/schema.org\",\"@graph\":[{\"@type\":\"WebPage\",\"@id\":\"https:\/\/transfereurope.com\/sk\/outlet-parndorf\/z-drazdana\/transfer-z-drazdanskeho-letiska-do-outletu-parndorf\/\",\"url\":\"https:\/\/transfereurope.com\/sk\/outlet-parndorf\/z-drazdana\/transfer-z-drazdanskeho-letiska-do-outletu-parndorf\/\",\"name\":\"Transfer z letiska v Dr\u00e1\u017e\u010fanoch do Parndorfu - Transfer Europe\",\"isPartOf\":{\"@id\":\"https:\/\/transfereurope.com\/sk\/#website\"},\"primaryImageOfPage\":{\"@id\":\"https:\/\/transfereurope.com\/sk\/outlet-parndorf\/z-drazdana\/transfer-z-drazdanskeho-letiska-do-outletu-parndorf\/#primaryimage\"},\"image\":{\"@id\":\"https:\/\/transfereurope.com\/sk\/outlet-parndorf\/z-drazdana\/transfer-z-drazdanskeho-letiska-do-outletu-parndorf\/#primaryimage\"},\"thumbnailUrl\":\"https:\/\/transfereurope.com\/wp-content\/uploads\/2025\/08\/Europe-Destinations-Transfers-17-7-1.jpg\",\"datePublished\":\"2025-08-06T06:16:57+00:00\",\"description\":\"\u0160of\u00e9rujte z dr\u00e1\u017e\u010fansk\u00e9ho letiska do outletu Parndorf autom. Zarezervujte si online transfer Dresden Airport - Parndorf Outlet on Transfer Europe \u2714Ve\u013ek\u00fd vozov\u00fd park \u2714VIP taxi \u2714Bezpe\u010dn\u00e9 platby \u260e+421 951 460 615\",\"breadcrumb\":{\"@id\":\"https:\/\/transfereurope.com\/sk\/outlet-parndorf\/z-drazdana\/transfer-z-drazdanskeho-letiska-do-outletu-parndorf\/#breadcrumb\"},\"inLanguage\":\"sk-SK\",\"potentialAction\":[{\"@type\":\"ReadAction\",\"target\":[\"https:\/\/transfereurope.com\/sk\/outlet-parndorf\/z-drazdana\/transfer-z-drazdanskeho-letiska-do-outletu-parndorf\/\"]}]},{\"@type\":\"ImageObject\",\"inLanguage\":\"sk-SK\",\"@id\":\"https:\/\/transfereurope.com\/sk\/outlet-parndorf\/z-drazdana\/transfer-z-drazdanskeho-letiska-do-outletu-parndorf\/#primaryimage\",\"url\":\"https:\/\/transfereurope.com\/wp-content\/uploads\/2025\/08\/Europe-Destinations-Transfers-17-7-1.jpg\",\"contentUrl\":\"https:\/\/transfereurope.com\/wp-content\/uploads\/2025\/08\/Europe-Destinations-Transfers-17-7-1.jpg\",\"width\":1500,\"height\":2000},{\"@type\":\"BreadcrumbList\",\"@id\":\"https:\/\/transfereurope.com\/sk\/outlet-parndorf\/z-drazdana\/transfer-z-drazdanskeho-letiska-do-outletu-parndorf\/#breadcrumb\",\"itemListElement\":[{\"@type\":\"ListItem\",\"position\":1,\"name\":\"Home\",\"item\":\"https:\/\/transfereurope.com\/sk\/\"},{\"@type\":\"ListItem\",\"position\":2,\"name\":\"Transfer z dr\u00e1\u017e\u010fansk\u00e9ho letiska do outletu Parndorf\"}]},{\"@type\":\"WebSite\",\"@id\":\"https:\/\/transfereurope.com\/sk\/#website\",\"url\":\"https:\/\/transfereurope.com\/sk\/\",\"name\":\"transfereurope\",\"description\":\"\",\"publisher\":{\"@id\":\"https:\/\/transfereurope.com\/sk\/#organization\"},\"potentialAction\":[{\"@type\":\"SearchAction\",\"target\":{\"@type\":\"EntryPoint\",\"urlTemplate\":\"https:\/\/transfereurope.com\/sk\/?s={search_term_string}\"},\"query-input\":{\"@type\":\"PropertyValueSpecification\",\"valueRequired\":true,\"valueName\":\"search_term_string\"}}],\"inLanguage\":\"sk-SK\"},{\"@type\":\"Organization\",\"@id\":\"https:\/\/transfereurope.com\/sk\/#organization\",\"name\":\"transfereurope\",\"url\":\"https:\/\/transfereurope.com\/sk\/\",\"logo\":{\"@type\":\"ImageObject\",\"inLanguage\":\"sk-SK\",\"@id\":\"https:\/\/transfereurope.com\/sk\/#\/schema\/logo\/image\/\",\"url\":\"https:\/\/transfereurope.com\/wp-content\/uploads\/2025\/08\/TRANSFERS-1655.png\",\"contentUrl\":\"https:\/\/transfereurope.com\/wp-content\/uploads\/2025\/08\/TRANSFERS-1655.png\",\"width\":500,\"height\":274,\"caption\":\"transfereurope\"},\"image\":{\"@id\":\"https:\/\/transfereurope.com\/sk\/#\/schema\/logo\/image\/\"}}]}<\/script>\n<!-- \/ Yoast SEO plugin. -->","yoast_head_json":{"title":"Transfer z letiska v Dr\u00e1\u017e\u010fanoch do Parndorfu - Transfer Europe","description":"\u0160of\u00e9rujte z dr\u00e1\u017e\u010fansk\u00e9ho letiska do outletu Parndorf autom. Zarezervujte si online transfer Dresden Airport - Parndorf Outlet on Transfer Europe \u2714Ve\u013ek\u00fd vozov\u00fd park \u2714VIP taxi \u2714Bezpe\u010dn\u00e9 platby \u260e+421 951 460 615","robots":{"index":"index","follow":"follow","max-snippet":"max-snippet:-1","max-image-preview":"max-image-preview:large","max-video-preview":"max-video-preview:-1"},"canonical":"https:\/\/transfereurope.com\/sk\/outlet-parndorf\/z-drazdana\/transfer-z-drazdanskeho-letiska-do-outletu-parndorf\/","og_locale":"sk_SK","og_type":"article","og_title":"Transfer z letiska v Dr\u00e1\u017e\u010fanoch do Parndorfu - Transfer Europe","og_description":"\u0160of\u00e9rujte z dr\u00e1\u017e\u010fansk\u00e9ho letiska do outletu Parndorf autom. Zarezervujte si online transfer Dresden Airport - Parndorf Outlet on Transfer Europe \u2714Ve\u013ek\u00fd vozov\u00fd park \u2714VIP taxi \u2714Bezpe\u010dn\u00e9 platby \u260e+421 951 460 615","og_url":"https:\/\/transfereurope.com\/sk\/outlet-parndorf\/z-drazdana\/transfer-z-drazdanskeho-letiska-do-outletu-parndorf\/","og_site_name":"transfereurope","og_image":[{"width":1500,"height":2000,"url":"https:\/\/transfereurope.com\/wp-content\/uploads\/2025\/08\/Europe-Destinations-Transfers-17-7-1.jpg","type":"image\/jpeg"}],"twitter_card":"summary_large_image","twitter_misc":{"Predpokladan\u00fd \u010das \u010d\u00edtania":"4 min\u00faty"},"schema":{"@context":"https:\/\/schema.org","@graph":[{"@type":"WebPage","@id":"https:\/\/transfereurope.com\/sk\/outlet-parndorf\/z-drazdana\/transfer-z-drazdanskeho-letiska-do-outletu-parndorf\/","url":"https:\/\/transfereurope.com\/sk\/outlet-parndorf\/z-drazdana\/transfer-z-drazdanskeho-letiska-do-outletu-parndorf\/","name":"Transfer z letiska v Dr\u00e1\u017e\u010fanoch do Parndorfu - Transfer Europe","isPartOf":{"@id":"https:\/\/transfereurope.com\/sk\/#website"},"primaryImageOfPage":{"@id":"https:\/\/transfereurope.com\/sk\/outlet-parndorf\/z-drazdana\/transfer-z-drazdanskeho-letiska-do-outletu-parndorf\/#primaryimage"},"image":{"@id":"https:\/\/transfereurope.com\/sk\/outlet-parndorf\/z-drazdana\/transfer-z-drazdanskeho-letiska-do-outletu-parndorf\/#primaryimage"},"thumbnailUrl":"https:\/\/transfereurope.com\/wp-content\/uploads\/2025\/08\/Europe-Destinations-Transfers-17-7-1.jpg","datePublished":"2025-08-06T06:16:57+00:00","description":"\u0160of\u00e9rujte z dr\u00e1\u017e\u010fansk\u00e9ho letiska do outletu Parndorf autom. Zarezervujte si online transfer Dresden Airport - Parndorf Outlet on Transfer Europe \u2714Ve\u013ek\u00fd vozov\u00fd park \u2714VIP taxi \u2714Bezpe\u010dn\u00e9 platby \u260e+421 951 460 615","breadcrumb":{"@id":"https:\/\/transfereurope.com\/sk\/outlet-parndorf\/z-drazdana\/transfer-z-drazdanskeho-letiska-do-outletu-parndorf\/#breadcrumb"},"inLanguage":"sk-SK","potentialAction":[{"@type":"ReadAction","target":["https:\/\/transfereurope.com\/sk\/outlet-parndorf\/z-drazdana\/transfer-z-drazdanskeho-letiska-do-outletu-parndorf\/"]}]},{"@type":"ImageObject","inLanguage":"sk-SK","@id":"https:\/\/transfereurope.com\/sk\/outlet-parndorf\/z-drazdana\/transfer-z-drazdanskeho-letiska-do-outletu-parndorf\/#primaryimage","url":"https:\/\/transfereurope.com\/wp-content\/uploads\/2025\/08\/Europe-Destinations-Transfers-17-7-1.jpg","contentUrl":"https:\/\/transfereurope.com\/wp-content\/uploads\/2025\/08\/Europe-Destinations-Transfers-17-7-1.jpg","width":1500,"height":2000},{"@type":"BreadcrumbList","@id":"https:\/\/transfereurope.com\/sk\/outlet-parndorf\/z-drazdana\/transfer-z-drazdanskeho-letiska-do-outletu-parndorf\/#breadcrumb","itemListElement":[{"@type":"ListItem","position":1,"name":"Home","item":"https:\/\/transfereurope.com\/sk\/"},{"@type":"ListItem","position":2,"name":"Transfer z dr\u00e1\u017e\u010fansk\u00e9ho letiska do outletu Parndorf"}]},{"@type":"WebSite","@id":"https:\/\/transfereurope.com\/sk\/#website","url":"https:\/\/transfereurope.com\/sk\/","name":"transfereurope","description":"","publisher":{"@id":"https:\/\/transfereurope.com\/sk\/#organization"},"potentialAction":[{"@type":"SearchAction","target":{"@type":"EntryPoint","urlTemplate":"https:\/\/transfereurope.com\/sk\/?s={search_term_string}"},"query-input":{"@type":"PropertyValueSpecification","valueRequired":true,"valueName":"search_term_string"}}],"inLanguage":"sk-SK"},{"@type":"Organization","@id":"https:\/\/transfereurope.com\/sk\/#organization","name":"transfereurope","url":"https:\/\/transfereurope.com\/sk\/","logo":{"@type":"ImageObject","inLanguage":"sk-SK","@id":"https:\/\/transfereurope.com\/sk\/#\/schema\/logo\/image\/","url":"https:\/\/transfereurope.com\/wp-content\/uploads\/2025\/08\/TRANSFERS-1655.png","contentUrl":"https:\/\/transfereurope.com\/wp-content\/uploads\/2025\/08\/TRANSFERS-1655.png","width":500,"height":274,"caption":"transfereurope"},"image":{"@id":"https:\/\/transfereurope.com\/sk\/#\/schema\/logo\/image\/"}}]}},"_links":{"self":[{"href":"https:\/\/transfereurope.com\/sk\/wp-json\/wp\/v2\/pages\/96894","targetHints":{"allow":["GET"]}}],"collection":[{"href":"https:\/\/transfereurope.com\/sk\/wp-json\/wp\/v2\/pages"}],"about":[{"href":"https:\/\/transfereurope.com\/sk\/wp-json\/wp\/v2\/types\/page"}],"author":[{"embeddable":true,"href":"https:\/\/transfereurope.com\/sk\/wp-json\/wp\/v2\/users\/1"}],"replies":[{"embeddable":true,"href":"https:\/\/transfereurope.com\/sk\/wp-json\/wp\/v2\/comments?post=96894"}],"version-history":[{"count":0,"href":"https:\/\/transfereurope.com\/sk\/wp-json\/wp\/v2\/pages\/96894\/revisions"}],"up":[{"embeddable":true,"href":"https:\/\/transfereurope.com\/sk\/wp-json\/wp\/v2\/pages\/23351"}],"wp:featuredmedia":[{"embeddable":true,"href":"https:\/\/transfereurope.com\/sk\/wp-json\/wp\/v2\/media\/96895"}],"wp:attachment":[{"href":"https:\/\/transfereurope.com\/sk\/wp-json\/wp\/v2\/media?parent=96894"}],"curies":[{"name":"wp","href":"https:\/\/api.w.org\/{rel}","templated":true}]}}