{"id":96783,"date":"2025-08-06T06:15:56","date_gmt":"2025-08-06T06:15:56","guid":{"rendered":"https:\/\/transfereurope.com\/transfer-z-outletu-parndorf-do-brna\/"},"modified":"2025-08-06T06:15:56","modified_gmt":"2025-08-06T06:15:56","slug":"transfer-z-outletu-parndorf-do-brna","status":"publish","type":"page","link":"https:\/\/transfereurope.com\/sk\/outlet-parndorf\/z-brna\/transfer-z-outletu-parndorf-do-brna\/","title":{"rendered":"Transfer z outletu Parndorf do Brna"},"content":{"rendered":"\n<div id=\"t4-masthead\" class=\"t4-section  t4-masthead\">\n<div class=\"t4-col text-center\">\n<div class=\"ja-masthead\" >\n<div class=\"ja-masthead-detail\">\n<h1 class=\"ja-masthead-title\">Transfer z outletu Parndorf do Brna<\/h1>\n<p>                 <!---->            <\/p>\n<div class=\"block-breadcrumb\">\n<div class=\"moduletable\">\n<div aria-label=\"Breadcrumbs\" role=\"navigation\">\n<ul  class=\"breadcrumb\">\n<li class=\"active\"> \t\t\t\t<span class=\"fas fa-map-marker-alt home-map\"><\/span> \t\t\t<\/li>\n<li itemprop='itemListElement' > \t\t\t\t\t\t\t\t\t\t\t<a  href=\"\/sk\/\" class=\"pathway\"><span itemprop=\"name\">Hlavn\u00e1 str\u00e1nka<\/span><\/a> \t\t\t\t\t \t\t\t\t\t\t\t\t\t\t\t<span class=\"divider\"> \t\t\t\t\t\t\t<i class=\"fa fa-angle-double-right\" aria-hidden=\"true\"><\/i> \t\t\t\t\t\t<\/span> \t\t\t\t\t\t\t\t\t\t<meta  content=\"1\"> \t\t\t\t<\/li>\n<li itemprop='itemListElement' > \t\t\t\t\t\t\t\t\t\t\t<a  href=\"\/sk\/outlet-parndorf\" class=\"pathway\"><span itemprop=\"name\">Parndorf<\/span><\/a> \t\t\t\t\t \t\t\t\t\t\t\t\t\t\t\t<span class=\"divider\"> \t\t\t\t\t\t\t<i class=\"fa fa-angle-double-right\" aria-hidden=\"true\"><\/i> \t\t\t\t\t\t<\/span> \t\t\t\t\t\t\t\t\t\t<meta  content=\"2\"> \t\t\t\t<\/li>\n<li itemprop='itemListElement' > \t\t\t\t\t\t\t\t\t\t\t<a  href=\"\/sk\/outlet-parndorf\/z-brna\" class=\"pathway\"><span itemprop=\"name\">z Brna<\/span><\/a> \t\t\t\t\t \t\t\t\t\t\t\t\t\t\t\t<span class=\"divider\"> \t\t\t\t\t\t\t<i class=\"fa fa-angle-double-right\" aria-hidden=\"true\"><\/i> \t\t\t\t\t\t<\/span> \t\t\t\t\t\t\t\t\t\t<meta  content=\"3\"> \t\t\t\t<\/li>\n<li   class=\"active\"> \t\t\t\t\t<span itemprop=\"name\"> \t\t\t\t\t\tTransfer z outletu Parndorf do Brna\t\t\t\t\t<\/span> \t\t\t\t\t<meta  content=\"4\"> \t\t\t\t<\/li>\n<\/ul><\/div>\n<\/p><\/div>\n<\/p><\/div>\n<\/p><\/div>\n<\/p><\/div>\n<pre><\/pre>\n<\/div>\n<\/div>\n<div id=\"t4-main-body\" class=\"t4-section  t4-main-body\" role=\"main body\">\n<div class=\"t4-section-inner container\">\n<div class=\"t4-row row\">\n<div class=\"t4-col col-12 col-xl\">\n<div id=\"system-message-container\"> \t<\/div>\n<div class=\"com-content-article item-page view-tour-detail\">\n<div class=\"tour-top-info clearfix\">\n<div class=\"pull-left\">\n<div class=\"category-article-dot\">\n<div class=\"category-name\"> \t\t\t\t\t<a href=\"\/sk\/outlet-parndorf\/z-brna\" itemprop=\"genre\">z Brna<\/a> \t\t\t\t<\/div>\n<\/p><\/div>\n<\/p><\/div>\n<div class=\"pull-right\">\n<div class=\"text-danger tour-price\"> \t\t\t\t\t\t<a href=\"\/sk\/rezervovat-transfer\">Rezervova\u0165<\/a><\/div>\n<\/p><\/div>\n<\/p><\/div>\n<p>  \t <!--\t-->  \t<\/p>\n<div class=\"vm-product-container\">\n<figure class=\"pull-left item-image\">\n<div class=\"main-image\"> \t\t<a title=\"Parndorf Outlet to Brno Transfer Service\" rel='vm-additional-images' href=\"\/images\/virtuemart\/product\/Europe Destinations Transfers (1)8.jpg\"><img decoding=\"async\"  loading=\"lazy\"  src=\"\/wp-content\/uploads\/2025\/08\/Europe-Destinations-Transfers-18-7.jpg\"  alt=\"Parndorf Outlet to Brno Transfer Service\"  \/><\/a>\t\t<\/p>\n<div class=\"clear\"><\/div>\n<\/p><\/div>\n<\/figure>\n<div class=\"vm-product-details-container\">\n<div class=\"spacer-buy-area\">    \t\t \t\t<\/div>\n<\/p><\/div>\n<div class=\"clear\"><\/div>\n<\/p><\/div>\n<div class=\"product-description\" >\n<div class=\"book-now mt-5\" style=\"text-align: left;\">\n<p>H\u013ead\u00e1te pohodln\u00fd a bezprobl\u00e9mov\u00fd sp\u00f4sob, ako cestova\u0165 z Parndorf Outlet do Brna? U\u017e nemus\u00edte h\u013eada\u0165 \u010falej! Na\u0161a prepravn\u00e1 slu\u017eba pon\u00faka ide\u00e1lne rie\u0161enie pre va\u0161u cestu. \u010ci u\u017e sa chyst\u00e1te na n\u00e1kupy, alebo na obchodn\u00e9 stretnutie, n\u00e1\u0161 pren\u00e1jom auta a slu\u017eby s\u00fakromn\u00e9ho vodi\u010da v\u00e1m zabezpe\u010dia pohodln\u00fa a efekt\u00edvnu cestu.<\/p>\n<p style=\"text-align: center;\"><a class=\"btn btn-primary\" href=\"\/sk\/rezervovat-transfer\">Rezervova\u0165<\/a><\/p>\n<h2 style=\"text-align: center;\"><strong>Pre\u010do si vybra\u0165 n\u00e1\u0161 transfer z Parndorf Outlet do Brna?<\/strong><\/h2>\n<ul>\n<li><strong>Spo\u013eahlivos\u0165:<\/strong> Db\u00e1me na presnos\u0165 a spo\u013eahlivos\u0165. Va\u0161a cesta je pre n\u00e1s d\u00f4le\u017eit\u00e1 a my sa postar\u00e1me o to, aby ste do cie\u013ea dorazili pod\u013ea pl\u00e1nu.<\/li>\n<li><strong>Komfort:<\/strong> Na\u0161e vozidl\u00e1 s\u00fa navrhnut\u00e9 pre va\u0161e pohodlie, s priestrann\u00fdm interi\u00e9rom, klimatiz\u00e1ciou a v\u0161etk\u00fdm vybaven\u00edm, ktor\u00e9 potrebujete na pr\u00edjemn\u00fa cestu.<\/li>\n<li><strong>Pohodlie:<\/strong> Rozl\u00fa\u010dte sa so stresom z navig\u00e1cie verejnou dopravou alebo s probl\u00e9mami pri \u0161of\u00e9rovan\u00ed. Poskytujeme pohodln\u00e9 slu\u017eby od dver\u00ed k dver\u00e1m, tak\u017ee sa m\u00f4\u017eete s\u00fastredi\u0165 na to, aby ste si u\u017eili cestu.<\/li>\n<li><strong>Cenov\u00e1 dostupnos\u0165:<\/strong> Pon\u00fakame konkurencieschopn\u00e9 ceny za na\u0161e slu\u017eby, v\u010faka \u010domu z\u00edskate vynikaj\u00facu hodnotu za svoje peniaze.<\/li>\n<\/ul>\n<h2 style=\"text-align: center;\"><strong><img decoding=\"async\" title=\"Parndorf Outlet to Dresden Transfer Service\" src=\"\/wp-content\/uploads\/2025\/08\/parndorf-outlet-to-dresden-transfer-service-22.jpg\" alt=\"Parndorf Outlet to Dresden Transfer Service\" \/><\/strong><\/h2>\n<h2 style=\"text-align: center;\">\u00a0<\/h2>\n<h2 style=\"text-align: center;\"><strong>Rezerv\u00e1cia transferu z Parndorf Outlet do Brna\u00a0<\/strong><\/h2>\n<p>Pl\u00e1novanie cesty z Parndorf Outlet do Brna nebolo nikdy jednoduch\u0161ie. Objednajte si n\u00e1\u0161ho s\u00fakromn\u00e9ho vodi\u010da a pren\u00e1jom auta pre bezprobl\u00e9mov\u00fd a pr\u00edjemn\u00fd z\u00e1\u017eitok. Nechajte n\u00e1s postara\u0165 sa o va\u0161e dopravn\u00e9 potreby, aby ste sa po\u010das n\u00e1v\u0161tevy mohli s\u00fastredi\u0165 na to najd\u00f4le\u017eitej\u0161ie.<\/p>\n<p>Kontaktujte n\u00e1s e\u0161te dnes a rezervujte si transfer z Parndorf Outlet do Brna a za\u017eite pohodlie a komfort na\u0161ich spo\u013eahliv\u00fdch slu\u017eieb. Te\u0161\u00edme sa, \u017ee budeme s\u00fa\u010das\u0165ou va\u0161ej cesty!<\/p>\n<p style=\"text-align: center;\"><a class=\"btn btn-primary\" href=\"\/sk\/rezervovat-transfer\">Rezervova\u0165<\/a><\/p>\n<h2 style=\"text-align: center;\"><b>Ako sa dosta\u0165 z Parndorf Outlet do Brna<\/b><\/h2>\n<p>Cesta z Parndorf Outlet do Brna je jednoduch\u00e1 a pohodln\u00e1. Tu je nieko\u013eko ob\u013e\u00faben\u00fdch sp\u00f4sobov cestovania medzi t\u00fdmito dvoma miestami:<\/p>\n<h3>Po\u017ei\u010dov\u0148a \u00e1ut<\/h3>\n<p>Pren\u00e1jom auta v\u00e1m poskytuje flexibilitu a kontrolu nad va\u0161ou cestou. Parndorf Outlet pon\u00faka slu\u017eby po\u017ei\u010dovne \u00e1ut a vy m\u00f4\u017eete jazdi\u0165 do Brna vlastn\u00fdm tempom. Vzdialenos\u0165 je pribli\u017ene 120 kilometrov a cesta zvy\u010dajne trv\u00e1 pribli\u017ene 1,5 a\u017e 2 hodiny v z\u00e1vislosti od dopravn\u00fdch podmienok.<\/p>\n<h3>Slu\u017eba s\u00fakromn\u00e9ho vodi\u010da<\/h3>\n<p>Ak d\u00e1vate prednos\u0165 pohodlnej jazde bez stresu, zv\u00e1\u017ete mo\u017enos\u0165 pren\u00e1jmu s\u00fakromn\u00e9ho vodi\u010da alebo slu\u017eby \u0161of\u00e9ra. T\u00ed v\u00e1s vyzdvihn\u00fa z Parndorf Outlet a odvez\u00fa priamo do cie\u013ea v Brne. T\u00e1to mo\u017enos\u0165 je ide\u00e1lna pre t\u00fdch, ktor\u00ed si chc\u00fa odd\u00fdchnu\u0165 a vychutna\u0165 si scen\u00e9riu bez starost\u00ed o cestu.<\/p>\n<h3>Verejn\u00e1 doprava<\/h3>\n<p>Hoci nie tak priamo ako predch\u00e1dzaj\u00face mo\u017enosti, do Brna sa z Parndorf Outlet m\u00f4\u017eete dosta\u0165 verejnou dopravou. Autobusom alebo vlakom sa dostanete do Viedne a odtia\u013e vlakom do Brna. Hoci to m\u00f4\u017ee trva\u0165 dlh\u0161ie a zah\u0155\u0148a\u0165 prestupy, je to cenovo v\u00fdhodn\u00fd sp\u00f4sob cestovania.<\/p>\n<p>\u00a0<img decoding=\"async\" title=\"Parndorf Outlet to Dresden\" src=\"\/wp-content\/uploads\/2025\/08\/parndorf-outlet-to-dresden-22.jpg\" alt=\"Parndorf Outlet to Dresden\" \/><\/p>\n<h3>Slu\u017eby kyvadlovej dopravy<\/h3>\n<p>Vyh\u013eadajte kyvadlov\u00fa dopravu alebo dopravn\u00e9 spolo\u010dnosti, ktor\u00e9 pon\u00fakaj\u00fa trasy medzi Parndorf Outlet a Brnom. Tieto slu\u017eby s\u00fa ur\u010den\u00e9 pre cestuj\u00facich, ktor\u00ed h\u013eadaj\u00fa pohodln\u00fa a spolo\u010dn\u00fa dopravu.<\/p>\n<h3>Taxislu\u017eby<\/h3>\n<p>V Parndorfe s\u00fa \u013eahko dostupn\u00e9 tax\u00edky, ktor\u00e9 si m\u00f4\u017eete prenaja\u0165 na priamy presun do Brna. T\u00e1to mo\u017enos\u0165 pon\u00faka pohodlie s\u00fakromnej jazdy bez potreby pren\u00e1jmu auta.<\/p>\n<h3>\u00a0<\/h3>\n<p style=\"text-align: center;\"><a class=\"btn btn-primary\" href=\"\/sk\/rezervovat-transfer\">Rezervova\u0165<\/a><\/p>\n<p style=\"text-align: left;\">Predt\u00fdm, ako sa vyd\u00e1te na cestu, je dobr\u00e9 si ju vopred napl\u00e1nova\u0165 a rezervova\u0165 si preferovan\u00fa mo\u017enos\u0165 dopravy. Pri v\u00fdbere sp\u00f4sobu, ktor\u00fd v\u00e1m najviac vyhovuje, nezabudnite zv\u00e1\u017ei\u0165 svoj rozpo\u010det, cestovn\u00fd pl\u00e1n a osobn\u00e9 preferencie. Bezpe\u010dn\u00e9 cesty z Parndorf Outlet do Brna!<\/p>\n<\/p><\/div>\n<\/p><\/div>\n<div class=\"product-price-container\">\n<div class=\"sale-price\"> \t\t<\/div>\n<\/p><\/div>\n<div class=\"options\"><\/div>\n<div> \t\t<\/div>\n<p>   \t        <script type=\"text\/javascript\" ><\/script>  <script type=\"text\/javascript\" ><\/script> <script type=\"text\/javascript\" ><\/script>  <script type=\"text\/javascript\" ><\/script> <script type=\"text\/javascript\" ><\/script> <script type=\"text\/javascript\" ><\/script> <script type=\"text\/javascript\" ><\/script> <\/div>\n<p> \t\t<!-- \u041f\u043b\u0430\u0433\u0438\u043d \u0440\u0435\u0439\u0442\u0438\u043d\u0433\u0430 --> <\/p>\n<div class=\"vrvote-body\">\n<ul class=\"vrvote-ul\">\n<li id=\"rating_68\" class=\"current-rating\" style=\"width:98.00%;\"><\/li>\n<li> \t\t\t\t\t\t<a class=\"vr-one-star\" onclick=\"javascript:JSVRvote(68,1,147,30,0)\" href=\"javascript:void(null)\">1<\/a> \t\t\t\t\t<\/li>\n<li> \t\t\t\t\t\t<a class=\"vr-two-stars\" onclick=\"javascript:JSVRvote(68,2,147,30,0)\" href=\"javascript:void(null)\">2<\/a> \t\t\t\t\t<\/li>\n<li> \t\t\t\t\t\t<a class=\"vr-three-stars\" onclick=\"javascript:JSVRvote(68,3,147,30,0)\" href=\"javascript:void(null)\">3<\/a> \t\t\t\t\t<\/li>\n<li> \t\t\t\t\t\t<a class=\"vr-four-stars\" onclick=\"javascript:JSVRvote(68,4,147,30,0)\" href=\"javascript:void(null)\">4<\/a> \t\t\t\t\t<\/li>\n<li> \t\t\t\t\t\t<a class=\"vr-five-stars\" onclick=\"javascript:JSVRvote(68,5,147,30,0)\" href=\"javascript:void(null)\">5<\/a> \t\t\t\t\t<\/li>\n<\/ul><\/div>\n<p> \t\t\t<span id=\"vrvote_68\" class=\"vrvote-count\"><small><\/small><\/span>\t<\/span><script type=\"application\/ld+json\"><\/script>   <\/div>\n<div class=\"t4-col sidebar-r col-12 col-xl-4\">\n<div class=\"t4-module module\" id=\"Mod306\">\n<div class=\"module-inner\">\n<div class=\"module-ct\">\n<div class=\"bannergroup\">\n<div class=\"banneritem\"> \t\t\t\t\t\t\t\t\t\t\t\t\t\t\t\t\t\t\t\t\t\t\t\t\t\t\t\t\t\t\t\t\t\t\t\t\t\t\t\t\t\t\t\t\t\t\t\t\t\t<img \t\t\t\t\t\tsrc=\"\/wp-content\/uploads\/2025\/08\/banner-transfer-europe-sk-579.png\" \t\t\t\t\t\talt=\"Banner-sk\" \t\t\t\t\t\t\t\t\t\t\t\t\t\t\t\t\t\/> \t\t\t\t\t\t\t\t\t\t\t<\/p>\n<div class=\"clr\"><\/div>\n<\/p><\/div>\n<\/p><\/div>\n<\/p><\/div>\n<\/div>\n<\/div><\/div>\n<\/p><\/div>\n<\/div><\/div>\n<div id=\"t4-section-8\" class=\"t4-section  t4-section-8  section-border-top\" role=\"section-8\">\n<div class=\"bg-overlay bg-overlay-image\">&nbsp;<\/div>\n<\/p><\/div>\n<p>  <a href='javascript:' id='back-to-top'><i class='fa fa-chevron-up'><\/i><\/a>                <\/p>\n","protected":false},"excerpt":{"rendered":"<p>Transfer z outletu Parndorf do Brna Hlavn\u00e1 str\u00e1nka Parndorf z Brna Transfer z outletu Parndorf do Brna z Brna Rezervova\u0165 H\u013ead\u00e1te pohodln\u00fd a bezprobl\u00e9mov\u00fd sp\u00f4sob, ako cestova\u0165 z Parndorf Outlet do Brna? U\u017e nemus\u00edte h\u013eada\u0165 \u010falej! Na\u0161a prepravn\u00e1 slu\u017eba pon\u00faka ide\u00e1lne rie\u0161enie pre va\u0161u cestu. \u010ci u\u017e sa chyst\u00e1te na n\u00e1kupy, alebo na obchodn\u00e9 stretnutie, [&hellip;]<\/p>\n","protected":false},"author":1,"featured_media":96784,"parent":23249,"menu_order":0,"comment_status":"closed","ping_status":"closed","template":"","meta":{"footnotes":""},"class_list":["post-96783","page","type-page","status-publish","has-post-thumbnail","hentry"],"yoast_head":"<!-- This site is optimized with the Yoast SEO plugin v25.6 - https:\/\/yoast.com\/wordpress\/plugins\/seo\/ -->\n<title>Transfer z outletu Parndorf do Brna \u2014 Transfer Europe<\/title>\n<meta name=\"description\" content=\"Transferov\u00e1 objedn\u00e1vka \u201eParndorf-Brno\u201c s osobn\u00fdm vodi\u010dom. Prenajmite si auto z outletu Parndorf do Brna v spolo\u010dnosti Transfer Europe \u2714Ve\u013ek\u00fd vozov\u00fd park \u2714Profesion\u00e1lni vodi\u010di \u260e+ 421 951 460 615\" \/>\n<meta name=\"robots\" content=\"index, follow, max-snippet:-1, max-image-preview:large, max-video-preview:-1\" \/>\n<link rel=\"canonical\" href=\"https:\/\/transfereurope.com\/sk\/outlet-parndorf\/z-brna\/transfer-z-outletu-parndorf-do-brna\/\" \/>\n<meta property=\"og:locale\" content=\"sk_SK\" \/>\n<meta property=\"og:type\" content=\"article\" \/>\n<meta property=\"og:title\" content=\"Transfer z outletu Parndorf do Brna \u2014 Transfer Europe\" \/>\n<meta property=\"og:description\" content=\"Transferov\u00e1 objedn\u00e1vka \u201eParndorf-Brno\u201c s osobn\u00fdm vodi\u010dom. Prenajmite si auto z outletu Parndorf do Brna v spolo\u010dnosti Transfer Europe \u2714Ve\u013ek\u00fd vozov\u00fd park \u2714Profesion\u00e1lni vodi\u010di \u260e+ 421 951 460 615\" \/>\n<meta property=\"og:url\" content=\"https:\/\/transfereurope.com\/sk\/outlet-parndorf\/z-brna\/transfer-z-outletu-parndorf-do-brna\/\" \/>\n<meta property=\"og:site_name\" content=\"transfereurope\" \/>\n<meta property=\"og:image\" content=\"https:\/\/transfereurope.com\/wp-content\/uploads\/2025\/08\/Europe-Destinations-Transfers-18-7-1.jpg\" \/>\n\t<meta property=\"og:image:width\" content=\"1500\" \/>\n\t<meta property=\"og:image:height\" content=\"2000\" \/>\n\t<meta property=\"og:image:type\" content=\"image\/jpeg\" \/>\n<meta name=\"twitter:card\" content=\"summary_large_image\" \/>\n<meta name=\"twitter:label1\" content=\"Predpokladan\u00fd \u010das \u010d\u00edtania\" \/>\n\t<meta name=\"twitter:data1\" content=\"3 min\u00faty\" \/>\n<script type=\"application\/ld+json\" class=\"yoast-schema-graph\">{\"@context\":\"https:\/\/schema.org\",\"@graph\":[{\"@type\":\"WebPage\",\"@id\":\"https:\/\/transfereurope.com\/sk\/outlet-parndorf\/z-brna\/transfer-z-outletu-parndorf-do-brna\/\",\"url\":\"https:\/\/transfereurope.com\/sk\/outlet-parndorf\/z-brna\/transfer-z-outletu-parndorf-do-brna\/\",\"name\":\"Transfer z outletu Parndorf do Brna \u2014 Transfer Europe\",\"isPartOf\":{\"@id\":\"https:\/\/transfereurope.com\/sk\/#website\"},\"primaryImageOfPage\":{\"@id\":\"https:\/\/transfereurope.com\/sk\/outlet-parndorf\/z-brna\/transfer-z-outletu-parndorf-do-brna\/#primaryimage\"},\"image\":{\"@id\":\"https:\/\/transfereurope.com\/sk\/outlet-parndorf\/z-brna\/transfer-z-outletu-parndorf-do-brna\/#primaryimage\"},\"thumbnailUrl\":\"https:\/\/transfereurope.com\/wp-content\/uploads\/2025\/08\/Europe-Destinations-Transfers-18-7-1.jpg\",\"datePublished\":\"2025-08-06T06:15:56+00:00\",\"description\":\"Transferov\u00e1 objedn\u00e1vka \u201eParndorf-Brno\u201c s osobn\u00fdm vodi\u010dom. Prenajmite si auto z outletu Parndorf do Brna v spolo\u010dnosti Transfer Europe \u2714Ve\u013ek\u00fd vozov\u00fd park \u2714Profesion\u00e1lni vodi\u010di \u260e+ 421 951 460 615\",\"breadcrumb\":{\"@id\":\"https:\/\/transfereurope.com\/sk\/outlet-parndorf\/z-brna\/transfer-z-outletu-parndorf-do-brna\/#breadcrumb\"},\"inLanguage\":\"sk-SK\",\"potentialAction\":[{\"@type\":\"ReadAction\",\"target\":[\"https:\/\/transfereurope.com\/sk\/outlet-parndorf\/z-brna\/transfer-z-outletu-parndorf-do-brna\/\"]}]},{\"@type\":\"ImageObject\",\"inLanguage\":\"sk-SK\",\"@id\":\"https:\/\/transfereurope.com\/sk\/outlet-parndorf\/z-brna\/transfer-z-outletu-parndorf-do-brna\/#primaryimage\",\"url\":\"https:\/\/transfereurope.com\/wp-content\/uploads\/2025\/08\/Europe-Destinations-Transfers-18-7-1.jpg\",\"contentUrl\":\"https:\/\/transfereurope.com\/wp-content\/uploads\/2025\/08\/Europe-Destinations-Transfers-18-7-1.jpg\",\"width\":1500,\"height\":2000},{\"@type\":\"BreadcrumbList\",\"@id\":\"https:\/\/transfereurope.com\/sk\/outlet-parndorf\/z-brna\/transfer-z-outletu-parndorf-do-brna\/#breadcrumb\",\"itemListElement\":[{\"@type\":\"ListItem\",\"position\":1,\"name\":\"Home\",\"item\":\"https:\/\/transfereurope.com\/sk\/\"},{\"@type\":\"ListItem\",\"position\":2,\"name\":\"Transfer z outletu Parndorf do Brna\"}]},{\"@type\":\"WebSite\",\"@id\":\"https:\/\/transfereurope.com\/sk\/#website\",\"url\":\"https:\/\/transfereurope.com\/sk\/\",\"name\":\"transfereurope\",\"description\":\"\",\"publisher\":{\"@id\":\"https:\/\/transfereurope.com\/sk\/#organization\"},\"potentialAction\":[{\"@type\":\"SearchAction\",\"target\":{\"@type\":\"EntryPoint\",\"urlTemplate\":\"https:\/\/transfereurope.com\/sk\/?s={search_term_string}\"},\"query-input\":{\"@type\":\"PropertyValueSpecification\",\"valueRequired\":true,\"valueName\":\"search_term_string\"}}],\"inLanguage\":\"sk-SK\"},{\"@type\":\"Organization\",\"@id\":\"https:\/\/transfereurope.com\/sk\/#organization\",\"name\":\"transfereurope\",\"url\":\"https:\/\/transfereurope.com\/sk\/\",\"logo\":{\"@type\":\"ImageObject\",\"inLanguage\":\"sk-SK\",\"@id\":\"https:\/\/transfereurope.com\/sk\/#\/schema\/logo\/image\/\",\"url\":\"https:\/\/transfereurope.com\/wp-content\/uploads\/2025\/08\/TRANSFERS-1655.png\",\"contentUrl\":\"https:\/\/transfereurope.com\/wp-content\/uploads\/2025\/08\/TRANSFERS-1655.png\",\"width\":500,\"height\":274,\"caption\":\"transfereurope\"},\"image\":{\"@id\":\"https:\/\/transfereurope.com\/sk\/#\/schema\/logo\/image\/\"}}]}<\/script>\n<!-- \/ Yoast SEO plugin. -->","yoast_head_json":{"title":"Transfer z outletu Parndorf do Brna \u2014 Transfer Europe","description":"Transferov\u00e1 objedn\u00e1vka \u201eParndorf-Brno\u201c s osobn\u00fdm vodi\u010dom. Prenajmite si auto z outletu Parndorf do Brna v spolo\u010dnosti Transfer Europe \u2714Ve\u013ek\u00fd vozov\u00fd park \u2714Profesion\u00e1lni vodi\u010di \u260e+ 421 951 460 615","robots":{"index":"index","follow":"follow","max-snippet":"max-snippet:-1","max-image-preview":"max-image-preview:large","max-video-preview":"max-video-preview:-1"},"canonical":"https:\/\/transfereurope.com\/sk\/outlet-parndorf\/z-brna\/transfer-z-outletu-parndorf-do-brna\/","og_locale":"sk_SK","og_type":"article","og_title":"Transfer z outletu Parndorf do Brna \u2014 Transfer Europe","og_description":"Transferov\u00e1 objedn\u00e1vka \u201eParndorf-Brno\u201c s osobn\u00fdm vodi\u010dom. Prenajmite si auto z outletu Parndorf do Brna v spolo\u010dnosti Transfer Europe \u2714Ve\u013ek\u00fd vozov\u00fd park \u2714Profesion\u00e1lni vodi\u010di \u260e+ 421 951 460 615","og_url":"https:\/\/transfereurope.com\/sk\/outlet-parndorf\/z-brna\/transfer-z-outletu-parndorf-do-brna\/","og_site_name":"transfereurope","og_image":[{"width":1500,"height":2000,"url":"https:\/\/transfereurope.com\/wp-content\/uploads\/2025\/08\/Europe-Destinations-Transfers-18-7-1.jpg","type":"image\/jpeg"}],"twitter_card":"summary_large_image","twitter_misc":{"Predpokladan\u00fd \u010das \u010d\u00edtania":"3 min\u00faty"},"schema":{"@context":"https:\/\/schema.org","@graph":[{"@type":"WebPage","@id":"https:\/\/transfereurope.com\/sk\/outlet-parndorf\/z-brna\/transfer-z-outletu-parndorf-do-brna\/","url":"https:\/\/transfereurope.com\/sk\/outlet-parndorf\/z-brna\/transfer-z-outletu-parndorf-do-brna\/","name":"Transfer z outletu Parndorf do Brna \u2014 Transfer Europe","isPartOf":{"@id":"https:\/\/transfereurope.com\/sk\/#website"},"primaryImageOfPage":{"@id":"https:\/\/transfereurope.com\/sk\/outlet-parndorf\/z-brna\/transfer-z-outletu-parndorf-do-brna\/#primaryimage"},"image":{"@id":"https:\/\/transfereurope.com\/sk\/outlet-parndorf\/z-brna\/transfer-z-outletu-parndorf-do-brna\/#primaryimage"},"thumbnailUrl":"https:\/\/transfereurope.com\/wp-content\/uploads\/2025\/08\/Europe-Destinations-Transfers-18-7-1.jpg","datePublished":"2025-08-06T06:15:56+00:00","description":"Transferov\u00e1 objedn\u00e1vka \u201eParndorf-Brno\u201c s osobn\u00fdm vodi\u010dom. Prenajmite si auto z outletu Parndorf do Brna v spolo\u010dnosti Transfer Europe \u2714Ve\u013ek\u00fd vozov\u00fd park \u2714Profesion\u00e1lni vodi\u010di \u260e+ 421 951 460 615","breadcrumb":{"@id":"https:\/\/transfereurope.com\/sk\/outlet-parndorf\/z-brna\/transfer-z-outletu-parndorf-do-brna\/#breadcrumb"},"inLanguage":"sk-SK","potentialAction":[{"@type":"ReadAction","target":["https:\/\/transfereurope.com\/sk\/outlet-parndorf\/z-brna\/transfer-z-outletu-parndorf-do-brna\/"]}]},{"@type":"ImageObject","inLanguage":"sk-SK","@id":"https:\/\/transfereurope.com\/sk\/outlet-parndorf\/z-brna\/transfer-z-outletu-parndorf-do-brna\/#primaryimage","url":"https:\/\/transfereurope.com\/wp-content\/uploads\/2025\/08\/Europe-Destinations-Transfers-18-7-1.jpg","contentUrl":"https:\/\/transfereurope.com\/wp-content\/uploads\/2025\/08\/Europe-Destinations-Transfers-18-7-1.jpg","width":1500,"height":2000},{"@type":"BreadcrumbList","@id":"https:\/\/transfereurope.com\/sk\/outlet-parndorf\/z-brna\/transfer-z-outletu-parndorf-do-brna\/#breadcrumb","itemListElement":[{"@type":"ListItem","position":1,"name":"Home","item":"https:\/\/transfereurope.com\/sk\/"},{"@type":"ListItem","position":2,"name":"Transfer z outletu Parndorf do Brna"}]},{"@type":"WebSite","@id":"https:\/\/transfereurope.com\/sk\/#website","url":"https:\/\/transfereurope.com\/sk\/","name":"transfereurope","description":"","publisher":{"@id":"https:\/\/transfereurope.com\/sk\/#organization"},"potentialAction":[{"@type":"SearchAction","target":{"@type":"EntryPoint","urlTemplate":"https:\/\/transfereurope.com\/sk\/?s={search_term_string}"},"query-input":{"@type":"PropertyValueSpecification","valueRequired":true,"valueName":"search_term_string"}}],"inLanguage":"sk-SK"},{"@type":"Organization","@id":"https:\/\/transfereurope.com\/sk\/#organization","name":"transfereurope","url":"https:\/\/transfereurope.com\/sk\/","logo":{"@type":"ImageObject","inLanguage":"sk-SK","@id":"https:\/\/transfereurope.com\/sk\/#\/schema\/logo\/image\/","url":"https:\/\/transfereurope.com\/wp-content\/uploads\/2025\/08\/TRANSFERS-1655.png","contentUrl":"https:\/\/transfereurope.com\/wp-content\/uploads\/2025\/08\/TRANSFERS-1655.png","width":500,"height":274,"caption":"transfereurope"},"image":{"@id":"https:\/\/transfereurope.com\/sk\/#\/schema\/logo\/image\/"}}]}},"_links":{"self":[{"href":"https:\/\/transfereurope.com\/sk\/wp-json\/wp\/v2\/pages\/96783","targetHints":{"allow":["GET"]}}],"collection":[{"href":"https:\/\/transfereurope.com\/sk\/wp-json\/wp\/v2\/pages"}],"about":[{"href":"https:\/\/transfereurope.com\/sk\/wp-json\/wp\/v2\/types\/page"}],"author":[{"embeddable":true,"href":"https:\/\/transfereurope.com\/sk\/wp-json\/wp\/v2\/users\/1"}],"replies":[{"embeddable":true,"href":"https:\/\/transfereurope.com\/sk\/wp-json\/wp\/v2\/comments?post=96783"}],"version-history":[{"count":0,"href":"https:\/\/transfereurope.com\/sk\/wp-json\/wp\/v2\/pages\/96783\/revisions"}],"up":[{"embeddable":true,"href":"https:\/\/transfereurope.com\/sk\/wp-json\/wp\/v2\/pages\/23249"}],"wp:featuredmedia":[{"embeddable":true,"href":"https:\/\/transfereurope.com\/sk\/wp-json\/wp\/v2\/media\/96784"}],"wp:attachment":[{"href":"https:\/\/transfereurope.com\/sk\/wp-json\/wp\/v2\/media?parent=96783"}],"curies":[{"name":"wp","href":"https:\/\/api.w.org\/{rel}","templated":true}]}}