{"id":96450,"date":"2025-08-06T06:12:50","date_gmt":"2025-08-06T06:12:50","guid":{"rendered":"https:\/\/transfereurope.com\/transfer-z-prahy-do-parndorfu\/"},"modified":"2025-08-06T06:12:50","modified_gmt":"2025-08-06T06:12:50","slug":"transfer-z-prahy-do-parndorfu","status":"publish","type":"page","link":"https:\/\/transfereurope.com\/sk\/outlet-parndorf\/z-prahy\/transfer-z-prahy-do-parndorfu\/","title":{"rendered":"Transfer z Prahy do Parndorfu"},"content":{"rendered":"\n<div id=\"t4-masthead\" class=\"t4-section  t4-masthead\">\n<div class=\"t4-col text-center\">\n<div class=\"ja-masthead\" >\n<div class=\"ja-masthead-detail\">\n<h1 class=\"ja-masthead-title\">Transfer z Prahy do Parndorfu<\/h1>\n<p>                 <!---->            <\/p>\n<div class=\"block-breadcrumb\">\n<div class=\"moduletable\">\n<div aria-label=\"Breadcrumbs\" role=\"navigation\">\n<ul  class=\"breadcrumb\">\n<li class=\"active\"> \t\t\t\t<span class=\"fas fa-map-marker-alt home-map\"><\/span> \t\t\t<\/li>\n<li itemprop='itemListElement' > \t\t\t\t\t\t\t\t\t\t\t<a  href=\"\/sk\/\" class=\"pathway\"><span itemprop=\"name\">Hlavn\u00e1 str\u00e1nka<\/span><\/a> \t\t\t\t\t \t\t\t\t\t\t\t\t\t\t\t<span class=\"divider\"> \t\t\t\t\t\t\t<i class=\"fa fa-angle-double-right\" aria-hidden=\"true\"><\/i> \t\t\t\t\t\t<\/span> \t\t\t\t\t\t\t\t\t\t<meta  content=\"1\"> \t\t\t\t<\/li>\n<li itemprop='itemListElement' > \t\t\t\t\t\t\t\t\t\t\t<a  href=\"\/sk\/outlet-parndorf\" class=\"pathway\"><span itemprop=\"name\">Parndorf<\/span><\/a> \t\t\t\t\t \t\t\t\t\t\t\t\t\t\t\t<span class=\"divider\"> \t\t\t\t\t\t\t<i class=\"fa fa-angle-double-right\" aria-hidden=\"true\"><\/i> \t\t\t\t\t\t<\/span> \t\t\t\t\t\t\t\t\t\t<meta  content=\"2\"> \t\t\t\t<\/li>\n<li itemprop='itemListElement' > \t\t\t\t\t\t\t\t\t\t\t<a  href=\"\/sk\/outlet-parndorf\/z-prahy\" class=\"pathway\"><span itemprop=\"name\">z Prahy<\/span><\/a> \t\t\t\t\t \t\t\t\t\t\t\t\t\t\t\t<span class=\"divider\"> \t\t\t\t\t\t\t<i class=\"fa fa-angle-double-right\" aria-hidden=\"true\"><\/i> \t\t\t\t\t\t<\/span> \t\t\t\t\t\t\t\t\t\t<meta  content=\"3\"> \t\t\t\t<\/li>\n<li   class=\"active\"> \t\t\t\t\t<span itemprop=\"name\"> \t\t\t\t\t\tTransfer z Prahy do Parndorfu\t\t\t\t\t<\/span> \t\t\t\t\t<meta  content=\"4\"> \t\t\t\t<\/li>\n<\/ul><\/div>\n<\/p><\/div>\n<\/p><\/div>\n<\/p><\/div>\n<\/p><\/div>\n<pre><\/pre>\n<\/div>\n<\/div>\n<div id=\"t4-main-body\" class=\"t4-section  t4-main-body\" role=\"main body\">\n<div class=\"t4-section-inner container\">\n<div class=\"t4-row row\">\n<div class=\"t4-col col-12 col-xl\">\n<div id=\"system-message-container\"> \t<\/div>\n<div class=\"com-content-article item-page view-tour-detail\">\n<div class=\"tour-top-info clearfix\">\n<div class=\"pull-left\">\n<div class=\"category-article-dot\">\n<div class=\"category-name\"> \t\t\t\t\t<a href=\"\/sk\/outlet-parndorf\/z-prahy\" itemprop=\"genre\">z Prahy<\/a> \t\t\t\t<\/div>\n<\/p><\/div>\n<\/p><\/div>\n<div class=\"pull-right\">\n<div class=\"text-danger tour-price\"> \t\t\t\t\t\t<a href=\"\/sk\/rezervovat-transfer\">Rezervova\u0165<\/a><\/div>\n<\/p><\/div>\n<\/p><\/div>\n<p>  \t <!--\t-->  \t<\/p>\n<div class=\"vm-product-container\">\n<figure class=\"pull-left item-image\">\n<div class=\"main-image\"> \t\t<a title=\"Prague to Parndorf Outlet Transfer Service\" rel='vm-additional-images' href=\"\/images\/virtuemart\/product\/Europe Destinations Transfers (3)1.jpg\"><img decoding=\"async\"  loading=\"lazy\"  src=\"\/wp-content\/uploads\/2025\/08\/Europe-Destinations-Transfers-31-8.jpg\"  alt=\"Prague to Parndorf Outlet Transfer Service\"  \/><\/a>\t\t<\/p>\n<div class=\"clear\"><\/div>\n<\/p><\/div>\n<\/figure>\n<div class=\"vm-product-details-container\">\n<div class=\"spacer-buy-area\">    \t\t \t\t<\/div>\n<\/p><\/div>\n<div class=\"clear\"><\/div>\n<\/p><\/div>\n<div class=\"product-description\" >\n<div class=\"book-now mt-5\" style=\"text-align: left;\">\n<p>Ak potrebujete bezprobl\u00e9mov\u00fa prepravu z Prahy do Parndorf Outlet, neh\u013eadajte \u010falej. N\u00e1\u0161 pr\u00e9miov\u00fd pren\u00e1jom auta a slu\u017eby s\u00fakromn\u00e9ho vodi\u010da s\u00fa tu, aby sa va\u0161a cesta stala pohodlnou a komfortnou. \u010ci u\u017e ste shopaholik a h\u013ead\u00e1te najnov\u0161ie m\u00f3dne trendy, alebo si jednoducho chcete prezrie\u0165 fantastick\u00e9 outletov\u00e9 obchody v Parndorfe, na\u0161a prepravn\u00e1 slu\u017eba je ide\u00e1lnou vo\u013ebou pre cestu bez stresu.<\/p>\n<p style=\"text-align: center;\"><a class=\"btn btn-primary\" href=\"\/sk\/rezervovat-transfer\">Rezervova\u0165<\/a><\/p>\n<h2 style=\"text-align: center;\"><strong>Pre\u010do si vybra\u0165 na\u0161u slu\u017ebu transferu z Prahy do Parndorfu?<\/strong><\/h2>\n<ul>\n<li><strong>S\u00fakromn\u00fd vodi\u010d:<\/strong> Na\u0161i sk\u00fasen\u00ed a profesion\u00e1lni s\u00fakromn\u00ed vodi\u010di sa sna\u017eia zabezpe\u010di\u0165 v\u00e1m bezpe\u010dn\u00fa a pohodln\u00fa cestu. Poznaj\u00fa najlep\u0161ie trasy a zabezpe\u010dia, aby ste sa do cie\u013ea dostali v\u010das.<\/li>\n<li><strong>Luxusn\u00e9 vozidl\u00e1:<\/strong> Pon\u00fakame flotilu vysokokvalitn\u00fdch, dobre udr\u017eiavan\u00fdch vozidiel, ktor\u00e9 vyhovuj\u00fa r\u00f4znym ve\u013ekostiam a preferenci\u00e1m skup\u00edn. \u010ci u\u017e cestujete sami, s rodinou alebo so skupinou priate\u013eov, m\u00e1me pre v\u00e1s ide\u00e1lne auto.<\/li>\n<li><strong>Pohodlie:<\/strong> Nemus\u00edte sa ob\u00e1va\u0165 navig\u00e1cie po nezn\u00e1mych cest\u00e1ch alebo rie\u0161enia probl\u00e9mov s verejnou dopravou. Na\u0161a slu\u017eba v\u00e1m zaru\u010d\u00ed transfer od dver\u00ed k dver\u00e1m, \u010d\u00edm v\u00e1m u\u0161etr\u00ed \u010das a n\u00e1mahu.<\/li>\n<li><strong>Flexibilita:<\/strong> Ch\u00e1peme, \u017ee cestovn\u00e9 pl\u00e1ny sa m\u00f4\u017eu zmeni\u0165. Na\u0161e flexibiln\u00e9 mo\u017enosti rezerv\u00e1cie v\u00e1m umo\u017e\u0148uj\u00fa upravi\u0165 rezerv\u00e1ciu pod\u013ea va\u0161ich potrieb.<\/li>\n<li><strong>Cenovo dostupn\u00e9 ceny:<\/strong> Vyu\u017eite konkurencieschopn\u00e9 a transparentn\u00e9 ceny. Budete presne vedie\u0165, \u010do m\u00f4\u017eete o\u010dak\u00e1va\u0165, bez skryt\u00fdch poplatkov alebo prekvapen\u00ed.<\/li>\n<li><strong>Spo\u013eahlivos\u0165:<\/strong> Spo\u013eahnite sa na na\u0161u presnos\u0165 a spo\u013eahlivos\u0165. V\u00e1\u017eime si v\u00e1\u0161 \u010das a ch\u00e1peme d\u00f4le\u017eitos\u0165 spo\u013eahlivej prepravnej slu\u017eby.<\/li>\n<\/ul>\n<h2 style=\"text-align: center;\"><strong><img decoding=\"async\" title=\"Parndorf Outlet to Dresden Transfer Service\" src=\"\/wp-content\/uploads\/2025\/08\/parndorf-outlet-to-dresden-transfer-service-16.jpg\" alt=\"Parndorf Outlet to Dresden Transfer Service\" \/><\/strong><\/h2>\n<h2 style=\"text-align: center;\">\u00a0<\/h2>\n<h2 style=\"text-align: center;\"><strong>Rezerv\u00e1cia transferu z Prahy do Parndorfu\u00a0<\/strong><\/h2>\n<p>Va\u0161a cesta z Prahy do Parndorf Outlet bude s na\u0161imi v\u00fdnimo\u010dn\u00fdmi prepravn\u00fdmi slu\u017ebami hra\u010dka. Rozl\u00fa\u010dte sa so stresom z pl\u00e1novania a navig\u00e1cie. Namiesto toho sa pohodlne usa\u010fte, relaxujte a vychutn\u00e1vajte si scen\u00e9riu, preto\u017ee my sa postar\u00e1me o zvy\u0161ok.<\/p>\n<p>Rezervujte si miesto e\u0161te dnes a vysk\u00fa\u0161ajte pohodlie na\u0161ej slu\u017eby prepravy z Prahy do Parndorf Outlet. Nakupujte a\u017e do odpadnutia alebo presk\u00famajte outletov\u00e9 obchody s vedom\u00edm, \u017ee m\u00e1te spo\u013eahliv\u00fa a pohodln\u00fa jazdu sp\u00e4\u0165 do Prahy. Te\u0161\u00edme sa, \u017ee v\u00e1m budeme m\u00f4c\u0165 posl\u00fa\u017ei\u0165 a urobi\u0165 v\u00e1\u0161 v\u00fdlet nezabudnute\u013en\u00fdm.<\/p>\n<p style=\"text-align: center;\"><a class=\"btn btn-primary\" href=\"\/sk\/rezervovat-transfer\">Rezervova\u0165<\/a><\/p>\n<h2 style=\"text-align: center;\"><b>Ako sa dosta\u0165 z Prahy do Parndorf Outlet<\/b><\/h2>\n<p>Ak pl\u00e1nujete n\u00e1kupn\u00fd v\u00fdlet z Prahy do ob\u013e\u00faben\u00e9ho outletu Parndorf, \u010dak\u00e1 v\u00e1s fantastick\u00fd de\u0148 pln\u00fd n\u00e1kupnej terapie. Parndorf, ktor\u00fd sa nach\u00e1dza v Rak\u00fasku, sa m\u00f4\u017ee pochv\u00e1li\u0165 \u0161irokou \u0161k\u00e1lou outletov\u00fdch obchodov pon\u00fakaj\u00facich \u0161pi\u010dkov\u00e9 zna\u010dky za zv\u00fdhodnen\u00e9 ceny. Tu sa dozviete, ako m\u00f4\u017eete absolvova\u0165 cestu z Prahy do Parndorf Outlet:<\/p>\n<h3>Pren\u00e1jom auta a slu\u017eby s\u00fakromn\u00e9ho vodi\u010da<\/h3>\n<p>Jedn\u00fdm z najpohodlnej\u0161\u00edch a najkomfortnej\u0161\u00edch sp\u00f4sobov, ako cestova\u0165 z Prahy do Parndorf Outlet, je pren\u00e1jom s\u00fakromn\u00e9ho vodi\u010da a automobilu. T\u00e1to mo\u017enos\u0165 zaru\u010duje cestu bez stresu, pri\u010dom profesion\u00e1lny vodi\u010d sa postar\u00e1 o v\u0161etku logistiku, zatia\u013e \u010do vy budete relaxova\u0165 a u\u017e\u00edva\u0165 si jazdu. T\u00e1to slu\u017eba pon\u00faka flexibilitu a individu\u00e1lnu prepravu prisp\u00f4soben\u00fa v\u00e1\u0161mu rozvrhu.<\/p>\n<h3><b>Vlastn\u00e1 jazda<\/b><\/h3>\n<p>Ak rad\u0161ej \u0161of\u00e9rujete sami, m\u00f4\u017eete si v Prahe po\u017ei\u010da\u0165 auto a vyda\u0165 sa na v\u00fdlet do Parndorfu. Uistite sa, \u017ee ste obozn\u00e1men\u00ed s pravidlami jazdy v Rak\u00fasku, vr\u00e1tane m\u00fdta a dopravn\u00fdch zna\u010diek.<\/p>\n<p>\u00a0<img decoding=\"async\" title=\"Parndorf Outlet to Dresden\" src=\"\/wp-content\/uploads\/2025\/08\/parndorf-outlet-to-dresden-16.jpg\" alt=\"Parndorf Outlet to Dresden\" \/><\/p>\n<h3>Verejn\u00e1 doprava<\/h3>\n<p>Hoci to nie je najpriamej\u0161ia trasa, do Parndorf Outlet sa m\u00f4\u017eete dosta\u0165 kombin\u00e1ciou vlakov a autobusov. Za\u010dnite vlakom z Prahy do Viedne a z Viedne sa do Parndorfu dopravte autobusom. T\u00e1to mo\u017enos\u0165 je s\u00edce \u010dasovo n\u00e1ro\u010dnej\u0161ia, ale \u010dasto cenovo v\u00fdhodn\u00e1.<\/p>\n<h3>Skupinov\u00e9 prehliadky<\/h3>\n<p>Niektor\u00e9 cestovn\u00e9 kancel\u00e1rie pon\u00fakaj\u00fa n\u00e1kupn\u00e9 v\u00fdlety so sprievodcom z Prahy do Parndorf Outlet. Tieto z\u00e1jazdy zah\u0155\u0148aj\u00fa dopravu a m\u00f4\u017eu by\u0165 skvel\u00fdm sp\u00f4sobom, ako si u\u017ei\u0165 de\u0148 pln\u00fd n\u00e1kupov bez starost\u00ed s pl\u00e1novan\u00edm cesty.<\/p>\n<h3>Slu\u017eby kyvadlovej dopravy<\/h3>\n<p>Vyh\u013eadajte kyvadlov\u00fa dopravu, ktor\u00e1 prem\u00e1va medzi Prahou a Parndorf Outlet. Tieto slu\u017eby m\u00f4\u017eu pon\u00faknu\u0165 cenovo v\u00fdhodn\u00fd sp\u00f4sob cestovania v skupine a zvy\u010dajne si ich m\u00f4\u017eete rezervova\u0165 vopred.<\/p>\n<p style=\"text-align: center;\"><a class=\"btn btn-primary\" href=\"\/sk\/rezervovat-transfer\">Rezervova\u0165<\/a><\/p>\n<p style=\"text-align: left;\">Bez oh\u013eadu na to, ktor\u00fa mo\u017enos\u0165 si vyberiete, cesta z Prahy do Parndorf Outlet s\u013eubuje vzru\u0161uj\u00faci de\u0148 pln\u00fd n\u00e1kupov a objavovania. Nezabudnite si cestu vopred napl\u00e1nova\u0165 a zoh\u013eadni\u0165 svoje preferencie t\u00fdkaj\u00face sa pohodlia, rozpo\u010dtu a \u0161t\u00fdlu cestovania. \u0160\u0165astn\u00e9 nakupovanie!<\/p>\n<\/p><\/div>\n<\/p><\/div>\n<div class=\"product-price-container\">\n<div class=\"sale-price\"> \t\t<\/div>\n<\/p><\/div>\n<div class=\"options\"><\/div>\n<div> \t\t<\/div>\n<p>   \t        <script type=\"text\/javascript\" ><\/script>  <script type=\"text\/javascript\" ><\/script> <script type=\"text\/javascript\" ><\/script>  <script type=\"text\/javascript\" ><\/script> <script type=\"text\/javascript\" ><\/script> <script type=\"text\/javascript\" ><\/script> <script type=\"text\/javascript\" ><\/script> <\/div>\n<p> \t\t<!-- \u041f\u043b\u0430\u0433\u0438\u043d \u0440\u0435\u0439\u0442\u0438\u043d\u0433\u0430 --> <\/p>\n<div class=\"vrvote-body\">\n<ul class=\"vrvote-ul\">\n<li id=\"rating_67\" class=\"current-rating\" style=\"width:97.93%;\"><\/li>\n<li> \t\t\t\t\t\t<a class=\"vr-one-star\" onclick=\"javascript:JSVRvote(67,1,142,29,0)\" href=\"javascript:void(null)\">1<\/a> \t\t\t\t\t<\/li>\n<li> \t\t\t\t\t\t<a class=\"vr-two-stars\" onclick=\"javascript:JSVRvote(67,2,142,29,0)\" href=\"javascript:void(null)\">2<\/a> \t\t\t\t\t<\/li>\n<li> \t\t\t\t\t\t<a class=\"vr-three-stars\" onclick=\"javascript:JSVRvote(67,3,142,29,0)\" href=\"javascript:void(null)\">3<\/a> \t\t\t\t\t<\/li>\n<li> \t\t\t\t\t\t<a class=\"vr-four-stars\" onclick=\"javascript:JSVRvote(67,4,142,29,0)\" href=\"javascript:void(null)\">4<\/a> \t\t\t\t\t<\/li>\n<li> \t\t\t\t\t\t<a class=\"vr-five-stars\" onclick=\"javascript:JSVRvote(67,5,142,29,0)\" href=\"javascript:void(null)\">5<\/a> \t\t\t\t\t<\/li>\n<\/ul><\/div>\n<p> \t\t\t<span id=\"vrvote_67\" class=\"vrvote-count\"><small><\/small><\/span>\t<\/span><script type=\"application\/ld+json\"><\/script>   <\/div>\n<div class=\"t4-col sidebar-r col-12 col-xl-4\">\n<div class=\"t4-module module\" id=\"Mod306\">\n<div class=\"module-inner\">\n<div class=\"module-ct\">\n<div class=\"bannergroup\">\n<div class=\"banneritem\"> \t\t\t\t\t\t\t\t\t\t\t\t\t\t\t\t\t\t\t\t\t\t\t\t\t\t\t\t\t\t\t\t\t\t\t\t\t\t\t\t\t\t\t\t\t\t\t\t\t\t<img \t\t\t\t\t\tsrc=\"\/wp-content\/uploads\/2025\/08\/banner-transfer-europe-sk-576.png\" \t\t\t\t\t\talt=\"Banner-sk\" \t\t\t\t\t\t\t\t\t\t\t\t\t\t\t\t\t\/> \t\t\t\t\t\t\t\t\t\t\t<\/p>\n<div class=\"clr\"><\/div>\n<\/p><\/div>\n<\/p><\/div>\n<\/p><\/div>\n<\/div>\n<\/div><\/div>\n<\/p><\/div>\n<\/div><\/div>\n<div id=\"t4-section-8\" class=\"t4-section  t4-section-8  section-border-top\" role=\"section-8\">\n<div class=\"bg-overlay bg-overlay-image\">&nbsp;<\/div>\n<\/p><\/div>\n<p>  <a href='javascript:' id='back-to-top'><i class='fa fa-chevron-up'><\/i><\/a>                <\/p>\n","protected":false},"excerpt":{"rendered":"<p>Transfer z Prahy do Parndorfu Hlavn\u00e1 str\u00e1nka Parndorf z Prahy Transfer z Prahy do Parndorfu z Prahy Rezervova\u0165 Ak potrebujete bezprobl\u00e9mov\u00fa prepravu z Prahy do Parndorf Outlet, neh\u013eadajte \u010falej. N\u00e1\u0161 pr\u00e9miov\u00fd pren\u00e1jom auta a slu\u017eby s\u00fakromn\u00e9ho vodi\u010da s\u00fa tu, aby sa va\u0161a cesta stala pohodlnou a komfortnou. \u010ci u\u017e ste shopaholik a h\u013ead\u00e1te najnov\u0161ie m\u00f3dne [&hellip;]<\/p>\n","protected":false},"author":1,"featured_media":96451,"parent":23147,"menu_order":0,"comment_status":"closed","ping_status":"closed","template":"","meta":{"footnotes":""},"class_list":["post-96450","page","type-page","status-publish","has-post-thumbnail","hentry"],"yoast_head":"<!-- This site is optimized with the Yoast SEO plugin v25.6 - https:\/\/yoast.com\/wordpress\/plugins\/seo\/ -->\n<title>Transfer z Prahy do Parndorfu \u2014 Transfer Europe<\/title>\n<meta name=\"description\" content=\"Transferov\u00e1 objedn\u00e1vka \u201ePraha-Parndorf\u201c s osobn\u00fdm vodi\u010dom. Prenajmite si auto z Prahy do outletu Parndorf v spolo\u010dnosti Transfer Europe \u2714Ve\u013ek\u00fd vozov\u00fd park \u2714Profesion\u00e1lni vodi\u010di \u260e+ 421 951 460 615\" \/>\n<meta name=\"robots\" content=\"index, follow, max-snippet:-1, max-image-preview:large, max-video-preview:-1\" \/>\n<link rel=\"canonical\" href=\"https:\/\/transfereurope.com\/sk\/outlet-parndorf\/z-prahy\/transfer-z-prahy-do-parndorfu\/\" \/>\n<meta property=\"og:locale\" content=\"sk_SK\" \/>\n<meta property=\"og:type\" content=\"article\" \/>\n<meta property=\"og:title\" content=\"Transfer z Prahy do Parndorfu \u2014 Transfer Europe\" \/>\n<meta property=\"og:description\" content=\"Transferov\u00e1 objedn\u00e1vka \u201ePraha-Parndorf\u201c s osobn\u00fdm vodi\u010dom. Prenajmite si auto z Prahy do outletu Parndorf v spolo\u010dnosti Transfer Europe \u2714Ve\u013ek\u00fd vozov\u00fd park \u2714Profesion\u00e1lni vodi\u010di \u260e+ 421 951 460 615\" \/>\n<meta property=\"og:url\" content=\"https:\/\/transfereurope.com\/sk\/outlet-parndorf\/z-prahy\/transfer-z-prahy-do-parndorfu\/\" \/>\n<meta property=\"og:site_name\" content=\"transfereurope\" \/>\n<meta property=\"og:image\" content=\"https:\/\/transfereurope.com\/wp-content\/uploads\/2025\/08\/Europe-Destinations-Transfers-31-8-1.jpg\" \/>\n\t<meta property=\"og:image:width\" content=\"1500\" \/>\n\t<meta property=\"og:image:height\" content=\"2000\" \/>\n\t<meta property=\"og:image:type\" content=\"image\/jpeg\" \/>\n<meta name=\"twitter:card\" content=\"summary_large_image\" \/>\n<meta name=\"twitter:label1\" content=\"Predpokladan\u00fd \u010das \u010d\u00edtania\" \/>\n\t<meta name=\"twitter:data1\" content=\"4 min\u00faty\" \/>\n<script type=\"application\/ld+json\" class=\"yoast-schema-graph\">{\"@context\":\"https:\/\/schema.org\",\"@graph\":[{\"@type\":\"WebPage\",\"@id\":\"https:\/\/transfereurope.com\/sk\/outlet-parndorf\/z-prahy\/transfer-z-prahy-do-parndorfu\/\",\"url\":\"https:\/\/transfereurope.com\/sk\/outlet-parndorf\/z-prahy\/transfer-z-prahy-do-parndorfu\/\",\"name\":\"Transfer z Prahy do Parndorfu \u2014 Transfer Europe\",\"isPartOf\":{\"@id\":\"https:\/\/transfereurope.com\/sk\/#website\"},\"primaryImageOfPage\":{\"@id\":\"https:\/\/transfereurope.com\/sk\/outlet-parndorf\/z-prahy\/transfer-z-prahy-do-parndorfu\/#primaryimage\"},\"image\":{\"@id\":\"https:\/\/transfereurope.com\/sk\/outlet-parndorf\/z-prahy\/transfer-z-prahy-do-parndorfu\/#primaryimage\"},\"thumbnailUrl\":\"https:\/\/transfereurope.com\/wp-content\/uploads\/2025\/08\/Europe-Destinations-Transfers-31-8-1.jpg\",\"datePublished\":\"2025-08-06T06:12:50+00:00\",\"description\":\"Transferov\u00e1 objedn\u00e1vka \u201ePraha-Parndorf\u201c s osobn\u00fdm vodi\u010dom. Prenajmite si auto z Prahy do outletu Parndorf v spolo\u010dnosti Transfer Europe \u2714Ve\u013ek\u00fd vozov\u00fd park \u2714Profesion\u00e1lni vodi\u010di \u260e+ 421 951 460 615\",\"breadcrumb\":{\"@id\":\"https:\/\/transfereurope.com\/sk\/outlet-parndorf\/z-prahy\/transfer-z-prahy-do-parndorfu\/#breadcrumb\"},\"inLanguage\":\"sk-SK\",\"potentialAction\":[{\"@type\":\"ReadAction\",\"target\":[\"https:\/\/transfereurope.com\/sk\/outlet-parndorf\/z-prahy\/transfer-z-prahy-do-parndorfu\/\"]}]},{\"@type\":\"ImageObject\",\"inLanguage\":\"sk-SK\",\"@id\":\"https:\/\/transfereurope.com\/sk\/outlet-parndorf\/z-prahy\/transfer-z-prahy-do-parndorfu\/#primaryimage\",\"url\":\"https:\/\/transfereurope.com\/wp-content\/uploads\/2025\/08\/Europe-Destinations-Transfers-31-8-1.jpg\",\"contentUrl\":\"https:\/\/transfereurope.com\/wp-content\/uploads\/2025\/08\/Europe-Destinations-Transfers-31-8-1.jpg\",\"width\":1500,\"height\":2000},{\"@type\":\"BreadcrumbList\",\"@id\":\"https:\/\/transfereurope.com\/sk\/outlet-parndorf\/z-prahy\/transfer-z-prahy-do-parndorfu\/#breadcrumb\",\"itemListElement\":[{\"@type\":\"ListItem\",\"position\":1,\"name\":\"Home\",\"item\":\"https:\/\/transfereurope.com\/sk\/\"},{\"@type\":\"ListItem\",\"position\":2,\"name\":\"Transfer z Prahy do Parndorfu\"}]},{\"@type\":\"WebSite\",\"@id\":\"https:\/\/transfereurope.com\/sk\/#website\",\"url\":\"https:\/\/transfereurope.com\/sk\/\",\"name\":\"transfereurope\",\"description\":\"\",\"publisher\":{\"@id\":\"https:\/\/transfereurope.com\/sk\/#organization\"},\"potentialAction\":[{\"@type\":\"SearchAction\",\"target\":{\"@type\":\"EntryPoint\",\"urlTemplate\":\"https:\/\/transfereurope.com\/sk\/?s={search_term_string}\"},\"query-input\":{\"@type\":\"PropertyValueSpecification\",\"valueRequired\":true,\"valueName\":\"search_term_string\"}}],\"inLanguage\":\"sk-SK\"},{\"@type\":\"Organization\",\"@id\":\"https:\/\/transfereurope.com\/sk\/#organization\",\"name\":\"transfereurope\",\"url\":\"https:\/\/transfereurope.com\/sk\/\",\"logo\":{\"@type\":\"ImageObject\",\"inLanguage\":\"sk-SK\",\"@id\":\"https:\/\/transfereurope.com\/sk\/#\/schema\/logo\/image\/\",\"url\":\"https:\/\/transfereurope.com\/wp-content\/uploads\/2025\/08\/TRANSFERS-1655.png\",\"contentUrl\":\"https:\/\/transfereurope.com\/wp-content\/uploads\/2025\/08\/TRANSFERS-1655.png\",\"width\":500,\"height\":274,\"caption\":\"transfereurope\"},\"image\":{\"@id\":\"https:\/\/transfereurope.com\/sk\/#\/schema\/logo\/image\/\"}}]}<\/script>\n<!-- \/ Yoast SEO plugin. -->","yoast_head_json":{"title":"Transfer z Prahy do Parndorfu \u2014 Transfer Europe","description":"Transferov\u00e1 objedn\u00e1vka \u201ePraha-Parndorf\u201c s osobn\u00fdm vodi\u010dom. Prenajmite si auto z Prahy do outletu Parndorf v spolo\u010dnosti Transfer Europe \u2714Ve\u013ek\u00fd vozov\u00fd park \u2714Profesion\u00e1lni vodi\u010di \u260e+ 421 951 460 615","robots":{"index":"index","follow":"follow","max-snippet":"max-snippet:-1","max-image-preview":"max-image-preview:large","max-video-preview":"max-video-preview:-1"},"canonical":"https:\/\/transfereurope.com\/sk\/outlet-parndorf\/z-prahy\/transfer-z-prahy-do-parndorfu\/","og_locale":"sk_SK","og_type":"article","og_title":"Transfer z Prahy do Parndorfu \u2014 Transfer Europe","og_description":"Transferov\u00e1 objedn\u00e1vka \u201ePraha-Parndorf\u201c s osobn\u00fdm vodi\u010dom. Prenajmite si auto z Prahy do outletu Parndorf v spolo\u010dnosti Transfer Europe \u2714Ve\u013ek\u00fd vozov\u00fd park \u2714Profesion\u00e1lni vodi\u010di \u260e+ 421 951 460 615","og_url":"https:\/\/transfereurope.com\/sk\/outlet-parndorf\/z-prahy\/transfer-z-prahy-do-parndorfu\/","og_site_name":"transfereurope","og_image":[{"width":1500,"height":2000,"url":"https:\/\/transfereurope.com\/wp-content\/uploads\/2025\/08\/Europe-Destinations-Transfers-31-8-1.jpg","type":"image\/jpeg"}],"twitter_card":"summary_large_image","twitter_misc":{"Predpokladan\u00fd \u010das \u010d\u00edtania":"4 min\u00faty"},"schema":{"@context":"https:\/\/schema.org","@graph":[{"@type":"WebPage","@id":"https:\/\/transfereurope.com\/sk\/outlet-parndorf\/z-prahy\/transfer-z-prahy-do-parndorfu\/","url":"https:\/\/transfereurope.com\/sk\/outlet-parndorf\/z-prahy\/transfer-z-prahy-do-parndorfu\/","name":"Transfer z Prahy do Parndorfu \u2014 Transfer Europe","isPartOf":{"@id":"https:\/\/transfereurope.com\/sk\/#website"},"primaryImageOfPage":{"@id":"https:\/\/transfereurope.com\/sk\/outlet-parndorf\/z-prahy\/transfer-z-prahy-do-parndorfu\/#primaryimage"},"image":{"@id":"https:\/\/transfereurope.com\/sk\/outlet-parndorf\/z-prahy\/transfer-z-prahy-do-parndorfu\/#primaryimage"},"thumbnailUrl":"https:\/\/transfereurope.com\/wp-content\/uploads\/2025\/08\/Europe-Destinations-Transfers-31-8-1.jpg","datePublished":"2025-08-06T06:12:50+00:00","description":"Transferov\u00e1 objedn\u00e1vka \u201ePraha-Parndorf\u201c s osobn\u00fdm vodi\u010dom. Prenajmite si auto z Prahy do outletu Parndorf v spolo\u010dnosti Transfer Europe \u2714Ve\u013ek\u00fd vozov\u00fd park \u2714Profesion\u00e1lni vodi\u010di \u260e+ 421 951 460 615","breadcrumb":{"@id":"https:\/\/transfereurope.com\/sk\/outlet-parndorf\/z-prahy\/transfer-z-prahy-do-parndorfu\/#breadcrumb"},"inLanguage":"sk-SK","potentialAction":[{"@type":"ReadAction","target":["https:\/\/transfereurope.com\/sk\/outlet-parndorf\/z-prahy\/transfer-z-prahy-do-parndorfu\/"]}]},{"@type":"ImageObject","inLanguage":"sk-SK","@id":"https:\/\/transfereurope.com\/sk\/outlet-parndorf\/z-prahy\/transfer-z-prahy-do-parndorfu\/#primaryimage","url":"https:\/\/transfereurope.com\/wp-content\/uploads\/2025\/08\/Europe-Destinations-Transfers-31-8-1.jpg","contentUrl":"https:\/\/transfereurope.com\/wp-content\/uploads\/2025\/08\/Europe-Destinations-Transfers-31-8-1.jpg","width":1500,"height":2000},{"@type":"BreadcrumbList","@id":"https:\/\/transfereurope.com\/sk\/outlet-parndorf\/z-prahy\/transfer-z-prahy-do-parndorfu\/#breadcrumb","itemListElement":[{"@type":"ListItem","position":1,"name":"Home","item":"https:\/\/transfereurope.com\/sk\/"},{"@type":"ListItem","position":2,"name":"Transfer z Prahy do Parndorfu"}]},{"@type":"WebSite","@id":"https:\/\/transfereurope.com\/sk\/#website","url":"https:\/\/transfereurope.com\/sk\/","name":"transfereurope","description":"","publisher":{"@id":"https:\/\/transfereurope.com\/sk\/#organization"},"potentialAction":[{"@type":"SearchAction","target":{"@type":"EntryPoint","urlTemplate":"https:\/\/transfereurope.com\/sk\/?s={search_term_string}"},"query-input":{"@type":"PropertyValueSpecification","valueRequired":true,"valueName":"search_term_string"}}],"inLanguage":"sk-SK"},{"@type":"Organization","@id":"https:\/\/transfereurope.com\/sk\/#organization","name":"transfereurope","url":"https:\/\/transfereurope.com\/sk\/","logo":{"@type":"ImageObject","inLanguage":"sk-SK","@id":"https:\/\/transfereurope.com\/sk\/#\/schema\/logo\/image\/","url":"https:\/\/transfereurope.com\/wp-content\/uploads\/2025\/08\/TRANSFERS-1655.png","contentUrl":"https:\/\/transfereurope.com\/wp-content\/uploads\/2025\/08\/TRANSFERS-1655.png","width":500,"height":274,"caption":"transfereurope"},"image":{"@id":"https:\/\/transfereurope.com\/sk\/#\/schema\/logo\/image\/"}}]}},"_links":{"self":[{"href":"https:\/\/transfereurope.com\/sk\/wp-json\/wp\/v2\/pages\/96450","targetHints":{"allow":["GET"]}}],"collection":[{"href":"https:\/\/transfereurope.com\/sk\/wp-json\/wp\/v2\/pages"}],"about":[{"href":"https:\/\/transfereurope.com\/sk\/wp-json\/wp\/v2\/types\/page"}],"author":[{"embeddable":true,"href":"https:\/\/transfereurope.com\/sk\/wp-json\/wp\/v2\/users\/1"}],"replies":[{"embeddable":true,"href":"https:\/\/transfereurope.com\/sk\/wp-json\/wp\/v2\/comments?post=96450"}],"version-history":[{"count":0,"href":"https:\/\/transfereurope.com\/sk\/wp-json\/wp\/v2\/pages\/96450\/revisions"}],"up":[{"embeddable":true,"href":"https:\/\/transfereurope.com\/sk\/wp-json\/wp\/v2\/pages\/23147"}],"wp:featuredmedia":[{"embeddable":true,"href":"https:\/\/transfereurope.com\/sk\/wp-json\/wp\/v2\/media\/96451"}],"wp:attachment":[{"href":"https:\/\/transfereurope.com\/sk\/wp-json\/wp\/v2\/media?parent=96450"}],"curies":[{"name":"wp","href":"https:\/\/api.w.org\/{rel}","templated":true}]}}