{"id":95790,"date":"2025-08-06T06:06:31","date_gmt":"2025-08-06T06:06:31","guid":{"rendered":"https:\/\/transfereurope.com\/transfer-z-viedenskeho-letiska-do-outletu-parndorf\/"},"modified":"2025-08-06T06:06:31","modified_gmt":"2025-08-06T06:06:31","slug":"transfer-z-viedenskeho-letiska-do-outletu-parndorf","status":"publish","type":"page","link":"https:\/\/transfereurope.com\/sk\/outlet-parndorf\/z-viedne\/transfer-z-viedenskeho-letiska-do-outletu-parndorf\/","title":{"rendered":"Transfer z viedensk\u00e9ho letiska do outletu Parndorf"},"content":{"rendered":"\n<div id=\"t4-masthead\" class=\"t4-section  t4-masthead\">\n<div class=\"t4-col text-center\">\n<div class=\"ja-masthead\" >\n<div class=\"ja-masthead-detail\">\n<h1 class=\"ja-masthead-title\">Transfer z viedensk\u00e9ho letiska do outletu Parndorf<\/h1>\n<p>                 <!---->            <\/p>\n<div class=\"block-breadcrumb\">\n<div class=\"moduletable\">\n<div aria-label=\"Breadcrumbs\" role=\"navigation\">\n<ul  class=\"breadcrumb\">\n<li class=\"active\"> \t\t\t\t<span class=\"fas fa-map-marker-alt home-map\"><\/span> \t\t\t<\/li>\n<li itemprop='itemListElement' > \t\t\t\t\t\t\t\t\t\t\t<a  href=\"\/sk\/\" class=\"pathway\"><span itemprop=\"name\">Hlavn\u00e1 str\u00e1nka<\/span><\/a> \t\t\t\t\t \t\t\t\t\t\t\t\t\t\t\t<span class=\"divider\"> \t\t\t\t\t\t\t<i class=\"fa fa-angle-double-right\" aria-hidden=\"true\"><\/i> \t\t\t\t\t\t<\/span> \t\t\t\t\t\t\t\t\t\t<meta  content=\"1\"> \t\t\t\t<\/li>\n<li itemprop='itemListElement' > \t\t\t\t\t\t\t\t\t\t\t<a  href=\"\/sk\/outlet-parndorf\" class=\"pathway\"><span itemprop=\"name\">Parndorf<\/span><\/a> \t\t\t\t\t \t\t\t\t\t\t\t\t\t\t\t<span class=\"divider\"> \t\t\t\t\t\t\t<i class=\"fa fa-angle-double-right\" aria-hidden=\"true\"><\/i> \t\t\t\t\t\t<\/span> \t\t\t\t\t\t\t\t\t\t<meta  content=\"2\"> \t\t\t\t<\/li>\n<li itemprop='itemListElement' > \t\t\t\t\t\t\t\t\t\t\t<a  href=\"\/sk\/outlet-parndorf\/z-viedne\" class=\"pathway\"><span itemprop=\"name\">z Viedne<\/span><\/a> \t\t\t\t\t \t\t\t\t\t\t\t\t\t\t\t<span class=\"divider\"> \t\t\t\t\t\t\t<i class=\"fa fa-angle-double-right\" aria-hidden=\"true\"><\/i> \t\t\t\t\t\t<\/span> \t\t\t\t\t\t\t\t\t\t<meta  content=\"3\"> \t\t\t\t<\/li>\n<li   class=\"active\"> \t\t\t\t\t<span itemprop=\"name\"> \t\t\t\t\t\tTransfer z viedensk\u00e9ho letiska do outletu Parndorf\t\t\t\t\t<\/span> \t\t\t\t\t<meta  content=\"4\"> \t\t\t\t<\/li>\n<\/ul><\/div>\n<\/p><\/div>\n<\/p><\/div>\n<\/p><\/div>\n<\/p><\/div>\n<pre><\/pre>\n<\/div>\n<\/div>\n<div id=\"t4-main-body\" class=\"t4-section  t4-main-body\" role=\"main body\">\n<div class=\"t4-section-inner container\">\n<div class=\"t4-row row\">\n<div class=\"t4-col col-12 col-xl\">\n<div id=\"system-message-container\"> \t<\/div>\n<div class=\"com-content-article item-page view-tour-detail\">\n<div class=\"tour-top-info clearfix\">\n<div class=\"pull-left\">\n<div class=\"category-article-dot\">\n<div class=\"category-name\"> \t\t\t\t\t<a href=\"\/sk\/outlet-parndorf\/z-viedne\" itemprop=\"genre\">z Viedne<\/a> \t\t\t\t<\/div>\n<\/p><\/div>\n<\/p><\/div>\n<div class=\"pull-right\">\n<div class=\"text-danger tour-price\"> \t\t\t\t\t\t<a href=\"\/sk\/rezervovat-transfer\">Rezervova\u0165<\/a><\/div>\n<\/p><\/div>\n<\/p><\/div>\n<p>  \t <!--\t-->  \t<\/p>\n<div class=\"vm-product-container\">\n<figure class=\"pull-left item-image\">\n<div class=\"main-image\"> \t\t<a title=\"Vienna Airport to Parndorf Outlet Transfer Service\" rel='vm-additional-images' href=\"\/images\/virtuemart\/product\/Europe Destinations Transfers (1)2.jpg\"><img decoding=\"async\"  loading=\"lazy\"  src=\"\/wp-content\/uploads\/2025\/08\/Europe-Destinations-Transfers-12-7.jpg\"  alt=\"Vienna Airport to Parndorf Outlet Transfer Service\"  \/><\/a>\t\t<\/p>\n<div class=\"clear\"><\/div>\n<\/p><\/div>\n<\/figure>\n<div class=\"vm-product-details-container\">\n<div class=\"spacer-buy-area\">    \t\t \t\t<\/div>\n<\/p><\/div>\n<div class=\"clear\"><\/div>\n<\/p><\/div>\n<div class=\"product-description\" >\n<div class=\"book-now mt-5\" style=\"text-align: left;\">\n<p>Vitajte na str\u00e1nkach hlavnej prepravnej slu\u017eby pre va\u0161u cestu z viedensk\u00e9ho letiska do Parndorf Outlet &#8211; va\u0161ej br\u00e1ny do n\u00e1kupn\u00e9ho raja! V na\u0161ej spolo\u010dnosti Vienna Airport to Parndorf Outlet Transfer ch\u00e1peme, \u017ee cesta do cie\u013ea va\u0161ich n\u00e1kupov by mala by\u0165 rovnako pr\u00edjemn\u00e1 a bezprobl\u00e9mov\u00e1 ako samotn\u00e9 nakupovanie. Preto pon\u00fakame \u0161pi\u010dkov\u00e9 slu\u017eby transferu, ktor\u00e9 v\u00e1m zabezpe\u010dia, \u017ee svoju n\u00e1kupn\u00fa terapiu za\u010dnete tou spr\u00e1vnou nohou.<\/p>\n<p>Na\u0161a slu\u017eba transferu z letiska Viede\u0148 do Parndorf Outlet pon\u00faka cel\u00fd rad mo\u017enost\u00ed, ktor\u00e9 vyhovuj\u00fa va\u0161im potreb\u00e1m. Bez oh\u013eadu na to, \u010di cestujete sami alebo so skupinou, postar\u00e1me sa o v\u00e1s. M\u00f4\u017eete si vybra\u0165 pren\u00e1jom s\u00fakromn\u00e9ho vozidla s vyhraden\u00fdm a sk\u00fasen\u00fdm s\u00fakromn\u00fdm vodi\u010dom, ktor\u00fd zabezpe\u010d\u00ed bezprobl\u00e9mov\u00fa a pohodln\u00fa cestu. N\u00e1\u0161 s\u00fakromn\u00fd vodi\u010d v\u00e1s bude \u010daka\u0165 na letisku, pripraven\u00fd pom\u00f4c\u0165 v\u00e1m s bato\u017einou a zabezpe\u010di\u0165 bezpe\u010dn\u00fa a efekt\u00edvnu prepravu do Parndorf Outlet.<\/p>\n<p style=\"text-align: center;\"><a class=\"btn btn-primary\" href=\"\/sk\/rezervovat-transfer-z-na-letisko\">Rezervova\u0165<\/a><\/p>\n<h2 style=\"text-align: center;\"><strong>Pre\u010do si vybra\u0165 n\u00e1\u0161 transfer z letiska Viede\u0148 do Parndorfu?<\/strong><\/h2>\n<ul>\n<li><strong>Komfort a pohodlie:<\/strong> Na\u0161e dobre udr\u017eiavan\u00e9 a priestrann\u00e9 vozidl\u00e1 zaru\u010duj\u00fa pohodln\u00fa jazdu. Kladieme d\u00f4raz na va\u0161e pohodlie, aby ste si mohli odd\u00fdchnu\u0165 a vychutna\u0165 si scen\u00e9riu.<\/li>\n<li><strong>Sk\u00fasen\u00ed s\u00fakromn\u00ed vodi\u010di:<\/strong> Na\u0161i vodi\u010di s\u00fa nielen sk\u00fasen\u00ed v navig\u00e1cii na cest\u00e1ch, ale aj znal\u00ed najlep\u0161\u00edch tr\u00e1s a miestnych poznatkov, aby v\u00e1m spr\u00edjemnili cestu.<\/li>\n<li><strong>Dochv\u00ed\u013enos\u0165:<\/strong> Vieme, \u017ee \u010das je d\u00f4le\u017eit\u00fd, a preto sa postar\u00e1me o to, aby ste do Parndorf Outlet dorazili na\u010das, a mohli si tak \u010do najlep\u0161ie vychutna\u0165 n\u00e1kupy.<\/li>\n<li><strong>Bezpe\u010dnos\u0165:<\/strong> Va\u0161a bezpe\u010dnos\u0165 je na\u0161ou prioritou. Na\u0161i s\u00fakromn\u00ed vodi\u010di s\u00fa vy\u0161kolen\u00ed, aby zabezpe\u010dili bezpe\u010dn\u00fa cestu.<\/li>\n<li><strong>Konkuren\u010dn\u00e9 ceny:<\/strong> Pon\u00fakame prijate\u013en\u00e9 ceny za pren\u00e1jom na\u0161ich s\u00fakromn\u00fdch vozidiel, \u010do predstavuje vynikaj\u00faci pomer ceny a kvality.<\/li>\n<\/ul>\n<h2 style=\"text-align: center;\"><strong><img decoding=\"async\" title=\"Parndorf Outlet to Dresden Transfer Service\" src=\"\/wp-content\/uploads\/2025\/08\/parndorf-outlet-to-dresden-transfer-service-4.jpg\" alt=\"Parndorf Outlet to Dresden Transfer Service\" \/><\/strong><\/h2>\n<h2 style=\"text-align: center;\">\u00a0<\/h2>\n<h2 style=\"text-align: center;\"><strong>Rezerv\u00e1cia transferu z letiska Viede\u0148 do Parndorf Outlet\u00a0<\/strong><\/h2>\n<p>Nez\u00e1le\u017e\u00ed na tom, \u010di ste miestny obyvate\u013e alebo turista, na\u0161a slu\u017eba transferu z letiska Viede\u0148 do Parndorf Outlet je navrhnut\u00e1 tak, aby vyhovovala va\u0161im \u0161pecifick\u00fdm potreb\u00e1m. Sme tu, aby sme v\u00e1m poskytnut\u00edm spo\u013eahlivej a pohodlnej prepravy urobili n\u00e1kupn\u00fd z\u00e1\u017eitok e\u0161te nezabudnute\u013enej\u0161\u00edm.<\/p>\n<p>Rezervujte si transfer z viedensk\u00e9ho letiska do Parndorf Outlet u n\u00e1s e\u0161te dnes a za\u017eite pohodlie a luxus na\u0161ich s\u00fakromn\u00fdch automobilov\u00fdch slu\u017eieb. Va\u0161e dobrodru\u017estvo maloobchodnej terapie u\u017e \u010dak\u00e1!<\/p>\n<p style=\"text-align: center;\"><a class=\"btn btn-primary\" href=\"\/sk\/rezervovat-transfer-z-na-letisko\">Rezervova\u0165<\/a><\/p>\n<h2 style=\"text-align: center;\"><b>Ako sa dosta\u0165 z letiska Viede\u0148 do Parndorf Outlet<\/b><\/h2>\n<p>Cesta z letiska Viede\u0148 do Parndorf Outlet je jednoduch\u00e1 a my sme tu, aby sme v\u00e1s pri nej sprev\u00e1dzali. Tu je preh\u013ead mo\u017enost\u00ed, ktor\u00e9 m\u00e1te k dispoz\u00edcii, krok za krokom:<\/p>\n<h3>S\u00fakromn\u00fd pren\u00e1jom auta s vodi\u010dom<\/h3>\n<ul>\n<li>Najpohodlnej\u0161ia a najkomfortnej\u0161ia mo\u017enos\u0165.<\/li>\n<li>Rezervujte si s\u00fakromn\u00e9 auto s profesion\u00e1lnym vodi\u010dom, ktor\u00fd v\u00e1s vyzdvihne priamo z letiska Viede\u0148.<\/li>\n<li>V\u00e1\u0161 vodi\u010d zabezpe\u010d\u00ed bezprobl\u00e9mov\u00fa cestu a odvezie v\u00e1s priamo do Parndorf Outlet.<\/li>\n<\/ul>\n<h3>Verejn\u00e1 doprava<\/h3>\n<ul>\n<li>Letisko Viede\u0148 je dobre napojen\u00e9 na viedensk\u00fd syst\u00e9m verejnej dopravy.<\/li>\n<li>Autobusom Vienna Airport Lines sa dostanete na viedensk\u00fa stanicu Erdberg.<\/li>\n<li>Z Erdbergu sa odvezte autobusom FlixBus alebo vlakom do Parndorf Outlet.<\/li>\n<li>Upozor\u0148ujeme, \u017ee t\u00e1to mo\u017enos\u0165 m\u00f4\u017ee zah\u0155\u0148a\u0165 prestupy a dlh\u0161\u00ed \u010das cestovania.<\/li>\n<\/ul>\n<h3>\u00a0<img decoding=\"async\" title=\"Parndorf Outlet to Dresden\" src=\"\/wp-content\/uploads\/2025\/08\/parndorf-outlet-to-dresden-4.jpg\" alt=\"Parndorf Outlet to Dresden\" \/><\/h3>\n<h3>Taxislu\u017eba<\/h3>\n<ul>\n<li>Na letisku Viede\u0148 s\u00fa \u013eahko dostupn\u00e9 tax\u00edky.<\/li>\n<li>Tax\u00edkom sa m\u00f4\u017eete dosta\u0165 priamo do Parndorf Outlet.<\/li>\n<li>T\u00e1to mo\u017enos\u0165 je s\u00edce pohodln\u00e1, ale m\u00f4\u017ee by\u0165 drah\u0161ia ako in\u00e9 sp\u00f4soby dopravy.<\/li>\n<\/ul>\n<h3>Pren\u00e1jom auta<\/h3>\n<ul>\n<li>Na letisku Viede\u0148 m\u00e1 svoje pobo\u010dky nieko\u013eko autopo\u017ei\u010dovn\u00ed.<\/li>\n<li>Po\u017ei\u010dajte si auto a prejdite do Parndorf Outlet vlastn\u00fdm tempom.<\/li>\n<li>T\u00e1to mo\u017enos\u0165 poskytuje flexibilitu, ale vy\u017eaduje platn\u00fd vodi\u010dsk\u00fd preukaz a znalos\u0165 miestnych dopravn\u00fdch predpisov.<\/li>\n<\/ul>\n<h3>Slu\u017eby kyvadlovej dopravy<\/h3>\n<ul>\n<li>Medzi letiskom Viede\u0148 a Parndorf Outlet prem\u00e1va kyvadlov\u00e1 doprava.<\/li>\n<li>Informujte sa v ubytovacom zariaden\u00ed alebo vyh\u013eadajte poskytovate\u013eov kyvadlovej dopravy, \u010di t\u00fato mo\u017enos\u0165 pon\u00fakaj\u00fa.<\/li>\n<\/ul>\n<p style=\"text-align: center;\"><a class=\"btn btn-primary\" href=\"\/sk\/rezervovat-transfer-z-na-letisko\">Rezervova\u0165<\/a><\/p>\n<p style=\"text-align: left;\">Rozhodnite sa na z\u00e1klade svojich preferenci\u00ed t\u00fdkaj\u00facich sa pohodlia, rozpo\u010dtu a \u010dasu potrebn\u00e9ho na cestovanie. Ak h\u013ead\u00e1te pohodln\u00fa a efekt\u00edvnu cestu bez stresu, zv\u00e1\u017ete rezerv\u00e1ciu s\u00fakromn\u00e9ho vozidla s vodi\u010dom. T\u00e1to mo\u017enos\u0165 v\u00e1m zaru\u010d\u00ed hladk\u00fd a pr\u00edjemn\u00fd transfer z viedensk\u00e9ho letiska do Parndorf Outlet a umo\u017en\u00ed v\u00e1m s\u00fastredi\u0165 sa na n\u00e1kupn\u00e9 dobrodru\u017estvo.<\/p>\n<\/p><\/div>\n<\/p><\/div>\n<div class=\"product-price-container\">\n<div class=\"sale-price\"> \t\t<\/div>\n<\/p><\/div>\n<div class=\"options\"><\/div>\n<div> \t\t<\/div>\n<p>   \t        <script type=\"text\/javascript\" ><\/script>  <script type=\"text\/javascript\" ><\/script> <script type=\"text\/javascript\" ><\/script>  <script type=\"text\/javascript\" ><\/script> <script type=\"text\/javascript\" ><\/script> <script type=\"text\/javascript\" ><\/script> <script type=\"text\/javascript\" ><\/script> <\/div>\n<p> \t\t<!-- \u041f\u043b\u0430\u0433\u0438\u043d \u0440\u0435\u0439\u0442\u0438\u043d\u0433\u0430 --> <\/p>\n<div class=\"vrvote-body\">\n<ul class=\"vrvote-ul\">\n<li id=\"rating_59\" class=\"current-rating\" style=\"width:98.06%;\"><\/li>\n<li> \t\t\t\t\t\t<a class=\"vr-one-star\" onclick=\"javascript:JSVRvote(59,1,152,31,0)\" href=\"javascript:void(null)\">1<\/a> \t\t\t\t\t<\/li>\n<li> \t\t\t\t\t\t<a class=\"vr-two-stars\" onclick=\"javascript:JSVRvote(59,2,152,31,0)\" href=\"javascript:void(null)\">2<\/a> \t\t\t\t\t<\/li>\n<li> \t\t\t\t\t\t<a class=\"vr-three-stars\" onclick=\"javascript:JSVRvote(59,3,152,31,0)\" href=\"javascript:void(null)\">3<\/a> \t\t\t\t\t<\/li>\n<li> \t\t\t\t\t\t<a class=\"vr-four-stars\" onclick=\"javascript:JSVRvote(59,4,152,31,0)\" href=\"javascript:void(null)\">4<\/a> \t\t\t\t\t<\/li>\n<li> \t\t\t\t\t\t<a class=\"vr-five-stars\" onclick=\"javascript:JSVRvote(59,5,152,31,0)\" href=\"javascript:void(null)\">5<\/a> \t\t\t\t\t<\/li>\n<\/ul><\/div>\n<p> \t\t\t<span id=\"vrvote_59\" class=\"vrvote-count\"><small><\/small><\/span>\t<\/span><script type=\"application\/ld+json\"><\/script>   <\/div>\n<div class=\"t4-col sidebar-r col-12 col-xl-4\">\n<div class=\"t4-module module\" id=\"Mod306\">\n<div class=\"module-inner\">\n<div class=\"module-ct\">\n<div class=\"bannergroup\">\n<div class=\"banneritem\"> \t\t\t\t\t\t\t\t\t\t\t\t\t\t\t\t\t\t\t\t\t\t\t\t\t\t\t\t\t\t\t\t\t\t\t\t\t\t\t\t\t\t\t\t\t\t\t\t\t\t<img \t\t\t\t\t\tsrc=\"\/wp-content\/uploads\/2025\/08\/banner-transfer-europe-sk-570.png\" \t\t\t\t\t\talt=\"Banner-sk\" \t\t\t\t\t\t\t\t\t\t\t\t\t\t\t\t\t\/> \t\t\t\t\t\t\t\t\t\t\t<\/p>\n<div class=\"clr\"><\/div>\n<\/p><\/div>\n<\/p><\/div>\n<\/p><\/div>\n<\/div>\n<\/div><\/div>\n<\/p><\/div>\n<\/div><\/div>\n<div id=\"t4-section-8\" class=\"t4-section  t4-section-8  section-border-top\" role=\"section-8\">\n<div class=\"bg-overlay bg-overlay-image\">&nbsp;<\/div>\n<\/p><\/div>\n<p>  <a href='javascript:' id='back-to-top'><i class='fa fa-chevron-up'><\/i><\/a>                <\/p>\n","protected":false},"excerpt":{"rendered":"<p>Transfer z viedensk\u00e9ho letiska do outletu Parndorf Hlavn\u00e1 str\u00e1nka Parndorf z Viedne Transfer z viedensk\u00e9ho letiska do outletu Parndorf z Viedne Rezervova\u0165 Vitajte na str\u00e1nkach hlavnej prepravnej slu\u017eby pre va\u0161u cestu z viedensk\u00e9ho letiska do Parndorf Outlet &#8211; va\u0161ej br\u00e1ny do n\u00e1kupn\u00e9ho raja! V na\u0161ej spolo\u010dnosti Vienna Airport to Parndorf Outlet Transfer ch\u00e1peme, \u017ee cesta [&hellip;]<\/p>\n","protected":false},"author":1,"featured_media":95791,"parent":22829,"menu_order":0,"comment_status":"closed","ping_status":"closed","template":"","meta":{"footnotes":""},"class_list":["post-95790","page","type-page","status-publish","has-post-thumbnail","hentry"],"yoast_head":"<!-- This site is optimized with the Yoast SEO plugin v25.6 - https:\/\/yoast.com\/wordpress\/plugins\/seo\/ -->\n<title>Transfer z viedensk\u00e9ho letiska do Parndorfy \u2014 Transfer Europe<\/title>\n<meta name=\"description\" content=\"Transferov\u00e1 objedn\u00e1vka \u201eViedensk\u00e9 letisko-outlet Parndorf\u201c s osobn\u00fdm vodi\u010dom. Transfer z viedensk\u00e9ho letiska do outletu Parndorf, Transfer Europe \u2714Ve\u013ek\u00fd vozov\u00fd park \u2714Profesion\u00e1lni vodi\u010di \u260e+ 421 951 460 615\" \/>\n<meta name=\"robots\" content=\"index, follow, max-snippet:-1, max-image-preview:large, max-video-preview:-1\" \/>\n<link rel=\"canonical\" href=\"https:\/\/transfereurope.com\/sk\/outlet-parndorf\/z-viedne\/transfer-z-viedenskeho-letiska-do-outletu-parndorf\/\" \/>\n<meta property=\"og:locale\" content=\"sk_SK\" \/>\n<meta property=\"og:type\" content=\"article\" \/>\n<meta property=\"og:title\" content=\"Transfer z viedensk\u00e9ho letiska do Parndorfy \u2014 Transfer Europe\" \/>\n<meta property=\"og:description\" content=\"Transferov\u00e1 objedn\u00e1vka \u201eViedensk\u00e9 letisko-outlet Parndorf\u201c s osobn\u00fdm vodi\u010dom. Transfer z viedensk\u00e9ho letiska do outletu Parndorf, Transfer Europe \u2714Ve\u013ek\u00fd vozov\u00fd park \u2714Profesion\u00e1lni vodi\u010di \u260e+ 421 951 460 615\" \/>\n<meta property=\"og:url\" content=\"https:\/\/transfereurope.com\/sk\/outlet-parndorf\/z-viedne\/transfer-z-viedenskeho-letiska-do-outletu-parndorf\/\" \/>\n<meta property=\"og:site_name\" content=\"transfereurope\" \/>\n<meta property=\"og:image\" content=\"https:\/\/transfereurope.com\/wp-content\/uploads\/2025\/08\/Europe-Destinations-Transfers-12-7-1.jpg\" \/>\n\t<meta property=\"og:image:width\" content=\"1500\" \/>\n\t<meta property=\"og:image:height\" content=\"2000\" \/>\n\t<meta property=\"og:image:type\" content=\"image\/jpeg\" \/>\n<meta name=\"twitter:card\" content=\"summary_large_image\" \/>\n<meta name=\"twitter:label1\" content=\"Predpokladan\u00fd \u010das \u010d\u00edtania\" \/>\n\t<meta name=\"twitter:data1\" content=\"4 min\u00faty\" \/>\n<script type=\"application\/ld+json\" class=\"yoast-schema-graph\">{\"@context\":\"https:\/\/schema.org\",\"@graph\":[{\"@type\":\"WebPage\",\"@id\":\"https:\/\/transfereurope.com\/sk\/outlet-parndorf\/z-viedne\/transfer-z-viedenskeho-letiska-do-outletu-parndorf\/\",\"url\":\"https:\/\/transfereurope.com\/sk\/outlet-parndorf\/z-viedne\/transfer-z-viedenskeho-letiska-do-outletu-parndorf\/\",\"name\":\"Transfer z viedensk\u00e9ho letiska do Parndorfy \u2014 Transfer Europe\",\"isPartOf\":{\"@id\":\"https:\/\/transfereurope.com\/sk\/#website\"},\"primaryImageOfPage\":{\"@id\":\"https:\/\/transfereurope.com\/sk\/outlet-parndorf\/z-viedne\/transfer-z-viedenskeho-letiska-do-outletu-parndorf\/#primaryimage\"},\"image\":{\"@id\":\"https:\/\/transfereurope.com\/sk\/outlet-parndorf\/z-viedne\/transfer-z-viedenskeho-letiska-do-outletu-parndorf\/#primaryimage\"},\"thumbnailUrl\":\"https:\/\/transfereurope.com\/wp-content\/uploads\/2025\/08\/Europe-Destinations-Transfers-12-7-1.jpg\",\"datePublished\":\"2025-08-06T06:06:31+00:00\",\"description\":\"Transferov\u00e1 objedn\u00e1vka \u201eViedensk\u00e9 letisko-outlet Parndorf\u201c s osobn\u00fdm vodi\u010dom. Transfer z viedensk\u00e9ho letiska do outletu Parndorf, Transfer Europe \u2714Ve\u013ek\u00fd vozov\u00fd park \u2714Profesion\u00e1lni vodi\u010di \u260e+ 421 951 460 615\",\"breadcrumb\":{\"@id\":\"https:\/\/transfereurope.com\/sk\/outlet-parndorf\/z-viedne\/transfer-z-viedenskeho-letiska-do-outletu-parndorf\/#breadcrumb\"},\"inLanguage\":\"sk-SK\",\"potentialAction\":[{\"@type\":\"ReadAction\",\"target\":[\"https:\/\/transfereurope.com\/sk\/outlet-parndorf\/z-viedne\/transfer-z-viedenskeho-letiska-do-outletu-parndorf\/\"]}]},{\"@type\":\"ImageObject\",\"inLanguage\":\"sk-SK\",\"@id\":\"https:\/\/transfereurope.com\/sk\/outlet-parndorf\/z-viedne\/transfer-z-viedenskeho-letiska-do-outletu-parndorf\/#primaryimage\",\"url\":\"https:\/\/transfereurope.com\/wp-content\/uploads\/2025\/08\/Europe-Destinations-Transfers-12-7-1.jpg\",\"contentUrl\":\"https:\/\/transfereurope.com\/wp-content\/uploads\/2025\/08\/Europe-Destinations-Transfers-12-7-1.jpg\",\"width\":1500,\"height\":2000},{\"@type\":\"BreadcrumbList\",\"@id\":\"https:\/\/transfereurope.com\/sk\/outlet-parndorf\/z-viedne\/transfer-z-viedenskeho-letiska-do-outletu-parndorf\/#breadcrumb\",\"itemListElement\":[{\"@type\":\"ListItem\",\"position\":1,\"name\":\"Home\",\"item\":\"https:\/\/transfereurope.com\/sk\/\"},{\"@type\":\"ListItem\",\"position\":2,\"name\":\"Transfer z viedensk\u00e9ho letiska do outletu Parndorf\"}]},{\"@type\":\"WebSite\",\"@id\":\"https:\/\/transfereurope.com\/sk\/#website\",\"url\":\"https:\/\/transfereurope.com\/sk\/\",\"name\":\"transfereurope\",\"description\":\"\",\"publisher\":{\"@id\":\"https:\/\/transfereurope.com\/sk\/#organization\"},\"potentialAction\":[{\"@type\":\"SearchAction\",\"target\":{\"@type\":\"EntryPoint\",\"urlTemplate\":\"https:\/\/transfereurope.com\/sk\/?s={search_term_string}\"},\"query-input\":{\"@type\":\"PropertyValueSpecification\",\"valueRequired\":true,\"valueName\":\"search_term_string\"}}],\"inLanguage\":\"sk-SK\"},{\"@type\":\"Organization\",\"@id\":\"https:\/\/transfereurope.com\/sk\/#organization\",\"name\":\"transfereurope\",\"url\":\"https:\/\/transfereurope.com\/sk\/\",\"logo\":{\"@type\":\"ImageObject\",\"inLanguage\":\"sk-SK\",\"@id\":\"https:\/\/transfereurope.com\/sk\/#\/schema\/logo\/image\/\",\"url\":\"https:\/\/transfereurope.com\/wp-content\/uploads\/2025\/08\/TRANSFERS-1655.png\",\"contentUrl\":\"https:\/\/transfereurope.com\/wp-content\/uploads\/2025\/08\/TRANSFERS-1655.png\",\"width\":500,\"height\":274,\"caption\":\"transfereurope\"},\"image\":{\"@id\":\"https:\/\/transfereurope.com\/sk\/#\/schema\/logo\/image\/\"}}]}<\/script>\n<!-- \/ Yoast SEO plugin. -->","yoast_head_json":{"title":"Transfer z viedensk\u00e9ho letiska do Parndorfy \u2014 Transfer Europe","description":"Transferov\u00e1 objedn\u00e1vka \u201eViedensk\u00e9 letisko-outlet Parndorf\u201c s osobn\u00fdm vodi\u010dom. Transfer z viedensk\u00e9ho letiska do outletu Parndorf, Transfer Europe \u2714Ve\u013ek\u00fd vozov\u00fd park \u2714Profesion\u00e1lni vodi\u010di \u260e+ 421 951 460 615","robots":{"index":"index","follow":"follow","max-snippet":"max-snippet:-1","max-image-preview":"max-image-preview:large","max-video-preview":"max-video-preview:-1"},"canonical":"https:\/\/transfereurope.com\/sk\/outlet-parndorf\/z-viedne\/transfer-z-viedenskeho-letiska-do-outletu-parndorf\/","og_locale":"sk_SK","og_type":"article","og_title":"Transfer z viedensk\u00e9ho letiska do Parndorfy \u2014 Transfer Europe","og_description":"Transferov\u00e1 objedn\u00e1vka \u201eViedensk\u00e9 letisko-outlet Parndorf\u201c s osobn\u00fdm vodi\u010dom. Transfer z viedensk\u00e9ho letiska do outletu Parndorf, Transfer Europe \u2714Ve\u013ek\u00fd vozov\u00fd park \u2714Profesion\u00e1lni vodi\u010di \u260e+ 421 951 460 615","og_url":"https:\/\/transfereurope.com\/sk\/outlet-parndorf\/z-viedne\/transfer-z-viedenskeho-letiska-do-outletu-parndorf\/","og_site_name":"transfereurope","og_image":[{"width":1500,"height":2000,"url":"https:\/\/transfereurope.com\/wp-content\/uploads\/2025\/08\/Europe-Destinations-Transfers-12-7-1.jpg","type":"image\/jpeg"}],"twitter_card":"summary_large_image","twitter_misc":{"Predpokladan\u00fd \u010das \u010d\u00edtania":"4 min\u00faty"},"schema":{"@context":"https:\/\/schema.org","@graph":[{"@type":"WebPage","@id":"https:\/\/transfereurope.com\/sk\/outlet-parndorf\/z-viedne\/transfer-z-viedenskeho-letiska-do-outletu-parndorf\/","url":"https:\/\/transfereurope.com\/sk\/outlet-parndorf\/z-viedne\/transfer-z-viedenskeho-letiska-do-outletu-parndorf\/","name":"Transfer z viedensk\u00e9ho letiska do Parndorfy \u2014 Transfer Europe","isPartOf":{"@id":"https:\/\/transfereurope.com\/sk\/#website"},"primaryImageOfPage":{"@id":"https:\/\/transfereurope.com\/sk\/outlet-parndorf\/z-viedne\/transfer-z-viedenskeho-letiska-do-outletu-parndorf\/#primaryimage"},"image":{"@id":"https:\/\/transfereurope.com\/sk\/outlet-parndorf\/z-viedne\/transfer-z-viedenskeho-letiska-do-outletu-parndorf\/#primaryimage"},"thumbnailUrl":"https:\/\/transfereurope.com\/wp-content\/uploads\/2025\/08\/Europe-Destinations-Transfers-12-7-1.jpg","datePublished":"2025-08-06T06:06:31+00:00","description":"Transferov\u00e1 objedn\u00e1vka \u201eViedensk\u00e9 letisko-outlet Parndorf\u201c s osobn\u00fdm vodi\u010dom. Transfer z viedensk\u00e9ho letiska do outletu Parndorf, Transfer Europe \u2714Ve\u013ek\u00fd vozov\u00fd park \u2714Profesion\u00e1lni vodi\u010di \u260e+ 421 951 460 615","breadcrumb":{"@id":"https:\/\/transfereurope.com\/sk\/outlet-parndorf\/z-viedne\/transfer-z-viedenskeho-letiska-do-outletu-parndorf\/#breadcrumb"},"inLanguage":"sk-SK","potentialAction":[{"@type":"ReadAction","target":["https:\/\/transfereurope.com\/sk\/outlet-parndorf\/z-viedne\/transfer-z-viedenskeho-letiska-do-outletu-parndorf\/"]}]},{"@type":"ImageObject","inLanguage":"sk-SK","@id":"https:\/\/transfereurope.com\/sk\/outlet-parndorf\/z-viedne\/transfer-z-viedenskeho-letiska-do-outletu-parndorf\/#primaryimage","url":"https:\/\/transfereurope.com\/wp-content\/uploads\/2025\/08\/Europe-Destinations-Transfers-12-7-1.jpg","contentUrl":"https:\/\/transfereurope.com\/wp-content\/uploads\/2025\/08\/Europe-Destinations-Transfers-12-7-1.jpg","width":1500,"height":2000},{"@type":"BreadcrumbList","@id":"https:\/\/transfereurope.com\/sk\/outlet-parndorf\/z-viedne\/transfer-z-viedenskeho-letiska-do-outletu-parndorf\/#breadcrumb","itemListElement":[{"@type":"ListItem","position":1,"name":"Home","item":"https:\/\/transfereurope.com\/sk\/"},{"@type":"ListItem","position":2,"name":"Transfer z viedensk\u00e9ho letiska do outletu Parndorf"}]},{"@type":"WebSite","@id":"https:\/\/transfereurope.com\/sk\/#website","url":"https:\/\/transfereurope.com\/sk\/","name":"transfereurope","description":"","publisher":{"@id":"https:\/\/transfereurope.com\/sk\/#organization"},"potentialAction":[{"@type":"SearchAction","target":{"@type":"EntryPoint","urlTemplate":"https:\/\/transfereurope.com\/sk\/?s={search_term_string}"},"query-input":{"@type":"PropertyValueSpecification","valueRequired":true,"valueName":"search_term_string"}}],"inLanguage":"sk-SK"},{"@type":"Organization","@id":"https:\/\/transfereurope.com\/sk\/#organization","name":"transfereurope","url":"https:\/\/transfereurope.com\/sk\/","logo":{"@type":"ImageObject","inLanguage":"sk-SK","@id":"https:\/\/transfereurope.com\/sk\/#\/schema\/logo\/image\/","url":"https:\/\/transfereurope.com\/wp-content\/uploads\/2025\/08\/TRANSFERS-1655.png","contentUrl":"https:\/\/transfereurope.com\/wp-content\/uploads\/2025\/08\/TRANSFERS-1655.png","width":500,"height":274,"caption":"transfereurope"},"image":{"@id":"https:\/\/transfereurope.com\/sk\/#\/schema\/logo\/image\/"}}]}},"_links":{"self":[{"href":"https:\/\/transfereurope.com\/sk\/wp-json\/wp\/v2\/pages\/95790","targetHints":{"allow":["GET"]}}],"collection":[{"href":"https:\/\/transfereurope.com\/sk\/wp-json\/wp\/v2\/pages"}],"about":[{"href":"https:\/\/transfereurope.com\/sk\/wp-json\/wp\/v2\/types\/page"}],"author":[{"embeddable":true,"href":"https:\/\/transfereurope.com\/sk\/wp-json\/wp\/v2\/users\/1"}],"replies":[{"embeddable":true,"href":"https:\/\/transfereurope.com\/sk\/wp-json\/wp\/v2\/comments?post=95790"}],"version-history":[{"count":0,"href":"https:\/\/transfereurope.com\/sk\/wp-json\/wp\/v2\/pages\/95790\/revisions"}],"up":[{"embeddable":true,"href":"https:\/\/transfereurope.com\/sk\/wp-json\/wp\/v2\/pages\/22829"}],"wp:featuredmedia":[{"embeddable":true,"href":"https:\/\/transfereurope.com\/sk\/wp-json\/wp\/v2\/media\/95791"}],"wp:attachment":[{"href":"https:\/\/transfereurope.com\/sk\/wp-json\/wp\/v2\/media?parent=95790"}],"curies":[{"name":"wp","href":"https:\/\/api.w.org\/{rel}","templated":true}]}}