{"id":95346,"date":"2025-08-06T06:00:15","date_gmt":"2025-08-06T06:00:15","guid":{"rendered":"https:\/\/transfereurope.com\/transfer-z-letiska-katowice-do-lyziarskeho-strediska-czarny-gron\/"},"modified":"2025-08-06T06:00:15","modified_gmt":"2025-08-06T06:00:15","slug":"transfer-z-letiska-katowice-do-lyziarskeho-strediska-czarny-gron","status":"publish","type":"page","link":"https:\/\/transfereurope.com\/sk\/lyziarske-transfery\/transfery-z-letiska-katowice-do-lyziarskych-stredisk\/transfer-z-letiska-katowice-do-lyziarskeho-strediska-czarny-gron\/","title":{"rendered":"Transfer z letiska Katowice do ly\u017eiarskeho strediska Czarny Gro\u0144"},"content":{"rendered":"\n<div id=\"t4-masthead\" class=\"t4-section  t4-masthead\">\n<div class=\"t4-col text-center\">\n<div class=\"ja-masthead\" >\n<div class=\"ja-masthead-detail\">\n<h1 class=\"ja-masthead-title\">Transfer z letiska Katowice do ly\u017eiarskeho strediska Czarny Gro\u0144<\/h1>\n<p>                 <!---->            <\/p>\n<div class=\"block-breadcrumb\">                       <\/div>\n<\/p><\/div>\n<\/p><\/div>\n<pre><\/pre>\n<\/div>\n<\/div>\n<div id=\"t4-main-body\" class=\"t4-section  t4-main-body\" role=\"main body\">\n<div class=\"t4-section-inner container\">\n<div class=\"t4-row row\">\n<div class=\"t4-col col-12 col-xl\">\n<div id=\"system-message-container\"> \t<\/div>\n<div class=\"com-content-article item-page view-tour-detail\">\n<div class=\"tour-top-info clearfix\">\n<div class=\"pull-left\">\n<div class=\"category-article-dot\">\n<div class=\"category-name\"> \t\t\t\t\t<a href=\"\/sk\/lyziarske-transfery\/transfery-z-letiska-katowice-do-lyziarskych-stredisk\" itemprop=\"genre\">Transfery z letiska Katowice do ly\u017eiarskych stred\u00edsk<\/a> \t\t\t\t<\/div>\n<\/p><\/div>\n<\/p><\/div>\n<div class=\"pull-right\">\n<div class=\"text-danger tour-price\"> \t\t\t\t\t\t<a href=\"\/sk\/rezervovat-transfer\">Rezervova\u0165<\/a><\/div>\n<\/p><\/div>\n<\/p><\/div>\n<p>  \t <!--\t-->  \t<\/p>\n<div class=\"vm-product-container\">\n<figure class=\"pull-left item-image\">\n<div class=\"main-image\"> \t\t<a  rel='vm-additional-images' href=\"\/images\/virtuemart\/product\/Katowice Airport to Szczyrk Ski Transfer Service.png\"><img decoding=\"async\"  loading=\"lazy\"  src=\"\/wp-content\/uploads\/2025\/08\/Katowice-Airport-to-Szczyrk-Ski-Transfer-Service-16.png\"  \/><\/a>\t\t<\/p>\n<div class=\"clear\"><\/div>\n<\/p><\/div>\n<\/figure>\n<div class=\"vm-product-details-container\">\n<div class=\"spacer-buy-area\">    \t\t \t\t<\/div>\n<\/p><\/div>\n<div class=\"clear\"><\/div>\n<\/p><\/div>\n<div class=\"product-description\" >\n<h2 style=\"text-align: center;\">Transfer na ly\u017eiach z letiska Katowice do ly\u017eiarskeho strediska Czarny Gro\u0144: Va\u0161a br\u00e1na na vzru\u0161uj\u00face svahy<\/h2>\n<p>Vydajte sa na bezprobl\u00e9mov\u00fa cestu do \u010cierneho Gro\u0148a, n\u00e1dhern\u00e9ho ly\u017eiarskeho strediska zn\u00e1meho svojou o\u010daruj\u00facou atmosf\u00e9rou a vynikaj\u00facimi ly\u017eiarskymi zariadeniami, s na\u0161ou \u0161pecializovanou slu\u017ebou transferu z letiska Katowice. Czarny Gro\u0144, ktor\u00fd sa nach\u00e1dza v malebn\u00fdch Beskyd\u00e1ch, pon\u00faka n\u00e1dhern\u00e9 ly\u017eiarske z\u00e1\u017eitky pre za\u010diato\u010dn\u00edkov aj pokro\u010dil\u00fdch. Stredisko je obdivovan\u00e9 pre svoje dobre upraven\u00e9 zjazdovky, modern\u00e9 vybavenie a pr\u00edjemn\u00fa atmosf\u00e9ru. Stredisko sa nach\u00e1dza len pribli\u017ene 70 kilometrov od letiska v Katoviciach a je \u013eahko dostupn\u00e9 pribli\u017ene za 1,5 hodiny jazdy autom, \u010do zaru\u010duje r\u00fdchly a pohodln\u00fd presun do cie\u013ea zimn\u00fdch \u0161portov.<\/p>\n<p style=\"text-align: center;\"><a class=\"btn btn-primary\" href=\"\/sk\/rezervovat-transfer-z-na-letisko\">Rezervova\u0165<\/a><\/p>\n<p style=\"text-align: left;\"><img decoding=\"async\" src=\"\/wp-content\/uploads\/2025\/08\/Katowice_Airport_to_Czarny_Gro_Ski_Transfer_Service-1-scaled.jpg\" alt=\"\" \/><\/p>\n<h3>Pre\u010do Transfer Europe pre V\u00e1\u0161 ly\u017eiarsky transfer do \u010cierneho Gro\u0148a?<\/h3>\n<p>V\u00fdber Transferu Europe pre va\u0161u cestu do \u010cierneho Gro\u0148a pon\u00faka mno\u017estvo v\u00fdhod:<\/p>\n<ul>\n<li><strong>Konkuren\u010dn\u00e9 ceny:<\/strong>\u00a0Pr\u00edstup k prvotriednym slu\u017eb\u00e1m transferu za rozumn\u00e9 ceny.<\/li>\n<li><strong>Modern\u00fd vozov\u00fd park:<\/strong>\u00a0Vychutnajte si bezpe\u010dn\u00fa, pohodln\u00fa a \u0161t\u00fdlov\u00fa cestu v na\u0161ich najnov\u0161\u00edch vozidl\u00e1ch.<\/li>\n<li><strong>Priestrann\u00fd \u00falo\u017en\u00fd priestor na ly\u017eiarsky v\u00fdstroj:<\/strong>\u00a0Vyu\u017eite ve\u013ek\u00fd priestor v kufri pre svoje vybavenie spolu s pohodlnou kab\u00ednou pre cestuj\u00facich.<\/li>\n<li><strong>Funkcie vhodn\u00e9 pre rodiny:<\/strong>\u00a0K dispoz\u00edcii s\u00fa detsk\u00e9 seda\u010dky, ktor\u00e9 zaistia bezpe\u010dnos\u0165 a pohodlie va\u0161ich mal\u00fdch cestuj\u00facich.<\/li>\n<li><strong>Sk\u00fasen\u00ed vodi\u010di:<\/strong>\u00a0Na\u0161i vodi\u010di s\u00fa dobre obozn\u00e1men\u00ed s miestnymi trasami, \u010do zaru\u010duje plynul\u00fa a v\u010dasn\u00fa cestu.<\/li>\n<li><strong>Spo\u013eahliv\u00e1 slu\u017eba \u010dakania na letisku:<\/strong>\u00a0Na\u0161i vodi\u010di na v\u00e1s po\u010dkaj\u00fa na letisku aj v pr\u00edpade me\u0161kania letov bez \u010fal\u0161\u00edch poplatkov za \u010dakanie.<\/li>\n<li><strong>Prisp\u00f4sobite\u013en\u00e9 zast\u00e1vky:<\/strong>\u00a0Prisp\u00f4sobte si cestu na mieru v\u010faka mo\u017enostiam prest\u00e1vok na ob\u010derstvenie alebo vyhliadkam po ceste.<\/li>\n<\/ul>\n<p style=\"text-align: center;\"><a class=\"btn btn-primary\" href=\"\/sk\/rezervovat-transfer-z-na-letisko\">Rezervova\u0165<\/a><\/p>\n<p style=\"text-align: left;\"><img decoding=\"async\" src=\"\/wp-content\/uploads\/2025\/08\/Katowice_Airport_to_Czarny_Gro_Ski_Transfer_Service-1.png\" alt=\"\" \/><\/p>\n<h3><a href=\"\/sk\/vozovy-park\">Na\u0161a rozmanit\u00e1 flotila<\/a>\u00a0pre va\u0161u cestu z letiska Katowice do Czarny Gro\u0144<\/h3>\n<p>Vyberte si ide\u00e1lne vozidlo pre svoj ly\u017eiarsky v\u00fdlet:<\/p>\n<ul>\n<li><strong>Minivany:<\/strong>\u00a0Ide\u00e1lne pre skupiny alebo rodiny, pon\u00fakaj\u00fa dostatok priestoru pre cestuj\u00facich a v\u0161etko ly\u017eiarske vybavenie.<\/li>\n<li><strong>Jeepy:<\/strong>\u00a0Skvel\u00e9 na prekon\u00e1vanie zimn\u00e9ho ter\u00e9nu, poskytuj\u00face bezpe\u010dn\u00fa a pohodln\u00fa cestu.<\/li>\n<li><strong>Luxusn\u00e9 vozidl\u00e1:<\/strong>\u00a0Na\u0161u luxusn\u00fa v\u00fdpravu obohatia luxusn\u00e9 aut\u00e1, ktor\u00e9 s\u00fa ide\u00e1lne na relax\u00e1ciu pred t\u00fdm, ako vyraz\u00edte na zjazdovku.<\/li>\n<\/ul>\n<h3>Rezervujte si transfer z letiska Katowice do ly\u017eiarskeho strediska Czarny Gro\u0144 e\u0161te dnes<\/h3>\n<p>Ste pripraven\u00ed za\u017ei\u0165 svahy Czarny Gro\u0144? Rezerv\u00e1cia transferu je jednoduch\u00e1 a pohodln\u00e1. Sta\u010d\u00ed pou\u017ei\u0165 n\u00e1\u0161 online rezerva\u010dn\u00fd formul\u00e1r a zabezpe\u010di\u0165 si jazdu. Ak chcete z\u00edska\u0165 osobnej\u0161iu pomoc, nev\u00e1hajte n\u00e1s kontaktova\u0165 prostredn\u00edctvom aplik\u00e1cie WhatsApp, Telegram alebo priameho telefon\u00e1tu. Nechajte Transfer Europe, aby sa stal za\u010diatkom nezabudnute\u013en\u00e9ho ly\u017eiarskeho dobrodru\u017estva. Rezervujte si teraz a ponorte sa do sveta, kde na v\u00e1s \u010dakaj\u00fa zasne\u017een\u00e9 krajiny a ly\u017eiarske z\u00e1\u017eitky.<\/p>\n<p style=\"text-align: center;\"><a class=\"btn btn-primary\" href=\"\/sk\/rezervovat-transfer-z-na-letisko\">Rezervova\u0165<\/a><\/p>\n<\/p><\/div>\n<div class=\"product-price-container\">\n<div class=\"sale-price\"> \t\t<\/div>\n<\/p><\/div>\n<div class=\"options\"><\/div>\n<div> \t\t<\/div>\n<p>   \t        <script type=\"text\/javascript\" ><\/script>  <script type=\"text\/javascript\" ><\/script> <script type=\"text\/javascript\" ><\/script>  <script type=\"text\/javascript\" ><\/script> <script type=\"text\/javascript\" ><\/script> <script type=\"text\/javascript\" ><\/script> <script type=\"text\/javascript\" ><\/script> <\/div>\n<p> \t\t<!-- \u041f\u043b\u0430\u0433\u0438\u043d \u0440\u0435\u0439\u0442\u0438\u043d\u0433\u0430 --> <\/p>\n<div class=\"vrvote-body\">\n<ul class=\"vrvote-ul\">\n<li id=\"rating_200\" class=\"current-rating\" style=\"width:100.00%;\"><\/li>\n<li> \t\t\t\t\t\t<a class=\"vr-one-star\" onclick=\"javascript:JSVRvote(200,1,45,9,0)\" href=\"javascript:void(null)\">1<\/a> \t\t\t\t\t<\/li>\n<li> \t\t\t\t\t\t<a class=\"vr-two-stars\" onclick=\"javascript:JSVRvote(200,2,45,9,0)\" href=\"javascript:void(null)\">2<\/a> \t\t\t\t\t<\/li>\n<li> \t\t\t\t\t\t<a class=\"vr-three-stars\" onclick=\"javascript:JSVRvote(200,3,45,9,0)\" href=\"javascript:void(null)\">3<\/a> \t\t\t\t\t<\/li>\n<li> \t\t\t\t\t\t<a class=\"vr-four-stars\" onclick=\"javascript:JSVRvote(200,4,45,9,0)\" href=\"javascript:void(null)\">4<\/a> \t\t\t\t\t<\/li>\n<li> \t\t\t\t\t\t<a class=\"vr-five-stars\" onclick=\"javascript:JSVRvote(200,5,45,9,0)\" href=\"javascript:void(null)\">5<\/a> \t\t\t\t\t<\/li>\n<\/ul><\/div>\n<p> \t\t\t<span id=\"vrvote_200\" class=\"vrvote-count\"><small><\/small><\/span>\t<\/span><script type=\"application\/ld+json\"><\/script>   <\/div>\n<div class=\"t4-col sidebar-r col-12 col-xl-4\">\n<div class=\"t4-module module\" id=\"Mod306\">\n<div class=\"module-inner\">\n<div class=\"module-ct\">\n<div class=\"bannergroup\">\n<div class=\"banneritem\"> \t\t\t\t\t\t\t\t\t\t\t\t\t\t\t\t\t\t\t\t\t\t\t\t\t\t\t\t\t\t\t\t\t\t\t\t\t\t\t\t\t\t\t\t\t\t\t\t\t\t<img \t\t\t\t\t\tsrc=\"\/wp-content\/uploads\/2025\/08\/banner-transfer-europe-sk-566.png\" \t\t\t\t\t\talt=\"Banner-sk\" \t\t\t\t\t\t\t\t\t\t\t\t\t\t\t\t\t\/> \t\t\t\t\t\t\t\t\t\t\t<\/p>\n<div class=\"clr\"><\/div>\n<\/p><\/div>\n<\/p><\/div>\n<\/p><\/div>\n<\/div>\n<\/div><\/div>\n<\/p><\/div>\n<\/div><\/div>\n<div id=\"t4-section-8\" class=\"t4-section  t4-section-8  section-border-top\" role=\"section-8\">\n<div class=\"bg-overlay bg-overlay-image\">&nbsp;<\/div>\n<\/p><\/div>\n<p>  <a href='javascript:' id='back-to-top'><i class='fa fa-chevron-up'><\/i><\/a>                <\/p>\n","protected":false},"excerpt":{"rendered":"<p>Transfer z letiska Katowice do ly\u017eiarskeho strediska Czarny Gro\u0144 Transfery z letiska Katowice do ly\u017eiarskych stred\u00edsk Rezervova\u0165 Transfer na ly\u017eiach z letiska Katowice do ly\u017eiarskeho strediska Czarny Gro\u0144: Va\u0161a br\u00e1na na vzru\u0161uj\u00face svahy Vydajte sa na bezprobl\u00e9mov\u00fa cestu do \u010cierneho Gro\u0148a, n\u00e1dhern\u00e9ho ly\u017eiarskeho strediska zn\u00e1meho svojou o\u010daruj\u00facou atmosf\u00e9rou a vynikaj\u00facimi ly\u017eiarskymi zariadeniami, s na\u0161ou \u0161pecializovanou [&hellip;]<\/p>\n","protected":false},"author":1,"featured_media":95347,"parent":20907,"menu_order":0,"comment_status":"closed","ping_status":"closed","template":"","meta":{"footnotes":""},"class_list":["post-95346","page","type-page","status-publish","has-post-thumbnail","hentry"],"yoast_head":"<!-- This site is optimized with the Yoast SEO plugin v25.6 - https:\/\/yoast.com\/wordpress\/plugins\/seo\/ -->\n<title>Transfer z letiska Katowice do ly\u017eiarskeho strediska Czarny Gro\u0144<\/title>\n<meta name=\"description\" content=\"Za\u017eite transfery z letiska Katowice do ly\u017eiarskeho strediska Czarny Gro\u0144. Rezervujte si e\u0161te dnes a u\u017eite si cestovanie \u260e +421 940 904 184\" \/>\n<meta name=\"robots\" content=\"index, follow, max-snippet:-1, max-image-preview:large, max-video-preview:-1\" \/>\n<link rel=\"canonical\" href=\"https:\/\/transfereurope.com\/sk\/lyziarske-transfery\/transfery-z-letiska-katowice-do-lyziarskych-stredisk\/transfer-z-letiska-katowice-do-lyziarskeho-strediska-czarny-gron\/\" \/>\n<meta property=\"og:locale\" content=\"sk_SK\" \/>\n<meta property=\"og:type\" content=\"article\" \/>\n<meta property=\"og:title\" content=\"Transfer z letiska Katowice do ly\u017eiarskeho strediska Czarny Gro\u0144\" \/>\n<meta property=\"og:description\" content=\"Za\u017eite transfery z letiska Katowice do ly\u017eiarskeho strediska Czarny Gro\u0144. Rezervujte si e\u0161te dnes a u\u017eite si cestovanie \u260e +421 940 904 184\" \/>\n<meta property=\"og:url\" content=\"https:\/\/transfereurope.com\/sk\/lyziarske-transfery\/transfery-z-letiska-katowice-do-lyziarskych-stredisk\/transfer-z-letiska-katowice-do-lyziarskeho-strediska-czarny-gron\/\" \/>\n<meta property=\"og:site_name\" content=\"transfereurope\" \/>\n<meta property=\"og:image\" content=\"https:\/\/transfereurope.com\/wp-content\/uploads\/2025\/08\/Katowice-Airport-to-Szczyrk-Ski-Transfer-Service-16-1.png\" \/>\n\t<meta property=\"og:image:width\" content=\"940\" \/>\n\t<meta property=\"og:image:height\" content=\"788\" \/>\n\t<meta property=\"og:image:type\" content=\"image\/png\" \/>\n<meta name=\"twitter:card\" content=\"summary_large_image\" \/>\n<meta name=\"twitter:label1\" content=\"Predpokladan\u00fd \u010das \u010d\u00edtania\" \/>\n\t<meta name=\"twitter:data1\" content=\"3 min\u00faty\" \/>\n<script type=\"application\/ld+json\" class=\"yoast-schema-graph\">{\"@context\":\"https:\/\/schema.org\",\"@graph\":[{\"@type\":\"WebPage\",\"@id\":\"https:\/\/transfereurope.com\/sk\/lyziarske-transfery\/transfery-z-letiska-katowice-do-lyziarskych-stredisk\/transfer-z-letiska-katowice-do-lyziarskeho-strediska-czarny-gron\/\",\"url\":\"https:\/\/transfereurope.com\/sk\/lyziarske-transfery\/transfery-z-letiska-katowice-do-lyziarskych-stredisk\/transfer-z-letiska-katowice-do-lyziarskeho-strediska-czarny-gron\/\",\"name\":\"Transfer z letiska Katowice do ly\u017eiarskeho strediska Czarny Gro\u0144\",\"isPartOf\":{\"@id\":\"https:\/\/transfereurope.com\/sk\/#website\"},\"primaryImageOfPage\":{\"@id\":\"https:\/\/transfereurope.com\/sk\/lyziarske-transfery\/transfery-z-letiska-katowice-do-lyziarskych-stredisk\/transfer-z-letiska-katowice-do-lyziarskeho-strediska-czarny-gron\/#primaryimage\"},\"image\":{\"@id\":\"https:\/\/transfereurope.com\/sk\/lyziarske-transfery\/transfery-z-letiska-katowice-do-lyziarskych-stredisk\/transfer-z-letiska-katowice-do-lyziarskeho-strediska-czarny-gron\/#primaryimage\"},\"thumbnailUrl\":\"https:\/\/transfereurope.com\/wp-content\/uploads\/2025\/08\/Katowice-Airport-to-Szczyrk-Ski-Transfer-Service-16-1.png\",\"datePublished\":\"2025-08-06T06:00:15+00:00\",\"description\":\"Za\u017eite transfery z letiska Katowice do ly\u017eiarskeho strediska Czarny Gro\u0144. Rezervujte si e\u0161te dnes a u\u017eite si cestovanie \u260e +421 940 904 184\",\"breadcrumb\":{\"@id\":\"https:\/\/transfereurope.com\/sk\/lyziarske-transfery\/transfery-z-letiska-katowice-do-lyziarskych-stredisk\/transfer-z-letiska-katowice-do-lyziarskeho-strediska-czarny-gron\/#breadcrumb\"},\"inLanguage\":\"sk-SK\",\"potentialAction\":[{\"@type\":\"ReadAction\",\"target\":[\"https:\/\/transfereurope.com\/sk\/lyziarske-transfery\/transfery-z-letiska-katowice-do-lyziarskych-stredisk\/transfer-z-letiska-katowice-do-lyziarskeho-strediska-czarny-gron\/\"]}]},{\"@type\":\"ImageObject\",\"inLanguage\":\"sk-SK\",\"@id\":\"https:\/\/transfereurope.com\/sk\/lyziarske-transfery\/transfery-z-letiska-katowice-do-lyziarskych-stredisk\/transfer-z-letiska-katowice-do-lyziarskeho-strediska-czarny-gron\/#primaryimage\",\"url\":\"https:\/\/transfereurope.com\/wp-content\/uploads\/2025\/08\/Katowice-Airport-to-Szczyrk-Ski-Transfer-Service-16-1.png\",\"contentUrl\":\"https:\/\/transfereurope.com\/wp-content\/uploads\/2025\/08\/Katowice-Airport-to-Szczyrk-Ski-Transfer-Service-16-1.png\",\"width\":940,\"height\":788},{\"@type\":\"BreadcrumbList\",\"@id\":\"https:\/\/transfereurope.com\/sk\/lyziarske-transfery\/transfery-z-letiska-katowice-do-lyziarskych-stredisk\/transfer-z-letiska-katowice-do-lyziarskeho-strediska-czarny-gron\/#breadcrumb\",\"itemListElement\":[{\"@type\":\"ListItem\",\"position\":1,\"name\":\"Home\",\"item\":\"https:\/\/transfereurope.com\/sk\/\"},{\"@type\":\"ListItem\",\"position\":2,\"name\":\"Transfer z letiska Katowice do ly\u017eiarskeho strediska Czarny Gro\u0144\"}]},{\"@type\":\"WebSite\",\"@id\":\"https:\/\/transfereurope.com\/sk\/#website\",\"url\":\"https:\/\/transfereurope.com\/sk\/\",\"name\":\"transfereurope\",\"description\":\"\",\"publisher\":{\"@id\":\"https:\/\/transfereurope.com\/sk\/#organization\"},\"potentialAction\":[{\"@type\":\"SearchAction\",\"target\":{\"@type\":\"EntryPoint\",\"urlTemplate\":\"https:\/\/transfereurope.com\/sk\/?s={search_term_string}\"},\"query-input\":{\"@type\":\"PropertyValueSpecification\",\"valueRequired\":true,\"valueName\":\"search_term_string\"}}],\"inLanguage\":\"sk-SK\"},{\"@type\":\"Organization\",\"@id\":\"https:\/\/transfereurope.com\/sk\/#organization\",\"name\":\"transfereurope\",\"url\":\"https:\/\/transfereurope.com\/sk\/\",\"logo\":{\"@type\":\"ImageObject\",\"inLanguage\":\"sk-SK\",\"@id\":\"https:\/\/transfereurope.com\/sk\/#\/schema\/logo\/image\/\",\"url\":\"https:\/\/transfereurope.com\/wp-content\/uploads\/2025\/08\/TRANSFERS-1655.png\",\"contentUrl\":\"https:\/\/transfereurope.com\/wp-content\/uploads\/2025\/08\/TRANSFERS-1655.png\",\"width\":500,\"height\":274,\"caption\":\"transfereurope\"},\"image\":{\"@id\":\"https:\/\/transfereurope.com\/sk\/#\/schema\/logo\/image\/\"}}]}<\/script>\n<!-- \/ Yoast SEO plugin. -->","yoast_head_json":{"title":"Transfer z letiska Katowice do ly\u017eiarskeho strediska Czarny Gro\u0144","description":"Za\u017eite transfery z letiska Katowice do ly\u017eiarskeho strediska Czarny Gro\u0144. Rezervujte si e\u0161te dnes a u\u017eite si cestovanie \u260e +421 940 904 184","robots":{"index":"index","follow":"follow","max-snippet":"max-snippet:-1","max-image-preview":"max-image-preview:large","max-video-preview":"max-video-preview:-1"},"canonical":"https:\/\/transfereurope.com\/sk\/lyziarske-transfery\/transfery-z-letiska-katowice-do-lyziarskych-stredisk\/transfer-z-letiska-katowice-do-lyziarskeho-strediska-czarny-gron\/","og_locale":"sk_SK","og_type":"article","og_title":"Transfer z letiska Katowice do ly\u017eiarskeho strediska Czarny Gro\u0144","og_description":"Za\u017eite transfery z letiska Katowice do ly\u017eiarskeho strediska Czarny Gro\u0144. Rezervujte si e\u0161te dnes a u\u017eite si cestovanie \u260e +421 940 904 184","og_url":"https:\/\/transfereurope.com\/sk\/lyziarske-transfery\/transfery-z-letiska-katowice-do-lyziarskych-stredisk\/transfer-z-letiska-katowice-do-lyziarskeho-strediska-czarny-gron\/","og_site_name":"transfereurope","og_image":[{"width":940,"height":788,"url":"https:\/\/transfereurope.com\/wp-content\/uploads\/2025\/08\/Katowice-Airport-to-Szczyrk-Ski-Transfer-Service-16-1.png","type":"image\/png"}],"twitter_card":"summary_large_image","twitter_misc":{"Predpokladan\u00fd \u010das \u010d\u00edtania":"3 min\u00faty"},"schema":{"@context":"https:\/\/schema.org","@graph":[{"@type":"WebPage","@id":"https:\/\/transfereurope.com\/sk\/lyziarske-transfery\/transfery-z-letiska-katowice-do-lyziarskych-stredisk\/transfer-z-letiska-katowice-do-lyziarskeho-strediska-czarny-gron\/","url":"https:\/\/transfereurope.com\/sk\/lyziarske-transfery\/transfery-z-letiska-katowice-do-lyziarskych-stredisk\/transfer-z-letiska-katowice-do-lyziarskeho-strediska-czarny-gron\/","name":"Transfer z letiska Katowice do ly\u017eiarskeho strediska Czarny Gro\u0144","isPartOf":{"@id":"https:\/\/transfereurope.com\/sk\/#website"},"primaryImageOfPage":{"@id":"https:\/\/transfereurope.com\/sk\/lyziarske-transfery\/transfery-z-letiska-katowice-do-lyziarskych-stredisk\/transfer-z-letiska-katowice-do-lyziarskeho-strediska-czarny-gron\/#primaryimage"},"image":{"@id":"https:\/\/transfereurope.com\/sk\/lyziarske-transfery\/transfery-z-letiska-katowice-do-lyziarskych-stredisk\/transfer-z-letiska-katowice-do-lyziarskeho-strediska-czarny-gron\/#primaryimage"},"thumbnailUrl":"https:\/\/transfereurope.com\/wp-content\/uploads\/2025\/08\/Katowice-Airport-to-Szczyrk-Ski-Transfer-Service-16-1.png","datePublished":"2025-08-06T06:00:15+00:00","description":"Za\u017eite transfery z letiska Katowice do ly\u017eiarskeho strediska Czarny Gro\u0144. Rezervujte si e\u0161te dnes a u\u017eite si cestovanie \u260e +421 940 904 184","breadcrumb":{"@id":"https:\/\/transfereurope.com\/sk\/lyziarske-transfery\/transfery-z-letiska-katowice-do-lyziarskych-stredisk\/transfer-z-letiska-katowice-do-lyziarskeho-strediska-czarny-gron\/#breadcrumb"},"inLanguage":"sk-SK","potentialAction":[{"@type":"ReadAction","target":["https:\/\/transfereurope.com\/sk\/lyziarske-transfery\/transfery-z-letiska-katowice-do-lyziarskych-stredisk\/transfer-z-letiska-katowice-do-lyziarskeho-strediska-czarny-gron\/"]}]},{"@type":"ImageObject","inLanguage":"sk-SK","@id":"https:\/\/transfereurope.com\/sk\/lyziarske-transfery\/transfery-z-letiska-katowice-do-lyziarskych-stredisk\/transfer-z-letiska-katowice-do-lyziarskeho-strediska-czarny-gron\/#primaryimage","url":"https:\/\/transfereurope.com\/wp-content\/uploads\/2025\/08\/Katowice-Airport-to-Szczyrk-Ski-Transfer-Service-16-1.png","contentUrl":"https:\/\/transfereurope.com\/wp-content\/uploads\/2025\/08\/Katowice-Airport-to-Szczyrk-Ski-Transfer-Service-16-1.png","width":940,"height":788},{"@type":"BreadcrumbList","@id":"https:\/\/transfereurope.com\/sk\/lyziarske-transfery\/transfery-z-letiska-katowice-do-lyziarskych-stredisk\/transfer-z-letiska-katowice-do-lyziarskeho-strediska-czarny-gron\/#breadcrumb","itemListElement":[{"@type":"ListItem","position":1,"name":"Home","item":"https:\/\/transfereurope.com\/sk\/"},{"@type":"ListItem","position":2,"name":"Transfer z letiska Katowice do ly\u017eiarskeho strediska Czarny Gro\u0144"}]},{"@type":"WebSite","@id":"https:\/\/transfereurope.com\/sk\/#website","url":"https:\/\/transfereurope.com\/sk\/","name":"transfereurope","description":"","publisher":{"@id":"https:\/\/transfereurope.com\/sk\/#organization"},"potentialAction":[{"@type":"SearchAction","target":{"@type":"EntryPoint","urlTemplate":"https:\/\/transfereurope.com\/sk\/?s={search_term_string}"},"query-input":{"@type":"PropertyValueSpecification","valueRequired":true,"valueName":"search_term_string"}}],"inLanguage":"sk-SK"},{"@type":"Organization","@id":"https:\/\/transfereurope.com\/sk\/#organization","name":"transfereurope","url":"https:\/\/transfereurope.com\/sk\/","logo":{"@type":"ImageObject","inLanguage":"sk-SK","@id":"https:\/\/transfereurope.com\/sk\/#\/schema\/logo\/image\/","url":"https:\/\/transfereurope.com\/wp-content\/uploads\/2025\/08\/TRANSFERS-1655.png","contentUrl":"https:\/\/transfereurope.com\/wp-content\/uploads\/2025\/08\/TRANSFERS-1655.png","width":500,"height":274,"caption":"transfereurope"},"image":{"@id":"https:\/\/transfereurope.com\/sk\/#\/schema\/logo\/image\/"}}]}},"_links":{"self":[{"href":"https:\/\/transfereurope.com\/sk\/wp-json\/wp\/v2\/pages\/95346","targetHints":{"allow":["GET"]}}],"collection":[{"href":"https:\/\/transfereurope.com\/sk\/wp-json\/wp\/v2\/pages"}],"about":[{"href":"https:\/\/transfereurope.com\/sk\/wp-json\/wp\/v2\/types\/page"}],"author":[{"embeddable":true,"href":"https:\/\/transfereurope.com\/sk\/wp-json\/wp\/v2\/users\/1"}],"replies":[{"embeddable":true,"href":"https:\/\/transfereurope.com\/sk\/wp-json\/wp\/v2\/comments?post=95346"}],"version-history":[{"count":0,"href":"https:\/\/transfereurope.com\/sk\/wp-json\/wp\/v2\/pages\/95346\/revisions"}],"up":[{"embeddable":true,"href":"https:\/\/transfereurope.com\/sk\/wp-json\/wp\/v2\/pages\/20907"}],"wp:featuredmedia":[{"embeddable":true,"href":"https:\/\/transfereurope.com\/sk\/wp-json\/wp\/v2\/media\/95347"}],"wp:attachment":[{"href":"https:\/\/transfereurope.com\/sk\/wp-json\/wp\/v2\/media?parent=95346"}],"curies":[{"name":"wp","href":"https:\/\/api.w.org\/{rel}","templated":true}]}}