{"id":95235,"date":"2025-08-06T05:57:36","date_gmt":"2025-08-06T05:57:36","guid":{"rendered":"https:\/\/transfereurope.com\/transfer-z-letiska-katowice-do-lyziarskeho-strediska-harrachov\/"},"modified":"2025-08-06T05:57:36","modified_gmt":"2025-08-06T05:57:36","slug":"transfer-z-letiska-katowice-do-lyziarskeho-strediska-harrachov","status":"publish","type":"page","link":"https:\/\/transfereurope.com\/sk\/lyziarske-transfery\/transfery-z-letiska-katowice-do-lyziarskych-stredisk\/transfer-z-letiska-katowice-do-lyziarskeho-strediska-harrachov\/","title":{"rendered":"Transfer z letiska Katowice do ly\u017eiarskeho strediska Harrachov"},"content":{"rendered":"\n<div id=\"t4-masthead\" class=\"t4-section  t4-masthead\">\n<div class=\"t4-col text-center\">\n<div class=\"ja-masthead\" >\n<div class=\"ja-masthead-detail\">\n<h1 class=\"ja-masthead-title\">Transfer z letiska Katowice do ly\u017eiarskeho strediska Harrachov<\/h1>\n<p>                 <!---->            <\/p>\n<div class=\"block-breadcrumb\">                       <\/div>\n<\/p><\/div>\n<\/p><\/div>\n<pre><\/pre>\n<\/div>\n<\/div>\n<div id=\"t4-main-body\" class=\"t4-section  t4-main-body\" role=\"main body\">\n<div class=\"t4-section-inner container\">\n<div class=\"t4-row row\">\n<div class=\"t4-col col-12 col-xl\">\n<div id=\"system-message-container\"> \t<\/div>\n<div class=\"com-content-article item-page view-tour-detail\">\n<div class=\"tour-top-info clearfix\">\n<div class=\"pull-left\">\n<div class=\"category-article-dot\">\n<div class=\"category-name\"> \t\t\t\t\t<a href=\"\/sk\/lyziarske-transfery\/transfery-z-letiska-katowice-do-lyziarskych-stredisk\" itemprop=\"genre\">Transfery z letiska Katowice do ly\u017eiarskych stred\u00edsk<\/a> \t\t\t\t<\/div>\n<\/p><\/div>\n<\/p><\/div>\n<div class=\"pull-right\">\n<div class=\"text-danger tour-price\"> \t\t\t\t\t\t<a href=\"\/sk\/rezervovat-transfer\">Rezervova\u0165<\/a><\/div>\n<\/p><\/div>\n<\/p><\/div>\n<p>  \t <!--\t-->  \t<\/p>\n<div class=\"vm-product-container\">\n<figure class=\"pull-left item-image\">\n<div class=\"main-image\"> \t\t<a  rel='vm-additional-images' href=\"\/images\/virtuemart\/product\/Katowice Airport to Harrachov.png\"><img decoding=\"async\"  loading=\"lazy\"  src=\"\/wp-content\/uploads\/2025\/08\/Katowice-Airport-to-Harrachov-2.png\"  \/><\/a>\t\t<\/p>\n<div class=\"clear\"><\/div>\n<\/p><\/div>\n<\/figure>\n<div class=\"vm-product-details-container\">\n<div class=\"spacer-buy-area\">    \t\t \t\t<\/div>\n<\/p><\/div>\n<div class=\"clear\"><\/div>\n<\/p><\/div>\n<div class=\"product-description\" >\n<h2 style=\"text-align: center;\">Transfer z letiska Katovice do Harrachova: Vydajte sa do zimnej krajiny z\u00e1zrakov<\/h2>\n<p>Za\u010dnite svoju ly\u017eiarsku dovolenku pohodlnou cestou do Harrachova, jedn\u00e9ho z najzn\u00e1mej\u0161\u00edch ly\u017eiarskych stred\u00edsk v \u010ceskej republike, s vyu\u017eit\u00edm na\u0161ej pr\u00e9miovej slu\u017eby transferu z letiska Katovice. Harrachov, ktor\u00fd sa nach\u00e1dza v malebn\u00fdch Krkono\u0161iach, je presl\u00e1ven\u00fd svojimi vynikaj\u00facimi ly\u017eiarskymi zariadeniami vr\u00e1tane mno\u017estva zjazdoviek vhodn\u00fdch pre v\u0161etky \u00farovne ly\u017eiarov a snowboardistov a sl\u00e1vnych skokansk\u00fdch most\u00edkov. T\u00e1to n\u00e1dhern\u00e1 ly\u017eiarska destin\u00e1cia je vzdialen\u00e1 pribli\u017ene 340 kilometrov od letiska v Katoviciach a cesta trv\u00e1 pribli\u017ene 4 hodiny, tak\u017ee si cestou m\u00f4\u017eete vychutna\u0165 malebn\u00fa kr\u00e1su h\u00f4r.<\/p>\n<p style=\"text-align: center;\"><a class=\"btn btn-primary\" href=\"\/sk\/rezervovat-transfer-z-na-letisko\">Rezervova\u0165<\/a><\/p>\n<p style=\"text-align: left;\"><img decoding=\"async\" src=\"\/wp-content\/uploads\/2025\/08\/Katowice_Airport_to_Harrachov_Ski_Transfer_Service-1-scaled.jpg\" alt=\"\" \/><\/p>\n<h3>Pre\u010do si pre svoj ly\u017eiarsky transfer do Harrachova vybra\u0165 Transfer Europe?<\/h3>\n<p>Ak si na cestu do Harrachova vyberiete slu\u017ebu Transfer Europe, m\u00e1te istotu:<\/p>\n<ul>\n<li><strong>N\u00e1kladovo efekt\u00edvne ceny:<\/strong> Pr\u00e9miov\u00e9 slu\u017eby za v\u00fdhodn\u00fa cenu.<\/li>\n<li><strong>Modern\u00fd vozov\u00fd park:<\/strong> N\u00e1\u0161 vozov\u00fd park zlo\u017een\u00fd z najnov\u0161\u00edch modelov zaru\u010duje bezpe\u010dn\u00fa, pohodln\u00fa a \u0161t\u00fdlov\u00fa cestu.<\/li>\n<li><strong>Priestrannos\u0165 pre ly\u017eiarsky v\u00fdstroj:<\/strong> Dostatok miesta v kufri pre va\u0161e ly\u017eiarske vybavenie a pohodov\u00e1 kab\u00edna pre cestuj\u00facich.<\/li>\n<li><strong>Rie\u0161enia vhodn\u00e9 pre rodiny:<\/strong> Pre bezpe\u010dnos\u0165 a pohodlie va\u0161ich mlad\u0161\u00edch \u010dlenov rodiny s\u00fa k dispoz\u00edcii detsk\u00e9 seda\u010dky.<\/li>\n<li><strong>Sk\u00fasen\u00ed vodi\u010di:<\/strong> Na\u0161i vodi\u010di so znalos\u0165ou miestnych tr\u00e1s zabezpe\u010dia bezpe\u010dn\u00fa a v\u010dasn\u00fa cestu.<\/li>\n<li><strong>Spo\u013eahliv\u00e1 slu\u017eba \u010dakania na letisku:<\/strong> V pr\u00edpade me\u0161kania letu na v\u00e1s na\u0161i vodi\u010di po\u010dkaj\u00fa bez pr\u00edplatku.<\/li>\n<li><strong>Zast\u00e1vky na mieru:<\/strong> Prisp\u00f4sobte si svoju cestu prest\u00e1vkami na ob\u010derstvenie alebo na vychutnanie si n\u00e1dhern\u00fdch v\u00fdh\u013eadov na hory.<\/li>\n<\/ul>\n<p style=\"text-align: center;\"><a class=\"btn btn-primary\" href=\"\/sk\/rezervovat-transfer-z-na-letisko\">Rezervova\u0165<\/a><\/p>\n<p style=\"text-align: left;\"><img decoding=\"async\" src=\"\/wp-content\/uploads\/2025\/08\/Katowice_Airport_to_Harrachov_Ski_Transfer_Service-1.png\" alt=\"\" \/><\/p>\n<h3><a href=\"\/sk\/vozovy-park\">Na\u0161a rozmanit\u00e1 flotila<\/a> pre va\u0161u cestu z letiska Katovice do Harrachova<\/h3>\n<p>Vyberte si ide\u00e1lne vozidlo na ly\u017eova\u010dku:<\/p>\n<ul>\n<li><strong>Minivany:<\/strong> Ide\u00e1lne pre rodiny alebo skupiny, pon\u00fakaj\u00fa dostatok priestoru pre cestuj\u00facich aj ly\u017eiarsky v\u00fdstroj.<\/li>\n<li><strong>Jeepy:<\/strong> Skvel\u00e1 vo\u013eba pre zimn\u00e9 podmienky na cest\u00e1ch, ktor\u00e1 zaru\u010duje bezpe\u010dn\u00e9 a stabiln\u00e9 cestovanie.<\/li>\n<li><strong>Luxusn\u00e9 vozidl\u00e1:<\/strong> Pre t\u00fdch, ktor\u00ed h\u013eadaj\u00fa trochu viac pohodlia a elegancie, pon\u00fakaj\u00fa na\u0161e luxusn\u00e9 vozidl\u00e1 pokojn\u00e9 prostredie pred vzru\u0161uj\u00facimi ly\u017eiarskymi aktivitami.<\/li>\n<\/ul>\n<h3>Rezervujte si transfer z letiska Katowice do ly\u017eiarskeho strediska Harrachov e\u0161te dnes<\/h3>\n<p>Te\u0161\u00edte sa na svoje ly\u017eiarske dobrodru\u017estvo v Harrachove? Rezerv\u00e1cia transferu je jednoduch\u00e1. Pou\u017eite n\u00e1\u0161 online rezerva\u010dn\u00fd formul\u00e1r a zabezpe\u010dte si dopravu. Ak chcete z\u00edska\u0165 osobnej\u0161ie slu\u017eby, kontaktujte n\u00e1s prostredn\u00edctvom aplik\u00e1cie WhatsApp, Telegram alebo priameho telefon\u00e1tu. Nechajte Transfer Europe by\u0165 za\u010diatkom nezabudnute\u013en\u00e9ho ly\u017eiarskeho z\u00e1\u017eitku. Rezervujte si teraz cestu, na ktorej sa stretne vzru\u0161enie zo zimn\u00fdch \u0161portov s komfortom pr\u00e9miov\u00e9ho cestovania.<\/p>\n<p style=\"text-align: center;\"><a class=\"btn btn-primary\" href=\"\/sk\/rezervovat-transfer-z-na-letisko\">Rezervova\u0165<\/a><\/p>\n<\/p><\/div>\n<div class=\"product-price-container\">\n<div class=\"sale-price\"> \t\t<\/div>\n<\/p><\/div>\n<div class=\"options\"><\/div>\n<div> \t\t<\/div>\n<p>   \t        <script type=\"text\/javascript\" ><\/script>  <script type=\"text\/javascript\" ><\/script> <script type=\"text\/javascript\" ><\/script>  <script type=\"text\/javascript\" ><\/script> <script type=\"text\/javascript\" ><\/script> <script type=\"text\/javascript\" ><\/script> <script type=\"text\/javascript\" ><\/script> <\/div>\n<p> \t\t<!-- \u041f\u043b\u0430\u0433\u0438\u043d \u0440\u0435\u0439\u0442\u0438\u043d\u0433\u0430 --> <\/p>\n<div class=\"vrvote-body\">\n<ul class=\"vrvote-ul\">\n<li id=\"rating_201\" class=\"current-rating\" style=\"width:100.00%;\"><\/li>\n<li> \t\t\t\t\t\t<a class=\"vr-one-star\" onclick=\"javascript:JSVRvote(201,1,50,10,0)\" href=\"javascript:void(null)\">1<\/a> \t\t\t\t\t<\/li>\n<li> \t\t\t\t\t\t<a class=\"vr-two-stars\" onclick=\"javascript:JSVRvote(201,2,50,10,0)\" href=\"javascript:void(null)\">2<\/a> \t\t\t\t\t<\/li>\n<li> \t\t\t\t\t\t<a class=\"vr-three-stars\" onclick=\"javascript:JSVRvote(201,3,50,10,0)\" href=\"javascript:void(null)\">3<\/a> \t\t\t\t\t<\/li>\n<li> \t\t\t\t\t\t<a class=\"vr-four-stars\" onclick=\"javascript:JSVRvote(201,4,50,10,0)\" href=\"javascript:void(null)\">4<\/a> \t\t\t\t\t<\/li>\n<li> \t\t\t\t\t\t<a class=\"vr-five-stars\" onclick=\"javascript:JSVRvote(201,5,50,10,0)\" href=\"javascript:void(null)\">5<\/a> \t\t\t\t\t<\/li>\n<\/ul><\/div>\n<p> \t\t\t<span id=\"vrvote_201\" class=\"vrvote-count\"><small><\/small><\/span>\t<\/span><script type=\"application\/ld+json\"><\/script>   <\/div>\n<div class=\"t4-col sidebar-r col-12 col-xl-4\">\n<div class=\"t4-module module\" id=\"Mod306\">\n<div class=\"module-inner\">\n<div class=\"module-ct\">\n<div class=\"bannergroup\">\n<div class=\"banneritem\"> \t\t\t\t\t\t\t\t\t\t\t\t\t\t\t\t\t\t\t\t\t\t\t\t\t\t\t\t\t\t\t\t\t\t\t\t\t\t\t\t\t\t\t\t\t\t\t\t\t\t<img \t\t\t\t\t\tsrc=\"\/wp-content\/uploads\/2025\/08\/banner-transfer-europe-sk-565.png\" \t\t\t\t\t\talt=\"Banner-sk\" \t\t\t\t\t\t\t\t\t\t\t\t\t\t\t\t\t\/> \t\t\t\t\t\t\t\t\t\t\t<\/p>\n<div class=\"clr\"><\/div>\n<\/p><\/div>\n<\/p><\/div>\n<\/p><\/div>\n<\/div>\n<\/div><\/div>\n<\/p><\/div>\n<\/div><\/div>\n<div id=\"t4-section-8\" class=\"t4-section  t4-section-8  section-border-top\" role=\"section-8\">\n<div class=\"bg-overlay bg-overlay-image\">&nbsp;<\/div>\n<\/p><\/div>\n<p>  <a href='javascript:' id='back-to-top'><i class='fa fa-chevron-up'><\/i><\/a>                <\/p>\n","protected":false},"excerpt":{"rendered":"<p>Transfer z letiska Katowice do ly\u017eiarskeho strediska Harrachov Transfery z letiska Katowice do ly\u017eiarskych stred\u00edsk Rezervova\u0165 Transfer z letiska Katovice do Harrachova: Vydajte sa do zimnej krajiny z\u00e1zrakov Za\u010dnite svoju ly\u017eiarsku dovolenku pohodlnou cestou do Harrachova, jedn\u00e9ho z najzn\u00e1mej\u0161\u00edch ly\u017eiarskych stred\u00edsk v \u010ceskej republike, s vyu\u017eit\u00edm na\u0161ej pr\u00e9miovej slu\u017eby transferu z letiska Katovice. Harrachov, ktor\u00fd [&hellip;]<\/p>\n","protected":false},"author":1,"featured_media":95236,"parent":20907,"menu_order":0,"comment_status":"closed","ping_status":"closed","template":"","meta":{"footnotes":""},"class_list":["post-95235","page","type-page","status-publish","has-post-thumbnail","hentry"],"yoast_head":"<!-- This site is optimized with the Yoast SEO plugin v25.6 - https:\/\/yoast.com\/wordpress\/plugins\/seo\/ -->\n<title>Transfer z letiska Katowice Airport do ly\u017eiarskeho strediska Harrachov<\/title>\n<meta name=\"description\" content=\"Za\u017eite transfery z letiska Katovice do ly\u017eiarskeho strediska Harrachov. Rezervujte si e\u0161te dnes a u\u017eite si cestovanie bez stresu s malebn\u00fdm v\u00fdh\u013eadom. Zavolajte n\u00e1m \u260e +421 940 904 184 pre individu\u00e1lnu pomoc.\" \/>\n<meta name=\"robots\" content=\"index, follow, max-snippet:-1, max-image-preview:large, max-video-preview:-1\" \/>\n<link rel=\"canonical\" href=\"https:\/\/transfereurope.com\/sk\/lyziarske-transfery\/transfery-z-letiska-katowice-do-lyziarskych-stredisk\/transfer-z-letiska-katowice-do-lyziarskeho-strediska-harrachov\/\" \/>\n<meta property=\"og:locale\" content=\"sk_SK\" \/>\n<meta property=\"og:type\" content=\"article\" \/>\n<meta property=\"og:title\" content=\"Transfer z letiska Katowice Airport do ly\u017eiarskeho strediska Harrachov\" \/>\n<meta property=\"og:description\" content=\"Za\u017eite transfery z letiska Katovice do ly\u017eiarskeho strediska Harrachov. Rezervujte si e\u0161te dnes a u\u017eite si cestovanie bez stresu s malebn\u00fdm v\u00fdh\u013eadom. Zavolajte n\u00e1m \u260e +421 940 904 184 pre individu\u00e1lnu pomoc.\" \/>\n<meta property=\"og:url\" content=\"https:\/\/transfereurope.com\/sk\/lyziarske-transfery\/transfery-z-letiska-katowice-do-lyziarskych-stredisk\/transfer-z-letiska-katowice-do-lyziarskeho-strediska-harrachov\/\" \/>\n<meta property=\"og:site_name\" content=\"transfereurope\" \/>\n<meta property=\"og:image\" content=\"https:\/\/transfereurope.com\/wp-content\/uploads\/2025\/08\/Katowice-Airport-to-Harrachov-2-1.png\" \/>\n\t<meta property=\"og:image:width\" content=\"940\" \/>\n\t<meta property=\"og:image:height\" content=\"788\" \/>\n\t<meta property=\"og:image:type\" content=\"image\/png\" \/>\n<meta name=\"twitter:card\" content=\"summary_large_image\" \/>\n<meta name=\"twitter:label1\" content=\"Predpokladan\u00fd \u010das \u010d\u00edtania\" \/>\n\t<meta name=\"twitter:data1\" content=\"3 min\u00faty\" \/>\n<script type=\"application\/ld+json\" class=\"yoast-schema-graph\">{\"@context\":\"https:\/\/schema.org\",\"@graph\":[{\"@type\":\"WebPage\",\"@id\":\"https:\/\/transfereurope.com\/sk\/lyziarske-transfery\/transfery-z-letiska-katowice-do-lyziarskych-stredisk\/transfer-z-letiska-katowice-do-lyziarskeho-strediska-harrachov\/\",\"url\":\"https:\/\/transfereurope.com\/sk\/lyziarske-transfery\/transfery-z-letiska-katowice-do-lyziarskych-stredisk\/transfer-z-letiska-katowice-do-lyziarskeho-strediska-harrachov\/\",\"name\":\"Transfer z letiska Katowice Airport do ly\u017eiarskeho strediska Harrachov\",\"isPartOf\":{\"@id\":\"https:\/\/transfereurope.com\/sk\/#website\"},\"primaryImageOfPage\":{\"@id\":\"https:\/\/transfereurope.com\/sk\/lyziarske-transfery\/transfery-z-letiska-katowice-do-lyziarskych-stredisk\/transfer-z-letiska-katowice-do-lyziarskeho-strediska-harrachov\/#primaryimage\"},\"image\":{\"@id\":\"https:\/\/transfereurope.com\/sk\/lyziarske-transfery\/transfery-z-letiska-katowice-do-lyziarskych-stredisk\/transfer-z-letiska-katowice-do-lyziarskeho-strediska-harrachov\/#primaryimage\"},\"thumbnailUrl\":\"https:\/\/transfereurope.com\/wp-content\/uploads\/2025\/08\/Katowice-Airport-to-Harrachov-2-1.png\",\"datePublished\":\"2025-08-06T05:57:36+00:00\",\"description\":\"Za\u017eite transfery z letiska Katovice do ly\u017eiarskeho strediska Harrachov. Rezervujte si e\u0161te dnes a u\u017eite si cestovanie bez stresu s malebn\u00fdm v\u00fdh\u013eadom. Zavolajte n\u00e1m \u260e +421 940 904 184 pre individu\u00e1lnu pomoc.\",\"breadcrumb\":{\"@id\":\"https:\/\/transfereurope.com\/sk\/lyziarske-transfery\/transfery-z-letiska-katowice-do-lyziarskych-stredisk\/transfer-z-letiska-katowice-do-lyziarskeho-strediska-harrachov\/#breadcrumb\"},\"inLanguage\":\"sk-SK\",\"potentialAction\":[{\"@type\":\"ReadAction\",\"target\":[\"https:\/\/transfereurope.com\/sk\/lyziarske-transfery\/transfery-z-letiska-katowice-do-lyziarskych-stredisk\/transfer-z-letiska-katowice-do-lyziarskeho-strediska-harrachov\/\"]}]},{\"@type\":\"ImageObject\",\"inLanguage\":\"sk-SK\",\"@id\":\"https:\/\/transfereurope.com\/sk\/lyziarske-transfery\/transfery-z-letiska-katowice-do-lyziarskych-stredisk\/transfer-z-letiska-katowice-do-lyziarskeho-strediska-harrachov\/#primaryimage\",\"url\":\"https:\/\/transfereurope.com\/wp-content\/uploads\/2025\/08\/Katowice-Airport-to-Harrachov-2-1.png\",\"contentUrl\":\"https:\/\/transfereurope.com\/wp-content\/uploads\/2025\/08\/Katowice-Airport-to-Harrachov-2-1.png\",\"width\":940,\"height\":788},{\"@type\":\"BreadcrumbList\",\"@id\":\"https:\/\/transfereurope.com\/sk\/lyziarske-transfery\/transfery-z-letiska-katowice-do-lyziarskych-stredisk\/transfer-z-letiska-katowice-do-lyziarskeho-strediska-harrachov\/#breadcrumb\",\"itemListElement\":[{\"@type\":\"ListItem\",\"position\":1,\"name\":\"Home\",\"item\":\"https:\/\/transfereurope.com\/sk\/\"},{\"@type\":\"ListItem\",\"position\":2,\"name\":\"Transfer z letiska Katowice do ly\u017eiarskeho strediska Harrachov\"}]},{\"@type\":\"WebSite\",\"@id\":\"https:\/\/transfereurope.com\/sk\/#website\",\"url\":\"https:\/\/transfereurope.com\/sk\/\",\"name\":\"transfereurope\",\"description\":\"\",\"publisher\":{\"@id\":\"https:\/\/transfereurope.com\/sk\/#organization\"},\"potentialAction\":[{\"@type\":\"SearchAction\",\"target\":{\"@type\":\"EntryPoint\",\"urlTemplate\":\"https:\/\/transfereurope.com\/sk\/?s={search_term_string}\"},\"query-input\":{\"@type\":\"PropertyValueSpecification\",\"valueRequired\":true,\"valueName\":\"search_term_string\"}}],\"inLanguage\":\"sk-SK\"},{\"@type\":\"Organization\",\"@id\":\"https:\/\/transfereurope.com\/sk\/#organization\",\"name\":\"transfereurope\",\"url\":\"https:\/\/transfereurope.com\/sk\/\",\"logo\":{\"@type\":\"ImageObject\",\"inLanguage\":\"sk-SK\",\"@id\":\"https:\/\/transfereurope.com\/sk\/#\/schema\/logo\/image\/\",\"url\":\"https:\/\/transfereurope.com\/wp-content\/uploads\/2025\/08\/TRANSFERS-1655.png\",\"contentUrl\":\"https:\/\/transfereurope.com\/wp-content\/uploads\/2025\/08\/TRANSFERS-1655.png\",\"width\":500,\"height\":274,\"caption\":\"transfereurope\"},\"image\":{\"@id\":\"https:\/\/transfereurope.com\/sk\/#\/schema\/logo\/image\/\"}}]}<\/script>\n<!-- \/ Yoast SEO plugin. -->","yoast_head_json":{"title":"Transfer z letiska Katowice Airport do ly\u017eiarskeho strediska Harrachov","description":"Za\u017eite transfery z letiska Katovice do ly\u017eiarskeho strediska Harrachov. Rezervujte si e\u0161te dnes a u\u017eite si cestovanie bez stresu s malebn\u00fdm v\u00fdh\u013eadom. Zavolajte n\u00e1m \u260e +421 940 904 184 pre individu\u00e1lnu pomoc.","robots":{"index":"index","follow":"follow","max-snippet":"max-snippet:-1","max-image-preview":"max-image-preview:large","max-video-preview":"max-video-preview:-1"},"canonical":"https:\/\/transfereurope.com\/sk\/lyziarske-transfery\/transfery-z-letiska-katowice-do-lyziarskych-stredisk\/transfer-z-letiska-katowice-do-lyziarskeho-strediska-harrachov\/","og_locale":"sk_SK","og_type":"article","og_title":"Transfer z letiska Katowice Airport do ly\u017eiarskeho strediska Harrachov","og_description":"Za\u017eite transfery z letiska Katovice do ly\u017eiarskeho strediska Harrachov. Rezervujte si e\u0161te dnes a u\u017eite si cestovanie bez stresu s malebn\u00fdm v\u00fdh\u013eadom. Zavolajte n\u00e1m \u260e +421 940 904 184 pre individu\u00e1lnu pomoc.","og_url":"https:\/\/transfereurope.com\/sk\/lyziarske-transfery\/transfery-z-letiska-katowice-do-lyziarskych-stredisk\/transfer-z-letiska-katowice-do-lyziarskeho-strediska-harrachov\/","og_site_name":"transfereurope","og_image":[{"width":940,"height":788,"url":"https:\/\/transfereurope.com\/wp-content\/uploads\/2025\/08\/Katowice-Airport-to-Harrachov-2-1.png","type":"image\/png"}],"twitter_card":"summary_large_image","twitter_misc":{"Predpokladan\u00fd \u010das \u010d\u00edtania":"3 min\u00faty"},"schema":{"@context":"https:\/\/schema.org","@graph":[{"@type":"WebPage","@id":"https:\/\/transfereurope.com\/sk\/lyziarske-transfery\/transfery-z-letiska-katowice-do-lyziarskych-stredisk\/transfer-z-letiska-katowice-do-lyziarskeho-strediska-harrachov\/","url":"https:\/\/transfereurope.com\/sk\/lyziarske-transfery\/transfery-z-letiska-katowice-do-lyziarskych-stredisk\/transfer-z-letiska-katowice-do-lyziarskeho-strediska-harrachov\/","name":"Transfer z letiska Katowice Airport do ly\u017eiarskeho strediska Harrachov","isPartOf":{"@id":"https:\/\/transfereurope.com\/sk\/#website"},"primaryImageOfPage":{"@id":"https:\/\/transfereurope.com\/sk\/lyziarske-transfery\/transfery-z-letiska-katowice-do-lyziarskych-stredisk\/transfer-z-letiska-katowice-do-lyziarskeho-strediska-harrachov\/#primaryimage"},"image":{"@id":"https:\/\/transfereurope.com\/sk\/lyziarske-transfery\/transfery-z-letiska-katowice-do-lyziarskych-stredisk\/transfer-z-letiska-katowice-do-lyziarskeho-strediska-harrachov\/#primaryimage"},"thumbnailUrl":"https:\/\/transfereurope.com\/wp-content\/uploads\/2025\/08\/Katowice-Airport-to-Harrachov-2-1.png","datePublished":"2025-08-06T05:57:36+00:00","description":"Za\u017eite transfery z letiska Katovice do ly\u017eiarskeho strediska Harrachov. Rezervujte si e\u0161te dnes a u\u017eite si cestovanie bez stresu s malebn\u00fdm v\u00fdh\u013eadom. Zavolajte n\u00e1m \u260e +421 940 904 184 pre individu\u00e1lnu pomoc.","breadcrumb":{"@id":"https:\/\/transfereurope.com\/sk\/lyziarske-transfery\/transfery-z-letiska-katowice-do-lyziarskych-stredisk\/transfer-z-letiska-katowice-do-lyziarskeho-strediska-harrachov\/#breadcrumb"},"inLanguage":"sk-SK","potentialAction":[{"@type":"ReadAction","target":["https:\/\/transfereurope.com\/sk\/lyziarske-transfery\/transfery-z-letiska-katowice-do-lyziarskych-stredisk\/transfer-z-letiska-katowice-do-lyziarskeho-strediska-harrachov\/"]}]},{"@type":"ImageObject","inLanguage":"sk-SK","@id":"https:\/\/transfereurope.com\/sk\/lyziarske-transfery\/transfery-z-letiska-katowice-do-lyziarskych-stredisk\/transfer-z-letiska-katowice-do-lyziarskeho-strediska-harrachov\/#primaryimage","url":"https:\/\/transfereurope.com\/wp-content\/uploads\/2025\/08\/Katowice-Airport-to-Harrachov-2-1.png","contentUrl":"https:\/\/transfereurope.com\/wp-content\/uploads\/2025\/08\/Katowice-Airport-to-Harrachov-2-1.png","width":940,"height":788},{"@type":"BreadcrumbList","@id":"https:\/\/transfereurope.com\/sk\/lyziarske-transfery\/transfery-z-letiska-katowice-do-lyziarskych-stredisk\/transfer-z-letiska-katowice-do-lyziarskeho-strediska-harrachov\/#breadcrumb","itemListElement":[{"@type":"ListItem","position":1,"name":"Home","item":"https:\/\/transfereurope.com\/sk\/"},{"@type":"ListItem","position":2,"name":"Transfer z letiska Katowice do ly\u017eiarskeho strediska Harrachov"}]},{"@type":"WebSite","@id":"https:\/\/transfereurope.com\/sk\/#website","url":"https:\/\/transfereurope.com\/sk\/","name":"transfereurope","description":"","publisher":{"@id":"https:\/\/transfereurope.com\/sk\/#organization"},"potentialAction":[{"@type":"SearchAction","target":{"@type":"EntryPoint","urlTemplate":"https:\/\/transfereurope.com\/sk\/?s={search_term_string}"},"query-input":{"@type":"PropertyValueSpecification","valueRequired":true,"valueName":"search_term_string"}}],"inLanguage":"sk-SK"},{"@type":"Organization","@id":"https:\/\/transfereurope.com\/sk\/#organization","name":"transfereurope","url":"https:\/\/transfereurope.com\/sk\/","logo":{"@type":"ImageObject","inLanguage":"sk-SK","@id":"https:\/\/transfereurope.com\/sk\/#\/schema\/logo\/image\/","url":"https:\/\/transfereurope.com\/wp-content\/uploads\/2025\/08\/TRANSFERS-1655.png","contentUrl":"https:\/\/transfereurope.com\/wp-content\/uploads\/2025\/08\/TRANSFERS-1655.png","width":500,"height":274,"caption":"transfereurope"},"image":{"@id":"https:\/\/transfereurope.com\/sk\/#\/schema\/logo\/image\/"}}]}},"_links":{"self":[{"href":"https:\/\/transfereurope.com\/sk\/wp-json\/wp\/v2\/pages\/95235","targetHints":{"allow":["GET"]}}],"collection":[{"href":"https:\/\/transfereurope.com\/sk\/wp-json\/wp\/v2\/pages"}],"about":[{"href":"https:\/\/transfereurope.com\/sk\/wp-json\/wp\/v2\/types\/page"}],"author":[{"embeddable":true,"href":"https:\/\/transfereurope.com\/sk\/wp-json\/wp\/v2\/users\/1"}],"replies":[{"embeddable":true,"href":"https:\/\/transfereurope.com\/sk\/wp-json\/wp\/v2\/comments?post=95235"}],"version-history":[{"count":0,"href":"https:\/\/transfereurope.com\/sk\/wp-json\/wp\/v2\/pages\/95235\/revisions"}],"up":[{"embeddable":true,"href":"https:\/\/transfereurope.com\/sk\/wp-json\/wp\/v2\/pages\/20907"}],"wp:featuredmedia":[{"embeddable":true,"href":"https:\/\/transfereurope.com\/sk\/wp-json\/wp\/v2\/media\/95236"}],"wp:attachment":[{"href":"https:\/\/transfereurope.com\/sk\/wp-json\/wp\/v2\/media?parent=95235"}],"curies":[{"name":"wp","href":"https:\/\/api.w.org\/{rel}","templated":true}]}}