{"id":95124,"date":"2025-08-06T05:54:55","date_gmt":"2025-08-06T05:54:55","guid":{"rendered":"https:\/\/transfereurope.com\/transfer-z-letiska-katowice-airport-do-lyziarskeho-strediska-rokytnice-nad-jizerou\/"},"modified":"2025-08-06T05:54:55","modified_gmt":"2025-08-06T05:54:55","slug":"transfer-z-letiska-katowice-airport-do-lyziarskeho-strediska-rokytnice-nad-jizerou","status":"publish","type":"page","link":"https:\/\/transfereurope.com\/sk\/lyziarske-transfery\/transfery-z-letiska-katowice-do-lyziarskych-stredisk\/transfer-z-letiska-katowice-airport-do-lyziarskeho-strediska-rokytnice-nad-jizerou\/","title":{"rendered":"Transfer z letiska Katowice Airport do ly\u017eiarskeho strediska Rokytnice nad Jizerou"},"content":{"rendered":"\n<div id=\"t4-masthead\" class=\"t4-section  t4-masthead\">\n<div class=\"t4-col text-center\">\n<div class=\"ja-masthead\" >\n<div class=\"ja-masthead-detail\">\n<h1 class=\"ja-masthead-title\">Transfer z letiska Katowice Airport do ly\u017eiarskeho strediska Rokytnice nad Jizerou<\/h1>\n<p>                 <!---->            <\/p>\n<div class=\"block-breadcrumb\">                       <\/div>\n<\/p><\/div>\n<\/p><\/div>\n<pre><\/pre>\n<\/div>\n<\/div>\n<div id=\"t4-main-body\" class=\"t4-section  t4-main-body\" role=\"main body\">\n<div class=\"t4-section-inner container\">\n<div class=\"t4-row row\">\n<div class=\"t4-col col-12 col-xl\">\n<div id=\"system-message-container\"> \t<\/div>\n<div class=\"com-content-article item-page view-tour-detail\">\n<div class=\"tour-top-info clearfix\">\n<div class=\"pull-left\">\n<div class=\"category-article-dot\">\n<div class=\"category-name\"> \t\t\t\t\t<a href=\"\/sk\/lyziarske-transfery\/transfery-z-letiska-katowice-do-lyziarskych-stredisk\" itemprop=\"genre\">Transfery z letiska Katowice do ly\u017eiarskych stred\u00edsk<\/a> \t\t\t\t<\/div>\n<\/p><\/div>\n<\/p><\/div>\n<div class=\"pull-right\">\n<div class=\"text-danger tour-price\"> \t\t\t\t\t\t<a href=\"\/sk\/rezervovat-transfer\">Rezervova\u0165<\/a><\/div>\n<\/p><\/div>\n<\/p><\/div>\n<p>  \t <!--\t-->  \t<\/p>\n<div class=\"vm-product-container\">\n<figure class=\"pull-left item-image\">\n<div class=\"main-image\"> \t\t<a  rel='vm-additional-images' href=\"\/images\/virtuemart\/product\/Katowice Airport to Rokytnice nad Jizerou.png\"><img decoding=\"async\"  loading=\"lazy\"  src=\"\/wp-content\/uploads\/2025\/08\/Katowice-Airport-to-Rokytnice-nad-Jizerou-2.png\"  \/><\/a>\t\t<\/p>\n<div class=\"clear\"><\/div>\n<\/p><\/div>\n<\/figure>\n<div class=\"vm-product-details-container\">\n<div class=\"spacer-buy-area\">    \t\t \t\t<\/div>\n<\/p><\/div>\n<div class=\"clear\"><\/div>\n<\/p><\/div>\n<div class=\"product-description\" >\n<h2 style=\"text-align: center;\">Transfer z letiska Katowice do Rokytnice nad Jizerou: Vydajte sa za sne\u017en\u00fdm dobrodru\u017estvom<\/h2>\n<p>Za\u010dnite svoj ly\u017eiarsky v\u00fdlet do Rokytnice nad Jizerou, \u00fachvatn\u00e9ho ly\u017eiarskeho strediska v \u010desk\u00fdch Krkono\u0161iach, s na\u0161ou efekt\u00edvnou dopravou z letiska Katovice. Rokytnice nad Jizerou so svojou malebnos\u0165ou a rozmanit\u00fdmi mo\u017enos\u0165ami ly\u017eovania s\u00fa rajom pre za\u010d\u00ednaj\u00facich aj pokro\u010dil\u00fdch ly\u017eiarov. Pon\u00faka rozmanit\u00e9 zjazdovky a je presl\u00e1ven\u00e1 vynikaj\u00facimi snehov\u00fdmi podmienkami a \u00fatulnou horskou atmosf\u00e9rou. Stredisko sa nach\u00e1dza pribli\u017ene 340 kilometrov od letiska v Katoviciach a je dostupn\u00e9 pribli\u017ene za 4 hodiny, \u010do predstavuje malebn\u00fa a pohodln\u00fa cestu do jednej z najob\u013e\u00fabenej\u0161\u00edch ly\u017eiarskych destin\u00e1ci\u00ed v \u010ceskej republike.<\/p>\n<p style=\"text-align: center;\"><a class=\"btn btn-primary\" href=\"\/sk\/rezervovat-transfer-z-na-letisko\">Rezervova\u0165<\/a><img decoding=\"async\" style=\"text-align: left; font-size: 12.16px;\" src=\"\/wp-content\/uploads\/2025\/08\/Katowice_Airport_to_Rokytnice_nad_Jizerou_Ski_Transfer_Service-1-scaled.jpg\" alt=\"\" \/><\/p>\n<h3 style=\"text-align: left;\">Pre\u010do si pre svoj ly\u017eiarsky transfer do Rokytnice nad Jizerou vybra\u0165 Transfer Europe?<\/h3>\n<p>V\u00fdber Transfer Europe pre va\u0161u cestu do Rokytnice nad Jizerou prin\u00e1\u0161a viacero v\u00fdhod:<\/p>\n<ul>\n<li><strong>Cenovo dostupn\u00e1 kvalita:<\/strong> Pr\u00edstup k \u0161pi\u010dkov\u00fdm slu\u017eb\u00e1m bez za\u0165a\u017eenia v\u00e1\u0161ho rozpo\u010dtu.<\/li>\n<li><strong>Modern\u00fd vozov\u00fd park:<\/strong> Za\u017eite bezpe\u010dn\u00fa, pohodln\u00fa a pr\u00edjemn\u00fa jazdu v na\u0161ich najnov\u0161\u00edch vozidl\u00e1ch.<\/li>\n<li><strong>Priestrann\u00e9 pre ly\u017eiarske vybavenie:<\/strong> Vyu\u017eite ve\u013ekorys\u00fd bato\u017einov\u00fd priestor na ly\u017eiarske vybavenie a pohodov\u00fa kab\u00ednu pre cestuj\u00facich.<\/li>\n<li><strong>Mo\u017enosti vhodn\u00e9 pre rodiny:<\/strong> Na zaistenie bezpe\u010dnosti a pohodlia mal\u00fdch cestuj\u00facich s\u00fa k dispoz\u00edcii detsk\u00e9 seda\u010dky.<\/li>\n<li><strong>Znal\u00ed vodi\u010di:<\/strong> Na\u0161i vodi\u010di s\u00fa odborn\u00edci na miestne trasy, \u010do zaru\u010duje bezpe\u010dn\u00fa a efekt\u00edvnu cestu.<\/li>\n<li><strong>Spo\u013eahliv\u00e1 slu\u017eba \u010dakania na letisku:<\/strong> Na\u0161i vodi\u010di na v\u00e1s po\u010dkaj\u00fa bez dodato\u010dn\u00fdch n\u00e1kladov.<\/li>\n<li><strong>Z\u00e1\u017eitok z cesty na mieru:<\/strong> Vy\u017eiadajte si zast\u00e1vky na ob\u010derstvenie alebo na vychutnanie si malebn\u00fdch v\u00fdh\u013eadov, aby bola cesta rovnako pr\u00edjemn\u00e1 ako cie\u013e.<\/li>\n<\/ul>\n<p style=\"text-align: center;\"><a class=\"btn btn-primary\" href=\"\/sk\/rezervovat-transfer-z-na-letisko\">Rezervova\u0165<\/a><\/p>\n<p style=\"text-align: left;\"><img decoding=\"async\" src=\"\/wp-content\/uploads\/2025\/08\/Katowice_Airport_to_Rokytnice_nad_Jizerou_Ski_Transfer_Service-1.png\" alt=\"\" \/><\/p>\n<h3><a href=\"\/sk\/vozovy-park\">Na\u0161a rozmanit\u00e1 flotila<\/a> pre va\u0161u cestu z letiska Katowice do Rokytnice nad Jizerou<\/h3>\n<p>Vyberte si dokonal\u00e9 vozidlo pre svoje ly\u017eiarske dobrodru\u017estvo:<\/p>\n<ul>\n<li><strong>Minivany:<\/strong> Ide\u00e1lne pre skupiny alebo rodiny, pon\u00fakaj\u00fa dostatok priestoru pre cestuj\u00facich a v\u0161etko ly\u017eiarske vybavenie.<\/li>\n<li><strong>Jeepy:<\/strong> Skvele sa hodia na prekon\u00e1vanie zimnej krajiny a zabezpe\u010duj\u00fa bezpe\u010dn\u00fa a pohodln\u00fa cestu.<\/li>\n<li><strong>Luxusn\u00e9 vozidl\u00e1:<\/strong> Na ceste na zjazdovku si m\u00f4\u017eete dopria\u0165 prvok luxusu v\u010faka na\u0161im luxusn\u00fdm vozidl\u00e1m, ktor\u00e9 v\u00e1m poskytn\u00fa pokojn\u00e9 prostredie na relax\u00e1ciu.<\/li>\n<\/ul>\n<h3>Rezervujte si transfer z Katowice na ly\u017eiarske stredisko Rokytnice nad Jizerou u\u017e teraz<\/h3>\n<p>Ste pripraven\u00ed vyrazi\u0165 na svahy v Rokytnici nad Jizerou? Zabezpe\u010dte si transfer jednoducho pomocou n\u00e1\u0161ho online rezerva\u010dn\u00e9ho formul\u00e1ra. Ak chcete individu\u00e1lnej\u0161ie slu\u017eby, nev\u00e1hajte n\u00e1s kontaktova\u0165 cez WhatsApp, Telegram alebo priamo telefonicky. Vyberte si Transfer Europe pre bezprobl\u00e9mov\u00fd a pr\u00edjemn\u00fd za\u010diatok va\u0161ej ly\u017eiarskej dovolenky. Rezervujte si teraz a vst\u00fapte do sveta zasne\u017een\u00fdch dobrodru\u017estiev a ly\u017eiarskych z\u00e1\u017eitkov.<\/p>\n<p style=\"text-align: center;\"><a class=\"btn btn-primary\" href=\"\/sk\/rezervovat-transfer-z-na-letisko\">Rezervova\u0165<\/a><\/p>\n<\/p><\/div>\n<div class=\"product-price-container\">\n<div class=\"sale-price\"> \t\t<\/div>\n<\/p><\/div>\n<div class=\"options\"><\/div>\n<div> \t\t<\/div>\n<p>   \t        <script type=\"text\/javascript\" ><\/script>  <script type=\"text\/javascript\" ><\/script> <script type=\"text\/javascript\" ><\/script>  <script type=\"text\/javascript\" ><\/script> <script type=\"text\/javascript\" ><\/script> <script type=\"text\/javascript\" ><\/script> <script type=\"text\/javascript\" ><\/script> <\/div>\n<p> \t\t<!-- \u041f\u043b\u0430\u0433\u0438\u043d \u0440\u0435\u0439\u0442\u0438\u043d\u0433\u0430 --> <\/p>\n<div class=\"vrvote-body\">\n<ul class=\"vrvote-ul\">\n<li id=\"rating_202\" class=\"current-rating\" style=\"width:100.00%;\"><\/li>\n<li> \t\t\t\t\t\t<a class=\"vr-one-star\" onclick=\"javascript:JSVRvote(202,1,20,4,0)\" href=\"javascript:void(null)\">1<\/a> \t\t\t\t\t<\/li>\n<li> \t\t\t\t\t\t<a class=\"vr-two-stars\" onclick=\"javascript:JSVRvote(202,2,20,4,0)\" href=\"javascript:void(null)\">2<\/a> \t\t\t\t\t<\/li>\n<li> \t\t\t\t\t\t<a class=\"vr-three-stars\" onclick=\"javascript:JSVRvote(202,3,20,4,0)\" href=\"javascript:void(null)\">3<\/a> \t\t\t\t\t<\/li>\n<li> \t\t\t\t\t\t<a class=\"vr-four-stars\" onclick=\"javascript:JSVRvote(202,4,20,4,0)\" href=\"javascript:void(null)\">4<\/a> \t\t\t\t\t<\/li>\n<li> \t\t\t\t\t\t<a class=\"vr-five-stars\" onclick=\"javascript:JSVRvote(202,5,20,4,0)\" href=\"javascript:void(null)\">5<\/a> \t\t\t\t\t<\/li>\n<\/ul><\/div>\n<p> \t\t\t<span id=\"vrvote_202\" class=\"vrvote-count\"><small><\/small><\/span>\t<\/span><script type=\"application\/ld+json\"><\/script>   <\/div>\n<div class=\"t4-col sidebar-r col-12 col-xl-4\">\n<div class=\"t4-module module\" id=\"Mod306\">\n<div class=\"module-inner\">\n<div class=\"module-ct\">\n<div class=\"bannergroup\">\n<div class=\"banneritem\"> \t\t\t\t\t\t\t\t\t\t\t\t\t\t\t\t\t\t\t\t\t\t\t\t\t\t\t\t\t\t\t\t\t\t\t\t\t\t\t\t\t\t\t\t\t\t\t\t\t\t<img \t\t\t\t\t\tsrc=\"\/wp-content\/uploads\/2025\/08\/banner-transfer-europe-sk-564.png\" \t\t\t\t\t\talt=\"Banner-sk\" \t\t\t\t\t\t\t\t\t\t\t\t\t\t\t\t\t\/> \t\t\t\t\t\t\t\t\t\t\t<\/p>\n<div class=\"clr\"><\/div>\n<\/p><\/div>\n<\/p><\/div>\n<\/p><\/div>\n<\/div>\n<\/div><\/div>\n<\/p><\/div>\n<\/div><\/div>\n<div id=\"t4-section-8\" class=\"t4-section  t4-section-8  section-border-top\" role=\"section-8\">\n<div class=\"bg-overlay bg-overlay-image\">&nbsp;<\/div>\n<\/p><\/div>\n<p>  <a href='javascript:' id='back-to-top'><i class='fa fa-chevron-up'><\/i><\/a>                <\/p>\n","protected":false},"excerpt":{"rendered":"<p>Transfer z letiska Katowice Airport do ly\u017eiarskeho strediska Rokytnice nad Jizerou Transfery z letiska Katowice do ly\u017eiarskych stred\u00edsk Rezervova\u0165 Transfer z letiska Katowice do Rokytnice nad Jizerou: Vydajte sa za sne\u017en\u00fdm dobrodru\u017estvom Za\u010dnite svoj ly\u017eiarsky v\u00fdlet do Rokytnice nad Jizerou, \u00fachvatn\u00e9ho ly\u017eiarskeho strediska v \u010desk\u00fdch Krkono\u0161iach, s na\u0161ou efekt\u00edvnou dopravou z letiska Katovice. Rokytnice nad [&hellip;]<\/p>\n","protected":false},"author":1,"featured_media":95125,"parent":20907,"menu_order":0,"comment_status":"closed","ping_status":"closed","template":"","meta":{"footnotes":""},"class_list":["post-95124","page","type-page","status-publish","has-post-thumbnail","hentry"],"yoast_head":"<!-- This site is optimized with the Yoast SEO plugin v25.6 - https:\/\/yoast.com\/wordpress\/plugins\/seo\/ -->\n<title>Transfer z letiska Katowice do ly\u017eiarskeho strediska Rokytnice nad Jizerou<\/title>\n<meta name=\"description\" content=\"Za\u017eite transfery z letiska Katowice do Rokytnice nad Jizerou Ski. Rezervujte si e\u0161te dnes a u\u017eite si cestovanie bez stresu s malebn\u00fdm v\u00fdh\u013eadom. Zavolajte n\u00e1m \u260e +421 940 904 184 pre individu\u00e1lnu pomoc.\" \/>\n<meta name=\"robots\" content=\"index, follow, max-snippet:-1, max-image-preview:large, max-video-preview:-1\" \/>\n<link rel=\"canonical\" href=\"https:\/\/transfereurope.com\/sk\/lyziarske-transfery\/transfery-z-letiska-katowice-do-lyziarskych-stredisk\/transfer-z-letiska-katowice-airport-do-lyziarskeho-strediska-rokytnice-nad-jizerou\/\" \/>\n<meta property=\"og:locale\" content=\"sk_SK\" \/>\n<meta property=\"og:type\" content=\"article\" \/>\n<meta property=\"og:title\" content=\"Transfer z letiska Katowice do ly\u017eiarskeho strediska Rokytnice nad Jizerou\" \/>\n<meta property=\"og:description\" content=\"Za\u017eite transfery z letiska Katowice do Rokytnice nad Jizerou Ski. Rezervujte si e\u0161te dnes a u\u017eite si cestovanie bez stresu s malebn\u00fdm v\u00fdh\u013eadom. Zavolajte n\u00e1m \u260e +421 940 904 184 pre individu\u00e1lnu pomoc.\" \/>\n<meta property=\"og:url\" content=\"https:\/\/transfereurope.com\/sk\/lyziarske-transfery\/transfery-z-letiska-katowice-do-lyziarskych-stredisk\/transfer-z-letiska-katowice-airport-do-lyziarskeho-strediska-rokytnice-nad-jizerou\/\" \/>\n<meta property=\"og:site_name\" content=\"transfereurope\" \/>\n<meta property=\"og:image\" content=\"https:\/\/transfereurope.com\/wp-content\/uploads\/2025\/08\/Katowice-Airport-to-Rokytnice-nad-Jizerou-2-1.png\" \/>\n\t<meta property=\"og:image:width\" content=\"940\" \/>\n\t<meta property=\"og:image:height\" content=\"788\" \/>\n\t<meta property=\"og:image:type\" content=\"image\/png\" \/>\n<meta name=\"twitter:card\" content=\"summary_large_image\" \/>\n<meta name=\"twitter:label1\" content=\"Predpokladan\u00fd \u010das \u010d\u00edtania\" \/>\n\t<meta name=\"twitter:data1\" content=\"3 min\u00faty\" \/>\n<script type=\"application\/ld+json\" class=\"yoast-schema-graph\">{\"@context\":\"https:\/\/schema.org\",\"@graph\":[{\"@type\":\"WebPage\",\"@id\":\"https:\/\/transfereurope.com\/sk\/lyziarske-transfery\/transfery-z-letiska-katowice-do-lyziarskych-stredisk\/transfer-z-letiska-katowice-airport-do-lyziarskeho-strediska-rokytnice-nad-jizerou\/\",\"url\":\"https:\/\/transfereurope.com\/sk\/lyziarske-transfery\/transfery-z-letiska-katowice-do-lyziarskych-stredisk\/transfer-z-letiska-katowice-airport-do-lyziarskeho-strediska-rokytnice-nad-jizerou\/\",\"name\":\"Transfer z letiska Katowice do ly\u017eiarskeho strediska Rokytnice nad Jizerou\",\"isPartOf\":{\"@id\":\"https:\/\/transfereurope.com\/sk\/#website\"},\"primaryImageOfPage\":{\"@id\":\"https:\/\/transfereurope.com\/sk\/lyziarske-transfery\/transfery-z-letiska-katowice-do-lyziarskych-stredisk\/transfer-z-letiska-katowice-airport-do-lyziarskeho-strediska-rokytnice-nad-jizerou\/#primaryimage\"},\"image\":{\"@id\":\"https:\/\/transfereurope.com\/sk\/lyziarske-transfery\/transfery-z-letiska-katowice-do-lyziarskych-stredisk\/transfer-z-letiska-katowice-airport-do-lyziarskeho-strediska-rokytnice-nad-jizerou\/#primaryimage\"},\"thumbnailUrl\":\"https:\/\/transfereurope.com\/wp-content\/uploads\/2025\/08\/Katowice-Airport-to-Rokytnice-nad-Jizerou-2-1.png\",\"datePublished\":\"2025-08-06T05:54:55+00:00\",\"description\":\"Za\u017eite transfery z letiska Katowice do Rokytnice nad Jizerou Ski. Rezervujte si e\u0161te dnes a u\u017eite si cestovanie bez stresu s malebn\u00fdm v\u00fdh\u013eadom. Zavolajte n\u00e1m \u260e +421 940 904 184 pre individu\u00e1lnu pomoc.\",\"breadcrumb\":{\"@id\":\"https:\/\/transfereurope.com\/sk\/lyziarske-transfery\/transfery-z-letiska-katowice-do-lyziarskych-stredisk\/transfer-z-letiska-katowice-airport-do-lyziarskeho-strediska-rokytnice-nad-jizerou\/#breadcrumb\"},\"inLanguage\":\"sk-SK\",\"potentialAction\":[{\"@type\":\"ReadAction\",\"target\":[\"https:\/\/transfereurope.com\/sk\/lyziarske-transfery\/transfery-z-letiska-katowice-do-lyziarskych-stredisk\/transfer-z-letiska-katowice-airport-do-lyziarskeho-strediska-rokytnice-nad-jizerou\/\"]}]},{\"@type\":\"ImageObject\",\"inLanguage\":\"sk-SK\",\"@id\":\"https:\/\/transfereurope.com\/sk\/lyziarske-transfery\/transfery-z-letiska-katowice-do-lyziarskych-stredisk\/transfer-z-letiska-katowice-airport-do-lyziarskeho-strediska-rokytnice-nad-jizerou\/#primaryimage\",\"url\":\"https:\/\/transfereurope.com\/wp-content\/uploads\/2025\/08\/Katowice-Airport-to-Rokytnice-nad-Jizerou-2-1.png\",\"contentUrl\":\"https:\/\/transfereurope.com\/wp-content\/uploads\/2025\/08\/Katowice-Airport-to-Rokytnice-nad-Jizerou-2-1.png\",\"width\":940,\"height\":788},{\"@type\":\"BreadcrumbList\",\"@id\":\"https:\/\/transfereurope.com\/sk\/lyziarske-transfery\/transfery-z-letiska-katowice-do-lyziarskych-stredisk\/transfer-z-letiska-katowice-airport-do-lyziarskeho-strediska-rokytnice-nad-jizerou\/#breadcrumb\",\"itemListElement\":[{\"@type\":\"ListItem\",\"position\":1,\"name\":\"Home\",\"item\":\"https:\/\/transfereurope.com\/sk\/\"},{\"@type\":\"ListItem\",\"position\":2,\"name\":\"Transfer z letiska Katowice Airport do ly\u017eiarskeho strediska Rokytnice nad Jizerou\"}]},{\"@type\":\"WebSite\",\"@id\":\"https:\/\/transfereurope.com\/sk\/#website\",\"url\":\"https:\/\/transfereurope.com\/sk\/\",\"name\":\"transfereurope\",\"description\":\"\",\"publisher\":{\"@id\":\"https:\/\/transfereurope.com\/sk\/#organization\"},\"potentialAction\":[{\"@type\":\"SearchAction\",\"target\":{\"@type\":\"EntryPoint\",\"urlTemplate\":\"https:\/\/transfereurope.com\/sk\/?s={search_term_string}\"},\"query-input\":{\"@type\":\"PropertyValueSpecification\",\"valueRequired\":true,\"valueName\":\"search_term_string\"}}],\"inLanguage\":\"sk-SK\"},{\"@type\":\"Organization\",\"@id\":\"https:\/\/transfereurope.com\/sk\/#organization\",\"name\":\"transfereurope\",\"url\":\"https:\/\/transfereurope.com\/sk\/\",\"logo\":{\"@type\":\"ImageObject\",\"inLanguage\":\"sk-SK\",\"@id\":\"https:\/\/transfereurope.com\/sk\/#\/schema\/logo\/image\/\",\"url\":\"https:\/\/transfereurope.com\/wp-content\/uploads\/2025\/08\/TRANSFERS-1655.png\",\"contentUrl\":\"https:\/\/transfereurope.com\/wp-content\/uploads\/2025\/08\/TRANSFERS-1655.png\",\"width\":500,\"height\":274,\"caption\":\"transfereurope\"},\"image\":{\"@id\":\"https:\/\/transfereurope.com\/sk\/#\/schema\/logo\/image\/\"}}]}<\/script>\n<!-- \/ Yoast SEO plugin. -->","yoast_head_json":{"title":"Transfer z letiska Katowice do ly\u017eiarskeho strediska Rokytnice nad Jizerou","description":"Za\u017eite transfery z letiska Katowice do Rokytnice nad Jizerou Ski. Rezervujte si e\u0161te dnes a u\u017eite si cestovanie bez stresu s malebn\u00fdm v\u00fdh\u013eadom. Zavolajte n\u00e1m \u260e +421 940 904 184 pre individu\u00e1lnu pomoc.","robots":{"index":"index","follow":"follow","max-snippet":"max-snippet:-1","max-image-preview":"max-image-preview:large","max-video-preview":"max-video-preview:-1"},"canonical":"https:\/\/transfereurope.com\/sk\/lyziarske-transfery\/transfery-z-letiska-katowice-do-lyziarskych-stredisk\/transfer-z-letiska-katowice-airport-do-lyziarskeho-strediska-rokytnice-nad-jizerou\/","og_locale":"sk_SK","og_type":"article","og_title":"Transfer z letiska Katowice do ly\u017eiarskeho strediska Rokytnice nad Jizerou","og_description":"Za\u017eite transfery z letiska Katowice do Rokytnice nad Jizerou Ski. Rezervujte si e\u0161te dnes a u\u017eite si cestovanie bez stresu s malebn\u00fdm v\u00fdh\u013eadom. Zavolajte n\u00e1m \u260e +421 940 904 184 pre individu\u00e1lnu pomoc.","og_url":"https:\/\/transfereurope.com\/sk\/lyziarske-transfery\/transfery-z-letiska-katowice-do-lyziarskych-stredisk\/transfer-z-letiska-katowice-airport-do-lyziarskeho-strediska-rokytnice-nad-jizerou\/","og_site_name":"transfereurope","og_image":[{"width":940,"height":788,"url":"https:\/\/transfereurope.com\/wp-content\/uploads\/2025\/08\/Katowice-Airport-to-Rokytnice-nad-Jizerou-2-1.png","type":"image\/png"}],"twitter_card":"summary_large_image","twitter_misc":{"Predpokladan\u00fd \u010das \u010d\u00edtania":"3 min\u00faty"},"schema":{"@context":"https:\/\/schema.org","@graph":[{"@type":"WebPage","@id":"https:\/\/transfereurope.com\/sk\/lyziarske-transfery\/transfery-z-letiska-katowice-do-lyziarskych-stredisk\/transfer-z-letiska-katowice-airport-do-lyziarskeho-strediska-rokytnice-nad-jizerou\/","url":"https:\/\/transfereurope.com\/sk\/lyziarske-transfery\/transfery-z-letiska-katowice-do-lyziarskych-stredisk\/transfer-z-letiska-katowice-airport-do-lyziarskeho-strediska-rokytnice-nad-jizerou\/","name":"Transfer z letiska Katowice do ly\u017eiarskeho strediska Rokytnice nad Jizerou","isPartOf":{"@id":"https:\/\/transfereurope.com\/sk\/#website"},"primaryImageOfPage":{"@id":"https:\/\/transfereurope.com\/sk\/lyziarske-transfery\/transfery-z-letiska-katowice-do-lyziarskych-stredisk\/transfer-z-letiska-katowice-airport-do-lyziarskeho-strediska-rokytnice-nad-jizerou\/#primaryimage"},"image":{"@id":"https:\/\/transfereurope.com\/sk\/lyziarske-transfery\/transfery-z-letiska-katowice-do-lyziarskych-stredisk\/transfer-z-letiska-katowice-airport-do-lyziarskeho-strediska-rokytnice-nad-jizerou\/#primaryimage"},"thumbnailUrl":"https:\/\/transfereurope.com\/wp-content\/uploads\/2025\/08\/Katowice-Airport-to-Rokytnice-nad-Jizerou-2-1.png","datePublished":"2025-08-06T05:54:55+00:00","description":"Za\u017eite transfery z letiska Katowice do Rokytnice nad Jizerou Ski. Rezervujte si e\u0161te dnes a u\u017eite si cestovanie bez stresu s malebn\u00fdm v\u00fdh\u013eadom. Zavolajte n\u00e1m \u260e +421 940 904 184 pre individu\u00e1lnu pomoc.","breadcrumb":{"@id":"https:\/\/transfereurope.com\/sk\/lyziarske-transfery\/transfery-z-letiska-katowice-do-lyziarskych-stredisk\/transfer-z-letiska-katowice-airport-do-lyziarskeho-strediska-rokytnice-nad-jizerou\/#breadcrumb"},"inLanguage":"sk-SK","potentialAction":[{"@type":"ReadAction","target":["https:\/\/transfereurope.com\/sk\/lyziarske-transfery\/transfery-z-letiska-katowice-do-lyziarskych-stredisk\/transfer-z-letiska-katowice-airport-do-lyziarskeho-strediska-rokytnice-nad-jizerou\/"]}]},{"@type":"ImageObject","inLanguage":"sk-SK","@id":"https:\/\/transfereurope.com\/sk\/lyziarske-transfery\/transfery-z-letiska-katowice-do-lyziarskych-stredisk\/transfer-z-letiska-katowice-airport-do-lyziarskeho-strediska-rokytnice-nad-jizerou\/#primaryimage","url":"https:\/\/transfereurope.com\/wp-content\/uploads\/2025\/08\/Katowice-Airport-to-Rokytnice-nad-Jizerou-2-1.png","contentUrl":"https:\/\/transfereurope.com\/wp-content\/uploads\/2025\/08\/Katowice-Airport-to-Rokytnice-nad-Jizerou-2-1.png","width":940,"height":788},{"@type":"BreadcrumbList","@id":"https:\/\/transfereurope.com\/sk\/lyziarske-transfery\/transfery-z-letiska-katowice-do-lyziarskych-stredisk\/transfer-z-letiska-katowice-airport-do-lyziarskeho-strediska-rokytnice-nad-jizerou\/#breadcrumb","itemListElement":[{"@type":"ListItem","position":1,"name":"Home","item":"https:\/\/transfereurope.com\/sk\/"},{"@type":"ListItem","position":2,"name":"Transfer z letiska Katowice Airport do ly\u017eiarskeho strediska Rokytnice nad Jizerou"}]},{"@type":"WebSite","@id":"https:\/\/transfereurope.com\/sk\/#website","url":"https:\/\/transfereurope.com\/sk\/","name":"transfereurope","description":"","publisher":{"@id":"https:\/\/transfereurope.com\/sk\/#organization"},"potentialAction":[{"@type":"SearchAction","target":{"@type":"EntryPoint","urlTemplate":"https:\/\/transfereurope.com\/sk\/?s={search_term_string}"},"query-input":{"@type":"PropertyValueSpecification","valueRequired":true,"valueName":"search_term_string"}}],"inLanguage":"sk-SK"},{"@type":"Organization","@id":"https:\/\/transfereurope.com\/sk\/#organization","name":"transfereurope","url":"https:\/\/transfereurope.com\/sk\/","logo":{"@type":"ImageObject","inLanguage":"sk-SK","@id":"https:\/\/transfereurope.com\/sk\/#\/schema\/logo\/image\/","url":"https:\/\/transfereurope.com\/wp-content\/uploads\/2025\/08\/TRANSFERS-1655.png","contentUrl":"https:\/\/transfereurope.com\/wp-content\/uploads\/2025\/08\/TRANSFERS-1655.png","width":500,"height":274,"caption":"transfereurope"},"image":{"@id":"https:\/\/transfereurope.com\/sk\/#\/schema\/logo\/image\/"}}]}},"_links":{"self":[{"href":"https:\/\/transfereurope.com\/sk\/wp-json\/wp\/v2\/pages\/95124","targetHints":{"allow":["GET"]}}],"collection":[{"href":"https:\/\/transfereurope.com\/sk\/wp-json\/wp\/v2\/pages"}],"about":[{"href":"https:\/\/transfereurope.com\/sk\/wp-json\/wp\/v2\/types\/page"}],"author":[{"embeddable":true,"href":"https:\/\/transfereurope.com\/sk\/wp-json\/wp\/v2\/users\/1"}],"replies":[{"embeddable":true,"href":"https:\/\/transfereurope.com\/sk\/wp-json\/wp\/v2\/comments?post=95124"}],"version-history":[{"count":0,"href":"https:\/\/transfereurope.com\/sk\/wp-json\/wp\/v2\/pages\/95124\/revisions"}],"up":[{"embeddable":true,"href":"https:\/\/transfereurope.com\/sk\/wp-json\/wp\/v2\/pages\/20907"}],"wp:featuredmedia":[{"embeddable":true,"href":"https:\/\/transfereurope.com\/sk\/wp-json\/wp\/v2\/media\/95125"}],"wp:attachment":[{"href":"https:\/\/transfereurope.com\/sk\/wp-json\/wp\/v2\/media?parent=95124"}],"curies":[{"name":"wp","href":"https:\/\/api.w.org\/{rel}","templated":true}]}}