{"id":95013,"date":"2025-08-06T05:52:42","date_gmt":"2025-08-06T05:52:42","guid":{"rendered":"https:\/\/transfereurope.com\/transfer-z-letiska-katowice-airport-do-lyziarskeho-strediska-szklarska-poreba\/"},"modified":"2025-08-06T05:52:42","modified_gmt":"2025-08-06T05:52:42","slug":"transfer-z-letiska-katowice-airport-do-lyziarskeho-strediska-szklarska-poreba","status":"publish","type":"page","link":"https:\/\/transfereurope.com\/sk\/lyziarske-transfery\/transfery-z-letiska-katowice-do-lyziarskych-stredisk\/transfer-z-letiska-katowice-airport-do-lyziarskeho-strediska-szklarska-poreba\/","title":{"rendered":"Transfer z letiska Katowice Airport do ly\u017eiarskeho strediska Szklarska Poreba"},"content":{"rendered":"\n<div id=\"t4-masthead\" class=\"t4-section  t4-masthead\">\n<div class=\"t4-col text-center\">\n<div class=\"ja-masthead\" >\n<div class=\"ja-masthead-detail\">\n<h1 class=\"ja-masthead-title\">Transfer z letiska Katowice Airport do ly\u017eiarskeho strediska Szklarska Poreba<\/h1>\n<p>                 <!---->            <\/p>\n<div class=\"block-breadcrumb\">                       <\/div>\n<\/p><\/div>\n<\/p><\/div>\n<pre><\/pre>\n<\/div>\n<\/div>\n<div id=\"t4-main-body\" class=\"t4-section  t4-main-body\" role=\"main body\">\n<div class=\"t4-section-inner container\">\n<div class=\"t4-row row\">\n<div class=\"t4-col col-12 col-xl\">\n<div id=\"system-message-container\"> \t<\/div>\n<div class=\"com-content-article item-page view-tour-detail\">\n<div class=\"tour-top-info clearfix\">\n<div class=\"pull-left\">\n<div class=\"category-article-dot\">\n<div class=\"category-name\"> \t\t\t\t\t<a href=\"\/sk\/lyziarske-transfery\/transfery-z-letiska-katowice-do-lyziarskych-stredisk\" itemprop=\"genre\">Transfery z letiska Katowice do ly\u017eiarskych stred\u00edsk<\/a> \t\t\t\t<\/div>\n<\/p><\/div>\n<\/p><\/div>\n<div class=\"pull-right\">\n<div class=\"text-danger tour-price\"> \t\t\t\t\t\t<a href=\"\/sk\/rezervovat-transfer\">Rezervova\u0165<\/a><\/div>\n<\/p><\/div>\n<\/p><\/div>\n<p>  \t <!--\t-->  \t<\/p>\n<div class=\"vm-product-container\">\n<figure class=\"pull-left item-image\">\n<div class=\"main-image\"> \t\t<a  rel='vm-additional-images' href=\"\/images\/virtuemart\/product\/Katowice Airport to Szklarska Poreba Ski Transfer Service.png\"><img decoding=\"async\"  loading=\"lazy\"  src=\"\/wp-content\/uploads\/2025\/08\/Katowice-Airport-to-Szklarska-Poreba-Ski-Transfer-Service-2.png\"  \/><\/a>\t\t<\/p>\n<div class=\"clear\"><\/div>\n<\/p><\/div>\n<\/figure>\n<div class=\"vm-product-details-container\">\n<div class=\"spacer-buy-area\">    \t\t \t\t<\/div>\n<\/p><\/div>\n<div class=\"clear\"><\/div>\n<\/p><\/div>\n<div class=\"product-description\" >\n<h2 style=\"text-align: center;\">Transfer z letiska Katowice na ly\u017eiarske stredisko Szklarska Poreba: Va\u0161a cesta na vzru\u0161uj\u00face svahy<\/h2>\n<p>Vydajte sa na nezabudnute\u013en\u00fa ly\u017eiarsku cestu do Szklarskej Poreby, zn\u00e1meho ly\u017eiarskeho strediska v malebn\u00fdch Karkonosze, s na\u0161ou slu\u017ebou transferu z letiska Katovice. Szklarska Poreba, zn\u00e1ma svojou n\u00e1dhernou krajinou a vynikaj\u00facim ly\u017eiarskym vybaven\u00edm, je rajom pre ly\u017eiarov v\u0161etk\u00fdch \u00farovn\u00ed. M\u00f4\u017ee sa pochv\u00e1li\u0165 rozmanit\u00fdmi zjazdovkami, od miernych trat\u00ed pre za\u010diato\u010dn\u00edkov a\u017e po n\u00e1ro\u010dn\u00e9 trate pre sk\u00fasen\u00fdch ly\u017eiarov. Tento ly\u017eiarsky raj, vzdialen\u00fd pribli\u017ene 320 km od letiska v Katoviciach, je dostupn\u00fd za pribli\u017ene 4 hodiny a pon\u00faka malebn\u00fa a pohodln\u00fa jazdu kr\u00e1snym horsk\u00fdm ter\u00e9nom.<\/p>\n<p style=\"text-align: center;\"><a class=\"btn btn-primary\" href=\"\/sk\/rezervovat-transfer-z-na-letisko\">Rezervova\u0165<\/a><\/p>\n<p style=\"text-align: left;\"><img decoding=\"async\" src=\"\/wp-content\/uploads\/2025\/08\/Katowice_Airport_to_Szklarska_Poreba_Ski_Transfer_Service-1-scaled.jpg\" alt=\"\" \/><\/p>\n<h3>Pre\u010do je Transfer Europe ide\u00e1lnou vo\u013ebou pre v\u00e1\u0161 ly\u017eiarsky transfer do Szklarskej Poreby<\/h3>\n<p>V\u00fdber Transfer Europe pre va\u0161u cestu do Szklarskej Poreby zaru\u010duje:<\/p>\n<ul>\n<li><strong>Konkuren\u010dn\u00e9 ceny:<\/strong>\u00a0Vysokokvalitn\u00e9 slu\u017eby za rozumn\u00fa cenu.<\/li>\n<li><strong>Modern\u00fd vozov\u00fd park:<\/strong>\u00a0Vychutnajte si plynul\u00fa a pohodln\u00fa cestu v na\u0161ich modern\u00fdch, dobre udr\u017eiavan\u00fdch vozidl\u00e1ch.<\/li>\n<li><strong>Dostatok priestoru na ly\u017eiarsky v\u00fdstroj:<\/strong>\u00a0Na\u0161e vozidl\u00e1 s\u00fa vybaven\u00e9 priestrann\u00fdmi kuframi na v\u0161etko va\u0161e vybavenie a pohodlnou kab\u00ednou pre cestuj\u00facich.<\/li>\n<li><strong>Cestovanie vhodn\u00e9 pre rodiny:<\/strong>\u00a0K dispoz\u00edcii s\u00fa detsk\u00e9 seda\u010dky, ktor\u00e9 zaru\u010duj\u00fa bezpe\u010dnos\u0165 a pohodlie va\u0161ich mlad\u0161\u00edch \u010dlenov rodiny.<\/li>\n<li><strong>Sk\u00fasen\u00ed vodi\u010di:<\/strong>\u00a0Na\u0161i vodi\u010di s\u00fa znal\u00ed miestnych tr\u00e1s, \u010do zaru\u010duje bezpe\u010dn\u00fa a v\u010dasn\u00fa cestu.<\/li>\n<li><strong>Spo\u013eahliv\u00e1 slu\u017eba \u010dakania na letisku:<\/strong>\u00a0\u017diadne dodato\u010dn\u00e9 poplatky za \u010dakanie, dokonca ani v pr\u00edpade me\u0161kania v\u00e1\u0161ho letu, \u010do zaru\u010duje bezstresov\u00fd za\u010diatok va\u0161ej cesty.<\/li>\n<li><strong>Prisp\u00f4sobite\u013en\u00e9 zast\u00e1vky:<\/strong>\u00a0Prisp\u00f4sobte si cestu na mieru v\u010faka mo\u017enostiam prest\u00e1vok na ob\u010derstvenie alebo vyhliadkov\u00fdch zast\u00e1vok, ktor\u00e9 v\u00e1m spr\u00edjemnia cestovanie.<\/li>\n<\/ul>\n<p style=\"text-align: center;\"><a class=\"btn btn-primary\" href=\"\/sk\/rezervovat-transfer-z-na-letisko\">Rezervova\u0165<\/a><\/p>\n<p style=\"text-align: left;\">\u00a0<img decoding=\"async\" src=\"\/wp-content\/uploads\/2025\/08\/Katowice_Airport_to_Szklarska_Poreba_Ski_Transfer_Service-1.png\" alt=\"\" \/><\/p>\n<h3><a href=\"\/sk\/vozovy-park\">Na\u0161a rozmanit\u00e1 flotila<\/a>\u00a0pre va\u0161u cestu z letiska Katowice do Szklarskej Poreby<\/h3>\n<p>Vyberte si ide\u00e1lne vozidlo pre svoje ly\u017eiarske dobrodru\u017estvo:<\/p>\n<ul>\n<li><strong>Minivany:<\/strong>\u00a0Ide\u00e1lne pre rodiny alebo skupiny, pon\u00fakaj\u00fa dostatok priestoru pre cestuj\u00facich aj ly\u017eiarske vybavenie.<\/li>\n<li><strong>D\u017e\u00edpy:<\/strong>\u00a0Vynikaj\u00face na zimn\u00e9 cesty, poskytuj\u00face bezpe\u010dn\u00fa a stabiln\u00fa jazdu.<\/li>\n<li><strong>Luxusn\u00e9 vozidl\u00e1:<\/strong>\u00a0Na\u0161e luxusn\u00e9 vozidl\u00e1 pon\u00fakaj\u00fa pokojn\u00e9 prostredie na relax\u00e1ciu pred t\u00fdm, ako sa pust\u00edte do ly\u017eiarskych aktiv\u00edt.<\/li>\n<\/ul>\n<h3>Rezervujte si transfer z letiska Katowice do Szklarska Poreba e\u0161te dnes<\/h3>\n<p>Te\u0161\u00edte sa na svoj ly\u017eiarsky v\u00fdlet do Szklarskej Poreby? Rezerv\u00e1cia transferu je jednoduch\u00e1 a pohodln\u00e1. Sta\u010d\u00ed pou\u017ei\u0165 n\u00e1\u0161 online rezerva\u010dn\u00fd formul\u00e1r a zabezpe\u010di\u0165 si odvoz. Pre osobnej\u0161ie slu\u017eby n\u00e1s nev\u00e1hajte kontaktova\u0165 prostredn\u00edctvom aplik\u00e1cie WhatsApp, Telegram alebo priameho telefon\u00e1tu. Vyberte si Transfer Europe pre pohodln\u00fd a bezprobl\u00e9mov\u00fd za\u010diatok va\u0161ej ly\u017eiarskej dovolenky. Rezervujte si teraz a vydajte sa na cestu, na ktorej sa uprostred zasne\u017een\u00fdch h\u00f4r stret\u00e1va pohodlie a dobrodru\u017estvo.<\/p>\n<p style=\"text-align: center;\"><a class=\"btn btn-primary\" href=\"\/sk\/rezervovat-transfer-z-na-letisko\">Rezervova\u0165<\/a><\/p>\n<\/p><\/div>\n<div class=\"product-price-container\">\n<div class=\"sale-price\"> \t\t<\/div>\n<\/p><\/div>\n<div class=\"options\"><\/div>\n<div> \t\t<\/div>\n<p>   \t        <script type=\"text\/javascript\" ><\/script>  <script type=\"text\/javascript\" ><\/script> <script type=\"text\/javascript\" ><\/script>  <script type=\"text\/javascript\" ><\/script> <script type=\"text\/javascript\" ><\/script> <script type=\"text\/javascript\" ><\/script> <script type=\"text\/javascript\" ><\/script> <\/div>\n<p> \t\t<!-- \u041f\u043b\u0430\u0433\u0438\u043d \u0440\u0435\u0439\u0442\u0438\u043d\u0433\u0430 --> <\/p>\n<div class=\"vrvote-body\">\n<ul class=\"vrvote-ul\">\n<li id=\"rating_203\" class=\"current-rating\" style=\"width:100.00%;\"><\/li>\n<li> \t\t\t\t\t\t<a class=\"vr-one-star\" onclick=\"javascript:JSVRvote(203,1,50,10,0)\" href=\"javascript:void(null)\">1<\/a> \t\t\t\t\t<\/li>\n<li> \t\t\t\t\t\t<a class=\"vr-two-stars\" onclick=\"javascript:JSVRvote(203,2,50,10,0)\" href=\"javascript:void(null)\">2<\/a> \t\t\t\t\t<\/li>\n<li> \t\t\t\t\t\t<a class=\"vr-three-stars\" onclick=\"javascript:JSVRvote(203,3,50,10,0)\" href=\"javascript:void(null)\">3<\/a> \t\t\t\t\t<\/li>\n<li> \t\t\t\t\t\t<a class=\"vr-four-stars\" onclick=\"javascript:JSVRvote(203,4,50,10,0)\" href=\"javascript:void(null)\">4<\/a> \t\t\t\t\t<\/li>\n<li> \t\t\t\t\t\t<a class=\"vr-five-stars\" onclick=\"javascript:JSVRvote(203,5,50,10,0)\" href=\"javascript:void(null)\">5<\/a> \t\t\t\t\t<\/li>\n<\/ul><\/div>\n<p> \t\t\t<span id=\"vrvote_203\" class=\"vrvote-count\"><small><\/small><\/span>\t<\/span><script type=\"application\/ld+json\"><\/script>   <\/div>\n<div class=\"t4-col sidebar-r col-12 col-xl-4\">\n<div class=\"t4-module module\" id=\"Mod306\">\n<div class=\"module-inner\">\n<div class=\"module-ct\">\n<div class=\"bannergroup\">\n<div class=\"banneritem\"> \t\t\t\t\t\t\t\t\t\t\t\t\t\t\t\t\t\t\t\t\t\t\t\t\t\t\t\t\t\t\t\t\t\t\t\t\t\t\t\t\t\t\t\t\t\t\t\t\t\t<img \t\t\t\t\t\tsrc=\"\/wp-content\/uploads\/2025\/08\/banner-transfer-europe-sk-563.png\" \t\t\t\t\t\talt=\"Banner-sk\" \t\t\t\t\t\t\t\t\t\t\t\t\t\t\t\t\t\/> \t\t\t\t\t\t\t\t\t\t\t<\/p>\n<div class=\"clr\"><\/div>\n<\/p><\/div>\n<\/p><\/div>\n<\/p><\/div>\n<\/div>\n<\/div><\/div>\n<\/p><\/div>\n<\/div><\/div>\n<div id=\"t4-section-8\" class=\"t4-section  t4-section-8  section-border-top\" role=\"section-8\">\n<div class=\"bg-overlay bg-overlay-image\">&nbsp;<\/div>\n<\/p><\/div>\n<p>  <a href='javascript:' id='back-to-top'><i class='fa fa-chevron-up'><\/i><\/a>                <\/p>\n","protected":false},"excerpt":{"rendered":"<p>Transfer z letiska Katowice Airport do ly\u017eiarskeho strediska Szklarska Poreba Transfery z letiska Katowice do ly\u017eiarskych stred\u00edsk Rezervova\u0165 Transfer z letiska Katowice na ly\u017eiarske stredisko Szklarska Poreba: Va\u0161a cesta na vzru\u0161uj\u00face svahy Vydajte sa na nezabudnute\u013en\u00fa ly\u017eiarsku cestu do Szklarskej Poreby, zn\u00e1meho ly\u017eiarskeho strediska v malebn\u00fdch Karkonosze, s na\u0161ou slu\u017ebou transferu z letiska Katovice. Szklarska [&hellip;]<\/p>\n","protected":false},"author":1,"featured_media":95014,"parent":20907,"menu_order":0,"comment_status":"closed","ping_status":"closed","template":"","meta":{"footnotes":""},"class_list":["post-95013","page","type-page","status-publish","has-post-thumbnail","hentry"],"yoast_head":"<!-- This site is optimized with the Yoast SEO plugin v25.6 - https:\/\/yoast.com\/wordpress\/plugins\/seo\/ -->\n<title>Transfer z letiska Katowice Airport do ly\u017eiarskeho strediska Szklarska Poreba<\/title>\n<meta name=\"description\" content=\"Za\u017eite transfery z letiska Katovice do ly\u017eiarskeho strediska Szklarska Poreba. Rezervujte si e\u0161te dnes a u\u017eite si cestovanie bez stresu s malebn\u00fdm v\u00fdh\u013eadom. Zavolajte n\u00e1m \u260e +421 940 904 184 pre individu\u00e1lnu pomoc.\" \/>\n<meta name=\"robots\" content=\"index, follow, max-snippet:-1, max-image-preview:large, max-video-preview:-1\" \/>\n<link rel=\"canonical\" href=\"https:\/\/transfereurope.com\/sk\/lyziarske-transfery\/transfery-z-letiska-katowice-do-lyziarskych-stredisk\/transfer-z-letiska-katowice-airport-do-lyziarskeho-strediska-szklarska-poreba\/\" \/>\n<meta property=\"og:locale\" content=\"sk_SK\" \/>\n<meta property=\"og:type\" content=\"article\" \/>\n<meta property=\"og:title\" content=\"Transfer z letiska Katowice Airport do ly\u017eiarskeho strediska Szklarska Poreba\" \/>\n<meta property=\"og:description\" content=\"Za\u017eite transfery z letiska Katovice do ly\u017eiarskeho strediska Szklarska Poreba. Rezervujte si e\u0161te dnes a u\u017eite si cestovanie bez stresu s malebn\u00fdm v\u00fdh\u013eadom. Zavolajte n\u00e1m \u260e +421 940 904 184 pre individu\u00e1lnu pomoc.\" \/>\n<meta property=\"og:url\" content=\"https:\/\/transfereurope.com\/sk\/lyziarske-transfery\/transfery-z-letiska-katowice-do-lyziarskych-stredisk\/transfer-z-letiska-katowice-airport-do-lyziarskeho-strediska-szklarska-poreba\/\" \/>\n<meta property=\"og:site_name\" content=\"transfereurope\" \/>\n<meta property=\"og:image\" content=\"https:\/\/transfereurope.com\/wp-content\/uploads\/2025\/08\/Katowice-Airport-to-Szklarska-Poreba-Ski-Transfer-Service-2-1.png\" \/>\n\t<meta property=\"og:image:width\" content=\"940\" \/>\n\t<meta property=\"og:image:height\" content=\"788\" \/>\n\t<meta property=\"og:image:type\" content=\"image\/png\" \/>\n<meta name=\"twitter:card\" content=\"summary_large_image\" \/>\n<meta name=\"twitter:label1\" content=\"Predpokladan\u00fd \u010das \u010d\u00edtania\" \/>\n\t<meta name=\"twitter:data1\" content=\"3 min\u00faty\" \/>\n<script type=\"application\/ld+json\" class=\"yoast-schema-graph\">{\"@context\":\"https:\/\/schema.org\",\"@graph\":[{\"@type\":\"WebPage\",\"@id\":\"https:\/\/transfereurope.com\/sk\/lyziarske-transfery\/transfery-z-letiska-katowice-do-lyziarskych-stredisk\/transfer-z-letiska-katowice-airport-do-lyziarskeho-strediska-szklarska-poreba\/\",\"url\":\"https:\/\/transfereurope.com\/sk\/lyziarske-transfery\/transfery-z-letiska-katowice-do-lyziarskych-stredisk\/transfer-z-letiska-katowice-airport-do-lyziarskeho-strediska-szklarska-poreba\/\",\"name\":\"Transfer z letiska Katowice Airport do ly\u017eiarskeho strediska Szklarska Poreba\",\"isPartOf\":{\"@id\":\"https:\/\/transfereurope.com\/sk\/#website\"},\"primaryImageOfPage\":{\"@id\":\"https:\/\/transfereurope.com\/sk\/lyziarske-transfery\/transfery-z-letiska-katowice-do-lyziarskych-stredisk\/transfer-z-letiska-katowice-airport-do-lyziarskeho-strediska-szklarska-poreba\/#primaryimage\"},\"image\":{\"@id\":\"https:\/\/transfereurope.com\/sk\/lyziarske-transfery\/transfery-z-letiska-katowice-do-lyziarskych-stredisk\/transfer-z-letiska-katowice-airport-do-lyziarskeho-strediska-szklarska-poreba\/#primaryimage\"},\"thumbnailUrl\":\"https:\/\/transfereurope.com\/wp-content\/uploads\/2025\/08\/Katowice-Airport-to-Szklarska-Poreba-Ski-Transfer-Service-2-1.png\",\"datePublished\":\"2025-08-06T05:52:42+00:00\",\"description\":\"Za\u017eite transfery z letiska Katovice do ly\u017eiarskeho strediska Szklarska Poreba. Rezervujte si e\u0161te dnes a u\u017eite si cestovanie bez stresu s malebn\u00fdm v\u00fdh\u013eadom. Zavolajte n\u00e1m \u260e +421 940 904 184 pre individu\u00e1lnu pomoc.\",\"breadcrumb\":{\"@id\":\"https:\/\/transfereurope.com\/sk\/lyziarske-transfery\/transfery-z-letiska-katowice-do-lyziarskych-stredisk\/transfer-z-letiska-katowice-airport-do-lyziarskeho-strediska-szklarska-poreba\/#breadcrumb\"},\"inLanguage\":\"sk-SK\",\"potentialAction\":[{\"@type\":\"ReadAction\",\"target\":[\"https:\/\/transfereurope.com\/sk\/lyziarske-transfery\/transfery-z-letiska-katowice-do-lyziarskych-stredisk\/transfer-z-letiska-katowice-airport-do-lyziarskeho-strediska-szklarska-poreba\/\"]}]},{\"@type\":\"ImageObject\",\"inLanguage\":\"sk-SK\",\"@id\":\"https:\/\/transfereurope.com\/sk\/lyziarske-transfery\/transfery-z-letiska-katowice-do-lyziarskych-stredisk\/transfer-z-letiska-katowice-airport-do-lyziarskeho-strediska-szklarska-poreba\/#primaryimage\",\"url\":\"https:\/\/transfereurope.com\/wp-content\/uploads\/2025\/08\/Katowice-Airport-to-Szklarska-Poreba-Ski-Transfer-Service-2-1.png\",\"contentUrl\":\"https:\/\/transfereurope.com\/wp-content\/uploads\/2025\/08\/Katowice-Airport-to-Szklarska-Poreba-Ski-Transfer-Service-2-1.png\",\"width\":940,\"height\":788},{\"@type\":\"BreadcrumbList\",\"@id\":\"https:\/\/transfereurope.com\/sk\/lyziarske-transfery\/transfery-z-letiska-katowice-do-lyziarskych-stredisk\/transfer-z-letiska-katowice-airport-do-lyziarskeho-strediska-szklarska-poreba\/#breadcrumb\",\"itemListElement\":[{\"@type\":\"ListItem\",\"position\":1,\"name\":\"Home\",\"item\":\"https:\/\/transfereurope.com\/sk\/\"},{\"@type\":\"ListItem\",\"position\":2,\"name\":\"Transfer z letiska Katowice Airport do ly\u017eiarskeho strediska Szklarska Poreba\"}]},{\"@type\":\"WebSite\",\"@id\":\"https:\/\/transfereurope.com\/sk\/#website\",\"url\":\"https:\/\/transfereurope.com\/sk\/\",\"name\":\"transfereurope\",\"description\":\"\",\"publisher\":{\"@id\":\"https:\/\/transfereurope.com\/sk\/#organization\"},\"potentialAction\":[{\"@type\":\"SearchAction\",\"target\":{\"@type\":\"EntryPoint\",\"urlTemplate\":\"https:\/\/transfereurope.com\/sk\/?s={search_term_string}\"},\"query-input\":{\"@type\":\"PropertyValueSpecification\",\"valueRequired\":true,\"valueName\":\"search_term_string\"}}],\"inLanguage\":\"sk-SK\"},{\"@type\":\"Organization\",\"@id\":\"https:\/\/transfereurope.com\/sk\/#organization\",\"name\":\"transfereurope\",\"url\":\"https:\/\/transfereurope.com\/sk\/\",\"logo\":{\"@type\":\"ImageObject\",\"inLanguage\":\"sk-SK\",\"@id\":\"https:\/\/transfereurope.com\/sk\/#\/schema\/logo\/image\/\",\"url\":\"https:\/\/transfereurope.com\/wp-content\/uploads\/2025\/08\/TRANSFERS-1655.png\",\"contentUrl\":\"https:\/\/transfereurope.com\/wp-content\/uploads\/2025\/08\/TRANSFERS-1655.png\",\"width\":500,\"height\":274,\"caption\":\"transfereurope\"},\"image\":{\"@id\":\"https:\/\/transfereurope.com\/sk\/#\/schema\/logo\/image\/\"}}]}<\/script>\n<!-- \/ Yoast SEO plugin. -->","yoast_head_json":{"title":"Transfer z letiska Katowice Airport do ly\u017eiarskeho strediska Szklarska Poreba","description":"Za\u017eite transfery z letiska Katovice do ly\u017eiarskeho strediska Szklarska Poreba. Rezervujte si e\u0161te dnes a u\u017eite si cestovanie bez stresu s malebn\u00fdm v\u00fdh\u013eadom. Zavolajte n\u00e1m \u260e +421 940 904 184 pre individu\u00e1lnu pomoc.","robots":{"index":"index","follow":"follow","max-snippet":"max-snippet:-1","max-image-preview":"max-image-preview:large","max-video-preview":"max-video-preview:-1"},"canonical":"https:\/\/transfereurope.com\/sk\/lyziarske-transfery\/transfery-z-letiska-katowice-do-lyziarskych-stredisk\/transfer-z-letiska-katowice-airport-do-lyziarskeho-strediska-szklarska-poreba\/","og_locale":"sk_SK","og_type":"article","og_title":"Transfer z letiska Katowice Airport do ly\u017eiarskeho strediska Szklarska Poreba","og_description":"Za\u017eite transfery z letiska Katovice do ly\u017eiarskeho strediska Szklarska Poreba. Rezervujte si e\u0161te dnes a u\u017eite si cestovanie bez stresu s malebn\u00fdm v\u00fdh\u013eadom. Zavolajte n\u00e1m \u260e +421 940 904 184 pre individu\u00e1lnu pomoc.","og_url":"https:\/\/transfereurope.com\/sk\/lyziarske-transfery\/transfery-z-letiska-katowice-do-lyziarskych-stredisk\/transfer-z-letiska-katowice-airport-do-lyziarskeho-strediska-szklarska-poreba\/","og_site_name":"transfereurope","og_image":[{"width":940,"height":788,"url":"https:\/\/transfereurope.com\/wp-content\/uploads\/2025\/08\/Katowice-Airport-to-Szklarska-Poreba-Ski-Transfer-Service-2-1.png","type":"image\/png"}],"twitter_card":"summary_large_image","twitter_misc":{"Predpokladan\u00fd \u010das \u010d\u00edtania":"3 min\u00faty"},"schema":{"@context":"https:\/\/schema.org","@graph":[{"@type":"WebPage","@id":"https:\/\/transfereurope.com\/sk\/lyziarske-transfery\/transfery-z-letiska-katowice-do-lyziarskych-stredisk\/transfer-z-letiska-katowice-airport-do-lyziarskeho-strediska-szklarska-poreba\/","url":"https:\/\/transfereurope.com\/sk\/lyziarske-transfery\/transfery-z-letiska-katowice-do-lyziarskych-stredisk\/transfer-z-letiska-katowice-airport-do-lyziarskeho-strediska-szklarska-poreba\/","name":"Transfer z letiska Katowice Airport do ly\u017eiarskeho strediska Szklarska Poreba","isPartOf":{"@id":"https:\/\/transfereurope.com\/sk\/#website"},"primaryImageOfPage":{"@id":"https:\/\/transfereurope.com\/sk\/lyziarske-transfery\/transfery-z-letiska-katowice-do-lyziarskych-stredisk\/transfer-z-letiska-katowice-airport-do-lyziarskeho-strediska-szklarska-poreba\/#primaryimage"},"image":{"@id":"https:\/\/transfereurope.com\/sk\/lyziarske-transfery\/transfery-z-letiska-katowice-do-lyziarskych-stredisk\/transfer-z-letiska-katowice-airport-do-lyziarskeho-strediska-szklarska-poreba\/#primaryimage"},"thumbnailUrl":"https:\/\/transfereurope.com\/wp-content\/uploads\/2025\/08\/Katowice-Airport-to-Szklarska-Poreba-Ski-Transfer-Service-2-1.png","datePublished":"2025-08-06T05:52:42+00:00","description":"Za\u017eite transfery z letiska Katovice do ly\u017eiarskeho strediska Szklarska Poreba. Rezervujte si e\u0161te dnes a u\u017eite si cestovanie bez stresu s malebn\u00fdm v\u00fdh\u013eadom. Zavolajte n\u00e1m \u260e +421 940 904 184 pre individu\u00e1lnu pomoc.","breadcrumb":{"@id":"https:\/\/transfereurope.com\/sk\/lyziarske-transfery\/transfery-z-letiska-katowice-do-lyziarskych-stredisk\/transfer-z-letiska-katowice-airport-do-lyziarskeho-strediska-szklarska-poreba\/#breadcrumb"},"inLanguage":"sk-SK","potentialAction":[{"@type":"ReadAction","target":["https:\/\/transfereurope.com\/sk\/lyziarske-transfery\/transfery-z-letiska-katowice-do-lyziarskych-stredisk\/transfer-z-letiska-katowice-airport-do-lyziarskeho-strediska-szklarska-poreba\/"]}]},{"@type":"ImageObject","inLanguage":"sk-SK","@id":"https:\/\/transfereurope.com\/sk\/lyziarske-transfery\/transfery-z-letiska-katowice-do-lyziarskych-stredisk\/transfer-z-letiska-katowice-airport-do-lyziarskeho-strediska-szklarska-poreba\/#primaryimage","url":"https:\/\/transfereurope.com\/wp-content\/uploads\/2025\/08\/Katowice-Airport-to-Szklarska-Poreba-Ski-Transfer-Service-2-1.png","contentUrl":"https:\/\/transfereurope.com\/wp-content\/uploads\/2025\/08\/Katowice-Airport-to-Szklarska-Poreba-Ski-Transfer-Service-2-1.png","width":940,"height":788},{"@type":"BreadcrumbList","@id":"https:\/\/transfereurope.com\/sk\/lyziarske-transfery\/transfery-z-letiska-katowice-do-lyziarskych-stredisk\/transfer-z-letiska-katowice-airport-do-lyziarskeho-strediska-szklarska-poreba\/#breadcrumb","itemListElement":[{"@type":"ListItem","position":1,"name":"Home","item":"https:\/\/transfereurope.com\/sk\/"},{"@type":"ListItem","position":2,"name":"Transfer z letiska Katowice Airport do ly\u017eiarskeho strediska Szklarska Poreba"}]},{"@type":"WebSite","@id":"https:\/\/transfereurope.com\/sk\/#website","url":"https:\/\/transfereurope.com\/sk\/","name":"transfereurope","description":"","publisher":{"@id":"https:\/\/transfereurope.com\/sk\/#organization"},"potentialAction":[{"@type":"SearchAction","target":{"@type":"EntryPoint","urlTemplate":"https:\/\/transfereurope.com\/sk\/?s={search_term_string}"},"query-input":{"@type":"PropertyValueSpecification","valueRequired":true,"valueName":"search_term_string"}}],"inLanguage":"sk-SK"},{"@type":"Organization","@id":"https:\/\/transfereurope.com\/sk\/#organization","name":"transfereurope","url":"https:\/\/transfereurope.com\/sk\/","logo":{"@type":"ImageObject","inLanguage":"sk-SK","@id":"https:\/\/transfereurope.com\/sk\/#\/schema\/logo\/image\/","url":"https:\/\/transfereurope.com\/wp-content\/uploads\/2025\/08\/TRANSFERS-1655.png","contentUrl":"https:\/\/transfereurope.com\/wp-content\/uploads\/2025\/08\/TRANSFERS-1655.png","width":500,"height":274,"caption":"transfereurope"},"image":{"@id":"https:\/\/transfereurope.com\/sk\/#\/schema\/logo\/image\/"}}]}},"_links":{"self":[{"href":"https:\/\/transfereurope.com\/sk\/wp-json\/wp\/v2\/pages\/95013","targetHints":{"allow":["GET"]}}],"collection":[{"href":"https:\/\/transfereurope.com\/sk\/wp-json\/wp\/v2\/pages"}],"about":[{"href":"https:\/\/transfereurope.com\/sk\/wp-json\/wp\/v2\/types\/page"}],"author":[{"embeddable":true,"href":"https:\/\/transfereurope.com\/sk\/wp-json\/wp\/v2\/users\/1"}],"replies":[{"embeddable":true,"href":"https:\/\/transfereurope.com\/sk\/wp-json\/wp\/v2\/comments?post=95013"}],"version-history":[{"count":0,"href":"https:\/\/transfereurope.com\/sk\/wp-json\/wp\/v2\/pages\/95013\/revisions"}],"up":[{"embeddable":true,"href":"https:\/\/transfereurope.com\/sk\/wp-json\/wp\/v2\/pages\/20907"}],"wp:featuredmedia":[{"embeddable":true,"href":"https:\/\/transfereurope.com\/sk\/wp-json\/wp\/v2\/media\/95014"}],"wp:attachment":[{"href":"https:\/\/transfereurope.com\/sk\/wp-json\/wp\/v2\/media?parent=95013"}],"curies":[{"name":"wp","href":"https:\/\/api.w.org\/{rel}","templated":true}]}}