{"id":94458,"date":"2025-08-06T05:41:19","date_gmt":"2025-08-06T05:41:19","guid":{"rendered":"https:\/\/transfereurope.com\/transfer-z-letiska-katowice-airport-do-lyziarskeho-strediska-tatranska-lomnica\/"},"modified":"2025-08-06T05:41:19","modified_gmt":"2025-08-06T05:41:19","slug":"transfer-z-letiska-katowice-airport-do-lyziarskeho-strediska-tatranska-lomnica","status":"publish","type":"page","link":"https:\/\/transfereurope.com\/sk\/lyziarske-transfery\/transfery-z-letiska-katowice-do-lyziarskych-stredisk\/transfer-z-letiska-katowice-airport-do-lyziarskeho-strediska-tatranska-lomnica\/","title":{"rendered":"Transfer z letiska Katowice Airport do ly\u017eiarskeho strediska Tatransk\u00e1 Lomnica"},"content":{"rendered":"\n<div id=\"t4-masthead\" class=\"t4-section  t4-masthead\">\n<div class=\"t4-col text-center\">\n<div class=\"ja-masthead\" >\n<div class=\"ja-masthead-detail\">\n<h1 class=\"ja-masthead-title\">Transfer z letiska Katowice Airport do ly\u017eiarskeho strediska Tatransk\u00e1 Lomnica<\/h1>\n<p>                 <!---->            <\/p>\n<div class=\"block-breadcrumb\">                       <\/div>\n<\/p><\/div>\n<\/p><\/div>\n<pre><\/pre>\n<\/div>\n<\/div>\n<div id=\"t4-main-body\" class=\"t4-section  t4-main-body\" role=\"main body\">\n<div class=\"t4-section-inner container\">\n<div class=\"t4-row row\">\n<div class=\"t4-col col-12 col-xl\">\n<div id=\"system-message-container\"> \t<\/div>\n<div class=\"com-content-article item-page view-tour-detail\">\n<div class=\"tour-top-info clearfix\">\n<div class=\"pull-left\">\n<div class=\"category-article-dot\">\n<div class=\"category-name\"> \t\t\t\t\t<a href=\"\/sk\/lyziarske-transfery\/transfery-z-letiska-katowice-do-lyziarskych-stredisk\" itemprop=\"genre\">Transfery z letiska Katowice do ly\u017eiarskych stred\u00edsk<\/a> \t\t\t\t<\/div>\n<\/p><\/div>\n<\/p><\/div>\n<div class=\"pull-right\">\n<div class=\"text-danger tour-price\"> \t\t\t\t\t\t<a href=\"\/sk\/rezervovat-transfer\">Rezervova\u0165<\/a><\/div>\n<\/p><\/div>\n<\/p><\/div>\n<p>  \t <!--\t-->  \t<\/p>\n<div class=\"vm-product-container\">\n<figure class=\"pull-left item-image\">\n<div class=\"main-image\"> \t\t<a  rel='vm-additional-images' href=\"\/images\/virtuemart\/product\/Katowice Airport to Tatranska Lomnica Ski Transfer Service.png\"><img decoding=\"async\"  loading=\"lazy\"  src=\"\/wp-content\/uploads\/2025\/08\/Katowice-Airport-to-Tatranska-Lomnica-Ski-Transfer-Service-2.png\"  \/><\/a>\t\t<\/p>\n<div class=\"clear\"><\/div>\n<\/p><\/div>\n<\/figure>\n<div class=\"vm-product-details-container\">\n<div class=\"spacer-buy-area\">    \t\t \t\t<\/div>\n<\/p><\/div>\n<div class=\"clear\"><\/div>\n<\/p><\/div>\n<div class=\"product-description\" >\n<h2 style=\"text-align: center;\">Transfer z letiska Katowice do Tatranskej Lomnice: Zlep\u0161ite svoj z\u00e1\u017eitok z ly\u017eiarskej dovolenky<\/h2>\n<p>Vydajte sa na bezprobl\u00e9mov\u00fa cestu do Tatranskej Lomnice, ly\u017eiarskeho klenotu vo Vysok\u00fdch Tatr\u00e1ch na Slovensku, s na\u0161ou exkluz\u00edvnou slu\u017ebou transferu z letiska Katovice. Tatransk\u00e1 Lomnica, ktor\u00e1 je presl\u00e1ven\u00e1 svojou malebnou krajinou a vynikaj\u00facimi ly\u017eiarskymi podmienkami, oslovuje \u0161irok\u00e9 spektrum ly\u017eiarskych nad\u0161encov, od za\u010diato\u010dn\u00edkov a\u017e po expertov. Stredisko, zn\u00e1me svojimi dlh\u00fdmi a \u0161irok\u00fdmi zjazdovkami, poskytuje ide\u00e1lne prostredie na nezabudnute\u013en\u00fd ly\u017eiarsky z\u00e1\u017eitok. T\u00e1to destin\u00e1cia sa nach\u00e1dza pribli\u017ene 250 km od letiska v Katoviciach, je dostupn\u00e1 za pribli\u017ene 3,5 hodiny a vytv\u00e1ra predpoklady na dobrodru\u017estvo uprostred \u00fachvatnej horskej scen\u00e9rie.<\/p>\n<p style=\"text-align: center;\"><a class=\"btn btn-primary\" href=\"\/sk\/rezervovat-transfer-z-na-letisko\">Rezervova\u0165<\/a><\/p>\n<p style=\"text-align: left;\"><img decoding=\"async\" src=\"\/wp-content\/uploads\/2025\/08\/Katowice_Airport_to_Tatranska_Lomnica_Ski_Transfer_Service-1-scaled.jpg\" alt=\"\" \/><\/p>\n<h3>Pre\u010do Transfer Eur\u00f3pa pre va\u0161u cestu z letiska Katowice do Tatranskej Lomnice?<\/h3>\n<p>V\u00fdber Transfer Europe pre v\u00e1\u0161 ly\u017eiarsky z\u00e1jazd do Tatranskej Lomnice pon\u00faka mno\u017estvo v\u00fdhod:<\/p>\n<ul>\n<li><strong>Cenotvorba orientovan\u00e1 na hodnotu:<\/strong> Vychutnajte si \u0161pi\u010dkov\u00e9 slu\u017eby bez toho, aby ste museli za\u0165a\u017eova\u0165 svoj rozpo\u010det.<\/li>\n<li><strong>Flotila modern\u00fdch vozidiel:<\/strong> Jazdite pohodlne s na\u0161imi modern\u00fdmi a dobre udr\u017eiavan\u00fdmi vozidlami.<\/li>\n<li><strong>Dostatok priestoru pre vybavenie:<\/strong> Na\u0161e vozidl\u00e1 maj\u00fa priestrann\u00e9 kufre na ly\u017eiarsky v\u00fdstroj a pohodln\u00fd interi\u00e9r pre cestuj\u00facich.<\/li>\n<li><strong>Rie\u0161enia vhodn\u00e9 pre rodiny:<\/strong> Poskytujeme detsk\u00e9 seda\u010dky pre bezpe\u010dnos\u0165 a pohodlie va\u0161ich najmen\u0161\u00edch.<\/li>\n<li><strong>Odborn\u00ed vodi\u010di:<\/strong> Na\u0161i vodi\u010di s\u00fa sk\u00fasen\u00ed a dobre sa orientuj\u00fa v miestnych tras\u00e1ch, \u010do zaru\u010duje bezpe\u010dn\u00fa a v\u010dasn\u00fa cestu.<\/li>\n<li><strong>Slu\u017eba \u010dakania na letisku:<\/strong> Na\u0161i vodi\u010di \u010dakaj\u00fa na v\u00e1\u0161 pr\u00edlet aj v pr\u00edpade me\u0161kania, a to bez dodato\u010dn\u00fdch poplatkov za \u010dakanie.<\/li>\n<li>I<strong>ndividu\u00e1lne mo\u017enosti zast\u00e1vok:<\/strong> Prisp\u00f4sobte si svoju cestu po\u017eiadavkami na prest\u00e1vky na ob\u010derstvenie alebo vyhliadkov\u00e9 zast\u00e1vky pod\u013ea va\u0161ich preferenci\u00ed.<\/li>\n<\/ul>\n<p style=\"text-align: center;\"><a class=\"btn btn-primary\" href=\"\/sk\/rezervovat-transfer-z-na-letisko\">Rezervova\u0165<\/a><\/p>\n<p style=\"text-align: left;\"><img decoding=\"async\" src=\"\/wp-content\/uploads\/2025\/08\/Katowice_Airport_to_Tatranska_Lomnica_Ski_Transfer_Service-1.png\" alt=\"\" \/><\/p>\n<h3><a href=\"\/sk\/vozovy-park\">Na\u0161a univerz\u00e1lna flotila<\/a> pre va\u0161e cesty do Tatranskej Lomnice<\/h3>\n<p>Vyberte si ide\u00e1lne vozidlo pre svoje ly\u017eiarske dobrodru\u017estvo:<\/p>\n<ul>\n<li><strong>Minivany:<\/strong> Pon\u00fakaj\u00fa dostatok priestoru pre cestuj\u00facich aj ly\u017eiarsky v\u00fdstroj.<\/li>\n<li><strong>D\u017e\u00edpy:<\/strong> Vynikaj\u00face na prekon\u00e1vanie horsk\u00fdch ter\u00e9nov, ktor\u00e9 zaru\u010duj\u00fa bezpe\u010dn\u00fa a stabiln\u00fa jazdu.<\/li>\n<li><strong>Luxusn\u00e9 vozidl\u00e1:<\/strong> Na\u0161e luxusn\u00e9 vozidl\u00e1 poskytuj\u00fa pokojn\u00e9 a luxusn\u00e9 prostredie, ide\u00e1lne na oddych pred vyrazen\u00edm na zjazdovku.<\/li>\n<\/ul>\n<h3>Rezervujte si transfer z letiska Katowice Airport do Tatranska Lomnica u\u017e teraz<\/h3>\n<p>Ste pripraven\u00ed na ly\u017eova\u010dku v Tatranskej Lomnici? Rezerv\u00e1cia transferu je jednoduch\u00e1 a jednoduch\u00e1. Vyu\u017eite n\u00e1\u0161 online rezerva\u010dn\u00fd formul\u00e1r a zabezpe\u010dte si jazdu. Pre individu\u00e1lnej\u0161ie slu\u017eby n\u00e1s m\u00f4\u017eete kontaktova\u0165 cez WhatsApp, Telegram alebo priamym telefon\u00e1tom. Nechajte Transfer Europe by\u0165 va\u0161\u00edm partnerom pri vytv\u00e1ran\u00ed nezabudnute\u013enej ly\u017eiarskej dovolenky. Rezervujte si teraz cestu, ktor\u00e1 dokonale sp\u00e1ja komfort, pohodlie a vzru\u0161enie z h\u00f4r.<\/p>\n<p style=\"text-align: center;\"><a class=\"btn btn-primary\" href=\"\/sk\/rezervovat-transfer-z-na-letisko\">Rezervova\u0165<\/a><\/p>\n<\/p><\/div>\n<div class=\"product-price-container\">\n<div class=\"sale-price\"> \t\t<\/div>\n<\/p><\/div>\n<div class=\"options\"><\/div>\n<div> \t\t<\/div>\n<p>   \t        <script type=\"text\/javascript\" ><\/script>  <script type=\"text\/javascript\" ><\/script> <script type=\"text\/javascript\" ><\/script>  <script type=\"text\/javascript\" ><\/script> <script type=\"text\/javascript\" ><\/script> <script type=\"text\/javascript\" ><\/script> <script type=\"text\/javascript\" ><\/script> <\/div>\n<p> \t\t<!-- \u041f\u043b\u0430\u0433\u0438\u043d \u0440\u0435\u0439\u0442\u0438\u043d\u0433\u0430 --> <\/p>\n<div class=\"vrvote-body\">\n<ul class=\"vrvote-ul\">\n<li id=\"rating_208\" class=\"current-rating\" style=\"width:100.00%;\"><\/li>\n<li> \t\t\t\t\t\t<a class=\"vr-one-star\" onclick=\"javascript:JSVRvote(208,1,50,10,0)\" href=\"javascript:void(null)\">1<\/a> \t\t\t\t\t<\/li>\n<li> \t\t\t\t\t\t<a class=\"vr-two-stars\" onclick=\"javascript:JSVRvote(208,2,50,10,0)\" href=\"javascript:void(null)\">2<\/a> \t\t\t\t\t<\/li>\n<li> \t\t\t\t\t\t<a class=\"vr-three-stars\" onclick=\"javascript:JSVRvote(208,3,50,10,0)\" href=\"javascript:void(null)\">3<\/a> \t\t\t\t\t<\/li>\n<li> \t\t\t\t\t\t<a class=\"vr-four-stars\" onclick=\"javascript:JSVRvote(208,4,50,10,0)\" href=\"javascript:void(null)\">4<\/a> \t\t\t\t\t<\/li>\n<li> \t\t\t\t\t\t<a class=\"vr-five-stars\" onclick=\"javascript:JSVRvote(208,5,50,10,0)\" href=\"javascript:void(null)\">5<\/a> \t\t\t\t\t<\/li>\n<\/ul><\/div>\n<p> \t\t\t<span id=\"vrvote_208\" class=\"vrvote-count\"><small><\/small><\/span>\t<\/span><script type=\"application\/ld+json\"><\/script>   <\/div>\n<div class=\"t4-col sidebar-r col-12 col-xl-4\">\n<div class=\"t4-module module\" id=\"Mod306\">\n<div class=\"module-inner\">\n<div class=\"module-ct\">\n<div class=\"bannergroup\">\n<div class=\"banneritem\"> \t\t\t\t\t\t\t\t\t\t\t\t\t\t\t\t\t\t\t\t\t\t\t\t\t\t\t\t\t\t\t\t\t\t\t\t\t\t\t\t\t\t\t\t\t\t\t\t\t\t<img \t\t\t\t\t\tsrc=\"\/wp-content\/uploads\/2025\/08\/banner-transfer-europe-sk-558.png\" \t\t\t\t\t\talt=\"Banner-sk\" \t\t\t\t\t\t\t\t\t\t\t\t\t\t\t\t\t\/> \t\t\t\t\t\t\t\t\t\t\t<\/p>\n<div class=\"clr\"><\/div>\n<\/p><\/div>\n<\/p><\/div>\n<\/p><\/div>\n<\/div>\n<\/div><\/div>\n<\/p><\/div>\n<\/div><\/div>\n<div id=\"t4-section-8\" class=\"t4-section  t4-section-8  section-border-top\" role=\"section-8\">\n<div class=\"bg-overlay bg-overlay-image\">&nbsp;<\/div>\n<\/p><\/div>\n<p>  <a href='javascript:' id='back-to-top'><i class='fa fa-chevron-up'><\/i><\/a>                <\/p>\n","protected":false},"excerpt":{"rendered":"<p>Transfer z letiska Katowice Airport do ly\u017eiarskeho strediska Tatransk\u00e1 Lomnica Transfery z letiska Katowice do ly\u017eiarskych stred\u00edsk Rezervova\u0165 Transfer z letiska Katowice do Tatranskej Lomnice: Zlep\u0161ite svoj z\u00e1\u017eitok z ly\u017eiarskej dovolenky Vydajte sa na bezprobl\u00e9mov\u00fa cestu do Tatranskej Lomnice, ly\u017eiarskeho klenotu vo Vysok\u00fdch Tatr\u00e1ch na Slovensku, s na\u0161ou exkluz\u00edvnou slu\u017ebou transferu z letiska Katovice. Tatransk\u00e1 [&hellip;]<\/p>\n","protected":false},"author":1,"featured_media":94459,"parent":20907,"menu_order":0,"comment_status":"closed","ping_status":"closed","template":"","meta":{"footnotes":""},"class_list":["post-94458","page","type-page","status-publish","has-post-thumbnail","hentry"],"yoast_head":"<!-- This site is optimized with the Yoast SEO plugin v25.6 - https:\/\/yoast.com\/wordpress\/plugins\/seo\/ -->\n<title>Transfer z letiska Katowice Airport do ly\u017eiarskeho strediska Tatransk\u00e1 Lomnica<\/title>\n<meta name=\"description\" content=\"Za\u017eite transfery z letiska Katowice do ly\u017eiarskeho strediska Tatransk\u00e1 Lomnica. Rezervujte si e\u0161te dnes a u\u017eite si cestovanie bez stresu s malebn\u00fdm v\u00fdh\u013eadom. Zavolajte n\u00e1m \u260e +421 940 904 184 pre individu\u00e1lnu pomoc.\" \/>\n<meta name=\"robots\" content=\"index, follow, max-snippet:-1, max-image-preview:large, max-video-preview:-1\" \/>\n<link rel=\"canonical\" href=\"https:\/\/transfereurope.com\/sk\/lyziarske-transfery\/transfery-z-letiska-katowice-do-lyziarskych-stredisk\/transfer-z-letiska-katowice-airport-do-lyziarskeho-strediska-tatranska-lomnica\/\" \/>\n<meta property=\"og:locale\" content=\"sk_SK\" \/>\n<meta property=\"og:type\" content=\"article\" \/>\n<meta property=\"og:title\" content=\"Transfer z letiska Katowice Airport do ly\u017eiarskeho strediska Tatransk\u00e1 Lomnica\" \/>\n<meta property=\"og:description\" content=\"Za\u017eite transfery z letiska Katowice do ly\u017eiarskeho strediska Tatransk\u00e1 Lomnica. Rezervujte si e\u0161te dnes a u\u017eite si cestovanie bez stresu s malebn\u00fdm v\u00fdh\u013eadom. Zavolajte n\u00e1m \u260e +421 940 904 184 pre individu\u00e1lnu pomoc.\" \/>\n<meta property=\"og:url\" content=\"https:\/\/transfereurope.com\/sk\/lyziarske-transfery\/transfery-z-letiska-katowice-do-lyziarskych-stredisk\/transfer-z-letiska-katowice-airport-do-lyziarskeho-strediska-tatranska-lomnica\/\" \/>\n<meta property=\"og:site_name\" content=\"transfereurope\" \/>\n<meta property=\"og:image\" content=\"https:\/\/transfereurope.com\/wp-content\/uploads\/2025\/08\/Katowice-Airport-to-Tatranska-Lomnica-Ski-Transfer-Service-2-1.png\" \/>\n\t<meta property=\"og:image:width\" content=\"940\" \/>\n\t<meta property=\"og:image:height\" content=\"788\" \/>\n\t<meta property=\"og:image:type\" content=\"image\/png\" \/>\n<meta name=\"twitter:card\" content=\"summary_large_image\" \/>\n<meta name=\"twitter:label1\" content=\"Predpokladan\u00fd \u010das \u010d\u00edtania\" \/>\n\t<meta name=\"twitter:data1\" content=\"3 min\u00faty\" \/>\n<script type=\"application\/ld+json\" class=\"yoast-schema-graph\">{\"@context\":\"https:\/\/schema.org\",\"@graph\":[{\"@type\":\"WebPage\",\"@id\":\"https:\/\/transfereurope.com\/sk\/lyziarske-transfery\/transfery-z-letiska-katowice-do-lyziarskych-stredisk\/transfer-z-letiska-katowice-airport-do-lyziarskeho-strediska-tatranska-lomnica\/\",\"url\":\"https:\/\/transfereurope.com\/sk\/lyziarske-transfery\/transfery-z-letiska-katowice-do-lyziarskych-stredisk\/transfer-z-letiska-katowice-airport-do-lyziarskeho-strediska-tatranska-lomnica\/\",\"name\":\"Transfer z letiska Katowice Airport do ly\u017eiarskeho strediska Tatransk\u00e1 Lomnica\",\"isPartOf\":{\"@id\":\"https:\/\/transfereurope.com\/sk\/#website\"},\"primaryImageOfPage\":{\"@id\":\"https:\/\/transfereurope.com\/sk\/lyziarske-transfery\/transfery-z-letiska-katowice-do-lyziarskych-stredisk\/transfer-z-letiska-katowice-airport-do-lyziarskeho-strediska-tatranska-lomnica\/#primaryimage\"},\"image\":{\"@id\":\"https:\/\/transfereurope.com\/sk\/lyziarske-transfery\/transfery-z-letiska-katowice-do-lyziarskych-stredisk\/transfer-z-letiska-katowice-airport-do-lyziarskeho-strediska-tatranska-lomnica\/#primaryimage\"},\"thumbnailUrl\":\"https:\/\/transfereurope.com\/wp-content\/uploads\/2025\/08\/Katowice-Airport-to-Tatranska-Lomnica-Ski-Transfer-Service-2-1.png\",\"datePublished\":\"2025-08-06T05:41:19+00:00\",\"description\":\"Za\u017eite transfery z letiska Katowice do ly\u017eiarskeho strediska Tatransk\u00e1 Lomnica. Rezervujte si e\u0161te dnes a u\u017eite si cestovanie bez stresu s malebn\u00fdm v\u00fdh\u013eadom. Zavolajte n\u00e1m \u260e +421 940 904 184 pre individu\u00e1lnu pomoc.\",\"breadcrumb\":{\"@id\":\"https:\/\/transfereurope.com\/sk\/lyziarske-transfery\/transfery-z-letiska-katowice-do-lyziarskych-stredisk\/transfer-z-letiska-katowice-airport-do-lyziarskeho-strediska-tatranska-lomnica\/#breadcrumb\"},\"inLanguage\":\"sk-SK\",\"potentialAction\":[{\"@type\":\"ReadAction\",\"target\":[\"https:\/\/transfereurope.com\/sk\/lyziarske-transfery\/transfery-z-letiska-katowice-do-lyziarskych-stredisk\/transfer-z-letiska-katowice-airport-do-lyziarskeho-strediska-tatranska-lomnica\/\"]}]},{\"@type\":\"ImageObject\",\"inLanguage\":\"sk-SK\",\"@id\":\"https:\/\/transfereurope.com\/sk\/lyziarske-transfery\/transfery-z-letiska-katowice-do-lyziarskych-stredisk\/transfer-z-letiska-katowice-airport-do-lyziarskeho-strediska-tatranska-lomnica\/#primaryimage\",\"url\":\"https:\/\/transfereurope.com\/wp-content\/uploads\/2025\/08\/Katowice-Airport-to-Tatranska-Lomnica-Ski-Transfer-Service-2-1.png\",\"contentUrl\":\"https:\/\/transfereurope.com\/wp-content\/uploads\/2025\/08\/Katowice-Airport-to-Tatranska-Lomnica-Ski-Transfer-Service-2-1.png\",\"width\":940,\"height\":788},{\"@type\":\"BreadcrumbList\",\"@id\":\"https:\/\/transfereurope.com\/sk\/lyziarske-transfery\/transfery-z-letiska-katowice-do-lyziarskych-stredisk\/transfer-z-letiska-katowice-airport-do-lyziarskeho-strediska-tatranska-lomnica\/#breadcrumb\",\"itemListElement\":[{\"@type\":\"ListItem\",\"position\":1,\"name\":\"Home\",\"item\":\"https:\/\/transfereurope.com\/sk\/\"},{\"@type\":\"ListItem\",\"position\":2,\"name\":\"Transfer z letiska Katowice Airport do ly\u017eiarskeho strediska Tatransk\u00e1 Lomnica\"}]},{\"@type\":\"WebSite\",\"@id\":\"https:\/\/transfereurope.com\/sk\/#website\",\"url\":\"https:\/\/transfereurope.com\/sk\/\",\"name\":\"transfereurope\",\"description\":\"\",\"publisher\":{\"@id\":\"https:\/\/transfereurope.com\/sk\/#organization\"},\"potentialAction\":[{\"@type\":\"SearchAction\",\"target\":{\"@type\":\"EntryPoint\",\"urlTemplate\":\"https:\/\/transfereurope.com\/sk\/?s={search_term_string}\"},\"query-input\":{\"@type\":\"PropertyValueSpecification\",\"valueRequired\":true,\"valueName\":\"search_term_string\"}}],\"inLanguage\":\"sk-SK\"},{\"@type\":\"Organization\",\"@id\":\"https:\/\/transfereurope.com\/sk\/#organization\",\"name\":\"transfereurope\",\"url\":\"https:\/\/transfereurope.com\/sk\/\",\"logo\":{\"@type\":\"ImageObject\",\"inLanguage\":\"sk-SK\",\"@id\":\"https:\/\/transfereurope.com\/sk\/#\/schema\/logo\/image\/\",\"url\":\"https:\/\/transfereurope.com\/wp-content\/uploads\/2025\/08\/TRANSFERS-1655.png\",\"contentUrl\":\"https:\/\/transfereurope.com\/wp-content\/uploads\/2025\/08\/TRANSFERS-1655.png\",\"width\":500,\"height\":274,\"caption\":\"transfereurope\"},\"image\":{\"@id\":\"https:\/\/transfereurope.com\/sk\/#\/schema\/logo\/image\/\"}}]}<\/script>\n<!-- \/ Yoast SEO plugin. -->","yoast_head_json":{"title":"Transfer z letiska Katowice Airport do ly\u017eiarskeho strediska Tatransk\u00e1 Lomnica","description":"Za\u017eite transfery z letiska Katowice do ly\u017eiarskeho strediska Tatransk\u00e1 Lomnica. Rezervujte si e\u0161te dnes a u\u017eite si cestovanie bez stresu s malebn\u00fdm v\u00fdh\u013eadom. Zavolajte n\u00e1m \u260e +421 940 904 184 pre individu\u00e1lnu pomoc.","robots":{"index":"index","follow":"follow","max-snippet":"max-snippet:-1","max-image-preview":"max-image-preview:large","max-video-preview":"max-video-preview:-1"},"canonical":"https:\/\/transfereurope.com\/sk\/lyziarske-transfery\/transfery-z-letiska-katowice-do-lyziarskych-stredisk\/transfer-z-letiska-katowice-airport-do-lyziarskeho-strediska-tatranska-lomnica\/","og_locale":"sk_SK","og_type":"article","og_title":"Transfer z letiska Katowice Airport do ly\u017eiarskeho strediska Tatransk\u00e1 Lomnica","og_description":"Za\u017eite transfery z letiska Katowice do ly\u017eiarskeho strediska Tatransk\u00e1 Lomnica. Rezervujte si e\u0161te dnes a u\u017eite si cestovanie bez stresu s malebn\u00fdm v\u00fdh\u013eadom. Zavolajte n\u00e1m \u260e +421 940 904 184 pre individu\u00e1lnu pomoc.","og_url":"https:\/\/transfereurope.com\/sk\/lyziarske-transfery\/transfery-z-letiska-katowice-do-lyziarskych-stredisk\/transfer-z-letiska-katowice-airport-do-lyziarskeho-strediska-tatranska-lomnica\/","og_site_name":"transfereurope","og_image":[{"width":940,"height":788,"url":"https:\/\/transfereurope.com\/wp-content\/uploads\/2025\/08\/Katowice-Airport-to-Tatranska-Lomnica-Ski-Transfer-Service-2-1.png","type":"image\/png"}],"twitter_card":"summary_large_image","twitter_misc":{"Predpokladan\u00fd \u010das \u010d\u00edtania":"3 min\u00faty"},"schema":{"@context":"https:\/\/schema.org","@graph":[{"@type":"WebPage","@id":"https:\/\/transfereurope.com\/sk\/lyziarske-transfery\/transfery-z-letiska-katowice-do-lyziarskych-stredisk\/transfer-z-letiska-katowice-airport-do-lyziarskeho-strediska-tatranska-lomnica\/","url":"https:\/\/transfereurope.com\/sk\/lyziarske-transfery\/transfery-z-letiska-katowice-do-lyziarskych-stredisk\/transfer-z-letiska-katowice-airport-do-lyziarskeho-strediska-tatranska-lomnica\/","name":"Transfer z letiska Katowice Airport do ly\u017eiarskeho strediska Tatransk\u00e1 Lomnica","isPartOf":{"@id":"https:\/\/transfereurope.com\/sk\/#website"},"primaryImageOfPage":{"@id":"https:\/\/transfereurope.com\/sk\/lyziarske-transfery\/transfery-z-letiska-katowice-do-lyziarskych-stredisk\/transfer-z-letiska-katowice-airport-do-lyziarskeho-strediska-tatranska-lomnica\/#primaryimage"},"image":{"@id":"https:\/\/transfereurope.com\/sk\/lyziarske-transfery\/transfery-z-letiska-katowice-do-lyziarskych-stredisk\/transfer-z-letiska-katowice-airport-do-lyziarskeho-strediska-tatranska-lomnica\/#primaryimage"},"thumbnailUrl":"https:\/\/transfereurope.com\/wp-content\/uploads\/2025\/08\/Katowice-Airport-to-Tatranska-Lomnica-Ski-Transfer-Service-2-1.png","datePublished":"2025-08-06T05:41:19+00:00","description":"Za\u017eite transfery z letiska Katowice do ly\u017eiarskeho strediska Tatransk\u00e1 Lomnica. Rezervujte si e\u0161te dnes a u\u017eite si cestovanie bez stresu s malebn\u00fdm v\u00fdh\u013eadom. Zavolajte n\u00e1m \u260e +421 940 904 184 pre individu\u00e1lnu pomoc.","breadcrumb":{"@id":"https:\/\/transfereurope.com\/sk\/lyziarske-transfery\/transfery-z-letiska-katowice-do-lyziarskych-stredisk\/transfer-z-letiska-katowice-airport-do-lyziarskeho-strediska-tatranska-lomnica\/#breadcrumb"},"inLanguage":"sk-SK","potentialAction":[{"@type":"ReadAction","target":["https:\/\/transfereurope.com\/sk\/lyziarske-transfery\/transfery-z-letiska-katowice-do-lyziarskych-stredisk\/transfer-z-letiska-katowice-airport-do-lyziarskeho-strediska-tatranska-lomnica\/"]}]},{"@type":"ImageObject","inLanguage":"sk-SK","@id":"https:\/\/transfereurope.com\/sk\/lyziarske-transfery\/transfery-z-letiska-katowice-do-lyziarskych-stredisk\/transfer-z-letiska-katowice-airport-do-lyziarskeho-strediska-tatranska-lomnica\/#primaryimage","url":"https:\/\/transfereurope.com\/wp-content\/uploads\/2025\/08\/Katowice-Airport-to-Tatranska-Lomnica-Ski-Transfer-Service-2-1.png","contentUrl":"https:\/\/transfereurope.com\/wp-content\/uploads\/2025\/08\/Katowice-Airport-to-Tatranska-Lomnica-Ski-Transfer-Service-2-1.png","width":940,"height":788},{"@type":"BreadcrumbList","@id":"https:\/\/transfereurope.com\/sk\/lyziarske-transfery\/transfery-z-letiska-katowice-do-lyziarskych-stredisk\/transfer-z-letiska-katowice-airport-do-lyziarskeho-strediska-tatranska-lomnica\/#breadcrumb","itemListElement":[{"@type":"ListItem","position":1,"name":"Home","item":"https:\/\/transfereurope.com\/sk\/"},{"@type":"ListItem","position":2,"name":"Transfer z letiska Katowice Airport do ly\u017eiarskeho strediska Tatransk\u00e1 Lomnica"}]},{"@type":"WebSite","@id":"https:\/\/transfereurope.com\/sk\/#website","url":"https:\/\/transfereurope.com\/sk\/","name":"transfereurope","description":"","publisher":{"@id":"https:\/\/transfereurope.com\/sk\/#organization"},"potentialAction":[{"@type":"SearchAction","target":{"@type":"EntryPoint","urlTemplate":"https:\/\/transfereurope.com\/sk\/?s={search_term_string}"},"query-input":{"@type":"PropertyValueSpecification","valueRequired":true,"valueName":"search_term_string"}}],"inLanguage":"sk-SK"},{"@type":"Organization","@id":"https:\/\/transfereurope.com\/sk\/#organization","name":"transfereurope","url":"https:\/\/transfereurope.com\/sk\/","logo":{"@type":"ImageObject","inLanguage":"sk-SK","@id":"https:\/\/transfereurope.com\/sk\/#\/schema\/logo\/image\/","url":"https:\/\/transfereurope.com\/wp-content\/uploads\/2025\/08\/TRANSFERS-1655.png","contentUrl":"https:\/\/transfereurope.com\/wp-content\/uploads\/2025\/08\/TRANSFERS-1655.png","width":500,"height":274,"caption":"transfereurope"},"image":{"@id":"https:\/\/transfereurope.com\/sk\/#\/schema\/logo\/image\/"}}]}},"_links":{"self":[{"href":"https:\/\/transfereurope.com\/sk\/wp-json\/wp\/v2\/pages\/94458","targetHints":{"allow":["GET"]}}],"collection":[{"href":"https:\/\/transfereurope.com\/sk\/wp-json\/wp\/v2\/pages"}],"about":[{"href":"https:\/\/transfereurope.com\/sk\/wp-json\/wp\/v2\/types\/page"}],"author":[{"embeddable":true,"href":"https:\/\/transfereurope.com\/sk\/wp-json\/wp\/v2\/users\/1"}],"replies":[{"embeddable":true,"href":"https:\/\/transfereurope.com\/sk\/wp-json\/wp\/v2\/comments?post=94458"}],"version-history":[{"count":0,"href":"https:\/\/transfereurope.com\/sk\/wp-json\/wp\/v2\/pages\/94458\/revisions"}],"up":[{"embeddable":true,"href":"https:\/\/transfereurope.com\/sk\/wp-json\/wp\/v2\/pages\/20907"}],"wp:featuredmedia":[{"embeddable":true,"href":"https:\/\/transfereurope.com\/sk\/wp-json\/wp\/v2\/media\/94459"}],"wp:attachment":[{"href":"https:\/\/transfereurope.com\/sk\/wp-json\/wp\/v2\/media?parent=94458"}],"curies":[{"name":"wp","href":"https:\/\/api.w.org\/{rel}","templated":true}]}}