{"id":94014,"date":"2025-08-06T05:32:34","date_gmt":"2025-08-06T05:32:34","guid":{"rendered":"https:\/\/transfereurope.com\/transfer-z-letiska-katowice-na-lyziarske-stredisko-ramzova-petrikov\/"},"modified":"2025-08-06T05:32:34","modified_gmt":"2025-08-06T05:32:34","slug":"transfer-z-letiska-katowice-na-lyziarske-stredisko-ramzova-petrikov","status":"publish","type":"page","link":"https:\/\/transfereurope.com\/sk\/lyziarske-transfery\/transfery-z-letiska-katowice-do-lyziarskych-stredisk\/transfer-z-letiska-katowice-na-lyziarske-stredisko-ramzova-petrikov\/","title":{"rendered":"Transfer z letiska Katowice na ly\u017eiarske stredisko Ramzov\u00e1-Petrikov"},"content":{"rendered":"\n<div id=\"t4-masthead\" class=\"t4-section  t4-masthead\">\n<div class=\"t4-col text-center\">\n<div class=\"ja-masthead\" >\n<div class=\"ja-masthead-detail\">\n<h1 class=\"ja-masthead-title\">Transfer z letiska Katowice na ly\u017eiarske stredisko Ramzov\u00e1-Petrikov<\/h1>\n<p>                 <!---->            <\/p>\n<div class=\"block-breadcrumb\">                       <\/div>\n<\/p><\/div>\n<\/p><\/div>\n<pre><\/pre>\n<\/div>\n<\/div>\n<div id=\"t4-main-body\" class=\"t4-section  t4-main-body\" role=\"main body\">\n<div class=\"t4-section-inner container\">\n<div class=\"t4-row row\">\n<div class=\"t4-col col-12 col-xl\">\n<div id=\"system-message-container\"> \t<\/div>\n<div class=\"com-content-article item-page view-tour-detail\">\n<div class=\"tour-top-info clearfix\">\n<div class=\"pull-left\">\n<div class=\"category-article-dot\">\n<div class=\"category-name\"> \t\t\t\t\t<a href=\"\/sk\/lyziarske-transfery\/transfery-z-letiska-katowice-do-lyziarskych-stredisk\" itemprop=\"genre\">Transfery z letiska Katowice do ly\u017eiarskych stred\u00edsk<\/a> \t\t\t\t<\/div>\n<\/p><\/div>\n<\/p><\/div>\n<div class=\"pull-right\">\n<div class=\"text-danger tour-price\"> \t\t\t\t\t\t<a href=\"\/sk\/rezervovat-transfer\">Rezervova\u0165<\/a><\/div>\n<\/p><\/div>\n<\/p><\/div>\n<p>  \t <!--\t-->  \t<\/p>\n<div class=\"vm-product-container\">\n<figure class=\"pull-left item-image\">\n<div class=\"main-image\"> \t\t<a  rel='vm-additional-images' href=\"\/images\/virtuemart\/product\/Katowice Airport to Ramzova-Petrikov Ski Transfer Service.png\"><img decoding=\"async\"  loading=\"lazy\"  src=\"\/wp-content\/uploads\/2025\/08\/Katowice-Airport-to-Ramzova-Petrikov-Ski-Transfer-Service-2.png\"  \/><\/a>\t\t<\/p>\n<div class=\"clear\"><\/div>\n<\/p><\/div>\n<\/figure>\n<div class=\"vm-product-details-container\">\n<div class=\"spacer-buy-area\">    \t\t \t\t<\/div>\n<\/p><\/div>\n<div class=\"clear\"><\/div>\n<\/p><\/div>\n<div class=\"product-description\" >\n<h2 style=\"text-align: center;\">Transfer z letiska Katowice na ly\u017eiarske stredisko Ramzov\u00e1-Petrikov: Do srdca zimn\u00fdch \u0161portov<\/h2>\n<p>Vydajte sa na ve\u013ekolep\u00fa cestu do Ramzovej-Petrikova, n\u00e1dhernej ly\u017eiarskej oblasti v pokojnej krajine \u010ceskej republiky, s na\u0161ou slu\u017ebou transferu z letiska Katovice. Ramzov\u00e1-Petrikov, zn\u00e1ma svojimi nedotknut\u00fdmi zjazdovkami a o\u010daruj\u00facimi horsk\u00fdmi v\u00fdh\u013eadmi, pon\u00faka jedine\u010dn\u00fd ly\u017eiarsky z\u00e1\u017eitok, ktor\u00fd je vhodn\u00fd pre za\u010diato\u010dn\u00edkov aj pokro\u010dil\u00fdch ly\u017eiarov. Tento ly\u017eiarsky raj sa nach\u00e1dza len pribli\u017ene 190 km od letiska v Katoviciach a je dostupn\u00fd pribli\u017ene za 2,5 hodiny jazdy autom. V\u010faka osobn\u00e9mu vodi\u010dovi, ktor\u00fd v\u00e1s bude sprev\u00e1dza\u0165, sa cesta stane bezprobl\u00e9movou s\u00fa\u010das\u0165ou va\u0161ej ly\u017eiarskej eskap\u00e1dy a zaist\u00ed v\u00e1m pohodlie od okamihu prist\u00e1tia.<\/p>\n<p style=\"text-align: center;\"><a class=\"btn btn-primary\" href=\"\/sk\/rezervovat-transfer-z-na-letisko\">Rezervova\u0165<\/a><\/p>\n<p style=\"text-align: center;\"><img decoding=\"async\" src=\"\/wp-content\/uploads\/2025\/08\/Katowice_Airport_to_Ramzova-Petrikov_Ski_Transfer_Service-1-scaled.jpg\" alt=\"\" \/><\/p>\n<h3>Pre\u010do si vybra\u0165 na\u0161u slu\u017ebu transferu z letiska Katowice Airport do Ramzovej-Petrikovej?<\/h3>\n<p>Transfer Europe pov\u00fd\u0161i va\u0161u cestu do Ramzovej-Petrikova na v\u00fdnimo\u010dn\u00fa slu\u017ebu:<\/p>\n<ul>\n<li><strong>Cenovo dostupn\u00e1 excelentnos\u0165:<\/strong>\u00a0Pr\u00e9miov\u00e9 slu\u017eby prisp\u00f4soben\u00e9 v\u00e1\u0161mu rozpo\u010dtu.<\/li>\n<li><strong>S\u00fa\u010dasn\u00fd vozov\u00fd park:<\/strong>\u00a0Na\u0161e modern\u00e9 vozidl\u00e1 zabezpe\u010duj\u00fa bezpe\u010dn\u00fa, plynul\u00fa a \u0161t\u00fdlov\u00fa cestu.<\/li>\n<li><strong>Priestrann\u00e9 cestovanie:<\/strong>\u00a0Ve\u013ek\u00e9 kufre na v\u0161etko va\u0161e ly\u017eiarske vybavenie doplnen\u00e9 priestrannou kab\u00ednou.<\/li>\n<li><strong>Mo\u017enosti vhodn\u00e9 pre rodiny:<\/strong>\u00a0Pre bezpe\u010dnos\u0165 a pohodlie mal\u00fdch cestuj\u00facich s\u00fa k dispoz\u00edcii detsk\u00e9 seda\u010dky.<\/li>\n<li><strong>Sk\u00fasen\u00ed vodi\u010di:<\/strong>\u00a0Znalci miestnych tr\u00e1s, ktor\u00ed zabezpe\u010dia v\u010dasn\u00fa a bezpe\u010dn\u00fa cestu.<\/li>\n<li><strong>Spo\u013eahliv\u00e1 slu\u017eba \u010dakania na letisku:<\/strong>\u00a0Na\u0161i vodi\u010di \u010dakaj\u00fa na v\u00e1\u0161 pr\u00edchod a s\u00fa pripraven\u00ed v\u00e1m pom\u00f4c\u0165 aj v pr\u00edpade me\u0161kania v\u00e1\u0161ho letu bez dodato\u010dn\u00fdch poplatkov za \u010dakanie.<\/li>\n<li><strong>Individu\u00e1lne zast\u00e1vky:<\/strong>\u00a0Vy\u017eiadajte si prest\u00e1vky na ob\u010derstvenie alebo na vychutnanie si malebn\u00fdch v\u00fdh\u013eadov.<\/li>\n<\/ul>\n<p style=\"text-align: center;\"><a class=\"btn btn-primary\" href=\"\/sk\/rezervovat-transfer-z-na-letisko\">Rezervova\u0165<\/a><\/p>\n<p style=\"text-align: left;\"><img decoding=\"async\" src=\"\/wp-content\/uploads\/2025\/08\/Katowice_Airport_to_Ramzova-Petrikov_Ski_Transfer_Service-1.png\" alt=\"\" \/><\/p>\n<h3><a href=\"\/sk\/vozovy-park\">Na\u0161a rozmanit\u00e1 flotila<\/a>\u00a0pre v\u00e1\u0161 ly\u017eiarsky v\u00fdlet z letiska Katowice do Ramzovej-Petrikovej<\/h3>\n<p>Vyberte si ide\u00e1lne vozidlo na cestu:<\/p>\n<ul>\n<li><strong>Minivany:<\/strong>\u00a0Ide\u00e1lne pre skupiny alebo rodiny, preto\u017ee pon\u00fakaj\u00fa dostatok priestoru pre ka\u017ed\u00e9ho a jeho vybavenie.<\/li>\n<li><strong>D\u017e\u00edpy:<\/strong>\u00a0Ide\u00e1lne na prejazd r\u00f4znorod\u00fdm ter\u00e9nom, ktor\u00e9 zabezpe\u010dia bezpe\u010dn\u00fa cestu.<\/li>\n<li><strong>Luxusn\u00e9 vozidl\u00e1:<\/strong>\u00a0Na\u0161e luxusn\u00e9 vozidl\u00e1 pon\u00fakaj\u00fa pokojn\u00e9 prostredie na oddych pred vyrazen\u00edm na zjazdovku.<\/li>\n<\/ul>\n<h3>Zabezpe\u010dte si transfer z letiska Katowice Airport do ly\u017eiarskeho strediska Ramzov\u00e1-Petrikov e\u0161te dnes<\/h3>\n<p>T\u00fa\u017eite po ly\u017eiarskom dobrodru\u017estve? Rezerv\u00e1cia transferu je jednoduch\u00e1. Pou\u017eite n\u00e1\u0161 online rezerva\u010dn\u00fd formul\u00e1r a zabezpe\u010dte si jazdu. Ak chcete z\u00edska\u0165 individu\u00e1lnu pomoc, kontaktujte n\u00e1s cez WhatsApp, Telegram alebo telefonicky. Nechajte Transfer Europe by\u0165 va\u0161ou vstupnou br\u00e1nou na vzru\u0161uj\u00face svahy Ramzovej-Petrikova. Rezervujte si teraz cestu, na ktorej sa luxus stret\u00e1va s dobrodru\u017estvom vo svete ly\u017eovania.<\/p>\n<p style=\"text-align: center;\"><a class=\"btn btn-primary\" href=\"\/sk\/rezervovat-transfer-z-na-letisko\">Rezervova\u0165<\/a><\/p>\n<\/p><\/div>\n<div class=\"product-price-container\">\n<div class=\"sale-price\"> \t\t<\/div>\n<\/p><\/div>\n<div class=\"options\"><\/div>\n<div> \t\t<\/div>\n<p>   \t        <script type=\"text\/javascript\" ><\/script>  <script type=\"text\/javascript\" ><\/script> <script type=\"text\/javascript\" ><\/script>  <script type=\"text\/javascript\" ><\/script> <script type=\"text\/javascript\" ><\/script> <script type=\"text\/javascript\" ><\/script> <script type=\"text\/javascript\" ><\/script> <\/div>\n<p> \t\t<!-- \u041f\u043b\u0430\u0433\u0438\u043d \u0440\u0435\u0439\u0442\u0438\u043d\u0433\u0430 --> <\/p>\n<div class=\"vrvote-body\">\n<ul class=\"vrvote-ul\">\n<li id=\"rating_212\" class=\"current-rating\" style=\"width:100.00%;\"><\/li>\n<li> \t\t\t\t\t\t<a class=\"vr-one-star\" onclick=\"javascript:JSVRvote(212,1,35,7,0)\" href=\"javascript:void(null)\">1<\/a> \t\t\t\t\t<\/li>\n<li> \t\t\t\t\t\t<a class=\"vr-two-stars\" onclick=\"javascript:JSVRvote(212,2,35,7,0)\" href=\"javascript:void(null)\">2<\/a> \t\t\t\t\t<\/li>\n<li> \t\t\t\t\t\t<a class=\"vr-three-stars\" onclick=\"javascript:JSVRvote(212,3,35,7,0)\" href=\"javascript:void(null)\">3<\/a> \t\t\t\t\t<\/li>\n<li> \t\t\t\t\t\t<a class=\"vr-four-stars\" onclick=\"javascript:JSVRvote(212,4,35,7,0)\" href=\"javascript:void(null)\">4<\/a> \t\t\t\t\t<\/li>\n<li> \t\t\t\t\t\t<a class=\"vr-five-stars\" onclick=\"javascript:JSVRvote(212,5,35,7,0)\" href=\"javascript:void(null)\">5<\/a> \t\t\t\t\t<\/li>\n<\/ul><\/div>\n<p> \t\t\t<span id=\"vrvote_212\" class=\"vrvote-count\"><small><\/small><\/span>\t<\/span><script type=\"application\/ld+json\"><\/script>   <\/div>\n<div class=\"t4-col sidebar-r col-12 col-xl-4\">\n<div class=\"t4-module module\" id=\"Mod306\">\n<div class=\"module-inner\">\n<div class=\"module-ct\">\n<div class=\"bannergroup\">\n<div class=\"banneritem\"> \t\t\t\t\t\t\t\t\t\t\t\t\t\t\t\t\t\t\t\t\t\t\t\t\t\t\t\t\t\t\t\t\t\t\t\t\t\t\t\t\t\t\t\t\t\t\t\t\t\t<img \t\t\t\t\t\tsrc=\"\/wp-content\/uploads\/2025\/08\/banner-transfer-europe-sk-554.png\" \t\t\t\t\t\talt=\"Banner-sk\" \t\t\t\t\t\t\t\t\t\t\t\t\t\t\t\t\t\/> \t\t\t\t\t\t\t\t\t\t\t<\/p>\n<div class=\"clr\"><\/div>\n<\/p><\/div>\n<\/p><\/div>\n<\/p><\/div>\n<\/div>\n<\/div><\/div>\n<\/p><\/div>\n<\/div><\/div>\n<div id=\"t4-section-8\" class=\"t4-section  t4-section-8  section-border-top\" role=\"section-8\">\n<div class=\"bg-overlay bg-overlay-image\">&nbsp;<\/div>\n<\/p><\/div>\n<p>  <a href='javascript:' id='back-to-top'><i class='fa fa-chevron-up'><\/i><\/a>                <\/p>\n","protected":false},"excerpt":{"rendered":"<p>Transfer z letiska Katowice na ly\u017eiarske stredisko Ramzov\u00e1-Petrikov Transfery z letiska Katowice do ly\u017eiarskych stred\u00edsk Rezervova\u0165 Transfer z letiska Katowice na ly\u017eiarske stredisko Ramzov\u00e1-Petrikov: Do srdca zimn\u00fdch \u0161portov Vydajte sa na ve\u013ekolep\u00fa cestu do Ramzovej-Petrikova, n\u00e1dhernej ly\u017eiarskej oblasti v pokojnej krajine \u010ceskej republiky, s na\u0161ou slu\u017ebou transferu z letiska Katovice. Ramzov\u00e1-Petrikov, zn\u00e1ma svojimi nedotknut\u00fdmi zjazdovkami [&hellip;]<\/p>\n","protected":false},"author":1,"featured_media":94015,"parent":20907,"menu_order":0,"comment_status":"closed","ping_status":"closed","template":"","meta":{"footnotes":""},"class_list":["post-94014","page","type-page","status-publish","has-post-thumbnail","hentry"],"yoast_head":"<!-- This site is optimized with the Yoast SEO plugin v25.6 - https:\/\/yoast.com\/wordpress\/plugins\/seo\/ -->\n<title>Transfer z letiska Katowice na ly\u017eiarske stredisko Ramzov\u00e1-Petrikov<\/title>\n<meta name=\"description\" content=\"Sk\u00fasenosti s transfermi z letiska Katowice na ly\u017eiarske stredisko Ramzov\u00e1-Petrikov. Rezervujte si e\u0161te dnes a u\u017eite si cestovanie bez stresu s malebn\u00fdm v\u00fdh\u013eadom. Zavolajte n\u00e1m \u260e +421 940 904 184 pre individu\u00e1lnu pomoc.\" \/>\n<meta name=\"robots\" content=\"index, follow, max-snippet:-1, max-image-preview:large, max-video-preview:-1\" \/>\n<link rel=\"canonical\" href=\"https:\/\/transfereurope.com\/sk\/lyziarske-transfery\/transfery-z-letiska-katowice-do-lyziarskych-stredisk\/transfer-z-letiska-katowice-na-lyziarske-stredisko-ramzova-petrikov\/\" \/>\n<meta property=\"og:locale\" content=\"sk_SK\" \/>\n<meta property=\"og:type\" content=\"article\" \/>\n<meta property=\"og:title\" content=\"Transfer z letiska Katowice na ly\u017eiarske stredisko Ramzov\u00e1-Petrikov\" \/>\n<meta property=\"og:description\" content=\"Sk\u00fasenosti s transfermi z letiska Katowice na ly\u017eiarske stredisko Ramzov\u00e1-Petrikov. Rezervujte si e\u0161te dnes a u\u017eite si cestovanie bez stresu s malebn\u00fdm v\u00fdh\u013eadom. Zavolajte n\u00e1m \u260e +421 940 904 184 pre individu\u00e1lnu pomoc.\" \/>\n<meta property=\"og:url\" content=\"https:\/\/transfereurope.com\/sk\/lyziarske-transfery\/transfery-z-letiska-katowice-do-lyziarskych-stredisk\/transfer-z-letiska-katowice-na-lyziarske-stredisko-ramzova-petrikov\/\" \/>\n<meta property=\"og:site_name\" content=\"transfereurope\" \/>\n<meta property=\"og:image\" content=\"https:\/\/transfereurope.com\/wp-content\/uploads\/2025\/08\/Katowice-Airport-to-Ramzova-Petrikov-Ski-Transfer-Service-2-1.png\" \/>\n\t<meta property=\"og:image:width\" content=\"940\" \/>\n\t<meta property=\"og:image:height\" content=\"788\" \/>\n\t<meta property=\"og:image:type\" content=\"image\/png\" \/>\n<meta name=\"twitter:card\" content=\"summary_large_image\" \/>\n<meta name=\"twitter:label1\" content=\"Predpokladan\u00fd \u010das \u010d\u00edtania\" \/>\n\t<meta name=\"twitter:data1\" content=\"3 min\u00faty\" \/>\n<script type=\"application\/ld+json\" class=\"yoast-schema-graph\">{\"@context\":\"https:\/\/schema.org\",\"@graph\":[{\"@type\":\"WebPage\",\"@id\":\"https:\/\/transfereurope.com\/sk\/lyziarske-transfery\/transfery-z-letiska-katowice-do-lyziarskych-stredisk\/transfer-z-letiska-katowice-na-lyziarske-stredisko-ramzova-petrikov\/\",\"url\":\"https:\/\/transfereurope.com\/sk\/lyziarske-transfery\/transfery-z-letiska-katowice-do-lyziarskych-stredisk\/transfer-z-letiska-katowice-na-lyziarske-stredisko-ramzova-petrikov\/\",\"name\":\"Transfer z letiska Katowice na ly\u017eiarske stredisko Ramzov\u00e1-Petrikov\",\"isPartOf\":{\"@id\":\"https:\/\/transfereurope.com\/sk\/#website\"},\"primaryImageOfPage\":{\"@id\":\"https:\/\/transfereurope.com\/sk\/lyziarske-transfery\/transfery-z-letiska-katowice-do-lyziarskych-stredisk\/transfer-z-letiska-katowice-na-lyziarske-stredisko-ramzova-petrikov\/#primaryimage\"},\"image\":{\"@id\":\"https:\/\/transfereurope.com\/sk\/lyziarske-transfery\/transfery-z-letiska-katowice-do-lyziarskych-stredisk\/transfer-z-letiska-katowice-na-lyziarske-stredisko-ramzova-petrikov\/#primaryimage\"},\"thumbnailUrl\":\"https:\/\/transfereurope.com\/wp-content\/uploads\/2025\/08\/Katowice-Airport-to-Ramzova-Petrikov-Ski-Transfer-Service-2-1.png\",\"datePublished\":\"2025-08-06T05:32:34+00:00\",\"description\":\"Sk\u00fasenosti s transfermi z letiska Katowice na ly\u017eiarske stredisko Ramzov\u00e1-Petrikov. Rezervujte si e\u0161te dnes a u\u017eite si cestovanie bez stresu s malebn\u00fdm v\u00fdh\u013eadom. Zavolajte n\u00e1m \u260e +421 940 904 184 pre individu\u00e1lnu pomoc.\",\"breadcrumb\":{\"@id\":\"https:\/\/transfereurope.com\/sk\/lyziarske-transfery\/transfery-z-letiska-katowice-do-lyziarskych-stredisk\/transfer-z-letiska-katowice-na-lyziarske-stredisko-ramzova-petrikov\/#breadcrumb\"},\"inLanguage\":\"sk-SK\",\"potentialAction\":[{\"@type\":\"ReadAction\",\"target\":[\"https:\/\/transfereurope.com\/sk\/lyziarske-transfery\/transfery-z-letiska-katowice-do-lyziarskych-stredisk\/transfer-z-letiska-katowice-na-lyziarske-stredisko-ramzova-petrikov\/\"]}]},{\"@type\":\"ImageObject\",\"inLanguage\":\"sk-SK\",\"@id\":\"https:\/\/transfereurope.com\/sk\/lyziarske-transfery\/transfery-z-letiska-katowice-do-lyziarskych-stredisk\/transfer-z-letiska-katowice-na-lyziarske-stredisko-ramzova-petrikov\/#primaryimage\",\"url\":\"https:\/\/transfereurope.com\/wp-content\/uploads\/2025\/08\/Katowice-Airport-to-Ramzova-Petrikov-Ski-Transfer-Service-2-1.png\",\"contentUrl\":\"https:\/\/transfereurope.com\/wp-content\/uploads\/2025\/08\/Katowice-Airport-to-Ramzova-Petrikov-Ski-Transfer-Service-2-1.png\",\"width\":940,\"height\":788},{\"@type\":\"BreadcrumbList\",\"@id\":\"https:\/\/transfereurope.com\/sk\/lyziarske-transfery\/transfery-z-letiska-katowice-do-lyziarskych-stredisk\/transfer-z-letiska-katowice-na-lyziarske-stredisko-ramzova-petrikov\/#breadcrumb\",\"itemListElement\":[{\"@type\":\"ListItem\",\"position\":1,\"name\":\"Home\",\"item\":\"https:\/\/transfereurope.com\/sk\/\"},{\"@type\":\"ListItem\",\"position\":2,\"name\":\"Transfer z letiska Katowice na ly\u017eiarske stredisko Ramzov\u00e1-Petrikov\"}]},{\"@type\":\"WebSite\",\"@id\":\"https:\/\/transfereurope.com\/sk\/#website\",\"url\":\"https:\/\/transfereurope.com\/sk\/\",\"name\":\"transfereurope\",\"description\":\"\",\"publisher\":{\"@id\":\"https:\/\/transfereurope.com\/sk\/#organization\"},\"potentialAction\":[{\"@type\":\"SearchAction\",\"target\":{\"@type\":\"EntryPoint\",\"urlTemplate\":\"https:\/\/transfereurope.com\/sk\/?s={search_term_string}\"},\"query-input\":{\"@type\":\"PropertyValueSpecification\",\"valueRequired\":true,\"valueName\":\"search_term_string\"}}],\"inLanguage\":\"sk-SK\"},{\"@type\":\"Organization\",\"@id\":\"https:\/\/transfereurope.com\/sk\/#organization\",\"name\":\"transfereurope\",\"url\":\"https:\/\/transfereurope.com\/sk\/\",\"logo\":{\"@type\":\"ImageObject\",\"inLanguage\":\"sk-SK\",\"@id\":\"https:\/\/transfereurope.com\/sk\/#\/schema\/logo\/image\/\",\"url\":\"https:\/\/transfereurope.com\/wp-content\/uploads\/2025\/08\/TRANSFERS-1655.png\",\"contentUrl\":\"https:\/\/transfereurope.com\/wp-content\/uploads\/2025\/08\/TRANSFERS-1655.png\",\"width\":500,\"height\":274,\"caption\":\"transfereurope\"},\"image\":{\"@id\":\"https:\/\/transfereurope.com\/sk\/#\/schema\/logo\/image\/\"}}]}<\/script>\n<!-- \/ Yoast SEO plugin. -->","yoast_head_json":{"title":"Transfer z letiska Katowice na ly\u017eiarske stredisko Ramzov\u00e1-Petrikov","description":"Sk\u00fasenosti s transfermi z letiska Katowice na ly\u017eiarske stredisko Ramzov\u00e1-Petrikov. Rezervujte si e\u0161te dnes a u\u017eite si cestovanie bez stresu s malebn\u00fdm v\u00fdh\u013eadom. Zavolajte n\u00e1m \u260e +421 940 904 184 pre individu\u00e1lnu pomoc.","robots":{"index":"index","follow":"follow","max-snippet":"max-snippet:-1","max-image-preview":"max-image-preview:large","max-video-preview":"max-video-preview:-1"},"canonical":"https:\/\/transfereurope.com\/sk\/lyziarske-transfery\/transfery-z-letiska-katowice-do-lyziarskych-stredisk\/transfer-z-letiska-katowice-na-lyziarske-stredisko-ramzova-petrikov\/","og_locale":"sk_SK","og_type":"article","og_title":"Transfer z letiska Katowice na ly\u017eiarske stredisko Ramzov\u00e1-Petrikov","og_description":"Sk\u00fasenosti s transfermi z letiska Katowice na ly\u017eiarske stredisko Ramzov\u00e1-Petrikov. Rezervujte si e\u0161te dnes a u\u017eite si cestovanie bez stresu s malebn\u00fdm v\u00fdh\u013eadom. Zavolajte n\u00e1m \u260e +421 940 904 184 pre individu\u00e1lnu pomoc.","og_url":"https:\/\/transfereurope.com\/sk\/lyziarske-transfery\/transfery-z-letiska-katowice-do-lyziarskych-stredisk\/transfer-z-letiska-katowice-na-lyziarske-stredisko-ramzova-petrikov\/","og_site_name":"transfereurope","og_image":[{"width":940,"height":788,"url":"https:\/\/transfereurope.com\/wp-content\/uploads\/2025\/08\/Katowice-Airport-to-Ramzova-Petrikov-Ski-Transfer-Service-2-1.png","type":"image\/png"}],"twitter_card":"summary_large_image","twitter_misc":{"Predpokladan\u00fd \u010das \u010d\u00edtania":"3 min\u00faty"},"schema":{"@context":"https:\/\/schema.org","@graph":[{"@type":"WebPage","@id":"https:\/\/transfereurope.com\/sk\/lyziarske-transfery\/transfery-z-letiska-katowice-do-lyziarskych-stredisk\/transfer-z-letiska-katowice-na-lyziarske-stredisko-ramzova-petrikov\/","url":"https:\/\/transfereurope.com\/sk\/lyziarske-transfery\/transfery-z-letiska-katowice-do-lyziarskych-stredisk\/transfer-z-letiska-katowice-na-lyziarske-stredisko-ramzova-petrikov\/","name":"Transfer z letiska Katowice na ly\u017eiarske stredisko Ramzov\u00e1-Petrikov","isPartOf":{"@id":"https:\/\/transfereurope.com\/sk\/#website"},"primaryImageOfPage":{"@id":"https:\/\/transfereurope.com\/sk\/lyziarske-transfery\/transfery-z-letiska-katowice-do-lyziarskych-stredisk\/transfer-z-letiska-katowice-na-lyziarske-stredisko-ramzova-petrikov\/#primaryimage"},"image":{"@id":"https:\/\/transfereurope.com\/sk\/lyziarske-transfery\/transfery-z-letiska-katowice-do-lyziarskych-stredisk\/transfer-z-letiska-katowice-na-lyziarske-stredisko-ramzova-petrikov\/#primaryimage"},"thumbnailUrl":"https:\/\/transfereurope.com\/wp-content\/uploads\/2025\/08\/Katowice-Airport-to-Ramzova-Petrikov-Ski-Transfer-Service-2-1.png","datePublished":"2025-08-06T05:32:34+00:00","description":"Sk\u00fasenosti s transfermi z letiska Katowice na ly\u017eiarske stredisko Ramzov\u00e1-Petrikov. Rezervujte si e\u0161te dnes a u\u017eite si cestovanie bez stresu s malebn\u00fdm v\u00fdh\u013eadom. Zavolajte n\u00e1m \u260e +421 940 904 184 pre individu\u00e1lnu pomoc.","breadcrumb":{"@id":"https:\/\/transfereurope.com\/sk\/lyziarske-transfery\/transfery-z-letiska-katowice-do-lyziarskych-stredisk\/transfer-z-letiska-katowice-na-lyziarske-stredisko-ramzova-petrikov\/#breadcrumb"},"inLanguage":"sk-SK","potentialAction":[{"@type":"ReadAction","target":["https:\/\/transfereurope.com\/sk\/lyziarske-transfery\/transfery-z-letiska-katowice-do-lyziarskych-stredisk\/transfer-z-letiska-katowice-na-lyziarske-stredisko-ramzova-petrikov\/"]}]},{"@type":"ImageObject","inLanguage":"sk-SK","@id":"https:\/\/transfereurope.com\/sk\/lyziarske-transfery\/transfery-z-letiska-katowice-do-lyziarskych-stredisk\/transfer-z-letiska-katowice-na-lyziarske-stredisko-ramzova-petrikov\/#primaryimage","url":"https:\/\/transfereurope.com\/wp-content\/uploads\/2025\/08\/Katowice-Airport-to-Ramzova-Petrikov-Ski-Transfer-Service-2-1.png","contentUrl":"https:\/\/transfereurope.com\/wp-content\/uploads\/2025\/08\/Katowice-Airport-to-Ramzova-Petrikov-Ski-Transfer-Service-2-1.png","width":940,"height":788},{"@type":"BreadcrumbList","@id":"https:\/\/transfereurope.com\/sk\/lyziarske-transfery\/transfery-z-letiska-katowice-do-lyziarskych-stredisk\/transfer-z-letiska-katowice-na-lyziarske-stredisko-ramzova-petrikov\/#breadcrumb","itemListElement":[{"@type":"ListItem","position":1,"name":"Home","item":"https:\/\/transfereurope.com\/sk\/"},{"@type":"ListItem","position":2,"name":"Transfer z letiska Katowice na ly\u017eiarske stredisko Ramzov\u00e1-Petrikov"}]},{"@type":"WebSite","@id":"https:\/\/transfereurope.com\/sk\/#website","url":"https:\/\/transfereurope.com\/sk\/","name":"transfereurope","description":"","publisher":{"@id":"https:\/\/transfereurope.com\/sk\/#organization"},"potentialAction":[{"@type":"SearchAction","target":{"@type":"EntryPoint","urlTemplate":"https:\/\/transfereurope.com\/sk\/?s={search_term_string}"},"query-input":{"@type":"PropertyValueSpecification","valueRequired":true,"valueName":"search_term_string"}}],"inLanguage":"sk-SK"},{"@type":"Organization","@id":"https:\/\/transfereurope.com\/sk\/#organization","name":"transfereurope","url":"https:\/\/transfereurope.com\/sk\/","logo":{"@type":"ImageObject","inLanguage":"sk-SK","@id":"https:\/\/transfereurope.com\/sk\/#\/schema\/logo\/image\/","url":"https:\/\/transfereurope.com\/wp-content\/uploads\/2025\/08\/TRANSFERS-1655.png","contentUrl":"https:\/\/transfereurope.com\/wp-content\/uploads\/2025\/08\/TRANSFERS-1655.png","width":500,"height":274,"caption":"transfereurope"},"image":{"@id":"https:\/\/transfereurope.com\/sk\/#\/schema\/logo\/image\/"}}]}},"_links":{"self":[{"href":"https:\/\/transfereurope.com\/sk\/wp-json\/wp\/v2\/pages\/94014","targetHints":{"allow":["GET"]}}],"collection":[{"href":"https:\/\/transfereurope.com\/sk\/wp-json\/wp\/v2\/pages"}],"about":[{"href":"https:\/\/transfereurope.com\/sk\/wp-json\/wp\/v2\/types\/page"}],"author":[{"embeddable":true,"href":"https:\/\/transfereurope.com\/sk\/wp-json\/wp\/v2\/users\/1"}],"replies":[{"embeddable":true,"href":"https:\/\/transfereurope.com\/sk\/wp-json\/wp\/v2\/comments?post=94014"}],"version-history":[{"count":0,"href":"https:\/\/transfereurope.com\/sk\/wp-json\/wp\/v2\/pages\/94014\/revisions"}],"up":[{"embeddable":true,"href":"https:\/\/transfereurope.com\/sk\/wp-json\/wp\/v2\/pages\/20907"}],"wp:featuredmedia":[{"embeddable":true,"href":"https:\/\/transfereurope.com\/sk\/wp-json\/wp\/v2\/media\/94015"}],"wp:attachment":[{"href":"https:\/\/transfereurope.com\/sk\/wp-json\/wp\/v2\/media?parent=94014"}],"curies":[{"name":"wp","href":"https:\/\/api.w.org\/{rel}","templated":true}]}}