{"id":93903,"date":"2025-08-06T05:30:21","date_gmt":"2025-08-06T05:30:21","guid":{"rendered":"https:\/\/transfereurope.com\/transfer-z-letiska-katowice-na-lyziarske-stredisko-zakopane\/"},"modified":"2025-08-06T05:30:21","modified_gmt":"2025-08-06T05:30:21","slug":"transfer-z-letiska-katowice-na-lyziarske-stredisko-zakopane","status":"publish","type":"page","link":"https:\/\/transfereurope.com\/sk\/lyziarske-transfery\/transfery-z-letiska-katowice-do-lyziarskych-stredisk\/transfer-z-letiska-katowice-na-lyziarske-stredisko-zakopane\/","title":{"rendered":"Transfer z letiska Katowice na ly\u017eiarske stredisko Zakopane"},"content":{"rendered":"\n<div id=\"t4-masthead\" class=\"t4-section  t4-masthead\">\n<div class=\"t4-col text-center\">\n<div class=\"ja-masthead\" >\n<div class=\"ja-masthead-detail\">\n<h1 class=\"ja-masthead-title\">Transfer z letiska Katowice na ly\u017eiarske stredisko Zakopane<\/h1>\n<p>                 <!---->            <\/p>\n<div class=\"block-breadcrumb\">                       <\/div>\n<\/p><\/div>\n<\/p><\/div>\n<pre><\/pre>\n<\/div>\n<\/div>\n<div id=\"t4-main-body\" class=\"t4-section  t4-main-body\" role=\"main body\">\n<div class=\"t4-section-inner container\">\n<div class=\"t4-row row\">\n<div class=\"t4-col col-12 col-xl\">\n<div id=\"system-message-container\"> \t<\/div>\n<div class=\"com-content-article item-page view-tour-detail\">\n<div class=\"tour-top-info clearfix\">\n<div class=\"pull-left\">\n<div class=\"category-article-dot\">\n<div class=\"category-name\"> \t\t\t\t\t<a href=\"\/sk\/lyziarske-transfery\/transfery-z-letiska-katowice-do-lyziarskych-stredisk\" itemprop=\"genre\">Transfery z letiska Katowice do ly\u017eiarskych stred\u00edsk<\/a> \t\t\t\t<\/div>\n<\/p><\/div>\n<\/p><\/div>\n<div class=\"pull-right\">\n<div class=\"text-danger tour-price\"> \t\t\t\t\t\t<a href=\"\/sk\/rezervovat-transfer\">Rezervova\u0165<\/a><\/div>\n<\/p><\/div>\n<\/p><\/div>\n<p>  \t <!--\t-->  \t<\/p>\n<div class=\"vm-product-container\">\n<figure class=\"pull-left item-image\">\n<div class=\"main-image\"> \t\t<a  rel='vm-additional-images' href=\"\/images\/virtuemart\/product\/Katowice Airport to Zakopane Ski Transfer Service.png\"><img decoding=\"async\"  loading=\"lazy\"  src=\"\/wp-content\/uploads\/2025\/08\/Katowice-Airport-to-Zakopane-Ski-Transfer-Service-8.png\"  \/><\/a>\t\t<\/p>\n<div class=\"clear\"><\/div>\n<\/p><\/div>\n<\/figure>\n<div class=\"vm-product-details-container\">\n<div class=\"spacer-buy-area\">    \t\t \t\t<\/div>\n<\/p><\/div>\n<div class=\"clear\"><\/div>\n<\/p><\/div>\n<div class=\"product-description\" >\n<h2 style=\"text-align: center;\">Transfer z letiska Katowice do Zakopan\u00e9ho: Cesta do zimnej krajiny z\u00e1zrakov<\/h2>\n<p>Vydajte sa na fascinuj\u00facu cestu do Zakopan\u00e9ho, hlavnej ly\u017eiarskej destin\u00e1cie v Po\u013esku, s na\u0161ou \u0161pecializovanou slu\u017ebou transferu z letiska Katovice. Zakopan\u00e9 je zn\u00e1me svojou \u00fachvatnou horskou scen\u00e9riou a \u017eivou ly\u017eiarskou kult\u00farou a je rajom pre milovn\u00edkov zimn\u00fdch \u0161portov. \u010ci u\u017e ste za\u010diato\u010dn\u00edk alebo sk\u00fasen\u00fd ly\u017eiar, rozmanit\u00e9 zjazdovky a \u017eiv\u00e1 apr\u00e9s-ski sc\u00e9na v Zakopanom s\u013eubuj\u00fa nezabudnute\u013en\u00fd z\u00e1\u017eitok. Toto o\u010daruj\u00face ly\u017eiarske mesto sa nach\u00e1dza pribli\u017ene 220 kilometrov od letiska v Katoviciach a je dostupn\u00e9 pribli\u017ene za 3 hodiny, \u010do vytv\u00e1ra predpoklady na dobrodru\u017estvo uprostred Tatier.<\/p>\n<p style=\"text-align: center;\"><a class=\"btn btn-primary\" href=\"\/sk\/rezervovat-transfer-z-na-letisko\">Rezervova\u0165<\/a><\/p>\n<p style=\"text-align: left;\"><img decoding=\"async\" src=\"\/wp-content\/uploads\/2025\/08\/Katowice_Airport_to_Zakopane_Ski_Transfer_Service-1-scaled.jpg\" alt=\"\" \/><\/p>\n<h3>Pre\u010do si vybra\u0165 n\u00e1s pre transfer z letiska Katowice do ly\u017eiarskeho strediska Zakopan\u00e9?<\/h3>\n<p>Transfer Europe sa postar\u00e1 o to, aby va\u0161a cesta do Zakopan\u00e9ho bola rovnako n\u00e1dhern\u00e1 ako samotn\u00e1 destin\u00e1cia, a pon\u00faka:<\/p>\n<ul>\n<li><strong>Konkuren\u010dn\u00e9 ceny:<\/strong> Vysokokvalitn\u00e9 slu\u017eby za cenu, ktor\u00e1 je v s\u00falade s va\u0161\u00edm rozpo\u010dtom.<\/li>\n<li><strong>Modern\u00fd vozov\u00fd park:<\/strong> Na\u0161a flotila nov\u00fdch vozidiel zaru\u010duje spo\u013eahliv\u00fa a pohodln\u00fa cestu.<\/li>\n<li><strong>Priestrann\u00e9 ubytovanie:<\/strong> Ve\u013ekorys\u00fd bato\u017einov\u00fd priestor pre v\u0161etku va\u0161u ly\u017eiarsku v\u00fdbavu spolu s priestrann\u00fdm interi\u00e9rom.<\/li>\n<li><strong>Funkcie vhodn\u00e9 pre rodiny:<\/strong> Pre bezpe\u010dnos\u0165 a pohodlie va\u0161ich mal\u00fdch cestovate\u013eov s\u00fa k dispoz\u00edcii detsk\u00e9 seda\u010dky.<\/li>\n<li><strong>Profesion\u00e1lni vodi\u010di:<\/strong> Na\u0161i vodi\u010di s\u00fa odborn\u00edci na miestne trasy, \u010do zaru\u010duje bezpe\u010dn\u00fa a bezprobl\u00e9mov\u00fa cestu.<\/li>\n<li><strong>Slu\u017eba \u010dakania na letisku:<\/strong> Vodi\u010d v\u00e1s priv\u00edta po pr\u00edchode na letisko a po\u010dk\u00e1 na v\u00e1s aj v pr\u00edpade me\u0161kania letu bez dodato\u010dn\u00fdch poplatkov za \u010das \u010dakania.<\/li>\n<li><strong>Zast\u00e1vky na mieru:<\/strong> Cestu si m\u00f4\u017eete prisp\u00f4sobi\u0165 prest\u00e1vkami na ob\u010derstvenie alebo vyhliadkov\u00fdmi zast\u00e1vkami na \u017eelanie.<\/li>\n<\/ul>\n<p style=\"text-align: center;\"><a class=\"btn btn-primary\" href=\"\/sk\/rezervovat-transfer-z-na-letisko\">Rezervova\u0165<\/a><\/p>\n<p style=\"text-align: left;\"><img decoding=\"async\" src=\"\/wp-content\/uploads\/2025\/08\/Katowice_Airport_to_Zakopane_Ski_Transfer_Service-1.png\" alt=\"\" \/><\/p>\n<h3><a href=\"\/sk\/vozovy-park\">Na\u0161a rozmanit\u00e1 flotila<\/a> pre va\u0161u cestu z letiska Katowice do Zakopan\u00e9ho<\/h3>\n<p>Vyberte si z n\u00e1\u0161ho rozmanit\u00e9ho vozov\u00e9ho parku ide\u00e1lne vozidlo na ly\u017eova\u010dku v Zakopanom:<\/p>\n<ul>\n<li><strong>Minivany:<\/strong> Ide\u00e1lne pre skupiny alebo rodiny, poskytuj\u00fa priestrann\u00e9 pohodlie pre cestuj\u00facich a ly\u017eiarske vybavenie.<\/li>\n<li><strong>Jeepy:<\/strong> \u0160peci\u00e1lne vhodn\u00e9 do horsk\u00e9ho ter\u00e9nu, pon\u00fakaj\u00face bezpe\u010dn\u00e9 a stabiln\u00e9 cestovanie.<\/li>\n<li><strong>Luxusn\u00e9 vozidl\u00e1:<\/strong> Na\u0161u luxusn\u00fa v\u00fdpravu obohatia luxusn\u00e9 aut\u00e1, ktor\u00e9 s\u00fa ide\u00e1lne na oddych pred vzru\u0161uj\u00facim d\u0148om na svahu.<\/li>\n<\/ul>\n<h3>Rezervujte si transfer z letiska Katowice do ly\u017eiarskeho strediska Zakopane e\u0161te dnes<\/h3>\n<p>Ste pripraven\u00ed za\u010da\u0165 svoje ly\u017eiarske dobrodru\u017estvo? Rezerv\u00e1cia transferu je jednoduch\u00e1. Jednoducho pou\u017eite n\u00e1\u0161 online rezerva\u010dn\u00fd formul\u00e1r a zabezpe\u010dte si prepravu. Ak chcete z\u00edska\u0165 individu\u00e1lnej\u0161ie slu\u017eby, m\u00f4\u017eete n\u00e1s kontaktova\u0165 prostredn\u00edctvom aplik\u00e1cie WhatsApp, Telegram alebo priameho telefon\u00e1tu. Vyberte si Transfer Europe pre bezprobl\u00e9mov\u00fa cestu do ly\u017eiarskeho strediska Zakopan\u00e9. Rezervujte si teraz a ponorte sa do ly\u017eiarskeho z\u00e1\u017eitku, v ktorom sa komfort sn\u00fabi so vzru\u0161en\u00edm zo zjazdoviek.<\/p>\n<p style=\"text-align: center;\"><a class=\"btn btn-primary\" href=\"\/sk\/rezervovat-transfer-z-na-letisko\">Rezervova\u0165<\/a><\/p>\n<p style=\"text-align: center;\">\u00a0<\/p>\n<\/p><\/div>\n<div class=\"product-price-container\">\n<div class=\"sale-price\"> \t\t<\/div>\n<\/p><\/div>\n<div class=\"options\"><\/div>\n<div> \t\t<\/div>\n<p>   \t        <script type=\"text\/javascript\" ><\/script>  <script type=\"text\/javascript\" ><\/script> <script type=\"text\/javascript\" ><\/script>  <script type=\"text\/javascript\" ><\/script> <script type=\"text\/javascript\" ><\/script> <script type=\"text\/javascript\" ><\/script> <script type=\"text\/javascript\" ><\/script> <\/div>\n<p> \t\t<!-- \u041f\u043b\u0430\u0433\u0438\u043d \u0440\u0435\u0439\u0442\u0438\u043d\u0433\u0430 --> <\/p>\n<div class=\"vrvote-body\">\n<ul class=\"vrvote-ul\">\n<li id=\"rating_198\" class=\"current-rating\" style=\"width:90.91%;\"><\/li>\n<li> \t\t\t\t\t\t<a class=\"vr-one-star\" onclick=\"javascript:JSVRvote(198,1,50,11,0)\" href=\"javascript:void(null)\">1<\/a> \t\t\t\t\t<\/li>\n<li> \t\t\t\t\t\t<a class=\"vr-two-stars\" onclick=\"javascript:JSVRvote(198,2,50,11,0)\" href=\"javascript:void(null)\">2<\/a> \t\t\t\t\t<\/li>\n<li> \t\t\t\t\t\t<a class=\"vr-three-stars\" onclick=\"javascript:JSVRvote(198,3,50,11,0)\" href=\"javascript:void(null)\">3<\/a> \t\t\t\t\t<\/li>\n<li> \t\t\t\t\t\t<a class=\"vr-four-stars\" onclick=\"javascript:JSVRvote(198,4,50,11,0)\" href=\"javascript:void(null)\">4<\/a> \t\t\t\t\t<\/li>\n<li> \t\t\t\t\t\t<a class=\"vr-five-stars\" onclick=\"javascript:JSVRvote(198,5,50,11,0)\" href=\"javascript:void(null)\">5<\/a> \t\t\t\t\t<\/li>\n<\/ul><\/div>\n<p> \t\t\t<span id=\"vrvote_198\" class=\"vrvote-count\"><small><\/small><\/span>\t<\/span><script type=\"application\/ld+json\"><\/script>   <\/div>\n<div class=\"t4-col sidebar-r col-12 col-xl-4\">\n<div class=\"t4-module module\" id=\"Mod306\">\n<div class=\"module-inner\">\n<div class=\"module-ct\">\n<div class=\"bannergroup\">\n<div class=\"banneritem\"> \t\t\t\t\t\t\t\t\t\t\t\t\t\t\t\t\t\t\t\t\t\t\t\t\t\t\t\t\t\t\t\t\t\t\t\t\t\t\t\t\t\t\t\t\t\t\t\t\t\t<img \t\t\t\t\t\tsrc=\"\/wp-content\/uploads\/2025\/08\/banner-transfer-europe-sk-553.png\" \t\t\t\t\t\talt=\"Banner-sk\" \t\t\t\t\t\t\t\t\t\t\t\t\t\t\t\t\t\/> \t\t\t\t\t\t\t\t\t\t\t<\/p>\n<div class=\"clr\"><\/div>\n<\/p><\/div>\n<\/p><\/div>\n<\/p><\/div>\n<\/div>\n<\/div><\/div>\n<\/p><\/div>\n<\/div><\/div>\n<div id=\"t4-section-8\" class=\"t4-section  t4-section-8  section-border-top\" role=\"section-8\">\n<div class=\"bg-overlay bg-overlay-image\">&nbsp;<\/div>\n<\/p><\/div>\n<p>  <a href='javascript:' id='back-to-top'><i class='fa fa-chevron-up'><\/i><\/a>                <\/p>\n","protected":false},"excerpt":{"rendered":"<p>Transfer z letiska Katowice na ly\u017eiarske stredisko Zakopane Transfery z letiska Katowice do ly\u017eiarskych stred\u00edsk Rezervova\u0165 Transfer z letiska Katowice do Zakopan\u00e9ho: Cesta do zimnej krajiny z\u00e1zrakov Vydajte sa na fascinuj\u00facu cestu do Zakopan\u00e9ho, hlavnej ly\u017eiarskej destin\u00e1cie v Po\u013esku, s na\u0161ou \u0161pecializovanou slu\u017ebou transferu z letiska Katovice. Zakopan\u00e9 je zn\u00e1me svojou \u00fachvatnou horskou scen\u00e9riou a [&hellip;]<\/p>\n","protected":false},"author":1,"featured_media":93904,"parent":20907,"menu_order":0,"comment_status":"closed","ping_status":"closed","template":"","meta":{"footnotes":""},"class_list":["post-93903","page","type-page","status-publish","has-post-thumbnail","hentry"],"yoast_head":"<!-- This site is optimized with the Yoast SEO plugin v25.6 - https:\/\/yoast.com\/wordpress\/plugins\/seo\/ -->\n<title>Transfer z letiska Katowice na ly\u017eiarske stredisko Zakopane<\/title>\n<meta name=\"description\" content=\"Za\u017eite transfery z letiska Katowice na ly\u017eiarske stredisko Zakopane. Rezervujte si e\u0161te dnes a u\u017eite si cestovanie bez stresu s malebn\u00fdm v\u00fdh\u013eadom. Zavolajte n\u00e1m \u260e +421 940 904 184 pre individu\u00e1lnu pomoc.\" \/>\n<meta name=\"robots\" content=\"index, follow, max-snippet:-1, max-image-preview:large, max-video-preview:-1\" \/>\n<link rel=\"canonical\" href=\"https:\/\/transfereurope.com\/sk\/lyziarske-transfery\/transfery-z-letiska-katowice-do-lyziarskych-stredisk\/transfer-z-letiska-katowice-na-lyziarske-stredisko-zakopane\/\" \/>\n<meta property=\"og:locale\" content=\"sk_SK\" \/>\n<meta property=\"og:type\" content=\"article\" \/>\n<meta property=\"og:title\" content=\"Transfer z letiska Katowice na ly\u017eiarske stredisko Zakopane\" \/>\n<meta property=\"og:description\" content=\"Za\u017eite transfery z letiska Katowice na ly\u017eiarske stredisko Zakopane. Rezervujte si e\u0161te dnes a u\u017eite si cestovanie bez stresu s malebn\u00fdm v\u00fdh\u013eadom. Zavolajte n\u00e1m \u260e +421 940 904 184 pre individu\u00e1lnu pomoc.\" \/>\n<meta property=\"og:url\" content=\"https:\/\/transfereurope.com\/sk\/lyziarske-transfery\/transfery-z-letiska-katowice-do-lyziarskych-stredisk\/transfer-z-letiska-katowice-na-lyziarske-stredisko-zakopane\/\" \/>\n<meta property=\"og:site_name\" content=\"transfereurope\" \/>\n<meta property=\"og:image\" content=\"https:\/\/transfereurope.com\/wp-content\/uploads\/2025\/08\/Katowice-Airport-to-Zakopane-Ski-Transfer-Service-8-1.png\" \/>\n\t<meta property=\"og:image:width\" content=\"940\" \/>\n\t<meta property=\"og:image:height\" content=\"788\" \/>\n\t<meta property=\"og:image:type\" content=\"image\/png\" \/>\n<meta name=\"twitter:card\" content=\"summary_large_image\" \/>\n<meta name=\"twitter:label1\" content=\"Predpokladan\u00fd \u010das \u010d\u00edtania\" \/>\n\t<meta name=\"twitter:data1\" content=\"3 min\u00faty\" \/>\n<script type=\"application\/ld+json\" class=\"yoast-schema-graph\">{\"@context\":\"https:\/\/schema.org\",\"@graph\":[{\"@type\":\"WebPage\",\"@id\":\"https:\/\/transfereurope.com\/sk\/lyziarske-transfery\/transfery-z-letiska-katowice-do-lyziarskych-stredisk\/transfer-z-letiska-katowice-na-lyziarske-stredisko-zakopane\/\",\"url\":\"https:\/\/transfereurope.com\/sk\/lyziarske-transfery\/transfery-z-letiska-katowice-do-lyziarskych-stredisk\/transfer-z-letiska-katowice-na-lyziarske-stredisko-zakopane\/\",\"name\":\"Transfer z letiska Katowice na ly\u017eiarske stredisko Zakopane\",\"isPartOf\":{\"@id\":\"https:\/\/transfereurope.com\/sk\/#website\"},\"primaryImageOfPage\":{\"@id\":\"https:\/\/transfereurope.com\/sk\/lyziarske-transfery\/transfery-z-letiska-katowice-do-lyziarskych-stredisk\/transfer-z-letiska-katowice-na-lyziarske-stredisko-zakopane\/#primaryimage\"},\"image\":{\"@id\":\"https:\/\/transfereurope.com\/sk\/lyziarske-transfery\/transfery-z-letiska-katowice-do-lyziarskych-stredisk\/transfer-z-letiska-katowice-na-lyziarske-stredisko-zakopane\/#primaryimage\"},\"thumbnailUrl\":\"https:\/\/transfereurope.com\/wp-content\/uploads\/2025\/08\/Katowice-Airport-to-Zakopane-Ski-Transfer-Service-8-1.png\",\"datePublished\":\"2025-08-06T05:30:21+00:00\",\"description\":\"Za\u017eite transfery z letiska Katowice na ly\u017eiarske stredisko Zakopane. Rezervujte si e\u0161te dnes a u\u017eite si cestovanie bez stresu s malebn\u00fdm v\u00fdh\u013eadom. Zavolajte n\u00e1m \u260e +421 940 904 184 pre individu\u00e1lnu pomoc.\",\"breadcrumb\":{\"@id\":\"https:\/\/transfereurope.com\/sk\/lyziarske-transfery\/transfery-z-letiska-katowice-do-lyziarskych-stredisk\/transfer-z-letiska-katowice-na-lyziarske-stredisko-zakopane\/#breadcrumb\"},\"inLanguage\":\"sk-SK\",\"potentialAction\":[{\"@type\":\"ReadAction\",\"target\":[\"https:\/\/transfereurope.com\/sk\/lyziarske-transfery\/transfery-z-letiska-katowice-do-lyziarskych-stredisk\/transfer-z-letiska-katowice-na-lyziarske-stredisko-zakopane\/\"]}]},{\"@type\":\"ImageObject\",\"inLanguage\":\"sk-SK\",\"@id\":\"https:\/\/transfereurope.com\/sk\/lyziarske-transfery\/transfery-z-letiska-katowice-do-lyziarskych-stredisk\/transfer-z-letiska-katowice-na-lyziarske-stredisko-zakopane\/#primaryimage\",\"url\":\"https:\/\/transfereurope.com\/wp-content\/uploads\/2025\/08\/Katowice-Airport-to-Zakopane-Ski-Transfer-Service-8-1.png\",\"contentUrl\":\"https:\/\/transfereurope.com\/wp-content\/uploads\/2025\/08\/Katowice-Airport-to-Zakopane-Ski-Transfer-Service-8-1.png\",\"width\":940,\"height\":788},{\"@type\":\"BreadcrumbList\",\"@id\":\"https:\/\/transfereurope.com\/sk\/lyziarske-transfery\/transfery-z-letiska-katowice-do-lyziarskych-stredisk\/transfer-z-letiska-katowice-na-lyziarske-stredisko-zakopane\/#breadcrumb\",\"itemListElement\":[{\"@type\":\"ListItem\",\"position\":1,\"name\":\"Home\",\"item\":\"https:\/\/transfereurope.com\/sk\/\"},{\"@type\":\"ListItem\",\"position\":2,\"name\":\"Transfer z letiska Katowice na ly\u017eiarske stredisko Zakopane\"}]},{\"@type\":\"WebSite\",\"@id\":\"https:\/\/transfereurope.com\/sk\/#website\",\"url\":\"https:\/\/transfereurope.com\/sk\/\",\"name\":\"transfereurope\",\"description\":\"\",\"publisher\":{\"@id\":\"https:\/\/transfereurope.com\/sk\/#organization\"},\"potentialAction\":[{\"@type\":\"SearchAction\",\"target\":{\"@type\":\"EntryPoint\",\"urlTemplate\":\"https:\/\/transfereurope.com\/sk\/?s={search_term_string}\"},\"query-input\":{\"@type\":\"PropertyValueSpecification\",\"valueRequired\":true,\"valueName\":\"search_term_string\"}}],\"inLanguage\":\"sk-SK\"},{\"@type\":\"Organization\",\"@id\":\"https:\/\/transfereurope.com\/sk\/#organization\",\"name\":\"transfereurope\",\"url\":\"https:\/\/transfereurope.com\/sk\/\",\"logo\":{\"@type\":\"ImageObject\",\"inLanguage\":\"sk-SK\",\"@id\":\"https:\/\/transfereurope.com\/sk\/#\/schema\/logo\/image\/\",\"url\":\"https:\/\/transfereurope.com\/wp-content\/uploads\/2025\/08\/TRANSFERS-1655.png\",\"contentUrl\":\"https:\/\/transfereurope.com\/wp-content\/uploads\/2025\/08\/TRANSFERS-1655.png\",\"width\":500,\"height\":274,\"caption\":\"transfereurope\"},\"image\":{\"@id\":\"https:\/\/transfereurope.com\/sk\/#\/schema\/logo\/image\/\"}}]}<\/script>\n<!-- \/ Yoast SEO plugin. -->","yoast_head_json":{"title":"Transfer z letiska Katowice na ly\u017eiarske stredisko Zakopane","description":"Za\u017eite transfery z letiska Katowice na ly\u017eiarske stredisko Zakopane. Rezervujte si e\u0161te dnes a u\u017eite si cestovanie bez stresu s malebn\u00fdm v\u00fdh\u013eadom. Zavolajte n\u00e1m \u260e +421 940 904 184 pre individu\u00e1lnu pomoc.","robots":{"index":"index","follow":"follow","max-snippet":"max-snippet:-1","max-image-preview":"max-image-preview:large","max-video-preview":"max-video-preview:-1"},"canonical":"https:\/\/transfereurope.com\/sk\/lyziarske-transfery\/transfery-z-letiska-katowice-do-lyziarskych-stredisk\/transfer-z-letiska-katowice-na-lyziarske-stredisko-zakopane\/","og_locale":"sk_SK","og_type":"article","og_title":"Transfer z letiska Katowice na ly\u017eiarske stredisko Zakopane","og_description":"Za\u017eite transfery z letiska Katowice na ly\u017eiarske stredisko Zakopane. Rezervujte si e\u0161te dnes a u\u017eite si cestovanie bez stresu s malebn\u00fdm v\u00fdh\u013eadom. Zavolajte n\u00e1m \u260e +421 940 904 184 pre individu\u00e1lnu pomoc.","og_url":"https:\/\/transfereurope.com\/sk\/lyziarske-transfery\/transfery-z-letiska-katowice-do-lyziarskych-stredisk\/transfer-z-letiska-katowice-na-lyziarske-stredisko-zakopane\/","og_site_name":"transfereurope","og_image":[{"width":940,"height":788,"url":"https:\/\/transfereurope.com\/wp-content\/uploads\/2025\/08\/Katowice-Airport-to-Zakopane-Ski-Transfer-Service-8-1.png","type":"image\/png"}],"twitter_card":"summary_large_image","twitter_misc":{"Predpokladan\u00fd \u010das \u010d\u00edtania":"3 min\u00faty"},"schema":{"@context":"https:\/\/schema.org","@graph":[{"@type":"WebPage","@id":"https:\/\/transfereurope.com\/sk\/lyziarske-transfery\/transfery-z-letiska-katowice-do-lyziarskych-stredisk\/transfer-z-letiska-katowice-na-lyziarske-stredisko-zakopane\/","url":"https:\/\/transfereurope.com\/sk\/lyziarske-transfery\/transfery-z-letiska-katowice-do-lyziarskych-stredisk\/transfer-z-letiska-katowice-na-lyziarske-stredisko-zakopane\/","name":"Transfer z letiska Katowice na ly\u017eiarske stredisko Zakopane","isPartOf":{"@id":"https:\/\/transfereurope.com\/sk\/#website"},"primaryImageOfPage":{"@id":"https:\/\/transfereurope.com\/sk\/lyziarske-transfery\/transfery-z-letiska-katowice-do-lyziarskych-stredisk\/transfer-z-letiska-katowice-na-lyziarske-stredisko-zakopane\/#primaryimage"},"image":{"@id":"https:\/\/transfereurope.com\/sk\/lyziarske-transfery\/transfery-z-letiska-katowice-do-lyziarskych-stredisk\/transfer-z-letiska-katowice-na-lyziarske-stredisko-zakopane\/#primaryimage"},"thumbnailUrl":"https:\/\/transfereurope.com\/wp-content\/uploads\/2025\/08\/Katowice-Airport-to-Zakopane-Ski-Transfer-Service-8-1.png","datePublished":"2025-08-06T05:30:21+00:00","description":"Za\u017eite transfery z letiska Katowice na ly\u017eiarske stredisko Zakopane. Rezervujte si e\u0161te dnes a u\u017eite si cestovanie bez stresu s malebn\u00fdm v\u00fdh\u013eadom. Zavolajte n\u00e1m \u260e +421 940 904 184 pre individu\u00e1lnu pomoc.","breadcrumb":{"@id":"https:\/\/transfereurope.com\/sk\/lyziarske-transfery\/transfery-z-letiska-katowice-do-lyziarskych-stredisk\/transfer-z-letiska-katowice-na-lyziarske-stredisko-zakopane\/#breadcrumb"},"inLanguage":"sk-SK","potentialAction":[{"@type":"ReadAction","target":["https:\/\/transfereurope.com\/sk\/lyziarske-transfery\/transfery-z-letiska-katowice-do-lyziarskych-stredisk\/transfer-z-letiska-katowice-na-lyziarske-stredisko-zakopane\/"]}]},{"@type":"ImageObject","inLanguage":"sk-SK","@id":"https:\/\/transfereurope.com\/sk\/lyziarske-transfery\/transfery-z-letiska-katowice-do-lyziarskych-stredisk\/transfer-z-letiska-katowice-na-lyziarske-stredisko-zakopane\/#primaryimage","url":"https:\/\/transfereurope.com\/wp-content\/uploads\/2025\/08\/Katowice-Airport-to-Zakopane-Ski-Transfer-Service-8-1.png","contentUrl":"https:\/\/transfereurope.com\/wp-content\/uploads\/2025\/08\/Katowice-Airport-to-Zakopane-Ski-Transfer-Service-8-1.png","width":940,"height":788},{"@type":"BreadcrumbList","@id":"https:\/\/transfereurope.com\/sk\/lyziarske-transfery\/transfery-z-letiska-katowice-do-lyziarskych-stredisk\/transfer-z-letiska-katowice-na-lyziarske-stredisko-zakopane\/#breadcrumb","itemListElement":[{"@type":"ListItem","position":1,"name":"Home","item":"https:\/\/transfereurope.com\/sk\/"},{"@type":"ListItem","position":2,"name":"Transfer z letiska Katowice na ly\u017eiarske stredisko Zakopane"}]},{"@type":"WebSite","@id":"https:\/\/transfereurope.com\/sk\/#website","url":"https:\/\/transfereurope.com\/sk\/","name":"transfereurope","description":"","publisher":{"@id":"https:\/\/transfereurope.com\/sk\/#organization"},"potentialAction":[{"@type":"SearchAction","target":{"@type":"EntryPoint","urlTemplate":"https:\/\/transfereurope.com\/sk\/?s={search_term_string}"},"query-input":{"@type":"PropertyValueSpecification","valueRequired":true,"valueName":"search_term_string"}}],"inLanguage":"sk-SK"},{"@type":"Organization","@id":"https:\/\/transfereurope.com\/sk\/#organization","name":"transfereurope","url":"https:\/\/transfereurope.com\/sk\/","logo":{"@type":"ImageObject","inLanguage":"sk-SK","@id":"https:\/\/transfereurope.com\/sk\/#\/schema\/logo\/image\/","url":"https:\/\/transfereurope.com\/wp-content\/uploads\/2025\/08\/TRANSFERS-1655.png","contentUrl":"https:\/\/transfereurope.com\/wp-content\/uploads\/2025\/08\/TRANSFERS-1655.png","width":500,"height":274,"caption":"transfereurope"},"image":{"@id":"https:\/\/transfereurope.com\/sk\/#\/schema\/logo\/image\/"}}]}},"_links":{"self":[{"href":"https:\/\/transfereurope.com\/sk\/wp-json\/wp\/v2\/pages\/93903","targetHints":{"allow":["GET"]}}],"collection":[{"href":"https:\/\/transfereurope.com\/sk\/wp-json\/wp\/v2\/pages"}],"about":[{"href":"https:\/\/transfereurope.com\/sk\/wp-json\/wp\/v2\/types\/page"}],"author":[{"embeddable":true,"href":"https:\/\/transfereurope.com\/sk\/wp-json\/wp\/v2\/users\/1"}],"replies":[{"embeddable":true,"href":"https:\/\/transfereurope.com\/sk\/wp-json\/wp\/v2\/comments?post=93903"}],"version-history":[{"count":0,"href":"https:\/\/transfereurope.com\/sk\/wp-json\/wp\/v2\/pages\/93903\/revisions"}],"up":[{"embeddable":true,"href":"https:\/\/transfereurope.com\/sk\/wp-json\/wp\/v2\/pages\/20907"}],"wp:featuredmedia":[{"embeddable":true,"href":"https:\/\/transfereurope.com\/sk\/wp-json\/wp\/v2\/media\/93904"}],"wp:attachment":[{"href":"https:\/\/transfereurope.com\/sk\/wp-json\/wp\/v2\/media?parent=93903"}],"curies":[{"name":"wp","href":"https:\/\/api.w.org\/{rel}","templated":true}]}}