{"id":93792,"date":"2025-08-06T05:28:04","date_gmt":"2025-08-06T05:28:04","guid":{"rendered":"https:\/\/transfereurope.com\/transfer-z-letiska-katowice-do-lyziarskeho-strediska-szczyrk\/"},"modified":"2025-08-06T05:28:04","modified_gmt":"2025-08-06T05:28:04","slug":"transfer-z-letiska-katowice-do-lyziarskeho-strediska-szczyrk","status":"publish","type":"page","link":"https:\/\/transfereurope.com\/sk\/lyziarske-transfery\/transfery-z-letiska-katowice-do-lyziarskych-stredisk\/transfer-z-letiska-katowice-do-lyziarskeho-strediska-szczyrk\/","title":{"rendered":"Transfer z letiska Katowice do ly\u017eiarskeho strediska Szczyrk"},"content":{"rendered":"\n<div id=\"t4-masthead\" class=\"t4-section  t4-masthead\">\n<div class=\"t4-col text-center\">\n<div class=\"ja-masthead\" >\n<div class=\"ja-masthead-detail\">\n<h1 class=\"ja-masthead-title\">Transfer z letiska Katowice do ly\u017eiarskeho strediska Szczyrk<\/h1>\n<p>                 <!---->            <\/p>\n<div class=\"block-breadcrumb\">                       <\/div>\n<\/p><\/div>\n<\/p><\/div>\n<pre><\/pre>\n<\/div>\n<\/div>\n<div id=\"t4-main-body\" class=\"t4-section  t4-main-body\" role=\"main body\">\n<div class=\"t4-section-inner container\">\n<div class=\"t4-row row\">\n<div class=\"t4-col col-12 col-xl\">\n<div id=\"system-message-container\"> \t<\/div>\n<div class=\"com-content-article item-page view-tour-detail\">\n<div class=\"tour-top-info clearfix\">\n<div class=\"pull-left\">\n<div class=\"category-article-dot\">\n<div class=\"category-name\"> \t\t\t\t\t<a href=\"\/sk\/lyziarske-transfery\/transfery-z-letiska-katowice-do-lyziarskych-stredisk\" itemprop=\"genre\">Transfery z letiska Katowice do ly\u017eiarskych stred\u00edsk<\/a> \t\t\t\t<\/div>\n<\/p><\/div>\n<\/p><\/div>\n<div class=\"pull-right\">\n<div class=\"text-danger tour-price\"> \t\t\t\t\t\t<a href=\"\/sk\/rezervovat-transfer\">Rezervova\u0165<\/a><\/div>\n<\/p><\/div>\n<\/p><\/div>\n<p>  \t <!--\t-->  \t<\/p>\n<div class=\"vm-product-container\">\n<figure class=\"pull-left item-image\">\n<div class=\"main-image\"> \t\t<a  rel='vm-additional-images' href=\"\/images\/virtuemart\/product\/Katowice Airport to Szczyrk Ski Transfer Service.png\"><img decoding=\"async\"  loading=\"lazy\"  src=\"\/wp-content\/uploads\/2025\/08\/Katowice-Airport-to-Szczyrk-Ski-Transfer-Service-13.png\"  \/><\/a>\t\t<\/p>\n<div class=\"clear\"><\/div>\n<\/p><\/div>\n<\/figure>\n<div class=\"vm-product-details-container\">\n<div class=\"spacer-buy-area\">    \t\t \t\t<\/div>\n<\/p><\/div>\n<div class=\"clear\"><\/div>\n<\/p><\/div>\n<div class=\"product-description\" >\n<h2 style=\"text-align: center;\">Transfer z letiska Katowice na ly\u017eiarske stredisko Szczyrk: Va\u0161a br\u00e1na do zimnej krajiny z\u00e1zrakov<\/h2>\n<p>Vydajte sa na o\u010daruj\u00facu cestu do Szczyrku, \u0161pi\u010dkovej ly\u017eiarskej destin\u00e1cie v po\u013esk\u00fdch hor\u00e1ch, s na\u0161ou exkluz\u00edvnou slu\u017ebou transferu z letiska Katovice. Ly\u017eiarske stredisko Szczyrk, ktor\u00e9 je presl\u00e1ven\u00e9 svojou n\u00e1dhernou pr\u00edrodou a rozmanit\u00fdmi zjazdovkami, l\u00e1ka ly\u017eiarov v\u0161etk\u00fdch \u00farovn\u00ed a pon\u00faka v\u0161etko od miernych zjazdoviek pre za\u010diato\u010dn\u00edkov a\u017e po n\u00e1ro\u010dn\u00e9 trasy pre sk\u00fasen\u00fdch nad\u0161encov. Tento ly\u017eiarsky raj sa nach\u00e1dza len 120 kilometrov od letiska Katowice a je dostupn\u00fd pribli\u017ene za 2 hodiny jazdy. S na\u0161\u00edm profesion\u00e1lnym vodi\u010dom za volantom s\u013eubujeme, \u017ee va\u0161a cesta bude rovnako pr\u00edjemn\u00e1 a bezprobl\u00e9mov\u00e1 ako ly\u017eiarske dobrodru\u017estvo, ktor\u00e9 na v\u00e1s \u010dak\u00e1.<\/p>\n<p style=\"text-align: center;\"><a class=\"btn btn-primary\" href=\"\/sk\/rezervovat-transfer-z-na-letisko\">Rezervova\u0165<\/a><\/p>\n<p style=\"text-align: left;\">\u00a0<img decoding=\"async\" src=\"\/wp-content\/uploads\/2025\/08\/Katowice_Airport_to_Szczyrk_Ski_Transfer_Service-1-scaled.jpg\" alt=\"\" \/><\/p>\n<h3>Pre\u010do si vybra\u0165 Transfer Europe pre V\u00e1\u0161 ly\u017eiarsky transfer do Szczyrku?<\/h3>\n<p>Transfer Europe sa sna\u017e\u00ed, aby sa va\u0161a cesta do ly\u017eiarskeho strediska Szczyrk stala nezabudnute\u013enou:<\/p>\n<ul>\n<li><strong>Cenovo dostupn\u00e1 excelentnos\u0165:<\/strong> Vychutnajte si pr\u00e9miov\u00e9 slu\u017eby za ceny, ktor\u00e9 v\u00e1m nezatiahnu pe\u0148a\u017eenku.<\/li>\n<li><strong>Modern\u00fd, spo\u013eahliv\u00fd vozov\u00fd park:<\/strong> Cestujte \u0161t\u00fdlovo a pohodlne v na\u0161ich najnov\u0161\u00edch modeloch vozidiel, ktor\u00e9 zabezpe\u010duj\u00fa plynul\u00fa jazdu.<\/li>\n<li><strong>Ve\u013ekorys\u00fd priestor na ly\u017eiarsky v\u00fdstroj:<\/strong> Na\u0161e vozidl\u00e1 s\u00fa vybaven\u00e9 priestrann\u00fdmi kuframi na v\u0161etko va\u0161e vybavenie a pohodln\u00fdmi sedadlami na uvo\u013enen\u00fa cestu.<\/li>\n<li><strong>Vybavenie vhodn\u00e9 pre rodiny:<\/strong> Bezpe\u010dnos\u0165 a pohodlie pre va\u0161e ratolesti v\u010faka dostupn\u00fdm detsk\u00fdm seda\u010dk\u00e1m.<\/li>\n<li><strong>Sk\u00fasen\u00ed vodi\u010di:<\/strong> Spo\u013eahnite sa na na\u0161ich sk\u00fasen\u00fdch vodi\u010dov znal\u00fdch miestnych podmienok, ktor\u00ed v\u00e1s bezpe\u010dne a r\u00fdchlo dopravia do cie\u013ea.<\/li>\n<li><strong>\u010cakanie na letisku:<\/strong> Na\u0161i vodi\u010di na v\u00e1s po\u010dkaj\u00fa na letisku aj v pr\u00edpade me\u0161kania bez \u010fal\u0161\u00edch poplatkov.<\/li>\n<li><strong>Individu\u00e1lna cesta:<\/strong> Vy\u017eiadajte si zast\u00e1vky na ob\u010derstvenie alebo na vychutnanie si malebn\u00fdch v\u00fdh\u013eadov &#8211; je to va\u0161a cesta, v\u00e1\u0161 sp\u00f4sob.<\/li>\n<\/ul>\n<p style=\"text-align: center;\"><a class=\"btn btn-primary\" href=\"\/sk\/rezervovat-transfer-z-na-letisko\">Rezervova\u0165<\/a><\/p>\n<p style=\"text-align: center;\"><img decoding=\"async\" src=\"\/wp-content\/uploads\/2025\/08\/Katowice_Airport_to_Szczyrk_Ski_Transfer_Service-1.png\" alt=\"\" \/><\/p>\n<h3><a href=\"\/sk\/vozovy-park\">Na\u0161a rozmanit\u00e1 flotila<\/a> pre va\u0161u cestu z letiska Katowice do Szczyrku<\/h3>\n<p>Vyberte si ide\u00e1lne vozidlo pre svoje ly\u017eiarske dobrodru\u017estvo:<\/p>\n<ul>\n<li><strong>Minivany:<\/strong> Pon\u00fakaj\u00fa dostatok miesta pre v\u0161etk\u00fdch a ich ly\u017eiarsku v\u00fdbavu.<\/li>\n<li><strong>Jeepy:<\/strong> Ide\u00e1lne na prekon\u00e1vanie zimn\u00fdch ciest, tieto vozidl\u00e1 poskytuj\u00fa bezpe\u010dn\u00fa a stabiln\u00fa cestu.<\/li>\n<li><strong>Luxusn\u00e9 vozidl\u00e1:<\/strong> V luxusn\u00fdch vozidl\u00e1ch si m\u00f4\u017eete vychutna\u0165 pokojn\u00e9 prostredie na relax\u00e1ciu po\u010das cesty na svahy.<\/li>\n<\/ul>\n<h3>Rezervujte si transfer z letiska Katowice do ly\u017eiarskeho strediska Szczyrk e\u0161te dnes<\/h3>\n<p>Ste pripraven\u00ed vyrazi\u0165 na svahy v Szczyrku? Rezerv\u00e1cia transferu je vzdialen\u00e1 len p\u00e1r kliknut\u00ed. Jednoducho pou\u017eite n\u00e1\u0161 online rezerva\u010dn\u00fd formul\u00e1r a zabezpe\u010dte si jazdu. Ak chcete z\u00edska\u0165 osobnej\u0161ie slu\u017eby, kontaktujte n\u00e1s prostredn\u00edctvom aplik\u00e1cie WhatsApp, Telegram alebo priameho telefon\u00e1tu. Transfer Europe je tu, aby zabezpe\u010dil, \u017ee v\u00e1\u0161 ly\u017eiarsky v\u00fdlet sa za\u010dne a skon\u010d\u00ed na vysokej \u00farovni. Rezervujte si teraz cestu, pri ktorej sa komfort a dobrodru\u017estvo stretn\u00fa v srdci po\u013esk\u00fdch h\u00f4r.<\/p>\n<p style=\"text-align: center;\"><a class=\"btn btn-primary\" href=\"\/sk\/rezervovat-transfer-z-na-letisko\">Rezervova\u0165<\/a><\/p>\n<\/p><\/div>\n<div class=\"product-price-container\">\n<div class=\"sale-price\"> \t\t<\/div>\n<\/p><\/div>\n<div class=\"options\"><\/div>\n<div> \t\t<\/div>\n<p>   \t        <script type=\"text\/javascript\" ><\/script>  <script type=\"text\/javascript\" ><\/script> <script type=\"text\/javascript\" ><\/script>  <script type=\"text\/javascript\" ><\/script> <script type=\"text\/javascript\" ><\/script> <script type=\"text\/javascript\" ><\/script> <script type=\"text\/javascript\" ><\/script> <\/div>\n<p> \t\t<!-- \u041f\u043b\u0430\u0433\u0438\u043d \u0440\u0435\u0439\u0442\u0438\u043d\u0433\u0430 --> <\/p>\n<div class=\"vrvote-body\">\n<ul class=\"vrvote-ul\">\n<li id=\"rating_197\" class=\"current-rating\" style=\"width:98.00%;\"><\/li>\n<li> \t\t\t\t\t\t<a class=\"vr-one-star\" onclick=\"javascript:JSVRvote(197,1,49,10,0)\" href=\"javascript:void(null)\">1<\/a> \t\t\t\t\t<\/li>\n<li> \t\t\t\t\t\t<a class=\"vr-two-stars\" onclick=\"javascript:JSVRvote(197,2,49,10,0)\" href=\"javascript:void(null)\">2<\/a> \t\t\t\t\t<\/li>\n<li> \t\t\t\t\t\t<a class=\"vr-three-stars\" onclick=\"javascript:JSVRvote(197,3,49,10,0)\" href=\"javascript:void(null)\">3<\/a> \t\t\t\t\t<\/li>\n<li> \t\t\t\t\t\t<a class=\"vr-four-stars\" onclick=\"javascript:JSVRvote(197,4,49,10,0)\" href=\"javascript:void(null)\">4<\/a> \t\t\t\t\t<\/li>\n<li> \t\t\t\t\t\t<a class=\"vr-five-stars\" onclick=\"javascript:JSVRvote(197,5,49,10,0)\" href=\"javascript:void(null)\">5<\/a> \t\t\t\t\t<\/li>\n<\/ul><\/div>\n<p> \t\t\t<span id=\"vrvote_197\" class=\"vrvote-count\"><small><\/small><\/span>\t<\/span><script type=\"application\/ld+json\"><\/script>   <\/div>\n<div class=\"t4-col sidebar-r col-12 col-xl-4\">\n<div class=\"t4-module module\" id=\"Mod306\">\n<div class=\"module-inner\">\n<div class=\"module-ct\">\n<div class=\"bannergroup\">\n<div class=\"banneritem\"> \t\t\t\t\t\t\t\t\t\t\t\t\t\t\t\t\t\t\t\t\t\t\t\t\t\t\t\t\t\t\t\t\t\t\t\t\t\t\t\t\t\t\t\t\t\t\t\t\t\t<img \t\t\t\t\t\tsrc=\"\/wp-content\/uploads\/2025\/08\/banner-transfer-europe-sk-552.png\" \t\t\t\t\t\talt=\"Banner-sk\" \t\t\t\t\t\t\t\t\t\t\t\t\t\t\t\t\t\/> \t\t\t\t\t\t\t\t\t\t\t<\/p>\n<div class=\"clr\"><\/div>\n<\/p><\/div>\n<\/p><\/div>\n<\/p><\/div>\n<\/div>\n<\/div><\/div>\n<\/p><\/div>\n<\/div><\/div>\n<div id=\"t4-section-8\" class=\"t4-section  t4-section-8  section-border-top\" role=\"section-8\">\n<div class=\"bg-overlay bg-overlay-image\">&nbsp;<\/div>\n<\/p><\/div>\n<p>  <a href='javascript:' id='back-to-top'><i class='fa fa-chevron-up'><\/i><\/a>                <\/p>\n","protected":false},"excerpt":{"rendered":"<p>Transfer z letiska Katowice do ly\u017eiarskeho strediska Szczyrk Transfery z letiska Katowice do ly\u017eiarskych stred\u00edsk Rezervova\u0165 Transfer z letiska Katowice na ly\u017eiarske stredisko Szczyrk: Va\u0161a br\u00e1na do zimnej krajiny z\u00e1zrakov Vydajte sa na o\u010daruj\u00facu cestu do Szczyrku, \u0161pi\u010dkovej ly\u017eiarskej destin\u00e1cie v po\u013esk\u00fdch hor\u00e1ch, s na\u0161ou exkluz\u00edvnou slu\u017ebou transferu z letiska Katovice. Ly\u017eiarske stredisko Szczyrk, ktor\u00e9 [&hellip;]<\/p>\n","protected":false},"author":1,"featured_media":93793,"parent":20907,"menu_order":0,"comment_status":"closed","ping_status":"closed","template":"","meta":{"footnotes":""},"class_list":["post-93792","page","type-page","status-publish","has-post-thumbnail","hentry"],"yoast_head":"<!-- This site is optimized with the Yoast SEO plugin v25.6 - https:\/\/yoast.com\/wordpress\/plugins\/seo\/ -->\n<title>Transfer z letiska Katowice Airport do ly\u017eiarskeho strediska Szczyrk<\/title>\n<meta name=\"description\" content=\"Za\u017eite transfery z letiska Katovice do ly\u017eiarskeho strediska Szczyrk. Objednajte si e\u0161te dnes cestu bez stresu a s malebn\u00fdm v\u00fdh\u013eadom. Zavolajte n\u00e1m \u260e +421 940 904 184 pre individu\u00e1lnu pomoc.\" \/>\n<meta name=\"robots\" content=\"index, follow, max-snippet:-1, max-image-preview:large, max-video-preview:-1\" \/>\n<link rel=\"canonical\" href=\"https:\/\/transfereurope.com\/sk\/lyziarske-transfery\/transfery-z-letiska-katowice-do-lyziarskych-stredisk\/transfer-z-letiska-katowice-do-lyziarskeho-strediska-szczyrk\/\" \/>\n<meta property=\"og:locale\" content=\"sk_SK\" \/>\n<meta property=\"og:type\" content=\"article\" \/>\n<meta property=\"og:title\" content=\"Transfer z letiska Katowice Airport do ly\u017eiarskeho strediska Szczyrk\" \/>\n<meta property=\"og:description\" content=\"Za\u017eite transfery z letiska Katovice do ly\u017eiarskeho strediska Szczyrk. Objednajte si e\u0161te dnes cestu bez stresu a s malebn\u00fdm v\u00fdh\u013eadom. Zavolajte n\u00e1m \u260e +421 940 904 184 pre individu\u00e1lnu pomoc.\" \/>\n<meta property=\"og:url\" content=\"https:\/\/transfereurope.com\/sk\/lyziarske-transfery\/transfery-z-letiska-katowice-do-lyziarskych-stredisk\/transfer-z-letiska-katowice-do-lyziarskeho-strediska-szczyrk\/\" \/>\n<meta property=\"og:site_name\" content=\"transfereurope\" \/>\n<meta property=\"og:image\" content=\"https:\/\/transfereurope.com\/wp-content\/uploads\/2025\/08\/Katowice-Airport-to-Szczyrk-Ski-Transfer-Service-13-1.png\" \/>\n\t<meta property=\"og:image:width\" content=\"940\" \/>\n\t<meta property=\"og:image:height\" content=\"788\" \/>\n\t<meta property=\"og:image:type\" content=\"image\/png\" \/>\n<meta name=\"twitter:card\" content=\"summary_large_image\" \/>\n<meta name=\"twitter:label1\" content=\"Predpokladan\u00fd \u010das \u010d\u00edtania\" \/>\n\t<meta name=\"twitter:data1\" content=\"3 min\u00faty\" \/>\n<script type=\"application\/ld+json\" class=\"yoast-schema-graph\">{\"@context\":\"https:\/\/schema.org\",\"@graph\":[{\"@type\":\"WebPage\",\"@id\":\"https:\/\/transfereurope.com\/sk\/lyziarske-transfery\/transfery-z-letiska-katowice-do-lyziarskych-stredisk\/transfer-z-letiska-katowice-do-lyziarskeho-strediska-szczyrk\/\",\"url\":\"https:\/\/transfereurope.com\/sk\/lyziarske-transfery\/transfery-z-letiska-katowice-do-lyziarskych-stredisk\/transfer-z-letiska-katowice-do-lyziarskeho-strediska-szczyrk\/\",\"name\":\"Transfer z letiska Katowice Airport do ly\u017eiarskeho strediska Szczyrk\",\"isPartOf\":{\"@id\":\"https:\/\/transfereurope.com\/sk\/#website\"},\"primaryImageOfPage\":{\"@id\":\"https:\/\/transfereurope.com\/sk\/lyziarske-transfery\/transfery-z-letiska-katowice-do-lyziarskych-stredisk\/transfer-z-letiska-katowice-do-lyziarskeho-strediska-szczyrk\/#primaryimage\"},\"image\":{\"@id\":\"https:\/\/transfereurope.com\/sk\/lyziarske-transfery\/transfery-z-letiska-katowice-do-lyziarskych-stredisk\/transfer-z-letiska-katowice-do-lyziarskeho-strediska-szczyrk\/#primaryimage\"},\"thumbnailUrl\":\"https:\/\/transfereurope.com\/wp-content\/uploads\/2025\/08\/Katowice-Airport-to-Szczyrk-Ski-Transfer-Service-13-1.png\",\"datePublished\":\"2025-08-06T05:28:04+00:00\",\"description\":\"Za\u017eite transfery z letiska Katovice do ly\u017eiarskeho strediska Szczyrk. Objednajte si e\u0161te dnes cestu bez stresu a s malebn\u00fdm v\u00fdh\u013eadom. Zavolajte n\u00e1m \u260e +421 940 904 184 pre individu\u00e1lnu pomoc.\",\"breadcrumb\":{\"@id\":\"https:\/\/transfereurope.com\/sk\/lyziarske-transfery\/transfery-z-letiska-katowice-do-lyziarskych-stredisk\/transfer-z-letiska-katowice-do-lyziarskeho-strediska-szczyrk\/#breadcrumb\"},\"inLanguage\":\"sk-SK\",\"potentialAction\":[{\"@type\":\"ReadAction\",\"target\":[\"https:\/\/transfereurope.com\/sk\/lyziarske-transfery\/transfery-z-letiska-katowice-do-lyziarskych-stredisk\/transfer-z-letiska-katowice-do-lyziarskeho-strediska-szczyrk\/\"]}]},{\"@type\":\"ImageObject\",\"inLanguage\":\"sk-SK\",\"@id\":\"https:\/\/transfereurope.com\/sk\/lyziarske-transfery\/transfery-z-letiska-katowice-do-lyziarskych-stredisk\/transfer-z-letiska-katowice-do-lyziarskeho-strediska-szczyrk\/#primaryimage\",\"url\":\"https:\/\/transfereurope.com\/wp-content\/uploads\/2025\/08\/Katowice-Airport-to-Szczyrk-Ski-Transfer-Service-13-1.png\",\"contentUrl\":\"https:\/\/transfereurope.com\/wp-content\/uploads\/2025\/08\/Katowice-Airport-to-Szczyrk-Ski-Transfer-Service-13-1.png\",\"width\":940,\"height\":788},{\"@type\":\"BreadcrumbList\",\"@id\":\"https:\/\/transfereurope.com\/sk\/lyziarske-transfery\/transfery-z-letiska-katowice-do-lyziarskych-stredisk\/transfer-z-letiska-katowice-do-lyziarskeho-strediska-szczyrk\/#breadcrumb\",\"itemListElement\":[{\"@type\":\"ListItem\",\"position\":1,\"name\":\"Home\",\"item\":\"https:\/\/transfereurope.com\/sk\/\"},{\"@type\":\"ListItem\",\"position\":2,\"name\":\"Transfer z letiska Katowice do ly\u017eiarskeho strediska Szczyrk\"}]},{\"@type\":\"WebSite\",\"@id\":\"https:\/\/transfereurope.com\/sk\/#website\",\"url\":\"https:\/\/transfereurope.com\/sk\/\",\"name\":\"transfereurope\",\"description\":\"\",\"publisher\":{\"@id\":\"https:\/\/transfereurope.com\/sk\/#organization\"},\"potentialAction\":[{\"@type\":\"SearchAction\",\"target\":{\"@type\":\"EntryPoint\",\"urlTemplate\":\"https:\/\/transfereurope.com\/sk\/?s={search_term_string}\"},\"query-input\":{\"@type\":\"PropertyValueSpecification\",\"valueRequired\":true,\"valueName\":\"search_term_string\"}}],\"inLanguage\":\"sk-SK\"},{\"@type\":\"Organization\",\"@id\":\"https:\/\/transfereurope.com\/sk\/#organization\",\"name\":\"transfereurope\",\"url\":\"https:\/\/transfereurope.com\/sk\/\",\"logo\":{\"@type\":\"ImageObject\",\"inLanguage\":\"sk-SK\",\"@id\":\"https:\/\/transfereurope.com\/sk\/#\/schema\/logo\/image\/\",\"url\":\"https:\/\/transfereurope.com\/wp-content\/uploads\/2025\/08\/TRANSFERS-1655.png\",\"contentUrl\":\"https:\/\/transfereurope.com\/wp-content\/uploads\/2025\/08\/TRANSFERS-1655.png\",\"width\":500,\"height\":274,\"caption\":\"transfereurope\"},\"image\":{\"@id\":\"https:\/\/transfereurope.com\/sk\/#\/schema\/logo\/image\/\"}}]}<\/script>\n<!-- \/ Yoast SEO plugin. -->","yoast_head_json":{"title":"Transfer z letiska Katowice Airport do ly\u017eiarskeho strediska Szczyrk","description":"Za\u017eite transfery z letiska Katovice do ly\u017eiarskeho strediska Szczyrk. Objednajte si e\u0161te dnes cestu bez stresu a s malebn\u00fdm v\u00fdh\u013eadom. Zavolajte n\u00e1m \u260e +421 940 904 184 pre individu\u00e1lnu pomoc.","robots":{"index":"index","follow":"follow","max-snippet":"max-snippet:-1","max-image-preview":"max-image-preview:large","max-video-preview":"max-video-preview:-1"},"canonical":"https:\/\/transfereurope.com\/sk\/lyziarske-transfery\/transfery-z-letiska-katowice-do-lyziarskych-stredisk\/transfer-z-letiska-katowice-do-lyziarskeho-strediska-szczyrk\/","og_locale":"sk_SK","og_type":"article","og_title":"Transfer z letiska Katowice Airport do ly\u017eiarskeho strediska Szczyrk","og_description":"Za\u017eite transfery z letiska Katovice do ly\u017eiarskeho strediska Szczyrk. Objednajte si e\u0161te dnes cestu bez stresu a s malebn\u00fdm v\u00fdh\u013eadom. Zavolajte n\u00e1m \u260e +421 940 904 184 pre individu\u00e1lnu pomoc.","og_url":"https:\/\/transfereurope.com\/sk\/lyziarske-transfery\/transfery-z-letiska-katowice-do-lyziarskych-stredisk\/transfer-z-letiska-katowice-do-lyziarskeho-strediska-szczyrk\/","og_site_name":"transfereurope","og_image":[{"width":940,"height":788,"url":"https:\/\/transfereurope.com\/wp-content\/uploads\/2025\/08\/Katowice-Airport-to-Szczyrk-Ski-Transfer-Service-13-1.png","type":"image\/png"}],"twitter_card":"summary_large_image","twitter_misc":{"Predpokladan\u00fd \u010das \u010d\u00edtania":"3 min\u00faty"},"schema":{"@context":"https:\/\/schema.org","@graph":[{"@type":"WebPage","@id":"https:\/\/transfereurope.com\/sk\/lyziarske-transfery\/transfery-z-letiska-katowice-do-lyziarskych-stredisk\/transfer-z-letiska-katowice-do-lyziarskeho-strediska-szczyrk\/","url":"https:\/\/transfereurope.com\/sk\/lyziarske-transfery\/transfery-z-letiska-katowice-do-lyziarskych-stredisk\/transfer-z-letiska-katowice-do-lyziarskeho-strediska-szczyrk\/","name":"Transfer z letiska Katowice Airport do ly\u017eiarskeho strediska Szczyrk","isPartOf":{"@id":"https:\/\/transfereurope.com\/sk\/#website"},"primaryImageOfPage":{"@id":"https:\/\/transfereurope.com\/sk\/lyziarske-transfery\/transfery-z-letiska-katowice-do-lyziarskych-stredisk\/transfer-z-letiska-katowice-do-lyziarskeho-strediska-szczyrk\/#primaryimage"},"image":{"@id":"https:\/\/transfereurope.com\/sk\/lyziarske-transfery\/transfery-z-letiska-katowice-do-lyziarskych-stredisk\/transfer-z-letiska-katowice-do-lyziarskeho-strediska-szczyrk\/#primaryimage"},"thumbnailUrl":"https:\/\/transfereurope.com\/wp-content\/uploads\/2025\/08\/Katowice-Airport-to-Szczyrk-Ski-Transfer-Service-13-1.png","datePublished":"2025-08-06T05:28:04+00:00","description":"Za\u017eite transfery z letiska Katovice do ly\u017eiarskeho strediska Szczyrk. Objednajte si e\u0161te dnes cestu bez stresu a s malebn\u00fdm v\u00fdh\u013eadom. Zavolajte n\u00e1m \u260e +421 940 904 184 pre individu\u00e1lnu pomoc.","breadcrumb":{"@id":"https:\/\/transfereurope.com\/sk\/lyziarske-transfery\/transfery-z-letiska-katowice-do-lyziarskych-stredisk\/transfer-z-letiska-katowice-do-lyziarskeho-strediska-szczyrk\/#breadcrumb"},"inLanguage":"sk-SK","potentialAction":[{"@type":"ReadAction","target":["https:\/\/transfereurope.com\/sk\/lyziarske-transfery\/transfery-z-letiska-katowice-do-lyziarskych-stredisk\/transfer-z-letiska-katowice-do-lyziarskeho-strediska-szczyrk\/"]}]},{"@type":"ImageObject","inLanguage":"sk-SK","@id":"https:\/\/transfereurope.com\/sk\/lyziarske-transfery\/transfery-z-letiska-katowice-do-lyziarskych-stredisk\/transfer-z-letiska-katowice-do-lyziarskeho-strediska-szczyrk\/#primaryimage","url":"https:\/\/transfereurope.com\/wp-content\/uploads\/2025\/08\/Katowice-Airport-to-Szczyrk-Ski-Transfer-Service-13-1.png","contentUrl":"https:\/\/transfereurope.com\/wp-content\/uploads\/2025\/08\/Katowice-Airport-to-Szczyrk-Ski-Transfer-Service-13-1.png","width":940,"height":788},{"@type":"BreadcrumbList","@id":"https:\/\/transfereurope.com\/sk\/lyziarske-transfery\/transfery-z-letiska-katowice-do-lyziarskych-stredisk\/transfer-z-letiska-katowice-do-lyziarskeho-strediska-szczyrk\/#breadcrumb","itemListElement":[{"@type":"ListItem","position":1,"name":"Home","item":"https:\/\/transfereurope.com\/sk\/"},{"@type":"ListItem","position":2,"name":"Transfer z letiska Katowice do ly\u017eiarskeho strediska Szczyrk"}]},{"@type":"WebSite","@id":"https:\/\/transfereurope.com\/sk\/#website","url":"https:\/\/transfereurope.com\/sk\/","name":"transfereurope","description":"","publisher":{"@id":"https:\/\/transfereurope.com\/sk\/#organization"},"potentialAction":[{"@type":"SearchAction","target":{"@type":"EntryPoint","urlTemplate":"https:\/\/transfereurope.com\/sk\/?s={search_term_string}"},"query-input":{"@type":"PropertyValueSpecification","valueRequired":true,"valueName":"search_term_string"}}],"inLanguage":"sk-SK"},{"@type":"Organization","@id":"https:\/\/transfereurope.com\/sk\/#organization","name":"transfereurope","url":"https:\/\/transfereurope.com\/sk\/","logo":{"@type":"ImageObject","inLanguage":"sk-SK","@id":"https:\/\/transfereurope.com\/sk\/#\/schema\/logo\/image\/","url":"https:\/\/transfereurope.com\/wp-content\/uploads\/2025\/08\/TRANSFERS-1655.png","contentUrl":"https:\/\/transfereurope.com\/wp-content\/uploads\/2025\/08\/TRANSFERS-1655.png","width":500,"height":274,"caption":"transfereurope"},"image":{"@id":"https:\/\/transfereurope.com\/sk\/#\/schema\/logo\/image\/"}}]}},"_links":{"self":[{"href":"https:\/\/transfereurope.com\/sk\/wp-json\/wp\/v2\/pages\/93792","targetHints":{"allow":["GET"]}}],"collection":[{"href":"https:\/\/transfereurope.com\/sk\/wp-json\/wp\/v2\/pages"}],"about":[{"href":"https:\/\/transfereurope.com\/sk\/wp-json\/wp\/v2\/types\/page"}],"author":[{"embeddable":true,"href":"https:\/\/transfereurope.com\/sk\/wp-json\/wp\/v2\/users\/1"}],"replies":[{"embeddable":true,"href":"https:\/\/transfereurope.com\/sk\/wp-json\/wp\/v2\/comments?post=93792"}],"version-history":[{"count":0,"href":"https:\/\/transfereurope.com\/sk\/wp-json\/wp\/v2\/pages\/93792\/revisions"}],"up":[{"embeddable":true,"href":"https:\/\/transfereurope.com\/sk\/wp-json\/wp\/v2\/pages\/20907"}],"wp:featuredmedia":[{"embeddable":true,"href":"https:\/\/transfereurope.com\/sk\/wp-json\/wp\/v2\/media\/93793"}],"wp:attachment":[{"href":"https:\/\/transfereurope.com\/sk\/wp-json\/wp\/v2\/media?parent=93792"}],"curies":[{"name":"wp","href":"https:\/\/api.w.org\/{rel}","templated":true}]}}