{"id":93570,"date":"2025-08-06T05:23:19","date_gmt":"2025-08-06T05:23:19","guid":{"rendered":"https:\/\/transfereurope.com\/transfer-z-letiska-krakow-na-lyziarske-stredisko-zieleniec\/"},"modified":"2025-08-06T05:23:19","modified_gmt":"2025-08-06T05:23:19","slug":"transfer-z-letiska-krakow-na-lyziarske-stredisko-zieleniec","status":"publish","type":"page","link":"https:\/\/transfereurope.com\/sk\/lyziarske-transfery\/transfery-z-letiska-krakov-do-lyziarskych-stredisk\/transfer-z-letiska-krakow-na-lyziarske-stredisko-zieleniec\/","title":{"rendered":"Transfer z letiska Krakow na ly\u017eiarske stredisko Zieleniec"},"content":{"rendered":"\n<div id=\"t4-masthead\" class=\"t4-section  t4-masthead\">\n<div class=\"t4-col text-center\">\n<div class=\"ja-masthead\" >\n<div class=\"ja-masthead-detail\">\n<h1 class=\"ja-masthead-title\">Transfer z letiska Krakow na ly\u017eiarske stredisko Zieleniec<\/h1>\n<p>                 <!---->            <\/p>\n<div class=\"block-breadcrumb\">                       <\/div>\n<\/p><\/div>\n<\/p><\/div>\n<pre><\/pre>\n<\/div>\n<\/div>\n<div id=\"t4-main-body\" class=\"t4-section  t4-main-body\" role=\"main body\">\n<div class=\"t4-section-inner container\">\n<div class=\"t4-row row\">\n<div class=\"t4-col col-12 col-xl\">\n<div id=\"system-message-container\"> \t<\/div>\n<div class=\"com-content-article item-page view-tour-detail\">\n<div class=\"tour-top-info clearfix\">\n<div class=\"pull-left\">\n<div class=\"category-article-dot\">\n<div class=\"category-name\"> \t\t\t\t\t<a href=\"\/sk\/lyziarske-transfery\/transfery-z-letiska-krakov-do-lyziarskych-stredisk\" itemprop=\"genre\">Transfery z letiska Krakov do ly\u017eiarskych stred\u00edsk<\/a> \t\t\t\t<\/div>\n<\/p><\/div>\n<\/p><\/div>\n<div class=\"pull-right\">\n<div class=\"text-danger tour-price\"> \t\t\t\t\t\t<a href=\"\/sk\/rezervovat-transfer\">Rezervova\u0165<\/a><\/div>\n<\/p><\/div>\n<\/p><\/div>\n<p>  \t <!--\t-->  \t<\/p>\n<div class=\"vm-product-container\">\n<figure class=\"pull-left item-image\">\n<div class=\"main-image\"> \t\t<a  rel='vm-additional-images' href=\"\/images\/virtuemart\/product\/Krakow to Zieleniec Ski Transfer Service.png\"><img decoding=\"async\"  loading=\"lazy\"  src=\"\/wp-content\/uploads\/2025\/08\/Krakow-to-Zieleniec-Ski-Transfer-Service-2.png\"  \/><\/a>\t\t<\/p>\n<div class=\"clear\"><\/div>\n<\/p><\/div>\n<\/figure>\n<div class=\"vm-product-details-container\">\n<div class=\"spacer-buy-area\">    \t\t \t\t<\/div>\n<\/p><\/div>\n<div class=\"clear\"><\/div>\n<\/p><\/div>\n<div class=\"product-description\" >\n<h2 style=\"text-align: center;\">Transfer z letiska Krakow na ly\u017eiarske stredisko Zieleniec: V\u00e1\u0161 dokonal\u00fd spolo\u010dn\u00edk na ly\u017eiarskej dovolenke<\/h2>\n<p>Pripravte sa na nezabudnute\u013en\u00fa ly\u017eova\u010dku v Zielenci s na\u0161ou efekt\u00edvnou slu\u017ebou transferu z letiska Krakov do Zielenca. Od okamihu prist\u00e1tia na letisku v Krakove sa n\u00e1\u0161 \u0161pecializovan\u00fd t\u00edm postar\u00e1 o bezprobl\u00e9mov\u00fd, pohodln\u00fd a pr\u00edjemn\u00fd transfer na kr\u00e1sne ly\u017eiarske svahy v Zielenci.<\/p>\n<p style=\"text-align: center;\"><a class=\"btn btn-primary\" href=\"\/sk\/rezervovat-transfer-z-na-letisko\">Rezervova\u0165<\/a><\/p>\n<p style=\"text-align: center;\"><img decoding=\"async\" src=\"\/wp-content\/uploads\/2025\/08\/Krakow_Airport_to_Zieleniec_Ski_Transfer-1-scaled.jpg\" alt=\"\" \/><\/p>\n<h3 style=\"text-align: center;\">Pre\u010do je n\u00e1\u0161 transfer z letiska Krakow do Zieleniec v\u00fdnimo\u010dn\u00fd<\/h3>\n<p><strong>Spo\u013eahliv\u00e1 z\u00e1kazn\u00edcka podpora 24\/7:<\/strong>\u00a0N\u00e1\u0161 transfer z letiska Krakow Airport do Zieleniec Ski je zabezpe\u010den\u00fd nepretr\u017eitou podporou. Bez oh\u013eadu na \u010das pr\u00edletu je v\u00e1m k dispoz\u00edcii n\u00e1\u0161 profesion\u00e1lny t\u00edm, ktor\u00fd zabezpe\u010d\u00ed hladk\u00fd a bezprobl\u00e9mov\u00fd za\u010diatok v\u00e1\u0161ho ly\u017eiarskeho dobrodru\u017estva.<\/p>\n<p><strong>Transparentn\u00e9 ceny bez skryt\u00fdch poplatkov:<\/strong>\u00a0Ver\u00edme v \u00faprimnos\u0165 a zrozumite\u013enos\u0165. N\u00e1\u0161 transfer z letiska Krakov do Zieleniec pon\u00faka priame, vopred stanoven\u00e9 ceny bez skryt\u00fdch poplatkov, \u010do v\u00e1m umo\u017en\u00ed pl\u00e1nova\u0165 rozpo\u010det na ly\u017eiarsku dovolenku \u00faplne transparentne.<\/p>\n<p><strong>Priestrann\u00fd \u00falo\u017en\u00fd priestor pre ly\u017eiarsku v\u00fdbavu:<\/strong>\u00a0Na\u0161e vozidl\u00e1 na prepravu ly\u017eiarov z letiska Krakow Airport do Zieleniec s\u00fa vybaven\u00e9 ve\u013ek\u00fdmi odkladac\u00edmi priestormi na bato\u017einu. To zaru\u010duje bezpe\u010dn\u00fa a pohodln\u00fa prepravu va\u0161ej ly\u017eiarskej v\u00fdbavy.<\/p>\n<p><strong>Jednoduch\u00e9 cestovanie pre rodiny:<\/strong>\u00a0Cestujete s rodinou? N\u00e1\u0161 transfer z letiska Krakow Airport do Zieleniec Ski Transfer je vybaven\u00fd detsk\u00fdmi autoseda\u010dkami, tak\u017ee je bezpe\u010dnou a pohodlnou vo\u013ebou pre rodiny s mal\u00fdmi de\u0165mi.<\/p>\n<p style=\"text-align: center;\"><a class=\"btn btn-primary\" href=\"\/sk\/rezervovat-transfer-z-na-letisko\">Rezervova\u0165<\/a><\/p>\n<p style=\"text-align: center;\"><img decoding=\"async\" src=\"\/wp-content\/uploads\/2025\/08\/Krakow_Airport_to_Zieleniec_Ski_Transfer-1.png\" alt=\"\" \/><\/p>\n<h4 style=\"text-align: center;\">Presk\u00famajte ly\u017eiarske z\u00e1zraky Zieleniec<\/h4>\n<p>Zieleniec, do ktor\u00e9ho sa \u013eahko dostanete na\u0161\u00edm transferom z letiska Krakov do Zielenieca, je zn\u00e1my vynikaj\u00facimi ly\u017eiarskymi podmienkami a rozmanit\u00fdmi zjazdovkami, ktor\u00e9 s\u00fa vhodn\u00e9 pre v\u0161etky \u00farovne zru\u010dnost\u00ed. Okrem ly\u017eovania pon\u00faka Zieleniec aj o\u010daruj\u00face apr\u00e8s-ski z\u00e1\u017eitky, \u010do z neho rob\u00ed ide\u00e1lnu destin\u00e1ciu pre milovn\u00edkov zimn\u00fdch \u0161portov aj pre rodiny.<\/p>\n<p style=\"text-align: center;\"><a class=\"btn btn-primary\" href=\"\/sk\/rezervovat-transfer-z-na-letisko\">Rezervova\u0165<\/a><\/p>\n<h4 style=\"text-align: center;\">Bezprobl\u00e9mov\u00fd proces rezerv\u00e1cie<\/h4>\n<p>Organiz\u00e1cia transferu z Krak\u00f3w Airport do Zieleniec Ski je jednoduch\u00e1 a pohodln\u00e1. N\u00e1\u0161 u\u017e\u00edvate\u013esky pr\u00edvetiv\u00fd rezerva\u010dn\u00fd syst\u00e9m v\u00e1m umo\u017en\u00ed vybra\u0165 si ide\u00e1lnu mo\u017enos\u0165 transferu pre va\u0161u skupinu a zabezpe\u010d\u00ed, \u017ee va\u0161a ly\u017eiarska dovolenka sa za\u010dne bez probl\u00e9mov.<\/p>\n<h4 style=\"text-align: center;\">Za\u010dnite svoj ly\u017eiarsky v\u00fdlet s istotou<\/h4>\n<p>V\u00fdber n\u00e1\u0161ho transferu z letiska Krakow do ly\u017eiarskeho strediska Zieleniec znamen\u00e1, \u017ee si vyberiete pohodln\u00fa a spo\u013eahliv\u00fa cestu na svahy bez stresu. Zameriavame sa na v\u00fdnimo\u010dn\u00e9 slu\u017eby a db\u00e1me na va\u0161u spokojnos\u0165 a bezpe\u010dnos\u0165 po\u010das cel\u00e9ho transferu. Rezervujte si teraz pre bezprobl\u00e9mov\u00fd a pr\u00edjemn\u00fd za\u010diatok va\u0161ej ly\u017eiarskej dovolenky v Zielenci!<\/p>\n<\/p><\/div>\n<div class=\"product-price-container\">\n<div class=\"sale-price\"> \t\t<\/div>\n<\/p><\/div>\n<div class=\"options\"><\/div>\n<div> \t\t<\/div>\n<p>   \t        <script type=\"text\/javascript\" ><\/script>  <script type=\"text\/javascript\" ><\/script> <script type=\"text\/javascript\" ><\/script>  <script type=\"text\/javascript\" ><\/script> <script type=\"text\/javascript\" ><\/script> <script type=\"text\/javascript\" ><\/script> <script type=\"text\/javascript\" ><\/script> <\/div>\n<p> \t\t<!-- \u041f\u043b\u0430\u0433\u0438\u043d \u0440\u0435\u0439\u0442\u0438\u043d\u0433\u0430 --> <\/p>\n<div class=\"vrvote-body\">\n<ul class=\"vrvote-ul\">\n<li id=\"rating_186\" class=\"current-rating\" style=\"width:100.00%;\"><\/li>\n<li> \t\t\t\t\t\t<a class=\"vr-one-star\" onclick=\"javascript:JSVRvote(186,1,15,3,0)\" href=\"javascript:void(null)\">1<\/a> \t\t\t\t\t<\/li>\n<li> \t\t\t\t\t\t<a class=\"vr-two-stars\" onclick=\"javascript:JSVRvote(186,2,15,3,0)\" href=\"javascript:void(null)\">2<\/a> \t\t\t\t\t<\/li>\n<li> \t\t\t\t\t\t<a class=\"vr-three-stars\" onclick=\"javascript:JSVRvote(186,3,15,3,0)\" href=\"javascript:void(null)\">3<\/a> \t\t\t\t\t<\/li>\n<li> \t\t\t\t\t\t<a class=\"vr-four-stars\" onclick=\"javascript:JSVRvote(186,4,15,3,0)\" href=\"javascript:void(null)\">4<\/a> \t\t\t\t\t<\/li>\n<li> \t\t\t\t\t\t<a class=\"vr-five-stars\" onclick=\"javascript:JSVRvote(186,5,15,3,0)\" href=\"javascript:void(null)\">5<\/a> \t\t\t\t\t<\/li>\n<\/ul><\/div>\n<p> \t\t\t<span id=\"vrvote_186\" class=\"vrvote-count\"><small><\/small><\/span>\t<\/span><script type=\"application\/ld+json\"><\/script>   <\/div>\n<div class=\"t4-col sidebar-r col-12 col-xl-4\">\n<div class=\"t4-module module\" id=\"Mod306\">\n<div class=\"module-inner\">\n<div class=\"module-ct\">\n<div class=\"bannergroup\">\n<div class=\"banneritem\"> \t\t\t\t\t\t\t\t\t\t\t\t\t\t\t\t\t\t\t\t\t\t\t\t\t\t\t\t\t\t\t\t\t\t\t\t\t\t\t\t\t\t\t\t\t\t\t\t\t\t<img \t\t\t\t\t\tsrc=\"\/wp-content\/uploads\/2025\/08\/banner-transfer-europe-sk-550.png\" \t\t\t\t\t\talt=\"Banner-sk\" \t\t\t\t\t\t\t\t\t\t\t\t\t\t\t\t\t\/> \t\t\t\t\t\t\t\t\t\t\t<\/p>\n<div class=\"clr\"><\/div>\n<\/p><\/div>\n<\/p><\/div>\n<\/p><\/div>\n<\/div>\n<\/div><\/div>\n<\/p><\/div>\n<\/div><\/div>\n<div id=\"t4-section-8\" class=\"t4-section  t4-section-8  section-border-top\" role=\"section-8\">\n<div class=\"bg-overlay bg-overlay-image\">&nbsp;<\/div>\n<\/p><\/div>\n<p>  <a href='javascript:' id='back-to-top'><i class='fa fa-chevron-up'><\/i><\/a>                <\/p>\n","protected":false},"excerpt":{"rendered":"<p>Transfer z letiska Krakow na ly\u017eiarske stredisko Zieleniec Transfery z letiska Krakov do ly\u017eiarskych stred\u00edsk Rezervova\u0165 Transfer z letiska Krakow na ly\u017eiarske stredisko Zieleniec: V\u00e1\u0161 dokonal\u00fd spolo\u010dn\u00edk na ly\u017eiarskej dovolenke Pripravte sa na nezabudnute\u013en\u00fa ly\u017eova\u010dku v Zielenci s na\u0161ou efekt\u00edvnou slu\u017ebou transferu z letiska Krakov do Zielenca. Od okamihu prist\u00e1tia na letisku v Krakove sa [&hellip;]<\/p>\n","protected":false},"author":1,"featured_media":93571,"parent":20769,"menu_order":0,"comment_status":"closed","ping_status":"closed","template":"","meta":{"footnotes":""},"class_list":["post-93570","page","type-page","status-publish","has-post-thumbnail","hentry"],"yoast_head":"<!-- This site is optimized with the Yoast SEO plugin v25.6 - https:\/\/yoast.com\/wordpress\/plugins\/seo\/ -->\n<title>Transfer z letiska Krakow Airport do ly\u017eiarskeho strediska Zieleniec<\/title>\n<meta name=\"description\" content=\"Za\u017eite transfer z letiska Krakow do ly\u017eiarskeho strediska Zieleniec. Rezervujte si e\u0161te dnes a u\u017eite si cestovanie bez stresu s malebn\u00fdm v\u00fdh\u013eadom. Zavolajte n\u00e1m \u260e +421 940 904 184 pre individu\u00e1lnu pomoc.\" \/>\n<meta name=\"robots\" content=\"index, follow, max-snippet:-1, max-image-preview:large, max-video-preview:-1\" \/>\n<link rel=\"canonical\" href=\"https:\/\/transfereurope.com\/sk\/lyziarske-transfery\/transfery-z-letiska-krakov-do-lyziarskych-stredisk\/transfer-z-letiska-krakow-na-lyziarske-stredisko-zieleniec\/\" \/>\n<meta property=\"og:locale\" content=\"sk_SK\" \/>\n<meta property=\"og:type\" content=\"article\" \/>\n<meta property=\"og:title\" content=\"Transfer z letiska Krakow Airport do ly\u017eiarskeho strediska Zieleniec\" \/>\n<meta property=\"og:description\" content=\"Za\u017eite transfer z letiska Krakow do ly\u017eiarskeho strediska Zieleniec. Rezervujte si e\u0161te dnes a u\u017eite si cestovanie bez stresu s malebn\u00fdm v\u00fdh\u013eadom. Zavolajte n\u00e1m \u260e +421 940 904 184 pre individu\u00e1lnu pomoc.\" \/>\n<meta property=\"og:url\" content=\"https:\/\/transfereurope.com\/sk\/lyziarske-transfery\/transfery-z-letiska-krakov-do-lyziarskych-stredisk\/transfer-z-letiska-krakow-na-lyziarske-stredisko-zieleniec\/\" \/>\n<meta property=\"og:site_name\" content=\"transfereurope\" \/>\n<meta property=\"og:image\" content=\"https:\/\/transfereurope.com\/wp-content\/uploads\/2025\/08\/Krakow-to-Zieleniec-Ski-Transfer-Service-2-1.png\" \/>\n\t<meta property=\"og:image:width\" content=\"940\" \/>\n\t<meta property=\"og:image:height\" content=\"788\" \/>\n\t<meta property=\"og:image:type\" content=\"image\/png\" \/>\n<meta name=\"twitter:card\" content=\"summary_large_image\" \/>\n<meta name=\"twitter:label1\" content=\"Predpokladan\u00fd \u010das \u010d\u00edtania\" \/>\n\t<meta name=\"twitter:data1\" content=\"2 min\u00faty\" \/>\n<script type=\"application\/ld+json\" class=\"yoast-schema-graph\">{\"@context\":\"https:\/\/schema.org\",\"@graph\":[{\"@type\":\"WebPage\",\"@id\":\"https:\/\/transfereurope.com\/sk\/lyziarske-transfery\/transfery-z-letiska-krakov-do-lyziarskych-stredisk\/transfer-z-letiska-krakow-na-lyziarske-stredisko-zieleniec\/\",\"url\":\"https:\/\/transfereurope.com\/sk\/lyziarske-transfery\/transfery-z-letiska-krakov-do-lyziarskych-stredisk\/transfer-z-letiska-krakow-na-lyziarske-stredisko-zieleniec\/\",\"name\":\"Transfer z letiska Krakow Airport do ly\u017eiarskeho strediska Zieleniec\",\"isPartOf\":{\"@id\":\"https:\/\/transfereurope.com\/sk\/#website\"},\"primaryImageOfPage\":{\"@id\":\"https:\/\/transfereurope.com\/sk\/lyziarske-transfery\/transfery-z-letiska-krakov-do-lyziarskych-stredisk\/transfer-z-letiska-krakow-na-lyziarske-stredisko-zieleniec\/#primaryimage\"},\"image\":{\"@id\":\"https:\/\/transfereurope.com\/sk\/lyziarske-transfery\/transfery-z-letiska-krakov-do-lyziarskych-stredisk\/transfer-z-letiska-krakow-na-lyziarske-stredisko-zieleniec\/#primaryimage\"},\"thumbnailUrl\":\"https:\/\/transfereurope.com\/wp-content\/uploads\/2025\/08\/Krakow-to-Zieleniec-Ski-Transfer-Service-2-1.png\",\"datePublished\":\"2025-08-06T05:23:19+00:00\",\"description\":\"Za\u017eite transfer z letiska Krakow do ly\u017eiarskeho strediska Zieleniec. Rezervujte si e\u0161te dnes a u\u017eite si cestovanie bez stresu s malebn\u00fdm v\u00fdh\u013eadom. Zavolajte n\u00e1m \u260e +421 940 904 184 pre individu\u00e1lnu pomoc.\",\"breadcrumb\":{\"@id\":\"https:\/\/transfereurope.com\/sk\/lyziarske-transfery\/transfery-z-letiska-krakov-do-lyziarskych-stredisk\/transfer-z-letiska-krakow-na-lyziarske-stredisko-zieleniec\/#breadcrumb\"},\"inLanguage\":\"sk-SK\",\"potentialAction\":[{\"@type\":\"ReadAction\",\"target\":[\"https:\/\/transfereurope.com\/sk\/lyziarske-transfery\/transfery-z-letiska-krakov-do-lyziarskych-stredisk\/transfer-z-letiska-krakow-na-lyziarske-stredisko-zieleniec\/\"]}]},{\"@type\":\"ImageObject\",\"inLanguage\":\"sk-SK\",\"@id\":\"https:\/\/transfereurope.com\/sk\/lyziarske-transfery\/transfery-z-letiska-krakov-do-lyziarskych-stredisk\/transfer-z-letiska-krakow-na-lyziarske-stredisko-zieleniec\/#primaryimage\",\"url\":\"https:\/\/transfereurope.com\/wp-content\/uploads\/2025\/08\/Krakow-to-Zieleniec-Ski-Transfer-Service-2-1.png\",\"contentUrl\":\"https:\/\/transfereurope.com\/wp-content\/uploads\/2025\/08\/Krakow-to-Zieleniec-Ski-Transfer-Service-2-1.png\",\"width\":940,\"height\":788},{\"@type\":\"BreadcrumbList\",\"@id\":\"https:\/\/transfereurope.com\/sk\/lyziarske-transfery\/transfery-z-letiska-krakov-do-lyziarskych-stredisk\/transfer-z-letiska-krakow-na-lyziarske-stredisko-zieleniec\/#breadcrumb\",\"itemListElement\":[{\"@type\":\"ListItem\",\"position\":1,\"name\":\"Home\",\"item\":\"https:\/\/transfereurope.com\/sk\/\"},{\"@type\":\"ListItem\",\"position\":2,\"name\":\"Transfer z letiska Krakow na ly\u017eiarske stredisko Zieleniec\"}]},{\"@type\":\"WebSite\",\"@id\":\"https:\/\/transfereurope.com\/sk\/#website\",\"url\":\"https:\/\/transfereurope.com\/sk\/\",\"name\":\"transfereurope\",\"description\":\"\",\"publisher\":{\"@id\":\"https:\/\/transfereurope.com\/sk\/#organization\"},\"potentialAction\":[{\"@type\":\"SearchAction\",\"target\":{\"@type\":\"EntryPoint\",\"urlTemplate\":\"https:\/\/transfereurope.com\/sk\/?s={search_term_string}\"},\"query-input\":{\"@type\":\"PropertyValueSpecification\",\"valueRequired\":true,\"valueName\":\"search_term_string\"}}],\"inLanguage\":\"sk-SK\"},{\"@type\":\"Organization\",\"@id\":\"https:\/\/transfereurope.com\/sk\/#organization\",\"name\":\"transfereurope\",\"url\":\"https:\/\/transfereurope.com\/sk\/\",\"logo\":{\"@type\":\"ImageObject\",\"inLanguage\":\"sk-SK\",\"@id\":\"https:\/\/transfereurope.com\/sk\/#\/schema\/logo\/image\/\",\"url\":\"https:\/\/transfereurope.com\/wp-content\/uploads\/2025\/08\/TRANSFERS-1655.png\",\"contentUrl\":\"https:\/\/transfereurope.com\/wp-content\/uploads\/2025\/08\/TRANSFERS-1655.png\",\"width\":500,\"height\":274,\"caption\":\"transfereurope\"},\"image\":{\"@id\":\"https:\/\/transfereurope.com\/sk\/#\/schema\/logo\/image\/\"}}]}<\/script>\n<!-- \/ Yoast SEO plugin. -->","yoast_head_json":{"title":"Transfer z letiska Krakow Airport do ly\u017eiarskeho strediska Zieleniec","description":"Za\u017eite transfer z letiska Krakow do ly\u017eiarskeho strediska Zieleniec. Rezervujte si e\u0161te dnes a u\u017eite si cestovanie bez stresu s malebn\u00fdm v\u00fdh\u013eadom. Zavolajte n\u00e1m \u260e +421 940 904 184 pre individu\u00e1lnu pomoc.","robots":{"index":"index","follow":"follow","max-snippet":"max-snippet:-1","max-image-preview":"max-image-preview:large","max-video-preview":"max-video-preview:-1"},"canonical":"https:\/\/transfereurope.com\/sk\/lyziarske-transfery\/transfery-z-letiska-krakov-do-lyziarskych-stredisk\/transfer-z-letiska-krakow-na-lyziarske-stredisko-zieleniec\/","og_locale":"sk_SK","og_type":"article","og_title":"Transfer z letiska Krakow Airport do ly\u017eiarskeho strediska Zieleniec","og_description":"Za\u017eite transfer z letiska Krakow do ly\u017eiarskeho strediska Zieleniec. Rezervujte si e\u0161te dnes a u\u017eite si cestovanie bez stresu s malebn\u00fdm v\u00fdh\u013eadom. Zavolajte n\u00e1m \u260e +421 940 904 184 pre individu\u00e1lnu pomoc.","og_url":"https:\/\/transfereurope.com\/sk\/lyziarske-transfery\/transfery-z-letiska-krakov-do-lyziarskych-stredisk\/transfer-z-letiska-krakow-na-lyziarske-stredisko-zieleniec\/","og_site_name":"transfereurope","og_image":[{"width":940,"height":788,"url":"https:\/\/transfereurope.com\/wp-content\/uploads\/2025\/08\/Krakow-to-Zieleniec-Ski-Transfer-Service-2-1.png","type":"image\/png"}],"twitter_card":"summary_large_image","twitter_misc":{"Predpokladan\u00fd \u010das \u010d\u00edtania":"2 min\u00faty"},"schema":{"@context":"https:\/\/schema.org","@graph":[{"@type":"WebPage","@id":"https:\/\/transfereurope.com\/sk\/lyziarske-transfery\/transfery-z-letiska-krakov-do-lyziarskych-stredisk\/transfer-z-letiska-krakow-na-lyziarske-stredisko-zieleniec\/","url":"https:\/\/transfereurope.com\/sk\/lyziarske-transfery\/transfery-z-letiska-krakov-do-lyziarskych-stredisk\/transfer-z-letiska-krakow-na-lyziarske-stredisko-zieleniec\/","name":"Transfer z letiska Krakow Airport do ly\u017eiarskeho strediska Zieleniec","isPartOf":{"@id":"https:\/\/transfereurope.com\/sk\/#website"},"primaryImageOfPage":{"@id":"https:\/\/transfereurope.com\/sk\/lyziarske-transfery\/transfery-z-letiska-krakov-do-lyziarskych-stredisk\/transfer-z-letiska-krakow-na-lyziarske-stredisko-zieleniec\/#primaryimage"},"image":{"@id":"https:\/\/transfereurope.com\/sk\/lyziarske-transfery\/transfery-z-letiska-krakov-do-lyziarskych-stredisk\/transfer-z-letiska-krakow-na-lyziarske-stredisko-zieleniec\/#primaryimage"},"thumbnailUrl":"https:\/\/transfereurope.com\/wp-content\/uploads\/2025\/08\/Krakow-to-Zieleniec-Ski-Transfer-Service-2-1.png","datePublished":"2025-08-06T05:23:19+00:00","description":"Za\u017eite transfer z letiska Krakow do ly\u017eiarskeho strediska Zieleniec. Rezervujte si e\u0161te dnes a u\u017eite si cestovanie bez stresu s malebn\u00fdm v\u00fdh\u013eadom. Zavolajte n\u00e1m \u260e +421 940 904 184 pre individu\u00e1lnu pomoc.","breadcrumb":{"@id":"https:\/\/transfereurope.com\/sk\/lyziarske-transfery\/transfery-z-letiska-krakov-do-lyziarskych-stredisk\/transfer-z-letiska-krakow-na-lyziarske-stredisko-zieleniec\/#breadcrumb"},"inLanguage":"sk-SK","potentialAction":[{"@type":"ReadAction","target":["https:\/\/transfereurope.com\/sk\/lyziarske-transfery\/transfery-z-letiska-krakov-do-lyziarskych-stredisk\/transfer-z-letiska-krakow-na-lyziarske-stredisko-zieleniec\/"]}]},{"@type":"ImageObject","inLanguage":"sk-SK","@id":"https:\/\/transfereurope.com\/sk\/lyziarske-transfery\/transfery-z-letiska-krakov-do-lyziarskych-stredisk\/transfer-z-letiska-krakow-na-lyziarske-stredisko-zieleniec\/#primaryimage","url":"https:\/\/transfereurope.com\/wp-content\/uploads\/2025\/08\/Krakow-to-Zieleniec-Ski-Transfer-Service-2-1.png","contentUrl":"https:\/\/transfereurope.com\/wp-content\/uploads\/2025\/08\/Krakow-to-Zieleniec-Ski-Transfer-Service-2-1.png","width":940,"height":788},{"@type":"BreadcrumbList","@id":"https:\/\/transfereurope.com\/sk\/lyziarske-transfery\/transfery-z-letiska-krakov-do-lyziarskych-stredisk\/transfer-z-letiska-krakow-na-lyziarske-stredisko-zieleniec\/#breadcrumb","itemListElement":[{"@type":"ListItem","position":1,"name":"Home","item":"https:\/\/transfereurope.com\/sk\/"},{"@type":"ListItem","position":2,"name":"Transfer z letiska Krakow na ly\u017eiarske stredisko Zieleniec"}]},{"@type":"WebSite","@id":"https:\/\/transfereurope.com\/sk\/#website","url":"https:\/\/transfereurope.com\/sk\/","name":"transfereurope","description":"","publisher":{"@id":"https:\/\/transfereurope.com\/sk\/#organization"},"potentialAction":[{"@type":"SearchAction","target":{"@type":"EntryPoint","urlTemplate":"https:\/\/transfereurope.com\/sk\/?s={search_term_string}"},"query-input":{"@type":"PropertyValueSpecification","valueRequired":true,"valueName":"search_term_string"}}],"inLanguage":"sk-SK"},{"@type":"Organization","@id":"https:\/\/transfereurope.com\/sk\/#organization","name":"transfereurope","url":"https:\/\/transfereurope.com\/sk\/","logo":{"@type":"ImageObject","inLanguage":"sk-SK","@id":"https:\/\/transfereurope.com\/sk\/#\/schema\/logo\/image\/","url":"https:\/\/transfereurope.com\/wp-content\/uploads\/2025\/08\/TRANSFERS-1655.png","contentUrl":"https:\/\/transfereurope.com\/wp-content\/uploads\/2025\/08\/TRANSFERS-1655.png","width":500,"height":274,"caption":"transfereurope"},"image":{"@id":"https:\/\/transfereurope.com\/sk\/#\/schema\/logo\/image\/"}}]}},"_links":{"self":[{"href":"https:\/\/transfereurope.com\/sk\/wp-json\/wp\/v2\/pages\/93570","targetHints":{"allow":["GET"]}}],"collection":[{"href":"https:\/\/transfereurope.com\/sk\/wp-json\/wp\/v2\/pages"}],"about":[{"href":"https:\/\/transfereurope.com\/sk\/wp-json\/wp\/v2\/types\/page"}],"author":[{"embeddable":true,"href":"https:\/\/transfereurope.com\/sk\/wp-json\/wp\/v2\/users\/1"}],"replies":[{"embeddable":true,"href":"https:\/\/transfereurope.com\/sk\/wp-json\/wp\/v2\/comments?post=93570"}],"version-history":[{"count":0,"href":"https:\/\/transfereurope.com\/sk\/wp-json\/wp\/v2\/pages\/93570\/revisions"}],"up":[{"embeddable":true,"href":"https:\/\/transfereurope.com\/sk\/wp-json\/wp\/v2\/pages\/20769"}],"wp:featuredmedia":[{"embeddable":true,"href":"https:\/\/transfereurope.com\/sk\/wp-json\/wp\/v2\/media\/93571"}],"wp:attachment":[{"href":"https:\/\/transfereurope.com\/sk\/wp-json\/wp\/v2\/media?parent=93570"}],"curies":[{"name":"wp","href":"https:\/\/api.w.org\/{rel}","templated":true}]}}