{"id":93237,"date":"2025-08-06T05:16:13","date_gmt":"2025-08-06T05:16:13","guid":{"rendered":"https:\/\/transfereurope.com\/transfer-z-letiska-krakow-do-lyziarskeho-strediska-tatranska-lomnica\/"},"modified":"2025-08-06T05:16:13","modified_gmt":"2025-08-06T05:16:13","slug":"transfer-z-letiska-krakow-do-lyziarskeho-strediska-tatranska-lomnica","status":"publish","type":"page","link":"https:\/\/transfereurope.com\/sk\/lyziarske-transfery\/transfery-z-letiska-krakov-do-lyziarskych-stredisk\/transfer-z-letiska-krakow-do-lyziarskeho-strediska-tatranska-lomnica\/","title":{"rendered":"Transfer z letiska Krakow do ly\u017eiarskeho strediska Tatranska Lomnica"},"content":{"rendered":"\n<div id=\"t4-masthead\" class=\"t4-section  t4-masthead\">\n<div class=\"t4-col text-center\">\n<div class=\"ja-masthead\" >\n<div class=\"ja-masthead-detail\">\n<h1 class=\"ja-masthead-title\">Transfer z letiska Krakow do ly\u017eiarskeho strediska Tatranska Lomnica<\/h1>\n<p>                 <!---->            <\/p>\n<div class=\"block-breadcrumb\">                       <\/div>\n<\/p><\/div>\n<\/p><\/div>\n<pre><\/pre>\n<\/div>\n<\/div>\n<div id=\"t4-main-body\" class=\"t4-section  t4-main-body\" role=\"main body\">\n<div class=\"t4-section-inner container\">\n<div class=\"t4-row row\">\n<div class=\"t4-col col-12 col-xl\">\n<div id=\"system-message-container\"> \t<\/div>\n<div class=\"com-content-article item-page view-tour-detail\">\n<div class=\"tour-top-info clearfix\">\n<div class=\"pull-left\">\n<div class=\"category-article-dot\">\n<div class=\"category-name\"> \t\t\t\t\t<a href=\"\/sk\/lyziarske-transfery\/transfery-z-letiska-krakov-do-lyziarskych-stredisk\" itemprop=\"genre\">Transfery z letiska Krakov do ly\u017eiarskych stred\u00edsk<\/a> \t\t\t\t<\/div>\n<\/p><\/div>\n<\/p><\/div>\n<div class=\"pull-right\">\n<div class=\"text-danger tour-price\"> \t\t\t\t\t\t<a href=\"\/sk\/rezervovat-transfer\">Rezervova\u0165<\/a><\/div>\n<\/p><\/div>\n<\/p><\/div>\n<p>  \t <!--\t-->  \t<\/p>\n<div class=\"vm-product-container\">\n<figure class=\"pull-left item-image\">\n<div class=\"main-image\"> \t\t<a  rel='vm-additional-images' href=\"\/images\/virtuemart\/product\/Krakow to Tatranska Lomnica Ski Transfer Service.png\"><img decoding=\"async\"  loading=\"lazy\"  src=\"\/wp-content\/uploads\/2025\/08\/Krakow-to-Tatranska-Lomnica-Ski-Transfer-Service-2.png\"  \/><\/a>\t\t<\/p>\n<div class=\"clear\"><\/div>\n<\/p><\/div>\n<\/figure>\n<div class=\"vm-product-details-container\">\n<div class=\"spacer-buy-area\">    \t\t \t\t<\/div>\n<\/p><\/div>\n<div class=\"clear\"><\/div>\n<\/p><\/div>\n<div class=\"product-description\" >\n<h2 style=\"text-align: center;\">Transfer z letiska Krakov do Tatranskej Lomnice: Hladk\u00e1 cesta na svahy<\/h2>\n<p>Pripravte sa na nev\u0161edn\u00fd z\u00e1\u017eitok z ly\u017eova\u010dky v Tatranskej Lomnici a za\u010dnite s na\u0161ou efekt\u00edvnou a pohodlnou slu\u017ebou transferu z letiska Krakov do Tatranskej Lomnice. Hne\u010f po pr\u00edlete na letisko v Krakove sa postar\u00e1me o to, aby va\u0161a cesta na \u00fa\u017easn\u00e9 ly\u017eiarske svahy Tatranskej Lomnice bola \u010do najplynulej\u0161ia a najpr\u00edjemnej\u0161ia.<\/p>\n<p style=\"text-align: center;\"><a class=\"btn btn-primary\" href=\"\/sk\/rezervovat-transfer-z-na-letisko\">Rezervova\u0165<\/a><\/p>\n<p style=\"text-align: center;\"><img decoding=\"async\" src=\"\/wp-content\/uploads\/2025\/08\/Krakow_Airport_to_Tatranska_Lomnica_Ski_Transfer-1-scaled.jpg\" alt=\"\" \/><\/p>\n<h3 style=\"text-align: center;\">Bezkonkuren\u010dn\u00e9 v\u00fdhody n\u00e1\u0161ho transferu z letiska Krakow do ly\u017eiarskeho strediska Tatranska Lomnica<\/h3>\n<p><strong>St\u00e1la podpora, vo dne aj v noci:<\/strong> Na\u0161a slu\u017eba transferu z letiska Krakow Airport do Tatranskej Lomnice je podporovan\u00e1 z\u00e1kazn\u00edckou podporou 24 hod\u00edn denne, 7 dn\u00ed v t\u00fd\u017edni. Bez oh\u013eadu na to, kedy v\u00e1\u0161 let pristane, n\u00e1\u0161 t\u00edm je v\u017edy pripraven\u00fd pom\u00f4c\u0165 a zabezpe\u010di\u0165 hladk\u00fd a bezprobl\u00e9mov\u00fd transfer.<\/p>\n<p><strong>Transparentn\u00e9 ceny, \u017eiadne skryt\u00e9 n\u00e1klady:<\/strong> V pr\u00edpade transferu z letiska Krakov do Tatranskej Lomnice je na\u0161\u00edm pr\u00eds\u013eubom transparentnos\u0165. M\u00f4\u017eete o\u010dak\u00e1va\u0165 jasn\u00e9 a priame ceny bez ak\u00fdchko\u013evek skryt\u00fdch poplatkov, v\u010faka \u010domu si m\u00f4\u017eete s \u00faplnou istotou napl\u00e1nova\u0165 rozpo\u010det na svoju ly\u017eiarsku dovolenku.<\/p>\n<p><strong>Priestrann\u00e1 bato\u017eina pre ly\u017eiarsky v\u00fdstroj:<\/strong> Ch\u00e1peme, \u017ee va\u0161a ly\u017eiarska v\u00fdbava je pre v\u00e1\u0161 v\u00fdlet k\u013e\u00fa\u010dov\u00e1. Na\u0161e vozidl\u00e1 na prepravu ly\u017eiarov z letiska Krakov do Tatranskej Lomnice s\u00fa vybaven\u00e9 ve\u013ek\u00fdmi bato\u017einov\u00fdmi priestormi, ktor\u00e9 zabezpe\u010dia bezpe\u010dn\u00fa prepravu v\u00e1\u0161ho vybavenia.<\/p>\n<p><strong>Funkcie vhodn\u00e9 pre rodiny:<\/strong> S na\u0161\u00edm transferom z letiska Krakow Airport do Tatranskej Lomnice je cestovanie s de\u0165mi bezprobl\u00e9mov\u00e9. Na\u0161e vozidl\u00e1 s\u00fa vybaven\u00e9 detsk\u00fdmi autoseda\u010dkami, ktor\u00e9 zabezpe\u010dia bezpe\u010dnos\u0165 a pohodlie va\u0161ich najmen\u0161\u00edch po\u010das celej cesty.<\/p>\n<p style=\"text-align: center;\"><a class=\"btn btn-primary\" href=\"\/sk\/rezervovat-transfer-z-na-letisko\">Rezervova\u0165<\/a><\/p>\n<p style=\"text-align: center;\"><img decoding=\"async\" src=\"\/wp-content\/uploads\/2025\/08\/Krakow_Airport_to_Tatranska_Lomnica_Ski_Transfer-1.png\" alt=\"\" \/><\/p>\n<h4 style=\"text-align: center;\">Objavte z\u00e1zraky Tatranskej Lomnice<\/h4>\n<p>Ly\u017eiarsky raj Tatransk\u00e1 Lomnica, do ktor\u00e9ho sa dostanete na\u0161\u00edm transferom z letiska Krakov do Tatranskej Lomnice, je rajom ly\u017eiarov. Je zn\u00e1ma svojimi \u00fachvatn\u00fdmi v\u00fdh\u013eadmi na hory a rozmanit\u00fdmi ly\u017eiarskymi tra\u0165ami a je ur\u010den\u00e1 pre v\u0161etky \u00farovne ly\u017eiarov, od za\u010diato\u010dn\u00edkov a\u017e po expertov. Stredisko pon\u00faka aj pr\u00edjemn\u00fa a l\u00e1kav\u00fa apr\u00e9s-ski atmosf\u00e9ru, ktor\u00e1 je ide\u00e1lna na oddych po dni str\u00e1venom na svahu.<\/p>\n<p style=\"text-align: center;\"><a class=\"btn btn-primary\" href=\"\/sk\/rezervovat-transfer-z-na-letisko\">Rezervova\u0165<\/a><\/p>\n<h4 style=\"text-align: center;\">Bezprobl\u00e9mov\u00fd proces rezerv\u00e1cie<\/h4>\n<p>Organiz\u00e1cia transferu z letiska Krakow do ly\u017eiarskeho strediska Tatranska Lomnica je jednoduch\u00e1 a pohodln\u00e1. N\u00e1\u0161 u\u017e\u00edvate\u013esky pr\u00edvetiv\u00fd rezerva\u010dn\u00fd syst\u00e9m v\u00e1m umo\u017en\u00ed vybra\u0165 si ide\u00e1lny transfer pre va\u0161u ve\u013ekos\u0165 skupiny a preferencie, \u010d\u00edm sa va\u0161e ly\u017eiarske dobrodru\u017estvo za\u010dne bez ak\u00fdchko\u013evek probl\u00e9mov.<\/p>\n<h4 style=\"text-align: center;\">Za\u010dnite svoje ly\u017eiarske dobrodru\u017estvo s istotou<\/h4>\n<p>Vyberte si n\u00e1\u0161 transfer z letiska Krakov do Tatranskej Lomnice a za\u010dnite svoju ly\u017eiarsku dovolenku bez stresu. Sna\u017e\u00edme sa poskytova\u0165 v\u00fdnimo\u010dn\u00e9 slu\u017eby s d\u00f4razom na va\u0161e pohodlie a bezpe\u010dnos\u0165. Zarezervujte si teraz plynul\u00fa a pr\u00edjemn\u00fa cestu na kr\u00e1sne svahy Tatranskej Lomnice!<\/p>\n<\/p><\/div>\n<div class=\"product-price-container\">\n<div class=\"sale-price\"> \t\t<\/div>\n<\/p><\/div>\n<div class=\"options\"><\/div>\n<div> \t\t<\/div>\n<p>   \t        <script type=\"text\/javascript\" ><\/script>  <script type=\"text\/javascript\" ><\/script> <script type=\"text\/javascript\" ><\/script>  <script type=\"text\/javascript\" ><\/script> <script type=\"text\/javascript\" ><\/script> <script type=\"text\/javascript\" ><\/script> <script type=\"text\/javascript\" ><\/script> <\/div>\n<p> \t\t<!-- \u041f\u043b\u0430\u0433\u0438\u043d \u0440\u0435\u0439\u0442\u0438\u043d\u0433\u0430 --> <\/p>\n<div class=\"vrvote-body\">\n<ul class=\"vrvote-ul\">\n<li id=\"rating_189\" class=\"current-rating\" style=\"width:96.00%;\"><\/li>\n<li> \t\t\t\t\t\t<a class=\"vr-one-star\" onclick=\"javascript:JSVRvote(189,1,24,5,0)\" href=\"javascript:void(null)\">1<\/a> \t\t\t\t\t<\/li>\n<li> \t\t\t\t\t\t<a class=\"vr-two-stars\" onclick=\"javascript:JSVRvote(189,2,24,5,0)\" href=\"javascript:void(null)\">2<\/a> \t\t\t\t\t<\/li>\n<li> \t\t\t\t\t\t<a class=\"vr-three-stars\" onclick=\"javascript:JSVRvote(189,3,24,5,0)\" href=\"javascript:void(null)\">3<\/a> \t\t\t\t\t<\/li>\n<li> \t\t\t\t\t\t<a class=\"vr-four-stars\" onclick=\"javascript:JSVRvote(189,4,24,5,0)\" href=\"javascript:void(null)\">4<\/a> \t\t\t\t\t<\/li>\n<li> \t\t\t\t\t\t<a class=\"vr-five-stars\" onclick=\"javascript:JSVRvote(189,5,24,5,0)\" href=\"javascript:void(null)\">5<\/a> \t\t\t\t\t<\/li>\n<\/ul><\/div>\n<p> \t\t\t<span id=\"vrvote_189\" class=\"vrvote-count\"><small><\/small><\/span>\t<\/span><script type=\"application\/ld+json\"><\/script>   <\/div>\n<div class=\"t4-col sidebar-r col-12 col-xl-4\">\n<div class=\"t4-module module\" id=\"Mod306\">\n<div class=\"module-inner\">\n<div class=\"module-ct\">\n<div class=\"bannergroup\">\n<div class=\"banneritem\"> \t\t\t\t\t\t\t\t\t\t\t\t\t\t\t\t\t\t\t\t\t\t\t\t\t\t\t\t\t\t\t\t\t\t\t\t\t\t\t\t\t\t\t\t\t\t\t\t\t\t<img \t\t\t\t\t\tsrc=\"\/wp-content\/uploads\/2025\/08\/banner-transfer-europe-sk-547.png\" \t\t\t\t\t\talt=\"Banner-sk\" \t\t\t\t\t\t\t\t\t\t\t\t\t\t\t\t\t\/> \t\t\t\t\t\t\t\t\t\t\t<\/p>\n<div class=\"clr\"><\/div>\n<\/p><\/div>\n<\/p><\/div>\n<\/p><\/div>\n<\/div>\n<\/div><\/div>\n<\/p><\/div>\n<\/div><\/div>\n<div id=\"t4-section-8\" class=\"t4-section  t4-section-8  section-border-top\" role=\"section-8\">\n<div class=\"bg-overlay bg-overlay-image\">&nbsp;<\/div>\n<\/p><\/div>\n<p>  <a href='javascript:' id='back-to-top'><i class='fa fa-chevron-up'><\/i><\/a>                <\/p>\n","protected":false},"excerpt":{"rendered":"<p>Transfer z letiska Krakow do ly\u017eiarskeho strediska Tatranska Lomnica Transfery z letiska Krakov do ly\u017eiarskych stred\u00edsk Rezervova\u0165 Transfer z letiska Krakov do Tatranskej Lomnice: Hladk\u00e1 cesta na svahy Pripravte sa na nev\u0161edn\u00fd z\u00e1\u017eitok z ly\u017eova\u010dky v Tatranskej Lomnici a za\u010dnite s na\u0161ou efekt\u00edvnou a pohodlnou slu\u017ebou transferu z letiska Krakov do Tatranskej Lomnice. Hne\u010f po [&hellip;]<\/p>\n","protected":false},"author":1,"featured_media":93238,"parent":20769,"menu_order":0,"comment_status":"closed","ping_status":"closed","template":"","meta":{"footnotes":""},"class_list":["post-93237","page","type-page","status-publish","has-post-thumbnail","hentry"],"yoast_head":"<!-- This site is optimized with the Yoast SEO plugin v25.6 - https:\/\/yoast.com\/wordpress\/plugins\/seo\/ -->\n<title>Transfer z letiska Krakov do ly\u017eiarskeho strediska Tatransk\u00e1 Lomnica<\/title>\n<meta name=\"description\" content=\"Za\u017eite transfer z letiska Krakov do ly\u017eiarskeho strediska Tatransk\u00e1 Lomnica. Rezervujte si e\u0161te dnes a u\u017eite si cestovanie bez stresu s malebn\u00fdm v\u00fdh\u013eadom. Zavolajte n\u00e1m \u260e +421 940 904 184 pre individu\u00e1lnu pomoc.\" \/>\n<meta name=\"robots\" content=\"index, follow, max-snippet:-1, max-image-preview:large, max-video-preview:-1\" \/>\n<link rel=\"canonical\" href=\"https:\/\/transfereurope.com\/sk\/lyziarske-transfery\/transfery-z-letiska-krakov-do-lyziarskych-stredisk\/transfer-z-letiska-krakow-do-lyziarskeho-strediska-tatranska-lomnica\/\" \/>\n<meta property=\"og:locale\" content=\"sk_SK\" \/>\n<meta property=\"og:type\" content=\"article\" \/>\n<meta property=\"og:title\" content=\"Transfer z letiska Krakov do ly\u017eiarskeho strediska Tatransk\u00e1 Lomnica\" \/>\n<meta property=\"og:description\" content=\"Za\u017eite transfer z letiska Krakov do ly\u017eiarskeho strediska Tatransk\u00e1 Lomnica. Rezervujte si e\u0161te dnes a u\u017eite si cestovanie bez stresu s malebn\u00fdm v\u00fdh\u013eadom. Zavolajte n\u00e1m \u260e +421 940 904 184 pre individu\u00e1lnu pomoc.\" \/>\n<meta property=\"og:url\" content=\"https:\/\/transfereurope.com\/sk\/lyziarske-transfery\/transfery-z-letiska-krakov-do-lyziarskych-stredisk\/transfer-z-letiska-krakow-do-lyziarskeho-strediska-tatranska-lomnica\/\" \/>\n<meta property=\"og:site_name\" content=\"transfereurope\" \/>\n<meta property=\"og:image\" content=\"https:\/\/transfereurope.com\/wp-content\/uploads\/2025\/08\/Krakow-to-Tatranska-Lomnica-Ski-Transfer-Service-2-1.png\" \/>\n\t<meta property=\"og:image:width\" content=\"940\" \/>\n\t<meta property=\"og:image:height\" content=\"788\" \/>\n\t<meta property=\"og:image:type\" content=\"image\/png\" \/>\n<meta name=\"twitter:card\" content=\"summary_large_image\" \/>\n<meta name=\"twitter:label1\" content=\"Predpokladan\u00fd \u010das \u010d\u00edtania\" \/>\n\t<meta name=\"twitter:data1\" content=\"3 min\u00faty\" \/>\n<script type=\"application\/ld+json\" class=\"yoast-schema-graph\">{\"@context\":\"https:\/\/schema.org\",\"@graph\":[{\"@type\":\"WebPage\",\"@id\":\"https:\/\/transfereurope.com\/sk\/lyziarske-transfery\/transfery-z-letiska-krakov-do-lyziarskych-stredisk\/transfer-z-letiska-krakow-do-lyziarskeho-strediska-tatranska-lomnica\/\",\"url\":\"https:\/\/transfereurope.com\/sk\/lyziarske-transfery\/transfery-z-letiska-krakov-do-lyziarskych-stredisk\/transfer-z-letiska-krakow-do-lyziarskeho-strediska-tatranska-lomnica\/\",\"name\":\"Transfer z letiska Krakov do ly\u017eiarskeho strediska Tatransk\u00e1 Lomnica\",\"isPartOf\":{\"@id\":\"https:\/\/transfereurope.com\/sk\/#website\"},\"primaryImageOfPage\":{\"@id\":\"https:\/\/transfereurope.com\/sk\/lyziarske-transfery\/transfery-z-letiska-krakov-do-lyziarskych-stredisk\/transfer-z-letiska-krakow-do-lyziarskeho-strediska-tatranska-lomnica\/#primaryimage\"},\"image\":{\"@id\":\"https:\/\/transfereurope.com\/sk\/lyziarske-transfery\/transfery-z-letiska-krakov-do-lyziarskych-stredisk\/transfer-z-letiska-krakow-do-lyziarskeho-strediska-tatranska-lomnica\/#primaryimage\"},\"thumbnailUrl\":\"https:\/\/transfereurope.com\/wp-content\/uploads\/2025\/08\/Krakow-to-Tatranska-Lomnica-Ski-Transfer-Service-2-1.png\",\"datePublished\":\"2025-08-06T05:16:13+00:00\",\"description\":\"Za\u017eite transfer z letiska Krakov do ly\u017eiarskeho strediska Tatransk\u00e1 Lomnica. Rezervujte si e\u0161te dnes a u\u017eite si cestovanie bez stresu s malebn\u00fdm v\u00fdh\u013eadom. Zavolajte n\u00e1m \u260e +421 940 904 184 pre individu\u00e1lnu pomoc.\",\"breadcrumb\":{\"@id\":\"https:\/\/transfereurope.com\/sk\/lyziarske-transfery\/transfery-z-letiska-krakov-do-lyziarskych-stredisk\/transfer-z-letiska-krakow-do-lyziarskeho-strediska-tatranska-lomnica\/#breadcrumb\"},\"inLanguage\":\"sk-SK\",\"potentialAction\":[{\"@type\":\"ReadAction\",\"target\":[\"https:\/\/transfereurope.com\/sk\/lyziarske-transfery\/transfery-z-letiska-krakov-do-lyziarskych-stredisk\/transfer-z-letiska-krakow-do-lyziarskeho-strediska-tatranska-lomnica\/\"]}]},{\"@type\":\"ImageObject\",\"inLanguage\":\"sk-SK\",\"@id\":\"https:\/\/transfereurope.com\/sk\/lyziarske-transfery\/transfery-z-letiska-krakov-do-lyziarskych-stredisk\/transfer-z-letiska-krakow-do-lyziarskeho-strediska-tatranska-lomnica\/#primaryimage\",\"url\":\"https:\/\/transfereurope.com\/wp-content\/uploads\/2025\/08\/Krakow-to-Tatranska-Lomnica-Ski-Transfer-Service-2-1.png\",\"contentUrl\":\"https:\/\/transfereurope.com\/wp-content\/uploads\/2025\/08\/Krakow-to-Tatranska-Lomnica-Ski-Transfer-Service-2-1.png\",\"width\":940,\"height\":788},{\"@type\":\"BreadcrumbList\",\"@id\":\"https:\/\/transfereurope.com\/sk\/lyziarske-transfery\/transfery-z-letiska-krakov-do-lyziarskych-stredisk\/transfer-z-letiska-krakow-do-lyziarskeho-strediska-tatranska-lomnica\/#breadcrumb\",\"itemListElement\":[{\"@type\":\"ListItem\",\"position\":1,\"name\":\"Home\",\"item\":\"https:\/\/transfereurope.com\/sk\/\"},{\"@type\":\"ListItem\",\"position\":2,\"name\":\"Transfer z letiska Krakow do ly\u017eiarskeho strediska Tatranska Lomnica\"}]},{\"@type\":\"WebSite\",\"@id\":\"https:\/\/transfereurope.com\/sk\/#website\",\"url\":\"https:\/\/transfereurope.com\/sk\/\",\"name\":\"transfereurope\",\"description\":\"\",\"publisher\":{\"@id\":\"https:\/\/transfereurope.com\/sk\/#organization\"},\"potentialAction\":[{\"@type\":\"SearchAction\",\"target\":{\"@type\":\"EntryPoint\",\"urlTemplate\":\"https:\/\/transfereurope.com\/sk\/?s={search_term_string}\"},\"query-input\":{\"@type\":\"PropertyValueSpecification\",\"valueRequired\":true,\"valueName\":\"search_term_string\"}}],\"inLanguage\":\"sk-SK\"},{\"@type\":\"Organization\",\"@id\":\"https:\/\/transfereurope.com\/sk\/#organization\",\"name\":\"transfereurope\",\"url\":\"https:\/\/transfereurope.com\/sk\/\",\"logo\":{\"@type\":\"ImageObject\",\"inLanguage\":\"sk-SK\",\"@id\":\"https:\/\/transfereurope.com\/sk\/#\/schema\/logo\/image\/\",\"url\":\"https:\/\/transfereurope.com\/wp-content\/uploads\/2025\/08\/TRANSFERS-1655.png\",\"contentUrl\":\"https:\/\/transfereurope.com\/wp-content\/uploads\/2025\/08\/TRANSFERS-1655.png\",\"width\":500,\"height\":274,\"caption\":\"transfereurope\"},\"image\":{\"@id\":\"https:\/\/transfereurope.com\/sk\/#\/schema\/logo\/image\/\"}}]}<\/script>\n<!-- \/ Yoast SEO plugin. -->","yoast_head_json":{"title":"Transfer z letiska Krakov do ly\u017eiarskeho strediska Tatransk\u00e1 Lomnica","description":"Za\u017eite transfer z letiska Krakov do ly\u017eiarskeho strediska Tatransk\u00e1 Lomnica. Rezervujte si e\u0161te dnes a u\u017eite si cestovanie bez stresu s malebn\u00fdm v\u00fdh\u013eadom. Zavolajte n\u00e1m \u260e +421 940 904 184 pre individu\u00e1lnu pomoc.","robots":{"index":"index","follow":"follow","max-snippet":"max-snippet:-1","max-image-preview":"max-image-preview:large","max-video-preview":"max-video-preview:-1"},"canonical":"https:\/\/transfereurope.com\/sk\/lyziarske-transfery\/transfery-z-letiska-krakov-do-lyziarskych-stredisk\/transfer-z-letiska-krakow-do-lyziarskeho-strediska-tatranska-lomnica\/","og_locale":"sk_SK","og_type":"article","og_title":"Transfer z letiska Krakov do ly\u017eiarskeho strediska Tatransk\u00e1 Lomnica","og_description":"Za\u017eite transfer z letiska Krakov do ly\u017eiarskeho strediska Tatransk\u00e1 Lomnica. Rezervujte si e\u0161te dnes a u\u017eite si cestovanie bez stresu s malebn\u00fdm v\u00fdh\u013eadom. Zavolajte n\u00e1m \u260e +421 940 904 184 pre individu\u00e1lnu pomoc.","og_url":"https:\/\/transfereurope.com\/sk\/lyziarske-transfery\/transfery-z-letiska-krakov-do-lyziarskych-stredisk\/transfer-z-letiska-krakow-do-lyziarskeho-strediska-tatranska-lomnica\/","og_site_name":"transfereurope","og_image":[{"width":940,"height":788,"url":"https:\/\/transfereurope.com\/wp-content\/uploads\/2025\/08\/Krakow-to-Tatranska-Lomnica-Ski-Transfer-Service-2-1.png","type":"image\/png"}],"twitter_card":"summary_large_image","twitter_misc":{"Predpokladan\u00fd \u010das \u010d\u00edtania":"3 min\u00faty"},"schema":{"@context":"https:\/\/schema.org","@graph":[{"@type":"WebPage","@id":"https:\/\/transfereurope.com\/sk\/lyziarske-transfery\/transfery-z-letiska-krakov-do-lyziarskych-stredisk\/transfer-z-letiska-krakow-do-lyziarskeho-strediska-tatranska-lomnica\/","url":"https:\/\/transfereurope.com\/sk\/lyziarske-transfery\/transfery-z-letiska-krakov-do-lyziarskych-stredisk\/transfer-z-letiska-krakow-do-lyziarskeho-strediska-tatranska-lomnica\/","name":"Transfer z letiska Krakov do ly\u017eiarskeho strediska Tatransk\u00e1 Lomnica","isPartOf":{"@id":"https:\/\/transfereurope.com\/sk\/#website"},"primaryImageOfPage":{"@id":"https:\/\/transfereurope.com\/sk\/lyziarske-transfery\/transfery-z-letiska-krakov-do-lyziarskych-stredisk\/transfer-z-letiska-krakow-do-lyziarskeho-strediska-tatranska-lomnica\/#primaryimage"},"image":{"@id":"https:\/\/transfereurope.com\/sk\/lyziarske-transfery\/transfery-z-letiska-krakov-do-lyziarskych-stredisk\/transfer-z-letiska-krakow-do-lyziarskeho-strediska-tatranska-lomnica\/#primaryimage"},"thumbnailUrl":"https:\/\/transfereurope.com\/wp-content\/uploads\/2025\/08\/Krakow-to-Tatranska-Lomnica-Ski-Transfer-Service-2-1.png","datePublished":"2025-08-06T05:16:13+00:00","description":"Za\u017eite transfer z letiska Krakov do ly\u017eiarskeho strediska Tatransk\u00e1 Lomnica. Rezervujte si e\u0161te dnes a u\u017eite si cestovanie bez stresu s malebn\u00fdm v\u00fdh\u013eadom. Zavolajte n\u00e1m \u260e +421 940 904 184 pre individu\u00e1lnu pomoc.","breadcrumb":{"@id":"https:\/\/transfereurope.com\/sk\/lyziarske-transfery\/transfery-z-letiska-krakov-do-lyziarskych-stredisk\/transfer-z-letiska-krakow-do-lyziarskeho-strediska-tatranska-lomnica\/#breadcrumb"},"inLanguage":"sk-SK","potentialAction":[{"@type":"ReadAction","target":["https:\/\/transfereurope.com\/sk\/lyziarske-transfery\/transfery-z-letiska-krakov-do-lyziarskych-stredisk\/transfer-z-letiska-krakow-do-lyziarskeho-strediska-tatranska-lomnica\/"]}]},{"@type":"ImageObject","inLanguage":"sk-SK","@id":"https:\/\/transfereurope.com\/sk\/lyziarske-transfery\/transfery-z-letiska-krakov-do-lyziarskych-stredisk\/transfer-z-letiska-krakow-do-lyziarskeho-strediska-tatranska-lomnica\/#primaryimage","url":"https:\/\/transfereurope.com\/wp-content\/uploads\/2025\/08\/Krakow-to-Tatranska-Lomnica-Ski-Transfer-Service-2-1.png","contentUrl":"https:\/\/transfereurope.com\/wp-content\/uploads\/2025\/08\/Krakow-to-Tatranska-Lomnica-Ski-Transfer-Service-2-1.png","width":940,"height":788},{"@type":"BreadcrumbList","@id":"https:\/\/transfereurope.com\/sk\/lyziarske-transfery\/transfery-z-letiska-krakov-do-lyziarskych-stredisk\/transfer-z-letiska-krakow-do-lyziarskeho-strediska-tatranska-lomnica\/#breadcrumb","itemListElement":[{"@type":"ListItem","position":1,"name":"Home","item":"https:\/\/transfereurope.com\/sk\/"},{"@type":"ListItem","position":2,"name":"Transfer z letiska Krakow do ly\u017eiarskeho strediska Tatranska Lomnica"}]},{"@type":"WebSite","@id":"https:\/\/transfereurope.com\/sk\/#website","url":"https:\/\/transfereurope.com\/sk\/","name":"transfereurope","description":"","publisher":{"@id":"https:\/\/transfereurope.com\/sk\/#organization"},"potentialAction":[{"@type":"SearchAction","target":{"@type":"EntryPoint","urlTemplate":"https:\/\/transfereurope.com\/sk\/?s={search_term_string}"},"query-input":{"@type":"PropertyValueSpecification","valueRequired":true,"valueName":"search_term_string"}}],"inLanguage":"sk-SK"},{"@type":"Organization","@id":"https:\/\/transfereurope.com\/sk\/#organization","name":"transfereurope","url":"https:\/\/transfereurope.com\/sk\/","logo":{"@type":"ImageObject","inLanguage":"sk-SK","@id":"https:\/\/transfereurope.com\/sk\/#\/schema\/logo\/image\/","url":"https:\/\/transfereurope.com\/wp-content\/uploads\/2025\/08\/TRANSFERS-1655.png","contentUrl":"https:\/\/transfereurope.com\/wp-content\/uploads\/2025\/08\/TRANSFERS-1655.png","width":500,"height":274,"caption":"transfereurope"},"image":{"@id":"https:\/\/transfereurope.com\/sk\/#\/schema\/logo\/image\/"}}]}},"_links":{"self":[{"href":"https:\/\/transfereurope.com\/sk\/wp-json\/wp\/v2\/pages\/93237","targetHints":{"allow":["GET"]}}],"collection":[{"href":"https:\/\/transfereurope.com\/sk\/wp-json\/wp\/v2\/pages"}],"about":[{"href":"https:\/\/transfereurope.com\/sk\/wp-json\/wp\/v2\/types\/page"}],"author":[{"embeddable":true,"href":"https:\/\/transfereurope.com\/sk\/wp-json\/wp\/v2\/users\/1"}],"replies":[{"embeddable":true,"href":"https:\/\/transfereurope.com\/sk\/wp-json\/wp\/v2\/comments?post=93237"}],"version-history":[{"count":0,"href":"https:\/\/transfereurope.com\/sk\/wp-json\/wp\/v2\/pages\/93237\/revisions"}],"up":[{"embeddable":true,"href":"https:\/\/transfereurope.com\/sk\/wp-json\/wp\/v2\/pages\/20769"}],"wp:featuredmedia":[{"embeddable":true,"href":"https:\/\/transfereurope.com\/sk\/wp-json\/wp\/v2\/media\/93238"}],"wp:attachment":[{"href":"https:\/\/transfereurope.com\/sk\/wp-json\/wp\/v2\/media?parent=93237"}],"curies":[{"name":"wp","href":"https:\/\/api.w.org\/{rel}","templated":true}]}}