{"id":93015,"date":"2025-08-06T05:11:09","date_gmt":"2025-08-06T05:11:09","guid":{"rendered":"https:\/\/transfereurope.com\/transfer-z-letiska-krakow-na-lyziarske-stredisko-szczyrk\/"},"modified":"2025-08-06T05:11:09","modified_gmt":"2025-08-06T05:11:09","slug":"transfer-z-letiska-krakow-na-lyziarske-stredisko-szczyrk","status":"publish","type":"page","link":"https:\/\/transfereurope.com\/sk\/lyziarske-transfery\/transfery-z-letiska-krakov-do-lyziarskych-stredisk\/transfer-z-letiska-krakow-na-lyziarske-stredisko-szczyrk\/","title":{"rendered":"Transfer z letiska Krakow na ly\u017eiarske stredisko Szczyrk"},"content":{"rendered":"\n<div id=\"t4-masthead\" class=\"t4-section  t4-masthead\">\n<div class=\"t4-col text-center\">\n<div class=\"ja-masthead\" >\n<div class=\"ja-masthead-detail\">\n<h1 class=\"ja-masthead-title\">Transfer z letiska Krakow na ly\u017eiarske stredisko Szczyrk<\/h1>\n<p>                 <!---->            <\/p>\n<div class=\"block-breadcrumb\">                       <\/div>\n<\/p><\/div>\n<\/p><\/div>\n<pre><\/pre>\n<\/div>\n<\/div>\n<div id=\"t4-main-body\" class=\"t4-section  t4-main-body\" role=\"main body\">\n<div class=\"t4-section-inner container\">\n<div class=\"t4-row row\">\n<div class=\"t4-col col-12 col-xl\">\n<div id=\"system-message-container\"> \t<\/div>\n<div class=\"com-content-article item-page view-tour-detail\">\n<div class=\"tour-top-info clearfix\">\n<div class=\"pull-left\">\n<div class=\"category-article-dot\">\n<div class=\"category-name\"> \t\t\t\t\t<a href=\"\/sk\/lyziarske-transfery\/transfery-z-letiska-krakov-do-lyziarskych-stredisk\" itemprop=\"genre\">Transfery z letiska Krakov do ly\u017eiarskych stred\u00edsk<\/a> \t\t\t\t<\/div>\n<\/p><\/div>\n<\/p><\/div>\n<div class=\"pull-right\">\n<div class=\"text-danger tour-price\"> \t\t\t\t\t\t<a href=\"\/sk\/rezervovat-transfer\">Rezervova\u0165<\/a><\/div>\n<\/p><\/div>\n<\/p><\/div>\n<p>  \t <!--\t-->  \t<\/p>\n<div class=\"vm-product-container\">\n<figure class=\"pull-left item-image\">\n<div class=\"main-image\"> \t\t<a  rel='vm-additional-images' href=\"\/images\/virtuemart\/product\/Krakow to Szczyrk Ski Transfer Service.png\"><img decoding=\"async\"  loading=\"lazy\"  src=\"\/wp-content\/uploads\/2025\/08\/Krakow-to-Szczyrk-Ski-Transfer-Service-2.png\"  \/><\/a>\t\t<\/p>\n<div class=\"clear\"><\/div>\n<\/p><\/div>\n<\/figure>\n<div class=\"vm-product-details-container\">\n<div class=\"spacer-buy-area\">    \t\t \t\t<\/div>\n<\/p><\/div>\n<div class=\"clear\"><\/div>\n<\/p><\/div>\n<div class=\"product-description\" >\n<h2 style=\"text-align: center;\">Transfer z letiska Krakow na ly\u017eiarske stredisko Szczyrk: Hladk\u00e1 cesta na svahy<\/h2>\n<p>Vydajte sa na nezabudnute\u013en\u00e9 ly\u017eiarske dobrodru\u017estvo v Szczyrku, ktor\u00e9 sa za\u010d\u00edna pohodln\u00fdm a komfortn\u00fdm transferom z letiska Krakov do Szczyrku. Od chv\u00edle, ke\u010f pristanete na letisku v Krakove, zabezpe\u010d\u00edme, aby va\u0161a cesta na zasne\u017een\u00e9 svahy Szczyrku bola bezprobl\u00e9mov\u00e1 a pr\u00edjemn\u00e1.<\/p>\n<p style=\"text-align: center;\"><a class=\"btn btn-primary\" href=\"\/sk\/rezervovat-transfer-z-na-letisko\">Rezervova\u0165<\/a><\/p>\n<p style=\"text-align: center;\"><img decoding=\"async\" src=\"\/wp-content\/uploads\/2025\/08\/Krakow_Airport_to_Szczyrk_Ski_Transfer-1-scaled.jpg\" alt=\"\" \/><\/p>\n<h3 style=\"text-align: center;\">V\u00fdnimo\u010dn\u00e9 vlastnosti transferu z letiska Krakow na ly\u017eiarske stredisko Szczyrk<\/h3>\n<p><strong>Z\u00e1kazn\u00edcka podpora 24\/7:<\/strong>\u00a0N\u00e1\u0161 transfer z Krakow Airport do Szczyrk Ski m\u00e1 nepretr\u017eit\u00fa podporu. \u010ci u\u017e v\u00e1\u0161 let prilet\u00ed neskoro ve\u010der alebo skoro r\u00e1no, n\u00e1\u0161 t\u00edm je v\u00e1m v\u017edy k dispoz\u00edcii a zaru\u010d\u00ed v\u00e1m bezprobl\u00e9mov\u00fd za\u010diatok va\u0161ej ly\u017eiarskej dovolenky.<\/p>\n<p><strong>Transparentn\u00e9 ceny bez skryt\u00fdch poplatkov:<\/strong>\u00a0S na\u0161\u00edm transferom z letiska Krakov do ly\u017eiarskeho strediska Szczyrk sa m\u00f4\u017eete te\u0161i\u0165 na jasn\u00e9 a vopred zn\u00e1me ceny. Zaru\u010dujeme, \u017ee neexistuj\u00fa \u017eiadne skryt\u00e9 poplatky, \u010do v\u00e1m umo\u017en\u00ed efekt\u00edvne a s pokojom v du\u0161i si napl\u00e1nova\u0165 ly\u017eiarsky z\u00e1jazd.<\/p>\n<p><strong>Dostatok miesta na bato\u017einu pre ly\u017eiarske vybavenie:<\/strong>\u00a0Na\u0161e vozidl\u00e1 na prepravu ly\u017eiarov z letiska Krakov do Szczyrku s\u00fa vybaven\u00e9 ve\u013ek\u00fdmi bato\u017einov\u00fdmi priestormi. To znamen\u00e1, \u017ee va\u0161a ly\u017eiarska v\u00fdbava sa prepravuje bezpe\u010dne a spo\u013eahlivo, tak\u017ee m\u00e1te o jednu staros\u0165 menej.<\/p>\n<p><strong>Slu\u017eby vhodn\u00e9 pre rodiny:<\/strong>\u00a0S na\u0161\u00edm transferom z letiska Krakow Airport do Szczyrku je cestovanie s de\u0165mi pohodlnej\u0161ie. Pre bezpe\u010dnos\u0165 a pohodlie va\u0161ich najmen\u0161\u00edch poskytujeme detsk\u00e9 autoseda\u010dky, \u010d\u00edm zabezpe\u010d\u00edme cestu bez stresu pre cel\u00fa rodinu.<\/p>\n<p style=\"text-align: center;\"><a class=\"btn btn-primary\" href=\"\/sk\/rezervovat-transfer-z-na-letisko\">Rezervova\u0165<\/a><\/p>\n<p style=\"text-align: center;\"><img decoding=\"async\" src=\"\/wp-content\/uploads\/2025\/08\/Krakow_Airport_to_Szczyrk_Ski_Transfer-1.png\" alt=\"\" \/><\/p>\n<h4 style=\"text-align: center;\">P\u00f4vab ly\u017eovania v Szczyrku<\/h4>\n<p>Szczyrk je ly\u017eiarsky raj, do ktor\u00e9ho sa dostanete na\u0161\u00edm transferom z letiska Krakov do Szczyrku a ktor\u00fd je zn\u00e1my svojimi kr\u00e1snymi zjazdovkami a \u017eivou zimnou atmosf\u00e9rou. Szczyrk je vhodn\u00fd pre ly\u017eiarov v\u0161etk\u00fdch \u00farovn\u00ed, pon\u00faka mno\u017estvo trat\u00ed a \u017eiv\u00fa apr\u00e9s-ski sc\u00e9nu, \u010do z neho rob\u00ed ide\u00e1lnu destin\u00e1ciu pre milovn\u00edkov zimn\u00fdch \u0161portov.<\/p>\n<h4 style=\"text-align: center;\"><a class=\"btn btn-primary\" href=\"\/sk\/rezervovat-transfer-z-na-letisko\">Rezervova\u0165<\/a><\/h4>\n<h4 style=\"text-align: center;\">Zjednodu\u0161en\u00fd proces rezerv\u00e1cie<\/h4>\n<p>Rezerv\u00e1cia transferu z letiska Krakow na ly\u017eiarske stredisko Szczyrk je jednoduch\u00e1. N\u00e1\u0161 jednoduch\u00fd rezerva\u010dn\u00fd syst\u00e9m v\u00e1m umo\u017en\u00ed vybra\u0165 si ide\u00e1lnu mo\u017enos\u0165 transferu pod\u013ea va\u0161ich potrieb a zabezpe\u010d\u00ed, \u017ee va\u0161a jazda bude pripraven\u00e1 po va\u0161om pr\u00edlete na letisko Krakov.<\/p>\n<h4 style=\"text-align: center;\">Za\u010dnite svoju cestu za ly\u017eovan\u00edm s nami<\/h4>\n<p>Vyberte si n\u00e1\u0161 transfer z letiska Krakow do ly\u017eiarskeho strediska Szczyrk, aby ste sa na svahy dostali bez probl\u00e9mov, pohodlne a pr\u00edjemne. V\u010faka n\u00e1\u0161mu z\u00e1v\u00e4zku poskytova\u0165 vynikaj\u00face slu\u017eby si m\u00f4\u017eete by\u0165 ist\u00ed, \u017ee v\u00e1\u0161 ly\u017eiarsky v\u00fdlet sa za\u010dne na t\u00fa najlep\u0161iu n\u00f4tu. Rezervujte si transfer e\u0161te dnes a te\u0161te sa na nev\u0161edn\u00fd ly\u017eiarsky z\u00e1\u017eitok v Szczyrku!<\/p>\n<\/p><\/div>\n<div class=\"product-price-container\">\n<div class=\"sale-price\"> \t\t<\/div>\n<\/p><\/div>\n<div class=\"options\"><\/div>\n<div> \t\t<\/div>\n<p>   \t        <script type=\"text\/javascript\" ><\/script>  <script type=\"text\/javascript\" ><\/script> <script type=\"text\/javascript\" ><\/script>  <script type=\"text\/javascript\" ><\/script> <script type=\"text\/javascript\" ><\/script> <script type=\"text\/javascript\" ><\/script> <script type=\"text\/javascript\" ><\/script> <\/div>\n<p> \t\t<!-- \u041f\u043b\u0430\u0433\u0438\u043d \u0440\u0435\u0439\u0442\u0438\u043d\u0433\u0430 --> <\/p>\n<div class=\"vrvote-body\">\n<ul class=\"vrvote-ul\">\n<li id=\"rating_191\" class=\"current-rating\" style=\"width:96.00%;\"><\/li>\n<li> \t\t\t\t\t\t<a class=\"vr-one-star\" onclick=\"javascript:JSVRvote(191,1,24,5,0)\" href=\"javascript:void(null)\">1<\/a> \t\t\t\t\t<\/li>\n<li> \t\t\t\t\t\t<a class=\"vr-two-stars\" onclick=\"javascript:JSVRvote(191,2,24,5,0)\" href=\"javascript:void(null)\">2<\/a> \t\t\t\t\t<\/li>\n<li> \t\t\t\t\t\t<a class=\"vr-three-stars\" onclick=\"javascript:JSVRvote(191,3,24,5,0)\" href=\"javascript:void(null)\">3<\/a> \t\t\t\t\t<\/li>\n<li> \t\t\t\t\t\t<a class=\"vr-four-stars\" onclick=\"javascript:JSVRvote(191,4,24,5,0)\" href=\"javascript:void(null)\">4<\/a> \t\t\t\t\t<\/li>\n<li> \t\t\t\t\t\t<a class=\"vr-five-stars\" onclick=\"javascript:JSVRvote(191,5,24,5,0)\" href=\"javascript:void(null)\">5<\/a> \t\t\t\t\t<\/li>\n<\/ul><\/div>\n<p> \t\t\t<span id=\"vrvote_191\" class=\"vrvote-count\"><small><\/small><\/span>\t<\/span><script type=\"application\/ld+json\"><\/script>   <\/div>\n<div class=\"t4-col sidebar-r col-12 col-xl-4\">\n<div class=\"t4-module module\" id=\"Mod306\">\n<div class=\"module-inner\">\n<div class=\"module-ct\">\n<div class=\"bannergroup\">\n<div class=\"banneritem\"> \t\t\t\t\t\t\t\t\t\t\t\t\t\t\t\t\t\t\t\t\t\t\t\t\t\t\t\t\t\t\t\t\t\t\t\t\t\t\t\t\t\t\t\t\t\t\t\t\t\t<img \t\t\t\t\t\tsrc=\"\/wp-content\/uploads\/2025\/08\/banner-transfer-europe-sk-545.png\" \t\t\t\t\t\talt=\"Banner-sk\" \t\t\t\t\t\t\t\t\t\t\t\t\t\t\t\t\t\/> \t\t\t\t\t\t\t\t\t\t\t<\/p>\n<div class=\"clr\"><\/div>\n<\/p><\/div>\n<\/p><\/div>\n<\/p><\/div>\n<\/div>\n<\/div><\/div>\n<\/p><\/div>\n<\/div><\/div>\n<div id=\"t4-section-8\" class=\"t4-section  t4-section-8  section-border-top\" role=\"section-8\">\n<div class=\"bg-overlay bg-overlay-image\">&nbsp;<\/div>\n<\/p><\/div>\n<p>  <a href='javascript:' id='back-to-top'><i class='fa fa-chevron-up'><\/i><\/a>                <\/p>\n","protected":false},"excerpt":{"rendered":"<p>Transfer z letiska Krakow na ly\u017eiarske stredisko Szczyrk Transfery z letiska Krakov do ly\u017eiarskych stred\u00edsk Rezervova\u0165 Transfer z letiska Krakow na ly\u017eiarske stredisko Szczyrk: Hladk\u00e1 cesta na svahy Vydajte sa na nezabudnute\u013en\u00e9 ly\u017eiarske dobrodru\u017estvo v Szczyrku, ktor\u00e9 sa za\u010d\u00edna pohodln\u00fdm a komfortn\u00fdm transferom z letiska Krakov do Szczyrku. Od chv\u00edle, ke\u010f pristanete na letisku v [&hellip;]<\/p>\n","protected":false},"author":1,"featured_media":93016,"parent":20769,"menu_order":0,"comment_status":"closed","ping_status":"closed","template":"","meta":{"footnotes":""},"class_list":["post-93015","page","type-page","status-publish","has-post-thumbnail","hentry"],"yoast_head":"<!-- This site is optimized with the Yoast SEO plugin v25.6 - https:\/\/yoast.com\/wordpress\/plugins\/seo\/ -->\n<title>Transfer z letiska Krakow na ly\u017eiarske stredisko Szczyrk<\/title>\n<meta name=\"description\" content=\"Sk\u00fasenosti s transferom z letiska Krakov do ly\u017eiarskeho strediska Szczyrk. Rezervujte si e\u0161te dnes a u\u017eite si cestovanie bez stresu s malebn\u00fdm v\u00fdh\u013eadom. Zavolajte n\u00e1m \u260e +421 940 904 184 pre individu\u00e1lnu pomoc.\" \/>\n<meta name=\"robots\" content=\"index, follow, max-snippet:-1, max-image-preview:large, max-video-preview:-1\" \/>\n<link rel=\"canonical\" href=\"https:\/\/transfereurope.com\/sk\/lyziarske-transfery\/transfery-z-letiska-krakov-do-lyziarskych-stredisk\/transfer-z-letiska-krakow-na-lyziarske-stredisko-szczyrk\/\" \/>\n<meta property=\"og:locale\" content=\"sk_SK\" \/>\n<meta property=\"og:type\" content=\"article\" \/>\n<meta property=\"og:title\" content=\"Transfer z letiska Krakow na ly\u017eiarske stredisko Szczyrk\" \/>\n<meta property=\"og:description\" content=\"Sk\u00fasenosti s transferom z letiska Krakov do ly\u017eiarskeho strediska Szczyrk. Rezervujte si e\u0161te dnes a u\u017eite si cestovanie bez stresu s malebn\u00fdm v\u00fdh\u013eadom. Zavolajte n\u00e1m \u260e +421 940 904 184 pre individu\u00e1lnu pomoc.\" \/>\n<meta property=\"og:url\" content=\"https:\/\/transfereurope.com\/sk\/lyziarske-transfery\/transfery-z-letiska-krakov-do-lyziarskych-stredisk\/transfer-z-letiska-krakow-na-lyziarske-stredisko-szczyrk\/\" \/>\n<meta property=\"og:site_name\" content=\"transfereurope\" \/>\n<meta property=\"og:image\" content=\"https:\/\/transfereurope.com\/wp-content\/uploads\/2025\/08\/Krakow-to-Szczyrk-Ski-Transfer-Service-2-1.png\" \/>\n\t<meta property=\"og:image:width\" content=\"940\" \/>\n\t<meta property=\"og:image:height\" content=\"788\" \/>\n\t<meta property=\"og:image:type\" content=\"image\/png\" \/>\n<meta name=\"twitter:card\" content=\"summary_large_image\" \/>\n<meta name=\"twitter:label1\" content=\"Predpokladan\u00fd \u010das \u010d\u00edtania\" \/>\n\t<meta name=\"twitter:data1\" content=\"3 min\u00faty\" \/>\n<script type=\"application\/ld+json\" class=\"yoast-schema-graph\">{\"@context\":\"https:\/\/schema.org\",\"@graph\":[{\"@type\":\"WebPage\",\"@id\":\"https:\/\/transfereurope.com\/sk\/lyziarske-transfery\/transfery-z-letiska-krakov-do-lyziarskych-stredisk\/transfer-z-letiska-krakow-na-lyziarske-stredisko-szczyrk\/\",\"url\":\"https:\/\/transfereurope.com\/sk\/lyziarske-transfery\/transfery-z-letiska-krakov-do-lyziarskych-stredisk\/transfer-z-letiska-krakow-na-lyziarske-stredisko-szczyrk\/\",\"name\":\"Transfer z letiska Krakow na ly\u017eiarske stredisko Szczyrk\",\"isPartOf\":{\"@id\":\"https:\/\/transfereurope.com\/sk\/#website\"},\"primaryImageOfPage\":{\"@id\":\"https:\/\/transfereurope.com\/sk\/lyziarske-transfery\/transfery-z-letiska-krakov-do-lyziarskych-stredisk\/transfer-z-letiska-krakow-na-lyziarske-stredisko-szczyrk\/#primaryimage\"},\"image\":{\"@id\":\"https:\/\/transfereurope.com\/sk\/lyziarske-transfery\/transfery-z-letiska-krakov-do-lyziarskych-stredisk\/transfer-z-letiska-krakow-na-lyziarske-stredisko-szczyrk\/#primaryimage\"},\"thumbnailUrl\":\"https:\/\/transfereurope.com\/wp-content\/uploads\/2025\/08\/Krakow-to-Szczyrk-Ski-Transfer-Service-2-1.png\",\"datePublished\":\"2025-08-06T05:11:09+00:00\",\"description\":\"Sk\u00fasenosti s transferom z letiska Krakov do ly\u017eiarskeho strediska Szczyrk. Rezervujte si e\u0161te dnes a u\u017eite si cestovanie bez stresu s malebn\u00fdm v\u00fdh\u013eadom. Zavolajte n\u00e1m \u260e +421 940 904 184 pre individu\u00e1lnu pomoc.\",\"breadcrumb\":{\"@id\":\"https:\/\/transfereurope.com\/sk\/lyziarske-transfery\/transfery-z-letiska-krakov-do-lyziarskych-stredisk\/transfer-z-letiska-krakow-na-lyziarske-stredisko-szczyrk\/#breadcrumb\"},\"inLanguage\":\"sk-SK\",\"potentialAction\":[{\"@type\":\"ReadAction\",\"target\":[\"https:\/\/transfereurope.com\/sk\/lyziarske-transfery\/transfery-z-letiska-krakov-do-lyziarskych-stredisk\/transfer-z-letiska-krakow-na-lyziarske-stredisko-szczyrk\/\"]}]},{\"@type\":\"ImageObject\",\"inLanguage\":\"sk-SK\",\"@id\":\"https:\/\/transfereurope.com\/sk\/lyziarske-transfery\/transfery-z-letiska-krakov-do-lyziarskych-stredisk\/transfer-z-letiska-krakow-na-lyziarske-stredisko-szczyrk\/#primaryimage\",\"url\":\"https:\/\/transfereurope.com\/wp-content\/uploads\/2025\/08\/Krakow-to-Szczyrk-Ski-Transfer-Service-2-1.png\",\"contentUrl\":\"https:\/\/transfereurope.com\/wp-content\/uploads\/2025\/08\/Krakow-to-Szczyrk-Ski-Transfer-Service-2-1.png\",\"width\":940,\"height\":788},{\"@type\":\"BreadcrumbList\",\"@id\":\"https:\/\/transfereurope.com\/sk\/lyziarske-transfery\/transfery-z-letiska-krakov-do-lyziarskych-stredisk\/transfer-z-letiska-krakow-na-lyziarske-stredisko-szczyrk\/#breadcrumb\",\"itemListElement\":[{\"@type\":\"ListItem\",\"position\":1,\"name\":\"Home\",\"item\":\"https:\/\/transfereurope.com\/sk\/\"},{\"@type\":\"ListItem\",\"position\":2,\"name\":\"Transfer z letiska Krakow na ly\u017eiarske stredisko Szczyrk\"}]},{\"@type\":\"WebSite\",\"@id\":\"https:\/\/transfereurope.com\/sk\/#website\",\"url\":\"https:\/\/transfereurope.com\/sk\/\",\"name\":\"transfereurope\",\"description\":\"\",\"publisher\":{\"@id\":\"https:\/\/transfereurope.com\/sk\/#organization\"},\"potentialAction\":[{\"@type\":\"SearchAction\",\"target\":{\"@type\":\"EntryPoint\",\"urlTemplate\":\"https:\/\/transfereurope.com\/sk\/?s={search_term_string}\"},\"query-input\":{\"@type\":\"PropertyValueSpecification\",\"valueRequired\":true,\"valueName\":\"search_term_string\"}}],\"inLanguage\":\"sk-SK\"},{\"@type\":\"Organization\",\"@id\":\"https:\/\/transfereurope.com\/sk\/#organization\",\"name\":\"transfereurope\",\"url\":\"https:\/\/transfereurope.com\/sk\/\",\"logo\":{\"@type\":\"ImageObject\",\"inLanguage\":\"sk-SK\",\"@id\":\"https:\/\/transfereurope.com\/sk\/#\/schema\/logo\/image\/\",\"url\":\"https:\/\/transfereurope.com\/wp-content\/uploads\/2025\/08\/TRANSFERS-1655.png\",\"contentUrl\":\"https:\/\/transfereurope.com\/wp-content\/uploads\/2025\/08\/TRANSFERS-1655.png\",\"width\":500,\"height\":274,\"caption\":\"transfereurope\"},\"image\":{\"@id\":\"https:\/\/transfereurope.com\/sk\/#\/schema\/logo\/image\/\"}}]}<\/script>\n<!-- \/ Yoast SEO plugin. -->","yoast_head_json":{"title":"Transfer z letiska Krakow na ly\u017eiarske stredisko Szczyrk","description":"Sk\u00fasenosti s transferom z letiska Krakov do ly\u017eiarskeho strediska Szczyrk. Rezervujte si e\u0161te dnes a u\u017eite si cestovanie bez stresu s malebn\u00fdm v\u00fdh\u013eadom. Zavolajte n\u00e1m \u260e +421 940 904 184 pre individu\u00e1lnu pomoc.","robots":{"index":"index","follow":"follow","max-snippet":"max-snippet:-1","max-image-preview":"max-image-preview:large","max-video-preview":"max-video-preview:-1"},"canonical":"https:\/\/transfereurope.com\/sk\/lyziarske-transfery\/transfery-z-letiska-krakov-do-lyziarskych-stredisk\/transfer-z-letiska-krakow-na-lyziarske-stredisko-szczyrk\/","og_locale":"sk_SK","og_type":"article","og_title":"Transfer z letiska Krakow na ly\u017eiarske stredisko Szczyrk","og_description":"Sk\u00fasenosti s transferom z letiska Krakov do ly\u017eiarskeho strediska Szczyrk. Rezervujte si e\u0161te dnes a u\u017eite si cestovanie bez stresu s malebn\u00fdm v\u00fdh\u013eadom. Zavolajte n\u00e1m \u260e +421 940 904 184 pre individu\u00e1lnu pomoc.","og_url":"https:\/\/transfereurope.com\/sk\/lyziarske-transfery\/transfery-z-letiska-krakov-do-lyziarskych-stredisk\/transfer-z-letiska-krakow-na-lyziarske-stredisko-szczyrk\/","og_site_name":"transfereurope","og_image":[{"width":940,"height":788,"url":"https:\/\/transfereurope.com\/wp-content\/uploads\/2025\/08\/Krakow-to-Szczyrk-Ski-Transfer-Service-2-1.png","type":"image\/png"}],"twitter_card":"summary_large_image","twitter_misc":{"Predpokladan\u00fd \u010das \u010d\u00edtania":"3 min\u00faty"},"schema":{"@context":"https:\/\/schema.org","@graph":[{"@type":"WebPage","@id":"https:\/\/transfereurope.com\/sk\/lyziarske-transfery\/transfery-z-letiska-krakov-do-lyziarskych-stredisk\/transfer-z-letiska-krakow-na-lyziarske-stredisko-szczyrk\/","url":"https:\/\/transfereurope.com\/sk\/lyziarske-transfery\/transfery-z-letiska-krakov-do-lyziarskych-stredisk\/transfer-z-letiska-krakow-na-lyziarske-stredisko-szczyrk\/","name":"Transfer z letiska Krakow na ly\u017eiarske stredisko Szczyrk","isPartOf":{"@id":"https:\/\/transfereurope.com\/sk\/#website"},"primaryImageOfPage":{"@id":"https:\/\/transfereurope.com\/sk\/lyziarske-transfery\/transfery-z-letiska-krakov-do-lyziarskych-stredisk\/transfer-z-letiska-krakow-na-lyziarske-stredisko-szczyrk\/#primaryimage"},"image":{"@id":"https:\/\/transfereurope.com\/sk\/lyziarske-transfery\/transfery-z-letiska-krakov-do-lyziarskych-stredisk\/transfer-z-letiska-krakow-na-lyziarske-stredisko-szczyrk\/#primaryimage"},"thumbnailUrl":"https:\/\/transfereurope.com\/wp-content\/uploads\/2025\/08\/Krakow-to-Szczyrk-Ski-Transfer-Service-2-1.png","datePublished":"2025-08-06T05:11:09+00:00","description":"Sk\u00fasenosti s transferom z letiska Krakov do ly\u017eiarskeho strediska Szczyrk. Rezervujte si e\u0161te dnes a u\u017eite si cestovanie bez stresu s malebn\u00fdm v\u00fdh\u013eadom. Zavolajte n\u00e1m \u260e +421 940 904 184 pre individu\u00e1lnu pomoc.","breadcrumb":{"@id":"https:\/\/transfereurope.com\/sk\/lyziarske-transfery\/transfery-z-letiska-krakov-do-lyziarskych-stredisk\/transfer-z-letiska-krakow-na-lyziarske-stredisko-szczyrk\/#breadcrumb"},"inLanguage":"sk-SK","potentialAction":[{"@type":"ReadAction","target":["https:\/\/transfereurope.com\/sk\/lyziarske-transfery\/transfery-z-letiska-krakov-do-lyziarskych-stredisk\/transfer-z-letiska-krakow-na-lyziarske-stredisko-szczyrk\/"]}]},{"@type":"ImageObject","inLanguage":"sk-SK","@id":"https:\/\/transfereurope.com\/sk\/lyziarske-transfery\/transfery-z-letiska-krakov-do-lyziarskych-stredisk\/transfer-z-letiska-krakow-na-lyziarske-stredisko-szczyrk\/#primaryimage","url":"https:\/\/transfereurope.com\/wp-content\/uploads\/2025\/08\/Krakow-to-Szczyrk-Ski-Transfer-Service-2-1.png","contentUrl":"https:\/\/transfereurope.com\/wp-content\/uploads\/2025\/08\/Krakow-to-Szczyrk-Ski-Transfer-Service-2-1.png","width":940,"height":788},{"@type":"BreadcrumbList","@id":"https:\/\/transfereurope.com\/sk\/lyziarske-transfery\/transfery-z-letiska-krakov-do-lyziarskych-stredisk\/transfer-z-letiska-krakow-na-lyziarske-stredisko-szczyrk\/#breadcrumb","itemListElement":[{"@type":"ListItem","position":1,"name":"Home","item":"https:\/\/transfereurope.com\/sk\/"},{"@type":"ListItem","position":2,"name":"Transfer z letiska Krakow na ly\u017eiarske stredisko Szczyrk"}]},{"@type":"WebSite","@id":"https:\/\/transfereurope.com\/sk\/#website","url":"https:\/\/transfereurope.com\/sk\/","name":"transfereurope","description":"","publisher":{"@id":"https:\/\/transfereurope.com\/sk\/#organization"},"potentialAction":[{"@type":"SearchAction","target":{"@type":"EntryPoint","urlTemplate":"https:\/\/transfereurope.com\/sk\/?s={search_term_string}"},"query-input":{"@type":"PropertyValueSpecification","valueRequired":true,"valueName":"search_term_string"}}],"inLanguage":"sk-SK"},{"@type":"Organization","@id":"https:\/\/transfereurope.com\/sk\/#organization","name":"transfereurope","url":"https:\/\/transfereurope.com\/sk\/","logo":{"@type":"ImageObject","inLanguage":"sk-SK","@id":"https:\/\/transfereurope.com\/sk\/#\/schema\/logo\/image\/","url":"https:\/\/transfereurope.com\/wp-content\/uploads\/2025\/08\/TRANSFERS-1655.png","contentUrl":"https:\/\/transfereurope.com\/wp-content\/uploads\/2025\/08\/TRANSFERS-1655.png","width":500,"height":274,"caption":"transfereurope"},"image":{"@id":"https:\/\/transfereurope.com\/sk\/#\/schema\/logo\/image\/"}}]}},"_links":{"self":[{"href":"https:\/\/transfereurope.com\/sk\/wp-json\/wp\/v2\/pages\/93015","targetHints":{"allow":["GET"]}}],"collection":[{"href":"https:\/\/transfereurope.com\/sk\/wp-json\/wp\/v2\/pages"}],"about":[{"href":"https:\/\/transfereurope.com\/sk\/wp-json\/wp\/v2\/types\/page"}],"author":[{"embeddable":true,"href":"https:\/\/transfereurope.com\/sk\/wp-json\/wp\/v2\/users\/1"}],"replies":[{"embeddable":true,"href":"https:\/\/transfereurope.com\/sk\/wp-json\/wp\/v2\/comments?post=93015"}],"version-history":[{"count":0,"href":"https:\/\/transfereurope.com\/sk\/wp-json\/wp\/v2\/pages\/93015\/revisions"}],"up":[{"embeddable":true,"href":"https:\/\/transfereurope.com\/sk\/wp-json\/wp\/v2\/pages\/20769"}],"wp:featuredmedia":[{"embeddable":true,"href":"https:\/\/transfereurope.com\/sk\/wp-json\/wp\/v2\/media\/93016"}],"wp:attachment":[{"href":"https:\/\/transfereurope.com\/sk\/wp-json\/wp\/v2\/media?parent=93015"}],"curies":[{"name":"wp","href":"https:\/\/api.w.org\/{rel}","templated":true}]}}