{"id":92904,"date":"2025-08-06T05:08:47","date_gmt":"2025-08-06T05:08:47","guid":{"rendered":"https:\/\/transfereurope.com\/transfer-z-letiska-krakow-na-lyziarske-stredisko-strbske-pleso\/"},"modified":"2025-08-06T05:08:47","modified_gmt":"2025-08-06T05:08:47","slug":"transfer-z-letiska-krakow-na-lyziarske-stredisko-strbske-pleso","status":"publish","type":"page","link":"https:\/\/transfereurope.com\/sk\/lyziarske-transfery\/transfery-z-letiska-krakov-do-lyziarskych-stredisk\/transfer-z-letiska-krakow-na-lyziarske-stredisko-strbske-pleso\/","title":{"rendered":"Transfer z letiska Krakow na ly\u017eiarske stredisko \u0160trbsk\u00e9 Pleso"},"content":{"rendered":"\n<div id=\"t4-masthead\" class=\"t4-section  t4-masthead\">\n<div class=\"t4-col text-center\">\n<div class=\"ja-masthead\" >\n<div class=\"ja-masthead-detail\">\n<h1 class=\"ja-masthead-title\">Transfer z letiska Krakow na ly\u017eiarske stredisko \u0160trbsk\u00e9 Pleso<\/h1>\n<p>                 <!---->            <\/p>\n<div class=\"block-breadcrumb\">                       <\/div>\n<\/p><\/div>\n<\/p><\/div>\n<pre><\/pre>\n<\/div>\n<\/div>\n<div id=\"t4-main-body\" class=\"t4-section  t4-main-body\" role=\"main body\">\n<div class=\"t4-section-inner container\">\n<div class=\"t4-row row\">\n<div class=\"t4-col col-12 col-xl\">\n<div id=\"system-message-container\"> \t<\/div>\n<div class=\"com-content-article item-page view-tour-detail\">\n<div class=\"tour-top-info clearfix\">\n<div class=\"pull-left\">\n<div class=\"category-article-dot\">\n<div class=\"category-name\"> \t\t\t\t\t<a href=\"\/sk\/lyziarske-transfery\/transfery-z-letiska-krakov-do-lyziarskych-stredisk\" itemprop=\"genre\">Transfery z letiska Krakov do ly\u017eiarskych stred\u00edsk<\/a> \t\t\t\t<\/div>\n<\/p><\/div>\n<\/p><\/div>\n<div class=\"pull-right\">\n<div class=\"text-danger tour-price\"> \t\t\t\t\t\t<a href=\"\/sk\/rezervovat-transfer\">Rezervova\u0165<\/a><\/div>\n<\/p><\/div>\n<\/p><\/div>\n<p>  \t <!--\t-->  \t<\/p>\n<div class=\"vm-product-container\">\n<figure class=\"pull-left item-image\">\n<div class=\"main-image\"> \t\t<a  rel='vm-additional-images' href=\"\/images\/virtuemart\/product\/Krakow to Strbske Pleso Ski Transfer Service.png\"><img decoding=\"async\"  loading=\"lazy\"  src=\"\/wp-content\/uploads\/2025\/08\/Krakow-to-Strbske-Pleso-Ski-Transfer-Service-2.png\"  \/><\/a>\t\t<\/p>\n<div class=\"clear\"><\/div>\n<\/p><\/div>\n<\/figure>\n<div class=\"vm-product-details-container\">\n<div class=\"spacer-buy-area\">    \t\t \t\t<\/div>\n<\/p><\/div>\n<div class=\"clear\"><\/div>\n<\/p><\/div>\n<div class=\"product-description\" >\n<h2 style=\"text-align: center;\">Za\u017eite bezprobl\u00e9mov\u00fa ly\u017eova\u010dku s transferom z letiska Krakov na \u0160trbsk\u00e9 Pleso<\/h2>\n<p>Vydajte sa na ly\u017eiarske dobrodru\u017estvo na \u0160trbsk\u00e9 Pleso s jedine\u010dnou \u013eahkos\u0165ou, ktor\u00e1 sa za\u010d\u00edna na\u0161\u00edm transferom z letiska Krakov na \u0160trbsk\u00e9 Pleso. Od chv\u00edle, ke\u010f va\u0161e lietadlo pristane na letisku v Krakove, v\u00e1m na\u0161a slu\u017eba s\u013eubuje plynul\u00fa a bezstresov\u00fa cestu do jedn\u00e9ho z najmohutnej\u0161\u00edch ly\u017eiarskych stred\u00edsk na Slovensku.<\/p>\n<p style=\"text-align: center;\"><a class=\"btn btn-primary\" href=\"\/sk\/rezervovat-transfer-z-na-letisko\">Rezervova\u0165<\/a><\/p>\n<p style=\"text-align: center;\"><img decoding=\"async\" src=\"\/wp-content\/uploads\/2025\/08\/Krakow_Airport_to_Strbske_Pleso_Ski_Transfer-1-scaled.jpg\" alt=\"\" \/><\/p>\n<h3 style=\"text-align: center;\">Exkluz\u00edvne v\u00fdhody v\u00fdberu transferu z letiska Krakow na ly\u017eiarske stredisko \u0160trbsk\u00e9 Pleso<\/h3>\n<p><strong>Bezkonkuren\u010dn\u00e1 z\u00e1kazn\u00edcka podpora 24\/7:<\/strong> N\u00e1\u0161 transfer z letiska Krakow Airport na \u0160trbsk\u00e9 Pleso v\u00e1m v\u017edy poskytne podporu bez oh\u013eadu na \u010das v\u00e1\u0161ho pr\u00edchodu. Pon\u00fakame nepretr\u017eit\u00fa asistenciu, rie\u0161ime ak\u00e9ko\u013evek probl\u00e9my a zabezpe\u010dujeme, aby bol v\u00e1\u0161 transfer bezchybn\u00fd.<\/p>\n<p><strong>Transparentn\u00e9 ceny bez prekvapen\u00ed:<\/strong> S na\u0161\u00edm transferom z letiska Krakow Airport na \u0160trbsk\u00e9 Pleso Ski Transfer si m\u00f4\u017eete vychutna\u0165 jednoduch\u00fa cenov\u00fa politiku. Ver\u00edme v \u00fapln\u00fa transparentnos\u0165, ktor\u00e1 v\u00e1m zaru\u010d\u00ed, \u017ee nebudete \u010deli\u0165 \u017eiadnym skryt\u00fdm n\u00e1kladom a m\u00f4\u017eete si bez ob\u00e1v napl\u00e1nova\u0165 svoj ly\u017eiarsky v\u00fdlet.<\/p>\n<p><strong>Priestrann\u00fd \u00falo\u017en\u00fd priestor pre v\u0161etok v\u00e1\u0161 v\u00fdstroj:<\/strong> Vieme, \u017ee va\u0161e ly\u017eiarske vybavenie je nevyhnutn\u00e9. N\u00e1\u0161 transfer z letiska Krakow Airport na \u0160trbsk\u00e9 Pleso Ski Transfer pon\u00faka vozidl\u00e1 s ve\u013ek\u00fdm priestorom na bato\u017einu, do ktor\u00fdch bezpe\u010dne a pohodlne ulo\u017e\u00edte v\u0161etku svoju ly\u017eiarsku v\u00fdbavu.<\/p>\n<p><strong>Vhodn\u00e9 pre rodiny a pohodln\u00e9:<\/strong> Cestujete s mal\u00fdmi de\u0165mi? N\u00e1\u0161 transfer z letiska Krakov na \u0160trbsk\u00e9 Pleso zah\u0155\u0148a detsk\u00e9 autoseda\u010dky, ktor\u00e9 zaru\u010duj\u00fa pohodln\u00fa a bezpe\u010dn\u00fa cestu pre cel\u00fa rodinu. Uvo\u013enite sa a te\u0161te sa na pr\u00edjemn\u00fa cestu s \u00fapln\u00fdm pokojom.<\/p>\n<p style=\"text-align: center;\"><a class=\"btn btn-primary\" href=\"\/sk\/rezervovat-transfer-z-na-letisko\">Rezervova\u0165<\/a><\/p>\n<p style=\"text-align: center;\"><img decoding=\"async\" src=\"\/wp-content\/uploads\/2025\/08\/Krakow_Airport_to_Strbske_Pleso_Ski_Transfer-1.png\" alt=\"\" \/><\/p>\n<h4 style=\"text-align: center;\">\u010cak\u00e1 v\u00e1s n\u00e1dhera \u0160trbsk\u00e9ho Plesa<\/h4>\n<p>\u0160trbsk\u00e9 Pleso, na ktor\u00e9 sa dostanete na\u0161\u00edm transferom z letiska Krakov na \u0160trbsk\u00e9 Pleso, pon\u00faka v\u00fdnimo\u010dn\u00fd ly\u017eiarsky z\u00e1\u017eitok v\u010faka n\u00e1dhern\u00fdm horsk\u00fdm v\u00fdh\u013eadom a dobre upraven\u00fdm zjazdovk\u00e1m. Toto stredisko, ktor\u00e9 je ur\u010den\u00e9 pre v\u0161etky \u00farovne zru\u010dnost\u00ed, nie je len o ly\u017eovan\u00ed, ale aj o vytv\u00e1ran\u00ed trval\u00fdch zimn\u00fdch spomienok v \u00fachvatnom prostred\u00ed.<\/p>\n<p style=\"text-align: center;\"><a class=\"btn btn-primary\" href=\"\/sk\/rezervovat-transfer-z-na-letisko\">Rezervova\u0165<\/a><\/p>\n<h4 style=\"text-align: center;\">Bezprobl\u00e9mov\u00e1 rezerv\u00e1cia pre hladk\u00fa cestu<\/h4>\n<p>Rezerv\u00e1cia transferu z letiska Krakow Airport na \u0160trbsk\u00e9 Pleso je jednoduch\u00e1 a flexibiln\u00e1. N\u00e1\u0161 pou\u017e\u00edvate\u013esky pr\u00edvetiv\u00fd proces rezerv\u00e1cie v\u00e1m umo\u017en\u00ed vybra\u0165 si transfer, ktor\u00fd najlep\u0161ie vyhovuje va\u0161im potreb\u00e1m, \u010d\u00edm v\u00e1m zabezpe\u010d\u00ed individu\u00e1lny a bezprobl\u00e9mov\u00fd z\u00e1\u017eitok u\u017e od za\u010diatku.<\/p>\n<h4 style=\"text-align: center;\">Za\u010dnite svoje ly\u017eiarske dobrodru\u017estvo s istotou<\/h4>\n<p>Ak sa rozhodnete pre n\u00e1\u0161 transfer z letiska Krakow Airport na \u0160trbsk\u00e9 Pleso, zvol\u00edte si pohodlie, komfort a spo\u013eahlivos\u0165. Sna\u017e\u00edme sa, aby va\u0161a cesta na svahy bola rovnako pr\u00edjemn\u00e1 ako \u010das str\u00e1ven\u00fd na ly\u017eiach. Rezervujte si transfer e\u0161te dnes a pripravte si p\u00f4du pre nev\u0161edn\u00fd ly\u017eiarsky z\u00e1\u017eitok na \u0160trbskom Plese.<\/p>\n<\/p><\/div>\n<div class=\"product-price-container\">\n<div class=\"sale-price\"> \t\t<\/div>\n<\/p><\/div>\n<div class=\"options\"><\/div>\n<div> \t\t<\/div>\n<p>   \t        <script type=\"text\/javascript\" ><\/script>  <script type=\"text\/javascript\" ><\/script> <script type=\"text\/javascript\" ><\/script>  <script type=\"text\/javascript\" ><\/script> <script type=\"text\/javascript\" ><\/script> <script type=\"text\/javascript\" ><\/script> <script type=\"text\/javascript\" ><\/script> <\/div>\n<p> \t\t<!-- \u041f\u043b\u0430\u0433\u0438\u043d \u0440\u0435\u0439\u0442\u0438\u043d\u0433\u0430 --> <\/p>\n<div class=\"vrvote-body\">\n<ul class=\"vrvote-ul\">\n<li id=\"rating_192\" class=\"current-rating\" style=\"width:96.00%;\"><\/li>\n<li> \t\t\t\t\t\t<a class=\"vr-one-star\" onclick=\"javascript:JSVRvote(192,1,24,5,0)\" href=\"javascript:void(null)\">1<\/a> \t\t\t\t\t<\/li>\n<li> \t\t\t\t\t\t<a class=\"vr-two-stars\" onclick=\"javascript:JSVRvote(192,2,24,5,0)\" href=\"javascript:void(null)\">2<\/a> \t\t\t\t\t<\/li>\n<li> \t\t\t\t\t\t<a class=\"vr-three-stars\" onclick=\"javascript:JSVRvote(192,3,24,5,0)\" href=\"javascript:void(null)\">3<\/a> \t\t\t\t\t<\/li>\n<li> \t\t\t\t\t\t<a class=\"vr-four-stars\" onclick=\"javascript:JSVRvote(192,4,24,5,0)\" href=\"javascript:void(null)\">4<\/a> \t\t\t\t\t<\/li>\n<li> \t\t\t\t\t\t<a class=\"vr-five-stars\" onclick=\"javascript:JSVRvote(192,5,24,5,0)\" href=\"javascript:void(null)\">5<\/a> \t\t\t\t\t<\/li>\n<\/ul><\/div>\n<p> \t\t\t<span id=\"vrvote_192\" class=\"vrvote-count\"><small><\/small><\/span>\t<\/span><script type=\"application\/ld+json\"><\/script>   <\/div>\n<div class=\"t4-col sidebar-r col-12 col-xl-4\">\n<div class=\"t4-module module\" id=\"Mod306\">\n<div class=\"module-inner\">\n<div class=\"module-ct\">\n<div class=\"bannergroup\">\n<div class=\"banneritem\"> \t\t\t\t\t\t\t\t\t\t\t\t\t\t\t\t\t\t\t\t\t\t\t\t\t\t\t\t\t\t\t\t\t\t\t\t\t\t\t\t\t\t\t\t\t\t\t\t\t\t<img \t\t\t\t\t\tsrc=\"\/wp-content\/uploads\/2025\/08\/banner-transfer-europe-sk-544.png\" \t\t\t\t\t\talt=\"Banner-sk\" \t\t\t\t\t\t\t\t\t\t\t\t\t\t\t\t\t\/> \t\t\t\t\t\t\t\t\t\t\t<\/p>\n<div class=\"clr\"><\/div>\n<\/p><\/div>\n<\/p><\/div>\n<\/p><\/div>\n<\/div>\n<\/div><\/div>\n<\/p><\/div>\n<\/div><\/div>\n<div id=\"t4-section-8\" class=\"t4-section  t4-section-8  section-border-top\" role=\"section-8\">\n<div class=\"bg-overlay bg-overlay-image\">&nbsp;<\/div>\n<\/p><\/div>\n<p>  <a href='javascript:' id='back-to-top'><i class='fa fa-chevron-up'><\/i><\/a>                <\/p>\n","protected":false},"excerpt":{"rendered":"<p>Transfer z letiska Krakow na ly\u017eiarske stredisko \u0160trbsk\u00e9 Pleso Transfery z letiska Krakov do ly\u017eiarskych stred\u00edsk Rezervova\u0165 Za\u017eite bezprobl\u00e9mov\u00fa ly\u017eova\u010dku s transferom z letiska Krakov na \u0160trbsk\u00e9 Pleso Vydajte sa na ly\u017eiarske dobrodru\u017estvo na \u0160trbsk\u00e9 Pleso s jedine\u010dnou \u013eahkos\u0165ou, ktor\u00e1 sa za\u010d\u00edna na\u0161\u00edm transferom z letiska Krakov na \u0160trbsk\u00e9 Pleso. Od chv\u00edle, ke\u010f va\u0161e lietadlo [&hellip;]<\/p>\n","protected":false},"author":1,"featured_media":92905,"parent":20769,"menu_order":0,"comment_status":"closed","ping_status":"closed","template":"","meta":{"footnotes":""},"class_list":["post-92904","page","type-page","status-publish","has-post-thumbnail","hentry"],"yoast_head":"<!-- This site is optimized with the Yoast SEO plugin v25.6 - https:\/\/yoast.com\/wordpress\/plugins\/seo\/ -->\n<title>Transfer z letiska Krakow na ly\u017eiarske stredisko \u0160trbsk\u00e9 Pleso<\/title>\n<meta name=\"description\" content=\"Za\u017eite transfer z letiska Krakov na ly\u017eiarske stredisko \u0160trbsk\u00e9 Pleso. Rezervujte si e\u0161te dnes a u\u017eite si cestovanie bez stresu s malebn\u00fdm v\u00fdh\u013eadom. Zavolajte n\u00e1m \u260e +421 940 904 184 pre individu\u00e1lnu pomoc.\" \/>\n<meta name=\"robots\" content=\"index, follow, max-snippet:-1, max-image-preview:large, max-video-preview:-1\" \/>\n<link rel=\"canonical\" href=\"https:\/\/transfereurope.com\/sk\/lyziarske-transfery\/transfery-z-letiska-krakov-do-lyziarskych-stredisk\/transfer-z-letiska-krakow-na-lyziarske-stredisko-strbske-pleso\/\" \/>\n<meta property=\"og:locale\" content=\"sk_SK\" \/>\n<meta property=\"og:type\" content=\"article\" \/>\n<meta property=\"og:title\" content=\"Transfer z letiska Krakow na ly\u017eiarske stredisko \u0160trbsk\u00e9 Pleso\" \/>\n<meta property=\"og:description\" content=\"Za\u017eite transfer z letiska Krakov na ly\u017eiarske stredisko \u0160trbsk\u00e9 Pleso. Rezervujte si e\u0161te dnes a u\u017eite si cestovanie bez stresu s malebn\u00fdm v\u00fdh\u013eadom. Zavolajte n\u00e1m \u260e +421 940 904 184 pre individu\u00e1lnu pomoc.\" \/>\n<meta property=\"og:url\" content=\"https:\/\/transfereurope.com\/sk\/lyziarske-transfery\/transfery-z-letiska-krakov-do-lyziarskych-stredisk\/transfer-z-letiska-krakow-na-lyziarske-stredisko-strbske-pleso\/\" \/>\n<meta property=\"og:site_name\" content=\"transfereurope\" \/>\n<meta property=\"og:image\" content=\"https:\/\/transfereurope.com\/wp-content\/uploads\/2025\/08\/Krakow-to-Strbske-Pleso-Ski-Transfer-Service-2-1.png\" \/>\n\t<meta property=\"og:image:width\" content=\"940\" \/>\n\t<meta property=\"og:image:height\" content=\"788\" \/>\n\t<meta property=\"og:image:type\" content=\"image\/png\" \/>\n<meta name=\"twitter:card\" content=\"summary_large_image\" \/>\n<meta name=\"twitter:label1\" content=\"Predpokladan\u00fd \u010das \u010d\u00edtania\" \/>\n\t<meta name=\"twitter:data1\" content=\"3 min\u00faty\" \/>\n<script type=\"application\/ld+json\" class=\"yoast-schema-graph\">{\"@context\":\"https:\/\/schema.org\",\"@graph\":[{\"@type\":\"WebPage\",\"@id\":\"https:\/\/transfereurope.com\/sk\/lyziarske-transfery\/transfery-z-letiska-krakov-do-lyziarskych-stredisk\/transfer-z-letiska-krakow-na-lyziarske-stredisko-strbske-pleso\/\",\"url\":\"https:\/\/transfereurope.com\/sk\/lyziarske-transfery\/transfery-z-letiska-krakov-do-lyziarskych-stredisk\/transfer-z-letiska-krakow-na-lyziarske-stredisko-strbske-pleso\/\",\"name\":\"Transfer z letiska Krakow na ly\u017eiarske stredisko \u0160trbsk\u00e9 Pleso\",\"isPartOf\":{\"@id\":\"https:\/\/transfereurope.com\/sk\/#website\"},\"primaryImageOfPage\":{\"@id\":\"https:\/\/transfereurope.com\/sk\/lyziarske-transfery\/transfery-z-letiska-krakov-do-lyziarskych-stredisk\/transfer-z-letiska-krakow-na-lyziarske-stredisko-strbske-pleso\/#primaryimage\"},\"image\":{\"@id\":\"https:\/\/transfereurope.com\/sk\/lyziarske-transfery\/transfery-z-letiska-krakov-do-lyziarskych-stredisk\/transfer-z-letiska-krakow-na-lyziarske-stredisko-strbske-pleso\/#primaryimage\"},\"thumbnailUrl\":\"https:\/\/transfereurope.com\/wp-content\/uploads\/2025\/08\/Krakow-to-Strbske-Pleso-Ski-Transfer-Service-2-1.png\",\"datePublished\":\"2025-08-06T05:08:47+00:00\",\"description\":\"Za\u017eite transfer z letiska Krakov na ly\u017eiarske stredisko \u0160trbsk\u00e9 Pleso. Rezervujte si e\u0161te dnes a u\u017eite si cestovanie bez stresu s malebn\u00fdm v\u00fdh\u013eadom. Zavolajte n\u00e1m \u260e +421 940 904 184 pre individu\u00e1lnu pomoc.\",\"breadcrumb\":{\"@id\":\"https:\/\/transfereurope.com\/sk\/lyziarske-transfery\/transfery-z-letiska-krakov-do-lyziarskych-stredisk\/transfer-z-letiska-krakow-na-lyziarske-stredisko-strbske-pleso\/#breadcrumb\"},\"inLanguage\":\"sk-SK\",\"potentialAction\":[{\"@type\":\"ReadAction\",\"target\":[\"https:\/\/transfereurope.com\/sk\/lyziarske-transfery\/transfery-z-letiska-krakov-do-lyziarskych-stredisk\/transfer-z-letiska-krakow-na-lyziarske-stredisko-strbske-pleso\/\"]}]},{\"@type\":\"ImageObject\",\"inLanguage\":\"sk-SK\",\"@id\":\"https:\/\/transfereurope.com\/sk\/lyziarske-transfery\/transfery-z-letiska-krakov-do-lyziarskych-stredisk\/transfer-z-letiska-krakow-na-lyziarske-stredisko-strbske-pleso\/#primaryimage\",\"url\":\"https:\/\/transfereurope.com\/wp-content\/uploads\/2025\/08\/Krakow-to-Strbske-Pleso-Ski-Transfer-Service-2-1.png\",\"contentUrl\":\"https:\/\/transfereurope.com\/wp-content\/uploads\/2025\/08\/Krakow-to-Strbske-Pleso-Ski-Transfer-Service-2-1.png\",\"width\":940,\"height\":788},{\"@type\":\"BreadcrumbList\",\"@id\":\"https:\/\/transfereurope.com\/sk\/lyziarske-transfery\/transfery-z-letiska-krakov-do-lyziarskych-stredisk\/transfer-z-letiska-krakow-na-lyziarske-stredisko-strbske-pleso\/#breadcrumb\",\"itemListElement\":[{\"@type\":\"ListItem\",\"position\":1,\"name\":\"Home\",\"item\":\"https:\/\/transfereurope.com\/sk\/\"},{\"@type\":\"ListItem\",\"position\":2,\"name\":\"Transfer z letiska Krakow na ly\u017eiarske stredisko \u0160trbsk\u00e9 Pleso\"}]},{\"@type\":\"WebSite\",\"@id\":\"https:\/\/transfereurope.com\/sk\/#website\",\"url\":\"https:\/\/transfereurope.com\/sk\/\",\"name\":\"transfereurope\",\"description\":\"\",\"publisher\":{\"@id\":\"https:\/\/transfereurope.com\/sk\/#organization\"},\"potentialAction\":[{\"@type\":\"SearchAction\",\"target\":{\"@type\":\"EntryPoint\",\"urlTemplate\":\"https:\/\/transfereurope.com\/sk\/?s={search_term_string}\"},\"query-input\":{\"@type\":\"PropertyValueSpecification\",\"valueRequired\":true,\"valueName\":\"search_term_string\"}}],\"inLanguage\":\"sk-SK\"},{\"@type\":\"Organization\",\"@id\":\"https:\/\/transfereurope.com\/sk\/#organization\",\"name\":\"transfereurope\",\"url\":\"https:\/\/transfereurope.com\/sk\/\",\"logo\":{\"@type\":\"ImageObject\",\"inLanguage\":\"sk-SK\",\"@id\":\"https:\/\/transfereurope.com\/sk\/#\/schema\/logo\/image\/\",\"url\":\"https:\/\/transfereurope.com\/wp-content\/uploads\/2025\/08\/TRANSFERS-1655.png\",\"contentUrl\":\"https:\/\/transfereurope.com\/wp-content\/uploads\/2025\/08\/TRANSFERS-1655.png\",\"width\":500,\"height\":274,\"caption\":\"transfereurope\"},\"image\":{\"@id\":\"https:\/\/transfereurope.com\/sk\/#\/schema\/logo\/image\/\"}}]}<\/script>\n<!-- \/ Yoast SEO plugin. -->","yoast_head_json":{"title":"Transfer z letiska Krakow na ly\u017eiarske stredisko \u0160trbsk\u00e9 Pleso","description":"Za\u017eite transfer z letiska Krakov na ly\u017eiarske stredisko \u0160trbsk\u00e9 Pleso. Rezervujte si e\u0161te dnes a u\u017eite si cestovanie bez stresu s malebn\u00fdm v\u00fdh\u013eadom. Zavolajte n\u00e1m \u260e +421 940 904 184 pre individu\u00e1lnu pomoc.","robots":{"index":"index","follow":"follow","max-snippet":"max-snippet:-1","max-image-preview":"max-image-preview:large","max-video-preview":"max-video-preview:-1"},"canonical":"https:\/\/transfereurope.com\/sk\/lyziarske-transfery\/transfery-z-letiska-krakov-do-lyziarskych-stredisk\/transfer-z-letiska-krakow-na-lyziarske-stredisko-strbske-pleso\/","og_locale":"sk_SK","og_type":"article","og_title":"Transfer z letiska Krakow na ly\u017eiarske stredisko \u0160trbsk\u00e9 Pleso","og_description":"Za\u017eite transfer z letiska Krakov na ly\u017eiarske stredisko \u0160trbsk\u00e9 Pleso. Rezervujte si e\u0161te dnes a u\u017eite si cestovanie bez stresu s malebn\u00fdm v\u00fdh\u013eadom. Zavolajte n\u00e1m \u260e +421 940 904 184 pre individu\u00e1lnu pomoc.","og_url":"https:\/\/transfereurope.com\/sk\/lyziarske-transfery\/transfery-z-letiska-krakov-do-lyziarskych-stredisk\/transfer-z-letiska-krakow-na-lyziarske-stredisko-strbske-pleso\/","og_site_name":"transfereurope","og_image":[{"width":940,"height":788,"url":"https:\/\/transfereurope.com\/wp-content\/uploads\/2025\/08\/Krakow-to-Strbske-Pleso-Ski-Transfer-Service-2-1.png","type":"image\/png"}],"twitter_card":"summary_large_image","twitter_misc":{"Predpokladan\u00fd \u010das \u010d\u00edtania":"3 min\u00faty"},"schema":{"@context":"https:\/\/schema.org","@graph":[{"@type":"WebPage","@id":"https:\/\/transfereurope.com\/sk\/lyziarske-transfery\/transfery-z-letiska-krakov-do-lyziarskych-stredisk\/transfer-z-letiska-krakow-na-lyziarske-stredisko-strbske-pleso\/","url":"https:\/\/transfereurope.com\/sk\/lyziarske-transfery\/transfery-z-letiska-krakov-do-lyziarskych-stredisk\/transfer-z-letiska-krakow-na-lyziarske-stredisko-strbske-pleso\/","name":"Transfer z letiska Krakow na ly\u017eiarske stredisko \u0160trbsk\u00e9 Pleso","isPartOf":{"@id":"https:\/\/transfereurope.com\/sk\/#website"},"primaryImageOfPage":{"@id":"https:\/\/transfereurope.com\/sk\/lyziarske-transfery\/transfery-z-letiska-krakov-do-lyziarskych-stredisk\/transfer-z-letiska-krakow-na-lyziarske-stredisko-strbske-pleso\/#primaryimage"},"image":{"@id":"https:\/\/transfereurope.com\/sk\/lyziarske-transfery\/transfery-z-letiska-krakov-do-lyziarskych-stredisk\/transfer-z-letiska-krakow-na-lyziarske-stredisko-strbske-pleso\/#primaryimage"},"thumbnailUrl":"https:\/\/transfereurope.com\/wp-content\/uploads\/2025\/08\/Krakow-to-Strbske-Pleso-Ski-Transfer-Service-2-1.png","datePublished":"2025-08-06T05:08:47+00:00","description":"Za\u017eite transfer z letiska Krakov na ly\u017eiarske stredisko \u0160trbsk\u00e9 Pleso. Rezervujte si e\u0161te dnes a u\u017eite si cestovanie bez stresu s malebn\u00fdm v\u00fdh\u013eadom. Zavolajte n\u00e1m \u260e +421 940 904 184 pre individu\u00e1lnu pomoc.","breadcrumb":{"@id":"https:\/\/transfereurope.com\/sk\/lyziarske-transfery\/transfery-z-letiska-krakov-do-lyziarskych-stredisk\/transfer-z-letiska-krakow-na-lyziarske-stredisko-strbske-pleso\/#breadcrumb"},"inLanguage":"sk-SK","potentialAction":[{"@type":"ReadAction","target":["https:\/\/transfereurope.com\/sk\/lyziarske-transfery\/transfery-z-letiska-krakov-do-lyziarskych-stredisk\/transfer-z-letiska-krakow-na-lyziarske-stredisko-strbske-pleso\/"]}]},{"@type":"ImageObject","inLanguage":"sk-SK","@id":"https:\/\/transfereurope.com\/sk\/lyziarske-transfery\/transfery-z-letiska-krakov-do-lyziarskych-stredisk\/transfer-z-letiska-krakow-na-lyziarske-stredisko-strbske-pleso\/#primaryimage","url":"https:\/\/transfereurope.com\/wp-content\/uploads\/2025\/08\/Krakow-to-Strbske-Pleso-Ski-Transfer-Service-2-1.png","contentUrl":"https:\/\/transfereurope.com\/wp-content\/uploads\/2025\/08\/Krakow-to-Strbske-Pleso-Ski-Transfer-Service-2-1.png","width":940,"height":788},{"@type":"BreadcrumbList","@id":"https:\/\/transfereurope.com\/sk\/lyziarske-transfery\/transfery-z-letiska-krakov-do-lyziarskych-stredisk\/transfer-z-letiska-krakow-na-lyziarske-stredisko-strbske-pleso\/#breadcrumb","itemListElement":[{"@type":"ListItem","position":1,"name":"Home","item":"https:\/\/transfereurope.com\/sk\/"},{"@type":"ListItem","position":2,"name":"Transfer z letiska Krakow na ly\u017eiarske stredisko \u0160trbsk\u00e9 Pleso"}]},{"@type":"WebSite","@id":"https:\/\/transfereurope.com\/sk\/#website","url":"https:\/\/transfereurope.com\/sk\/","name":"transfereurope","description":"","publisher":{"@id":"https:\/\/transfereurope.com\/sk\/#organization"},"potentialAction":[{"@type":"SearchAction","target":{"@type":"EntryPoint","urlTemplate":"https:\/\/transfereurope.com\/sk\/?s={search_term_string}"},"query-input":{"@type":"PropertyValueSpecification","valueRequired":true,"valueName":"search_term_string"}}],"inLanguage":"sk-SK"},{"@type":"Organization","@id":"https:\/\/transfereurope.com\/sk\/#organization","name":"transfereurope","url":"https:\/\/transfereurope.com\/sk\/","logo":{"@type":"ImageObject","inLanguage":"sk-SK","@id":"https:\/\/transfereurope.com\/sk\/#\/schema\/logo\/image\/","url":"https:\/\/transfereurope.com\/wp-content\/uploads\/2025\/08\/TRANSFERS-1655.png","contentUrl":"https:\/\/transfereurope.com\/wp-content\/uploads\/2025\/08\/TRANSFERS-1655.png","width":500,"height":274,"caption":"transfereurope"},"image":{"@id":"https:\/\/transfereurope.com\/sk\/#\/schema\/logo\/image\/"}}]}},"_links":{"self":[{"href":"https:\/\/transfereurope.com\/sk\/wp-json\/wp\/v2\/pages\/92904","targetHints":{"allow":["GET"]}}],"collection":[{"href":"https:\/\/transfereurope.com\/sk\/wp-json\/wp\/v2\/pages"}],"about":[{"href":"https:\/\/transfereurope.com\/sk\/wp-json\/wp\/v2\/types\/page"}],"author":[{"embeddable":true,"href":"https:\/\/transfereurope.com\/sk\/wp-json\/wp\/v2\/users\/1"}],"replies":[{"embeddable":true,"href":"https:\/\/transfereurope.com\/sk\/wp-json\/wp\/v2\/comments?post=92904"}],"version-history":[{"count":0,"href":"https:\/\/transfereurope.com\/sk\/wp-json\/wp\/v2\/pages\/92904\/revisions"}],"up":[{"embeddable":true,"href":"https:\/\/transfereurope.com\/sk\/wp-json\/wp\/v2\/pages\/20769"}],"wp:featuredmedia":[{"embeddable":true,"href":"https:\/\/transfereurope.com\/sk\/wp-json\/wp\/v2\/media\/92905"}],"wp:attachment":[{"href":"https:\/\/transfereurope.com\/sk\/wp-json\/wp\/v2\/media?parent=92904"}],"curies":[{"name":"wp","href":"https:\/\/api.w.org\/{rel}","templated":true}]}}