{"id":92793,"date":"2025-08-06T05:06:21","date_gmt":"2025-08-06T05:06:21","guid":{"rendered":"https:\/\/transfereurope.com\/transfer-z-letiska-krakow-na-lyziarske-stredisko-ramzova-petrikov\/"},"modified":"2025-08-06T05:06:21","modified_gmt":"2025-08-06T05:06:21","slug":"transfer-z-letiska-krakow-na-lyziarske-stredisko-ramzova-petrikov","status":"publish","type":"page","link":"https:\/\/transfereurope.com\/sk\/lyziarske-transfery\/transfery-z-letiska-krakov-do-lyziarskych-stredisk\/transfer-z-letiska-krakow-na-lyziarske-stredisko-ramzova-petrikov\/","title":{"rendered":"Transfer z letiska Krakow na ly\u017eiarske stredisko Ramzov\u00e1-Petrikov"},"content":{"rendered":"\n<div id=\"t4-masthead\" class=\"t4-section  t4-masthead\">\n<div class=\"t4-col text-center\">\n<div class=\"ja-masthead\" >\n<div class=\"ja-masthead-detail\">\n<h1 class=\"ja-masthead-title\">Transfer z letiska Krakow na ly\u017eiarske stredisko Ramzov\u00e1-Petrikov<\/h1>\n<p>                 <!---->            <\/p>\n<div class=\"block-breadcrumb\">                       <\/div>\n<\/p><\/div>\n<\/p><\/div>\n<pre><\/pre>\n<\/div>\n<\/div>\n<div id=\"t4-main-body\" class=\"t4-section  t4-main-body\" role=\"main body\">\n<div class=\"t4-section-inner container\">\n<div class=\"t4-row row\">\n<div class=\"t4-col col-12 col-xl\">\n<div id=\"system-message-container\"> \t<\/div>\n<div class=\"com-content-article item-page view-tour-detail\">\n<div class=\"tour-top-info clearfix\">\n<div class=\"pull-left\">\n<div class=\"category-article-dot\">\n<div class=\"category-name\"> \t\t\t\t\t<a href=\"\/sk\/lyziarske-transfery\/transfery-z-letiska-krakov-do-lyziarskych-stredisk\" itemprop=\"genre\">Transfery z letiska Krakov do ly\u017eiarskych stred\u00edsk<\/a> \t\t\t\t<\/div>\n<\/p><\/div>\n<\/p><\/div>\n<div class=\"pull-right\">\n<div class=\"text-danger tour-price\"> \t\t\t\t\t\t<a href=\"\/sk\/rezervovat-transfer\">Rezervova\u0165<\/a><\/div>\n<\/p><\/div>\n<\/p><\/div>\n<p>  \t <!--\t-->  \t<\/p>\n<div class=\"vm-product-container\">\n<figure class=\"pull-left item-image\">\n<div class=\"main-image\"> \t\t<a  rel='vm-additional-images' href=\"\/images\/virtuemart\/product\/Krakow to Ramzova-Petrikov Ski Transfer Service.png\"><img decoding=\"async\"  loading=\"lazy\"  src=\"\/wp-content\/uploads\/2025\/08\/Krakow-to-Ramzova-Petrikov-Ski-Transfer-Service-2.png\"  \/><\/a>\t\t<\/p>\n<div class=\"clear\"><\/div>\n<\/p><\/div>\n<\/figure>\n<div class=\"vm-product-details-container\">\n<div class=\"spacer-buy-area\">    \t\t \t\t<\/div>\n<\/p><\/div>\n<div class=\"clear\"><\/div>\n<\/p><\/div>\n<div class=\"product-description\" >\n<h2 style=\"text-align: center;\">Transfer z letiska Krakov na ly\u017eiarske stredisko Ramzov\u00e1-Petrikov: Br\u00e1na k ve\u013ekolep\u00fdm ly\u017eiarskym z\u00e1\u017eitkom<\/h2>\n<p>Pl\u00e1nujete ly\u017eiarsku dovolenku na vzru\u0161uj\u00facich svahoch Ramzovej-Petrikovej? Za\u010dnite svoje dobrodru\u017estvo s maxim\u00e1lnou \u013eahkos\u0165ou a komfortom, ak si vyberiete na\u0161u slu\u017ebu transferu na ly\u017eiach z letiska Krakov do Ramzovej-Petrikova. Od okamihu prist\u00e1tia na letisku v Krakove sa m\u00f4\u017eete vyda\u0165 na bezprobl\u00e9mov\u00fa cestu do srdca zimnej krajiny z\u00e1zrakov Ramzov\u00e1-Petrikov.<\/p>\n<p style=\"text-align: center;\"><a class=\"btn btn-primary\" href=\"\/sk\/rezervovat-transfer-z-na-letisko\">Rezervova\u0165<\/a><\/p>\n<p style=\"text-align: center;\"><img decoding=\"async\" src=\"\/wp-content\/uploads\/2025\/08\/Krakow_Airport_to_Ramzova-Petrikov_Ski_Transfer-1-scaled.jpg\" alt=\"\" \/><\/p>\n<h3 style=\"text-align: center;\">Vynikaj\u00face v\u00fdhody n\u00e1\u0161ho transferu z letiska Krakow na ly\u017eiarske stredisko Ramzova-Petrikov<\/h3>\n<p><strong>Nepretr\u017eit\u00e1 podpora:<\/strong>\u00a0S na\u0161\u00edm transferom z letiska Krakow Airport na ly\u017eiarske stredisko Ramzova-Petrikov nikdy nie ste sami. Na\u0161a \u0161pecializovan\u00e1 z\u00e1kazn\u00edcka podpora 24 hod\u00edn denne, 7 dn\u00ed v t\u00fd\u017edni a 7 dn\u00ed v t\u00fd\u017edni zaru\u010duje, \u017ee ak\u00e9ko\u013evek ot\u00e1zky alebo obavy bud\u00fa okam\u017eite vyrie\u0161en\u00e9 a poskytn\u00fa v\u00e1m bezprobl\u00e9mov\u00fd z\u00e1\u017eitok z cesty od za\u010diatku a\u017e do konca.<\/p>\n<p><strong>Transparentn\u00e9, vopred stanoven\u00e9 ceny:<\/strong>\u00a0Rozl\u00fa\u010dte sa s neo\u010dak\u00e1van\u00fdmi n\u00e1kladmi. Na\u0161e slu\u017eby transferu z letiska Krakov do ly\u017eiarskeho strediska Ramzov\u00e1-Petrikov maj\u00fa jasn\u00fa cenov\u00fa \u0161trukt\u00faru bez skryt\u00fdch poplatkov. T\u00e1to transparentnos\u0165 v\u00e1m umo\u017en\u00ed zostavi\u0165 rozpo\u010det va\u0161ej ly\u017eiarskej cesty bez ak\u00fdchko\u013evek nev\u00edtan\u00fdch prekvapen\u00ed.<\/p>\n<p><strong>Ve\u013ekorys\u00e1 kapacita bato\u017einy:<\/strong>\u00a0Ch\u00e1peme d\u00f4le\u017eitos\u0165 va\u0161ej ly\u017eiarskej v\u00fdbavy. Na\u0161e vozidl\u00e1 na prepravu ly\u017eiarov z letiska Krakov do Ramzovej-Petrikova s\u00fa vybaven\u00e9 priestrann\u00fdmi bato\u017einov\u00fdmi priestormi, ktor\u00e9 zabezpe\u010duj\u00fa bezpe\u010dn\u00fa prepravu v\u0161etk\u00e9ho v\u00e1\u0161ho ly\u017eiarskeho vybavenia.<\/p>\n<p><strong>Pohodlie pre rodiny:<\/strong>\u00a0Cestovanie s de\u0165mi je s na\u0161\u00edm ly\u017eiarskym transferom z letiska Krakov do Ramzovej-Petrikova hra\u010dka. Poskytujeme pohodln\u00e9 detsk\u00e9 autoseda\u010dky, ktor\u00e9 zaistia bezpe\u010dnos\u0165 a pohodlie celej va\u0161ej rodiny. Rodi\u010dia si m\u00f4\u017eu odd\u00fdchnu\u0165, preto\u017ee vedia, \u017ee o ich ratolesti je dobre postaran\u00e9.<\/p>\n<p style=\"text-align: center;\"><a class=\"btn btn-primary\" href=\"\/sk\/rezervovat-transfer-z-na-letisko\">Rezervova\u0165<\/a><\/p>\n<p style=\"text-align: center;\"><img decoding=\"async\" src=\"\/wp-content\/uploads\/2025\/08\/Krakow_Airport_to_Ramzova-Petrikov_Ski_Transfer-1.png\" alt=\"\" \/><\/p>\n<h4 style=\"text-align: center;\">Ly\u017eovanie v Ramzovej-Petrikove<\/h4>\n<p>Ly\u017eiarska oblas\u0165 Ramzov\u00e1-Petrikov, do ktorej sa dostanete cez n\u00e1\u0161 transfer z letiska Krakov do Ramzovej-Petrikovej, je zn\u00e1ma svojimi rozmanit\u00fdmi zjazdovkami, n\u00e1dhernou pr\u00edrodou a vynikaj\u00facim vybaven\u00edm, ktor\u00e9 z nej robia raj pre za\u010d\u00ednaj\u00facich aj sk\u00fasen\u00fdch ly\u017eiarov. Nie je to len o ly\u017eovan\u00ed; Ramzova-Petrikov pon\u00faka bohat\u00e9 kult\u00farne z\u00e1\u017eitky a pr\u00edjemn\u00fa apr\u00e9s-ski atmosf\u00e9ru.<\/p>\n<p style=\"text-align: center;\"><a class=\"btn btn-primary\" href=\"\/sk\/rezervovat-transfer-z-na-letisko\">Rezervova\u0165<\/a><\/p>\n<h4 style=\"text-align: center;\">Jednoduch\u00e1 a flexibiln\u00e1 rezerv\u00e1cia<\/h4>\n<p>Organiz\u00e1cia transferu z letiska Krakow Airport do Ramzova-Petrikov je jednoduch\u00e1. N\u00e1\u0161 u\u017e\u00edvate\u013esky pr\u00edvetiv\u00fd proces rezerv\u00e1cie v\u00e1m umo\u017en\u00ed vybra\u0165 si mo\u017enos\u0165, ktor\u00e1 najlep\u0161ie vyhovuje va\u0161im potreb\u00e1m, a zabezpe\u010d\u00ed v\u00e1m individu\u00e1lny a bezstarostn\u00fd transfer do ly\u017eiarskeho strediska.<\/p>\n<h4 style=\"text-align: center;\">Vydajte sa na ly\u017eiarske dobrodru\u017estvo s istotou<\/h4>\n<p>Vyberte si n\u00e1\u0161 transfer z letiska Krakov na ly\u017eiarske stredisko Ramzov\u00e1-Petrikov, ktor\u00fd v\u00e1m zabezpe\u010d\u00ed hladk\u00fd, pohodln\u00fd a pr\u00edjemn\u00fd za\u010diatok va\u0161ej ly\u017eiarskej dovolenky. N\u00e1\u0161 z\u00e1v\u00e4zok poskytova\u0165 \u0161pi\u010dkov\u00e9 slu\u017eby, spokojnos\u0165 z\u00e1kazn\u00edkov a bezpe\u010dnos\u0165 je z\u00e1rukou pr\u00edjemnej cesty do Ramzovej-Petrikova. Rezervujte si teraz a te\u0161te sa na nezabudnute\u013en\u00fd ly\u017eiarsky z\u00e1\u017eitok!<\/p>\n<\/p><\/div>\n<div class=\"product-price-container\">\n<div class=\"sale-price\"> \t\t<\/div>\n<\/p><\/div>\n<div class=\"options\"><\/div>\n<div> \t\t<\/div>\n<p>   \t        <script type=\"text\/javascript\" ><\/script>  <script type=\"text\/javascript\" ><\/script> <script type=\"text\/javascript\" ><\/script>  <script type=\"text\/javascript\" ><\/script> <script type=\"text\/javascript\" ><\/script> <script type=\"text\/javascript\" ><\/script> <script type=\"text\/javascript\" ><\/script> <\/div>\n<p> \t\t<!-- \u041f\u043b\u0430\u0433\u0438\u043d \u0440\u0435\u0439\u0442\u0438\u043d\u0433\u0430 --> <\/p>\n<div class=\"vrvote-body\">\n<ul class=\"vrvote-ul\">\n<li id=\"rating_193\" class=\"current-rating\" style=\"width:96.67%;\"><\/li>\n<li> \t\t\t\t\t\t<a class=\"vr-one-star\" onclick=\"javascript:JSVRvote(193,1,29,6,0)\" href=\"javascript:void(null)\">1<\/a> \t\t\t\t\t<\/li>\n<li> \t\t\t\t\t\t<a class=\"vr-two-stars\" onclick=\"javascript:JSVRvote(193,2,29,6,0)\" href=\"javascript:void(null)\">2<\/a> \t\t\t\t\t<\/li>\n<li> \t\t\t\t\t\t<a class=\"vr-three-stars\" onclick=\"javascript:JSVRvote(193,3,29,6,0)\" href=\"javascript:void(null)\">3<\/a> \t\t\t\t\t<\/li>\n<li> \t\t\t\t\t\t<a class=\"vr-four-stars\" onclick=\"javascript:JSVRvote(193,4,29,6,0)\" href=\"javascript:void(null)\">4<\/a> \t\t\t\t\t<\/li>\n<li> \t\t\t\t\t\t<a class=\"vr-five-stars\" onclick=\"javascript:JSVRvote(193,5,29,6,0)\" href=\"javascript:void(null)\">5<\/a> \t\t\t\t\t<\/li>\n<\/ul><\/div>\n<p> \t\t\t<span id=\"vrvote_193\" class=\"vrvote-count\"><small><\/small><\/span>\t<\/span><script type=\"application\/ld+json\"><\/script>   <\/div>\n<div class=\"t4-col sidebar-r col-12 col-xl-4\">\n<div class=\"t4-module module\" id=\"Mod306\">\n<div class=\"module-inner\">\n<div class=\"module-ct\">\n<div class=\"bannergroup\">\n<div class=\"banneritem\"> \t\t\t\t\t\t\t\t\t\t\t\t\t\t\t\t\t\t\t\t\t\t\t\t\t\t\t\t\t\t\t\t\t\t\t\t\t\t\t\t\t\t\t\t\t\t\t\t\t\t<img \t\t\t\t\t\tsrc=\"\/wp-content\/uploads\/2025\/08\/banner-transfer-europe-sk-543.png\" \t\t\t\t\t\talt=\"Banner-sk\" \t\t\t\t\t\t\t\t\t\t\t\t\t\t\t\t\t\/> \t\t\t\t\t\t\t\t\t\t\t<\/p>\n<div class=\"clr\"><\/div>\n<\/p><\/div>\n<\/p><\/div>\n<\/p><\/div>\n<\/div>\n<\/div><\/div>\n<\/p><\/div>\n<\/div><\/div>\n<div id=\"t4-section-8\" class=\"t4-section  t4-section-8  section-border-top\" role=\"section-8\">\n<div class=\"bg-overlay bg-overlay-image\">&nbsp;<\/div>\n<\/p><\/div>\n<p>  <a href='javascript:' id='back-to-top'><i class='fa fa-chevron-up'><\/i><\/a>                <\/p>\n","protected":false},"excerpt":{"rendered":"<p>Transfer z letiska Krakow na ly\u017eiarske stredisko Ramzov\u00e1-Petrikov Transfery z letiska Krakov do ly\u017eiarskych stred\u00edsk Rezervova\u0165 Transfer z letiska Krakov na ly\u017eiarske stredisko Ramzov\u00e1-Petrikov: Br\u00e1na k ve\u013ekolep\u00fdm ly\u017eiarskym z\u00e1\u017eitkom Pl\u00e1nujete ly\u017eiarsku dovolenku na vzru\u0161uj\u00facich svahoch Ramzovej-Petrikovej? Za\u010dnite svoje dobrodru\u017estvo s maxim\u00e1lnou \u013eahkos\u0165ou a komfortom, ak si vyberiete na\u0161u slu\u017ebu transferu na ly\u017eiach z letiska Krakov [&hellip;]<\/p>\n","protected":false},"author":1,"featured_media":92794,"parent":20769,"menu_order":0,"comment_status":"closed","ping_status":"closed","template":"","meta":{"footnotes":""},"class_list":["post-92793","page","type-page","status-publish","has-post-thumbnail","hentry"],"yoast_head":"<!-- This site is optimized with the Yoast SEO plugin v25.6 - https:\/\/yoast.com\/wordpress\/plugins\/seo\/ -->\n<title>Transfer z letiska Krakow na ly\u017eiarske stredisko Ramzov\u00e1-Petrikov<\/title>\n<meta name=\"description\" content=\"Za\u017eite transfer z letiska Krakov do ly\u017eiarskeho strediska Ramzov\u00e1-Petrikov. Rezervujte si e\u0161te dnes a u\u017eite si cestovanie bez stresu s malebn\u00fdm v\u00fdh\u013eadom. Zavolajte n\u00e1m \u260e +421 940 904 184 pre individu\u00e1lnu pomoc.\" \/>\n<meta name=\"robots\" content=\"index, follow, max-snippet:-1, max-image-preview:large, max-video-preview:-1\" \/>\n<link rel=\"canonical\" href=\"https:\/\/transfereurope.com\/sk\/lyziarske-transfery\/transfery-z-letiska-krakov-do-lyziarskych-stredisk\/transfer-z-letiska-krakow-na-lyziarske-stredisko-ramzova-petrikov\/\" \/>\n<meta property=\"og:locale\" content=\"sk_SK\" \/>\n<meta property=\"og:type\" content=\"article\" \/>\n<meta property=\"og:title\" content=\"Transfer z letiska Krakow na ly\u017eiarske stredisko Ramzov\u00e1-Petrikov\" \/>\n<meta property=\"og:description\" content=\"Za\u017eite transfer z letiska Krakov do ly\u017eiarskeho strediska Ramzov\u00e1-Petrikov. Rezervujte si e\u0161te dnes a u\u017eite si cestovanie bez stresu s malebn\u00fdm v\u00fdh\u013eadom. Zavolajte n\u00e1m \u260e +421 940 904 184 pre individu\u00e1lnu pomoc.\" \/>\n<meta property=\"og:url\" content=\"https:\/\/transfereurope.com\/sk\/lyziarske-transfery\/transfery-z-letiska-krakov-do-lyziarskych-stredisk\/transfer-z-letiska-krakow-na-lyziarske-stredisko-ramzova-petrikov\/\" \/>\n<meta property=\"og:site_name\" content=\"transfereurope\" \/>\n<meta property=\"og:image\" content=\"https:\/\/transfereurope.com\/wp-content\/uploads\/2025\/08\/Krakow-to-Ramzova-Petrikov-Ski-Transfer-Service-2-1.png\" \/>\n\t<meta property=\"og:image:width\" content=\"940\" \/>\n\t<meta property=\"og:image:height\" content=\"788\" \/>\n\t<meta property=\"og:image:type\" content=\"image\/png\" \/>\n<meta name=\"twitter:card\" content=\"summary_large_image\" \/>\n<meta name=\"twitter:label1\" content=\"Predpokladan\u00fd \u010das \u010d\u00edtania\" \/>\n\t<meta name=\"twitter:data1\" content=\"3 min\u00faty\" \/>\n<script type=\"application\/ld+json\" class=\"yoast-schema-graph\">{\"@context\":\"https:\/\/schema.org\",\"@graph\":[{\"@type\":\"WebPage\",\"@id\":\"https:\/\/transfereurope.com\/sk\/lyziarske-transfery\/transfery-z-letiska-krakov-do-lyziarskych-stredisk\/transfer-z-letiska-krakow-na-lyziarske-stredisko-ramzova-petrikov\/\",\"url\":\"https:\/\/transfereurope.com\/sk\/lyziarske-transfery\/transfery-z-letiska-krakov-do-lyziarskych-stredisk\/transfer-z-letiska-krakow-na-lyziarske-stredisko-ramzova-petrikov\/\",\"name\":\"Transfer z letiska Krakow na ly\u017eiarske stredisko Ramzov\u00e1-Petrikov\",\"isPartOf\":{\"@id\":\"https:\/\/transfereurope.com\/sk\/#website\"},\"primaryImageOfPage\":{\"@id\":\"https:\/\/transfereurope.com\/sk\/lyziarske-transfery\/transfery-z-letiska-krakov-do-lyziarskych-stredisk\/transfer-z-letiska-krakow-na-lyziarske-stredisko-ramzova-petrikov\/#primaryimage\"},\"image\":{\"@id\":\"https:\/\/transfereurope.com\/sk\/lyziarske-transfery\/transfery-z-letiska-krakov-do-lyziarskych-stredisk\/transfer-z-letiska-krakow-na-lyziarske-stredisko-ramzova-petrikov\/#primaryimage\"},\"thumbnailUrl\":\"https:\/\/transfereurope.com\/wp-content\/uploads\/2025\/08\/Krakow-to-Ramzova-Petrikov-Ski-Transfer-Service-2-1.png\",\"datePublished\":\"2025-08-06T05:06:21+00:00\",\"description\":\"Za\u017eite transfer z letiska Krakov do ly\u017eiarskeho strediska Ramzov\u00e1-Petrikov. Rezervujte si e\u0161te dnes a u\u017eite si cestovanie bez stresu s malebn\u00fdm v\u00fdh\u013eadom. Zavolajte n\u00e1m \u260e +421 940 904 184 pre individu\u00e1lnu pomoc.\",\"breadcrumb\":{\"@id\":\"https:\/\/transfereurope.com\/sk\/lyziarske-transfery\/transfery-z-letiska-krakov-do-lyziarskych-stredisk\/transfer-z-letiska-krakow-na-lyziarske-stredisko-ramzova-petrikov\/#breadcrumb\"},\"inLanguage\":\"sk-SK\",\"potentialAction\":[{\"@type\":\"ReadAction\",\"target\":[\"https:\/\/transfereurope.com\/sk\/lyziarske-transfery\/transfery-z-letiska-krakov-do-lyziarskych-stredisk\/transfer-z-letiska-krakow-na-lyziarske-stredisko-ramzova-petrikov\/\"]}]},{\"@type\":\"ImageObject\",\"inLanguage\":\"sk-SK\",\"@id\":\"https:\/\/transfereurope.com\/sk\/lyziarske-transfery\/transfery-z-letiska-krakov-do-lyziarskych-stredisk\/transfer-z-letiska-krakow-na-lyziarske-stredisko-ramzova-petrikov\/#primaryimage\",\"url\":\"https:\/\/transfereurope.com\/wp-content\/uploads\/2025\/08\/Krakow-to-Ramzova-Petrikov-Ski-Transfer-Service-2-1.png\",\"contentUrl\":\"https:\/\/transfereurope.com\/wp-content\/uploads\/2025\/08\/Krakow-to-Ramzova-Petrikov-Ski-Transfer-Service-2-1.png\",\"width\":940,\"height\":788},{\"@type\":\"BreadcrumbList\",\"@id\":\"https:\/\/transfereurope.com\/sk\/lyziarske-transfery\/transfery-z-letiska-krakov-do-lyziarskych-stredisk\/transfer-z-letiska-krakow-na-lyziarske-stredisko-ramzova-petrikov\/#breadcrumb\",\"itemListElement\":[{\"@type\":\"ListItem\",\"position\":1,\"name\":\"Home\",\"item\":\"https:\/\/transfereurope.com\/sk\/\"},{\"@type\":\"ListItem\",\"position\":2,\"name\":\"Transfer z letiska Krakow na ly\u017eiarske stredisko Ramzov\u00e1-Petrikov\"}]},{\"@type\":\"WebSite\",\"@id\":\"https:\/\/transfereurope.com\/sk\/#website\",\"url\":\"https:\/\/transfereurope.com\/sk\/\",\"name\":\"transfereurope\",\"description\":\"\",\"publisher\":{\"@id\":\"https:\/\/transfereurope.com\/sk\/#organization\"},\"potentialAction\":[{\"@type\":\"SearchAction\",\"target\":{\"@type\":\"EntryPoint\",\"urlTemplate\":\"https:\/\/transfereurope.com\/sk\/?s={search_term_string}\"},\"query-input\":{\"@type\":\"PropertyValueSpecification\",\"valueRequired\":true,\"valueName\":\"search_term_string\"}}],\"inLanguage\":\"sk-SK\"},{\"@type\":\"Organization\",\"@id\":\"https:\/\/transfereurope.com\/sk\/#organization\",\"name\":\"transfereurope\",\"url\":\"https:\/\/transfereurope.com\/sk\/\",\"logo\":{\"@type\":\"ImageObject\",\"inLanguage\":\"sk-SK\",\"@id\":\"https:\/\/transfereurope.com\/sk\/#\/schema\/logo\/image\/\",\"url\":\"https:\/\/transfereurope.com\/wp-content\/uploads\/2025\/08\/TRANSFERS-1655.png\",\"contentUrl\":\"https:\/\/transfereurope.com\/wp-content\/uploads\/2025\/08\/TRANSFERS-1655.png\",\"width\":500,\"height\":274,\"caption\":\"transfereurope\"},\"image\":{\"@id\":\"https:\/\/transfereurope.com\/sk\/#\/schema\/logo\/image\/\"}}]}<\/script>\n<!-- \/ Yoast SEO plugin. -->","yoast_head_json":{"title":"Transfer z letiska Krakow na ly\u017eiarske stredisko Ramzov\u00e1-Petrikov","description":"Za\u017eite transfer z letiska Krakov do ly\u017eiarskeho strediska Ramzov\u00e1-Petrikov. Rezervujte si e\u0161te dnes a u\u017eite si cestovanie bez stresu s malebn\u00fdm v\u00fdh\u013eadom. Zavolajte n\u00e1m \u260e +421 940 904 184 pre individu\u00e1lnu pomoc.","robots":{"index":"index","follow":"follow","max-snippet":"max-snippet:-1","max-image-preview":"max-image-preview:large","max-video-preview":"max-video-preview:-1"},"canonical":"https:\/\/transfereurope.com\/sk\/lyziarske-transfery\/transfery-z-letiska-krakov-do-lyziarskych-stredisk\/transfer-z-letiska-krakow-na-lyziarske-stredisko-ramzova-petrikov\/","og_locale":"sk_SK","og_type":"article","og_title":"Transfer z letiska Krakow na ly\u017eiarske stredisko Ramzov\u00e1-Petrikov","og_description":"Za\u017eite transfer z letiska Krakov do ly\u017eiarskeho strediska Ramzov\u00e1-Petrikov. Rezervujte si e\u0161te dnes a u\u017eite si cestovanie bez stresu s malebn\u00fdm v\u00fdh\u013eadom. Zavolajte n\u00e1m \u260e +421 940 904 184 pre individu\u00e1lnu pomoc.","og_url":"https:\/\/transfereurope.com\/sk\/lyziarske-transfery\/transfery-z-letiska-krakov-do-lyziarskych-stredisk\/transfer-z-letiska-krakow-na-lyziarske-stredisko-ramzova-petrikov\/","og_site_name":"transfereurope","og_image":[{"width":940,"height":788,"url":"https:\/\/transfereurope.com\/wp-content\/uploads\/2025\/08\/Krakow-to-Ramzova-Petrikov-Ski-Transfer-Service-2-1.png","type":"image\/png"}],"twitter_card":"summary_large_image","twitter_misc":{"Predpokladan\u00fd \u010das \u010d\u00edtania":"3 min\u00faty"},"schema":{"@context":"https:\/\/schema.org","@graph":[{"@type":"WebPage","@id":"https:\/\/transfereurope.com\/sk\/lyziarske-transfery\/transfery-z-letiska-krakov-do-lyziarskych-stredisk\/transfer-z-letiska-krakow-na-lyziarske-stredisko-ramzova-petrikov\/","url":"https:\/\/transfereurope.com\/sk\/lyziarske-transfery\/transfery-z-letiska-krakov-do-lyziarskych-stredisk\/transfer-z-letiska-krakow-na-lyziarske-stredisko-ramzova-petrikov\/","name":"Transfer z letiska Krakow na ly\u017eiarske stredisko Ramzov\u00e1-Petrikov","isPartOf":{"@id":"https:\/\/transfereurope.com\/sk\/#website"},"primaryImageOfPage":{"@id":"https:\/\/transfereurope.com\/sk\/lyziarske-transfery\/transfery-z-letiska-krakov-do-lyziarskych-stredisk\/transfer-z-letiska-krakow-na-lyziarske-stredisko-ramzova-petrikov\/#primaryimage"},"image":{"@id":"https:\/\/transfereurope.com\/sk\/lyziarske-transfery\/transfery-z-letiska-krakov-do-lyziarskych-stredisk\/transfer-z-letiska-krakow-na-lyziarske-stredisko-ramzova-petrikov\/#primaryimage"},"thumbnailUrl":"https:\/\/transfereurope.com\/wp-content\/uploads\/2025\/08\/Krakow-to-Ramzova-Petrikov-Ski-Transfer-Service-2-1.png","datePublished":"2025-08-06T05:06:21+00:00","description":"Za\u017eite transfer z letiska Krakov do ly\u017eiarskeho strediska Ramzov\u00e1-Petrikov. Rezervujte si e\u0161te dnes a u\u017eite si cestovanie bez stresu s malebn\u00fdm v\u00fdh\u013eadom. Zavolajte n\u00e1m \u260e +421 940 904 184 pre individu\u00e1lnu pomoc.","breadcrumb":{"@id":"https:\/\/transfereurope.com\/sk\/lyziarske-transfery\/transfery-z-letiska-krakov-do-lyziarskych-stredisk\/transfer-z-letiska-krakow-na-lyziarske-stredisko-ramzova-petrikov\/#breadcrumb"},"inLanguage":"sk-SK","potentialAction":[{"@type":"ReadAction","target":["https:\/\/transfereurope.com\/sk\/lyziarske-transfery\/transfery-z-letiska-krakov-do-lyziarskych-stredisk\/transfer-z-letiska-krakow-na-lyziarske-stredisko-ramzova-petrikov\/"]}]},{"@type":"ImageObject","inLanguage":"sk-SK","@id":"https:\/\/transfereurope.com\/sk\/lyziarske-transfery\/transfery-z-letiska-krakov-do-lyziarskych-stredisk\/transfer-z-letiska-krakow-na-lyziarske-stredisko-ramzova-petrikov\/#primaryimage","url":"https:\/\/transfereurope.com\/wp-content\/uploads\/2025\/08\/Krakow-to-Ramzova-Petrikov-Ski-Transfer-Service-2-1.png","contentUrl":"https:\/\/transfereurope.com\/wp-content\/uploads\/2025\/08\/Krakow-to-Ramzova-Petrikov-Ski-Transfer-Service-2-1.png","width":940,"height":788},{"@type":"BreadcrumbList","@id":"https:\/\/transfereurope.com\/sk\/lyziarske-transfery\/transfery-z-letiska-krakov-do-lyziarskych-stredisk\/transfer-z-letiska-krakow-na-lyziarske-stredisko-ramzova-petrikov\/#breadcrumb","itemListElement":[{"@type":"ListItem","position":1,"name":"Home","item":"https:\/\/transfereurope.com\/sk\/"},{"@type":"ListItem","position":2,"name":"Transfer z letiska Krakow na ly\u017eiarske stredisko Ramzov\u00e1-Petrikov"}]},{"@type":"WebSite","@id":"https:\/\/transfereurope.com\/sk\/#website","url":"https:\/\/transfereurope.com\/sk\/","name":"transfereurope","description":"","publisher":{"@id":"https:\/\/transfereurope.com\/sk\/#organization"},"potentialAction":[{"@type":"SearchAction","target":{"@type":"EntryPoint","urlTemplate":"https:\/\/transfereurope.com\/sk\/?s={search_term_string}"},"query-input":{"@type":"PropertyValueSpecification","valueRequired":true,"valueName":"search_term_string"}}],"inLanguage":"sk-SK"},{"@type":"Organization","@id":"https:\/\/transfereurope.com\/sk\/#organization","name":"transfereurope","url":"https:\/\/transfereurope.com\/sk\/","logo":{"@type":"ImageObject","inLanguage":"sk-SK","@id":"https:\/\/transfereurope.com\/sk\/#\/schema\/logo\/image\/","url":"https:\/\/transfereurope.com\/wp-content\/uploads\/2025\/08\/TRANSFERS-1655.png","contentUrl":"https:\/\/transfereurope.com\/wp-content\/uploads\/2025\/08\/TRANSFERS-1655.png","width":500,"height":274,"caption":"transfereurope"},"image":{"@id":"https:\/\/transfereurope.com\/sk\/#\/schema\/logo\/image\/"}}]}},"_links":{"self":[{"href":"https:\/\/transfereurope.com\/sk\/wp-json\/wp\/v2\/pages\/92793","targetHints":{"allow":["GET"]}}],"collection":[{"href":"https:\/\/transfereurope.com\/sk\/wp-json\/wp\/v2\/pages"}],"about":[{"href":"https:\/\/transfereurope.com\/sk\/wp-json\/wp\/v2\/types\/page"}],"author":[{"embeddable":true,"href":"https:\/\/transfereurope.com\/sk\/wp-json\/wp\/v2\/users\/1"}],"replies":[{"embeddable":true,"href":"https:\/\/transfereurope.com\/sk\/wp-json\/wp\/v2\/comments?post=92793"}],"version-history":[{"count":0,"href":"https:\/\/transfereurope.com\/sk\/wp-json\/wp\/v2\/pages\/92793\/revisions"}],"up":[{"embeddable":true,"href":"https:\/\/transfereurope.com\/sk\/wp-json\/wp\/v2\/pages\/20769"}],"wp:featuredmedia":[{"embeddable":true,"href":"https:\/\/transfereurope.com\/sk\/wp-json\/wp\/v2\/media\/92794"}],"wp:attachment":[{"href":"https:\/\/transfereurope.com\/sk\/wp-json\/wp\/v2\/media?parent=92793"}],"curies":[{"name":"wp","href":"https:\/\/api.w.org\/{rel}","templated":true}]}}