{"id":92460,"date":"2025-08-06T04:58:41","date_gmt":"2025-08-06T04:58:41","guid":{"rendered":"https:\/\/transfereurope.com\/lyziarsky-transfer-z-letiska-krakow-do-krynica-zdroj\/"},"modified":"2025-08-06T04:58:41","modified_gmt":"2025-08-06T04:58:41","slug":"lyziarsky-transfer-z-letiska-krakow-do-krynica-zdroj","status":"publish","type":"page","link":"https:\/\/transfereurope.com\/sk\/lyziarske-transfery\/transfery-z-letiska-krakov-do-lyziarskych-stredisk\/lyziarsky-transfer-z-letiska-krakow-do-krynica-zdroj\/","title":{"rendered":"Ly\u017eiarsky transfer z letiska Krakow do Krynica-Zdr\u00f3j"},"content":{"rendered":"\n<div id=\"t4-masthead\" class=\"t4-section  t4-masthead\">\n<div class=\"t4-col text-center\">\n<div class=\"ja-masthead\" >\n<div class=\"ja-masthead-detail\">\n<h1 class=\"ja-masthead-title\">Ly\u017eiarsky transfer z letiska Krakow do Krynica-Zdr\u00f3j<\/h1>\n<p>                 <!---->            <\/p>\n<div class=\"block-breadcrumb\">                       <\/div>\n<\/p><\/div>\n<\/p><\/div>\n<pre><\/pre>\n<\/div>\n<\/div>\n<div id=\"t4-main-body\" class=\"t4-section  t4-main-body\" role=\"main body\">\n<div class=\"t4-section-inner container\">\n<div class=\"t4-row row\">\n<div class=\"t4-col col-12 col-xl\">\n<div id=\"system-message-container\"> \t<\/div>\n<div class=\"com-content-article item-page view-tour-detail\">\n<div class=\"tour-top-info clearfix\">\n<div class=\"pull-left\">\n<div class=\"category-article-dot\">\n<div class=\"category-name\"> \t\t\t\t\t<a href=\"\/sk\/lyziarske-transfery\/transfery-z-letiska-krakov-do-lyziarskych-stredisk\" itemprop=\"genre\">Transfery z letiska Krakov do ly\u017eiarskych stred\u00edsk<\/a> \t\t\t\t<\/div>\n<\/p><\/div>\n<\/p><\/div>\n<div class=\"pull-right\">\n<div class=\"text-danger tour-price\"> \t\t\t\t\t\t<a href=\"\/sk\/rezervovat-transfer\">Rezervova\u0165<\/a><\/div>\n<\/p><\/div>\n<\/p><\/div>\n<p>  \t <!--\t-->  \t<\/p>\n<div class=\"vm-product-container\">\n<figure class=\"pull-left item-image\">\n<div class=\"main-image\"> \t\t<a  rel='vm-additional-images' href=\"\/images\/virtuemart\/product\/Krakow to Krynica-Zdr\u00f3j Ski Transfer Service.png\"><img decoding=\"async\"  loading=\"lazy\"  src=\"\/wp-content\/uploads\/2025\/08\/Krakow-to-Krynica-Zdroj-Ski-Transfer-Service-2.png\"  \/><\/a>\t\t<\/p>\n<div class=\"clear\"><\/div>\n<\/p><\/div>\n<\/figure>\n<div class=\"vm-product-details-container\">\n<div class=\"spacer-buy-area\">    \t\t \t\t<\/div>\n<\/p><\/div>\n<div class=\"clear\"><\/div>\n<\/p><\/div>\n<div class=\"product-description\" >\n<h2 style=\"text-align: center;\">Transfer z letiska Krakow na ly\u017eiarske stredisko Krynica-Zdr\u00f3j: Pohodlie, komfort a spo\u013eahlivos\u0165<\/h2>\n<p>Vyd\u00e1vate sa na ly\u017eiarske dobrodru\u017estvo do Krynice-Zdroja z letiska Krakov? Vylep\u0161ite si svoj z\u00e1\u017eitok s na\u0161ou v\u00fdnimo\u010dnou slu\u017ebou transferu na ly\u017eiach z letiska Krakov do Krynice-Zdr\u00f3j. Nielen\u017ee zabezpe\u010d\u00edme hladk\u00fa a malebn\u00fa cestu, ale pon\u00fakame aj \u010fal\u0161ie v\u00fdhody, ktor\u00e9 n\u00e1s odli\u0161uj\u00fa.<\/p>\n<p style=\"text-align: center;\"><a class=\"btn btn-primary\" href=\"\/sk\/rezervovat-transfer-z-na-letisko\">Rezervova\u0165<\/a><\/p>\n<p style=\"text-align: center;\"><img decoding=\"async\" src=\"\/wp-content\/uploads\/2025\/08\/Krakow_Airport_to_Krynica-Zdrj_Ski_Transfer-1-scaled.jpg\" alt=\"\" \/><\/p>\n<h3 style=\"text-align: center;\">Premium slu\u017eba ly\u017eiarskeho transferu z letiska Krakov do Krynica-Zdr\u00f3j<\/h3>\n<p><strong>Podpora v re\u017eime 24\/7:<\/strong>\u00a0Na\u0161a slu\u017eba transferu z letiska Krakow na ly\u017eiarske stredisko Krynica-Zdr\u00f3j pon\u00faka nepretr\u017eit\u00fa z\u00e1kazn\u00edcku podporu. Bez oh\u013eadu na \u010das prist\u00e1tia alebo odletu je v\u00e1m n\u00e1\u0161 t\u00edm v\u017edy k dispoz\u00edcii, aby v\u00e1m pomohol a zabezpe\u010dil v\u00e1m bezprobl\u00e9mov\u00e9 cestovanie.<\/p>\n<p><strong>Transparentn\u00e9 ceny:<\/strong>\u00a0Pri na\u0161om transfere z letiska Krakow Airport do Krynica-Zdr\u00f3j Ski Transfer plat\u00ed to, \u010do vid\u00edte. Neexistuj\u00fa absol\u00fatne \u017eiadne skryt\u00e9 poplatky. Ver\u00edme v transparentnos\u0165 a \u00faprimnos\u0165, \u010do v\u00e1m zaru\u010d\u00ed, \u017ee si svoju cestu m\u00f4\u017eete napl\u00e1nova\u0165 bez ak\u00fdchko\u013evek prekvapen\u00ed.<\/p>\n<p><strong>Priestrann\u00e1 \u00faschov\u0148a bato\u017einy:<\/strong>\u00a0Ch\u00e1peme d\u00f4le\u017eitos\u0165 v\u00e1\u0161ho ly\u017eiarskeho vybavenia. Na\u0161e vozidl\u00e1 s\u00fa vybaven\u00e9 ve\u013ek\u00fdmi kuframi, ktor\u00e9 poskytuj\u00fa dostatok priestoru pre v\u0161etku va\u0161u ly\u017eiarsku v\u00fdbavu. Ke\u010f si vyberiete transfer z letiska Krakov do Krynice-Zdr\u00f3j, m\u00f4\u017eete si by\u0165 ist\u00ed, \u017ee va\u0161e vybavenie bude prepraven\u00e9 bezpe\u010dne a spo\u013eahlivo.<\/p>\n<p><strong>Pohodlie pre rodiny:<\/strong>\u00a0Cestujete s mal\u00fdmi de\u0165mi? Na\u0161a slu\u017eba transferu na ly\u017eiach z letiska Krakov do Krynice-Zdr\u00f3j je navrhnut\u00e1 s oh\u013eadom na rodiny. Pre bezpe\u010dnos\u0165 a pohodlie va\u0161ich ratolest\u00ed poskytujeme detsk\u00e9 autoseda\u010dky, ktor\u00e9 zabezpe\u010dia cestu bez stresu pre rodi\u010dov aj deti.<\/p>\n<p style=\"text-align: center;\"><a class=\"btn btn-primary\" href=\"\/sk\/rezervovat-transfer-z-na-letisko\">Rezervova\u0165<\/a><\/p>\n<p style=\"text-align: center;\"><img decoding=\"async\" src=\"\/wp-content\/uploads\/2025\/08\/Krakow_Airport_to_Krynica-Zdrj_Ski_Transfer-1.png\" alt=\"\" \/><\/p>\n<h3 style=\"text-align: center;\">Va\u0161a br\u00e1na do ly\u017eiarskeho raja Krynica-Zdr\u00f3j<\/h3>\n<p>Do malebn\u00e9ho mesta Krynica-Zdr\u00f3j, zn\u00e1meho vynikaj\u00facimi ly\u017eiarskymi zjazdovkami a \u017eivou zimnou atmosf\u00e9rou, sa pohodlne dostanete s na\u0161\u00edm transferom z letiska Krakov do ly\u017eiarskeho strediska Krynica-Zdr\u00f3j. Vyhnite sa probl\u00e9mom s verejnou dopravou a za\u010dnite svoju ly\u017eiarsku dovolenku hne\u010f po prist\u00e1t\u00ed.<\/p>\n<h4 style=\"text-align: center;\">Jednoduch\u00fd proces rezerv\u00e1cie<\/h4>\n<p>Zabezpe\u010denie transferu z letiska Krakow Airport do Krynica-Zdr\u00f3j je jednoduch\u00e9 a u\u017e\u00edvate\u013esky pr\u00edvetiv\u00e9. Vyberte si z mno\u017estva flexibiln\u00fdch mo\u017enost\u00ed, ktor\u00e9 vyhovuj\u00fa va\u0161im potreb\u00e1m, a u\u017eite si bezprobl\u00e9mov\u00fa rezerv\u00e1ciu. Sta\u010d\u00ed nieko\u013eko kliknut\u00ed a v\u00e1\u0161 ly\u017eiarsky transfer bude potvrden\u00fd a vy sa m\u00f4\u017eete te\u0161i\u0165 na v\u00fdnimo\u010dn\u00fd z\u00e1\u017eitok z cesty.<\/p>\n<p style=\"text-align: center;\"><a class=\"btn btn-primary\" href=\"\/sk\/rezervovat-transfer-z-na-letisko\">Rezervova\u0165<\/a><\/p>\n<h4 style=\"text-align: center;\">Za\u010dnite svoje ly\u017eiarske dobrodru\u017estvo s nami<\/h4>\n<p>Vyberte si n\u00e1\u0161 transfer z letiska Krakov do ly\u017eiarskeho strediska Krynica-Zdr\u00f3j a za\u010dnite svoju ly\u017eiarsku dovolenku bez probl\u00e9mov. V\u010faka na\u0161ej snahe o pohodlie, bezpe\u010dnos\u0165 a spokojnos\u0165 z\u00e1kazn\u00edkov zabezpe\u010d\u00edme, aby bola va\u0161a cesta do Krynice-Zdroja rovnako pr\u00edjemn\u00e1 ako samotn\u00e1 destin\u00e1cia. Rezervujte si teraz a za\u017eite to najlep\u0161ie v slu\u017eb\u00e1ch ly\u017eiarskeho transferu!<\/p>\n<\/p><\/div>\n<div class=\"product-price-container\">\n<div class=\"sale-price\"> \t\t<\/div>\n<\/p><\/div>\n<div class=\"options\"><\/div>\n<div> \t\t<\/div>\n<p>   \t        <script type=\"text\/javascript\" ><\/script>  <script type=\"text\/javascript\" ><\/script> <script type=\"text\/javascript\" ><\/script>  <script type=\"text\/javascript\" ><\/script> <script type=\"text\/javascript\" ><\/script> <script type=\"text\/javascript\" ><\/script> <script type=\"text\/javascript\" ><\/script> <\/div>\n<p> \t\t<!-- \u041f\u043b\u0430\u0433\u0438\u043d \u0440\u0435\u0439\u0442\u0438\u043d\u0433\u0430 --> <\/p>\n<div class=\"vrvote-body\">\n<ul class=\"vrvote-ul\">\n<li id=\"rating_196\" class=\"current-rating\" style=\"width:96.67%;\"><\/li>\n<li> \t\t\t\t\t\t<a class=\"vr-one-star\" onclick=\"javascript:JSVRvote(196,1,29,6,0)\" href=\"javascript:void(null)\">1<\/a> \t\t\t\t\t<\/li>\n<li> \t\t\t\t\t\t<a class=\"vr-two-stars\" onclick=\"javascript:JSVRvote(196,2,29,6,0)\" href=\"javascript:void(null)\">2<\/a> \t\t\t\t\t<\/li>\n<li> \t\t\t\t\t\t<a class=\"vr-three-stars\" onclick=\"javascript:JSVRvote(196,3,29,6,0)\" href=\"javascript:void(null)\">3<\/a> \t\t\t\t\t<\/li>\n<li> \t\t\t\t\t\t<a class=\"vr-four-stars\" onclick=\"javascript:JSVRvote(196,4,29,6,0)\" href=\"javascript:void(null)\">4<\/a> \t\t\t\t\t<\/li>\n<li> \t\t\t\t\t\t<a class=\"vr-five-stars\" onclick=\"javascript:JSVRvote(196,5,29,6,0)\" href=\"javascript:void(null)\">5<\/a> \t\t\t\t\t<\/li>\n<\/ul><\/div>\n<p> \t\t\t<span id=\"vrvote_196\" class=\"vrvote-count\"><small><\/small><\/span>\t<\/span><script type=\"application\/ld+json\"><\/script>   <\/div>\n<div class=\"t4-col sidebar-r col-12 col-xl-4\">\n<div class=\"t4-module module\" id=\"Mod306\">\n<div class=\"module-inner\">\n<div class=\"module-ct\">\n<div class=\"bannergroup\">\n<div class=\"banneritem\"> \t\t\t\t\t\t\t\t\t\t\t\t\t\t\t\t\t\t\t\t\t\t\t\t\t\t\t\t\t\t\t\t\t\t\t\t\t\t\t\t\t\t\t\t\t\t\t\t\t\t<img \t\t\t\t\t\tsrc=\"\/wp-content\/uploads\/2025\/08\/banner-transfer-europe-sk-540.png\" \t\t\t\t\t\talt=\"Banner-sk\" \t\t\t\t\t\t\t\t\t\t\t\t\t\t\t\t\t\/> \t\t\t\t\t\t\t\t\t\t\t<\/p>\n<div class=\"clr\"><\/div>\n<\/p><\/div>\n<\/p><\/div>\n<\/p><\/div>\n<\/div>\n<\/div><\/div>\n<\/p><\/div>\n<\/div><\/div>\n<div id=\"t4-section-8\" class=\"t4-section  t4-section-8  section-border-top\" role=\"section-8\">\n<div class=\"bg-overlay bg-overlay-image\">&nbsp;<\/div>\n<\/p><\/div>\n<p>  <a href='javascript:' id='back-to-top'><i class='fa fa-chevron-up'><\/i><\/a>                <\/p>\n","protected":false},"excerpt":{"rendered":"<p>Ly\u017eiarsky transfer z letiska Krakow do Krynica-Zdr\u00f3j Transfery z letiska Krakov do ly\u017eiarskych stred\u00edsk Rezervova\u0165 Transfer z letiska Krakow na ly\u017eiarske stredisko Krynica-Zdr\u00f3j: Pohodlie, komfort a spo\u013eahlivos\u0165 Vyd\u00e1vate sa na ly\u017eiarske dobrodru\u017estvo do Krynice-Zdroja z letiska Krakov? Vylep\u0161ite si svoj z\u00e1\u017eitok s na\u0161ou v\u00fdnimo\u010dnou slu\u017ebou transferu na ly\u017eiach z letiska Krakov do Krynice-Zdr\u00f3j. Nielen\u017ee zabezpe\u010d\u00edme [&hellip;]<\/p>\n","protected":false},"author":1,"featured_media":92461,"parent":20769,"menu_order":0,"comment_status":"closed","ping_status":"closed","template":"","meta":{"footnotes":""},"class_list":["post-92460","page","type-page","status-publish","has-post-thumbnail","hentry"],"yoast_head":"<!-- This site is optimized with the Yoast SEO plugin v25.6 - https:\/\/yoast.com\/wordpress\/plugins\/seo\/ -->\n<title>Transfer z letiska Krakov do ly\u017eiarskeho strediska Krynica-Zdr\u00f3j<\/title>\n<meta name=\"description\" content=\"Za\u017eite transfer z letiska Krakov do ly\u017eiarskeho strediska Krynica-Zdr\u00f3j. Rezervujte si e\u0161te dnes a u\u017eite si cestovanie bez stresu s malebn\u00fdm v\u00fdh\u013eadom. Zavolajte n\u00e1m \u260e +421 940 904 184 pre individu\u00e1lnu pomoc.\" \/>\n<meta name=\"robots\" content=\"index, follow, max-snippet:-1, max-image-preview:large, max-video-preview:-1\" \/>\n<link rel=\"canonical\" href=\"https:\/\/transfereurope.com\/sk\/lyziarske-transfery\/transfery-z-letiska-krakov-do-lyziarskych-stredisk\/lyziarsky-transfer-z-letiska-krakow-do-krynica-zdroj\/\" \/>\n<meta property=\"og:locale\" content=\"sk_SK\" \/>\n<meta property=\"og:type\" content=\"article\" \/>\n<meta property=\"og:title\" content=\"Transfer z letiska Krakov do ly\u017eiarskeho strediska Krynica-Zdr\u00f3j\" \/>\n<meta property=\"og:description\" content=\"Za\u017eite transfer z letiska Krakov do ly\u017eiarskeho strediska Krynica-Zdr\u00f3j. Rezervujte si e\u0161te dnes a u\u017eite si cestovanie bez stresu s malebn\u00fdm v\u00fdh\u013eadom. Zavolajte n\u00e1m \u260e +421 940 904 184 pre individu\u00e1lnu pomoc.\" \/>\n<meta property=\"og:url\" content=\"https:\/\/transfereurope.com\/sk\/lyziarske-transfery\/transfery-z-letiska-krakov-do-lyziarskych-stredisk\/lyziarsky-transfer-z-letiska-krakow-do-krynica-zdroj\/\" \/>\n<meta property=\"og:site_name\" content=\"transfereurope\" \/>\n<meta property=\"og:image\" content=\"https:\/\/transfereurope.com\/wp-content\/uploads\/2025\/08\/Krakow-to-Krynica-Zdroj-Ski-Transfer-Service-2-1.png\" \/>\n\t<meta property=\"og:image:width\" content=\"940\" \/>\n\t<meta property=\"og:image:height\" content=\"788\" \/>\n\t<meta property=\"og:image:type\" content=\"image\/png\" \/>\n<meta name=\"twitter:card\" content=\"summary_large_image\" \/>\n<meta name=\"twitter:label1\" content=\"Predpokladan\u00fd \u010das \u010d\u00edtania\" \/>\n\t<meta name=\"twitter:data1\" content=\"3 min\u00faty\" \/>\n<script type=\"application\/ld+json\" class=\"yoast-schema-graph\">{\"@context\":\"https:\/\/schema.org\",\"@graph\":[{\"@type\":\"WebPage\",\"@id\":\"https:\/\/transfereurope.com\/sk\/lyziarske-transfery\/transfery-z-letiska-krakov-do-lyziarskych-stredisk\/lyziarsky-transfer-z-letiska-krakow-do-krynica-zdroj\/\",\"url\":\"https:\/\/transfereurope.com\/sk\/lyziarske-transfery\/transfery-z-letiska-krakov-do-lyziarskych-stredisk\/lyziarsky-transfer-z-letiska-krakow-do-krynica-zdroj\/\",\"name\":\"Transfer z letiska Krakov do ly\u017eiarskeho strediska Krynica-Zdr\u00f3j\",\"isPartOf\":{\"@id\":\"https:\/\/transfereurope.com\/sk\/#website\"},\"primaryImageOfPage\":{\"@id\":\"https:\/\/transfereurope.com\/sk\/lyziarske-transfery\/transfery-z-letiska-krakov-do-lyziarskych-stredisk\/lyziarsky-transfer-z-letiska-krakow-do-krynica-zdroj\/#primaryimage\"},\"image\":{\"@id\":\"https:\/\/transfereurope.com\/sk\/lyziarske-transfery\/transfery-z-letiska-krakov-do-lyziarskych-stredisk\/lyziarsky-transfer-z-letiska-krakow-do-krynica-zdroj\/#primaryimage\"},\"thumbnailUrl\":\"https:\/\/transfereurope.com\/wp-content\/uploads\/2025\/08\/Krakow-to-Krynica-Zdroj-Ski-Transfer-Service-2-1.png\",\"datePublished\":\"2025-08-06T04:58:41+00:00\",\"description\":\"Za\u017eite transfer z letiska Krakov do ly\u017eiarskeho strediska Krynica-Zdr\u00f3j. Rezervujte si e\u0161te dnes a u\u017eite si cestovanie bez stresu s malebn\u00fdm v\u00fdh\u013eadom. Zavolajte n\u00e1m \u260e +421 940 904 184 pre individu\u00e1lnu pomoc.\",\"breadcrumb\":{\"@id\":\"https:\/\/transfereurope.com\/sk\/lyziarske-transfery\/transfery-z-letiska-krakov-do-lyziarskych-stredisk\/lyziarsky-transfer-z-letiska-krakow-do-krynica-zdroj\/#breadcrumb\"},\"inLanguage\":\"sk-SK\",\"potentialAction\":[{\"@type\":\"ReadAction\",\"target\":[\"https:\/\/transfereurope.com\/sk\/lyziarske-transfery\/transfery-z-letiska-krakov-do-lyziarskych-stredisk\/lyziarsky-transfer-z-letiska-krakow-do-krynica-zdroj\/\"]}]},{\"@type\":\"ImageObject\",\"inLanguage\":\"sk-SK\",\"@id\":\"https:\/\/transfereurope.com\/sk\/lyziarske-transfery\/transfery-z-letiska-krakov-do-lyziarskych-stredisk\/lyziarsky-transfer-z-letiska-krakow-do-krynica-zdroj\/#primaryimage\",\"url\":\"https:\/\/transfereurope.com\/wp-content\/uploads\/2025\/08\/Krakow-to-Krynica-Zdroj-Ski-Transfer-Service-2-1.png\",\"contentUrl\":\"https:\/\/transfereurope.com\/wp-content\/uploads\/2025\/08\/Krakow-to-Krynica-Zdroj-Ski-Transfer-Service-2-1.png\",\"width\":940,\"height\":788},{\"@type\":\"BreadcrumbList\",\"@id\":\"https:\/\/transfereurope.com\/sk\/lyziarske-transfery\/transfery-z-letiska-krakov-do-lyziarskych-stredisk\/lyziarsky-transfer-z-letiska-krakow-do-krynica-zdroj\/#breadcrumb\",\"itemListElement\":[{\"@type\":\"ListItem\",\"position\":1,\"name\":\"Home\",\"item\":\"https:\/\/transfereurope.com\/sk\/\"},{\"@type\":\"ListItem\",\"position\":2,\"name\":\"Ly\u017eiarsky transfer z letiska Krakow do Krynica-Zdr\u00f3j\"}]},{\"@type\":\"WebSite\",\"@id\":\"https:\/\/transfereurope.com\/sk\/#website\",\"url\":\"https:\/\/transfereurope.com\/sk\/\",\"name\":\"transfereurope\",\"description\":\"\",\"publisher\":{\"@id\":\"https:\/\/transfereurope.com\/sk\/#organization\"},\"potentialAction\":[{\"@type\":\"SearchAction\",\"target\":{\"@type\":\"EntryPoint\",\"urlTemplate\":\"https:\/\/transfereurope.com\/sk\/?s={search_term_string}\"},\"query-input\":{\"@type\":\"PropertyValueSpecification\",\"valueRequired\":true,\"valueName\":\"search_term_string\"}}],\"inLanguage\":\"sk-SK\"},{\"@type\":\"Organization\",\"@id\":\"https:\/\/transfereurope.com\/sk\/#organization\",\"name\":\"transfereurope\",\"url\":\"https:\/\/transfereurope.com\/sk\/\",\"logo\":{\"@type\":\"ImageObject\",\"inLanguage\":\"sk-SK\",\"@id\":\"https:\/\/transfereurope.com\/sk\/#\/schema\/logo\/image\/\",\"url\":\"https:\/\/transfereurope.com\/wp-content\/uploads\/2025\/08\/TRANSFERS-1655.png\",\"contentUrl\":\"https:\/\/transfereurope.com\/wp-content\/uploads\/2025\/08\/TRANSFERS-1655.png\",\"width\":500,\"height\":274,\"caption\":\"transfereurope\"},\"image\":{\"@id\":\"https:\/\/transfereurope.com\/sk\/#\/schema\/logo\/image\/\"}}]}<\/script>\n<!-- \/ Yoast SEO plugin. -->","yoast_head_json":{"title":"Transfer z letiska Krakov do ly\u017eiarskeho strediska Krynica-Zdr\u00f3j","description":"Za\u017eite transfer z letiska Krakov do ly\u017eiarskeho strediska Krynica-Zdr\u00f3j. Rezervujte si e\u0161te dnes a u\u017eite si cestovanie bez stresu s malebn\u00fdm v\u00fdh\u013eadom. Zavolajte n\u00e1m \u260e +421 940 904 184 pre individu\u00e1lnu pomoc.","robots":{"index":"index","follow":"follow","max-snippet":"max-snippet:-1","max-image-preview":"max-image-preview:large","max-video-preview":"max-video-preview:-1"},"canonical":"https:\/\/transfereurope.com\/sk\/lyziarske-transfery\/transfery-z-letiska-krakov-do-lyziarskych-stredisk\/lyziarsky-transfer-z-letiska-krakow-do-krynica-zdroj\/","og_locale":"sk_SK","og_type":"article","og_title":"Transfer z letiska Krakov do ly\u017eiarskeho strediska Krynica-Zdr\u00f3j","og_description":"Za\u017eite transfer z letiska Krakov do ly\u017eiarskeho strediska Krynica-Zdr\u00f3j. Rezervujte si e\u0161te dnes a u\u017eite si cestovanie bez stresu s malebn\u00fdm v\u00fdh\u013eadom. Zavolajte n\u00e1m \u260e +421 940 904 184 pre individu\u00e1lnu pomoc.","og_url":"https:\/\/transfereurope.com\/sk\/lyziarske-transfery\/transfery-z-letiska-krakov-do-lyziarskych-stredisk\/lyziarsky-transfer-z-letiska-krakow-do-krynica-zdroj\/","og_site_name":"transfereurope","og_image":[{"width":940,"height":788,"url":"https:\/\/transfereurope.com\/wp-content\/uploads\/2025\/08\/Krakow-to-Krynica-Zdroj-Ski-Transfer-Service-2-1.png","type":"image\/png"}],"twitter_card":"summary_large_image","twitter_misc":{"Predpokladan\u00fd \u010das \u010d\u00edtania":"3 min\u00faty"},"schema":{"@context":"https:\/\/schema.org","@graph":[{"@type":"WebPage","@id":"https:\/\/transfereurope.com\/sk\/lyziarske-transfery\/transfery-z-letiska-krakov-do-lyziarskych-stredisk\/lyziarsky-transfer-z-letiska-krakow-do-krynica-zdroj\/","url":"https:\/\/transfereurope.com\/sk\/lyziarske-transfery\/transfery-z-letiska-krakov-do-lyziarskych-stredisk\/lyziarsky-transfer-z-letiska-krakow-do-krynica-zdroj\/","name":"Transfer z letiska Krakov do ly\u017eiarskeho strediska Krynica-Zdr\u00f3j","isPartOf":{"@id":"https:\/\/transfereurope.com\/sk\/#website"},"primaryImageOfPage":{"@id":"https:\/\/transfereurope.com\/sk\/lyziarske-transfery\/transfery-z-letiska-krakov-do-lyziarskych-stredisk\/lyziarsky-transfer-z-letiska-krakow-do-krynica-zdroj\/#primaryimage"},"image":{"@id":"https:\/\/transfereurope.com\/sk\/lyziarske-transfery\/transfery-z-letiska-krakov-do-lyziarskych-stredisk\/lyziarsky-transfer-z-letiska-krakow-do-krynica-zdroj\/#primaryimage"},"thumbnailUrl":"https:\/\/transfereurope.com\/wp-content\/uploads\/2025\/08\/Krakow-to-Krynica-Zdroj-Ski-Transfer-Service-2-1.png","datePublished":"2025-08-06T04:58:41+00:00","description":"Za\u017eite transfer z letiska Krakov do ly\u017eiarskeho strediska Krynica-Zdr\u00f3j. Rezervujte si e\u0161te dnes a u\u017eite si cestovanie bez stresu s malebn\u00fdm v\u00fdh\u013eadom. Zavolajte n\u00e1m \u260e +421 940 904 184 pre individu\u00e1lnu pomoc.","breadcrumb":{"@id":"https:\/\/transfereurope.com\/sk\/lyziarske-transfery\/transfery-z-letiska-krakov-do-lyziarskych-stredisk\/lyziarsky-transfer-z-letiska-krakow-do-krynica-zdroj\/#breadcrumb"},"inLanguage":"sk-SK","potentialAction":[{"@type":"ReadAction","target":["https:\/\/transfereurope.com\/sk\/lyziarske-transfery\/transfery-z-letiska-krakov-do-lyziarskych-stredisk\/lyziarsky-transfer-z-letiska-krakow-do-krynica-zdroj\/"]}]},{"@type":"ImageObject","inLanguage":"sk-SK","@id":"https:\/\/transfereurope.com\/sk\/lyziarske-transfery\/transfery-z-letiska-krakov-do-lyziarskych-stredisk\/lyziarsky-transfer-z-letiska-krakow-do-krynica-zdroj\/#primaryimage","url":"https:\/\/transfereurope.com\/wp-content\/uploads\/2025\/08\/Krakow-to-Krynica-Zdroj-Ski-Transfer-Service-2-1.png","contentUrl":"https:\/\/transfereurope.com\/wp-content\/uploads\/2025\/08\/Krakow-to-Krynica-Zdroj-Ski-Transfer-Service-2-1.png","width":940,"height":788},{"@type":"BreadcrumbList","@id":"https:\/\/transfereurope.com\/sk\/lyziarske-transfery\/transfery-z-letiska-krakov-do-lyziarskych-stredisk\/lyziarsky-transfer-z-letiska-krakow-do-krynica-zdroj\/#breadcrumb","itemListElement":[{"@type":"ListItem","position":1,"name":"Home","item":"https:\/\/transfereurope.com\/sk\/"},{"@type":"ListItem","position":2,"name":"Ly\u017eiarsky transfer z letiska Krakow do Krynica-Zdr\u00f3j"}]},{"@type":"WebSite","@id":"https:\/\/transfereurope.com\/sk\/#website","url":"https:\/\/transfereurope.com\/sk\/","name":"transfereurope","description":"","publisher":{"@id":"https:\/\/transfereurope.com\/sk\/#organization"},"potentialAction":[{"@type":"SearchAction","target":{"@type":"EntryPoint","urlTemplate":"https:\/\/transfereurope.com\/sk\/?s={search_term_string}"},"query-input":{"@type":"PropertyValueSpecification","valueRequired":true,"valueName":"search_term_string"}}],"inLanguage":"sk-SK"},{"@type":"Organization","@id":"https:\/\/transfereurope.com\/sk\/#organization","name":"transfereurope","url":"https:\/\/transfereurope.com\/sk\/","logo":{"@type":"ImageObject","inLanguage":"sk-SK","@id":"https:\/\/transfereurope.com\/sk\/#\/schema\/logo\/image\/","url":"https:\/\/transfereurope.com\/wp-content\/uploads\/2025\/08\/TRANSFERS-1655.png","contentUrl":"https:\/\/transfereurope.com\/wp-content\/uploads\/2025\/08\/TRANSFERS-1655.png","width":500,"height":274,"caption":"transfereurope"},"image":{"@id":"https:\/\/transfereurope.com\/sk\/#\/schema\/logo\/image\/"}}]}},"_links":{"self":[{"href":"https:\/\/transfereurope.com\/sk\/wp-json\/wp\/v2\/pages\/92460","targetHints":{"allow":["GET"]}}],"collection":[{"href":"https:\/\/transfereurope.com\/sk\/wp-json\/wp\/v2\/pages"}],"about":[{"href":"https:\/\/transfereurope.com\/sk\/wp-json\/wp\/v2\/types\/page"}],"author":[{"embeddable":true,"href":"https:\/\/transfereurope.com\/sk\/wp-json\/wp\/v2\/users\/1"}],"replies":[{"embeddable":true,"href":"https:\/\/transfereurope.com\/sk\/wp-json\/wp\/v2\/comments?post=92460"}],"version-history":[{"count":0,"href":"https:\/\/transfereurope.com\/sk\/wp-json\/wp\/v2\/pages\/92460\/revisions"}],"up":[{"embeddable":true,"href":"https:\/\/transfereurope.com\/sk\/wp-json\/wp\/v2\/pages\/20769"}],"wp:featuredmedia":[{"embeddable":true,"href":"https:\/\/transfereurope.com\/sk\/wp-json\/wp\/v2\/media\/92461"}],"wp:attachment":[{"href":"https:\/\/transfereurope.com\/sk\/wp-json\/wp\/v2\/media?parent=92460"}],"curies":[{"name":"wp","href":"https:\/\/api.w.org\/{rel}","templated":true}]}}