{"id":92127,"date":"2025-08-06T04:51:43","date_gmt":"2025-08-06T04:51:43","guid":{"rendered":"https:\/\/transfereurope.com\/transfer-z-letiska-krakov-do-lyziarskeho-strediska-bukk-bankut\/"},"modified":"2025-08-06T04:51:43","modified_gmt":"2025-08-06T04:51:43","slug":"transfer-z-letiska-krakov-do-lyziarskeho-strediska-bukk-bankut","status":"publish","type":"page","link":"https:\/\/transfereurope.com\/sk\/lyziarske-transfery\/transfery-z-letiska-krakov-do-lyziarskych-stredisk\/transfer-z-letiska-krakov-do-lyziarskeho-strediska-bukk-bankut\/","title":{"rendered":"Transfer z letiska Krakov do ly\u017eiarskeho strediska B\u00fckk (Bank\u00fat)"},"content":{"rendered":"\n<div id=\"t4-masthead\" class=\"t4-section  t4-masthead\">\n<div class=\"t4-col text-center\">\n<div class=\"ja-masthead\" >\n<div class=\"ja-masthead-detail\">\n<h1 class=\"ja-masthead-title\">Transfer z letiska Krakov do ly\u017eiarskeho strediska B\u00fckk (Bank\u00fat)<\/h1>\n<p>                 <!---->            <\/p>\n<div class=\"block-breadcrumb\">                       <\/div>\n<\/p><\/div>\n<\/p><\/div>\n<pre><\/pre>\n<\/div>\n<\/div>\n<div id=\"t4-main-body\" class=\"t4-section  t4-main-body\" role=\"main body\">\n<div class=\"t4-section-inner container\">\n<div class=\"t4-row row\">\n<div class=\"t4-col col-12 col-xl\">\n<div id=\"system-message-container\"> \t<\/div>\n<div class=\"com-content-article item-page view-tour-detail\">\n<div class=\"tour-top-info clearfix\">\n<div class=\"pull-left\">\n<div class=\"category-article-dot\">\n<div class=\"category-name\"> \t\t\t\t\t<a href=\"\/sk\/lyziarske-transfery\/transfery-z-letiska-krakov-do-lyziarskych-stredisk\" itemprop=\"genre\">Transfery z letiska Krakov do ly\u017eiarskych stred\u00edsk<\/a> \t\t\t\t<\/div>\n<\/p><\/div>\n<\/p><\/div>\n<div class=\"pull-right\">\n<div class=\"text-danger tour-price\"> \t\t\t\t\t\t<a href=\"\/sk\/rezervovat-transfer\">Rezervova\u0165<\/a><\/div>\n<\/p><\/div>\n<\/p><\/div>\n<p>  \t <!--\t-->  \t<\/p>\n<div class=\"vm-product-container\">\n<figure class=\"pull-left item-image\">\n<div class=\"main-image\"> \t\t<a  rel='vm-additional-images' href=\"\/images\/virtuemart\/product\/Krakow to B\u00fckk (Bank\u00fat) Ski Transfer Service.png\"><img decoding=\"async\"  loading=\"lazy\"  src=\"\/wp-content\/uploads\/2025\/08\/Krakow-to-Bukk-Bankut-Ski-Transfer-Service-2.png\"  \/><\/a>\t\t<\/p>\n<div class=\"clear\"><\/div>\n<\/p><\/div>\n<\/figure>\n<div class=\"vm-product-details-container\">\n<div class=\"spacer-buy-area\">    \t\t \t\t<\/div>\n<\/p><\/div>\n<div class=\"clear\"><\/div>\n<\/p><\/div>\n<div class=\"product-description\" >\n<h2 style=\"text-align: center;\">V\u00e1\u0161 ide\u00e1lny ly\u017eiarsky v\u00fdlet sa za\u010d\u00edna transferom z letiska Krakov do ly\u017eiarskeho strediska B\u00fckk<\/h2>\n<p>Vydajte sa na nezabudnute\u013en\u00fa cestu do ly\u017eiarskeho strediska B\u00fckk (Bank\u00fat) s na\u0161ou pr\u00e9miovou slu\u017ebou transferu z letiska Krakov do B\u00fckk. Od chv\u00edle, ke\u010f pristanete na letisku v Krakove, za\u017eijete tie najlep\u0161ie slu\u017eby ly\u017eiarskeho transferu, ktor\u00e9 s\u00fa prisp\u00f4soben\u00e9 tak, aby va\u0161a cesta do B\u00fckk bola \u010do najplynulej\u0161ia a najpr\u00edjemnej\u0161ia.<\/p>\n<p style=\"text-align: center;\"><a class=\"btn btn-primary\" href=\"\/sk\/rezervovat-transfer-z-na-letisko\">Rezervova\u0165<\/a><\/p>\n<p style=\"text-align: center;\"><img decoding=\"async\" src=\"\/wp-content\/uploads\/2025\/08\/Krakow_Airport_to_Bkk_Bankt_Ski_Transfer-1-scaled.jpg\" alt=\"\" \/><\/p>\n<h3 style=\"text-align: center;\">V\u00fdnimo\u010dn\u00e9 vlastnosti transferu z letiska Krakow Airport do ly\u017eiarskeho strediska B\u00fckk (Bank\u00fat)<\/h3>\n<p><strong>Z\u00e1kazn\u00edcka podpora 24\/7:<\/strong>\u00a0Ch\u00e1peme d\u00f4le\u017eitos\u0165 spo\u013eahlivej podpory. Na\u0161e slu\u017eby transferu z letiska Krakow na ly\u017eiarske stredisko Bank\u00fat v\u00e1m zabezpe\u010dia nepretr\u017eit\u00fd pr\u00edstup k pomoci. \u010ci u\u017e m\u00e1 v\u00e1\u0161 let me\u0161kanie alebo pr\u00edlet neskoro v noci, n\u00e1\u0161 t\u00edm je v\u017edy pripraven\u00fd pom\u00f4c\u0165.<\/p>\n<p><strong>Transparentn\u00e1 \u0161trukt\u00fara bez skryt\u00fdch poplatkov:<\/strong>\u00a0Jasnos\u0165 a \u00faprimnos\u0165 s\u00fa na\u0161imi z\u00e1kladn\u00fdmi z\u00e1sadami. S na\u0161\u00edm transferom z letiska Krakov do Bank\u00fatu z\u00edskate jasn\u00fd a vopred stanoven\u00fd cenov\u00fd model. U\u017eite si svoj ly\u017eiarsky transfer bez ob\u00e1v z neo\u010dak\u00e1van\u00fdch poplatkov.<\/p>\n<p><strong>Priestrann\u00e9 ubytovanie pre v\u00e1\u0161 v\u00fdstroj:<\/strong>\u00a0Vieme, ak\u00e9 d\u00f4le\u017eit\u00e9 je pre va\u0161u dovolenku va\u0161e ly\u017eiarske vybavenie. Na\u0161e vozidl\u00e1 s\u00fa vybaven\u00e9 ve\u013ek\u00fdmi bato\u017einov\u00fdmi priestormi, ktor\u00e9 zabezpe\u010duj\u00fa dostatok miesta pre v\u0161etku va\u0161u ly\u017eiarsku v\u00fdbavu. S transferom z letiska Krakov do ly\u017eiarskeho strediska B\u00fckk (Bank\u00fat) je zaru\u010den\u00e1 bezpe\u010dnos\u0165 v\u00e1\u0161ho vybavenia.<\/p>\n<p><strong>Slu\u017eby vhodn\u00e9 pre rodiny:<\/strong>\u00a0Cestujete s de\u0165mi? N\u00e1\u0161 ly\u017eiarsky transfer z letiska Krakov do ly\u017eiarskeho strediska B\u00fckk je plne vybaven\u00fd detsk\u00fdmi autoseda\u010dkami, ktor\u00e9 pon\u00fakaj\u00fa pohodlie a bezpe\u010dnos\u0165 aj pre najmen\u0161\u00edch \u010dlenov va\u0161ej rodiny. Sna\u017e\u00edme sa, aby va\u0161e rodinn\u00e9 cestovanie bolo pohodln\u00e9 a bezprobl\u00e9mov\u00e9.<\/p>\n<p style=\"text-align: center;\"><a class=\"btn btn-primary\" href=\"\/sk\/rezervovat-transfer-z-na-letisko\">Rezervova\u0165<\/a><\/p>\n<p style=\"text-align: center;\"><img decoding=\"async\" src=\"\/wp-content\/uploads\/2025\/08\/Krakow_Airport_to_Bkk_Bankt_Ski_Transfer-1.png\" alt=\"\" \/><\/p>\n<h4 style=\"text-align: center;\">Objavte kr\u00e1sy mesta B\u00fckk<\/h4>\n<p>Bank\u00fat, skryt\u00fd klenot pre milovn\u00edkov ly\u017eovania, je \u013eahko dostupn\u00fd s na\u0161\u00edm transferom z letiska Krakov do ly\u017eiarskeho strediska B\u00fckk. B\u00fckk (Bank\u00fat), zn\u00e1my svojimi pokojn\u00fdmi zjazdovkami a \u00fachvatnou pr\u00edrodou, pon\u00faka ide\u00e1lnu ly\u017eiarsku destin\u00e1ciu pre za\u010diato\u010dn\u00edkov aj sk\u00fasen\u00fdch ly\u017eiarov. Za\u010dnite svoje dobrodru\u017estvo v tejto zimnej krajine z\u00e1zrakov hladk\u00fdm a uvo\u013enen\u00fdm transferom z letiska Krakov.<\/p>\n<h4 style=\"text-align: center;\">Bezprobl\u00e9mov\u00e1 rezerv\u00e1cia<\/h4>\n<p>Transfer z letiska Krakow na ly\u017eiarske stredisko B\u00fckk je jednoduch\u00fd a pohodln\u00fd. N\u00e1\u0161 u\u017e\u00edvate\u013esky pr\u00edvetiv\u00fd proces rezerv\u00e1cie v\u00e1m umo\u017en\u00ed vybra\u0165 si najlep\u0161iu mo\u017enos\u0165, ktor\u00e1 zodpoved\u00e1 va\u0161im preferenci\u00e1m, a zabezpe\u010d\u00ed, \u017ee v\u00e1\u0161 ly\u017eiarsky transfer bude pripraven\u00fd po va\u0161om pr\u00edlete na letisko Krakov.<\/p>\n<p style=\"text-align: center;\"><a class=\"btn btn-primary\" href=\"\/sk\/rezervovat-transfer-z-na-letisko\">Rezervova\u0165<\/a><\/p>\n<h4 style=\"text-align: center;\">Za\u010dnite svoje ly\u017eiarske dobrodru\u017estvo s istotou<\/h4>\n<p>Vyberte si n\u00e1\u0161 transfer z letiska Krakov do ly\u017eiarskeho strediska Bank\u00fat, aby ste mohli bez n\u00e1mahy a s rados\u0165ou za\u010da\u0165 svoju ly\u017eiarsku dovolenku. N\u00e1\u0161 z\u00e1v\u00e4zok k dokonalosti v kombin\u00e1cii s na\u0161\u00edm zameran\u00edm na spokojnos\u0165 z\u00e1kazn\u00edkov zaru\u010duje z\u00e1\u017eitok z cesty, ktor\u00fd je rovnako pr\u00edjemn\u00fd ako v\u00e1\u0161 \u010das str\u00e1ven\u00fd na svahu. Rezervujte si teraz a vydajte sa na nezabudnute\u013en\u00fa ly\u017eova\u010dku v Bank\u00fate!<\/p>\n<\/p><\/div>\n<div class=\"product-price-container\">\n<div class=\"sale-price\"> \t\t<\/div>\n<\/p><\/div>\n<div class=\"options\"><\/div>\n<div> \t\t<\/div>\n<p>   \t        <script type=\"text\/javascript\" ><\/script>  <script type=\"text\/javascript\" ><\/script> <script type=\"text\/javascript\" ><\/script>  <script type=\"text\/javascript\" ><\/script> <script type=\"text\/javascript\" ><\/script> <script type=\"text\/javascript\" ><\/script> <script type=\"text\/javascript\" ><\/script> <\/div>\n<p> \t\t<!-- \u041f\u043b\u0430\u0433\u0438\u043d \u0440\u0435\u0439\u0442\u0438\u043d\u0433\u0430 --> <\/p>\n<div class=\"vrvote-body\">\n<ul class=\"vrvote-ul\">\n<li id=\"rating_182\" class=\"current-rating\" style=\"width:97.50%;\"><\/li>\n<li> \t\t\t\t\t\t<a class=\"vr-one-star\" onclick=\"javascript:JSVRvote(182,1,39,8,0)\" href=\"javascript:void(null)\">1<\/a> \t\t\t\t\t<\/li>\n<li> \t\t\t\t\t\t<a class=\"vr-two-stars\" onclick=\"javascript:JSVRvote(182,2,39,8,0)\" href=\"javascript:void(null)\">2<\/a> \t\t\t\t\t<\/li>\n<li> \t\t\t\t\t\t<a class=\"vr-three-stars\" onclick=\"javascript:JSVRvote(182,3,39,8,0)\" href=\"javascript:void(null)\">3<\/a> \t\t\t\t\t<\/li>\n<li> \t\t\t\t\t\t<a class=\"vr-four-stars\" onclick=\"javascript:JSVRvote(182,4,39,8,0)\" href=\"javascript:void(null)\">4<\/a> \t\t\t\t\t<\/li>\n<li> \t\t\t\t\t\t<a class=\"vr-five-stars\" onclick=\"javascript:JSVRvote(182,5,39,8,0)\" href=\"javascript:void(null)\">5<\/a> \t\t\t\t\t<\/li>\n<\/ul><\/div>\n<p> \t\t\t<span id=\"vrvote_182\" class=\"vrvote-count\"><small><\/small><\/span>\t<\/span><script type=\"application\/ld+json\"><\/script>   <\/div>\n<div class=\"t4-col sidebar-r col-12 col-xl-4\">\n<div class=\"t4-module module\" id=\"Mod306\">\n<div class=\"module-inner\">\n<div class=\"module-ct\">\n<div class=\"bannergroup\">\n<div class=\"banneritem\"> \t\t\t\t\t\t\t\t\t\t\t\t\t\t\t\t\t\t\t\t\t\t\t\t\t\t\t\t\t\t\t\t\t\t\t\t\t\t\t\t\t\t\t\t\t\t\t\t\t\t<img \t\t\t\t\t\tsrc=\"\/wp-content\/uploads\/2025\/08\/banner-transfer-europe-sk-537.png\" \t\t\t\t\t\talt=\"Banner-sk\" \t\t\t\t\t\t\t\t\t\t\t\t\t\t\t\t\t\/> \t\t\t\t\t\t\t\t\t\t\t<\/p>\n<div class=\"clr\"><\/div>\n<\/p><\/div>\n<\/p><\/div>\n<\/p><\/div>\n<\/div>\n<\/div><\/div>\n<\/p><\/div>\n<\/div><\/div>\n<div id=\"t4-section-8\" class=\"t4-section  t4-section-8  section-border-top\" role=\"section-8\">\n<div class=\"bg-overlay bg-overlay-image\">&nbsp;<\/div>\n<\/p><\/div>\n<p>  <a href='javascript:' id='back-to-top'><i class='fa fa-chevron-up'><\/i><\/a>                <\/p>\n","protected":false},"excerpt":{"rendered":"<p>Transfer z letiska Krakov do ly\u017eiarskeho strediska B\u00fckk (Bank\u00fat) Transfery z letiska Krakov do ly\u017eiarskych stred\u00edsk Rezervova\u0165 V\u00e1\u0161 ide\u00e1lny ly\u017eiarsky v\u00fdlet sa za\u010d\u00edna transferom z letiska Krakov do ly\u017eiarskeho strediska B\u00fckk Vydajte sa na nezabudnute\u013en\u00fa cestu do ly\u017eiarskeho strediska B\u00fckk (Bank\u00fat) s na\u0161ou pr\u00e9miovou slu\u017ebou transferu z letiska Krakov do B\u00fckk. Od chv\u00edle, ke\u010f pristanete [&hellip;]<\/p>\n","protected":false},"author":1,"featured_media":92128,"parent":20769,"menu_order":0,"comment_status":"closed","ping_status":"closed","template":"","meta":{"footnotes":""},"class_list":["post-92127","page","type-page","status-publish","has-post-thumbnail","hentry"],"yoast_head":"<!-- This site is optimized with the Yoast SEO plugin v25.6 - https:\/\/yoast.com\/wordpress\/plugins\/seo\/ -->\n<title>Transfer z letiska Krakov do ly\u017eiarskeho strediska B\u00fckk (Bank\u00fat)<\/title>\n<meta name=\"description\" content=\"Sk\u00fasenosti s transferom z letiska Krakov do ly\u017eiarskeho strediska B\u00fckk (Bank\u00fat). Rezervujte si e\u0161te dnes a u\u017eite si cestovanie bez stresu s malebn\u00fdm v\u00fdh\u013eadom. Zavolajte n\u00e1m \u260e +421 940 904 184 pre individu\u00e1lnu pomoc.\" \/>\n<meta name=\"robots\" content=\"index, follow, max-snippet:-1, max-image-preview:large, max-video-preview:-1\" \/>\n<link rel=\"canonical\" href=\"https:\/\/transfereurope.com\/sk\/lyziarske-transfery\/transfery-z-letiska-krakov-do-lyziarskych-stredisk\/transfer-z-letiska-krakov-do-lyziarskeho-strediska-bukk-bankut\/\" \/>\n<meta property=\"og:locale\" content=\"sk_SK\" \/>\n<meta property=\"og:type\" content=\"article\" \/>\n<meta property=\"og:title\" content=\"Transfer z letiska Krakov do ly\u017eiarskeho strediska B\u00fckk (Bank\u00fat)\" \/>\n<meta property=\"og:description\" content=\"Sk\u00fasenosti s transferom z letiska Krakov do ly\u017eiarskeho strediska B\u00fckk (Bank\u00fat). Rezervujte si e\u0161te dnes a u\u017eite si cestovanie bez stresu s malebn\u00fdm v\u00fdh\u013eadom. Zavolajte n\u00e1m \u260e +421 940 904 184 pre individu\u00e1lnu pomoc.\" \/>\n<meta property=\"og:url\" content=\"https:\/\/transfereurope.com\/sk\/lyziarske-transfery\/transfery-z-letiska-krakov-do-lyziarskych-stredisk\/transfer-z-letiska-krakov-do-lyziarskeho-strediska-bukk-bankut\/\" \/>\n<meta property=\"og:site_name\" content=\"transfereurope\" \/>\n<meta property=\"og:image\" content=\"https:\/\/transfereurope.com\/wp-content\/uploads\/2025\/08\/Krakow-to-Bukk-Bankut-Ski-Transfer-Service-2-1.png\" \/>\n\t<meta property=\"og:image:width\" content=\"940\" \/>\n\t<meta property=\"og:image:height\" content=\"788\" \/>\n\t<meta property=\"og:image:type\" content=\"image\/png\" \/>\n<meta name=\"twitter:card\" content=\"summary_large_image\" \/>\n<meta name=\"twitter:label1\" content=\"Predpokladan\u00fd \u010das \u010d\u00edtania\" \/>\n\t<meta name=\"twitter:data1\" content=\"3 min\u00faty\" \/>\n<script type=\"application\/ld+json\" class=\"yoast-schema-graph\">{\"@context\":\"https:\/\/schema.org\",\"@graph\":[{\"@type\":\"WebPage\",\"@id\":\"https:\/\/transfereurope.com\/sk\/lyziarske-transfery\/transfery-z-letiska-krakov-do-lyziarskych-stredisk\/transfer-z-letiska-krakov-do-lyziarskeho-strediska-bukk-bankut\/\",\"url\":\"https:\/\/transfereurope.com\/sk\/lyziarske-transfery\/transfery-z-letiska-krakov-do-lyziarskych-stredisk\/transfer-z-letiska-krakov-do-lyziarskeho-strediska-bukk-bankut\/\",\"name\":\"Transfer z letiska Krakov do ly\u017eiarskeho strediska B\u00fckk (Bank\u00fat)\",\"isPartOf\":{\"@id\":\"https:\/\/transfereurope.com\/sk\/#website\"},\"primaryImageOfPage\":{\"@id\":\"https:\/\/transfereurope.com\/sk\/lyziarske-transfery\/transfery-z-letiska-krakov-do-lyziarskych-stredisk\/transfer-z-letiska-krakov-do-lyziarskeho-strediska-bukk-bankut\/#primaryimage\"},\"image\":{\"@id\":\"https:\/\/transfereurope.com\/sk\/lyziarske-transfery\/transfery-z-letiska-krakov-do-lyziarskych-stredisk\/transfer-z-letiska-krakov-do-lyziarskeho-strediska-bukk-bankut\/#primaryimage\"},\"thumbnailUrl\":\"https:\/\/transfereurope.com\/wp-content\/uploads\/2025\/08\/Krakow-to-Bukk-Bankut-Ski-Transfer-Service-2-1.png\",\"datePublished\":\"2025-08-06T04:51:43+00:00\",\"description\":\"Sk\u00fasenosti s transferom z letiska Krakov do ly\u017eiarskeho strediska B\u00fckk (Bank\u00fat). Rezervujte si e\u0161te dnes a u\u017eite si cestovanie bez stresu s malebn\u00fdm v\u00fdh\u013eadom. Zavolajte n\u00e1m \u260e +421 940 904 184 pre individu\u00e1lnu pomoc.\",\"breadcrumb\":{\"@id\":\"https:\/\/transfereurope.com\/sk\/lyziarske-transfery\/transfery-z-letiska-krakov-do-lyziarskych-stredisk\/transfer-z-letiska-krakov-do-lyziarskeho-strediska-bukk-bankut\/#breadcrumb\"},\"inLanguage\":\"sk-SK\",\"potentialAction\":[{\"@type\":\"ReadAction\",\"target\":[\"https:\/\/transfereurope.com\/sk\/lyziarske-transfery\/transfery-z-letiska-krakov-do-lyziarskych-stredisk\/transfer-z-letiska-krakov-do-lyziarskeho-strediska-bukk-bankut\/\"]}]},{\"@type\":\"ImageObject\",\"inLanguage\":\"sk-SK\",\"@id\":\"https:\/\/transfereurope.com\/sk\/lyziarske-transfery\/transfery-z-letiska-krakov-do-lyziarskych-stredisk\/transfer-z-letiska-krakov-do-lyziarskeho-strediska-bukk-bankut\/#primaryimage\",\"url\":\"https:\/\/transfereurope.com\/wp-content\/uploads\/2025\/08\/Krakow-to-Bukk-Bankut-Ski-Transfer-Service-2-1.png\",\"contentUrl\":\"https:\/\/transfereurope.com\/wp-content\/uploads\/2025\/08\/Krakow-to-Bukk-Bankut-Ski-Transfer-Service-2-1.png\",\"width\":940,\"height\":788},{\"@type\":\"BreadcrumbList\",\"@id\":\"https:\/\/transfereurope.com\/sk\/lyziarske-transfery\/transfery-z-letiska-krakov-do-lyziarskych-stredisk\/transfer-z-letiska-krakov-do-lyziarskeho-strediska-bukk-bankut\/#breadcrumb\",\"itemListElement\":[{\"@type\":\"ListItem\",\"position\":1,\"name\":\"Home\",\"item\":\"https:\/\/transfereurope.com\/sk\/\"},{\"@type\":\"ListItem\",\"position\":2,\"name\":\"Transfer z letiska Krakov do ly\u017eiarskeho strediska B\u00fckk (Bank\u00fat)\"}]},{\"@type\":\"WebSite\",\"@id\":\"https:\/\/transfereurope.com\/sk\/#website\",\"url\":\"https:\/\/transfereurope.com\/sk\/\",\"name\":\"transfereurope\",\"description\":\"\",\"publisher\":{\"@id\":\"https:\/\/transfereurope.com\/sk\/#organization\"},\"potentialAction\":[{\"@type\":\"SearchAction\",\"target\":{\"@type\":\"EntryPoint\",\"urlTemplate\":\"https:\/\/transfereurope.com\/sk\/?s={search_term_string}\"},\"query-input\":{\"@type\":\"PropertyValueSpecification\",\"valueRequired\":true,\"valueName\":\"search_term_string\"}}],\"inLanguage\":\"sk-SK\"},{\"@type\":\"Organization\",\"@id\":\"https:\/\/transfereurope.com\/sk\/#organization\",\"name\":\"transfereurope\",\"url\":\"https:\/\/transfereurope.com\/sk\/\",\"logo\":{\"@type\":\"ImageObject\",\"inLanguage\":\"sk-SK\",\"@id\":\"https:\/\/transfereurope.com\/sk\/#\/schema\/logo\/image\/\",\"url\":\"https:\/\/transfereurope.com\/wp-content\/uploads\/2025\/08\/TRANSFERS-1655.png\",\"contentUrl\":\"https:\/\/transfereurope.com\/wp-content\/uploads\/2025\/08\/TRANSFERS-1655.png\",\"width\":500,\"height\":274,\"caption\":\"transfereurope\"},\"image\":{\"@id\":\"https:\/\/transfereurope.com\/sk\/#\/schema\/logo\/image\/\"}}]}<\/script>\n<!-- \/ Yoast SEO plugin. -->","yoast_head_json":{"title":"Transfer z letiska Krakov do ly\u017eiarskeho strediska B\u00fckk (Bank\u00fat)","description":"Sk\u00fasenosti s transferom z letiska Krakov do ly\u017eiarskeho strediska B\u00fckk (Bank\u00fat). Rezervujte si e\u0161te dnes a u\u017eite si cestovanie bez stresu s malebn\u00fdm v\u00fdh\u013eadom. Zavolajte n\u00e1m \u260e +421 940 904 184 pre individu\u00e1lnu pomoc.","robots":{"index":"index","follow":"follow","max-snippet":"max-snippet:-1","max-image-preview":"max-image-preview:large","max-video-preview":"max-video-preview:-1"},"canonical":"https:\/\/transfereurope.com\/sk\/lyziarske-transfery\/transfery-z-letiska-krakov-do-lyziarskych-stredisk\/transfer-z-letiska-krakov-do-lyziarskeho-strediska-bukk-bankut\/","og_locale":"sk_SK","og_type":"article","og_title":"Transfer z letiska Krakov do ly\u017eiarskeho strediska B\u00fckk (Bank\u00fat)","og_description":"Sk\u00fasenosti s transferom z letiska Krakov do ly\u017eiarskeho strediska B\u00fckk (Bank\u00fat). Rezervujte si e\u0161te dnes a u\u017eite si cestovanie bez stresu s malebn\u00fdm v\u00fdh\u013eadom. Zavolajte n\u00e1m \u260e +421 940 904 184 pre individu\u00e1lnu pomoc.","og_url":"https:\/\/transfereurope.com\/sk\/lyziarske-transfery\/transfery-z-letiska-krakov-do-lyziarskych-stredisk\/transfer-z-letiska-krakov-do-lyziarskeho-strediska-bukk-bankut\/","og_site_name":"transfereurope","og_image":[{"width":940,"height":788,"url":"https:\/\/transfereurope.com\/wp-content\/uploads\/2025\/08\/Krakow-to-Bukk-Bankut-Ski-Transfer-Service-2-1.png","type":"image\/png"}],"twitter_card":"summary_large_image","twitter_misc":{"Predpokladan\u00fd \u010das \u010d\u00edtania":"3 min\u00faty"},"schema":{"@context":"https:\/\/schema.org","@graph":[{"@type":"WebPage","@id":"https:\/\/transfereurope.com\/sk\/lyziarske-transfery\/transfery-z-letiska-krakov-do-lyziarskych-stredisk\/transfer-z-letiska-krakov-do-lyziarskeho-strediska-bukk-bankut\/","url":"https:\/\/transfereurope.com\/sk\/lyziarske-transfery\/transfery-z-letiska-krakov-do-lyziarskych-stredisk\/transfer-z-letiska-krakov-do-lyziarskeho-strediska-bukk-bankut\/","name":"Transfer z letiska Krakov do ly\u017eiarskeho strediska B\u00fckk (Bank\u00fat)","isPartOf":{"@id":"https:\/\/transfereurope.com\/sk\/#website"},"primaryImageOfPage":{"@id":"https:\/\/transfereurope.com\/sk\/lyziarske-transfery\/transfery-z-letiska-krakov-do-lyziarskych-stredisk\/transfer-z-letiska-krakov-do-lyziarskeho-strediska-bukk-bankut\/#primaryimage"},"image":{"@id":"https:\/\/transfereurope.com\/sk\/lyziarske-transfery\/transfery-z-letiska-krakov-do-lyziarskych-stredisk\/transfer-z-letiska-krakov-do-lyziarskeho-strediska-bukk-bankut\/#primaryimage"},"thumbnailUrl":"https:\/\/transfereurope.com\/wp-content\/uploads\/2025\/08\/Krakow-to-Bukk-Bankut-Ski-Transfer-Service-2-1.png","datePublished":"2025-08-06T04:51:43+00:00","description":"Sk\u00fasenosti s transferom z letiska Krakov do ly\u017eiarskeho strediska B\u00fckk (Bank\u00fat). Rezervujte si e\u0161te dnes a u\u017eite si cestovanie bez stresu s malebn\u00fdm v\u00fdh\u013eadom. Zavolajte n\u00e1m \u260e +421 940 904 184 pre individu\u00e1lnu pomoc.","breadcrumb":{"@id":"https:\/\/transfereurope.com\/sk\/lyziarske-transfery\/transfery-z-letiska-krakov-do-lyziarskych-stredisk\/transfer-z-letiska-krakov-do-lyziarskeho-strediska-bukk-bankut\/#breadcrumb"},"inLanguage":"sk-SK","potentialAction":[{"@type":"ReadAction","target":["https:\/\/transfereurope.com\/sk\/lyziarske-transfery\/transfery-z-letiska-krakov-do-lyziarskych-stredisk\/transfer-z-letiska-krakov-do-lyziarskeho-strediska-bukk-bankut\/"]}]},{"@type":"ImageObject","inLanguage":"sk-SK","@id":"https:\/\/transfereurope.com\/sk\/lyziarske-transfery\/transfery-z-letiska-krakov-do-lyziarskych-stredisk\/transfer-z-letiska-krakov-do-lyziarskeho-strediska-bukk-bankut\/#primaryimage","url":"https:\/\/transfereurope.com\/wp-content\/uploads\/2025\/08\/Krakow-to-Bukk-Bankut-Ski-Transfer-Service-2-1.png","contentUrl":"https:\/\/transfereurope.com\/wp-content\/uploads\/2025\/08\/Krakow-to-Bukk-Bankut-Ski-Transfer-Service-2-1.png","width":940,"height":788},{"@type":"BreadcrumbList","@id":"https:\/\/transfereurope.com\/sk\/lyziarske-transfery\/transfery-z-letiska-krakov-do-lyziarskych-stredisk\/transfer-z-letiska-krakov-do-lyziarskeho-strediska-bukk-bankut\/#breadcrumb","itemListElement":[{"@type":"ListItem","position":1,"name":"Home","item":"https:\/\/transfereurope.com\/sk\/"},{"@type":"ListItem","position":2,"name":"Transfer z letiska Krakov do ly\u017eiarskeho strediska B\u00fckk (Bank\u00fat)"}]},{"@type":"WebSite","@id":"https:\/\/transfereurope.com\/sk\/#website","url":"https:\/\/transfereurope.com\/sk\/","name":"transfereurope","description":"","publisher":{"@id":"https:\/\/transfereurope.com\/sk\/#organization"},"potentialAction":[{"@type":"SearchAction","target":{"@type":"EntryPoint","urlTemplate":"https:\/\/transfereurope.com\/sk\/?s={search_term_string}"},"query-input":{"@type":"PropertyValueSpecification","valueRequired":true,"valueName":"search_term_string"}}],"inLanguage":"sk-SK"},{"@type":"Organization","@id":"https:\/\/transfereurope.com\/sk\/#organization","name":"transfereurope","url":"https:\/\/transfereurope.com\/sk\/","logo":{"@type":"ImageObject","inLanguage":"sk-SK","@id":"https:\/\/transfereurope.com\/sk\/#\/schema\/logo\/image\/","url":"https:\/\/transfereurope.com\/wp-content\/uploads\/2025\/08\/TRANSFERS-1655.png","contentUrl":"https:\/\/transfereurope.com\/wp-content\/uploads\/2025\/08\/TRANSFERS-1655.png","width":500,"height":274,"caption":"transfereurope"},"image":{"@id":"https:\/\/transfereurope.com\/sk\/#\/schema\/logo\/image\/"}}]}},"_links":{"self":[{"href":"https:\/\/transfereurope.com\/sk\/wp-json\/wp\/v2\/pages\/92127","targetHints":{"allow":["GET"]}}],"collection":[{"href":"https:\/\/transfereurope.com\/sk\/wp-json\/wp\/v2\/pages"}],"about":[{"href":"https:\/\/transfereurope.com\/sk\/wp-json\/wp\/v2\/types\/page"}],"author":[{"embeddable":true,"href":"https:\/\/transfereurope.com\/sk\/wp-json\/wp\/v2\/users\/1"}],"replies":[{"embeddable":true,"href":"https:\/\/transfereurope.com\/sk\/wp-json\/wp\/v2\/comments?post=92127"}],"version-history":[{"count":0,"href":"https:\/\/transfereurope.com\/sk\/wp-json\/wp\/v2\/pages\/92127\/revisions"}],"up":[{"embeddable":true,"href":"https:\/\/transfereurope.com\/sk\/wp-json\/wp\/v2\/pages\/20769"}],"wp:featuredmedia":[{"embeddable":true,"href":"https:\/\/transfereurope.com\/sk\/wp-json\/wp\/v2\/media\/92128"}],"wp:attachment":[{"href":"https:\/\/transfereurope.com\/sk\/wp-json\/wp\/v2\/media?parent=92127"}],"curies":[{"name":"wp","href":"https:\/\/api.w.org\/{rel}","templated":true}]}}