{"id":92016,"date":"2025-08-06T04:49:33","date_gmt":"2025-08-06T04:49:33","guid":{"rendered":"https:\/\/transfereurope.com\/transfer-z-letiska-krakow-do-lyziarskeho-strediska-bialka-tatrzanska\/"},"modified":"2025-08-06T04:49:33","modified_gmt":"2025-08-06T04:49:33","slug":"transfer-z-letiska-krakow-do-lyziarskeho-strediska-bialka-tatrzanska","status":"publish","type":"page","link":"https:\/\/transfereurope.com\/sk\/lyziarske-transfery\/transfery-z-letiska-krakov-do-lyziarskych-stredisk\/transfer-z-letiska-krakow-do-lyziarskeho-strediska-bialka-tatrzanska\/","title":{"rendered":"Transfer z letiska Krakow do ly\u017eiarskeho strediska Bialka Tatrzanska"},"content":{"rendered":"\n<div id=\"t4-masthead\" class=\"t4-section  t4-masthead\">\n<div class=\"t4-col text-center\">\n<div class=\"ja-masthead\" >\n<div class=\"ja-masthead-detail\">\n<h1 class=\"ja-masthead-title\">Transfer z letiska Krakow do ly\u017eiarskeho strediska Bialka Tatrzanska<\/h1>\n<p>                 <!---->            <\/p>\n<div class=\"block-breadcrumb\">                       <\/div>\n<\/p><\/div>\n<\/p><\/div>\n<pre><\/pre>\n<\/div>\n<\/div>\n<div id=\"t4-main-body\" class=\"t4-section  t4-main-body\" role=\"main body\">\n<div class=\"t4-section-inner container\">\n<div class=\"t4-row row\">\n<div class=\"t4-col col-12 col-xl\">\n<div id=\"system-message-container\"> \t<\/div>\n<div class=\"com-content-article item-page view-tour-detail\">\n<div class=\"tour-top-info clearfix\">\n<div class=\"pull-left\">\n<div class=\"category-article-dot\">\n<div class=\"category-name\"> \t\t\t\t\t<a href=\"\/sk\/lyziarske-transfery\/transfery-z-letiska-krakov-do-lyziarskych-stredisk\" itemprop=\"genre\">Transfery z letiska Krakov do ly\u017eiarskych stred\u00edsk<\/a> \t\t\t\t<\/div>\n<\/p><\/div>\n<\/p><\/div>\n<div class=\"pull-right\">\n<div class=\"text-danger tour-price\"> \t\t\t\t\t\t<a href=\"\/sk\/rezervovat-transfer\">Rezervova\u0165<\/a><\/div>\n<\/p><\/div>\n<\/p><\/div>\n<p>  \t <!--\t-->  \t<\/p>\n<div class=\"vm-product-container\">\n<figure class=\"pull-left item-image\">\n<div class=\"main-image\"> \t\t<a  rel='vm-additional-images' href=\"\/images\/virtuemart\/product\/Krakow to Bialka Tatrzanska Ski Transfer Service.png\"><img decoding=\"async\"  loading=\"lazy\"  src=\"\/wp-content\/uploads\/2025\/08\/Krakow-to-Bialka-Tatrzanska-Ski-Transfer-Service-7.png\"  \/><\/a>\t\t<\/p>\n<div class=\"clear\"><\/div>\n<\/p><\/div>\n<\/figure>\n<div class=\"vm-product-details-container\">\n<div class=\"spacer-buy-area\">    \t\t \t\t<\/div>\n<\/p><\/div>\n<div class=\"clear\"><\/div>\n<\/p><\/div>\n<div class=\"product-description\" >\n<h2 style=\"text-align: center;\">Ly\u017eiarske dobrodru\u017estvo bez n\u00e1mahy: Transfer z letiska Krakov na ly\u017eiarske stredisko Bialka Tatrzanska<\/h2>\n<p>Pl\u00e1nujete ly\u017eiarsky v\u00fdlet do strediska Bialka Tatrzanska? Za\u010dnite svoje dobrodru\u017estvo bez n\u00e1mahy s pohodln\u00fdm transferom z letiska Krakov do Bialky Tatrzanskej. Hne\u010f po prist\u00e1t\u00ed na letisku v Krakove, ktor\u00e9 je vstupnou br\u00e1nou do po\u013esk\u00e9ho ly\u017eiarskeho raja, v\u00e1s \u010dak\u00e1 hladk\u00e1 a pohodln\u00e1 cesta.<\/p>\n<p style=\"text-align: center;\"><a class=\"btn btn-primary\" href=\"\/sk\/rezervovat-transfer-z-na-letisko\">Rezervova\u0165<\/a><\/p>\n<p style=\"text-align: center;\"><img decoding=\"async\" src=\"\/wp-content\/uploads\/2025\/08\/Krakow_Airport_to_Bialka_Tatrzanska_Ski_Transfer-1-scaled.jpg\" alt=\"\" \/><\/p>\n<h3 style=\"text-align: center;\">Pre\u010do si vybra\u0165 transfer z letiska Krakow na ly\u017eiarske stredisko Bialka Tatrzanska?<\/h3>\n<p><strong>Bezprobl\u00e9mov\u00e9 cestovanie:<\/strong>\u00a0Transfer z letiska Krakov do ly\u017eiarskeho strediska Bialka Tatrzanska je prisp\u00f4soben\u00fd pre ly\u017eiarov, ktor\u00ed si cenia jednoduchos\u0165 a efekt\u00edvnos\u0165. T\u00e1to slu\u017eba eliminuje zlo\u017eit\u00fa navig\u00e1ciu verejnou dopravou alebo pren\u00e1jom auta a poskytuje priamu a bezprobl\u00e9mov\u00fa cestu na svahy.<\/p>\n<p><strong>Sc\u00e9nick\u00e1 a relaxa\u010dn\u00e1 cesta:<\/strong>\u00a0Vychutnajte si kr\u00e1su po\u013eskej zimnej krajiny s transferom z letiska Krakov do ly\u017eiarskeho strediska Bialka Tatrzanska. Pohodlne sa usa\u010fte a vychutn\u00e1vajte si v\u00fdh\u013eady, k\u00fdm v\u00e1s odvezieme do ly\u017eiarskej destin\u00e1cie.<\/p>\n<p><strong>Bezpe\u010dn\u00fd a spo\u013eahliv\u00fd transfer:<\/strong>\u00a0Bezpe\u010dnos\u0165 je prvorad\u00e1, najm\u00e4 v zimn\u00fdch podmienkach. Transfer z letiska Krakow Airport na ly\u017eiarske stredisko Bialka Tatrzanska riadia sk\u00fasen\u00ed vodi\u010di, ktor\u00ed sa vedia pohybova\u0165 po zasne\u017een\u00fdch cest\u00e1ch, \u010d\u00edm zabezpe\u010dia va\u0161u bezpe\u010dnos\u0165 a v\u010dasn\u00fd pr\u00edchod.<\/p>\n<p style=\"text-align: center;\"><a class=\"btn btn-primary\" href=\"\/sk\/rezervovat-transfer-z-na-letisko\">Rezervova\u0165<\/a><\/p>\n<h3 style=\"text-align: center;\">Objavte ly\u017eiarske z\u00e1zraky Bialky Tatrzanskej<\/h3>\n<p>Ly\u017eiarske stredisko Bialka Tatrzanska, do ktor\u00e9ho sa \u013eahko dostanete prostredn\u00edctvom ly\u017eiarsk\u00e9ho transferu, je \u0161pi\u010dkovou ly\u017eiarskou destin\u00e1ciou. Je zn\u00e1ma svojimi nedotknut\u00fdmi zjazdovkami, modern\u00fdm vybaven\u00edm a rodinnou atmosf\u00e9rou a je rajom pre za\u010diato\u010dn\u00edkov aj sk\u00fasen\u00fdch ly\u017eiarov. Stredisko pon\u00faka aj aktivity po ly\u017eovan\u00ed, ktor\u00e9 umocnia v\u00e1\u0161 z\u00e1\u017eitok zo zimnej dovolenky.<\/p>\n<p><img decoding=\"async\" src=\"\/wp-content\/uploads\/2025\/08\/Krakow_Airport_to_Bialka_Tatrzanska_Ski_Transfer-1.png\" alt=\"\" \/><\/p>\n<h3 style=\"text-align: center;\">Rezerv\u00e1cia transferu z letiska Krakow do ly\u017eiarskeho strediska Bialka Tatrzanska<\/h3>\n<p>Organiz\u00e1cia transferu z letiska Krakow na ly\u017eiarske stredisko Bialka Tatrzanska je jednoduch\u00e1. K dispoz\u00edcii s\u00fa spolo\u010dn\u00e9 a s\u00fakromn\u00e9 transfery, ktor\u00e9 vyhovuj\u00fa r\u00f4znym preferenci\u00e1m a rozpo\u010dtom. S predbe\u017enou online rezerv\u00e1ciou bude v\u00e1\u0161 transfer pripraven\u00fd hne\u010f po pr\u00edlete na letisko Krakov.<\/p>\n<p style=\"text-align: center;\"><a class=\"btn btn-primary\" href=\"\/sk\/rezervovat-transfer-z-na-letisko\">Rezervova\u0165<\/a><\/p>\n<h3 style=\"text-align: center;\">Za\u010dnite svoj ly\u017eiarsky v\u00fdlet s d\u00f4verou<\/h3>\n<p>Vyberte si transfer z letiska Krakow Airport do Bialka Tatrzanska a za\u010dnite svoju ly\u017eiarsku dovolenku bez starost\u00ed. T\u00e1to slu\u017eba v\u00e1m nielen dod\u00e1 pohodlie, ale aj obohat\u00ed v\u00e1\u0161 celkov\u00fd z\u00e1\u017eitok z cesty. Rezervujte si svoj transfer z letiska Krakow do ly\u017eiarskeho strediska Bialka Tatrzanska e\u0161te dnes a te\u0161te sa na nezabudnute\u013en\u00fa cestu do srdca po\u013eskej ly\u017eiarskej krajiny.<\/p>\n<\/p><\/div>\n<div class=\"product-price-container\">\n<div class=\"sale-price\"> \t\t<\/div>\n<\/p><\/div>\n<div class=\"options\"><\/div>\n<div> \t\t<\/div>\n<p>   \t        <script type=\"text\/javascript\" ><\/script>  <script type=\"text\/javascript\" ><\/script> <script type=\"text\/javascript\" ><\/script>  <script type=\"text\/javascript\" ><\/script> <script type=\"text\/javascript\" ><\/script> <script type=\"text\/javascript\" ><\/script> <script type=\"text\/javascript\" ><\/script> <\/div>\n<p> \t\t<!-- \u041f\u043b\u0430\u0433\u0438\u043d \u0440\u0435\u0439\u0442\u0438\u043d\u0433\u0430 --> <\/p>\n<div class=\"vrvote-body\">\n<ul class=\"vrvote-ul\">\n<li id=\"rating_181\" class=\"current-rating\" style=\"width:93.33%;\"><\/li>\n<li> \t\t\t\t\t\t<a class=\"vr-one-star\" onclick=\"javascript:JSVRvote(181,1,56,12,0)\" href=\"javascript:void(null)\">1<\/a> \t\t\t\t\t<\/li>\n<li> \t\t\t\t\t\t<a class=\"vr-two-stars\" onclick=\"javascript:JSVRvote(181,2,56,12,0)\" href=\"javascript:void(null)\">2<\/a> \t\t\t\t\t<\/li>\n<li> \t\t\t\t\t\t<a class=\"vr-three-stars\" onclick=\"javascript:JSVRvote(181,3,56,12,0)\" href=\"javascript:void(null)\">3<\/a> \t\t\t\t\t<\/li>\n<li> \t\t\t\t\t\t<a class=\"vr-four-stars\" onclick=\"javascript:JSVRvote(181,4,56,12,0)\" href=\"javascript:void(null)\">4<\/a> \t\t\t\t\t<\/li>\n<li> \t\t\t\t\t\t<a class=\"vr-five-stars\" onclick=\"javascript:JSVRvote(181,5,56,12,0)\" href=\"javascript:void(null)\">5<\/a> \t\t\t\t\t<\/li>\n<\/ul><\/div>\n<p> \t\t\t<span id=\"vrvote_181\" class=\"vrvote-count\"><small><\/small><\/span>\t<\/span><script type=\"application\/ld+json\"><\/script>   <\/div>\n<div class=\"t4-col sidebar-r col-12 col-xl-4\">\n<div class=\"t4-module module\" id=\"Mod306\">\n<div class=\"module-inner\">\n<div class=\"module-ct\">\n<div class=\"bannergroup\">\n<div class=\"banneritem\"> \t\t\t\t\t\t\t\t\t\t\t\t\t\t\t\t\t\t\t\t\t\t\t\t\t\t\t\t\t\t\t\t\t\t\t\t\t\t\t\t\t\t\t\t\t\t\t\t\t\t<img \t\t\t\t\t\tsrc=\"\/wp-content\/uploads\/2025\/08\/banner-transfer-europe-sk-536.png\" \t\t\t\t\t\talt=\"Banner-sk\" \t\t\t\t\t\t\t\t\t\t\t\t\t\t\t\t\t\/> \t\t\t\t\t\t\t\t\t\t\t<\/p>\n<div class=\"clr\"><\/div>\n<\/p><\/div>\n<\/p><\/div>\n<\/p><\/div>\n<\/div>\n<\/div><\/div>\n<\/p><\/div>\n<\/div><\/div>\n<div id=\"t4-section-8\" class=\"t4-section  t4-section-8  section-border-top\" role=\"section-8\">\n<div class=\"bg-overlay bg-overlay-image\">&nbsp;<\/div>\n<\/p><\/div>\n<p>  <a href='javascript:' id='back-to-top'><i class='fa fa-chevron-up'><\/i><\/a>                <\/p>\n","protected":false},"excerpt":{"rendered":"<p>Transfer z letiska Krakow do ly\u017eiarskeho strediska Bialka Tatrzanska Transfery z letiska Krakov do ly\u017eiarskych stred\u00edsk Rezervova\u0165 Ly\u017eiarske dobrodru\u017estvo bez n\u00e1mahy: Transfer z letiska Krakov na ly\u017eiarske stredisko Bialka Tatrzanska Pl\u00e1nujete ly\u017eiarsky v\u00fdlet do strediska Bialka Tatrzanska? Za\u010dnite svoje dobrodru\u017estvo bez n\u00e1mahy s pohodln\u00fdm transferom z letiska Krakov do Bialky Tatrzanskej. Hne\u010f po prist\u00e1t\u00ed na [&hellip;]<\/p>\n","protected":false},"author":1,"featured_media":92017,"parent":20769,"menu_order":0,"comment_status":"closed","ping_status":"closed","template":"","meta":{"footnotes":""},"class_list":["post-92016","page","type-page","status-publish","has-post-thumbnail","hentry"],"yoast_head":"<!-- This site is optimized with the Yoast SEO plugin v25.6 - https:\/\/yoast.com\/wordpress\/plugins\/seo\/ -->\n<title>Transfer z letiska Krakov na ly\u017eiarske stredisko Bialka Tatrzanska<\/title>\n<meta name=\"description\" content=\"Za\u017eite transfer z letiska Krakov do ly\u017eiarskeho strediska Bialka Tatrzanska. Rezervujte si e\u0161te dnes a u\u017eite si cestovanie bez stresu s malebn\u00fdm v\u00fdh\u013eadom. Zavolajte n\u00e1m \u260e +421 940 904 184 pre individu\u00e1lnu pomoc.\" \/>\n<meta name=\"robots\" content=\"index, follow, max-snippet:-1, max-image-preview:large, max-video-preview:-1\" \/>\n<link rel=\"canonical\" href=\"https:\/\/transfereurope.com\/sk\/lyziarske-transfery\/transfery-z-letiska-krakov-do-lyziarskych-stredisk\/transfer-z-letiska-krakow-do-lyziarskeho-strediska-bialka-tatrzanska\/\" \/>\n<meta property=\"og:locale\" content=\"sk_SK\" \/>\n<meta property=\"og:type\" content=\"article\" \/>\n<meta property=\"og:title\" content=\"Transfer z letiska Krakov na ly\u017eiarske stredisko Bialka Tatrzanska\" \/>\n<meta property=\"og:description\" content=\"Za\u017eite transfer z letiska Krakov do ly\u017eiarskeho strediska Bialka Tatrzanska. Rezervujte si e\u0161te dnes a u\u017eite si cestovanie bez stresu s malebn\u00fdm v\u00fdh\u013eadom. Zavolajte n\u00e1m \u260e +421 940 904 184 pre individu\u00e1lnu pomoc.\" \/>\n<meta property=\"og:url\" content=\"https:\/\/transfereurope.com\/sk\/lyziarske-transfery\/transfery-z-letiska-krakov-do-lyziarskych-stredisk\/transfer-z-letiska-krakow-do-lyziarskeho-strediska-bialka-tatrzanska\/\" \/>\n<meta property=\"og:site_name\" content=\"transfereurope\" \/>\n<meta property=\"og:image\" content=\"https:\/\/transfereurope.com\/wp-content\/uploads\/2025\/08\/Krakow-to-Bialka-Tatrzanska-Ski-Transfer-Service-7-1.png\" \/>\n\t<meta property=\"og:image:width\" content=\"940\" \/>\n\t<meta property=\"og:image:height\" content=\"788\" \/>\n\t<meta property=\"og:image:type\" content=\"image\/png\" \/>\n<meta name=\"twitter:card\" content=\"summary_large_image\" \/>\n<meta name=\"twitter:label1\" content=\"Predpokladan\u00fd \u010das \u010d\u00edtania\" \/>\n\t<meta name=\"twitter:data1\" content=\"2 min\u00faty\" \/>\n<script type=\"application\/ld+json\" class=\"yoast-schema-graph\">{\"@context\":\"https:\/\/schema.org\",\"@graph\":[{\"@type\":\"WebPage\",\"@id\":\"https:\/\/transfereurope.com\/sk\/lyziarske-transfery\/transfery-z-letiska-krakov-do-lyziarskych-stredisk\/transfer-z-letiska-krakow-do-lyziarskeho-strediska-bialka-tatrzanska\/\",\"url\":\"https:\/\/transfereurope.com\/sk\/lyziarske-transfery\/transfery-z-letiska-krakov-do-lyziarskych-stredisk\/transfer-z-letiska-krakow-do-lyziarskeho-strediska-bialka-tatrzanska\/\",\"name\":\"Transfer z letiska Krakov na ly\u017eiarske stredisko Bialka Tatrzanska\",\"isPartOf\":{\"@id\":\"https:\/\/transfereurope.com\/sk\/#website\"},\"primaryImageOfPage\":{\"@id\":\"https:\/\/transfereurope.com\/sk\/lyziarske-transfery\/transfery-z-letiska-krakov-do-lyziarskych-stredisk\/transfer-z-letiska-krakow-do-lyziarskeho-strediska-bialka-tatrzanska\/#primaryimage\"},\"image\":{\"@id\":\"https:\/\/transfereurope.com\/sk\/lyziarske-transfery\/transfery-z-letiska-krakov-do-lyziarskych-stredisk\/transfer-z-letiska-krakow-do-lyziarskeho-strediska-bialka-tatrzanska\/#primaryimage\"},\"thumbnailUrl\":\"https:\/\/transfereurope.com\/wp-content\/uploads\/2025\/08\/Krakow-to-Bialka-Tatrzanska-Ski-Transfer-Service-7-1.png\",\"datePublished\":\"2025-08-06T04:49:33+00:00\",\"description\":\"Za\u017eite transfer z letiska Krakov do ly\u017eiarskeho strediska Bialka Tatrzanska. Rezervujte si e\u0161te dnes a u\u017eite si cestovanie bez stresu s malebn\u00fdm v\u00fdh\u013eadom. Zavolajte n\u00e1m \u260e +421 940 904 184 pre individu\u00e1lnu pomoc.\",\"breadcrumb\":{\"@id\":\"https:\/\/transfereurope.com\/sk\/lyziarske-transfery\/transfery-z-letiska-krakov-do-lyziarskych-stredisk\/transfer-z-letiska-krakow-do-lyziarskeho-strediska-bialka-tatrzanska\/#breadcrumb\"},\"inLanguage\":\"sk-SK\",\"potentialAction\":[{\"@type\":\"ReadAction\",\"target\":[\"https:\/\/transfereurope.com\/sk\/lyziarske-transfery\/transfery-z-letiska-krakov-do-lyziarskych-stredisk\/transfer-z-letiska-krakow-do-lyziarskeho-strediska-bialka-tatrzanska\/\"]}]},{\"@type\":\"ImageObject\",\"inLanguage\":\"sk-SK\",\"@id\":\"https:\/\/transfereurope.com\/sk\/lyziarske-transfery\/transfery-z-letiska-krakov-do-lyziarskych-stredisk\/transfer-z-letiska-krakow-do-lyziarskeho-strediska-bialka-tatrzanska\/#primaryimage\",\"url\":\"https:\/\/transfereurope.com\/wp-content\/uploads\/2025\/08\/Krakow-to-Bialka-Tatrzanska-Ski-Transfer-Service-7-1.png\",\"contentUrl\":\"https:\/\/transfereurope.com\/wp-content\/uploads\/2025\/08\/Krakow-to-Bialka-Tatrzanska-Ski-Transfer-Service-7-1.png\",\"width\":940,\"height\":788},{\"@type\":\"BreadcrumbList\",\"@id\":\"https:\/\/transfereurope.com\/sk\/lyziarske-transfery\/transfery-z-letiska-krakov-do-lyziarskych-stredisk\/transfer-z-letiska-krakow-do-lyziarskeho-strediska-bialka-tatrzanska\/#breadcrumb\",\"itemListElement\":[{\"@type\":\"ListItem\",\"position\":1,\"name\":\"Home\",\"item\":\"https:\/\/transfereurope.com\/sk\/\"},{\"@type\":\"ListItem\",\"position\":2,\"name\":\"Transfer z letiska Krakow do ly\u017eiarskeho strediska Bialka Tatrzanska\"}]},{\"@type\":\"WebSite\",\"@id\":\"https:\/\/transfereurope.com\/sk\/#website\",\"url\":\"https:\/\/transfereurope.com\/sk\/\",\"name\":\"transfereurope\",\"description\":\"\",\"publisher\":{\"@id\":\"https:\/\/transfereurope.com\/sk\/#organization\"},\"potentialAction\":[{\"@type\":\"SearchAction\",\"target\":{\"@type\":\"EntryPoint\",\"urlTemplate\":\"https:\/\/transfereurope.com\/sk\/?s={search_term_string}\"},\"query-input\":{\"@type\":\"PropertyValueSpecification\",\"valueRequired\":true,\"valueName\":\"search_term_string\"}}],\"inLanguage\":\"sk-SK\"},{\"@type\":\"Organization\",\"@id\":\"https:\/\/transfereurope.com\/sk\/#organization\",\"name\":\"transfereurope\",\"url\":\"https:\/\/transfereurope.com\/sk\/\",\"logo\":{\"@type\":\"ImageObject\",\"inLanguage\":\"sk-SK\",\"@id\":\"https:\/\/transfereurope.com\/sk\/#\/schema\/logo\/image\/\",\"url\":\"https:\/\/transfereurope.com\/wp-content\/uploads\/2025\/08\/TRANSFERS-1655.png\",\"contentUrl\":\"https:\/\/transfereurope.com\/wp-content\/uploads\/2025\/08\/TRANSFERS-1655.png\",\"width\":500,\"height\":274,\"caption\":\"transfereurope\"},\"image\":{\"@id\":\"https:\/\/transfereurope.com\/sk\/#\/schema\/logo\/image\/\"}}]}<\/script>\n<!-- \/ Yoast SEO plugin. -->","yoast_head_json":{"title":"Transfer z letiska Krakov na ly\u017eiarske stredisko Bialka Tatrzanska","description":"Za\u017eite transfer z letiska Krakov do ly\u017eiarskeho strediska Bialka Tatrzanska. Rezervujte si e\u0161te dnes a u\u017eite si cestovanie bez stresu s malebn\u00fdm v\u00fdh\u013eadom. Zavolajte n\u00e1m \u260e +421 940 904 184 pre individu\u00e1lnu pomoc.","robots":{"index":"index","follow":"follow","max-snippet":"max-snippet:-1","max-image-preview":"max-image-preview:large","max-video-preview":"max-video-preview:-1"},"canonical":"https:\/\/transfereurope.com\/sk\/lyziarske-transfery\/transfery-z-letiska-krakov-do-lyziarskych-stredisk\/transfer-z-letiska-krakow-do-lyziarskeho-strediska-bialka-tatrzanska\/","og_locale":"sk_SK","og_type":"article","og_title":"Transfer z letiska Krakov na ly\u017eiarske stredisko Bialka Tatrzanska","og_description":"Za\u017eite transfer z letiska Krakov do ly\u017eiarskeho strediska Bialka Tatrzanska. Rezervujte si e\u0161te dnes a u\u017eite si cestovanie bez stresu s malebn\u00fdm v\u00fdh\u013eadom. Zavolajte n\u00e1m \u260e +421 940 904 184 pre individu\u00e1lnu pomoc.","og_url":"https:\/\/transfereurope.com\/sk\/lyziarske-transfery\/transfery-z-letiska-krakov-do-lyziarskych-stredisk\/transfer-z-letiska-krakow-do-lyziarskeho-strediska-bialka-tatrzanska\/","og_site_name":"transfereurope","og_image":[{"width":940,"height":788,"url":"https:\/\/transfereurope.com\/wp-content\/uploads\/2025\/08\/Krakow-to-Bialka-Tatrzanska-Ski-Transfer-Service-7-1.png","type":"image\/png"}],"twitter_card":"summary_large_image","twitter_misc":{"Predpokladan\u00fd \u010das \u010d\u00edtania":"2 min\u00faty"},"schema":{"@context":"https:\/\/schema.org","@graph":[{"@type":"WebPage","@id":"https:\/\/transfereurope.com\/sk\/lyziarske-transfery\/transfery-z-letiska-krakov-do-lyziarskych-stredisk\/transfer-z-letiska-krakow-do-lyziarskeho-strediska-bialka-tatrzanska\/","url":"https:\/\/transfereurope.com\/sk\/lyziarske-transfery\/transfery-z-letiska-krakov-do-lyziarskych-stredisk\/transfer-z-letiska-krakow-do-lyziarskeho-strediska-bialka-tatrzanska\/","name":"Transfer z letiska Krakov na ly\u017eiarske stredisko Bialka Tatrzanska","isPartOf":{"@id":"https:\/\/transfereurope.com\/sk\/#website"},"primaryImageOfPage":{"@id":"https:\/\/transfereurope.com\/sk\/lyziarske-transfery\/transfery-z-letiska-krakov-do-lyziarskych-stredisk\/transfer-z-letiska-krakow-do-lyziarskeho-strediska-bialka-tatrzanska\/#primaryimage"},"image":{"@id":"https:\/\/transfereurope.com\/sk\/lyziarske-transfery\/transfery-z-letiska-krakov-do-lyziarskych-stredisk\/transfer-z-letiska-krakow-do-lyziarskeho-strediska-bialka-tatrzanska\/#primaryimage"},"thumbnailUrl":"https:\/\/transfereurope.com\/wp-content\/uploads\/2025\/08\/Krakow-to-Bialka-Tatrzanska-Ski-Transfer-Service-7-1.png","datePublished":"2025-08-06T04:49:33+00:00","description":"Za\u017eite transfer z letiska Krakov do ly\u017eiarskeho strediska Bialka Tatrzanska. Rezervujte si e\u0161te dnes a u\u017eite si cestovanie bez stresu s malebn\u00fdm v\u00fdh\u013eadom. Zavolajte n\u00e1m \u260e +421 940 904 184 pre individu\u00e1lnu pomoc.","breadcrumb":{"@id":"https:\/\/transfereurope.com\/sk\/lyziarske-transfery\/transfery-z-letiska-krakov-do-lyziarskych-stredisk\/transfer-z-letiska-krakow-do-lyziarskeho-strediska-bialka-tatrzanska\/#breadcrumb"},"inLanguage":"sk-SK","potentialAction":[{"@type":"ReadAction","target":["https:\/\/transfereurope.com\/sk\/lyziarske-transfery\/transfery-z-letiska-krakov-do-lyziarskych-stredisk\/transfer-z-letiska-krakow-do-lyziarskeho-strediska-bialka-tatrzanska\/"]}]},{"@type":"ImageObject","inLanguage":"sk-SK","@id":"https:\/\/transfereurope.com\/sk\/lyziarske-transfery\/transfery-z-letiska-krakov-do-lyziarskych-stredisk\/transfer-z-letiska-krakow-do-lyziarskeho-strediska-bialka-tatrzanska\/#primaryimage","url":"https:\/\/transfereurope.com\/wp-content\/uploads\/2025\/08\/Krakow-to-Bialka-Tatrzanska-Ski-Transfer-Service-7-1.png","contentUrl":"https:\/\/transfereurope.com\/wp-content\/uploads\/2025\/08\/Krakow-to-Bialka-Tatrzanska-Ski-Transfer-Service-7-1.png","width":940,"height":788},{"@type":"BreadcrumbList","@id":"https:\/\/transfereurope.com\/sk\/lyziarske-transfery\/transfery-z-letiska-krakov-do-lyziarskych-stredisk\/transfer-z-letiska-krakow-do-lyziarskeho-strediska-bialka-tatrzanska\/#breadcrumb","itemListElement":[{"@type":"ListItem","position":1,"name":"Home","item":"https:\/\/transfereurope.com\/sk\/"},{"@type":"ListItem","position":2,"name":"Transfer z letiska Krakow do ly\u017eiarskeho strediska Bialka Tatrzanska"}]},{"@type":"WebSite","@id":"https:\/\/transfereurope.com\/sk\/#website","url":"https:\/\/transfereurope.com\/sk\/","name":"transfereurope","description":"","publisher":{"@id":"https:\/\/transfereurope.com\/sk\/#organization"},"potentialAction":[{"@type":"SearchAction","target":{"@type":"EntryPoint","urlTemplate":"https:\/\/transfereurope.com\/sk\/?s={search_term_string}"},"query-input":{"@type":"PropertyValueSpecification","valueRequired":true,"valueName":"search_term_string"}}],"inLanguage":"sk-SK"},{"@type":"Organization","@id":"https:\/\/transfereurope.com\/sk\/#organization","name":"transfereurope","url":"https:\/\/transfereurope.com\/sk\/","logo":{"@type":"ImageObject","inLanguage":"sk-SK","@id":"https:\/\/transfereurope.com\/sk\/#\/schema\/logo\/image\/","url":"https:\/\/transfereurope.com\/wp-content\/uploads\/2025\/08\/TRANSFERS-1655.png","contentUrl":"https:\/\/transfereurope.com\/wp-content\/uploads\/2025\/08\/TRANSFERS-1655.png","width":500,"height":274,"caption":"transfereurope"},"image":{"@id":"https:\/\/transfereurope.com\/sk\/#\/schema\/logo\/image\/"}}]}},"_links":{"self":[{"href":"https:\/\/transfereurope.com\/sk\/wp-json\/wp\/v2\/pages\/92016","targetHints":{"allow":["GET"]}}],"collection":[{"href":"https:\/\/transfereurope.com\/sk\/wp-json\/wp\/v2\/pages"}],"about":[{"href":"https:\/\/transfereurope.com\/sk\/wp-json\/wp\/v2\/types\/page"}],"author":[{"embeddable":true,"href":"https:\/\/transfereurope.com\/sk\/wp-json\/wp\/v2\/users\/1"}],"replies":[{"embeddable":true,"href":"https:\/\/transfereurope.com\/sk\/wp-json\/wp\/v2\/comments?post=92016"}],"version-history":[{"count":0,"href":"https:\/\/transfereurope.com\/sk\/wp-json\/wp\/v2\/pages\/92016\/revisions"}],"up":[{"embeddable":true,"href":"https:\/\/transfereurope.com\/sk\/wp-json\/wp\/v2\/pages\/20769"}],"wp:featuredmedia":[{"embeddable":true,"href":"https:\/\/transfereurope.com\/sk\/wp-json\/wp\/v2\/media\/92017"}],"wp:attachment":[{"href":"https:\/\/transfereurope.com\/sk\/wp-json\/wp\/v2\/media?parent=92016"}],"curies":[{"name":"wp","href":"https:\/\/api.w.org\/{rel}","templated":true}]}}