{"id":91905,"date":"2025-08-06T04:47:15","date_gmt":"2025-08-06T04:47:15","guid":{"rendered":"https:\/\/transfereurope.com\/transfer-z-letiska-innsbruck-do-lyziarskeho-strediska-axamer-lizum\/"},"modified":"2025-08-06T04:47:15","modified_gmt":"2025-08-06T04:47:15","slug":"transfer-z-letiska-innsbruck-do-lyziarskeho-strediska-axamer-lizum","status":"publish","type":"page","link":"https:\/\/transfereurope.com\/sk\/lyziarske-transfery\/transfery-do-lyziarskych-stredisk-v-innsbrucku\/transfer-z-letiska-innsbruck-do-lyziarskeho-strediska-axamer-lizum\/","title":{"rendered":"Transfer z letiska Innsbruck do ly\u017eiarskeho strediska Axamer Lizum"},"content":{"rendered":"\n<div id=\"t4-masthead\" class=\"t4-section  t4-masthead\">\n<div class=\"t4-col text-center\">\n<div class=\"ja-masthead\" >\n<div class=\"ja-masthead-detail\">\n<h1 class=\"ja-masthead-title\">Transfer z letiska Innsbruck do ly\u017eiarskeho strediska Axamer Lizum<\/h1>\n<p>                 <!---->            <\/p>\n<div class=\"block-breadcrumb\">                       <\/div>\n<\/p><\/div>\n<\/p><\/div>\n<pre><\/pre>\n<\/div>\n<\/div>\n<div id=\"t4-main-body\" class=\"t4-section  t4-main-body\" role=\"main body\">\n<div class=\"t4-section-inner container\">\n<div class=\"t4-row row\">\n<div class=\"t4-col col-12 col-xl\">\n<div id=\"system-message-container\"> \t<\/div>\n<div class=\"com-content-article item-page view-tour-detail\">\n<div class=\"tour-top-info clearfix\">\n<div class=\"pull-left\">\n<div class=\"category-article-dot\">\n<div class=\"category-name\"> \t\t\t\t\t<a href=\"\/sk\/lyziarske-transfery\/transfery-do-lyziarskych-stredisk-v-innsbrucku\" itemprop=\"genre\">Transfery do ly\u017eiarskych stred\u00edsk v Innsbrucku<\/a> \t\t\t\t<\/div>\n<\/p><\/div>\n<\/p><\/div>\n<div class=\"pull-right\">\n<div class=\"text-danger tour-price\"> \t\t\t\t\t\t<a href=\"\/sk\/rezervovat-transfer\">Rezervova\u0165<\/a><\/div>\n<\/p><\/div>\n<\/p><\/div>\n<p>  \t <!--\t-->  \t<\/p>\n<div class=\"vm-product-container\">\n<figure class=\"pull-left item-image\">\n<div class=\"main-image\"> \t\t<a  rel='vm-additional-images' href=\"\/images\/virtuemart\/product\/Innsbruck Airport to Axamer Lizum Ski Resort Transfer.png\"><img decoding=\"async\"  loading=\"lazy\"  src=\"\/wp-content\/uploads\/2025\/08\/Innsbruck-Airport-to-Axamer-Lizum-Ski-Resort-Transfer-7.png\"  \/><\/a>\t\t<\/p>\n<div class=\"clear\"><\/div>\n<\/p><\/div>\n<\/figure>\n<div class=\"vm-product-details-container\">\n<div class=\"spacer-buy-area\">    \t\t \t\t<\/div>\n<\/p><\/div>\n<div class=\"clear\"><\/div>\n<\/p><\/div>\n<div class=\"product-description\" >\n<p>Vitajte v slu\u017ebe transferu z letiska Innsbruck &#8211; ly\u017eiarske stredisko Axamer Lizum! H\u013ead\u00e1te bezprobl\u00e9mov\u00fd a pohodln\u00fd transfer <a href=\"\/sk\/lyziarske-transfery\/transfery-do-lyziarskych-stredisk-v-innsbrucku\">z letiska Innsbruck<\/a> do \u00fa\u017easn\u00e9ho ly\u017eiarskeho strediska Axamer Lizum? Ste na spr\u00e1vnom mieste! Na\u0161e \u0161pi\u010dkov\u00e9 slu\u017eby v\u00e1m zaru\u010dia, \u017ee va\u0161a cesta do ly\u017eiarskeho strediska bude rovnako hladk\u00e1 a pr\u00edjemn\u00e1 ako ly\u017eiarske svahy, ktor\u00e9 na v\u00e1s \u010dakaj\u00fa.<\/p>\n<p style=\"text-align: center;\"><a class=\"btn btn-primary\" href=\"\/sk\/rezervovat-transfer-z-na-letisko\">Rezervova\u0165<\/a><\/p>\n<p><strong>S\u00fakromn\u00fd vodi\u010d:<\/strong> Za\u017eite luxus a pohodlie s\u00fakromn\u00e9ho vodi\u010da. Na\u0161i profesion\u00e1lni \u0161of\u00e9ri s\u00fa nielen odborn\u00edkmi na cest\u00e1ch, ale maj\u00fa aj hlbok\u00e9 znalosti miestnej oblasti, \u010do zaru\u010duje bezpe\u010dn\u00fa a efekt\u00edvnu cestu do va\u0161ej ly\u017eiarskej destin\u00e1cie.<\/p>\n<p><strong>\u0160pi\u010dkov\u00e1 doprava:<\/strong> Cestujte \u0161t\u00fdlovo a pohodlne. N\u00e1\u0161 vozov\u00fd park je dobre udr\u017eiavan\u00fd a vybaven\u00fd modern\u00fdm zariaden\u00edm, aby v\u00e1m pon\u00fakol prvotriedny cestovn\u00fd z\u00e1\u017eitok.<\/p>\n<p><strong>Efekt\u00edvny transfer:<\/strong> Cen\u00edme si v\u00e1\u0161 \u010das na svahoch. Na\u0161e slu\u017eby transferu s\u00fa prisp\u00f4soben\u00e9 na r\u00fdchle a efekt\u00edvne cestovanie, \u010do v\u00e1m umo\u017en\u00ed maximalizova\u0165 \u010das str\u00e1ven\u00fd ly\u017eovan\u00edm.<\/p>\n<p><img decoding=\"async\" src=\"\/wp-content\/uploads\/2025\/08\/Innsbruck_Airport_to_Axamer_Lizum_Ski_Resort_Transfer_2-1-scaled.jpg\" alt=\"\" \/><\/p>\n<p style=\"text-align: center;\"><a class=\"btn btn-primary\" href=\"\/sk\/rezervovat-transfer-z-na-letisko\">Rezervova\u0165<\/a><\/p>\n<h2 style=\"text-align: center;\">Pre\u010do si vybra\u0165 na\u0161u slu\u017ebu transferu do ly\u017eiarskeho strediska?<\/h2>\n<p><strong>R\u00fdchlos\u0165 a pohodlie:<\/strong> Na\u0161e slu\u017eby sp\u00e1jaj\u00fa r\u00fdchlos\u0165 s komfortom. Od chv\u00edle, ke\u010f prilet\u00edte na letisko v Innsbrucku, sa n\u00e1\u0161 t\u00edm postar\u00e1 o to, aby ste sa na svahy dostali r\u00fdchlo a pohodlne.<\/p>\n<p><strong>Priestrann\u00e1 \u00faschov\u0148a bato\u017einy:<\/strong> Vieme, \u017ee ly\u017eiarske vybavenie m\u00f4\u017ee by\u0165 \u0165a\u017ekop\u00e1dne. Na\u0161e vozidl\u00e1 s\u00fa vybaven\u00e9 ve\u013ek\u00fdm priestorom na bato\u017einu, v\u010faka \u010domu sa va\u0161a ly\u017eiarska v\u00fdbava preprav\u00ed bezpe\u010dne a jednoducho.<\/p>\n<p><strong>Priestor pre v\u0161etk\u00fdch:<\/strong> V na\u0161ich priestrann\u00fdch vozidl\u00e1ch sa pohodlne zmest\u00ed ak\u00e1ko\u013evek ve\u013ekos\u0165 skupiny, \u010di u\u017e cestujete sami, s rodinou alebo v skupine.<\/p>\n<p><img decoding=\"async\" src=\"\/wp-content\/uploads\/2025\/08\/Innsbruck_Airport_to_Axamer_Lizum_Ski_Resort_Transfer_1-1.jpg\" alt=\"\" \/><\/p>\n<p style=\"text-align: center;\"><a class=\"btn btn-primary\" href=\"\/sk\/rezervovat-transfer-z-na-letisko\">Rezervova\u0165<\/a><\/p>\n<h3 style=\"text-align: center;\">Rezervujte si transfer z letiska Innsbruck do ly\u017eiarskeho strediska Axamer Lizum teraz!<\/h3>\n<p>Vylep\u0161ite si svoju ly\u017eiarsku dovolenku logistikou dopravy bez stresu. Rezervujte si transfer do ly\u017eiarskeho strediska Axamer Lizum bez n\u00e1mahy e\u0161te dnes. Kliknite na tla\u010didlo &#8222;Rezervova\u0165&#8220; alebo n\u00e1m zavolajte a za\u010dnite svoje elegantn\u00e9 a jednoduch\u00e9 ly\u017eiarske dobrodru\u017estvo!<\/p>\n<div id=\"gtx-trans\" style=\"position: absolute; left: 867px; top: 27.55px;\">\u00a0<\/div>\n<\/p><\/div>\n<div class=\"product-price-container\">\n<div class=\"sale-price\"> \t\t<\/div>\n<\/p><\/div>\n<div class=\"options\"><\/div>\n<div> \t\t<\/div>\n<p>   \t        <script type=\"text\/javascript\" ><\/script>  <script type=\"text\/javascript\" ><\/script> <script type=\"text\/javascript\" ><\/script>  <script type=\"text\/javascript\" ><\/script> <script type=\"text\/javascript\" ><\/script> <script type=\"text\/javascript\" ><\/script> <script type=\"text\/javascript\" ><\/script> <\/div>\n<p> \t\t<!-- \u041f\u043b\u0430\u0433\u0438\u043d \u0440\u0435\u0439\u0442\u0438\u043d\u0433\u0430 --> <\/p>\n<div class=\"vrvote-body\">\n<ul class=\"vrvote-ul\">\n<li id=\"rating_168\" class=\"current-rating\" style=\"width:100.00%;\"><\/li>\n<li> \t\t\t\t\t\t<a class=\"vr-one-star\" onclick=\"javascript:JSVRvote(168,1,45,9,0)\" href=\"javascript:void(null)\">1<\/a> \t\t\t\t\t<\/li>\n<li> \t\t\t\t\t\t<a class=\"vr-two-stars\" onclick=\"javascript:JSVRvote(168,2,45,9,0)\" href=\"javascript:void(null)\">2<\/a> \t\t\t\t\t<\/li>\n<li> \t\t\t\t\t\t<a class=\"vr-three-stars\" onclick=\"javascript:JSVRvote(168,3,45,9,0)\" href=\"javascript:void(null)\">3<\/a> \t\t\t\t\t<\/li>\n<li> \t\t\t\t\t\t<a class=\"vr-four-stars\" onclick=\"javascript:JSVRvote(168,4,45,9,0)\" href=\"javascript:void(null)\">4<\/a> \t\t\t\t\t<\/li>\n<li> \t\t\t\t\t\t<a class=\"vr-five-stars\" onclick=\"javascript:JSVRvote(168,5,45,9,0)\" href=\"javascript:void(null)\">5<\/a> \t\t\t\t\t<\/li>\n<\/ul><\/div>\n<p> \t\t\t<span id=\"vrvote_168\" class=\"vrvote-count\"><small><\/small><\/span>\t<\/span><script type=\"application\/ld+json\"><\/script>   <\/div>\n<div class=\"t4-col sidebar-r col-12 col-xl-4\">\n<div class=\"t4-module module\" id=\"Mod306\">\n<div class=\"module-inner\">\n<div class=\"module-ct\">\n<div class=\"bannergroup\">\n<div class=\"banneritem\"> \t\t\t\t\t\t\t\t\t\t\t\t\t\t\t\t\t\t\t\t\t\t\t\t\t\t\t\t\t\t\t\t\t\t\t\t\t\t\t\t\t\t\t\t\t\t\t\t\t\t<img \t\t\t\t\t\tsrc=\"\/wp-content\/uploads\/2025\/08\/banner-transfer-europe-sk-535.png\" \t\t\t\t\t\talt=\"Banner-sk\" \t\t\t\t\t\t\t\t\t\t\t\t\t\t\t\t\t\/> \t\t\t\t\t\t\t\t\t\t\t<\/p>\n<div class=\"clr\"><\/div>\n<\/p><\/div>\n<\/p><\/div>\n<\/p><\/div>\n<\/div>\n<\/div><\/div>\n<\/p><\/div>\n<\/div><\/div>\n<div id=\"t4-section-8\" class=\"t4-section  t4-section-8  section-border-top\" role=\"section-8\">\n<div class=\"bg-overlay bg-overlay-image\">&nbsp;<\/div>\n<\/p><\/div>\n<p>  <a href='javascript:' id='back-to-top'><i class='fa fa-chevron-up'><\/i><\/a>                <\/p>\n","protected":false},"excerpt":{"rendered":"<p>Transfer z letiska Innsbruck do ly\u017eiarskeho strediska Axamer Lizum Transfery do ly\u017eiarskych stred\u00edsk v Innsbrucku Rezervova\u0165 Vitajte v slu\u017ebe transferu z letiska Innsbruck &#8211; ly\u017eiarske stredisko Axamer Lizum! H\u013ead\u00e1te bezprobl\u00e9mov\u00fd a pohodln\u00fd transfer z letiska Innsbruck do \u00fa\u017easn\u00e9ho ly\u017eiarskeho strediska Axamer Lizum? Ste na spr\u00e1vnom mieste! Na\u0161e \u0161pi\u010dkov\u00e9 slu\u017eby v\u00e1m zaru\u010dia, \u017ee va\u0161a cesta do [&hellip;]<\/p>\n","protected":false},"author":1,"featured_media":91906,"parent":21051,"menu_order":0,"comment_status":"closed","ping_status":"closed","template":"","meta":{"footnotes":""},"class_list":["post-91905","page","type-page","status-publish","has-post-thumbnail","hentry"],"yoast_head":"<!-- This site is optimized with the Yoast SEO plugin v25.6 - https:\/\/yoast.com\/wordpress\/plugins\/seo\/ -->\n<title>Transfer z letiska Innsbruck do ly\u017eiarskeho strediska Axamer Lizum<\/title>\n<meta name=\"description\" content=\"Za\u017eite transfer z letiska Innsbruck na ly\u017eiarske stredisko Axamer Lizum. Rezervujte si e\u0161te dnes a u\u017eite si cestovanie bez stresu s malebn\u00fdm v\u00fdh\u013eadom. Zavolajte n\u00e1m \u260e +421 940 904 184 pre individu\u00e1lnu pomoc.\" \/>\n<meta name=\"robots\" content=\"index, follow, max-snippet:-1, max-image-preview:large, max-video-preview:-1\" \/>\n<link rel=\"canonical\" href=\"https:\/\/transfereurope.com\/sk\/lyziarske-transfery\/transfery-do-lyziarskych-stredisk-v-innsbrucku\/transfer-z-letiska-innsbruck-do-lyziarskeho-strediska-axamer-lizum\/\" \/>\n<meta property=\"og:locale\" content=\"sk_SK\" \/>\n<meta property=\"og:type\" content=\"article\" \/>\n<meta property=\"og:title\" content=\"Transfer z letiska Innsbruck do ly\u017eiarskeho strediska Axamer Lizum\" \/>\n<meta property=\"og:description\" content=\"Za\u017eite transfer z letiska Innsbruck na ly\u017eiarske stredisko Axamer Lizum. Rezervujte si e\u0161te dnes a u\u017eite si cestovanie bez stresu s malebn\u00fdm v\u00fdh\u013eadom. Zavolajte n\u00e1m \u260e +421 940 904 184 pre individu\u00e1lnu pomoc.\" \/>\n<meta property=\"og:url\" content=\"https:\/\/transfereurope.com\/sk\/lyziarske-transfery\/transfery-do-lyziarskych-stredisk-v-innsbrucku\/transfer-z-letiska-innsbruck-do-lyziarskeho-strediska-axamer-lizum\/\" \/>\n<meta property=\"og:site_name\" content=\"transfereurope\" \/>\n<meta property=\"og:image\" content=\"https:\/\/transfereurope.com\/wp-content\/uploads\/2025\/08\/Innsbruck-Airport-to-Axamer-Lizum-Ski-Resort-Transfer-7-1.png\" \/>\n\t<meta property=\"og:image:width\" content=\"940\" \/>\n\t<meta property=\"og:image:height\" content=\"788\" \/>\n\t<meta property=\"og:image:type\" content=\"image\/png\" \/>\n<meta name=\"twitter:card\" content=\"summary_large_image\" \/>\n<meta name=\"twitter:label1\" content=\"Predpokladan\u00fd \u010das \u010d\u00edtania\" \/>\n\t<meta name=\"twitter:data1\" content=\"2 min\u00faty\" \/>\n<script type=\"application\/ld+json\" class=\"yoast-schema-graph\">{\"@context\":\"https:\/\/schema.org\",\"@graph\":[{\"@type\":\"WebPage\",\"@id\":\"https:\/\/transfereurope.com\/sk\/lyziarske-transfery\/transfery-do-lyziarskych-stredisk-v-innsbrucku\/transfer-z-letiska-innsbruck-do-lyziarskeho-strediska-axamer-lizum\/\",\"url\":\"https:\/\/transfereurope.com\/sk\/lyziarske-transfery\/transfery-do-lyziarskych-stredisk-v-innsbrucku\/transfer-z-letiska-innsbruck-do-lyziarskeho-strediska-axamer-lizum\/\",\"name\":\"Transfer z letiska Innsbruck do ly\u017eiarskeho strediska Axamer Lizum\",\"isPartOf\":{\"@id\":\"https:\/\/transfereurope.com\/sk\/#website\"},\"primaryImageOfPage\":{\"@id\":\"https:\/\/transfereurope.com\/sk\/lyziarske-transfery\/transfery-do-lyziarskych-stredisk-v-innsbrucku\/transfer-z-letiska-innsbruck-do-lyziarskeho-strediska-axamer-lizum\/#primaryimage\"},\"image\":{\"@id\":\"https:\/\/transfereurope.com\/sk\/lyziarske-transfery\/transfery-do-lyziarskych-stredisk-v-innsbrucku\/transfer-z-letiska-innsbruck-do-lyziarskeho-strediska-axamer-lizum\/#primaryimage\"},\"thumbnailUrl\":\"https:\/\/transfereurope.com\/wp-content\/uploads\/2025\/08\/Innsbruck-Airport-to-Axamer-Lizum-Ski-Resort-Transfer-7-1.png\",\"datePublished\":\"2025-08-06T04:47:15+00:00\",\"description\":\"Za\u017eite transfer z letiska Innsbruck na ly\u017eiarske stredisko Axamer Lizum. Rezervujte si e\u0161te dnes a u\u017eite si cestovanie bez stresu s malebn\u00fdm v\u00fdh\u013eadom. Zavolajte n\u00e1m \u260e +421 940 904 184 pre individu\u00e1lnu pomoc.\",\"breadcrumb\":{\"@id\":\"https:\/\/transfereurope.com\/sk\/lyziarske-transfery\/transfery-do-lyziarskych-stredisk-v-innsbrucku\/transfer-z-letiska-innsbruck-do-lyziarskeho-strediska-axamer-lizum\/#breadcrumb\"},\"inLanguage\":\"sk-SK\",\"potentialAction\":[{\"@type\":\"ReadAction\",\"target\":[\"https:\/\/transfereurope.com\/sk\/lyziarske-transfery\/transfery-do-lyziarskych-stredisk-v-innsbrucku\/transfer-z-letiska-innsbruck-do-lyziarskeho-strediska-axamer-lizum\/\"]}]},{\"@type\":\"ImageObject\",\"inLanguage\":\"sk-SK\",\"@id\":\"https:\/\/transfereurope.com\/sk\/lyziarske-transfery\/transfery-do-lyziarskych-stredisk-v-innsbrucku\/transfer-z-letiska-innsbruck-do-lyziarskeho-strediska-axamer-lizum\/#primaryimage\",\"url\":\"https:\/\/transfereurope.com\/wp-content\/uploads\/2025\/08\/Innsbruck-Airport-to-Axamer-Lizum-Ski-Resort-Transfer-7-1.png\",\"contentUrl\":\"https:\/\/transfereurope.com\/wp-content\/uploads\/2025\/08\/Innsbruck-Airport-to-Axamer-Lizum-Ski-Resort-Transfer-7-1.png\",\"width\":940,\"height\":788},{\"@type\":\"BreadcrumbList\",\"@id\":\"https:\/\/transfereurope.com\/sk\/lyziarske-transfery\/transfery-do-lyziarskych-stredisk-v-innsbrucku\/transfer-z-letiska-innsbruck-do-lyziarskeho-strediska-axamer-lizum\/#breadcrumb\",\"itemListElement\":[{\"@type\":\"ListItem\",\"position\":1,\"name\":\"Home\",\"item\":\"https:\/\/transfereurope.com\/sk\/\"},{\"@type\":\"ListItem\",\"position\":2,\"name\":\"Transfer z letiska Innsbruck do ly\u017eiarskeho strediska Axamer Lizum\"}]},{\"@type\":\"WebSite\",\"@id\":\"https:\/\/transfereurope.com\/sk\/#website\",\"url\":\"https:\/\/transfereurope.com\/sk\/\",\"name\":\"transfereurope\",\"description\":\"\",\"publisher\":{\"@id\":\"https:\/\/transfereurope.com\/sk\/#organization\"},\"potentialAction\":[{\"@type\":\"SearchAction\",\"target\":{\"@type\":\"EntryPoint\",\"urlTemplate\":\"https:\/\/transfereurope.com\/sk\/?s={search_term_string}\"},\"query-input\":{\"@type\":\"PropertyValueSpecification\",\"valueRequired\":true,\"valueName\":\"search_term_string\"}}],\"inLanguage\":\"sk-SK\"},{\"@type\":\"Organization\",\"@id\":\"https:\/\/transfereurope.com\/sk\/#organization\",\"name\":\"transfereurope\",\"url\":\"https:\/\/transfereurope.com\/sk\/\",\"logo\":{\"@type\":\"ImageObject\",\"inLanguage\":\"sk-SK\",\"@id\":\"https:\/\/transfereurope.com\/sk\/#\/schema\/logo\/image\/\",\"url\":\"https:\/\/transfereurope.com\/wp-content\/uploads\/2025\/08\/TRANSFERS-1655.png\",\"contentUrl\":\"https:\/\/transfereurope.com\/wp-content\/uploads\/2025\/08\/TRANSFERS-1655.png\",\"width\":500,\"height\":274,\"caption\":\"transfereurope\"},\"image\":{\"@id\":\"https:\/\/transfereurope.com\/sk\/#\/schema\/logo\/image\/\"}}]}<\/script>\n<!-- \/ Yoast SEO plugin. -->","yoast_head_json":{"title":"Transfer z letiska Innsbruck do ly\u017eiarskeho strediska Axamer Lizum","description":"Za\u017eite transfer z letiska Innsbruck na ly\u017eiarske stredisko Axamer Lizum. Rezervujte si e\u0161te dnes a u\u017eite si cestovanie bez stresu s malebn\u00fdm v\u00fdh\u013eadom. Zavolajte n\u00e1m \u260e +421 940 904 184 pre individu\u00e1lnu pomoc.","robots":{"index":"index","follow":"follow","max-snippet":"max-snippet:-1","max-image-preview":"max-image-preview:large","max-video-preview":"max-video-preview:-1"},"canonical":"https:\/\/transfereurope.com\/sk\/lyziarske-transfery\/transfery-do-lyziarskych-stredisk-v-innsbrucku\/transfer-z-letiska-innsbruck-do-lyziarskeho-strediska-axamer-lizum\/","og_locale":"sk_SK","og_type":"article","og_title":"Transfer z letiska Innsbruck do ly\u017eiarskeho strediska Axamer Lizum","og_description":"Za\u017eite transfer z letiska Innsbruck na ly\u017eiarske stredisko Axamer Lizum. Rezervujte si e\u0161te dnes a u\u017eite si cestovanie bez stresu s malebn\u00fdm v\u00fdh\u013eadom. Zavolajte n\u00e1m \u260e +421 940 904 184 pre individu\u00e1lnu pomoc.","og_url":"https:\/\/transfereurope.com\/sk\/lyziarske-transfery\/transfery-do-lyziarskych-stredisk-v-innsbrucku\/transfer-z-letiska-innsbruck-do-lyziarskeho-strediska-axamer-lizum\/","og_site_name":"transfereurope","og_image":[{"width":940,"height":788,"url":"https:\/\/transfereurope.com\/wp-content\/uploads\/2025\/08\/Innsbruck-Airport-to-Axamer-Lizum-Ski-Resort-Transfer-7-1.png","type":"image\/png"}],"twitter_card":"summary_large_image","twitter_misc":{"Predpokladan\u00fd \u010das \u010d\u00edtania":"2 min\u00faty"},"schema":{"@context":"https:\/\/schema.org","@graph":[{"@type":"WebPage","@id":"https:\/\/transfereurope.com\/sk\/lyziarske-transfery\/transfery-do-lyziarskych-stredisk-v-innsbrucku\/transfer-z-letiska-innsbruck-do-lyziarskeho-strediska-axamer-lizum\/","url":"https:\/\/transfereurope.com\/sk\/lyziarske-transfery\/transfery-do-lyziarskych-stredisk-v-innsbrucku\/transfer-z-letiska-innsbruck-do-lyziarskeho-strediska-axamer-lizum\/","name":"Transfer z letiska Innsbruck do ly\u017eiarskeho strediska Axamer Lizum","isPartOf":{"@id":"https:\/\/transfereurope.com\/sk\/#website"},"primaryImageOfPage":{"@id":"https:\/\/transfereurope.com\/sk\/lyziarske-transfery\/transfery-do-lyziarskych-stredisk-v-innsbrucku\/transfer-z-letiska-innsbruck-do-lyziarskeho-strediska-axamer-lizum\/#primaryimage"},"image":{"@id":"https:\/\/transfereurope.com\/sk\/lyziarske-transfery\/transfery-do-lyziarskych-stredisk-v-innsbrucku\/transfer-z-letiska-innsbruck-do-lyziarskeho-strediska-axamer-lizum\/#primaryimage"},"thumbnailUrl":"https:\/\/transfereurope.com\/wp-content\/uploads\/2025\/08\/Innsbruck-Airport-to-Axamer-Lizum-Ski-Resort-Transfer-7-1.png","datePublished":"2025-08-06T04:47:15+00:00","description":"Za\u017eite transfer z letiska Innsbruck na ly\u017eiarske stredisko Axamer Lizum. Rezervujte si e\u0161te dnes a u\u017eite si cestovanie bez stresu s malebn\u00fdm v\u00fdh\u013eadom. Zavolajte n\u00e1m \u260e +421 940 904 184 pre individu\u00e1lnu pomoc.","breadcrumb":{"@id":"https:\/\/transfereurope.com\/sk\/lyziarske-transfery\/transfery-do-lyziarskych-stredisk-v-innsbrucku\/transfer-z-letiska-innsbruck-do-lyziarskeho-strediska-axamer-lizum\/#breadcrumb"},"inLanguage":"sk-SK","potentialAction":[{"@type":"ReadAction","target":["https:\/\/transfereurope.com\/sk\/lyziarske-transfery\/transfery-do-lyziarskych-stredisk-v-innsbrucku\/transfer-z-letiska-innsbruck-do-lyziarskeho-strediska-axamer-lizum\/"]}]},{"@type":"ImageObject","inLanguage":"sk-SK","@id":"https:\/\/transfereurope.com\/sk\/lyziarske-transfery\/transfery-do-lyziarskych-stredisk-v-innsbrucku\/transfer-z-letiska-innsbruck-do-lyziarskeho-strediska-axamer-lizum\/#primaryimage","url":"https:\/\/transfereurope.com\/wp-content\/uploads\/2025\/08\/Innsbruck-Airport-to-Axamer-Lizum-Ski-Resort-Transfer-7-1.png","contentUrl":"https:\/\/transfereurope.com\/wp-content\/uploads\/2025\/08\/Innsbruck-Airport-to-Axamer-Lizum-Ski-Resort-Transfer-7-1.png","width":940,"height":788},{"@type":"BreadcrumbList","@id":"https:\/\/transfereurope.com\/sk\/lyziarske-transfery\/transfery-do-lyziarskych-stredisk-v-innsbrucku\/transfer-z-letiska-innsbruck-do-lyziarskeho-strediska-axamer-lizum\/#breadcrumb","itemListElement":[{"@type":"ListItem","position":1,"name":"Home","item":"https:\/\/transfereurope.com\/sk\/"},{"@type":"ListItem","position":2,"name":"Transfer z letiska Innsbruck do ly\u017eiarskeho strediska Axamer Lizum"}]},{"@type":"WebSite","@id":"https:\/\/transfereurope.com\/sk\/#website","url":"https:\/\/transfereurope.com\/sk\/","name":"transfereurope","description":"","publisher":{"@id":"https:\/\/transfereurope.com\/sk\/#organization"},"potentialAction":[{"@type":"SearchAction","target":{"@type":"EntryPoint","urlTemplate":"https:\/\/transfereurope.com\/sk\/?s={search_term_string}"},"query-input":{"@type":"PropertyValueSpecification","valueRequired":true,"valueName":"search_term_string"}}],"inLanguage":"sk-SK"},{"@type":"Organization","@id":"https:\/\/transfereurope.com\/sk\/#organization","name":"transfereurope","url":"https:\/\/transfereurope.com\/sk\/","logo":{"@type":"ImageObject","inLanguage":"sk-SK","@id":"https:\/\/transfereurope.com\/sk\/#\/schema\/logo\/image\/","url":"https:\/\/transfereurope.com\/wp-content\/uploads\/2025\/08\/TRANSFERS-1655.png","contentUrl":"https:\/\/transfereurope.com\/wp-content\/uploads\/2025\/08\/TRANSFERS-1655.png","width":500,"height":274,"caption":"transfereurope"},"image":{"@id":"https:\/\/transfereurope.com\/sk\/#\/schema\/logo\/image\/"}}]}},"_links":{"self":[{"href":"https:\/\/transfereurope.com\/sk\/wp-json\/wp\/v2\/pages\/91905","targetHints":{"allow":["GET"]}}],"collection":[{"href":"https:\/\/transfereurope.com\/sk\/wp-json\/wp\/v2\/pages"}],"about":[{"href":"https:\/\/transfereurope.com\/sk\/wp-json\/wp\/v2\/types\/page"}],"author":[{"embeddable":true,"href":"https:\/\/transfereurope.com\/sk\/wp-json\/wp\/v2\/users\/1"}],"replies":[{"embeddable":true,"href":"https:\/\/transfereurope.com\/sk\/wp-json\/wp\/v2\/comments?post=91905"}],"version-history":[{"count":0,"href":"https:\/\/transfereurope.com\/sk\/wp-json\/wp\/v2\/pages\/91905\/revisions"}],"up":[{"embeddable":true,"href":"https:\/\/transfereurope.com\/sk\/wp-json\/wp\/v2\/pages\/21051"}],"wp:featuredmedia":[{"embeddable":true,"href":"https:\/\/transfereurope.com\/sk\/wp-json\/wp\/v2\/media\/91906"}],"wp:attachment":[{"href":"https:\/\/transfereurope.com\/sk\/wp-json\/wp\/v2\/media?parent=91905"}],"curies":[{"name":"wp","href":"https:\/\/api.w.org\/{rel}","templated":true}]}}