{"id":90252,"date":"2025-08-06T04:20:56","date_gmt":"2025-08-06T04:20:56","guid":{"rendered":"https:\/\/transfereurope.com\/transfer-z-bratislavy-do-lyziarskeho-strediska-malino-brdo\/"},"modified":"2025-08-06T04:20:56","modified_gmt":"2025-08-06T04:20:56","slug":"transfer-z-bratislavy-do-lyziarskeho-strediska-malino-brdo","status":"publish","type":"page","link":"https:\/\/transfereurope.com\/sk\/lyziarske-transfery\/transfer-do-lyziarskych-stredisk-v-bratislave\/transfer-z-bratislavy-do-lyziarskeho-strediska-malino-brdo\/","title":{"rendered":"Transfer z Bratislavy do ly\u017eiarskeho strediska Malino Brdo"},"content":{"rendered":"\n<div id=\"t4-masthead\" class=\"t4-section  t4-masthead\">\n<div class=\"t4-col text-center\">\n<div class=\"ja-masthead\" >\n<div class=\"ja-masthead-detail\">\n<h1 class=\"ja-masthead-title\">Transfer z Bratislavy do ly\u017eiarskeho strediska Malino Brdo<\/h1>\n<p>                 <!---->            <\/p>\n<div class=\"block-breadcrumb\">                       <\/div>\n<\/p><\/div>\n<\/p><\/div>\n<pre><\/pre>\n<\/div>\n<\/div>\n<div id=\"t4-main-body\" class=\"t4-section  t4-main-body\" role=\"main body\">\n<div class=\"t4-section-inner container\">\n<div class=\"t4-row row\">\n<div class=\"t4-col col-12 col-xl\">\n<div id=\"system-message-container\"> \t<\/div>\n<div class=\"com-content-article item-page view-tour-detail\">\n<div class=\"tour-top-info clearfix\">\n<div class=\"pull-left\">\n<div class=\"category-article-dot\">\n<div class=\"category-name\"> \t\t\t\t\t<a href=\"\/sk\/lyziarske-transfery\/transfer-do-lyziarskych-stredisk-v-bratislave\" itemprop=\"genre\">Transfery do ly\u017eiarskych stred\u00edsk v Bratislave<\/a> \t\t\t\t<\/div>\n<\/p><\/div>\n<\/p><\/div>\n<div class=\"pull-right\">\n<div class=\"text-danger tour-price\"> \t\t\t\t\t\t<a href=\"\/sk\/rezervovat-transfer\">Rezervova\u0165<\/a><\/div>\n<\/p><\/div>\n<\/p><\/div>\n<p>  \t <!--\t-->  \t<\/p>\n<div class=\"vm-product-container\">\n<figure class=\"pull-left item-image\">\n<div class=\"main-image\"> \t\t<a title=\"Bratislava to Malino Brdo Ski Resort Transfer\" rel='vm-additional-images' href=\"\/images\/virtuemart\/product\/Bratislava to Malino Brdo Ski Resort Transfer.png\"><img decoding=\"async\"  loading=\"lazy\"  src=\"\/wp-content\/uploads\/2025\/08\/Bratislava-to-Malino-Brdo-Ski-Resort-Transfer-8.png\"  alt=\"Bratislava to Malino Brdo Ski Resort Transfer\"  \/><\/a>\t\t<\/p>\n<div class=\"clear\"><\/div>\n<\/p><\/div>\n<\/figure>\n<div class=\"vm-product-details-container\">\n<div class=\"spacer-buy-area\">    \t\t \t\t<\/div>\n<\/p><\/div>\n<div class=\"clear\"><\/div>\n<\/p><\/div>\n<div class=\"product-description\" >\n<p>Vitajte na str\u00e1nkach hlavnej slu\u017eby transferu z Bratislavy do ly\u017eiarskeho strediska Malino Brdo! Ch\u00e1peme, \u017ee va\u0161a cesta z Bratislavy do malebn\u00e9ho ly\u017eiarskeho strediska Malino Brdo si vy\u017eaduje spo\u013eahliv\u00e9 a pohodln\u00e9 dopravn\u00e9 rie\u0161enie. Neh\u013eadajte \u010falej &#8211; na\u0161e slu\u017eby s\u00fakromn\u00e9ho vodi\u010da a pren\u00e1jmu vozidla s\u00fa odborne navrhnut\u00e9 tak, aby bol v\u00e1\u0161 z\u00e1\u017eitok z prepravy \u010do najplynulej\u0161\u00ed a najpr\u00edjemnej\u0161\u00ed.<\/p>\n<p style=\"text-align: center;\"><a class=\"btn btn-primary\" href=\"\/sk\/rezervovat-transfer-z-na-letisko\">Rezervova\u0165 transfer<\/a><\/p>\n<h2>Na\u0161e slu\u017eby transferu z Bratislavy do strediska Malino Brdo:<\/h2>\n<h3>Osobn\u00fd vodi\u010d:<\/h3>\n<p>Ke\u010f si vyberiete na\u0161e slu\u017eby, neznamen\u00e1 to, \u017ee si len prenaj\u00edmate auto, ale \u017ee si zabezpe\u010dujete odborn\u00e9 znalosti kvalifikovan\u00e9ho a profesion\u00e1lneho s\u00fakromn\u00e9ho vodi\u010da. Na\u0161i vodi\u010di s\u00fa dobre obozn\u00e1men\u00ed s najbezpe\u010dnej\u0161\u00edmi a najefekt\u00edvnej\u0161\u00edmi trasami do ly\u017eiarskeho strediska Malino Brdo a sna\u017eia sa zabezpe\u010di\u0165, aby va\u0161a cesta bola pohodov\u00e1 a bez stresu.<\/p>\n<h3><strong>Transfer:<\/strong><\/h3>\n<p>Pon\u00fakame v\u00fdnimo\u010dn\u00e9 mo\u017enosti prepravy s vozov\u00fdm parkom dobre udr\u017eiavan\u00fdch vozidiel, ktor\u00e9 s\u00fa pohodln\u00e9 a spo\u013eahliv\u00e9. Na\u0161e vozidl\u00e1 s\u00fa vybaven\u00e9 tak, aby sa prisp\u00f4sobili r\u00f4znym ve\u013ekostiam skup\u00edn a potreb\u00e1m bato\u017einy, \u010d\u00edm zabezpe\u010dia, \u017ee va\u0161a cesta z Bratislavy do ly\u017eiarskeho strediska Malino Brdo bude bezprobl\u00e9mov\u00e1.<\/p>\n<h3>Pren\u00e1jom auta:<\/h3>\n<p>Na\u0161a slu\u017eba pren\u00e1jmu vozidiel v\u00e1m umo\u017en\u00ed vybra\u0165 si vozidlo, ktor\u00e9 najlep\u0161ie vyhovuje va\u0161im potreb\u00e1m. \u010ci u\u017e cestujete sami, s rodinou alebo v skupine, m\u00e1me pre v\u00e1s \u0161irok\u00fa \u0161k\u00e1lu mo\u017enost\u00ed, ktor\u00e9 vyhovuj\u00fa va\u0161im preferenci\u00e1m.<\/p>\n<p><img decoding=\"async\" title=\"transfer-z-bratislavy-do-ly\u017eiarskeho-strediska-malino-brdo\" src=\"\/wp-content\/uploads\/2025\/08\/transfer-z-bratislavy-do-lyiarskeho-strediska-malino-brdo.jpg\" alt=\"transfer-z-bratislavy-do-ly\u017eiarskeho-strediska-malino-brdo\" \/><\/p>\n<h4>Pre\u010do si vybra\u0165 pr\u00e1ve n\u00e1s?<\/h4>\n<ul>\n<li style=\"font-weight: 400;\"><strong>Dochv\u00ed\u013enos\u0165:<\/strong> Pri pl\u00e1novan\u00ed ly\u017eiarskeho z\u00e1jazdu si uvedomujeme d\u00f4le\u017eitos\u0165 \u010dasu. N\u00e1\u0161 s\u00fakromn\u00fd vodi\u010d sa postar\u00e1 o to, aby ste do cie\u013ea pri\u0161li v\u010das a mohli si de\u0148 na svahu u\u017ei\u0165 naplno.<\/li>\n<li style=\"font-weight: 400;\"><strong>Pohodlie:<\/strong> Na\u0161e vozidl\u00e1 s\u00fa dobre udr\u017eiavan\u00e9 a navrhnut\u00e9 pre va\u0161e pohodlie, \u010do zaru\u010duje bezprobl\u00e9mov\u00fa a pr\u00edjemn\u00fa cestu.<\/li>\n<li style=\"font-weight: 400;\"><strong>Bezpe\u010dnos\u0165:<\/strong> Bezpe\u010dnos\u0165 je na\u0161ou najvy\u0161\u0161ou prioritou. M\u00f4\u017eete si by\u0165 ist\u00ed, \u017ee na\u0161i s\u00fakromn\u00ed vodi\u010di s\u00fa vysoko kvalifikovan\u00ed a na\u0161e vozidl\u00e1 sp\u013a\u0148aj\u00fa v\u0161etky bezpe\u010dnostn\u00e9 normy.<\/li>\n<li style=\"font-weight: 400;\"><strong>Pohodlie:<\/strong> Na\u0161e slu\u017eby s\u00fa zameran\u00e9 na to, aby bola va\u0161a preprava z Bratislavy do ly\u017eiarskeho strediska Malino Brdo \u010do najpohodlnej\u0161ia. M\u00f4\u017eeme v\u00e1s vyzdvihn\u00fa\u0165 z ktor\u00e9hoko\u013evek miesta v Bratislave a vysadi\u0165 v\u00e1s na po\u017eadovanom mieste v r\u00e1mci ly\u017eiarskeho strediska Malino Brdo.<\/li>\n<li style=\"font-weight: 400;\"><strong>Konkuren\u010dn\u00e9 ceny:<\/strong> Pon\u00fakame konkurencieschopn\u00e9 ceny bez kompromisov v kvalite slu\u017eieb. Na\u0161e ceny s\u00fa pre v\u00e1s f\u00e9rov\u00e9 a transparentn\u00e9.<\/li>\n<\/ul>\n<p style=\"text-align: center;\"><a class=\"btn btn-primary\" href=\"\/sk\/rezervovat-transfer-z-na-letisko\">Rezervova\u0165 transfer<\/a><\/p>\n<p>Pl\u00e1novanie cesty do ly\u017eiarskeho strediska Malino Brdo nebolo nikdy jednoduch\u0161ie. \u010ci u\u017e sa chyst\u00e1te na jednod\u0148ov\u00e9 dobrodru\u017estvo alebo na dlh\u0161\u00ed pobyt, na\u0161a slu\u017eba transferu z Bratislavy do ly\u017eiarskeho strediska Malino Brdo je tu, aby sa va\u0161a cesta stala nezabudnute\u013enou s\u00fa\u010das\u0165ou v\u00e1\u0161ho ly\u017eiarskeho z\u00e1\u017eitku. Zarezervujte si u n\u00e1s prepravu e\u0161te dnes a u\u017eite si cestu bez stresu do jednej z najkraj\u0161\u00edch ly\u017eiarskych destin\u00e1ci\u00ed na Slovensku.<\/p>\n<\/p><\/div>\n<div class=\"product-price-container\">\n<div class=\"sale-price\"> \t\t<\/div>\n<\/p><\/div>\n<div class=\"options\"><\/div>\n<div> \t\t<\/div>\n<p>   \t        <script type=\"text\/javascript\" ><\/script>  <script type=\"text\/javascript\" ><\/script> <script type=\"text\/javascript\" ><\/script>  <script type=\"text\/javascript\" ><\/script> <script type=\"text\/javascript\" ><\/script> <script type=\"text\/javascript\" ><\/script> <script type=\"text\/javascript\" ><\/script> <\/div>\n<p> \t\t<!-- \u041f\u043b\u0430\u0433\u0438\u043d \u0440\u0435\u0439\u0442\u0438\u043d\u0433\u0430 --> <\/p>\n<div class=\"vrvote-body\">\n<ul class=\"vrvote-ul\">\n<li id=\"rating_142\" class=\"current-rating\" style=\"width:98.75%;\"><\/li>\n<li> \t\t\t\t\t\t<a class=\"vr-one-star\" onclick=\"javascript:JSVRvote(142,1,79,16,0)\" href=\"javascript:void(null)\">1<\/a> \t\t\t\t\t<\/li>\n<li> \t\t\t\t\t\t<a class=\"vr-two-stars\" onclick=\"javascript:JSVRvote(142,2,79,16,0)\" href=\"javascript:void(null)\">2<\/a> \t\t\t\t\t<\/li>\n<li> \t\t\t\t\t\t<a class=\"vr-three-stars\" onclick=\"javascript:JSVRvote(142,3,79,16,0)\" href=\"javascript:void(null)\">3<\/a> \t\t\t\t\t<\/li>\n<li> \t\t\t\t\t\t<a class=\"vr-four-stars\" onclick=\"javascript:JSVRvote(142,4,79,16,0)\" href=\"javascript:void(null)\">4<\/a> \t\t\t\t\t<\/li>\n<li> \t\t\t\t\t\t<a class=\"vr-five-stars\" onclick=\"javascript:JSVRvote(142,5,79,16,0)\" href=\"javascript:void(null)\">5<\/a> \t\t\t\t\t<\/li>\n<\/ul><\/div>\n<p> \t\t\t<span id=\"vrvote_142\" class=\"vrvote-count\"><small><\/small><\/span>\t<\/span><script type=\"application\/ld+json\"><\/script>   <\/div>\n<div class=\"t4-col sidebar-r col-12 col-xl-4\">\n<div class=\"t4-module module\" id=\"Mod306\">\n<div class=\"module-inner\">\n<div class=\"module-ct\">\n<div class=\"bannergroup\">\n<div class=\"banneritem\"> \t\t\t\t\t\t\t\t\t\t\t\t\t\t\t\t\t\t\t\t\t\t\t\t\t\t\t\t\t\t\t\t\t\t\t\t\t\t\t\t\t\t\t\t\t\t\t\t\t\t<img \t\t\t\t\t\tsrc=\"\/wp-content\/uploads\/2025\/08\/banner-transfer-europe-sk-520.png\" \t\t\t\t\t\talt=\"Banner-sk\" \t\t\t\t\t\t\t\t\t\t\t\t\t\t\t\t\t\/> \t\t\t\t\t\t\t\t\t\t\t<\/p>\n<div class=\"clr\"><\/div>\n<\/p><\/div>\n<\/p><\/div>\n<\/p><\/div>\n<\/div>\n<\/div><\/div>\n<\/p><\/div>\n<\/div><\/div>\n<div id=\"t4-section-8\" class=\"t4-section  t4-section-8  section-border-top\" role=\"section-8\">\n<div class=\"bg-overlay bg-overlay-image\">&nbsp;<\/div>\n<\/p><\/div>\n<p>  <a href='javascript:' id='back-to-top'><i class='fa fa-chevron-up'><\/i><\/a>                <\/p>\n","protected":false},"excerpt":{"rendered":"<p>Transfer z Bratislavy do ly\u017eiarskeho strediska Malino Brdo Transfery do ly\u017eiarskych stred\u00edsk v Bratislave Rezervova\u0165 Vitajte na str\u00e1nkach hlavnej slu\u017eby transferu z Bratislavy do ly\u017eiarskeho strediska Malino Brdo! Ch\u00e1peme, \u017ee va\u0161a cesta z Bratislavy do malebn\u00e9ho ly\u017eiarskeho strediska Malino Brdo si vy\u017eaduje spo\u013eahliv\u00e9 a pohodln\u00e9 dopravn\u00e9 rie\u0161enie. Neh\u013eadajte \u010falej &#8211; na\u0161e slu\u017eby s\u00fakromn\u00e9ho vodi\u010da a [&hellip;]<\/p>\n","protected":false},"author":1,"featured_media":90253,"parent":20625,"menu_order":0,"comment_status":"closed","ping_status":"closed","template":"","meta":{"footnotes":""},"class_list":["post-90252","page","type-page","status-publish","has-post-thumbnail","hentry"],"yoast_head":"<!-- This site is optimized with the Yoast SEO plugin v25.6 - https:\/\/yoast.com\/wordpress\/plugins\/seo\/ -->\n<title>Transfer z Bratislavy do ly\u017eiarskeho strediska Malino Brdo<\/title>\n<meta name=\"description\" content=\"Rezervujte si transfer z Bratislavy do ly\u017eiarskeho strediska Malino Brdo a u\u017eite si bezprobl\u00e9mov\u00fa cestu s na\u0161imi s\u00fakromn\u00fdmi vodi\u010dmi \u260e +421940904184\" \/>\n<meta name=\"robots\" content=\"index, follow, max-snippet:-1, max-image-preview:large, max-video-preview:-1\" \/>\n<link rel=\"canonical\" href=\"https:\/\/transfereurope.com\/sk\/lyziarske-transfery\/transfer-do-lyziarskych-stredisk-v-bratislave\/transfer-z-bratislavy-do-lyziarskeho-strediska-malino-brdo\/\" \/>\n<meta property=\"og:locale\" content=\"sk_SK\" \/>\n<meta property=\"og:type\" content=\"article\" \/>\n<meta property=\"og:title\" content=\"Transfer z Bratislavy do ly\u017eiarskeho strediska Malino Brdo\" \/>\n<meta property=\"og:description\" content=\"Rezervujte si transfer z Bratislavy do ly\u017eiarskeho strediska Malino Brdo a u\u017eite si bezprobl\u00e9mov\u00fa cestu s na\u0161imi s\u00fakromn\u00fdmi vodi\u010dmi \u260e +421940904184\" \/>\n<meta property=\"og:url\" content=\"https:\/\/transfereurope.com\/sk\/lyziarske-transfery\/transfer-do-lyziarskych-stredisk-v-bratislave\/transfer-z-bratislavy-do-lyziarskeho-strediska-malino-brdo\/\" \/>\n<meta property=\"og:site_name\" content=\"transfereurope\" \/>\n<meta property=\"og:image\" content=\"https:\/\/transfereurope.com\/wp-content\/uploads\/2025\/08\/Bratislava-to-Malino-Brdo-Ski-Resort-Transfer-8-1.png\" \/>\n\t<meta property=\"og:image:width\" content=\"940\" \/>\n\t<meta property=\"og:image:height\" content=\"788\" \/>\n\t<meta property=\"og:image:type\" content=\"image\/png\" \/>\n<meta name=\"twitter:card\" content=\"summary_large_image\" \/>\n<meta name=\"twitter:label1\" content=\"Predpokladan\u00fd \u010das \u010d\u00edtania\" \/>\n\t<meta name=\"twitter:data1\" content=\"3 min\u00faty\" \/>\n<script type=\"application\/ld+json\" class=\"yoast-schema-graph\">{\"@context\":\"https:\/\/schema.org\",\"@graph\":[{\"@type\":\"WebPage\",\"@id\":\"https:\/\/transfereurope.com\/sk\/lyziarske-transfery\/transfer-do-lyziarskych-stredisk-v-bratislave\/transfer-z-bratislavy-do-lyziarskeho-strediska-malino-brdo\/\",\"url\":\"https:\/\/transfereurope.com\/sk\/lyziarske-transfery\/transfer-do-lyziarskych-stredisk-v-bratislave\/transfer-z-bratislavy-do-lyziarskeho-strediska-malino-brdo\/\",\"name\":\"Transfer z Bratislavy do ly\u017eiarskeho strediska Malino Brdo\",\"isPartOf\":{\"@id\":\"https:\/\/transfereurope.com\/sk\/#website\"},\"primaryImageOfPage\":{\"@id\":\"https:\/\/transfereurope.com\/sk\/lyziarske-transfery\/transfer-do-lyziarskych-stredisk-v-bratislave\/transfer-z-bratislavy-do-lyziarskeho-strediska-malino-brdo\/#primaryimage\"},\"image\":{\"@id\":\"https:\/\/transfereurope.com\/sk\/lyziarske-transfery\/transfer-do-lyziarskych-stredisk-v-bratislave\/transfer-z-bratislavy-do-lyziarskeho-strediska-malino-brdo\/#primaryimage\"},\"thumbnailUrl\":\"https:\/\/transfereurope.com\/wp-content\/uploads\/2025\/08\/Bratislava-to-Malino-Brdo-Ski-Resort-Transfer-8-1.png\",\"datePublished\":\"2025-08-06T04:20:56+00:00\",\"description\":\"Rezervujte si transfer z Bratislavy do ly\u017eiarskeho strediska Malino Brdo a u\u017eite si bezprobl\u00e9mov\u00fa cestu s na\u0161imi s\u00fakromn\u00fdmi vodi\u010dmi \u260e +421940904184\",\"breadcrumb\":{\"@id\":\"https:\/\/transfereurope.com\/sk\/lyziarske-transfery\/transfer-do-lyziarskych-stredisk-v-bratislave\/transfer-z-bratislavy-do-lyziarskeho-strediska-malino-brdo\/#breadcrumb\"},\"inLanguage\":\"sk-SK\",\"potentialAction\":[{\"@type\":\"ReadAction\",\"target\":[\"https:\/\/transfereurope.com\/sk\/lyziarske-transfery\/transfer-do-lyziarskych-stredisk-v-bratislave\/transfer-z-bratislavy-do-lyziarskeho-strediska-malino-brdo\/\"]}]},{\"@type\":\"ImageObject\",\"inLanguage\":\"sk-SK\",\"@id\":\"https:\/\/transfereurope.com\/sk\/lyziarske-transfery\/transfer-do-lyziarskych-stredisk-v-bratislave\/transfer-z-bratislavy-do-lyziarskeho-strediska-malino-brdo\/#primaryimage\",\"url\":\"https:\/\/transfereurope.com\/wp-content\/uploads\/2025\/08\/Bratislava-to-Malino-Brdo-Ski-Resort-Transfer-8-1.png\",\"contentUrl\":\"https:\/\/transfereurope.com\/wp-content\/uploads\/2025\/08\/Bratislava-to-Malino-Brdo-Ski-Resort-Transfer-8-1.png\",\"width\":940,\"height\":788},{\"@type\":\"BreadcrumbList\",\"@id\":\"https:\/\/transfereurope.com\/sk\/lyziarske-transfery\/transfer-do-lyziarskych-stredisk-v-bratislave\/transfer-z-bratislavy-do-lyziarskeho-strediska-malino-brdo\/#breadcrumb\",\"itemListElement\":[{\"@type\":\"ListItem\",\"position\":1,\"name\":\"Home\",\"item\":\"https:\/\/transfereurope.com\/sk\/\"},{\"@type\":\"ListItem\",\"position\":2,\"name\":\"Transfer z Bratislavy do ly\u017eiarskeho strediska Malino Brdo\"}]},{\"@type\":\"WebSite\",\"@id\":\"https:\/\/transfereurope.com\/sk\/#website\",\"url\":\"https:\/\/transfereurope.com\/sk\/\",\"name\":\"transfereurope\",\"description\":\"\",\"publisher\":{\"@id\":\"https:\/\/transfereurope.com\/sk\/#organization\"},\"potentialAction\":[{\"@type\":\"SearchAction\",\"target\":{\"@type\":\"EntryPoint\",\"urlTemplate\":\"https:\/\/transfereurope.com\/sk\/?s={search_term_string}\"},\"query-input\":{\"@type\":\"PropertyValueSpecification\",\"valueRequired\":true,\"valueName\":\"search_term_string\"}}],\"inLanguage\":\"sk-SK\"},{\"@type\":\"Organization\",\"@id\":\"https:\/\/transfereurope.com\/sk\/#organization\",\"name\":\"transfereurope\",\"url\":\"https:\/\/transfereurope.com\/sk\/\",\"logo\":{\"@type\":\"ImageObject\",\"inLanguage\":\"sk-SK\",\"@id\":\"https:\/\/transfereurope.com\/sk\/#\/schema\/logo\/image\/\",\"url\":\"https:\/\/transfereurope.com\/wp-content\/uploads\/2025\/08\/TRANSFERS-1655.png\",\"contentUrl\":\"https:\/\/transfereurope.com\/wp-content\/uploads\/2025\/08\/TRANSFERS-1655.png\",\"width\":500,\"height\":274,\"caption\":\"transfereurope\"},\"image\":{\"@id\":\"https:\/\/transfereurope.com\/sk\/#\/schema\/logo\/image\/\"}}]}<\/script>\n<!-- \/ Yoast SEO plugin. -->","yoast_head_json":{"title":"Transfer z Bratislavy do ly\u017eiarskeho strediska Malino Brdo","description":"Rezervujte si transfer z Bratislavy do ly\u017eiarskeho strediska Malino Brdo a u\u017eite si bezprobl\u00e9mov\u00fa cestu s na\u0161imi s\u00fakromn\u00fdmi vodi\u010dmi \u260e +421940904184","robots":{"index":"index","follow":"follow","max-snippet":"max-snippet:-1","max-image-preview":"max-image-preview:large","max-video-preview":"max-video-preview:-1"},"canonical":"https:\/\/transfereurope.com\/sk\/lyziarske-transfery\/transfer-do-lyziarskych-stredisk-v-bratislave\/transfer-z-bratislavy-do-lyziarskeho-strediska-malino-brdo\/","og_locale":"sk_SK","og_type":"article","og_title":"Transfer z Bratislavy do ly\u017eiarskeho strediska Malino Brdo","og_description":"Rezervujte si transfer z Bratislavy do ly\u017eiarskeho strediska Malino Brdo a u\u017eite si bezprobl\u00e9mov\u00fa cestu s na\u0161imi s\u00fakromn\u00fdmi vodi\u010dmi \u260e +421940904184","og_url":"https:\/\/transfereurope.com\/sk\/lyziarske-transfery\/transfer-do-lyziarskych-stredisk-v-bratislave\/transfer-z-bratislavy-do-lyziarskeho-strediska-malino-brdo\/","og_site_name":"transfereurope","og_image":[{"width":940,"height":788,"url":"https:\/\/transfereurope.com\/wp-content\/uploads\/2025\/08\/Bratislava-to-Malino-Brdo-Ski-Resort-Transfer-8-1.png","type":"image\/png"}],"twitter_card":"summary_large_image","twitter_misc":{"Predpokladan\u00fd \u010das \u010d\u00edtania":"3 min\u00faty"},"schema":{"@context":"https:\/\/schema.org","@graph":[{"@type":"WebPage","@id":"https:\/\/transfereurope.com\/sk\/lyziarske-transfery\/transfer-do-lyziarskych-stredisk-v-bratislave\/transfer-z-bratislavy-do-lyziarskeho-strediska-malino-brdo\/","url":"https:\/\/transfereurope.com\/sk\/lyziarske-transfery\/transfer-do-lyziarskych-stredisk-v-bratislave\/transfer-z-bratislavy-do-lyziarskeho-strediska-malino-brdo\/","name":"Transfer z Bratislavy do ly\u017eiarskeho strediska Malino Brdo","isPartOf":{"@id":"https:\/\/transfereurope.com\/sk\/#website"},"primaryImageOfPage":{"@id":"https:\/\/transfereurope.com\/sk\/lyziarske-transfery\/transfer-do-lyziarskych-stredisk-v-bratislave\/transfer-z-bratislavy-do-lyziarskeho-strediska-malino-brdo\/#primaryimage"},"image":{"@id":"https:\/\/transfereurope.com\/sk\/lyziarske-transfery\/transfer-do-lyziarskych-stredisk-v-bratislave\/transfer-z-bratislavy-do-lyziarskeho-strediska-malino-brdo\/#primaryimage"},"thumbnailUrl":"https:\/\/transfereurope.com\/wp-content\/uploads\/2025\/08\/Bratislava-to-Malino-Brdo-Ski-Resort-Transfer-8-1.png","datePublished":"2025-08-06T04:20:56+00:00","description":"Rezervujte si transfer z Bratislavy do ly\u017eiarskeho strediska Malino Brdo a u\u017eite si bezprobl\u00e9mov\u00fa cestu s na\u0161imi s\u00fakromn\u00fdmi vodi\u010dmi \u260e +421940904184","breadcrumb":{"@id":"https:\/\/transfereurope.com\/sk\/lyziarske-transfery\/transfer-do-lyziarskych-stredisk-v-bratislave\/transfer-z-bratislavy-do-lyziarskeho-strediska-malino-brdo\/#breadcrumb"},"inLanguage":"sk-SK","potentialAction":[{"@type":"ReadAction","target":["https:\/\/transfereurope.com\/sk\/lyziarske-transfery\/transfer-do-lyziarskych-stredisk-v-bratislave\/transfer-z-bratislavy-do-lyziarskeho-strediska-malino-brdo\/"]}]},{"@type":"ImageObject","inLanguage":"sk-SK","@id":"https:\/\/transfereurope.com\/sk\/lyziarske-transfery\/transfer-do-lyziarskych-stredisk-v-bratislave\/transfer-z-bratislavy-do-lyziarskeho-strediska-malino-brdo\/#primaryimage","url":"https:\/\/transfereurope.com\/wp-content\/uploads\/2025\/08\/Bratislava-to-Malino-Brdo-Ski-Resort-Transfer-8-1.png","contentUrl":"https:\/\/transfereurope.com\/wp-content\/uploads\/2025\/08\/Bratislava-to-Malino-Brdo-Ski-Resort-Transfer-8-1.png","width":940,"height":788},{"@type":"BreadcrumbList","@id":"https:\/\/transfereurope.com\/sk\/lyziarske-transfery\/transfer-do-lyziarskych-stredisk-v-bratislave\/transfer-z-bratislavy-do-lyziarskeho-strediska-malino-brdo\/#breadcrumb","itemListElement":[{"@type":"ListItem","position":1,"name":"Home","item":"https:\/\/transfereurope.com\/sk\/"},{"@type":"ListItem","position":2,"name":"Transfer z Bratislavy do ly\u017eiarskeho strediska Malino Brdo"}]},{"@type":"WebSite","@id":"https:\/\/transfereurope.com\/sk\/#website","url":"https:\/\/transfereurope.com\/sk\/","name":"transfereurope","description":"","publisher":{"@id":"https:\/\/transfereurope.com\/sk\/#organization"},"potentialAction":[{"@type":"SearchAction","target":{"@type":"EntryPoint","urlTemplate":"https:\/\/transfereurope.com\/sk\/?s={search_term_string}"},"query-input":{"@type":"PropertyValueSpecification","valueRequired":true,"valueName":"search_term_string"}}],"inLanguage":"sk-SK"},{"@type":"Organization","@id":"https:\/\/transfereurope.com\/sk\/#organization","name":"transfereurope","url":"https:\/\/transfereurope.com\/sk\/","logo":{"@type":"ImageObject","inLanguage":"sk-SK","@id":"https:\/\/transfereurope.com\/sk\/#\/schema\/logo\/image\/","url":"https:\/\/transfereurope.com\/wp-content\/uploads\/2025\/08\/TRANSFERS-1655.png","contentUrl":"https:\/\/transfereurope.com\/wp-content\/uploads\/2025\/08\/TRANSFERS-1655.png","width":500,"height":274,"caption":"transfereurope"},"image":{"@id":"https:\/\/transfereurope.com\/sk\/#\/schema\/logo\/image\/"}}]}},"_links":{"self":[{"href":"https:\/\/transfereurope.com\/sk\/wp-json\/wp\/v2\/pages\/90252","targetHints":{"allow":["GET"]}}],"collection":[{"href":"https:\/\/transfereurope.com\/sk\/wp-json\/wp\/v2\/pages"}],"about":[{"href":"https:\/\/transfereurope.com\/sk\/wp-json\/wp\/v2\/types\/page"}],"author":[{"embeddable":true,"href":"https:\/\/transfereurope.com\/sk\/wp-json\/wp\/v2\/users\/1"}],"replies":[{"embeddable":true,"href":"https:\/\/transfereurope.com\/sk\/wp-json\/wp\/v2\/comments?post=90252"}],"version-history":[{"count":0,"href":"https:\/\/transfereurope.com\/sk\/wp-json\/wp\/v2\/pages\/90252\/revisions"}],"up":[{"embeddable":true,"href":"https:\/\/transfereurope.com\/sk\/wp-json\/wp\/v2\/pages\/20625"}],"wp:featuredmedia":[{"embeddable":true,"href":"https:\/\/transfereurope.com\/sk\/wp-json\/wp\/v2\/media\/90253"}],"wp:attachment":[{"href":"https:\/\/transfereurope.com\/sk\/wp-json\/wp\/v2\/media?parent=90252"}],"curies":[{"name":"wp","href":"https:\/\/api.w.org\/{rel}","templated":true}]}}