{"id":90048,"date":"2025-08-06T04:18:58","date_gmt":"2025-08-06T04:18:58","guid":{"rendered":"https:\/\/transfereurope.com\/transfer-z-bratislavy-do-lyziarskeho-strediska-pezinska-baba\/"},"modified":"2025-08-06T04:18:58","modified_gmt":"2025-08-06T04:18:58","slug":"transfer-z-bratislavy-do-lyziarskeho-strediska-pezinska-baba","status":"publish","type":"page","link":"https:\/\/transfereurope.com\/sk\/lyziarske-transfery\/transfer-do-lyziarskych-stredisk-v-bratislave\/transfer-z-bratislavy-do-lyziarskeho-strediska-pezinska-baba\/","title":{"rendered":"Transfer z Bratislavy do ly\u017eiarskeho strediska Pezinsk\u00e1 Baba"},"content":{"rendered":"\n<div id=\"t4-masthead\" class=\"t4-section  t4-masthead\">\n<div class=\"t4-col text-center\">\n<div class=\"ja-masthead\" >\n<div class=\"ja-masthead-detail\">\n<h1 class=\"ja-masthead-title\">Transfer z Bratislavy do ly\u017eiarskeho strediska Pezinsk\u00e1 Baba<\/h1>\n<p>                 <!---->            <\/p>\n<div class=\"block-breadcrumb\">                       <\/div>\n<\/p><\/div>\n<\/p><\/div>\n<pre><\/pre>\n<\/div>\n<\/div>\n<div id=\"t4-main-body\" class=\"t4-section  t4-main-body\" role=\"main body\">\n<div class=\"t4-section-inner container\">\n<div class=\"t4-row row\">\n<div class=\"t4-col col-12 col-xl\">\n<div id=\"system-message-container\"> \t<\/div>\n<div class=\"com-content-article item-page view-tour-detail\">\n<div class=\"tour-top-info clearfix\">\n<div class=\"pull-left\">\n<div class=\"category-article-dot\">\n<div class=\"category-name\"> \t\t\t\t\t<a href=\"\/sk\/lyziarske-transfery\/transfer-do-lyziarskych-stredisk-v-bratislave\" itemprop=\"genre\">Transfery do ly\u017eiarskych stred\u00edsk v Bratislave<\/a> \t\t\t\t<\/div>\n<\/p><\/div>\n<\/p><\/div>\n<div class=\"pull-right\">\n<div class=\"text-danger tour-price\"> \t\t\t\t\t\t<a href=\"\/sk\/rezervovat-transfer\">Rezervova\u0165<\/a><\/div>\n<\/p><\/div>\n<\/p><\/div>\n<p>  \t <!--\t-->  \t<\/p>\n<div class=\"vm-product-container\">\n<figure class=\"pull-left item-image\">\n<div class=\"main-image\"> \t\t<a  rel='vm-additional-images' href=\"\/images\/virtuemart\/product\/bratislava-to-pezinska-baba-ski-resort-transfer.png\"><img decoding=\"async\"  loading=\"lazy\"  src=\"\/wp-content\/uploads\/2025\/08\/bratislava-to-pezinska-baba-ski-resort-transfer-2.png\"  \/><\/a>\t\t<\/p>\n<div class=\"clear\"><\/div>\n<\/p><\/div>\n<\/figure>\n<div class=\"vm-product-details-container\">\n<div class=\"spacer-buy-area\">    \t\t \t\t<\/div>\n<\/p><\/div>\n<div class=\"clear\"><\/div>\n<\/p><\/div>\n<div class=\"product-description\" >\n<p>Pl\u00e1nujete zimn\u00fd v\u00fdlet z Bratislavy do ly\u017eiarskeho strediska Pezinsk\u00e1 Baba? Na\u0161e slu\u017eby s\u00fakromn\u00e9ho vodi\u010da a pren\u00e1jmu auta s\u00fa ide\u00e1lnym rie\u0161en\u00edm pre pohodln\u00fa a bezprobl\u00e9mov\u00fa cestu na svahy.<\/p>\n<p style=\"text-align: center;\"><a class=\"btn btn-primary\" href=\"\/sk\/rezervovat-transfer-z-na-letisko\">Rezervova\u0165 transfer<\/a><\/p>\n<h2>Na\u0161e slu\u017eby transferu z Bratislavy do ly\u017eiarskeho strediska Pezinsk\u00e1 Baba:<\/h2>\n<h3>Osobn\u00fd vodi\u010d:<\/h3>\n<p>Na\u0161i sk\u00fasen\u00ed a profesion\u00e1lni vodi\u010di sa postaraj\u00fa o va\u0161u bezpe\u010dnos\u0165 a pohodlie po\u010das celej cesty. Dobre poznaj\u00fa miestne cesty a poveternostn\u00e9 podmienky, tak\u017ee va\u0161a cesta do ly\u017eiarskeho strediska Pezinsk\u00e1 Baba bude bezprobl\u00e9mov\u00e1 a pr\u00edjemn\u00e1. Rozl\u00fa\u010dte sa so stresom z navig\u00e1cie v nezn\u00e1mom ter\u00e9ne alebo s probl\u00e9mami pri parkovan\u00ed.<\/p>\n<h3><strong>Transfer: <\/strong><\/h3>\n<p>Pon\u00fakame \u0161irok\u00fa \u0161k\u00e1lu vozidiel, ktor\u00e9 vyhovuj\u00fa ve\u013ekosti a preferenci\u00e1m va\u0161ej skupiny, od pohodln\u00fdch sedanov a\u017e po priestrann\u00e9 SUV. Bez oh\u013eadu na ve\u013ekos\u0165 va\u0161ej skupiny m\u00e1me ide\u00e1lne rie\u0161enie prepravy, ktor\u00e9 pohodlne pojme v\u00e1s aj va\u0161e ly\u017eiarske vybavenie.<\/p>\n<h3>Pren\u00e1jom auta:<\/h3>\n<p>Ak si chcete sadn\u00fa\u0165 za volant sami, pon\u00fakame aj slu\u017eby pren\u00e1jmu auta. K dispoz\u00edcii s\u00fa v\u00e1m na\u0161e dobre udr\u017eiavan\u00e9 a na zimu pripraven\u00e9 vozidl\u00e1, ktor\u00e9 v\u00e1m umo\u017enia flexibilne presk\u00fama\u0165 oblas\u0165 vlastn\u00fdm tempom.<\/p>\n<p><img decoding=\"async\" title=\"transfer-z-bratislavy-do-lyziarskeho-strediska-pezinska-baba\" src=\"\/wp-content\/uploads\/2025\/08\/transfer-z-bratislavy-do-lyziarskeho-strediska-pezinska-baba.jpg\" alt=\"transfer-z-bratislavy-do-lyziarskeho-strediska-pezinska-baba\" \/><\/p>\n<h4>Pre\u010do si vybra\u0165 pr\u00e1ve n\u00e1s?<\/h4>\n<ul>\n<li><strong>Spo\u013eahlivos\u0165:<\/strong> N\u00e1\u0161 t\u00edm je hrd\u00fd na to, \u017ee je presn\u00fd a spo\u013eahliv\u00fd. Ch\u00e1peme, \u017ee v\u00e1\u0161 \u010das je vz\u00e1cny, a preto sa postar\u00e1me o to, aby ste do cie\u013ea dorazili bez me\u0161kania.<\/li>\n<li><strong>Pohodlie:<\/strong> Na\u0161e vozidl\u00e1 s\u00fa vybaven\u00e9 v\u0161etk\u00fdm komfortom, ktor\u00fd potrebujete na pohodln\u00fa a relaxa\u010dn\u00fa cestu. M\u00f4\u017eete sa pohodlne usadi\u0165, vychutna\u0165 si vyhliadkov\u00fa jazdu a do ly\u017eiarskeho strediska dorazi\u0165 odd\u00fdchnut\u00ed.<\/li>\n<li><strong>Znalos\u0165 miestnych pomerov:<\/strong> Na\u0161i vodi\u010di s\u00fa miestni obyvatelia, ktor\u00ed t\u00fato oblas\u0165 dobre poznaj\u00fa, \u010do znamen\u00e1, \u017ee v\u00e1m m\u00f4\u017eu poskytn\u00fa\u0165 cenn\u00e9 poznatky a odpor\u00fa\u010dania pre v\u00e1\u0161 pobyt v ly\u017eiarskom stredisku Pezinsk\u00e1 Baba.<\/li>\n<li><strong>Bezpe\u010dnos\u0165:<\/strong> Bezpe\u010dnos\u0165 je na\u0161ou najvy\u0161\u0161ou prioritou. Na\u0161e vozidl\u00e1 s\u00fa pravidelne udr\u017eiavan\u00e9 a vybaven\u00e9 bezpe\u010dnostn\u00fdmi prvkami, \u010do zaru\u010duje bezpe\u010dn\u00fa a bezstarostn\u00fa cestu.<\/li>\n<li><strong>Pohodlie:<\/strong> V\u00fdberom na\u0161ich slu\u017eieb sa zbav\u00edte stresu z organizovania dopravy, parkovania a navig\u00e1cie po nezn\u00e1mych cest\u00e1ch. U\u013eah\u010d\u00edme v\u00e1m s\u00fastredi\u0165 sa na z\u00e1bavu a dobrodru\u017estvo pri ly\u017eova\u010dke.<\/li>\n<\/ul>\n<p style=\"text-align: center;\"><a class=\"btn btn-primary\" href=\"\/sk\/rezervovat-transfer-z-na-letisko\">Rezervova\u0165 transfer<\/a><\/p>\n<p>Pre\u010do si teda vybra\u0165 n\u00e1s pre svoj transfer z Bratislavy do ly\u017eiarskeho strediska Pezinsk\u00e1 Baba? Preto\u017ee pon\u00fakame spo\u013eahliv\u00fd, pohodln\u00fd a komfortn\u00fd sp\u00f4sob, ako sa dosta\u0165 do va\u0161ej zimnej destin\u00e1cie. Nechajte n\u00e1s postara\u0165 sa o detaily prepravy, aby ste sa mohli s\u00fastredi\u0165 na u\u017e\u00edvanie si zjazdoviek a vytv\u00e1ranie nezabudnute\u013en\u00fdch spomienok v ly\u017eiarskom stredisku. Rezervujte si transfer e\u0161te dnes a pripravte sa na nezabudnute\u013en\u00e9 zimn\u00e9 dobrodru\u017estvo!<\/p>\n<\/p><\/div>\n<div class=\"product-price-container\">\n<div class=\"sale-price\"> \t\t<\/div>\n<\/p><\/div>\n<div class=\"options\"><\/div>\n<div> \t\t<\/div>\n<p>   \t        <script type=\"text\/javascript\" ><\/script>  <script type=\"text\/javascript\" ><\/script> <script type=\"text\/javascript\" ><\/script>  <script type=\"text\/javascript\" ><\/script> <script type=\"text\/javascript\" ><\/script> <script type=\"text\/javascript\" ><\/script> <script type=\"text\/javascript\" ><\/script> <\/div>\n<p> \t\t<!-- \u041f\u043b\u0430\u0433\u0438\u043d \u0440\u0435\u0439\u0442\u0438\u043d\u0433\u0430 --> <\/p>\n<div class=\"vrvote-body\">\n<ul class=\"vrvote-ul\">\n<li id=\"rating_144\" class=\"current-rating\" style=\"width:98.46%;\"><\/li>\n<li> \t\t\t\t\t\t<a class=\"vr-one-star\" onclick=\"javascript:JSVRvote(144,1,64,13,0)\" href=\"javascript:void(null)\">1<\/a> \t\t\t\t\t<\/li>\n<li> \t\t\t\t\t\t<a class=\"vr-two-stars\" onclick=\"javascript:JSVRvote(144,2,64,13,0)\" href=\"javascript:void(null)\">2<\/a> \t\t\t\t\t<\/li>\n<li> \t\t\t\t\t\t<a class=\"vr-three-stars\" onclick=\"javascript:JSVRvote(144,3,64,13,0)\" href=\"javascript:void(null)\">3<\/a> \t\t\t\t\t<\/li>\n<li> \t\t\t\t\t\t<a class=\"vr-four-stars\" onclick=\"javascript:JSVRvote(144,4,64,13,0)\" href=\"javascript:void(null)\">4<\/a> \t\t\t\t\t<\/li>\n<li> \t\t\t\t\t\t<a class=\"vr-five-stars\" onclick=\"javascript:JSVRvote(144,5,64,13,0)\" href=\"javascript:void(null)\">5<\/a> \t\t\t\t\t<\/li>\n<\/ul><\/div>\n<p> \t\t\t<span id=\"vrvote_144\" class=\"vrvote-count\"><small><\/small><\/span>\t<\/span><script type=\"application\/ld+json\"><\/script>   <\/div>\n<div class=\"t4-col sidebar-r col-12 col-xl-4\">\n<div class=\"t4-module module\" id=\"Mod306\">\n<div class=\"module-inner\">\n<div class=\"module-ct\">\n<div class=\"bannergroup\">\n<div class=\"banneritem\"> \t\t\t\t\t\t\t\t\t\t\t\t\t\t\t\t\t\t\t\t\t\t\t\t\t\t\t\t\t\t\t\t\t\t\t\t\t\t\t\t\t\t\t\t\t\t\t\t\t\t<img \t\t\t\t\t\tsrc=\"\/wp-content\/uploads\/2025\/08\/banner-transfer-europe-sk-518.png\" \t\t\t\t\t\talt=\"Banner-sk\" \t\t\t\t\t\t\t\t\t\t\t\t\t\t\t\t\t\/> \t\t\t\t\t\t\t\t\t\t\t<\/p>\n<div class=\"clr\"><\/div>\n<\/p><\/div>\n<\/p><\/div>\n<\/p><\/div>\n<\/div>\n<\/div><\/div>\n<\/p><\/div>\n<\/div><\/div>\n<div id=\"t4-section-8\" class=\"t4-section  t4-section-8  section-border-top\" role=\"section-8\">\n<div class=\"bg-overlay bg-overlay-image\">&nbsp;<\/div>\n<\/p><\/div>\n<p>  <a href='javascript:' id='back-to-top'><i class='fa fa-chevron-up'><\/i><\/a>                <\/p>\n","protected":false},"excerpt":{"rendered":"<p>Transfer z Bratislavy do ly\u017eiarskeho strediska Pezinsk\u00e1 Baba Transfery do ly\u017eiarskych stred\u00edsk v Bratislave Rezervova\u0165 Pl\u00e1nujete zimn\u00fd v\u00fdlet z Bratislavy do ly\u017eiarskeho strediska Pezinsk\u00e1 Baba? Na\u0161e slu\u017eby s\u00fakromn\u00e9ho vodi\u010da a pren\u00e1jmu auta s\u00fa ide\u00e1lnym rie\u0161en\u00edm pre pohodln\u00fa a bezprobl\u00e9mov\u00fa cestu na svahy. Rezervova\u0165 transfer Na\u0161e slu\u017eby transferu z Bratislavy do ly\u017eiarskeho strediska Pezinsk\u00e1 Baba: Osobn\u00fd [&hellip;]<\/p>\n","protected":false},"author":1,"featured_media":90049,"parent":20625,"menu_order":0,"comment_status":"closed","ping_status":"closed","template":"","meta":{"footnotes":""},"class_list":["post-90048","page","type-page","status-publish","has-post-thumbnail","hentry"],"yoast_head":"<!-- This site is optimized with the Yoast SEO plugin v25.6 - https:\/\/yoast.com\/wordpress\/plugins\/seo\/ -->\n<title>Transfer z Bratislavy do ly\u017eiarskeho strediska Pezinsk\u00e1 Baba | Bezstarostn\u00e9 cestovanie<\/title>\n<meta name=\"description\" content=\"Rezervujte si transfer z Bratislavy do ly\u017eiarskeho strediska Pezinsk\u00e1 Baba a cestujte bez stresu. Kontaktujte n\u00e1s na \u260e +421940904184 pre bezprobl\u00e9mov\u00e9 cestovanie.\" \/>\n<meta name=\"robots\" content=\"index, follow, max-snippet:-1, max-image-preview:large, max-video-preview:-1\" \/>\n<link rel=\"canonical\" href=\"https:\/\/transfereurope.com\/sk\/lyziarske-transfery\/transfer-do-lyziarskych-stredisk-v-bratislave\/transfer-z-bratislavy-do-lyziarskeho-strediska-pezinska-baba\/\" \/>\n<meta property=\"og:locale\" content=\"sk_SK\" \/>\n<meta property=\"og:type\" content=\"article\" \/>\n<meta property=\"og:title\" content=\"Transfer z Bratislavy do ly\u017eiarskeho strediska Pezinsk\u00e1 Baba | Bezstarostn\u00e9 cestovanie\" \/>\n<meta property=\"og:description\" content=\"Rezervujte si transfer z Bratislavy do ly\u017eiarskeho strediska Pezinsk\u00e1 Baba a cestujte bez stresu. Kontaktujte n\u00e1s na \u260e +421940904184 pre bezprobl\u00e9mov\u00e9 cestovanie.\" \/>\n<meta property=\"og:url\" content=\"https:\/\/transfereurope.com\/sk\/lyziarske-transfery\/transfer-do-lyziarskych-stredisk-v-bratislave\/transfer-z-bratislavy-do-lyziarskeho-strediska-pezinska-baba\/\" \/>\n<meta property=\"og:site_name\" content=\"transfereurope\" \/>\n<meta property=\"og:image\" content=\"https:\/\/transfereurope.com\/wp-content\/uploads\/2025\/08\/bratislava-to-pezinska-baba-ski-resort-transfer-2-1.png\" \/>\n\t<meta property=\"og:image:width\" content=\"940\" \/>\n\t<meta property=\"og:image:height\" content=\"788\" \/>\n\t<meta property=\"og:image:type\" content=\"image\/png\" \/>\n<meta name=\"twitter:card\" content=\"summary_large_image\" \/>\n<meta name=\"twitter:label1\" content=\"Predpokladan\u00fd \u010das \u010d\u00edtania\" \/>\n\t<meta name=\"twitter:data1\" content=\"3 min\u00faty\" \/>\n<script type=\"application\/ld+json\" class=\"yoast-schema-graph\">{\"@context\":\"https:\/\/schema.org\",\"@graph\":[{\"@type\":\"WebPage\",\"@id\":\"https:\/\/transfereurope.com\/sk\/lyziarske-transfery\/transfer-do-lyziarskych-stredisk-v-bratislave\/transfer-z-bratislavy-do-lyziarskeho-strediska-pezinska-baba\/\",\"url\":\"https:\/\/transfereurope.com\/sk\/lyziarske-transfery\/transfer-do-lyziarskych-stredisk-v-bratislave\/transfer-z-bratislavy-do-lyziarskeho-strediska-pezinska-baba\/\",\"name\":\"Transfer z Bratislavy do ly\u017eiarskeho strediska Pezinsk\u00e1 Baba | Bezstarostn\u00e9 cestovanie\",\"isPartOf\":{\"@id\":\"https:\/\/transfereurope.com\/sk\/#website\"},\"primaryImageOfPage\":{\"@id\":\"https:\/\/transfereurope.com\/sk\/lyziarske-transfery\/transfer-do-lyziarskych-stredisk-v-bratislave\/transfer-z-bratislavy-do-lyziarskeho-strediska-pezinska-baba\/#primaryimage\"},\"image\":{\"@id\":\"https:\/\/transfereurope.com\/sk\/lyziarske-transfery\/transfer-do-lyziarskych-stredisk-v-bratislave\/transfer-z-bratislavy-do-lyziarskeho-strediska-pezinska-baba\/#primaryimage\"},\"thumbnailUrl\":\"https:\/\/transfereurope.com\/wp-content\/uploads\/2025\/08\/bratislava-to-pezinska-baba-ski-resort-transfer-2-1.png\",\"datePublished\":\"2025-08-06T04:18:58+00:00\",\"description\":\"Rezervujte si transfer z Bratislavy do ly\u017eiarskeho strediska Pezinsk\u00e1 Baba a cestujte bez stresu. Kontaktujte n\u00e1s na \u260e +421940904184 pre bezprobl\u00e9mov\u00e9 cestovanie.\",\"breadcrumb\":{\"@id\":\"https:\/\/transfereurope.com\/sk\/lyziarske-transfery\/transfer-do-lyziarskych-stredisk-v-bratislave\/transfer-z-bratislavy-do-lyziarskeho-strediska-pezinska-baba\/#breadcrumb\"},\"inLanguage\":\"sk-SK\",\"potentialAction\":[{\"@type\":\"ReadAction\",\"target\":[\"https:\/\/transfereurope.com\/sk\/lyziarske-transfery\/transfer-do-lyziarskych-stredisk-v-bratislave\/transfer-z-bratislavy-do-lyziarskeho-strediska-pezinska-baba\/\"]}]},{\"@type\":\"ImageObject\",\"inLanguage\":\"sk-SK\",\"@id\":\"https:\/\/transfereurope.com\/sk\/lyziarske-transfery\/transfer-do-lyziarskych-stredisk-v-bratislave\/transfer-z-bratislavy-do-lyziarskeho-strediska-pezinska-baba\/#primaryimage\",\"url\":\"https:\/\/transfereurope.com\/wp-content\/uploads\/2025\/08\/bratislava-to-pezinska-baba-ski-resort-transfer-2-1.png\",\"contentUrl\":\"https:\/\/transfereurope.com\/wp-content\/uploads\/2025\/08\/bratislava-to-pezinska-baba-ski-resort-transfer-2-1.png\",\"width\":940,\"height\":788},{\"@type\":\"BreadcrumbList\",\"@id\":\"https:\/\/transfereurope.com\/sk\/lyziarske-transfery\/transfer-do-lyziarskych-stredisk-v-bratislave\/transfer-z-bratislavy-do-lyziarskeho-strediska-pezinska-baba\/#breadcrumb\",\"itemListElement\":[{\"@type\":\"ListItem\",\"position\":1,\"name\":\"Home\",\"item\":\"https:\/\/transfereurope.com\/sk\/\"},{\"@type\":\"ListItem\",\"position\":2,\"name\":\"Transfer z Bratislavy do ly\u017eiarskeho strediska Pezinsk\u00e1 Baba\"}]},{\"@type\":\"WebSite\",\"@id\":\"https:\/\/transfereurope.com\/sk\/#website\",\"url\":\"https:\/\/transfereurope.com\/sk\/\",\"name\":\"transfereurope\",\"description\":\"\",\"publisher\":{\"@id\":\"https:\/\/transfereurope.com\/sk\/#organization\"},\"potentialAction\":[{\"@type\":\"SearchAction\",\"target\":{\"@type\":\"EntryPoint\",\"urlTemplate\":\"https:\/\/transfereurope.com\/sk\/?s={search_term_string}\"},\"query-input\":{\"@type\":\"PropertyValueSpecification\",\"valueRequired\":true,\"valueName\":\"search_term_string\"}}],\"inLanguage\":\"sk-SK\"},{\"@type\":\"Organization\",\"@id\":\"https:\/\/transfereurope.com\/sk\/#organization\",\"name\":\"transfereurope\",\"url\":\"https:\/\/transfereurope.com\/sk\/\",\"logo\":{\"@type\":\"ImageObject\",\"inLanguage\":\"sk-SK\",\"@id\":\"https:\/\/transfereurope.com\/sk\/#\/schema\/logo\/image\/\",\"url\":\"https:\/\/transfereurope.com\/wp-content\/uploads\/2025\/08\/TRANSFERS-1655.png\",\"contentUrl\":\"https:\/\/transfereurope.com\/wp-content\/uploads\/2025\/08\/TRANSFERS-1655.png\",\"width\":500,\"height\":274,\"caption\":\"transfereurope\"},\"image\":{\"@id\":\"https:\/\/transfereurope.com\/sk\/#\/schema\/logo\/image\/\"}}]}<\/script>\n<!-- \/ Yoast SEO plugin. -->","yoast_head_json":{"title":"Transfer z Bratislavy do ly\u017eiarskeho strediska Pezinsk\u00e1 Baba | Bezstarostn\u00e9 cestovanie","description":"Rezervujte si transfer z Bratislavy do ly\u017eiarskeho strediska Pezinsk\u00e1 Baba a cestujte bez stresu. Kontaktujte n\u00e1s na \u260e +421940904184 pre bezprobl\u00e9mov\u00e9 cestovanie.","robots":{"index":"index","follow":"follow","max-snippet":"max-snippet:-1","max-image-preview":"max-image-preview:large","max-video-preview":"max-video-preview:-1"},"canonical":"https:\/\/transfereurope.com\/sk\/lyziarske-transfery\/transfer-do-lyziarskych-stredisk-v-bratislave\/transfer-z-bratislavy-do-lyziarskeho-strediska-pezinska-baba\/","og_locale":"sk_SK","og_type":"article","og_title":"Transfer z Bratislavy do ly\u017eiarskeho strediska Pezinsk\u00e1 Baba | Bezstarostn\u00e9 cestovanie","og_description":"Rezervujte si transfer z Bratislavy do ly\u017eiarskeho strediska Pezinsk\u00e1 Baba a cestujte bez stresu. Kontaktujte n\u00e1s na \u260e +421940904184 pre bezprobl\u00e9mov\u00e9 cestovanie.","og_url":"https:\/\/transfereurope.com\/sk\/lyziarske-transfery\/transfer-do-lyziarskych-stredisk-v-bratislave\/transfer-z-bratislavy-do-lyziarskeho-strediska-pezinska-baba\/","og_site_name":"transfereurope","og_image":[{"width":940,"height":788,"url":"https:\/\/transfereurope.com\/wp-content\/uploads\/2025\/08\/bratislava-to-pezinska-baba-ski-resort-transfer-2-1.png","type":"image\/png"}],"twitter_card":"summary_large_image","twitter_misc":{"Predpokladan\u00fd \u010das \u010d\u00edtania":"3 min\u00faty"},"schema":{"@context":"https:\/\/schema.org","@graph":[{"@type":"WebPage","@id":"https:\/\/transfereurope.com\/sk\/lyziarske-transfery\/transfer-do-lyziarskych-stredisk-v-bratislave\/transfer-z-bratislavy-do-lyziarskeho-strediska-pezinska-baba\/","url":"https:\/\/transfereurope.com\/sk\/lyziarske-transfery\/transfer-do-lyziarskych-stredisk-v-bratislave\/transfer-z-bratislavy-do-lyziarskeho-strediska-pezinska-baba\/","name":"Transfer z Bratislavy do ly\u017eiarskeho strediska Pezinsk\u00e1 Baba | Bezstarostn\u00e9 cestovanie","isPartOf":{"@id":"https:\/\/transfereurope.com\/sk\/#website"},"primaryImageOfPage":{"@id":"https:\/\/transfereurope.com\/sk\/lyziarske-transfery\/transfer-do-lyziarskych-stredisk-v-bratislave\/transfer-z-bratislavy-do-lyziarskeho-strediska-pezinska-baba\/#primaryimage"},"image":{"@id":"https:\/\/transfereurope.com\/sk\/lyziarske-transfery\/transfer-do-lyziarskych-stredisk-v-bratislave\/transfer-z-bratislavy-do-lyziarskeho-strediska-pezinska-baba\/#primaryimage"},"thumbnailUrl":"https:\/\/transfereurope.com\/wp-content\/uploads\/2025\/08\/bratislava-to-pezinska-baba-ski-resort-transfer-2-1.png","datePublished":"2025-08-06T04:18:58+00:00","description":"Rezervujte si transfer z Bratislavy do ly\u017eiarskeho strediska Pezinsk\u00e1 Baba a cestujte bez stresu. Kontaktujte n\u00e1s na \u260e +421940904184 pre bezprobl\u00e9mov\u00e9 cestovanie.","breadcrumb":{"@id":"https:\/\/transfereurope.com\/sk\/lyziarske-transfery\/transfer-do-lyziarskych-stredisk-v-bratislave\/transfer-z-bratislavy-do-lyziarskeho-strediska-pezinska-baba\/#breadcrumb"},"inLanguage":"sk-SK","potentialAction":[{"@type":"ReadAction","target":["https:\/\/transfereurope.com\/sk\/lyziarske-transfery\/transfer-do-lyziarskych-stredisk-v-bratislave\/transfer-z-bratislavy-do-lyziarskeho-strediska-pezinska-baba\/"]}]},{"@type":"ImageObject","inLanguage":"sk-SK","@id":"https:\/\/transfereurope.com\/sk\/lyziarske-transfery\/transfer-do-lyziarskych-stredisk-v-bratislave\/transfer-z-bratislavy-do-lyziarskeho-strediska-pezinska-baba\/#primaryimage","url":"https:\/\/transfereurope.com\/wp-content\/uploads\/2025\/08\/bratislava-to-pezinska-baba-ski-resort-transfer-2-1.png","contentUrl":"https:\/\/transfereurope.com\/wp-content\/uploads\/2025\/08\/bratislava-to-pezinska-baba-ski-resort-transfer-2-1.png","width":940,"height":788},{"@type":"BreadcrumbList","@id":"https:\/\/transfereurope.com\/sk\/lyziarske-transfery\/transfer-do-lyziarskych-stredisk-v-bratislave\/transfer-z-bratislavy-do-lyziarskeho-strediska-pezinska-baba\/#breadcrumb","itemListElement":[{"@type":"ListItem","position":1,"name":"Home","item":"https:\/\/transfereurope.com\/sk\/"},{"@type":"ListItem","position":2,"name":"Transfer z Bratislavy do ly\u017eiarskeho strediska Pezinsk\u00e1 Baba"}]},{"@type":"WebSite","@id":"https:\/\/transfereurope.com\/sk\/#website","url":"https:\/\/transfereurope.com\/sk\/","name":"transfereurope","description":"","publisher":{"@id":"https:\/\/transfereurope.com\/sk\/#organization"},"potentialAction":[{"@type":"SearchAction","target":{"@type":"EntryPoint","urlTemplate":"https:\/\/transfereurope.com\/sk\/?s={search_term_string}"},"query-input":{"@type":"PropertyValueSpecification","valueRequired":true,"valueName":"search_term_string"}}],"inLanguage":"sk-SK"},{"@type":"Organization","@id":"https:\/\/transfereurope.com\/sk\/#organization","name":"transfereurope","url":"https:\/\/transfereurope.com\/sk\/","logo":{"@type":"ImageObject","inLanguage":"sk-SK","@id":"https:\/\/transfereurope.com\/sk\/#\/schema\/logo\/image\/","url":"https:\/\/transfereurope.com\/wp-content\/uploads\/2025\/08\/TRANSFERS-1655.png","contentUrl":"https:\/\/transfereurope.com\/wp-content\/uploads\/2025\/08\/TRANSFERS-1655.png","width":500,"height":274,"caption":"transfereurope"},"image":{"@id":"https:\/\/transfereurope.com\/sk\/#\/schema\/logo\/image\/"}}]}},"_links":{"self":[{"href":"https:\/\/transfereurope.com\/sk\/wp-json\/wp\/v2\/pages\/90048","targetHints":{"allow":["GET"]}}],"collection":[{"href":"https:\/\/transfereurope.com\/sk\/wp-json\/wp\/v2\/pages"}],"about":[{"href":"https:\/\/transfereurope.com\/sk\/wp-json\/wp\/v2\/types\/page"}],"author":[{"embeddable":true,"href":"https:\/\/transfereurope.com\/sk\/wp-json\/wp\/v2\/users\/1"}],"replies":[{"embeddable":true,"href":"https:\/\/transfereurope.com\/sk\/wp-json\/wp\/v2\/comments?post=90048"}],"version-history":[{"count":0,"href":"https:\/\/transfereurope.com\/sk\/wp-json\/wp\/v2\/pages\/90048\/revisions"}],"up":[{"embeddable":true,"href":"https:\/\/transfereurope.com\/sk\/wp-json\/wp\/v2\/pages\/20625"}],"wp:featuredmedia":[{"embeddable":true,"href":"https:\/\/transfereurope.com\/sk\/wp-json\/wp\/v2\/media\/90049"}],"wp:attachment":[{"href":"https:\/\/transfereurope.com\/sk\/wp-json\/wp\/v2\/media?parent=90048"}],"curies":[{"name":"wp","href":"https:\/\/api.w.org\/{rel}","templated":true}]}}