{"id":88998,"date":"2025-08-06T01:54:59","date_gmt":"2025-08-06T01:54:59","guid":{"rendered":"https:\/\/transfereurope.com\/lyziarsky-transfer-zo-zenevy-do-flaine\/"},"modified":"2025-08-06T01:54:59","modified_gmt":"2025-08-06T01:54:59","slug":"lyziarsky-transfer-zo-zenevy-do-flaine","status":"publish","type":"page","link":"https:\/\/transfereurope.com\/sk\/lyziarske-transfery\/transfery-do-lyziarskych-stredisk-z-letiska-zeneva\/lyziarsky-transfer-zo-zenevy-do-flaine\/","title":{"rendered":"Ly\u017eiarsky transfer zo \u017denevy do Flaine"},"content":{"rendered":"\n<div id=\"t4-masthead\" class=\"t4-section  t4-masthead\">\n<div class=\"t4-col text-center\">\n<div class=\"ja-masthead\" >\n<div class=\"ja-masthead-detail\">\n<h1 class=\"ja-masthead-title\">Ly\u017eiarsky transfer zo \u017denevy do Flaine<\/h1>\n<p>                 <!---->            <\/p>\n<div class=\"block-breadcrumb\">                       <\/div>\n<\/p><\/div>\n<\/p><\/div>\n<pre><\/pre>\n<\/div>\n<\/div>\n<div id=\"t4-main-body\" class=\"t4-section  t4-main-body\" role=\"main body\">\n<div class=\"t4-section-inner container\">\n<div class=\"t4-row row\">\n<div class=\"t4-col col-12 col-xl\">\n<div id=\"system-message-container\"> \t<\/div>\n<div class=\"com-content-article item-page view-tour-detail\">\n<div class=\"tour-top-info clearfix\">\n<div class=\"pull-left\">\n<div class=\"category-article-dot\">\n<div class=\"category-name\"> \t\t\t\t\t<a href=\"\/sk\/lyziarske-transfery\/transfery-do-lyziarskych-stredisk-z-letiska-zeneva\" itemprop=\"genre\">Transfery do ly\u017eiarskych stred\u00edsk z letiska \u017deneva<\/a> \t\t\t\t<\/div>\n<\/p><\/div>\n<\/p><\/div>\n<div class=\"pull-right\">\n<div class=\"text-danger tour-price\"> \t\t\t\t\t\t<a href=\"\/sk\/rezervovat-transfer\">Rezervova\u0165<\/a><\/div>\n<\/p><\/div>\n<\/p><\/div>\n<p>  \t <!--\t-->  \t<\/p>\n<div class=\"vm-product-container\">\n<figure class=\"pull-left item-image\">\n<div class=\"main-image\"> \t\t<a  rel='vm-additional-images' href=\"\/images\/virtuemart\/product\/ski transfers from geneva to flaine.png\"><img  loading=\"lazy\"  \/><\/a>\t\t<\/p>\n<div class=\"clear\"><\/div>\n<\/p><\/div>\n<\/figure>\n<div class=\"vm-product-details-container\">\n<div class=\"spacer-buy-area\">    \t\t \t\t<\/div>\n<\/p><\/div>\n<div class=\"clear\"><\/div>\n<\/p><\/div>\n<div class=\"product-description\" >\n<h2 style=\"text-align: center;\">Ly\u017eiarsky transfer zo \u017denevy do Flaine &#8211; r\u00fdchle a pohodln\u00e9 cestovanie<\/h2>\n<p>Pl\u00e1nujete ly\u017eova\u010dku vo Flaine? Zabezpe\u010dte si \u010do najhlad\u0161\u00ed priebeh cesty s na\u0161\u00edm spo\u013eahliv\u00fdm\u00a0<a href=\"\/sk\/lyziarske-transfery\/transfery-do-lyziarskych-stredisk-z-letiska-zeneva\">transferom zo \u017denevy<\/a>\u00a0do Flaine. \u010ci u\u017e prilietate na letisko v \u017deneve, alebo zost\u00e1vate v meste, na\u0161a slu\u017eba ly\u017eiarskych transferov do \u017denevy je navrhnut\u00e1 tak, aby v\u00e1m poskytla r\u00fdchly, pohodln\u00fd a bezprobl\u00e9mov\u00fd z\u00e1\u017eitok od za\u010diatku a\u017e do konca.<\/p>\n<p style=\"text-align: center;\"><a class=\"btn btn-primary\" href=\"\/sk\/rezervovat-transfer\">Rezervova\u0165<\/a><\/p>\n<p><img alt=\"\" \/><\/p>\n<h3>Pre\u010do si vybra\u0165 Transfer Europe pre V\u00e1\u0161 ly\u017eiarsky transfer z \u017denevy do Flaine?<\/h3>\n<p>Ke\u010f si objedn\u00e1te transfer s Transfer Europe, vyber\u00e1te si kvalitu, spo\u013eahlivos\u0165 a pohodlie:<\/p>\n<ul>\n<li><strong>Cenovo dostupn\u00e9 ceny:<\/strong>\u00a0Pon\u00fakame konkurencieschopn\u00e9 ceny bez kompromisov v kvalite slu\u017eieb.<\/li>\n<li><strong>Nov\u00e9 vozidl\u00e1:<\/strong>\u00a0N\u00e1\u0161 vozov\u00fd park pozost\u00e1va z modern\u00fdch, dobre udr\u017eiavan\u00fdch vozidiel, ktor\u00e9 zabezpe\u010dia va\u0161u bezpe\u010dnos\u0165 a pohodlie.<\/li>\n<li><strong>Ve\u013ek\u00e9 kufre:<\/strong>\u00a0Dostatok priestoru pre va\u0161e ly\u017eiarske vybavenie a bato\u017einu.<\/li>\n<li><strong>Priestrann\u00e9 interi\u00e9ry:<\/strong>\u00a0Vychutnajte si pohodln\u00fa jazdu s dostato\u010dn\u00fdm priestorom na nohy a sedenie.<\/li>\n<li><strong>K dispoz\u00edcii s\u00fa detsk\u00e9 seda\u010dky:<\/strong>\u00a0Na po\u017eiadanie poskytujeme detsk\u00e9 seda\u010dky, aby sme zaistili bezpe\u010dnos\u0165 na\u0161ich najmen\u0161\u00edch cestuj\u00facich.<\/li>\n<li><strong>Profesion\u00e1lni vodi\u010di:<\/strong>\u00a0Na\u0161i vodi\u010di s\u00fa sk\u00fasen\u00ed, zdvoril\u00ed a zru\u010dn\u00ed v jazde v hor\u00e1ch.<\/li>\n<li><strong>\u010cakanie na letisku:<\/strong>\u00a0Na letisku na v\u00e1s bude \u010daka\u0165 vodi\u010d, aby ste sa mohli bez me\u0161kania vyda\u0165 na cestu.<\/li>\n<li><strong>Zast\u00e1vky na ob\u010derstvenie:<\/strong>\u00a0Potrebujete prest\u00e1vku? Po ceste m\u00f4\u017eeme urobi\u0165 zast\u00e1vky na r\u00fdchle ob\u010derstvenie alebo osvie\u017eenie.<\/li>\n<\/ul>\n<p style=\"text-align: center;\"><a class=\"btn btn-primary\" href=\"\/sk\/rezervovat-transfer\">Rezervova\u0165<\/a><\/p>\n<p style=\"text-align: left;\"><img alt=\"\" \/><\/p>\n<h4>Vzdialenos\u0165 a \u010das cesty<\/h4>\n<p>Flaine sa nach\u00e1dza pribli\u017ene 70 km od \u017denevy a je jedn\u00fdm z najbli\u017e\u0161\u00edch ly\u017eiarskych stred\u00edsk vo franc\u00fazskych Alp\u00e1ch. S na\u0161\u00edm s\u00fakromn\u00fdm ly\u017eiarskym transferom sa do Flaine dostanete pribli\u017ene za 1 hodinu a 15 min\u00fat. Na\u0161i sk\u00fasen\u00ed vodi\u010di poznaj\u00fa najlep\u0161ie trasy, aby zabezpe\u010dili hladk\u00fa a bezpe\u010dn\u00fa cestu, v\u010faka \u010domu si m\u00f4\u017eete odd\u00fdchnu\u0165 a vychutna\u0165 si malebn\u00e9 v\u00fdh\u013eady smerom k v\u00e1\u0161mu alpsk\u00e9mu cie\u013eu.<\/p>\n<h4>Pre\u010do Flaine?<\/h4>\n<p>Flaine je modern\u00e9 ly\u017eiarske stredisko v ly\u017eiarskej oblasti Grand Massif, ktor\u00e9 je zn\u00e1me svojimi rozsiahlymi zjazdovkami, rodinn\u00fdm prostred\u00edm a jedine\u010dn\u00fdm architektonick\u00fdm dizajnom. Stredisko pon\u00faka r\u00f4zne mo\u017enosti ly\u017eovania pre v\u0161etky \u00farovne, ako aj \u017eiv\u00fa atmosf\u00e9ru a mno\u017estvo aktiv\u00edt mimo zjazdoviek.<\/p>\n<ul>\n<li><strong>Rozmanit\u00e9 mo\u017enosti ly\u017eovania:<\/strong>\u00a0Flaine pon\u00faka pr\u00edstup k viac ako 265 km zjazdoviek, ktor\u00e9 s\u00fa ur\u010den\u00e9 pre za\u010diato\u010dn\u00edkov, stredne pokro\u010dil\u00fdch aj pokro\u010dil\u00fdch ly\u017eiarov.<\/li>\n<li><strong>Vhodn\u00e9 pre rodiny:<\/strong>\u00a0Stredisko je ide\u00e1lne pre rodiny s mno\u017estvom miernych zjazdoviek, ly\u017eiarskych \u0161k\u00f4l a aktiv\u00edt ur\u010den\u00fdch pre deti.<\/li>\n<li><strong>Modern\u00e1 architekt\u00fara:<\/strong>\u00a0Flaine je zn\u00e1me svojou odv\u00e1\u017enou modernistickou architekt\u00farou, ktor\u00e1 sa dokonale sn\u00fabi s okolitou pr\u00edrodou.<\/li>\n<\/ul>\n<p style=\"text-align: center;\"><a class=\"btn btn-primary\" href=\"\/sk\/rezervovat-transfer\">Rezervova\u0165<\/a><\/p>\n<p><img alt=\"\" \/><\/p>\n<h3>Rezervujte si svoj ly\u017eiarsky transfer z \u017denevy do Flaine e\u0161te dnes!<\/h3>\n<p>Doprava nech je tou najjednoduch\u0161ou \u010das\u0165ou va\u0161ej ly\u017eova\u010dky. Zarezervujte si u n\u00e1s transfer zo \u017denevy do Flaine e\u0161te dnes a u\u017eite si pohodov\u00fd za\u010diatok dovolenky. Kontaktujte n\u00e1s cez WhatsApp, Telegram alebo telefonicky \u260e +421940904184, alebo kliknite na tla\u010didlo rezerv\u00e1cie ni\u017e\u0161ie a zabezpe\u010dte si transfer.<\/p>\n<\/p><\/div>\n<div class=\"product-price-container\">\n<div class=\"sale-price\"> \t\t<\/div>\n<\/p><\/div>\n<div class=\"options\"><\/div>\n<div> \t\t<\/div>\n<p>   \t        <script type=\"text\/javascript\" ><\/script>  <script type=\"text\/javascript\" ><\/script> <script type=\"text\/javascript\" ><\/script>  <script type=\"text\/javascript\" ><\/script> <script type=\"text\/javascript\" ><\/script> <script type=\"text\/javascript\" ><\/script> <script type=\"text\/javascript\" ><\/script> <\/div>\n<p> \t\t<!-- \u041f\u043b\u0430\u0433\u0438\u043d \u0440\u0435\u0439\u0442\u0438\u043d\u0433\u0430 --> <\/p>\n<div class=\"vrvote-body\">\n<ul class=\"vrvote-ul\">\n<li id=\"rating_564\" class=\"current-rating\" style=\"width:100.00%;\"><\/li>\n<li> \t\t\t\t\t\t<a class=\"vr-one-star\" onclick=\"javascript:JSVRvote(564,1,25,5,0)\" href=\"javascript:void(null)\">1<\/a> \t\t\t\t\t<\/li>\n<li> \t\t\t\t\t\t<a class=\"vr-two-stars\" onclick=\"javascript:JSVRvote(564,2,25,5,0)\" href=\"javascript:void(null)\">2<\/a> \t\t\t\t\t<\/li>\n<li> \t\t\t\t\t\t<a class=\"vr-three-stars\" onclick=\"javascript:JSVRvote(564,3,25,5,0)\" href=\"javascript:void(null)\">3<\/a> \t\t\t\t\t<\/li>\n<li> \t\t\t\t\t\t<a class=\"vr-four-stars\" onclick=\"javascript:JSVRvote(564,4,25,5,0)\" href=\"javascript:void(null)\">4<\/a> \t\t\t\t\t<\/li>\n<li> \t\t\t\t\t\t<a class=\"vr-five-stars\" onclick=\"javascript:JSVRvote(564,5,25,5,0)\" href=\"javascript:void(null)\">5<\/a> \t\t\t\t\t<\/li>\n<\/ul><\/div>\n<p> \t\t\t<span id=\"vrvote_564\" class=\"vrvote-count\"><small><\/small><\/span>\t<\/span><script type=\"application\/ld+json\"><\/script>   <\/div>\n<div class=\"t4-col sidebar-r col-12 col-xl-4\">\n<div class=\"t4-module module\" id=\"Mod306\">\n<div class=\"module-inner\">\n<div class=\"module-ct\">\n<div class=\"bannergroup\">\n<div class=\"banneritem\"> \t\t\t\t\t\t\t\t\t\t\t\t\t\t\t\t\t\t\t\t\t\t\t\t\t\t\t\t\t\t\t\t\t\t\t\t\t\t\t\t\t\t\t\t\t\t\t\t\t\t<img \t\t\t\t\t\talt=\"Banner-sk\" \t\t\t\t\t\t\t\t\t\t\t\t\t\t\t\t\t\/> \t\t\t\t\t\t\t\t\t\t\t<\/p>\n<div class=\"clr\"><\/div>\n<\/p><\/div>\n<\/p><\/div>\n<\/p><\/div>\n<\/div>\n<\/div><\/div>\n<\/p><\/div>\n<\/div><\/div>\n<div id=\"t4-section-8\" class=\"t4-section  t4-section-8  section-border-top\" role=\"section-8\">\n<div class=\"bg-overlay bg-overlay-image\">&nbsp;<\/div>\n<\/p><\/div>\n<p>  <a href='javascript:' id='back-to-top'><i class='fa fa-chevron-up'><\/i><\/a>                <\/p>\n","protected":false},"excerpt":{"rendered":"<p>Ly\u017eiarsky transfer zo \u017denevy do Flaine Transfery do ly\u017eiarskych stred\u00edsk z letiska \u017deneva Rezervova\u0165 Ly\u017eiarsky transfer zo \u017denevy do Flaine &#8211; r\u00fdchle a pohodln\u00e9 cestovanie Pl\u00e1nujete ly\u017eova\u010dku vo Flaine? Zabezpe\u010dte si \u010do najhlad\u0161\u00ed priebeh cesty s na\u0161\u00edm spo\u013eahliv\u00fdm\u00a0transferom zo \u017denevy\u00a0do Flaine. \u010ci u\u017e prilietate na letisko v \u017deneve, alebo zost\u00e1vate v meste, na\u0161a slu\u017eba ly\u017eiarskych [&hellip;]<\/p>\n","protected":false},"author":1,"featured_media":0,"parent":21204,"menu_order":0,"comment_status":"closed","ping_status":"closed","template":"","meta":{"footnotes":""},"class_list":["post-88998","page","type-page","status-publish","hentry"],"yoast_head":"<!-- This site is optimized with the Yoast SEO plugin v25.6 - https:\/\/yoast.com\/wordpress\/plugins\/seo\/ -->\n<title>Transfer na ly\u017eovanie zo \u017denevy do Flaine | Spo\u013eahliv\u00e9 a pohodln\u00e9 slu\u017eby<\/title>\n<meta name=\"description\" content=\"Rezervujte si transfer na ly\u017eiach zo \u017denevy do Flaine s Transfer Europe. Vyu\u017eite dostupn\u00e9 ceny, modern\u00e9 vozidl\u00e1 a profesion\u00e1lnych vodi\u010dov pre bezpe\u010dn\u00fa a pohodln\u00fa cestu. \u260e +421940904184\" \/>\n<meta name=\"robots\" content=\"index, follow, max-snippet:-1, max-image-preview:large, max-video-preview:-1\" \/>\n<link rel=\"canonical\" href=\"https:\/\/transfereurope.com\/sk\/lyziarske-transfery\/transfery-do-lyziarskych-stredisk-z-letiska-zeneva\/lyziarsky-transfer-zo-zenevy-do-flaine\/\" \/>\n<meta property=\"og:locale\" content=\"sk_SK\" \/>\n<meta property=\"og:type\" content=\"article\" \/>\n<meta property=\"og:title\" content=\"Transfer na ly\u017eovanie zo \u017denevy do Flaine | Spo\u013eahliv\u00e9 a pohodln\u00e9 slu\u017eby\" \/>\n<meta property=\"og:description\" content=\"Rezervujte si transfer na ly\u017eiach zo \u017denevy do Flaine s Transfer Europe. Vyu\u017eite dostupn\u00e9 ceny, modern\u00e9 vozidl\u00e1 a profesion\u00e1lnych vodi\u010dov pre bezpe\u010dn\u00fa a pohodln\u00fa cestu. \u260e +421940904184\" \/>\n<meta property=\"og:url\" content=\"https:\/\/transfereurope.com\/sk\/lyziarske-transfery\/transfery-do-lyziarskych-stredisk-z-letiska-zeneva\/lyziarsky-transfer-zo-zenevy-do-flaine\/\" \/>\n<meta property=\"og:site_name\" content=\"transfereurope\" \/>\n<meta name=\"twitter:card\" content=\"summary_large_image\" \/>\n<meta name=\"twitter:label1\" content=\"Predpokladan\u00fd \u010das \u010d\u00edtania\" \/>\n\t<meta name=\"twitter:data1\" content=\"3 min\u00faty\" \/>\n<script type=\"application\/ld+json\" class=\"yoast-schema-graph\">{\"@context\":\"https:\/\/schema.org\",\"@graph\":[{\"@type\":\"WebPage\",\"@id\":\"https:\/\/transfereurope.com\/sk\/lyziarske-transfery\/transfery-do-lyziarskych-stredisk-z-letiska-zeneva\/lyziarsky-transfer-zo-zenevy-do-flaine\/\",\"url\":\"https:\/\/transfereurope.com\/sk\/lyziarske-transfery\/transfery-do-lyziarskych-stredisk-z-letiska-zeneva\/lyziarsky-transfer-zo-zenevy-do-flaine\/\",\"name\":\"Transfer na ly\u017eovanie zo \u017denevy do Flaine | Spo\u013eahliv\u00e9 a pohodln\u00e9 slu\u017eby\",\"isPartOf\":{\"@id\":\"https:\/\/transfereurope.com\/sk\/#website\"},\"datePublished\":\"2025-08-06T01:54:59+00:00\",\"description\":\"Rezervujte si transfer na ly\u017eiach zo \u017denevy do Flaine s Transfer Europe. Vyu\u017eite dostupn\u00e9 ceny, modern\u00e9 vozidl\u00e1 a profesion\u00e1lnych vodi\u010dov pre bezpe\u010dn\u00fa a pohodln\u00fa cestu. \u260e +421940904184\",\"breadcrumb\":{\"@id\":\"https:\/\/transfereurope.com\/sk\/lyziarske-transfery\/transfery-do-lyziarskych-stredisk-z-letiska-zeneva\/lyziarsky-transfer-zo-zenevy-do-flaine\/#breadcrumb\"},\"inLanguage\":\"sk-SK\",\"potentialAction\":[{\"@type\":\"ReadAction\",\"target\":[\"https:\/\/transfereurope.com\/sk\/lyziarske-transfery\/transfery-do-lyziarskych-stredisk-z-letiska-zeneva\/lyziarsky-transfer-zo-zenevy-do-flaine\/\"]}]},{\"@type\":\"BreadcrumbList\",\"@id\":\"https:\/\/transfereurope.com\/sk\/lyziarske-transfery\/transfery-do-lyziarskych-stredisk-z-letiska-zeneva\/lyziarsky-transfer-zo-zenevy-do-flaine\/#breadcrumb\",\"itemListElement\":[{\"@type\":\"ListItem\",\"position\":1,\"name\":\"Home\",\"item\":\"https:\/\/transfereurope.com\/sk\/\"},{\"@type\":\"ListItem\",\"position\":2,\"name\":\"Ly\u017eiarsky transfer zo \u017denevy do Flaine\"}]},{\"@type\":\"WebSite\",\"@id\":\"https:\/\/transfereurope.com\/sk\/#website\",\"url\":\"https:\/\/transfereurope.com\/sk\/\",\"name\":\"transfereurope\",\"description\":\"\",\"publisher\":{\"@id\":\"https:\/\/transfereurope.com\/sk\/#organization\"},\"potentialAction\":[{\"@type\":\"SearchAction\",\"target\":{\"@type\":\"EntryPoint\",\"urlTemplate\":\"https:\/\/transfereurope.com\/sk\/?s={search_term_string}\"},\"query-input\":{\"@type\":\"PropertyValueSpecification\",\"valueRequired\":true,\"valueName\":\"search_term_string\"}}],\"inLanguage\":\"sk-SK\"},{\"@type\":\"Organization\",\"@id\":\"https:\/\/transfereurope.com\/sk\/#organization\",\"name\":\"transfereurope\",\"url\":\"https:\/\/transfereurope.com\/sk\/\",\"logo\":{\"@type\":\"ImageObject\",\"inLanguage\":\"sk-SK\",\"@id\":\"https:\/\/transfereurope.com\/sk\/#\/schema\/logo\/image\/\",\"url\":\"https:\/\/transfereurope.com\/wp-content\/uploads\/2025\/08\/TRANSFERS-1655.png\",\"contentUrl\":\"https:\/\/transfereurope.com\/wp-content\/uploads\/2025\/08\/TRANSFERS-1655.png\",\"width\":500,\"height\":274,\"caption\":\"transfereurope\"},\"image\":{\"@id\":\"https:\/\/transfereurope.com\/sk\/#\/schema\/logo\/image\/\"}}]}<\/script>\n<!-- \/ Yoast SEO plugin. -->","yoast_head_json":{"title":"Transfer na ly\u017eovanie zo \u017denevy do Flaine | Spo\u013eahliv\u00e9 a pohodln\u00e9 slu\u017eby","description":"Rezervujte si transfer na ly\u017eiach zo \u017denevy do Flaine s Transfer Europe. Vyu\u017eite dostupn\u00e9 ceny, modern\u00e9 vozidl\u00e1 a profesion\u00e1lnych vodi\u010dov pre bezpe\u010dn\u00fa a pohodln\u00fa cestu. \u260e +421940904184","robots":{"index":"index","follow":"follow","max-snippet":"max-snippet:-1","max-image-preview":"max-image-preview:large","max-video-preview":"max-video-preview:-1"},"canonical":"https:\/\/transfereurope.com\/sk\/lyziarske-transfery\/transfery-do-lyziarskych-stredisk-z-letiska-zeneva\/lyziarsky-transfer-zo-zenevy-do-flaine\/","og_locale":"sk_SK","og_type":"article","og_title":"Transfer na ly\u017eovanie zo \u017denevy do Flaine | Spo\u013eahliv\u00e9 a pohodln\u00e9 slu\u017eby","og_description":"Rezervujte si transfer na ly\u017eiach zo \u017denevy do Flaine s Transfer Europe. Vyu\u017eite dostupn\u00e9 ceny, modern\u00e9 vozidl\u00e1 a profesion\u00e1lnych vodi\u010dov pre bezpe\u010dn\u00fa a pohodln\u00fa cestu. \u260e +421940904184","og_url":"https:\/\/transfereurope.com\/sk\/lyziarske-transfery\/transfery-do-lyziarskych-stredisk-z-letiska-zeneva\/lyziarsky-transfer-zo-zenevy-do-flaine\/","og_site_name":"transfereurope","twitter_card":"summary_large_image","twitter_misc":{"Predpokladan\u00fd \u010das \u010d\u00edtania":"3 min\u00faty"},"schema":{"@context":"https:\/\/schema.org","@graph":[{"@type":"WebPage","@id":"https:\/\/transfereurope.com\/sk\/lyziarske-transfery\/transfery-do-lyziarskych-stredisk-z-letiska-zeneva\/lyziarsky-transfer-zo-zenevy-do-flaine\/","url":"https:\/\/transfereurope.com\/sk\/lyziarske-transfery\/transfery-do-lyziarskych-stredisk-z-letiska-zeneva\/lyziarsky-transfer-zo-zenevy-do-flaine\/","name":"Transfer na ly\u017eovanie zo \u017denevy do Flaine | Spo\u013eahliv\u00e9 a pohodln\u00e9 slu\u017eby","isPartOf":{"@id":"https:\/\/transfereurope.com\/sk\/#website"},"datePublished":"2025-08-06T01:54:59+00:00","description":"Rezervujte si transfer na ly\u017eiach zo \u017denevy do Flaine s Transfer Europe. Vyu\u017eite dostupn\u00e9 ceny, modern\u00e9 vozidl\u00e1 a profesion\u00e1lnych vodi\u010dov pre bezpe\u010dn\u00fa a pohodln\u00fa cestu. \u260e +421940904184","breadcrumb":{"@id":"https:\/\/transfereurope.com\/sk\/lyziarske-transfery\/transfery-do-lyziarskych-stredisk-z-letiska-zeneva\/lyziarsky-transfer-zo-zenevy-do-flaine\/#breadcrumb"},"inLanguage":"sk-SK","potentialAction":[{"@type":"ReadAction","target":["https:\/\/transfereurope.com\/sk\/lyziarske-transfery\/transfery-do-lyziarskych-stredisk-z-letiska-zeneva\/lyziarsky-transfer-zo-zenevy-do-flaine\/"]}]},{"@type":"BreadcrumbList","@id":"https:\/\/transfereurope.com\/sk\/lyziarske-transfery\/transfery-do-lyziarskych-stredisk-z-letiska-zeneva\/lyziarsky-transfer-zo-zenevy-do-flaine\/#breadcrumb","itemListElement":[{"@type":"ListItem","position":1,"name":"Home","item":"https:\/\/transfereurope.com\/sk\/"},{"@type":"ListItem","position":2,"name":"Ly\u017eiarsky transfer zo \u017denevy do Flaine"}]},{"@type":"WebSite","@id":"https:\/\/transfereurope.com\/sk\/#website","url":"https:\/\/transfereurope.com\/sk\/","name":"transfereurope","description":"","publisher":{"@id":"https:\/\/transfereurope.com\/sk\/#organization"},"potentialAction":[{"@type":"SearchAction","target":{"@type":"EntryPoint","urlTemplate":"https:\/\/transfereurope.com\/sk\/?s={search_term_string}"},"query-input":{"@type":"PropertyValueSpecification","valueRequired":true,"valueName":"search_term_string"}}],"inLanguage":"sk-SK"},{"@type":"Organization","@id":"https:\/\/transfereurope.com\/sk\/#organization","name":"transfereurope","url":"https:\/\/transfereurope.com\/sk\/","logo":{"@type":"ImageObject","inLanguage":"sk-SK","@id":"https:\/\/transfereurope.com\/sk\/#\/schema\/logo\/image\/","url":"https:\/\/transfereurope.com\/wp-content\/uploads\/2025\/08\/TRANSFERS-1655.png","contentUrl":"https:\/\/transfereurope.com\/wp-content\/uploads\/2025\/08\/TRANSFERS-1655.png","width":500,"height":274,"caption":"transfereurope"},"image":{"@id":"https:\/\/transfereurope.com\/sk\/#\/schema\/logo\/image\/"}}]}},"_links":{"self":[{"href":"https:\/\/transfereurope.com\/sk\/wp-json\/wp\/v2\/pages\/88998","targetHints":{"allow":["GET"]}}],"collection":[{"href":"https:\/\/transfereurope.com\/sk\/wp-json\/wp\/v2\/pages"}],"about":[{"href":"https:\/\/transfereurope.com\/sk\/wp-json\/wp\/v2\/types\/page"}],"author":[{"embeddable":true,"href":"https:\/\/transfereurope.com\/sk\/wp-json\/wp\/v2\/users\/1"}],"replies":[{"embeddable":true,"href":"https:\/\/transfereurope.com\/sk\/wp-json\/wp\/v2\/comments?post=88998"}],"version-history":[{"count":0,"href":"https:\/\/transfereurope.com\/sk\/wp-json\/wp\/v2\/pages\/88998\/revisions"}],"up":[{"embeddable":true,"href":"https:\/\/transfereurope.com\/sk\/wp-json\/wp\/v2\/pages\/21204"}],"wp:attachment":[{"href":"https:\/\/transfereurope.com\/sk\/wp-json\/wp\/v2\/media?parent=88998"}],"curies":[{"name":"wp","href":"https:\/\/api.w.org\/{rel}","templated":true}]}}