{"id":86426,"date":"2025-08-06T00:54:55","date_gmt":"2025-08-06T00:54:55","guid":{"rendered":"https:\/\/transfereurope.com\/ski-transfers\/milan-malpensa-ski-transfer\/zermatt\/"},"modified":"2025-10-15T20:41:15","modified_gmt":"2025-10-15T20:41:15","slug":"zermatt","status":"publish","type":"page","link":"https:\/\/transfereurope.com\/sk\/lyziarske-transfery\/milan-malpensa\/zermatt\/","title":{"rendered":"Ly\u017eiarsky transfer z Malpensy Zermatt Transfer"},"content":{"rendered":"\n<div id=\"t4-masthead\" class=\"t4-section  t4-masthead\">\n<div class=\"t4-col text-center\">\n<div class=\"ja-masthead\" >\n<div class=\"ja-masthead-detail\">\n<h1 class=\"ja-masthead-title\">Ly\u017eiarsky transfer z Malpensy Zermatt Transfer<\/h1>\n<p>                 <!---->            <\/p>\n<div class=\"block-breadcrumb\">                       <\/div>\n<\/p><\/div>\n<\/p><\/div>\n<pre><\/pre>\n<\/div>\n<\/div>\n<div id=\"t4-main-body\" class=\"t4-section  t4-main-body\" role=\"main body\">\n<div class=\"t4-section-inner container\">\n<div class=\"t4-row row\">\n<div class=\"t4-col col-12 col-xl\">\n<div id=\"system-message-container\"> \t<\/div>\n<div class=\"com-content-article item-page view-tour-detail\">\n<div class=\"tour-top-info clearfix\">\n<div class=\"pull-left\">\n<div class=\"category-article-dot\">\n<div class=\"category-name\"> \t\t\t\t\t<a href=\"\/sk\/lyziarske-transfery\/milan-malpensa\" itemprop=\"genre\">Ly\u017eiarsky transfer Milan Malpensa<\/a> \t\t\t\t<\/div>\n<\/p><\/div>\n<\/p><\/div>\n<div class=\"pull-right\">\n<div class=\"text-danger tour-price\"> \t\t\t\t\t\t<a href=\"\/sk\/rezervovat-transfer\">Rezervova\u0165<\/a><\/div>\n<\/p><\/div>\n<\/p><\/div>\n<p>  \t <!--\t-->  \t<\/p>\n<div class=\"vm-product-container\">\n<figure class=\"pull-left item-image\">\n<div class=\"main-image\"> \t\t<a  rel='vm-additional-images' href=\"\/images\/virtuemart\/product\/What are the Benefits of a Chauffeur Service in Milan.jpg\"><img decoding=\"async\"  loading=\"lazy\"  src=\"\/wp-content\/uploads\/2025\/08\/What-are-the-Benefits-of-a-Chauffeur-Service-in-Milan-35.jpg\"  \/><\/a>\t\t<\/p>\n<div class=\"clear\"><\/div>\n<\/p><\/div>\n<\/figure>\n<div class=\"vm-product-details-container\">\n<div class=\"spacer-buy-area\">    \t\t \t\t<\/div>\n<\/p><\/div>\n<div class=\"clear\"><\/div>\n<\/p><\/div>\n<div class=\"product-description\" >\n<h2 style=\"text-align: center;\">Malpensa Zermatt Transfer &#8211; s\u00fakromn\u00e9 transfery do ly\u017eiarskeho strediska Zermatt<\/h2>\n<p>Zermatt je jedn\u00fdm z najzn\u00e1mej\u0161\u00edch ly\u017eiarskych stred\u00edsk na svete, ktor\u00e9 l\u00e1ka ly\u017eiarov a snowboardistov \u00fachvatn\u00fdm v\u00fdh\u013eadom na Matterhorn a spo\u013eahliv\u00fdmi snehov\u00fdmi podmienkami. Zermatt je zn\u00e1my celoro\u010dnou ly\u017eova\u010dkou na \u013eadovci a rozsiahlou sie\u0165ou zjazdoviek a je ide\u00e1lny pre v\u0161etky \u00farovne, od za\u010diato\u010dn\u00edkov a\u017e po sk\u00fasen\u00fdch ly\u017eiarov. Stredisko sa m\u00f4\u017ee pochv\u00e1li\u0165 aj \u017eivou apr\u00e8s-ski sc\u00e9nou, luxusn\u00fdmi hotelmi a vynikaj\u00facimi mo\u017enos\u0165ami stravovania, \u010do z neho rob\u00ed ide\u00e1lnu destin\u00e1ciu pre t\u00fdch, ktor\u00ed h\u013eadaj\u00fa dobrodru\u017estvo aj oddych.<\/p>\n<p style=\"text-align: center;\"><a class=\"btn btn-primary\" href=\"\/book-transfer\">Book\u00a0Transfer<\/a><\/p>\n<p>Pre cestuj\u00facich, ktor\u00ed prilietaj\u00fa do Mil\u00e1na, je pohodlnou mo\u017enos\u0165ou transfer z Malpensy do Zermattu. Vzdialenos\u0165 z letiska Malpensa do Zermattu je pribli\u017ene 230 kilometrov a so s\u00fakromn\u00fdm vodi\u010dom trv\u00e1 cesta zvy\u010dajne pribli\u017ene 3 a\u017e 3,5 hodiny, \u010do v\u00e1m umo\u017en\u00ed vychutna\u0165 si n\u00e1dhern\u00e9 scen\u00e9rie po ceste v pohodl\u00ed.<\/p>\n<p><img decoding=\"async\" src=\"\/wp-content\/uploads\/2025\/08\/airport_transfer_in_milan_malpensa-7.jpg\" alt=\"\" \/><\/p>\n<h3>Pre\u010do si vybra\u0165 Transfer Europe pre v\u00e1\u0161 ly\u017eiarsky transfer do Zermattu?<\/h3>\n<p>Rezerv\u00e1cia transferu z Malpensy do Zermattu s Transfer Europe v\u00e1m zaru\u010d\u00ed bezprobl\u00e9mov\u00fa cestu do ly\u017eiarskej destin\u00e1cie. Tu s\u00fa hlavn\u00e9 v\u00fdhody v\u00fdberu na\u0161ej spolo\u010dnosti:<\/p>\n<ul>\n<li><strong>Cenovo dostupn\u00e9 ceny:<\/strong> Pon\u00fakame konkurencieschopn\u00e9 ceny bez kompromisov v oblasti komfortu.<\/li>\n<li><strong>Nov\u00e9 vozidl\u00e1:<\/strong> N\u00e1\u0161 vozov\u00fd park pozost\u00e1va z modern\u00fdch, dobre udr\u017eiavan\u00fdch vozidiel pre plynul\u00fa a bezpe\u010dn\u00fa cestu.<\/li>\n<li><strong>Ve\u013ek\u00e9 kufre:<\/strong> Dostatok miesta na v\u0161etku ly\u017eiarsku v\u00fdbavu, v\u010faka \u010domu sa nemus\u00edte ob\u00e1va\u0165 o svoje vybavenie.<\/li>\n<li><strong>Priestrann\u00e9 interi\u00e9ry:<\/strong> Vychutnajte si pohodlie a relax v\u010faka priestrann\u00fdm interi\u00e9rom navrhnut\u00fdm na pr\u00edjemn\u00fa cestu.<\/li>\n<li><strong>Detsk\u00e9 sedadl\u00e1:<\/strong> Pre rodiny poskytujeme bezpe\u010dn\u00e9 detsk\u00e9 seda\u010dky, ktor\u00e9 sp\u013a\u0148aj\u00fa bezpe\u010dnostn\u00e9 predpisy.<\/li>\n<li><strong>Profesion\u00e1lni vodi\u010di:<\/strong> Na\u0161i sk\u00fasen\u00ed vodi\u010di zabezpe\u010dia plynul\u00fd, bezpe\u010dn\u00fd a v\u010dasn\u00fd presun.<\/li>\n<li><strong>\u010cakanie na letisku:<\/strong> Na letisku na v\u00e1s budeme \u010daka\u0165 a budeme pripraven\u00ed pom\u00f4c\u0165 v\u00e1m s bato\u017einou.<\/li>\n<li><strong>Ob\u010derstvenie na po\u017eiadanie:<\/strong> Pon\u00fakame prest\u00e1vky na ob\u010derstvenie, aby ste po\u010das cesty zostali svie\u017ei.<\/li>\n<\/ul>\n<p style=\"text-align: center;\"><a class=\"btn btn-primary\" href=\"\/book-transfer\">Book\u00a0Transfer<\/a><\/p>\n<p style=\"text-align: left;\"><img decoding=\"async\" src=\"\/wp-content\/uploads\/2025\/08\/Ski_Transfers_from_Geneva-7.jpg\" alt=\"\" \/><\/p>\n<h4>Na\u0161e auto Ski Transfers<\/h4>\n<p>Pon\u00fakame cel\u00fd rad vozidiel, ktor\u00e9 vyhovuj\u00fa va\u0161im potreb\u00e1m a ve\u013ekosti skupiny:<\/p>\n<ul>\n<li><strong>Minivany:<\/strong> Na\u0161e minivany s\u00fa ide\u00e1lne pre rodiny alebo skupiny a pon\u00fakaj\u00fa dostatok priestoru pre cestuj\u00facich a ly\u017eiarsky v\u00fdstroj.<\/li>\n<li><strong>SUV:<\/strong> Ide\u00e1lne pre cestuj\u00facich, ktor\u00ed h\u013eadaj\u00fa pohodlnej\u0161iu a priestrannej\u0161iu jazdu s \u010fal\u0161ou bato\u017einou.<\/li>\n<li><strong>Luxusn\u00e9 vozidl\u00e1:<\/strong> Pre t\u00fdch, ktor\u00ed d\u00e1vaj\u00fa prednos\u0165 luxusu, poskytuj\u00fa na\u0161e \u0161pi\u010dkov\u00e9 vozidl\u00e1 pr\u00e9miov\u00fd z\u00e1\u017eitok, ktor\u00fd zaru\u010duje \u0161t\u00fdlov\u00fa a pohodln\u00fa cestu.<\/li>\n<\/ul>\n<p style=\"text-align: center;\"><a class=\"btn btn-primary\" href=\"\/book-transfer\">Book\u00a0Transfer<\/a><\/p>\n<p><img decoding=\"async\" src=\"\/wp-content\/uploads\/2025\/08\/Safety_Features_of_Milan_Chauffeur_Services-4.png\" alt=\"\" \/><\/p>\n<h3>Rezervujte si transfer z Malpensy do Zermattu e\u0161te dnes!<\/h3>\n<p>Ste pripraven\u00ed vyrazi\u0165 na zjazdovku? Rezerv\u00e1cia transferu Zermatt Malpensa je jednoduch\u00e1 s Transfer Europe. Sta\u010d\u00ed klikn\u00fa\u0165 na tla\u010didlo rezerv\u00e1cie, vyplni\u0165 formul\u00e1r alebo n\u00e1s kontaktova\u0165 prostredn\u00edctvom aplik\u00e1cie WhatsApp alebo Telegram. M\u00f4\u017eete n\u00e1m tie\u017e priamo zavola\u0165 a dohodn\u00fa\u0165 si transfer.<\/p>\n<p style=\"text-align: center;\"><a class=\"btn btn-primary\" href=\"\/book-transfer\">Book\u00a0Transfer<\/a><\/p>\n<p>Za\u017eite komfort a pohodlie u\u017e pri pr\u00edchode. Rezervujte si transfer z Malpensy do Zermattu teraz!<\/p>\n<div id=\"gtx-trans\" style=\"position: absolute; left: -4px; top: 3680.92px;\">\u00a0<\/div>\n<\/p><\/div>\n<div class=\"product-price-container\">\n<div class=\"sale-price\"> \t\t<\/div>\n<\/p><\/div>\n<div class=\"options\"><\/div>\n<div> \t\t<\/div>\n<p>   \t        <script type=\"text\/javascript\" ><\/script>  <script type=\"text\/javascript\" ><\/script> <script type=\"text\/javascript\" ><\/script>  <script type=\"text\/javascript\" ><\/script> <script type=\"text\/javascript\" ><\/script> <script type=\"text\/javascript\" ><\/script> <script type=\"text\/javascript\" ><\/script> <\/div>\n<p> \t\t<!-- \u041f\u043b\u0430\u0433\u0438\u043d \u0440\u0435\u0439\u0442\u0438\u043d\u0433\u0430 --> <\/p>\n<div class=\"vrvote-body\">\n<ul class=\"vrvote-ul\">\n<li id=\"rating_586\" class=\"current-rating\" style=\"width:100.00%;\"><\/li>\n<li> \t\t\t\t\t\t<a class=\"vr-one-star\" onclick=\"javascript:JSVRvote(586,1,50,10,0)\" href=\"javascript:void(null)\">1<\/a> \t\t\t\t\t<\/li>\n<li> \t\t\t\t\t\t<a class=\"vr-two-stars\" onclick=\"javascript:JSVRvote(586,2,50,10,0)\" href=\"javascript:void(null)\">2<\/a> \t\t\t\t\t<\/li>\n<li> \t\t\t\t\t\t<a class=\"vr-three-stars\" onclick=\"javascript:JSVRvote(586,3,50,10,0)\" href=\"javascript:void(null)\">3<\/a> \t\t\t\t\t<\/li>\n<li> \t\t\t\t\t\t<a class=\"vr-four-stars\" onclick=\"javascript:JSVRvote(586,4,50,10,0)\" href=\"javascript:void(null)\">4<\/a> \t\t\t\t\t<\/li>\n<li> \t\t\t\t\t\t<a class=\"vr-five-stars\" onclick=\"javascript:JSVRvote(586,5,50,10,0)\" href=\"javascript:void(null)\">5<\/a> \t\t\t\t\t<\/li>\n<\/ul><\/div>\n<p> \t\t\t<span id=\"vrvote_586\" class=\"vrvote-count\"><small><\/small><\/span>\t<\/span><script type=\"application\/ld+json\"><\/script>   <\/div>\n<div class=\"t4-col sidebar-r col-12 col-xl-4\">\n<div class=\"t4-module module\" id=\"Mod306\">\n<div class=\"module-inner\">\n<div class=\"module-ct\">\n<div class=\"bannergroup\">\n<div class=\"banneritem\"> \t\t\t\t\t\t\t\t\t\t\t\t\t\t\t\t\t\t\t\t\t\t\t\t\t\t\t\t\t\t\t\t\t\t\t\t\t\t\t\t\t\t\t\t\t\t\t\t\t\t<img \t\t\t\t\t\tsrc=\"\/wp-content\/uploads\/2025\/08\/banner-transfer-europe-sk-494.png\" \t\t\t\t\t\talt=\"Banner-sk\" \t\t\t\t\t\t\t\t\t\t\t\t\t\t\t\t\t\/> \t\t\t\t\t\t\t\t\t\t\t<\/p>\n<div class=\"clr\"><\/div>\n<\/p><\/div>\n<\/p><\/div>\n<\/p><\/div>\n<\/div>\n<\/div><\/div>\n<\/p><\/div>\n<\/div><\/div>\n<div id=\"t4-section-8\" class=\"t4-section  t4-section-8  section-border-top\" role=\"section-8\">\n<div class=\"bg-overlay bg-overlay-image\">&nbsp;<\/div>\n<\/p><\/div>\n<p>  <a href='javascript:' id='back-to-top'><i class='fa fa-chevron-up'><\/i><\/a>                <\/p>\n","protected":false},"excerpt":{"rendered":"<p>Ly\u017eiarsky transfer z Malpensy Zermatt Transfer Ly\u017eiarsky transfer Milan Malpensa Rezervova\u0165 Malpensa Zermatt Transfer &#8211; s\u00fakromn\u00e9 transfery do ly\u017eiarskeho strediska Zermatt Zermatt je jedn\u00fdm z najzn\u00e1mej\u0161\u00edch ly\u017eiarskych stred\u00edsk na svete, ktor\u00e9 l\u00e1ka ly\u017eiarov a snowboardistov \u00fachvatn\u00fdm v\u00fdh\u013eadom na Matterhorn a spo\u013eahliv\u00fdmi snehov\u00fdmi podmienkami. Zermatt je zn\u00e1my celoro\u010dnou ly\u017eova\u010dkou na \u013eadovci a rozsiahlou sie\u0165ou zjazdoviek a [&hellip;]<\/p>\n","protected":false},"author":1,"featured_media":86427,"parent":114573,"menu_order":0,"comment_status":"closed","ping_status":"closed","template":"","meta":{"footnotes":""},"class_list":["post-86426","page","type-page","status-publish","has-post-thumbnail","hentry"],"yoast_head":"<!-- This site is optimized with the Yoast SEO plugin v25.6 - https:\/\/yoast.com\/wordpress\/plugins\/seo\/ -->\n<title>Malpensa Zermatt Transfer - Pohodln\u00fd a spo\u013eahliv\u00fd transfer na ly\u017eiach<\/title>\n<meta name=\"description\" content=\"Rezervujte si transfer z Malpensy do Zermattu s Transfer Europe. U\u017eite si dostupn\u00e9 ceny, priestrann\u00e9 vozidl\u00e1 a profesion\u00e1lnych vodi\u010dov \u260e+421940904184\" \/>\n<meta name=\"robots\" content=\"index, follow, max-snippet:-1, max-image-preview:large, max-video-preview:-1\" \/>\n<link rel=\"canonical\" href=\"https:\/\/transfereurope.com\/sk\/lyziarske-transfery\/milan-malpensa\/zermatt\/\" \/>\n<meta property=\"og:locale\" content=\"sk_SK\" \/>\n<meta property=\"og:type\" content=\"article\" \/>\n<meta property=\"og:title\" content=\"Malpensa Zermatt Transfer - Pohodln\u00fd a spo\u013eahliv\u00fd transfer na ly\u017eiach\" \/>\n<meta property=\"og:description\" content=\"Rezervujte si transfer z Malpensy do Zermattu s Transfer Europe. U\u017eite si dostupn\u00e9 ceny, priestrann\u00e9 vozidl\u00e1 a profesion\u00e1lnych vodi\u010dov \u260e+421940904184\" \/>\n<meta property=\"og:url\" content=\"https:\/\/transfereurope.com\/sk\/lyziarske-transfery\/milan-malpensa\/zermatt\/\" \/>\n<meta property=\"og:site_name\" content=\"transfereurope\" \/>\n<meta property=\"article:modified_time\" content=\"2025-10-15T20:41:15+00:00\" \/>\n<meta property=\"og:image\" content=\"https:\/\/transfereurope.com\/wp-content\/uploads\/2025\/08\/What-are-the-Benefits-of-a-Chauffeur-Service-in-Milan-34-1.jpg\" \/>\n\t<meta property=\"og:image:width\" content=\"1188\" \/>\n\t<meta property=\"og:image:height\" content=\"792\" \/>\n\t<meta property=\"og:image:type\" content=\"image\/jpeg\" \/>\n<meta name=\"twitter:card\" content=\"summary_large_image\" \/>\n<meta name=\"twitter:label1\" content=\"Predpokladan\u00fd \u010das \u010d\u00edtania\" \/>\n\t<meta name=\"twitter:data1\" content=\"3 min\u00faty\" \/>\n<script type=\"application\/ld+json\" class=\"yoast-schema-graph\">{\"@context\":\"https:\/\/schema.org\",\"@graph\":[{\"@type\":\"WebPage\",\"@id\":\"https:\/\/transfereurope.com\/sk\/lyziarske-transfery\/milan-malpensa\/zermatt\/\",\"url\":\"https:\/\/transfereurope.com\/sk\/lyziarske-transfery\/milan-malpensa\/zermatt\/\",\"name\":\"Malpensa Zermatt Transfer - Pohodln\u00fd a spo\u013eahliv\u00fd transfer na ly\u017eiach\",\"isPartOf\":{\"@id\":\"https:\/\/transfereurope.com\/sk\/#website\"},\"primaryImageOfPage\":{\"@id\":\"https:\/\/transfereurope.com\/sk\/lyziarske-transfery\/milan-malpensa\/zermatt\/#primaryimage\"},\"image\":{\"@id\":\"https:\/\/transfereurope.com\/sk\/lyziarske-transfery\/milan-malpensa\/zermatt\/#primaryimage\"},\"thumbnailUrl\":\"https:\/\/transfereurope.com\/wp-content\/uploads\/2025\/08\/What-are-the-Benefits-of-a-Chauffeur-Service-in-Milan-34-1.jpg\",\"datePublished\":\"2025-08-06T00:54:55+00:00\",\"dateModified\":\"2025-10-15T20:41:15+00:00\",\"description\":\"Rezervujte si transfer z Malpensy do Zermattu s Transfer Europe. U\u017eite si dostupn\u00e9 ceny, priestrann\u00e9 vozidl\u00e1 a profesion\u00e1lnych vodi\u010dov \u260e+421940904184\",\"breadcrumb\":{\"@id\":\"https:\/\/transfereurope.com\/sk\/lyziarske-transfery\/milan-malpensa\/zermatt\/#breadcrumb\"},\"inLanguage\":\"sk-SK\",\"potentialAction\":[{\"@type\":\"ReadAction\",\"target\":[\"https:\/\/transfereurope.com\/sk\/lyziarske-transfery\/milan-malpensa\/zermatt\/\"]}]},{\"@type\":\"ImageObject\",\"inLanguage\":\"sk-SK\",\"@id\":\"https:\/\/transfereurope.com\/sk\/lyziarske-transfery\/milan-malpensa\/zermatt\/#primaryimage\",\"url\":\"https:\/\/transfereurope.com\/wp-content\/uploads\/2025\/08\/What-are-the-Benefits-of-a-Chauffeur-Service-in-Milan-34-1.jpg\",\"contentUrl\":\"https:\/\/transfereurope.com\/wp-content\/uploads\/2025\/08\/What-are-the-Benefits-of-a-Chauffeur-Service-in-Milan-34-1.jpg\",\"width\":1188,\"height\":792},{\"@type\":\"BreadcrumbList\",\"@id\":\"https:\/\/transfereurope.com\/sk\/lyziarske-transfery\/milan-malpensa\/zermatt\/#breadcrumb\",\"itemListElement\":[{\"@type\":\"ListItem\",\"position\":1,\"name\":\"Home\",\"item\":\"https:\/\/transfereurope.com\/sk\/\"},{\"@type\":\"ListItem\",\"position\":2,\"name\":\"Ly\u017eiarsky transfer z Malpensy Zermatt Transfer\"}]},{\"@type\":\"WebSite\",\"@id\":\"https:\/\/transfereurope.com\/sk\/#website\",\"url\":\"https:\/\/transfereurope.com\/sk\/\",\"name\":\"transfereurope\",\"description\":\"\",\"publisher\":{\"@id\":\"https:\/\/transfereurope.com\/sk\/#organization\"},\"potentialAction\":[{\"@type\":\"SearchAction\",\"target\":{\"@type\":\"EntryPoint\",\"urlTemplate\":\"https:\/\/transfereurope.com\/sk\/?s={search_term_string}\"},\"query-input\":{\"@type\":\"PropertyValueSpecification\",\"valueRequired\":true,\"valueName\":\"search_term_string\"}}],\"inLanguage\":\"sk-SK\"},{\"@type\":\"Organization\",\"@id\":\"https:\/\/transfereurope.com\/sk\/#organization\",\"name\":\"transfereurope\",\"url\":\"https:\/\/transfereurope.com\/sk\/\",\"logo\":{\"@type\":\"ImageObject\",\"inLanguage\":\"sk-SK\",\"@id\":\"https:\/\/transfereurope.com\/sk\/#\/schema\/logo\/image\/\",\"url\":\"https:\/\/transfereurope.com\/wp-content\/uploads\/2025\/08\/TRANSFERS-1655.png\",\"contentUrl\":\"https:\/\/transfereurope.com\/wp-content\/uploads\/2025\/08\/TRANSFERS-1655.png\",\"width\":500,\"height\":274,\"caption\":\"transfereurope\"},\"image\":{\"@id\":\"https:\/\/transfereurope.com\/sk\/#\/schema\/logo\/image\/\"}}]}<\/script>\n<!-- \/ Yoast SEO plugin. -->","yoast_head_json":{"title":"Malpensa Zermatt Transfer - Pohodln\u00fd a spo\u013eahliv\u00fd transfer na ly\u017eiach","description":"Rezervujte si transfer z Malpensy do Zermattu s Transfer Europe. U\u017eite si dostupn\u00e9 ceny, priestrann\u00e9 vozidl\u00e1 a profesion\u00e1lnych vodi\u010dov \u260e+421940904184","robots":{"index":"index","follow":"follow","max-snippet":"max-snippet:-1","max-image-preview":"max-image-preview:large","max-video-preview":"max-video-preview:-1"},"canonical":"https:\/\/transfereurope.com\/sk\/lyziarske-transfery\/milan-malpensa\/zermatt\/","og_locale":"sk_SK","og_type":"article","og_title":"Malpensa Zermatt Transfer - Pohodln\u00fd a spo\u013eahliv\u00fd transfer na ly\u017eiach","og_description":"Rezervujte si transfer z Malpensy do Zermattu s Transfer Europe. U\u017eite si dostupn\u00e9 ceny, priestrann\u00e9 vozidl\u00e1 a profesion\u00e1lnych vodi\u010dov \u260e+421940904184","og_url":"https:\/\/transfereurope.com\/sk\/lyziarske-transfery\/milan-malpensa\/zermatt\/","og_site_name":"transfereurope","article_modified_time":"2025-10-15T20:41:15+00:00","og_image":[{"width":1188,"height":792,"url":"https:\/\/transfereurope.com\/wp-content\/uploads\/2025\/08\/What-are-the-Benefits-of-a-Chauffeur-Service-in-Milan-34-1.jpg","type":"image\/jpeg"}],"twitter_card":"summary_large_image","twitter_misc":{"Predpokladan\u00fd \u010das \u010d\u00edtania":"3 min\u00faty"},"schema":{"@context":"https:\/\/schema.org","@graph":[{"@type":"WebPage","@id":"https:\/\/transfereurope.com\/sk\/lyziarske-transfery\/milan-malpensa\/zermatt\/","url":"https:\/\/transfereurope.com\/sk\/lyziarske-transfery\/milan-malpensa\/zermatt\/","name":"Malpensa Zermatt Transfer - Pohodln\u00fd a spo\u013eahliv\u00fd transfer na ly\u017eiach","isPartOf":{"@id":"https:\/\/transfereurope.com\/sk\/#website"},"primaryImageOfPage":{"@id":"https:\/\/transfereurope.com\/sk\/lyziarske-transfery\/milan-malpensa\/zermatt\/#primaryimage"},"image":{"@id":"https:\/\/transfereurope.com\/sk\/lyziarske-transfery\/milan-malpensa\/zermatt\/#primaryimage"},"thumbnailUrl":"https:\/\/transfereurope.com\/wp-content\/uploads\/2025\/08\/What-are-the-Benefits-of-a-Chauffeur-Service-in-Milan-34-1.jpg","datePublished":"2025-08-06T00:54:55+00:00","dateModified":"2025-10-15T20:41:15+00:00","description":"Rezervujte si transfer z Malpensy do Zermattu s Transfer Europe. U\u017eite si dostupn\u00e9 ceny, priestrann\u00e9 vozidl\u00e1 a profesion\u00e1lnych vodi\u010dov \u260e+421940904184","breadcrumb":{"@id":"https:\/\/transfereurope.com\/sk\/lyziarske-transfery\/milan-malpensa\/zermatt\/#breadcrumb"},"inLanguage":"sk-SK","potentialAction":[{"@type":"ReadAction","target":["https:\/\/transfereurope.com\/sk\/lyziarske-transfery\/milan-malpensa\/zermatt\/"]}]},{"@type":"ImageObject","inLanguage":"sk-SK","@id":"https:\/\/transfereurope.com\/sk\/lyziarske-transfery\/milan-malpensa\/zermatt\/#primaryimage","url":"https:\/\/transfereurope.com\/wp-content\/uploads\/2025\/08\/What-are-the-Benefits-of-a-Chauffeur-Service-in-Milan-34-1.jpg","contentUrl":"https:\/\/transfereurope.com\/wp-content\/uploads\/2025\/08\/What-are-the-Benefits-of-a-Chauffeur-Service-in-Milan-34-1.jpg","width":1188,"height":792},{"@type":"BreadcrumbList","@id":"https:\/\/transfereurope.com\/sk\/lyziarske-transfery\/milan-malpensa\/zermatt\/#breadcrumb","itemListElement":[{"@type":"ListItem","position":1,"name":"Home","item":"https:\/\/transfereurope.com\/sk\/"},{"@type":"ListItem","position":2,"name":"Ly\u017eiarsky transfer z Malpensy Zermatt Transfer"}]},{"@type":"WebSite","@id":"https:\/\/transfereurope.com\/sk\/#website","url":"https:\/\/transfereurope.com\/sk\/","name":"transfereurope","description":"","publisher":{"@id":"https:\/\/transfereurope.com\/sk\/#organization"},"potentialAction":[{"@type":"SearchAction","target":{"@type":"EntryPoint","urlTemplate":"https:\/\/transfereurope.com\/sk\/?s={search_term_string}"},"query-input":{"@type":"PropertyValueSpecification","valueRequired":true,"valueName":"search_term_string"}}],"inLanguage":"sk-SK"},{"@type":"Organization","@id":"https:\/\/transfereurope.com\/sk\/#organization","name":"transfereurope","url":"https:\/\/transfereurope.com\/sk\/","logo":{"@type":"ImageObject","inLanguage":"sk-SK","@id":"https:\/\/transfereurope.com\/sk\/#\/schema\/logo\/image\/","url":"https:\/\/transfereurope.com\/wp-content\/uploads\/2025\/08\/TRANSFERS-1655.png","contentUrl":"https:\/\/transfereurope.com\/wp-content\/uploads\/2025\/08\/TRANSFERS-1655.png","width":500,"height":274,"caption":"transfereurope"},"image":{"@id":"https:\/\/transfereurope.com\/sk\/#\/schema\/logo\/image\/"}}]}},"_links":{"self":[{"href":"https:\/\/transfereurope.com\/sk\/wp-json\/wp\/v2\/pages\/86426","targetHints":{"allow":["GET"]}}],"collection":[{"href":"https:\/\/transfereurope.com\/sk\/wp-json\/wp\/v2\/pages"}],"about":[{"href":"https:\/\/transfereurope.com\/sk\/wp-json\/wp\/v2\/types\/page"}],"author":[{"embeddable":true,"href":"https:\/\/transfereurope.com\/sk\/wp-json\/wp\/v2\/users\/1"}],"replies":[{"embeddable":true,"href":"https:\/\/transfereurope.com\/sk\/wp-json\/wp\/v2\/comments?post=86426"}],"version-history":[{"count":1,"href":"https:\/\/transfereurope.com\/sk\/wp-json\/wp\/v2\/pages\/86426\/revisions"}],"predecessor-version":[{"id":86466,"href":"https:\/\/transfereurope.com\/sk\/wp-json\/wp\/v2\/pages\/86426\/revisions\/86466"}],"up":[{"embeddable":true,"href":"https:\/\/transfereurope.com\/sk\/wp-json\/wp\/v2\/pages\/114573"}],"wp:featuredmedia":[{"embeddable":true,"href":"https:\/\/transfereurope.com\/sk\/wp-json\/wp\/v2\/media\/86427"}],"wp:attachment":[{"href":"https:\/\/transfereurope.com\/sk\/wp-json\/wp\/v2\/media?parent=86426"}],"curies":[{"name":"wp","href":"https:\/\/api.w.org\/{rel}","templated":true}]}}