{"id":86109,"date":"2025-08-06T00:50:44","date_gmt":"2025-08-06T00:50:44","guid":{"rendered":"https:\/\/transfereurope.com\/transfer-z-viedne-do-lyziarskeho-strediska-lech-zurs-am-arlberg\/"},"modified":"2025-08-06T00:50:44","modified_gmt":"2025-08-06T00:50:44","slug":"transfer-z-viedne-do-lyziarskeho-strediska-lech-zurs-am-arlberg","status":"publish","type":"page","link":"https:\/\/transfereurope.com\/sk\/lyziarske-transfery\/transfer-do-lyziarskych-stredisk-vo-viedni\/transfer-z-viedne-do-lyziarskeho-strediska-lech-zurs-am-arlberg\/","title":{"rendered":"Transfer z Viedne do ly\u017eiarskeho strediska Lech-Z\u00fcrs am Arlberg"},"content":{"rendered":"\n<div id=\"t4-masthead\" class=\"t4-section  t4-masthead\">\n<div class=\"t4-col text-center\">\n<div class=\"ja-masthead\" >\n<div class=\"ja-masthead-detail\">\n<h1 class=\"ja-masthead-title\">Transfer z Viedne do ly\u017eiarskeho strediska Lech-Z\u00fcrs am Arlberg<\/h1>\n<p>                 <!---->            <\/p>\n<div class=\"block-breadcrumb\">                       <\/div>\n<\/p><\/div>\n<\/p><\/div>\n<pre><\/pre>\n<\/div>\n<\/div>\n<div id=\"t4-main-body\" class=\"t4-section  t4-main-body\" role=\"main body\">\n<div class=\"t4-section-inner container\">\n<div class=\"t4-row row\">\n<div class=\"t4-col col-12 col-xl\">\n<div id=\"system-message-container\"> \t<\/div>\n<div class=\"com-content-article item-page view-tour-detail\">\n<div class=\"tour-top-info clearfix\">\n<div class=\"pull-left\">\n<div class=\"category-article-dot\">\n<div class=\"category-name\"> \t\t\t\t\t<a href=\"\/sk\/lyziarske-transfery\/transfer-do-lyziarskych-stredisk-vo-viedni\" itemprop=\"genre\">Transfery do ly\u017eiarskych stred\u00edsk vo Viedni<\/a> \t\t\t\t<\/div>\n<\/p><\/div>\n<\/p><\/div>\n<div class=\"pull-right\">\n<div class=\"text-danger tour-price\"> \t\t\t\t\t\t<a href=\"\/sk\/rezervovat-transfer\">Rezervova\u0165<\/a><\/div>\n<\/p><\/div>\n<\/p><\/div>\n<p>  \t <!--\t-->  \t<\/p>\n<div class=\"vm-product-container\">\n<figure class=\"pull-left item-image\">\n<div class=\"main-image\"> \t\t<a  rel='vm-additional-images' href=\"\/images\/virtuemart\/product\/vienna-to-lech-zurs-am-arlberg-ski-resort-transfer.png\"><img decoding=\"async\"  loading=\"lazy\"  src=\"\/wp-content\/uploads\/2025\/08\/vienna-to-lech-zurs-am-arlberg-ski-resort-transfer-2.png\"  \/><\/a>\t\t<\/p>\n<div class=\"clear\"><\/div>\n<\/p><\/div>\n<\/figure>\n<div class=\"vm-product-details-container\">\n<div class=\"spacer-buy-area\">    \t\t \t\t<\/div>\n<\/p><\/div>\n<div class=\"clear\"><\/div>\n<\/p><\/div>\n<div class=\"product-description\" >\n<p>Vitajte v br\u00e1ne bezprobl\u00e9mov\u00fdch ly\u017eiarskych dobrodru\u017estiev &#8211; transfer z Viedne do ly\u017eiarskeho strediska Lech-Z\u00fcrs am Arlberg od spolo\u010dnosti Transfer Europe. Ako sk\u00fasen\u00ed cestovatelia a nad\u0161enci alpsk\u00fdch kr\u00e1s ch\u00e1peme v\u00fdznam plynul\u00e9ho prechodu z viedensk\u00e9ho \u0161armu do zasne\u017eenej n\u00e1dhery Lech-Z\u00fcrs. Vydajme sa na t\u00fato cestu spolo\u010dne a zabezpe\u010dme, aby bol v\u00e1\u0161 pr\u00edchod rovnako nezabudnute\u013en\u00fd ako \u010das str\u00e1ven\u00fd na svahoch.<\/p>\n<p style=\"text-align: center;\"><a class=\"btn btn-primary\" href=\"\/sk\/rezervovat-transfer\">Rezervova\u0165 transfer<\/a><\/p>\n<p>Lech-Z\u00fcrs am Arlberg sa nach\u00e1dza v rak\u00faskych Alp\u00e1ch a je maj\u00e1kom pre milovn\u00edkov zimn\u00fdch \u0161portov. Toto o\u010daruj\u00face stredisko, vzdialen\u00e9 pribli\u017ene 330 km od medzin\u00e1rodn\u00e9ho letiska vo Viedni, l\u00e1ka svojimi nedotknut\u00fdmi svahmi, o\u010daruj\u00facou alpskou architekt\u00farou a bohatou kult\u00farnou ponukou. Transfer Europe je va\u0161\u00edm k\u013e\u00fa\u010dom k odomknutiu tejto zimnej krajiny z\u00e1zrakov a zabezpe\u010d\u00ed v\u00e1m plynul\u00fd prechod z ru\u0161nej mestskej krajiny do pokojn\u00e9ho horsk\u00e9ho raja.<\/p>\n<p><img decoding=\"async\" title=\"transfer-z-viedne-do-lyziarskeho-strediska-lech-zurs-am-arlberg\" src=\"\/wp-content\/uploads\/2025\/08\/transfer-z-viedne-do-lyziarskeho-strediska-lech-zurs-am-arlberg.png\" alt=\"transfer-z-viedne-do-lyziarskeho-strediska-lech-zurs-am-arlberg\" \/><\/p>\n<p><strong>Pre\u010do si vybra\u0165 Transfer Europe?<\/strong><\/p>\n<ul>\n<li><strong>Profesion\u00e1lni vodi\u010di, pr\u00e9miov\u00fd servis:<\/strong>\u00a0Na\u0161a flotila sedanov, SUV a priestrann\u00fdch minivanov je prisp\u00f4soben\u00e1 r\u00f4znorod\u00fdm potreb\u00e1m na\u0161ich klientov. Ka\u017ed\u00e9 vozidlo je vybaven\u00e9 priestrann\u00fdm bato\u017einov\u00fdm priestorom, ktor\u00fd v\u00e1m umo\u017en\u00ed vzia\u0165 si so sebou v\u0161etko potrebn\u00e9 na v\u00e1\u0161 \u00fatek do h\u00f4r. Na\u0161i profesion\u00e1lni vodi\u010di s\u00fa viac ne\u017e len \u0161of\u00e9ri &#8211; s\u00fa va\u0161imi miestnymi sprievodcami, ktor\u00ed v\u00e1m pon\u00fakaj\u00fa poznatky o kult\u00fare regi\u00f3nu a zabezpe\u010dia, aby va\u0161a cesta nebola len transferom, ale z\u00e1\u017eitkom.<\/li>\n<li><strong>Transfery z letiska Viede\u0148:<\/strong>\u00a0Za\u010dnite svoje ly\u017eiarske dobrodru\u017estvo hne\u010f po prist\u00e1t\u00ed na medzin\u00e1rodnom letisku Viede\u0148. N\u00e1\u0161 efekt\u00edvny a presn\u00fd letiskov\u00fd transfer v\u00e1m zaru\u010d\u00ed, \u017ee pri ceste na zasne\u017een\u00e9 svahy Lech-Z\u00fcrs nebudete str\u00e1ca\u0165 \u010das. Vychutnajte si malebn\u00fa rak\u00fasku krajinu z pohodlia na\u0161ich dobre udr\u017eiavan\u00fdch vozidiel.<\/li>\n<li><strong>Preprava na mieru pre ka\u017ed\u00fa skupinu:<\/strong>\u00a0Transfer Europe m\u00e1 pre v\u00e1s ide\u00e1lnu dopravu, \u010di u\u017e cestujete sami, s partnerom alebo ako rodina. N\u00e1\u0161 vozov\u00fd park zah\u0155\u0148a sedany pre int\u00edmny z\u00e1\u017eitok, SUV pre v\u00e4\u010d\u0161\u00ed priestor a pohodlie a minivany pre rodiny alebo skupiny s rozsiahlymi po\u017eiadavkami na bato\u017einu. Ka\u017ed\u00e1 cesta je prisp\u00f4soben\u00e1 va\u0161im jedine\u010dn\u00fdm potreb\u00e1m.<\/li>\n<\/ul>\n<p style=\"text-align: center;\"><a class=\"btn btn-primary\" href=\"\/sk\/rezervovat-transfer\">Rezervova\u0165 transfer<\/a><\/p>\n<p><img decoding=\"async\" title=\"transfer-do-lyziarskeho-strediska\" src=\"\/wp-content\/uploads\/2025\/08\/transfer-do-lyziarskeho-strediska-8.png\" alt=\"transfer-do-lyziarskeho-strediska\" \/><\/p>\n<h2 style=\"text-align: center;\"><span style=\"font-size: 18pt;\"><strong>Rezervujte si teraz transfer z Viedne do ly\u017eiarskeho strediska Lech-Z\u00fcrs am Arlberg<\/strong><\/span><\/h2>\n<p>Na\u010do \u010daka\u0165, ke\u010f je va\u0161e ly\u017eiarske dobrodru\u017estvo len na skok? Rezervujte si transfer z Viedne do ly\u017eiarskeho strediska Lech-Z\u00fcrs am Arlberg s Transfer Europe a nechajte n\u00e1s by\u0165 architektmi v\u00e1\u0161ho alpsk\u00e9ho \u00fateku. Za\u017eite slobodu pr\u00edchodu bez stresu, v\u010faka \u010domu budete ma\u0165 viac \u010dasu na vychutn\u00e1vanie radosti zo zjazdoviek a vychutn\u00e1vanie ka\u017ed\u00e9ho momentu v\u00e1\u0161ho zimn\u00e9ho oddychu.<\/p>\n<p><strong>V\u00fdhody pre ly\u017eiarskych nad\u0161encov: Bezprobl\u00e9mov\u00fd \u00fatek<\/strong><\/p>\n<ul>\n<li><em>Maximalizujte \u010das str\u00e1ven\u00fd na ly\u017eiach: Ak sa rozhodnete pre na\u0161u spo\u013eahliv\u00fa slu\u017ebu transferu, maximalizujete svoj \u010das na svahoch. Rozl\u00fa\u010dte sa s navig\u00e1ciou po nezn\u00e1mych cest\u00e1ch a priv\u00edtajte carvingov\u00e9 zjazdovky sk\u00f4r, ako ste si mysleli.<\/em><\/li>\n<li><em>Cestovanie vhodn\u00e9 pre rodiny: Cestujete s rodinou? Na\u0161e vozidl\u00e1 vhodn\u00e9 pre rodiny sa postaraj\u00fa o to, aby v\u0161etci, od najmlad\u0161\u00edch po najstar\u0161\u00edch, cestovali pohodlne a \u0161t\u00fdlovo. Na po\u017eiadanie s\u00fa k dispoz\u00edcii detsk\u00e9 seda\u010dky, v\u010faka ktor\u00fdm je cesta rovnako bezpe\u010dn\u00e1 ako pr\u00edjemn\u00e1.<\/em><\/li>\n<li><em>Dostatok priestoru pre vybavenie: Ob\u00e1vate sa, \u010di sa v\u00e1m tam zmest\u00ed ly\u017eiarska v\u00fdbava? Na\u0161e vozidl\u00e1 s\u00fa vybaven\u00e9 priestrann\u00fdmi bato\u017einov\u00fdmi priestormi, do ktor\u00fdch sa zmest\u00ed v\u0161etka va\u0161a v\u00fdbava na zimn\u00e9 \u0161porty bez toho, aby to bolo na \u00fakor pohodlia cestuj\u00facich.<\/em><\/li>\n<li><em>Sc\u00e9nick\u00e9 zast\u00e1vky a prehliadky: Na\u0161i sk\u00fasen\u00ed vodi\u010di poznaj\u00fa trasu ako svoje boty. D\u00f4verujte im, \u017ee v\u00e1s preved\u00fa malebnou krajinou a odporu\u010dia v\u00e1m o\u010daruj\u00face zast\u00e1vky a skryt\u00e9 skvosty po ceste.<\/em><\/li>\n<\/ul>\n<p style=\"text-align: center;\"><a class=\"btn btn-primary\" href=\"\/sk\/rezervovat-transfer\">Rezervova\u0165 transfer<\/a><\/p>\n<p><img decoding=\"async\" title=\"transfery-z-viedne-do-lyziarskeho-strediska\" src=\"\/wp-content\/uploads\/2025\/08\/transfery-z-viedne-do-lyziarskeho-strediska-2.jpg\" alt=\"transfery-z-viedne-do-lyziarskeho-strediska\" \/><\/p>\n<h2 style=\"text-align: center;\"><span style=\"font-size: 18pt;\"><strong>FAQ &#8211;\u00a0Transfer z Viedne do ly\u017eiarskeho strediska Lech-Z\u00fcrs am Arlberg<\/strong><\/span><\/h2>\n<h3><span style=\"font-size: 14pt;\"><strong>Je transfer vhodn\u00fd pre rodiny s de\u0165mi?<\/strong><\/span><\/h3>\n<p>Absol\u00fatne! Na\u0161e vozidl\u00e1 vhodn\u00e9 pre rodiny s\u00fa na po\u017eiadanie vybaven\u00e9 detsk\u00fdmi seda\u010dkami, ktor\u00e9 zabezpe\u010dia bezpe\u010dn\u00fa a pohodln\u00fa cestu pre cel\u00fa rodinu.<\/p>\n<h3><span style=\"font-size: 14pt;\"><strong>M\u00f4\u017eeme sa cestou zastavi\u0165 na prehliadku pamiatok?<\/strong><\/span><\/h3>\n<p>Ur\u010dite! Na\u0161i vodi\u010di poznaj\u00fa najlep\u0161ie vyhliadkov\u00e9 miesta a na va\u0161e \u017eelanie v\u00e1m zabezpe\u010d\u00edme zast\u00e1vky na prehliadku.<\/p>\n<h3><span style=\"font-size: 14pt;\"><strong>Existuj\u00fa mo\u017enosti stravovania po\u010das cesty?<\/strong><\/span><\/h3>\n<p>Hoci po\u010das prepravy neposkytujeme stravu, na\u0161i vodi\u010di v\u00e1m m\u00f4\u017eu odporu\u010di\u0165 p\u00f4vabn\u00e9 kaviarne a re\u0161taur\u00e1cie na pr\u00edjemn\u00fa zast\u00e1vku.<\/p>\n<h3><span style=\"font-size: 14pt;\"><strong>\u010co ak n\u00e1\u0161 let me\u0161k\u00e1?<\/strong><\/span><\/h3>\n<p>N\u00e1\u0161 t\u00edm sleduje letov\u00e9 poriadky a pod\u013ea toho prisp\u00f4sobuje svoje slu\u017eby. M\u00f4\u017eete si by\u0165 ist\u00ed, \u017ee v\u00e1s priv\u00edtame bez oh\u013eadu na me\u0161kanie.<\/p>\n<p style=\"text-align: center;\"><a class=\"btn btn-primary\" href=\"\/sk\/rezervovat-transfer\">Rezervova\u0165 transfer<\/a><\/p>\n<p>Vydajte sa na cestu, ktor\u00e1 presahuje hranice v\u0161ednosti &#8211; vyberte si Transfer Europe pre svoj transfer z Viedne do ly\u017eiarskeho strediska Lech-Z\u00fcrs am Arlberg. Dovo\u013ete n\u00e1m premeni\u0165 va\u0161u cestu na z\u00e1\u017eitok a pripravi\u0165 p\u00f4du pre nezabudnute\u013en\u00fd zimn\u00fd pobyt. Rezervujte si teraz a nechajte sa priv\u00edta\u0165 horami s otvorenou n\u00e1ru\u010dou.<\/p>\n<\/p><\/div>\n<div class=\"product-price-container\">\n<div class=\"sale-price\"> \t\t<\/div>\n<\/p><\/div>\n<div class=\"options\"><\/div>\n<div> \t\t<\/div>\n<p>   \t        <script type=\"text\/javascript\" ><\/script>  <script type=\"text\/javascript\" ><\/script> <script type=\"text\/javascript\" ><\/script>  <script type=\"text\/javascript\" ><\/script> <script type=\"text\/javascript\" ><\/script> <script type=\"text\/javascript\" ><\/script> <script type=\"text\/javascript\" ><\/script> <\/div>\n<p> \t\t<!-- \u041f\u043b\u0430\u0433\u0438\u043d \u0440\u0435\u0439\u0442\u0438\u043d\u0433\u0430 --> <\/p>\n<div class=\"vrvote-body\">\n<ul class=\"vrvote-ul\">\n<li id=\"rating_156\" class=\"current-rating\" style=\"width:100.00%;\"><\/li>\n<li> \t\t\t\t\t\t<a class=\"vr-one-star\" onclick=\"javascript:JSVRvote(156,1,30,6,0)\" href=\"javascript:void(null)\">1<\/a> \t\t\t\t\t<\/li>\n<li> \t\t\t\t\t\t<a class=\"vr-two-stars\" onclick=\"javascript:JSVRvote(156,2,30,6,0)\" href=\"javascript:void(null)\">2<\/a> \t\t\t\t\t<\/li>\n<li> \t\t\t\t\t\t<a class=\"vr-three-stars\" onclick=\"javascript:JSVRvote(156,3,30,6,0)\" href=\"javascript:void(null)\">3<\/a> \t\t\t\t\t<\/li>\n<li> \t\t\t\t\t\t<a class=\"vr-four-stars\" onclick=\"javascript:JSVRvote(156,4,30,6,0)\" href=\"javascript:void(null)\">4<\/a> \t\t\t\t\t<\/li>\n<li> \t\t\t\t\t\t<a class=\"vr-five-stars\" onclick=\"javascript:JSVRvote(156,5,30,6,0)\" href=\"javascript:void(null)\">5<\/a> \t\t\t\t\t<\/li>\n<\/ul><\/div>\n<p> \t\t\t<span id=\"vrvote_156\" class=\"vrvote-count\"><small><\/small><\/span>\t<\/span><script type=\"application\/ld+json\"><\/script>   <\/div>\n<div class=\"t4-col sidebar-r col-12 col-xl-4\">\n<div class=\"t4-module module\" id=\"Mod306\">\n<div class=\"module-inner\">\n<div class=\"module-ct\">\n<div class=\"bannergroup\">\n<div class=\"banneritem\"> \t\t\t\t\t\t\t\t\t\t\t\t\t\t\t\t\t\t\t\t\t\t\t\t\t\t\t\t\t\t\t\t\t\t\t\t\t\t\t\t\t\t\t\t\t\t\t\t\t\t<img \t\t\t\t\t\tsrc=\"\/wp-content\/uploads\/2025\/08\/banner-transfer-europe-sk-491.png\" \t\t\t\t\t\talt=\"Banner-sk\" \t\t\t\t\t\t\t\t\t\t\t\t\t\t\t\t\t\/> \t\t\t\t\t\t\t\t\t\t\t<\/p>\n<div class=\"clr\"><\/div>\n<\/p><\/div>\n<\/p><\/div>\n<\/p><\/div>\n<\/div>\n<\/div><\/div>\n<\/p><\/div>\n<\/div><\/div>\n<div id=\"t4-section-8\" class=\"t4-section  t4-section-8  section-border-top\" role=\"section-8\">\n<div class=\"bg-overlay bg-overlay-image\">&nbsp;<\/div>\n<\/p><\/div>\n<p>  <a href='javascript:' id='back-to-top'><i class='fa fa-chevron-up'><\/i><\/a>                <\/p>\n","protected":false},"excerpt":{"rendered":"<p>Transfer z Viedne do ly\u017eiarskeho strediska Lech-Z\u00fcrs am Arlberg Transfery do ly\u017eiarskych stred\u00edsk vo Viedni Rezervova\u0165 Vitajte v br\u00e1ne bezprobl\u00e9mov\u00fdch ly\u017eiarskych dobrodru\u017estiev &#8211; transfer z Viedne do ly\u017eiarskeho strediska Lech-Z\u00fcrs am Arlberg od spolo\u010dnosti Transfer Europe. Ako sk\u00fasen\u00ed cestovatelia a nad\u0161enci alpsk\u00fdch kr\u00e1s ch\u00e1peme v\u00fdznam plynul\u00e9ho prechodu z viedensk\u00e9ho \u0161armu do zasne\u017eenej n\u00e1dhery Lech-Z\u00fcrs. Vydajme [&hellip;]<\/p>\n","protected":false},"author":1,"featured_media":86110,"parent":20466,"menu_order":0,"comment_status":"closed","ping_status":"closed","template":"","meta":{"footnotes":""},"class_list":["post-86109","page","type-page","status-publish","has-post-thumbnail","hentry"],"yoast_head":"<!-- This site is optimized with the Yoast SEO plugin v25.6 - https:\/\/yoast.com\/wordpress\/plugins\/seo\/ -->\n<title>Transfer z Viedne do ly\u017eiarskeho strediska Lech-Z\u00fcrs am Arlberg<\/title>\n<meta name=\"description\" content=\"Za\u017eite ly\u017eiarsky transfer z Viedne do Lech-Z\u00fcrs am Arlberg. Rezervujte si e\u0161te dnes a u\u017eite si cestovanie bez stresu s malebn\u00fdm v\u00fdh\u013eadom. Zavolajte n\u00e1m \u260e +421 940 904 184 pre individu\u00e1lnu pomoc.\" \/>\n<meta name=\"robots\" content=\"index, follow, max-snippet:-1, max-image-preview:large, max-video-preview:-1\" \/>\n<link rel=\"canonical\" href=\"https:\/\/transfereurope.com\/sk\/lyziarske-transfery\/transfer-do-lyziarskych-stredisk-vo-viedni\/transfer-z-viedne-do-lyziarskeho-strediska-lech-zurs-am-arlberg\/\" \/>\n<meta property=\"og:locale\" content=\"sk_SK\" \/>\n<meta property=\"og:type\" content=\"article\" \/>\n<meta property=\"og:title\" content=\"Transfer z Viedne do ly\u017eiarskeho strediska Lech-Z\u00fcrs am Arlberg\" \/>\n<meta property=\"og:description\" content=\"Za\u017eite ly\u017eiarsky transfer z Viedne do Lech-Z\u00fcrs am Arlberg. Rezervujte si e\u0161te dnes a u\u017eite si cestovanie bez stresu s malebn\u00fdm v\u00fdh\u013eadom. Zavolajte n\u00e1m \u260e +421 940 904 184 pre individu\u00e1lnu pomoc.\" \/>\n<meta property=\"og:url\" content=\"https:\/\/transfereurope.com\/sk\/lyziarske-transfery\/transfer-do-lyziarskych-stredisk-vo-viedni\/transfer-z-viedne-do-lyziarskeho-strediska-lech-zurs-am-arlberg\/\" \/>\n<meta property=\"og:site_name\" content=\"transfereurope\" \/>\n<meta property=\"og:image\" content=\"https:\/\/transfereurope.com\/wp-content\/uploads\/2025\/08\/vienna-to-lech-zurs-am-arlberg-ski-resort-transfer-2-1.png\" \/>\n\t<meta property=\"og:image:width\" content=\"940\" \/>\n\t<meta property=\"og:image:height\" content=\"788\" \/>\n\t<meta property=\"og:image:type\" content=\"image\/png\" \/>\n<meta name=\"twitter:card\" content=\"summary_large_image\" \/>\n<meta name=\"twitter:label1\" content=\"Predpokladan\u00fd \u010das \u010d\u00edtania\" \/>\n\t<meta name=\"twitter:data1\" content=\"5 min\u00fat\" \/>\n<script type=\"application\/ld+json\" class=\"yoast-schema-graph\">{\"@context\":\"https:\/\/schema.org\",\"@graph\":[{\"@type\":\"WebPage\",\"@id\":\"https:\/\/transfereurope.com\/sk\/lyziarske-transfery\/transfer-do-lyziarskych-stredisk-vo-viedni\/transfer-z-viedne-do-lyziarskeho-strediska-lech-zurs-am-arlberg\/\",\"url\":\"https:\/\/transfereurope.com\/sk\/lyziarske-transfery\/transfer-do-lyziarskych-stredisk-vo-viedni\/transfer-z-viedne-do-lyziarskeho-strediska-lech-zurs-am-arlberg\/\",\"name\":\"Transfer z Viedne do ly\u017eiarskeho strediska Lech-Z\u00fcrs am Arlberg\",\"isPartOf\":{\"@id\":\"https:\/\/transfereurope.com\/sk\/#website\"},\"primaryImageOfPage\":{\"@id\":\"https:\/\/transfereurope.com\/sk\/lyziarske-transfery\/transfer-do-lyziarskych-stredisk-vo-viedni\/transfer-z-viedne-do-lyziarskeho-strediska-lech-zurs-am-arlberg\/#primaryimage\"},\"image\":{\"@id\":\"https:\/\/transfereurope.com\/sk\/lyziarske-transfery\/transfer-do-lyziarskych-stredisk-vo-viedni\/transfer-z-viedne-do-lyziarskeho-strediska-lech-zurs-am-arlberg\/#primaryimage\"},\"thumbnailUrl\":\"https:\/\/transfereurope.com\/wp-content\/uploads\/2025\/08\/vienna-to-lech-zurs-am-arlberg-ski-resort-transfer-2-1.png\",\"datePublished\":\"2025-08-06T00:50:44+00:00\",\"description\":\"Za\u017eite ly\u017eiarsky transfer z Viedne do Lech-Z\u00fcrs am Arlberg. Rezervujte si e\u0161te dnes a u\u017eite si cestovanie bez stresu s malebn\u00fdm v\u00fdh\u013eadom. Zavolajte n\u00e1m \u260e +421 940 904 184 pre individu\u00e1lnu pomoc.\",\"breadcrumb\":{\"@id\":\"https:\/\/transfereurope.com\/sk\/lyziarske-transfery\/transfer-do-lyziarskych-stredisk-vo-viedni\/transfer-z-viedne-do-lyziarskeho-strediska-lech-zurs-am-arlberg\/#breadcrumb\"},\"inLanguage\":\"sk-SK\",\"potentialAction\":[{\"@type\":\"ReadAction\",\"target\":[\"https:\/\/transfereurope.com\/sk\/lyziarske-transfery\/transfer-do-lyziarskych-stredisk-vo-viedni\/transfer-z-viedne-do-lyziarskeho-strediska-lech-zurs-am-arlberg\/\"]}]},{\"@type\":\"ImageObject\",\"inLanguage\":\"sk-SK\",\"@id\":\"https:\/\/transfereurope.com\/sk\/lyziarske-transfery\/transfer-do-lyziarskych-stredisk-vo-viedni\/transfer-z-viedne-do-lyziarskeho-strediska-lech-zurs-am-arlberg\/#primaryimage\",\"url\":\"https:\/\/transfereurope.com\/wp-content\/uploads\/2025\/08\/vienna-to-lech-zurs-am-arlberg-ski-resort-transfer-2-1.png\",\"contentUrl\":\"https:\/\/transfereurope.com\/wp-content\/uploads\/2025\/08\/vienna-to-lech-zurs-am-arlberg-ski-resort-transfer-2-1.png\",\"width\":940,\"height\":788},{\"@type\":\"BreadcrumbList\",\"@id\":\"https:\/\/transfereurope.com\/sk\/lyziarske-transfery\/transfer-do-lyziarskych-stredisk-vo-viedni\/transfer-z-viedne-do-lyziarskeho-strediska-lech-zurs-am-arlberg\/#breadcrumb\",\"itemListElement\":[{\"@type\":\"ListItem\",\"position\":1,\"name\":\"Home\",\"item\":\"https:\/\/transfereurope.com\/sk\/\"},{\"@type\":\"ListItem\",\"position\":2,\"name\":\"Transfer z Viedne do ly\u017eiarskeho strediska Lech-Z\u00fcrs am Arlberg\"}]},{\"@type\":\"WebSite\",\"@id\":\"https:\/\/transfereurope.com\/sk\/#website\",\"url\":\"https:\/\/transfereurope.com\/sk\/\",\"name\":\"transfereurope\",\"description\":\"\",\"publisher\":{\"@id\":\"https:\/\/transfereurope.com\/sk\/#organization\"},\"potentialAction\":[{\"@type\":\"SearchAction\",\"target\":{\"@type\":\"EntryPoint\",\"urlTemplate\":\"https:\/\/transfereurope.com\/sk\/?s={search_term_string}\"},\"query-input\":{\"@type\":\"PropertyValueSpecification\",\"valueRequired\":true,\"valueName\":\"search_term_string\"}}],\"inLanguage\":\"sk-SK\"},{\"@type\":\"Organization\",\"@id\":\"https:\/\/transfereurope.com\/sk\/#organization\",\"name\":\"transfereurope\",\"url\":\"https:\/\/transfereurope.com\/sk\/\",\"logo\":{\"@type\":\"ImageObject\",\"inLanguage\":\"sk-SK\",\"@id\":\"https:\/\/transfereurope.com\/sk\/#\/schema\/logo\/image\/\",\"url\":\"https:\/\/transfereurope.com\/wp-content\/uploads\/2025\/08\/TRANSFERS-1655.png\",\"contentUrl\":\"https:\/\/transfereurope.com\/wp-content\/uploads\/2025\/08\/TRANSFERS-1655.png\",\"width\":500,\"height\":274,\"caption\":\"transfereurope\"},\"image\":{\"@id\":\"https:\/\/transfereurope.com\/sk\/#\/schema\/logo\/image\/\"}}]}<\/script>\n<!-- \/ Yoast SEO plugin. -->","yoast_head_json":{"title":"Transfer z Viedne do ly\u017eiarskeho strediska Lech-Z\u00fcrs am Arlberg","description":"Za\u017eite ly\u017eiarsky transfer z Viedne do Lech-Z\u00fcrs am Arlberg. Rezervujte si e\u0161te dnes a u\u017eite si cestovanie bez stresu s malebn\u00fdm v\u00fdh\u013eadom. Zavolajte n\u00e1m \u260e +421 940 904 184 pre individu\u00e1lnu pomoc.","robots":{"index":"index","follow":"follow","max-snippet":"max-snippet:-1","max-image-preview":"max-image-preview:large","max-video-preview":"max-video-preview:-1"},"canonical":"https:\/\/transfereurope.com\/sk\/lyziarske-transfery\/transfer-do-lyziarskych-stredisk-vo-viedni\/transfer-z-viedne-do-lyziarskeho-strediska-lech-zurs-am-arlberg\/","og_locale":"sk_SK","og_type":"article","og_title":"Transfer z Viedne do ly\u017eiarskeho strediska Lech-Z\u00fcrs am Arlberg","og_description":"Za\u017eite ly\u017eiarsky transfer z Viedne do Lech-Z\u00fcrs am Arlberg. Rezervujte si e\u0161te dnes a u\u017eite si cestovanie bez stresu s malebn\u00fdm v\u00fdh\u013eadom. Zavolajte n\u00e1m \u260e +421 940 904 184 pre individu\u00e1lnu pomoc.","og_url":"https:\/\/transfereurope.com\/sk\/lyziarske-transfery\/transfer-do-lyziarskych-stredisk-vo-viedni\/transfer-z-viedne-do-lyziarskeho-strediska-lech-zurs-am-arlberg\/","og_site_name":"transfereurope","og_image":[{"width":940,"height":788,"url":"https:\/\/transfereurope.com\/wp-content\/uploads\/2025\/08\/vienna-to-lech-zurs-am-arlberg-ski-resort-transfer-2-1.png","type":"image\/png"}],"twitter_card":"summary_large_image","twitter_misc":{"Predpokladan\u00fd \u010das \u010d\u00edtania":"5 min\u00fat"},"schema":{"@context":"https:\/\/schema.org","@graph":[{"@type":"WebPage","@id":"https:\/\/transfereurope.com\/sk\/lyziarske-transfery\/transfer-do-lyziarskych-stredisk-vo-viedni\/transfer-z-viedne-do-lyziarskeho-strediska-lech-zurs-am-arlberg\/","url":"https:\/\/transfereurope.com\/sk\/lyziarske-transfery\/transfer-do-lyziarskych-stredisk-vo-viedni\/transfer-z-viedne-do-lyziarskeho-strediska-lech-zurs-am-arlberg\/","name":"Transfer z Viedne do ly\u017eiarskeho strediska Lech-Z\u00fcrs am Arlberg","isPartOf":{"@id":"https:\/\/transfereurope.com\/sk\/#website"},"primaryImageOfPage":{"@id":"https:\/\/transfereurope.com\/sk\/lyziarske-transfery\/transfer-do-lyziarskych-stredisk-vo-viedni\/transfer-z-viedne-do-lyziarskeho-strediska-lech-zurs-am-arlberg\/#primaryimage"},"image":{"@id":"https:\/\/transfereurope.com\/sk\/lyziarske-transfery\/transfer-do-lyziarskych-stredisk-vo-viedni\/transfer-z-viedne-do-lyziarskeho-strediska-lech-zurs-am-arlberg\/#primaryimage"},"thumbnailUrl":"https:\/\/transfereurope.com\/wp-content\/uploads\/2025\/08\/vienna-to-lech-zurs-am-arlberg-ski-resort-transfer-2-1.png","datePublished":"2025-08-06T00:50:44+00:00","description":"Za\u017eite ly\u017eiarsky transfer z Viedne do Lech-Z\u00fcrs am Arlberg. Rezervujte si e\u0161te dnes a u\u017eite si cestovanie bez stresu s malebn\u00fdm v\u00fdh\u013eadom. Zavolajte n\u00e1m \u260e +421 940 904 184 pre individu\u00e1lnu pomoc.","breadcrumb":{"@id":"https:\/\/transfereurope.com\/sk\/lyziarske-transfery\/transfer-do-lyziarskych-stredisk-vo-viedni\/transfer-z-viedne-do-lyziarskeho-strediska-lech-zurs-am-arlberg\/#breadcrumb"},"inLanguage":"sk-SK","potentialAction":[{"@type":"ReadAction","target":["https:\/\/transfereurope.com\/sk\/lyziarske-transfery\/transfer-do-lyziarskych-stredisk-vo-viedni\/transfer-z-viedne-do-lyziarskeho-strediska-lech-zurs-am-arlberg\/"]}]},{"@type":"ImageObject","inLanguage":"sk-SK","@id":"https:\/\/transfereurope.com\/sk\/lyziarske-transfery\/transfer-do-lyziarskych-stredisk-vo-viedni\/transfer-z-viedne-do-lyziarskeho-strediska-lech-zurs-am-arlberg\/#primaryimage","url":"https:\/\/transfereurope.com\/wp-content\/uploads\/2025\/08\/vienna-to-lech-zurs-am-arlberg-ski-resort-transfer-2-1.png","contentUrl":"https:\/\/transfereurope.com\/wp-content\/uploads\/2025\/08\/vienna-to-lech-zurs-am-arlberg-ski-resort-transfer-2-1.png","width":940,"height":788},{"@type":"BreadcrumbList","@id":"https:\/\/transfereurope.com\/sk\/lyziarske-transfery\/transfer-do-lyziarskych-stredisk-vo-viedni\/transfer-z-viedne-do-lyziarskeho-strediska-lech-zurs-am-arlberg\/#breadcrumb","itemListElement":[{"@type":"ListItem","position":1,"name":"Home","item":"https:\/\/transfereurope.com\/sk\/"},{"@type":"ListItem","position":2,"name":"Transfer z Viedne do ly\u017eiarskeho strediska Lech-Z\u00fcrs am Arlberg"}]},{"@type":"WebSite","@id":"https:\/\/transfereurope.com\/sk\/#website","url":"https:\/\/transfereurope.com\/sk\/","name":"transfereurope","description":"","publisher":{"@id":"https:\/\/transfereurope.com\/sk\/#organization"},"potentialAction":[{"@type":"SearchAction","target":{"@type":"EntryPoint","urlTemplate":"https:\/\/transfereurope.com\/sk\/?s={search_term_string}"},"query-input":{"@type":"PropertyValueSpecification","valueRequired":true,"valueName":"search_term_string"}}],"inLanguage":"sk-SK"},{"@type":"Organization","@id":"https:\/\/transfereurope.com\/sk\/#organization","name":"transfereurope","url":"https:\/\/transfereurope.com\/sk\/","logo":{"@type":"ImageObject","inLanguage":"sk-SK","@id":"https:\/\/transfereurope.com\/sk\/#\/schema\/logo\/image\/","url":"https:\/\/transfereurope.com\/wp-content\/uploads\/2025\/08\/TRANSFERS-1655.png","contentUrl":"https:\/\/transfereurope.com\/wp-content\/uploads\/2025\/08\/TRANSFERS-1655.png","width":500,"height":274,"caption":"transfereurope"},"image":{"@id":"https:\/\/transfereurope.com\/sk\/#\/schema\/logo\/image\/"}}]}},"_links":{"self":[{"href":"https:\/\/transfereurope.com\/sk\/wp-json\/wp\/v2\/pages\/86109","targetHints":{"allow":["GET"]}}],"collection":[{"href":"https:\/\/transfereurope.com\/sk\/wp-json\/wp\/v2\/pages"}],"about":[{"href":"https:\/\/transfereurope.com\/sk\/wp-json\/wp\/v2\/types\/page"}],"author":[{"embeddable":true,"href":"https:\/\/transfereurope.com\/sk\/wp-json\/wp\/v2\/users\/1"}],"replies":[{"embeddable":true,"href":"https:\/\/transfereurope.com\/sk\/wp-json\/wp\/v2\/comments?post=86109"}],"version-history":[{"count":0,"href":"https:\/\/transfereurope.com\/sk\/wp-json\/wp\/v2\/pages\/86109\/revisions"}],"up":[{"embeddable":true,"href":"https:\/\/transfereurope.com\/sk\/wp-json\/wp\/v2\/pages\/20466"}],"wp:featuredmedia":[{"embeddable":true,"href":"https:\/\/transfereurope.com\/sk\/wp-json\/wp\/v2\/media\/86110"}],"wp:attachment":[{"href":"https:\/\/transfereurope.com\/sk\/wp-json\/wp\/v2\/media?parent=86109"}],"curies":[{"name":"wp","href":"https:\/\/api.w.org\/{rel}","templated":true}]}}