{"id":85641,"date":"2025-08-06T00:44:02","date_gmt":"2025-08-06T00:44:02","guid":{"rendered":"https:\/\/transfereurope.com\/transfer-z-viedne-do-lyziarskeho-strediska-ischgl\/"},"modified":"2025-08-06T00:44:02","modified_gmt":"2025-08-06T00:44:02","slug":"transfer-z-viedne-do-lyziarskeho-strediska-ischgl","status":"publish","type":"page","link":"https:\/\/transfereurope.com\/sk\/lyziarske-transfery\/transfer-do-lyziarskych-stredisk-vo-viedni\/transfer-z-viedne-do-lyziarskeho-strediska-ischgl\/","title":{"rendered":"Transfer z Viedne do ly\u017eiarskeho strediska Ischgl"},"content":{"rendered":"\n<div id=\"t4-masthead\" class=\"t4-section  t4-masthead\">\n<div class=\"t4-col text-center\">\n<div class=\"ja-masthead\" >\n<div class=\"ja-masthead-detail\">\n<h1 class=\"ja-masthead-title\">Transfer z Viedne do ly\u017eiarskeho strediska Ischgl<\/h1>\n<p>                 <!---->            <\/p>\n<div class=\"block-breadcrumb\">                       <\/div>\n<\/p><\/div>\n<\/p><\/div>\n<pre><\/pre>\n<\/div>\n<\/div>\n<div id=\"t4-main-body\" class=\"t4-section  t4-main-body\" role=\"main body\">\n<div class=\"t4-section-inner container\">\n<div class=\"t4-row row\">\n<div class=\"t4-col col-12 col-xl\">\n<div id=\"system-message-container\"> \t<\/div>\n<div class=\"com-content-article item-page view-tour-detail\">\n<div class=\"tour-top-info clearfix\">\n<div class=\"pull-left\">\n<div class=\"category-article-dot\">\n<div class=\"category-name\"> \t\t\t\t\t<a href=\"\/sk\/lyziarske-transfery\/transfer-do-lyziarskych-stredisk-vo-viedni\" itemprop=\"genre\">Transfery do ly\u017eiarskych stred\u00edsk vo Viedni<\/a> \t\t\t\t<\/div>\n<\/p><\/div>\n<\/p><\/div>\n<div class=\"pull-right\">\n<div class=\"text-danger tour-price\"> \t\t\t\t\t\t<a href=\"\/sk\/rezervovat-transfer\">Rezervova\u0165<\/a><\/div>\n<\/p><\/div>\n<\/p><\/div>\n<p>  \t <!--\t-->  \t<\/p>\n<div class=\"vm-product-container\">\n<figure class=\"pull-left item-image\">\n<div class=\"main-image\"> \t\t<a  rel='vm-additional-images' href=\"\/images\/virtuemart\/product\/vienna-to-ischgl-ski-resort-transfer.png\"><img decoding=\"async\"  loading=\"lazy\"  src=\"\/wp-content\/uploads\/2025\/08\/vienna-to-ischgl-ski-resort-transfer-7.png\"  \/><\/a>\t\t<\/p>\n<div class=\"clear\"><\/div>\n<\/p><\/div>\n<\/figure>\n<div class=\"vm-product-details-container\">\n<div class=\"spacer-buy-area\">    \t\t \t\t<\/div>\n<\/p><\/div>\n<div class=\"clear\"><\/div>\n<\/p><\/div>\n<div class=\"product-description\" >\n<p>Vitajte v br\u00e1ne do krajiny zimn\u00fdch z\u00e1zrakov &#8211; v ly\u017eiarskom stredisku Ischgl! Ischgl sa nach\u00e1dza v srdci rak\u00faskych \u00c1lp a je malebnou destin\u00e1ciou, ktor\u00e1 s\u013eubuje nezabudnute\u013en\u00e9 ly\u017eiarske z\u00e1\u017eitky. \u010cakaj\u00fa na v\u00e1s majest\u00e1tne zjazdovky, prachov\u00fd sneh a \u017eiv\u00e1 apr\u00e9s-ski sc\u00e9na.<\/p>\n<p style=\"text-align: center;\"><a class=\"btn btn-primary\" href=\"\/sk\/rezervovat-transfer\">Rezervova\u0165 transfer<\/a><\/p>\n<p>Vydajte sa na alpsk\u00e9 dobrodru\u017estvo s Transfer Europe, va\u0161\u00edm spo\u013eahliv\u00fdm partnerom pre transfery z Viedne do ly\u017eiarskeho strediska Ischgl. Objavte bezprobl\u00e9mov\u00fa cestu z pulzuj\u00faceho hlavn\u00e9ho mesta do zasne\u017een\u00e9ho raja a vychutnajte si komfort a pohodlie na\u0161ich prepravn\u00fdch slu\u017eieb.<\/p>\n<p><img decoding=\"async\" title=\"transfer-z-viedne-do-lyziarskeho-strediska-ischgl\" src=\"\/wp-content\/uploads\/2025\/08\/transfer-iz-veny-na-gornolyzhnyy-kurort-ishgl.jpg\" alt=\"transfer-z-viedne-do-lyziarskeho-strediska-ischgl\" \/><\/p>\n<p>Pre\u010do si vybra\u0165 Transfer Europe na prepravu ly\u017eiarov? N\u00e1\u0161 z\u00e1v\u00e4zok k dokonalosti n\u00e1s odli\u0161uje:<\/p>\n<ol>\n<li>\n<p><strong>Profesion\u00e1lni vodi\u010di:<\/strong> Na\u0161i sk\u00fasen\u00ed a kvalifikovan\u00ed vodi\u010di sa postaraj\u00fa o va\u0161u bezpe\u010dnos\u0165 a pohodlie po\u010das celej cesty. Uvo\u013enite sa a vychutnajte si vyhliadkov\u00fa jazdu, preto\u017ee na\u0161i odborn\u00edci prec\u00edzne naviguj\u00fa po cest\u00e1ch.<\/p>\n<\/li>\n<li>\n<p><strong>R\u00f4znorod\u00e1 flotila:<\/strong> Cestujte \u0161t\u00fdlovo s na\u0161\u00edm rozmanit\u00fdm vozov\u00fdm parkom vr\u00e1tane priestrann\u00fdch vozidiel s ve\u013ek\u00fdm bato\u017einov\u00fdm priestorom. Od pohodln\u00fdch sedanov a\u017e po priestrann\u00e9 vozidl\u00e1 SUV &#8211; m\u00e1me perfektn\u00fa jazdu, ktor\u00e1 vyhovuje ve\u013ekosti a preferenci\u00e1m va\u0161ej skupiny.<\/p>\n<\/li>\n<li>\n<p><strong>Priamy transfer z letiska:<\/strong> Priamy transfer z medzin\u00e1rodn\u00e9ho letiska Viede\u0148 do Ischglu: Za\u010dnite svoju ly\u017eiarsku dovolenku bez probl\u00e9mov s na\u0161\u00edm priamym transferom z medzin\u00e1rodn\u00e9ho letiska Viede\u0148 do Ischglu. Rozl\u00fa\u010dte sa so stresom z navig\u00e1cie verejnou dopravou alebo h\u013eadania tax\u00edkov.<\/p>\n<\/li>\n<li>\n<p><strong>Personalizovan\u00e9 slu\u017eby:<\/strong> V spolo\u010dnosti Transfer Europe si uvedomujeme, \u017ee ka\u017ed\u00fd cestovate\u013e je jedine\u010dn\u00fd. Vychutnajte si slu\u017eby transferu na mieru, ktor\u00e9 sa prisp\u00f4sobia v\u00e1\u0161mu \u010dasov\u00e9mu rozvrhu a zabezpe\u010dia, aby ste sa do ly\u017eiarskeho strediska dostali r\u00fdchlo a pohodlne.<\/p>\n<\/li>\n<\/ol>\n<p>Ste pripraven\u00ed vyrazi\u0165 na zjazdovku? Rezervujte si transfer z Viedne do ly\u017eiarskeho strediska Ischgl teraz a nechajte Transfer Europe, aby pozdvihol va\u0161u zimn\u00fa dovolenku.<\/p>\n<p style=\"text-align: center;\"><a class=\"btn btn-primary\" href=\"\/sk\/rezervovat-transfer\">Rezervova\u0165 transfer<\/a><\/p>\n<p style=\"text-align: center;\"><img decoding=\"async\" title=\"transfery-z-viedne-do-lyziarskeho-strediska\" src=\"\/wp-content\/uploads\/2025\/08\/transfery-z-viedne-do-lyziarskeho-strediska-5.png\" alt=\"transfery-z-viedne-do-lyziarskeho-strediska\" \/><\/p>\n<h2 style=\"text-align: center;\"><span style=\"font-size: 18pt;\"><strong>FAQs &#8211; Transfer z Viedne do ly\u017eiarskeho strediska Ischgl<\/strong><\/span><\/h2>\n<h3><span style=\"font-size: 14pt;\"><strong>M\u00f4\u017eem si objedna\u0165 transfer pre svoju rodinu?<\/strong>\u00a0<\/span><\/h3>\n<p>Rozhodne! Transfer Europe pon\u00faka vozidl\u00e1 vhodn\u00e9 pre rodiny, ktor\u00e9 zabezpe\u010dia pohodln\u00fa a bezpe\u010dn\u00fa cestu pre ka\u017ed\u00e9ho.<\/p>\n<h3><span style=\"font-size: 14pt;\"><strong>Ko\u013eko bato\u017einy si m\u00f4\u017eem vzia\u0165 so sebou?<\/strong>\u00a0<\/span><\/h3>\n<p>Na\u0161e vozidl\u00e1 s\u00fa vybaven\u00e9 priestrann\u00fdmi bato\u017einov\u00fdmi priestormi, ktor\u00e9 poskytuj\u00fa dostatok miesta pre v\u00e1\u0161 ly\u017eiarsky v\u00fdstroj a osobn\u00e9 veci.<\/p>\n<h3><span style=\"font-size: 14pt;\"><strong>S\u00fa vodi\u010di obozn\u00e1men\u00ed so strediskom Ischgl?<\/strong>\u00a0<\/span><\/h3>\n<p>\u00c1no, na\u0161i vodi\u010di dobre poznaj\u00fa trasy do Ischglu a m\u00f4\u017eu v\u00e1m poskytn\u00fa\u0165 cenn\u00e9 inform\u00e1cie o destin\u00e1cii.<\/p>\n<h3><span style=\"font-size: 14pt;\"><strong>Je po\u010das presunu dostupn\u00e9 Wi-Fi?<\/strong>\u00a0<\/span><\/h3>\n<p>Pre va\u0161e pohodlie s\u00fa na\u0161e vozidl\u00e1 vybaven\u00e9 bezplatn\u00fdm Wi-Fi pripojen\u00edm, ktor\u00e9 v\u00e1m umo\u017en\u00ed zosta\u0165 v kontakte po\u010das cesty.<\/p>\n<h3><span style=\"font-size: 14pt;\"><strong>M\u00f4\u017eem po\u017eiada\u0165 o zastavenie po\u010das prenosu?<\/strong>\u00a0<\/span><\/h3>\n<p>Aj ke\u010f je na\u0161ou \u0161pecialitou priamy transfer, ch\u00e1peme, \u017ee ob\u010das je potrebn\u00e9 zastavi\u0165. Informujte n\u00e1\u0161ho vodi\u010da a my sa budeme sna\u017ei\u0165 vyhovie\u0165 va\u0161ej po\u017eiadavke.<\/p>\n<p style=\"text-align: center;\"><a class=\"btn btn-primary\" href=\"\/sk\/rezervovat-transfer\">Rezervova\u0165 transfer<\/a><\/p>\n<p>Vyberte si Transfer Europe pre komfortn\u00fa a pr\u00edjemn\u00fa cestu do ly\u017eiarskeho strediska Ischgl bez stresu. Rezervujte si teraz a nechajte dobrodru\u017estvo za\u010da\u0165!<\/p>\n<\/p><\/div>\n<div class=\"product-price-container\">\n<div class=\"sale-price\"> \t\t<\/div>\n<\/p><\/div>\n<div class=\"options\"><\/div>\n<div> \t\t<\/div>\n<p>   \t        <script type=\"text\/javascript\" ><\/script>  <script type=\"text\/javascript\" ><\/script> <script type=\"text\/javascript\" ><\/script>  <script type=\"text\/javascript\" ><\/script> <script type=\"text\/javascript\" ><\/script> <script type=\"text\/javascript\" ><\/script> <script type=\"text\/javascript\" ><\/script> <\/div>\n<p> \t\t<!-- \u041f\u043b\u0430\u0433\u0438\u043d \u0440\u0435\u0439\u0442\u0438\u043d\u0433\u0430 --> <\/p>\n<div class=\"vrvote-body\">\n<ul class=\"vrvote-ul\">\n<li id=\"rating_160\" class=\"current-rating\" style=\"width:100.00%;\"><\/li>\n<li> \t\t\t\t\t\t<a class=\"vr-one-star\" onclick=\"javascript:JSVRvote(160,1,75,15,0)\" href=\"javascript:void(null)\">1<\/a> \t\t\t\t\t<\/li>\n<li> \t\t\t\t\t\t<a class=\"vr-two-stars\" onclick=\"javascript:JSVRvote(160,2,75,15,0)\" href=\"javascript:void(null)\">2<\/a> \t\t\t\t\t<\/li>\n<li> \t\t\t\t\t\t<a class=\"vr-three-stars\" onclick=\"javascript:JSVRvote(160,3,75,15,0)\" href=\"javascript:void(null)\">3<\/a> \t\t\t\t\t<\/li>\n<li> \t\t\t\t\t\t<a class=\"vr-four-stars\" onclick=\"javascript:JSVRvote(160,4,75,15,0)\" href=\"javascript:void(null)\">4<\/a> \t\t\t\t\t<\/li>\n<li> \t\t\t\t\t\t<a class=\"vr-five-stars\" onclick=\"javascript:JSVRvote(160,5,75,15,0)\" href=\"javascript:void(null)\">5<\/a> \t\t\t\t\t<\/li>\n<\/ul><\/div>\n<p> \t\t\t<span id=\"vrvote_160\" class=\"vrvote-count\"><small><\/small><\/span>\t<\/span><script type=\"application\/ld+json\"><\/script>   <\/div>\n<div class=\"t4-col sidebar-r col-12 col-xl-4\">\n<div class=\"t4-module module\" id=\"Mod306\">\n<div class=\"module-inner\">\n<div class=\"module-ct\">\n<div class=\"bannergroup\">\n<div class=\"banneritem\"> \t\t\t\t\t\t\t\t\t\t\t\t\t\t\t\t\t\t\t\t\t\t\t\t\t\t\t\t\t\t\t\t\t\t\t\t\t\t\t\t\t\t\t\t\t\t\t\t\t\t<img \t\t\t\t\t\tsrc=\"\/wp-content\/uploads\/2025\/08\/banner-transfer-europe-sk-487.png\" \t\t\t\t\t\talt=\"Banner-sk\" \t\t\t\t\t\t\t\t\t\t\t\t\t\t\t\t\t\/> \t\t\t\t\t\t\t\t\t\t\t<\/p>\n<div class=\"clr\"><\/div>\n<\/p><\/div>\n<\/p><\/div>\n<\/p><\/div>\n<\/div>\n<\/div><\/div>\n<\/p><\/div>\n<\/div><\/div>\n<div id=\"t4-section-8\" class=\"t4-section  t4-section-8  section-border-top\" role=\"section-8\">\n<div class=\"bg-overlay bg-overlay-image\">&nbsp;<\/div>\n<\/p><\/div>\n<p>  <a href='javascript:' id='back-to-top'><i class='fa fa-chevron-up'><\/i><\/a>                <\/p>\n","protected":false},"excerpt":{"rendered":"<p>Transfer z Viedne do ly\u017eiarskeho strediska Ischgl Transfery do ly\u017eiarskych stred\u00edsk vo Viedni Rezervova\u0165 Vitajte v br\u00e1ne do krajiny zimn\u00fdch z\u00e1zrakov &#8211; v ly\u017eiarskom stredisku Ischgl! Ischgl sa nach\u00e1dza v srdci rak\u00faskych \u00c1lp a je malebnou destin\u00e1ciou, ktor\u00e1 s\u013eubuje nezabudnute\u013en\u00e9 ly\u017eiarske z\u00e1\u017eitky. \u010cakaj\u00fa na v\u00e1s majest\u00e1tne zjazdovky, prachov\u00fd sneh a \u017eiv\u00e1 apr\u00e9s-ski sc\u00e9na. Rezervova\u0165 transfer [&hellip;]<\/p>\n","protected":false},"author":1,"featured_media":85642,"parent":20466,"menu_order":0,"comment_status":"closed","ping_status":"closed","template":"","meta":{"footnotes":""},"class_list":["post-85641","page","type-page","status-publish","has-post-thumbnail","hentry"],"yoast_head":"<!-- This site is optimized with the Yoast SEO plugin v25.6 - https:\/\/yoast.com\/wordpress\/plugins\/seo\/ -->\n<title>Transfer z Viedne do ly\u017eiarskeho strediska Ischgl<\/title>\n<meta name=\"description\" content=\"Z\u00e1\u017eitok z ly\u017eiarskeho transferu z Viedne do Ischglu. Rezervujte si e\u0161te dnes pre cesty bez stresu s malebn\u00fdm v\u00fdh\u013eadom. Zavolajte n\u00e1m \u260e +421 940 904 184 pre individu\u00e1lnu pomoc.\" \/>\n<meta name=\"robots\" content=\"index, follow, max-snippet:-1, max-image-preview:large, max-video-preview:-1\" \/>\n<link rel=\"canonical\" href=\"https:\/\/transfereurope.com\/sk\/lyziarske-transfery\/transfer-do-lyziarskych-stredisk-vo-viedni\/transfer-z-viedne-do-lyziarskeho-strediska-ischgl\/\" \/>\n<meta property=\"og:locale\" content=\"sk_SK\" \/>\n<meta property=\"og:type\" content=\"article\" \/>\n<meta property=\"og:title\" content=\"Transfer z Viedne do ly\u017eiarskeho strediska Ischgl\" \/>\n<meta property=\"og:description\" content=\"Z\u00e1\u017eitok z ly\u017eiarskeho transferu z Viedne do Ischglu. Rezervujte si e\u0161te dnes pre cesty bez stresu s malebn\u00fdm v\u00fdh\u013eadom. Zavolajte n\u00e1m \u260e +421 940 904 184 pre individu\u00e1lnu pomoc.\" \/>\n<meta property=\"og:url\" content=\"https:\/\/transfereurope.com\/sk\/lyziarske-transfery\/transfer-do-lyziarskych-stredisk-vo-viedni\/transfer-z-viedne-do-lyziarskeho-strediska-ischgl\/\" \/>\n<meta property=\"og:site_name\" content=\"transfereurope\" \/>\n<meta property=\"og:image\" content=\"https:\/\/transfereurope.com\/wp-content\/uploads\/2025\/08\/vienna-to-ischgl-ski-resort-transfer-7-1.png\" \/>\n\t<meta property=\"og:image:width\" content=\"940\" \/>\n\t<meta property=\"og:image:height\" content=\"788\" \/>\n\t<meta property=\"og:image:type\" content=\"image\/png\" \/>\n<meta name=\"twitter:card\" content=\"summary_large_image\" \/>\n<meta name=\"twitter:label1\" content=\"Predpokladan\u00fd \u010das \u010d\u00edtania\" \/>\n\t<meta name=\"twitter:data1\" content=\"3 min\u00faty\" \/>\n<script type=\"application\/ld+json\" class=\"yoast-schema-graph\">{\"@context\":\"https:\/\/schema.org\",\"@graph\":[{\"@type\":\"WebPage\",\"@id\":\"https:\/\/transfereurope.com\/sk\/lyziarske-transfery\/transfer-do-lyziarskych-stredisk-vo-viedni\/transfer-z-viedne-do-lyziarskeho-strediska-ischgl\/\",\"url\":\"https:\/\/transfereurope.com\/sk\/lyziarske-transfery\/transfer-do-lyziarskych-stredisk-vo-viedni\/transfer-z-viedne-do-lyziarskeho-strediska-ischgl\/\",\"name\":\"Transfer z Viedne do ly\u017eiarskeho strediska Ischgl\",\"isPartOf\":{\"@id\":\"https:\/\/transfereurope.com\/sk\/#website\"},\"primaryImageOfPage\":{\"@id\":\"https:\/\/transfereurope.com\/sk\/lyziarske-transfery\/transfer-do-lyziarskych-stredisk-vo-viedni\/transfer-z-viedne-do-lyziarskeho-strediska-ischgl\/#primaryimage\"},\"image\":{\"@id\":\"https:\/\/transfereurope.com\/sk\/lyziarske-transfery\/transfer-do-lyziarskych-stredisk-vo-viedni\/transfer-z-viedne-do-lyziarskeho-strediska-ischgl\/#primaryimage\"},\"thumbnailUrl\":\"https:\/\/transfereurope.com\/wp-content\/uploads\/2025\/08\/vienna-to-ischgl-ski-resort-transfer-7-1.png\",\"datePublished\":\"2025-08-06T00:44:02+00:00\",\"description\":\"Z\u00e1\u017eitok z ly\u017eiarskeho transferu z Viedne do Ischglu. Rezervujte si e\u0161te dnes pre cesty bez stresu s malebn\u00fdm v\u00fdh\u013eadom. Zavolajte n\u00e1m \u260e +421 940 904 184 pre individu\u00e1lnu pomoc.\",\"breadcrumb\":{\"@id\":\"https:\/\/transfereurope.com\/sk\/lyziarske-transfery\/transfer-do-lyziarskych-stredisk-vo-viedni\/transfer-z-viedne-do-lyziarskeho-strediska-ischgl\/#breadcrumb\"},\"inLanguage\":\"sk-SK\",\"potentialAction\":[{\"@type\":\"ReadAction\",\"target\":[\"https:\/\/transfereurope.com\/sk\/lyziarske-transfery\/transfer-do-lyziarskych-stredisk-vo-viedni\/transfer-z-viedne-do-lyziarskeho-strediska-ischgl\/\"]}]},{\"@type\":\"ImageObject\",\"inLanguage\":\"sk-SK\",\"@id\":\"https:\/\/transfereurope.com\/sk\/lyziarske-transfery\/transfer-do-lyziarskych-stredisk-vo-viedni\/transfer-z-viedne-do-lyziarskeho-strediska-ischgl\/#primaryimage\",\"url\":\"https:\/\/transfereurope.com\/wp-content\/uploads\/2025\/08\/vienna-to-ischgl-ski-resort-transfer-7-1.png\",\"contentUrl\":\"https:\/\/transfereurope.com\/wp-content\/uploads\/2025\/08\/vienna-to-ischgl-ski-resort-transfer-7-1.png\",\"width\":940,\"height\":788},{\"@type\":\"BreadcrumbList\",\"@id\":\"https:\/\/transfereurope.com\/sk\/lyziarske-transfery\/transfer-do-lyziarskych-stredisk-vo-viedni\/transfer-z-viedne-do-lyziarskeho-strediska-ischgl\/#breadcrumb\",\"itemListElement\":[{\"@type\":\"ListItem\",\"position\":1,\"name\":\"Home\",\"item\":\"https:\/\/transfereurope.com\/sk\/\"},{\"@type\":\"ListItem\",\"position\":2,\"name\":\"Transfer z Viedne do ly\u017eiarskeho strediska Ischgl\"}]},{\"@type\":\"WebSite\",\"@id\":\"https:\/\/transfereurope.com\/sk\/#website\",\"url\":\"https:\/\/transfereurope.com\/sk\/\",\"name\":\"transfereurope\",\"description\":\"\",\"publisher\":{\"@id\":\"https:\/\/transfereurope.com\/sk\/#organization\"},\"potentialAction\":[{\"@type\":\"SearchAction\",\"target\":{\"@type\":\"EntryPoint\",\"urlTemplate\":\"https:\/\/transfereurope.com\/sk\/?s={search_term_string}\"},\"query-input\":{\"@type\":\"PropertyValueSpecification\",\"valueRequired\":true,\"valueName\":\"search_term_string\"}}],\"inLanguage\":\"sk-SK\"},{\"@type\":\"Organization\",\"@id\":\"https:\/\/transfereurope.com\/sk\/#organization\",\"name\":\"transfereurope\",\"url\":\"https:\/\/transfereurope.com\/sk\/\",\"logo\":{\"@type\":\"ImageObject\",\"inLanguage\":\"sk-SK\",\"@id\":\"https:\/\/transfereurope.com\/sk\/#\/schema\/logo\/image\/\",\"url\":\"https:\/\/transfereurope.com\/wp-content\/uploads\/2025\/08\/TRANSFERS-1655.png\",\"contentUrl\":\"https:\/\/transfereurope.com\/wp-content\/uploads\/2025\/08\/TRANSFERS-1655.png\",\"width\":500,\"height\":274,\"caption\":\"transfereurope\"},\"image\":{\"@id\":\"https:\/\/transfereurope.com\/sk\/#\/schema\/logo\/image\/\"}}]}<\/script>\n<!-- \/ Yoast SEO plugin. -->","yoast_head_json":{"title":"Transfer z Viedne do ly\u017eiarskeho strediska Ischgl","description":"Z\u00e1\u017eitok z ly\u017eiarskeho transferu z Viedne do Ischglu. Rezervujte si e\u0161te dnes pre cesty bez stresu s malebn\u00fdm v\u00fdh\u013eadom. Zavolajte n\u00e1m \u260e +421 940 904 184 pre individu\u00e1lnu pomoc.","robots":{"index":"index","follow":"follow","max-snippet":"max-snippet:-1","max-image-preview":"max-image-preview:large","max-video-preview":"max-video-preview:-1"},"canonical":"https:\/\/transfereurope.com\/sk\/lyziarske-transfery\/transfer-do-lyziarskych-stredisk-vo-viedni\/transfer-z-viedne-do-lyziarskeho-strediska-ischgl\/","og_locale":"sk_SK","og_type":"article","og_title":"Transfer z Viedne do ly\u017eiarskeho strediska Ischgl","og_description":"Z\u00e1\u017eitok z ly\u017eiarskeho transferu z Viedne do Ischglu. Rezervujte si e\u0161te dnes pre cesty bez stresu s malebn\u00fdm v\u00fdh\u013eadom. Zavolajte n\u00e1m \u260e +421 940 904 184 pre individu\u00e1lnu pomoc.","og_url":"https:\/\/transfereurope.com\/sk\/lyziarske-transfery\/transfer-do-lyziarskych-stredisk-vo-viedni\/transfer-z-viedne-do-lyziarskeho-strediska-ischgl\/","og_site_name":"transfereurope","og_image":[{"width":940,"height":788,"url":"https:\/\/transfereurope.com\/wp-content\/uploads\/2025\/08\/vienna-to-ischgl-ski-resort-transfer-7-1.png","type":"image\/png"}],"twitter_card":"summary_large_image","twitter_misc":{"Predpokladan\u00fd \u010das \u010d\u00edtania":"3 min\u00faty"},"schema":{"@context":"https:\/\/schema.org","@graph":[{"@type":"WebPage","@id":"https:\/\/transfereurope.com\/sk\/lyziarske-transfery\/transfer-do-lyziarskych-stredisk-vo-viedni\/transfer-z-viedne-do-lyziarskeho-strediska-ischgl\/","url":"https:\/\/transfereurope.com\/sk\/lyziarske-transfery\/transfer-do-lyziarskych-stredisk-vo-viedni\/transfer-z-viedne-do-lyziarskeho-strediska-ischgl\/","name":"Transfer z Viedne do ly\u017eiarskeho strediska Ischgl","isPartOf":{"@id":"https:\/\/transfereurope.com\/sk\/#website"},"primaryImageOfPage":{"@id":"https:\/\/transfereurope.com\/sk\/lyziarske-transfery\/transfer-do-lyziarskych-stredisk-vo-viedni\/transfer-z-viedne-do-lyziarskeho-strediska-ischgl\/#primaryimage"},"image":{"@id":"https:\/\/transfereurope.com\/sk\/lyziarske-transfery\/transfer-do-lyziarskych-stredisk-vo-viedni\/transfer-z-viedne-do-lyziarskeho-strediska-ischgl\/#primaryimage"},"thumbnailUrl":"https:\/\/transfereurope.com\/wp-content\/uploads\/2025\/08\/vienna-to-ischgl-ski-resort-transfer-7-1.png","datePublished":"2025-08-06T00:44:02+00:00","description":"Z\u00e1\u017eitok z ly\u017eiarskeho transferu z Viedne do Ischglu. Rezervujte si e\u0161te dnes pre cesty bez stresu s malebn\u00fdm v\u00fdh\u013eadom. Zavolajte n\u00e1m \u260e +421 940 904 184 pre individu\u00e1lnu pomoc.","breadcrumb":{"@id":"https:\/\/transfereurope.com\/sk\/lyziarske-transfery\/transfer-do-lyziarskych-stredisk-vo-viedni\/transfer-z-viedne-do-lyziarskeho-strediska-ischgl\/#breadcrumb"},"inLanguage":"sk-SK","potentialAction":[{"@type":"ReadAction","target":["https:\/\/transfereurope.com\/sk\/lyziarske-transfery\/transfer-do-lyziarskych-stredisk-vo-viedni\/transfer-z-viedne-do-lyziarskeho-strediska-ischgl\/"]}]},{"@type":"ImageObject","inLanguage":"sk-SK","@id":"https:\/\/transfereurope.com\/sk\/lyziarske-transfery\/transfer-do-lyziarskych-stredisk-vo-viedni\/transfer-z-viedne-do-lyziarskeho-strediska-ischgl\/#primaryimage","url":"https:\/\/transfereurope.com\/wp-content\/uploads\/2025\/08\/vienna-to-ischgl-ski-resort-transfer-7-1.png","contentUrl":"https:\/\/transfereurope.com\/wp-content\/uploads\/2025\/08\/vienna-to-ischgl-ski-resort-transfer-7-1.png","width":940,"height":788},{"@type":"BreadcrumbList","@id":"https:\/\/transfereurope.com\/sk\/lyziarske-transfery\/transfer-do-lyziarskych-stredisk-vo-viedni\/transfer-z-viedne-do-lyziarskeho-strediska-ischgl\/#breadcrumb","itemListElement":[{"@type":"ListItem","position":1,"name":"Home","item":"https:\/\/transfereurope.com\/sk\/"},{"@type":"ListItem","position":2,"name":"Transfer z Viedne do ly\u017eiarskeho strediska Ischgl"}]},{"@type":"WebSite","@id":"https:\/\/transfereurope.com\/sk\/#website","url":"https:\/\/transfereurope.com\/sk\/","name":"transfereurope","description":"","publisher":{"@id":"https:\/\/transfereurope.com\/sk\/#organization"},"potentialAction":[{"@type":"SearchAction","target":{"@type":"EntryPoint","urlTemplate":"https:\/\/transfereurope.com\/sk\/?s={search_term_string}"},"query-input":{"@type":"PropertyValueSpecification","valueRequired":true,"valueName":"search_term_string"}}],"inLanguage":"sk-SK"},{"@type":"Organization","@id":"https:\/\/transfereurope.com\/sk\/#organization","name":"transfereurope","url":"https:\/\/transfereurope.com\/sk\/","logo":{"@type":"ImageObject","inLanguage":"sk-SK","@id":"https:\/\/transfereurope.com\/sk\/#\/schema\/logo\/image\/","url":"https:\/\/transfereurope.com\/wp-content\/uploads\/2025\/08\/TRANSFERS-1655.png","contentUrl":"https:\/\/transfereurope.com\/wp-content\/uploads\/2025\/08\/TRANSFERS-1655.png","width":500,"height":274,"caption":"transfereurope"},"image":{"@id":"https:\/\/transfereurope.com\/sk\/#\/schema\/logo\/image\/"}}]}},"_links":{"self":[{"href":"https:\/\/transfereurope.com\/sk\/wp-json\/wp\/v2\/pages\/85641","targetHints":{"allow":["GET"]}}],"collection":[{"href":"https:\/\/transfereurope.com\/sk\/wp-json\/wp\/v2\/pages"}],"about":[{"href":"https:\/\/transfereurope.com\/sk\/wp-json\/wp\/v2\/types\/page"}],"author":[{"embeddable":true,"href":"https:\/\/transfereurope.com\/sk\/wp-json\/wp\/v2\/users\/1"}],"replies":[{"embeddable":true,"href":"https:\/\/transfereurope.com\/sk\/wp-json\/wp\/v2\/comments?post=85641"}],"version-history":[{"count":0,"href":"https:\/\/transfereurope.com\/sk\/wp-json\/wp\/v2\/pages\/85641\/revisions"}],"up":[{"embeddable":true,"href":"https:\/\/transfereurope.com\/sk\/wp-json\/wp\/v2\/pages\/20466"}],"wp:featuredmedia":[{"embeddable":true,"href":"https:\/\/transfereurope.com\/sk\/wp-json\/wp\/v2\/media\/85642"}],"wp:attachment":[{"href":"https:\/\/transfereurope.com\/sk\/wp-json\/wp\/v2\/media?parent=85641"}],"curies":[{"name":"wp","href":"https:\/\/api.w.org\/{rel}","templated":true}]}}