{"id":85527,"date":"2025-08-06T00:42:38","date_gmt":"2025-08-06T00:42:38","guid":{"rendered":"https:\/\/transfereurope.com\/transfer-z-viedne-do-lyziarskeho-strediska-kitzbuhel\/"},"modified":"2025-08-06T00:42:38","modified_gmt":"2025-08-06T00:42:38","slug":"transfer-z-viedne-do-lyziarskeho-strediska-kitzbuhel","status":"publish","type":"page","link":"https:\/\/transfereurope.com\/sk\/lyziarske-transfery\/transfer-do-lyziarskych-stredisk-vo-viedni\/transfer-z-viedne-do-lyziarskeho-strediska-kitzbuhel\/","title":{"rendered":"Transfer z Viedne do ly\u017eiarskeho strediska Kitzb\u00fchel"},"content":{"rendered":"\n<div id=\"t4-masthead\" class=\"t4-section  t4-masthead\">\n<div class=\"t4-col text-center\">\n<div class=\"ja-masthead\" >\n<div class=\"ja-masthead-detail\">\n<h1 class=\"ja-masthead-title\">Transfer z Viedne do ly\u017eiarskeho strediska Kitzb\u00fchel<\/h1>\n<p>                 <!---->            <\/p>\n<div class=\"block-breadcrumb\">                       <\/div>\n<\/p><\/div>\n<\/p><\/div>\n<pre><\/pre>\n<\/div>\n<\/div>\n<div id=\"t4-main-body\" class=\"t4-section  t4-main-body\" role=\"main body\">\n<div class=\"t4-section-inner container\">\n<div class=\"t4-row row\">\n<div class=\"t4-col col-12 col-xl\">\n<div id=\"system-message-container\"> \t<\/div>\n<div class=\"com-content-article item-page view-tour-detail\">\n<div class=\"tour-top-info clearfix\">\n<div class=\"pull-left\">\n<div class=\"category-article-dot\">\n<div class=\"category-name\"> \t\t\t\t\t<a href=\"\/sk\/lyziarske-transfery\/transfer-do-lyziarskych-stredisk-vo-viedni\" itemprop=\"genre\">Transfery do ly\u017eiarskych stred\u00edsk vo Viedni<\/a> \t\t\t\t<\/div>\n<\/p><\/div>\n<\/p><\/div>\n<div class=\"pull-right\">\n<div class=\"text-danger tour-price\"> \t\t\t\t\t\t<a href=\"\/sk\/rezervovat-transfer\">Rezervova\u0165<\/a><\/div>\n<\/p><\/div>\n<\/p><\/div>\n<p>  \t <!--\t-->  \t<\/p>\n<div class=\"vm-product-container\">\n<figure class=\"pull-left item-image\">\n<div class=\"main-image\"> \t\t<a  rel='vm-additional-images' href=\"\/images\/virtuemart\/product\/vienna-to-kitzbuhel-ski-resort-transfer.png\"><img decoding=\"async\"  loading=\"lazy\"  src=\"\/wp-content\/uploads\/2025\/08\/vienna-to-kitzbuhel-ski-resort-transfer-7.png\"  \/><\/a>\t\t<\/p>\n<div class=\"clear\"><\/div>\n<\/p><\/div>\n<\/figure>\n<div class=\"vm-product-details-container\">\n<div class=\"spacer-buy-area\">    \t\t \t\t<\/div>\n<\/p><\/div>\n<div class=\"clear\"><\/div>\n<\/p><\/div>\n<div class=\"product-description\" >\n<p>Vitajte v br\u00e1ne alpsk\u00e9ho dobrodru\u017estva! Ly\u017eiarske stredisko Kitzb\u00fchel, ktor\u00e9 sa nach\u00e1dza v srdci rak\u00faskych \u00c1lp, l\u00e1ka zimn\u00fdch nad\u0161encov svojimi \u00fachvatn\u00fdmi zjazdovkami a o\u010daruj\u00facou alpskou atmosf\u00e9rou. Aby bola va\u0161a cesta z Viedne do tohto zasne\u017een\u00e9ho raja rovnako pohodln\u00e1 ako v\u00e1\u0161 pobyt, neh\u013eadajte pre svoje dopravn\u00e9 potreby ni\u010d in\u00e9 ako Transfer Europe.<\/p>\n<p style=\"text-align: center;\"><a class=\"btn btn-primary\" href=\"\/sk\/rezervovat-transfer\">Rezervova\u0165 transfer<\/a><\/p>\n<p>Kitzb\u00fchel, ktor\u00fd je zn\u00e1my t\u00fdm, \u017ee sa tu konaj\u00fa legend\u00e1rne ly\u017eiarske preteky Hahnenkamm, sa m\u00f4\u017ee pochv\u00e1li\u0165 zimnou krajinou, ktor\u00e1 je ur\u010den\u00e1 pre za\u010diato\u010dn\u00edkov aj sk\u00fasen\u00fdch ly\u017eiarov. Kitzb\u00fchel so svojou malebnou krajinou, \u017eivou apr\u00e8s-ski sc\u00e9nou a dokonalou kombin\u00e1ciou trad\u00edcie a modernosti s\u013eubuje nezabudnute\u013en\u00fd \u00fanik pre v\u0161etk\u00fdch.<\/p>\n<p><img decoding=\"async\" title=\"transfer-z-viedne-do-lyziarskeho-strediska-kitzbuhel\" src=\"\/wp-content\/uploads\/2025\/08\/transfer-z-viedne-do-lyziarskeho-strediska-kitzbuhel.png\" alt=\"transfer-z-viedne-do-lyziarskeho-strediska-kitzbuhel\" \/><\/p>\n<p><strong>Pre\u010do si vybra\u0165 Transfer Europe:<\/strong><\/p>\n<ol>\n<li><strong>Profesion\u00e1lni vodi\u010di:<\/strong>\u00a0Na\u0161i sk\u00fasen\u00ed vodi\u010di nie s\u00fa len odborn\u00edkmi na cest\u00e1ch, ale poznaj\u00fa aj najlep\u0161ie trasy a miestne tipy, ktor\u00e9 v\u00e1m spr\u00edjemnia cestu.<\/li>\n<li><strong>Priestrann\u00e9 vozidl\u00e1:<\/strong>\u00a0V na\u0161om vozovom parku n\u00e1jdete vozidl\u00e1 s ve\u013ek\u00fdm bato\u017einov\u00fdm priestorom, ktor\u00e9 v\u00e1m zabezpe\u010dia pohodln\u00e9 ulo\u017eenie ly\u017eiarskeho v\u00fdstroja a vec\u00ed.<\/li>\n<li><strong>Doprava na mieru:<\/strong>\u00a0Pon\u00fakame v\u00e1m r\u00f4zne mo\u017enosti, ktor\u00e9 vyhovuj\u00fa va\u0161im cestovn\u00fdm preferenci\u00e1m a ve\u013ekosti skupiny.<\/li>\n<li><strong>Transfery z letiska Viede\u0148:<\/strong>\u00a0Viedensk\u00e9 medzin\u00e1rodn\u00e9 letisko: Za\u010dnite svoje ly\u017eiarske dobrodru\u017estvo bez probl\u00e9mov s na\u0161ou bezprobl\u00e9movou dopravou z medzin\u00e1rodn\u00e9ho letiska Viede\u0148 priamo do ly\u017eiarskeho strediska Kitzb\u00fchel.<\/li>\n<\/ol>\n<p style=\"text-align: center;\"><a class=\"btn btn-primary\" href=\"\/sk\/rezervovat-transfer\">Rezervova\u0165 transfer<\/a><\/p>\n<p style=\"text-align: center;\"><img decoding=\"async\" title=\"transfery-z-viedne-na-lyzovanie\" src=\"\/wp-content\/uploads\/2025\/08\/transfery-z-viedne-na-lyzovanie-4.png\" alt=\"transfery-z-viedne-na-lyzovanie\" \/><\/p>\n<p><strong>Mo\u017enosti dopravy:<\/strong>\u00a0Vyberte si z na\u0161ej ponuky vozidiel, z ktor\u00fdch ka\u017ed\u00e9 je vybaven\u00e9 tak, aby v\u00e1m spr\u00edjemnilo cestu:<\/p>\n<ul>\n<li><strong>S\u00fakromn\u00e9 vozidl\u00e1:<\/strong>\u00a0Ide\u00e1lne pre osobnej\u0161\u00ed z\u00e1\u017eitok, ktor\u00fd zaru\u010duje s\u00fakromie a flexibilitu.<\/li>\n<li><strong>Minivany:<\/strong>\u00a0Ide\u00e1lne pre rodiny alebo skupiny, poskytuj\u00fa priestrann\u00fd interi\u00e9r a pohodlie po\u010das jazdy.<\/li>\n<li><strong>Slu\u017eba \u0161of\u00e9ra:<\/strong>\u00a0Vychutnajte si pohodlie a relaxujte, k\u00fdm v\u00e1s na\u0161i profesion\u00e1lni vodi\u010di \u0161t\u00fdlovo a pohodlne odvez\u00fa do cie\u013ea.<\/li>\n<\/ul>\n<h2 style=\"text-align: center;\"><span style=\"font-size: 18pt;\"><strong>Rezervujte si transfer z Viedne do ly\u017eiarskeho strediska Kitzb\u00fchel<\/strong><\/span><\/h2>\n<p>Vydajte sa na cestu bez stresu a rezervujte si transfer s Transfer Europe. \u010ci u\u017e ste v\u00e1\u0161niv\u00fd ly\u017eiar alebo rodina h\u013eadaj\u00faca zimn\u00e9 radov\u00e1nky, na\u0161e spo\u013eahliv\u00e9 slu\u017eby s\u00fa navrhnut\u00e9 tak, aby sa va\u0161a cesta stala nezabudnute\u013enou.<\/p>\n<p style=\"text-align: center;\"><a class=\"btn btn-primary\" href=\"\/sk\/rezervovat-transfer\">Rezervova\u0165 transfer<\/a><\/p>\n<p><img decoding=\"async\" title=\"transfery-do-lyziarskych-stredisk\" src=\"\/wp-content\/uploads\/2025\/08\/transfery-do-lyziarskych-stredisk-1.jpg\" alt=\"transfery-do-lyziarskych-stredisk\" \/><\/p>\n<h2 style=\"text-align: center;\"><span style=\"font-size: 18pt;\"><strong>FAQs &#8211; Transfer z Viedne do ly\u017eiarskeho strediska Kitzb\u00fchel<\/strong><\/span><\/h2>\n<h3 style=\"text-align: left;\"><span style=\"font-size: 14pt;\"><strong>\u010ci je transfer vhodn\u00fd pre rodiny?<\/strong><\/span><\/h3>\n<p>Rozhodne! Na\u0161e priestrann\u00e9 minivany s\u00fa ide\u00e1lne pre rodiny a zaru\u010duj\u00fa pohodln\u00fa a pr\u00edjemn\u00fa jazdu.<\/p>\n<h3><span style=\"font-size: 14pt;\"><strong>Ko\u013eko bato\u017einy si m\u00f4\u017eem vzia\u0165 so sebou?<\/strong><\/span><\/h3>\n<p>Na\u0161e vozidl\u00e1 s\u00fa vybaven\u00e9 ve\u013ek\u00fdm bato\u017einov\u00fdm priestorom. Nev\u00e1hajte si vzia\u0165 so sebou ly\u017eiarske vybavenie a osobn\u00e9 veci.<\/p>\n<h3><span style=\"font-size: 14pt;\"><strong>Poskytujete detsk\u00e9 seda\u010dky?<\/strong><\/span><\/h3>\n<p>\u00c1no, na po\u017eiadanie pon\u00fakame detsk\u00e9 seda\u010dky, aby sme zaistili bezpe\u010dnos\u0165 va\u0161ich najmen\u0161\u00edch.<\/p>\n<h3><span style=\"font-size: 14pt;\"><strong>M\u00f4\u017eem si prisp\u00f4sobi\u0165 rozvrh transferu?<\/strong><\/span><\/h3>\n<p>Ur\u010dite! Pon\u00fakame flexibilitu, aby sme sa prisp\u00f4sobili va\u0161im cestovn\u00fdm pl\u00e1nom. Kontaktujte n\u00e1s a prediskutujte svoj preferovan\u00fd harmonogram.<\/p>\n<h3><span style=\"font-size: 14pt;\"><strong>S\u00fa vodi\u010di obozn\u00e1men\u00ed s ly\u017eiarskym strediskom?<\/strong><\/span><\/h3>\n<p>Na\u0161i vodi\u010di s\u00fa dobre obozn\u00e1men\u00ed s oblas\u0165ou, \u010do zaru\u010duje hladk\u00fa a efekt\u00edvnu cestu do ly\u017eiarskeho strediska Kitzb\u00fchel.<\/p>\n<p style=\"text-align: center;\"><a class=\"btn btn-primary\" href=\"\/sk\/rezervovat-transfer\">Rezervova\u0165 transfer<\/a><\/p>\n<p>Ute\u010dte na zasne\u017een\u00e9 svahy Kitzb\u00fchelu s Transfer Europe. Rezervujte si transfer do ly\u017eiarskeho strediska teraz a vydajte sa na zimn\u00e9 dobrodru\u017estvo, ak\u00e9 nem\u00e1 obdoby!<\/p>\n<div id=\"gtx-trans\" style=\"position: absolute; left: 249px; top: 3302.25px;\">\u00a0<\/div>\n<\/p><\/div>\n<div class=\"product-price-container\">\n<div class=\"sale-price\"> \t\t<\/div>\n<\/p><\/div>\n<div class=\"options\"><\/div>\n<div> \t\t<\/div>\n<p>   \t        <script type=\"text\/javascript\" ><\/script>  <script type=\"text\/javascript\" ><\/script> <script type=\"text\/javascript\" ><\/script>  <script type=\"text\/javascript\" ><\/script> <script type=\"text\/javascript\" ><\/script> <script type=\"text\/javascript\" ><\/script> <script type=\"text\/javascript\" ><\/script> <\/div>\n<p> \t\t<!-- \u041f\u043b\u0430\u0433\u0438\u043d \u0440\u0435\u0439\u0442\u0438\u043d\u0433\u0430 --> <\/p>\n<div class=\"vrvote-body\">\n<ul class=\"vrvote-ul\">\n<li id=\"rating_161\" class=\"current-rating\" style=\"width:98.18%;\"><\/li>\n<li> \t\t\t\t\t\t<a class=\"vr-one-star\" onclick=\"javascript:JSVRvote(161,1,54,11,0)\" href=\"javascript:void(null)\">1<\/a> \t\t\t\t\t<\/li>\n<li> \t\t\t\t\t\t<a class=\"vr-two-stars\" onclick=\"javascript:JSVRvote(161,2,54,11,0)\" href=\"javascript:void(null)\">2<\/a> \t\t\t\t\t<\/li>\n<li> \t\t\t\t\t\t<a class=\"vr-three-stars\" onclick=\"javascript:JSVRvote(161,3,54,11,0)\" href=\"javascript:void(null)\">3<\/a> \t\t\t\t\t<\/li>\n<li> \t\t\t\t\t\t<a class=\"vr-four-stars\" onclick=\"javascript:JSVRvote(161,4,54,11,0)\" href=\"javascript:void(null)\">4<\/a> \t\t\t\t\t<\/li>\n<li> \t\t\t\t\t\t<a class=\"vr-five-stars\" onclick=\"javascript:JSVRvote(161,5,54,11,0)\" href=\"javascript:void(null)\">5<\/a> \t\t\t\t\t<\/li>\n<\/ul><\/div>\n<p> \t\t\t<span id=\"vrvote_161\" class=\"vrvote-count\"><small><\/small><\/span>\t<\/span><script type=\"application\/ld+json\"><\/script>   <\/div>\n<div class=\"t4-col sidebar-r col-12 col-xl-4\">\n<div class=\"t4-module module\" id=\"Mod306\">\n<div class=\"module-inner\">\n<div class=\"module-ct\">\n<div class=\"bannergroup\">\n<div class=\"banneritem\"> \t\t\t\t\t\t\t\t\t\t\t\t\t\t\t\t\t\t\t\t\t\t\t\t\t\t\t\t\t\t\t\t\t\t\t\t\t\t\t\t\t\t\t\t\t\t\t\t\t\t<img \t\t\t\t\t\tsrc=\"\/wp-content\/uploads\/2025\/08\/banner-transfer-europe-sk-486.png\" \t\t\t\t\t\talt=\"Banner-sk\" \t\t\t\t\t\t\t\t\t\t\t\t\t\t\t\t\t\/> \t\t\t\t\t\t\t\t\t\t\t<\/p>\n<div class=\"clr\"><\/div>\n<\/p><\/div>\n<\/p><\/div>\n<\/p><\/div>\n<\/div>\n<\/div><\/div>\n<\/p><\/div>\n<\/div><\/div>\n<div id=\"t4-section-8\" class=\"t4-section  t4-section-8  section-border-top\" role=\"section-8\">\n<div class=\"bg-overlay bg-overlay-image\">&nbsp;<\/div>\n<\/p><\/div>\n<p>  <a href='javascript:' id='back-to-top'><i class='fa fa-chevron-up'><\/i><\/a>                <\/p>\n","protected":false},"excerpt":{"rendered":"<p>Transfer z Viedne do ly\u017eiarskeho strediska Kitzb\u00fchel Transfery do ly\u017eiarskych stred\u00edsk vo Viedni Rezervova\u0165 Vitajte v br\u00e1ne alpsk\u00e9ho dobrodru\u017estva! Ly\u017eiarske stredisko Kitzb\u00fchel, ktor\u00e9 sa nach\u00e1dza v srdci rak\u00faskych \u00c1lp, l\u00e1ka zimn\u00fdch nad\u0161encov svojimi \u00fachvatn\u00fdmi zjazdovkami a o\u010daruj\u00facou alpskou atmosf\u00e9rou. Aby bola va\u0161a cesta z Viedne do tohto zasne\u017een\u00e9ho raja rovnako pohodln\u00e1 ako v\u00e1\u0161 pobyt, neh\u013eadajte [&hellip;]<\/p>\n","protected":false},"author":1,"featured_media":85528,"parent":20466,"menu_order":0,"comment_status":"closed","ping_status":"closed","template":"","meta":{"footnotes":""},"class_list":["post-85527","page","type-page","status-publish","has-post-thumbnail","hentry"],"yoast_head":"<!-- This site is optimized with the Yoast SEO plugin v25.6 - https:\/\/yoast.com\/wordpress\/plugins\/seo\/ -->\n<title>Transfer z Viedne do ly\u017eiarskeho strediska Kitzb\u00fchel<\/title>\n<meta name=\"description\" content=\"Za\u017eite ly\u017eiarsky transfer z Viedne do Kitzb\u00fchelu. Rezervujte si e\u0161te dnes a u\u017eite si cestovanie bez stresu s malebn\u00fdm v\u00fdh\u013eadom. Zavolajte n\u00e1m \u260e +421 940 904 184 pre individu\u00e1lnu konzult\u00e1ciu.\" \/>\n<meta name=\"robots\" content=\"index, follow, max-snippet:-1, max-image-preview:large, max-video-preview:-1\" \/>\n<link rel=\"canonical\" href=\"https:\/\/transfereurope.com\/sk\/lyziarske-transfery\/transfer-do-lyziarskych-stredisk-vo-viedni\/transfer-z-viedne-do-lyziarskeho-strediska-kitzbuhel\/\" \/>\n<meta property=\"og:locale\" content=\"sk_SK\" \/>\n<meta property=\"og:type\" content=\"article\" \/>\n<meta property=\"og:title\" content=\"Transfer z Viedne do ly\u017eiarskeho strediska Kitzb\u00fchel\" \/>\n<meta property=\"og:description\" content=\"Za\u017eite ly\u017eiarsky transfer z Viedne do Kitzb\u00fchelu. Rezervujte si e\u0161te dnes a u\u017eite si cestovanie bez stresu s malebn\u00fdm v\u00fdh\u013eadom. Zavolajte n\u00e1m \u260e +421 940 904 184 pre individu\u00e1lnu konzult\u00e1ciu.\" \/>\n<meta property=\"og:url\" content=\"https:\/\/transfereurope.com\/sk\/lyziarske-transfery\/transfer-do-lyziarskych-stredisk-vo-viedni\/transfer-z-viedne-do-lyziarskeho-strediska-kitzbuhel\/\" \/>\n<meta property=\"og:site_name\" content=\"transfereurope\" \/>\n<meta property=\"og:image\" content=\"https:\/\/transfereurope.com\/wp-content\/uploads\/2025\/08\/vienna-to-kitzbuhel-ski-resort-transfer-7-1.png\" \/>\n\t<meta property=\"og:image:width\" content=\"940\" \/>\n\t<meta property=\"og:image:height\" content=\"788\" \/>\n\t<meta property=\"og:image:type\" content=\"image\/png\" \/>\n<meta name=\"twitter:card\" content=\"summary_large_image\" \/>\n<meta name=\"twitter:label1\" content=\"Predpokladan\u00fd \u010das \u010d\u00edtania\" \/>\n\t<meta name=\"twitter:data1\" content=\"3 min\u00faty\" \/>\n<script type=\"application\/ld+json\" class=\"yoast-schema-graph\">{\"@context\":\"https:\/\/schema.org\",\"@graph\":[{\"@type\":\"WebPage\",\"@id\":\"https:\/\/transfereurope.com\/sk\/lyziarske-transfery\/transfer-do-lyziarskych-stredisk-vo-viedni\/transfer-z-viedne-do-lyziarskeho-strediska-kitzbuhel\/\",\"url\":\"https:\/\/transfereurope.com\/sk\/lyziarske-transfery\/transfer-do-lyziarskych-stredisk-vo-viedni\/transfer-z-viedne-do-lyziarskeho-strediska-kitzbuhel\/\",\"name\":\"Transfer z Viedne do ly\u017eiarskeho strediska Kitzb\u00fchel\",\"isPartOf\":{\"@id\":\"https:\/\/transfereurope.com\/sk\/#website\"},\"primaryImageOfPage\":{\"@id\":\"https:\/\/transfereurope.com\/sk\/lyziarske-transfery\/transfer-do-lyziarskych-stredisk-vo-viedni\/transfer-z-viedne-do-lyziarskeho-strediska-kitzbuhel\/#primaryimage\"},\"image\":{\"@id\":\"https:\/\/transfereurope.com\/sk\/lyziarske-transfery\/transfer-do-lyziarskych-stredisk-vo-viedni\/transfer-z-viedne-do-lyziarskeho-strediska-kitzbuhel\/#primaryimage\"},\"thumbnailUrl\":\"https:\/\/transfereurope.com\/wp-content\/uploads\/2025\/08\/vienna-to-kitzbuhel-ski-resort-transfer-7-1.png\",\"datePublished\":\"2025-08-06T00:42:38+00:00\",\"description\":\"Za\u017eite ly\u017eiarsky transfer z Viedne do Kitzb\u00fchelu. Rezervujte si e\u0161te dnes a u\u017eite si cestovanie bez stresu s malebn\u00fdm v\u00fdh\u013eadom. Zavolajte n\u00e1m \u260e +421 940 904 184 pre individu\u00e1lnu konzult\u00e1ciu.\",\"breadcrumb\":{\"@id\":\"https:\/\/transfereurope.com\/sk\/lyziarske-transfery\/transfer-do-lyziarskych-stredisk-vo-viedni\/transfer-z-viedne-do-lyziarskeho-strediska-kitzbuhel\/#breadcrumb\"},\"inLanguage\":\"sk-SK\",\"potentialAction\":[{\"@type\":\"ReadAction\",\"target\":[\"https:\/\/transfereurope.com\/sk\/lyziarske-transfery\/transfer-do-lyziarskych-stredisk-vo-viedni\/transfer-z-viedne-do-lyziarskeho-strediska-kitzbuhel\/\"]}]},{\"@type\":\"ImageObject\",\"inLanguage\":\"sk-SK\",\"@id\":\"https:\/\/transfereurope.com\/sk\/lyziarske-transfery\/transfer-do-lyziarskych-stredisk-vo-viedni\/transfer-z-viedne-do-lyziarskeho-strediska-kitzbuhel\/#primaryimage\",\"url\":\"https:\/\/transfereurope.com\/wp-content\/uploads\/2025\/08\/vienna-to-kitzbuhel-ski-resort-transfer-7-1.png\",\"contentUrl\":\"https:\/\/transfereurope.com\/wp-content\/uploads\/2025\/08\/vienna-to-kitzbuhel-ski-resort-transfer-7-1.png\",\"width\":940,\"height\":788},{\"@type\":\"BreadcrumbList\",\"@id\":\"https:\/\/transfereurope.com\/sk\/lyziarske-transfery\/transfer-do-lyziarskych-stredisk-vo-viedni\/transfer-z-viedne-do-lyziarskeho-strediska-kitzbuhel\/#breadcrumb\",\"itemListElement\":[{\"@type\":\"ListItem\",\"position\":1,\"name\":\"Home\",\"item\":\"https:\/\/transfereurope.com\/sk\/\"},{\"@type\":\"ListItem\",\"position\":2,\"name\":\"Transfer z Viedne do ly\u017eiarskeho strediska Kitzb\u00fchel\"}]},{\"@type\":\"WebSite\",\"@id\":\"https:\/\/transfereurope.com\/sk\/#website\",\"url\":\"https:\/\/transfereurope.com\/sk\/\",\"name\":\"transfereurope\",\"description\":\"\",\"publisher\":{\"@id\":\"https:\/\/transfereurope.com\/sk\/#organization\"},\"potentialAction\":[{\"@type\":\"SearchAction\",\"target\":{\"@type\":\"EntryPoint\",\"urlTemplate\":\"https:\/\/transfereurope.com\/sk\/?s={search_term_string}\"},\"query-input\":{\"@type\":\"PropertyValueSpecification\",\"valueRequired\":true,\"valueName\":\"search_term_string\"}}],\"inLanguage\":\"sk-SK\"},{\"@type\":\"Organization\",\"@id\":\"https:\/\/transfereurope.com\/sk\/#organization\",\"name\":\"transfereurope\",\"url\":\"https:\/\/transfereurope.com\/sk\/\",\"logo\":{\"@type\":\"ImageObject\",\"inLanguage\":\"sk-SK\",\"@id\":\"https:\/\/transfereurope.com\/sk\/#\/schema\/logo\/image\/\",\"url\":\"https:\/\/transfereurope.com\/wp-content\/uploads\/2025\/08\/TRANSFERS-1655.png\",\"contentUrl\":\"https:\/\/transfereurope.com\/wp-content\/uploads\/2025\/08\/TRANSFERS-1655.png\",\"width\":500,\"height\":274,\"caption\":\"transfereurope\"},\"image\":{\"@id\":\"https:\/\/transfereurope.com\/sk\/#\/schema\/logo\/image\/\"}}]}<\/script>\n<!-- \/ Yoast SEO plugin. -->","yoast_head_json":{"title":"Transfer z Viedne do ly\u017eiarskeho strediska Kitzb\u00fchel","description":"Za\u017eite ly\u017eiarsky transfer z Viedne do Kitzb\u00fchelu. Rezervujte si e\u0161te dnes a u\u017eite si cestovanie bez stresu s malebn\u00fdm v\u00fdh\u013eadom. Zavolajte n\u00e1m \u260e +421 940 904 184 pre individu\u00e1lnu konzult\u00e1ciu.","robots":{"index":"index","follow":"follow","max-snippet":"max-snippet:-1","max-image-preview":"max-image-preview:large","max-video-preview":"max-video-preview:-1"},"canonical":"https:\/\/transfereurope.com\/sk\/lyziarske-transfery\/transfer-do-lyziarskych-stredisk-vo-viedni\/transfer-z-viedne-do-lyziarskeho-strediska-kitzbuhel\/","og_locale":"sk_SK","og_type":"article","og_title":"Transfer z Viedne do ly\u017eiarskeho strediska Kitzb\u00fchel","og_description":"Za\u017eite ly\u017eiarsky transfer z Viedne do Kitzb\u00fchelu. Rezervujte si e\u0161te dnes a u\u017eite si cestovanie bez stresu s malebn\u00fdm v\u00fdh\u013eadom. Zavolajte n\u00e1m \u260e +421 940 904 184 pre individu\u00e1lnu konzult\u00e1ciu.","og_url":"https:\/\/transfereurope.com\/sk\/lyziarske-transfery\/transfer-do-lyziarskych-stredisk-vo-viedni\/transfer-z-viedne-do-lyziarskeho-strediska-kitzbuhel\/","og_site_name":"transfereurope","og_image":[{"width":940,"height":788,"url":"https:\/\/transfereurope.com\/wp-content\/uploads\/2025\/08\/vienna-to-kitzbuhel-ski-resort-transfer-7-1.png","type":"image\/png"}],"twitter_card":"summary_large_image","twitter_misc":{"Predpokladan\u00fd \u010das \u010d\u00edtania":"3 min\u00faty"},"schema":{"@context":"https:\/\/schema.org","@graph":[{"@type":"WebPage","@id":"https:\/\/transfereurope.com\/sk\/lyziarske-transfery\/transfer-do-lyziarskych-stredisk-vo-viedni\/transfer-z-viedne-do-lyziarskeho-strediska-kitzbuhel\/","url":"https:\/\/transfereurope.com\/sk\/lyziarske-transfery\/transfer-do-lyziarskych-stredisk-vo-viedni\/transfer-z-viedne-do-lyziarskeho-strediska-kitzbuhel\/","name":"Transfer z Viedne do ly\u017eiarskeho strediska Kitzb\u00fchel","isPartOf":{"@id":"https:\/\/transfereurope.com\/sk\/#website"},"primaryImageOfPage":{"@id":"https:\/\/transfereurope.com\/sk\/lyziarske-transfery\/transfer-do-lyziarskych-stredisk-vo-viedni\/transfer-z-viedne-do-lyziarskeho-strediska-kitzbuhel\/#primaryimage"},"image":{"@id":"https:\/\/transfereurope.com\/sk\/lyziarske-transfery\/transfer-do-lyziarskych-stredisk-vo-viedni\/transfer-z-viedne-do-lyziarskeho-strediska-kitzbuhel\/#primaryimage"},"thumbnailUrl":"https:\/\/transfereurope.com\/wp-content\/uploads\/2025\/08\/vienna-to-kitzbuhel-ski-resort-transfer-7-1.png","datePublished":"2025-08-06T00:42:38+00:00","description":"Za\u017eite ly\u017eiarsky transfer z Viedne do Kitzb\u00fchelu. Rezervujte si e\u0161te dnes a u\u017eite si cestovanie bez stresu s malebn\u00fdm v\u00fdh\u013eadom. Zavolajte n\u00e1m \u260e +421 940 904 184 pre individu\u00e1lnu konzult\u00e1ciu.","breadcrumb":{"@id":"https:\/\/transfereurope.com\/sk\/lyziarske-transfery\/transfer-do-lyziarskych-stredisk-vo-viedni\/transfer-z-viedne-do-lyziarskeho-strediska-kitzbuhel\/#breadcrumb"},"inLanguage":"sk-SK","potentialAction":[{"@type":"ReadAction","target":["https:\/\/transfereurope.com\/sk\/lyziarske-transfery\/transfer-do-lyziarskych-stredisk-vo-viedni\/transfer-z-viedne-do-lyziarskeho-strediska-kitzbuhel\/"]}]},{"@type":"ImageObject","inLanguage":"sk-SK","@id":"https:\/\/transfereurope.com\/sk\/lyziarske-transfery\/transfer-do-lyziarskych-stredisk-vo-viedni\/transfer-z-viedne-do-lyziarskeho-strediska-kitzbuhel\/#primaryimage","url":"https:\/\/transfereurope.com\/wp-content\/uploads\/2025\/08\/vienna-to-kitzbuhel-ski-resort-transfer-7-1.png","contentUrl":"https:\/\/transfereurope.com\/wp-content\/uploads\/2025\/08\/vienna-to-kitzbuhel-ski-resort-transfer-7-1.png","width":940,"height":788},{"@type":"BreadcrumbList","@id":"https:\/\/transfereurope.com\/sk\/lyziarske-transfery\/transfer-do-lyziarskych-stredisk-vo-viedni\/transfer-z-viedne-do-lyziarskeho-strediska-kitzbuhel\/#breadcrumb","itemListElement":[{"@type":"ListItem","position":1,"name":"Home","item":"https:\/\/transfereurope.com\/sk\/"},{"@type":"ListItem","position":2,"name":"Transfer z Viedne do ly\u017eiarskeho strediska Kitzb\u00fchel"}]},{"@type":"WebSite","@id":"https:\/\/transfereurope.com\/sk\/#website","url":"https:\/\/transfereurope.com\/sk\/","name":"transfereurope","description":"","publisher":{"@id":"https:\/\/transfereurope.com\/sk\/#organization"},"potentialAction":[{"@type":"SearchAction","target":{"@type":"EntryPoint","urlTemplate":"https:\/\/transfereurope.com\/sk\/?s={search_term_string}"},"query-input":{"@type":"PropertyValueSpecification","valueRequired":true,"valueName":"search_term_string"}}],"inLanguage":"sk-SK"},{"@type":"Organization","@id":"https:\/\/transfereurope.com\/sk\/#organization","name":"transfereurope","url":"https:\/\/transfereurope.com\/sk\/","logo":{"@type":"ImageObject","inLanguage":"sk-SK","@id":"https:\/\/transfereurope.com\/sk\/#\/schema\/logo\/image\/","url":"https:\/\/transfereurope.com\/wp-content\/uploads\/2025\/08\/TRANSFERS-1655.png","contentUrl":"https:\/\/transfereurope.com\/wp-content\/uploads\/2025\/08\/TRANSFERS-1655.png","width":500,"height":274,"caption":"transfereurope"},"image":{"@id":"https:\/\/transfereurope.com\/sk\/#\/schema\/logo\/image\/"}}]}},"_links":{"self":[{"href":"https:\/\/transfereurope.com\/sk\/wp-json\/wp\/v2\/pages\/85527","targetHints":{"allow":["GET"]}}],"collection":[{"href":"https:\/\/transfereurope.com\/sk\/wp-json\/wp\/v2\/pages"}],"about":[{"href":"https:\/\/transfereurope.com\/sk\/wp-json\/wp\/v2\/types\/page"}],"author":[{"embeddable":true,"href":"https:\/\/transfereurope.com\/sk\/wp-json\/wp\/v2\/users\/1"}],"replies":[{"embeddable":true,"href":"https:\/\/transfereurope.com\/sk\/wp-json\/wp\/v2\/comments?post=85527"}],"version-history":[{"count":0,"href":"https:\/\/transfereurope.com\/sk\/wp-json\/wp\/v2\/pages\/85527\/revisions"}],"up":[{"embeddable":true,"href":"https:\/\/transfereurope.com\/sk\/wp-json\/wp\/v2\/pages\/20466"}],"wp:featuredmedia":[{"embeddable":true,"href":"https:\/\/transfereurope.com\/sk\/wp-json\/wp\/v2\/media\/85528"}],"wp:attachment":[{"href":"https:\/\/transfereurope.com\/sk\/wp-json\/wp\/v2\/media?parent=85527"}],"curies":[{"name":"wp","href":"https:\/\/api.w.org\/{rel}","templated":true}]}}