{"id":85278,"date":"2025-08-06T00:36:50","date_gmt":"2025-08-06T00:36:50","guid":{"rendered":"https:\/\/transfereurope.com\/transfer-z-viedne-do-lyziarskeho-strediska-semmering\/"},"modified":"2025-08-06T00:36:50","modified_gmt":"2025-08-06T00:36:50","slug":"transfer-z-viedne-do-lyziarskeho-strediska-semmering","status":"publish","type":"page","link":"https:\/\/transfereurope.com\/sk\/lyziarske-transfery\/transfer-do-lyziarskych-stredisk-vo-viedni\/transfer-z-viedne-do-lyziarskeho-strediska-semmering\/","title":{"rendered":"Transfer z Viedne do ly\u017eiarskeho strediska Semmering"},"content":{"rendered":"\n<div id=\"t4-masthead\" class=\"t4-section  t4-masthead\">\n<div class=\"t4-col text-center\">\n<div class=\"ja-masthead\" >\n<div class=\"ja-masthead-detail\">\n<h1 class=\"ja-masthead-title\">Transfer z Viedne do ly\u017eiarskeho strediska Semmering<\/h1>\n<p>                 <!---->            <\/p>\n<div class=\"block-breadcrumb\">                       <\/div>\n<\/p><\/div>\n<\/p><\/div>\n<pre><\/pre>\n<\/div>\n<\/div>\n<div id=\"t4-main-body\" class=\"t4-section  t4-main-body\" role=\"main body\">\n<div class=\"t4-section-inner container\">\n<div class=\"t4-row row\">\n<div class=\"t4-col col-12 col-xl\">\n<div id=\"system-message-container\"> \t<\/div>\n<div class=\"com-content-article item-page view-tour-detail\">\n<div class=\"tour-top-info clearfix\">\n<div class=\"pull-left\">\n<div class=\"category-article-dot\">\n<div class=\"category-name\"> \t\t\t\t\t<a href=\"\/sk\/lyziarske-transfery\/transfer-do-lyziarskych-stredisk-vo-viedni\" itemprop=\"genre\">Transfery do ly\u017eiarskych stred\u00edsk vo Viedni<\/a> \t\t\t\t<\/div>\n<\/p><\/div>\n<\/p><\/div>\n<div class=\"pull-right\">\n<div class=\"text-danger tour-price\"> \t\t\t\t\t\t<a href=\"\/sk\/rezervovat-transfer\">Rezervova\u0165<\/a><\/div>\n<\/p><\/div>\n<\/p><\/div>\n<p>  \t <!--\t-->  \t<\/p>\n<div class=\"vm-product-container\">\n<figure class=\"pull-left item-image\">\n<div class=\"main-image\"> \t\t<a  rel='vm-additional-images' href=\"\/images\/virtuemart\/product\/vienna-to-semmering-transfer-service.png\"><img decoding=\"async\"  loading=\"lazy\"  src=\"\/wp-content\/uploads\/2025\/08\/vienna-to-semmering-transfer-service-2.png\"  \/><\/a>\t\t<\/p>\n<div class=\"clear\"><\/div>\n<\/p><\/div>\n<\/figure>\n<div class=\"vm-product-details-container\">\n<div class=\"spacer-buy-area\">    \t\t \t\t<\/div>\n<\/p><\/div>\n<div class=\"clear\"><\/div>\n<\/p><\/div>\n<div class=\"product-description\" >\n<p>Za\u017eite dokonal\u00fa kombin\u00e1ciu pohodlia a luxusu s Transfer Europe, va\u0161\u00edm hlavn\u00fdm partnerom pre s\u00fakromn\u00e9 transfery z Viedne do n\u00e1dhern\u00e9ho ly\u017eiarskeho strediska Semmering. Semmering, ktor\u00fd sa nach\u00e1dza v srdci \u00c1lp, l\u00e1ka zimn\u00fdch nad\u0161encov svojimi zasne\u017een\u00fdmi vrcholmi a prvotriednymi ly\u017eiarskymi zariadeniami.<\/p>\n<p style=\"text-align: center;\"><a class=\"btn btn-primary\" href=\"\/sk\/rezervovat-transfer\">Rezervova\u0165 transfer<\/a><\/p>\n<p style=\"text-align: center;\"><img decoding=\"async\" title=\"transfer-z-viedne-do-lyziarskeho-strediska-semmering\" src=\"\/wp-content\/uploads\/2025\/08\/transfer-z-viedne-do-lyziarskeho-strediska-semmering.png\" alt=\"transfer-z-viedne-do-lyziarskeho-strediska-semmering\" \/><\/p>\n<p><strong>Va\u0161a br\u00e1na do zimnej krajiny z\u00e1zrakov v Semmeringu:<\/strong> Vydajte sa na cestu do Semmeringu, kde svie\u017ei horsk\u00fd vzduch a nedotknut\u00e9 svahy vytv\u00e1raj\u00fa idylick\u00e9 prostredie pre milovn\u00edkov zimn\u00fdch \u0161portov. Na\u0161a trasa z Viedne do Semmeringu je navrhnut\u00e1 tak, aby bolo va\u0161e cestovanie bezprobl\u00e9mov\u00e9 a vy ste sa mohli s\u00fastredi\u0165 na vzru\u0161enie, ktor\u00e9 v\u00e1s \u010dak\u00e1 v tomto malebnom ly\u017eiarskom stredisku.<\/p>\n<p><strong>S\u00fakromn\u00e9 transfery na mieru:<\/strong> V spolo\u010dnosti Transfer Europe ch\u00e1peme, \u017ee ka\u017ed\u00fd cestovate\u013e je jedine\u010dn\u00fd. Preto na\u0161e slu\u017eby s\u00fakromn\u00e9ho transferu pon\u00fakaj\u00fa flexibilitu a individu\u00e1lne mo\u017enosti, ktor\u00e9 vyhovuj\u00fa va\u0161im preferenci\u00e1m. \u010ci u\u017e cestujete sami, s rodinou alebo v skupine, na\u0161a flotila vozidiel v\u00e1m zaru\u010d\u00ed pohodln\u00fa a s\u00fakromn\u00fa cestu.<\/p>\n<p><strong>Priestrann\u00e9 vozidl\u00e1 pre va\u0161e pohodlie:<\/strong> N\u00e1\u0161 vozov\u00fd park pon\u00faka vozidl\u00e1 s dostato\u010dn\u00fdm priestorom vr\u00e1tane ve\u013ek\u00fdch bato\u017einov\u00fdch priestorov &#8211; pohodlie, ktor\u00e9 ocenia v\u00e1\u0161niv\u00ed ly\u017eiari. Vychutnajte si jazdu s vedom\u00edm, \u017ee va\u0161a ly\u017eiarska v\u00fdbava a bato\u017eina s\u00fa bezpe\u010dne ulo\u017een\u00e9, \u010do v\u00e1m umo\u017en\u00ed relaxova\u0165 a o\u010dak\u00e1va\u0165 dobrodru\u017estv\u00e1, ktor\u00e9 v\u00e1s \u010dakaj\u00fa v Semmeringu.<\/p>\n<p style=\"text-align: center;\"><a class=\"btn btn-primary\" href=\"\/sk\/rezervovat-transfer\">Rezervova\u0165 transfer<\/a><\/p>\n<p style=\"text-align: center;\"><img decoding=\"async\" title=\"transfery-do-lyziarskych-stredisk\" src=\"\/wp-content\/uploads\/2025\/08\/transfery-do-lyziarskych-stredisk.jpg\" alt=\"transfery-do-lyziarskych-stredisk\" \/><\/p>\n<p><strong>Pre\u010do si vybra\u0165 Transfer Europe pre v\u00e1\u0161 transfer z Viedne do Semmeringu?<\/strong> Tu je nieko\u013eko presved\u010div\u00fdch d\u00f4vodov:<\/p>\n<ol>\n<li><strong>Odborn\u00ed vodi\u010di:<\/strong> Na\u0161i profesion\u00e1lni vodi\u010di s\u00fa sk\u00fasen\u00ed a poznaj\u00fa trasu, \u010do zaru\u010duje bezpe\u010dn\u00fa a efekt\u00edvnu cestu do Semmeringu.<\/li>\n<li><strong>Dochv\u00ed\u013enos\u0165:<\/strong> Cen\u00edme si v\u00e1\u0161 \u010das. O\u010dak\u00e1vajte, \u017ee na\u0161i vodi\u010di bud\u00fa dochv\u00ed\u013eni a zabezpe\u010dia v\u00e1m v\u010dasn\u00fd transfer bez stresu.<\/li>\n<li><strong>Konkuren\u010dn\u00e9 ceny:<\/strong> Vychutnajte si konkurencieschopn\u00e9 a transparentn\u00e9 ceny bez skryt\u00fdch poplatkov. Sna\u017e\u00edme sa pon\u00faknu\u0165 hodnotu za va\u0161e peniaze.<\/li>\n<li><strong>Z\u00e1kazn\u00edcka podpora 24\/7:<\/strong> S na\u0161ou nepretr\u017eitou z\u00e1kazn\u00edckou podporou, ktor\u00e1 je pripraven\u00e1 pom\u00f4c\u0165 v\u00e1m na ka\u017edom kroku va\u0161ej cesty, budete ma\u0165 istotu.<\/li>\n<li><strong>Jednoduch\u00e1 rezerv\u00e1cia:<\/strong> Rezerv\u00e1cia transferu je v\u010faka na\u0161ej pou\u017e\u00edvate\u013esky pr\u00edvetivej online platforme hra\u010dka. Zabezpe\u010dte si jazdu len nieko\u013ek\u00fdmi kliknutiami.<\/li>\n<\/ol>\n<p>Urobte si zimn\u00fa dovolenku v Semmeringu nezabudnute\u013enou od momentu, ke\u010f vyst\u00fapite z lietadla vo Viedni. Vyberte si s\u00fakromn\u00fd transfer Transfer Europe, ktor\u00fd sp\u00e1ja pohodlie, spo\u013eahlivos\u0165 a istotu, \u017ee sa do ly\u017eiarskeho strediska Semmering dostanete vo ve\u013ekom \u0161t\u00fdle.<\/p>\n<p style=\"text-align: center;\"><strong> <a class=\"btn btn-primary\" href=\"\/sk\/rezervovat-transfer\">Rezervova\u0165 transfer<\/a><\/strong><\/p>\n<p style=\"text-align: center;\"><img decoding=\"async\" title=\"transfery-z-viedne-na-lyzovanie\" src=\"\/wp-content\/uploads\/2025\/08\/transfery-z-viedne-na-lyzovanie-2.png\" alt=\"transfery-z-viedne-na-lyzovanie\" \/><\/p>\n<h2 style=\"text-align: center;\"><span style=\"font-size: 18pt;\"><strong>FAQs &#8211; Transfer z Viedne do ly\u017eiarskeho strediska Semmering<\/strong><\/span><\/h2>\n<h3><span style=\"font-size: 14pt;\"><strong>M\u00f4\u017eem si rezervova\u0165 zimn\u00e9 \u0161portov\u00e9 vozidlo len na jeden de\u0148?<\/strong><\/span><\/h3>\n<p>Ur\u010dite! N\u00e1\u0161 zimn\u00fd pren\u00e1jom \u0161portov\u00fdch vozidiel vo Viedni pon\u00faka flexibiln\u00e9 mo\u017enosti pren\u00e1jmu vr\u00e1tane denn\u00fdch rezerv\u00e1ci\u00ed pre va\u0161e pohodlie.<\/p>\n<h3><span style=\"font-size: 14pt;\"><strong>S\u00fa transfery na ubytovanie Semmering vhodn\u00e9 pre ve\u013ek\u00e9 skupiny?<\/strong><\/span><\/h3>\n<p>\u00c1no, ur\u010dite! Na\u0161e transfery s\u00fa ur\u010den\u00e9 pre skupiny v\u0161etk\u00fdch ve\u013ekost\u00ed a zabezpe\u010duj\u00fa pohodln\u00fd a bezprobl\u00e9mov\u00fd prechod na va\u0161e \u00fato\u010disko Semmering.<\/p>\n<h3><span style=\"font-size: 14pt;\"><strong>\u010c\u00edm je vyhliadkov\u00e1 jazda Viede\u0148 &#8211; Semmering v\u00fdnimo\u010dn\u00e1?<\/strong><\/span><\/h3>\n<p>Viedensk\u00e1 vyhliadkov\u00e1 jazda je vizu\u00e1lnou lah\u00f4dkou, ktor\u00e1 pon\u00faka n\u00e1dhern\u00e9 scen\u00e9rie a momenty hodn\u00e9 fotografovania, tak\u017ee va\u0161a cesta bude rovnako nezabudnute\u013en\u00e1 ako cie\u013e.<\/p>\n<h3><span style=\"font-size: 14pt;\"><strong>Je slu\u017eba Semmering Chauffeur Service k dispoz\u00edcii 24\/7?<\/strong><\/span><\/h3>\n<p>\u00c1no, na\u0161a slu\u017eba Semmering Chauffeur Service funguje nepretr\u017eite a zabezpe\u010d\u00ed v\u00e1m spo\u013eahliv\u00fa dopravu, kedyko\u013evek ju budete potrebova\u0165.<\/p>\n<h3><span style=\"font-size: 14pt;\"><strong>M\u00f4\u017eem si skupinov\u00fd transfer z Viedne do Semmeringu prisp\u00f4sobi\u0165 potreb\u00e1m svojej rodiny?<\/strong><\/span><\/h3>\n<p>Rozhodne! Ch\u00e1peme d\u00f4le\u017eitos\u0165 prisp\u00f4sobenia a na\u0161e skupinov\u00e9 transfery m\u00f4\u017eeme prisp\u00f4sobi\u0165 \u0161pecifick\u00fdm po\u017eiadavk\u00e1m va\u0161ej rodiny.<\/p>\n<h3><span style=\"font-size: 14pt;\"><strong>S\u00fa mo\u017enosti dopravy Semmering pre rodiny pohodln\u00e9 pre deti?<\/strong><\/span><\/h3>\n<p>Tak, na\u0161e mo\u017enosti prepravy pre rodiny uprednost\u0148uj\u00fa bezpe\u010dnos\u0165 a pohodlie, \u010d\u00edm zabezpe\u010duj\u00fa pr\u00edjemn\u00fa cestu pre dospel\u00fdch aj deti.<\/p>\n<div id=\"gtx-trans\" style=\"position: absolute; left: 378px; top: 3330.3px;\">\u00a0<\/div>\n<\/p><\/div>\n<div class=\"product-price-container\">\n<div class=\"sale-price\"> \t\t<\/div>\n<\/p><\/div>\n<div class=\"options\"><\/div>\n<div> \t\t<\/div>\n<p>   \t        <script type=\"text\/javascript\" ><\/script>  <script type=\"text\/javascript\" ><\/script> <script type=\"text\/javascript\" ><\/script>  <script type=\"text\/javascript\" ><\/script> <script type=\"text\/javascript\" ><\/script> <script type=\"text\/javascript\" ><\/script> <script type=\"text\/javascript\" ><\/script> <\/div>\n<p> \t\t<!-- \u041f\u043b\u0430\u0433\u0438\u043d \u0440\u0435\u0439\u0442\u0438\u043d\u0433\u0430 --> <\/p>\n<div class=\"vrvote-body\">\n<ul class=\"vrvote-ul\">\n<li id=\"rating_128\" class=\"current-rating\" style=\"width:98.57%;\"><\/li>\n<li> \t\t\t\t\t\t<a class=\"vr-one-star\" onclick=\"javascript:JSVRvote(128,1,69,14,0)\" href=\"javascript:void(null)\">1<\/a> \t\t\t\t\t<\/li>\n<li> \t\t\t\t\t\t<a class=\"vr-two-stars\" onclick=\"javascript:JSVRvote(128,2,69,14,0)\" href=\"javascript:void(null)\">2<\/a> \t\t\t\t\t<\/li>\n<li> \t\t\t\t\t\t<a class=\"vr-three-stars\" onclick=\"javascript:JSVRvote(128,3,69,14,0)\" href=\"javascript:void(null)\">3<\/a> \t\t\t\t\t<\/li>\n<li> \t\t\t\t\t\t<a class=\"vr-four-stars\" onclick=\"javascript:JSVRvote(128,4,69,14,0)\" href=\"javascript:void(null)\">4<\/a> \t\t\t\t\t<\/li>\n<li> \t\t\t\t\t\t<a class=\"vr-five-stars\" onclick=\"javascript:JSVRvote(128,5,69,14,0)\" href=\"javascript:void(null)\">5<\/a> \t\t\t\t\t<\/li>\n<\/ul><\/div>\n<p> \t\t\t<span id=\"vrvote_128\" class=\"vrvote-count\"><small><\/small><\/span>\t<\/span><script type=\"application\/ld+json\"><\/script>   <\/div>\n<div class=\"t4-col sidebar-r col-12 col-xl-4\">\n<div class=\"t4-module module\" id=\"Mod306\">\n<div class=\"module-inner\">\n<div class=\"module-ct\">\n<div class=\"bannergroup\">\n<div class=\"banneritem\"> \t\t\t\t\t\t\t\t\t\t\t\t\t\t\t\t\t\t\t\t\t\t\t\t\t\t\t\t\t\t\t\t\t\t\t\t\t\t\t\t\t\t\t\t\t\t\t\t\t\t<img \t\t\t\t\t\tsrc=\"\/wp-content\/uploads\/2025\/08\/banner-transfer-europe-sk-484.png\" \t\t\t\t\t\talt=\"Banner-sk\" \t\t\t\t\t\t\t\t\t\t\t\t\t\t\t\t\t\/> \t\t\t\t\t\t\t\t\t\t\t<\/p>\n<div class=\"clr\"><\/div>\n<\/p><\/div>\n<\/p><\/div>\n<\/p><\/div>\n<\/div>\n<\/div><\/div>\n<\/p><\/div>\n<\/div><\/div>\n<div id=\"t4-section-8\" class=\"t4-section  t4-section-8  section-border-top\" role=\"section-8\">\n<div class=\"bg-overlay bg-overlay-image\">&nbsp;<\/div>\n<\/p><\/div>\n<p>  <a href='javascript:' id='back-to-top'><i class='fa fa-chevron-up'><\/i><\/a>                <\/p>\n","protected":false},"excerpt":{"rendered":"<p>Transfer z Viedne do ly\u017eiarskeho strediska Semmering Transfery do ly\u017eiarskych stred\u00edsk vo Viedni Rezervova\u0165 Za\u017eite dokonal\u00fa kombin\u00e1ciu pohodlia a luxusu s Transfer Europe, va\u0161\u00edm hlavn\u00fdm partnerom pre s\u00fakromn\u00e9 transfery z Viedne do n\u00e1dhern\u00e9ho ly\u017eiarskeho strediska Semmering. Semmering, ktor\u00fd sa nach\u00e1dza v srdci \u00c1lp, l\u00e1ka zimn\u00fdch nad\u0161encov svojimi zasne\u017een\u00fdmi vrcholmi a prvotriednymi ly\u017eiarskymi zariadeniami. Rezervova\u0165 transfer [&hellip;]<\/p>\n","protected":false},"author":1,"featured_media":85279,"parent":20466,"menu_order":0,"comment_status":"closed","ping_status":"closed","template":"","meta":{"footnotes":""},"class_list":["post-85278","page","type-page","status-publish","has-post-thumbnail","hentry"],"yoast_head":"<!-- This site is optimized with the Yoast SEO plugin v25.6 - https:\/\/yoast.com\/wordpress\/plugins\/seo\/ -->\n<title>Transfer z Viedne do ly\u017eiarskeho strediska Semmering<\/title>\n<meta name=\"description\" content=\"Z\u00e1\u017eitok z ly\u017eiarskeho transferu z Viedne do Semmeringu. Rezervujte si e\u0161te dnes a u\u017eite si cestovanie bez stresu s malebn\u00fdm v\u00fdh\u013eadom. Zavolajte n\u00e1m \u260e +421 940 904 184 pre individu\u00e1lnu pomoc.\" \/>\n<meta name=\"robots\" content=\"index, follow, max-snippet:-1, max-image-preview:large, max-video-preview:-1\" \/>\n<link rel=\"canonical\" href=\"https:\/\/transfereurope.com\/sk\/lyziarske-transfery\/transfer-do-lyziarskych-stredisk-vo-viedni\/transfer-z-viedne-do-lyziarskeho-strediska-semmering\/\" \/>\n<meta property=\"og:locale\" content=\"sk_SK\" \/>\n<meta property=\"og:type\" content=\"article\" \/>\n<meta property=\"og:title\" content=\"Transfer z Viedne do ly\u017eiarskeho strediska Semmering\" \/>\n<meta property=\"og:description\" content=\"Z\u00e1\u017eitok z ly\u017eiarskeho transferu z Viedne do Semmeringu. Rezervujte si e\u0161te dnes a u\u017eite si cestovanie bez stresu s malebn\u00fdm v\u00fdh\u013eadom. Zavolajte n\u00e1m \u260e +421 940 904 184 pre individu\u00e1lnu pomoc.\" \/>\n<meta property=\"og:url\" content=\"https:\/\/transfereurope.com\/sk\/lyziarske-transfery\/transfer-do-lyziarskych-stredisk-vo-viedni\/transfer-z-viedne-do-lyziarskeho-strediska-semmering\/\" \/>\n<meta property=\"og:site_name\" content=\"transfereurope\" \/>\n<meta property=\"og:image\" content=\"https:\/\/transfereurope.com\/wp-content\/uploads\/2025\/08\/vienna-to-semmering-transfer-service-2-1-1024x577.png\" \/>\n\t<meta property=\"og:image:width\" content=\"1024\" \/>\n\t<meta property=\"og:image:height\" content=\"577\" \/>\n\t<meta property=\"og:image:type\" content=\"image\/png\" \/>\n<meta name=\"twitter:card\" content=\"summary_large_image\" \/>\n<meta name=\"twitter:label1\" content=\"Predpokladan\u00fd \u010das \u010d\u00edtania\" \/>\n\t<meta name=\"twitter:data1\" content=\"4 min\u00faty\" \/>\n<script type=\"application\/ld+json\" class=\"yoast-schema-graph\">{\"@context\":\"https:\/\/schema.org\",\"@graph\":[{\"@type\":\"WebPage\",\"@id\":\"https:\/\/transfereurope.com\/sk\/lyziarske-transfery\/transfer-do-lyziarskych-stredisk-vo-viedni\/transfer-z-viedne-do-lyziarskeho-strediska-semmering\/\",\"url\":\"https:\/\/transfereurope.com\/sk\/lyziarske-transfery\/transfer-do-lyziarskych-stredisk-vo-viedni\/transfer-z-viedne-do-lyziarskeho-strediska-semmering\/\",\"name\":\"Transfer z Viedne do ly\u017eiarskeho strediska Semmering\",\"isPartOf\":{\"@id\":\"https:\/\/transfereurope.com\/sk\/#website\"},\"primaryImageOfPage\":{\"@id\":\"https:\/\/transfereurope.com\/sk\/lyziarske-transfery\/transfer-do-lyziarskych-stredisk-vo-viedni\/transfer-z-viedne-do-lyziarskeho-strediska-semmering\/#primaryimage\"},\"image\":{\"@id\":\"https:\/\/transfereurope.com\/sk\/lyziarske-transfery\/transfer-do-lyziarskych-stredisk-vo-viedni\/transfer-z-viedne-do-lyziarskeho-strediska-semmering\/#primaryimage\"},\"thumbnailUrl\":\"https:\/\/transfereurope.com\/wp-content\/uploads\/2025\/08\/vienna-to-semmering-transfer-service-2-1.png\",\"datePublished\":\"2025-08-06T00:36:50+00:00\",\"description\":\"Z\u00e1\u017eitok z ly\u017eiarskeho transferu z Viedne do Semmeringu. Rezervujte si e\u0161te dnes a u\u017eite si cestovanie bez stresu s malebn\u00fdm v\u00fdh\u013eadom. Zavolajte n\u00e1m \u260e +421 940 904 184 pre individu\u00e1lnu pomoc.\",\"breadcrumb\":{\"@id\":\"https:\/\/transfereurope.com\/sk\/lyziarske-transfery\/transfer-do-lyziarskych-stredisk-vo-viedni\/transfer-z-viedne-do-lyziarskeho-strediska-semmering\/#breadcrumb\"},\"inLanguage\":\"sk-SK\",\"potentialAction\":[{\"@type\":\"ReadAction\",\"target\":[\"https:\/\/transfereurope.com\/sk\/lyziarske-transfery\/transfer-do-lyziarskych-stredisk-vo-viedni\/transfer-z-viedne-do-lyziarskeho-strediska-semmering\/\"]}]},{\"@type\":\"ImageObject\",\"inLanguage\":\"sk-SK\",\"@id\":\"https:\/\/transfereurope.com\/sk\/lyziarske-transfery\/transfer-do-lyziarskych-stredisk-vo-viedni\/transfer-z-viedne-do-lyziarskeho-strediska-semmering\/#primaryimage\",\"url\":\"https:\/\/transfereurope.com\/wp-content\/uploads\/2025\/08\/vienna-to-semmering-transfer-service-2-1.png\",\"contentUrl\":\"https:\/\/transfereurope.com\/wp-content\/uploads\/2025\/08\/vienna-to-semmering-transfer-service-2-1.png\",\"width\":1640,\"height\":924},{\"@type\":\"BreadcrumbList\",\"@id\":\"https:\/\/transfereurope.com\/sk\/lyziarske-transfery\/transfer-do-lyziarskych-stredisk-vo-viedni\/transfer-z-viedne-do-lyziarskeho-strediska-semmering\/#breadcrumb\",\"itemListElement\":[{\"@type\":\"ListItem\",\"position\":1,\"name\":\"Home\",\"item\":\"https:\/\/transfereurope.com\/sk\/\"},{\"@type\":\"ListItem\",\"position\":2,\"name\":\"Transfer z Viedne do ly\u017eiarskeho strediska Semmering\"}]},{\"@type\":\"WebSite\",\"@id\":\"https:\/\/transfereurope.com\/sk\/#website\",\"url\":\"https:\/\/transfereurope.com\/sk\/\",\"name\":\"transfereurope\",\"description\":\"\",\"publisher\":{\"@id\":\"https:\/\/transfereurope.com\/sk\/#organization\"},\"potentialAction\":[{\"@type\":\"SearchAction\",\"target\":{\"@type\":\"EntryPoint\",\"urlTemplate\":\"https:\/\/transfereurope.com\/sk\/?s={search_term_string}\"},\"query-input\":{\"@type\":\"PropertyValueSpecification\",\"valueRequired\":true,\"valueName\":\"search_term_string\"}}],\"inLanguage\":\"sk-SK\"},{\"@type\":\"Organization\",\"@id\":\"https:\/\/transfereurope.com\/sk\/#organization\",\"name\":\"transfereurope\",\"url\":\"https:\/\/transfereurope.com\/sk\/\",\"logo\":{\"@type\":\"ImageObject\",\"inLanguage\":\"sk-SK\",\"@id\":\"https:\/\/transfereurope.com\/sk\/#\/schema\/logo\/image\/\",\"url\":\"https:\/\/transfereurope.com\/wp-content\/uploads\/2025\/08\/TRANSFERS-1655.png\",\"contentUrl\":\"https:\/\/transfereurope.com\/wp-content\/uploads\/2025\/08\/TRANSFERS-1655.png\",\"width\":500,\"height\":274,\"caption\":\"transfereurope\"},\"image\":{\"@id\":\"https:\/\/transfereurope.com\/sk\/#\/schema\/logo\/image\/\"}}]}<\/script>\n<!-- \/ Yoast SEO plugin. -->","yoast_head_json":{"title":"Transfer z Viedne do ly\u017eiarskeho strediska Semmering","description":"Z\u00e1\u017eitok z ly\u017eiarskeho transferu z Viedne do Semmeringu. Rezervujte si e\u0161te dnes a u\u017eite si cestovanie bez stresu s malebn\u00fdm v\u00fdh\u013eadom. Zavolajte n\u00e1m \u260e +421 940 904 184 pre individu\u00e1lnu pomoc.","robots":{"index":"index","follow":"follow","max-snippet":"max-snippet:-1","max-image-preview":"max-image-preview:large","max-video-preview":"max-video-preview:-1"},"canonical":"https:\/\/transfereurope.com\/sk\/lyziarske-transfery\/transfer-do-lyziarskych-stredisk-vo-viedni\/transfer-z-viedne-do-lyziarskeho-strediska-semmering\/","og_locale":"sk_SK","og_type":"article","og_title":"Transfer z Viedne do ly\u017eiarskeho strediska Semmering","og_description":"Z\u00e1\u017eitok z ly\u017eiarskeho transferu z Viedne do Semmeringu. Rezervujte si e\u0161te dnes a u\u017eite si cestovanie bez stresu s malebn\u00fdm v\u00fdh\u013eadom. Zavolajte n\u00e1m \u260e +421 940 904 184 pre individu\u00e1lnu pomoc.","og_url":"https:\/\/transfereurope.com\/sk\/lyziarske-transfery\/transfer-do-lyziarskych-stredisk-vo-viedni\/transfer-z-viedne-do-lyziarskeho-strediska-semmering\/","og_site_name":"transfereurope","og_image":[{"width":1024,"height":577,"url":"https:\/\/transfereurope.com\/wp-content\/uploads\/2025\/08\/vienna-to-semmering-transfer-service-2-1-1024x577.png","type":"image\/png"}],"twitter_card":"summary_large_image","twitter_misc":{"Predpokladan\u00fd \u010das \u010d\u00edtania":"4 min\u00faty"},"schema":{"@context":"https:\/\/schema.org","@graph":[{"@type":"WebPage","@id":"https:\/\/transfereurope.com\/sk\/lyziarske-transfery\/transfer-do-lyziarskych-stredisk-vo-viedni\/transfer-z-viedne-do-lyziarskeho-strediska-semmering\/","url":"https:\/\/transfereurope.com\/sk\/lyziarske-transfery\/transfer-do-lyziarskych-stredisk-vo-viedni\/transfer-z-viedne-do-lyziarskeho-strediska-semmering\/","name":"Transfer z Viedne do ly\u017eiarskeho strediska Semmering","isPartOf":{"@id":"https:\/\/transfereurope.com\/sk\/#website"},"primaryImageOfPage":{"@id":"https:\/\/transfereurope.com\/sk\/lyziarske-transfery\/transfer-do-lyziarskych-stredisk-vo-viedni\/transfer-z-viedne-do-lyziarskeho-strediska-semmering\/#primaryimage"},"image":{"@id":"https:\/\/transfereurope.com\/sk\/lyziarske-transfery\/transfer-do-lyziarskych-stredisk-vo-viedni\/transfer-z-viedne-do-lyziarskeho-strediska-semmering\/#primaryimage"},"thumbnailUrl":"https:\/\/transfereurope.com\/wp-content\/uploads\/2025\/08\/vienna-to-semmering-transfer-service-2-1.png","datePublished":"2025-08-06T00:36:50+00:00","description":"Z\u00e1\u017eitok z ly\u017eiarskeho transferu z Viedne do Semmeringu. Rezervujte si e\u0161te dnes a u\u017eite si cestovanie bez stresu s malebn\u00fdm v\u00fdh\u013eadom. Zavolajte n\u00e1m \u260e +421 940 904 184 pre individu\u00e1lnu pomoc.","breadcrumb":{"@id":"https:\/\/transfereurope.com\/sk\/lyziarske-transfery\/transfer-do-lyziarskych-stredisk-vo-viedni\/transfer-z-viedne-do-lyziarskeho-strediska-semmering\/#breadcrumb"},"inLanguage":"sk-SK","potentialAction":[{"@type":"ReadAction","target":["https:\/\/transfereurope.com\/sk\/lyziarske-transfery\/transfer-do-lyziarskych-stredisk-vo-viedni\/transfer-z-viedne-do-lyziarskeho-strediska-semmering\/"]}]},{"@type":"ImageObject","inLanguage":"sk-SK","@id":"https:\/\/transfereurope.com\/sk\/lyziarske-transfery\/transfer-do-lyziarskych-stredisk-vo-viedni\/transfer-z-viedne-do-lyziarskeho-strediska-semmering\/#primaryimage","url":"https:\/\/transfereurope.com\/wp-content\/uploads\/2025\/08\/vienna-to-semmering-transfer-service-2-1.png","contentUrl":"https:\/\/transfereurope.com\/wp-content\/uploads\/2025\/08\/vienna-to-semmering-transfer-service-2-1.png","width":1640,"height":924},{"@type":"BreadcrumbList","@id":"https:\/\/transfereurope.com\/sk\/lyziarske-transfery\/transfer-do-lyziarskych-stredisk-vo-viedni\/transfer-z-viedne-do-lyziarskeho-strediska-semmering\/#breadcrumb","itemListElement":[{"@type":"ListItem","position":1,"name":"Home","item":"https:\/\/transfereurope.com\/sk\/"},{"@type":"ListItem","position":2,"name":"Transfer z Viedne do ly\u017eiarskeho strediska Semmering"}]},{"@type":"WebSite","@id":"https:\/\/transfereurope.com\/sk\/#website","url":"https:\/\/transfereurope.com\/sk\/","name":"transfereurope","description":"","publisher":{"@id":"https:\/\/transfereurope.com\/sk\/#organization"},"potentialAction":[{"@type":"SearchAction","target":{"@type":"EntryPoint","urlTemplate":"https:\/\/transfereurope.com\/sk\/?s={search_term_string}"},"query-input":{"@type":"PropertyValueSpecification","valueRequired":true,"valueName":"search_term_string"}}],"inLanguage":"sk-SK"},{"@type":"Organization","@id":"https:\/\/transfereurope.com\/sk\/#organization","name":"transfereurope","url":"https:\/\/transfereurope.com\/sk\/","logo":{"@type":"ImageObject","inLanguage":"sk-SK","@id":"https:\/\/transfereurope.com\/sk\/#\/schema\/logo\/image\/","url":"https:\/\/transfereurope.com\/wp-content\/uploads\/2025\/08\/TRANSFERS-1655.png","contentUrl":"https:\/\/transfereurope.com\/wp-content\/uploads\/2025\/08\/TRANSFERS-1655.png","width":500,"height":274,"caption":"transfereurope"},"image":{"@id":"https:\/\/transfereurope.com\/sk\/#\/schema\/logo\/image\/"}}]}},"_links":{"self":[{"href":"https:\/\/transfereurope.com\/sk\/wp-json\/wp\/v2\/pages\/85278","targetHints":{"allow":["GET"]}}],"collection":[{"href":"https:\/\/transfereurope.com\/sk\/wp-json\/wp\/v2\/pages"}],"about":[{"href":"https:\/\/transfereurope.com\/sk\/wp-json\/wp\/v2\/types\/page"}],"author":[{"embeddable":true,"href":"https:\/\/transfereurope.com\/sk\/wp-json\/wp\/v2\/users\/1"}],"replies":[{"embeddable":true,"href":"https:\/\/transfereurope.com\/sk\/wp-json\/wp\/v2\/comments?post=85278"}],"version-history":[{"count":0,"href":"https:\/\/transfereurope.com\/sk\/wp-json\/wp\/v2\/pages\/85278\/revisions"}],"up":[{"embeddable":true,"href":"https:\/\/transfereurope.com\/sk\/wp-json\/wp\/v2\/pages\/20466"}],"wp:featuredmedia":[{"embeddable":true,"href":"https:\/\/transfereurope.com\/sk\/wp-json\/wp\/v2\/media\/85279"}],"wp:attachment":[{"href":"https:\/\/transfereurope.com\/sk\/wp-json\/wp\/v2\/media?parent=85278"}],"curies":[{"name":"wp","href":"https:\/\/api.w.org\/{rel}","templated":true}]}}