{"id":85029,"date":"2025-08-06T00:30:11","date_gmt":"2025-08-06T00:30:11","guid":{"rendered":"https:\/\/transfereurope.com\/transfer-z-viedne-do-lyziarskeho-strediska-stuhleck\/"},"modified":"2025-08-06T00:30:11","modified_gmt":"2025-08-06T00:30:11","slug":"transfer-z-viedne-do-lyziarskeho-strediska-stuhleck","status":"publish","type":"page","link":"https:\/\/transfereurope.com\/sk\/lyziarske-transfery\/transfer-do-lyziarskych-stredisk-vo-viedni\/transfer-z-viedne-do-lyziarskeho-strediska-stuhleck\/","title":{"rendered":"Transfer z Viedne do ly\u017eiarskeho strediska Stuhleck"},"content":{"rendered":"\n<div id=\"t4-masthead\" class=\"t4-section  t4-masthead\">\n<div class=\"t4-col text-center\">\n<div class=\"ja-masthead\" >\n<div class=\"ja-masthead-detail\">\n<h1 class=\"ja-masthead-title\">Transfer z Viedne do ly\u017eiarskeho strediska Stuhleck<\/h1>\n<p>                 <!---->            <\/p>\n<div class=\"block-breadcrumb\">                       <\/div>\n<\/p><\/div>\n<\/p><\/div>\n<pre><\/pre>\n<\/div>\n<\/div>\n<div id=\"t4-main-body\" class=\"t4-section  t4-main-body\" role=\"main body\">\n<div class=\"t4-section-inner container\">\n<div class=\"t4-row row\">\n<div class=\"t4-col col-12 col-xl\">\n<div id=\"system-message-container\"> \t<\/div>\n<div class=\"com-content-article item-page view-tour-detail\">\n<div class=\"tour-top-info clearfix\">\n<div class=\"pull-left\">\n<div class=\"category-article-dot\">\n<div class=\"category-name\"> \t\t\t\t\t<a href=\"\/sk\/lyziarske-transfery\/transfer-do-lyziarskych-stredisk-vo-viedni\" itemprop=\"genre\">Transfery do ly\u017eiarskych stred\u00edsk vo Viedni<\/a> \t\t\t\t<\/div>\n<\/p><\/div>\n<\/p><\/div>\n<div class=\"pull-right\">\n<div class=\"text-danger tour-price\"> \t\t\t\t\t\t<a href=\"\/sk\/rezervovat-transfer\">Rezervova\u0165<\/a><\/div>\n<\/p><\/div>\n<\/p><\/div>\n<p>  \t <!--\t-->  \t<\/p>\n<div class=\"vm-product-container\">\n<figure class=\"pull-left item-image\">\n<div class=\"main-image\"> \t\t<a  rel='vm-additional-images' href=\"\/images\/virtuemart\/product\/vienna-to-stuhleck-ski-resort-transfer.png\"><img decoding=\"async\"  loading=\"lazy\"  src=\"\/wp-content\/uploads\/2025\/08\/vienna-to-stuhleck-ski-resort-transfer-2.png\"  \/><\/a>\t\t<\/p>\n<div class=\"clear\"><\/div>\n<\/p><\/div>\n<\/figure>\n<div class=\"vm-product-details-container\">\n<div class=\"spacer-buy-area\">    \t\t \t\t<\/div>\n<\/p><\/div>\n<div class=\"clear\"><\/div>\n<\/p><\/div>\n<div class=\"product-description\" >\n<p>Vitajte na vstupnej br\u00e1ne va\u0161ej bezprobl\u00e9movej cesty z Viedne do o\u010daruj\u00faceho ly\u017eiarskeho strediska Stuhleck! Transfer Europe je va\u0161\u00edm spo\u013eahliv\u00fdm partnerom, ktor\u00fd v\u00e1m zabezpe\u010d\u00ed bezstresov\u00fa a pr\u00edjemn\u00fa prepravu. Ch\u00e1peme d\u00f4le\u017eitos\u0165 pohodln\u00e9ho a v\u010dasn\u00e9ho transferu a na\u0161e slu\u017eby s\u00fa prisp\u00f4soben\u00e9 r\u00f4znorod\u00fdm potreb\u00e1m na\u0161ich v\u00e1\u017een\u00fdch z\u00e1kazn\u00edkov.<\/p>\n<p style=\"text-align: center;\"><a class=\"btn btn-primary\" href=\"\/sk\/rezervovat-transfer\">Rezervova\u0165 transfer<\/a><\/p>\n<p>Ly\u017eiarske stredisko Stuhleck, ktor\u00e9 sa nach\u00e1dza len k\u00fasok od Viedne, je zimnou krajinou z\u00e1zrakov a pon\u00faka dokonal\u00fa kombin\u00e1ciu vzru\u0161uj\u00facich zjazdoviek a \u00fachvatnej krajiny. Stredisko sa m\u00f4\u017ee pochv\u00e1li\u0165 mno\u017estvom ly\u017eiarskych a snowboardov\u00fdch trat\u00ed vhodn\u00fdch pre v\u0161etky \u00farovne zru\u010dnost\u00ed. Vzdialenos\u0165 z medzin\u00e1rodn\u00e9ho letiska Viede\u0148 do strediska Stuhleck je pribli\u017ene 120 kilometrov, \u010do z neho rob\u00ed v\u00fdhodn\u00fa destin\u00e1ciu pre zimn\u00fdch nad\u0161encov.<\/p>\n<p><img decoding=\"async\" title=\"transfer-z-viedne-do-lyziarskeho-strediska-stuhleck\" src=\"\/wp-content\/uploads\/2025\/08\/transfer-z-viedne-do-lyziarskeho-strediska-stuhleck.png\" alt=\"transfer-z-viedne-do-lyziarskeho-strediska-stuhleck\" \/><\/p>\n<p><strong>Pre\u010do si vybra\u0165 Transfer Europe:<\/strong><\/p>\n<ol>\n<li>\n<p><strong>Profesion\u00e1lni vodi\u010di:<\/strong>\u00a0Na\u0161i sk\u00fasen\u00ed a zdvoril\u00ed vodi\u010di sa sna\u017eia zabezpe\u010di\u0165 v\u00e1m bezpe\u010dn\u00fa a pr\u00edjemn\u00fa cestu. Dobre sa orientuj\u00fa na cest\u00e1ch a zabezpe\u010dia, aby ste sa bez probl\u00e9mov dostali do cie\u013ea.<\/p>\n<\/li>\n<li>\n<p><strong>Rozmanitos\u0165 vozov\u00e9ho parku:<\/strong>\u00a0Vyberte si z na\u0161ej flotily pohodln\u00fdch vozidiel vr\u00e1tane sedanov, SUV a priestrann\u00fdch minivanov. V\u0161etky na\u0161e vozidl\u00e1 s\u00fa vybaven\u00e9 dostato\u010dn\u00fdm bato\u017einov\u00fdm priestorom na ulo\u017eenie va\u0161ej ly\u017eiarskej v\u00fdbavy a osobn\u00fdch vec\u00ed.<\/p>\n<\/li>\n<li>\n<p><strong>Transfer z letiska Viede\u0148:<\/strong>\u00a0Za\u010dnite svoje ly\u017eiarske dobrodru\u017estvo bez probl\u00e9mov s na\u0161ou slu\u017ebou transferu z letiska Viede\u0148. Vyzdvihneme v\u00e1s priamo z letiska a odvezieme v\u00e1s do ly\u017eiarskeho strediska, tak\u017ee si m\u00f4\u017eete odd\u00fdchnu\u0165 a vychutna\u0165 si malebn\u00fa cestu.<\/p>\n<\/li>\n<li>\n<p><strong>\u0160pi\u010dkov\u00e9 prepravn\u00e9 slu\u017eby:<\/strong>\u00a0V spolo\u010dnosti Transfer Europe kladieme d\u00f4raz na spokojnos\u0165 z\u00e1kazn\u00edkov. N\u00e1\u0161 z\u00e1v\u00e4zok k dokonalosti sa odr\u00e1\u017ea v na\u0161ich spo\u013eahliv\u00fdch prepravn\u00fdch slu\u017eb\u00e1ch, ktor\u00e9 s\u00fa navrhnut\u00e9 tak, aby prekonali va\u0161e o\u010dak\u00e1vania.<\/p>\n<\/li>\n<\/ol>\n<p style=\"text-align: center;\"><a class=\"btn btn-primary\" href=\"\/sk\/rezervovat-transfer\">Rezervova\u0165 transfer<\/a><\/p>\n<p style=\"text-align: center;\"><img decoding=\"async\" title=\"transfery-z-viedne-do-lyziarskeho-strediska\" src=\"\/wp-content\/uploads\/2025\/08\/transfery-z-viedne-do-lyziarskeho-strediska-1.jpg\" alt=\"transfery-z-viedne-do-lyziarskeho-strediska\" \/><\/p>\n<h2 style=\"text-align: center;\"><span style=\"font-size: 18pt;\"><strong>Rezervujte si svoj transfer z Viedne do ly\u017eiarskeho strediska Stuhleck teraz<\/strong><\/span><\/h2>\n<p>Zbavte sa stresu pri pl\u00e1novan\u00ed cesty a rezervujte si transfer do ly\u017eiarskeho strediska Stuhleck s Transfer Europe. Vychutnajte si cestu, vychutnajte si malebn\u00fa krajinu a na\u0161i profesion\u00e1lni vodi\u010di sa postaraj\u00fa o va\u0161u bezpe\u010dnos\u0165 a pohodlie.<\/p>\n<p><strong>V\u00fdhody rezerv\u00e1cie s Transfer Europe:<\/strong><\/p>\n<ul>\n<li>\n<p><strong>Pohodlie:<\/strong>\u00a0U\u0161etrite \u010das a energiu, ak si vopred rezervujete transfer. Na\u0161e presn\u00e9 slu\u017eby v\u00e1m umo\u017enia s\u00fastredi\u0165 sa na u\u017e\u00edvanie si ly\u017eiarskej dovolenky.<\/p>\n<\/li>\n<li>\n<p><strong>Pohodln\u00e9 vozidl\u00e1:<\/strong>\u00a0Cestujte \u0161t\u00fdlovo a pohodlne v na\u0161ich dobre udr\u017eiavan\u00fdch vozidl\u00e1ch, \u010di u\u017e ste na dobrodru\u017enej ceste sami alebo s rodinou a priate\u013emi.<\/p>\n<\/li>\n<li>\n<p><strong>Bezpe\u010dnos\u0165 a ochrana:<\/strong>\u00a0Va\u0161a bezpe\u010dnos\u0165 je na\u0161ou najvy\u0161\u0161ou prioritou. M\u00f4\u017eete si by\u0165 ist\u00ed, \u017ee na\u0161i vodi\u010di dodr\u017eiavaj\u00fa najvy\u0161\u0161ie bezpe\u010dnostn\u00e9 \u0161tandardy, ktor\u00e9 v\u00e1m zabezpe\u010dia bezpe\u010dn\u00fa cestu.<\/p>\n<\/li>\n<\/ul>\n<p style=\"text-align: center;\"><a class=\"btn btn-primary\" href=\"\/sk\/rezervovat-transfer\">Rezervova\u0165 transfer<\/a><\/p>\n<p><img decoding=\"async\" title=\"transfer-do-lyziarskeho-strediska\" src=\"\/wp-content\/uploads\/2025\/08\/transfer-do-lyziarskeho-strediska-7.png\" alt=\"transfer-do-lyziarskeho-strediska\" \/><\/p>\n<h2 style=\"text-align: center;\"><span style=\"font-size: 18pt;\"><strong>FAQs &#8211; Transfer z Viedne do ly\u017eiarskeho strediska Stuhleck<\/strong><\/span><\/h2>\n<h3><span style=\"font-size: 14pt;\"><strong>Je slu\u017eba prepravy vhodn\u00e1 pre rodiny s de\u0165mi?<\/strong><\/span><\/h3>\n<p>Absol\u00fatne! Na\u0161e priestrann\u00e9 vozidl\u00e1 vr\u00e1tane minivanov s\u00fa ide\u00e1lne pre rodiny. Poskytujeme dostatok priestoru pre cestuj\u00facich aj bato\u017einu, \u010d\u00edm zabezpe\u010dujeme pohodln\u00fa a pr\u00edjemn\u00fa cestu pre v\u0161etk\u00fdch.<\/p>\n<h3><span style=\"font-size: 14pt;\"><strong>Ak\u00e9 vybavenie je k dispoz\u00edcii po\u010das cesty?<\/strong><\/span><\/h3>\n<p>Na\u0161e vozidl\u00e1 s\u00fa vybaven\u00e9 klimatiz\u00e1ciou, ktor\u00e1 zaru\u010duje pr\u00edjemn\u00fa jazdu. Okrem toho na\u0161i vodi\u010di m\u00f4\u017eu na po\u017eiadanie urobi\u0165 zast\u00e1vku na ob\u010derstvenie alebo in\u00e9 potreby.<\/p>\n<h3><span style=\"font-size: 14pt;\"><strong>M\u00f4\u017eem si na prepravu vzia\u0165 ly\u017eiarske vybavenie?<\/strong><\/span><\/h3>\n<p>Ur\u010dite! Na\u0161e vozidl\u00e1 s\u00fa navrhnut\u00e9 tak, aby sa do nich zmestilo ly\u017eiarske vybavenie, a poskytuj\u00fa tak bezprobl\u00e9mov\u00fd presun pre milovn\u00edkov zimn\u00fdch \u0161portov.<\/p>\n<h3><span style=\"font-size: 14pt;\"><strong>S\u00fa na ceste zauj\u00edmav\u00e9 pamiatky?<\/strong><\/span><\/h3>\n<p>Rozhodne! Na\u0161i vodi\u010di poznaj\u00fa trasu a m\u00f4\u017eu v\u00e1m poskytn\u00fa\u0165 inform\u00e1cie o malebn\u00fdch miestach a pamiatkach, aby bola va\u0161a cesta informat\u00edvna a pr\u00edjemn\u00e1.<\/p>\n<h3><span style=\"font-size: 14pt;\"><strong>Can you recommend cafes or restaurants for a quick stop?<\/strong><\/span><\/h3>\n<p>Iste! Na\u0161i vodi\u010di v\u00e1m m\u00f4\u017eu navrhn\u00fa\u0165 vhodn\u00e9 miesta na r\u00fdchle jedlo alebo prest\u00e1vku na k\u00e1vu, vyhovie\u0165 va\u0161im preferenci\u00e1m a zabezpe\u010di\u0165 pohodln\u00e9 a pr\u00edjemn\u00e9 cestovanie.<\/p>\n<p style=\"text-align: center;\"><a class=\"btn btn-primary\" href=\"\/sk\/rezervovat-transfer\">Rezervova\u0165 transfer<\/a><\/p>\n<p>Vyberte si Transfer Europe pre hladk\u00fa a pr\u00edjemn\u00fa cestu z Viedne do ly\u017eiarskeho strediska Stuhleck. Zabezpe\u010dte si transfer u\u017e teraz a dovo\u013ete n\u00e1m, aby sme sa stali va\u0161\u00edm spo\u013eahliv\u00fdm partnerom na cest\u00e1ch. Vychutnajte si zimn\u00fa krajinu z\u00e1zrakov bez starost\u00ed s logistikou prepravy.<\/p>\n<\/p><\/div>\n<div class=\"product-price-container\">\n<div class=\"sale-price\"> \t\t<\/div>\n<\/p><\/div>\n<div class=\"options\"><\/div>\n<div> \t\t<\/div>\n<p>   \t        <script type=\"text\/javascript\" ><\/script>  <script type=\"text\/javascript\" ><\/script> <script type=\"text\/javascript\" ><\/script>  <script type=\"text\/javascript\" ><\/script> <script type=\"text\/javascript\" ><\/script> <script type=\"text\/javascript\" ><\/script> <script type=\"text\/javascript\" ><\/script> <\/div>\n<p> \t\t<!-- \u041f\u043b\u0430\u0433\u0438\u043d \u0440\u0435\u0439\u0442\u0438\u043d\u0433\u0430 --> <\/p>\n<div class=\"vrvote-body\">\n<ul class=\"vrvote-ul\">\n<li id=\"rating_130\" class=\"current-rating\" style=\"width:98.89%;\"><\/li>\n<li> \t\t\t\t\t\t<a class=\"vr-one-star\" onclick=\"javascript:JSVRvote(130,1,89,18,0)\" href=\"javascript:void(null)\">1<\/a> \t\t\t\t\t<\/li>\n<li> \t\t\t\t\t\t<a class=\"vr-two-stars\" onclick=\"javascript:JSVRvote(130,2,89,18,0)\" href=\"javascript:void(null)\">2<\/a> \t\t\t\t\t<\/li>\n<li> \t\t\t\t\t\t<a class=\"vr-three-stars\" onclick=\"javascript:JSVRvote(130,3,89,18,0)\" href=\"javascript:void(null)\">3<\/a> \t\t\t\t\t<\/li>\n<li> \t\t\t\t\t\t<a class=\"vr-four-stars\" onclick=\"javascript:JSVRvote(130,4,89,18,0)\" href=\"javascript:void(null)\">4<\/a> \t\t\t\t\t<\/li>\n<li> \t\t\t\t\t\t<a class=\"vr-five-stars\" onclick=\"javascript:JSVRvote(130,5,89,18,0)\" href=\"javascript:void(null)\">5<\/a> \t\t\t\t\t<\/li>\n<\/ul><\/div>\n<p> \t\t\t<span id=\"vrvote_130\" class=\"vrvote-count\"><small><\/small><\/span>\t<\/span><script type=\"application\/ld+json\"><\/script>   <\/div>\n<div class=\"t4-col sidebar-r col-12 col-xl-4\">\n<div class=\"t4-module module\" id=\"Mod306\">\n<div class=\"module-inner\">\n<div class=\"module-ct\">\n<div class=\"bannergroup\">\n<div class=\"banneritem\"> \t\t\t\t\t\t\t\t\t\t\t\t\t\t\t\t\t\t\t\t\t\t\t\t\t\t\t\t\t\t\t\t\t\t\t\t\t\t\t\t\t\t\t\t\t\t\t\t\t\t<img \t\t\t\t\t\tsrc=\"\/wp-content\/uploads\/2025\/08\/banner-transfer-europe-sk-482.png\" \t\t\t\t\t\talt=\"Banner-sk\" \t\t\t\t\t\t\t\t\t\t\t\t\t\t\t\t\t\/> \t\t\t\t\t\t\t\t\t\t\t<\/p>\n<div class=\"clr\"><\/div>\n<\/p><\/div>\n<\/p><\/div>\n<\/p><\/div>\n<\/div>\n<\/div><\/div>\n<\/p><\/div>\n<\/div><\/div>\n<div id=\"t4-section-8\" class=\"t4-section  t4-section-8  section-border-top\" role=\"section-8\">\n<div class=\"bg-overlay bg-overlay-image\">&nbsp;<\/div>\n<\/p><\/div>\n<p>  <a href='javascript:' id='back-to-top'><i class='fa fa-chevron-up'><\/i><\/a>                <\/p>\n","protected":false},"excerpt":{"rendered":"<p>Transfer z Viedne do ly\u017eiarskeho strediska Stuhleck Transfery do ly\u017eiarskych stred\u00edsk vo Viedni Rezervova\u0165 Vitajte na vstupnej br\u00e1ne va\u0161ej bezprobl\u00e9movej cesty z Viedne do o\u010daruj\u00faceho ly\u017eiarskeho strediska Stuhleck! Transfer Europe je va\u0161\u00edm spo\u013eahliv\u00fdm partnerom, ktor\u00fd v\u00e1m zabezpe\u010d\u00ed bezstresov\u00fa a pr\u00edjemn\u00fa prepravu. Ch\u00e1peme d\u00f4le\u017eitos\u0165 pohodln\u00e9ho a v\u010dasn\u00e9ho transferu a na\u0161e slu\u017eby s\u00fa prisp\u00f4soben\u00e9 r\u00f4znorod\u00fdm potreb\u00e1m na\u0161ich [&hellip;]<\/p>\n","protected":false},"author":1,"featured_media":85030,"parent":20466,"menu_order":0,"comment_status":"closed","ping_status":"closed","template":"","meta":{"footnotes":""},"class_list":["post-85029","page","type-page","status-publish","has-post-thumbnail","hentry"],"yoast_head":"<!-- This site is optimized with the Yoast SEO plugin v25.6 - https:\/\/yoast.com\/wordpress\/plugins\/seo\/ -->\n<title>Transfer z Viedne do ly\u017eiarskeho strediska Stuhleck<\/title>\n<meta name=\"description\" content=\"Sk\u00faste ly\u017eiarsky transfer z Viedne do Stuhlecku. Rezervujte si e\u0161te dnes pre cesty bez stresu s malebn\u00fdm v\u00fdh\u013eadom. Zavolajte n\u00e1m \u260e +421 940 904 184 pre individu\u00e1lnu konzult\u00e1ciu.\" \/>\n<meta name=\"robots\" content=\"index, follow, max-snippet:-1, max-image-preview:large, max-video-preview:-1\" \/>\n<link rel=\"canonical\" href=\"https:\/\/transfereurope.com\/sk\/lyziarske-transfery\/transfer-do-lyziarskych-stredisk-vo-viedni\/transfer-z-viedne-do-lyziarskeho-strediska-stuhleck\/\" \/>\n<meta property=\"og:locale\" content=\"sk_SK\" \/>\n<meta property=\"og:type\" content=\"article\" \/>\n<meta property=\"og:title\" content=\"Transfer z Viedne do ly\u017eiarskeho strediska Stuhleck\" \/>\n<meta property=\"og:description\" content=\"Sk\u00faste ly\u017eiarsky transfer z Viedne do Stuhlecku. Rezervujte si e\u0161te dnes pre cesty bez stresu s malebn\u00fdm v\u00fdh\u013eadom. Zavolajte n\u00e1m \u260e +421 940 904 184 pre individu\u00e1lnu konzult\u00e1ciu.\" \/>\n<meta property=\"og:url\" content=\"https:\/\/transfereurope.com\/sk\/lyziarske-transfery\/transfer-do-lyziarskych-stredisk-vo-viedni\/transfer-z-viedne-do-lyziarskeho-strediska-stuhleck\/\" \/>\n<meta property=\"og:site_name\" content=\"transfereurope\" \/>\n<meta property=\"og:image\" content=\"https:\/\/transfereurope.com\/wp-content\/uploads\/2025\/08\/vienna-to-stuhleck-ski-resort-transfer-2-1-1024x577.png\" \/>\n\t<meta property=\"og:image:width\" content=\"1024\" \/>\n\t<meta property=\"og:image:height\" content=\"577\" \/>\n\t<meta property=\"og:image:type\" content=\"image\/png\" \/>\n<meta name=\"twitter:card\" content=\"summary_large_image\" \/>\n<meta name=\"twitter:label1\" content=\"Predpokladan\u00fd \u010das \u010d\u00edtania\" \/>\n\t<meta name=\"twitter:data1\" content=\"4 min\u00faty\" \/>\n<script type=\"application\/ld+json\" class=\"yoast-schema-graph\">{\"@context\":\"https:\/\/schema.org\",\"@graph\":[{\"@type\":\"WebPage\",\"@id\":\"https:\/\/transfereurope.com\/sk\/lyziarske-transfery\/transfer-do-lyziarskych-stredisk-vo-viedni\/transfer-z-viedne-do-lyziarskeho-strediska-stuhleck\/\",\"url\":\"https:\/\/transfereurope.com\/sk\/lyziarske-transfery\/transfer-do-lyziarskych-stredisk-vo-viedni\/transfer-z-viedne-do-lyziarskeho-strediska-stuhleck\/\",\"name\":\"Transfer z Viedne do ly\u017eiarskeho strediska Stuhleck\",\"isPartOf\":{\"@id\":\"https:\/\/transfereurope.com\/sk\/#website\"},\"primaryImageOfPage\":{\"@id\":\"https:\/\/transfereurope.com\/sk\/lyziarske-transfery\/transfer-do-lyziarskych-stredisk-vo-viedni\/transfer-z-viedne-do-lyziarskeho-strediska-stuhleck\/#primaryimage\"},\"image\":{\"@id\":\"https:\/\/transfereurope.com\/sk\/lyziarske-transfery\/transfer-do-lyziarskych-stredisk-vo-viedni\/transfer-z-viedne-do-lyziarskeho-strediska-stuhleck\/#primaryimage\"},\"thumbnailUrl\":\"https:\/\/transfereurope.com\/wp-content\/uploads\/2025\/08\/vienna-to-stuhleck-ski-resort-transfer-2-1.png\",\"datePublished\":\"2025-08-06T00:30:11+00:00\",\"description\":\"Sk\u00faste ly\u017eiarsky transfer z Viedne do Stuhlecku. Rezervujte si e\u0161te dnes pre cesty bez stresu s malebn\u00fdm v\u00fdh\u013eadom. Zavolajte n\u00e1m \u260e +421 940 904 184 pre individu\u00e1lnu konzult\u00e1ciu.\",\"breadcrumb\":{\"@id\":\"https:\/\/transfereurope.com\/sk\/lyziarske-transfery\/transfer-do-lyziarskych-stredisk-vo-viedni\/transfer-z-viedne-do-lyziarskeho-strediska-stuhleck\/#breadcrumb\"},\"inLanguage\":\"sk-SK\",\"potentialAction\":[{\"@type\":\"ReadAction\",\"target\":[\"https:\/\/transfereurope.com\/sk\/lyziarske-transfery\/transfer-do-lyziarskych-stredisk-vo-viedni\/transfer-z-viedne-do-lyziarskeho-strediska-stuhleck\/\"]}]},{\"@type\":\"ImageObject\",\"inLanguage\":\"sk-SK\",\"@id\":\"https:\/\/transfereurope.com\/sk\/lyziarske-transfery\/transfer-do-lyziarskych-stredisk-vo-viedni\/transfer-z-viedne-do-lyziarskeho-strediska-stuhleck\/#primaryimage\",\"url\":\"https:\/\/transfereurope.com\/wp-content\/uploads\/2025\/08\/vienna-to-stuhleck-ski-resort-transfer-2-1.png\",\"contentUrl\":\"https:\/\/transfereurope.com\/wp-content\/uploads\/2025\/08\/vienna-to-stuhleck-ski-resort-transfer-2-1.png\",\"width\":1640,\"height\":924},{\"@type\":\"BreadcrumbList\",\"@id\":\"https:\/\/transfereurope.com\/sk\/lyziarske-transfery\/transfer-do-lyziarskych-stredisk-vo-viedni\/transfer-z-viedne-do-lyziarskeho-strediska-stuhleck\/#breadcrumb\",\"itemListElement\":[{\"@type\":\"ListItem\",\"position\":1,\"name\":\"Home\",\"item\":\"https:\/\/transfereurope.com\/sk\/\"},{\"@type\":\"ListItem\",\"position\":2,\"name\":\"Transfer z Viedne do ly\u017eiarskeho strediska Stuhleck\"}]},{\"@type\":\"WebSite\",\"@id\":\"https:\/\/transfereurope.com\/sk\/#website\",\"url\":\"https:\/\/transfereurope.com\/sk\/\",\"name\":\"transfereurope\",\"description\":\"\",\"publisher\":{\"@id\":\"https:\/\/transfereurope.com\/sk\/#organization\"},\"potentialAction\":[{\"@type\":\"SearchAction\",\"target\":{\"@type\":\"EntryPoint\",\"urlTemplate\":\"https:\/\/transfereurope.com\/sk\/?s={search_term_string}\"},\"query-input\":{\"@type\":\"PropertyValueSpecification\",\"valueRequired\":true,\"valueName\":\"search_term_string\"}}],\"inLanguage\":\"sk-SK\"},{\"@type\":\"Organization\",\"@id\":\"https:\/\/transfereurope.com\/sk\/#organization\",\"name\":\"transfereurope\",\"url\":\"https:\/\/transfereurope.com\/sk\/\",\"logo\":{\"@type\":\"ImageObject\",\"inLanguage\":\"sk-SK\",\"@id\":\"https:\/\/transfereurope.com\/sk\/#\/schema\/logo\/image\/\",\"url\":\"https:\/\/transfereurope.com\/wp-content\/uploads\/2025\/08\/TRANSFERS-1655.png\",\"contentUrl\":\"https:\/\/transfereurope.com\/wp-content\/uploads\/2025\/08\/TRANSFERS-1655.png\",\"width\":500,\"height\":274,\"caption\":\"transfereurope\"},\"image\":{\"@id\":\"https:\/\/transfereurope.com\/sk\/#\/schema\/logo\/image\/\"}}]}<\/script>\n<!-- \/ Yoast SEO plugin. -->","yoast_head_json":{"title":"Transfer z Viedne do ly\u017eiarskeho strediska Stuhleck","description":"Sk\u00faste ly\u017eiarsky transfer z Viedne do Stuhlecku. Rezervujte si e\u0161te dnes pre cesty bez stresu s malebn\u00fdm v\u00fdh\u013eadom. Zavolajte n\u00e1m \u260e +421 940 904 184 pre individu\u00e1lnu konzult\u00e1ciu.","robots":{"index":"index","follow":"follow","max-snippet":"max-snippet:-1","max-image-preview":"max-image-preview:large","max-video-preview":"max-video-preview:-1"},"canonical":"https:\/\/transfereurope.com\/sk\/lyziarske-transfery\/transfer-do-lyziarskych-stredisk-vo-viedni\/transfer-z-viedne-do-lyziarskeho-strediska-stuhleck\/","og_locale":"sk_SK","og_type":"article","og_title":"Transfer z Viedne do ly\u017eiarskeho strediska Stuhleck","og_description":"Sk\u00faste ly\u017eiarsky transfer z Viedne do Stuhlecku. Rezervujte si e\u0161te dnes pre cesty bez stresu s malebn\u00fdm v\u00fdh\u013eadom. Zavolajte n\u00e1m \u260e +421 940 904 184 pre individu\u00e1lnu konzult\u00e1ciu.","og_url":"https:\/\/transfereurope.com\/sk\/lyziarske-transfery\/transfer-do-lyziarskych-stredisk-vo-viedni\/transfer-z-viedne-do-lyziarskeho-strediska-stuhleck\/","og_site_name":"transfereurope","og_image":[{"width":1024,"height":577,"url":"https:\/\/transfereurope.com\/wp-content\/uploads\/2025\/08\/vienna-to-stuhleck-ski-resort-transfer-2-1-1024x577.png","type":"image\/png"}],"twitter_card":"summary_large_image","twitter_misc":{"Predpokladan\u00fd \u010das \u010d\u00edtania":"4 min\u00faty"},"schema":{"@context":"https:\/\/schema.org","@graph":[{"@type":"WebPage","@id":"https:\/\/transfereurope.com\/sk\/lyziarske-transfery\/transfer-do-lyziarskych-stredisk-vo-viedni\/transfer-z-viedne-do-lyziarskeho-strediska-stuhleck\/","url":"https:\/\/transfereurope.com\/sk\/lyziarske-transfery\/transfer-do-lyziarskych-stredisk-vo-viedni\/transfer-z-viedne-do-lyziarskeho-strediska-stuhleck\/","name":"Transfer z Viedne do ly\u017eiarskeho strediska Stuhleck","isPartOf":{"@id":"https:\/\/transfereurope.com\/sk\/#website"},"primaryImageOfPage":{"@id":"https:\/\/transfereurope.com\/sk\/lyziarske-transfery\/transfer-do-lyziarskych-stredisk-vo-viedni\/transfer-z-viedne-do-lyziarskeho-strediska-stuhleck\/#primaryimage"},"image":{"@id":"https:\/\/transfereurope.com\/sk\/lyziarske-transfery\/transfer-do-lyziarskych-stredisk-vo-viedni\/transfer-z-viedne-do-lyziarskeho-strediska-stuhleck\/#primaryimage"},"thumbnailUrl":"https:\/\/transfereurope.com\/wp-content\/uploads\/2025\/08\/vienna-to-stuhleck-ski-resort-transfer-2-1.png","datePublished":"2025-08-06T00:30:11+00:00","description":"Sk\u00faste ly\u017eiarsky transfer z Viedne do Stuhlecku. Rezervujte si e\u0161te dnes pre cesty bez stresu s malebn\u00fdm v\u00fdh\u013eadom. Zavolajte n\u00e1m \u260e +421 940 904 184 pre individu\u00e1lnu konzult\u00e1ciu.","breadcrumb":{"@id":"https:\/\/transfereurope.com\/sk\/lyziarske-transfery\/transfer-do-lyziarskych-stredisk-vo-viedni\/transfer-z-viedne-do-lyziarskeho-strediska-stuhleck\/#breadcrumb"},"inLanguage":"sk-SK","potentialAction":[{"@type":"ReadAction","target":["https:\/\/transfereurope.com\/sk\/lyziarske-transfery\/transfer-do-lyziarskych-stredisk-vo-viedni\/transfer-z-viedne-do-lyziarskeho-strediska-stuhleck\/"]}]},{"@type":"ImageObject","inLanguage":"sk-SK","@id":"https:\/\/transfereurope.com\/sk\/lyziarske-transfery\/transfer-do-lyziarskych-stredisk-vo-viedni\/transfer-z-viedne-do-lyziarskeho-strediska-stuhleck\/#primaryimage","url":"https:\/\/transfereurope.com\/wp-content\/uploads\/2025\/08\/vienna-to-stuhleck-ski-resort-transfer-2-1.png","contentUrl":"https:\/\/transfereurope.com\/wp-content\/uploads\/2025\/08\/vienna-to-stuhleck-ski-resort-transfer-2-1.png","width":1640,"height":924},{"@type":"BreadcrumbList","@id":"https:\/\/transfereurope.com\/sk\/lyziarske-transfery\/transfer-do-lyziarskych-stredisk-vo-viedni\/transfer-z-viedne-do-lyziarskeho-strediska-stuhleck\/#breadcrumb","itemListElement":[{"@type":"ListItem","position":1,"name":"Home","item":"https:\/\/transfereurope.com\/sk\/"},{"@type":"ListItem","position":2,"name":"Transfer z Viedne do ly\u017eiarskeho strediska Stuhleck"}]},{"@type":"WebSite","@id":"https:\/\/transfereurope.com\/sk\/#website","url":"https:\/\/transfereurope.com\/sk\/","name":"transfereurope","description":"","publisher":{"@id":"https:\/\/transfereurope.com\/sk\/#organization"},"potentialAction":[{"@type":"SearchAction","target":{"@type":"EntryPoint","urlTemplate":"https:\/\/transfereurope.com\/sk\/?s={search_term_string}"},"query-input":{"@type":"PropertyValueSpecification","valueRequired":true,"valueName":"search_term_string"}}],"inLanguage":"sk-SK"},{"@type":"Organization","@id":"https:\/\/transfereurope.com\/sk\/#organization","name":"transfereurope","url":"https:\/\/transfereurope.com\/sk\/","logo":{"@type":"ImageObject","inLanguage":"sk-SK","@id":"https:\/\/transfereurope.com\/sk\/#\/schema\/logo\/image\/","url":"https:\/\/transfereurope.com\/wp-content\/uploads\/2025\/08\/TRANSFERS-1655.png","contentUrl":"https:\/\/transfereurope.com\/wp-content\/uploads\/2025\/08\/TRANSFERS-1655.png","width":500,"height":274,"caption":"transfereurope"},"image":{"@id":"https:\/\/transfereurope.com\/sk\/#\/schema\/logo\/image\/"}}]}},"_links":{"self":[{"href":"https:\/\/transfereurope.com\/sk\/wp-json\/wp\/v2\/pages\/85029","targetHints":{"allow":["GET"]}}],"collection":[{"href":"https:\/\/transfereurope.com\/sk\/wp-json\/wp\/v2\/pages"}],"about":[{"href":"https:\/\/transfereurope.com\/sk\/wp-json\/wp\/v2\/types\/page"}],"author":[{"embeddable":true,"href":"https:\/\/transfereurope.com\/sk\/wp-json\/wp\/v2\/users\/1"}],"replies":[{"embeddable":true,"href":"https:\/\/transfereurope.com\/sk\/wp-json\/wp\/v2\/comments?post=85029"}],"version-history":[{"count":0,"href":"https:\/\/transfereurope.com\/sk\/wp-json\/wp\/v2\/pages\/85029\/revisions"}],"up":[{"embeddable":true,"href":"https:\/\/transfereurope.com\/sk\/wp-json\/wp\/v2\/pages\/20466"}],"wp:featuredmedia":[{"embeddable":true,"href":"https:\/\/transfereurope.com\/sk\/wp-json\/wp\/v2\/media\/85030"}],"wp:attachment":[{"href":"https:\/\/transfereurope.com\/sk\/wp-json\/wp\/v2\/media?parent=85029"}],"curies":[{"name":"wp","href":"https:\/\/api.w.org\/{rel}","templated":true}]}}