{"id":84687,"date":"2025-08-06T00:25:18","date_gmt":"2025-08-06T00:25:18","guid":{"rendered":"https:\/\/transfereurope.com\/transfer-z-viedne-do-lyziarskeho-strediska-annaberg-lungotz\/"},"modified":"2025-08-06T00:25:18","modified_gmt":"2025-08-06T00:25:18","slug":"transfer-z-viedne-do-lyziarskeho-strediska-annaberg-lungotz","status":"publish","type":"page","link":"https:\/\/transfereurope.com\/sk\/lyziarske-transfery\/transfer-do-lyziarskych-stredisk-vo-viedni\/transfer-z-viedne-do-lyziarskeho-strediska-annaberg-lungotz\/","title":{"rendered":"Transfer z Viedne do ly\u017eiarskeho strediska Annaberg-Lung\u00f6tz"},"content":{"rendered":"\n<div id=\"t4-masthead\" class=\"t4-section  t4-masthead\">\n<div class=\"t4-col text-center\">\n<div class=\"ja-masthead\" >\n<div class=\"ja-masthead-detail\">\n<h1 class=\"ja-masthead-title\">Transfer z Viedne do ly\u017eiarskeho strediska Annaberg-Lung\u00f6tz<\/h1>\n<p>                 <!---->            <\/p>\n<div class=\"block-breadcrumb\">                       <\/div>\n<\/p><\/div>\n<\/p><\/div>\n<pre><\/pre>\n<\/div>\n<\/div>\n<div id=\"t4-main-body\" class=\"t4-section  t4-main-body\" role=\"main body\">\n<div class=\"t4-section-inner container\">\n<div class=\"t4-row row\">\n<div class=\"t4-col col-12 col-xl\">\n<div id=\"system-message-container\"> \t<\/div>\n<div class=\"com-content-article item-page view-tour-detail\">\n<div class=\"tour-top-info clearfix\">\n<div class=\"pull-left\">\n<div class=\"category-article-dot\">\n<div class=\"category-name\"> \t\t\t\t\t<a href=\"\/sk\/lyziarske-transfery\/transfer-do-lyziarskych-stredisk-vo-viedni\" itemprop=\"genre\">Transfery do ly\u017eiarskych stred\u00edsk vo Viedni<\/a> \t\t\t\t<\/div>\n<\/p><\/div>\n<\/p><\/div>\n<div class=\"pull-right\">\n<div class=\"text-danger tour-price\"> \t\t\t\t\t\t<a href=\"\/sk\/rezervovat-transfer\">Rezervova\u0165<\/a><\/div>\n<\/p><\/div>\n<\/p><\/div>\n<p>  \t <!--\t-->  \t<\/p>\n<div class=\"vm-product-container\">\n<figure class=\"pull-left item-image\">\n<div class=\"main-image\"> \t\t<a  rel='vm-additional-images' href=\"\/images\/virtuemart\/product\/vienna-to-annaberg-lungotz-ski-resort-transfer.png\"><img decoding=\"async\"  loading=\"lazy\"  src=\"\/wp-content\/uploads\/2025\/08\/vienna-to-annaberg-lungotz-ski-resort-transfer-2.png\"  \/><\/a>\t\t<\/p>\n<div class=\"clear\"><\/div>\n<\/p><\/div>\n<\/figure>\n<div class=\"vm-product-details-container\">\n<div class=\"spacer-buy-area\">    \t\t \t\t<\/div>\n<\/p><\/div>\n<div class=\"clear\"><\/div>\n<\/p><\/div>\n<div class=\"product-description\" >\n<p>Ly\u017eiarske stredisko Annaberg-Lung\u00f6tz je malebn\u00e1 zimn\u00e1 destin\u00e1cia v srdci rak\u00faskych \u00c1lp, zn\u00e1ma svojou \u00fa\u017easnou krajinou a vynikaj\u00facimi mo\u017enos\u0165ami ly\u017eovania. Toto o\u010daruj\u00face stredisko sa nach\u00e1dza v salzburskom regi\u00f3ne a je ur\u010den\u00e9 pre za\u010diato\u010dn\u00edkov aj sk\u00fasen\u00fdch ly\u017eiarov, ktor\u00fdm pon\u00faka rozmanit\u00fa \u0161k\u00e1lu zjazdoviek a zimn\u00fdch aktiv\u00edt.<\/p>\n<p style=\"text-align: center;\"><a class=\"btn btn-primary\" href=\"\/sk\/rezervovat-transfer\">Rezervova\u0165 transfer<\/a><\/p>\n<p>Stredisko je s\u00fa\u010das\u0165ou v\u00e4\u010d\u0161ej ly\u017eiarskej oblasti Dachstein West, ktor\u00e1 poskytuje pr\u00edstup k sieti dobre upraven\u00fdch trat\u00ed a modern\u00fdch ly\u017eiarskych vlekov. Annaberg-Lung\u00f6tz je ob\u013e\u00faben\u00fd najm\u00e4 medzi rodinami a t\u00fdmi, ktor\u00ed h\u013eadaj\u00fa pokojnej\u0161ie vysokohorsk\u00e9 z\u00e1\u017eitky. Zjazdovky s\u00fa zn\u00e1me svojou pr\u00edjemnou atmosf\u00e9rou a zvl\u00e1dnute\u013en\u00fdm ter\u00e9nom, \u010do z nich rob\u00ed ide\u00e1lne miesto pre t\u00fdch, ktor\u00ed s ly\u017eovan\u00edm alebo snowboardingom za\u010d\u00ednaj\u00fa.<\/p>\n<p>N\u00e1v\u0161tevn\u00edci Annaberg-Lung\u00f6tz si m\u00f4\u017eu vychutna\u0165 nielen vzru\u0161enie zo zimn\u00fdch \u0161portov, ale aj o\u010daruj\u00facu alpsk\u00fa scen\u00e9riu, ktor\u00e1 stredisko obklopuje. Svie\u017ei horsk\u00fd vzduch a zasne\u017een\u00e9 vrcholy vytv\u00e1raj\u00fa \u010darovn\u00fa kulisu pre r\u00f4zne outdoorov\u00e9 aktivity vr\u00e1tane t\u00far na sne\u017eniciach a zimnej turistiky. Stredisko pon\u00faka aj mo\u017enosti s\u00e1nkovania, v\u010faka \u010domu sa na zasne\u017een\u00fdch radov\u00e1nkach m\u00f4\u017eu z\u00fa\u010dastni\u0165 aj nely\u017eiari.<\/p>\n<p><img decoding=\"async\" title=\"transfer-z-viedne-do-lyziarskeho-strediska-annaberg-lungotz\" src=\"\/wp-content\/uploads\/2025\/08\/transfer-z-viedne-do-lyziarskeho-strediska-annaberg-lungotz.png\" alt=\"transfer-z-viedne-do-lyziarskeho-strediska-annaberg-lungotz\" \/><\/p>\n<p>Vitajte na str\u00e1nke Transfer Europe, va\u0161ej najlep\u0161ej vo\u013ebe pre bezprobl\u00e9mov\u00fa prepravu z Viedne do ly\u017eiarskeho strediska Annaberg-Lung\u00f6tz! \u0160pecializujeme sa na poskytovanie \u0161pi\u010dkov\u00fdch transferov\u00fdch slu\u017eieb, ktor\u00e9 v\u00e1m zabezpe\u010dia bezprobl\u00e9mov\u00fa cestu za ly\u017eiarskym dobrodru\u017estvom.<\/p>\n<p><strong>Pre\u010do si vybra\u0165 Transfer Europe pre v\u00e1\u0161 transfer do ly\u017eiarskeho strediska?<\/strong><\/p>\n<ol>\n<li>\n<p><strong>Pohodln\u00e9 a priestrann\u00e9 vozidl\u00e1:<\/strong> N\u00e1\u0161 vozov\u00fd park pozost\u00e1va z modern\u00fdch vozidiel vybaven\u00fdch ve\u013ek\u00fdm bato\u017einov\u00fdm priestorom, ktor\u00e9 v\u00e1m a v\u00e1\u0161mu ly\u017eiarskemu vybaveniu zabezpe\u010dia pohodln\u00fa a komfortn\u00fa jazdu.<\/p>\n<\/li>\n<li>\n<p><strong>Profesion\u00e1lni vodi\u010di:<\/strong> Za\u017eite maxim\u00e1lnu profesionalitu s na\u0161imi kvalifikovan\u00fdmi a priate\u013esk\u00fdmi vodi\u010dmi. S\u00fa dobre vy\u0161kolen\u00ed, maj\u00fa znalosti o regi\u00f3ne a s\u00fa odhodlan\u00ed spr\u00edjemni\u0165 v\u00e1m cestu.<\/p>\n<\/li>\n<li>\n<p><strong>Rie\u0161enia prepravy na mieru:<\/strong> Pon\u00fakame v\u00e1m rie\u0161enia na mieru, ktor\u00e9 sp\u013a\u0148aj\u00fa va\u0161e \u0161pecifick\u00e9 potreby, \u010di u\u017e cestujete sami, s rodinou alebo v skupine. Vyberte si z r\u00f4znych vozidiel vr\u00e1tane priestrann\u00fdch dod\u00e1vok a SUV.<\/p>\n<\/li>\n<li>\n<p><strong>Transfery z letiska Viede\u0148:<\/strong> Za\u010dnite svoju ly\u017eiarsku dovolenku na spr\u00e1vnu n\u00f4tu s na\u0161imi spo\u013eahliv\u00fdmi slu\u017ebami transferu z medzin\u00e1rodn\u00e9ho letiska Viede\u0148. Priv\u00edtame v\u00e1s po pr\u00edlete a budeme pripraven\u00ed odviez\u0165 v\u00e1s do ly\u017eiarskeho strediska Annaberg-Lung\u00f6tz.<\/p>\n<\/li>\n<\/ol>\n<p style=\"text-align: center;\"><a class=\"btn btn-primary\" href=\"\/sk\/rezervovat-transfer\">Rezervova\u0165 transfer<\/a><\/p>\n<p style=\"text-align: center;\"><img decoding=\"async\" title=\"transfery-z-viedne-do-lyziarskeho-strediska\" src=\"\/wp-content\/uploads\/2025\/08\/transfery-z-viedne-do-lyziarskeho-strediska.jpg\" alt=\"transfery-z-viedne-do-lyziarskeho-strediska\" \/><\/p>\n<p><strong>N\u00e1\u0161 vozov\u00fd park:<\/strong><\/p>\n<ul>\n<li>\n<p><strong>Priestrann\u00e9 dod\u00e1vky:<\/strong> Na\u0161e dod\u00e1vky poskytuj\u00fa dostatok priestoru pre cestuj\u00facich a bato\u017einu, \u010do zaru\u010duje pohodln\u00fa cestu.<\/p>\n<\/li>\n<li>\n<p><strong>SUV s ve\u013ek\u00fdm n\u00e1kladn\u00fdm priestorom:<\/strong> Na\u0161e vozidl\u00e1 SUV s\u00fa ide\u00e1lne pre t\u00fdch, ktor\u00ed cestuj\u00fa s objemn\u00fdm ly\u017eiarskym vybaven\u00edm, a pon\u00fakaj\u00fa pohodlie aj ve\u013ek\u00fd n\u00e1kladn\u00fd priestor.<\/p>\n<\/li>\n<li>\n<p><strong>Vozidl\u00e1 so \u0161of\u00e9rom:<\/strong> Vychutnajte si malebn\u00fa jazdu, ktor\u00fa za v\u00e1s bud\u00fa riadi\u0165 na\u0161i profesion\u00e1lni \u0161of\u00e9ri.<\/p>\n<\/li>\n<\/ul>\n<p><strong>Ako si rezervova\u0165 transfer do ly\u017eiarskeho strediska:<\/strong><\/p>\n<p>Rezerv\u00e1cia s Transfer Europe je r\u00fdchla a jednoduch\u00e1. Sta\u010d\u00ed nav\u0161t\u00edvi\u0165 na\u0161u webov\u00fa str\u00e1nku, vybra\u0165 si preferovan\u00e9 vozidlo, zvoli\u0165 miesto a \u010das vyzdvihnutia a v\u0161etko je pripraven\u00e9. Zabezpe\u010dte si rezerv\u00e1ciu vopred, aby ste si zaru\u010dili bezstresov\u00fd za\u010diatok va\u0161ej ly\u017eiarskej dovolenky.<\/p>\n<p style=\"text-align: center;\"><a class=\"btn btn-primary\" href=\"\/sk\/rezervovat-transfer\">Rezervova\u0165 transfer<\/a><\/p>\n<p style=\"text-align: center;\"><img decoding=\"async\" title=\"transfer-do-lyziarskeho-strediska\" src=\"\/wp-content\/uploads\/2025\/08\/transfer-do-lyziarskeho-strediska-6.png\" alt=\"transfer-do-lyziarskeho-strediska\" \/><\/p>\n<h2 style=\"text-align: center;\"><span style=\"font-size: 18pt;\"><strong>FAQs &#8211; Transfer z Viedne do ly\u017eiarskeho strediska Annaberg-Lung\u00f6tz<\/strong><\/span><\/h2>\n<h3><span style=\"font-size: 14pt;\"><strong>Ako si m\u00f4\u017eem rezervova\u0165 transfer z Viedne do ly\u017eiarskeho strediska Annaberg-Lung\u00f6tz?<\/strong>\u00a0<\/span><\/h3>\n<p>Rezerv\u00e1cia je jednoduch\u00e1! Nav\u0161t\u00edvte na\u0161u webov\u00fa str\u00e1nku, vyberte si vozidlo a postupujte pod\u013ea jednoduch\u00fdch krokov na zabezpe\u010denie rezerv\u00e1cie.<\/p>\n<h3><span style=\"font-size: 14pt;\"><strong>Ak\u00e9 typy vozidiel pon\u00fakate?<\/strong>\u00a0<\/span><\/h3>\n<p>M\u00e1me rozmanit\u00fd vozov\u00fd park vr\u00e1tane priestrann\u00fdch dod\u00e1vok, SUV s ve\u013ek\u00fdm n\u00e1kladn\u00fdm priestorom a \u00e1ut so \u0161of\u00e9rom.<\/p>\n<h3><span style=\"font-size: 14pt;\"><strong>S\u00fa va\u0161i vodi\u010di profesion\u00e1lni a kompetentn\u00ed?<\/strong>\u00a0<\/span><\/h3>\n<p>Absol\u00fatne! Na\u0161i vodi\u010di s\u00fa kvalifikovan\u00ed profesion\u00e1li, ktor\u00ed dobre poznaj\u00fa regi\u00f3n a s\u00fa odhodlan\u00ed poskytova\u0165 vynikaj\u00face slu\u017eby.<\/p>\n<h3><span style=\"font-size: 14pt;\"><strong>M\u00f4\u017eete ubytova\u0165 ve\u013ek\u00e9 skupiny?<\/strong>\u00a0<\/span><\/h3>\n<p>\u00c1no, pon\u00fakame rie\u0161enia na mieru pre skupiny v\u0161etk\u00fdch ve\u013ekost\u00ed. Vyberte si vozidlo, ktor\u00e9 najlep\u0161ie vyhovuje va\u0161im potreb\u00e1m.<\/p>\n<h3><span style=\"font-size: 14pt;\"><strong>Je k dispoz\u00edcii transfer z medzin\u00e1rodn\u00e9ho letiska Viede\u0148?<\/strong>\u00a0<\/span><\/h3>\n<p>\u00c1no, poskytujeme spo\u013eahliv\u00e9 slu\u017eby transferu z letiska, ktor\u00e9 v\u00e1m zabezpe\u010dia bezprobl\u00e9mov\u00fd za\u010diatok va\u0161ej ly\u017eiarskej dovolenky.<\/p>\n<p>Vydajte sa na cestu do ly\u017eiarskeho strediska Annaberg-Lung\u00f6tz bez stresu s Transfer Europe. Rezervujte si transfer e\u0161te dnes a nechajte dobrodru\u017estvo za\u010da\u0165!<\/p>\n<\/p><\/div>\n<div class=\"product-price-container\">\n<div class=\"sale-price\"> \t\t<\/div>\n<\/p><\/div>\n<div class=\"options\"><\/div>\n<div> \t\t<\/div>\n<p>   \t        <script type=\"text\/javascript\" ><\/script>  <script type=\"text\/javascript\" ><\/script> <script type=\"text\/javascript\" ><\/script>  <script type=\"text\/javascript\" ><\/script> <script type=\"text\/javascript\" ><\/script> <script type=\"text\/javascript\" ><\/script> <script type=\"text\/javascript\" ><\/script> <\/div>\n<p> \t\t<!-- \u041f\u043b\u0430\u0433\u0438\u043d \u0440\u0435\u0439\u0442\u0438\u043d\u0433\u0430 --> <\/p>\n<div class=\"vrvote-body\">\n<ul class=\"vrvote-ul\">\n<li id=\"rating_149\" class=\"current-rating\" style=\"width:100.00%;\"><\/li>\n<li> \t\t\t\t\t\t<a class=\"vr-one-star\" onclick=\"javascript:JSVRvote(149,1,75,15,0)\" href=\"javascript:void(null)\">1<\/a> \t\t\t\t\t<\/li>\n<li> \t\t\t\t\t\t<a class=\"vr-two-stars\" onclick=\"javascript:JSVRvote(149,2,75,15,0)\" href=\"javascript:void(null)\">2<\/a> \t\t\t\t\t<\/li>\n<li> \t\t\t\t\t\t<a class=\"vr-three-stars\" onclick=\"javascript:JSVRvote(149,3,75,15,0)\" href=\"javascript:void(null)\">3<\/a> \t\t\t\t\t<\/li>\n<li> \t\t\t\t\t\t<a class=\"vr-four-stars\" onclick=\"javascript:JSVRvote(149,4,75,15,0)\" href=\"javascript:void(null)\">4<\/a> \t\t\t\t\t<\/li>\n<li> \t\t\t\t\t\t<a class=\"vr-five-stars\" onclick=\"javascript:JSVRvote(149,5,75,15,0)\" href=\"javascript:void(null)\">5<\/a> \t\t\t\t\t<\/li>\n<\/ul><\/div>\n<p> \t\t\t<span id=\"vrvote_149\" class=\"vrvote-count\"><small><\/small><\/span>\t<\/span><script type=\"application\/ld+json\"><\/script>   <\/div>\n<div class=\"t4-col sidebar-r col-12 col-xl-4\">\n<div class=\"t4-module module\" id=\"Mod306\">\n<div class=\"module-inner\">\n<div class=\"module-ct\">\n<div class=\"bannergroup\">\n<div class=\"banneritem\"> \t\t\t\t\t\t\t\t\t\t\t\t\t\t\t\t\t\t\t\t\t\t\t\t\t\t\t\t\t\t\t\t\t\t\t\t\t\t\t\t\t\t\t\t\t\t\t\t\t\t<img \t\t\t\t\t\tsrc=\"\/wp-content\/uploads\/2025\/08\/banner-transfer-europe-sk-479.png\" \t\t\t\t\t\talt=\"Banner-sk\" \t\t\t\t\t\t\t\t\t\t\t\t\t\t\t\t\t\/> \t\t\t\t\t\t\t\t\t\t\t<\/p>\n<div class=\"clr\"><\/div>\n<\/p><\/div>\n<\/p><\/div>\n<\/p><\/div>\n<\/div>\n<\/div><\/div>\n<\/p><\/div>\n<\/div><\/div>\n<div id=\"t4-section-8\" class=\"t4-section  t4-section-8  section-border-top\" role=\"section-8\">\n<div class=\"bg-overlay bg-overlay-image\">&nbsp;<\/div>\n<\/p><\/div>\n<p>  <a href='javascript:' id='back-to-top'><i class='fa fa-chevron-up'><\/i><\/a>                <\/p>\n","protected":false},"excerpt":{"rendered":"<p>Transfer z Viedne do ly\u017eiarskeho strediska Annaberg-Lung\u00f6tz Transfery do ly\u017eiarskych stred\u00edsk vo Viedni Rezervova\u0165 Ly\u017eiarske stredisko Annaberg-Lung\u00f6tz je malebn\u00e1 zimn\u00e1 destin\u00e1cia v srdci rak\u00faskych \u00c1lp, zn\u00e1ma svojou \u00fa\u017easnou krajinou a vynikaj\u00facimi mo\u017enos\u0165ami ly\u017eovania. Toto o\u010daruj\u00face stredisko sa nach\u00e1dza v salzburskom regi\u00f3ne a je ur\u010den\u00e9 pre za\u010diato\u010dn\u00edkov aj sk\u00fasen\u00fdch ly\u017eiarov, ktor\u00fdm pon\u00faka rozmanit\u00fa \u0161k\u00e1lu zjazdoviek a [&hellip;]<\/p>\n","protected":false},"author":1,"featured_media":84688,"parent":20466,"menu_order":0,"comment_status":"closed","ping_status":"closed","template":"","meta":{"footnotes":""},"class_list":["post-84687","page","type-page","status-publish","has-post-thumbnail","hentry"],"yoast_head":"<!-- This site is optimized with the Yoast SEO plugin v25.6 - https:\/\/yoast.com\/wordpress\/plugins\/seo\/ -->\n<title>Transfer z Viedne do ly\u017eiarskeho strediska Annaberg-Lung\u00f6tz<\/title>\n<meta name=\"description\" content=\"Za\u017eite ly\u017eiarsky transfer z Viedne do Annabergu-Lung\u00f6tzu. Zarezervujte si e\u0161te dnes cestu bez stresu a s malebn\u00fdm v\u00fdh\u013eadom. Zavolajte n\u00e1m na +421 940 904 184 a vy\u017eiadajte si individu\u00e1lnu pomoc.\" \/>\n<meta name=\"robots\" content=\"index, follow, max-snippet:-1, max-image-preview:large, max-video-preview:-1\" \/>\n<link rel=\"canonical\" href=\"https:\/\/transfereurope.com\/sk\/lyziarske-transfery\/transfer-do-lyziarskych-stredisk-vo-viedni\/transfer-z-viedne-do-lyziarskeho-strediska-annaberg-lungotz\/\" \/>\n<meta property=\"og:locale\" content=\"sk_SK\" \/>\n<meta property=\"og:type\" content=\"article\" \/>\n<meta property=\"og:title\" content=\"Transfer z Viedne do ly\u017eiarskeho strediska Annaberg-Lung\u00f6tz\" \/>\n<meta property=\"og:description\" content=\"Za\u017eite ly\u017eiarsky transfer z Viedne do Annabergu-Lung\u00f6tzu. Zarezervujte si e\u0161te dnes cestu bez stresu a s malebn\u00fdm v\u00fdh\u013eadom. Zavolajte n\u00e1m na +421 940 904 184 a vy\u017eiadajte si individu\u00e1lnu pomoc.\" \/>\n<meta property=\"og:url\" content=\"https:\/\/transfereurope.com\/sk\/lyziarske-transfery\/transfer-do-lyziarskych-stredisk-vo-viedni\/transfer-z-viedne-do-lyziarskeho-strediska-annaberg-lungotz\/\" \/>\n<meta property=\"og:site_name\" content=\"transfereurope\" \/>\n<meta property=\"og:image\" content=\"https:\/\/transfereurope.com\/wp-content\/uploads\/2025\/08\/vienna-to-annaberg-lungotz-ski-resort-transfer-2-1.png\" \/>\n\t<meta property=\"og:image:width\" content=\"940\" \/>\n\t<meta property=\"og:image:height\" content=\"788\" \/>\n\t<meta property=\"og:image:type\" content=\"image\/png\" \/>\n<meta name=\"twitter:card\" content=\"summary_large_image\" \/>\n<meta name=\"twitter:label1\" content=\"Predpokladan\u00fd \u010das \u010d\u00edtania\" \/>\n\t<meta name=\"twitter:data1\" content=\"4 min\u00faty\" \/>\n<script type=\"application\/ld+json\" class=\"yoast-schema-graph\">{\"@context\":\"https:\/\/schema.org\",\"@graph\":[{\"@type\":\"WebPage\",\"@id\":\"https:\/\/transfereurope.com\/sk\/lyziarske-transfery\/transfer-do-lyziarskych-stredisk-vo-viedni\/transfer-z-viedne-do-lyziarskeho-strediska-annaberg-lungotz\/\",\"url\":\"https:\/\/transfereurope.com\/sk\/lyziarske-transfery\/transfer-do-lyziarskych-stredisk-vo-viedni\/transfer-z-viedne-do-lyziarskeho-strediska-annaberg-lungotz\/\",\"name\":\"Transfer z Viedne do ly\u017eiarskeho strediska Annaberg-Lung\u00f6tz\",\"isPartOf\":{\"@id\":\"https:\/\/transfereurope.com\/sk\/#website\"},\"primaryImageOfPage\":{\"@id\":\"https:\/\/transfereurope.com\/sk\/lyziarske-transfery\/transfer-do-lyziarskych-stredisk-vo-viedni\/transfer-z-viedne-do-lyziarskeho-strediska-annaberg-lungotz\/#primaryimage\"},\"image\":{\"@id\":\"https:\/\/transfereurope.com\/sk\/lyziarske-transfery\/transfer-do-lyziarskych-stredisk-vo-viedni\/transfer-z-viedne-do-lyziarskeho-strediska-annaberg-lungotz\/#primaryimage\"},\"thumbnailUrl\":\"https:\/\/transfereurope.com\/wp-content\/uploads\/2025\/08\/vienna-to-annaberg-lungotz-ski-resort-transfer-2-1.png\",\"datePublished\":\"2025-08-06T00:25:18+00:00\",\"description\":\"Za\u017eite ly\u017eiarsky transfer z Viedne do Annabergu-Lung\u00f6tzu. Zarezervujte si e\u0161te dnes cestu bez stresu a s malebn\u00fdm v\u00fdh\u013eadom. Zavolajte n\u00e1m na +421 940 904 184 a vy\u017eiadajte si individu\u00e1lnu pomoc.\",\"breadcrumb\":{\"@id\":\"https:\/\/transfereurope.com\/sk\/lyziarske-transfery\/transfer-do-lyziarskych-stredisk-vo-viedni\/transfer-z-viedne-do-lyziarskeho-strediska-annaberg-lungotz\/#breadcrumb\"},\"inLanguage\":\"sk-SK\",\"potentialAction\":[{\"@type\":\"ReadAction\",\"target\":[\"https:\/\/transfereurope.com\/sk\/lyziarske-transfery\/transfer-do-lyziarskych-stredisk-vo-viedni\/transfer-z-viedne-do-lyziarskeho-strediska-annaberg-lungotz\/\"]}]},{\"@type\":\"ImageObject\",\"inLanguage\":\"sk-SK\",\"@id\":\"https:\/\/transfereurope.com\/sk\/lyziarske-transfery\/transfer-do-lyziarskych-stredisk-vo-viedni\/transfer-z-viedne-do-lyziarskeho-strediska-annaberg-lungotz\/#primaryimage\",\"url\":\"https:\/\/transfereurope.com\/wp-content\/uploads\/2025\/08\/vienna-to-annaberg-lungotz-ski-resort-transfer-2-1.png\",\"contentUrl\":\"https:\/\/transfereurope.com\/wp-content\/uploads\/2025\/08\/vienna-to-annaberg-lungotz-ski-resort-transfer-2-1.png\",\"width\":940,\"height\":788},{\"@type\":\"BreadcrumbList\",\"@id\":\"https:\/\/transfereurope.com\/sk\/lyziarske-transfery\/transfer-do-lyziarskych-stredisk-vo-viedni\/transfer-z-viedne-do-lyziarskeho-strediska-annaberg-lungotz\/#breadcrumb\",\"itemListElement\":[{\"@type\":\"ListItem\",\"position\":1,\"name\":\"Home\",\"item\":\"https:\/\/transfereurope.com\/sk\/\"},{\"@type\":\"ListItem\",\"position\":2,\"name\":\"Transfer z Viedne do ly\u017eiarskeho strediska Annaberg-Lung\u00f6tz\"}]},{\"@type\":\"WebSite\",\"@id\":\"https:\/\/transfereurope.com\/sk\/#website\",\"url\":\"https:\/\/transfereurope.com\/sk\/\",\"name\":\"transfereurope\",\"description\":\"\",\"publisher\":{\"@id\":\"https:\/\/transfereurope.com\/sk\/#organization\"},\"potentialAction\":[{\"@type\":\"SearchAction\",\"target\":{\"@type\":\"EntryPoint\",\"urlTemplate\":\"https:\/\/transfereurope.com\/sk\/?s={search_term_string}\"},\"query-input\":{\"@type\":\"PropertyValueSpecification\",\"valueRequired\":true,\"valueName\":\"search_term_string\"}}],\"inLanguage\":\"sk-SK\"},{\"@type\":\"Organization\",\"@id\":\"https:\/\/transfereurope.com\/sk\/#organization\",\"name\":\"transfereurope\",\"url\":\"https:\/\/transfereurope.com\/sk\/\",\"logo\":{\"@type\":\"ImageObject\",\"inLanguage\":\"sk-SK\",\"@id\":\"https:\/\/transfereurope.com\/sk\/#\/schema\/logo\/image\/\",\"url\":\"https:\/\/transfereurope.com\/wp-content\/uploads\/2025\/08\/TRANSFERS-1655.png\",\"contentUrl\":\"https:\/\/transfereurope.com\/wp-content\/uploads\/2025\/08\/TRANSFERS-1655.png\",\"width\":500,\"height\":274,\"caption\":\"transfereurope\"},\"image\":{\"@id\":\"https:\/\/transfereurope.com\/sk\/#\/schema\/logo\/image\/\"}}]}<\/script>\n<!-- \/ Yoast SEO plugin. -->","yoast_head_json":{"title":"Transfer z Viedne do ly\u017eiarskeho strediska Annaberg-Lung\u00f6tz","description":"Za\u017eite ly\u017eiarsky transfer z Viedne do Annabergu-Lung\u00f6tzu. Zarezervujte si e\u0161te dnes cestu bez stresu a s malebn\u00fdm v\u00fdh\u013eadom. Zavolajte n\u00e1m na +421 940 904 184 a vy\u017eiadajte si individu\u00e1lnu pomoc.","robots":{"index":"index","follow":"follow","max-snippet":"max-snippet:-1","max-image-preview":"max-image-preview:large","max-video-preview":"max-video-preview:-1"},"canonical":"https:\/\/transfereurope.com\/sk\/lyziarske-transfery\/transfer-do-lyziarskych-stredisk-vo-viedni\/transfer-z-viedne-do-lyziarskeho-strediska-annaberg-lungotz\/","og_locale":"sk_SK","og_type":"article","og_title":"Transfer z Viedne do ly\u017eiarskeho strediska Annaberg-Lung\u00f6tz","og_description":"Za\u017eite ly\u017eiarsky transfer z Viedne do Annabergu-Lung\u00f6tzu. Zarezervujte si e\u0161te dnes cestu bez stresu a s malebn\u00fdm v\u00fdh\u013eadom. Zavolajte n\u00e1m na +421 940 904 184 a vy\u017eiadajte si individu\u00e1lnu pomoc.","og_url":"https:\/\/transfereurope.com\/sk\/lyziarske-transfery\/transfer-do-lyziarskych-stredisk-vo-viedni\/transfer-z-viedne-do-lyziarskeho-strediska-annaberg-lungotz\/","og_site_name":"transfereurope","og_image":[{"width":940,"height":788,"url":"https:\/\/transfereurope.com\/wp-content\/uploads\/2025\/08\/vienna-to-annaberg-lungotz-ski-resort-transfer-2-1.png","type":"image\/png"}],"twitter_card":"summary_large_image","twitter_misc":{"Predpokladan\u00fd \u010das \u010d\u00edtania":"4 min\u00faty"},"schema":{"@context":"https:\/\/schema.org","@graph":[{"@type":"WebPage","@id":"https:\/\/transfereurope.com\/sk\/lyziarske-transfery\/transfer-do-lyziarskych-stredisk-vo-viedni\/transfer-z-viedne-do-lyziarskeho-strediska-annaberg-lungotz\/","url":"https:\/\/transfereurope.com\/sk\/lyziarske-transfery\/transfer-do-lyziarskych-stredisk-vo-viedni\/transfer-z-viedne-do-lyziarskeho-strediska-annaberg-lungotz\/","name":"Transfer z Viedne do ly\u017eiarskeho strediska Annaberg-Lung\u00f6tz","isPartOf":{"@id":"https:\/\/transfereurope.com\/sk\/#website"},"primaryImageOfPage":{"@id":"https:\/\/transfereurope.com\/sk\/lyziarske-transfery\/transfer-do-lyziarskych-stredisk-vo-viedni\/transfer-z-viedne-do-lyziarskeho-strediska-annaberg-lungotz\/#primaryimage"},"image":{"@id":"https:\/\/transfereurope.com\/sk\/lyziarske-transfery\/transfer-do-lyziarskych-stredisk-vo-viedni\/transfer-z-viedne-do-lyziarskeho-strediska-annaberg-lungotz\/#primaryimage"},"thumbnailUrl":"https:\/\/transfereurope.com\/wp-content\/uploads\/2025\/08\/vienna-to-annaberg-lungotz-ski-resort-transfer-2-1.png","datePublished":"2025-08-06T00:25:18+00:00","description":"Za\u017eite ly\u017eiarsky transfer z Viedne do Annabergu-Lung\u00f6tzu. Zarezervujte si e\u0161te dnes cestu bez stresu a s malebn\u00fdm v\u00fdh\u013eadom. Zavolajte n\u00e1m na +421 940 904 184 a vy\u017eiadajte si individu\u00e1lnu pomoc.","breadcrumb":{"@id":"https:\/\/transfereurope.com\/sk\/lyziarske-transfery\/transfer-do-lyziarskych-stredisk-vo-viedni\/transfer-z-viedne-do-lyziarskeho-strediska-annaberg-lungotz\/#breadcrumb"},"inLanguage":"sk-SK","potentialAction":[{"@type":"ReadAction","target":["https:\/\/transfereurope.com\/sk\/lyziarske-transfery\/transfer-do-lyziarskych-stredisk-vo-viedni\/transfer-z-viedne-do-lyziarskeho-strediska-annaberg-lungotz\/"]}]},{"@type":"ImageObject","inLanguage":"sk-SK","@id":"https:\/\/transfereurope.com\/sk\/lyziarske-transfery\/transfer-do-lyziarskych-stredisk-vo-viedni\/transfer-z-viedne-do-lyziarskeho-strediska-annaberg-lungotz\/#primaryimage","url":"https:\/\/transfereurope.com\/wp-content\/uploads\/2025\/08\/vienna-to-annaberg-lungotz-ski-resort-transfer-2-1.png","contentUrl":"https:\/\/transfereurope.com\/wp-content\/uploads\/2025\/08\/vienna-to-annaberg-lungotz-ski-resort-transfer-2-1.png","width":940,"height":788},{"@type":"BreadcrumbList","@id":"https:\/\/transfereurope.com\/sk\/lyziarske-transfery\/transfer-do-lyziarskych-stredisk-vo-viedni\/transfer-z-viedne-do-lyziarskeho-strediska-annaberg-lungotz\/#breadcrumb","itemListElement":[{"@type":"ListItem","position":1,"name":"Home","item":"https:\/\/transfereurope.com\/sk\/"},{"@type":"ListItem","position":2,"name":"Transfer z Viedne do ly\u017eiarskeho strediska Annaberg-Lung\u00f6tz"}]},{"@type":"WebSite","@id":"https:\/\/transfereurope.com\/sk\/#website","url":"https:\/\/transfereurope.com\/sk\/","name":"transfereurope","description":"","publisher":{"@id":"https:\/\/transfereurope.com\/sk\/#organization"},"potentialAction":[{"@type":"SearchAction","target":{"@type":"EntryPoint","urlTemplate":"https:\/\/transfereurope.com\/sk\/?s={search_term_string}"},"query-input":{"@type":"PropertyValueSpecification","valueRequired":true,"valueName":"search_term_string"}}],"inLanguage":"sk-SK"},{"@type":"Organization","@id":"https:\/\/transfereurope.com\/sk\/#organization","name":"transfereurope","url":"https:\/\/transfereurope.com\/sk\/","logo":{"@type":"ImageObject","inLanguage":"sk-SK","@id":"https:\/\/transfereurope.com\/sk\/#\/schema\/logo\/image\/","url":"https:\/\/transfereurope.com\/wp-content\/uploads\/2025\/08\/TRANSFERS-1655.png","contentUrl":"https:\/\/transfereurope.com\/wp-content\/uploads\/2025\/08\/TRANSFERS-1655.png","width":500,"height":274,"caption":"transfereurope"},"image":{"@id":"https:\/\/transfereurope.com\/sk\/#\/schema\/logo\/image\/"}}]}},"_links":{"self":[{"href":"https:\/\/transfereurope.com\/sk\/wp-json\/wp\/v2\/pages\/84687","targetHints":{"allow":["GET"]}}],"collection":[{"href":"https:\/\/transfereurope.com\/sk\/wp-json\/wp\/v2\/pages"}],"about":[{"href":"https:\/\/transfereurope.com\/sk\/wp-json\/wp\/v2\/types\/page"}],"author":[{"embeddable":true,"href":"https:\/\/transfereurope.com\/sk\/wp-json\/wp\/v2\/users\/1"}],"replies":[{"embeddable":true,"href":"https:\/\/transfereurope.com\/sk\/wp-json\/wp\/v2\/comments?post=84687"}],"version-history":[{"count":0,"href":"https:\/\/transfereurope.com\/sk\/wp-json\/wp\/v2\/pages\/84687\/revisions"}],"up":[{"embeddable":true,"href":"https:\/\/transfereurope.com\/sk\/wp-json\/wp\/v2\/pages\/20466"}],"wp:featuredmedia":[{"embeddable":true,"href":"https:\/\/transfereurope.com\/sk\/wp-json\/wp\/v2\/media\/84688"}],"wp:attachment":[{"href":"https:\/\/transfereurope.com\/sk\/wp-json\/wp\/v2\/media?parent=84687"}],"curies":[{"name":"wp","href":"https:\/\/api.w.org\/{rel}","templated":true}]}}