{"id":84447,"date":"2025-08-06T00:22:24","date_gmt":"2025-08-06T00:22:24","guid":{"rendered":"https:\/\/transfereurope.com\/transfer-z-viedne-do-lyziarskeho-strediska-zauberberg-semmering\/"},"modified":"2025-08-06T00:22:24","modified_gmt":"2025-08-06T00:22:24","slug":"transfer-z-viedne-do-lyziarskeho-strediska-zauberberg-semmering","status":"publish","type":"page","link":"https:\/\/transfereurope.com\/sk\/lyziarske-transfery\/transfer-do-lyziarskych-stredisk-vo-viedni\/transfer-z-viedne-do-lyziarskeho-strediska-zauberberg-semmering\/","title":{"rendered":"Transfer z Viedne do ly\u017eiarskeho strediska Zauberberg Semmering"},"content":{"rendered":"\n<div id=\"t4-masthead\" class=\"t4-section  t4-masthead\">\n<div class=\"t4-col text-center\">\n<div class=\"ja-masthead\" >\n<div class=\"ja-masthead-detail\">\n<h1 class=\"ja-masthead-title\">Transfer z Viedne do ly\u017eiarskeho strediska Zauberberg Semmering<\/h1>\n<p>                 <!---->            <\/p>\n<div class=\"block-breadcrumb\">                       <\/div>\n<\/p><\/div>\n<\/p><\/div>\n<pre><\/pre>\n<\/div>\n<\/div>\n<div id=\"t4-main-body\" class=\"t4-section  t4-main-body\" role=\"main body\">\n<div class=\"t4-section-inner container\">\n<div class=\"t4-row row\">\n<div class=\"t4-col col-12 col-xl\">\n<div id=\"system-message-container\"> \t<\/div>\n<div class=\"com-content-article item-page view-tour-detail\">\n<div class=\"tour-top-info clearfix\">\n<div class=\"pull-left\">\n<div class=\"category-article-dot\">\n<div class=\"category-name\"> \t\t\t\t\t<a href=\"\/sk\/lyziarske-transfery\/transfer-do-lyziarskych-stredisk-vo-viedni\" itemprop=\"genre\">Transfery do ly\u017eiarskych stred\u00edsk vo Viedni<\/a> \t\t\t\t<\/div>\n<\/p><\/div>\n<\/p><\/div>\n<div class=\"pull-right\">\n<div class=\"text-danger tour-price\"> \t\t\t\t\t\t<a href=\"\/sk\/rezervovat-transfer\">Rezervova\u0165<\/a><\/div>\n<\/p><\/div>\n<\/p><\/div>\n<p>  \t <!--\t-->  \t<\/p>\n<div class=\"vm-product-container\">\n<figure class=\"pull-left item-image\">\n<div class=\"main-image\"> \t\t<a  rel='vm-additional-images' href=\"\/images\/virtuemart\/product\/vienna-to-zauberberg-semmering-ski-resort-transfer.png\"><img decoding=\"async\"  loading=\"lazy\"  src=\"\/wp-content\/uploads\/2025\/08\/vienna-to-zauberberg-semmering-ski-resort-transfer-2.png\"  \/><\/a>\t\t<\/p>\n<div class=\"clear\"><\/div>\n<\/p><\/div>\n<\/figure>\n<div class=\"vm-product-details-container\">\n<div class=\"spacer-buy-area\">    \t\t \t\t<\/div>\n<\/p><\/div>\n<div class=\"clear\"><\/div>\n<\/p><\/div>\n<div class=\"product-description\" >\n<p>Vitajte na str\u00e1nke Transfer Europe: Va\u0161a br\u00e1na k bezprobl\u00e9mov\u00fdm transferom z Viedne do ly\u017eiarskeho strediska Zauberberg Semmering! Pl\u00e1nujete zimn\u00fd v\u00fdlet do o\u010daruj\u00faceho ly\u017eiarskeho strediska Zauberberg Semmering? U\u017e nemus\u00edte h\u013eada\u0165 \u010fal\u0161ie mo\u017enosti prepravy &#8211; Transfer Europe je tu, aby sa va\u0161a cesta stala pohodlnou, komfortnou a nezabudnute\u013enou.<\/p>\n<p style=\"text-align: center;\"><a class=\"btn btn-primary\" href=\"\/sk\/rezervovat-transfer\">Rezervova\u0165 transfer<\/a><\/p>\n<p>Ly\u017eiarske stredisko Zauberberg Semmering, ktor\u00e9 sa nach\u00e1dza v srdci pr\u00edrody, l\u00e1ka zimn\u00fdch nad\u0161encov svojou malebnou krajinou a vzru\u0161uj\u00facimi zjazdovkami. T\u00e1to zimn\u00e1 krajina z\u00e1zrakov, ktor\u00e1 sa nach\u00e1dza len p\u00e1r min\u00fat jazdy od medzin\u00e1rodn\u00e9ho letiska Viede\u0148, pon\u00faka dokonal\u00fa kombin\u00e1ciu alpsk\u00e9ho \u0161armu a vzru\u0161uj\u00facich aktiv\u00edt. Stredisko sa m\u00f4\u017ee pochv\u00e1li\u0165 bohatou hist\u00f3riou, jeho o\u010daruj\u00faca architekt\u00fara a modern\u00e9 vybavenie l\u00e1kaj\u00fa n\u00e1v\u0161tevn\u00edkov z cel\u00e9ho sveta.<\/p>\n<p><img decoding=\"async\" title=\"transfer-z-viedne-do-lyziarskeho-strediska-zauberberg-semmering\" src=\"\/wp-content\/uploads\/2025\/08\/transfer-z-viedne-do-lyziarskeho-strediska-zauberberg-semmering.png\" alt=\"transfer-z-viedne-do-lyziarskeho-strediska-zauberberg-semmering\" \/><\/p>\n<p><strong>Pre\u010do si vybra\u0165 Transfer Europe?\u00a0<\/strong><\/p>\n<p>Vydajte sa na ly\u017eiarske dobrodru\u017estvo e\u0161te vzru\u0161uj\u00facej\u0161ie s Transfer Europe. Zauj\u00edma v\u00e1s pre\u010do? Tu je d\u00f4vod, pre\u010do sme v\u00fdnimo\u010dn\u00ed:<\/p>\n<ul>\n<li><em>Profesion\u00e1lni vodi\u010di:<\/em>\u00a0N\u00e1\u0161 t\u00edm kvalifikovan\u00fdch a zdvoril\u00fdch vodi\u010dov sa postar\u00e1 o to, aby va\u0161a cesta nebola len transferom, ale z\u00e1\u017eitkom. M\u00f4\u017eete si by\u0165 ist\u00ed, \u017ee ste v ruk\u00e1ch profesion\u00e1lov, ktor\u00ed uprednost\u0148uj\u00fa va\u0161u bezpe\u010dnos\u0165 a pohodlie.<\/li>\n<li><em>Rozmanitos\u0165 vozov\u00e9ho parku:<\/em>\u00a0Vyberte si z n\u00e1\u0161ho v\u0161estrann\u00e9ho vozov\u00e9ho parku vr\u00e1tane sedanov, SUV a minivanov, ktor\u00e9 s\u00fa vybaven\u00e9 priestrann\u00fdmi bato\u017einov\u00fdmi priestormi. Bez oh\u013eadu na ve\u013ekos\u0165 va\u0161ej skupiny alebo potrebu bato\u017einy m\u00e1me pre v\u00e1s ide\u00e1lne vozidlo.<\/li>\n<li><em>Transfery z letiska:<\/em>\u00a0Na\u0161e slu\u017eby sa bez probl\u00e9mov roz\u0161\u00edria z medzin\u00e1rodn\u00e9ho letiska Viede\u0148 na \u00fachvatn\u00e9 svahy Zauberberg Semmering. Pohodlne sa usa\u010fte a nechajte Transfer Europe, aby sa postaral o cestu.<\/li>\n<li><em>Prepravn\u00e9 slu\u017eby na mieru:<\/em>\u00a0Na\u0161e slu\u017eby uspokoja v\u0161etky va\u0161e potreby, \u010di u\u017e ste s\u00f3lo cestovate\u013e, rodina s de\u0165mi alebo skupina priate\u013eov. U\u017eite si cestu bez starost\u00ed o logistiku.<\/li>\n<\/ul>\n<p style=\"text-align: center;\"><a class=\"btn btn-primary\" href=\"\/sk\/rezervovat-transfer\">Rezervova\u0165 transfer<\/a><\/p>\n<p style=\"text-align: center;\"><img decoding=\"async\" title=\"transfer-do-lyziarskeho-strediska\" src=\"\/wp-content\/uploads\/2025\/08\/transfer-do-lyziarskeho-strediska.jpg\" alt=\"transfer-do-lyziarskeho-strediska\" \/><\/p>\n<h2 style=\"text-align: center;\"><span style=\"font-size: 18pt;\"><strong>Rezervujte si teraz transfer z Viedne do ly\u017eiarskeho strediska Zauberberg Semmering!<\/strong><\/span><\/h2>\n<p>Ste pripraven\u00ed vyrazi\u0165 na svahy? Rezerv\u00e1cia transferu do ly\u017eiarskeho strediska s Transfer Europe je rozhodnutie, ktor\u00e9 nebudete \u013eutova\u0165. Vychutnajte si v\u00fdhody cesty bez stresu, ktor\u00e1 v\u00e1s nabije energiou a vzru\u0161en\u00edm, aby ste sa mohli vyda\u0165 do zasne\u017een\u00e9ho raja, ktor\u00fd na v\u00e1s \u010dak\u00e1.<\/p>\n<p><em>Malebn\u00e1 trasa, bezprobl\u00e9mov\u00fd z\u00e1\u017eitok:<\/em>\u00a0Na\u0161i vodi\u010di nie s\u00fa len navig\u00e1tormi, ale aj va\u0161imi sprievodcami po \u00fachvatnej krajine na ceste. Urobte si cestu rovnako nezabudnute\u013enou ako cie\u013e.<\/p>\n<p><em>Pohodlie a bezpe\u010dnos\u0165:<\/em>\u00a0Cestujte \u0161t\u00fdlovo a pohodlne v\u010faka na\u0161im dobre udr\u017eiavan\u00fdm vozidl\u00e1m a sk\u00fasen\u00fdm vodi\u010dom. Uprednost\u0148ujeme va\u0161u bezpe\u010dnos\u0165 a zabezpe\u010dujeme, aby ste bezpe\u010dne dorazili do cie\u013ea.<\/p>\n<p><em>\u010casov\u00e1 efekt\u00edvnos\u0165:<\/em>\u00a0\u0160etrite \u010das a vyu\u017eite svoju ly\u017eiarsku dovolenku naplno. V\u010faka na\u0161im efekt\u00edvnym slu\u017eb\u00e1m str\u00e1vite viac \u010dasu na svahoch a menej \u010dasu staros\u0165ami o dopravu.<\/p>\n<p style=\"text-align: center;\"><a class=\"btn btn-primary\" href=\"\/sk\/rezervovat-transfer\">Rezervova\u0165 transfer<\/a><\/p>\n<p style=\"text-align: center;\"><img decoding=\"async\" title=\"transfery-z-viedne-do-lyziarskeho-strediska\" src=\"\/wp-content\/uploads\/2025\/08\/transfery-z-viedne-do-lyziarskeho-strediska-3.png\" alt=\"transfery-z-viedne-do-lyziarskeho-strediska\" \/><\/p>\n<h2 style=\"text-align: center;\"><span style=\"font-size: 18pt;\"><strong>FAQs &#8211;\u00a0Transfer z Viedne do ly\u017eiarskeho strediska Zauberberg Semmering<\/strong><\/span><\/h2>\n<h3><span style=\"font-size: 14pt;\"><strong>Je transfer vhodn\u00fd pre rodiny s de\u0165mi?<\/strong><\/span><\/h3>\n<p>Rozhodne! N\u00e1\u0161 vozov\u00fd park zah\u0155\u0148a vozidl\u00e1 vhodn\u00e9 pre rodiny a na\u0161i vodi\u010di s\u00fa vy\u0161kolen\u00ed tak, aby zabezpe\u010dili bezpe\u010dn\u00fa a pr\u00edjemn\u00fa cestu pre rodiny.<\/p>\n<h3><span style=\"font-size: 14pt;\"><strong>Ko\u013eko bato\u017einy si m\u00f4\u017eeme vzia\u0165 so sebou?<\/strong><\/span><\/h3>\n<p>Rozumieme potreb\u00e1m zimn\u00fdch cestovate\u013eov. Na\u0161e vozidl\u00e1 s\u00fa vybaven\u00e9 ve\u013ek\u00fdm bato\u017einov\u00fdm priestorom, do ktor\u00e9ho sa zmest\u00ed va\u0161a ly\u017eiarska v\u00fdstroj a in\u00e9 veci.<\/p>\n<h3><span style=\"font-size: 14pt;\"><strong>S\u00fa tam zast\u00e1vky na prehliadku alebo ob\u010derstvenie?<\/strong><\/span><\/h3>\n<p>Na\u0161i vodi\u010di v\u00e1m na po\u017eiadanie zabezpe\u010dia zast\u00e1vky na prehliadku pamiatok, stravovanie alebo in\u00e9 potreby. Cestu prisp\u00f4sob\u00edme va\u0161im preferenci\u00e1m.<\/p>\n<h3><span style=\"font-size: 14pt;\"><strong>Poskytujete slu\u017eby stretnutia a priv\u00edtania na letisku?<\/strong><\/span><\/h3>\n<p>Ur\u010dite! Na\u0161i profesion\u00e1lni vodi\u010di v\u00e1s priv\u00edtaj\u00fa na letisku a zabezpe\u010dia v\u00e1m hladk\u00fd prechod z v\u00e1\u0161ho letu do pohodlia na\u0161ich vozidiel.<\/p>\n<h3><span style=\"font-size: 14pt;\"><strong>S\u00fa k dispoz\u00edcii detsk\u00e9 seda\u010dky?<\/strong><\/span><\/h3>\n<p>\u00c1no, bezpe\u010dnos\u0165 v\u0161etk\u00fdch cestuj\u00facich je pre n\u00e1s prioritou a na po\u017eiadanie s\u00fa k dispoz\u00edcii detsk\u00e9 seda\u010dky.<\/p>\n<h3><span style=\"font-size: 14pt;\"><strong>M\u00f4\u017eete odporu\u010di\u0165 kaviarne alebo atrakcie na ceste?<\/strong><\/span><\/h3>\n<p>Rozhodne! Na\u0161i vodi\u010di poznaj\u00fa najlep\u0161ie zast\u00e1vky, \u010di u\u017e m\u00e1te chu\u0165 na tepl\u00fa k\u00e1vu, alebo chcete presk\u00fama\u0165 miestne zauj\u00edmavosti.<\/p>\n<h3><span style=\"font-size: 14pt;\"><strong>Ako si m\u00f4\u017eem rezervova\u0165 transfer do ly\u017eiarskeho strediska?<\/strong><\/span><\/h3>\n<p>Rezerv\u00e1cia je jednoduch\u00e1! Nav\u0161t\u00edvte na\u0161u webov\u00fa str\u00e1nku, vyberte si \u017eelan\u00e9 vozidlo a uve\u010fte svoje cestovn\u00e9 \u00fadaje. O zvy\u0161ok sa postar\u00e1 n\u00e1\u0161 t\u00edm.<\/p>\n<h3><span style=\"font-size: 14pt;\"><strong>Je slu\u017eba dostupn\u00e1 celoro\u010dne?<\/strong><\/span><\/h3>\n<p>\u00c1no, Transfer Europe funguje celoro\u010dne, tak\u017ee si m\u00f4\u017eete u\u017ei\u0165 ly\u017eiarske stredisko Zauberberg Semmering v ka\u017edom ro\u010dnom obdob\u00ed.<\/p>\n<p style=\"text-align: center;\"><a class=\"btn btn-primary\" href=\"\/sk\/rezervovat-transfer\">Rezervova\u0165 transfer<\/a><\/p>\n<p>Va\u0161e dobrodru\u017estvo na Zauberberg Semmering sa za\u010d\u00edna pohodlnou a pr\u00edjemnou cestou. Rezervujte si transfer do ly\u017eiarskeho strediska s Transfer Europe a nechajte sa un\u00e1\u0161a\u0165 \u010darovn\u00fdm z\u00e1\u017eitkom od chv\u00edle, ke\u010f doraz\u00edte do Viedne.<\/p>\n<\/p><\/div>\n<div class=\"product-price-container\">\n<div class=\"sale-price\"> \t\t<\/div>\n<\/p><\/div>\n<div class=\"options\"><\/div>\n<div> \t\t<\/div>\n<p>   \t        <script type=\"text\/javascript\" ><\/script>  <script type=\"text\/javascript\" ><\/script> <script type=\"text\/javascript\" ><\/script>  <script type=\"text\/javascript\" ><\/script> <script type=\"text\/javascript\" ><\/script> <script type=\"text\/javascript\" ><\/script> <script type=\"text\/javascript\" ><\/script> <\/div>\n<p> \t\t<!-- \u041f\u043b\u0430\u0433\u0438\u043d \u0440\u0435\u0439\u0442\u0438\u043d\u0433\u0430 --> <\/p>\n<div class=\"vrvote-body\">\n<ul class=\"vrvote-ul\">\n<li id=\"rating_151\" class=\"current-rating\" style=\"width:100.00%;\"><\/li>\n<li> \t\t\t\t\t\t<a class=\"vr-one-star\" onclick=\"javascript:JSVRvote(151,1,60,12,0)\" href=\"javascript:void(null)\">1<\/a> \t\t\t\t\t<\/li>\n<li> \t\t\t\t\t\t<a class=\"vr-two-stars\" onclick=\"javascript:JSVRvote(151,2,60,12,0)\" href=\"javascript:void(null)\">2<\/a> \t\t\t\t\t<\/li>\n<li> \t\t\t\t\t\t<a class=\"vr-three-stars\" onclick=\"javascript:JSVRvote(151,3,60,12,0)\" href=\"javascript:void(null)\">3<\/a> \t\t\t\t\t<\/li>\n<li> \t\t\t\t\t\t<a class=\"vr-four-stars\" onclick=\"javascript:JSVRvote(151,4,60,12,0)\" href=\"javascript:void(null)\">4<\/a> \t\t\t\t\t<\/li>\n<li> \t\t\t\t\t\t<a class=\"vr-five-stars\" onclick=\"javascript:JSVRvote(151,5,60,12,0)\" href=\"javascript:void(null)\">5<\/a> \t\t\t\t\t<\/li>\n<\/ul><\/div>\n<p> \t\t\t<span id=\"vrvote_151\" class=\"vrvote-count\"><small><\/small><\/span>\t<\/span><script type=\"application\/ld+json\"><\/script>   <\/div>\n<div class=\"t4-col sidebar-r col-12 col-xl-4\">\n<div class=\"t4-module module\" id=\"Mod306\">\n<div class=\"module-inner\">\n<div class=\"module-ct\">\n<div class=\"bannergroup\">\n<div class=\"banneritem\"> \t\t\t\t\t\t\t\t\t\t\t\t\t\t\t\t\t\t\t\t\t\t\t\t\t\t\t\t\t\t\t\t\t\t\t\t\t\t\t\t\t\t\t\t\t\t\t\t\t\t<img \t\t\t\t\t\tsrc=\"\/wp-content\/uploads\/2025\/08\/banner-transfer-europe-sk-477.png\" \t\t\t\t\t\talt=\"Banner-sk\" \t\t\t\t\t\t\t\t\t\t\t\t\t\t\t\t\t\/> \t\t\t\t\t\t\t\t\t\t\t<\/p>\n<div class=\"clr\"><\/div>\n<\/p><\/div>\n<\/p><\/div>\n<\/p><\/div>\n<\/div>\n<\/div><\/div>\n<\/p><\/div>\n<\/div><\/div>\n<div id=\"t4-section-8\" class=\"t4-section  t4-section-8  section-border-top\" role=\"section-8\">\n<div class=\"bg-overlay bg-overlay-image\">&nbsp;<\/div>\n<\/p><\/div>\n<p>  <a href='javascript:' id='back-to-top'><i class='fa fa-chevron-up'><\/i><\/a>                <\/p>\n","protected":false},"excerpt":{"rendered":"<p>Transfer z Viedne do ly\u017eiarskeho strediska Zauberberg Semmering Transfery do ly\u017eiarskych stred\u00edsk vo Viedni Rezervova\u0165 Vitajte na str\u00e1nke Transfer Europe: Va\u0161a br\u00e1na k bezprobl\u00e9mov\u00fdm transferom z Viedne do ly\u017eiarskeho strediska Zauberberg Semmering! Pl\u00e1nujete zimn\u00fd v\u00fdlet do o\u010daruj\u00faceho ly\u017eiarskeho strediska Zauberberg Semmering? U\u017e nemus\u00edte h\u013eada\u0165 \u010fal\u0161ie mo\u017enosti prepravy &#8211; Transfer Europe je tu, aby sa va\u0161a [&hellip;]<\/p>\n","protected":false},"author":1,"featured_media":84448,"parent":20466,"menu_order":0,"comment_status":"closed","ping_status":"closed","template":"","meta":{"footnotes":""},"class_list":["post-84447","page","type-page","status-publish","has-post-thumbnail","hentry"],"yoast_head":"<!-- This site is optimized with the Yoast SEO plugin v25.6 - https:\/\/yoast.com\/wordpress\/plugins\/seo\/ -->\n<title>Viede\u0148 - ly\u017eiarske stredisko Zauberberg Semmering Transfer<\/title>\n<meta name=\"description\" content=\"Za\u017eite ly\u017eiarsky transfer z Viedne na Zauberberg Semmering. Rezervujte si e\u0161te dnes a u\u017eite si cestovanie bez stresu s malebn\u00fdm v\u00fdh\u013eadom. Zavolajte n\u00e1m \u260e +421 940 904 184 pre individu\u00e1lnu pomoc.\" \/>\n<meta name=\"robots\" content=\"index, follow, max-snippet:-1, max-image-preview:large, max-video-preview:-1\" \/>\n<link rel=\"canonical\" href=\"https:\/\/transfereurope.com\/sk\/lyziarske-transfery\/transfer-do-lyziarskych-stredisk-vo-viedni\/transfer-z-viedne-do-lyziarskeho-strediska-zauberberg-semmering\/\" \/>\n<meta property=\"og:locale\" content=\"sk_SK\" \/>\n<meta property=\"og:type\" content=\"article\" \/>\n<meta property=\"og:title\" content=\"Viede\u0148 - ly\u017eiarske stredisko Zauberberg Semmering Transfer\" \/>\n<meta property=\"og:description\" content=\"Za\u017eite ly\u017eiarsky transfer z Viedne na Zauberberg Semmering. Rezervujte si e\u0161te dnes a u\u017eite si cestovanie bez stresu s malebn\u00fdm v\u00fdh\u013eadom. Zavolajte n\u00e1m \u260e +421 940 904 184 pre individu\u00e1lnu pomoc.\" \/>\n<meta property=\"og:url\" content=\"https:\/\/transfereurope.com\/sk\/lyziarske-transfery\/transfer-do-lyziarskych-stredisk-vo-viedni\/transfer-z-viedne-do-lyziarskeho-strediska-zauberberg-semmering\/\" \/>\n<meta property=\"og:site_name\" content=\"transfereurope\" \/>\n<meta property=\"og:image\" content=\"https:\/\/transfereurope.com\/wp-content\/uploads\/2025\/08\/vienna-to-zauberberg-semmering-ski-resort-transfer-2-1.png\" \/>\n\t<meta property=\"og:image:width\" content=\"940\" \/>\n\t<meta property=\"og:image:height\" content=\"788\" \/>\n\t<meta property=\"og:image:type\" content=\"image\/png\" \/>\n<meta name=\"twitter:card\" content=\"summary_large_image\" \/>\n<meta name=\"twitter:label1\" content=\"Predpokladan\u00fd \u010das \u010d\u00edtania\" \/>\n\t<meta name=\"twitter:data1\" content=\"5 min\u00fat\" \/>\n<script type=\"application\/ld+json\" class=\"yoast-schema-graph\">{\"@context\":\"https:\/\/schema.org\",\"@graph\":[{\"@type\":\"WebPage\",\"@id\":\"https:\/\/transfereurope.com\/sk\/lyziarske-transfery\/transfer-do-lyziarskych-stredisk-vo-viedni\/transfer-z-viedne-do-lyziarskeho-strediska-zauberberg-semmering\/\",\"url\":\"https:\/\/transfereurope.com\/sk\/lyziarske-transfery\/transfer-do-lyziarskych-stredisk-vo-viedni\/transfer-z-viedne-do-lyziarskeho-strediska-zauberberg-semmering\/\",\"name\":\"Viede\u0148 - ly\u017eiarske stredisko Zauberberg Semmering Transfer\",\"isPartOf\":{\"@id\":\"https:\/\/transfereurope.com\/sk\/#website\"},\"primaryImageOfPage\":{\"@id\":\"https:\/\/transfereurope.com\/sk\/lyziarske-transfery\/transfer-do-lyziarskych-stredisk-vo-viedni\/transfer-z-viedne-do-lyziarskeho-strediska-zauberberg-semmering\/#primaryimage\"},\"image\":{\"@id\":\"https:\/\/transfereurope.com\/sk\/lyziarske-transfery\/transfer-do-lyziarskych-stredisk-vo-viedni\/transfer-z-viedne-do-lyziarskeho-strediska-zauberberg-semmering\/#primaryimage\"},\"thumbnailUrl\":\"https:\/\/transfereurope.com\/wp-content\/uploads\/2025\/08\/vienna-to-zauberberg-semmering-ski-resort-transfer-2-1.png\",\"datePublished\":\"2025-08-06T00:22:24+00:00\",\"description\":\"Za\u017eite ly\u017eiarsky transfer z Viedne na Zauberberg Semmering. Rezervujte si e\u0161te dnes a u\u017eite si cestovanie bez stresu s malebn\u00fdm v\u00fdh\u013eadom. Zavolajte n\u00e1m \u260e +421 940 904 184 pre individu\u00e1lnu pomoc.\",\"breadcrumb\":{\"@id\":\"https:\/\/transfereurope.com\/sk\/lyziarske-transfery\/transfer-do-lyziarskych-stredisk-vo-viedni\/transfer-z-viedne-do-lyziarskeho-strediska-zauberberg-semmering\/#breadcrumb\"},\"inLanguage\":\"sk-SK\",\"potentialAction\":[{\"@type\":\"ReadAction\",\"target\":[\"https:\/\/transfereurope.com\/sk\/lyziarske-transfery\/transfer-do-lyziarskych-stredisk-vo-viedni\/transfer-z-viedne-do-lyziarskeho-strediska-zauberberg-semmering\/\"]}]},{\"@type\":\"ImageObject\",\"inLanguage\":\"sk-SK\",\"@id\":\"https:\/\/transfereurope.com\/sk\/lyziarske-transfery\/transfer-do-lyziarskych-stredisk-vo-viedni\/transfer-z-viedne-do-lyziarskeho-strediska-zauberberg-semmering\/#primaryimage\",\"url\":\"https:\/\/transfereurope.com\/wp-content\/uploads\/2025\/08\/vienna-to-zauberberg-semmering-ski-resort-transfer-2-1.png\",\"contentUrl\":\"https:\/\/transfereurope.com\/wp-content\/uploads\/2025\/08\/vienna-to-zauberberg-semmering-ski-resort-transfer-2-1.png\",\"width\":940,\"height\":788},{\"@type\":\"BreadcrumbList\",\"@id\":\"https:\/\/transfereurope.com\/sk\/lyziarske-transfery\/transfer-do-lyziarskych-stredisk-vo-viedni\/transfer-z-viedne-do-lyziarskeho-strediska-zauberberg-semmering\/#breadcrumb\",\"itemListElement\":[{\"@type\":\"ListItem\",\"position\":1,\"name\":\"Home\",\"item\":\"https:\/\/transfereurope.com\/sk\/\"},{\"@type\":\"ListItem\",\"position\":2,\"name\":\"Transfer z Viedne do ly\u017eiarskeho strediska Zauberberg Semmering\"}]},{\"@type\":\"WebSite\",\"@id\":\"https:\/\/transfereurope.com\/sk\/#website\",\"url\":\"https:\/\/transfereurope.com\/sk\/\",\"name\":\"transfereurope\",\"description\":\"\",\"publisher\":{\"@id\":\"https:\/\/transfereurope.com\/sk\/#organization\"},\"potentialAction\":[{\"@type\":\"SearchAction\",\"target\":{\"@type\":\"EntryPoint\",\"urlTemplate\":\"https:\/\/transfereurope.com\/sk\/?s={search_term_string}\"},\"query-input\":{\"@type\":\"PropertyValueSpecification\",\"valueRequired\":true,\"valueName\":\"search_term_string\"}}],\"inLanguage\":\"sk-SK\"},{\"@type\":\"Organization\",\"@id\":\"https:\/\/transfereurope.com\/sk\/#organization\",\"name\":\"transfereurope\",\"url\":\"https:\/\/transfereurope.com\/sk\/\",\"logo\":{\"@type\":\"ImageObject\",\"inLanguage\":\"sk-SK\",\"@id\":\"https:\/\/transfereurope.com\/sk\/#\/schema\/logo\/image\/\",\"url\":\"https:\/\/transfereurope.com\/wp-content\/uploads\/2025\/08\/TRANSFERS-1655.png\",\"contentUrl\":\"https:\/\/transfereurope.com\/wp-content\/uploads\/2025\/08\/TRANSFERS-1655.png\",\"width\":500,\"height\":274,\"caption\":\"transfereurope\"},\"image\":{\"@id\":\"https:\/\/transfereurope.com\/sk\/#\/schema\/logo\/image\/\"}}]}<\/script>\n<!-- \/ Yoast SEO plugin. -->","yoast_head_json":{"title":"Viede\u0148 - ly\u017eiarske stredisko Zauberberg Semmering Transfer","description":"Za\u017eite ly\u017eiarsky transfer z Viedne na Zauberberg Semmering. Rezervujte si e\u0161te dnes a u\u017eite si cestovanie bez stresu s malebn\u00fdm v\u00fdh\u013eadom. Zavolajte n\u00e1m \u260e +421 940 904 184 pre individu\u00e1lnu pomoc.","robots":{"index":"index","follow":"follow","max-snippet":"max-snippet:-1","max-image-preview":"max-image-preview:large","max-video-preview":"max-video-preview:-1"},"canonical":"https:\/\/transfereurope.com\/sk\/lyziarske-transfery\/transfer-do-lyziarskych-stredisk-vo-viedni\/transfer-z-viedne-do-lyziarskeho-strediska-zauberberg-semmering\/","og_locale":"sk_SK","og_type":"article","og_title":"Viede\u0148 - ly\u017eiarske stredisko Zauberberg Semmering Transfer","og_description":"Za\u017eite ly\u017eiarsky transfer z Viedne na Zauberberg Semmering. Rezervujte si e\u0161te dnes a u\u017eite si cestovanie bez stresu s malebn\u00fdm v\u00fdh\u013eadom. Zavolajte n\u00e1m \u260e +421 940 904 184 pre individu\u00e1lnu pomoc.","og_url":"https:\/\/transfereurope.com\/sk\/lyziarske-transfery\/transfer-do-lyziarskych-stredisk-vo-viedni\/transfer-z-viedne-do-lyziarskeho-strediska-zauberberg-semmering\/","og_site_name":"transfereurope","og_image":[{"width":940,"height":788,"url":"https:\/\/transfereurope.com\/wp-content\/uploads\/2025\/08\/vienna-to-zauberberg-semmering-ski-resort-transfer-2-1.png","type":"image\/png"}],"twitter_card":"summary_large_image","twitter_misc":{"Predpokladan\u00fd \u010das \u010d\u00edtania":"5 min\u00fat"},"schema":{"@context":"https:\/\/schema.org","@graph":[{"@type":"WebPage","@id":"https:\/\/transfereurope.com\/sk\/lyziarske-transfery\/transfer-do-lyziarskych-stredisk-vo-viedni\/transfer-z-viedne-do-lyziarskeho-strediska-zauberberg-semmering\/","url":"https:\/\/transfereurope.com\/sk\/lyziarske-transfery\/transfer-do-lyziarskych-stredisk-vo-viedni\/transfer-z-viedne-do-lyziarskeho-strediska-zauberberg-semmering\/","name":"Viede\u0148 - ly\u017eiarske stredisko Zauberberg Semmering Transfer","isPartOf":{"@id":"https:\/\/transfereurope.com\/sk\/#website"},"primaryImageOfPage":{"@id":"https:\/\/transfereurope.com\/sk\/lyziarske-transfery\/transfer-do-lyziarskych-stredisk-vo-viedni\/transfer-z-viedne-do-lyziarskeho-strediska-zauberberg-semmering\/#primaryimage"},"image":{"@id":"https:\/\/transfereurope.com\/sk\/lyziarske-transfery\/transfer-do-lyziarskych-stredisk-vo-viedni\/transfer-z-viedne-do-lyziarskeho-strediska-zauberberg-semmering\/#primaryimage"},"thumbnailUrl":"https:\/\/transfereurope.com\/wp-content\/uploads\/2025\/08\/vienna-to-zauberberg-semmering-ski-resort-transfer-2-1.png","datePublished":"2025-08-06T00:22:24+00:00","description":"Za\u017eite ly\u017eiarsky transfer z Viedne na Zauberberg Semmering. Rezervujte si e\u0161te dnes a u\u017eite si cestovanie bez stresu s malebn\u00fdm v\u00fdh\u013eadom. Zavolajte n\u00e1m \u260e +421 940 904 184 pre individu\u00e1lnu pomoc.","breadcrumb":{"@id":"https:\/\/transfereurope.com\/sk\/lyziarske-transfery\/transfer-do-lyziarskych-stredisk-vo-viedni\/transfer-z-viedne-do-lyziarskeho-strediska-zauberberg-semmering\/#breadcrumb"},"inLanguage":"sk-SK","potentialAction":[{"@type":"ReadAction","target":["https:\/\/transfereurope.com\/sk\/lyziarske-transfery\/transfer-do-lyziarskych-stredisk-vo-viedni\/transfer-z-viedne-do-lyziarskeho-strediska-zauberberg-semmering\/"]}]},{"@type":"ImageObject","inLanguage":"sk-SK","@id":"https:\/\/transfereurope.com\/sk\/lyziarske-transfery\/transfer-do-lyziarskych-stredisk-vo-viedni\/transfer-z-viedne-do-lyziarskeho-strediska-zauberberg-semmering\/#primaryimage","url":"https:\/\/transfereurope.com\/wp-content\/uploads\/2025\/08\/vienna-to-zauberberg-semmering-ski-resort-transfer-2-1.png","contentUrl":"https:\/\/transfereurope.com\/wp-content\/uploads\/2025\/08\/vienna-to-zauberberg-semmering-ski-resort-transfer-2-1.png","width":940,"height":788},{"@type":"BreadcrumbList","@id":"https:\/\/transfereurope.com\/sk\/lyziarske-transfery\/transfer-do-lyziarskych-stredisk-vo-viedni\/transfer-z-viedne-do-lyziarskeho-strediska-zauberberg-semmering\/#breadcrumb","itemListElement":[{"@type":"ListItem","position":1,"name":"Home","item":"https:\/\/transfereurope.com\/sk\/"},{"@type":"ListItem","position":2,"name":"Transfer z Viedne do ly\u017eiarskeho strediska Zauberberg Semmering"}]},{"@type":"WebSite","@id":"https:\/\/transfereurope.com\/sk\/#website","url":"https:\/\/transfereurope.com\/sk\/","name":"transfereurope","description":"","publisher":{"@id":"https:\/\/transfereurope.com\/sk\/#organization"},"potentialAction":[{"@type":"SearchAction","target":{"@type":"EntryPoint","urlTemplate":"https:\/\/transfereurope.com\/sk\/?s={search_term_string}"},"query-input":{"@type":"PropertyValueSpecification","valueRequired":true,"valueName":"search_term_string"}}],"inLanguage":"sk-SK"},{"@type":"Organization","@id":"https:\/\/transfereurope.com\/sk\/#organization","name":"transfereurope","url":"https:\/\/transfereurope.com\/sk\/","logo":{"@type":"ImageObject","inLanguage":"sk-SK","@id":"https:\/\/transfereurope.com\/sk\/#\/schema\/logo\/image\/","url":"https:\/\/transfereurope.com\/wp-content\/uploads\/2025\/08\/TRANSFERS-1655.png","contentUrl":"https:\/\/transfereurope.com\/wp-content\/uploads\/2025\/08\/TRANSFERS-1655.png","width":500,"height":274,"caption":"transfereurope"},"image":{"@id":"https:\/\/transfereurope.com\/sk\/#\/schema\/logo\/image\/"}}]}},"_links":{"self":[{"href":"https:\/\/transfereurope.com\/sk\/wp-json\/wp\/v2\/pages\/84447","targetHints":{"allow":["GET"]}}],"collection":[{"href":"https:\/\/transfereurope.com\/sk\/wp-json\/wp\/v2\/pages"}],"about":[{"href":"https:\/\/transfereurope.com\/sk\/wp-json\/wp\/v2\/types\/page"}],"author":[{"embeddable":true,"href":"https:\/\/transfereurope.com\/sk\/wp-json\/wp\/v2\/users\/1"}],"replies":[{"embeddable":true,"href":"https:\/\/transfereurope.com\/sk\/wp-json\/wp\/v2\/comments?post=84447"}],"version-history":[{"count":0,"href":"https:\/\/transfereurope.com\/sk\/wp-json\/wp\/v2\/pages\/84447\/revisions"}],"up":[{"embeddable":true,"href":"https:\/\/transfereurope.com\/sk\/wp-json\/wp\/v2\/pages\/20466"}],"wp:featuredmedia":[{"embeddable":true,"href":"https:\/\/transfereurope.com\/sk\/wp-json\/wp\/v2\/media\/84448"}],"wp:attachment":[{"href":"https:\/\/transfereurope.com\/sk\/wp-json\/wp\/v2\/media?parent=84447"}],"curies":[{"name":"wp","href":"https:\/\/api.w.org\/{rel}","templated":true}]}}