{"id":84207,"date":"2025-08-06T00:19:09","date_gmt":"2025-08-06T00:19:09","guid":{"rendered":"https:\/\/transfereurope.com\/transfer-z-viedne-do-lyziarskeho-strediska-tyrolsko\/"},"modified":"2025-08-06T00:19:09","modified_gmt":"2025-08-06T00:19:09","slug":"transfer-z-viedne-do-lyziarskeho-strediska-tyrolsko","status":"publish","type":"page","link":"https:\/\/transfereurope.com\/sk\/lyziarske-transfery\/transfer-do-lyziarskych-stredisk-vo-viedni\/transfer-z-viedne-do-lyziarskeho-strediska-tyrolsko\/","title":{"rendered":"Transfer z Viedne do ly\u017eiarskeho strediska Tyrolsko"},"content":{"rendered":"\n<div id=\"t4-masthead\" class=\"t4-section  t4-masthead\">\n<div class=\"t4-col text-center\">\n<div class=\"ja-masthead\" >\n<div class=\"ja-masthead-detail\">\n<h1 class=\"ja-masthead-title\">Transfer z Viedne do ly\u017eiarskeho strediska Tyrolsko<\/h1>\n<p>                 <!---->            <\/p>\n<div class=\"block-breadcrumb\">                       <\/div>\n<\/p><\/div>\n<\/p><\/div>\n<pre><\/pre>\n<\/div>\n<\/div>\n<div id=\"t4-main-body\" class=\"t4-section  t4-main-body\" role=\"main body\">\n<div class=\"t4-section-inner container\">\n<div class=\"t4-row row\">\n<div class=\"t4-col col-12 col-xl\">\n<div id=\"system-message-container\"> \t<\/div>\n<div class=\"com-content-article item-page view-tour-detail\">\n<div class=\"tour-top-info clearfix\">\n<div class=\"pull-left\">\n<div class=\"category-article-dot\">\n<div class=\"category-name\"> \t\t\t\t\t<a href=\"\/sk\/lyziarske-transfery\/transfer-do-lyziarskych-stredisk-vo-viedni\" itemprop=\"genre\">Transfery do ly\u017eiarskych stred\u00edsk vo Viedni<\/a> \t\t\t\t<\/div>\n<\/p><\/div>\n<\/p><\/div>\n<div class=\"pull-right\">\n<div class=\"text-danger tour-price\"> \t\t\t\t\t\t<a href=\"\/sk\/rezervovat-transfer\">Rezervova\u0165<\/a><\/div>\n<\/p><\/div>\n<\/p><\/div>\n<p>  \t <!--\t-->  \t<\/p>\n<div class=\"vm-product-container\">\n<figure class=\"pull-left item-image\">\n<div class=\"main-image\"> \t\t<a  rel='vm-additional-images' href=\"\/images\/virtuemart\/product\/vienna-to-tyrol-ski-resort-transfer.png\"><img decoding=\"async\"  loading=\"lazy\"  src=\"\/wp-content\/uploads\/2025\/08\/vienna-to-tyrol-ski-resort-transfer-2.png\"  \/><\/a>\t\t<\/p>\n<div class=\"clear\"><\/div>\n<\/p><\/div>\n<\/figure>\n<div class=\"vm-product-details-container\">\n<div class=\"spacer-buy-area\">    \t\t \t\t<\/div>\n<\/p><\/div>\n<div class=\"clear\"><\/div>\n<\/p><\/div>\n<div class=\"product-description\" >\n<p>Vitajte v br\u00e1ne alpsk\u00fdch dobrodru\u017estiev! Ak pl\u00e1nujete cestu z Viedne do o\u010daruj\u00faceho ly\u017eiarskeho strediska v Tirolsku, neh\u013eadajte ni\u010d in\u00e9 ako Transfer Europe, ktor\u00fd v\u00e1m zabezpe\u010d\u00ed bezprobl\u00e9mov\u00e9 cestovanie. N\u00e1\u0161 \u0161pecializovan\u00fd t\u00edm je tu, aby zabezpe\u010dil, \u017ee va\u0161a cesta bude nielen pohodln\u00e1, ale aj pln\u00e1 \u00fachvatn\u00fdch kr\u00e1s, ktor\u00e9 Tirolsko pon\u00faka. Ly\u017eiarske stredisko Tirolsko, ktor\u00e9 sa nach\u00e1dza uprostred zasne\u017een\u00fdch vrcholov, je zimnou krajinou z\u00e1zrakov, ktor\u00e1 l\u00e1ka nad\u0161encov z cel\u00e9ho sveta.<\/p>\n<p style=\"text-align: center;\"><a class=\"btn btn-primary\" href=\"\/sk\/rezervovat-transfer\">Rezervova\u0165 transfer<\/a><\/p>\n<p style=\"text-align: center;\"><img decoding=\"async\" title=\"transfer-z-viedne-do-lyziarskeho-strediska-tyrolsko\" src=\"\/wp-content\/uploads\/2025\/08\/transfer-z-viedne-do-lyziarskeho-strediska-tyrolsko.png\" alt=\"transfer-z-viedne-do-lyziarskeho-strediska-tyrolsko\" \/><\/p>\n<p><strong>Pre\u010do si vybra\u0165 Transfer Europe?<\/strong><\/p>\n<p>V spolo\u010dnosti Transfer Europe sme hrd\u00ed na to, \u017ee poskytujeme \u0161pi\u010dkov\u00e9 dopravn\u00e9 slu\u017eby, ktor\u00e9 v\u00e1s bez probl\u00e9mov dopravia do ly\u017eiarskeho strediska Tyrol. Tu je nieko\u013eko presved\u010div\u00fdch d\u00f4vodov, pre\u010do si pre svoj transfer z Viedne do Tirolska vybra\u0165 pr\u00e1ve n\u00e1s:<\/p>\n<ol>\n<li>\n<p><strong>R\u00f4znorod\u00e1 flotila:<\/strong>\u00a0Na\u0161a flotila vyhovie v\u0161etk\u00fdm potreb\u00e1m, od individu\u00e1lnych cestuj\u00facich a\u017e po ve\u013ek\u00e9 skupiny. Vyberte si z ponuky vozidiel vr\u00e1tane sedanov, SUV a priestrann\u00fdch minivanov, ktor\u00e9 s\u00fa vybaven\u00e9 dostato\u010dn\u00fdm bato\u017einov\u00fdm priestorom na ulo\u017eenie va\u0161ej zimnej v\u00fdbavy.<\/p>\n<\/li>\n<li>\n<p><strong>Profesion\u00e1lni vodi\u010di:<\/strong>\u00a0Va\u0161a bezpe\u010dnos\u0165 je na\u0161ou prioritou. Na\u0161i sk\u00fasen\u00ed a zdvoril\u00ed vodi\u010di sa dobre orientuj\u00fa na alpsk\u00fdch cest\u00e1ch, \u010d\u00edm zabezpe\u010duj\u00fa hladk\u00fa a bezpe\u010dn\u00fa cestu. Relaxujte a vychutn\u00e1vajte si \u00fa\u017easn\u00fa krajinu, zatia\u013e \u010do na\u0161i vodi\u010di sa postaraj\u00fa o zvy\u0161ok.<\/p>\n<\/li>\n<li>\n<p><strong>Transfer z letiska vo Viedni:<\/strong>\u00a0Za\u010dnite svoje dobrodru\u017estvo v Tirolsku priamo z letiska. Na\u0161e slu\u017eby transferu sa za\u010d\u00ednaj\u00fa na medzin\u00e1rodnom letisku vo Viedni, \u010do v\u00e1m zabezpe\u010d\u00ed bezprobl\u00e9mov\u00fd prechod z lietadla do alpskej bla\u017eenosti.<\/p>\n<\/li>\n<li>\n<p><strong>Bal\u00edky na mieru:<\/strong>\u00a0Prisp\u00f4sobte si svoju cestu pod\u013ea svojich preferenci\u00ed. \u010ci u\u017e ste ly\u017eiarsky nad\u0161enec alebo rekrea\u010dn\u00fd cestovate\u013e, na\u0161e prisp\u00f4sobite\u013en\u00e9 bal\u00edky vyhovuj\u00fa ka\u017ed\u00e9mu typu zimn\u00fdch objavite\u013eov.<\/p>\n<\/li>\n<li>\n<p><strong>Sc\u00e9nick\u00e9 zast\u00e1vky:<\/strong>\u00a0Preme\u0148te svoj presun na pozn\u00e1vacie dobrodru\u017estvo. Na\u0161i vodi\u010di v\u00e1m m\u00f4\u017eu zorganizova\u0165 zast\u00e1vky pri v\u00fdznamn\u00fdch pamiatkach po ceste, aby ste si mohli vychutna\u0165 kr\u00e1sy rak\u00faskej krajiny.<\/p>\n<\/li>\n<\/ol>\n<p style=\"text-align: center;\"><a class=\"btn btn-primary\" href=\"\/sk\/rezervovat-transfer\">Rezervova\u0165 transfer<\/a><\/p>\n<p style=\"text-align: center;\"><img decoding=\"async\" title=\"transfer-do-ly\u017eiarskeho-strediska\" src=\"\/wp-content\/uploads\/2025\/08\/transfer-do-lyiarskeho-strediska.png\" alt=\"transfer-do-ly\u017eiarskeho-strediska\" \/><\/p>\n<p>Pre\u010do pr\u00e1ve Tirolsko? Ly\u017eiarske stredisko Tyrol nie je len o ly\u017eovan\u00ed, je to komplexn\u00fd z\u00e1\u017eitok. Ponorte sa do miestnej kult\u00fary, presk\u00famajte o\u010daruj\u00face dedinky a vychutnajte si tradi\u010dn\u00fa rak\u00fasku kuchy\u0148u. Tirolsko pon\u00faka dokonal\u00fa kombin\u00e1ciu zimn\u00fdch \u0161portov, kult\u00farneho bohatstva a pr\u00edrodnej n\u00e1dhery.<\/p>\n<h2 style=\"text-align: center;\"><span style=\"font-size: 18pt;\"><strong>Rezervujte si transfer z Viedne do ly\u017eiarskeho strediska Tyrol teraz!<\/strong><\/span><\/h2>\n<p>Ste pripraven\u00ed vyrazi\u0165 na zjazdovku? Rezervujte si transfer z Viedne do Tirolska s Transfer Europe e\u0161te dnes a vydajte sa na cestu, ktor\u00e1 sp\u00e1ja komfort, pohodlie a podmaniv\u00fa krajinu.<\/p>\n<p style=\"text-align: center;\"><a class=\"btn btn-primary\" href=\"\/sk\/rezervovat-transfer\">Rezervova\u0165 transfer<\/a><\/p>\n<p style=\"text-align: center;\"><img decoding=\"async\" title=\"transfery-z-viedne-do-ly\u017eiarskeho-strediska\" src=\"\/wp-content\/uploads\/2025\/08\/transfery-z-viedne-do-lyiarskeho-strediska.jpg\" alt=\"transfery-z-viedne-do-ly\u017eiarskeho-strediska\" \/><\/p>\n<h2 style=\"text-align: center;\"><span style=\"font-size: 18pt;\"><strong>FAQs &#8211;\u00a0Transfer z Viedne do ly\u017eiarskeho strediska Tyrolsko<\/strong><\/span><\/h2>\n<h3><span style=\"font-size: 14pt;\"><strong>Je transfer vhodn\u00fd pre rodiny s de\u0165mi?\u00a0<\/strong><\/span><\/h3>\n<p>Rozhodne! Na\u0161e priestrann\u00e9 minivany s\u00fa ide\u00e1lne pre rodiny a zabezpe\u010dujeme bezpe\u010dn\u00fa a pohodln\u00fa cestu pre cestuj\u00facich v\u0161etk\u00fdch vekov\u00fdch kateg\u00f3ri\u00ed.<\/p>\n<h3><span style=\"font-size: 14pt;\"><strong>M\u00f4\u017eem si prinies\u0165 svoje ly\u017eiarske vybavenie?\u00a0<\/strong><\/span><\/h3>\n<p>\u00c1no, na\u0161e vozidl\u00e1 s\u00fa vybaven\u00e9 dostato\u010dn\u00fdm \u00falo\u017en\u00fdm priestorom na ly\u017eiarsky v\u00fdstroj, ktor\u00fd zabezpe\u010d\u00ed bezprobl\u00e9mov\u00fd presun pre milovn\u00edkov zimn\u00fdch \u0161portov.<\/p>\n<h3><span style=\"font-size: 14pt;\"><strong>S\u00fa na ceste do Tirolska nejak\u00e9 zauj\u00edmav\u00e9 zast\u00e1vky?\u00a0<\/strong><\/span><\/h3>\n<p>\u00c1no, na\u0161i vodi\u010di m\u00f4\u017eu zorganizova\u0165 vyhliadkov\u00e9 zast\u00e1vky pri v\u00fdznamn\u00fdch pamiatkach, kaviar\u0148ach a in\u00fdch zauj\u00edmav\u00fdch miestach na trase. Sta\u010d\u00ed n\u00e1m ozn\u00e1mi\u0165 svoje preferencie!<\/p>\n<h3><span style=\"font-size: 14pt;\"><strong>\u010co ak m\u00f4j let bude odlo\u017een\u00fd?\u00a0<\/strong><\/span><\/h3>\n<p>N\u00e1\u0161 t\u00edm sleduje letov\u00e9 poriadky a pod\u013ea toho prisp\u00f4sobuje svoje slu\u017eby. M\u00f4\u017eete si by\u0165 ist\u00ed, \u017ee v\u00e1s vyzdvihneme v\u017edy, ke\u010f v\u00e1\u0161 let prilet\u00ed.<\/p>\n<h3><span style=\"font-size: 14pt;\"><strong>S\u00fa vo vozidl\u00e1ch zariadenia vhodn\u00e9 pre deti?\u00a0<\/strong><\/span><\/h3>\n<p>\u00c1no, na\u0161e vozidl\u00e1 s\u00fa vhodn\u00e9 pre rodiny a na po\u017eiadanie v\u00e1m poskytneme detsk\u00e9 seda\u010dky. Sta\u010d\u00ed n\u00e1s pri rezerv\u00e1cii informova\u0165 o va\u0161ich po\u017eiadavk\u00e1ch.<\/p>\n<p style=\"text-align: center;\"><a class=\"btn btn-primary\" href=\"\/sk\/rezervovat-transfer\">Rezervova\u0165 transfer<\/a><\/p>\n<p>Va\u0161e dobrodru\u017estvo v Tirolsku sa za\u010d\u00edna s Transfer Europe. Rezervujte si teraz a nechajte sa un\u00e1\u0161a\u0165 alpsk\u00fdm k\u00fazlom!<\/p>\n<div id=\"gtx-trans\" style=\"position: absolute; left: -1px; top: 1828.75px;\">\u00a0<\/div>\n<\/p><\/div>\n<div class=\"product-price-container\">\n<div class=\"sale-price\"> \t\t<\/div>\n<\/p><\/div>\n<div class=\"options\"><\/div>\n<div> \t\t<\/div>\n<p>   \t        <script type=\"text\/javascript\" ><\/script>  <script type=\"text\/javascript\" ><\/script> <script type=\"text\/javascript\" ><\/script>  <script type=\"text\/javascript\" ><\/script> <script type=\"text\/javascript\" ><\/script> <script type=\"text\/javascript\" ><\/script> <script type=\"text\/javascript\" ><\/script> <\/div>\n<p> \t\t<!-- \u041f\u043b\u0430\u0433\u0438\u043d \u0440\u0435\u0439\u0442\u0438\u043d\u0433\u0430 --> <\/p>\n<div class=\"vrvote-body\">\n<ul class=\"vrvote-ul\">\n<li id=\"rating_153\" class=\"current-rating\" style=\"width:100.00%;\"><\/li>\n<li> \t\t\t\t\t\t<a class=\"vr-one-star\" onclick=\"javascript:JSVRvote(153,1,55,11,0)\" href=\"javascript:void(null)\">1<\/a> \t\t\t\t\t<\/li>\n<li> \t\t\t\t\t\t<a class=\"vr-two-stars\" onclick=\"javascript:JSVRvote(153,2,55,11,0)\" href=\"javascript:void(null)\">2<\/a> \t\t\t\t\t<\/li>\n<li> \t\t\t\t\t\t<a class=\"vr-three-stars\" onclick=\"javascript:JSVRvote(153,3,55,11,0)\" href=\"javascript:void(null)\">3<\/a> \t\t\t\t\t<\/li>\n<li> \t\t\t\t\t\t<a class=\"vr-four-stars\" onclick=\"javascript:JSVRvote(153,4,55,11,0)\" href=\"javascript:void(null)\">4<\/a> \t\t\t\t\t<\/li>\n<li> \t\t\t\t\t\t<a class=\"vr-five-stars\" onclick=\"javascript:JSVRvote(153,5,55,11,0)\" href=\"javascript:void(null)\">5<\/a> \t\t\t\t\t<\/li>\n<\/ul><\/div>\n<p> \t\t\t<span id=\"vrvote_153\" class=\"vrvote-count\"><small><\/small><\/span>\t<\/span><script type=\"application\/ld+json\"><\/script>   <\/div>\n<div class=\"t4-col sidebar-r col-12 col-xl-4\">\n<div class=\"t4-module module\" id=\"Mod306\">\n<div class=\"module-inner\">\n<div class=\"module-ct\">\n<div class=\"bannergroup\">\n<div class=\"banneritem\"> \t\t\t\t\t\t\t\t\t\t\t\t\t\t\t\t\t\t\t\t\t\t\t\t\t\t\t\t\t\t\t\t\t\t\t\t\t\t\t\t\t\t\t\t\t\t\t\t\t\t<img \t\t\t\t\t\tsrc=\"\/wp-content\/uploads\/2025\/08\/banner-transfer-europe-sk-475.png\" \t\t\t\t\t\talt=\"Banner-sk\" \t\t\t\t\t\t\t\t\t\t\t\t\t\t\t\t\t\/> \t\t\t\t\t\t\t\t\t\t\t<\/p>\n<div class=\"clr\"><\/div>\n<\/p><\/div>\n<\/p><\/div>\n<\/p><\/div>\n<\/div>\n<\/div><\/div>\n<\/p><\/div>\n<\/div><\/div>\n<div id=\"t4-section-8\" class=\"t4-section  t4-section-8  section-border-top\" role=\"section-8\">\n<div class=\"bg-overlay bg-overlay-image\">&nbsp;<\/div>\n<\/p><\/div>\n<p>  <a href='javascript:' id='back-to-top'><i class='fa fa-chevron-up'><\/i><\/a>                <\/p>\n","protected":false},"excerpt":{"rendered":"<p>Transfer z Viedne do ly\u017eiarskeho strediska Tyrolsko Transfery do ly\u017eiarskych stred\u00edsk vo Viedni Rezervova\u0165 Vitajte v br\u00e1ne alpsk\u00fdch dobrodru\u017estiev! Ak pl\u00e1nujete cestu z Viedne do o\u010daruj\u00faceho ly\u017eiarskeho strediska v Tirolsku, neh\u013eadajte ni\u010d in\u00e9 ako Transfer Europe, ktor\u00fd v\u00e1m zabezpe\u010d\u00ed bezprobl\u00e9mov\u00e9 cestovanie. N\u00e1\u0161 \u0161pecializovan\u00fd t\u00edm je tu, aby zabezpe\u010dil, \u017ee va\u0161a cesta bude nielen pohodln\u00e1, ale [&hellip;]<\/p>\n","protected":false},"author":1,"featured_media":84208,"parent":20466,"menu_order":0,"comment_status":"closed","ping_status":"closed","template":"","meta":{"footnotes":""},"class_list":["post-84207","page","type-page","status-publish","has-post-thumbnail","hentry"],"yoast_head":"<!-- This site is optimized with the Yoast SEO plugin v25.6 - https:\/\/yoast.com\/wordpress\/plugins\/seo\/ -->\n<title>Transfer z Viedne do ly\u017eiarskeho strediska Tyrolsko<\/title>\n<meta name=\"description\" content=\"Za\u017eite ly\u017eiarsky transfer z Viedne do Tirolska. Rezervujte si e\u0161te dnes a u\u017eite si cestovanie bez stresu s malebn\u00fdm v\u00fdh\u013eadom. Zavolajte n\u00e1m \u260e +421 940 904 184 pre individu\u00e1lnu pomoc.\" \/>\n<meta name=\"robots\" content=\"index, follow, max-snippet:-1, max-image-preview:large, max-video-preview:-1\" \/>\n<link rel=\"canonical\" href=\"https:\/\/transfereurope.com\/sk\/lyziarske-transfery\/transfer-do-lyziarskych-stredisk-vo-viedni\/transfer-z-viedne-do-lyziarskeho-strediska-tyrolsko\/\" \/>\n<meta property=\"og:locale\" content=\"sk_SK\" \/>\n<meta property=\"og:type\" content=\"article\" \/>\n<meta property=\"og:title\" content=\"Transfer z Viedne do ly\u017eiarskeho strediska Tyrolsko\" \/>\n<meta property=\"og:description\" content=\"Za\u017eite ly\u017eiarsky transfer z Viedne do Tirolska. Rezervujte si e\u0161te dnes a u\u017eite si cestovanie bez stresu s malebn\u00fdm v\u00fdh\u013eadom. Zavolajte n\u00e1m \u260e +421 940 904 184 pre individu\u00e1lnu pomoc.\" \/>\n<meta property=\"og:url\" content=\"https:\/\/transfereurope.com\/sk\/lyziarske-transfery\/transfer-do-lyziarskych-stredisk-vo-viedni\/transfer-z-viedne-do-lyziarskeho-strediska-tyrolsko\/\" \/>\n<meta property=\"og:site_name\" content=\"transfereurope\" \/>\n<meta property=\"og:image\" content=\"https:\/\/transfereurope.com\/wp-content\/uploads\/2025\/08\/vienna-to-tyrol-ski-resort-transfer-2-1.png\" \/>\n\t<meta property=\"og:image:width\" content=\"940\" \/>\n\t<meta property=\"og:image:height\" content=\"788\" \/>\n\t<meta property=\"og:image:type\" content=\"image\/png\" \/>\n<meta name=\"twitter:card\" content=\"summary_large_image\" \/>\n<meta name=\"twitter:label1\" content=\"Predpokladan\u00fd \u010das \u010d\u00edtania\" \/>\n\t<meta name=\"twitter:data1\" content=\"4 min\u00faty\" \/>\n<script type=\"application\/ld+json\" class=\"yoast-schema-graph\">{\"@context\":\"https:\/\/schema.org\",\"@graph\":[{\"@type\":\"WebPage\",\"@id\":\"https:\/\/transfereurope.com\/sk\/lyziarske-transfery\/transfer-do-lyziarskych-stredisk-vo-viedni\/transfer-z-viedne-do-lyziarskeho-strediska-tyrolsko\/\",\"url\":\"https:\/\/transfereurope.com\/sk\/lyziarske-transfery\/transfer-do-lyziarskych-stredisk-vo-viedni\/transfer-z-viedne-do-lyziarskeho-strediska-tyrolsko\/\",\"name\":\"Transfer z Viedne do ly\u017eiarskeho strediska Tyrolsko\",\"isPartOf\":{\"@id\":\"https:\/\/transfereurope.com\/sk\/#website\"},\"primaryImageOfPage\":{\"@id\":\"https:\/\/transfereurope.com\/sk\/lyziarske-transfery\/transfer-do-lyziarskych-stredisk-vo-viedni\/transfer-z-viedne-do-lyziarskeho-strediska-tyrolsko\/#primaryimage\"},\"image\":{\"@id\":\"https:\/\/transfereurope.com\/sk\/lyziarske-transfery\/transfer-do-lyziarskych-stredisk-vo-viedni\/transfer-z-viedne-do-lyziarskeho-strediska-tyrolsko\/#primaryimage\"},\"thumbnailUrl\":\"https:\/\/transfereurope.com\/wp-content\/uploads\/2025\/08\/vienna-to-tyrol-ski-resort-transfer-2-1.png\",\"datePublished\":\"2025-08-06T00:19:09+00:00\",\"description\":\"Za\u017eite ly\u017eiarsky transfer z Viedne do Tirolska. Rezervujte si e\u0161te dnes a u\u017eite si cestovanie bez stresu s malebn\u00fdm v\u00fdh\u013eadom. Zavolajte n\u00e1m \u260e +421 940 904 184 pre individu\u00e1lnu pomoc.\",\"breadcrumb\":{\"@id\":\"https:\/\/transfereurope.com\/sk\/lyziarske-transfery\/transfer-do-lyziarskych-stredisk-vo-viedni\/transfer-z-viedne-do-lyziarskeho-strediska-tyrolsko\/#breadcrumb\"},\"inLanguage\":\"sk-SK\",\"potentialAction\":[{\"@type\":\"ReadAction\",\"target\":[\"https:\/\/transfereurope.com\/sk\/lyziarske-transfery\/transfer-do-lyziarskych-stredisk-vo-viedni\/transfer-z-viedne-do-lyziarskeho-strediska-tyrolsko\/\"]}]},{\"@type\":\"ImageObject\",\"inLanguage\":\"sk-SK\",\"@id\":\"https:\/\/transfereurope.com\/sk\/lyziarske-transfery\/transfer-do-lyziarskych-stredisk-vo-viedni\/transfer-z-viedne-do-lyziarskeho-strediska-tyrolsko\/#primaryimage\",\"url\":\"https:\/\/transfereurope.com\/wp-content\/uploads\/2025\/08\/vienna-to-tyrol-ski-resort-transfer-2-1.png\",\"contentUrl\":\"https:\/\/transfereurope.com\/wp-content\/uploads\/2025\/08\/vienna-to-tyrol-ski-resort-transfer-2-1.png\",\"width\":940,\"height\":788},{\"@type\":\"BreadcrumbList\",\"@id\":\"https:\/\/transfereurope.com\/sk\/lyziarske-transfery\/transfer-do-lyziarskych-stredisk-vo-viedni\/transfer-z-viedne-do-lyziarskeho-strediska-tyrolsko\/#breadcrumb\",\"itemListElement\":[{\"@type\":\"ListItem\",\"position\":1,\"name\":\"Home\",\"item\":\"https:\/\/transfereurope.com\/sk\/\"},{\"@type\":\"ListItem\",\"position\":2,\"name\":\"Transfer z Viedne do ly\u017eiarskeho strediska Tyrolsko\"}]},{\"@type\":\"WebSite\",\"@id\":\"https:\/\/transfereurope.com\/sk\/#website\",\"url\":\"https:\/\/transfereurope.com\/sk\/\",\"name\":\"transfereurope\",\"description\":\"\",\"publisher\":{\"@id\":\"https:\/\/transfereurope.com\/sk\/#organization\"},\"potentialAction\":[{\"@type\":\"SearchAction\",\"target\":{\"@type\":\"EntryPoint\",\"urlTemplate\":\"https:\/\/transfereurope.com\/sk\/?s={search_term_string}\"},\"query-input\":{\"@type\":\"PropertyValueSpecification\",\"valueRequired\":true,\"valueName\":\"search_term_string\"}}],\"inLanguage\":\"sk-SK\"},{\"@type\":\"Organization\",\"@id\":\"https:\/\/transfereurope.com\/sk\/#organization\",\"name\":\"transfereurope\",\"url\":\"https:\/\/transfereurope.com\/sk\/\",\"logo\":{\"@type\":\"ImageObject\",\"inLanguage\":\"sk-SK\",\"@id\":\"https:\/\/transfereurope.com\/sk\/#\/schema\/logo\/image\/\",\"url\":\"https:\/\/transfereurope.com\/wp-content\/uploads\/2025\/08\/TRANSFERS-1655.png\",\"contentUrl\":\"https:\/\/transfereurope.com\/wp-content\/uploads\/2025\/08\/TRANSFERS-1655.png\",\"width\":500,\"height\":274,\"caption\":\"transfereurope\"},\"image\":{\"@id\":\"https:\/\/transfereurope.com\/sk\/#\/schema\/logo\/image\/\"}}]}<\/script>\n<!-- \/ Yoast SEO plugin. -->","yoast_head_json":{"title":"Transfer z Viedne do ly\u017eiarskeho strediska Tyrolsko","description":"Za\u017eite ly\u017eiarsky transfer z Viedne do Tirolska. Rezervujte si e\u0161te dnes a u\u017eite si cestovanie bez stresu s malebn\u00fdm v\u00fdh\u013eadom. Zavolajte n\u00e1m \u260e +421 940 904 184 pre individu\u00e1lnu pomoc.","robots":{"index":"index","follow":"follow","max-snippet":"max-snippet:-1","max-image-preview":"max-image-preview:large","max-video-preview":"max-video-preview:-1"},"canonical":"https:\/\/transfereurope.com\/sk\/lyziarske-transfery\/transfer-do-lyziarskych-stredisk-vo-viedni\/transfer-z-viedne-do-lyziarskeho-strediska-tyrolsko\/","og_locale":"sk_SK","og_type":"article","og_title":"Transfer z Viedne do ly\u017eiarskeho strediska Tyrolsko","og_description":"Za\u017eite ly\u017eiarsky transfer z Viedne do Tirolska. Rezervujte si e\u0161te dnes a u\u017eite si cestovanie bez stresu s malebn\u00fdm v\u00fdh\u013eadom. Zavolajte n\u00e1m \u260e +421 940 904 184 pre individu\u00e1lnu pomoc.","og_url":"https:\/\/transfereurope.com\/sk\/lyziarske-transfery\/transfer-do-lyziarskych-stredisk-vo-viedni\/transfer-z-viedne-do-lyziarskeho-strediska-tyrolsko\/","og_site_name":"transfereurope","og_image":[{"width":940,"height":788,"url":"https:\/\/transfereurope.com\/wp-content\/uploads\/2025\/08\/vienna-to-tyrol-ski-resort-transfer-2-1.png","type":"image\/png"}],"twitter_card":"summary_large_image","twitter_misc":{"Predpokladan\u00fd \u010das \u010d\u00edtania":"4 min\u00faty"},"schema":{"@context":"https:\/\/schema.org","@graph":[{"@type":"WebPage","@id":"https:\/\/transfereurope.com\/sk\/lyziarske-transfery\/transfer-do-lyziarskych-stredisk-vo-viedni\/transfer-z-viedne-do-lyziarskeho-strediska-tyrolsko\/","url":"https:\/\/transfereurope.com\/sk\/lyziarske-transfery\/transfer-do-lyziarskych-stredisk-vo-viedni\/transfer-z-viedne-do-lyziarskeho-strediska-tyrolsko\/","name":"Transfer z Viedne do ly\u017eiarskeho strediska Tyrolsko","isPartOf":{"@id":"https:\/\/transfereurope.com\/sk\/#website"},"primaryImageOfPage":{"@id":"https:\/\/transfereurope.com\/sk\/lyziarske-transfery\/transfer-do-lyziarskych-stredisk-vo-viedni\/transfer-z-viedne-do-lyziarskeho-strediska-tyrolsko\/#primaryimage"},"image":{"@id":"https:\/\/transfereurope.com\/sk\/lyziarske-transfery\/transfer-do-lyziarskych-stredisk-vo-viedni\/transfer-z-viedne-do-lyziarskeho-strediska-tyrolsko\/#primaryimage"},"thumbnailUrl":"https:\/\/transfereurope.com\/wp-content\/uploads\/2025\/08\/vienna-to-tyrol-ski-resort-transfer-2-1.png","datePublished":"2025-08-06T00:19:09+00:00","description":"Za\u017eite ly\u017eiarsky transfer z Viedne do Tirolska. Rezervujte si e\u0161te dnes a u\u017eite si cestovanie bez stresu s malebn\u00fdm v\u00fdh\u013eadom. Zavolajte n\u00e1m \u260e +421 940 904 184 pre individu\u00e1lnu pomoc.","breadcrumb":{"@id":"https:\/\/transfereurope.com\/sk\/lyziarske-transfery\/transfer-do-lyziarskych-stredisk-vo-viedni\/transfer-z-viedne-do-lyziarskeho-strediska-tyrolsko\/#breadcrumb"},"inLanguage":"sk-SK","potentialAction":[{"@type":"ReadAction","target":["https:\/\/transfereurope.com\/sk\/lyziarske-transfery\/transfer-do-lyziarskych-stredisk-vo-viedni\/transfer-z-viedne-do-lyziarskeho-strediska-tyrolsko\/"]}]},{"@type":"ImageObject","inLanguage":"sk-SK","@id":"https:\/\/transfereurope.com\/sk\/lyziarske-transfery\/transfer-do-lyziarskych-stredisk-vo-viedni\/transfer-z-viedne-do-lyziarskeho-strediska-tyrolsko\/#primaryimage","url":"https:\/\/transfereurope.com\/wp-content\/uploads\/2025\/08\/vienna-to-tyrol-ski-resort-transfer-2-1.png","contentUrl":"https:\/\/transfereurope.com\/wp-content\/uploads\/2025\/08\/vienna-to-tyrol-ski-resort-transfer-2-1.png","width":940,"height":788},{"@type":"BreadcrumbList","@id":"https:\/\/transfereurope.com\/sk\/lyziarske-transfery\/transfer-do-lyziarskych-stredisk-vo-viedni\/transfer-z-viedne-do-lyziarskeho-strediska-tyrolsko\/#breadcrumb","itemListElement":[{"@type":"ListItem","position":1,"name":"Home","item":"https:\/\/transfereurope.com\/sk\/"},{"@type":"ListItem","position":2,"name":"Transfer z Viedne do ly\u017eiarskeho strediska Tyrolsko"}]},{"@type":"WebSite","@id":"https:\/\/transfereurope.com\/sk\/#website","url":"https:\/\/transfereurope.com\/sk\/","name":"transfereurope","description":"","publisher":{"@id":"https:\/\/transfereurope.com\/sk\/#organization"},"potentialAction":[{"@type":"SearchAction","target":{"@type":"EntryPoint","urlTemplate":"https:\/\/transfereurope.com\/sk\/?s={search_term_string}"},"query-input":{"@type":"PropertyValueSpecification","valueRequired":true,"valueName":"search_term_string"}}],"inLanguage":"sk-SK"},{"@type":"Organization","@id":"https:\/\/transfereurope.com\/sk\/#organization","name":"transfereurope","url":"https:\/\/transfereurope.com\/sk\/","logo":{"@type":"ImageObject","inLanguage":"sk-SK","@id":"https:\/\/transfereurope.com\/sk\/#\/schema\/logo\/image\/","url":"https:\/\/transfereurope.com\/wp-content\/uploads\/2025\/08\/TRANSFERS-1655.png","contentUrl":"https:\/\/transfereurope.com\/wp-content\/uploads\/2025\/08\/TRANSFERS-1655.png","width":500,"height":274,"caption":"transfereurope"},"image":{"@id":"https:\/\/transfereurope.com\/sk\/#\/schema\/logo\/image\/"}}]}},"_links":{"self":[{"href":"https:\/\/transfereurope.com\/sk\/wp-json\/wp\/v2\/pages\/84207","targetHints":{"allow":["GET"]}}],"collection":[{"href":"https:\/\/transfereurope.com\/sk\/wp-json\/wp\/v2\/pages"}],"about":[{"href":"https:\/\/transfereurope.com\/sk\/wp-json\/wp\/v2\/types\/page"}],"author":[{"embeddable":true,"href":"https:\/\/transfereurope.com\/sk\/wp-json\/wp\/v2\/users\/1"}],"replies":[{"embeddable":true,"href":"https:\/\/transfereurope.com\/sk\/wp-json\/wp\/v2\/comments?post=84207"}],"version-history":[{"count":0,"href":"https:\/\/transfereurope.com\/sk\/wp-json\/wp\/v2\/pages\/84207\/revisions"}],"up":[{"embeddable":true,"href":"https:\/\/transfereurope.com\/sk\/wp-json\/wp\/v2\/pages\/20466"}],"wp:featuredmedia":[{"embeddable":true,"href":"https:\/\/transfereurope.com\/sk\/wp-json\/wp\/v2\/media\/84208"}],"wp:attachment":[{"href":"https:\/\/transfereurope.com\/sk\/wp-json\/wp\/v2\/media?parent=84207"}],"curies":[{"name":"wp","href":"https:\/\/api.w.org\/{rel}","templated":true}]}}