{"id":83736,"date":"2025-08-06T00:13:16","date_gmt":"2025-08-06T00:13:16","guid":{"rendered":"https:\/\/transfereurope.com\/transfer-z-hallstattu-do-viedne\/"},"modified":"2025-08-06T00:13:16","modified_gmt":"2025-08-06T00:13:16","slug":"transfer-z-hallstattu-do-viedne","status":"publish","type":"page","link":"https:\/\/transfereurope.com\/sk\/destinacie\/halstat\/transfer-z-hallstattu-do-viedne\/","title":{"rendered":"Transfer z Hallstattu do Viedne"},"content":{"rendered":"\n<div id=\"t4-masthead\" class=\"t4-section  t4-masthead\">\n<div class=\"t4-col text-center\">\n<div class=\"ja-masthead\" >\n<div class=\"ja-masthead-detail\">\n<h1 class=\"ja-masthead-title\">Transfer z Hallstattu do Viedne<\/h1>\n<p>                 <!---->            <\/p>\n<div class=\"block-breadcrumb\">                       <\/div>\n<\/p><\/div>\n<\/p><\/div>\n<pre><\/pre>\n<\/div>\n<\/div>\n<div id=\"t4-main-body\" class=\"t4-section  t4-main-body\" role=\"main body\">\n<div class=\"t4-section-inner container\">\n<div class=\"t4-row row\">\n<div class=\"t4-col col-12 col-xl\">\n<div id=\"system-message-container\"> \t<\/div>\n<div class=\"com-content-article item-page view-tour-detail\">\n<div class=\"tour-top-info clearfix\">\n<div class=\"pull-left\">\n<div class=\"category-article-dot\">\n<div class=\"category-name\"> \t\t\t\t\t<a href=\"\/sk\/destinacie\/halstat\" itemprop=\"genre\">Hal\u0161tat Osobn\u00e1 preprava<\/a> \t\t\t\t<\/div>\n<\/p><\/div>\n<\/p><\/div>\n<div class=\"pull-right\">\n<div class=\"text-danger tour-price\"> \t\t\t\t\t\t<a href=\"\/sk\/rezervovat-transfer\">Rezervova\u0165<\/a><\/div>\n<\/p><\/div>\n<\/p><\/div>\n<p>  \t <!--\t-->  \t<\/p>\n<div class=\"vm-product-container\">\n<figure class=\"pull-left item-image\">\n<div class=\"main-image\"> \t\t<a title=\"Hallstatt to Vienna Transfer Service\" rel='vm-additional-images' href=\"\/images\/virtuemart\/product\/Europe Destinations Transfers (1)758.jpg\"><img decoding=\"async\"  loading=\"lazy\"  src=\"\/wp-content\/uploads\/2025\/08\/Europe-Destinations-Transfers-1758-7.jpg\"  alt=\"Hallstatt to Vienna Transfer Service\"  \/><\/a>\t\t<\/p>\n<div class=\"clear\"><\/div>\n<\/p><\/div>\n<\/figure>\n<div class=\"vm-product-details-container\">\n<div class=\"spacer-buy-area\">    \t\t \t\t<\/div>\n<\/p><\/div>\n<div class=\"clear\"><\/div>\n<\/p><\/div>\n<div class=\"product-description\" >\n<div class=\"book-now mt-5\" style=\"text-align: left;\">\n<p>Ak potrebujete spo\u013eahliv\u00fa a pohodln\u00fa prepravu z o\u010daruj\u00facej dedinky Hallstatt do pulzuj\u00facej Viedne, neh\u013eadajte \u010falej. Na\u0161a slu\u017eba transferu z Hallstattu do Viedne pon\u00faka dokonal\u00e9 rie\u0161enie pre cestu bez stresu.<\/p>\n<p>S na\u0161\u00edm s\u00fakromn\u00fdm pren\u00e1jmom vozidla a s\u00fakromn\u00fdm vodi\u010dom si m\u00f4\u017eete vychutna\u0165 bezprobl\u00e9mov\u00fa a pohodln\u00fa cestu malebnou rak\u00faskou krajinou. Na\u0161e prepravn\u00e9 slu\u017eby s\u00fa navrhnut\u00e9 tak, aby vyhovovali va\u0161im \u0161pecifick\u00fdm potreb\u00e1m a zabezpe\u010dili v\u00e1m bezprobl\u00e9mov\u00fd a pr\u00edjemn\u00fd z\u00e1\u017eitok.<\/p>\n<p style=\"text-align: center;\"><a class=\"btn btn-primary\" href=\"\/sk\/rezervovat-transfer\">Rezervova\u0165<\/a><\/p>\n<h2 style=\"text-align: center;\"><strong>Pre\u010do si vybra\u0165 n\u00e1\u0161 transfer z Hallstattu do Viedne?<\/strong><\/h2>\n<ul>\n<li><strong>Pohodlie:<\/strong> Na\u0161\u00edm cie\u013eom je, aby cesta z Hallstattu do Viedne bola \u010do najjednoduch\u0161ia. N\u00e1\u0161 s\u00fakromn\u00fd vodi\u010d v\u00e1s vyzdvihne na vami zvolenom mieste v Hallstatte a zabezpe\u010d\u00ed v\u00e1m r\u00fdchly a presn\u00fd za\u010diatok cesty.<\/li>\n<li><strong>Komfort:<\/strong> Na\u0161e dobre udr\u017eiavan\u00e9 a pohodln\u00e9 vozidl\u00e1 s\u00fa vybaven\u00e9 tak, aby v\u00e1m po\u010das prepravy poskytli \u010do najpokojnej\u0161\u00ed z\u00e1\u017eitok. Pohodlne sa usa\u010fte, uvo\u013enite sa a vychutnajte si kr\u00e1snu scen\u00e9riu, k\u00fdm v\u00e1s n\u00e1\u0161 vodi\u010d odvezie do cie\u013ea.<\/li>\n<li><strong>Individu\u00e1lne slu\u017eby:<\/strong> Na\u0161ou prioritou je va\u0161e pohodlie a spokojnos\u0165. Na\u0161a slu\u017eba pren\u00e1jmu s\u00fakromn\u00e9ho vozidla pon\u00faka individu\u00e1lny z\u00e1\u017eitok, ktor\u00fd v\u00e1m umo\u017en\u00ed robi\u0165 zast\u00e1vky po ceste, \u010d\u00edm sa zabezpe\u010d\u00ed, \u017ee nevynech\u00e1te \u017eiadnu pamiatku, ktor\u00fa mus\u00edte vidie\u0165.<\/li>\n<li><strong>Spo\u013eahlivos\u0165 a bezpe\u010dnos\u0165:<\/strong> Bezpe\u010dnos\u0165 je pre n\u00e1s prvorad\u00e1. Na\u0161i sk\u00fasen\u00ed vodi\u010di s\u00fa nielen zru\u010dn\u00ed v navig\u00e1cii na trase, ale s\u00fa tie\u017e dobre obozn\u00e1men\u00ed s dodr\u017eiavan\u00edm najvy\u0161\u0161\u00edch bezpe\u010dnostn\u00fdch noriem.<\/li>\n<li><strong>\u010casovo \u00fasporn\u00e9:<\/strong> Na\u0161e slu\u017eby s\u00fa navrhnut\u00e9 tak, aby ste sa do Viedne dostali v\u010das. M\u00f4\u017eete sa spo\u013eahn\u00fa\u0165 na na\u0161u profesionalitu a efekt\u00edvnos\u0165, aby ste \u010do najlep\u0161ie vyu\u017eili \u010das na cestu.<\/li>\n<\/ul>\n<h2 style=\"text-align: center;\">\u00a0<\/h2>\n<h2 style=\"text-align: center;\"><strong>Rezerv\u00e1cia transferu z Hallstattu do Viedne\u00a0<\/strong><\/h2>\n<p>Rezerv\u00e1cia s\u00fakromn\u00e9ho vozidla na transfer z Hallstattu do Viedne je jednoduch\u00e1 a pohodln\u00e1. Sta\u010d\u00ed n\u00e1s oslovi\u0165 s va\u0161imi cestovn\u00fdmi \u00fadajmi a my sa postar\u00e1me o zvy\u0161ok. \u010ci u\u017e cestujete pracovne alebo na dovolenku, na\u0161e prepravn\u00e9 slu\u017eby splnia va\u0161e potreby a pred\u010dia va\u0161e o\u010dak\u00e1vania.<\/p>\n<p>Za\u017eite hladk\u00fa a pr\u00edjemn\u00fa cestu z Hallstattu do Viedne s na\u0161imi \u0161pi\u010dkov\u00fdmi transferov\u00fdmi slu\u017ebami. Kontaktujte n\u00e1s e\u0161te dnes, aby ste si rezervovali s\u00fakromn\u00e9ho vodi\u010da a dopravu, a nechajte sa odviez\u0165 na nezabudnute\u013en\u00fa jazdu srdcom Rak\u00faska.<\/p>\n<p style=\"text-align: center;\"><a class=\"btn btn-primary\" href=\"\/sk\/rezervovat-transfer\">Rezervova\u0165<\/a><\/p>\n<h2 style=\"text-align: center;\"><b>Ako sa dosta\u0165 z Hallstattu do Viedne<\/b><\/h2>\n<p>Z malebnej dedinky Hallstatt do ru\u0161nej Viedne sa oplat\u00ed cestova\u0165 a na cestu sa m\u00f4\u017eete vybra\u0165 z nieko\u013ek\u00fdch pohodln\u00fdch mo\u017enost\u00ed. Tu je sprievodca, ako sa na cestu vybra\u0165:<\/p>\n<h3>Vlak<\/h3>\n<p>Vlak je ob\u013e\u00fabenou a efekt\u00edvnou vo\u013ebou na presun z Hallstattu do Viedne. Hallstattsk\u00e1 \u017eelezni\u010dn\u00e1 stanica je dobre napojen\u00e1 na rak\u00fasku \u017eelezni\u010dn\u00fa sie\u0165.<\/p>\n<p>V Hallstatte m\u00f4\u017eete nast\u00fapi\u0165 na vlak smeruj\u00faci do Attnang-Puchheim, kde m\u00f4\u017eete prest\u00fapi\u0165 na priamy vlak do Viedne.<\/p>\n<p>Vlaky pon\u00fakaj\u00fa malebn\u00fd v\u00fdh\u013ead na rak\u00fasku krajinu a s\u00fa zn\u00e1me svojou presnos\u0165ou a pohodl\u00edm.<\/p>\n<h3>Autobus<\/h3>\n<p>Z Hallstattu do Viedne prem\u00e1vaj\u00fa aj autobusy, ktor\u00e9 poskytuj\u00fa alternat\u00edvny sp\u00f4sob dopravy.<\/p>\n<p>Cesta autobusom pon\u00faka mo\u017enos\u0165 vidie\u0165 krajinu a je cenovo v\u00fdhodn\u00e1.<\/p>\n<h3>Po\u017ei\u010dov\u0148a \u00e1ut<\/h3>\n<p>Ak chcete by\u0165 flexibiln\u00ed a spozn\u00e1va\u0165 mesto vlastn\u00fdm tempom, zv\u00e1\u017ete mo\u017enos\u0165 prenaja\u0165 si v Hallstatte auto.<\/p>\n<p>Cesta z Hallstattu do Viedne trv\u00e1 pribli\u017ene 3 &#8211; 4 hodiny v z\u00e1vislosti od prem\u00e1vky a zast\u00e1vok po ceste.<\/p>\n<p>Predt\u00fdm, ako sa vyd\u00e1te na cestu, nezabudnite si overi\u0165 dopravn\u00e9 podmienky a mo\u017enosti parkovania vo Viedni.<\/p>\n<p>\u00a0<\/p>\n<h3>S\u00fakromn\u00fd transfer<\/h3>\n<p>Ak d\u00e1vate prednos\u0165 pohodlnej\u0161iemu a osobnej\u0161iemu cestovaniu, m\u00f4\u017eete si objedna\u0165 s\u00fakromn\u00fd transfer.<\/p>\n<p>S\u00fakromn\u00ed vodi\u010di v\u00e1s vyzdvihn\u00fa na po\u017eadovanom mieste v Hallstatte a odvez\u00fa v\u00e1s priamo do cie\u013ea vo Viedni, \u010d\u00edm zabezpe\u010dia bezprobl\u00e9mov\u00fa cestu.<\/p>\n<h3>Kombin\u00e1cia re\u017eimov<\/h3>\n<p>V z\u00e1vislosti od v\u00e1\u0161ho rozvrhu a preferenci\u00ed m\u00f4\u017eete kombinova\u0165 r\u00f4zne druhy dopravy, aby ste sa dostali z Hallstattu do Viedne.<\/p>\n<p>M\u00f4\u017eete napr\u00edklad cestova\u0165 vlakom do bl\u00edzkeho mesta a potom nast\u00fapi\u0165 na prestupn\u00fd let do Viedne.<\/p>\n<h3>Lietadlo<\/h3>\n<p>V Hallstatte sa s\u00edce nenach\u00e1dza \u017eiadne letisko, ale ak uprednost\u0148ujete r\u00fdchlos\u0165 a pohodlie leteckej dopravy, m\u00f4\u017eete si objedna\u0165 let z ne\u010falek\u00e9ho Salzburgu alebo Linzu do Viedne.<\/p>\n<p style=\"text-align: center;\"><a class=\"btn btn-primary\" href=\"\/sk\/rezervovat-transfer\">Rezervova\u0165<\/a><\/p>\n<p style=\"text-align: left;\">V\u00fdber dopravy z\u00e1vis\u00ed najm\u00e4 od va\u0161ich individu\u00e1lnych potrieb, \u010dasov\u00e9ho harmonogramu a rozpo\u010dtu. \u010ci u\u017e sa rozhodnete pre vyhliadkov\u00fa jazdu vlakom, slobodu pren\u00e1jmu auta, pohodlie s\u00fakromn\u00e9ho transferu alebo kombin\u00e1ciu r\u00f4znych sp\u00f4sobov dopravy, cesta z Hallstattu do Viedne je dobrodru\u017estvom, ktor\u00e9 s\u013eubuje, \u017ee bude rovnako pr\u00edjemn\u00e9 ako v\u00e1\u0161 kone\u010dn\u00fd cie\u013e. Bezpe\u010dn\u00e9 cestovanie!<\/p>\n<\/p><\/div>\n<\/p><\/div>\n<div class=\"product-price-container\">\n<div class=\"sale-price\"> \t\t<\/div>\n<\/p><\/div>\n<div class=\"options\"><\/div>\n<div> \t\t<\/div>\n<p>   \t        <script type=\"text\/javascript\" ><\/script>  <script type=\"text\/javascript\" ><\/script> <script type=\"text\/javascript\" ><\/script>  <script type=\"text\/javascript\" ><\/script> <script type=\"text\/javascript\" ><\/script> <script type=\"text\/javascript\" ><\/script> <script type=\"text\/javascript\" ><\/script> <\/div>\n<p> \t\t<!-- \u041f\u043b\u0430\u0433\u0438\u043d \u0440\u0435\u0439\u0442\u0438\u043d\u0433\u0430 --> <\/p>\n<div class=\"vrvote-body\">\n<ul class=\"vrvote-ul\">\n<li id=\"rating_122\" class=\"current-rating\" style=\"width:96.92%;\"><\/li>\n<li> \t\t\t\t\t\t<a class=\"vr-one-star\" onclick=\"javascript:JSVRvote(122,1,63,13,0)\" href=\"javascript:void(null)\">1<\/a> \t\t\t\t\t<\/li>\n<li> \t\t\t\t\t\t<a class=\"vr-two-stars\" onclick=\"javascript:JSVRvote(122,2,63,13,0)\" href=\"javascript:void(null)\">2<\/a> \t\t\t\t\t<\/li>\n<li> \t\t\t\t\t\t<a class=\"vr-three-stars\" onclick=\"javascript:JSVRvote(122,3,63,13,0)\" href=\"javascript:void(null)\">3<\/a> \t\t\t\t\t<\/li>\n<li> \t\t\t\t\t\t<a class=\"vr-four-stars\" onclick=\"javascript:JSVRvote(122,4,63,13,0)\" href=\"javascript:void(null)\">4<\/a> \t\t\t\t\t<\/li>\n<li> \t\t\t\t\t\t<a class=\"vr-five-stars\" onclick=\"javascript:JSVRvote(122,5,63,13,0)\" href=\"javascript:void(null)\">5<\/a> \t\t\t\t\t<\/li>\n<\/ul><\/div>\n<p> \t\t\t<span id=\"vrvote_122\" class=\"vrvote-count\"><small><\/small><\/span>\t<\/span><script type=\"application\/ld+json\"><\/script>   <\/div>\n<div class=\"t4-col sidebar-r col-12 col-xl-4\">\n<div class=\"t4-module module\" id=\"Mod306\">\n<div class=\"module-inner\">\n<div class=\"module-ct\">\n<div class=\"bannergroup\">\n<div class=\"banneritem\"> \t\t\t\t\t\t\t\t\t\t\t\t\t\t\t\t\t\t\t\t\t\t\t\t\t\t\t\t\t\t\t\t\t\t\t\t\t\t\t\t\t\t\t\t\t\t\t\t\t\t<img \t\t\t\t\t\tsrc=\"\/wp-content\/uploads\/2025\/08\/banner-transfer-europe-sk-471.png\" \t\t\t\t\t\talt=\"Banner-sk\" \t\t\t\t\t\t\t\t\t\t\t\t\t\t\t\t\t\/> \t\t\t\t\t\t\t\t\t\t\t<\/p>\n<div class=\"clr\"><\/div>\n<\/p><\/div>\n<\/p><\/div>\n<\/p><\/div>\n<\/div>\n<\/div><\/div>\n<\/p><\/div>\n<\/div><\/div>\n<div id=\"t4-section-8\" class=\"t4-section  t4-section-8  section-border-top\" role=\"section-8\">\n<div class=\"bg-overlay bg-overlay-image\">&nbsp;<\/div>\n<\/p><\/div>\n<p>  <a href='javascript:' id='back-to-top'><i class='fa fa-chevron-up'><\/i><\/a>                <\/p>\n","protected":false},"excerpt":{"rendered":"<p>Transfer z Hallstattu do Viedne Hal\u0161tat Osobn\u00e1 preprava Rezervova\u0165 Ak potrebujete spo\u013eahliv\u00fa a pohodln\u00fa prepravu z o\u010daruj\u00facej dedinky Hallstatt do pulzuj\u00facej Viedne, neh\u013eadajte \u010falej. Na\u0161a slu\u017eba transferu z Hallstattu do Viedne pon\u00faka dokonal\u00e9 rie\u0161enie pre cestu bez stresu. S na\u0161\u00edm s\u00fakromn\u00fdm pren\u00e1jmom vozidla a s\u00fakromn\u00fdm vodi\u010dom si m\u00f4\u017eete vychutna\u0165 bezprobl\u00e9mov\u00fa a pohodln\u00fa cestu malebnou rak\u00faskou [&hellip;]<\/p>\n","protected":false},"author":1,"featured_media":83737,"parent":20061,"menu_order":0,"comment_status":"closed","ping_status":"closed","template":"","meta":{"footnotes":""},"class_list":["post-83736","page","type-page","status-publish","has-post-thumbnail","hentry"],"yoast_head":"<!-- This site is optimized with the Yoast SEO plugin v25.6 - https:\/\/yoast.com\/wordpress\/plugins\/seo\/ -->\n<title>Transfer z Hallstattu do Viedne \u2013 Transfer Europe<\/title>\n<meta name=\"description\" content=\"Cestujte z Hallstattu do Viedne autom cez vzdialenos\u0165 288 km za 3 hodiny. Rezervujte si online prevod Hal\u0161tat-Viede\u0148 na Transfer Europe \u2714VIP taxi \u2714Zabezpe\u010den\u00e1 platba.\" \/>\n<meta name=\"robots\" content=\"index, follow, max-snippet:-1, max-image-preview:large, max-video-preview:-1\" \/>\n<link rel=\"canonical\" href=\"https:\/\/transfereurope.com\/sk\/destinacie\/halstat\/transfer-z-hallstattu-do-viedne\/\" \/>\n<meta property=\"og:locale\" content=\"sk_SK\" \/>\n<meta property=\"og:type\" content=\"article\" \/>\n<meta property=\"og:title\" content=\"Transfer z Hallstattu do Viedne \u2013 Transfer Europe\" \/>\n<meta property=\"og:description\" content=\"Cestujte z Hallstattu do Viedne autom cez vzdialenos\u0165 288 km za 3 hodiny. Rezervujte si online prevod Hal\u0161tat-Viede\u0148 na Transfer Europe \u2714VIP taxi \u2714Zabezpe\u010den\u00e1 platba.\" \/>\n<meta property=\"og:url\" content=\"https:\/\/transfereurope.com\/sk\/destinacie\/halstat\/transfer-z-hallstattu-do-viedne\/\" \/>\n<meta property=\"og:site_name\" content=\"transfereurope\" \/>\n<meta property=\"og:image\" content=\"https:\/\/transfereurope.com\/wp-content\/uploads\/2025\/08\/Europe-Destinations-Transfers-1758-7-1.jpg\" \/>\n\t<meta property=\"og:image:width\" content=\"1500\" \/>\n\t<meta property=\"og:image:height\" content=\"2000\" \/>\n\t<meta property=\"og:image:type\" content=\"image\/jpeg\" \/>\n<meta name=\"twitter:card\" content=\"summary_large_image\" \/>\n<meta name=\"twitter:label1\" content=\"Predpokladan\u00fd \u010das \u010d\u00edtania\" \/>\n\t<meta name=\"twitter:data1\" content=\"4 min\u00faty\" \/>\n<script type=\"application\/ld+json\" class=\"yoast-schema-graph\">{\"@context\":\"https:\/\/schema.org\",\"@graph\":[{\"@type\":\"WebPage\",\"@id\":\"https:\/\/transfereurope.com\/sk\/destinacie\/halstat\/transfer-z-hallstattu-do-viedne\/\",\"url\":\"https:\/\/transfereurope.com\/sk\/destinacie\/halstat\/transfer-z-hallstattu-do-viedne\/\",\"name\":\"Transfer z Hallstattu do Viedne \u2013 Transfer Europe\",\"isPartOf\":{\"@id\":\"https:\/\/transfereurope.com\/sk\/#website\"},\"primaryImageOfPage\":{\"@id\":\"https:\/\/transfereurope.com\/sk\/destinacie\/halstat\/transfer-z-hallstattu-do-viedne\/#primaryimage\"},\"image\":{\"@id\":\"https:\/\/transfereurope.com\/sk\/destinacie\/halstat\/transfer-z-hallstattu-do-viedne\/#primaryimage\"},\"thumbnailUrl\":\"https:\/\/transfereurope.com\/wp-content\/uploads\/2025\/08\/Europe-Destinations-Transfers-1758-7-1.jpg\",\"datePublished\":\"2025-08-06T00:13:16+00:00\",\"description\":\"Cestujte z Hallstattu do Viedne autom cez vzdialenos\u0165 288 km za 3 hodiny. Rezervujte si online prevod Hal\u0161tat-Viede\u0148 na Transfer Europe \u2714VIP taxi \u2714Zabezpe\u010den\u00e1 platba.\",\"breadcrumb\":{\"@id\":\"https:\/\/transfereurope.com\/sk\/destinacie\/halstat\/transfer-z-hallstattu-do-viedne\/#breadcrumb\"},\"inLanguage\":\"sk-SK\",\"potentialAction\":[{\"@type\":\"ReadAction\",\"target\":[\"https:\/\/transfereurope.com\/sk\/destinacie\/halstat\/transfer-z-hallstattu-do-viedne\/\"]}]},{\"@type\":\"ImageObject\",\"inLanguage\":\"sk-SK\",\"@id\":\"https:\/\/transfereurope.com\/sk\/destinacie\/halstat\/transfer-z-hallstattu-do-viedne\/#primaryimage\",\"url\":\"https:\/\/transfereurope.com\/wp-content\/uploads\/2025\/08\/Europe-Destinations-Transfers-1758-7-1.jpg\",\"contentUrl\":\"https:\/\/transfereurope.com\/wp-content\/uploads\/2025\/08\/Europe-Destinations-Transfers-1758-7-1.jpg\",\"width\":1500,\"height\":2000},{\"@type\":\"BreadcrumbList\",\"@id\":\"https:\/\/transfereurope.com\/sk\/destinacie\/halstat\/transfer-z-hallstattu-do-viedne\/#breadcrumb\",\"itemListElement\":[{\"@type\":\"ListItem\",\"position\":1,\"name\":\"Home\",\"item\":\"https:\/\/transfereurope.com\/sk\/\"},{\"@type\":\"ListItem\",\"position\":2,\"name\":\"Transfer z Hallstattu do Viedne\"}]},{\"@type\":\"WebSite\",\"@id\":\"https:\/\/transfereurope.com\/sk\/#website\",\"url\":\"https:\/\/transfereurope.com\/sk\/\",\"name\":\"transfereurope\",\"description\":\"\",\"publisher\":{\"@id\":\"https:\/\/transfereurope.com\/sk\/#organization\"},\"potentialAction\":[{\"@type\":\"SearchAction\",\"target\":{\"@type\":\"EntryPoint\",\"urlTemplate\":\"https:\/\/transfereurope.com\/sk\/?s={search_term_string}\"},\"query-input\":{\"@type\":\"PropertyValueSpecification\",\"valueRequired\":true,\"valueName\":\"search_term_string\"}}],\"inLanguage\":\"sk-SK\"},{\"@type\":\"Organization\",\"@id\":\"https:\/\/transfereurope.com\/sk\/#organization\",\"name\":\"transfereurope\",\"url\":\"https:\/\/transfereurope.com\/sk\/\",\"logo\":{\"@type\":\"ImageObject\",\"inLanguage\":\"sk-SK\",\"@id\":\"https:\/\/transfereurope.com\/sk\/#\/schema\/logo\/image\/\",\"url\":\"https:\/\/transfereurope.com\/wp-content\/uploads\/2025\/08\/TRANSFERS-1655.png\",\"contentUrl\":\"https:\/\/transfereurope.com\/wp-content\/uploads\/2025\/08\/TRANSFERS-1655.png\",\"width\":500,\"height\":274,\"caption\":\"transfereurope\"},\"image\":{\"@id\":\"https:\/\/transfereurope.com\/sk\/#\/schema\/logo\/image\/\"}}]}<\/script>\n<!-- \/ Yoast SEO plugin. -->","yoast_head_json":{"title":"Transfer z Hallstattu do Viedne \u2013 Transfer Europe","description":"Cestujte z Hallstattu do Viedne autom cez vzdialenos\u0165 288 km za 3 hodiny. Rezervujte si online prevod Hal\u0161tat-Viede\u0148 na Transfer Europe \u2714VIP taxi \u2714Zabezpe\u010den\u00e1 platba.","robots":{"index":"index","follow":"follow","max-snippet":"max-snippet:-1","max-image-preview":"max-image-preview:large","max-video-preview":"max-video-preview:-1"},"canonical":"https:\/\/transfereurope.com\/sk\/destinacie\/halstat\/transfer-z-hallstattu-do-viedne\/","og_locale":"sk_SK","og_type":"article","og_title":"Transfer z Hallstattu do Viedne \u2013 Transfer Europe","og_description":"Cestujte z Hallstattu do Viedne autom cez vzdialenos\u0165 288 km za 3 hodiny. Rezervujte si online prevod Hal\u0161tat-Viede\u0148 na Transfer Europe \u2714VIP taxi \u2714Zabezpe\u010den\u00e1 platba.","og_url":"https:\/\/transfereurope.com\/sk\/destinacie\/halstat\/transfer-z-hallstattu-do-viedne\/","og_site_name":"transfereurope","og_image":[{"width":1500,"height":2000,"url":"https:\/\/transfereurope.com\/wp-content\/uploads\/2025\/08\/Europe-Destinations-Transfers-1758-7-1.jpg","type":"image\/jpeg"}],"twitter_card":"summary_large_image","twitter_misc":{"Predpokladan\u00fd \u010das \u010d\u00edtania":"4 min\u00faty"},"schema":{"@context":"https:\/\/schema.org","@graph":[{"@type":"WebPage","@id":"https:\/\/transfereurope.com\/sk\/destinacie\/halstat\/transfer-z-hallstattu-do-viedne\/","url":"https:\/\/transfereurope.com\/sk\/destinacie\/halstat\/transfer-z-hallstattu-do-viedne\/","name":"Transfer z Hallstattu do Viedne \u2013 Transfer Europe","isPartOf":{"@id":"https:\/\/transfereurope.com\/sk\/#website"},"primaryImageOfPage":{"@id":"https:\/\/transfereurope.com\/sk\/destinacie\/halstat\/transfer-z-hallstattu-do-viedne\/#primaryimage"},"image":{"@id":"https:\/\/transfereurope.com\/sk\/destinacie\/halstat\/transfer-z-hallstattu-do-viedne\/#primaryimage"},"thumbnailUrl":"https:\/\/transfereurope.com\/wp-content\/uploads\/2025\/08\/Europe-Destinations-Transfers-1758-7-1.jpg","datePublished":"2025-08-06T00:13:16+00:00","description":"Cestujte z Hallstattu do Viedne autom cez vzdialenos\u0165 288 km za 3 hodiny. Rezervujte si online prevod Hal\u0161tat-Viede\u0148 na Transfer Europe \u2714VIP taxi \u2714Zabezpe\u010den\u00e1 platba.","breadcrumb":{"@id":"https:\/\/transfereurope.com\/sk\/destinacie\/halstat\/transfer-z-hallstattu-do-viedne\/#breadcrumb"},"inLanguage":"sk-SK","potentialAction":[{"@type":"ReadAction","target":["https:\/\/transfereurope.com\/sk\/destinacie\/halstat\/transfer-z-hallstattu-do-viedne\/"]}]},{"@type":"ImageObject","inLanguage":"sk-SK","@id":"https:\/\/transfereurope.com\/sk\/destinacie\/halstat\/transfer-z-hallstattu-do-viedne\/#primaryimage","url":"https:\/\/transfereurope.com\/wp-content\/uploads\/2025\/08\/Europe-Destinations-Transfers-1758-7-1.jpg","contentUrl":"https:\/\/transfereurope.com\/wp-content\/uploads\/2025\/08\/Europe-Destinations-Transfers-1758-7-1.jpg","width":1500,"height":2000},{"@type":"BreadcrumbList","@id":"https:\/\/transfereurope.com\/sk\/destinacie\/halstat\/transfer-z-hallstattu-do-viedne\/#breadcrumb","itemListElement":[{"@type":"ListItem","position":1,"name":"Home","item":"https:\/\/transfereurope.com\/sk\/"},{"@type":"ListItem","position":2,"name":"Transfer z Hallstattu do Viedne"}]},{"@type":"WebSite","@id":"https:\/\/transfereurope.com\/sk\/#website","url":"https:\/\/transfereurope.com\/sk\/","name":"transfereurope","description":"","publisher":{"@id":"https:\/\/transfereurope.com\/sk\/#organization"},"potentialAction":[{"@type":"SearchAction","target":{"@type":"EntryPoint","urlTemplate":"https:\/\/transfereurope.com\/sk\/?s={search_term_string}"},"query-input":{"@type":"PropertyValueSpecification","valueRequired":true,"valueName":"search_term_string"}}],"inLanguage":"sk-SK"},{"@type":"Organization","@id":"https:\/\/transfereurope.com\/sk\/#organization","name":"transfereurope","url":"https:\/\/transfereurope.com\/sk\/","logo":{"@type":"ImageObject","inLanguage":"sk-SK","@id":"https:\/\/transfereurope.com\/sk\/#\/schema\/logo\/image\/","url":"https:\/\/transfereurope.com\/wp-content\/uploads\/2025\/08\/TRANSFERS-1655.png","contentUrl":"https:\/\/transfereurope.com\/wp-content\/uploads\/2025\/08\/TRANSFERS-1655.png","width":500,"height":274,"caption":"transfereurope"},"image":{"@id":"https:\/\/transfereurope.com\/sk\/#\/schema\/logo\/image\/"}}]}},"_links":{"self":[{"href":"https:\/\/transfereurope.com\/sk\/wp-json\/wp\/v2\/pages\/83736","targetHints":{"allow":["GET"]}}],"collection":[{"href":"https:\/\/transfereurope.com\/sk\/wp-json\/wp\/v2\/pages"}],"about":[{"href":"https:\/\/transfereurope.com\/sk\/wp-json\/wp\/v2\/types\/page"}],"author":[{"embeddable":true,"href":"https:\/\/transfereurope.com\/sk\/wp-json\/wp\/v2\/users\/1"}],"replies":[{"embeddable":true,"href":"https:\/\/transfereurope.com\/sk\/wp-json\/wp\/v2\/comments?post=83736"}],"version-history":[{"count":0,"href":"https:\/\/transfereurope.com\/sk\/wp-json\/wp\/v2\/pages\/83736\/revisions"}],"up":[{"embeddable":true,"href":"https:\/\/transfereurope.com\/sk\/wp-json\/wp\/v2\/pages\/20061"}],"wp:featuredmedia":[{"embeddable":true,"href":"https:\/\/transfereurope.com\/sk\/wp-json\/wp\/v2\/media\/83737"}],"wp:attachment":[{"href":"https:\/\/transfereurope.com\/sk\/wp-json\/wp\/v2\/media?parent=83736"}],"curies":[{"name":"wp","href":"https:\/\/api.w.org\/{rel}","templated":true}]}}