{"id":83538,"date":"2025-08-06T00:11:28","date_gmt":"2025-08-06T00:11:28","guid":{"rendered":"https:\/\/transfereurope.com\/transfer-z-benatok-do-lublany\/"},"modified":"2025-08-06T00:11:28","modified_gmt":"2025-08-06T00:11:28","slug":"transfer-z-benatok-do-lublany","status":"publish","type":"page","link":"https:\/\/transfereurope.com\/sk\/destinacie\/lublana\/transfer-z-benatok-do-lublany\/","title":{"rendered":"Transfer z Ben\u00e1tok do \u013dub\u013eany"},"content":{"rendered":"\n<div id=\"t4-masthead\" class=\"t4-section  t4-masthead\">\n<div class=\"t4-col text-center\">\n<div class=\"ja-masthead\" >\n<div class=\"ja-masthead-detail\">\n<h1 class=\"ja-masthead-title\">Transfer z Ben\u00e1tok do \u013dub\u013eany<\/h1>\n<p>                 <!---->            <\/p>\n<div class=\"block-breadcrumb\">                       <\/div>\n<\/p><\/div>\n<\/p><\/div>\n<pre><\/pre>\n<\/div>\n<\/div>\n<div id=\"t4-main-body\" class=\"t4-section  t4-main-body\" role=\"main body\">\n<div class=\"t4-section-inner container\">\n<div class=\"t4-row row\">\n<div class=\"t4-col col-12 col-xl\">\n<div id=\"system-message-container\"> \t<\/div>\n<p>       <script type=\"text\/javascript\" ><\/script> <\/p>\n<div class=\"com-content-article item-page view-tour-detail\">\n<div class=\"tour-top-info clearfix\">\n<div class=\"pull-left\">\n<div class=\"category-article-dot\">\n<div class=\"category-name\"> \t\t\t\t\t<a href=\"\/sk\/destinacie\/lublana\" itemprop=\"genre\">\u013dub\u013eana Osobn\u00e1 preprava<\/a> \t\t\t\t<\/div>\n<\/p><\/div>\n<\/p><\/div>\n<div class=\"pull-right\">\n<div class=\"text-danger tour-price\"> \t\t\t\t\t\t<a href=\"\/sk\/rezervovat-transfer\">Rezervova\u0165<\/a><\/div>\n<\/p><\/div>\n<\/p><\/div>\n<p>  \t <!--\t-->  \t<\/p>\n<div class=\"vm-product-container\">\n<figure class=\"pull-left item-image\">\n<div class=\"main-image\"> \t\t<a title=\"Venice to Ljubljana Transfer Service\" rel='vm-additional-images' href=\"\/images\/virtuemart\/product\/Europe Destinations Transfers (4)35.jpg\"><img decoding=\"async\"  loading=\"lazy\"  src=\"\/wp-content\/uploads\/2025\/08\/Europe-Destinations-Transfers-435-7.jpg\"  alt=\"Venice to Ljubljana Transfer Service\"  \/><\/a>\t\t<\/p>\n<div class=\"clear\"><\/div>\n<\/p><\/div>\n<\/figure>\n<div class=\"vm-product-details-container\">\n<div class=\"spacer-buy-area\">    \t\t \t\t<\/div>\n<\/p><\/div>\n<div class=\"clear\"><\/div>\n<\/p><\/div>\n<div class=\"product-description\" >\n<p>Pl\u00e1nujete cestu z o\u010daruj\u00facich ben\u00e1tskych kan\u00e1lov do malebn\u00e9ho hlavn\u00e9ho mesta Slovinska, \u013dub\u013eany? U\u017e nemus\u00edte h\u013eada\u0165 \u010fal\u0161ie mo\u017enosti bezprobl\u00e9mov\u00e9ho a pohodln\u00e9ho transferu. Na\u0161a slu\u017eba transferu z Ben\u00e1tok do \u013dub\u013eany je stelesnen\u00edm komfortu, pohodlia a \u0161t\u00fdlu.<\/p>\n<p style=\"text-align: center;\"><a class=\"btn btn-primary\" href=\"\/sk\/rezervovat-transfer\">Rezervova\u0165<\/a><\/p>\n<h2 style=\"text-align: center;\"><strong>Pre\u010do si vybra\u0165 na\u0161e slu\u017eby transferu z Ben\u00e1tok do \u013dub\u013eany?<\/strong><\/h2>\n<ul>\n<li><strong>S\u00fakromn\u00fd vodi\u010d:<\/strong> Pri rezerv\u00e1cii s nami v\u00e1m bude pridelen\u00fd profesion\u00e1lny a priate\u013esk\u00fd s\u00fakromn\u00fd vodi\u010d, ktor\u00fd pozn\u00e1 trasu z Ben\u00e1tok do \u013dub\u013eany. Va\u0161a bezpe\u010dnos\u0165 a pohodlie s\u00fa na\u0161imi hlavn\u00fdmi prioritami a na\u0161i sk\u00fasen\u00ed vodi\u010di sa postaraj\u00fa o hladk\u00fa a pr\u00edjemn\u00fa cestu.<\/li>\n<li><strong>Pren\u00e1jom auta:<\/strong> N\u00e1\u0161 vozov\u00fd park sa m\u00f4\u017ee pochv\u00e1li\u0165 radom modern\u00fdch, dobre udr\u017eiavan\u00fdch vozidiel, ktor\u00e9 vyhovuj\u00fa va\u0161im \u0161pecifick\u00fdm potreb\u00e1m, \u010di u\u017e cestujete sami alebo so skupinou. Vyberte si z na\u0161ej ponuky vozidiel, aby va\u0161a preprava dokonale zodpovedala va\u0161im preferenci\u00e1m.<\/li>\n<li><strong>Efekt\u00edvna doprava:<\/strong> Ch\u00e1peme d\u00f4le\u017eitos\u0165 dochv\u00ed\u013enosti, pokia\u013e ide o va\u0161e cestovn\u00e9 pl\u00e1ny. Na\u0161a slu\u017eba prepravy je navrhnut\u00e1 tak, aby bola r\u00fdchla a spo\u013eahliv\u00e1 a zabezpe\u010dila, \u017ee sa do cie\u013ea dostanete v\u010das. U\u017e nemus\u00edte \u010daka\u0165 na verejn\u00fa dopravu alebo sa ob\u00e1va\u0165 zlo\u017eit\u00e9ho navigovania po trase sami.<\/li>\n<li><strong>Kvalitn\u00e9 slu\u017eby:<\/strong> V\u010faka n\u00e1\u0161mu z\u00e1v\u00e4zku poskytova\u0165 slu\u017eby na najvy\u0161\u0161ej \u00farovni si m\u00f4\u017eete odd\u00fdchnu\u0165 a u\u017ei\u0165 si cestu. Pri ka\u017edom transfere sa sna\u017e\u00edme prekona\u0165 va\u0161e o\u010dak\u00e1vania a pon\u00faknu\u0165 v\u00e1m bezprobl\u00e9mov\u00fd z\u00e1\u017eitok bez stresu od za\u010diatku a\u017e do konca.<\/li>\n<li><strong>Pohodln\u00e1 preprava:<\/strong> Preprava z Ben\u00e1tok do \u013dub\u013eany: Rezerv\u00e1cia s Ben\u00e1tkami do \u013dub\u013eany je hra\u010dka. Jednoducho n\u00e1s kontaktujte, urobte rezerv\u00e1ciu a zvy\u0161ok nechajte na n\u00e1s. Postar\u00e1me sa o v\u0161etky detaily, tak\u017ee sa m\u00f4\u017eete s\u00fastredi\u0165 na vychutn\u00e1vanie si cesty a n\u00e1dhernej krajiny po ceste.<\/li>\n<\/ul>\n<h2 style=\"text-align: center;\">\u00a0<\/h2>\n<h2 style=\"text-align: center;\"><strong>Rezerv\u00e1cia transferu z Ben\u00e1tok do \u013dub\u013eany\u00a0<\/strong><\/h2>\n<p>Vyberte si n\u00e1s pre svoje potreby prepravy z Ben\u00e1tok do \u013dub\u013eany a za\u017eite pohodlie a komfort s\u00fakromn\u00e9ho vodi\u010da a slu\u017eby pren\u00e1jmu auta, ktor\u00e9 stanovuj\u00fa \u0161tandardy kvality a efektivity. Kontaktujte n\u00e1s e\u0161te dnes, aby ste si zabezpe\u010dili svoju prepravu, a nechajte sa odviez\u0165 zo srdca Ben\u00e1tok do pulzuj\u00facich ul\u00edc \u013dub\u013eany so \u0161t\u00fdlom a \u013eahkos\u0165ou. Va\u0161a cesta sa za\u010d\u00edna tu!<\/p>\n<p style=\"text-align: center;\"><a class=\"btn btn-primary\" href=\"\/sk\/rezervovat-transfer\">Rezervova\u0165<\/a><\/p>\n<h2 style=\"text-align: center;\"><b>Ako sa dosta\u0165 z Ben\u00e1tok do \u013dub\u013eany<\/b><\/h2>\n<p>Pl\u00e1nujete cestu z romantick\u00fdch ben\u00e1tskych kan\u00e1lov do o\u010daruj\u00faceho hlavn\u00e9ho mesta Slovinska, \u013dub\u013eany? Tu je nieko\u013eko mo\u017enost\u00ed, ktor\u00e9 v\u00e1m pom\u00f4\u017eu dosta\u0165 sa z Ben\u00e1tok do \u013dub\u013eany:<\/p>\n<h3>Automobilom<\/h3>\n<p>Ak uprednost\u0148ujete flexibilitu a chcete presk\u00fama\u0165 vyhliadkov\u00fa trasu, skvelou vo\u013ebou je pren\u00e1jom auta. Cesta zvy\u010dajne trv\u00e1 pribli\u017ene 2,5 a\u017e 3 hodiny a cestou sa m\u00f4\u017eete kocha\u0165 malebnou krajinou.<\/p>\n<h3>S\u00fakromn\u00fd transfer<\/h3>\n<p>Ak chcete cestova\u0165 bez stresu a pohodlne, objednajte si s\u00fakromn\u00fa dopravu. T\u00e1to mo\u017enos\u0165 pon\u00faka pohodlie vyhraden\u00e9ho vodi\u010da a pohodln\u00e9ho vozidla, \u010do zaru\u010duje hladk\u00fa a efekt\u00edvnu jazdu.<\/p>\n<p>\u00a0<\/p>\n<h3>Vlak<\/h3>\n<p>Cestovanie vlakom je vynikaj\u00facou vo\u013ebou pre t\u00fdch, ktor\u00ed uprednost\u0148uj\u00fa ekologickej\u0161ie rie\u0161enie. Z Ben\u00e1tok do \u013dub\u013eany m\u00f4\u017eete cestova\u0165 vlakom, pri\u010dom cesta trv\u00e1 pribli\u017ene 3,5 a\u017e 4 hodiny.<\/p>\n<h3>Autobus<\/h3>\n<p>\u010eal\u0161ou cenovo v\u00fdhodnou alternat\u00edvou je cestovanie autobusom. Nieko\u013eko autobusov\u00fdch spolo\u010dnost\u00ed pon\u00faka trasy medzi Ben\u00e1tkami a \u013dub\u013eanou, \u010do je pre cestuj\u00facich finan\u010dne v\u00fdhodn\u00e1 mo\u017enos\u0165.<\/p>\n<h3>Lety<\/h3>\n<p>Hoci z Ben\u00e1tok do \u013dub\u013eany nelietaj\u00fa \u017eiadne priame lety, m\u00f4\u017eete zv\u00e1\u017ei\u0165 let na bl\u00edzke letisk\u00e1, napr\u00edklad do Terstu alebo Z\u00e1hrebu, a potom kr\u00e1tky prestup do \u013dub\u013eany. T\u00e1to mo\u017enos\u0165 je najr\u00fdchlej\u0161ia, ale m\u00f4\u017ee zah\u0155\u0148a\u0165 nieko\u013eko medziprist\u00e1t\u00ed.<\/p>\n<p style=\"text-align: center;\"><a class=\"btn btn-primary\" href=\"\/sk\/rezervovat-transfer\">Rezervova\u0165<\/a><\/p>\n<p style=\"text-align: left;\">Nezabudnite si napl\u00e1nova\u0165 cestu pod\u013ea svojich preferenci\u00ed a \u010dasov\u00e9ho harmonogramu. Ka\u017ed\u00e1 mo\u017enos\u0165 m\u00e1 svoje jedine\u010dn\u00e9 v\u00fdhody, preto si vyberte t\u00fa, ktor\u00e1 najlep\u0161ie vyhovuje va\u0161im potreb\u00e1m, a u\u017eite si prechod z kr\u00e1s Ben\u00e1tok do pulzuj\u00faceho mesta \u013dub\u013eana.<\/p>\n<\/p><\/div>\n<div class=\"product-price-container\">\n<div class=\"sale-price\"> \t\t<\/div>\n<\/p><\/div>\n<div class=\"options\"><\/div>\n<div> \t\t<\/div>\n<p>   \t  <script type=\"text\/javascript\" ><\/script>  <script type=\"text\/javascript\" ><\/script>  <script type=\"text\/javascript\" ><\/script> <script type=\"text\/javascript\" ><\/script> <script type=\"text\/javascript\" ><\/script> <script type=\"text\/javascript\" ><\/script> <\/div>\n<p> \t\t<!-- \u041f\u043b\u0430\u0433\u0438\u043d \u0440\u0435\u0439\u0442\u0438\u043d\u0433\u0430 --> <\/p>\n<div class=\"vrvote-body\">\n<ul class=\"vrvote-ul\">\n<li id=\"rating_121\" class=\"current-rating\" style=\"width:97.50%;\"><\/li>\n<li> \t\t\t\t\t\t<a class=\"vr-one-star\" onclick=\"javascript:JSVRvote(121,1,78,16,0)\" href=\"javascript:void(null)\">1<\/a> \t\t\t\t\t<\/li>\n<li> \t\t\t\t\t\t<a class=\"vr-two-stars\" onclick=\"javascript:JSVRvote(121,2,78,16,0)\" href=\"javascript:void(null)\">2<\/a> \t\t\t\t\t<\/li>\n<li> \t\t\t\t\t\t<a class=\"vr-three-stars\" onclick=\"javascript:JSVRvote(121,3,78,16,0)\" href=\"javascript:void(null)\">3<\/a> \t\t\t\t\t<\/li>\n<li> \t\t\t\t\t\t<a class=\"vr-four-stars\" onclick=\"javascript:JSVRvote(121,4,78,16,0)\" href=\"javascript:void(null)\">4<\/a> \t\t\t\t\t<\/li>\n<li> \t\t\t\t\t\t<a class=\"vr-five-stars\" onclick=\"javascript:JSVRvote(121,5,78,16,0)\" href=\"javascript:void(null)\">5<\/a> \t\t\t\t\t<\/li>\n<\/ul><\/div>\n<p> \t\t\t<span id=\"vrvote_121\" class=\"vrvote-count\"><small><\/small><\/span>\t<\/span><script type=\"application\/ld+json\"><\/script>   <\/div>\n<div class=\"t4-col sidebar-r col-12 col-xl-4\">\n<div class=\"t4-module module\" id=\"Mod306\">\n<div class=\"module-inner\">\n<div class=\"module-ct\">\n<div class=\"bannergroup\">\n<div class=\"banneritem\"> \t\t\t\t\t\t\t\t\t\t\t\t\t\t\t\t\t\t\t\t\t\t\t\t\t\t\t\t\t\t\t\t\t\t\t\t\t\t\t\t\t\t\t\t\t\t\t\t\t\t<img \t\t\t\t\t\tsrc=\"\/wp-content\/uploads\/2025\/08\/banner-transfer-europe-sk-469.png\" \t\t\t\t\t\talt=\"Banner-sk\" \t\t\t\t\t\t\t\t\t\t\t\t\t\t\t\t\t\/> \t\t\t\t\t\t\t\t\t\t\t<\/p>\n<div class=\"clr\"><\/div>\n<\/p><\/div>\n<\/p><\/div>\n<\/p><\/div>\n<\/div>\n<\/div><\/div>\n<\/p><\/div>\n<\/div><\/div>\n<div id=\"t4-section-8\" class=\"t4-section  t4-section-8  section-border-top\" role=\"section-8\">\n<div class=\"bg-overlay bg-overlay-image\">&nbsp;<\/div>\n<\/p><\/div>\n<p>  <a href='javascript:' id='back-to-top'><i class='fa fa-chevron-up'><\/i><\/a>                <\/p>\n","protected":false},"excerpt":{"rendered":"<p>Transfer z Ben\u00e1tok do \u013dub\u013eany \u013dub\u013eana Osobn\u00e1 preprava Rezervova\u0165 Pl\u00e1nujete cestu z o\u010daruj\u00facich ben\u00e1tskych kan\u00e1lov do malebn\u00e9ho hlavn\u00e9ho mesta Slovinska, \u013dub\u013eany? U\u017e nemus\u00edte h\u013eada\u0165 \u010fal\u0161ie mo\u017enosti bezprobl\u00e9mov\u00e9ho a pohodln\u00e9ho transferu. Na\u0161a slu\u017eba transferu z Ben\u00e1tok do \u013dub\u013eany je stelesnen\u00edm komfortu, pohodlia a \u0161t\u00fdlu. Rezervova\u0165 Pre\u010do si vybra\u0165 na\u0161e slu\u017eby transferu z Ben\u00e1tok do \u013dub\u013eany? S\u00fakromn\u00fd [&hellip;]<\/p>\n","protected":false},"author":1,"featured_media":83539,"parent":19953,"menu_order":0,"comment_status":"closed","ping_status":"closed","template":"","meta":{"footnotes":""},"class_list":["post-83538","page","type-page","status-publish","has-post-thumbnail","hentry"],"yoast_head":"<!-- This site is optimized with the Yoast SEO plugin v25.6 - https:\/\/yoast.com\/wordpress\/plugins\/seo\/ -->\n<title>Transfer Ben\u00e1tky \u2194 \u013dub\u013eana | Kyvadlov\u00e1 doprava Ben\u00e1tky \u2014 Transfer Europe<\/title>\n<meta name=\"description\" content=\"Shuttle Ben\u00e1tky-\u013dub\u013eana, Slovinsko na vzdialenos\u0165 240 km za 3 hodiny. Transfer rezerv\u00e1ciou z Ben\u00e1tok do \u013dub\u013eany minivanom, VIP, pr\u00e9miov\u00fdm autom na Transfer Europe \u2714Ve\u013ek\u00fd vozov\u00fd park \u2714VIP taxi \u2714Bezpe\u010dn\u00e1 platba.\" \/>\n<meta name=\"robots\" content=\"index, follow, max-snippet:-1, max-image-preview:large, max-video-preview:-1\" \/>\n<link rel=\"canonical\" href=\"https:\/\/transfereurope.com\/sk\/destinacie\/lublana\/transfer-z-benatok-do-lublany\/\" \/>\n<meta property=\"og:locale\" content=\"sk_SK\" \/>\n<meta property=\"og:type\" content=\"article\" \/>\n<meta property=\"og:title\" content=\"Transfer Ben\u00e1tky \u2194 \u013dub\u013eana | Kyvadlov\u00e1 doprava Ben\u00e1tky \u2014 Transfer Europe\" \/>\n<meta property=\"og:description\" content=\"Shuttle Ben\u00e1tky-\u013dub\u013eana, Slovinsko na vzdialenos\u0165 240 km za 3 hodiny. Transfer rezerv\u00e1ciou z Ben\u00e1tok do \u013dub\u013eany minivanom, VIP, pr\u00e9miov\u00fdm autom na Transfer Europe \u2714Ve\u013ek\u00fd vozov\u00fd park \u2714VIP taxi \u2714Bezpe\u010dn\u00e1 platba.\" \/>\n<meta property=\"og:url\" content=\"https:\/\/transfereurope.com\/sk\/destinacie\/lublana\/transfer-z-benatok-do-lublany\/\" \/>\n<meta property=\"og:site_name\" content=\"transfereurope\" \/>\n<meta property=\"og:image\" content=\"https:\/\/transfereurope.com\/wp-content\/uploads\/2025\/08\/Europe-Destinations-Transfers-435-7-1.jpg\" \/>\n\t<meta property=\"og:image:width\" content=\"1500\" \/>\n\t<meta property=\"og:image:height\" content=\"2000\" \/>\n\t<meta property=\"og:image:type\" content=\"image\/jpeg\" \/>\n<meta name=\"twitter:card\" content=\"summary_large_image\" \/>\n<meta name=\"twitter:label1\" content=\"Predpokladan\u00fd \u010das \u010d\u00edtania\" \/>\n\t<meta name=\"twitter:data1\" content=\"4 min\u00faty\" \/>\n<script type=\"application\/ld+json\" class=\"yoast-schema-graph\">{\"@context\":\"https:\/\/schema.org\",\"@graph\":[{\"@type\":\"WebPage\",\"@id\":\"https:\/\/transfereurope.com\/sk\/destinacie\/lublana\/transfer-z-benatok-do-lublany\/\",\"url\":\"https:\/\/transfereurope.com\/sk\/destinacie\/lublana\/transfer-z-benatok-do-lublany\/\",\"name\":\"Transfer Ben\u00e1tky \u2194 \u013dub\u013eana | Kyvadlov\u00e1 doprava Ben\u00e1tky \u2014 Transfer Europe\",\"isPartOf\":{\"@id\":\"https:\/\/transfereurope.com\/sk\/#website\"},\"primaryImageOfPage\":{\"@id\":\"https:\/\/transfereurope.com\/sk\/destinacie\/lublana\/transfer-z-benatok-do-lublany\/#primaryimage\"},\"image\":{\"@id\":\"https:\/\/transfereurope.com\/sk\/destinacie\/lublana\/transfer-z-benatok-do-lublany\/#primaryimage\"},\"thumbnailUrl\":\"https:\/\/transfereurope.com\/wp-content\/uploads\/2025\/08\/Europe-Destinations-Transfers-435-7-1.jpg\",\"datePublished\":\"2025-08-06T00:11:28+00:00\",\"description\":\"Shuttle Ben\u00e1tky-\u013dub\u013eana, Slovinsko na vzdialenos\u0165 240 km za 3 hodiny. Transfer rezerv\u00e1ciou z Ben\u00e1tok do \u013dub\u013eany minivanom, VIP, pr\u00e9miov\u00fdm autom na Transfer Europe \u2714Ve\u013ek\u00fd vozov\u00fd park \u2714VIP taxi \u2714Bezpe\u010dn\u00e1 platba.\",\"breadcrumb\":{\"@id\":\"https:\/\/transfereurope.com\/sk\/destinacie\/lublana\/transfer-z-benatok-do-lublany\/#breadcrumb\"},\"inLanguage\":\"sk-SK\",\"potentialAction\":[{\"@type\":\"ReadAction\",\"target\":[\"https:\/\/transfereurope.com\/sk\/destinacie\/lublana\/transfer-z-benatok-do-lublany\/\"]}]},{\"@type\":\"ImageObject\",\"inLanguage\":\"sk-SK\",\"@id\":\"https:\/\/transfereurope.com\/sk\/destinacie\/lublana\/transfer-z-benatok-do-lublany\/#primaryimage\",\"url\":\"https:\/\/transfereurope.com\/wp-content\/uploads\/2025\/08\/Europe-Destinations-Transfers-435-7-1.jpg\",\"contentUrl\":\"https:\/\/transfereurope.com\/wp-content\/uploads\/2025\/08\/Europe-Destinations-Transfers-435-7-1.jpg\",\"width\":1500,\"height\":2000},{\"@type\":\"BreadcrumbList\",\"@id\":\"https:\/\/transfereurope.com\/sk\/destinacie\/lublana\/transfer-z-benatok-do-lublany\/#breadcrumb\",\"itemListElement\":[{\"@type\":\"ListItem\",\"position\":1,\"name\":\"Home\",\"item\":\"https:\/\/transfereurope.com\/sk\/\"},{\"@type\":\"ListItem\",\"position\":2,\"name\":\"Transfer z Ben\u00e1tok do \u013dub\u013eany\"}]},{\"@type\":\"WebSite\",\"@id\":\"https:\/\/transfereurope.com\/sk\/#website\",\"url\":\"https:\/\/transfereurope.com\/sk\/\",\"name\":\"transfereurope\",\"description\":\"\",\"publisher\":{\"@id\":\"https:\/\/transfereurope.com\/sk\/#organization\"},\"potentialAction\":[{\"@type\":\"SearchAction\",\"target\":{\"@type\":\"EntryPoint\",\"urlTemplate\":\"https:\/\/transfereurope.com\/sk\/?s={search_term_string}\"},\"query-input\":{\"@type\":\"PropertyValueSpecification\",\"valueRequired\":true,\"valueName\":\"search_term_string\"}}],\"inLanguage\":\"sk-SK\"},{\"@type\":\"Organization\",\"@id\":\"https:\/\/transfereurope.com\/sk\/#organization\",\"name\":\"transfereurope\",\"url\":\"https:\/\/transfereurope.com\/sk\/\",\"logo\":{\"@type\":\"ImageObject\",\"inLanguage\":\"sk-SK\",\"@id\":\"https:\/\/transfereurope.com\/sk\/#\/schema\/logo\/image\/\",\"url\":\"https:\/\/transfereurope.com\/wp-content\/uploads\/2025\/08\/TRANSFERS-1655.png\",\"contentUrl\":\"https:\/\/transfereurope.com\/wp-content\/uploads\/2025\/08\/TRANSFERS-1655.png\",\"width\":500,\"height\":274,\"caption\":\"transfereurope\"},\"image\":{\"@id\":\"https:\/\/transfereurope.com\/sk\/#\/schema\/logo\/image\/\"}}]}<\/script>\n<!-- \/ Yoast SEO plugin. -->","yoast_head_json":{"title":"Transfer Ben\u00e1tky \u2194 \u013dub\u013eana | Kyvadlov\u00e1 doprava Ben\u00e1tky \u2014 Transfer Europe","description":"Shuttle Ben\u00e1tky-\u013dub\u013eana, Slovinsko na vzdialenos\u0165 240 km za 3 hodiny. Transfer rezerv\u00e1ciou z Ben\u00e1tok do \u013dub\u013eany minivanom, VIP, pr\u00e9miov\u00fdm autom na Transfer Europe \u2714Ve\u013ek\u00fd vozov\u00fd park \u2714VIP taxi \u2714Bezpe\u010dn\u00e1 platba.","robots":{"index":"index","follow":"follow","max-snippet":"max-snippet:-1","max-image-preview":"max-image-preview:large","max-video-preview":"max-video-preview:-1"},"canonical":"https:\/\/transfereurope.com\/sk\/destinacie\/lublana\/transfer-z-benatok-do-lublany\/","og_locale":"sk_SK","og_type":"article","og_title":"Transfer Ben\u00e1tky \u2194 \u013dub\u013eana | Kyvadlov\u00e1 doprava Ben\u00e1tky \u2014 Transfer Europe","og_description":"Shuttle Ben\u00e1tky-\u013dub\u013eana, Slovinsko na vzdialenos\u0165 240 km za 3 hodiny. Transfer rezerv\u00e1ciou z Ben\u00e1tok do \u013dub\u013eany minivanom, VIP, pr\u00e9miov\u00fdm autom na Transfer Europe \u2714Ve\u013ek\u00fd vozov\u00fd park \u2714VIP taxi \u2714Bezpe\u010dn\u00e1 platba.","og_url":"https:\/\/transfereurope.com\/sk\/destinacie\/lublana\/transfer-z-benatok-do-lublany\/","og_site_name":"transfereurope","og_image":[{"width":1500,"height":2000,"url":"https:\/\/transfereurope.com\/wp-content\/uploads\/2025\/08\/Europe-Destinations-Transfers-435-7-1.jpg","type":"image\/jpeg"}],"twitter_card":"summary_large_image","twitter_misc":{"Predpokladan\u00fd \u010das \u010d\u00edtania":"4 min\u00faty"},"schema":{"@context":"https:\/\/schema.org","@graph":[{"@type":"WebPage","@id":"https:\/\/transfereurope.com\/sk\/destinacie\/lublana\/transfer-z-benatok-do-lublany\/","url":"https:\/\/transfereurope.com\/sk\/destinacie\/lublana\/transfer-z-benatok-do-lublany\/","name":"Transfer Ben\u00e1tky \u2194 \u013dub\u013eana | Kyvadlov\u00e1 doprava Ben\u00e1tky \u2014 Transfer Europe","isPartOf":{"@id":"https:\/\/transfereurope.com\/sk\/#website"},"primaryImageOfPage":{"@id":"https:\/\/transfereurope.com\/sk\/destinacie\/lublana\/transfer-z-benatok-do-lublany\/#primaryimage"},"image":{"@id":"https:\/\/transfereurope.com\/sk\/destinacie\/lublana\/transfer-z-benatok-do-lublany\/#primaryimage"},"thumbnailUrl":"https:\/\/transfereurope.com\/wp-content\/uploads\/2025\/08\/Europe-Destinations-Transfers-435-7-1.jpg","datePublished":"2025-08-06T00:11:28+00:00","description":"Shuttle Ben\u00e1tky-\u013dub\u013eana, Slovinsko na vzdialenos\u0165 240 km za 3 hodiny. Transfer rezerv\u00e1ciou z Ben\u00e1tok do \u013dub\u013eany minivanom, VIP, pr\u00e9miov\u00fdm autom na Transfer Europe \u2714Ve\u013ek\u00fd vozov\u00fd park \u2714VIP taxi \u2714Bezpe\u010dn\u00e1 platba.","breadcrumb":{"@id":"https:\/\/transfereurope.com\/sk\/destinacie\/lublana\/transfer-z-benatok-do-lublany\/#breadcrumb"},"inLanguage":"sk-SK","potentialAction":[{"@type":"ReadAction","target":["https:\/\/transfereurope.com\/sk\/destinacie\/lublana\/transfer-z-benatok-do-lublany\/"]}]},{"@type":"ImageObject","inLanguage":"sk-SK","@id":"https:\/\/transfereurope.com\/sk\/destinacie\/lublana\/transfer-z-benatok-do-lublany\/#primaryimage","url":"https:\/\/transfereurope.com\/wp-content\/uploads\/2025\/08\/Europe-Destinations-Transfers-435-7-1.jpg","contentUrl":"https:\/\/transfereurope.com\/wp-content\/uploads\/2025\/08\/Europe-Destinations-Transfers-435-7-1.jpg","width":1500,"height":2000},{"@type":"BreadcrumbList","@id":"https:\/\/transfereurope.com\/sk\/destinacie\/lublana\/transfer-z-benatok-do-lublany\/#breadcrumb","itemListElement":[{"@type":"ListItem","position":1,"name":"Home","item":"https:\/\/transfereurope.com\/sk\/"},{"@type":"ListItem","position":2,"name":"Transfer z Ben\u00e1tok do \u013dub\u013eany"}]},{"@type":"WebSite","@id":"https:\/\/transfereurope.com\/sk\/#website","url":"https:\/\/transfereurope.com\/sk\/","name":"transfereurope","description":"","publisher":{"@id":"https:\/\/transfereurope.com\/sk\/#organization"},"potentialAction":[{"@type":"SearchAction","target":{"@type":"EntryPoint","urlTemplate":"https:\/\/transfereurope.com\/sk\/?s={search_term_string}"},"query-input":{"@type":"PropertyValueSpecification","valueRequired":true,"valueName":"search_term_string"}}],"inLanguage":"sk-SK"},{"@type":"Organization","@id":"https:\/\/transfereurope.com\/sk\/#organization","name":"transfereurope","url":"https:\/\/transfereurope.com\/sk\/","logo":{"@type":"ImageObject","inLanguage":"sk-SK","@id":"https:\/\/transfereurope.com\/sk\/#\/schema\/logo\/image\/","url":"https:\/\/transfereurope.com\/wp-content\/uploads\/2025\/08\/TRANSFERS-1655.png","contentUrl":"https:\/\/transfereurope.com\/wp-content\/uploads\/2025\/08\/TRANSFERS-1655.png","width":500,"height":274,"caption":"transfereurope"},"image":{"@id":"https:\/\/transfereurope.com\/sk\/#\/schema\/logo\/image\/"}}]}},"_links":{"self":[{"href":"https:\/\/transfereurope.com\/sk\/wp-json\/wp\/v2\/pages\/83538","targetHints":{"allow":["GET"]}}],"collection":[{"href":"https:\/\/transfereurope.com\/sk\/wp-json\/wp\/v2\/pages"}],"about":[{"href":"https:\/\/transfereurope.com\/sk\/wp-json\/wp\/v2\/types\/page"}],"author":[{"embeddable":true,"href":"https:\/\/transfereurope.com\/sk\/wp-json\/wp\/v2\/users\/1"}],"replies":[{"embeddable":true,"href":"https:\/\/transfereurope.com\/sk\/wp-json\/wp\/v2\/comments?post=83538"}],"version-history":[{"count":0,"href":"https:\/\/transfereurope.com\/sk\/wp-json\/wp\/v2\/pages\/83538\/revisions"}],"up":[{"embeddable":true,"href":"https:\/\/transfereurope.com\/sk\/wp-json\/wp\/v2\/pages\/19953"}],"wp:featuredmedia":[{"embeddable":true,"href":"https:\/\/transfereurope.com\/sk\/wp-json\/wp\/v2\/media\/83539"}],"wp:attachment":[{"href":"https:\/\/transfereurope.com\/sk\/wp-json\/wp\/v2\/media?parent=83538"}],"curies":[{"name":"wp","href":"https:\/\/api.w.org\/{rel}","templated":true}]}}