{"id":83439,"date":"2025-08-06T00:10:35","date_gmt":"2025-08-06T00:10:35","guid":{"rendered":"https:\/\/transfereurope.com\/transfer-z-postojny-postojnska-jaskyna-do-lublany\/"},"modified":"2025-08-06T00:10:35","modified_gmt":"2025-08-06T00:10:35","slug":"transfer-z-postojny-postojnska-jaskyna-do-lublany","status":"publish","type":"page","link":"https:\/\/transfereurope.com\/sk\/destinacie\/lublana\/transfer-z-postojny-postojnska-jaskyna-do-lublany\/","title":{"rendered":"Transfer z Postojny (Postojnsk\u00e1 jasky\u0148a) do \u013dub\u013eany"},"content":{"rendered":"\n<div id=\"t4-masthead\" class=\"t4-section  t4-masthead\">\n<div class=\"t4-col text-center\">\n<div class=\"ja-masthead\" >\n<div class=\"ja-masthead-detail\">\n<h1 class=\"ja-masthead-title\">Transfer z Postojny (Postojnsk\u00e1 jasky\u0148a) do \u013dub\u013eany<\/h1>\n<p>                 <!---->            <\/p>\n<div class=\"block-breadcrumb\">                       <\/div>\n<\/p><\/div>\n<\/p><\/div>\n<pre><\/pre>\n<\/div>\n<\/div>\n<div id=\"t4-main-body\" class=\"t4-section  t4-main-body\" role=\"main body\">\n<div class=\"t4-section-inner container\">\n<div class=\"t4-row row\">\n<div class=\"t4-col col-12 col-xl\">\n<div id=\"system-message-container\"> \t<\/div>\n<p>       <script type=\"text\/javascript\" ><\/script> <\/p>\n<div class=\"com-content-article item-page view-tour-detail\">\n<div class=\"tour-top-info clearfix\">\n<div class=\"pull-left\">\n<div class=\"category-article-dot\">\n<div class=\"category-name\"> \t\t\t\t\t<a href=\"\/sk\/destinacie\/lublana\" itemprop=\"genre\">\u013dub\u013eana Osobn\u00e1 preprava<\/a> \t\t\t\t<\/div>\n<\/p><\/div>\n<\/p><\/div>\n<div class=\"pull-right\">\n<div class=\"text-danger tour-price\"> \t\t\t\t\t\t<a href=\"\/sk\/rezervovat-transfer\">Rezervova\u0165<\/a><\/div>\n<\/p><\/div>\n<\/p><\/div>\n<p>  \t <!--\t-->  \t<\/p>\n<div class=\"vm-product-container\">\n<figure class=\"pull-left item-image\">\n<div class=\"main-image\"> \t\t<a title=\"Postojna Cave to Ljubljana Transfer Service\" rel='vm-additional-images' href=\"\/images\/virtuemart\/product\/Europe Destinations Transfers (3)52.jpg\"><img decoding=\"async\"  loading=\"lazy\"  src=\"\/wp-content\/uploads\/2025\/08\/Europe-Destinations-Transfers-352-2.jpg\"  alt=\"Postojna Cave to Ljubljana Transfer Service\"  \/><\/a>\t\t<\/p>\n<div class=\"clear\"><\/div>\n<\/p><\/div>\n<\/figure>\n<div class=\"vm-product-details-container\">\n<div class=\"spacer-buy-area\">    \t\t \t\t<\/div>\n<\/p><\/div>\n<div class=\"clear\"><\/div>\n<\/p><\/div>\n<div class=\"product-description\" >\n<p>Pl\u00e1nujete nav\u0161t\u00edvi\u0165 fascinuj\u00facu Postojnsk\u00fa jasky\u0148u a potrebujete spo\u013eahliv\u00fa dopravu do \u013dub\u013eany? U\u017e nemus\u00edte h\u013eada\u0165 \u010falej! Na\u0161a slu\u017eba prepravy z Postojnskej jaskyne do \u013dub\u013eany je va\u0161im bezprobl\u00e9mov\u00fdm rie\u0161en\u00edm.<\/p>\n<p>Ke\u010f si vyberiete na\u0161u slu\u017ebu transferu, u\u017eijete si pohodln\u00fa a bezstresov\u00fa cestu z \u00fachvatnej Postojnskej jaskyne do pulzuj\u00faceho mesta \u013dub\u013eana. \u010ci u\u017e ste s\u00f3lo cestovate\u013e, p\u00e1r, rodina alebo skupina, m\u00e1me pre v\u00e1s v\u0161etko. Na\u0161a flotila dobre udr\u017eiavan\u00fdch vozidiel je v\u00e1m k dispoz\u00edcii.<\/p>\n<p style=\"text-align: center;\"><a class=\"btn btn-primary\" href=\"\/sk\/rezervovat-transfer\">Rezervova\u0165<\/a><\/p>\n<h2 style=\"text-align: center;\"><strong>Pre\u010do si vybra\u0165 n\u00e1\u0161 transfer z Postojnskej jaskyne do \u013dub\u013eany?<\/strong><\/h2>\n<ul>\n<li><strong>Komfort:<\/strong>\u00a0Na\u0161e vozidl\u00e1 s\u00fa navrhnut\u00e9 tak, aby v\u00e1m poskytli pohodln\u00fa a pr\u00edjemn\u00fa cestu.<\/li>\n<li><strong>Pohodlie:<\/strong>\u00a0Pon\u00fakame flexibiln\u00e9 mo\u017enosti vyzdvihnutia a odovzdania prisp\u00f4soben\u00e9 v\u00e1\u0161mu \u010dasov\u00e9mu rozvrhu.<\/li>\n<li><strong>Bezpe\u010dnos\u0165:<\/strong>\u00a0Va\u0161a bezpe\u010dnos\u0165 je na\u0161ou najvy\u0161\u0161ou prioritou a my prij\u00edmame v\u0161etky opatrenia na zabezpe\u010denie bezpe\u010dnej cesty.<\/li>\n<li><strong>Spo\u013eahlivos\u0165:<\/strong>\u00a0Sme hrd\u00ed na presnos\u0165 a spo\u013eahlivos\u0165, tak\u017ee m\u00f4\u017eete cestova\u0165 s pokojom.<\/li>\n<li><strong>Cenov\u00e1 dostupnos\u0165:<\/strong>\u00a0Na\u0161e konkuren\u010dn\u00e9 ceny v\u00e1m zaru\u010dia, \u017ee za svoje peniaze dostanete hodnotu.<\/li>\n<li><strong>Miestny preh\u013ead:<\/strong>\u00a0Na\u0161i vodi\u010di v\u00e1m poskytn\u00fa cenn\u00e9 inform\u00e1cie o oblasti, \u010d\u00edm obohatia va\u0161u cestu.<\/li>\n<\/ul>\n<h2 style=\"text-align: center;\">\u00a0<\/h2>\n<h2 style=\"text-align: center;\"><strong>Rezerv\u00e1cia transferu z Postojnskej jaskyne do \u013dub\u013eany\u00a0<\/strong><\/h2>\n<p>Nespoliehajte sa na nepredv\u00eddate\u013en\u00fa verejn\u00fa dopravu, ke\u010f si m\u00f4\u017eete vychutna\u0165 pohodlie a komfort na\u0161ej slu\u017eby transferu z Postojnskej jaskyne do \u013dub\u013eany. Rezervujte si miesto e\u0161te dnes a za\u017eite jednoduchos\u0165 prepravy s vyhraden\u00fdm s\u00fakromn\u00fdm vodi\u010dom.<\/p>\n<p>Nechajte n\u00e1s postara\u0165 sa o va\u0161e prepravn\u00e9 potreby, aby ste sa mohli s\u00fastredi\u0165 na vytv\u00e1ranie n\u00e1dhern\u00fdch spomienok po\u010das va\u0161ej n\u00e1v\u0161tevy Postojnskej jaskyne a \u013dub\u013eany. Rezervujte si jazdu teraz!<\/p>\n<p style=\"text-align: center;\"><a class=\"btn btn-primary\" href=\"\/sk\/rezervovat-transfer\">Rezervova\u0165<\/a><\/p>\n<h2 style=\"text-align: center;\"><b>Ako sa dosta\u0165 z Postojnskej jaskyne do \u013dub\u013eany<\/b><\/h2>\n<p>Cesta z Postojnskej jaskyne do \u013dub\u013eany je jednoduch\u00e1 a k dispoz\u00edcii je nieko\u013eko mo\u017enost\u00ed dopravy, aby bola va\u0161a cesta pohodln\u00e1 a pr\u00edjemn\u00e1. Tu je n\u00e1vod, ako sa dosta\u0165 z Postojnskej jaskyne do \u013dub\u013eany:<\/p>\n<h3>Automobilom<\/h3>\n<p>Najflexibilnej\u0161ou a najpohodlnej\u0161ou mo\u017enos\u0165ou je prenaja\u0165 si auto alebo pou\u017ei\u0165 vlastn\u00e9, ak ho m\u00e1te. Postojnsk\u00e1 jasky\u0148a sa nach\u00e1dza asi 50 km juhoz\u00e1padne od \u013dub\u013eany a cesta trv\u00e1 pribli\u017ene 45 min\u00fat. Vydajte sa po dia\u013enici A1 a r\u00fdchlostnej ceste E70 a absolvujte plynul\u00fa a malebn\u00fa cestu malebnou slovinskou krajinou.<\/p>\n<h3>Verejn\u00fd autobus<\/h3>\n<p>Postojnsk\u00e1 jasky\u0148a je dobre spojen\u00e1 verejnou autobusovou dopravou s \u013dub\u013eanou. Aktu\u00e1lny cestovn\u00fd poriadok si m\u00f4\u017eete overi\u0165 a l\u00edstky zak\u00fapi\u0165 na autobusovej stanici. Cesta autobusom zvy\u010dajne trv\u00e1 pribli\u017ene jednu hodinu a 15 min\u00fat. Nezabudnite si vopred overi\u0165 cestovn\u00fd poriadok a dostupnos\u0165.<\/p>\n<p>\u00a0<\/p>\n<h3>Slu\u017eba s\u00fakromn\u00e9ho transferu<\/h3>\n<p>Ak si chcete u\u017ei\u0165 pohodln\u00fa cestu bez stresu, rezervujte si s\u00fakromn\u00fd transfer z Postojnskej jaskyne do \u013dub\u013eany. T\u00e1to mo\u017enos\u0165 v\u00e1m umo\u017en\u00ed relaxova\u0165 a vychutna\u0165 si malebn\u00fa trasu s profesion\u00e1lnym vodi\u010dom za volantom. S\u00fakromn\u00fd transfer si m\u00f4\u017eete rezervova\u0165 vopred, \u010d\u00edm si zabezpe\u010d\u00edte bezprobl\u00e9mov\u00fd prechod z jaskyne do hlavn\u00e9ho mesta.<\/p>\n<h3><b>Taxi<\/b><\/h3>\n<p>V okol\u00ed Postojnskej jaskyne s\u00fa \u013eahko dostupn\u00e9 tax\u00edky. M\u00f4\u017eete si ho objedna\u0165 alebo po\u017eiada\u0165 o odvoz prostredn\u00edctvom aplik\u00e1cie taxi. Cesta tax\u00edkom do \u013dub\u013eany je relat\u00edvne r\u00fdchla a cena sa m\u00f4\u017ee l\u00ed\u0161i\u0165, preto sa odpor\u00fa\u010da pred odchodom potvrdi\u0165 si cenu s vodi\u010dom.<\/p>\n<h3>Vlak<\/h3>\n<p>Z Postojnskej jaskyne s\u00edce nevedie priame vlakov\u00e9 spojenie do \u013dub\u013eany, ale m\u00f4\u017eete sa miestnym autobusom alebo tax\u00edkom dosta\u0165 na \u017eelezni\u010dn\u00fa stanicu Postojna a odtia\u013e na vlak do \u013dub\u013eany. Vlaky v Slovinsku s\u00fa pohodln\u00e9 a pon\u00fakaj\u00fa malebn\u00fd v\u00fdh\u013ead na krajinu.<\/p>\n<p style=\"text-align: center;\"><a class=\"btn btn-primary\" href=\"\/sk\/rezervovat-transfer\">Rezervova\u0165<\/a><\/p>\n<p style=\"text-align: left;\">Vyberte si mo\u017enos\u0165 dopravy, ktor\u00e1 najlep\u0161ie vyhovuje va\u0161im preferenci\u00e1m a \u010dasov\u00e9mu rozvrhu, aby va\u0161a cesta z Postojnskej jaskyne do \u013dub\u013eany prebehla hladko a pr\u00edjemne. Ka\u017ed\u00fd sp\u00f4sob m\u00e1 svoje v\u00fdhody, tak\u017ee si m\u00f4\u017eete vybra\u0165 ten, ktor\u00fd najlep\u0161ie vyhovuje va\u0161im potreb\u00e1m a priorit\u00e1m. Bezpe\u010dn\u00e9 cestovanie!<\/p>\n<\/p><\/div>\n<div class=\"product-price-container\">\n<div class=\"sale-price\"> \t\t<\/div>\n<\/p><\/div>\n<div class=\"options\"><\/div>\n<div> \t\t<\/div>\n<p>   \t  <script type=\"text\/javascript\" ><\/script>  <script type=\"text\/javascript\" ><\/script>  <script type=\"text\/javascript\" ><\/script> <script type=\"text\/javascript\" ><\/script> <script type=\"text\/javascript\" ><\/script> <script type=\"text\/javascript\" ><\/script> <\/div>\n<p> \t\t<!-- \u041f\u043b\u0430\u0433\u0438\u043d \u0440\u0435\u0439\u0442\u0438\u043d\u0433\u0430 --> <\/p>\n<div class=\"vrvote-body\">\n<ul class=\"vrvote-ul\">\n<li id=\"rating_119\" class=\"current-rating\" style=\"width:99.23%;\"><\/li>\n<li> \t\t\t\t\t\t<a class=\"vr-one-star\" onclick=\"javascript:JSVRvote(119,1,129,26,0)\" href=\"javascript:void(null)\">1<\/a> \t\t\t\t\t<\/li>\n<li> \t\t\t\t\t\t<a class=\"vr-two-stars\" onclick=\"javascript:JSVRvote(119,2,129,26,0)\" href=\"javascript:void(null)\">2<\/a> \t\t\t\t\t<\/li>\n<li> \t\t\t\t\t\t<a class=\"vr-three-stars\" onclick=\"javascript:JSVRvote(119,3,129,26,0)\" href=\"javascript:void(null)\">3<\/a> \t\t\t\t\t<\/li>\n<li> \t\t\t\t\t\t<a class=\"vr-four-stars\" onclick=\"javascript:JSVRvote(119,4,129,26,0)\" href=\"javascript:void(null)\">4<\/a> \t\t\t\t\t<\/li>\n<li> \t\t\t\t\t\t<a class=\"vr-five-stars\" onclick=\"javascript:JSVRvote(119,5,129,26,0)\" href=\"javascript:void(null)\">5<\/a> \t\t\t\t\t<\/li>\n<\/ul><\/div>\n<p> \t\t\t<span id=\"vrvote_119\" class=\"vrvote-count\"><small><\/small><\/span>\t<\/span><script type=\"application\/ld+json\"><\/script>   <\/div>\n<div class=\"t4-col sidebar-r col-12 col-xl-4\">\n<div class=\"t4-module module\" id=\"Mod306\">\n<div class=\"module-inner\">\n<div class=\"module-ct\">\n<div class=\"bannergroup\">\n<div class=\"banneritem\"> \t\t\t\t\t\t\t\t\t\t\t\t\t\t\t\t\t\t\t\t\t\t\t\t\t\t\t\t\t\t\t\t\t\t\t\t\t\t\t\t\t\t\t\t\t\t\t\t\t\t<img \t\t\t\t\t\tsrc=\"\/wp-content\/uploads\/2025\/08\/banner-transfer-europe-sk-468.png\" \t\t\t\t\t\talt=\"Banner-sk\" \t\t\t\t\t\t\t\t\t\t\t\t\t\t\t\t\t\/> \t\t\t\t\t\t\t\t\t\t\t<\/p>\n<div class=\"clr\"><\/div>\n<\/p><\/div>\n<\/p><\/div>\n<\/p><\/div>\n<\/div>\n<\/div><\/div>\n<\/p><\/div>\n<\/div><\/div>\n<div id=\"t4-section-8\" class=\"t4-section  t4-section-8  section-border-top\" role=\"section-8\">\n<div class=\"bg-overlay bg-overlay-image\">&nbsp;<\/div>\n<\/p><\/div>\n<p>  <a href='javascript:' id='back-to-top'><i class='fa fa-chevron-up'><\/i><\/a>                <\/p>\n","protected":false},"excerpt":{"rendered":"<p>Transfer z Postojny (Postojnsk\u00e1 jasky\u0148a) do \u013dub\u013eany \u013dub\u013eana Osobn\u00e1 preprava Rezervova\u0165 Pl\u00e1nujete nav\u0161t\u00edvi\u0165 fascinuj\u00facu Postojnsk\u00fa jasky\u0148u a potrebujete spo\u013eahliv\u00fa dopravu do \u013dub\u013eany? U\u017e nemus\u00edte h\u013eada\u0165 \u010falej! Na\u0161a slu\u017eba prepravy z Postojnskej jaskyne do \u013dub\u013eany je va\u0161im bezprobl\u00e9mov\u00fdm rie\u0161en\u00edm. Ke\u010f si vyberiete na\u0161u slu\u017ebu transferu, u\u017eijete si pohodln\u00fa a bezstresov\u00fa cestu z \u00fachvatnej Postojnskej jaskyne do [&hellip;]<\/p>\n","protected":false},"author":1,"featured_media":83440,"parent":19953,"menu_order":0,"comment_status":"closed","ping_status":"closed","template":"","meta":{"footnotes":""},"class_list":["post-83439","page","type-page","status-publish","has-post-thumbnail","hentry"],"yoast_head":"<!-- This site is optimized with the Yoast SEO plugin v25.6 - https:\/\/yoast.com\/wordpress\/plugins\/seo\/ -->\n<title>Transfer Postojna Yama \u2194 \u013dub\u013eana | Kyvadlov\u00e1 doprava \u013dub\u013eana \u2014 Transfer Europe<\/title>\n<meta name=\"description\" content=\"Kyvadlov\u00e1 doprava Postojna Yama-\u013dub\u013eana cez vzdialenos\u0165 53 km za 1 hodinu. Transfer z Jasky\u0148a Postojna do \u013dub\u013eany minivanom, VIP, pr\u00e9miov\u00fdm vozidlom na Transfer Europe \u2714Ve\u013ek\u00fd vozov\u00fd park \u2714VIP taxi \u2714Bezpe\u010dn\u00e1 platba.\" \/>\n<meta name=\"robots\" content=\"index, follow, max-snippet:-1, max-image-preview:large, max-video-preview:-1\" \/>\n<link rel=\"canonical\" href=\"https:\/\/transfereurope.com\/sk\/destinacie\/lublana\/transfer-z-postojny-postojnska-jaskyna-do-lublany\/\" \/>\n<meta property=\"og:locale\" content=\"sk_SK\" \/>\n<meta property=\"og:type\" content=\"article\" \/>\n<meta property=\"og:title\" content=\"Transfer Postojna Yama \u2194 \u013dub\u013eana | Kyvadlov\u00e1 doprava \u013dub\u013eana \u2014 Transfer Europe\" \/>\n<meta property=\"og:description\" content=\"Kyvadlov\u00e1 doprava Postojna Yama-\u013dub\u013eana cez vzdialenos\u0165 53 km za 1 hodinu. Transfer z Jasky\u0148a Postojna do \u013dub\u013eany minivanom, VIP, pr\u00e9miov\u00fdm vozidlom na Transfer Europe \u2714Ve\u013ek\u00fd vozov\u00fd park \u2714VIP taxi \u2714Bezpe\u010dn\u00e1 platba.\" \/>\n<meta property=\"og:url\" content=\"https:\/\/transfereurope.com\/sk\/destinacie\/lublana\/transfer-z-postojny-postojnska-jaskyna-do-lublany\/\" \/>\n<meta property=\"og:site_name\" content=\"transfereurope\" \/>\n<meta property=\"og:image\" content=\"https:\/\/transfereurope.com\/wp-content\/uploads\/2025\/08\/Europe-Destinations-Transfers-352-2-1.jpg\" \/>\n\t<meta property=\"og:image:width\" content=\"1500\" \/>\n\t<meta property=\"og:image:height\" content=\"2000\" \/>\n\t<meta property=\"og:image:type\" content=\"image\/jpeg\" \/>\n<meta name=\"twitter:card\" content=\"summary_large_image\" \/>\n<meta name=\"twitter:label1\" content=\"Predpokladan\u00fd \u010das \u010d\u00edtania\" \/>\n\t<meta name=\"twitter:data1\" content=\"4 min\u00faty\" \/>\n<script type=\"application\/ld+json\" class=\"yoast-schema-graph\">{\"@context\":\"https:\/\/schema.org\",\"@graph\":[{\"@type\":\"WebPage\",\"@id\":\"https:\/\/transfereurope.com\/sk\/destinacie\/lublana\/transfer-z-postojny-postojnska-jaskyna-do-lublany\/\",\"url\":\"https:\/\/transfereurope.com\/sk\/destinacie\/lublana\/transfer-z-postojny-postojnska-jaskyna-do-lublany\/\",\"name\":\"Transfer Postojna Yama \u2194 \u013dub\u013eana | Kyvadlov\u00e1 doprava \u013dub\u013eana \u2014 Transfer Europe\",\"isPartOf\":{\"@id\":\"https:\/\/transfereurope.com\/sk\/#website\"},\"primaryImageOfPage\":{\"@id\":\"https:\/\/transfereurope.com\/sk\/destinacie\/lublana\/transfer-z-postojny-postojnska-jaskyna-do-lublany\/#primaryimage\"},\"image\":{\"@id\":\"https:\/\/transfereurope.com\/sk\/destinacie\/lublana\/transfer-z-postojny-postojnska-jaskyna-do-lublany\/#primaryimage\"},\"thumbnailUrl\":\"https:\/\/transfereurope.com\/wp-content\/uploads\/2025\/08\/Europe-Destinations-Transfers-352-2-1.jpg\",\"datePublished\":\"2025-08-06T00:10:35+00:00\",\"description\":\"Kyvadlov\u00e1 doprava Postojna Yama-\u013dub\u013eana cez vzdialenos\u0165 53 km za 1 hodinu. Transfer z Jasky\u0148a Postojna do \u013dub\u013eany minivanom, VIP, pr\u00e9miov\u00fdm vozidlom na Transfer Europe \u2714Ve\u013ek\u00fd vozov\u00fd park \u2714VIP taxi \u2714Bezpe\u010dn\u00e1 platba.\",\"breadcrumb\":{\"@id\":\"https:\/\/transfereurope.com\/sk\/destinacie\/lublana\/transfer-z-postojny-postojnska-jaskyna-do-lublany\/#breadcrumb\"},\"inLanguage\":\"sk-SK\",\"potentialAction\":[{\"@type\":\"ReadAction\",\"target\":[\"https:\/\/transfereurope.com\/sk\/destinacie\/lublana\/transfer-z-postojny-postojnska-jaskyna-do-lublany\/\"]}]},{\"@type\":\"ImageObject\",\"inLanguage\":\"sk-SK\",\"@id\":\"https:\/\/transfereurope.com\/sk\/destinacie\/lublana\/transfer-z-postojny-postojnska-jaskyna-do-lublany\/#primaryimage\",\"url\":\"https:\/\/transfereurope.com\/wp-content\/uploads\/2025\/08\/Europe-Destinations-Transfers-352-2-1.jpg\",\"contentUrl\":\"https:\/\/transfereurope.com\/wp-content\/uploads\/2025\/08\/Europe-Destinations-Transfers-352-2-1.jpg\",\"width\":1500,\"height\":2000},{\"@type\":\"BreadcrumbList\",\"@id\":\"https:\/\/transfereurope.com\/sk\/destinacie\/lublana\/transfer-z-postojny-postojnska-jaskyna-do-lublany\/#breadcrumb\",\"itemListElement\":[{\"@type\":\"ListItem\",\"position\":1,\"name\":\"Home\",\"item\":\"https:\/\/transfereurope.com\/sk\/\"},{\"@type\":\"ListItem\",\"position\":2,\"name\":\"Transfer z Postojny (Postojnsk\u00e1 jasky\u0148a) do \u013dub\u013eany\"}]},{\"@type\":\"WebSite\",\"@id\":\"https:\/\/transfereurope.com\/sk\/#website\",\"url\":\"https:\/\/transfereurope.com\/sk\/\",\"name\":\"transfereurope\",\"description\":\"\",\"publisher\":{\"@id\":\"https:\/\/transfereurope.com\/sk\/#organization\"},\"potentialAction\":[{\"@type\":\"SearchAction\",\"target\":{\"@type\":\"EntryPoint\",\"urlTemplate\":\"https:\/\/transfereurope.com\/sk\/?s={search_term_string}\"},\"query-input\":{\"@type\":\"PropertyValueSpecification\",\"valueRequired\":true,\"valueName\":\"search_term_string\"}}],\"inLanguage\":\"sk-SK\"},{\"@type\":\"Organization\",\"@id\":\"https:\/\/transfereurope.com\/sk\/#organization\",\"name\":\"transfereurope\",\"url\":\"https:\/\/transfereurope.com\/sk\/\",\"logo\":{\"@type\":\"ImageObject\",\"inLanguage\":\"sk-SK\",\"@id\":\"https:\/\/transfereurope.com\/sk\/#\/schema\/logo\/image\/\",\"url\":\"https:\/\/transfereurope.com\/wp-content\/uploads\/2025\/08\/TRANSFERS-1655.png\",\"contentUrl\":\"https:\/\/transfereurope.com\/wp-content\/uploads\/2025\/08\/TRANSFERS-1655.png\",\"width\":500,\"height\":274,\"caption\":\"transfereurope\"},\"image\":{\"@id\":\"https:\/\/transfereurope.com\/sk\/#\/schema\/logo\/image\/\"}}]}<\/script>\n<!-- \/ Yoast SEO plugin. -->","yoast_head_json":{"title":"Transfer Postojna Yama \u2194 \u013dub\u013eana | Kyvadlov\u00e1 doprava \u013dub\u013eana \u2014 Transfer Europe","description":"Kyvadlov\u00e1 doprava Postojna Yama-\u013dub\u013eana cez vzdialenos\u0165 53 km za 1 hodinu. Transfer z Jasky\u0148a Postojna do \u013dub\u013eany minivanom, VIP, pr\u00e9miov\u00fdm vozidlom na Transfer Europe \u2714Ve\u013ek\u00fd vozov\u00fd park \u2714VIP taxi \u2714Bezpe\u010dn\u00e1 platba.","robots":{"index":"index","follow":"follow","max-snippet":"max-snippet:-1","max-image-preview":"max-image-preview:large","max-video-preview":"max-video-preview:-1"},"canonical":"https:\/\/transfereurope.com\/sk\/destinacie\/lublana\/transfer-z-postojny-postojnska-jaskyna-do-lublany\/","og_locale":"sk_SK","og_type":"article","og_title":"Transfer Postojna Yama \u2194 \u013dub\u013eana | Kyvadlov\u00e1 doprava \u013dub\u013eana \u2014 Transfer Europe","og_description":"Kyvadlov\u00e1 doprava Postojna Yama-\u013dub\u013eana cez vzdialenos\u0165 53 km za 1 hodinu. Transfer z Jasky\u0148a Postojna do \u013dub\u013eany minivanom, VIP, pr\u00e9miov\u00fdm vozidlom na Transfer Europe \u2714Ve\u013ek\u00fd vozov\u00fd park \u2714VIP taxi \u2714Bezpe\u010dn\u00e1 platba.","og_url":"https:\/\/transfereurope.com\/sk\/destinacie\/lublana\/transfer-z-postojny-postojnska-jaskyna-do-lublany\/","og_site_name":"transfereurope","og_image":[{"width":1500,"height":2000,"url":"https:\/\/transfereurope.com\/wp-content\/uploads\/2025\/08\/Europe-Destinations-Transfers-352-2-1.jpg","type":"image\/jpeg"}],"twitter_card":"summary_large_image","twitter_misc":{"Predpokladan\u00fd \u010das \u010d\u00edtania":"4 min\u00faty"},"schema":{"@context":"https:\/\/schema.org","@graph":[{"@type":"WebPage","@id":"https:\/\/transfereurope.com\/sk\/destinacie\/lublana\/transfer-z-postojny-postojnska-jaskyna-do-lublany\/","url":"https:\/\/transfereurope.com\/sk\/destinacie\/lublana\/transfer-z-postojny-postojnska-jaskyna-do-lublany\/","name":"Transfer Postojna Yama \u2194 \u013dub\u013eana | Kyvadlov\u00e1 doprava \u013dub\u013eana \u2014 Transfer Europe","isPartOf":{"@id":"https:\/\/transfereurope.com\/sk\/#website"},"primaryImageOfPage":{"@id":"https:\/\/transfereurope.com\/sk\/destinacie\/lublana\/transfer-z-postojny-postojnska-jaskyna-do-lublany\/#primaryimage"},"image":{"@id":"https:\/\/transfereurope.com\/sk\/destinacie\/lublana\/transfer-z-postojny-postojnska-jaskyna-do-lublany\/#primaryimage"},"thumbnailUrl":"https:\/\/transfereurope.com\/wp-content\/uploads\/2025\/08\/Europe-Destinations-Transfers-352-2-1.jpg","datePublished":"2025-08-06T00:10:35+00:00","description":"Kyvadlov\u00e1 doprava Postojna Yama-\u013dub\u013eana cez vzdialenos\u0165 53 km za 1 hodinu. Transfer z Jasky\u0148a Postojna do \u013dub\u013eany minivanom, VIP, pr\u00e9miov\u00fdm vozidlom na Transfer Europe \u2714Ve\u013ek\u00fd vozov\u00fd park \u2714VIP taxi \u2714Bezpe\u010dn\u00e1 platba.","breadcrumb":{"@id":"https:\/\/transfereurope.com\/sk\/destinacie\/lublana\/transfer-z-postojny-postojnska-jaskyna-do-lublany\/#breadcrumb"},"inLanguage":"sk-SK","potentialAction":[{"@type":"ReadAction","target":["https:\/\/transfereurope.com\/sk\/destinacie\/lublana\/transfer-z-postojny-postojnska-jaskyna-do-lublany\/"]}]},{"@type":"ImageObject","inLanguage":"sk-SK","@id":"https:\/\/transfereurope.com\/sk\/destinacie\/lublana\/transfer-z-postojny-postojnska-jaskyna-do-lublany\/#primaryimage","url":"https:\/\/transfereurope.com\/wp-content\/uploads\/2025\/08\/Europe-Destinations-Transfers-352-2-1.jpg","contentUrl":"https:\/\/transfereurope.com\/wp-content\/uploads\/2025\/08\/Europe-Destinations-Transfers-352-2-1.jpg","width":1500,"height":2000},{"@type":"BreadcrumbList","@id":"https:\/\/transfereurope.com\/sk\/destinacie\/lublana\/transfer-z-postojny-postojnska-jaskyna-do-lublany\/#breadcrumb","itemListElement":[{"@type":"ListItem","position":1,"name":"Home","item":"https:\/\/transfereurope.com\/sk\/"},{"@type":"ListItem","position":2,"name":"Transfer z Postojny (Postojnsk\u00e1 jasky\u0148a) do \u013dub\u013eany"}]},{"@type":"WebSite","@id":"https:\/\/transfereurope.com\/sk\/#website","url":"https:\/\/transfereurope.com\/sk\/","name":"transfereurope","description":"","publisher":{"@id":"https:\/\/transfereurope.com\/sk\/#organization"},"potentialAction":[{"@type":"SearchAction","target":{"@type":"EntryPoint","urlTemplate":"https:\/\/transfereurope.com\/sk\/?s={search_term_string}"},"query-input":{"@type":"PropertyValueSpecification","valueRequired":true,"valueName":"search_term_string"}}],"inLanguage":"sk-SK"},{"@type":"Organization","@id":"https:\/\/transfereurope.com\/sk\/#organization","name":"transfereurope","url":"https:\/\/transfereurope.com\/sk\/","logo":{"@type":"ImageObject","inLanguage":"sk-SK","@id":"https:\/\/transfereurope.com\/sk\/#\/schema\/logo\/image\/","url":"https:\/\/transfereurope.com\/wp-content\/uploads\/2025\/08\/TRANSFERS-1655.png","contentUrl":"https:\/\/transfereurope.com\/wp-content\/uploads\/2025\/08\/TRANSFERS-1655.png","width":500,"height":274,"caption":"transfereurope"},"image":{"@id":"https:\/\/transfereurope.com\/sk\/#\/schema\/logo\/image\/"}}]}},"_links":{"self":[{"href":"https:\/\/transfereurope.com\/sk\/wp-json\/wp\/v2\/pages\/83439","targetHints":{"allow":["GET"]}}],"collection":[{"href":"https:\/\/transfereurope.com\/sk\/wp-json\/wp\/v2\/pages"}],"about":[{"href":"https:\/\/transfereurope.com\/sk\/wp-json\/wp\/v2\/types\/page"}],"author":[{"embeddable":true,"href":"https:\/\/transfereurope.com\/sk\/wp-json\/wp\/v2\/users\/1"}],"replies":[{"embeddable":true,"href":"https:\/\/transfereurope.com\/sk\/wp-json\/wp\/v2\/comments?post=83439"}],"version-history":[{"count":0,"href":"https:\/\/transfereurope.com\/sk\/wp-json\/wp\/v2\/pages\/83439\/revisions"}],"up":[{"embeddable":true,"href":"https:\/\/transfereurope.com\/sk\/wp-json\/wp\/v2\/pages\/19953"}],"wp:featuredmedia":[{"embeddable":true,"href":"https:\/\/transfereurope.com\/sk\/wp-json\/wp\/v2\/media\/83440"}],"wp:attachment":[{"href":"https:\/\/transfereurope.com\/sk\/wp-json\/wp\/v2\/media?parent=83439"}],"curies":[{"name":"wp","href":"https:\/\/api.w.org\/{rel}","templated":true}]}}