{"id":83340,"date":"2025-08-06T00:09:44","date_gmt":"2025-08-06T00:09:44","guid":{"rendered":"https:\/\/transfereurope.com\/transfer-z-lublany-do-viedne\/"},"modified":"2025-08-06T00:09:44","modified_gmt":"2025-08-06T00:09:44","slug":"transfer-z-lublany-do-viedne","status":"publish","type":"page","link":"https:\/\/transfereurope.com\/sk\/destinacie\/lublana\/transfer-z-lublany-do-viedne\/","title":{"rendered":"Transfer z \u013dub\u013eany do Viedne"},"content":{"rendered":"\n<div id=\"t4-masthead\" class=\"t4-section  t4-masthead\">\n<div class=\"t4-col text-center\">\n<div class=\"ja-masthead\" >\n<div class=\"ja-masthead-detail\">\n<h1 class=\"ja-masthead-title\">Transfer z \u013dub\u013eany do Viedne<\/h1>\n<p>                 <!---->            <\/p>\n<div class=\"block-breadcrumb\">                       <\/div>\n<\/p><\/div>\n<\/p><\/div>\n<pre><\/pre>\n<\/div>\n<\/div>\n<div id=\"t4-main-body\" class=\"t4-section  t4-main-body\" role=\"main body\">\n<div class=\"t4-section-inner container\">\n<div class=\"t4-row row\">\n<div class=\"t4-col col-12 col-xl\">\n<div id=\"system-message-container\"> \t<\/div>\n<p>       <script type=\"text\/javascript\" ><\/script> <\/p>\n<div class=\"com-content-article item-page view-tour-detail\">\n<div class=\"tour-top-info clearfix\">\n<div class=\"pull-left\">\n<div class=\"category-article-dot\">\n<div class=\"category-name\"> \t\t\t\t\t<a href=\"\/sk\/destinacie\/lublana\" itemprop=\"genre\">\u013dub\u013eana Osobn\u00e1 preprava<\/a> \t\t\t\t<\/div>\n<\/p><\/div>\n<\/p><\/div>\n<div class=\"pull-right\">\n<div class=\"text-danger tour-price\"> \t\t\t\t\t\t<a href=\"\/sk\/rezervovat-transfer\">Rezervova\u0165<\/a><\/div>\n<\/p><\/div>\n<\/p><\/div>\n<p>  \t <!--\t-->  \t<\/p>\n<div class=\"vm-product-container\">\n<figure class=\"pull-left item-image\">\n<div class=\"main-image\"> \t\t<a title=\"Ljubljana to Vienna Transfer Service\" rel='vm-additional-images' href=\"\/images\/virtuemart\/product\/Europe Destinations Transfers (1)644.jpg\"><img decoding=\"async\"  loading=\"lazy\"  src=\"\/wp-content\/uploads\/2025\/08\/Europe-Destinations-Transfers-1644-7.jpg\"  alt=\"Ljubljana to Vienna Transfer Service\"  \/><\/a>\t\t<\/p>\n<div class=\"clear\"><\/div>\n<\/p><\/div>\n<\/figure>\n<div class=\"vm-product-details-container\">\n<div class=\"spacer-buy-area\">    \t\t \t\t<\/div>\n<\/p><\/div>\n<div class=\"clear\"><\/div>\n<\/p><\/div>\n<div class=\"product-description\" >\n<p>Dobrodo\u0161li pri na\u0161em prevozu iz Ljubljane na Dunaj, va\u0161i vrhunski izbiri za nemoten prevoz med tema dvema \u017eivahnima evropskima mestoma. Ne glede na to, ali potujete poslovno ali za zabavo, vam na\u0161 zasebni voznik in storitev najema avtomobila ponujata popolno re\u0161itev za udobno potovanje brez stresa.<\/p>\n<p>Na\u0161a storitev prevoza iz Ljubljane na Dunaj je namenjena temu, da vam zagotovi najve\u010dje udobje in zanesljivost. Z nami lahko presko\u010dite te\u017eave s prenatrpanim javnim prevozom in u\u017eivate v udobnem zasebnem avtomobilu, ki vas bo odpeljal neposredno od izhodi\u0161\u010dne to\u010dke v Ljubljani do cilja na Dunaju. Zavedamo se pomena to\u010dnosti in na\u0161i izku\u0161eni vozniki bodo poskrbeli, da boste na cilj prispeli pravo\u010dasno.<\/p>\n<p style=\"text-align: center;\"><a class=\"btn btn-primary\" href=\"\/sk\/rezervovat-transfer\">Rezervova\u0165<\/a><\/p>\n<h2 style=\"text-align: center;\"><strong>Pre\u010do si vybra\u0165 n\u00e1\u0161 transfer z \u013dub\u013eany do Viedne?<\/strong><\/h2>\n<ul>\n<li><strong>Komfort:<\/strong>\u00a0Cestujte \u0161t\u00fdlovo a pohodlne v na\u0161ich dobre udr\u017eiavan\u00fdch vozidl\u00e1ch.<\/li>\n<li><strong>Pohodlie:<\/strong>\u00a0Vyhnite sa dlh\u00fdm radom a me\u0161kaniam spojen\u00fdm s verejnou dopravou.<\/li>\n<li><strong>Presnos\u0165:<\/strong>\u00a0Vieme, \u017ee je d\u00f4le\u017eit\u00e9 chodi\u0165 na\u010das, a preto uprednost\u0148ujeme v\u00e1\u0161 \u010dasov\u00fd harmonogram.<\/li>\n<li><strong>Bezpe\u010dnos\u0165:<\/strong>\u00a0Va\u0161u bezpe\u010dnos\u0165 pova\u017eujeme za najvy\u0161\u0161iu prioritu a na\u0161i vodi\u010di s\u00fa dobre vy\u0161kolen\u00ed a sk\u00fasen\u00ed.<\/li>\n<\/ul>\n<h2 style=\"text-align: center;\">\u00a0<\/h2>\n<h2 style=\"text-align: center;\"><strong>Rezerv\u00e1cia transferu z \u013dub\u013eany do Viedne\u00a0<\/strong><\/h2>\n<p>Ak si chcete u\u017ei\u0165 cestu z \u013dub\u013eany do Viedne bez stresu, objednajte si slu\u017eby n\u00e1\u0161ho s\u00fakromn\u00e9ho vodi\u010da a pren\u00e1jmu auta. Za\u017eite rozdiel s na\u0161imi dopravn\u00fdmi slu\u017ebami najvy\u0161\u0161ej kvality. Va\u0161e pohodlie a spokojnos\u0165 s\u00fa na\u0161ou najvy\u0161\u0161ou prioritou. Kontaktujte n\u00e1s e\u0161te dnes a dohodnite si transfer z \u013dub\u013eany do Viedne, aby sme sa postarali o v\u0161etky va\u0161e dopravn\u00e9 potreby.<\/p>\n<p style=\"text-align: center;\"><a class=\"btn btn-primary\" href=\"\/sk\/rezervovat-transfer\">Rezervova\u0165<\/a><\/p>\n<h2 style=\"text-align: center;\"><b>Ako sa dosta\u0165 z \u013dub\u013eany do Viedne<\/b><\/h2>\n<p>Cesta z \u013dub\u013eany do Viedne je jednoduch\u00e1 v\u010faka viacer\u00fdm mo\u017enostiam dopravy. \u010ci u\u017e uprednost\u0148ujete r\u00fdchlos\u0165, pohodlie alebo cenov\u00fa dostupnos\u0165, ur\u010dite si vyberiete pod\u013ea svojich potrieb. Tu s\u00fa niektor\u00e9 z najlep\u0161\u00edch sp\u00f4sobov, ako cestova\u0165 medzi t\u00fdmito dvoma eur\u00f3pskymi mestami:<\/p>\n<h3>Automobilom<\/h3>\n<p>Ak m\u00e1te radi flexibilitu cestovania vlastn\u00fdm tempom, pren\u00e1jom auta je skvelou vo\u013ebou. Cesta z \u013dub\u013eany do Viedne trv\u00e1 pribli\u017ene 3 a\u017e 4 hodiny v z\u00e1vislosti od prem\u00e1vky a zvolenej trasy. Najbe\u017enej\u0161ia trasa vedie po dia\u013eniciach A2 a A1, ktor\u00e9 s\u00fa dobre udr\u017eiavan\u00e9 a pon\u00fakaj\u00fa plynul\u00fa jazdu. Majte na pam\u00e4ti, \u017ee na pou\u017e\u00edvanie niektor\u00fdch dia\u013enic v Slovinsku a Rak\u00fasku m\u00f4\u017eete potrebova\u0165 dia\u013eni\u010dn\u00fa zn\u00e1mku (m\u00fdtnu n\u00e1lepku).<\/p>\n<h3>Vlakom<\/h3>\n<p>Vlak je pohodln\u00e1 a malebn\u00e1 mo\u017enos\u0165 cestovania z \u013dub\u013eany do Viedne. Tieto dve mest\u00e1 sp\u00e1ja nieko\u013eko denn\u00fdch vlakov\u00fdch spojov. Cesta pon\u00faka kr\u00e1sne v\u00fdh\u013eady na krajinu a trv\u00e1 pribli\u017ene 4 a\u017e 4,5 hodiny. Vlaky s\u00fa pohodln\u00e9 a poskytuj\u00fa palubn\u00e9 slu\u017eby, v\u010faka \u010domu je to pohodov\u00fd sp\u00f4sob cestovania.<\/p>\n<h3>Autobusom<\/h3>\n<p>Autobusov\u00e1 doprava je dostupn\u00e1 a predstavuje ekonomick\u00fd sp\u00f4sob dopravy z \u013dub\u013eany do Viedne. Cesta autobusom trv\u00e1 zvy\u010dajne pribli\u017ene 4 a\u017e 5 hod\u00edn a denne odch\u00e1dza viacero spojov. Je d\u00f4le\u017eit\u00e9 vopred si skontrolova\u0165 cestovn\u00fd poriadok autobusov a rezervova\u0165 si l\u00edstky, aby ste si zabezpe\u010dili miesto.<\/p>\n<p>\u00a0<\/p>\n<h3>Lietadlom<\/h3>\n<p>Ak h\u013ead\u00e1te najr\u00fdchlej\u0161\u00ed sp\u00f4sob cestovania, m\u00f4\u017eete letie\u0165 z letiska Jo\u017ee Pu\u010dnik v \u013dub\u013eane na medzin\u00e1rodn\u00e9 letisko Viede\u0148. Let je pomerne kr\u00e1tky a z jedn\u00e9ho mesta do druh\u00e9ho sa dostanete pribli\u017ene za 1 hodinu. Ak v\u0161ak zoh\u013eadn\u00edte odbavenie na letisku, bezpe\u010dnostn\u00fa kontrolu a dopravu na letisko a z letiska, celkov\u00fd \u010das cesty m\u00f4\u017ee by\u0165 dlh\u0161\u00ed ako pri in\u00fdch mo\u017enostiach.<\/p>\n<h3>Kyvadlovou dopravou alebo transferom<\/h3>\n<p>Ak chcete pohodln\u00fa dopravu od dver\u00ed k dver\u00e1m, zv\u00e1\u017ete rezerv\u00e1ciu s\u00fakromnej kyvadlovej dopravy alebo transferu. V\u010faka tomu m\u00f4\u017eete cestova\u0165 v pohodl\u00ed a s profesion\u00e1lnym vodi\u010dom, ktor\u00fd dobre pozn\u00e1 trasu, tak\u017ee cesta bude bez stresu.<\/p>\n<h3>Na bicykli<\/h3>\n<p>Dobrodru\u017enej\u0161\u00ed cestovatelia m\u00f4\u017eu zv\u00e1\u017ei\u0165 dia\u013ekov\u00fa jazdu na bicykli z \u013dub\u013eany do Viedne. T\u00e1to trasa pon\u00faka jedine\u010dn\u00fd sp\u00f4sob spozn\u00e1vania regi\u00f3nu a jeho n\u00e1dhernej krajiny. Len si nezabudnite vopred napl\u00e1nova\u0165 trasu a ubytovanie.<\/p>\n<p style=\"text-align: center;\"><a class=\"btn btn-primary\" href=\"\/sk\/rezervovat-transfer\">Rezervova\u0165<\/a><\/p>\n<p style=\"text-align: left;\">Ka\u017ed\u00e1 z t\u00fdchto mo\u017enost\u00ed dopravy m\u00e1 svoje v\u00fdhody, preto si vyberte t\u00fa, ktor\u00e1 najlep\u0161ie vyhovuje va\u0161im preferenci\u00e1m, rozpo\u010dtu a \u010dasov\u00e9mu rozvrhu. \u010ci u\u017e sa rozhodnete pre pokojn\u00fa jazdu vlakom, r\u00fdchly let alebo slobodu na otvorenej ceste, va\u0161a cesta z \u013dub\u013eany do Viedne bude nezabudnute\u013enou s\u00fa\u010das\u0165ou v\u00e1\u0161ho eur\u00f3pskeho dobrodru\u017estva.<\/p>\n<\/p><\/div>\n<div class=\"product-price-container\">\n<div class=\"sale-price\"> \t\t<\/div>\n<\/p><\/div>\n<div class=\"options\"><\/div>\n<div> \t\t<\/div>\n<p>   \t  <script type=\"text\/javascript\" ><\/script>  <script type=\"text\/javascript\" ><\/script>  <script type=\"text\/javascript\" ><\/script> <script type=\"text\/javascript\" ><\/script> <script type=\"text\/javascript\" ><\/script> <script type=\"text\/javascript\" ><\/script> <\/div>\n<p> \t\t<!-- \u041f\u043b\u0430\u0433\u0438\u043d \u0440\u0435\u0439\u0442\u0438\u043d\u0433\u0430 --> <\/p>\n<div class=\"vrvote-body\">\n<ul class=\"vrvote-ul\">\n<li id=\"rating_111\" class=\"current-rating\" style=\"width:98.75%;\"><\/li>\n<li> \t\t\t\t\t\t<a class=\"vr-one-star\" onclick=\"javascript:JSVRvote(111,1,79,16,0)\" href=\"javascript:void(null)\">1<\/a> \t\t\t\t\t<\/li>\n<li> \t\t\t\t\t\t<a class=\"vr-two-stars\" onclick=\"javascript:JSVRvote(111,2,79,16,0)\" href=\"javascript:void(null)\">2<\/a> \t\t\t\t\t<\/li>\n<li> \t\t\t\t\t\t<a class=\"vr-three-stars\" onclick=\"javascript:JSVRvote(111,3,79,16,0)\" href=\"javascript:void(null)\">3<\/a> \t\t\t\t\t<\/li>\n<li> \t\t\t\t\t\t<a class=\"vr-four-stars\" onclick=\"javascript:JSVRvote(111,4,79,16,0)\" href=\"javascript:void(null)\">4<\/a> \t\t\t\t\t<\/li>\n<li> \t\t\t\t\t\t<a class=\"vr-five-stars\" onclick=\"javascript:JSVRvote(111,5,79,16,0)\" href=\"javascript:void(null)\">5<\/a> \t\t\t\t\t<\/li>\n<\/ul><\/div>\n<p> \t\t\t<span id=\"vrvote_111\" class=\"vrvote-count\"><small><\/small><\/span>\t<\/span><script type=\"application\/ld+json\"><\/script>   <\/div>\n<div class=\"t4-col sidebar-r col-12 col-xl-4\">\n<div class=\"t4-module module\" id=\"Mod306\">\n<div class=\"module-inner\">\n<div class=\"module-ct\">\n<div class=\"bannergroup\">\n<div class=\"banneritem\"> \t\t\t\t\t\t\t\t\t\t\t\t\t\t\t\t\t\t\t\t\t\t\t\t\t\t\t\t\t\t\t\t\t\t\t\t\t\t\t\t\t\t\t\t\t\t\t\t\t\t<img \t\t\t\t\t\tsrc=\"\/wp-content\/uploads\/2025\/08\/banner-transfer-europe-sk-467.png\" \t\t\t\t\t\talt=\"Banner-sk\" \t\t\t\t\t\t\t\t\t\t\t\t\t\t\t\t\t\/> \t\t\t\t\t\t\t\t\t\t\t<\/p>\n<div class=\"clr\"><\/div>\n<\/p><\/div>\n<\/p><\/div>\n<\/p><\/div>\n<\/div>\n<\/div><\/div>\n<\/p><\/div>\n<\/div><\/div>\n<div id=\"t4-section-8\" class=\"t4-section  t4-section-8  section-border-top\" role=\"section-8\">\n<div class=\"bg-overlay bg-overlay-image\">&nbsp;<\/div>\n<\/p><\/div>\n<p>  <a href='javascript:' id='back-to-top'><i class='fa fa-chevron-up'><\/i><\/a>                <\/p>\n","protected":false},"excerpt":{"rendered":"<p>Transfer z \u013dub\u013eany do Viedne \u013dub\u013eana Osobn\u00e1 preprava Rezervova\u0165 Dobrodo\u0161li pri na\u0161em prevozu iz Ljubljane na Dunaj, va\u0161i vrhunski izbiri za nemoten prevoz med tema dvema \u017eivahnima evropskima mestoma. Ne glede na to, ali potujete poslovno ali za zabavo, vam na\u0161 zasebni voznik in storitev najema avtomobila ponujata popolno re\u0161itev za udobno potovanje brez stresa. [&hellip;]<\/p>\n","protected":false},"author":1,"featured_media":83341,"parent":19953,"menu_order":0,"comment_status":"closed","ping_status":"closed","template":"","meta":{"footnotes":""},"class_list":["post-83340","page","type-page","status-publish","has-post-thumbnail","hentry"],"yoast_head":"<!-- This site is optimized with the Yoast SEO plugin v25.6 - https:\/\/yoast.com\/wordpress\/plugins\/seo\/ -->\n<title>Transfer Ljubljana \u2194 Viede\u0148 | Kyvadlov\u00e1 doprava Ljubljana \u2014 Transfer Europe<\/title>\n<meta name=\"description\" content=\"Kyvadlov\u00e1 doprava \u013dub\u013eana do Viedne cez vzdialenos\u0165 384 km za 4 hodiny. Transfer cez Ljubljanu - Viede\u0148 minivanom, VIP, pr\u00e9miov\u00fdm autom na Transfer Europe \u2714Ve\u013ek\u00fd vozov\u00fd park \u2714VIP taxi \u2714Bezpe\u010dn\u00e1 platba.\" \/>\n<meta name=\"robots\" content=\"index, follow, max-snippet:-1, max-image-preview:large, max-video-preview:-1\" \/>\n<link rel=\"canonical\" href=\"https:\/\/transfereurope.com\/sk\/destinacie\/lublana\/transfer-z-lublany-do-viedne\/\" \/>\n<meta property=\"og:locale\" content=\"sk_SK\" \/>\n<meta property=\"og:type\" content=\"article\" \/>\n<meta property=\"og:title\" content=\"Transfer Ljubljana \u2194 Viede\u0148 | Kyvadlov\u00e1 doprava Ljubljana \u2014 Transfer Europe\" \/>\n<meta property=\"og:description\" content=\"Kyvadlov\u00e1 doprava \u013dub\u013eana do Viedne cez vzdialenos\u0165 384 km za 4 hodiny. Transfer cez Ljubljanu - Viede\u0148 minivanom, VIP, pr\u00e9miov\u00fdm autom na Transfer Europe \u2714Ve\u013ek\u00fd vozov\u00fd park \u2714VIP taxi \u2714Bezpe\u010dn\u00e1 platba.\" \/>\n<meta property=\"og:url\" content=\"https:\/\/transfereurope.com\/sk\/destinacie\/lublana\/transfer-z-lublany-do-viedne\/\" \/>\n<meta property=\"og:site_name\" content=\"transfereurope\" \/>\n<meta property=\"og:image\" content=\"https:\/\/transfereurope.com\/wp-content\/uploads\/2025\/08\/Europe-Destinations-Transfers-1644-7-1.jpg\" \/>\n\t<meta property=\"og:image:width\" content=\"1500\" \/>\n\t<meta property=\"og:image:height\" content=\"2000\" \/>\n\t<meta property=\"og:image:type\" content=\"image\/jpeg\" \/>\n<meta name=\"twitter:card\" content=\"summary_large_image\" \/>\n<meta name=\"twitter:label1\" content=\"Predpokladan\u00fd \u010das \u010d\u00edtania\" \/>\n\t<meta name=\"twitter:data1\" content=\"4 min\u00faty\" \/>\n<script type=\"application\/ld+json\" class=\"yoast-schema-graph\">{\"@context\":\"https:\/\/schema.org\",\"@graph\":[{\"@type\":\"WebPage\",\"@id\":\"https:\/\/transfereurope.com\/sk\/destinacie\/lublana\/transfer-z-lublany-do-viedne\/\",\"url\":\"https:\/\/transfereurope.com\/sk\/destinacie\/lublana\/transfer-z-lublany-do-viedne\/\",\"name\":\"Transfer Ljubljana \u2194 Viede\u0148 | Kyvadlov\u00e1 doprava Ljubljana \u2014 Transfer Europe\",\"isPartOf\":{\"@id\":\"https:\/\/transfereurope.com\/sk\/#website\"},\"primaryImageOfPage\":{\"@id\":\"https:\/\/transfereurope.com\/sk\/destinacie\/lublana\/transfer-z-lublany-do-viedne\/#primaryimage\"},\"image\":{\"@id\":\"https:\/\/transfereurope.com\/sk\/destinacie\/lublana\/transfer-z-lublany-do-viedne\/#primaryimage\"},\"thumbnailUrl\":\"https:\/\/transfereurope.com\/wp-content\/uploads\/2025\/08\/Europe-Destinations-Transfers-1644-7-1.jpg\",\"datePublished\":\"2025-08-06T00:09:44+00:00\",\"description\":\"Kyvadlov\u00e1 doprava \u013dub\u013eana do Viedne cez vzdialenos\u0165 384 km za 4 hodiny. Transfer cez Ljubljanu - Viede\u0148 minivanom, VIP, pr\u00e9miov\u00fdm autom na Transfer Europe \u2714Ve\u013ek\u00fd vozov\u00fd park \u2714VIP taxi \u2714Bezpe\u010dn\u00e1 platba.\",\"breadcrumb\":{\"@id\":\"https:\/\/transfereurope.com\/sk\/destinacie\/lublana\/transfer-z-lublany-do-viedne\/#breadcrumb\"},\"inLanguage\":\"sk-SK\",\"potentialAction\":[{\"@type\":\"ReadAction\",\"target\":[\"https:\/\/transfereurope.com\/sk\/destinacie\/lublana\/transfer-z-lublany-do-viedne\/\"]}]},{\"@type\":\"ImageObject\",\"inLanguage\":\"sk-SK\",\"@id\":\"https:\/\/transfereurope.com\/sk\/destinacie\/lublana\/transfer-z-lublany-do-viedne\/#primaryimage\",\"url\":\"https:\/\/transfereurope.com\/wp-content\/uploads\/2025\/08\/Europe-Destinations-Transfers-1644-7-1.jpg\",\"contentUrl\":\"https:\/\/transfereurope.com\/wp-content\/uploads\/2025\/08\/Europe-Destinations-Transfers-1644-7-1.jpg\",\"width\":1500,\"height\":2000},{\"@type\":\"BreadcrumbList\",\"@id\":\"https:\/\/transfereurope.com\/sk\/destinacie\/lublana\/transfer-z-lublany-do-viedne\/#breadcrumb\",\"itemListElement\":[{\"@type\":\"ListItem\",\"position\":1,\"name\":\"Home\",\"item\":\"https:\/\/transfereurope.com\/sk\/\"},{\"@type\":\"ListItem\",\"position\":2,\"name\":\"Transfer z \u013dub\u013eany do Viedne\"}]},{\"@type\":\"WebSite\",\"@id\":\"https:\/\/transfereurope.com\/sk\/#website\",\"url\":\"https:\/\/transfereurope.com\/sk\/\",\"name\":\"transfereurope\",\"description\":\"\",\"publisher\":{\"@id\":\"https:\/\/transfereurope.com\/sk\/#organization\"},\"potentialAction\":[{\"@type\":\"SearchAction\",\"target\":{\"@type\":\"EntryPoint\",\"urlTemplate\":\"https:\/\/transfereurope.com\/sk\/?s={search_term_string}\"},\"query-input\":{\"@type\":\"PropertyValueSpecification\",\"valueRequired\":true,\"valueName\":\"search_term_string\"}}],\"inLanguage\":\"sk-SK\"},{\"@type\":\"Organization\",\"@id\":\"https:\/\/transfereurope.com\/sk\/#organization\",\"name\":\"transfereurope\",\"url\":\"https:\/\/transfereurope.com\/sk\/\",\"logo\":{\"@type\":\"ImageObject\",\"inLanguage\":\"sk-SK\",\"@id\":\"https:\/\/transfereurope.com\/sk\/#\/schema\/logo\/image\/\",\"url\":\"https:\/\/transfereurope.com\/wp-content\/uploads\/2025\/08\/TRANSFERS-1655.png\",\"contentUrl\":\"https:\/\/transfereurope.com\/wp-content\/uploads\/2025\/08\/TRANSFERS-1655.png\",\"width\":500,\"height\":274,\"caption\":\"transfereurope\"},\"image\":{\"@id\":\"https:\/\/transfereurope.com\/sk\/#\/schema\/logo\/image\/\"}}]}<\/script>\n<!-- \/ Yoast SEO plugin. -->","yoast_head_json":{"title":"Transfer Ljubljana \u2194 Viede\u0148 | Kyvadlov\u00e1 doprava Ljubljana \u2014 Transfer Europe","description":"Kyvadlov\u00e1 doprava \u013dub\u013eana do Viedne cez vzdialenos\u0165 384 km za 4 hodiny. Transfer cez Ljubljanu - Viede\u0148 minivanom, VIP, pr\u00e9miov\u00fdm autom na Transfer Europe \u2714Ve\u013ek\u00fd vozov\u00fd park \u2714VIP taxi \u2714Bezpe\u010dn\u00e1 platba.","robots":{"index":"index","follow":"follow","max-snippet":"max-snippet:-1","max-image-preview":"max-image-preview:large","max-video-preview":"max-video-preview:-1"},"canonical":"https:\/\/transfereurope.com\/sk\/destinacie\/lublana\/transfer-z-lublany-do-viedne\/","og_locale":"sk_SK","og_type":"article","og_title":"Transfer Ljubljana \u2194 Viede\u0148 | Kyvadlov\u00e1 doprava Ljubljana \u2014 Transfer Europe","og_description":"Kyvadlov\u00e1 doprava \u013dub\u013eana do Viedne cez vzdialenos\u0165 384 km za 4 hodiny. Transfer cez Ljubljanu - Viede\u0148 minivanom, VIP, pr\u00e9miov\u00fdm autom na Transfer Europe \u2714Ve\u013ek\u00fd vozov\u00fd park \u2714VIP taxi \u2714Bezpe\u010dn\u00e1 platba.","og_url":"https:\/\/transfereurope.com\/sk\/destinacie\/lublana\/transfer-z-lublany-do-viedne\/","og_site_name":"transfereurope","og_image":[{"width":1500,"height":2000,"url":"https:\/\/transfereurope.com\/wp-content\/uploads\/2025\/08\/Europe-Destinations-Transfers-1644-7-1.jpg","type":"image\/jpeg"}],"twitter_card":"summary_large_image","twitter_misc":{"Predpokladan\u00fd \u010das \u010d\u00edtania":"4 min\u00faty"},"schema":{"@context":"https:\/\/schema.org","@graph":[{"@type":"WebPage","@id":"https:\/\/transfereurope.com\/sk\/destinacie\/lublana\/transfer-z-lublany-do-viedne\/","url":"https:\/\/transfereurope.com\/sk\/destinacie\/lublana\/transfer-z-lublany-do-viedne\/","name":"Transfer Ljubljana \u2194 Viede\u0148 | Kyvadlov\u00e1 doprava Ljubljana \u2014 Transfer Europe","isPartOf":{"@id":"https:\/\/transfereurope.com\/sk\/#website"},"primaryImageOfPage":{"@id":"https:\/\/transfereurope.com\/sk\/destinacie\/lublana\/transfer-z-lublany-do-viedne\/#primaryimage"},"image":{"@id":"https:\/\/transfereurope.com\/sk\/destinacie\/lublana\/transfer-z-lublany-do-viedne\/#primaryimage"},"thumbnailUrl":"https:\/\/transfereurope.com\/wp-content\/uploads\/2025\/08\/Europe-Destinations-Transfers-1644-7-1.jpg","datePublished":"2025-08-06T00:09:44+00:00","description":"Kyvadlov\u00e1 doprava \u013dub\u013eana do Viedne cez vzdialenos\u0165 384 km za 4 hodiny. Transfer cez Ljubljanu - Viede\u0148 minivanom, VIP, pr\u00e9miov\u00fdm autom na Transfer Europe \u2714Ve\u013ek\u00fd vozov\u00fd park \u2714VIP taxi \u2714Bezpe\u010dn\u00e1 platba.","breadcrumb":{"@id":"https:\/\/transfereurope.com\/sk\/destinacie\/lublana\/transfer-z-lublany-do-viedne\/#breadcrumb"},"inLanguage":"sk-SK","potentialAction":[{"@type":"ReadAction","target":["https:\/\/transfereurope.com\/sk\/destinacie\/lublana\/transfer-z-lublany-do-viedne\/"]}]},{"@type":"ImageObject","inLanguage":"sk-SK","@id":"https:\/\/transfereurope.com\/sk\/destinacie\/lublana\/transfer-z-lublany-do-viedne\/#primaryimage","url":"https:\/\/transfereurope.com\/wp-content\/uploads\/2025\/08\/Europe-Destinations-Transfers-1644-7-1.jpg","contentUrl":"https:\/\/transfereurope.com\/wp-content\/uploads\/2025\/08\/Europe-Destinations-Transfers-1644-7-1.jpg","width":1500,"height":2000},{"@type":"BreadcrumbList","@id":"https:\/\/transfereurope.com\/sk\/destinacie\/lublana\/transfer-z-lublany-do-viedne\/#breadcrumb","itemListElement":[{"@type":"ListItem","position":1,"name":"Home","item":"https:\/\/transfereurope.com\/sk\/"},{"@type":"ListItem","position":2,"name":"Transfer z \u013dub\u013eany do Viedne"}]},{"@type":"WebSite","@id":"https:\/\/transfereurope.com\/sk\/#website","url":"https:\/\/transfereurope.com\/sk\/","name":"transfereurope","description":"","publisher":{"@id":"https:\/\/transfereurope.com\/sk\/#organization"},"potentialAction":[{"@type":"SearchAction","target":{"@type":"EntryPoint","urlTemplate":"https:\/\/transfereurope.com\/sk\/?s={search_term_string}"},"query-input":{"@type":"PropertyValueSpecification","valueRequired":true,"valueName":"search_term_string"}}],"inLanguage":"sk-SK"},{"@type":"Organization","@id":"https:\/\/transfereurope.com\/sk\/#organization","name":"transfereurope","url":"https:\/\/transfereurope.com\/sk\/","logo":{"@type":"ImageObject","inLanguage":"sk-SK","@id":"https:\/\/transfereurope.com\/sk\/#\/schema\/logo\/image\/","url":"https:\/\/transfereurope.com\/wp-content\/uploads\/2025\/08\/TRANSFERS-1655.png","contentUrl":"https:\/\/transfereurope.com\/wp-content\/uploads\/2025\/08\/TRANSFERS-1655.png","width":500,"height":274,"caption":"transfereurope"},"image":{"@id":"https:\/\/transfereurope.com\/sk\/#\/schema\/logo\/image\/"}}]}},"_links":{"self":[{"href":"https:\/\/transfereurope.com\/sk\/wp-json\/wp\/v2\/pages\/83340","targetHints":{"allow":["GET"]}}],"collection":[{"href":"https:\/\/transfereurope.com\/sk\/wp-json\/wp\/v2\/pages"}],"about":[{"href":"https:\/\/transfereurope.com\/sk\/wp-json\/wp\/v2\/types\/page"}],"author":[{"embeddable":true,"href":"https:\/\/transfereurope.com\/sk\/wp-json\/wp\/v2\/users\/1"}],"replies":[{"embeddable":true,"href":"https:\/\/transfereurope.com\/sk\/wp-json\/wp\/v2\/comments?post=83340"}],"version-history":[{"count":0,"href":"https:\/\/transfereurope.com\/sk\/wp-json\/wp\/v2\/pages\/83340\/revisions"}],"up":[{"embeddable":true,"href":"https:\/\/transfereurope.com\/sk\/wp-json\/wp\/v2\/pages\/19953"}],"wp:featuredmedia":[{"embeddable":true,"href":"https:\/\/transfereurope.com\/sk\/wp-json\/wp\/v2\/media\/83341"}],"wp:attachment":[{"href":"https:\/\/transfereurope.com\/sk\/wp-json\/wp\/v2\/media?parent=83340"}],"curies":[{"name":"wp","href":"https:\/\/api.w.org\/{rel}","templated":true}]}}