{"id":83241,"date":"2025-08-06T00:08:53","date_gmt":"2025-08-06T00:08:53","guid":{"rendered":"https:\/\/transfereurope.com\/transfer-z-lublany-do-benatok\/"},"modified":"2025-08-06T00:08:53","modified_gmt":"2025-08-06T00:08:53","slug":"transfer-z-lublany-do-benatok","status":"publish","type":"page","link":"https:\/\/transfereurope.com\/sk\/destinacie\/lublana\/transfer-z-lublany-do-benatok\/","title":{"rendered":"Transfer z \u013dub\u013eany do Ben\u00e1tok"},"content":{"rendered":"\n<div id=\"t4-masthead\" class=\"t4-section  t4-masthead\">\n<div class=\"t4-col text-center\">\n<div class=\"ja-masthead\" >\n<div class=\"ja-masthead-detail\">\n<h1 class=\"ja-masthead-title\">Transfer z \u013dub\u013eany do Ben\u00e1tok<\/h1>\n<p>                 <!---->            <\/p>\n<div class=\"block-breadcrumb\">                       <\/div>\n<\/p><\/div>\n<\/p><\/div>\n<pre><\/pre>\n<\/div>\n<\/div>\n<div id=\"t4-main-body\" class=\"t4-section  t4-main-body\" role=\"main body\">\n<div class=\"t4-section-inner container\">\n<div class=\"t4-row row\">\n<div class=\"t4-col col-12 col-xl\">\n<div id=\"system-message-container\"> \t<\/div>\n<p>       <script type=\"text\/javascript\" ><\/script> <\/p>\n<div class=\"com-content-article item-page view-tour-detail\">\n<div class=\"tour-top-info clearfix\">\n<div class=\"pull-left\">\n<div class=\"category-article-dot\">\n<div class=\"category-name\"> \t\t\t\t\t<a href=\"\/sk\/destinacie\/lublana\" itemprop=\"genre\">\u013dub\u013eana Osobn\u00e1 preprava<\/a> \t\t\t\t<\/div>\n<\/p><\/div>\n<\/p><\/div>\n<div class=\"pull-right\">\n<div class=\"text-danger tour-price\"> \t\t\t\t\t\t<a href=\"\/sk\/rezervovat-transfer\">Rezervova\u0165<\/a><\/div>\n<\/p><\/div>\n<\/p><\/div>\n<p>  \t <!--\t-->  \t<\/p>\n<div class=\"vm-product-container\">\n<figure class=\"pull-left item-image\">\n<div class=\"main-image\"> \t\t<a title=\"Ljubljana to Venice Transfer Service\" rel='vm-additional-images' href=\"\/images\/virtuemart\/product\/Italy Milan Transfers (5)68.jpg\"><img decoding=\"async\"  loading=\"lazy\"  src=\"\/wp-content\/uploads\/2025\/08\/Italy-Milan-Transfers-568-7.jpg\"  alt=\"Ljubljana to Venice Transfer Service\"  \/><\/a>\t\t<\/p>\n<div class=\"clear\"><\/div>\n<\/p><\/div>\n<\/figure>\n<div class=\"vm-product-details-container\">\n<div class=\"spacer-buy-area\">    \t\t \t\t<\/div>\n<\/p><\/div>\n<div class=\"clear\"><\/div>\n<\/p><\/div>\n<div class=\"product-description\" >\n<p>H\u013ead\u00e1te bezprobl\u00e9mov\u00fa a pohodln\u00fa cestu medzi \u013dub\u013eanou a Ben\u00e1tkami? U\u017e nemus\u00edte h\u013eada\u0165 \u010falej! N\u00e1\u0161 \u0161pecializovan\u00fd t\u00edm je tu, aby v\u00e1m poskytol \u0161pi\u010dkov\u00e9 dopravn\u00e9 slu\u017eby, ktor\u00e9 zabezpe\u010dia bezprobl\u00e9mov\u00fa cestu medzi t\u00fdmito dvoma kr\u00e1snymi eur\u00f3pskymi mestami.<\/p>\n<p style=\"text-align: center;\"><a class=\"btn btn-primary\" href=\"\/sk\/rezervovat-transfer\">Rezervova\u0165<\/a><\/p>\n<h2 style=\"text-align: center;\"><strong>Pre\u010do si vybra\u0165 na\u0161e slu\u017eby transferu z \u013dub\u013eany do Ben\u00e1tok?<\/strong><\/h2>\n<ul>\n<li><strong>Strokovno znanje zasebnega voznika:<\/strong>\u00a0Na\u0161a ekipa je sestavljena iz izku\u0161enih in profesionalnih zasebnih voznikov, ki so dobro usposobljeni za vo\u017enjo po slikovitih poteh med Ljubljano in Benetkami. Poskrbijo za va\u0161o varnost in udobje na celotnem potovanju.<\/li>\n<li><strong>Razko\u0161en najem avtomobila:<\/strong>\u00a0Ponujamo floto razko\u0161nih in dobro vzdr\u017eevanih avtomobilov, ki bodo zadovoljili va\u0161e posebne potrebe. Ne glede na to, ali potujete sami, z dru\u017eino ali v skupini, imamo za vas popolno vozilo. Na\u0161i avtomobili so opremljeni s sodobnimi pripomo\u010dki, da bo va\u0161e potovanje \u010dim bolj udobno.<\/li>\n<li><strong>Storitve od vrat do vrat:<\/strong>\u00a0Ponosni smo na na\u0161e storitve od vrat do vrat, kar pomeni, da vas poberemo z va\u0161e lokacije v Ljubljani in odlo\u017eimo na \u017eeleni destinaciji v Benetkah. Ni vam treba skrbeti zaradi te\u017eav z menjavo ve\u010d prevoznih sredstev.<\/li>\n<li><strong>U\u010dinkovit prevoz:<\/strong>\u00a0Na\u0161a u\u010dinkovita prevozna storitev je zasnovana tako, da vam prihrani \u010das in energijo. Poskrbimo za vso logistiko, promet in navigacijo, tako da se lahko udobno namestite in sprostite ter u\u017eivate v slikovitosti potovanja.<\/li>\n<li><strong>Prilagodljiv urnik:<\/strong>\u00a0Zavedamo se, da se na\u010drti potovanja lahko spremenijo. Zato vam ponujamo prilagodljive mo\u017enosti na\u010drtovanja. Prevoz lahko rezervirate ob \u010dasu, ki vam najbolj ustreza, mi pa se bomo prilagodili va\u0161im potrebam.<\/li>\n<\/ul>\n<h2 style=\"text-align: center;\">\u00a0<\/h2>\n<h2 style=\"text-align: center;\"><strong>Rezervacija transferja iz Ljubljane v Benetke\u00a0<\/strong><\/h2>\n<p>S prevozom iz Ljubljane v Benetke lahko u\u017eivate v brezskrbnem in udobnem potovanju, ki vam omogo\u010da, da se v celoti potopite v lepoto slovenske in italijanske pokrajine. Izkusite udobje zasebnega voznika in svobodo raziskovanja v svojem tempu.<\/p>\n<p>Rezervirajte svoj prevoz iz Ljubljane v Benetke pri nas \u0161e danes in nam dovolite, da poskrbimo za va\u0161e prevozne potrebe, medtem ko boste u\u017eivali v \u010darobnosti teh dveh o\u010darljivih mest. Va\u0161e potovanje je na\u0161a prednostna naloga, mi pa se trudimo, da bo nepozabno in prijetno.<\/p>\n<p style=\"text-align: center;\"><a class=\"btn btn-primary\" href=\"\/sk\/rezervovat-transfer\">Rezervova\u0165<\/a><\/p>\n<h2 style=\"text-align: center;\"><b>Kako priti iz Ljubljane v Benetke<\/b><\/h2>\n<p>Ljubljana in Benetke, dve o\u010darljivi mesti z edinstvenim \u0161armom, sta si relativno blizu, zato je potovanje med njima priro\u010dno. Ne glede na to, ali ste turist, ki raziskuje osupljive pokrajine Slovenije in Italije, ali doma\u010din, ki i\u0161\u010de razburljiv oddih, smo vam na voljo. Tukaj je va\u0161 popoln vodnik, kako priti iz Ljubljane v Benetke.<\/p>\n<h3>Avtomobilom<\/h3>\n<p><strong>Storitev zasebnega prevoza:<\/strong>\u00a0Za udobno in brezskrbno potovanje si omislite najem zasebnega avtomobila in voznika. Ta mo\u017enost zagotavlja prilagodljivost in izku\u0161njo od vrat do vrat, tako da lahko u\u017eivate v slikoviti vo\u017enji med mestoma, ne da bi se obremenjevali z navigacijo.<\/p>\n<p><strong>Najem avtomobila:<\/strong>\u00a0\u010ce imate raje ve\u010djo neodvisnost, lahko najamete avtomobil in se od Ljubljane do Benetk peljete z avtomobilom. Ne pozabite se seznaniti z mednarodnimi voznimi predpisi, vklju\u010dno s cestninami in razmerami na cestah.<\/p>\n<h3>Avtobusom<\/h3>\n<p>Med Ljubljano in Benetkami vozi ve\u010d avtobusnih prevoznikov. Ta mo\u017enost je lahko cenovno ugodnej\u0161a, vendar lahko vklju\u010duje prestopanje in dalj\u0161i \u010das potovanja. Pri razli\u010dnih avtobusnih prevoznikih preverite vozne rede in proge ter poi\u0161\u010dite najprimernej\u0161o mo\u017enost za vas.<\/p>\n<p>\u00a0<\/p>\n<h3>Vlakom<\/h3>\n<p>Potovanje z vlakom je lahko slikovito in udobno. Z vlakom se lahko odpravite iz Ljubljane v Benetke in na poti u\u017eivate v \u010dudoviti pokrajini. Za nemoteno potovanje preverite vozne rede in vnaprej rezervirajte vozovnice.<\/p>\n<h3>Lietadlom<\/h3>\n<p>\u010ceprav iz Ljubljane v Benetke ni neposrednega leta, lahko z letali\u0161\u010da Jo\u017eeta Pu\u010dnika Ljubljana poletite na letali\u0161\u010de Marco Polo v Benetkah ali na letali\u0161\u010de Treviso v Benetkah. To je najhitrej\u0161i na\u010din potovanja med mestoma, vendar upo\u0161tevajte \u010das, potreben za prevoze na letali\u0161\u010de in varnostne preglede.<\/p>\n<h3>S kombinacijo prevoza<\/h3>\n<p>\u010ce si \u017eelite malo pustolov\u0161\u010dine in raznolikosti, lahko kombinirate razli\u010dna prevozna sredstva. Na primer, iz Ljubljane se lahko z vlakom odpeljete v mesto, ki je bli\u017eje Benetkam, nato pa pot nadaljujete z avtobusom ali zasebnim prevozom.<\/p>\n<p style=\"text-align: center;\"><a class=\"btn btn-primary\" href=\"\/sk\/rezervovat-transfer\">Rezervova\u0165<\/a><\/p>\n<p style=\"text-align: left;\">Ne glede na to, katero mo\u017enost izberete, potovanje na\u010drtujte vnaprej, pri tem pa upo\u0161tevajte svoj prora\u010dun, potovalne \u017eelje in razpolo\u017eljivi \u010das. Ljubljana in Benetke sta izjemni destinaciji, ki imata veliko za ponuditi, potovanje med njima pa je lahko razburljiv del va\u0161e pustolov\u0161\u010dine. U\u017eivajte v potovanjih!<\/p>\n<\/p><\/div>\n<div class=\"product-price-container\">\n<div class=\"sale-price\"> \t\t<\/div>\n<\/p><\/div>\n<div class=\"options\"><\/div>\n<div> \t\t<\/div>\n<p>   \t  <script type=\"text\/javascript\" ><\/script>  <script type=\"text\/javascript\" ><\/script>  <script type=\"text\/javascript\" ><\/script> <script type=\"text\/javascript\" ><\/script> <script type=\"text\/javascript\" ><\/script> <script type=\"text\/javascript\" ><\/script> <\/div>\n<p> \t\t<!-- \u041f\u043b\u0430\u0433\u0438\u043d \u0440\u0435\u0439\u0442\u0438\u043d\u0433\u0430 --> <\/p>\n<div class=\"vrvote-body\">\n<ul class=\"vrvote-ul\">\n<li id=\"rating_120\" class=\"current-rating\" style=\"width:99.13%;\"><\/li>\n<li> \t\t\t\t\t\t<a class=\"vr-one-star\" onclick=\"javascript:JSVRvote(120,1,114,23,0)\" href=\"javascript:void(null)\">1<\/a> \t\t\t\t\t<\/li>\n<li> \t\t\t\t\t\t<a class=\"vr-two-stars\" onclick=\"javascript:JSVRvote(120,2,114,23,0)\" href=\"javascript:void(null)\">2<\/a> \t\t\t\t\t<\/li>\n<li> \t\t\t\t\t\t<a class=\"vr-three-stars\" onclick=\"javascript:JSVRvote(120,3,114,23,0)\" href=\"javascript:void(null)\">3<\/a> \t\t\t\t\t<\/li>\n<li> \t\t\t\t\t\t<a class=\"vr-four-stars\" onclick=\"javascript:JSVRvote(120,4,114,23,0)\" href=\"javascript:void(null)\">4<\/a> \t\t\t\t\t<\/li>\n<li> \t\t\t\t\t\t<a class=\"vr-five-stars\" onclick=\"javascript:JSVRvote(120,5,114,23,0)\" href=\"javascript:void(null)\">5<\/a> \t\t\t\t\t<\/li>\n<\/ul><\/div>\n<p> \t\t\t<span id=\"vrvote_120\" class=\"vrvote-count\"><small><\/small><\/span>\t<\/span><script type=\"application\/ld+json\"><\/script>   <\/div>\n<div class=\"t4-col sidebar-r col-12 col-xl-4\">\n<div class=\"t4-module module\" id=\"Mod306\">\n<div class=\"module-inner\">\n<div class=\"module-ct\">\n<div class=\"bannergroup\">\n<div class=\"banneritem\"> \t\t\t\t\t\t\t\t\t\t\t\t\t\t\t\t\t\t\t\t\t\t\t\t\t\t\t\t\t\t\t\t\t\t\t\t\t\t\t\t\t\t\t\t\t\t\t\t\t\t<img \t\t\t\t\t\tsrc=\"\/wp-content\/uploads\/2025\/08\/banner-transfer-europe-sk-466.png\" \t\t\t\t\t\talt=\"Banner-sk\" \t\t\t\t\t\t\t\t\t\t\t\t\t\t\t\t\t\/> \t\t\t\t\t\t\t\t\t\t\t<\/p>\n<div class=\"clr\"><\/div>\n<\/p><\/div>\n<\/p><\/div>\n<\/p><\/div>\n<\/div>\n<\/div><\/div>\n<\/p><\/div>\n<\/div><\/div>\n<div id=\"t4-section-8\" class=\"t4-section  t4-section-8  section-border-top\" role=\"section-8\">\n<div class=\"bg-overlay bg-overlay-image\">&nbsp;<\/div>\n<\/p><\/div>\n<p>  <a href='javascript:' id='back-to-top'><i class='fa fa-chevron-up'><\/i><\/a>                <\/p>\n","protected":false},"excerpt":{"rendered":"<p>Transfer z \u013dub\u013eany do Ben\u00e1tok \u013dub\u013eana Osobn\u00e1 preprava Rezervova\u0165 H\u013ead\u00e1te bezprobl\u00e9mov\u00fa a pohodln\u00fa cestu medzi \u013dub\u013eanou a Ben\u00e1tkami? U\u017e nemus\u00edte h\u013eada\u0165 \u010falej! N\u00e1\u0161 \u0161pecializovan\u00fd t\u00edm je tu, aby v\u00e1m poskytol \u0161pi\u010dkov\u00e9 dopravn\u00e9 slu\u017eby, ktor\u00e9 zabezpe\u010dia bezprobl\u00e9mov\u00fa cestu medzi t\u00fdmito dvoma kr\u00e1snymi eur\u00f3pskymi mestami. Rezervova\u0165 Pre\u010do si vybra\u0165 na\u0161e slu\u017eby transferu z \u013dub\u013eany do Ben\u00e1tok? Strokovno [&hellip;]<\/p>\n","protected":false},"author":1,"featured_media":83242,"parent":19953,"menu_order":0,"comment_status":"closed","ping_status":"closed","template":"","meta":{"footnotes":""},"class_list":["post-83241","page","type-page","status-publish","has-post-thumbnail","hentry"],"yoast_head":"<!-- This site is optimized with the Yoast SEO plugin v25.6 - https:\/\/yoast.com\/wordpress\/plugins\/seo\/ -->\n<title>Transfer \u013dub\u013eana \u2194 Ben\u00e1tky | Kyvadlov\u00e1 doprava \u013dub\u013eana<\/title>\n<meta name=\"description\" content=\"Kyvadlov\u00e1 doprava \u013dub\u013eana do talianskych Ben\u00e1tok. Transfer z Ljubljany do Ben\u00e1tok mikrobusom, VIP, pr\u00e9miov\u00fdm autom \u2714Ve\u013ek\u00fd vozov\u00fd park \u2714VIP taxi \u2714Bezpe\u010dn\u00e1 platba\" \/>\n<meta name=\"robots\" content=\"index, follow, max-snippet:-1, max-image-preview:large, max-video-preview:-1\" \/>\n<link rel=\"canonical\" href=\"https:\/\/transfereurope.com\/sk\/destinacie\/lublana\/transfer-z-lublany-do-benatok\/\" \/>\n<meta property=\"og:locale\" content=\"sk_SK\" \/>\n<meta property=\"og:type\" content=\"article\" \/>\n<meta property=\"og:title\" content=\"Transfer \u013dub\u013eana \u2194 Ben\u00e1tky | Kyvadlov\u00e1 doprava \u013dub\u013eana\" \/>\n<meta property=\"og:description\" content=\"Kyvadlov\u00e1 doprava \u013dub\u013eana do talianskych Ben\u00e1tok. Transfer z Ljubljany do Ben\u00e1tok mikrobusom, VIP, pr\u00e9miov\u00fdm autom \u2714Ve\u013ek\u00fd vozov\u00fd park \u2714VIP taxi \u2714Bezpe\u010dn\u00e1 platba\" \/>\n<meta property=\"og:url\" content=\"https:\/\/transfereurope.com\/sk\/destinacie\/lublana\/transfer-z-lublany-do-benatok\/\" \/>\n<meta property=\"og:site_name\" content=\"transfereurope\" \/>\n<meta property=\"og:image\" content=\"https:\/\/transfereurope.com\/wp-content\/uploads\/2025\/08\/Italy-Milan-Transfers-568-7-1.jpg\" \/>\n\t<meta property=\"og:image:width\" content=\"1500\" \/>\n\t<meta property=\"og:image:height\" content=\"2000\" \/>\n\t<meta property=\"og:image:type\" content=\"image\/jpeg\" \/>\n<meta name=\"twitter:card\" content=\"summary_large_image\" \/>\n<meta name=\"twitter:label1\" content=\"Predpokladan\u00fd \u010das \u010d\u00edtania\" \/>\n\t<meta name=\"twitter:data1\" content=\"4 min\u00faty\" \/>\n<script type=\"application\/ld+json\" class=\"yoast-schema-graph\">{\"@context\":\"https:\/\/schema.org\",\"@graph\":[{\"@type\":\"WebPage\",\"@id\":\"https:\/\/transfereurope.com\/sk\/destinacie\/lublana\/transfer-z-lublany-do-benatok\/\",\"url\":\"https:\/\/transfereurope.com\/sk\/destinacie\/lublana\/transfer-z-lublany-do-benatok\/\",\"name\":\"Transfer \u013dub\u013eana \u2194 Ben\u00e1tky | Kyvadlov\u00e1 doprava \u013dub\u013eana\",\"isPartOf\":{\"@id\":\"https:\/\/transfereurope.com\/sk\/#website\"},\"primaryImageOfPage\":{\"@id\":\"https:\/\/transfereurope.com\/sk\/destinacie\/lublana\/transfer-z-lublany-do-benatok\/#primaryimage\"},\"image\":{\"@id\":\"https:\/\/transfereurope.com\/sk\/destinacie\/lublana\/transfer-z-lublany-do-benatok\/#primaryimage\"},\"thumbnailUrl\":\"https:\/\/transfereurope.com\/wp-content\/uploads\/2025\/08\/Italy-Milan-Transfers-568-7-1.jpg\",\"datePublished\":\"2025-08-06T00:08:53+00:00\",\"description\":\"Kyvadlov\u00e1 doprava \u013dub\u013eana do talianskych Ben\u00e1tok. Transfer z Ljubljany do Ben\u00e1tok mikrobusom, VIP, pr\u00e9miov\u00fdm autom \u2714Ve\u013ek\u00fd vozov\u00fd park \u2714VIP taxi \u2714Bezpe\u010dn\u00e1 platba\",\"breadcrumb\":{\"@id\":\"https:\/\/transfereurope.com\/sk\/destinacie\/lublana\/transfer-z-lublany-do-benatok\/#breadcrumb\"},\"inLanguage\":\"sk-SK\",\"potentialAction\":[{\"@type\":\"ReadAction\",\"target\":[\"https:\/\/transfereurope.com\/sk\/destinacie\/lublana\/transfer-z-lublany-do-benatok\/\"]}]},{\"@type\":\"ImageObject\",\"inLanguage\":\"sk-SK\",\"@id\":\"https:\/\/transfereurope.com\/sk\/destinacie\/lublana\/transfer-z-lublany-do-benatok\/#primaryimage\",\"url\":\"https:\/\/transfereurope.com\/wp-content\/uploads\/2025\/08\/Italy-Milan-Transfers-568-7-1.jpg\",\"contentUrl\":\"https:\/\/transfereurope.com\/wp-content\/uploads\/2025\/08\/Italy-Milan-Transfers-568-7-1.jpg\",\"width\":1500,\"height\":2000},{\"@type\":\"BreadcrumbList\",\"@id\":\"https:\/\/transfereurope.com\/sk\/destinacie\/lublana\/transfer-z-lublany-do-benatok\/#breadcrumb\",\"itemListElement\":[{\"@type\":\"ListItem\",\"position\":1,\"name\":\"Home\",\"item\":\"https:\/\/transfereurope.com\/sk\/\"},{\"@type\":\"ListItem\",\"position\":2,\"name\":\"Transfer z \u013dub\u013eany do Ben\u00e1tok\"}]},{\"@type\":\"WebSite\",\"@id\":\"https:\/\/transfereurope.com\/sk\/#website\",\"url\":\"https:\/\/transfereurope.com\/sk\/\",\"name\":\"transfereurope\",\"description\":\"\",\"publisher\":{\"@id\":\"https:\/\/transfereurope.com\/sk\/#organization\"},\"potentialAction\":[{\"@type\":\"SearchAction\",\"target\":{\"@type\":\"EntryPoint\",\"urlTemplate\":\"https:\/\/transfereurope.com\/sk\/?s={search_term_string}\"},\"query-input\":{\"@type\":\"PropertyValueSpecification\",\"valueRequired\":true,\"valueName\":\"search_term_string\"}}],\"inLanguage\":\"sk-SK\"},{\"@type\":\"Organization\",\"@id\":\"https:\/\/transfereurope.com\/sk\/#organization\",\"name\":\"transfereurope\",\"url\":\"https:\/\/transfereurope.com\/sk\/\",\"logo\":{\"@type\":\"ImageObject\",\"inLanguage\":\"sk-SK\",\"@id\":\"https:\/\/transfereurope.com\/sk\/#\/schema\/logo\/image\/\",\"url\":\"https:\/\/transfereurope.com\/wp-content\/uploads\/2025\/08\/TRANSFERS-1655.png\",\"contentUrl\":\"https:\/\/transfereurope.com\/wp-content\/uploads\/2025\/08\/TRANSFERS-1655.png\",\"width\":500,\"height\":274,\"caption\":\"transfereurope\"},\"image\":{\"@id\":\"https:\/\/transfereurope.com\/sk\/#\/schema\/logo\/image\/\"}}]}<\/script>\n<!-- \/ Yoast SEO plugin. -->","yoast_head_json":{"title":"Transfer \u013dub\u013eana \u2194 Ben\u00e1tky | Kyvadlov\u00e1 doprava \u013dub\u013eana","description":"Kyvadlov\u00e1 doprava \u013dub\u013eana do talianskych Ben\u00e1tok. Transfer z Ljubljany do Ben\u00e1tok mikrobusom, VIP, pr\u00e9miov\u00fdm autom \u2714Ve\u013ek\u00fd vozov\u00fd park \u2714VIP taxi \u2714Bezpe\u010dn\u00e1 platba","robots":{"index":"index","follow":"follow","max-snippet":"max-snippet:-1","max-image-preview":"max-image-preview:large","max-video-preview":"max-video-preview:-1"},"canonical":"https:\/\/transfereurope.com\/sk\/destinacie\/lublana\/transfer-z-lublany-do-benatok\/","og_locale":"sk_SK","og_type":"article","og_title":"Transfer \u013dub\u013eana \u2194 Ben\u00e1tky | Kyvadlov\u00e1 doprava \u013dub\u013eana","og_description":"Kyvadlov\u00e1 doprava \u013dub\u013eana do talianskych Ben\u00e1tok. Transfer z Ljubljany do Ben\u00e1tok mikrobusom, VIP, pr\u00e9miov\u00fdm autom \u2714Ve\u013ek\u00fd vozov\u00fd park \u2714VIP taxi \u2714Bezpe\u010dn\u00e1 platba","og_url":"https:\/\/transfereurope.com\/sk\/destinacie\/lublana\/transfer-z-lublany-do-benatok\/","og_site_name":"transfereurope","og_image":[{"width":1500,"height":2000,"url":"https:\/\/transfereurope.com\/wp-content\/uploads\/2025\/08\/Italy-Milan-Transfers-568-7-1.jpg","type":"image\/jpeg"}],"twitter_card":"summary_large_image","twitter_misc":{"Predpokladan\u00fd \u010das \u010d\u00edtania":"4 min\u00faty"},"schema":{"@context":"https:\/\/schema.org","@graph":[{"@type":"WebPage","@id":"https:\/\/transfereurope.com\/sk\/destinacie\/lublana\/transfer-z-lublany-do-benatok\/","url":"https:\/\/transfereurope.com\/sk\/destinacie\/lublana\/transfer-z-lublany-do-benatok\/","name":"Transfer \u013dub\u013eana \u2194 Ben\u00e1tky | Kyvadlov\u00e1 doprava \u013dub\u013eana","isPartOf":{"@id":"https:\/\/transfereurope.com\/sk\/#website"},"primaryImageOfPage":{"@id":"https:\/\/transfereurope.com\/sk\/destinacie\/lublana\/transfer-z-lublany-do-benatok\/#primaryimage"},"image":{"@id":"https:\/\/transfereurope.com\/sk\/destinacie\/lublana\/transfer-z-lublany-do-benatok\/#primaryimage"},"thumbnailUrl":"https:\/\/transfereurope.com\/wp-content\/uploads\/2025\/08\/Italy-Milan-Transfers-568-7-1.jpg","datePublished":"2025-08-06T00:08:53+00:00","description":"Kyvadlov\u00e1 doprava \u013dub\u013eana do talianskych Ben\u00e1tok. Transfer z Ljubljany do Ben\u00e1tok mikrobusom, VIP, pr\u00e9miov\u00fdm autom \u2714Ve\u013ek\u00fd vozov\u00fd park \u2714VIP taxi \u2714Bezpe\u010dn\u00e1 platba","breadcrumb":{"@id":"https:\/\/transfereurope.com\/sk\/destinacie\/lublana\/transfer-z-lublany-do-benatok\/#breadcrumb"},"inLanguage":"sk-SK","potentialAction":[{"@type":"ReadAction","target":["https:\/\/transfereurope.com\/sk\/destinacie\/lublana\/transfer-z-lublany-do-benatok\/"]}]},{"@type":"ImageObject","inLanguage":"sk-SK","@id":"https:\/\/transfereurope.com\/sk\/destinacie\/lublana\/transfer-z-lublany-do-benatok\/#primaryimage","url":"https:\/\/transfereurope.com\/wp-content\/uploads\/2025\/08\/Italy-Milan-Transfers-568-7-1.jpg","contentUrl":"https:\/\/transfereurope.com\/wp-content\/uploads\/2025\/08\/Italy-Milan-Transfers-568-7-1.jpg","width":1500,"height":2000},{"@type":"BreadcrumbList","@id":"https:\/\/transfereurope.com\/sk\/destinacie\/lublana\/transfer-z-lublany-do-benatok\/#breadcrumb","itemListElement":[{"@type":"ListItem","position":1,"name":"Home","item":"https:\/\/transfereurope.com\/sk\/"},{"@type":"ListItem","position":2,"name":"Transfer z \u013dub\u013eany do Ben\u00e1tok"}]},{"@type":"WebSite","@id":"https:\/\/transfereurope.com\/sk\/#website","url":"https:\/\/transfereurope.com\/sk\/","name":"transfereurope","description":"","publisher":{"@id":"https:\/\/transfereurope.com\/sk\/#organization"},"potentialAction":[{"@type":"SearchAction","target":{"@type":"EntryPoint","urlTemplate":"https:\/\/transfereurope.com\/sk\/?s={search_term_string}"},"query-input":{"@type":"PropertyValueSpecification","valueRequired":true,"valueName":"search_term_string"}}],"inLanguage":"sk-SK"},{"@type":"Organization","@id":"https:\/\/transfereurope.com\/sk\/#organization","name":"transfereurope","url":"https:\/\/transfereurope.com\/sk\/","logo":{"@type":"ImageObject","inLanguage":"sk-SK","@id":"https:\/\/transfereurope.com\/sk\/#\/schema\/logo\/image\/","url":"https:\/\/transfereurope.com\/wp-content\/uploads\/2025\/08\/TRANSFERS-1655.png","contentUrl":"https:\/\/transfereurope.com\/wp-content\/uploads\/2025\/08\/TRANSFERS-1655.png","width":500,"height":274,"caption":"transfereurope"},"image":{"@id":"https:\/\/transfereurope.com\/sk\/#\/schema\/logo\/image\/"}}]}},"_links":{"self":[{"href":"https:\/\/transfereurope.com\/sk\/wp-json\/wp\/v2\/pages\/83241","targetHints":{"allow":["GET"]}}],"collection":[{"href":"https:\/\/transfereurope.com\/sk\/wp-json\/wp\/v2\/pages"}],"about":[{"href":"https:\/\/transfereurope.com\/sk\/wp-json\/wp\/v2\/types\/page"}],"author":[{"embeddable":true,"href":"https:\/\/transfereurope.com\/sk\/wp-json\/wp\/v2\/users\/1"}],"replies":[{"embeddable":true,"href":"https:\/\/transfereurope.com\/sk\/wp-json\/wp\/v2\/comments?post=83241"}],"version-history":[{"count":0,"href":"https:\/\/transfereurope.com\/sk\/wp-json\/wp\/v2\/pages\/83241\/revisions"}],"up":[{"embeddable":true,"href":"https:\/\/transfereurope.com\/sk\/wp-json\/wp\/v2\/pages\/19953"}],"wp:featuredmedia":[{"embeddable":true,"href":"https:\/\/transfereurope.com\/sk\/wp-json\/wp\/v2\/media\/83242"}],"wp:attachment":[{"href":"https:\/\/transfereurope.com\/sk\/wp-json\/wp\/v2\/media?parent=83241"}],"curies":[{"name":"wp","href":"https:\/\/api.w.org\/{rel}","templated":true}]}}