{"id":83142,"date":"2025-08-06T00:08:00","date_gmt":"2025-08-06T00:08:00","guid":{"rendered":"https:\/\/transfereurope.com\/transfer-z-lublany-do-postojna-yama-postojnska-jaskyna\/"},"modified":"2025-08-06T00:08:00","modified_gmt":"2025-08-06T00:08:00","slug":"transfer-z-lublany-do-postojna-yama-postojnska-jaskyna","status":"publish","type":"page","link":"https:\/\/transfereurope.com\/sk\/destinacie\/lublana\/transfer-z-lublany-do-postojna-yama-postojnska-jaskyna\/","title":{"rendered":"Transfer z \u013dub\u013eany do Postojna Yama (Postojnsk\u00e1 jasky\u0148a)"},"content":{"rendered":"\n<div id=\"t4-masthead\" class=\"t4-section  t4-masthead\">\n<div class=\"t4-col text-center\">\n<div class=\"ja-masthead\" >\n<div class=\"ja-masthead-detail\">\n<h1 class=\"ja-masthead-title\">Transfer z \u013dub\u013eany do Postojna Yama (Postojnsk\u00e1 jasky\u0148a)<\/h1>\n<p>                 <!---->            <\/p>\n<div class=\"block-breadcrumb\">                       <\/div>\n<\/p><\/div>\n<\/p><\/div>\n<pre><\/pre>\n<\/div>\n<\/div>\n<div id=\"t4-main-body\" class=\"t4-section  t4-main-body\" role=\"main body\">\n<div class=\"t4-section-inner container\">\n<div class=\"t4-row row\">\n<div class=\"t4-col col-12 col-xl\">\n<div id=\"system-message-container\"> \t<\/div>\n<p>       <script type=\"text\/javascript\" ><\/script> <\/p>\n<div class=\"com-content-article item-page view-tour-detail\">\n<div class=\"tour-top-info clearfix\">\n<div class=\"pull-left\">\n<div class=\"category-article-dot\">\n<div class=\"category-name\"> \t\t\t\t\t<a href=\"\/sk\/destinacie\/lublana\" itemprop=\"genre\">\u013dub\u013eana Osobn\u00e1 preprava<\/a> \t\t\t\t<\/div>\n<\/p><\/div>\n<\/p><\/div>\n<div class=\"pull-right\">\n<div class=\"text-danger tour-price\"> \t\t\t\t\t\t<a href=\"\/sk\/rezervovat-transfer\">Rezervova\u0165<\/a><\/div>\n<\/p><\/div>\n<\/p><\/div>\n<p>  \t <!--\t-->  \t<\/p>\n<div class=\"vm-product-container\">\n<figure class=\"pull-left item-image\">\n<div class=\"main-image\"> \t\t<a title=\"Ljubljana to Postojna Cave Transfer Service\" rel='vm-additional-images' href=\"\/images\/virtuemart\/product\/Europe Destinations Transfers (1)96.jpg\"><img decoding=\"async\"  loading=\"lazy\"  src=\"\/wp-content\/uploads\/2025\/08\/Europe-Destinations-Transfers-196-2.jpg\"  alt=\"Ljubljana to Postojna Cave Transfer Service\"  \/><\/a>\t\t<\/p>\n<div class=\"clear\"><\/div>\n<\/p><\/div>\n<\/figure>\n<div class=\"vm-product-details-container\">\n<div class=\"spacer-buy-area\">    \t\t \t\t<\/div>\n<\/p><\/div>\n<div class=\"clear\"><\/div>\n<\/p><\/div>\n<div class=\"product-description\" >\n<p>Vitajte v hlavnej slu\u017ebe transferu z \u013dub\u013eany do Postojnskej jaskyne! Ak h\u013ead\u00e1te spo\u013eahliv\u00fa, pohodln\u00fa a bezprobl\u00e9mov\u00fa dopravu, ste na spr\u00e1vnom mieste. V spolo\u010dnosti Ljubljana to Postojna Cave Transfer sa \u0161pecializujeme na poskytovanie \u0161pi\u010dkov\u00fdch slu\u017eieb pren\u00e1jmu auta s osobn\u00fdm vodi\u010dom, aby bola va\u0161a cesta \u010do najpohodlnej\u0161ia a najpr\u00edjemnej\u0161ia.<\/p>\n<p>Na\u0161e slu\u017eby so s\u00fakromn\u00fdm vodi\u010dom s\u00fa navrhnut\u00e9 tak, aby va\u0161e cestovanie bolo v\u00fdnimo\u010dn\u00e9. \u010ci u\u017e ste turista, ktor\u00fd sk\u00fama ohromuj\u00facu Postojnsk\u00fa jasky\u0148u, alebo obchodn\u00fd cestuj\u00faci, ktor\u00fd sa z\u00fa\u010dast\u0148uje na d\u00f4le\u017eitom stretnut\u00ed, n\u00e1\u0161 \u0161pecializovan\u00fd t\u00edm je odhodlan\u00fd poskytn\u00fa\u0165 v\u00e1m to najlep\u0161ie rie\u0161enie prepravy.<\/p>\n<p style=\"text-align: center;\"><a class=\"btn btn-primary\" href=\"\/sk\/rezervovat-transfer\">Rezervova\u0165<\/a><\/p>\n<h2 style=\"text-align: center;\"><strong>Pre\u010do si vybra\u0165 na\u0161u slu\u017ebu transferu z \u013dub\u013eany do Postojnskej jaskyne?<\/strong><\/h2>\n<ul>\n<li><strong>Komfort a pohodlie:<\/strong> Ch\u00e1peme, \u017ee je d\u00f4le\u017eit\u00e9, aby ste cestovali bez stresu. Na\u0161e modern\u00e9 a dobre udr\u017eiavan\u00e9 vozidl\u00e1 zabezpe\u010duj\u00fa plynul\u00fa a pohodln\u00fa jazdu z \u013dub\u013eany do Postojnskej jaskyne, tak\u017ee sa m\u00f4\u017eete pohodlne usadi\u0165, relaxova\u0165 a vychutn\u00e1va\u0165 si scen\u00e9riu.<\/li>\n<li><strong>Odborn\u00ed s\u00fakromn\u00ed vodi\u010di:<\/strong> Na\u0161i profesion\u00e1lni s\u00fakromn\u00ed vodi\u010di maj\u00fa znalosti o najlep\u0161\u00edch tras\u00e1ch a miestnych zauj\u00edmavostiach a pon\u00fakaj\u00fa v\u00e1m individu\u00e1lny z\u00e1\u017eitok. Postaraj\u00fa sa o v\u0161etky va\u0161e potreby v oblasti dopravy a vy sa tak m\u00f4\u017eete s\u00fastredi\u0165 na svoj v\u00fdlet.<\/li>\n<li><strong>Dochv\u00ed\u013enos\u0165:<\/strong> Dochv\u00ed\u013enos\u0165 je na\u0161ou prioritou. S na\u0161ou prepravnou slu\u017ebou sa m\u00f4\u017eete spo\u013eahn\u00fa\u0165, \u017ee do cie\u013ea doraz\u00edte v\u017edy na\u010das.<\/li>\n<li><strong>Konkuren\u010dn\u00e9 ceny:<\/strong> Pon\u00fakame cenovo dostupn\u00e9 a transparentn\u00e9 ceny, v\u010faka ktor\u00fdm z\u00edskate vynikaj\u00facu hodnotu za svoje peniaze. \u017diadne skryt\u00e9 n\u00e1klady, \u017eiadne prekvapenia &#8211; len jednoduch\u00e9 a f\u00e9rov\u00e9 slu\u017eby pren\u00e1jmu vozidla.<\/li>\n<li><strong>Rie\u0161enia na mieru:<\/strong> \u010ci u\u017e cestujete sami alebo so skupinou, m\u00e1me pre v\u00e1s dokonal\u00e9 rie\u0161enie prepravy. Od individu\u00e1lnych cestuj\u00facich a\u017e po v\u00e4\u010d\u0161ie skupiny &#8211; dok\u00e1\u017eeme sa prisp\u00f4sobi\u0165 va\u0161im potreb\u00e1m.<\/li>\n<li><strong>Dostupnos\u0165 24 hod\u00edn denne, 7 dn\u00ed v t\u00fd\u017edni:<\/strong> Na\u0161a slu\u017eba prepravy z \u013dub\u013eany do Postojnskej jaskyne je k dispoz\u00edcii nepretr\u017eite. Kedyko\u013evek potrebujete spo\u013eahliv\u00fa prepravu, sme tu pre v\u00e1s.<\/li>\n<\/ul>\n<h2 style=\"text-align: center;\">\u00a0<\/h2>\n<h2 style=\"text-align: center;\"><strong>Rezerv\u00e1cia transferu z \u013dub\u013eany do Postojnskej jaskyne\u00a0<\/strong><\/h2>\n<p>Vyu\u017eite cestu z \u013dub\u013eany do o\u010daruj\u00facej Postojnskej jaskyne na maximum s na\u0161ou \u0161pi\u010dkovou dopravnou slu\u017ebou. Rezervujte si s\u00fakromn\u00e9ho vodi\u010da a dopravu teraz a za\u017eite rozdiel v cestovan\u00ed s t\u00edmom, ktor\u00e9mu z\u00e1le\u017e\u00ed na va\u0161om pohodl\u00ed a spokojnosti.<\/p>\n<p>Neuspokojte sa s menej, ke\u010f m\u00f4\u017eete ma\u0165 to najlep\u0161ie. Vyberte si transfer z \u013dub\u013eany do Postojnskej jaskyne pre nezabudnute\u013en\u00fd a pohodln\u00fd z\u00e1\u017eitok z cestovania.<\/p>\n<p style=\"text-align: center;\"><a class=\"btn btn-primary\" href=\"\/sk\/rezervovat-transfer\">Rezervova\u0165<\/a><\/p>\n<h2 style=\"text-align: center;\"><b>Ako sa dosta\u0165 z \u013dub\u013eany do Postojnskej jaskyne<\/b><\/h2>\n<p>Cesta z \u013dub\u013eany do Postojnskej jaskyne je relat\u00edvne jednoduch\u00e1 a je tu nieko\u013eko mo\u017enost\u00ed dopravy, ktor\u00e9 v\u00e1m u\u013eah\u010dia cestu. Tu je sprievodca, ako sa dosta\u0165 z \u013dub\u013eany do Postojnskej jaskyne:<\/p>\n<h3>Automobilom<\/h3>\n<p><strong>S\u00fakromn\u00e9 vozidlo:<\/strong> Najflexibilnej\u0161\u00edm a najpohodlnej\u0161\u00edm sp\u00f4sobom, ako sa dosta\u0165 do Postojnskej jaskyne z \u013dub\u013eany, je prenaja\u0165 si auto alebo s\u00fakromn\u00e9ho vodi\u010da. T\u00e1to mo\u017enos\u0165 v\u00e1m umo\u017en\u00ed nastavi\u0165 si vlastn\u00fd harmonogram, presk\u00fama\u0165 okolit\u00e9 atrakcie a cestova\u0165 vlastn\u00fdm tempom. Cesta zvy\u010dajne trv\u00e1 pribli\u017ene 45 min\u00fat a\u017e 1 hodinu v z\u00e1vislosti od dopravn\u00fdch podmienok.<\/p>\n<h3>Autobusom<\/h3>\n<p><strong>Verejn\u00fd autobus:<\/strong> Z hlavnej autobusovej stanice v \u013dub\u013eane (Avtobusna postaja Ljubljana) sa m\u00f4\u017eete dosta\u0165 do Postojny. Cesta autobusom trv\u00e1 pribli\u017ene 1 a\u017e 1,5 hodiny a autobusy prem\u00e1vaj\u00fa pravidelne. Nezabudnite si pozrie\u0165 aktu\u00e1lny cestovn\u00fd poriadok a ceny l\u00edstkov.<\/p>\n<p>\u00a0<\/p>\n<h3>Vlakom<\/h3>\n<p><strong>Vlak:<\/strong> Z \u013dub\u013eany do Postojny sa m\u00f4\u017eete dosta\u0165 aj vlakom. Vlaky s\u00fa vo v\u0161eobecnosti pohodln\u00e9 a pon\u00fakaj\u00fa malebn\u00e9 v\u00fdh\u013eady na trase. Cesta trv\u00e1 pribli\u017ene 50 min\u00fat a\u017e 1 hodinu. Cestovn\u00fd poriadok a ceny l\u00edstkov si overte na hlavnej \u017eelezni\u010dnej stanici v \u013dub\u013eane (\u017delezni\u0161ka postaja Ljubljana).<\/p>\n<h3>Organizovan\u00e9 prehliadky<\/h3>\n<p>Ak d\u00e1vate prednos\u0165 bezprobl\u00e9mov\u00e9mu z\u00e1\u017eitku, m\u00f4\u017eete sa prida\u0165 k organizovanej prehliadke, ktor\u00e1 zah\u0155\u0148a dopravu z \u013dub\u013eany do Postojnskej jaskyne. Tieto z\u00e1jazdy \u010dasto poskytuj\u00fa prehliadku jaskyne so sprievodcom, \u010do zaru\u010duje komplexn\u00fd z\u00e1\u017eitok.<\/p>\n<p>Po pr\u00edchode do Postojny budete ma\u0165 mo\u017enos\u0165 presk\u00fama\u0165 svetozn\u00e1mu Postojnsk\u00fa jasky\u0148u a jej \u00fachvatn\u00e9 podzemn\u00e9 \u00fatvary. Okrem toho stoj\u00ed za n\u00e1v\u0161tevu aj ne\u010falek\u00fd Predjamsk\u00fd hrad, ktor\u00fd je od jaskyne vzdialen\u00fd len k\u00fasok autom alebo autobusom.<\/p>\n<p style=\"text-align: center;\"><a class=\"btn btn-primary\" href=\"\/sk\/rezervovat-transfer\">Rezervova\u0165<\/a><\/p>\n<p style=\"text-align: left;\">Predt\u00fdm, ako sa vyd\u00e1te na cestu, skontrolujte si aktu\u00e1lne cestovn\u00e9 poriadky a mo\u017enosti dopravy, aby ste si zabezpe\u010dili hladk\u00fd a pr\u00edjemn\u00fd v\u00fdlet z \u013dub\u013eany do Postojnskej jaskyne. U\u017eite si n\u00e1v\u0161tevu tohto pr\u00edrodn\u00e9ho z\u00e1zraku!<\/p>\n<\/p><\/div>\n<div class=\"product-price-container\">\n<div class=\"sale-price\"> \t\t<\/div>\n<\/p><\/div>\n<div class=\"options\"><\/div>\n<div> \t\t<\/div>\n<p>   \t  <script type=\"text\/javascript\" ><\/script>  <script type=\"text\/javascript\" ><\/script>  <script type=\"text\/javascript\" ><\/script> <script type=\"text\/javascript\" ><\/script> <script type=\"text\/javascript\" ><\/script> <script type=\"text\/javascript\" ><\/script> <\/div>\n<p> \t\t<!-- \u041f\u043b\u0430\u0433\u0438\u043d \u0440\u0435\u0439\u0442\u0438\u043d\u0433\u0430 --> <\/p>\n<div class=\"vrvote-body\">\n<ul class=\"vrvote-ul\">\n<li id=\"rating_118\" class=\"current-rating\" style=\"width:98.46%;\"><\/li>\n<li> \t\t\t\t\t\t<a class=\"vr-one-star\" onclick=\"javascript:JSVRvote(118,1,128,26,0)\" href=\"javascript:void(null)\">1<\/a> \t\t\t\t\t<\/li>\n<li> \t\t\t\t\t\t<a class=\"vr-two-stars\" onclick=\"javascript:JSVRvote(118,2,128,26,0)\" href=\"javascript:void(null)\">2<\/a> \t\t\t\t\t<\/li>\n<li> \t\t\t\t\t\t<a class=\"vr-three-stars\" onclick=\"javascript:JSVRvote(118,3,128,26,0)\" href=\"javascript:void(null)\">3<\/a> \t\t\t\t\t<\/li>\n<li> \t\t\t\t\t\t<a class=\"vr-four-stars\" onclick=\"javascript:JSVRvote(118,4,128,26,0)\" href=\"javascript:void(null)\">4<\/a> \t\t\t\t\t<\/li>\n<li> \t\t\t\t\t\t<a class=\"vr-five-stars\" onclick=\"javascript:JSVRvote(118,5,128,26,0)\" href=\"javascript:void(null)\">5<\/a> \t\t\t\t\t<\/li>\n<\/ul><\/div>\n<p> \t\t\t<span id=\"vrvote_118\" class=\"vrvote-count\"><small><\/small><\/span>\t<\/span><script type=\"application\/ld+json\"><\/script>   <\/div>\n<div class=\"t4-col sidebar-r col-12 col-xl-4\">\n<div class=\"t4-module module\" id=\"Mod306\">\n<div class=\"module-inner\">\n<div class=\"module-ct\">\n<div class=\"bannergroup\">\n<div class=\"banneritem\"> \t\t\t\t\t\t\t\t\t\t\t\t\t\t\t\t\t\t\t\t\t\t\t\t\t\t\t\t\t\t\t\t\t\t\t\t\t\t\t\t\t\t\t\t\t\t\t\t\t\t<img \t\t\t\t\t\tsrc=\"\/wp-content\/uploads\/2025\/08\/banner-transfer-europe-sk-465.png\" \t\t\t\t\t\talt=\"Banner-sk\" \t\t\t\t\t\t\t\t\t\t\t\t\t\t\t\t\t\/> \t\t\t\t\t\t\t\t\t\t\t<\/p>\n<div class=\"clr\"><\/div>\n<\/p><\/div>\n<\/p><\/div>\n<\/p><\/div>\n<\/div>\n<\/div><\/div>\n<\/p><\/div>\n<\/div><\/div>\n<div id=\"t4-section-8\" class=\"t4-section  t4-section-8  section-border-top\" role=\"section-8\">\n<div class=\"bg-overlay bg-overlay-image\">&nbsp;<\/div>\n<\/p><\/div>\n<p>  <a href='javascript:' id='back-to-top'><i class='fa fa-chevron-up'><\/i><\/a>                <\/p>\n","protected":false},"excerpt":{"rendered":"<p>Transfer z \u013dub\u013eany do Postojna Yama (Postojnsk\u00e1 jasky\u0148a) \u013dub\u013eana Osobn\u00e1 preprava Rezervova\u0165 Vitajte v hlavnej slu\u017ebe transferu z \u013dub\u013eany do Postojnskej jaskyne! Ak h\u013ead\u00e1te spo\u013eahliv\u00fa, pohodln\u00fa a bezprobl\u00e9mov\u00fa dopravu, ste na spr\u00e1vnom mieste. V spolo\u010dnosti Ljubljana to Postojna Cave Transfer sa \u0161pecializujeme na poskytovanie \u0161pi\u010dkov\u00fdch slu\u017eieb pren\u00e1jmu auta s osobn\u00fdm vodi\u010dom, aby bola va\u0161a cesta [&hellip;]<\/p>\n","protected":false},"author":1,"featured_media":83143,"parent":19953,"menu_order":0,"comment_status":"closed","ping_status":"closed","template":"","meta":{"footnotes":""},"class_list":["post-83142","page","type-page","status-publish","has-post-thumbnail","hentry"],"yoast_head":"<!-- This site is optimized with the Yoast SEO plugin v25.6 - https:\/\/yoast.com\/wordpress\/plugins\/seo\/ -->\n<title>Transfer \u013dub\u013eana \u2194 Postojna Yama | Kyvadlov\u00e1 doprava \u013dub\u013eana \u2014 Transfer Europe<\/title>\n<meta name=\"description\" content=\"Kyvadlov\u00e1 doprava \u013dub\u013eana-Postojna Yama cez vzdialenos\u0165 53 km za 1 hodinu. Transfer z \u013dub\u013eany do slovinskej Postojny minivanom, VIP, pr\u00e9miov\u00fdm vozidlom na Transfer Europe \u2714Ve\u013ek\u00fd vozov\u00fd park \u2714VIP taxi \u2714Bezpe\u010dn\u00e1 platba.\" \/>\n<meta name=\"robots\" content=\"index, follow, max-snippet:-1, max-image-preview:large, max-video-preview:-1\" \/>\n<link rel=\"canonical\" href=\"https:\/\/transfereurope.com\/sk\/destinacie\/lublana\/transfer-z-lublany-do-postojna-yama-postojnska-jaskyna\/\" \/>\n<meta property=\"og:locale\" content=\"sk_SK\" \/>\n<meta property=\"og:type\" content=\"article\" \/>\n<meta property=\"og:title\" content=\"Transfer \u013dub\u013eana \u2194 Postojna Yama | Kyvadlov\u00e1 doprava \u013dub\u013eana \u2014 Transfer Europe\" \/>\n<meta property=\"og:description\" content=\"Kyvadlov\u00e1 doprava \u013dub\u013eana-Postojna Yama cez vzdialenos\u0165 53 km za 1 hodinu. Transfer z \u013dub\u013eany do slovinskej Postojny minivanom, VIP, pr\u00e9miov\u00fdm vozidlom na Transfer Europe \u2714Ve\u013ek\u00fd vozov\u00fd park \u2714VIP taxi \u2714Bezpe\u010dn\u00e1 platba.\" \/>\n<meta property=\"og:url\" content=\"https:\/\/transfereurope.com\/sk\/destinacie\/lublana\/transfer-z-lublany-do-postojna-yama-postojnska-jaskyna\/\" \/>\n<meta property=\"og:site_name\" content=\"transfereurope\" \/>\n<meta property=\"og:image\" content=\"https:\/\/transfereurope.com\/wp-content\/uploads\/2025\/08\/Europe-Destinations-Transfers-196-2-1.jpg\" \/>\n\t<meta property=\"og:image:width\" content=\"1500\" \/>\n\t<meta property=\"og:image:height\" content=\"2000\" \/>\n\t<meta property=\"og:image:type\" content=\"image\/jpeg\" \/>\n<meta name=\"twitter:card\" content=\"summary_large_image\" \/>\n<meta name=\"twitter:label1\" content=\"Predpokladan\u00fd \u010das \u010d\u00edtania\" \/>\n\t<meta name=\"twitter:data1\" content=\"4 min\u00faty\" \/>\n<script type=\"application\/ld+json\" class=\"yoast-schema-graph\">{\"@context\":\"https:\/\/schema.org\",\"@graph\":[{\"@type\":\"WebPage\",\"@id\":\"https:\/\/transfereurope.com\/sk\/destinacie\/lublana\/transfer-z-lublany-do-postojna-yama-postojnska-jaskyna\/\",\"url\":\"https:\/\/transfereurope.com\/sk\/destinacie\/lublana\/transfer-z-lublany-do-postojna-yama-postojnska-jaskyna\/\",\"name\":\"Transfer \u013dub\u013eana \u2194 Postojna Yama | Kyvadlov\u00e1 doprava \u013dub\u013eana \u2014 Transfer Europe\",\"isPartOf\":{\"@id\":\"https:\/\/transfereurope.com\/sk\/#website\"},\"primaryImageOfPage\":{\"@id\":\"https:\/\/transfereurope.com\/sk\/destinacie\/lublana\/transfer-z-lublany-do-postojna-yama-postojnska-jaskyna\/#primaryimage\"},\"image\":{\"@id\":\"https:\/\/transfereurope.com\/sk\/destinacie\/lublana\/transfer-z-lublany-do-postojna-yama-postojnska-jaskyna\/#primaryimage\"},\"thumbnailUrl\":\"https:\/\/transfereurope.com\/wp-content\/uploads\/2025\/08\/Europe-Destinations-Transfers-196-2-1.jpg\",\"datePublished\":\"2025-08-06T00:08:00+00:00\",\"description\":\"Kyvadlov\u00e1 doprava \u013dub\u013eana-Postojna Yama cez vzdialenos\u0165 53 km za 1 hodinu. Transfer z \u013dub\u013eany do slovinskej Postojny minivanom, VIP, pr\u00e9miov\u00fdm vozidlom na Transfer Europe \u2714Ve\u013ek\u00fd vozov\u00fd park \u2714VIP taxi \u2714Bezpe\u010dn\u00e1 platba.\",\"breadcrumb\":{\"@id\":\"https:\/\/transfereurope.com\/sk\/destinacie\/lublana\/transfer-z-lublany-do-postojna-yama-postojnska-jaskyna\/#breadcrumb\"},\"inLanguage\":\"sk-SK\",\"potentialAction\":[{\"@type\":\"ReadAction\",\"target\":[\"https:\/\/transfereurope.com\/sk\/destinacie\/lublana\/transfer-z-lublany-do-postojna-yama-postojnska-jaskyna\/\"]}]},{\"@type\":\"ImageObject\",\"inLanguage\":\"sk-SK\",\"@id\":\"https:\/\/transfereurope.com\/sk\/destinacie\/lublana\/transfer-z-lublany-do-postojna-yama-postojnska-jaskyna\/#primaryimage\",\"url\":\"https:\/\/transfereurope.com\/wp-content\/uploads\/2025\/08\/Europe-Destinations-Transfers-196-2-1.jpg\",\"contentUrl\":\"https:\/\/transfereurope.com\/wp-content\/uploads\/2025\/08\/Europe-Destinations-Transfers-196-2-1.jpg\",\"width\":1500,\"height\":2000},{\"@type\":\"BreadcrumbList\",\"@id\":\"https:\/\/transfereurope.com\/sk\/destinacie\/lublana\/transfer-z-lublany-do-postojna-yama-postojnska-jaskyna\/#breadcrumb\",\"itemListElement\":[{\"@type\":\"ListItem\",\"position\":1,\"name\":\"Home\",\"item\":\"https:\/\/transfereurope.com\/sk\/\"},{\"@type\":\"ListItem\",\"position\":2,\"name\":\"Transfer z \u013dub\u013eany do Postojna Yama (Postojnsk\u00e1 jasky\u0148a)\"}]},{\"@type\":\"WebSite\",\"@id\":\"https:\/\/transfereurope.com\/sk\/#website\",\"url\":\"https:\/\/transfereurope.com\/sk\/\",\"name\":\"transfereurope\",\"description\":\"\",\"publisher\":{\"@id\":\"https:\/\/transfereurope.com\/sk\/#organization\"},\"potentialAction\":[{\"@type\":\"SearchAction\",\"target\":{\"@type\":\"EntryPoint\",\"urlTemplate\":\"https:\/\/transfereurope.com\/sk\/?s={search_term_string}\"},\"query-input\":{\"@type\":\"PropertyValueSpecification\",\"valueRequired\":true,\"valueName\":\"search_term_string\"}}],\"inLanguage\":\"sk-SK\"},{\"@type\":\"Organization\",\"@id\":\"https:\/\/transfereurope.com\/sk\/#organization\",\"name\":\"transfereurope\",\"url\":\"https:\/\/transfereurope.com\/sk\/\",\"logo\":{\"@type\":\"ImageObject\",\"inLanguage\":\"sk-SK\",\"@id\":\"https:\/\/transfereurope.com\/sk\/#\/schema\/logo\/image\/\",\"url\":\"https:\/\/transfereurope.com\/wp-content\/uploads\/2025\/08\/TRANSFERS-1655.png\",\"contentUrl\":\"https:\/\/transfereurope.com\/wp-content\/uploads\/2025\/08\/TRANSFERS-1655.png\",\"width\":500,\"height\":274,\"caption\":\"transfereurope\"},\"image\":{\"@id\":\"https:\/\/transfereurope.com\/sk\/#\/schema\/logo\/image\/\"}}]}<\/script>\n<!-- \/ Yoast SEO plugin. -->","yoast_head_json":{"title":"Transfer \u013dub\u013eana \u2194 Postojna Yama | Kyvadlov\u00e1 doprava \u013dub\u013eana \u2014 Transfer Europe","description":"Kyvadlov\u00e1 doprava \u013dub\u013eana-Postojna Yama cez vzdialenos\u0165 53 km za 1 hodinu. Transfer z \u013dub\u013eany do slovinskej Postojny minivanom, VIP, pr\u00e9miov\u00fdm vozidlom na Transfer Europe \u2714Ve\u013ek\u00fd vozov\u00fd park \u2714VIP taxi \u2714Bezpe\u010dn\u00e1 platba.","robots":{"index":"index","follow":"follow","max-snippet":"max-snippet:-1","max-image-preview":"max-image-preview:large","max-video-preview":"max-video-preview:-1"},"canonical":"https:\/\/transfereurope.com\/sk\/destinacie\/lublana\/transfer-z-lublany-do-postojna-yama-postojnska-jaskyna\/","og_locale":"sk_SK","og_type":"article","og_title":"Transfer \u013dub\u013eana \u2194 Postojna Yama | Kyvadlov\u00e1 doprava \u013dub\u013eana \u2014 Transfer Europe","og_description":"Kyvadlov\u00e1 doprava \u013dub\u013eana-Postojna Yama cez vzdialenos\u0165 53 km za 1 hodinu. Transfer z \u013dub\u013eany do slovinskej Postojny minivanom, VIP, pr\u00e9miov\u00fdm vozidlom na Transfer Europe \u2714Ve\u013ek\u00fd vozov\u00fd park \u2714VIP taxi \u2714Bezpe\u010dn\u00e1 platba.","og_url":"https:\/\/transfereurope.com\/sk\/destinacie\/lublana\/transfer-z-lublany-do-postojna-yama-postojnska-jaskyna\/","og_site_name":"transfereurope","og_image":[{"width":1500,"height":2000,"url":"https:\/\/transfereurope.com\/wp-content\/uploads\/2025\/08\/Europe-Destinations-Transfers-196-2-1.jpg","type":"image\/jpeg"}],"twitter_card":"summary_large_image","twitter_misc":{"Predpokladan\u00fd \u010das \u010d\u00edtania":"4 min\u00faty"},"schema":{"@context":"https:\/\/schema.org","@graph":[{"@type":"WebPage","@id":"https:\/\/transfereurope.com\/sk\/destinacie\/lublana\/transfer-z-lublany-do-postojna-yama-postojnska-jaskyna\/","url":"https:\/\/transfereurope.com\/sk\/destinacie\/lublana\/transfer-z-lublany-do-postojna-yama-postojnska-jaskyna\/","name":"Transfer \u013dub\u013eana \u2194 Postojna Yama | Kyvadlov\u00e1 doprava \u013dub\u013eana \u2014 Transfer Europe","isPartOf":{"@id":"https:\/\/transfereurope.com\/sk\/#website"},"primaryImageOfPage":{"@id":"https:\/\/transfereurope.com\/sk\/destinacie\/lublana\/transfer-z-lublany-do-postojna-yama-postojnska-jaskyna\/#primaryimage"},"image":{"@id":"https:\/\/transfereurope.com\/sk\/destinacie\/lublana\/transfer-z-lublany-do-postojna-yama-postojnska-jaskyna\/#primaryimage"},"thumbnailUrl":"https:\/\/transfereurope.com\/wp-content\/uploads\/2025\/08\/Europe-Destinations-Transfers-196-2-1.jpg","datePublished":"2025-08-06T00:08:00+00:00","description":"Kyvadlov\u00e1 doprava \u013dub\u013eana-Postojna Yama cez vzdialenos\u0165 53 km za 1 hodinu. Transfer z \u013dub\u013eany do slovinskej Postojny minivanom, VIP, pr\u00e9miov\u00fdm vozidlom na Transfer Europe \u2714Ve\u013ek\u00fd vozov\u00fd park \u2714VIP taxi \u2714Bezpe\u010dn\u00e1 platba.","breadcrumb":{"@id":"https:\/\/transfereurope.com\/sk\/destinacie\/lublana\/transfer-z-lublany-do-postojna-yama-postojnska-jaskyna\/#breadcrumb"},"inLanguage":"sk-SK","potentialAction":[{"@type":"ReadAction","target":["https:\/\/transfereurope.com\/sk\/destinacie\/lublana\/transfer-z-lublany-do-postojna-yama-postojnska-jaskyna\/"]}]},{"@type":"ImageObject","inLanguage":"sk-SK","@id":"https:\/\/transfereurope.com\/sk\/destinacie\/lublana\/transfer-z-lublany-do-postojna-yama-postojnska-jaskyna\/#primaryimage","url":"https:\/\/transfereurope.com\/wp-content\/uploads\/2025\/08\/Europe-Destinations-Transfers-196-2-1.jpg","contentUrl":"https:\/\/transfereurope.com\/wp-content\/uploads\/2025\/08\/Europe-Destinations-Transfers-196-2-1.jpg","width":1500,"height":2000},{"@type":"BreadcrumbList","@id":"https:\/\/transfereurope.com\/sk\/destinacie\/lublana\/transfer-z-lublany-do-postojna-yama-postojnska-jaskyna\/#breadcrumb","itemListElement":[{"@type":"ListItem","position":1,"name":"Home","item":"https:\/\/transfereurope.com\/sk\/"},{"@type":"ListItem","position":2,"name":"Transfer z \u013dub\u013eany do Postojna Yama (Postojnsk\u00e1 jasky\u0148a)"}]},{"@type":"WebSite","@id":"https:\/\/transfereurope.com\/sk\/#website","url":"https:\/\/transfereurope.com\/sk\/","name":"transfereurope","description":"","publisher":{"@id":"https:\/\/transfereurope.com\/sk\/#organization"},"potentialAction":[{"@type":"SearchAction","target":{"@type":"EntryPoint","urlTemplate":"https:\/\/transfereurope.com\/sk\/?s={search_term_string}"},"query-input":{"@type":"PropertyValueSpecification","valueRequired":true,"valueName":"search_term_string"}}],"inLanguage":"sk-SK"},{"@type":"Organization","@id":"https:\/\/transfereurope.com\/sk\/#organization","name":"transfereurope","url":"https:\/\/transfereurope.com\/sk\/","logo":{"@type":"ImageObject","inLanguage":"sk-SK","@id":"https:\/\/transfereurope.com\/sk\/#\/schema\/logo\/image\/","url":"https:\/\/transfereurope.com\/wp-content\/uploads\/2025\/08\/TRANSFERS-1655.png","contentUrl":"https:\/\/transfereurope.com\/wp-content\/uploads\/2025\/08\/TRANSFERS-1655.png","width":500,"height":274,"caption":"transfereurope"},"image":{"@id":"https:\/\/transfereurope.com\/sk\/#\/schema\/logo\/image\/"}}]}},"_links":{"self":[{"href":"https:\/\/transfereurope.com\/sk\/wp-json\/wp\/v2\/pages\/83142","targetHints":{"allow":["GET"]}}],"collection":[{"href":"https:\/\/transfereurope.com\/sk\/wp-json\/wp\/v2\/pages"}],"about":[{"href":"https:\/\/transfereurope.com\/sk\/wp-json\/wp\/v2\/types\/page"}],"author":[{"embeddable":true,"href":"https:\/\/transfereurope.com\/sk\/wp-json\/wp\/v2\/users\/1"}],"replies":[{"embeddable":true,"href":"https:\/\/transfereurope.com\/sk\/wp-json\/wp\/v2\/comments?post=83142"}],"version-history":[{"count":0,"href":"https:\/\/transfereurope.com\/sk\/wp-json\/wp\/v2\/pages\/83142\/revisions"}],"up":[{"embeddable":true,"href":"https:\/\/transfereurope.com\/sk\/wp-json\/wp\/v2\/pages\/19953"}],"wp:featuredmedia":[{"embeddable":true,"href":"https:\/\/transfereurope.com\/sk\/wp-json\/wp\/v2\/media\/83143"}],"wp:attachment":[{"href":"https:\/\/transfereurope.com\/sk\/wp-json\/wp\/v2\/media?parent=83142"}],"curies":[{"name":"wp","href":"https:\/\/api.w.org\/{rel}","templated":true}]}}