{"id":83043,"date":"2025-08-06T00:07:09","date_gmt":"2025-08-06T00:07:09","guid":{"rendered":"https:\/\/transfereurope.com\/transfer-z-lublany-do-bratislavy\/"},"modified":"2025-08-06T00:07:09","modified_gmt":"2025-08-06T00:07:09","slug":"transfer-z-lublany-do-bratislavy","status":"publish","type":"page","link":"https:\/\/transfereurope.com\/sk\/destinacie\/lublana\/transfer-z-lublany-do-bratislavy\/","title":{"rendered":"Transfer z \u013dub\u013eany do Bratislavy"},"content":{"rendered":"\n<div id=\"t4-masthead\" class=\"t4-section  t4-masthead\">\n<div class=\"t4-col text-center\">\n<div class=\"ja-masthead\" >\n<div class=\"ja-masthead-detail\">\n<h1 class=\"ja-masthead-title\">Transfer z \u013dub\u013eany do Bratislavy<\/h1>\n<p>                 <!---->            <\/p>\n<div class=\"block-breadcrumb\">                       <\/div>\n<\/p><\/div>\n<\/p><\/div>\n<pre><\/pre>\n<\/div>\n<\/div>\n<div id=\"t4-main-body\" class=\"t4-section  t4-main-body\" role=\"main body\">\n<div class=\"t4-section-inner container\">\n<div class=\"t4-row row\">\n<div class=\"t4-col col-12 col-xl\">\n<div id=\"system-message-container\"> \t<\/div>\n<p>       <script type=\"text\/javascript\" ><\/script> <\/p>\n<div class=\"com-content-article item-page view-tour-detail\">\n<div class=\"tour-top-info clearfix\">\n<div class=\"pull-left\">\n<div class=\"category-article-dot\">\n<div class=\"category-name\"> \t\t\t\t\t<a href=\"\/sk\/destinacie\/lublana\" itemprop=\"genre\">\u013dub\u013eana Osobn\u00e1 preprava<\/a> \t\t\t\t<\/div>\n<\/p><\/div>\n<\/p><\/div>\n<div class=\"pull-right\">\n<div class=\"text-danger tour-price\"> \t\t\t\t\t\t<a href=\"\/sk\/rezervovat-transfer\">Rezervova\u0165<\/a><\/div>\n<\/p><\/div>\n<\/p><\/div>\n<p>  \t <!--\t-->  \t<\/p>\n<div class=\"vm-product-container\">\n<figure class=\"pull-left item-image\">\n<div class=\"main-image\"> \t\t<a title=\"Ljubljana to Bratislava Transfer Service\" rel='vm-additional-images' href=\"\/images\/virtuemart\/product\/Europe Destinations Transfers (1)74.jpg\"><img decoding=\"async\"  loading=\"lazy\"  src=\"\/wp-content\/uploads\/2025\/08\/Europe-Destinations-Transfers-174-2.jpg\"  alt=\"Ljubljana to Bratislava Transfer Service\"  \/><\/a>\t\t<\/p>\n<div class=\"clear\"><\/div>\n<\/p><\/div>\n<\/figure>\n<div class=\"vm-product-details-container\">\n<div class=\"spacer-buy-area\">    \t\t \t\t<\/div>\n<\/p><\/div>\n<div class=\"clear\"><\/div>\n<\/p><\/div>\n<div class=\"product-description\" >\n<p>Vitajte na str\u00e1nkach hlavnej slu\u017eby prepravy z \u013dub\u013eany do Bratislavy! Ke\u010f potrebujete spo\u013eahliv\u00fa a pohodln\u00fa prepravu z jedn\u00e9ho o\u010daruj\u00faceho eur\u00f3pskeho mesta do druh\u00e9ho, u\u017e nemus\u00edte h\u013eada\u0165 \u010falej. N\u00e1\u0161 s\u00fakromn\u00fd vodi\u010d a slu\u017eba pren\u00e1jmu auta v\u00e1m zabezpe\u010dia bezprobl\u00e9mov\u00fa cestu z \u013dub\u013eany do Bratislavy, v\u010faka \u010domu si budete m\u00f4c\u0165 odd\u00fdchnu\u0165 a vychutna\u0165 si malebnos\u0165 cesty.<\/p>\n<p>N\u00e1\u0161 z\u00e1v\u00e4zok poskytova\u0165 v\u00fdnimo\u010dn\u00e9 prepravn\u00e9 slu\u017eby nem\u00e1 konkurenciu. Ch\u00e1peme d\u00f4le\u017eitos\u0165 bezstresov\u00e9ho a pr\u00edjemn\u00e9ho transferu, \u010di u\u017e cestujete pracovne alebo na dovolenku. S na\u0161\u00edm s\u00fakromn\u00fdm vodi\u010dom za volantom si m\u00f4\u017eete by\u0165 ist\u00ed, \u017ee va\u0161a cesta bude bezpe\u010dn\u00e1, efekt\u00edvna a pohodln\u00e1.<\/p>\n<p style=\"text-align: center;\"><a class=\"btn btn-primary\" href=\"\/sk\/rezervovat-transfer\">Rezervova\u0165<\/a><\/p>\n<h2 style=\"text-align: center;\"><strong>Pre\u010do si vybra\u0165 n\u00e1\u0161 transfer z \u013dub\u013eany do Bratislavy?<\/strong><\/h2>\n<ul>\n<li><strong>Profesion\u00e1lny s\u00fakromn\u00fd vodi\u010d:<\/strong> Na\u0161i sk\u00fasen\u00ed s\u00fakromn\u00ed vodi\u010di nie s\u00fa len odborn\u00edkmi za volantom, ale poznaj\u00fa aj najlep\u0161ie trasy, \u010d\u00edm zabezpe\u010dia v\u010dasn\u00fa a bezprobl\u00e9mov\u00fa cestu.<\/li>\n<li><strong>Pohodln\u00fd pren\u00e1jom auta:<\/strong> N\u00e1\u0161 vozov\u00fd park dobre udr\u017eiavan\u00fdch vozidiel pon\u00faka maxim\u00e1lny komfort, tak\u017ee si m\u00f4\u017eete odd\u00fdchnu\u0165 a u\u017ei\u0165 si jazdu vo ve\u013ekom \u0161t\u00fdle.<\/li>\n<li><strong>Bezprobl\u00e9mov\u00e1 preprava:<\/strong> O v\u0161etku logistiku sa postar\u00e1me my, tak\u017ee sa nemus\u00edte o ni\u010d stara\u0165. Pohodlne sa usa\u010fte, relaxujte a o zvy\u0161ok sa postar\u00e1me my.<\/li>\n<li><strong>Spo\u013eahliv\u00e9 slu\u017eby:<\/strong> Na\u0161\u00edm charakteristick\u00fdm znakom je dochv\u00ed\u013enos\u0165. Sme hrd\u00ed na to, \u017ee poskytujeme spo\u013eahliv\u00fa prepravu, na ktor\u00fa sa m\u00f4\u017eete spo\u013eahn\u00fa\u0165.<\/li>\n<\/ul>\n<h2 style=\"text-align: center;\">\u00a0<\/h2>\n<h2 style=\"text-align: center;\"><strong>Rezerv\u00e1cia transferu z \u013dub\u013eany do Bratislavy\u00a0<\/strong><\/h2>\n<p>Ak h\u013ead\u00e1te najlep\u0161iu dopravu z \u013dub\u013eany do Bratislavy, m\u00e1me pre v\u00e1s rie\u0161enie. Objednajte si na\u0161u slu\u017ebu s\u00fakromn\u00e9ho vodi\u010da a pren\u00e1jom auta e\u0161te dnes a vysk\u00fa\u0161ajte pohodlie a komfort n\u00e1\u0161ho \u0161pi\u010dkov\u00e9ho dopravn\u00e9ho rie\u0161enia. Va\u0161a cesta z \u013dub\u013eany do Bratislavy sa stane ove\u013ea lep\u0161ou.<\/p>\n<p style=\"text-align: center;\"><a class=\"btn btn-primary\" href=\"\/sk\/rezervovat-transfer\">Rezervova\u0165<\/a><\/p>\n<h2 style=\"text-align: center;\"><b>Ako sa dosta\u0165 z \u013dub\u013eany do Bratislavy<\/b><\/h2>\n<p>Cesta z \u013dub\u013eany do Bratislavy je jednoduch\u00e1 a m\u00f4\u017eete si vybra\u0165 z nieko\u013ek\u00fdch pohodln\u00fdch mo\u017enost\u00ed. \u010ci u\u017e cestujete pracovne alebo za z\u00e1bavou, tu s\u00fa najob\u013e\u00fabenej\u0161ie sp\u00f4soby, ako cestu absolvova\u0165:<\/p>\n<h3>Automobilom<\/h3>\n<p><strong>Samostatn\u00e9 riadenie:<\/strong> Ak uprednost\u0148ujete flexibilitu a kontrolu nad svoj\u00edm cestovn\u00fdm pl\u00e1nom, pren\u00e1jom auta a jazda z \u013dub\u013eany do Bratislavy je vynikaj\u00facou mo\u017enos\u0165ou. Vzdialenos\u0165 je pribli\u017ene 400 kilometrov a cesta m\u00f4\u017ee trva\u0165 pribli\u017ene 4 a\u017e 5 hod\u00edn v z\u00e1vislosti od trasy a dopravn\u00fdch podmienok.<\/p>\n<h3>Vlakom<\/h3>\n<p><strong>\u017delezni\u010dn\u00e1 doprava:<\/strong> Z \u013dub\u013eany do Bratislavy sa m\u00f4\u017eete dosta\u0165 vlakom. Cesta zvy\u010dajne zah\u0155\u0148a prestup vo Viedni v Rak\u00fasku. Hoci m\u00f4\u017ee trva\u0165 o nie\u010do dlh\u0161ie ako jazda autom, vyhliadkov\u00e1 jazda vlakom m\u00f4\u017ee by\u0165 nezabudnute\u013enou s\u00fa\u010das\u0165ou va\u0161ej cesty.<\/p>\n<p>\u00a0<\/p>\n<h3>Autobusom<\/h3>\n<p><strong>Autobusov\u00e1 doprava:<\/strong> Medzi \u013dub\u013eanou a Bratislavou prem\u00e1vaj\u00fa linky r\u00f4znych autobusov\u00fdch spolo\u010dnost\u00ed. Cesta autobusom m\u00f4\u017ee trva\u0165 pribli\u017ene 6 a\u017e 7 hod\u00edn a predstavuje cenovo v\u00fdhodn\u00fd sp\u00f4sob cestovania medzi oboma mestami. Pozrite si cestovn\u00e9 poriadky a rezervujte si l\u00edstky vopred.<\/p>\n<h3>Lietadlom<\/h3>\n<p><strong>Cestovanie lietadlom:<\/strong> Ak h\u013ead\u00e1te najr\u00fdchlej\u0161\u00ed sp\u00f4sob, ako sa dosta\u0165 z \u013dub\u013eany do Bratislavy, zv\u00e1\u017ete priamy let. K dispoz\u00edcii s\u00fa aj lety s prestupom, zvy\u010dajne s medziprist\u00e1t\u00edm v inom eur\u00f3pskom meste, napr\u00edklad vo Viedni. Nezabudnite si pozrie\u0165 letov\u00e9 poriadky a ceny, aby ste na\u0161li najv\u00fdhodnej\u0161iu mo\u017enos\u0165 pre va\u0161u cestu.<\/p>\n<h3>Spolo\u010dn\u00e9 jazdy alebo transferov\u00e9 slu\u017eby<\/h3>\n<p><strong>S\u00fakromn\u00e1 doprava:<\/strong> Pre bezprobl\u00e9mov\u00fa a pohodln\u00fa cestu si m\u00f4\u017eete vybra\u0165 aj s\u00fakromn\u00fa dopravu. T\u00e1 zah\u0155\u0148a pren\u00e1jom s\u00fakromn\u00e9ho vodi\u010da a auta, ktor\u00e9 v\u00e1s odvezie priamo z \u013dub\u013eany do Bratislavy, \u010d\u00edm sa zabezpe\u010d\u00ed hladk\u00e1 a pohodln\u00e1 cesta.<\/p>\n<p style=\"text-align: center;\"><a class=\"btn btn-primary\" href=\"\/sk\/rezervovat-transfer\">Rezervova\u0165<\/a><\/p>\n<p style=\"text-align: left;\">Bez oh\u013eadu na to, ktor\u00fd sp\u00f4sob dopravy si vyberiete, \u013dub\u013eana aj Bratislava maj\u00fa \u010do pon\u00faknu\u0165 z h\u013eadiska kult\u00fary, hist\u00f3rie a kr\u00e1snej pr\u00edrody. Napl\u00e1nujte si cestu pod\u013ea svojich preferenci\u00ed a \u010dasov\u00e9ho harmonogramu a u\u017eite si cestu z \u013dub\u013eany do Bratislavy.<\/p>\n<\/p><\/div>\n<div class=\"product-price-container\">\n<div class=\"sale-price\"> \t\t<\/div>\n<\/p><\/div>\n<div class=\"options\"><\/div>\n<div> \t\t<\/div>\n<p>   \t  <script type=\"text\/javascript\" ><\/script>  <script type=\"text\/javascript\" ><\/script>  <script type=\"text\/javascript\" ><\/script> <script type=\"text\/javascript\" ><\/script> <script type=\"text\/javascript\" ><\/script> <script type=\"text\/javascript\" ><\/script> <\/div>\n<p> \t\t<!-- \u041f\u043b\u0430\u0433\u0438\u043d \u0440\u0435\u0439\u0442\u0438\u043d\u0433\u0430 --> <\/p>\n<div class=\"vrvote-body\">\n<ul class=\"vrvote-ul\">\n<li id=\"rating_113\" class=\"current-rating\" style=\"width:98.75%;\"><\/li>\n<li> \t\t\t\t\t\t<a class=\"vr-one-star\" onclick=\"javascript:JSVRvote(113,1,79,16,0)\" href=\"javascript:void(null)\">1<\/a> \t\t\t\t\t<\/li>\n<li> \t\t\t\t\t\t<a class=\"vr-two-stars\" onclick=\"javascript:JSVRvote(113,2,79,16,0)\" href=\"javascript:void(null)\">2<\/a> \t\t\t\t\t<\/li>\n<li> \t\t\t\t\t\t<a class=\"vr-three-stars\" onclick=\"javascript:JSVRvote(113,3,79,16,0)\" href=\"javascript:void(null)\">3<\/a> \t\t\t\t\t<\/li>\n<li> \t\t\t\t\t\t<a class=\"vr-four-stars\" onclick=\"javascript:JSVRvote(113,4,79,16,0)\" href=\"javascript:void(null)\">4<\/a> \t\t\t\t\t<\/li>\n<li> \t\t\t\t\t\t<a class=\"vr-five-stars\" onclick=\"javascript:JSVRvote(113,5,79,16,0)\" href=\"javascript:void(null)\">5<\/a> \t\t\t\t\t<\/li>\n<\/ul><\/div>\n<p> \t\t\t<span id=\"vrvote_113\" class=\"vrvote-count\"><small><\/small><\/span>\t<\/span><script type=\"application\/ld+json\"><\/script>   <\/div>\n<div class=\"t4-col sidebar-r col-12 col-xl-4\">\n<div class=\"t4-module module\" id=\"Mod306\">\n<div class=\"module-inner\">\n<div class=\"module-ct\">\n<div class=\"bannergroup\">\n<div class=\"banneritem\"> \t\t\t\t\t\t\t\t\t\t\t\t\t\t\t\t\t\t\t\t\t\t\t\t\t\t\t\t\t\t\t\t\t\t\t\t\t\t\t\t\t\t\t\t\t\t\t\t\t\t<img \t\t\t\t\t\tsrc=\"\/wp-content\/uploads\/2025\/08\/banner-transfer-europe-sk-464.png\" \t\t\t\t\t\talt=\"Banner-sk\" \t\t\t\t\t\t\t\t\t\t\t\t\t\t\t\t\t\/> \t\t\t\t\t\t\t\t\t\t\t<\/p>\n<div class=\"clr\"><\/div>\n<\/p><\/div>\n<\/p><\/div>\n<\/p><\/div>\n<\/div>\n<\/div><\/div>\n<\/p><\/div>\n<\/div><\/div>\n<div id=\"t4-section-8\" class=\"t4-section  t4-section-8  section-border-top\" role=\"section-8\">\n<div class=\"bg-overlay bg-overlay-image\">&nbsp;<\/div>\n<\/p><\/div>\n<p>  <a href='javascript:' id='back-to-top'><i class='fa fa-chevron-up'><\/i><\/a>                <\/p>\n","protected":false},"excerpt":{"rendered":"<p>Transfer z \u013dub\u013eany do Bratislavy \u013dub\u013eana Osobn\u00e1 preprava Rezervova\u0165 Vitajte na str\u00e1nkach hlavnej slu\u017eby prepravy z \u013dub\u013eany do Bratislavy! Ke\u010f potrebujete spo\u013eahliv\u00fa a pohodln\u00fa prepravu z jedn\u00e9ho o\u010daruj\u00faceho eur\u00f3pskeho mesta do druh\u00e9ho, u\u017e nemus\u00edte h\u013eada\u0165 \u010falej. N\u00e1\u0161 s\u00fakromn\u00fd vodi\u010d a slu\u017eba pren\u00e1jmu auta v\u00e1m zabezpe\u010dia bezprobl\u00e9mov\u00fa cestu z \u013dub\u013eany do Bratislavy, v\u010faka \u010domu si budete [&hellip;]<\/p>\n","protected":false},"author":1,"featured_media":83044,"parent":19953,"menu_order":0,"comment_status":"closed","ping_status":"closed","template":"","meta":{"footnotes":""},"class_list":["post-83043","page","type-page","status-publish","has-post-thumbnail","hentry"],"yoast_head":"<!-- This site is optimized with the Yoast SEO plugin v25.6 - https:\/\/yoast.com\/wordpress\/plugins\/seo\/ -->\n<title>Transfer \u013dub\u013eana \u2194 Bratislava | Kyvadlov\u00e1 doprava Ljubljana \u2014 Transfer Europe<\/title>\n<meta name=\"description\" content=\"Kyvadlov\u00e1 doprava \u013dub\u013eana do Bratislavy na vzdialenos\u0165 450 km za 5 hod\u00edn. Transfer cez Ljubljanu - Bratislavu minivanom, VIP, pr\u00e9miov\u00fdm autom na Transfer Europe \u2714Ve\u013ek\u00fd vozov\u00fd park \u2714VIP taxi \u2714Bezpe\u010dn\u00e1 platba.\" \/>\n<meta name=\"robots\" content=\"index, follow, max-snippet:-1, max-image-preview:large, max-video-preview:-1\" \/>\n<link rel=\"canonical\" href=\"https:\/\/transfereurope.com\/sk\/destinacie\/lublana\/transfer-z-lublany-do-bratislavy\/\" \/>\n<meta property=\"og:locale\" content=\"sk_SK\" \/>\n<meta property=\"og:type\" content=\"article\" \/>\n<meta property=\"og:title\" content=\"Transfer \u013dub\u013eana \u2194 Bratislava | Kyvadlov\u00e1 doprava Ljubljana \u2014 Transfer Europe\" \/>\n<meta property=\"og:description\" content=\"Kyvadlov\u00e1 doprava \u013dub\u013eana do Bratislavy na vzdialenos\u0165 450 km za 5 hod\u00edn. Transfer cez Ljubljanu - Bratislavu minivanom, VIP, pr\u00e9miov\u00fdm autom na Transfer Europe \u2714Ve\u013ek\u00fd vozov\u00fd park \u2714VIP taxi \u2714Bezpe\u010dn\u00e1 platba.\" \/>\n<meta property=\"og:url\" content=\"https:\/\/transfereurope.com\/sk\/destinacie\/lublana\/transfer-z-lublany-do-bratislavy\/\" \/>\n<meta property=\"og:site_name\" content=\"transfereurope\" \/>\n<meta property=\"og:image\" content=\"https:\/\/transfereurope.com\/wp-content\/uploads\/2025\/08\/Europe-Destinations-Transfers-174-2-1.jpg\" \/>\n\t<meta property=\"og:image:width\" content=\"1500\" \/>\n\t<meta property=\"og:image:height\" content=\"2000\" \/>\n\t<meta property=\"og:image:type\" content=\"image\/jpeg\" \/>\n<meta name=\"twitter:card\" content=\"summary_large_image\" \/>\n<meta name=\"twitter:label1\" content=\"Predpokladan\u00fd \u010das \u010d\u00edtania\" \/>\n\t<meta name=\"twitter:data1\" content=\"4 min\u00faty\" \/>\n<script type=\"application\/ld+json\" class=\"yoast-schema-graph\">{\"@context\":\"https:\/\/schema.org\",\"@graph\":[{\"@type\":\"WebPage\",\"@id\":\"https:\/\/transfereurope.com\/sk\/destinacie\/lublana\/transfer-z-lublany-do-bratislavy\/\",\"url\":\"https:\/\/transfereurope.com\/sk\/destinacie\/lublana\/transfer-z-lublany-do-bratislavy\/\",\"name\":\"Transfer \u013dub\u013eana \u2194 Bratislava | Kyvadlov\u00e1 doprava Ljubljana \u2014 Transfer Europe\",\"isPartOf\":{\"@id\":\"https:\/\/transfereurope.com\/sk\/#website\"},\"primaryImageOfPage\":{\"@id\":\"https:\/\/transfereurope.com\/sk\/destinacie\/lublana\/transfer-z-lublany-do-bratislavy\/#primaryimage\"},\"image\":{\"@id\":\"https:\/\/transfereurope.com\/sk\/destinacie\/lublana\/transfer-z-lublany-do-bratislavy\/#primaryimage\"},\"thumbnailUrl\":\"https:\/\/transfereurope.com\/wp-content\/uploads\/2025\/08\/Europe-Destinations-Transfers-174-2-1.jpg\",\"datePublished\":\"2025-08-06T00:07:09+00:00\",\"description\":\"Kyvadlov\u00e1 doprava \u013dub\u013eana do Bratislavy na vzdialenos\u0165 450 km za 5 hod\u00edn. Transfer cez Ljubljanu - Bratislavu minivanom, VIP, pr\u00e9miov\u00fdm autom na Transfer Europe \u2714Ve\u013ek\u00fd vozov\u00fd park \u2714VIP taxi \u2714Bezpe\u010dn\u00e1 platba.\",\"breadcrumb\":{\"@id\":\"https:\/\/transfereurope.com\/sk\/destinacie\/lublana\/transfer-z-lublany-do-bratislavy\/#breadcrumb\"},\"inLanguage\":\"sk-SK\",\"potentialAction\":[{\"@type\":\"ReadAction\",\"target\":[\"https:\/\/transfereurope.com\/sk\/destinacie\/lublana\/transfer-z-lublany-do-bratislavy\/\"]}]},{\"@type\":\"ImageObject\",\"inLanguage\":\"sk-SK\",\"@id\":\"https:\/\/transfereurope.com\/sk\/destinacie\/lublana\/transfer-z-lublany-do-bratislavy\/#primaryimage\",\"url\":\"https:\/\/transfereurope.com\/wp-content\/uploads\/2025\/08\/Europe-Destinations-Transfers-174-2-1.jpg\",\"contentUrl\":\"https:\/\/transfereurope.com\/wp-content\/uploads\/2025\/08\/Europe-Destinations-Transfers-174-2-1.jpg\",\"width\":1500,\"height\":2000},{\"@type\":\"BreadcrumbList\",\"@id\":\"https:\/\/transfereurope.com\/sk\/destinacie\/lublana\/transfer-z-lublany-do-bratislavy\/#breadcrumb\",\"itemListElement\":[{\"@type\":\"ListItem\",\"position\":1,\"name\":\"Home\",\"item\":\"https:\/\/transfereurope.com\/sk\/\"},{\"@type\":\"ListItem\",\"position\":2,\"name\":\"Transfer z \u013dub\u013eany do Bratislavy\"}]},{\"@type\":\"WebSite\",\"@id\":\"https:\/\/transfereurope.com\/sk\/#website\",\"url\":\"https:\/\/transfereurope.com\/sk\/\",\"name\":\"transfereurope\",\"description\":\"\",\"publisher\":{\"@id\":\"https:\/\/transfereurope.com\/sk\/#organization\"},\"potentialAction\":[{\"@type\":\"SearchAction\",\"target\":{\"@type\":\"EntryPoint\",\"urlTemplate\":\"https:\/\/transfereurope.com\/sk\/?s={search_term_string}\"},\"query-input\":{\"@type\":\"PropertyValueSpecification\",\"valueRequired\":true,\"valueName\":\"search_term_string\"}}],\"inLanguage\":\"sk-SK\"},{\"@type\":\"Organization\",\"@id\":\"https:\/\/transfereurope.com\/sk\/#organization\",\"name\":\"transfereurope\",\"url\":\"https:\/\/transfereurope.com\/sk\/\",\"logo\":{\"@type\":\"ImageObject\",\"inLanguage\":\"sk-SK\",\"@id\":\"https:\/\/transfereurope.com\/sk\/#\/schema\/logo\/image\/\",\"url\":\"https:\/\/transfereurope.com\/wp-content\/uploads\/2025\/08\/TRANSFERS-1655.png\",\"contentUrl\":\"https:\/\/transfereurope.com\/wp-content\/uploads\/2025\/08\/TRANSFERS-1655.png\",\"width\":500,\"height\":274,\"caption\":\"transfereurope\"},\"image\":{\"@id\":\"https:\/\/transfereurope.com\/sk\/#\/schema\/logo\/image\/\"}}]}<\/script>\n<!-- \/ Yoast SEO plugin. -->","yoast_head_json":{"title":"Transfer \u013dub\u013eana \u2194 Bratislava | Kyvadlov\u00e1 doprava Ljubljana \u2014 Transfer Europe","description":"Kyvadlov\u00e1 doprava \u013dub\u013eana do Bratislavy na vzdialenos\u0165 450 km za 5 hod\u00edn. Transfer cez Ljubljanu - Bratislavu minivanom, VIP, pr\u00e9miov\u00fdm autom na Transfer Europe \u2714Ve\u013ek\u00fd vozov\u00fd park \u2714VIP taxi \u2714Bezpe\u010dn\u00e1 platba.","robots":{"index":"index","follow":"follow","max-snippet":"max-snippet:-1","max-image-preview":"max-image-preview:large","max-video-preview":"max-video-preview:-1"},"canonical":"https:\/\/transfereurope.com\/sk\/destinacie\/lublana\/transfer-z-lublany-do-bratislavy\/","og_locale":"sk_SK","og_type":"article","og_title":"Transfer \u013dub\u013eana \u2194 Bratislava | Kyvadlov\u00e1 doprava Ljubljana \u2014 Transfer Europe","og_description":"Kyvadlov\u00e1 doprava \u013dub\u013eana do Bratislavy na vzdialenos\u0165 450 km za 5 hod\u00edn. Transfer cez Ljubljanu - Bratislavu minivanom, VIP, pr\u00e9miov\u00fdm autom na Transfer Europe \u2714Ve\u013ek\u00fd vozov\u00fd park \u2714VIP taxi \u2714Bezpe\u010dn\u00e1 platba.","og_url":"https:\/\/transfereurope.com\/sk\/destinacie\/lublana\/transfer-z-lublany-do-bratislavy\/","og_site_name":"transfereurope","og_image":[{"width":1500,"height":2000,"url":"https:\/\/transfereurope.com\/wp-content\/uploads\/2025\/08\/Europe-Destinations-Transfers-174-2-1.jpg","type":"image\/jpeg"}],"twitter_card":"summary_large_image","twitter_misc":{"Predpokladan\u00fd \u010das \u010d\u00edtania":"4 min\u00faty"},"schema":{"@context":"https:\/\/schema.org","@graph":[{"@type":"WebPage","@id":"https:\/\/transfereurope.com\/sk\/destinacie\/lublana\/transfer-z-lublany-do-bratislavy\/","url":"https:\/\/transfereurope.com\/sk\/destinacie\/lublana\/transfer-z-lublany-do-bratislavy\/","name":"Transfer \u013dub\u013eana \u2194 Bratislava | Kyvadlov\u00e1 doprava Ljubljana \u2014 Transfer Europe","isPartOf":{"@id":"https:\/\/transfereurope.com\/sk\/#website"},"primaryImageOfPage":{"@id":"https:\/\/transfereurope.com\/sk\/destinacie\/lublana\/transfer-z-lublany-do-bratislavy\/#primaryimage"},"image":{"@id":"https:\/\/transfereurope.com\/sk\/destinacie\/lublana\/transfer-z-lublany-do-bratislavy\/#primaryimage"},"thumbnailUrl":"https:\/\/transfereurope.com\/wp-content\/uploads\/2025\/08\/Europe-Destinations-Transfers-174-2-1.jpg","datePublished":"2025-08-06T00:07:09+00:00","description":"Kyvadlov\u00e1 doprava \u013dub\u013eana do Bratislavy na vzdialenos\u0165 450 km za 5 hod\u00edn. Transfer cez Ljubljanu - Bratislavu minivanom, VIP, pr\u00e9miov\u00fdm autom na Transfer Europe \u2714Ve\u013ek\u00fd vozov\u00fd park \u2714VIP taxi \u2714Bezpe\u010dn\u00e1 platba.","breadcrumb":{"@id":"https:\/\/transfereurope.com\/sk\/destinacie\/lublana\/transfer-z-lublany-do-bratislavy\/#breadcrumb"},"inLanguage":"sk-SK","potentialAction":[{"@type":"ReadAction","target":["https:\/\/transfereurope.com\/sk\/destinacie\/lublana\/transfer-z-lublany-do-bratislavy\/"]}]},{"@type":"ImageObject","inLanguage":"sk-SK","@id":"https:\/\/transfereurope.com\/sk\/destinacie\/lublana\/transfer-z-lublany-do-bratislavy\/#primaryimage","url":"https:\/\/transfereurope.com\/wp-content\/uploads\/2025\/08\/Europe-Destinations-Transfers-174-2-1.jpg","contentUrl":"https:\/\/transfereurope.com\/wp-content\/uploads\/2025\/08\/Europe-Destinations-Transfers-174-2-1.jpg","width":1500,"height":2000},{"@type":"BreadcrumbList","@id":"https:\/\/transfereurope.com\/sk\/destinacie\/lublana\/transfer-z-lublany-do-bratislavy\/#breadcrumb","itemListElement":[{"@type":"ListItem","position":1,"name":"Home","item":"https:\/\/transfereurope.com\/sk\/"},{"@type":"ListItem","position":2,"name":"Transfer z \u013dub\u013eany do Bratislavy"}]},{"@type":"WebSite","@id":"https:\/\/transfereurope.com\/sk\/#website","url":"https:\/\/transfereurope.com\/sk\/","name":"transfereurope","description":"","publisher":{"@id":"https:\/\/transfereurope.com\/sk\/#organization"},"potentialAction":[{"@type":"SearchAction","target":{"@type":"EntryPoint","urlTemplate":"https:\/\/transfereurope.com\/sk\/?s={search_term_string}"},"query-input":{"@type":"PropertyValueSpecification","valueRequired":true,"valueName":"search_term_string"}}],"inLanguage":"sk-SK"},{"@type":"Organization","@id":"https:\/\/transfereurope.com\/sk\/#organization","name":"transfereurope","url":"https:\/\/transfereurope.com\/sk\/","logo":{"@type":"ImageObject","inLanguage":"sk-SK","@id":"https:\/\/transfereurope.com\/sk\/#\/schema\/logo\/image\/","url":"https:\/\/transfereurope.com\/wp-content\/uploads\/2025\/08\/TRANSFERS-1655.png","contentUrl":"https:\/\/transfereurope.com\/wp-content\/uploads\/2025\/08\/TRANSFERS-1655.png","width":500,"height":274,"caption":"transfereurope"},"image":{"@id":"https:\/\/transfereurope.com\/sk\/#\/schema\/logo\/image\/"}}]}},"_links":{"self":[{"href":"https:\/\/transfereurope.com\/sk\/wp-json\/wp\/v2\/pages\/83043","targetHints":{"allow":["GET"]}}],"collection":[{"href":"https:\/\/transfereurope.com\/sk\/wp-json\/wp\/v2\/pages"}],"about":[{"href":"https:\/\/transfereurope.com\/sk\/wp-json\/wp\/v2\/types\/page"}],"author":[{"embeddable":true,"href":"https:\/\/transfereurope.com\/sk\/wp-json\/wp\/v2\/users\/1"}],"replies":[{"embeddable":true,"href":"https:\/\/transfereurope.com\/sk\/wp-json\/wp\/v2\/comments?post=83043"}],"version-history":[{"count":0,"href":"https:\/\/transfereurope.com\/sk\/wp-json\/wp\/v2\/pages\/83043\/revisions"}],"up":[{"embeddable":true,"href":"https:\/\/transfereurope.com\/sk\/wp-json\/wp\/v2\/pages\/19953"}],"wp:featuredmedia":[{"embeddable":true,"href":"https:\/\/transfereurope.com\/sk\/wp-json\/wp\/v2\/media\/83044"}],"wp:attachment":[{"href":"https:\/\/transfereurope.com\/sk\/wp-json\/wp\/v2\/media?parent=83043"}],"curies":[{"name":"wp","href":"https:\/\/api.w.org\/{rel}","templated":true}]}}