{"id":82944,"date":"2025-08-06T00:06:16","date_gmt":"2025-08-06T00:06:16","guid":{"rendered":"https:\/\/transfereurope.com\/transfer-z-lublany-do-jazera-bled-slovinsko\/"},"modified":"2025-08-06T00:06:16","modified_gmt":"2025-08-06T00:06:16","slug":"transfer-z-lublany-do-jazera-bled-slovinsko","status":"publish","type":"page","link":"https:\/\/transfereurope.com\/sk\/destinacie\/lublana\/transfer-z-lublany-do-jazera-bled-slovinsko\/","title":{"rendered":"Transfer z \u013dub\u013eany do jazera Bled, Slovinsko"},"content":{"rendered":"\n<div id=\"t4-masthead\" class=\"t4-section  t4-masthead\">\n<div class=\"t4-col text-center\">\n<div class=\"ja-masthead\" >\n<div class=\"ja-masthead-detail\">\n<h1 class=\"ja-masthead-title\">Transfer z \u013dub\u013eany do jazera Bled, Slovinsko<\/h1>\n<p>                 <!---->            <\/p>\n<div class=\"block-breadcrumb\">                       <\/div>\n<\/p><\/div>\n<\/p><\/div>\n<pre><\/pre>\n<\/div>\n<\/div>\n<div id=\"t4-main-body\" class=\"t4-section  t4-main-body\" role=\"main body\">\n<div class=\"t4-section-inner container\">\n<div class=\"t4-row row\">\n<div class=\"t4-col col-12 col-xl\">\n<div id=\"system-message-container\"> \t<\/div>\n<p>       <script type=\"text\/javascript\" ><\/script> <\/p>\n<div class=\"com-content-article item-page view-tour-detail\">\n<div class=\"tour-top-info clearfix\">\n<div class=\"pull-left\">\n<div class=\"category-article-dot\">\n<div class=\"category-name\"> \t\t\t\t\t<a href=\"\/sk\/destinacie\/lublana\" itemprop=\"genre\">\u013dub\u013eana Osobn\u00e1 preprava<\/a> \t\t\t\t<\/div>\n<\/p><\/div>\n<\/p><\/div>\n<div class=\"pull-right\">\n<div class=\"text-danger tour-price\"> \t\t\t\t\t\t<a href=\"\/sk\/rezervovat-transfer\">Rezervova\u0165<\/a><\/div>\n<\/p><\/div>\n<\/p><\/div>\n<p>  \t <!--\t-->  \t<\/p>\n<div class=\"vm-product-container\">\n<figure class=\"pull-left item-image\">\n<div class=\"main-image\"> \t\t<a title=\"Ljubljana to Bled Lake, Slovenia Transfer Service\" rel='vm-additional-images' href=\"\/images\/virtuemart\/product\/Italy Milan Transfers (5)32.jpg\"><img decoding=\"async\"  loading=\"lazy\"  src=\"\/wp-content\/uploads\/2025\/08\/Italy-Milan-Transfers-532-2.jpg\"  alt=\"Ljubljana to Bled Lake, Slovenia Transfer Service\"  \/><\/a>\t\t<\/p>\n<div class=\"clear\"><\/div>\n<\/p><\/div>\n<\/figure>\n<div class=\"vm-product-details-container\">\n<div class=\"spacer-buy-area\">    \t\t \t\t<\/div>\n<\/p><\/div>\n<div class=\"clear\"><\/div>\n<\/p><\/div>\n<div class=\"product-description\" >\n<p>Pl\u00e1nujete v\u00fdlet k malebn\u00e9mu jazeru Bled v Slovinsku a potrebujete spo\u013eahliv\u00fa dopravu? U\u017e nemus\u00edte h\u013eada\u0165 \u010falej! Na\u0161a slu\u017eba pren\u00e1jmu s\u00fakromn\u00fdch vozidiel je tu, aby sa va\u0161a cesta stala hladkou a pohodlnou.<\/p>\n<p>V spolo\u010dnosti Ljubljana to Bled Lake Transfer sa \u0161pecializujeme na poskytovanie \u0161pi\u010dkov\u00fdch dopravn\u00fdch rie\u0161en\u00ed pre cestuj\u00facich, ktor\u00ed chc\u00fa presk\u00fama\u0165 \u00fachvatn\u00fa kr\u00e1su Bledsk\u00e9ho jazera. Na\u0161\u00edm poslan\u00edm je pon\u00faknu\u0165 v\u00e1m bezprobl\u00e9mov\u00fd a nezabudnute\u013en\u00fd z\u00e1\u017eitok od chv\u00edle, ke\u010f doraz\u00edte do \u013dub\u013eany.<\/p>\n<p style=\"text-align: center;\"><a class=\"btn btn-primary\" href=\"\/sk\/rezervovat-transfer\">Rezervova\u0165<\/a><\/p>\n<h2 style=\"text-align: center;\"><strong>Pre\u010do si vybra\u0165 n\u00e1\u0161 transfer z \u013dub\u013eany na Bledsk\u00e9 jazero, Slovinsko?<\/strong><\/h2>\n<ul>\n<li><strong>S\u00fakromn\u00fd vodi\u010d:<\/strong>\u00a0S na\u0161imi sk\u00fasen\u00fdmi a profesion\u00e1lnymi vodi\u010dmi si m\u00f4\u017eete odd\u00fdchnu\u0165 a vychutna\u0165 si malebn\u00fa trasu z \u013dub\u013eany k jazeru Bled. Va\u0161a bezpe\u010dnos\u0165 a pohodlie s\u00fa na\u0161imi hlavn\u00fdmi prioritami.<\/li>\n<li><strong>Pren\u00e1jom auta:<\/strong>\u00a0V ponuke m\u00e1me cel\u00fd rad dobre udr\u017eiavan\u00fdch, \u010dist\u00fdch a pohodln\u00fdch vozidiel, ktor\u00e9 vyhovuj\u00fa va\u0161im potreb\u00e1m. \u010ci u\u017e cestujete sami alebo so skupinou, m\u00e1me pre v\u00e1s ide\u00e1lne vozidlo.<\/li>\n<li><strong>Preprava:<\/strong>\u00a0Vezmite si vozidlo, ktor\u00e9 v\u00e1m pom\u00f4\u017ee pri preprave: Na\u0161e prepravn\u00e9 slu\u017eby s\u00fa navrhnut\u00e9 tak, aby vyhovovali v\u00e1\u0161mu \u010dasov\u00e9mu rozvrhu. Sme dochv\u00ed\u013eni a spo\u013eahliv\u00ed, v\u010faka \u010domu sa dostanete do cie\u013ea na\u010das.<\/li>\n<li><strong>Priame transfery:<\/strong>\u00a0Poskytujeme priame transfery z \u013dub\u013eany k jazeru Bled, v\u010faka \u010domu odpad\u00e1 potreba viacer\u00fdch zast\u00e1vok a obch\u00e1dzok.<\/li>\n<li><strong>Pohodlie a s\u00fakromie:<\/strong>\u00a0Na\u0161e slu\u017eby pren\u00e1jmu s\u00fakromn\u00fdch vozidiel v\u00e1m zabezpe\u010dia pohodlie a s\u00fakromie, ktor\u00e9 si \u017eel\u00e1te po\u010das celej cesty.<\/li>\n<li><strong>Konkuren\u010dn\u00e9 ceny:<\/strong>\u00a0Pon\u00fakame konkurencieschopn\u00e9 ceny bez kompromisov v kvalite slu\u017eieb. Za svoje peniaze z\u00edskate hodnotu.<\/li>\n<li><strong>Spokojnos\u0165 z\u00e1kazn\u00edkov:<\/strong>\u00a0Va\u0161a spokojnos\u0165 je na\u0161\u00edm najvy\u0161\u0161\u00edm cie\u013eom. Sme hrd\u00ed na to, \u017ee va\u0161a cesta z \u013dub\u013eany k jazeru Bled bude nezabudnute\u013en\u00fdm z\u00e1\u017eitkom.<\/li>\n<\/ul>\n<h2 style=\"text-align: center;\">\u00a0<\/h2>\n<h2 style=\"text-align: center;\"><strong>Rezerv\u00e1cia transferu z \u013dub\u013eany na Bledsk\u00e9 jazero, Slovinsko\u00a0<\/strong><\/h2>\n<p>Nenech\u00e1vajte svoju dopravu na n\u00e1hodu. Objednajte si transfer u n\u00e1s a nechajte n\u00e1s postara\u0165 sa o v\u0161etky va\u0161e cestovn\u00e9 potreby. Presk\u00famajte kr\u00e1sy Bledsk\u00e9ho jazera s \u013eahkos\u0165ou a pohodl\u00edm.<\/p>\n<p>Kontaktujte n\u00e1s teraz a rezervujte si s\u00fakromn\u00e9ho vodi\u010da a za\u017eite tie najlep\u0161ie prepravn\u00e9 slu\u017eby. Va\u0161a cesta z \u013dub\u013eany k Bledsk\u00e9mu jazeru sa za\u010d\u00edna tu!<\/p>\n<p style=\"text-align: center;\"><a class=\"btn btn-primary\" href=\"\/sk\/rezervovat-transfer\">Rezervova\u0165<\/a><\/p>\n<h2 style=\"text-align: center;\"><b>Ako sa dosta\u0165 z \u013dub\u013eany k jazeru Bled, Slovinsko<\/b><\/h2>\n<p>Ak sa chyst\u00e1te cestova\u0165 z \u013dub\u013eany k \u00fachvatn\u00e9mu jazeru Bled v Slovinsku, m\u00f4\u017eete si vybra\u0165 z nieko\u013ek\u00fdch v\u00fdhodn\u00fdch mo\u017enost\u00ed. Tu je sprievodca, ako t\u00fato cestu uskuto\u010dni\u0165:<\/p>\n<h3>Automobilom<\/h3>\n<p><strong>Vlastn\u00e1 jazda:<\/strong>\u00a0Pren\u00e1jom auta v \u013dub\u013eane a cesta k Bledsk\u00e9mu jazeru je ob\u013e\u00fabenou vo\u013ebou. Vzdialenos\u0165 je pribli\u017ene 55 kilometrov a cesta trv\u00e1 pribli\u017ene 45 min\u00fat. Dobre udr\u017eiavan\u00e1 dia\u013enica poskytuje plynul\u00fa a malebn\u00fa trasu. Oblas\u0165 si m\u00f4\u017eete prezrie\u0165 vlastn\u00fdm tempom a cestou sa zastavi\u0165 pri r\u00f4znych atrakci\u00e1ch.<\/p>\n<h3>Autobusom<\/h3>\n<p><strong>Verejn\u00e1 doprava:<\/strong>\u00a0\u013dub\u013eana pon\u00faka rozsiahlu verejn\u00fa autobusov\u00fa dopravu. Z hlavnej autobusovej stanice v \u013dub\u013eane sa m\u00f4\u017eete dosta\u0165 autobusom do Bledu. Cesta zvy\u010dajne trv\u00e1 pribli\u017ene 1,5 a\u017e 2 hodiny a je to cenovo dostupn\u00e1 mo\u017enos\u0165. Nezabudnite si vopred skontrolova\u0165 cestovn\u00fd poriadok autobusov, najm\u00e4 ak m\u00e1te nabit\u00fd program.<\/p>\n<h3>Vlakom<\/h3>\n<p><strong>\u017delezni\u010dn\u00e9 spojenie:<\/strong>\u00a0Z \u013dub\u013eany s\u00edce nevedie k jazeru Bled \u017eiadna priama vlakov\u00e1 linka, ale m\u00f4\u017eete sa odviez\u0165 vlakom na \u017eelezni\u010dn\u00fa stanicu Lesce-Bled, ktor\u00e1 je od Bledu vzdialen\u00e1 pribli\u017ene 4 kilometre. Odtia\u013e sa do cie\u013eovej destin\u00e1cie \u013eahko dostanete autobusom alebo tax\u00edkom.<\/p>\n<p>\u00a0<\/p>\n<h3>Tax\u00edkom alebo kyvadlovou dopravou<\/h3>\n<p><strong>S\u00fakromn\u00fd transfer:<\/strong>\u00a0Pre pohodlnej\u0161\u00ed a osobnej\u0161\u00ed z\u00e1\u017eitok si m\u00f4\u017eete naja\u0165 tax\u00edk alebo kyvadlov\u00fa dopravu, ktor\u00e1 v\u00e1s odvezie priamo z \u013dub\u013eany k jazeru Bled. T\u00e1to mo\u017enos\u0165 pon\u00faka pohodlie a m\u00f4\u017ee by\u0165 obzvl\u00e1\u0161\u0165 u\u017eito\u010dn\u00e1, ak cestujete so skupinou alebo m\u00e1te ve\u013ea bato\u017einy.<\/p>\n<h3>Cyklistikou<\/h3>\n<p><strong>Dobrodru\u017estvo na bicykli:<\/strong>\u00a0Pre dobrodru\u017enej\u0161\u00edch cestovate\u013eov je vhodn\u00e9 prejs\u0165 na bicykli z \u013dub\u013eany k jazeru Bled. Cesta m\u00f4\u017ee by\u0165 n\u00e1ro\u010dn\u00e1, ale neuverite\u013ene obohacuj\u00faca a umo\u017en\u00ed v\u00e1m ponori\u0165 sa do malebnej slovinskej pr\u00edrody.<\/p>\n<h3>Pod\u013ea bal\u00edkov z\u00e1jazdov<\/h3>\n<p><strong>Prehliadky so sprievodcom:<\/strong>\u00a0R\u00f4zne cestovn\u00e9 kancel\u00e1rie v \u013dub\u013eane pon\u00fakaj\u00fa jednod\u0148ov\u00e9 v\u00fdlety k jazeru Bled so sprievodcom. Tieto v\u00fdlety \u010dasto zah\u0155\u0148aj\u00fa dopravu, znal\u00e9ho sprievodcu a n\u00e1v\u0161tevu \u010fal\u0161\u00edch okolit\u00fdch atrakci\u00ed, v\u010faka \u010domu bude va\u0161a cesta informat\u00edvna a bezprobl\u00e9mov\u00e1.<\/p>\n<p style=\"text-align: center;\"><a class=\"btn btn-primary\" href=\"\/sk\/rezervovat-transfer\">Rezervova\u0165<\/a><\/p>\n<p style=\"text-align: left;\">Bez oh\u013eadu na to, ak\u00fd sp\u00f4sob dopravy si vyberiete, cesta z \u013dub\u013eany k jazeru Bled je pr\u00edle\u017eitos\u0165ou spozna\u0165 \u00fa\u017easn\u00fa slovinsk\u00fa krajinu a kult\u00farne dedi\u010dstvo. Nezabudnite si vopred napl\u00e1nova\u0165, skontrolova\u0165 cestovn\u00e9 poriadky a vybra\u0165 si mo\u017enos\u0165, ktor\u00e1 najlep\u0161ie vyhovuje va\u0161im preferenci\u00e1m a \u010dasov\u00e9mu rozvrhu, aby ste si n\u00e1v\u0161tevu Bledsk\u00e9ho jazera u\u017eili \u010do najlep\u0161ie.<\/p>\n<\/p><\/div>\n<div class=\"product-price-container\">\n<div class=\"sale-price\"> \t\t<\/div>\n<\/p><\/div>\n<div class=\"options\"><\/div>\n<div> \t\t<\/div>\n<p>   \t  <script type=\"text\/javascript\" ><\/script>  <script type=\"text\/javascript\" ><\/script>  <script type=\"text\/javascript\" ><\/script> <script type=\"text\/javascript\" ><\/script> <script type=\"text\/javascript\" ><\/script> <script type=\"text\/javascript\" ><\/script> <\/div>\n<p> \t\t<!-- \u041f\u043b\u0430\u0433\u0438\u043d \u0440\u0435\u0439\u0442\u0438\u043d\u0433\u0430 --> <\/p>\n<div class=\"vrvote-body\">\n<ul class=\"vrvote-ul\">\n<li id=\"rating_116\" class=\"current-rating\" style=\"width:98.75%;\"><\/li>\n<li> \t\t\t\t\t\t<a class=\"vr-one-star\" onclick=\"javascript:JSVRvote(116,1,79,16,0)\" href=\"javascript:void(null)\">1<\/a> \t\t\t\t\t<\/li>\n<li> \t\t\t\t\t\t<a class=\"vr-two-stars\" onclick=\"javascript:JSVRvote(116,2,79,16,0)\" href=\"javascript:void(null)\">2<\/a> \t\t\t\t\t<\/li>\n<li> \t\t\t\t\t\t<a class=\"vr-three-stars\" onclick=\"javascript:JSVRvote(116,3,79,16,0)\" href=\"javascript:void(null)\">3<\/a> \t\t\t\t\t<\/li>\n<li> \t\t\t\t\t\t<a class=\"vr-four-stars\" onclick=\"javascript:JSVRvote(116,4,79,16,0)\" href=\"javascript:void(null)\">4<\/a> \t\t\t\t\t<\/li>\n<li> \t\t\t\t\t\t<a class=\"vr-five-stars\" onclick=\"javascript:JSVRvote(116,5,79,16,0)\" href=\"javascript:void(null)\">5<\/a> \t\t\t\t\t<\/li>\n<\/ul><\/div>\n<p> \t\t\t<span id=\"vrvote_116\" class=\"vrvote-count\"><small><\/small><\/span>\t<\/span><script type=\"application\/ld+json\"><\/script>   <\/div>\n<div class=\"t4-col sidebar-r col-12 col-xl-4\">\n<div class=\"t4-module module\" id=\"Mod306\">\n<div class=\"module-inner\">\n<div class=\"module-ct\">\n<div class=\"bannergroup\">\n<div class=\"banneritem\"> \t\t\t\t\t\t\t\t\t\t\t\t\t\t\t\t\t\t\t\t\t\t\t\t\t\t\t\t\t\t\t\t\t\t\t\t\t\t\t\t\t\t\t\t\t\t\t\t\t\t<img \t\t\t\t\t\tsrc=\"\/wp-content\/uploads\/2025\/08\/banner-transfer-europe-sk-463.png\" \t\t\t\t\t\talt=\"Banner-sk\" \t\t\t\t\t\t\t\t\t\t\t\t\t\t\t\t\t\/> \t\t\t\t\t\t\t\t\t\t\t<\/p>\n<div class=\"clr\"><\/div>\n<\/p><\/div>\n<\/p><\/div>\n<\/p><\/div>\n<\/div>\n<\/div><\/div>\n<\/p><\/div>\n<\/div><\/div>\n<div id=\"t4-section-8\" class=\"t4-section  t4-section-8  section-border-top\" role=\"section-8\">\n<div class=\"bg-overlay bg-overlay-image\">&nbsp;<\/div>\n<\/p><\/div>\n<p>  <a href='javascript:' id='back-to-top'><i class='fa fa-chevron-up'><\/i><\/a>                <\/p>\n","protected":false},"excerpt":{"rendered":"<p>Transfer z \u013dub\u013eany do jazera Bled, Slovinsko \u013dub\u013eana Osobn\u00e1 preprava Rezervova\u0165 Pl\u00e1nujete v\u00fdlet k malebn\u00e9mu jazeru Bled v Slovinsku a potrebujete spo\u013eahliv\u00fa dopravu? U\u017e nemus\u00edte h\u013eada\u0165 \u010falej! Na\u0161a slu\u017eba pren\u00e1jmu s\u00fakromn\u00fdch vozidiel je tu, aby sa va\u0161a cesta stala hladkou a pohodlnou. V spolo\u010dnosti Ljubljana to Bled Lake Transfer sa \u0161pecializujeme na poskytovanie \u0161pi\u010dkov\u00fdch dopravn\u00fdch [&hellip;]<\/p>\n","protected":false},"author":1,"featured_media":82945,"parent":19953,"menu_order":0,"comment_status":"closed","ping_status":"closed","template":"","meta":{"footnotes":""},"class_list":["post-82944","page","type-page","status-publish","has-post-thumbnail","hentry"],"yoast_head":"<!-- This site is optimized with the Yoast SEO plugin v25.6 - https:\/\/yoast.com\/wordpress\/plugins\/seo\/ -->\n<title>Transfer Ljubljana \u2194 Jazero Bled, Slovinsko | Kyvadlov\u00e1 doprava Ljubljana \u2014 Transfer Europe<\/title>\n<meta name=\"description\" content=\"Kyvadlov\u00e1 doprava Ljubljana-Jazero Bled cez vzdialenos\u0165 35 km za 30 min. Transfer z Ljubljany do slovinsk\u00e9ho Bledu mikrobusom, VIP, pr\u00e9miov\u00fdm autom na Transfer Europe \u2714Ve\u013ek\u00fd vozov\u00fd park \u2714VIP taxi \u2714Bezpe\u010dn\u00e1 platba.\" \/>\n<meta name=\"robots\" content=\"index, follow, max-snippet:-1, max-image-preview:large, max-video-preview:-1\" \/>\n<link rel=\"canonical\" href=\"https:\/\/transfereurope.com\/sk\/destinacie\/lublana\/transfer-z-lublany-do-jazera-bled-slovinsko\/\" \/>\n<meta property=\"og:locale\" content=\"sk_SK\" \/>\n<meta property=\"og:type\" content=\"article\" \/>\n<meta property=\"og:title\" content=\"Transfer Ljubljana \u2194 Jazero Bled, Slovinsko | Kyvadlov\u00e1 doprava Ljubljana \u2014 Transfer Europe\" \/>\n<meta property=\"og:description\" content=\"Kyvadlov\u00e1 doprava Ljubljana-Jazero Bled cez vzdialenos\u0165 35 km za 30 min. Transfer z Ljubljany do slovinsk\u00e9ho Bledu mikrobusom, VIP, pr\u00e9miov\u00fdm autom na Transfer Europe \u2714Ve\u013ek\u00fd vozov\u00fd park \u2714VIP taxi \u2714Bezpe\u010dn\u00e1 platba.\" \/>\n<meta property=\"og:url\" content=\"https:\/\/transfereurope.com\/sk\/destinacie\/lublana\/transfer-z-lublany-do-jazera-bled-slovinsko\/\" \/>\n<meta property=\"og:site_name\" content=\"transfereurope\" \/>\n<meta property=\"og:image\" content=\"https:\/\/transfereurope.com\/wp-content\/uploads\/2025\/08\/Italy-Milan-Transfers-532-2-1.jpg\" \/>\n\t<meta property=\"og:image:width\" content=\"1500\" \/>\n\t<meta property=\"og:image:height\" content=\"2000\" \/>\n\t<meta property=\"og:image:type\" content=\"image\/jpeg\" \/>\n<meta name=\"twitter:card\" content=\"summary_large_image\" \/>\n<meta name=\"twitter:label1\" content=\"Predpokladan\u00fd \u010das \u010d\u00edtania\" \/>\n\t<meta name=\"twitter:data1\" content=\"4 min\u00faty\" \/>\n<script type=\"application\/ld+json\" class=\"yoast-schema-graph\">{\"@context\":\"https:\/\/schema.org\",\"@graph\":[{\"@type\":\"WebPage\",\"@id\":\"https:\/\/transfereurope.com\/sk\/destinacie\/lublana\/transfer-z-lublany-do-jazera-bled-slovinsko\/\",\"url\":\"https:\/\/transfereurope.com\/sk\/destinacie\/lublana\/transfer-z-lublany-do-jazera-bled-slovinsko\/\",\"name\":\"Transfer Ljubljana \u2194 Jazero Bled, Slovinsko | Kyvadlov\u00e1 doprava Ljubljana \u2014 Transfer Europe\",\"isPartOf\":{\"@id\":\"https:\/\/transfereurope.com\/sk\/#website\"},\"primaryImageOfPage\":{\"@id\":\"https:\/\/transfereurope.com\/sk\/destinacie\/lublana\/transfer-z-lublany-do-jazera-bled-slovinsko\/#primaryimage\"},\"image\":{\"@id\":\"https:\/\/transfereurope.com\/sk\/destinacie\/lublana\/transfer-z-lublany-do-jazera-bled-slovinsko\/#primaryimage\"},\"thumbnailUrl\":\"https:\/\/transfereurope.com\/wp-content\/uploads\/2025\/08\/Italy-Milan-Transfers-532-2-1.jpg\",\"datePublished\":\"2025-08-06T00:06:16+00:00\",\"description\":\"Kyvadlov\u00e1 doprava Ljubljana-Jazero Bled cez vzdialenos\u0165 35 km za 30 min. Transfer z Ljubljany do slovinsk\u00e9ho Bledu mikrobusom, VIP, pr\u00e9miov\u00fdm autom na Transfer Europe \u2714Ve\u013ek\u00fd vozov\u00fd park \u2714VIP taxi \u2714Bezpe\u010dn\u00e1 platba.\",\"breadcrumb\":{\"@id\":\"https:\/\/transfereurope.com\/sk\/destinacie\/lublana\/transfer-z-lublany-do-jazera-bled-slovinsko\/#breadcrumb\"},\"inLanguage\":\"sk-SK\",\"potentialAction\":[{\"@type\":\"ReadAction\",\"target\":[\"https:\/\/transfereurope.com\/sk\/destinacie\/lublana\/transfer-z-lublany-do-jazera-bled-slovinsko\/\"]}]},{\"@type\":\"ImageObject\",\"inLanguage\":\"sk-SK\",\"@id\":\"https:\/\/transfereurope.com\/sk\/destinacie\/lublana\/transfer-z-lublany-do-jazera-bled-slovinsko\/#primaryimage\",\"url\":\"https:\/\/transfereurope.com\/wp-content\/uploads\/2025\/08\/Italy-Milan-Transfers-532-2-1.jpg\",\"contentUrl\":\"https:\/\/transfereurope.com\/wp-content\/uploads\/2025\/08\/Italy-Milan-Transfers-532-2-1.jpg\",\"width\":1500,\"height\":2000},{\"@type\":\"BreadcrumbList\",\"@id\":\"https:\/\/transfereurope.com\/sk\/destinacie\/lublana\/transfer-z-lublany-do-jazera-bled-slovinsko\/#breadcrumb\",\"itemListElement\":[{\"@type\":\"ListItem\",\"position\":1,\"name\":\"Home\",\"item\":\"https:\/\/transfereurope.com\/sk\/\"},{\"@type\":\"ListItem\",\"position\":2,\"name\":\"Transfer z \u013dub\u013eany do jazera Bled, Slovinsko\"}]},{\"@type\":\"WebSite\",\"@id\":\"https:\/\/transfereurope.com\/sk\/#website\",\"url\":\"https:\/\/transfereurope.com\/sk\/\",\"name\":\"transfereurope\",\"description\":\"\",\"publisher\":{\"@id\":\"https:\/\/transfereurope.com\/sk\/#organization\"},\"potentialAction\":[{\"@type\":\"SearchAction\",\"target\":{\"@type\":\"EntryPoint\",\"urlTemplate\":\"https:\/\/transfereurope.com\/sk\/?s={search_term_string}\"},\"query-input\":{\"@type\":\"PropertyValueSpecification\",\"valueRequired\":true,\"valueName\":\"search_term_string\"}}],\"inLanguage\":\"sk-SK\"},{\"@type\":\"Organization\",\"@id\":\"https:\/\/transfereurope.com\/sk\/#organization\",\"name\":\"transfereurope\",\"url\":\"https:\/\/transfereurope.com\/sk\/\",\"logo\":{\"@type\":\"ImageObject\",\"inLanguage\":\"sk-SK\",\"@id\":\"https:\/\/transfereurope.com\/sk\/#\/schema\/logo\/image\/\",\"url\":\"https:\/\/transfereurope.com\/wp-content\/uploads\/2025\/08\/TRANSFERS-1655.png\",\"contentUrl\":\"https:\/\/transfereurope.com\/wp-content\/uploads\/2025\/08\/TRANSFERS-1655.png\",\"width\":500,\"height\":274,\"caption\":\"transfereurope\"},\"image\":{\"@id\":\"https:\/\/transfereurope.com\/sk\/#\/schema\/logo\/image\/\"}}]}<\/script>\n<!-- \/ Yoast SEO plugin. -->","yoast_head_json":{"title":"Transfer Ljubljana \u2194 Jazero Bled, Slovinsko | Kyvadlov\u00e1 doprava Ljubljana \u2014 Transfer Europe","description":"Kyvadlov\u00e1 doprava Ljubljana-Jazero Bled cez vzdialenos\u0165 35 km za 30 min. Transfer z Ljubljany do slovinsk\u00e9ho Bledu mikrobusom, VIP, pr\u00e9miov\u00fdm autom na Transfer Europe \u2714Ve\u013ek\u00fd vozov\u00fd park \u2714VIP taxi \u2714Bezpe\u010dn\u00e1 platba.","robots":{"index":"index","follow":"follow","max-snippet":"max-snippet:-1","max-image-preview":"max-image-preview:large","max-video-preview":"max-video-preview:-1"},"canonical":"https:\/\/transfereurope.com\/sk\/destinacie\/lublana\/transfer-z-lublany-do-jazera-bled-slovinsko\/","og_locale":"sk_SK","og_type":"article","og_title":"Transfer Ljubljana \u2194 Jazero Bled, Slovinsko | Kyvadlov\u00e1 doprava Ljubljana \u2014 Transfer Europe","og_description":"Kyvadlov\u00e1 doprava Ljubljana-Jazero Bled cez vzdialenos\u0165 35 km za 30 min. Transfer z Ljubljany do slovinsk\u00e9ho Bledu mikrobusom, VIP, pr\u00e9miov\u00fdm autom na Transfer Europe \u2714Ve\u013ek\u00fd vozov\u00fd park \u2714VIP taxi \u2714Bezpe\u010dn\u00e1 platba.","og_url":"https:\/\/transfereurope.com\/sk\/destinacie\/lublana\/transfer-z-lublany-do-jazera-bled-slovinsko\/","og_site_name":"transfereurope","og_image":[{"width":1500,"height":2000,"url":"https:\/\/transfereurope.com\/wp-content\/uploads\/2025\/08\/Italy-Milan-Transfers-532-2-1.jpg","type":"image\/jpeg"}],"twitter_card":"summary_large_image","twitter_misc":{"Predpokladan\u00fd \u010das \u010d\u00edtania":"4 min\u00faty"},"schema":{"@context":"https:\/\/schema.org","@graph":[{"@type":"WebPage","@id":"https:\/\/transfereurope.com\/sk\/destinacie\/lublana\/transfer-z-lublany-do-jazera-bled-slovinsko\/","url":"https:\/\/transfereurope.com\/sk\/destinacie\/lublana\/transfer-z-lublany-do-jazera-bled-slovinsko\/","name":"Transfer Ljubljana \u2194 Jazero Bled, Slovinsko | Kyvadlov\u00e1 doprava Ljubljana \u2014 Transfer Europe","isPartOf":{"@id":"https:\/\/transfereurope.com\/sk\/#website"},"primaryImageOfPage":{"@id":"https:\/\/transfereurope.com\/sk\/destinacie\/lublana\/transfer-z-lublany-do-jazera-bled-slovinsko\/#primaryimage"},"image":{"@id":"https:\/\/transfereurope.com\/sk\/destinacie\/lublana\/transfer-z-lublany-do-jazera-bled-slovinsko\/#primaryimage"},"thumbnailUrl":"https:\/\/transfereurope.com\/wp-content\/uploads\/2025\/08\/Italy-Milan-Transfers-532-2-1.jpg","datePublished":"2025-08-06T00:06:16+00:00","description":"Kyvadlov\u00e1 doprava Ljubljana-Jazero Bled cez vzdialenos\u0165 35 km za 30 min. Transfer z Ljubljany do slovinsk\u00e9ho Bledu mikrobusom, VIP, pr\u00e9miov\u00fdm autom na Transfer Europe \u2714Ve\u013ek\u00fd vozov\u00fd park \u2714VIP taxi \u2714Bezpe\u010dn\u00e1 platba.","breadcrumb":{"@id":"https:\/\/transfereurope.com\/sk\/destinacie\/lublana\/transfer-z-lublany-do-jazera-bled-slovinsko\/#breadcrumb"},"inLanguage":"sk-SK","potentialAction":[{"@type":"ReadAction","target":["https:\/\/transfereurope.com\/sk\/destinacie\/lublana\/transfer-z-lublany-do-jazera-bled-slovinsko\/"]}]},{"@type":"ImageObject","inLanguage":"sk-SK","@id":"https:\/\/transfereurope.com\/sk\/destinacie\/lublana\/transfer-z-lublany-do-jazera-bled-slovinsko\/#primaryimage","url":"https:\/\/transfereurope.com\/wp-content\/uploads\/2025\/08\/Italy-Milan-Transfers-532-2-1.jpg","contentUrl":"https:\/\/transfereurope.com\/wp-content\/uploads\/2025\/08\/Italy-Milan-Transfers-532-2-1.jpg","width":1500,"height":2000},{"@type":"BreadcrumbList","@id":"https:\/\/transfereurope.com\/sk\/destinacie\/lublana\/transfer-z-lublany-do-jazera-bled-slovinsko\/#breadcrumb","itemListElement":[{"@type":"ListItem","position":1,"name":"Home","item":"https:\/\/transfereurope.com\/sk\/"},{"@type":"ListItem","position":2,"name":"Transfer z \u013dub\u013eany do jazera Bled, Slovinsko"}]},{"@type":"WebSite","@id":"https:\/\/transfereurope.com\/sk\/#website","url":"https:\/\/transfereurope.com\/sk\/","name":"transfereurope","description":"","publisher":{"@id":"https:\/\/transfereurope.com\/sk\/#organization"},"potentialAction":[{"@type":"SearchAction","target":{"@type":"EntryPoint","urlTemplate":"https:\/\/transfereurope.com\/sk\/?s={search_term_string}"},"query-input":{"@type":"PropertyValueSpecification","valueRequired":true,"valueName":"search_term_string"}}],"inLanguage":"sk-SK"},{"@type":"Organization","@id":"https:\/\/transfereurope.com\/sk\/#organization","name":"transfereurope","url":"https:\/\/transfereurope.com\/sk\/","logo":{"@type":"ImageObject","inLanguage":"sk-SK","@id":"https:\/\/transfereurope.com\/sk\/#\/schema\/logo\/image\/","url":"https:\/\/transfereurope.com\/wp-content\/uploads\/2025\/08\/TRANSFERS-1655.png","contentUrl":"https:\/\/transfereurope.com\/wp-content\/uploads\/2025\/08\/TRANSFERS-1655.png","width":500,"height":274,"caption":"transfereurope"},"image":{"@id":"https:\/\/transfereurope.com\/sk\/#\/schema\/logo\/image\/"}}]}},"_links":{"self":[{"href":"https:\/\/transfereurope.com\/sk\/wp-json\/wp\/v2\/pages\/82944","targetHints":{"allow":["GET"]}}],"collection":[{"href":"https:\/\/transfereurope.com\/sk\/wp-json\/wp\/v2\/pages"}],"about":[{"href":"https:\/\/transfereurope.com\/sk\/wp-json\/wp\/v2\/types\/page"}],"author":[{"embeddable":true,"href":"https:\/\/transfereurope.com\/sk\/wp-json\/wp\/v2\/users\/1"}],"replies":[{"embeddable":true,"href":"https:\/\/transfereurope.com\/sk\/wp-json\/wp\/v2\/comments?post=82944"}],"version-history":[{"count":0,"href":"https:\/\/transfereurope.com\/sk\/wp-json\/wp\/v2\/pages\/82944\/revisions"}],"up":[{"embeddable":true,"href":"https:\/\/transfereurope.com\/sk\/wp-json\/wp\/v2\/pages\/19953"}],"wp:featuredmedia":[{"embeddable":true,"href":"https:\/\/transfereurope.com\/sk\/wp-json\/wp\/v2\/media\/82945"}],"wp:attachment":[{"href":"https:\/\/transfereurope.com\/sk\/wp-json\/wp\/v2\/media?parent=82944"}],"curies":[{"name":"wp","href":"https:\/\/api.w.org\/{rel}","templated":true}]}}