{"id":82845,"date":"2025-08-06T00:05:24","date_gmt":"2025-08-06T00:05:24","guid":{"rendered":"https:\/\/transfereurope.com\/transfer-z-centra-lublany-na-letisko-v-lublane-letisko-joze-pucnik\/"},"modified":"2025-08-06T00:05:24","modified_gmt":"2025-08-06T00:05:24","slug":"transfer-z-centra-lublany-na-letisko-v-lublane-letisko-joze-pucnik","status":"publish","type":"page","link":"https:\/\/transfereurope.com\/sk\/destinacie\/lublana\/transfer-z-centra-lublany-na-letisko-v-lublane-letisko-joze-pucnik\/","title":{"rendered":"Transfer z centra \u013dub\u013eany na letisko v \u013dub\u013eane (letisko Jo\u017ee Pu\u010dnik)"},"content":{"rendered":"\n<div id=\"t4-masthead\" class=\"t4-section  t4-masthead\">\n<div class=\"t4-col text-center\">\n<div class=\"ja-masthead\" >\n<div class=\"ja-masthead-detail\">\n<h1 class=\"ja-masthead-title\">Transfer z centra \u013dub\u013eany na letisko v \u013dub\u013eane (letisko Jo\u017ee Pu\u010dnik)<\/h1>\n<p>                 <!---->            <\/p>\n<div class=\"block-breadcrumb\">                       <\/div>\n<\/p><\/div>\n<\/p><\/div>\n<pre><\/pre>\n<\/div>\n<\/div>\n<div id=\"t4-main-body\" class=\"t4-section  t4-main-body\" role=\"main body\">\n<div class=\"t4-section-inner container\">\n<div class=\"t4-row row\">\n<div class=\"t4-col col-12 col-xl\">\n<div id=\"system-message-container\"> \t<\/div>\n<p>       <script type=\"text\/javascript\" ><\/script> <\/p>\n<div class=\"com-content-article item-page view-tour-detail\">\n<div class=\"tour-top-info clearfix\">\n<div class=\"pull-left\">\n<div class=\"category-article-dot\">\n<div class=\"category-name\"> \t\t\t\t\t<a href=\"\/sk\/destinacie\/lublana\" itemprop=\"genre\">\u013dub\u013eana Osobn\u00e1 preprava<\/a> \t\t\t\t<\/div>\n<\/p><\/div>\n<\/p><\/div>\n<div class=\"pull-right\">\n<div class=\"text-danger tour-price\"> \t\t\t\t\t\t<a href=\"\/sk\/rezervovat-transfer\">Rezervova\u0165<\/a><\/div>\n<\/p><\/div>\n<\/p><\/div>\n<p>  \t <!--\t-->  \t<\/p>\n<div class=\"vm-product-container\">\n<figure class=\"pull-left item-image\">\n<div class=\"main-image\"> \t\t<a title=\"Ljubljana center to Ljubljana Airport (Jo\u017ee Pu\u010dnik Airport) Transfer Service\" rel='vm-additional-images' href=\"\/images\/virtuemart\/product\/Europe Destinations Transfers (3)88.jpg\"><img decoding=\"async\"  loading=\"lazy\"  src=\"\/wp-content\/uploads\/2025\/08\/Europe-Destinations-Transfers-388-2.jpg\"  alt=\"Ljubljana center to Ljubljana Airport (Jo\u017ee Pu\u010dnik Airport) Transfer Service\"  \/><\/a>\t\t<\/p>\n<div class=\"clear\"><\/div>\n<\/p><\/div>\n<\/figure>\n<div class=\"vm-product-details-container\">\n<div class=\"spacer-buy-area\">    \t\t \t\t<\/div>\n<\/p><\/div>\n<div class=\"clear\"><\/div>\n<\/p><\/div>\n<div class=\"product-description\" >\n<p>Vitajte na str\u00e1nkach hlavnej prepravnej slu\u017eby pre va\u0161u cestu z centra \u013dub\u013eany na letisko Jo\u017ee Pu\u010dnik! V na\u0161ej spolo\u010dnosti sme hrd\u00ed na to, \u017ee pon\u00fakame tie najlep\u0161ie slu\u017eby transferu a zabezpe\u010dujeme, aby va\u0161a cesta na letisko alebo z letiska bola \u010do najplynulej\u0161ia a najpohodlnej\u0161ia.<\/p>\n<p>Na\u0161e slu\u017eby pren\u00e1jmu s\u00fakromn\u00e9ho vodi\u010da s\u00fa z\u00e1rukou bezprobl\u00e9mov\u00e9ho a pr\u00edjemn\u00e9ho z\u00e1\u017eitku. Nemus\u00edte sa ob\u00e1va\u0165 zlo\u017eitej navig\u00e1cie v prostriedkoch verejnej dopravy alebo spr\u00e1vy bato\u017einy &#8211; na\u0161i sk\u00fasen\u00ed vodi\u010di s\u00fa tu, aby v\u00e1m poskytli prvotriedne slu\u017eby prepravy autom.<\/p>\n<p>Bez oh\u013eadu na to, \u010di cestujete pracovne alebo na dovolenku, ch\u00e1peme d\u00f4le\u017eitos\u0165 dochv\u00ed\u013enosti a spo\u013eahlivosti. N\u00e1\u0161 z\u00e1v\u00e4zok poskytova\u0165 v\u00fdnimo\u010dn\u00e9 prepravn\u00e9 slu\u017eby n\u00e1s odli\u0161uje ako preferovan\u00fa vo\u013ebu pre v\u00e1\u0161 transfer z letiska v \u013dub\u013eane.<\/p>\n<p style=\"text-align: center;\"><a class=\"btn btn-primary\" href=\"\/sk\/rezervovat-transfer-z-na-letisko\">Rezervova\u0165<\/a><\/p>\n<h2 style=\"text-align: center;\"><strong>Pre\u010do si vybra\u0165 na\u0161u slu\u017ebu transferu z centra \u013dub\u013eany na letisko Ljubljana (Jo\u017ee Pu\u010dnik Airport)?<\/strong><\/h2>\n<ul>\n<li><strong>Komfort a pohodlie:<\/strong> Na\u0161e dobre udr\u017eiavan\u00e9 a pohodln\u00e9 vozidl\u00e1 zabezpe\u010dia pohodov\u00fa cestu na letisko alebo z neho.<\/li>\n<li><strong>Individu\u00e1lne slu\u017eby:<\/strong> S osobn\u00fdm vodi\u010dom, ktor\u00fd je v\u00e1m k dispoz\u00edcii, si m\u00f4\u017eete vychutna\u0165 individu\u00e1lny z\u00e1\u017eitok navrhnut\u00fd pod\u013ea va\u0161ich \u0161pecifick\u00fdch potrieb.<\/li>\n<li><strong>Dochv\u00ed\u013enos\u0165:<\/strong> Sme hrd\u00ed na svoju presnos\u0165, v\u010faka ktorej sa do cie\u013ea dostanete v\u010das, bez stresu a me\u0161kania.<\/li>\n<li><strong>Konkuren\u010dn\u00e9 ceny:<\/strong> Na\u0161a transparentn\u00e1 cenov\u00e1 \u0161trukt\u00fara v\u00e1m zaru\u010d\u00ed, \u017ee za svoje peniaze dostanete najlep\u0161iu hodnotu.<\/li>\n<li><strong>Jednoduch\u00e1 rezerv\u00e1cia:<\/strong> Na\u0161a pou\u017e\u00edvate\u013esky pr\u00edvetiv\u00e1 online platforma umo\u017e\u0148uje jednoduch\u00fa rezerv\u00e1ciu prepravn\u00fdch slu\u017eieb nieko\u013ek\u00fdmi kliknutiami.<\/li>\n<\/ul>\n<h2 style=\"text-align: center;\">\u00a0<\/h2>\n<h2 style=\"text-align: center;\"><strong>Rezerv\u00e1cia transferu z centra \u013dub\u013eany na letisko \u013dub\u013eana (Jo\u017ee Pu\u010dnik Airport)\u00a0<\/strong><\/h2>\n<p>Zverte n\u00e1m transfer z letiska \u013dub\u013eana a za\u017eite bezprobl\u00e9mov\u00fa a pr\u00edjemn\u00fa cestu medzi centrom \u013dub\u013eany a letiskom Jo\u017ee Pu\u010dnik. Nechajte n\u00e1s, aby sme sa postarali o va\u0161e potreby v oblasti dopravy, aby ste sa mohli s\u00fastredi\u0165 na to, \u010do je skuto\u010dne d\u00f4le\u017eit\u00e9. Rezervujte si u n\u00e1s slu\u017eby pren\u00e1jmu s\u00fakromn\u00e9ho vodi\u010da e\u0161te dnes!<\/p>\n<p style=\"text-align: center;\"><a class=\"btn btn-primary\" href=\"\/sk\/rezervovat-transfer-z-na-letisko\">Rezervova\u0165<\/a><\/p>\n<h2 style=\"text-align: center;\"><b>Ako sa dosta\u0165 z centra \u013dub\u013eany na letisko \u013dub\u013eana (Letisko Jo\u017ee Pu\u010dnik)<\/b><\/h2>\n<p>Cesta z centra \u013dub\u013eany na letisko Jo\u017ee Pu\u010dnik je jednoduch\u00e1 a pohodln\u00e1. Tu si m\u00f4\u017eete vybra\u0165 z nieko\u013ek\u00fdch mo\u017enost\u00ed dopravy:<\/p>\n<h3>Cesta z centra \u013dub\u013eany na letisko Jo\u017ee Pu\u010dnik je jednoduch\u00e1 a pohodln\u00e1. Tu si m\u00f4\u017eete vybra\u0165 z nieko\u013ek\u00fdch mo\u017enost\u00ed dopravy:<\/h3>\n<p>V \u013dub\u013eane s\u00fa \u013eahko dostupn\u00e9 tax\u00edky. M\u00f4\u017eete si ho \u013eahko zavola\u0165 na ulici alebo si ho vopred objedna\u0165. Cesta tax\u00edkom z centra mesta na letisko trv\u00e1 zvy\u010dajne pribli\u017ene 20-30 min\u00fat v z\u00e1vislosti od dopravn\u00fdch podmienok.<\/p>\n<h3>Kyvadlov\u00e1 doprava<\/h3>\n<p>Existuj\u00fa kyvadlov\u00e9 slu\u017eby ur\u010den\u00e9 \u0161peci\u00e1lne na transfery z letiska. Tieto kyvadlov\u00e9 autobusy prem\u00e1vaj\u00fa pod\u013ea pevn\u00e9ho cestovn\u00e9ho poriadku a predstavuj\u00fa cenovo v\u00fdhodn\u00fd sp\u00f4sob dopravy na letisko. Nezabudnite si vopred skontrolova\u0165 cestovn\u00fd poriadok, aby ste sa uistili, \u017ee sa zhoduje s \u010dasom v\u00e1\u0161ho letu.<\/p>\n<h3>Verejn\u00e1 doprava<\/h3>\n<p>\u013dub\u013eana m\u00e1 dobre rozvinut\u00fd syst\u00e9m verejnej dopravy. Z centra mesta sa m\u00f4\u017eete dosta\u0165 autobusom na letisko \u013dub\u013eana. Cesta m\u00f4\u017ee trva\u0165 o nie\u010do dlh\u0161ie ako tax\u00edkom alebo kyvadlovou dopravou, preto si nezabudnite skontrolova\u0165 cestovn\u00fd poriadok autobusov a pod\u013ea toho si ju napl\u00e1nova\u0165.<\/p>\n<p>\u00a0<\/p>\n<h3>S\u00fakromn\u00e9 auto alebo prenajat\u00e9 auto<\/h3>\n<p>Ak d\u00e1vate prednos\u0165 flexibilite a pohodliu, m\u00f4\u017eete si na cestu na letisko vybra\u0165 s\u00fakromn\u00fa automobilov\u00fa slu\u017ebu alebo si prenaja\u0165 auto. T\u00e1to mo\u017enos\u0165 v\u00e1m umo\u017en\u00ed cestova\u0165 vlastn\u00fdm tempom a je ide\u00e1lna, ak m\u00e1te ve\u013ea bato\u017einy alebo uprednost\u0148ujete osobnej\u0161\u00ed z\u00e1\u017eitok.<\/p>\n<h3>Bicykel<\/h3>\n<p>Pre odv\u00e1\u017enej\u0161\u00edch cestovate\u013eov \u013dub\u013eana pon\u00faka cyklotrasy, ktor\u00e9 sp\u00e1jaj\u00fa centrum mesta s letiskom. Ak m\u00e1te bicykel a trochu \u010dasu navy\u0161e, m\u00f4\u017ee to by\u0165 jedine\u010dn\u00fd a ekologick\u00fd sp\u00f4sob, ako sa dosta\u0165 na letisko.<\/p>\n<h3>Prech\u00e1dzka<\/h3>\n<p>Ak ste ubytovan\u00ed v bl\u00edzkosti centra mesta a m\u00e1te len minim\u00e1lny po\u010det bato\u017einy, m\u00f4\u017eete sa na letisko vybra\u0165 pe\u0161o. Pe\u0161ia vzdialenos\u0165 je pribli\u017ene 24 kilometrov, tak\u017ee t\u00e1to mo\u017enos\u0165 je vhodn\u00e1 len pre t\u00fdch, ktor\u00ed maj\u00fa radi dlh\u00e9 prech\u00e1dzky a maj\u00fa dostatok \u010dasu.<\/p>\n<p style=\"text-align: center;\"><a class=\"btn btn-primary\" href=\"\/sk\/rezervovat-transfer-z-na-letisko\">Rezervova\u0165<\/a><\/p>\n<p style=\"text-align: left;\">Pri pl\u00e1novan\u00ed cesty z centra \u013dub\u013eany na letisko \u013dub\u013eana zv\u00e1\u017ete svoj rozpo\u010det, \u010dasov\u00fd harmonogram a osobn\u00e9 preferencie, aby ste si vybrali sp\u00f4sob dopravy, ktor\u00fd najlep\u0161ie vyhovuje va\u0161im potreb\u00e1m. Pred odchodom sa odpor\u00fa\u010da skontrolova\u0165 aktu\u00e1lne inform\u00e1cie a cestovn\u00e9 poriadky jednotliv\u00fdch mo\u017enost\u00ed, aby ste si zabezpe\u010dili hladk\u00fa a bezstresov\u00fa cestu na letisko.<\/p>\n<\/p><\/div>\n<div class=\"product-price-container\">\n<div class=\"sale-price\"> \t\t<\/div>\n<\/p><\/div>\n<div class=\"options\"><\/div>\n<div> \t\t<\/div>\n<p>   \t  <script type=\"text\/javascript\" ><\/script>  <script type=\"text\/javascript\" ><\/script>  <script type=\"text\/javascript\" ><\/script> <script type=\"text\/javascript\" ><\/script> <script type=\"text\/javascript\" ><\/script> <script type=\"text\/javascript\" ><\/script> <\/div>\n<p> \t\t<!-- \u041f\u043b\u0430\u0433\u0438\u043d \u0440\u0435\u0439\u0442\u0438\u043d\u0433\u0430 --> <\/p>\n<div class=\"vrvote-body\">\n<ul class=\"vrvote-ul\">\n<li id=\"rating_115\" class=\"current-rating\" style=\"width:98.57%;\"><\/li>\n<li> \t\t\t\t\t\t<a class=\"vr-one-star\" onclick=\"javascript:JSVRvote(115,1,69,14,0)\" href=\"javascript:void(null)\">1<\/a> \t\t\t\t\t<\/li>\n<li> \t\t\t\t\t\t<a class=\"vr-two-stars\" onclick=\"javascript:JSVRvote(115,2,69,14,0)\" href=\"javascript:void(null)\">2<\/a> \t\t\t\t\t<\/li>\n<li> \t\t\t\t\t\t<a class=\"vr-three-stars\" onclick=\"javascript:JSVRvote(115,3,69,14,0)\" href=\"javascript:void(null)\">3<\/a> \t\t\t\t\t<\/li>\n<li> \t\t\t\t\t\t<a class=\"vr-four-stars\" onclick=\"javascript:JSVRvote(115,4,69,14,0)\" href=\"javascript:void(null)\">4<\/a> \t\t\t\t\t<\/li>\n<li> \t\t\t\t\t\t<a class=\"vr-five-stars\" onclick=\"javascript:JSVRvote(115,5,69,14,0)\" href=\"javascript:void(null)\">5<\/a> \t\t\t\t\t<\/li>\n<\/ul><\/div>\n<p> \t\t\t<span id=\"vrvote_115\" class=\"vrvote-count\"><small><\/small><\/span>\t<\/span><script type=\"application\/ld+json\"><\/script>   <\/div>\n<div class=\"t4-col sidebar-r col-12 col-xl-4\">\n<div class=\"t4-module module\" id=\"Mod306\">\n<div class=\"module-inner\">\n<div class=\"module-ct\">\n<div class=\"bannergroup\">\n<div class=\"banneritem\"> \t\t\t\t\t\t\t\t\t\t\t\t\t\t\t\t\t\t\t\t\t\t\t\t\t\t\t\t\t\t\t\t\t\t\t\t\t\t\t\t\t\t\t\t\t\t\t\t\t\t<img \t\t\t\t\t\tsrc=\"\/wp-content\/uploads\/2025\/08\/banner-transfer-europe-sk-462.png\" \t\t\t\t\t\talt=\"Banner-sk\" \t\t\t\t\t\t\t\t\t\t\t\t\t\t\t\t\t\/> \t\t\t\t\t\t\t\t\t\t\t<\/p>\n<div class=\"clr\"><\/div>\n<\/p><\/div>\n<\/p><\/div>\n<\/p><\/div>\n<\/div>\n<\/div><\/div>\n<\/p><\/div>\n<\/div><\/div>\n<div id=\"t4-section-8\" class=\"t4-section  t4-section-8  section-border-top\" role=\"section-8\">\n<div class=\"bg-overlay bg-overlay-image\">&nbsp;<\/div>\n<\/p><\/div>\n<p>  <a href='javascript:' id='back-to-top'><i class='fa fa-chevron-up'><\/i><\/a>                <\/p>\n","protected":false},"excerpt":{"rendered":"<p>Transfer z centra \u013dub\u013eany na letisko v \u013dub\u013eane (letisko Jo\u017ee Pu\u010dnik) \u013dub\u013eana Osobn\u00e1 preprava Rezervova\u0165 Vitajte na str\u00e1nkach hlavnej prepravnej slu\u017eby pre va\u0161u cestu z centra \u013dub\u013eany na letisko Jo\u017ee Pu\u010dnik! V na\u0161ej spolo\u010dnosti sme hrd\u00ed na to, \u017ee pon\u00fakame tie najlep\u0161ie slu\u017eby transferu a zabezpe\u010dujeme, aby va\u0161a cesta na letisko alebo z letiska bola [&hellip;]<\/p>\n","protected":false},"author":1,"featured_media":82846,"parent":19953,"menu_order":0,"comment_status":"closed","ping_status":"closed","template":"","meta":{"footnotes":""},"class_list":["post-82845","page","type-page","status-publish","has-post-thumbnail","hentry"],"yoast_head":"<!-- This site is optimized with the Yoast SEO plugin v25.6 - https:\/\/yoast.com\/wordpress\/plugins\/seo\/ -->\n<title>Transfer z centra \u013dub\u013eany \u2194 Letisko \u013dub\u013eana, LJU | Letisko Shuttle Ljubljana \u2014 Transfer Europe<\/title>\n<meta name=\"description\" content=\"Kyvadlov\u00e1 doprava z mesta na letisko Ljubljana (LJU) do vzdialenosti 60 km za 25 min. Transfer z centra \u013dub\u013eany na letisko Jo\u017ea Pu\u010dnika minivanom, VIP, pr\u00e9miov\u00fdm autom spolo\u010dnosti Transfer Europe \u2714Ve\u013ek\u00e1 flotila \u2714VIP taxi \u2714Bezpe\u010dn\u00e1 platba.\" \/>\n<meta name=\"robots\" content=\"index, follow, max-snippet:-1, max-image-preview:large, max-video-preview:-1\" \/>\n<link rel=\"canonical\" href=\"https:\/\/transfereurope.com\/sk\/destinacie\/lublana\/transfer-z-centra-lublany-na-letisko-v-lublane-letisko-joze-pucnik\/\" \/>\n<meta property=\"og:locale\" content=\"sk_SK\" \/>\n<meta property=\"og:type\" content=\"article\" \/>\n<meta property=\"og:title\" content=\"Transfer z centra \u013dub\u013eany \u2194 Letisko \u013dub\u013eana, LJU | Letisko Shuttle Ljubljana \u2014 Transfer Europe\" \/>\n<meta property=\"og:description\" content=\"Kyvadlov\u00e1 doprava z mesta na letisko Ljubljana (LJU) do vzdialenosti 60 km za 25 min. Transfer z centra \u013dub\u013eany na letisko Jo\u017ea Pu\u010dnika minivanom, VIP, pr\u00e9miov\u00fdm autom spolo\u010dnosti Transfer Europe \u2714Ve\u013ek\u00e1 flotila \u2714VIP taxi \u2714Bezpe\u010dn\u00e1 platba.\" \/>\n<meta property=\"og:url\" content=\"https:\/\/transfereurope.com\/sk\/destinacie\/lublana\/transfer-z-centra-lublany-na-letisko-v-lublane-letisko-joze-pucnik\/\" \/>\n<meta property=\"og:site_name\" content=\"transfereurope\" \/>\n<meta property=\"og:image\" content=\"https:\/\/transfereurope.com\/wp-content\/uploads\/2025\/08\/Europe-Destinations-Transfers-388-2-1.jpg\" \/>\n\t<meta property=\"og:image:width\" content=\"1500\" \/>\n\t<meta property=\"og:image:height\" content=\"2000\" \/>\n\t<meta property=\"og:image:type\" content=\"image\/jpeg\" \/>\n<meta name=\"twitter:card\" content=\"summary_large_image\" \/>\n<meta name=\"twitter:label1\" content=\"Predpokladan\u00fd \u010das \u010d\u00edtania\" \/>\n\t<meta name=\"twitter:data1\" content=\"4 min\u00faty\" \/>\n<script type=\"application\/ld+json\" class=\"yoast-schema-graph\">{\"@context\":\"https:\/\/schema.org\",\"@graph\":[{\"@type\":\"WebPage\",\"@id\":\"https:\/\/transfereurope.com\/sk\/destinacie\/lublana\/transfer-z-centra-lublany-na-letisko-v-lublane-letisko-joze-pucnik\/\",\"url\":\"https:\/\/transfereurope.com\/sk\/destinacie\/lublana\/transfer-z-centra-lublany-na-letisko-v-lublane-letisko-joze-pucnik\/\",\"name\":\"Transfer z centra \u013dub\u013eany \u2194 Letisko \u013dub\u013eana, LJU | Letisko Shuttle Ljubljana \u2014 Transfer Europe\",\"isPartOf\":{\"@id\":\"https:\/\/transfereurope.com\/sk\/#website\"},\"primaryImageOfPage\":{\"@id\":\"https:\/\/transfereurope.com\/sk\/destinacie\/lublana\/transfer-z-centra-lublany-na-letisko-v-lublane-letisko-joze-pucnik\/#primaryimage\"},\"image\":{\"@id\":\"https:\/\/transfereurope.com\/sk\/destinacie\/lublana\/transfer-z-centra-lublany-na-letisko-v-lublane-letisko-joze-pucnik\/#primaryimage\"},\"thumbnailUrl\":\"https:\/\/transfereurope.com\/wp-content\/uploads\/2025\/08\/Europe-Destinations-Transfers-388-2-1.jpg\",\"datePublished\":\"2025-08-06T00:05:24+00:00\",\"description\":\"Kyvadlov\u00e1 doprava z mesta na letisko Ljubljana (LJU) do vzdialenosti 60 km za 25 min. Transfer z centra \u013dub\u013eany na letisko Jo\u017ea Pu\u010dnika minivanom, VIP, pr\u00e9miov\u00fdm autom spolo\u010dnosti Transfer Europe \u2714Ve\u013ek\u00e1 flotila \u2714VIP taxi \u2714Bezpe\u010dn\u00e1 platba.\",\"breadcrumb\":{\"@id\":\"https:\/\/transfereurope.com\/sk\/destinacie\/lublana\/transfer-z-centra-lublany-na-letisko-v-lublane-letisko-joze-pucnik\/#breadcrumb\"},\"inLanguage\":\"sk-SK\",\"potentialAction\":[{\"@type\":\"ReadAction\",\"target\":[\"https:\/\/transfereurope.com\/sk\/destinacie\/lublana\/transfer-z-centra-lublany-na-letisko-v-lublane-letisko-joze-pucnik\/\"]}]},{\"@type\":\"ImageObject\",\"inLanguage\":\"sk-SK\",\"@id\":\"https:\/\/transfereurope.com\/sk\/destinacie\/lublana\/transfer-z-centra-lublany-na-letisko-v-lublane-letisko-joze-pucnik\/#primaryimage\",\"url\":\"https:\/\/transfereurope.com\/wp-content\/uploads\/2025\/08\/Europe-Destinations-Transfers-388-2-1.jpg\",\"contentUrl\":\"https:\/\/transfereurope.com\/wp-content\/uploads\/2025\/08\/Europe-Destinations-Transfers-388-2-1.jpg\",\"width\":1500,\"height\":2000},{\"@type\":\"BreadcrumbList\",\"@id\":\"https:\/\/transfereurope.com\/sk\/destinacie\/lublana\/transfer-z-centra-lublany-na-letisko-v-lublane-letisko-joze-pucnik\/#breadcrumb\",\"itemListElement\":[{\"@type\":\"ListItem\",\"position\":1,\"name\":\"Home\",\"item\":\"https:\/\/transfereurope.com\/sk\/\"},{\"@type\":\"ListItem\",\"position\":2,\"name\":\"Transfer z centra \u013dub\u013eany na letisko v \u013dub\u013eane (letisko Jo\u017ee Pu\u010dnik)\"}]},{\"@type\":\"WebSite\",\"@id\":\"https:\/\/transfereurope.com\/sk\/#website\",\"url\":\"https:\/\/transfereurope.com\/sk\/\",\"name\":\"transfereurope\",\"description\":\"\",\"publisher\":{\"@id\":\"https:\/\/transfereurope.com\/sk\/#organization\"},\"potentialAction\":[{\"@type\":\"SearchAction\",\"target\":{\"@type\":\"EntryPoint\",\"urlTemplate\":\"https:\/\/transfereurope.com\/sk\/?s={search_term_string}\"},\"query-input\":{\"@type\":\"PropertyValueSpecification\",\"valueRequired\":true,\"valueName\":\"search_term_string\"}}],\"inLanguage\":\"sk-SK\"},{\"@type\":\"Organization\",\"@id\":\"https:\/\/transfereurope.com\/sk\/#organization\",\"name\":\"transfereurope\",\"url\":\"https:\/\/transfereurope.com\/sk\/\",\"logo\":{\"@type\":\"ImageObject\",\"inLanguage\":\"sk-SK\",\"@id\":\"https:\/\/transfereurope.com\/sk\/#\/schema\/logo\/image\/\",\"url\":\"https:\/\/transfereurope.com\/wp-content\/uploads\/2025\/08\/TRANSFERS-1655.png\",\"contentUrl\":\"https:\/\/transfereurope.com\/wp-content\/uploads\/2025\/08\/TRANSFERS-1655.png\",\"width\":500,\"height\":274,\"caption\":\"transfereurope\"},\"image\":{\"@id\":\"https:\/\/transfereurope.com\/sk\/#\/schema\/logo\/image\/\"}}]}<\/script>\n<!-- \/ Yoast SEO plugin. -->","yoast_head_json":{"title":"Transfer z centra \u013dub\u013eany \u2194 Letisko \u013dub\u013eana, LJU | Letisko Shuttle Ljubljana \u2014 Transfer Europe","description":"Kyvadlov\u00e1 doprava z mesta na letisko Ljubljana (LJU) do vzdialenosti 60 km za 25 min. Transfer z centra \u013dub\u013eany na letisko Jo\u017ea Pu\u010dnika minivanom, VIP, pr\u00e9miov\u00fdm autom spolo\u010dnosti Transfer Europe \u2714Ve\u013ek\u00e1 flotila \u2714VIP taxi \u2714Bezpe\u010dn\u00e1 platba.","robots":{"index":"index","follow":"follow","max-snippet":"max-snippet:-1","max-image-preview":"max-image-preview:large","max-video-preview":"max-video-preview:-1"},"canonical":"https:\/\/transfereurope.com\/sk\/destinacie\/lublana\/transfer-z-centra-lublany-na-letisko-v-lublane-letisko-joze-pucnik\/","og_locale":"sk_SK","og_type":"article","og_title":"Transfer z centra \u013dub\u013eany \u2194 Letisko \u013dub\u013eana, LJU | Letisko Shuttle Ljubljana \u2014 Transfer Europe","og_description":"Kyvadlov\u00e1 doprava z mesta na letisko Ljubljana (LJU) do vzdialenosti 60 km za 25 min. Transfer z centra \u013dub\u013eany na letisko Jo\u017ea Pu\u010dnika minivanom, VIP, pr\u00e9miov\u00fdm autom spolo\u010dnosti Transfer Europe \u2714Ve\u013ek\u00e1 flotila \u2714VIP taxi \u2714Bezpe\u010dn\u00e1 platba.","og_url":"https:\/\/transfereurope.com\/sk\/destinacie\/lublana\/transfer-z-centra-lublany-na-letisko-v-lublane-letisko-joze-pucnik\/","og_site_name":"transfereurope","og_image":[{"width":1500,"height":2000,"url":"https:\/\/transfereurope.com\/wp-content\/uploads\/2025\/08\/Europe-Destinations-Transfers-388-2-1.jpg","type":"image\/jpeg"}],"twitter_card":"summary_large_image","twitter_misc":{"Predpokladan\u00fd \u010das \u010d\u00edtania":"4 min\u00faty"},"schema":{"@context":"https:\/\/schema.org","@graph":[{"@type":"WebPage","@id":"https:\/\/transfereurope.com\/sk\/destinacie\/lublana\/transfer-z-centra-lublany-na-letisko-v-lublane-letisko-joze-pucnik\/","url":"https:\/\/transfereurope.com\/sk\/destinacie\/lublana\/transfer-z-centra-lublany-na-letisko-v-lublane-letisko-joze-pucnik\/","name":"Transfer z centra \u013dub\u013eany \u2194 Letisko \u013dub\u013eana, LJU | Letisko Shuttle Ljubljana \u2014 Transfer Europe","isPartOf":{"@id":"https:\/\/transfereurope.com\/sk\/#website"},"primaryImageOfPage":{"@id":"https:\/\/transfereurope.com\/sk\/destinacie\/lublana\/transfer-z-centra-lublany-na-letisko-v-lublane-letisko-joze-pucnik\/#primaryimage"},"image":{"@id":"https:\/\/transfereurope.com\/sk\/destinacie\/lublana\/transfer-z-centra-lublany-na-letisko-v-lublane-letisko-joze-pucnik\/#primaryimage"},"thumbnailUrl":"https:\/\/transfereurope.com\/wp-content\/uploads\/2025\/08\/Europe-Destinations-Transfers-388-2-1.jpg","datePublished":"2025-08-06T00:05:24+00:00","description":"Kyvadlov\u00e1 doprava z mesta na letisko Ljubljana (LJU) do vzdialenosti 60 km za 25 min. Transfer z centra \u013dub\u013eany na letisko Jo\u017ea Pu\u010dnika minivanom, VIP, pr\u00e9miov\u00fdm autom spolo\u010dnosti Transfer Europe \u2714Ve\u013ek\u00e1 flotila \u2714VIP taxi \u2714Bezpe\u010dn\u00e1 platba.","breadcrumb":{"@id":"https:\/\/transfereurope.com\/sk\/destinacie\/lublana\/transfer-z-centra-lublany-na-letisko-v-lublane-letisko-joze-pucnik\/#breadcrumb"},"inLanguage":"sk-SK","potentialAction":[{"@type":"ReadAction","target":["https:\/\/transfereurope.com\/sk\/destinacie\/lublana\/transfer-z-centra-lublany-na-letisko-v-lublane-letisko-joze-pucnik\/"]}]},{"@type":"ImageObject","inLanguage":"sk-SK","@id":"https:\/\/transfereurope.com\/sk\/destinacie\/lublana\/transfer-z-centra-lublany-na-letisko-v-lublane-letisko-joze-pucnik\/#primaryimage","url":"https:\/\/transfereurope.com\/wp-content\/uploads\/2025\/08\/Europe-Destinations-Transfers-388-2-1.jpg","contentUrl":"https:\/\/transfereurope.com\/wp-content\/uploads\/2025\/08\/Europe-Destinations-Transfers-388-2-1.jpg","width":1500,"height":2000},{"@type":"BreadcrumbList","@id":"https:\/\/transfereurope.com\/sk\/destinacie\/lublana\/transfer-z-centra-lublany-na-letisko-v-lublane-letisko-joze-pucnik\/#breadcrumb","itemListElement":[{"@type":"ListItem","position":1,"name":"Home","item":"https:\/\/transfereurope.com\/sk\/"},{"@type":"ListItem","position":2,"name":"Transfer z centra \u013dub\u013eany na letisko v \u013dub\u013eane (letisko Jo\u017ee Pu\u010dnik)"}]},{"@type":"WebSite","@id":"https:\/\/transfereurope.com\/sk\/#website","url":"https:\/\/transfereurope.com\/sk\/","name":"transfereurope","description":"","publisher":{"@id":"https:\/\/transfereurope.com\/sk\/#organization"},"potentialAction":[{"@type":"SearchAction","target":{"@type":"EntryPoint","urlTemplate":"https:\/\/transfereurope.com\/sk\/?s={search_term_string}"},"query-input":{"@type":"PropertyValueSpecification","valueRequired":true,"valueName":"search_term_string"}}],"inLanguage":"sk-SK"},{"@type":"Organization","@id":"https:\/\/transfereurope.com\/sk\/#organization","name":"transfereurope","url":"https:\/\/transfereurope.com\/sk\/","logo":{"@type":"ImageObject","inLanguage":"sk-SK","@id":"https:\/\/transfereurope.com\/sk\/#\/schema\/logo\/image\/","url":"https:\/\/transfereurope.com\/wp-content\/uploads\/2025\/08\/TRANSFERS-1655.png","contentUrl":"https:\/\/transfereurope.com\/wp-content\/uploads\/2025\/08\/TRANSFERS-1655.png","width":500,"height":274,"caption":"transfereurope"},"image":{"@id":"https:\/\/transfereurope.com\/sk\/#\/schema\/logo\/image\/"}}]}},"_links":{"self":[{"href":"https:\/\/transfereurope.com\/sk\/wp-json\/wp\/v2\/pages\/82845","targetHints":{"allow":["GET"]}}],"collection":[{"href":"https:\/\/transfereurope.com\/sk\/wp-json\/wp\/v2\/pages"}],"about":[{"href":"https:\/\/transfereurope.com\/sk\/wp-json\/wp\/v2\/types\/page"}],"author":[{"embeddable":true,"href":"https:\/\/transfereurope.com\/sk\/wp-json\/wp\/v2\/users\/1"}],"replies":[{"embeddable":true,"href":"https:\/\/transfereurope.com\/sk\/wp-json\/wp\/v2\/comments?post=82845"}],"version-history":[{"count":0,"href":"https:\/\/transfereurope.com\/sk\/wp-json\/wp\/v2\/pages\/82845\/revisions"}],"up":[{"embeddable":true,"href":"https:\/\/transfereurope.com\/sk\/wp-json\/wp\/v2\/pages\/19953"}],"wp:featuredmedia":[{"embeddable":true,"href":"https:\/\/transfereurope.com\/sk\/wp-json\/wp\/v2\/media\/82846"}],"wp:attachment":[{"href":"https:\/\/transfereurope.com\/sk\/wp-json\/wp\/v2\/media?parent=82845"}],"curies":[{"name":"wp","href":"https:\/\/api.w.org\/{rel}","templated":true}]}}