{"id":82746,"date":"2025-08-06T00:04:31","date_gmt":"2025-08-06T00:04:31","guid":{"rendered":"https:\/\/transfereurope.com\/transfer-z-letiska-v-lublane-letisko-joze-pucnik-do-centra-lublany\/"},"modified":"2025-08-06T00:04:31","modified_gmt":"2025-08-06T00:04:31","slug":"transfer-z-letiska-v-lublane-letisko-joze-pucnik-do-centra-lublany","status":"publish","type":"page","link":"https:\/\/transfereurope.com\/sk\/destinacie\/lublana\/transfer-z-letiska-v-lublane-letisko-joze-pucnik-do-centra-lublany\/","title":{"rendered":"Transfer z letiska v \u013dub\u013eane (letisko Jo\u017ee Pu\u010dnik) do centra \u013dub\u013eany"},"content":{"rendered":"\n<div id=\"t4-masthead\" class=\"t4-section  t4-masthead\">\n<div class=\"t4-col text-center\">\n<div class=\"ja-masthead\" >\n<div class=\"ja-masthead-detail\">\n<h1 class=\"ja-masthead-title\">Transfer z letiska v \u013dub\u013eane (letisko Jo\u017ee Pu\u010dnik) do centra \u013dub\u013eany<\/h1>\n<p>                 <!---->            <\/p>\n<div class=\"block-breadcrumb\">                       <\/div>\n<\/p><\/div>\n<\/p><\/div>\n<pre><\/pre>\n<\/div>\n<\/div>\n<div id=\"t4-main-body\" class=\"t4-section  t4-main-body\" role=\"main body\">\n<div class=\"t4-section-inner container\">\n<div class=\"t4-row row\">\n<div class=\"t4-col col-12 col-xl\">\n<div id=\"system-message-container\"> \t<\/div>\n<p>       <script type=\"text\/javascript\" ><\/script> <\/p>\n<div class=\"com-content-article item-page view-tour-detail\">\n<div class=\"tour-top-info clearfix\">\n<div class=\"pull-left\">\n<div class=\"category-article-dot\">\n<div class=\"category-name\"> \t\t\t\t\t<a href=\"\/sk\/destinacie\/lublana\" itemprop=\"genre\">\u013dub\u013eana Osobn\u00e1 preprava<\/a> \t\t\t\t<\/div>\n<\/p><\/div>\n<\/p><\/div>\n<div class=\"pull-right\">\n<div class=\"text-danger tour-price\"> \t\t\t\t\t\t<a href=\"\/sk\/rezervovat-transfer\">Rezervova\u0165<\/a><\/div>\n<\/p><\/div>\n<\/p><\/div>\n<p>  \t <!--\t-->  \t<\/p>\n<div class=\"vm-product-container\">\n<figure class=\"pull-left item-image\">\n<div class=\"main-image\"> \t\t<a title=\"Ljubljana Airport (Jo\u017ee Pu\u010dnik Airport) to Ljubljana center Transfer Service\" rel='vm-additional-images' href=\"\/images\/virtuemart\/product\/Europe Destinations Transfers (3)34.jpg\"><img decoding=\"async\"  loading=\"lazy\"  src=\"\/wp-content\/uploads\/2025\/08\/Europe-Destinations-Transfers-334-8.jpg\"  alt=\"Ljubljana Airport (Jo\u017ee Pu\u010dnik Airport) to Ljubljana center Transfer Service\"  \/><\/a>\t\t<\/p>\n<div class=\"clear\"><\/div>\n<\/p><\/div>\n<\/figure>\n<div class=\"vm-product-details-container\">\n<div class=\"spacer-buy-area\">    \t\t \t\t<\/div>\n<\/p><\/div>\n<div class=\"clear\"><\/div>\n<\/p><\/div>\n<div class=\"product-description\" >\n<p>Vitajte v najpohodlnej\u0161ej a najspo\u013eahlivej\u0161ej dopravnej slu\u017ebe z letiska \u013dub\u013eana (letisko Jo\u017ee Pu\u010dnik) do centra \u013dub\u013eany! V na\u0161ej \u0161pecializovanej dopravnej slu\u017ebe ch\u00e1peme d\u00f4le\u017eitos\u0165 bezprobl\u00e9movej cesty od okamihu prist\u00e1tia a\u017e do centra \u013dub\u013eany.<\/p>\n<p>Na\u0161a slu\u017eba transferu z letiska do centra \u013dub\u013eany pon\u00faka bezprobl\u00e9mov\u00fa a pohodln\u00fa mo\u017enos\u0165, aby bola va\u0161a cesta \u010do najhlad\u0161ia. Bez oh\u013eadu na to, \u010di cestujete pracovne alebo na dovolenku, n\u00e1\u0161 t\u00edm je odhodlan\u00fd poskytn\u00fa\u0165 v\u00e1m \u0161pi\u010dkov\u00e9 dopravn\u00e9 rie\u0161enia.<\/p>\n<p style=\"text-align: center;\"><a class=\"btn btn-primary\" href=\"\/sk\/rezervovat-transfer-z-na-letisko\">Rezervova\u0165<\/a><\/p>\n<h2 style=\"text-align: center;\"><strong>Pre\u010do si vybra\u0165 na\u0161u slu\u017ebu transferu z letiska Ljubljana (Jo\u017ee Pu\u010dnik Airport) do centra \u013dub\u013eany?<\/strong><\/h2>\n<ul>\n<li><strong>S\u00fakromn\u00fd vodi\u010d:<\/strong>\u00a0Va\u0161e pohodlie a bezpe\u010dnos\u0165 s\u00fa na\u0161imi hlavn\u00fdmi prioritami. Na\u0161i sk\u00fasen\u00ed s\u00fakromn\u00ed vodi\u010di s\u00fa profesion\u00e1li a dobre poznaj\u00fa najlep\u0161ie trasy, aby v\u00e1s efekt\u00edvne dopravili do cie\u013ea.<\/li>\n<li><strong>Pren\u00e1jom auta:<\/strong>\u00a0Pon\u00fakame rozmanit\u00fd vozov\u00fd park dobre udr\u017eiavan\u00fdch vozidiel, ktor\u00e9 vyhovuj\u00fa va\u0161im potreb\u00e1m. Od luxusn\u00fdch vozidiel a\u017e po priestrann\u00e9 SUV &#8211; m\u00e1me pre v\u00e1s ide\u00e1lne vozidlo na cestu.<\/li>\n<li><strong>Spo\u013eahliv\u00e1 doprava:<\/strong>\u00a0U\u017e nikdy sa nemus\u00edte ob\u00e1va\u0165 \u010dakania na tax\u00edk alebo navig\u00e1cie vo verejnej doprave. S na\u0161imi slu\u017ebami si m\u00f4\u017eete odd\u00fdchnu\u0165 s vedom\u00edm, \u017ee va\u0161a preprava je vopred zabezpe\u010den\u00e1.<\/li>\n<li><strong>Servis 24 hod\u00edn denne, 7 dn\u00ed v t\u00fd\u017edni:<\/strong>\u00a0Vieme, \u017ee lety m\u00f4\u017eu priletie\u0165 v ktor\u00fako\u013evek hodinu. Preto je na\u0161a slu\u017eba transferu z letiska k dispoz\u00edcii 24 hod\u00edn denne, 7 dn\u00ed v t\u00fd\u017edni, \u010d\u00edm v\u00e1m zabezpe\u010d\u00edme, \u017ee budete ma\u0165 v\u017edy spo\u013eahliv\u00fa mo\u017enos\u0165 prepravy.<\/li>\n<li><strong>Pohodln\u00e1 rezerv\u00e1cia:<\/strong>\u00a0Rezerv\u00e1cia transferu z letiska \u013dub\u013eana do centra \u013dub\u013eany je jednoduch\u00e1 a m\u00f4\u017eete ju vykona\u0165 vopred. Sta\u010d\u00ed n\u00e1m ozn\u00e1mi\u0165 \u00fadaje o va\u0161om pr\u00edchode a my sa postar\u00e1me o zvy\u0161ok.<\/li>\n<\/ul>\n<h2 style=\"text-align: center;\">\u00a0<\/h2>\n<h2 style=\"text-align: center;\"><strong>Rezerv\u00e1cia transferu z letiska Ljubljana Airport (Jo\u017ee Pu\u010dnik Airport) do centra \u013dub\u013eany\u00a0<\/strong><\/h2>\n<p>Ke\u010f si vyberiete na\u0161u prepravn\u00fa slu\u017ebu, rozhodnete sa pre pohodlie, komfort a pokoj. Za\u010dnite svoju cestu do centra \u013dub\u013eany spr\u00e1vne, so spo\u013eahlivou a profesion\u00e1lnou prepravnou slu\u017ebou. Rezervujte si svoju prepravu u n\u00e1s e\u0161te dnes!<\/p>\n<p style=\"text-align: center;\"><a class=\"btn btn-primary\" href=\"\/sk\/rezervovat-transfer-z-na-letisko\">Rezervova\u0165<\/a><\/p>\n<h2 style=\"text-align: center;\"><b>Ako sa dosta\u0165 z letiska \u013dub\u013eana (Letisko Jo\u017ee Pu\u010dnik) do centra \u013dub\u013eany<\/b><\/h2>\n<p>Cesta z letiska \u013dub\u013eana (Letisko Jo\u017ee Pu\u010dnik) do centra \u013dub\u013eany je jednoduch\u00e1 a pohodln\u00e1. Tu je nieko\u013eko mo\u017enost\u00ed, ktor\u00e9 m\u00f4\u017eete zv\u00e1\u017ei\u0165:<\/p>\n<h3><b>Taxi<\/b><\/h3>\n<p>Na letisku s\u00fa \u013eahko dostupn\u00e9 tax\u00edky, ktor\u00fdmi sa r\u00fdchlo a priamo dostanete do centra \u013dub\u013eany. Cesta trv\u00e1 pribli\u017ene 25-30 min\u00fat v z\u00e1vislosti od dopravn\u00fdch podmienok.<\/p>\n<h3>Kyvadlov\u00e1 doprava<\/h3>\n<p>Medzi letiskom a centrom \u013dub\u013eany prem\u00e1va nieko\u013eko kyvadlov\u00fdch liniek. Tieto kyvadlov\u00e9 autobusy zvy\u010dajne prem\u00e1vaj\u00fa pod\u013ea pevn\u00e9ho cestovn\u00e9ho poriadku a ich servisn\u00e9 pulty n\u00e1jdete v pr\u00edletovej hale.<\/p>\n<p>\u00a0<\/p>\n<h3>Verejn\u00e1 doprava<\/h3>\n<p>Do centra mesta sa dostanete verejnou autobusovou dopravou, ktor\u00e1 je cenovo v\u00fdhodn\u00e1. Autobusov\u00e9 linky 28 a 29 sp\u00e1jaj\u00fa letisko s hlavnou autobusovou stanicou v \u013dub\u013eane. Cesta m\u00f4\u017ee trva\u0165 trochu dlh\u0161ie, ale je to finan\u010dne v\u00fdhodn\u00e1 vo\u013eba.<\/p>\n<h3>Po\u017ei\u010dov\u0148a \u00e1ut<\/h3>\n<p>Ak d\u00e1vate prednos\u0165 flexibilite a nez\u00e1vislosti, m\u00f4\u017eete si prenaja\u0165 auto na letisku. To v\u00e1m umo\u017en\u00ed presk\u00fama\u0165 \u013dub\u013eanu a jej okolie vlastn\u00fdm tempom. Po\u017ei\u010dovne \u00e1ut sa nach\u00e1dzaj\u00fa v termin\u00e1li letiska.<\/p>\n<h3>S\u00fakromn\u00e9 dopravn\u00e9 slu\u017eby<\/h3>\n<p><span style=\"font-weight: 400;\">Ak chcete zabezpe\u010di\u0165 hladk\u00fd a bezstresov\u00fd presun, m\u00f4\u017eete si vybra\u0165 s\u00fakromn\u00e9 prepravn\u00e9 slu\u017eby, napr\u00edklad prenajat\u00e9 auto s vodi\u010dom. T\u00e1to personalizovan\u00e1 slu\u017eba pon\u00faka komfort a pohodlie a m\u00f4\u017eete si ju rezervova\u0165 vopred, aby na v\u00e1s po pr\u00edchode \u010dakal vodi\u010d..<\/span><\/p>\n<p style=\"text-align: center;\"><a class=\"btn btn-primary\" href=\"\/sk\/rezervovat-transfer-z-na-letisko\">Rezervova\u0165<\/a><\/p>\n<p style=\"text-align: left;\">Bez oh\u013eadu na to, ktor\u00fa mo\u017enos\u0165 si vyberiete, cesta z letiska v \u013dub\u013eane do centra \u013dub\u013eany je jednoduch\u00e1 a \u010doskoro sa ocitnete v centre tohto o\u010daruj\u00faceho slovinsk\u00e9ho hlavn\u00e9ho mesta, pripraven\u00ed spozn\u00e1va\u0165 jeho bohat\u00fa kult\u00faru, hist\u00f3riu a kr\u00e1sne pamiatky. Bezpe\u010dn\u00e9 cestovanie!<\/p>\n<\/p><\/div>\n<div class=\"product-price-container\">\n<div class=\"sale-price\"> \t\t<\/div>\n<\/p><\/div>\n<div class=\"options\"><\/div>\n<div> \t\t<\/div>\n<p>   \t  <script type=\"text\/javascript\" ><\/script>  <script type=\"text\/javascript\" ><\/script>  <script type=\"text\/javascript\" ><\/script> <script type=\"text\/javascript\" ><\/script> <script type=\"text\/javascript\" ><\/script> <script type=\"text\/javascript\" ><\/script> <\/div>\n<p> \t\t<!-- \u041f\u043b\u0430\u0433\u0438\u043d \u0440\u0435\u0439\u0442\u0438\u043d\u0433\u0430 --> <\/p>\n<div class=\"vrvote-body\">\n<ul class=\"vrvote-ul\">\n<li id=\"rating_114\" class=\"current-rating\" style=\"width:98.75%;\"><\/li>\n<li> \t\t\t\t\t\t<a class=\"vr-one-star\" onclick=\"javascript:JSVRvote(114,1,79,16,0)\" href=\"javascript:void(null)\">1<\/a> \t\t\t\t\t<\/li>\n<li> \t\t\t\t\t\t<a class=\"vr-two-stars\" onclick=\"javascript:JSVRvote(114,2,79,16,0)\" href=\"javascript:void(null)\">2<\/a> \t\t\t\t\t<\/li>\n<li> \t\t\t\t\t\t<a class=\"vr-three-stars\" onclick=\"javascript:JSVRvote(114,3,79,16,0)\" href=\"javascript:void(null)\">3<\/a> \t\t\t\t\t<\/li>\n<li> \t\t\t\t\t\t<a class=\"vr-four-stars\" onclick=\"javascript:JSVRvote(114,4,79,16,0)\" href=\"javascript:void(null)\">4<\/a> \t\t\t\t\t<\/li>\n<li> \t\t\t\t\t\t<a class=\"vr-five-stars\" onclick=\"javascript:JSVRvote(114,5,79,16,0)\" href=\"javascript:void(null)\">5<\/a> \t\t\t\t\t<\/li>\n<\/ul><\/div>\n<p> \t\t\t<span id=\"vrvote_114\" class=\"vrvote-count\"><small><\/small><\/span>\t<\/span><script type=\"application\/ld+json\"><\/script>   <\/div>\n<div class=\"t4-col sidebar-r col-12 col-xl-4\">\n<div class=\"t4-module module\" id=\"Mod306\">\n<div class=\"module-inner\">\n<div class=\"module-ct\">\n<div class=\"bannergroup\">\n<div class=\"banneritem\"> \t\t\t\t\t\t\t\t\t\t\t\t\t\t\t\t\t\t\t\t\t\t\t\t\t\t\t\t\t\t\t\t\t\t\t\t\t\t\t\t\t\t\t\t\t\t\t\t\t\t<img \t\t\t\t\t\tsrc=\"\/wp-content\/uploads\/2025\/08\/banner-transfer-europe-sk-461.png\" \t\t\t\t\t\talt=\"Banner-sk\" \t\t\t\t\t\t\t\t\t\t\t\t\t\t\t\t\t\/> \t\t\t\t\t\t\t\t\t\t\t<\/p>\n<div class=\"clr\"><\/div>\n<\/p><\/div>\n<\/p><\/div>\n<\/p><\/div>\n<\/div>\n<\/div><\/div>\n<\/p><\/div>\n<\/div><\/div>\n<div id=\"t4-section-8\" class=\"t4-section  t4-section-8  section-border-top\" role=\"section-8\">\n<div class=\"bg-overlay bg-overlay-image\">&nbsp;<\/div>\n<\/p><\/div>\n<p>  <a href='javascript:' id='back-to-top'><i class='fa fa-chevron-up'><\/i><\/a>                <\/p>\n","protected":false},"excerpt":{"rendered":"<p>Transfer z letiska v \u013dub\u013eane (letisko Jo\u017ee Pu\u010dnik) do centra \u013dub\u013eany \u013dub\u013eana Osobn\u00e1 preprava Rezervova\u0165 Vitajte v najpohodlnej\u0161ej a najspo\u013eahlivej\u0161ej dopravnej slu\u017ebe z letiska \u013dub\u013eana (letisko Jo\u017ee Pu\u010dnik) do centra \u013dub\u013eany! V na\u0161ej \u0161pecializovanej dopravnej slu\u017ebe ch\u00e1peme d\u00f4le\u017eitos\u0165 bezprobl\u00e9movej cesty od okamihu prist\u00e1tia a\u017e do centra \u013dub\u013eany. Na\u0161a slu\u017eba transferu z letiska do centra \u013dub\u013eany [&hellip;]<\/p>\n","protected":false},"author":1,"featured_media":82747,"parent":19953,"menu_order":0,"comment_status":"closed","ping_status":"closed","template":"","meta":{"footnotes":""},"class_list":["post-82746","page","type-page","status-publish","has-post-thumbnail","hentry"],"yoast_head":"<!-- This site is optimized with the Yoast SEO plugin v25.6 - https:\/\/yoast.com\/wordpress\/plugins\/seo\/ -->\n<title>Transfer z letiska \u013dub\u013eana, LJU \u2194 Centrum \u013dub\u013eany<\/title>\n<meta name=\"description\" content=\"Kyvadlov\u00e1 doprava Letisko Ljubljana (LJU). Transfer z letiska Jo\u017ee Pu\u010dnik do \u013dub\u013eany minivanom, VIP, pr\u00e9miov\u00fdm autom \u2714Ve\u013ek\u00e1 flotila \u2714VIP taxi \u2714Bezpe\u010dn\u00e1 platba\" \/>\n<meta name=\"robots\" content=\"index, follow, max-snippet:-1, max-image-preview:large, max-video-preview:-1\" \/>\n<link rel=\"canonical\" href=\"https:\/\/transfereurope.com\/sk\/destinacie\/lublana\/transfer-z-letiska-v-lublane-letisko-joze-pucnik-do-centra-lublany\/\" \/>\n<meta property=\"og:locale\" content=\"sk_SK\" \/>\n<meta property=\"og:type\" content=\"article\" \/>\n<meta property=\"og:title\" content=\"Transfer z letiska \u013dub\u013eana, LJU \u2194 Centrum \u013dub\u013eany\" \/>\n<meta property=\"og:description\" content=\"Kyvadlov\u00e1 doprava Letisko Ljubljana (LJU). Transfer z letiska Jo\u017ee Pu\u010dnik do \u013dub\u013eany minivanom, VIP, pr\u00e9miov\u00fdm autom \u2714Ve\u013ek\u00e1 flotila \u2714VIP taxi \u2714Bezpe\u010dn\u00e1 platba\" \/>\n<meta property=\"og:url\" content=\"https:\/\/transfereurope.com\/sk\/destinacie\/lublana\/transfer-z-letiska-v-lublane-letisko-joze-pucnik-do-centra-lublany\/\" \/>\n<meta property=\"og:site_name\" content=\"transfereurope\" \/>\n<meta property=\"og:image\" content=\"https:\/\/transfereurope.com\/wp-content\/uploads\/2025\/08\/Europe-Destinations-Transfers-334-8-1.jpg\" \/>\n\t<meta property=\"og:image:width\" content=\"1500\" \/>\n\t<meta property=\"og:image:height\" content=\"2000\" \/>\n\t<meta property=\"og:image:type\" content=\"image\/jpeg\" \/>\n<meta name=\"twitter:card\" content=\"summary_large_image\" \/>\n<meta name=\"twitter:label1\" content=\"Predpokladan\u00fd \u010das \u010d\u00edtania\" \/>\n\t<meta name=\"twitter:data1\" content=\"4 min\u00faty\" \/>\n<script type=\"application\/ld+json\" class=\"yoast-schema-graph\">{\"@context\":\"https:\/\/schema.org\",\"@graph\":[{\"@type\":\"WebPage\",\"@id\":\"https:\/\/transfereurope.com\/sk\/destinacie\/lublana\/transfer-z-letiska-v-lublane-letisko-joze-pucnik-do-centra-lublany\/\",\"url\":\"https:\/\/transfereurope.com\/sk\/destinacie\/lublana\/transfer-z-letiska-v-lublane-letisko-joze-pucnik-do-centra-lublany\/\",\"name\":\"Transfer z letiska \u013dub\u013eana, LJU \u2194 Centrum \u013dub\u013eany\",\"isPartOf\":{\"@id\":\"https:\/\/transfereurope.com\/sk\/#website\"},\"primaryImageOfPage\":{\"@id\":\"https:\/\/transfereurope.com\/sk\/destinacie\/lublana\/transfer-z-letiska-v-lublane-letisko-joze-pucnik-do-centra-lublany\/#primaryimage\"},\"image\":{\"@id\":\"https:\/\/transfereurope.com\/sk\/destinacie\/lublana\/transfer-z-letiska-v-lublane-letisko-joze-pucnik-do-centra-lublany\/#primaryimage\"},\"thumbnailUrl\":\"https:\/\/transfereurope.com\/wp-content\/uploads\/2025\/08\/Europe-Destinations-Transfers-334-8-1.jpg\",\"datePublished\":\"2025-08-06T00:04:31+00:00\",\"description\":\"Kyvadlov\u00e1 doprava Letisko Ljubljana (LJU). Transfer z letiska Jo\u017ee Pu\u010dnik do \u013dub\u013eany minivanom, VIP, pr\u00e9miov\u00fdm autom \u2714Ve\u013ek\u00e1 flotila \u2714VIP taxi \u2714Bezpe\u010dn\u00e1 platba\",\"breadcrumb\":{\"@id\":\"https:\/\/transfereurope.com\/sk\/destinacie\/lublana\/transfer-z-letiska-v-lublane-letisko-joze-pucnik-do-centra-lublany\/#breadcrumb\"},\"inLanguage\":\"sk-SK\",\"potentialAction\":[{\"@type\":\"ReadAction\",\"target\":[\"https:\/\/transfereurope.com\/sk\/destinacie\/lublana\/transfer-z-letiska-v-lublane-letisko-joze-pucnik-do-centra-lublany\/\"]}]},{\"@type\":\"ImageObject\",\"inLanguage\":\"sk-SK\",\"@id\":\"https:\/\/transfereurope.com\/sk\/destinacie\/lublana\/transfer-z-letiska-v-lublane-letisko-joze-pucnik-do-centra-lublany\/#primaryimage\",\"url\":\"https:\/\/transfereurope.com\/wp-content\/uploads\/2025\/08\/Europe-Destinations-Transfers-334-8-1.jpg\",\"contentUrl\":\"https:\/\/transfereurope.com\/wp-content\/uploads\/2025\/08\/Europe-Destinations-Transfers-334-8-1.jpg\",\"width\":1500,\"height\":2000},{\"@type\":\"BreadcrumbList\",\"@id\":\"https:\/\/transfereurope.com\/sk\/destinacie\/lublana\/transfer-z-letiska-v-lublane-letisko-joze-pucnik-do-centra-lublany\/#breadcrumb\",\"itemListElement\":[{\"@type\":\"ListItem\",\"position\":1,\"name\":\"Home\",\"item\":\"https:\/\/transfereurope.com\/sk\/\"},{\"@type\":\"ListItem\",\"position\":2,\"name\":\"Transfer z letiska v \u013dub\u013eane (letisko Jo\u017ee Pu\u010dnik) do centra \u013dub\u013eany\"}]},{\"@type\":\"WebSite\",\"@id\":\"https:\/\/transfereurope.com\/sk\/#website\",\"url\":\"https:\/\/transfereurope.com\/sk\/\",\"name\":\"transfereurope\",\"description\":\"\",\"publisher\":{\"@id\":\"https:\/\/transfereurope.com\/sk\/#organization\"},\"potentialAction\":[{\"@type\":\"SearchAction\",\"target\":{\"@type\":\"EntryPoint\",\"urlTemplate\":\"https:\/\/transfereurope.com\/sk\/?s={search_term_string}\"},\"query-input\":{\"@type\":\"PropertyValueSpecification\",\"valueRequired\":true,\"valueName\":\"search_term_string\"}}],\"inLanguage\":\"sk-SK\"},{\"@type\":\"Organization\",\"@id\":\"https:\/\/transfereurope.com\/sk\/#organization\",\"name\":\"transfereurope\",\"url\":\"https:\/\/transfereurope.com\/sk\/\",\"logo\":{\"@type\":\"ImageObject\",\"inLanguage\":\"sk-SK\",\"@id\":\"https:\/\/transfereurope.com\/sk\/#\/schema\/logo\/image\/\",\"url\":\"https:\/\/transfereurope.com\/wp-content\/uploads\/2025\/08\/TRANSFERS-1655.png\",\"contentUrl\":\"https:\/\/transfereurope.com\/wp-content\/uploads\/2025\/08\/TRANSFERS-1655.png\",\"width\":500,\"height\":274,\"caption\":\"transfereurope\"},\"image\":{\"@id\":\"https:\/\/transfereurope.com\/sk\/#\/schema\/logo\/image\/\"}}]}<\/script>\n<!-- \/ Yoast SEO plugin. -->","yoast_head_json":{"title":"Transfer z letiska \u013dub\u013eana, LJU \u2194 Centrum \u013dub\u013eany","description":"Kyvadlov\u00e1 doprava Letisko Ljubljana (LJU). Transfer z letiska Jo\u017ee Pu\u010dnik do \u013dub\u013eany minivanom, VIP, pr\u00e9miov\u00fdm autom \u2714Ve\u013ek\u00e1 flotila \u2714VIP taxi \u2714Bezpe\u010dn\u00e1 platba","robots":{"index":"index","follow":"follow","max-snippet":"max-snippet:-1","max-image-preview":"max-image-preview:large","max-video-preview":"max-video-preview:-1"},"canonical":"https:\/\/transfereurope.com\/sk\/destinacie\/lublana\/transfer-z-letiska-v-lublane-letisko-joze-pucnik-do-centra-lublany\/","og_locale":"sk_SK","og_type":"article","og_title":"Transfer z letiska \u013dub\u013eana, LJU \u2194 Centrum \u013dub\u013eany","og_description":"Kyvadlov\u00e1 doprava Letisko Ljubljana (LJU). Transfer z letiska Jo\u017ee Pu\u010dnik do \u013dub\u013eany minivanom, VIP, pr\u00e9miov\u00fdm autom \u2714Ve\u013ek\u00e1 flotila \u2714VIP taxi \u2714Bezpe\u010dn\u00e1 platba","og_url":"https:\/\/transfereurope.com\/sk\/destinacie\/lublana\/transfer-z-letiska-v-lublane-letisko-joze-pucnik-do-centra-lublany\/","og_site_name":"transfereurope","og_image":[{"width":1500,"height":2000,"url":"https:\/\/transfereurope.com\/wp-content\/uploads\/2025\/08\/Europe-Destinations-Transfers-334-8-1.jpg","type":"image\/jpeg"}],"twitter_card":"summary_large_image","twitter_misc":{"Predpokladan\u00fd \u010das \u010d\u00edtania":"4 min\u00faty"},"schema":{"@context":"https:\/\/schema.org","@graph":[{"@type":"WebPage","@id":"https:\/\/transfereurope.com\/sk\/destinacie\/lublana\/transfer-z-letiska-v-lublane-letisko-joze-pucnik-do-centra-lublany\/","url":"https:\/\/transfereurope.com\/sk\/destinacie\/lublana\/transfer-z-letiska-v-lublane-letisko-joze-pucnik-do-centra-lublany\/","name":"Transfer z letiska \u013dub\u013eana, LJU \u2194 Centrum \u013dub\u013eany","isPartOf":{"@id":"https:\/\/transfereurope.com\/sk\/#website"},"primaryImageOfPage":{"@id":"https:\/\/transfereurope.com\/sk\/destinacie\/lublana\/transfer-z-letiska-v-lublane-letisko-joze-pucnik-do-centra-lublany\/#primaryimage"},"image":{"@id":"https:\/\/transfereurope.com\/sk\/destinacie\/lublana\/transfer-z-letiska-v-lublane-letisko-joze-pucnik-do-centra-lublany\/#primaryimage"},"thumbnailUrl":"https:\/\/transfereurope.com\/wp-content\/uploads\/2025\/08\/Europe-Destinations-Transfers-334-8-1.jpg","datePublished":"2025-08-06T00:04:31+00:00","description":"Kyvadlov\u00e1 doprava Letisko Ljubljana (LJU). Transfer z letiska Jo\u017ee Pu\u010dnik do \u013dub\u013eany minivanom, VIP, pr\u00e9miov\u00fdm autom \u2714Ve\u013ek\u00e1 flotila \u2714VIP taxi \u2714Bezpe\u010dn\u00e1 platba","breadcrumb":{"@id":"https:\/\/transfereurope.com\/sk\/destinacie\/lublana\/transfer-z-letiska-v-lublane-letisko-joze-pucnik-do-centra-lublany\/#breadcrumb"},"inLanguage":"sk-SK","potentialAction":[{"@type":"ReadAction","target":["https:\/\/transfereurope.com\/sk\/destinacie\/lublana\/transfer-z-letiska-v-lublane-letisko-joze-pucnik-do-centra-lublany\/"]}]},{"@type":"ImageObject","inLanguage":"sk-SK","@id":"https:\/\/transfereurope.com\/sk\/destinacie\/lublana\/transfer-z-letiska-v-lublane-letisko-joze-pucnik-do-centra-lublany\/#primaryimage","url":"https:\/\/transfereurope.com\/wp-content\/uploads\/2025\/08\/Europe-Destinations-Transfers-334-8-1.jpg","contentUrl":"https:\/\/transfereurope.com\/wp-content\/uploads\/2025\/08\/Europe-Destinations-Transfers-334-8-1.jpg","width":1500,"height":2000},{"@type":"BreadcrumbList","@id":"https:\/\/transfereurope.com\/sk\/destinacie\/lublana\/transfer-z-letiska-v-lublane-letisko-joze-pucnik-do-centra-lublany\/#breadcrumb","itemListElement":[{"@type":"ListItem","position":1,"name":"Home","item":"https:\/\/transfereurope.com\/sk\/"},{"@type":"ListItem","position":2,"name":"Transfer z letiska v \u013dub\u013eane (letisko Jo\u017ee Pu\u010dnik) do centra \u013dub\u013eany"}]},{"@type":"WebSite","@id":"https:\/\/transfereurope.com\/sk\/#website","url":"https:\/\/transfereurope.com\/sk\/","name":"transfereurope","description":"","publisher":{"@id":"https:\/\/transfereurope.com\/sk\/#organization"},"potentialAction":[{"@type":"SearchAction","target":{"@type":"EntryPoint","urlTemplate":"https:\/\/transfereurope.com\/sk\/?s={search_term_string}"},"query-input":{"@type":"PropertyValueSpecification","valueRequired":true,"valueName":"search_term_string"}}],"inLanguage":"sk-SK"},{"@type":"Organization","@id":"https:\/\/transfereurope.com\/sk\/#organization","name":"transfereurope","url":"https:\/\/transfereurope.com\/sk\/","logo":{"@type":"ImageObject","inLanguage":"sk-SK","@id":"https:\/\/transfereurope.com\/sk\/#\/schema\/logo\/image\/","url":"https:\/\/transfereurope.com\/wp-content\/uploads\/2025\/08\/TRANSFERS-1655.png","contentUrl":"https:\/\/transfereurope.com\/wp-content\/uploads\/2025\/08\/TRANSFERS-1655.png","width":500,"height":274,"caption":"transfereurope"},"image":{"@id":"https:\/\/transfereurope.com\/sk\/#\/schema\/logo\/image\/"}}]}},"_links":{"self":[{"href":"https:\/\/transfereurope.com\/sk\/wp-json\/wp\/v2\/pages\/82746","targetHints":{"allow":["GET"]}}],"collection":[{"href":"https:\/\/transfereurope.com\/sk\/wp-json\/wp\/v2\/pages"}],"about":[{"href":"https:\/\/transfereurope.com\/sk\/wp-json\/wp\/v2\/types\/page"}],"author":[{"embeddable":true,"href":"https:\/\/transfereurope.com\/sk\/wp-json\/wp\/v2\/users\/1"}],"replies":[{"embeddable":true,"href":"https:\/\/transfereurope.com\/sk\/wp-json\/wp\/v2\/comments?post=82746"}],"version-history":[{"count":0,"href":"https:\/\/transfereurope.com\/sk\/wp-json\/wp\/v2\/pages\/82746\/revisions"}],"up":[{"embeddable":true,"href":"https:\/\/transfereurope.com\/sk\/wp-json\/wp\/v2\/pages\/19953"}],"wp:featuredmedia":[{"embeddable":true,"href":"https:\/\/transfereurope.com\/sk\/wp-json\/wp\/v2\/media\/82747"}],"wp:attachment":[{"href":"https:\/\/transfereurope.com\/sk\/wp-json\/wp\/v2\/media?parent=82746"}],"curies":[{"name":"wp","href":"https:\/\/api.w.org\/{rel}","templated":true}]}}