{"id":82647,"date":"2025-08-06T00:03:39","date_gmt":"2025-08-06T00:03:39","guid":{"rendered":"https:\/\/transfereurope.com\/transfer-z-jazera-bled-slovinsko-do-lublany\/"},"modified":"2025-08-06T00:03:39","modified_gmt":"2025-08-06T00:03:39","slug":"transfer-z-jazera-bled-slovinsko-do-lublany","status":"publish","type":"page","link":"https:\/\/transfereurope.com\/sk\/destinacie\/lublana\/transfer-z-jazera-bled-slovinsko-do-lublany\/","title":{"rendered":"Transfer z jazera Bled, Slovinsko do \u013dub\u013eany"},"content":{"rendered":"\n<div id=\"t4-masthead\" class=\"t4-section  t4-masthead\">\n<div class=\"t4-col text-center\">\n<div class=\"ja-masthead\" >\n<div class=\"ja-masthead-detail\">\n<h1 class=\"ja-masthead-title\">Transfer z jazera Bled, Slovinsko do \u013dub\u013eany<\/h1>\n<p>                 <!---->            <\/p>\n<div class=\"block-breadcrumb\">                       <\/div>\n<\/p><\/div>\n<\/p><\/div>\n<pre><\/pre>\n<\/div>\n<\/div>\n<div id=\"t4-main-body\" class=\"t4-section  t4-main-body\" role=\"main body\">\n<div class=\"t4-section-inner container\">\n<div class=\"t4-row row\">\n<div class=\"t4-col col-12 col-xl\">\n<div id=\"system-message-container\"> \t<\/div>\n<p>       <script type=\"text\/javascript\" ><\/script> <\/p>\n<div class=\"com-content-article item-page view-tour-detail\">\n<div class=\"tour-top-info clearfix\">\n<div class=\"pull-left\">\n<div class=\"category-article-dot\">\n<div class=\"category-name\"> \t\t\t\t\t<a href=\"\/sk\/destinacie\/lublana\" itemprop=\"genre\">\u013dub\u013eana Osobn\u00e1 preprava<\/a> \t\t\t\t<\/div>\n<\/p><\/div>\n<\/p><\/div>\n<div class=\"pull-right\">\n<div class=\"text-danger tour-price\"> \t\t\t\t\t\t<a href=\"\/sk\/rezervovat-transfer\">Rezervova\u0165<\/a><\/div>\n<\/p><\/div>\n<\/p><\/div>\n<p>  \t <!--\t-->  \t<\/p>\n<div class=\"vm-product-container\">\n<figure class=\"pull-left item-image\">\n<div class=\"main-image\"> \t\t<a title=\"Lake Bled, Slovenia to Ljubljana Transfer Service\" rel='vm-additional-images' href=\"\/images\/virtuemart\/product\/Europe Destinations Transfers (4)316.jpg\"><img decoding=\"async\"  loading=\"lazy\"  src=\"\/wp-content\/uploads\/2025\/08\/Europe-Destinations-Transfers-4316-2.jpg\"  alt=\"Lake Bled, Slovenia to Ljubljana Transfer Service\"  \/><\/a>\t\t<\/p>\n<div class=\"clear\"><\/div>\n<\/p><\/div>\n<\/figure>\n<div class=\"vm-product-details-container\">\n<div class=\"spacer-buy-area\">    \t\t \t\t<\/div>\n<\/p><\/div>\n<div class=\"clear\"><\/div>\n<\/p><\/div>\n<div class=\"product-description\" >\n<p>Pl\u00e1nujete cestu z o\u010daruj\u00faceho brehu jazera Bled do \u017eiv\u00e9ho hlavn\u00e9ho mesta Slovinska, \u013dub\u013eany? U\u017e nemus\u00edte h\u013eada\u0165 \u010falej &#8211; na\u0161a pr\u00e9miov\u00e1 prepravn\u00e1 slu\u017eba je tu, aby zabezpe\u010dila, \u017ee v\u00e1\u0161 transfer bude plynul\u00fd, pohodln\u00fd a bez stresu.<\/p>\n<p style=\"text-align: center;\"><a class=\"btn btn-primary\" href=\"\/sk\/rezervovat-transfer\">Rezervova\u0165<\/a><\/p>\n<h2 style=\"text-align: center;\"><strong>Pre\u010do si vybra\u0165 n\u00e1\u0161 transfer z Bledsk\u00e9ho jazera, Slovinsko do \u013dub\u013eany?<\/strong><\/h2>\n<ul>\n<li><strong>Pohodlie:<\/strong>\u00a0Ch\u00e1peme, \u017ee spo\u013eahliv\u00fd sp\u00f4sob dopravy je pre va\u0161u cestu nevyhnutn\u00fd. S na\u0161\u00edm s\u00fakromn\u00fdm vodi\u010dom a pohodln\u00fdm pren\u00e1jmom vozidla sa m\u00f4\u017eete pohodlne usadi\u0165 a relaxova\u0165, zatia\u013e \u010do my sa postar\u00e1me o v\u00e1\u0161 transfer.<\/li>\n<li><strong>Individu\u00e1lne slu\u017eby:<\/strong>\u00a0N\u00e1\u0161 s\u00fakromn\u00fd vodi\u010d nie je len \u0161of\u00e9r, ale aj priate\u013esk\u00e1 tv\u00e1r pripraven\u00e1 v\u00e1m pom\u00f4c\u0165. Zabezpe\u010d\u00ed, aby bol v\u00e1\u0161 transfer z Bledsk\u00e9ho jazera do \u013dub\u013eany nezabudnute\u013en\u00fdm a pr\u00edjemn\u00fdm z\u00e1\u017eitkom.<\/li>\n<li><strong>V\u010dasn\u00fd pr\u00edchod:<\/strong>\u00a0Dochv\u00ed\u013enos\u0165 je na\u0161ou prioritou. Ke\u010f si objedn\u00e1te dopravu u n\u00e1s, m\u00f4\u017eete sa spo\u013eahn\u00fa\u0165, \u017ee va\u0161a prepravn\u00e1 slu\u017eba pr\u00edde presne na\u010das, tak\u017ee sa nikdy nebudete musie\u0165 ob\u00e1va\u0165, \u017ee zme\u0161k\u00e1te svoje spoje alebo stretnutia.<\/li>\n<li><strong>Pohodlie a \u0161t\u00fdl:<\/strong>\u00a0Na\u0161a flotila dobre udr\u017eiavan\u00fdch vozidiel pon\u00faka pohodlie aj \u0161t\u00fdl, tak\u017ee va\u0161a cesta nebude len transferom, ale pr\u00edjemnou s\u00fa\u010das\u0165ou v\u00e1\u0161ho cestovania.<\/li>\n<li><strong>Bezpe\u010dnos\u0165:<\/strong>\u00a0Bezpe\u010dnos\u0165 je prvorad\u00e1 a my prij\u00edmame v\u0161etky potrebn\u00e9 opatrenia, aby bola va\u0161a cesta bezpe\u010dn\u00e1. Na\u0161e s\u00fakromn\u00e9 prepravn\u00e9 slu\u017eby dodr\u017eiavaj\u00fa v\u0161etky bezpe\u010dnostn\u00e9 predpisy a smernice.<\/li>\n<li><strong>Cenov\u00e1 dostupnos\u0165:<\/strong>\u00a0Kvalita a cenov\u00e1 dostupnos\u0165 id\u00fa u n\u00e1s ruka v ruke. V\u010faka na\u0161im konkuren\u010dn\u00fdm cen\u00e1m je s\u00fakromn\u00fd pren\u00e1jom vozidla na prepravu z jazera Bled do \u013dub\u013eany dostupn\u00fd pre v\u0161etk\u00fdch cestuj\u00facich.<\/li>\n<\/ul>\n<h2 style=\"text-align: center;\">\u00a0<\/h2>\n<h2 style=\"text-align: center;\"><strong>Rezerv\u00e1cia transferu z Bled, Slovinsko do \u013dub\u013eany\u00a0<\/strong><\/h2>\n<p>Rezerv\u00e1cia s\u00fakromn\u00e9ho auta na prepravu z Bledu do \u013dub\u013eany u\u017e nem\u00f4\u017ee by\u0165 jednoduch\u0161ia. Sta\u010d\u00ed n\u00e1m poskytn\u00fa\u0165 \u00fadaje o va\u0161ej ceste a my sa postar\u00e1me o zvy\u0161ok. \u010ci u\u017e cestujete pracovne, na dovolenku alebo na \u0161peci\u00e1lnu pr\u00edle\u017eitos\u0165, na\u0161e slu\u017eby s\u00fa navrhnut\u00e9 tak, aby sp\u013a\u0148ali va\u0161e potreby.<\/p>\n<p>Tak\u017ee sa pohodlne usa\u010fte, uvo\u013enite sa a nechajte sa odviez\u0165 od \u00fa\u017easn\u00e9ho jazera Bled a\u017e do centra \u013dub\u013eany. Rezervujte si u n\u00e1s pren\u00e1jom s\u00fakromn\u00e9ho vozidla e\u0161te dnes a vysk\u00fa\u0161ajte pohodlie a komfort na\u0161ich \u0161pi\u010dkov\u00fdch prepravn\u00fdch slu\u017eieb. Va\u0161a cesta sa za\u010d\u00edna tu!<\/p>\n<p style=\"text-align: center;\"><a class=\"btn btn-primary\" href=\"\/sk\/rezervovat-transfer\">Rezervova\u0165<\/a><\/p>\n<h2 style=\"text-align: center;\"><b>Ako sa dosta\u0165 z Bledsk\u00e9ho jazera, Slovinsko do \u013dub\u013eany<\/b><\/h2>\n<p>Ke\u010f sa ocitnete pri malebnom jazere Bled a rozhodnete sa, \u017ee je \u010das presk\u00fama\u0165 \u017eiv\u00e9 hlavn\u00e9 mesto Slovinska \u013dub\u013eanu, m\u00e1te na v\u00fdber z nieko\u013ek\u00fdch mo\u017enost\u00ed dopravy. Tu je v\u00e1\u0161 dokonal\u00fd sprievodca, ako sa dosta\u0165 od jazera Bled do \u013dub\u013eany:<\/p>\n<h3>Automobilom<\/h3>\n<p><strong>Pren\u00e1jom auta:<\/strong>\u00a0Najflexibilnej\u0161\u00edm sp\u00f4sobom, ako cestova\u0165 z Bledsk\u00e9ho jazera do \u013dub\u013eany, je prenaja\u0165 si auto. T\u00e1to mo\u017enos\u0165 v\u00e1m umo\u017en\u00ed objavova\u0165 krajinu vlastn\u00fdm tempom a d\u00e1 v\u00e1m slobodu zastavova\u0165 sa po ceste a obdivova\u0165 n\u00e1dhern\u00fa slovinsk\u00fa pr\u00edrodu.<\/p>\n<h3>Autobusom<\/h3>\n<p><strong>Pravideln\u00e1 autobusov\u00e1 doprava:<\/strong>\u00a0Bledsk\u00e9 jazero je dobre prepojen\u00e9 s \u013dub\u013eanou spo\u013eahlivou sie\u0165ou autobusov\u00fdch liniek. Viacer\u00e9 autobusov\u00e9 spolo\u010dnosti prev\u00e1dzkuj\u00fa pravideln\u00e9 linky medzi t\u00fdmito dvoma destin\u00e1ciami, \u010do z nich rob\u00ed pohodln\u00fa a cenovo v\u00fdhodn\u00fa vo\u013ebu.<\/p>\n<h3>Vlakom<\/h3>\n<p><strong>\u017delezni\u010dn\u00e1 stanica Bled Jezero:<\/strong>\u00a0Na \u017eelezni\u010dn\u00fa stanicu Bled Jezero sa m\u00f4\u017eete dosta\u0165 autobusom alebo tax\u00edkom a nast\u00fapi\u0165 na vlak do \u013dub\u013eany. Cesta vlakom pon\u00faka malebn\u00fd v\u00fdh\u013ead na slovinsk\u00fa krajinu a je pre cestuj\u00facich relaxa\u010dnou mo\u017enos\u0165ou.<\/p>\n<p>\u00a0<\/p>\n<h3>Kyvadlovou dopravou<\/h3>\n<p><strong>Kyvadlov\u00e1 doprava na letisko:<\/strong>\u00a0Ak prilietate do Slovinska cez letisko Jo\u017ee Pu\u010dnik v \u013dub\u013eane, m\u00f4\u017eete vyu\u017ei\u0165 letiskov\u00fa kyvadlov\u00fa dopravu, ktor\u00e1 v\u00e1s odvezie priamo z letiska k jazeru Bled alebo naopak. T\u00e1to mo\u017enos\u0165 je v\u00fdhodn\u00e1 pre zahrani\u010dn\u00fdch cestuj\u00facich.<\/p>\n<h3>S\u00fakromn\u00fdm transferom<\/h3>\n<p><strong>S\u00fakromn\u00e1 automobilov\u00e1 doprava:<\/strong>\u00a0Pre pohodln\u00fa a bezprobl\u00e9mov\u00fa cestu si m\u00f4\u017eete objedna\u0165 s\u00fakromn\u00fd transfer z Bledsk\u00e9ho jazera do \u013dub\u013eany. Profesion\u00e1lny vodi\u010d v\u00e1s vyzdvihne a odvezie priamo do cie\u013ea, \u010d\u00edm v\u00e1m zabezpe\u010d\u00ed bezprobl\u00e9mov\u00fd a individu\u00e1lny z\u00e1\u017eitok z cesty.<\/p>\n<h3>Taxi<\/h3>\n<p><span style=\"font-weight: 400;\"><strong>Taxislu\u017eby:<\/strong>\u00a0Na jazere Bled s\u00fa \u013eahko dostupn\u00e9 tax\u00edky, ktor\u00e9 si m\u00f4\u017eete \u013eahko prenaja\u0165 na priamu cestu do \u013dub\u013eany. Hoci t\u00e1to mo\u017enos\u0165 m\u00f4\u017ee by\u0165 drah\u0161ia ako niektor\u00e9 in\u00e9, pon\u00faka pohodlie od dver\u00ed k dver\u00e1m..<\/span><\/p>\n<h3>Cyklistikou<\/h3>\n<p><strong>Akt\u00edvne cestovanie:<\/strong>\u00a0Ak sa c\u00edtite dobrodru\u017ene a chcete si vychutna\u0165 n\u00e1dhern\u00fa pr\u00edrodu v pokojnom tempe, zv\u00e1\u017ete cestu z Bledsk\u00e9ho jazera do \u013dub\u013eany na bicykli. Cesta meria pribli\u017ene 55 kilometrov a je to fantastick\u00fd sp\u00f4sob, ako sa ponori\u0165 do slovinskej pr\u00edrody.<\/p>\n<p style=\"text-align: center;\"><a class=\"btn btn-primary\" href=\"\/sk\/rezervovat-transfer\">Rezervova\u0165<\/a><\/p>\n<p style=\"text-align: left;\">Bez oh\u013eadu na to, ak\u00fd sp\u00f4sob dopravy si vyberiete, cesta od Bledsk\u00e9ho jazera do \u013dub\u013eany bude nezabudnute\u013enou s\u00fa\u010das\u0165ou v\u00e1\u0161ho slovinsk\u00e9ho dobrodru\u017estva. Vyberte si mo\u017enos\u0165, ktor\u00e1 najlep\u0161ie vyhovuje va\u0161im preferenci\u00e1m, a vydajte sa na pozoruhodn\u00fa cestu z pokojnej kr\u00e1sy jazera Bled do \u017eiv\u00e9ho hlavn\u00e9ho mesta \u013dub\u013eany. Bezpe\u010dn\u00e9 cestovanie!<\/p>\n<\/p><\/div>\n<div class=\"product-price-container\">\n<div class=\"sale-price\"> \t\t<\/div>\n<\/p><\/div>\n<div class=\"options\"><\/div>\n<div> \t\t<\/div>\n<p>   \t  <script type=\"text\/javascript\" ><\/script>  <script type=\"text\/javascript\" ><\/script>  <script type=\"text\/javascript\" ><\/script> <script type=\"text\/javascript\" ><\/script> <script type=\"text\/javascript\" ><\/script> <script type=\"text\/javascript\" ><\/script> <\/div>\n<p> \t\t<!-- \u041f\u043b\u0430\u0433\u0438\u043d \u0440\u0435\u0439\u0442\u0438\u043d\u0433\u0430 --> <\/p>\n<div class=\"vrvote-body\">\n<ul class=\"vrvote-ul\">\n<li id=\"rating_117\" class=\"current-rating\" style=\"width:96.47%;\"><\/li>\n<li> \t\t\t\t\t\t<a class=\"vr-one-star\" onclick=\"javascript:JSVRvote(117,1,82,17,0)\" href=\"javascript:void(null)\">1<\/a> \t\t\t\t\t<\/li>\n<li> \t\t\t\t\t\t<a class=\"vr-two-stars\" onclick=\"javascript:JSVRvote(117,2,82,17,0)\" href=\"javascript:void(null)\">2<\/a> \t\t\t\t\t<\/li>\n<li> \t\t\t\t\t\t<a class=\"vr-three-stars\" onclick=\"javascript:JSVRvote(117,3,82,17,0)\" href=\"javascript:void(null)\">3<\/a> \t\t\t\t\t<\/li>\n<li> \t\t\t\t\t\t<a class=\"vr-four-stars\" onclick=\"javascript:JSVRvote(117,4,82,17,0)\" href=\"javascript:void(null)\">4<\/a> \t\t\t\t\t<\/li>\n<li> \t\t\t\t\t\t<a class=\"vr-five-stars\" onclick=\"javascript:JSVRvote(117,5,82,17,0)\" href=\"javascript:void(null)\">5<\/a> \t\t\t\t\t<\/li>\n<\/ul><\/div>\n<p> \t\t\t<span id=\"vrvote_117\" class=\"vrvote-count\"><small><\/small><\/span>\t<\/span><script type=\"application\/ld+json\"><\/script>   <\/div>\n<div class=\"t4-col sidebar-r col-12 col-xl-4\">\n<div class=\"t4-module module\" id=\"Mod306\">\n<div class=\"module-inner\">\n<div class=\"module-ct\">\n<div class=\"bannergroup\">\n<div class=\"banneritem\"> \t\t\t\t\t\t\t\t\t\t\t\t\t\t\t\t\t\t\t\t\t\t\t\t\t\t\t\t\t\t\t\t\t\t\t\t\t\t\t\t\t\t\t\t\t\t\t\t\t\t<img \t\t\t\t\t\tsrc=\"\/wp-content\/uploads\/2025\/08\/banner-transfer-europe-sk-460.png\" \t\t\t\t\t\talt=\"Banner-sk\" \t\t\t\t\t\t\t\t\t\t\t\t\t\t\t\t\t\/> \t\t\t\t\t\t\t\t\t\t\t<\/p>\n<div class=\"clr\"><\/div>\n<\/p><\/div>\n<\/p><\/div>\n<\/p><\/div>\n<\/div>\n<\/div><\/div>\n<\/p><\/div>\n<\/div><\/div>\n<div id=\"t4-section-8\" class=\"t4-section  t4-section-8  section-border-top\" role=\"section-8\">\n<div class=\"bg-overlay bg-overlay-image\">&nbsp;<\/div>\n<\/p><\/div>\n<p>  <a href='javascript:' id='back-to-top'><i class='fa fa-chevron-up'><\/i><\/a>                <\/p>\n","protected":false},"excerpt":{"rendered":"<p>Transfer z jazera Bled, Slovinsko do \u013dub\u013eany \u013dub\u013eana Osobn\u00e1 preprava Rezervova\u0165 Pl\u00e1nujete cestu z o\u010daruj\u00faceho brehu jazera Bled do \u017eiv\u00e9ho hlavn\u00e9ho mesta Slovinska, \u013dub\u013eany? U\u017e nemus\u00edte h\u013eada\u0165 \u010falej &#8211; na\u0161a pr\u00e9miov\u00e1 prepravn\u00e1 slu\u017eba je tu, aby zabezpe\u010dila, \u017ee v\u00e1\u0161 transfer bude plynul\u00fd, pohodln\u00fd a bez stresu. Rezervova\u0165 Pre\u010do si vybra\u0165 n\u00e1\u0161 transfer z Bledsk\u00e9ho jazera, [&hellip;]<\/p>\n","protected":false},"author":1,"featured_media":82648,"parent":19953,"menu_order":0,"comment_status":"closed","ping_status":"closed","template":"","meta":{"footnotes":""},"class_list":["post-82647","page","type-page","status-publish","has-post-thumbnail","hentry"],"yoast_head":"<!-- This site is optimized with the Yoast SEO plugin v25.6 - https:\/\/yoast.com\/wordpress\/plugins\/seo\/ -->\n<title>Transfer jazero Bled, Slovinsko \u2194 \u013dub\u013eana | Kyvadlov\u00e1 doprava \u013dub\u013eana \u2014 Transfer Europe<\/title>\n<meta name=\"description\" content=\"Kyvadlov\u00e1 doprava jazero Bled-\u013dub\u013eana cez vzdialenos\u0165 35 km za 30 min. Transfer rezerv\u00e1ciou z Bledu, Slovinska do \u013dub\u013eany minivanom, VIP, pr\u00e9miov\u00fdm autom na Transfer Europe \u2714Ve\u013ek\u00fd vozov\u00fd park \u2714VIP taxi \u2714Bezpe\u010dn\u00e1 platba.\" \/>\n<meta name=\"robots\" content=\"index, follow, max-snippet:-1, max-image-preview:large, max-video-preview:-1\" \/>\n<link rel=\"canonical\" href=\"https:\/\/transfereurope.com\/sk\/destinacie\/lublana\/transfer-z-jazera-bled-slovinsko-do-lublany\/\" \/>\n<meta property=\"og:locale\" content=\"sk_SK\" \/>\n<meta property=\"og:type\" content=\"article\" \/>\n<meta property=\"og:title\" content=\"Transfer jazero Bled, Slovinsko \u2194 \u013dub\u013eana | Kyvadlov\u00e1 doprava \u013dub\u013eana \u2014 Transfer Europe\" \/>\n<meta property=\"og:description\" content=\"Kyvadlov\u00e1 doprava jazero Bled-\u013dub\u013eana cez vzdialenos\u0165 35 km za 30 min. Transfer rezerv\u00e1ciou z Bledu, Slovinska do \u013dub\u013eany minivanom, VIP, pr\u00e9miov\u00fdm autom na Transfer Europe \u2714Ve\u013ek\u00fd vozov\u00fd park \u2714VIP taxi \u2714Bezpe\u010dn\u00e1 platba.\" \/>\n<meta property=\"og:url\" content=\"https:\/\/transfereurope.com\/sk\/destinacie\/lublana\/transfer-z-jazera-bled-slovinsko-do-lublany\/\" \/>\n<meta property=\"og:site_name\" content=\"transfereurope\" \/>\n<meta property=\"og:image\" content=\"https:\/\/transfereurope.com\/wp-content\/uploads\/2025\/08\/Europe-Destinations-Transfers-4316-2-1.jpg\" \/>\n\t<meta property=\"og:image:width\" content=\"1500\" \/>\n\t<meta property=\"og:image:height\" content=\"2000\" \/>\n\t<meta property=\"og:image:type\" content=\"image\/jpeg\" \/>\n<meta name=\"twitter:card\" content=\"summary_large_image\" \/>\n<meta name=\"twitter:label1\" content=\"Predpokladan\u00fd \u010das \u010d\u00edtania\" \/>\n\t<meta name=\"twitter:data1\" content=\"5 min\u00fat\" \/>\n<script type=\"application\/ld+json\" class=\"yoast-schema-graph\">{\"@context\":\"https:\/\/schema.org\",\"@graph\":[{\"@type\":\"WebPage\",\"@id\":\"https:\/\/transfereurope.com\/sk\/destinacie\/lublana\/transfer-z-jazera-bled-slovinsko-do-lublany\/\",\"url\":\"https:\/\/transfereurope.com\/sk\/destinacie\/lublana\/transfer-z-jazera-bled-slovinsko-do-lublany\/\",\"name\":\"Transfer jazero Bled, Slovinsko \u2194 \u013dub\u013eana | Kyvadlov\u00e1 doprava \u013dub\u013eana \u2014 Transfer Europe\",\"isPartOf\":{\"@id\":\"https:\/\/transfereurope.com\/sk\/#website\"},\"primaryImageOfPage\":{\"@id\":\"https:\/\/transfereurope.com\/sk\/destinacie\/lublana\/transfer-z-jazera-bled-slovinsko-do-lublany\/#primaryimage\"},\"image\":{\"@id\":\"https:\/\/transfereurope.com\/sk\/destinacie\/lublana\/transfer-z-jazera-bled-slovinsko-do-lublany\/#primaryimage\"},\"thumbnailUrl\":\"https:\/\/transfereurope.com\/wp-content\/uploads\/2025\/08\/Europe-Destinations-Transfers-4316-2-1.jpg\",\"datePublished\":\"2025-08-06T00:03:39+00:00\",\"description\":\"Kyvadlov\u00e1 doprava jazero Bled-\u013dub\u013eana cez vzdialenos\u0165 35 km za 30 min. Transfer rezerv\u00e1ciou z Bledu, Slovinska do \u013dub\u013eany minivanom, VIP, pr\u00e9miov\u00fdm autom na Transfer Europe \u2714Ve\u013ek\u00fd vozov\u00fd park \u2714VIP taxi \u2714Bezpe\u010dn\u00e1 platba.\",\"breadcrumb\":{\"@id\":\"https:\/\/transfereurope.com\/sk\/destinacie\/lublana\/transfer-z-jazera-bled-slovinsko-do-lublany\/#breadcrumb\"},\"inLanguage\":\"sk-SK\",\"potentialAction\":[{\"@type\":\"ReadAction\",\"target\":[\"https:\/\/transfereurope.com\/sk\/destinacie\/lublana\/transfer-z-jazera-bled-slovinsko-do-lublany\/\"]}]},{\"@type\":\"ImageObject\",\"inLanguage\":\"sk-SK\",\"@id\":\"https:\/\/transfereurope.com\/sk\/destinacie\/lublana\/transfer-z-jazera-bled-slovinsko-do-lublany\/#primaryimage\",\"url\":\"https:\/\/transfereurope.com\/wp-content\/uploads\/2025\/08\/Europe-Destinations-Transfers-4316-2-1.jpg\",\"contentUrl\":\"https:\/\/transfereurope.com\/wp-content\/uploads\/2025\/08\/Europe-Destinations-Transfers-4316-2-1.jpg\",\"width\":1500,\"height\":2000},{\"@type\":\"BreadcrumbList\",\"@id\":\"https:\/\/transfereurope.com\/sk\/destinacie\/lublana\/transfer-z-jazera-bled-slovinsko-do-lublany\/#breadcrumb\",\"itemListElement\":[{\"@type\":\"ListItem\",\"position\":1,\"name\":\"Home\",\"item\":\"https:\/\/transfereurope.com\/sk\/\"},{\"@type\":\"ListItem\",\"position\":2,\"name\":\"Transfer z jazera Bled, Slovinsko do \u013dub\u013eany\"}]},{\"@type\":\"WebSite\",\"@id\":\"https:\/\/transfereurope.com\/sk\/#website\",\"url\":\"https:\/\/transfereurope.com\/sk\/\",\"name\":\"transfereurope\",\"description\":\"\",\"publisher\":{\"@id\":\"https:\/\/transfereurope.com\/sk\/#organization\"},\"potentialAction\":[{\"@type\":\"SearchAction\",\"target\":{\"@type\":\"EntryPoint\",\"urlTemplate\":\"https:\/\/transfereurope.com\/sk\/?s={search_term_string}\"},\"query-input\":{\"@type\":\"PropertyValueSpecification\",\"valueRequired\":true,\"valueName\":\"search_term_string\"}}],\"inLanguage\":\"sk-SK\"},{\"@type\":\"Organization\",\"@id\":\"https:\/\/transfereurope.com\/sk\/#organization\",\"name\":\"transfereurope\",\"url\":\"https:\/\/transfereurope.com\/sk\/\",\"logo\":{\"@type\":\"ImageObject\",\"inLanguage\":\"sk-SK\",\"@id\":\"https:\/\/transfereurope.com\/sk\/#\/schema\/logo\/image\/\",\"url\":\"https:\/\/transfereurope.com\/wp-content\/uploads\/2025\/08\/TRANSFERS-1655.png\",\"contentUrl\":\"https:\/\/transfereurope.com\/wp-content\/uploads\/2025\/08\/TRANSFERS-1655.png\",\"width\":500,\"height\":274,\"caption\":\"transfereurope\"},\"image\":{\"@id\":\"https:\/\/transfereurope.com\/sk\/#\/schema\/logo\/image\/\"}}]}<\/script>\n<!-- \/ Yoast SEO plugin. -->","yoast_head_json":{"title":"Transfer jazero Bled, Slovinsko \u2194 \u013dub\u013eana | Kyvadlov\u00e1 doprava \u013dub\u013eana \u2014 Transfer Europe","description":"Kyvadlov\u00e1 doprava jazero Bled-\u013dub\u013eana cez vzdialenos\u0165 35 km za 30 min. Transfer rezerv\u00e1ciou z Bledu, Slovinska do \u013dub\u013eany minivanom, VIP, pr\u00e9miov\u00fdm autom na Transfer Europe \u2714Ve\u013ek\u00fd vozov\u00fd park \u2714VIP taxi \u2714Bezpe\u010dn\u00e1 platba.","robots":{"index":"index","follow":"follow","max-snippet":"max-snippet:-1","max-image-preview":"max-image-preview:large","max-video-preview":"max-video-preview:-1"},"canonical":"https:\/\/transfereurope.com\/sk\/destinacie\/lublana\/transfer-z-jazera-bled-slovinsko-do-lublany\/","og_locale":"sk_SK","og_type":"article","og_title":"Transfer jazero Bled, Slovinsko \u2194 \u013dub\u013eana | Kyvadlov\u00e1 doprava \u013dub\u013eana \u2014 Transfer Europe","og_description":"Kyvadlov\u00e1 doprava jazero Bled-\u013dub\u013eana cez vzdialenos\u0165 35 km za 30 min. Transfer rezerv\u00e1ciou z Bledu, Slovinska do \u013dub\u013eany minivanom, VIP, pr\u00e9miov\u00fdm autom na Transfer Europe \u2714Ve\u013ek\u00fd vozov\u00fd park \u2714VIP taxi \u2714Bezpe\u010dn\u00e1 platba.","og_url":"https:\/\/transfereurope.com\/sk\/destinacie\/lublana\/transfer-z-jazera-bled-slovinsko-do-lublany\/","og_site_name":"transfereurope","og_image":[{"width":1500,"height":2000,"url":"https:\/\/transfereurope.com\/wp-content\/uploads\/2025\/08\/Europe-Destinations-Transfers-4316-2-1.jpg","type":"image\/jpeg"}],"twitter_card":"summary_large_image","twitter_misc":{"Predpokladan\u00fd \u010das \u010d\u00edtania":"5 min\u00fat"},"schema":{"@context":"https:\/\/schema.org","@graph":[{"@type":"WebPage","@id":"https:\/\/transfereurope.com\/sk\/destinacie\/lublana\/transfer-z-jazera-bled-slovinsko-do-lublany\/","url":"https:\/\/transfereurope.com\/sk\/destinacie\/lublana\/transfer-z-jazera-bled-slovinsko-do-lublany\/","name":"Transfer jazero Bled, Slovinsko \u2194 \u013dub\u013eana | Kyvadlov\u00e1 doprava \u013dub\u013eana \u2014 Transfer Europe","isPartOf":{"@id":"https:\/\/transfereurope.com\/sk\/#website"},"primaryImageOfPage":{"@id":"https:\/\/transfereurope.com\/sk\/destinacie\/lublana\/transfer-z-jazera-bled-slovinsko-do-lublany\/#primaryimage"},"image":{"@id":"https:\/\/transfereurope.com\/sk\/destinacie\/lublana\/transfer-z-jazera-bled-slovinsko-do-lublany\/#primaryimage"},"thumbnailUrl":"https:\/\/transfereurope.com\/wp-content\/uploads\/2025\/08\/Europe-Destinations-Transfers-4316-2-1.jpg","datePublished":"2025-08-06T00:03:39+00:00","description":"Kyvadlov\u00e1 doprava jazero Bled-\u013dub\u013eana cez vzdialenos\u0165 35 km za 30 min. Transfer rezerv\u00e1ciou z Bledu, Slovinska do \u013dub\u013eany minivanom, VIP, pr\u00e9miov\u00fdm autom na Transfer Europe \u2714Ve\u013ek\u00fd vozov\u00fd park \u2714VIP taxi \u2714Bezpe\u010dn\u00e1 platba.","breadcrumb":{"@id":"https:\/\/transfereurope.com\/sk\/destinacie\/lublana\/transfer-z-jazera-bled-slovinsko-do-lublany\/#breadcrumb"},"inLanguage":"sk-SK","potentialAction":[{"@type":"ReadAction","target":["https:\/\/transfereurope.com\/sk\/destinacie\/lublana\/transfer-z-jazera-bled-slovinsko-do-lublany\/"]}]},{"@type":"ImageObject","inLanguage":"sk-SK","@id":"https:\/\/transfereurope.com\/sk\/destinacie\/lublana\/transfer-z-jazera-bled-slovinsko-do-lublany\/#primaryimage","url":"https:\/\/transfereurope.com\/wp-content\/uploads\/2025\/08\/Europe-Destinations-Transfers-4316-2-1.jpg","contentUrl":"https:\/\/transfereurope.com\/wp-content\/uploads\/2025\/08\/Europe-Destinations-Transfers-4316-2-1.jpg","width":1500,"height":2000},{"@type":"BreadcrumbList","@id":"https:\/\/transfereurope.com\/sk\/destinacie\/lublana\/transfer-z-jazera-bled-slovinsko-do-lublany\/#breadcrumb","itemListElement":[{"@type":"ListItem","position":1,"name":"Home","item":"https:\/\/transfereurope.com\/sk\/"},{"@type":"ListItem","position":2,"name":"Transfer z jazera Bled, Slovinsko do \u013dub\u013eany"}]},{"@type":"WebSite","@id":"https:\/\/transfereurope.com\/sk\/#website","url":"https:\/\/transfereurope.com\/sk\/","name":"transfereurope","description":"","publisher":{"@id":"https:\/\/transfereurope.com\/sk\/#organization"},"potentialAction":[{"@type":"SearchAction","target":{"@type":"EntryPoint","urlTemplate":"https:\/\/transfereurope.com\/sk\/?s={search_term_string}"},"query-input":{"@type":"PropertyValueSpecification","valueRequired":true,"valueName":"search_term_string"}}],"inLanguage":"sk-SK"},{"@type":"Organization","@id":"https:\/\/transfereurope.com\/sk\/#organization","name":"transfereurope","url":"https:\/\/transfereurope.com\/sk\/","logo":{"@type":"ImageObject","inLanguage":"sk-SK","@id":"https:\/\/transfereurope.com\/sk\/#\/schema\/logo\/image\/","url":"https:\/\/transfereurope.com\/wp-content\/uploads\/2025\/08\/TRANSFERS-1655.png","contentUrl":"https:\/\/transfereurope.com\/wp-content\/uploads\/2025\/08\/TRANSFERS-1655.png","width":500,"height":274,"caption":"transfereurope"},"image":{"@id":"https:\/\/transfereurope.com\/sk\/#\/schema\/logo\/image\/"}}]}},"_links":{"self":[{"href":"https:\/\/transfereurope.com\/sk\/wp-json\/wp\/v2\/pages\/82647","targetHints":{"allow":["GET"]}}],"collection":[{"href":"https:\/\/transfereurope.com\/sk\/wp-json\/wp\/v2\/pages"}],"about":[{"href":"https:\/\/transfereurope.com\/sk\/wp-json\/wp\/v2\/types\/page"}],"author":[{"embeddable":true,"href":"https:\/\/transfereurope.com\/sk\/wp-json\/wp\/v2\/users\/1"}],"replies":[{"embeddable":true,"href":"https:\/\/transfereurope.com\/sk\/wp-json\/wp\/v2\/comments?post=82647"}],"version-history":[{"count":0,"href":"https:\/\/transfereurope.com\/sk\/wp-json\/wp\/v2\/pages\/82647\/revisions"}],"up":[{"embeddable":true,"href":"https:\/\/transfereurope.com\/sk\/wp-json\/wp\/v2\/pages\/19953"}],"wp:featuredmedia":[{"embeddable":true,"href":"https:\/\/transfereurope.com\/sk\/wp-json\/wp\/v2\/media\/82648"}],"wp:attachment":[{"href":"https:\/\/transfereurope.com\/sk\/wp-json\/wp\/v2\/media?parent=82647"}],"curies":[{"name":"wp","href":"https:\/\/api.w.org\/{rel}","templated":true}]}}