{"id":82251,"date":"2025-08-05T23:59:53","date_gmt":"2025-08-05T23:59:53","guid":{"rendered":"https:\/\/transfereurope.com\/transfer-z-letiska-varsava-chopin-do-viedne\/"},"modified":"2025-08-05T23:59:53","modified_gmt":"2025-08-05T23:59:53","slug":"transfer-z-letiska-varsava-chopin-do-viedne","status":"publish","type":"page","link":"https:\/\/transfereurope.com\/sk\/destinacie\/varsava\/transfer-z-letiska-varsava-chopin-do-viedne\/","title":{"rendered":"Transfer z letiska Var\u0161ava-Chopin do Viedne"},"content":{"rendered":"\n<div id=\"t4-masthead\" class=\"t4-section  t4-masthead\">\n<div class=\"t4-col text-center\">\n<div class=\"ja-masthead\" >\n<div class=\"ja-masthead-detail\">\n<h1 class=\"ja-masthead-title\">Transfer z letiska Var\u0161ava-Chopin do Viedne<\/h1>\n<p>                 <!---->            <\/p>\n<div class=\"block-breadcrumb\">                       <\/div>\n<\/p><\/div>\n<\/p><\/div>\n<pre><\/pre>\n<\/div>\n<\/div>\n<div id=\"t4-main-body\" class=\"t4-section  t4-main-body\" role=\"main body\">\n<div class=\"t4-section-inner container\">\n<div class=\"t4-row row\">\n<div class=\"t4-col col-12 col-xl\">\n<div id=\"system-message-container\"> \t<\/div>\n<div class=\"com-content-article item-page view-tour-detail\">\n<div class=\"tour-top-info clearfix\">\n<div class=\"pull-left\">\n<div class=\"category-article-dot\">\n<div class=\"category-name\"> \t\t\t\t\t<a href=\"\/sk\/destinacie\/varsava\" itemprop=\"genre\">Var\u0161ava Osobn\u00e1 preprava<\/a> \t\t\t\t<\/div>\n<\/p><\/div>\n<\/p><\/div>\n<div class=\"pull-right\">\n<div class=\"text-danger tour-price\"> \t\t\t\t\t\t<a href=\"\/sk\/rezervovat-transfer\">Rezervova\u0165<\/a><\/div>\n<\/p><\/div>\n<\/p><\/div>\n<p>  \t <!--\t-->  \t<\/p>\n<div class=\"vm-product-container\">\n<figure class=\"pull-left item-image\">\n<div class=\"main-image\"> \t\t<a title=\"Warsaw-Chopin Airport to Vienna Transfer Service\" rel='vm-additional-images' href=\"\/images\/virtuemart\/product\/Europe Destinations Transfers (1)57.jpg\"><img decoding=\"async\"  loading=\"lazy\"  src=\"\/wp-content\/uploads\/2025\/08\/Europe-Destinations-Transfers-157-2.jpg\"  alt=\"Warsaw-Chopin Airport to Vienna Transfer Service\"  \/><\/a>\t\t<\/p>\n<div class=\"clear\"><\/div>\n<\/p><\/div>\n<\/figure>\n<div class=\"vm-product-details-container\">\n<div class=\"spacer-buy-area\">    \t\t \t\t<\/div>\n<\/p><\/div>\n<div class=\"clear\"><\/div>\n<\/p><\/div>\n<div class=\"product-description\" >\n<div class=\"book-now mt-5\" style=\"text-align: left;\">\n<p>Vitajte na str\u00e1nkach hlavnej prepravnej slu\u017eby pre v\u00e1\u0161 transfer z letiska Var\u0161ava-Chopin do Viedne! V na\u0161ej spolo\u010dnosti sme hrd\u00ed na to, \u017ee pon\u00fakame \u0161pi\u010dkov\u00e9 slu\u017eby s\u00fakromn\u00fdch vozidiel, ktor\u00e9 v\u00e1m zabezpe\u010dia pohodln\u00fa a bezstresov\u00fa cestu medzi t\u00fdmito dvoma kr\u00e1snymi eur\u00f3pskymi mestami.<\/p>\n<p>Ch\u00e1peme d\u00f4le\u017eitos\u0165 presnosti. S na\u0161imi slu\u017ebami transferu sa m\u00f4\u017eete spo\u013eahn\u00fa\u0165 na v\u010dasn\u00e9 vyzdvihnutie a odovzdanie. Budeme tam na v\u00e1s \u010daka\u0165, pripraven\u00ed prepravi\u0165 v\u00e1s do cie\u013ea bez ak\u00e9hoko\u013evek me\u0161kania.<\/p>\n<p style=\"text-align: center;\"><a class=\"btn btn-primary\" href=\"\/sk\/rezervovat-transfer-z-na-letisko\">Rezervova\u0165<\/a><\/p>\n<h2 style=\"text-align: center;\"><strong>Pre\u010do si vybra\u0165 na\u0161u slu\u017ebu transferu z letiska Var\u0161ava-Chopin do Viedne?<\/strong><\/h2>\n<ul>\n<li><strong>Pohodlie:<\/strong>\u00a0Na\u0161e s\u00fakromn\u00e9 auto v\u00e1m umo\u017en\u00ed cestova\u0165 vlastn\u00fdm tempom, zastavova\u0165 po ceste alebo si u\u017e\u00edva\u0165 priamu jazdu bez zast\u00e1vky &#8211; pod\u013ea toho, \u010do v\u00e1m vyhovuje.<\/li>\n<li><strong>Komfort:<\/strong>\u00a0Uvo\u013enite sa v pohodl\u00ed na\u0161ich dobre udr\u017eiavan\u00fdch a priestrann\u00fdch vozidiel. Uprednost\u0148ujeme va\u0161e pohodlie a zabezpe\u010dujeme bezprobl\u00e9mov\u00fd z\u00e1\u017eitok.<\/li>\n<li><strong>Konkuren\u010dn\u00e9 ceny:<\/strong>\u00a0Pon\u00fakame konkurencieschopn\u00e9 ceny za na\u0161e vysokokvalitn\u00e9 slu\u017eby, v\u010faka \u010domu z\u00edskate vynikaj\u00facu hodnotu za svoje peniaze.<\/li>\n<li><strong>Spo\u013eahlivos\u0165:<\/strong>\u00a0V\u010faka n\u00e1\u0161mu z\u00e1v\u00e4zku k dochv\u00ed\u013enosti a profesion\u00e1lnym slu\u017eb\u00e1m sme d\u00f4veryhodnou vo\u013ebou pre va\u0161e potreby transferu z Var\u0161avy do Viedne.<\/li>\n<li><strong>Bezpe\u010dnos\u0165:<\/strong>\u00a0Va\u0161a bezpe\u010dnos\u0165 je na\u0161ou prioritou. M\u00f4\u017eete si by\u0165 ist\u00ed, \u017ee na\u0161e vozidl\u00e1 s\u00fa udr\u017eiavan\u00e9 pod\u013ea najvy\u0161\u0161\u00edch bezpe\u010dnostn\u00fdch \u0161tandardov a na\u0161i vodi\u010di s\u00fa sk\u00fasen\u00ed a zodpovedn\u00ed.<\/li>\n<\/ul>\n<p>\u00a0<\/p>\n<h2 style=\"text-align: center;\"><strong>Rezerv\u00e1cia transferu z letiska Var\u0161ava-Chopin do Viedne\u00a0<\/strong><\/h2>\n<p>\u010ci u\u017e ste obchodn\u00fd cestuj\u00faci, ktor\u00fd h\u013ead\u00e1 bezprobl\u00e9mov\u00e9 rie\u0161enie prepravy, alebo turista, ktor\u00fd h\u013ead\u00e1 pohodln\u00fd a komfortn\u00fd sp\u00f4sob, ako spozna\u0165 Var\u0161avu a Viede\u0148, na\u0161a s\u00fakromn\u00e1 automobilov\u00e1 slu\u017eba je ide\u00e1lnou vo\u013ebou pre va\u0161e potreby.<\/p>\n<p>Nev\u00e1hajte a rezervujte si u n\u00e1s transfer z letiska Var\u0161ava-Chopin do Viedne. Vysk\u00fa\u0161ajte rozdiel spo\u013eahliv\u00fdch, efekt\u00edvnych a pohodln\u00fdch prepravn\u00fdch slu\u017eieb prisp\u00f4soben\u00fdch va\u0161im potreb\u00e1m. Kontaktujte n\u00e1s e\u0161te dnes a dohodnite si pren\u00e1jom s\u00fakromn\u00e9ho vozidla, aby sme sa postarali o va\u0161e po\u017eiadavky na prepravu. Va\u0161a cesta z Var\u0161avy do Viedne sa za\u010d\u00edna tu!<\/p>\n<p style=\"text-align: center;\"><a class=\"btn btn-primary\" href=\"\/sk\/rezervovat-transfer-z-na-letisko\">Rezervova\u0165<\/a><\/p>\n<h2 style=\"text-align: center;\"><b>Ako sa dosta\u0165 z letiska Var\u0161ava-Chopin do Viedne<\/b><\/h2>\n<p>Cesta z letiska Var\u0161ava-Chopin do Viedne je jednoduch\u00e1 a m\u00f4\u017eete si vybra\u0165 z nieko\u013ek\u00fdch pohodln\u00fdch mo\u017enost\u00ed:<\/p>\n<h3>Lety<\/h3>\n<p>Najr\u00fdchlej\u0161ie sa z Var\u0161avy do Viedne dostanete priamym letom. Nieko\u013eko leteck\u00fdch spolo\u010dnost\u00ed denne prev\u00e1dzkuje lety z letiska Var\u0161ava-Chopin na medzin\u00e1rodn\u00e9 letisko Viede\u0148, \u010do pon\u00faka r\u00fdchlu a efekt\u00edvnu mo\u017enos\u0165 pre cestuj\u00facich.<\/p>\n<h3>Vlak<\/h3>\n<p>Ak uprednost\u0148ujete vyhliadkov\u00fa trasu a m\u00e1te trochu viac \u010dasu, m\u00f4\u017eete sa z Var\u0161avy do Viedne prepravi\u0165 vlakom. Mus\u00edte nast\u00fapi\u0165 na vlak z hlavnej vlakovej stanice Var\u0161ava Centralna na viedensk\u00fa hlavn\u00fa stanicu Hauptbahnhof. T\u00e1to mo\u017enos\u0165 poskytuje jedine\u010dn\u00fa pr\u00edle\u017eitos\u0165 vychutna\u0165 si kr\u00e1snu krajinu po ceste.<\/p>\n<p>\u00a0<\/p>\n<h3>Autobus<\/h3>\n<p>Pre t\u00fdch, ktor\u00ed h\u013eadaj\u00fa ekonomick\u00fd sp\u00f4sob cestovania medzi oboma mestami, je k dispoz\u00edcii aj dia\u013ekov\u00e1 autobusov\u00e1 doprava. Autobusov\u00e9 linky \u010dasto pon\u00fakaj\u00fa komfort a pohodlie, tak\u017ee s\u00fa vhodnou vo\u013ebou pre cestuj\u00facich, ktor\u00ed si uvedomuj\u00fa svoj rozpo\u010det.<\/p>\n<h3>Po\u017ei\u010dov\u0148a \u00e1ut<\/h3>\n<p>Pre t\u00fdch, ktor\u00ed maj\u00fa radi slobodu nez\u00e1visl\u00e9ho cestovania, je pren\u00e1jom auta na letisku Var\u0161ava-Chopin a cesta do Viedne skvelou vo\u013ebou. Cesta pon\u00faka flexibilitu, ktor\u00e1 v\u00e1m umo\u017en\u00ed spozn\u00e1va\u0165 krajinu a robi\u0165 zast\u00e1vky po ceste.<\/p>\n<h3>S\u00fakromn\u00fd transfer<\/h3>\n<p>Ak chcete svojej ceste doda\u0165 n\u00e1dych luxusu a pohodlia, zv\u00e1\u017ete rezerv\u00e1ciu s\u00fakromnej dopravy. S\u00fakromn\u00e9 auto s profesion\u00e1lnym vodi\u010dom v\u00e1s vyzdvihne na letisku a odvezie priamo do v\u00e1\u0161ho cie\u013ea vo Viedni. T\u00e1to mo\u017enos\u0165 zaru\u010duje pohodlie a bezprobl\u00e9mov\u00fd z\u00e1\u017eitok.<\/p>\n<p style=\"text-align: center;\"><a class=\"btn btn-primary\" href=\"\/sk\/rezervovat-transfer-z-na-letisko\">Rezervova\u0165<\/a><\/p>\n<p style=\"text-align: left;\">Nech u\u017e si vyberiete ak\u00fdko\u013evek sp\u00f4sob dopravy, va\u0161a cesta z letiska Var\u0161ava-Chopin do Viedne bude ur\u010dite nezabudnute\u013en\u00fdm z\u00e1\u017eitkom. Pri rozhodovan\u00ed o tom, ktor\u00e1 mo\u017enos\u0165 najlep\u0161ie vyhovuje va\u0161im potreb\u00e1m, zv\u00e1\u017ete svoje preferencie, \u010dasov\u00e9 obmedzenia a rozpo\u010det a u\u017eite si cestu medzi t\u00fdmito dvoma \u00fa\u017easn\u00fdmi eur\u00f3pskymi mestami.<\/p>\n<\/p><\/div>\n<\/p><\/div>\n<div class=\"product-price-container\">\n<div class=\"sale-price\"> \t\t<\/div>\n<\/p><\/div>\n<div class=\"options\"><\/div>\n<div> \t\t<\/div>\n<p>   \t        <script type=\"text\/javascript\" ><\/script>  <script type=\"text\/javascript\" ><\/script> <script type=\"text\/javascript\" ><\/script>  <script type=\"text\/javascript\" ><\/script> <script type=\"text\/javascript\" ><\/script> <script type=\"text\/javascript\" ><\/script> <script type=\"text\/javascript\" ><\/script> <\/div>\n<p> \t\t<!-- \u041f\u043b\u0430\u0433\u0438\u043d \u0440\u0435\u0439\u0442\u0438\u043d\u0433\u0430 --> <\/p>\n<div class=\"vrvote-body\">\n<ul class=\"vrvote-ul\">\n<li id=\"rating_94\" class=\"current-rating\" style=\"width:100.00%;\"><\/li>\n<li> \t\t\t\t\t\t<a class=\"vr-one-star\" onclick=\"javascript:JSVRvote(94,1,115,23,0)\" href=\"javascript:void(null)\">1<\/a> \t\t\t\t\t<\/li>\n<li> \t\t\t\t\t\t<a class=\"vr-two-stars\" onclick=\"javascript:JSVRvote(94,2,115,23,0)\" href=\"javascript:void(null)\">2<\/a> \t\t\t\t\t<\/li>\n<li> \t\t\t\t\t\t<a class=\"vr-three-stars\" onclick=\"javascript:JSVRvote(94,3,115,23,0)\" href=\"javascript:void(null)\">3<\/a> \t\t\t\t\t<\/li>\n<li> \t\t\t\t\t\t<a class=\"vr-four-stars\" onclick=\"javascript:JSVRvote(94,4,115,23,0)\" href=\"javascript:void(null)\">4<\/a> \t\t\t\t\t<\/li>\n<li> \t\t\t\t\t\t<a class=\"vr-five-stars\" onclick=\"javascript:JSVRvote(94,5,115,23,0)\" href=\"javascript:void(null)\">5<\/a> \t\t\t\t\t<\/li>\n<\/ul><\/div>\n<p> \t\t\t<span id=\"vrvote_94\" class=\"vrvote-count\"><small><\/small><\/span>\t<\/span><script type=\"application\/ld+json\"><\/script>   <\/div>\n<div class=\"t4-col sidebar-r col-12 col-xl-4\">\n<div class=\"t4-module module\" id=\"Mod306\">\n<div class=\"module-inner\">\n<div class=\"module-ct\">\n<div class=\"bannergroup\">\n<div class=\"banneritem\"> \t\t\t\t\t\t\t\t\t\t\t\t\t\t\t\t\t\t\t\t\t\t\t\t\t\t\t\t\t\t\t\t\t\t\t\t\t\t\t\t\t\t\t\t\t\t\t\t\t\t<img \t\t\t\t\t\tsrc=\"\/wp-content\/uploads\/2025\/08\/banner-transfer-europe-sk-456.png\" \t\t\t\t\t\talt=\"Banner-sk\" \t\t\t\t\t\t\t\t\t\t\t\t\t\t\t\t\t\/> \t\t\t\t\t\t\t\t\t\t\t<\/p>\n<div class=\"clr\"><\/div>\n<\/p><\/div>\n<\/p><\/div>\n<\/p><\/div>\n<\/div>\n<\/div><\/div>\n<\/p><\/div>\n<\/div><\/div>\n<div id=\"t4-section-8\" class=\"t4-section  t4-section-8  section-border-top\" role=\"section-8\">\n<div class=\"bg-overlay bg-overlay-image\">&nbsp;<\/div>\n<\/p><\/div>\n<p>  <a href='javascript:' id='back-to-top'><i class='fa fa-chevron-up'><\/i><\/a>                <\/p>\n","protected":false},"excerpt":{"rendered":"<p>Transfer z letiska Var\u0161ava-Chopin do Viedne Var\u0161ava Osobn\u00e1 preprava Rezervova\u0165 Vitajte na str\u00e1nkach hlavnej prepravnej slu\u017eby pre v\u00e1\u0161 transfer z letiska Var\u0161ava-Chopin do Viedne! V na\u0161ej spolo\u010dnosti sme hrd\u00ed na to, \u017ee pon\u00fakame \u0161pi\u010dkov\u00e9 slu\u017eby s\u00fakromn\u00fdch vozidiel, ktor\u00e9 v\u00e1m zabezpe\u010dia pohodln\u00fa a bezstresov\u00fa cestu medzi t\u00fdmito dvoma kr\u00e1snymi eur\u00f3pskymi mestami. Ch\u00e1peme d\u00f4le\u017eitos\u0165 presnosti. S na\u0161imi [&hellip;]<\/p>\n","protected":false},"author":1,"featured_media":82252,"parent":19833,"menu_order":0,"comment_status":"closed","ping_status":"closed","template":"","meta":{"footnotes":""},"class_list":["post-82251","page","type-page","status-publish","has-post-thumbnail","hentry"],"yoast_head":"<!-- This site is optimized with the Yoast SEO plugin v25.6 - https:\/\/yoast.com\/wordpress\/plugins\/seo\/ -->\n<title>Transfer z letiska Var\u0161ava-Chopin, WAW do Viedne - Transfer Eur\u00f3pa<\/title>\n<meta name=\"description\" content=\"Cesta z letiska WAW do rak\u00faskej Viedne autom s vodi\u010dom. Zarezervujte si online transfer Var\u0161ava-Chopinovo letisko - Viede\u0148 na Transfer Europe \u2714Ve\u013ek\u00fd vozov\u00fd park \u2714VIP taxi \u2714Bezpe\u010dn\u00e1 platba.\" \/>\n<meta name=\"robots\" content=\"index, follow, max-snippet:-1, max-image-preview:large, max-video-preview:-1\" \/>\n<link rel=\"canonical\" href=\"https:\/\/transfereurope.com\/sk\/destinacie\/varsava\/transfer-z-letiska-varsava-chopin-do-viedne\/\" \/>\n<meta property=\"og:locale\" content=\"sk_SK\" \/>\n<meta property=\"og:type\" content=\"article\" \/>\n<meta property=\"og:title\" content=\"Transfer z letiska Var\u0161ava-Chopin, WAW do Viedne - Transfer Eur\u00f3pa\" \/>\n<meta property=\"og:description\" content=\"Cesta z letiska WAW do rak\u00faskej Viedne autom s vodi\u010dom. Zarezervujte si online transfer Var\u0161ava-Chopinovo letisko - Viede\u0148 na Transfer Europe \u2714Ve\u013ek\u00fd vozov\u00fd park \u2714VIP taxi \u2714Bezpe\u010dn\u00e1 platba.\" \/>\n<meta property=\"og:url\" content=\"https:\/\/transfereurope.com\/sk\/destinacie\/varsava\/transfer-z-letiska-varsava-chopin-do-viedne\/\" \/>\n<meta property=\"og:site_name\" content=\"transfereurope\" \/>\n<meta property=\"og:image\" content=\"https:\/\/transfereurope.com\/wp-content\/uploads\/2025\/08\/Europe-Destinations-Transfers-157-2-1.jpg\" \/>\n\t<meta property=\"og:image:width\" content=\"1500\" \/>\n\t<meta property=\"og:image:height\" content=\"2000\" \/>\n\t<meta property=\"og:image:type\" content=\"image\/jpeg\" \/>\n<meta name=\"twitter:card\" content=\"summary_large_image\" \/>\n<meta name=\"twitter:label1\" content=\"Predpokladan\u00fd \u010das \u010d\u00edtania\" \/>\n\t<meta name=\"twitter:data1\" content=\"4 min\u00faty\" \/>\n<script type=\"application\/ld+json\" class=\"yoast-schema-graph\">{\"@context\":\"https:\/\/schema.org\",\"@graph\":[{\"@type\":\"WebPage\",\"@id\":\"https:\/\/transfereurope.com\/sk\/destinacie\/varsava\/transfer-z-letiska-varsava-chopin-do-viedne\/\",\"url\":\"https:\/\/transfereurope.com\/sk\/destinacie\/varsava\/transfer-z-letiska-varsava-chopin-do-viedne\/\",\"name\":\"Transfer z letiska Var\u0161ava-Chopin, WAW do Viedne - Transfer Eur\u00f3pa\",\"isPartOf\":{\"@id\":\"https:\/\/transfereurope.com\/sk\/#website\"},\"primaryImageOfPage\":{\"@id\":\"https:\/\/transfereurope.com\/sk\/destinacie\/varsava\/transfer-z-letiska-varsava-chopin-do-viedne\/#primaryimage\"},\"image\":{\"@id\":\"https:\/\/transfereurope.com\/sk\/destinacie\/varsava\/transfer-z-letiska-varsava-chopin-do-viedne\/#primaryimage\"},\"thumbnailUrl\":\"https:\/\/transfereurope.com\/wp-content\/uploads\/2025\/08\/Europe-Destinations-Transfers-157-2-1.jpg\",\"datePublished\":\"2025-08-05T23:59:53+00:00\",\"description\":\"Cesta z letiska WAW do rak\u00faskej Viedne autom s vodi\u010dom. Zarezervujte si online transfer Var\u0161ava-Chopinovo letisko - Viede\u0148 na Transfer Europe \u2714Ve\u013ek\u00fd vozov\u00fd park \u2714VIP taxi \u2714Bezpe\u010dn\u00e1 platba.\",\"breadcrumb\":{\"@id\":\"https:\/\/transfereurope.com\/sk\/destinacie\/varsava\/transfer-z-letiska-varsava-chopin-do-viedne\/#breadcrumb\"},\"inLanguage\":\"sk-SK\",\"potentialAction\":[{\"@type\":\"ReadAction\",\"target\":[\"https:\/\/transfereurope.com\/sk\/destinacie\/varsava\/transfer-z-letiska-varsava-chopin-do-viedne\/\"]}]},{\"@type\":\"ImageObject\",\"inLanguage\":\"sk-SK\",\"@id\":\"https:\/\/transfereurope.com\/sk\/destinacie\/varsava\/transfer-z-letiska-varsava-chopin-do-viedne\/#primaryimage\",\"url\":\"https:\/\/transfereurope.com\/wp-content\/uploads\/2025\/08\/Europe-Destinations-Transfers-157-2-1.jpg\",\"contentUrl\":\"https:\/\/transfereurope.com\/wp-content\/uploads\/2025\/08\/Europe-Destinations-Transfers-157-2-1.jpg\",\"width\":1500,\"height\":2000},{\"@type\":\"BreadcrumbList\",\"@id\":\"https:\/\/transfereurope.com\/sk\/destinacie\/varsava\/transfer-z-letiska-varsava-chopin-do-viedne\/#breadcrumb\",\"itemListElement\":[{\"@type\":\"ListItem\",\"position\":1,\"name\":\"Home\",\"item\":\"https:\/\/transfereurope.com\/sk\/\"},{\"@type\":\"ListItem\",\"position\":2,\"name\":\"Transfer z letiska Var\u0161ava-Chopin do Viedne\"}]},{\"@type\":\"WebSite\",\"@id\":\"https:\/\/transfereurope.com\/sk\/#website\",\"url\":\"https:\/\/transfereurope.com\/sk\/\",\"name\":\"transfereurope\",\"description\":\"\",\"publisher\":{\"@id\":\"https:\/\/transfereurope.com\/sk\/#organization\"},\"potentialAction\":[{\"@type\":\"SearchAction\",\"target\":{\"@type\":\"EntryPoint\",\"urlTemplate\":\"https:\/\/transfereurope.com\/sk\/?s={search_term_string}\"},\"query-input\":{\"@type\":\"PropertyValueSpecification\",\"valueRequired\":true,\"valueName\":\"search_term_string\"}}],\"inLanguage\":\"sk-SK\"},{\"@type\":\"Organization\",\"@id\":\"https:\/\/transfereurope.com\/sk\/#organization\",\"name\":\"transfereurope\",\"url\":\"https:\/\/transfereurope.com\/sk\/\",\"logo\":{\"@type\":\"ImageObject\",\"inLanguage\":\"sk-SK\",\"@id\":\"https:\/\/transfereurope.com\/sk\/#\/schema\/logo\/image\/\",\"url\":\"https:\/\/transfereurope.com\/wp-content\/uploads\/2025\/08\/TRANSFERS-1655.png\",\"contentUrl\":\"https:\/\/transfereurope.com\/wp-content\/uploads\/2025\/08\/TRANSFERS-1655.png\",\"width\":500,\"height\":274,\"caption\":\"transfereurope\"},\"image\":{\"@id\":\"https:\/\/transfereurope.com\/sk\/#\/schema\/logo\/image\/\"}}]}<\/script>\n<!-- \/ Yoast SEO plugin. -->","yoast_head_json":{"title":"Transfer z letiska Var\u0161ava-Chopin, WAW do Viedne - Transfer Eur\u00f3pa","description":"Cesta z letiska WAW do rak\u00faskej Viedne autom s vodi\u010dom. Zarezervujte si online transfer Var\u0161ava-Chopinovo letisko - Viede\u0148 na Transfer Europe \u2714Ve\u013ek\u00fd vozov\u00fd park \u2714VIP taxi \u2714Bezpe\u010dn\u00e1 platba.","robots":{"index":"index","follow":"follow","max-snippet":"max-snippet:-1","max-image-preview":"max-image-preview:large","max-video-preview":"max-video-preview:-1"},"canonical":"https:\/\/transfereurope.com\/sk\/destinacie\/varsava\/transfer-z-letiska-varsava-chopin-do-viedne\/","og_locale":"sk_SK","og_type":"article","og_title":"Transfer z letiska Var\u0161ava-Chopin, WAW do Viedne - Transfer Eur\u00f3pa","og_description":"Cesta z letiska WAW do rak\u00faskej Viedne autom s vodi\u010dom. Zarezervujte si online transfer Var\u0161ava-Chopinovo letisko - Viede\u0148 na Transfer Europe \u2714Ve\u013ek\u00fd vozov\u00fd park \u2714VIP taxi \u2714Bezpe\u010dn\u00e1 platba.","og_url":"https:\/\/transfereurope.com\/sk\/destinacie\/varsava\/transfer-z-letiska-varsava-chopin-do-viedne\/","og_site_name":"transfereurope","og_image":[{"width":1500,"height":2000,"url":"https:\/\/transfereurope.com\/wp-content\/uploads\/2025\/08\/Europe-Destinations-Transfers-157-2-1.jpg","type":"image\/jpeg"}],"twitter_card":"summary_large_image","twitter_misc":{"Predpokladan\u00fd \u010das \u010d\u00edtania":"4 min\u00faty"},"schema":{"@context":"https:\/\/schema.org","@graph":[{"@type":"WebPage","@id":"https:\/\/transfereurope.com\/sk\/destinacie\/varsava\/transfer-z-letiska-varsava-chopin-do-viedne\/","url":"https:\/\/transfereurope.com\/sk\/destinacie\/varsava\/transfer-z-letiska-varsava-chopin-do-viedne\/","name":"Transfer z letiska Var\u0161ava-Chopin, WAW do Viedne - Transfer Eur\u00f3pa","isPartOf":{"@id":"https:\/\/transfereurope.com\/sk\/#website"},"primaryImageOfPage":{"@id":"https:\/\/transfereurope.com\/sk\/destinacie\/varsava\/transfer-z-letiska-varsava-chopin-do-viedne\/#primaryimage"},"image":{"@id":"https:\/\/transfereurope.com\/sk\/destinacie\/varsava\/transfer-z-letiska-varsava-chopin-do-viedne\/#primaryimage"},"thumbnailUrl":"https:\/\/transfereurope.com\/wp-content\/uploads\/2025\/08\/Europe-Destinations-Transfers-157-2-1.jpg","datePublished":"2025-08-05T23:59:53+00:00","description":"Cesta z letiska WAW do rak\u00faskej Viedne autom s vodi\u010dom. Zarezervujte si online transfer Var\u0161ava-Chopinovo letisko - Viede\u0148 na Transfer Europe \u2714Ve\u013ek\u00fd vozov\u00fd park \u2714VIP taxi \u2714Bezpe\u010dn\u00e1 platba.","breadcrumb":{"@id":"https:\/\/transfereurope.com\/sk\/destinacie\/varsava\/transfer-z-letiska-varsava-chopin-do-viedne\/#breadcrumb"},"inLanguage":"sk-SK","potentialAction":[{"@type":"ReadAction","target":["https:\/\/transfereurope.com\/sk\/destinacie\/varsava\/transfer-z-letiska-varsava-chopin-do-viedne\/"]}]},{"@type":"ImageObject","inLanguage":"sk-SK","@id":"https:\/\/transfereurope.com\/sk\/destinacie\/varsava\/transfer-z-letiska-varsava-chopin-do-viedne\/#primaryimage","url":"https:\/\/transfereurope.com\/wp-content\/uploads\/2025\/08\/Europe-Destinations-Transfers-157-2-1.jpg","contentUrl":"https:\/\/transfereurope.com\/wp-content\/uploads\/2025\/08\/Europe-Destinations-Transfers-157-2-1.jpg","width":1500,"height":2000},{"@type":"BreadcrumbList","@id":"https:\/\/transfereurope.com\/sk\/destinacie\/varsava\/transfer-z-letiska-varsava-chopin-do-viedne\/#breadcrumb","itemListElement":[{"@type":"ListItem","position":1,"name":"Home","item":"https:\/\/transfereurope.com\/sk\/"},{"@type":"ListItem","position":2,"name":"Transfer z letiska Var\u0161ava-Chopin do Viedne"}]},{"@type":"WebSite","@id":"https:\/\/transfereurope.com\/sk\/#website","url":"https:\/\/transfereurope.com\/sk\/","name":"transfereurope","description":"","publisher":{"@id":"https:\/\/transfereurope.com\/sk\/#organization"},"potentialAction":[{"@type":"SearchAction","target":{"@type":"EntryPoint","urlTemplate":"https:\/\/transfereurope.com\/sk\/?s={search_term_string}"},"query-input":{"@type":"PropertyValueSpecification","valueRequired":true,"valueName":"search_term_string"}}],"inLanguage":"sk-SK"},{"@type":"Organization","@id":"https:\/\/transfereurope.com\/sk\/#organization","name":"transfereurope","url":"https:\/\/transfereurope.com\/sk\/","logo":{"@type":"ImageObject","inLanguage":"sk-SK","@id":"https:\/\/transfereurope.com\/sk\/#\/schema\/logo\/image\/","url":"https:\/\/transfereurope.com\/wp-content\/uploads\/2025\/08\/TRANSFERS-1655.png","contentUrl":"https:\/\/transfereurope.com\/wp-content\/uploads\/2025\/08\/TRANSFERS-1655.png","width":500,"height":274,"caption":"transfereurope"},"image":{"@id":"https:\/\/transfereurope.com\/sk\/#\/schema\/logo\/image\/"}}]}},"_links":{"self":[{"href":"https:\/\/transfereurope.com\/sk\/wp-json\/wp\/v2\/pages\/82251","targetHints":{"allow":["GET"]}}],"collection":[{"href":"https:\/\/transfereurope.com\/sk\/wp-json\/wp\/v2\/pages"}],"about":[{"href":"https:\/\/transfereurope.com\/sk\/wp-json\/wp\/v2\/types\/page"}],"author":[{"embeddable":true,"href":"https:\/\/transfereurope.com\/sk\/wp-json\/wp\/v2\/users\/1"}],"replies":[{"embeddable":true,"href":"https:\/\/transfereurope.com\/sk\/wp-json\/wp\/v2\/comments?post=82251"}],"version-history":[{"count":0,"href":"https:\/\/transfereurope.com\/sk\/wp-json\/wp\/v2\/pages\/82251\/revisions"}],"up":[{"embeddable":true,"href":"https:\/\/transfereurope.com\/sk\/wp-json\/wp\/v2\/pages\/19833"}],"wp:featuredmedia":[{"embeddable":true,"href":"https:\/\/transfereurope.com\/sk\/wp-json\/wp\/v2\/media\/82252"}],"wp:attachment":[{"href":"https:\/\/transfereurope.com\/sk\/wp-json\/wp\/v2\/media?parent=82251"}],"curies":[{"name":"wp","href":"https:\/\/api.w.org\/{rel}","templated":true}]}}