{"id":82152,"date":"2025-08-05T23:59:03","date_gmt":"2025-08-05T23:59:03","guid":{"rendered":"https:\/\/transfereurope.com\/transfer-z-varsavy-do-bratislavy\/"},"modified":"2025-08-05T23:59:03","modified_gmt":"2025-08-05T23:59:03","slug":"transfer-z-varsavy-do-bratislavy","status":"publish","type":"page","link":"https:\/\/transfereurope.com\/sk\/destinacie\/varsava\/transfer-z-varsavy-do-bratislavy\/","title":{"rendered":"Transfer z Var\u0161avy do Bratislavy"},"content":{"rendered":"\n<div id=\"t4-masthead\" class=\"t4-section  t4-masthead\">\n<div class=\"t4-col text-center\">\n<div class=\"ja-masthead\" >\n<div class=\"ja-masthead-detail\">\n<h1 class=\"ja-masthead-title\">Transfer z Var\u0161avy do Bratislavy<\/h1>\n<p>                 <!---->            <\/p>\n<div class=\"block-breadcrumb\">                       <\/div>\n<\/p><\/div>\n<\/p><\/div>\n<pre><\/pre>\n<\/div>\n<\/div>\n<div id=\"t4-main-body\" class=\"t4-section  t4-main-body\" role=\"main body\">\n<div class=\"t4-section-inner container\">\n<div class=\"t4-row row\">\n<div class=\"t4-col col-12 col-xl\">\n<div id=\"system-message-container\"> \t<\/div>\n<div class=\"com-content-article item-page view-tour-detail\">\n<div class=\"tour-top-info clearfix\">\n<div class=\"pull-left\">\n<div class=\"category-article-dot\">\n<div class=\"category-name\"> \t\t\t\t\t<a href=\"\/sk\/destinacie\/varsava\" itemprop=\"genre\">Var\u0161ava Osobn\u00e1 preprava<\/a> \t\t\t\t<\/div>\n<\/p><\/div>\n<\/p><\/div>\n<div class=\"pull-right\">\n<div class=\"text-danger tour-price\"> \t\t\t\t\t\t<a href=\"\/sk\/rezervovat-transfer\">Rezervova\u0165<\/a><\/div>\n<\/p><\/div>\n<\/p><\/div>\n<p>  \t <!--\t-->  \t<\/p>\n<div class=\"vm-product-container\">\n<figure class=\"pull-left item-image\">\n<div class=\"main-image\"> \t\t<a title=\"Warsaw to Bratislava Transfer Service\" rel='vm-additional-images' href=\"\/images\/virtuemart\/product\/Europe Destinations Transfers (3)39.jpg\"><img decoding=\"async\"  loading=\"lazy\"  src=\"\/wp-content\/uploads\/2025\/08\/Europe-Destinations-Transfers-339-2.jpg\"  alt=\"Warsaw to Bratislava Transfer Service\"  \/><\/a>\t\t<\/p>\n<div class=\"clear\"><\/div>\n<\/p><\/div>\n<\/figure>\n<div class=\"vm-product-details-container\">\n<div class=\"spacer-buy-area\">    \t\t \t\t<\/div>\n<\/p><\/div>\n<div class=\"clear\"><\/div>\n<\/p><\/div>\n<div class=\"product-description\" >\n<div class=\"book-now mt-5\" style=\"text-align: left;\">\n<p>Ke\u010f ide o cestu z Var\u0161avy do Bratislavy, ch\u00e1peme, \u017ee spo\u013eahliv\u00fd a pohodln\u00fd sp\u00f4sob dopravy je rozhoduj\u00faci pre zabezpe\u010denie cesty bez stresu. Pr\u00e1ve tu prich\u00e1dzame na sc\u00e9nu my &#8211; pon\u00fakame v\u00e1m v\u00fdnimo\u010dn\u00e9 slu\u017eby prepravy automobilov, ktor\u00e9 prekonaj\u00fa va\u0161e o\u010dak\u00e1vania.<\/p>\n<p style=\"text-align: center;\"><a class=\"btn btn-primary\" href=\"\/sk\/rezervovat-transfer\">Rezervova\u0165<\/a><\/p>\n<h2 style=\"text-align: center;\"><strong>Pre\u010do si vybra\u0165 na\u0161u slu\u017ebu transferu z Var\u0161avy do Bratislavy?<\/strong><\/h2>\n<ul>\n<li><strong>S\u00fakromn\u00fd vodi\u010d:<\/strong>\u00a0Na\u0161e sk\u00fasen\u00e9, profesion\u00e1lne vodi\u010de s\u00fa v\u00e1m k dispoz\u00edcii a zabezpe\u010dia v\u00e1m individu\u00e1lnu a pohodln\u00fa cestu. M\u00f4\u017eete si odd\u00fdchnu\u0165 a u\u017e\u00edva\u0165 si jazdu, zatia\u013e \u010do sa n\u00e1\u0161 kvalifikovan\u00fd s\u00fakromn\u00fd vodi\u010d postar\u00e1 o va\u0161e prepravn\u00e9 potreby.<\/li>\n<li><strong>Bezprobl\u00e9mov\u00e1 preprava:<\/strong>\u00a0Zabudnite na probl\u00e9my s navig\u00e1ciou vo verejnej doprave alebo koordin\u00e1ciou s viacer\u00fdmi poskytovate\u013emi. Na\u0161a slu\u017eba transferu z Var\u0161avy do Bratislavy je va\u0161im komplexn\u00fdm rie\u0161en\u00edm pre bezprobl\u00e9mov\u00fa a pohodln\u00fa prepravu.<\/li>\n<li><strong>Pohodln\u00fd pren\u00e1jom vozidla:<\/strong>\u00a0Pon\u00fakame v\u00e1m na v\u00fdber flotilu dobre udr\u017eiavan\u00fdch a pohodln\u00fdch vozidiel, ktor\u00e9 v\u00e1m zabezpe\u010dia \u0161t\u00fdlov\u00e9 a pohodln\u00e9 cestovanie. \u010ci u\u017e cestujete sami alebo so skupinou, m\u00e1me pre v\u00e1s to spr\u00e1vne auto.<\/li>\n<li><strong>Preprava na mieru:<\/strong>\u00a0Na\u0161e slu\u017eby s\u00fa flexibiln\u00e9 a m\u00f4\u017eu by\u0165 prisp\u00f4soben\u00e9 va\u0161im \u0161pecifick\u00fdm potreb\u00e1m. \u010ci u\u017e po\u017eadujete jednosmern\u00fa prepravu alebo spiato\u010dn\u00fa cestu, m\u00e1me pre v\u00e1s rie\u0161enie. Na\u0161e prepravn\u00e9 slu\u017eby s\u00fa navrhnut\u00e9 tak, aby sa prisp\u00f4sobili v\u00e1\u0161mu \u010dasov\u00e9mu rozvrhu.<\/li>\n<li><strong>Spo\u013eahlivos\u0165:<\/strong>\u00a0Sme hrd\u00ed na na\u0161u presnos\u0165 a spo\u013eahlivos\u0165. S na\u0161ou prepravou z Var\u0161avy do Bratislavy sa m\u00f4\u017eete spo\u013eahn\u00fa\u0165, \u017ee v\u00e1s do cie\u013ea doprav\u00edme v\u017edy na\u010das.<\/li>\n<\/ul>\n<h2 style=\"text-align: center;\">\u00a0<\/h2>\n<h2 style=\"text-align: center;\"><strong>Rezerv\u00e1cia transferu z Var\u0161avy do Bratislavy\u00a0<\/strong><\/h2>\n<p>Ste pripraven\u00ed za\u017ei\u0165 dokonal\u00e9 rie\u0161enie prepravy medzi Var\u0161avou a Bratislavou? Neh\u013eadajte \u010falej &#8211; rezervujte si u n\u00e1s pren\u00e1jom s\u00fakromn\u00e9ho vozidla e\u0161te dnes a u\u017eite si pohodln\u00fa cestu bez stresu s na\u0161\u00edm profesion\u00e1lnym s\u00fakromn\u00fdm vodi\u010dom. Nechajte n\u00e1s, aby sme sa postarali o va\u0161e potreby v oblasti dopravy, aby ste sa mohli s\u00fastredi\u0165 na to, \u010do je najd\u00f4le\u017eitej\u0161ie.<\/p>\n<p>Kontaktujte n\u00e1s teraz, aby ste si zabezpe\u010dili rezerv\u00e1ciu, a nechajte sa odviez\u0165 na hladk\u00fa a pr\u00edjemn\u00fa jazdu z Var\u0161avy do Bratislavy. Va\u0161a cesta sa za\u010d\u00edna s nami!<\/p>\n<p style=\"text-align: center;\"><a class=\"btn btn-primary\" href=\"\/sk\/rezervovat-transfer\">Rezervova\u0165<\/a><\/p>\n<h2 style=\"text-align: center;\"><b>Ako sa dosta\u0165 z Var\u0161avy do Bratislavy<\/b><\/h2>\n<p>Ak pl\u00e1nujete cestu z pulzuj\u00faceho hlavn\u00e9ho mesta Po\u013eska Var\u0161avy do malebnej Bratislavy na Slovensku, m\u00e1te na v\u00fdber z nieko\u013ek\u00fdch mo\u017enost\u00ed dopravy. Tu je komplexn\u00fd sprievodca, ktor\u00fd v\u00e1m pom\u00f4\u017ee pri ceste.<\/p>\n<h3>Leteckou dopravou<\/h3>\n<p>Najr\u00fdchlej\u0161\u00edm sp\u00f4sobom, ako cestova\u0165 medzi Var\u0161avou a Bratislavou, je priamy let. Z var\u0161avsk\u00e9ho letiska Chopina (WAW) na bratislavsk\u00e9 letisko (BTS) denne lieta nieko\u013eko leteck\u00fdch spolo\u010dnost\u00ed. Let trv\u00e1 pribli\u017ene 1 a\u017e 1,5 hodiny, \u010do je pohodln\u00e1 mo\u017enos\u0165 pre t\u00fdch, ktor\u00ed chc\u00fa minimalizova\u0165 \u010das cestovania.<\/p>\n<h3>Vlakom<\/h3>\n<p>\u010eal\u0161ou pohodlnou a malebnou mo\u017enos\u0165ou je cestovanie vlakom. Hoci z Var\u0161avy do Bratislavy nejazd\u00ed priamy vlak, z Var\u0161avy sa m\u00f4\u017eete dosta\u0165 vlakom do Viedne v Rak\u00fasku a potom prest\u00fapi\u0165 na vlak smeruj\u00faci do Bratislavy. T\u00e1to cesta pon\u00faka kr\u00e1sne v\u00fdh\u013eady na rak\u00fasku a slovensk\u00fa krajinu, hoci m\u00f4\u017ee trva\u0165 dlh\u0161ie ako priamy let.<\/p>\n<p>\u00a0<\/p>\n<h3>Autobusom<\/h3>\n<p>Cestuj\u00faci, ktor\u00ed h\u013eadaj\u00fa finan\u010dne nen\u00e1ro\u010dn\u00fa mo\u017enos\u0165, m\u00f4\u017eu vyu\u017ei\u0165 autobusov\u00fa dopravu. Spojenie medzi Var\u0161avou a Bratislavou pon\u00fakaj\u00fa r\u00f4zne autobusov\u00e9 spolo\u010dnosti. Cesta m\u00f4\u017ee trva\u0165 7 a\u017e 10 hod\u00edn v z\u00e1vislosti od trasy a zast\u00e1vok. Nezabudnite si pozrie\u0165 cestovn\u00e9 poriadky a vybavenie, ktor\u00e9 poskytuj\u00fa r\u00f4zni autobusov\u00ed dopravcovia.<\/p>\n<h3>Automobilom<\/h3>\n<p>Ak d\u00e1vate prednos\u0165 flexibilite a chcete presk\u00fama\u0165 regi\u00f3ny medzi nimi, zv\u00e1\u017ete pren\u00e1jom auta na v\u00fdlet. Cesta z Var\u0161avy do Bratislavy je dlh\u00e1 pribli\u017ene 400 km a trv\u00e1 pribli\u017ene 4-6 hod\u00edn v z\u00e1vislosti od trasy a dopravn\u00fdch podmienok. Uistite sa, \u017ee m\u00e1te v\u0161etky potrebn\u00e9 doklady na prekro\u010denie hran\u00edc.<\/p>\n<h3>S\u00fakromn\u00fdm transferom<\/h3>\n<p>Pre bezprobl\u00e9mov\u00fa a pohodln\u00fa cestu si m\u00f4\u017eete vybra\u0165 s\u00fakromn\u00fa dopravu. Najmite si s\u00fakromn\u00e9ho vodi\u010da a auto, ktor\u00e9 v\u00e1s odvezie priamo z Var\u0161avy do Bratislavy. T\u00e1to mo\u017enos\u0165 poskytuje pohodlie, flexibilitu a individu\u00e1lne slu\u017eby pre va\u0161e cestovn\u00e9 potreby.<\/p>\n<p style=\"text-align: center;\"><a class=\"btn btn-primary\" href=\"\/sk\/rezervovat-transfer\">Rezervova\u0165<\/a><\/p>\n<p style=\"text-align: left;\">Ka\u017ed\u00fd sp\u00f4sob dopravy m\u00e1 svoje v\u00fdhody, preto si vyberte ten, ktor\u00fd najlep\u0161ie vyhovuje va\u0161im preferenci\u00e1m, rozpo\u010dtu a \u010dasov\u00e9mu pl\u00e1nu. \u010ci u\u017e uprednost\u0148ujete r\u00fdchlos\u0165, cenu alebo z\u00e1\u017eitok z cesty, existuje sp\u00f4sob, ako sa dosta\u0165 z Var\u0161avy do Bratislavy, ktor\u00fd v\u00e1m bude vyhovova\u0165. Bezpe\u010dn\u00e9 cestovanie!<\/p>\n<\/p><\/div>\n<\/p><\/div>\n<div class=\"product-price-container\">\n<div class=\"sale-price\"> \t\t<\/div>\n<\/p><\/div>\n<div class=\"options\"><\/div>\n<div> \t\t<\/div>\n<p>   \t        <script type=\"text\/javascript\" ><\/script>  <script type=\"text\/javascript\" ><\/script> <script type=\"text\/javascript\" ><\/script>  <script type=\"text\/javascript\" ><\/script> <script type=\"text\/javascript\" ><\/script> <script type=\"text\/javascript\" ><\/script> <script type=\"text\/javascript\" ><\/script> <\/div>\n<p> \t\t<!-- \u041f\u043b\u0430\u0433\u0438\u043d \u0440\u0435\u0439\u0442\u0438\u043d\u0433\u0430 --> <\/p>\n<div class=\"vrvote-body\">\n<ul class=\"vrvote-ul\">\n<li id=\"rating_78\" class=\"current-rating\" style=\"width:100.00%;\"><\/li>\n<li> \t\t\t\t\t\t<a class=\"vr-one-star\" onclick=\"javascript:JSVRvote(78,1,145,29,0)\" href=\"javascript:void(null)\">1<\/a> \t\t\t\t\t<\/li>\n<li> \t\t\t\t\t\t<a class=\"vr-two-stars\" onclick=\"javascript:JSVRvote(78,2,145,29,0)\" href=\"javascript:void(null)\">2<\/a> \t\t\t\t\t<\/li>\n<li> \t\t\t\t\t\t<a class=\"vr-three-stars\" onclick=\"javascript:JSVRvote(78,3,145,29,0)\" href=\"javascript:void(null)\">3<\/a> \t\t\t\t\t<\/li>\n<li> \t\t\t\t\t\t<a class=\"vr-four-stars\" onclick=\"javascript:JSVRvote(78,4,145,29,0)\" href=\"javascript:void(null)\">4<\/a> \t\t\t\t\t<\/li>\n<li> \t\t\t\t\t\t<a class=\"vr-five-stars\" onclick=\"javascript:JSVRvote(78,5,145,29,0)\" href=\"javascript:void(null)\">5<\/a> \t\t\t\t\t<\/li>\n<\/ul><\/div>\n<p> \t\t\t<span id=\"vrvote_78\" class=\"vrvote-count\"><small><\/small><\/span>\t<\/span><script type=\"application\/ld+json\"><\/script>   <\/div>\n<div class=\"t4-col sidebar-r col-12 col-xl-4\">\n<div class=\"t4-module module\" id=\"Mod306\">\n<div class=\"module-inner\">\n<div class=\"module-ct\">\n<div class=\"bannergroup\">\n<div class=\"banneritem\"> \t\t\t\t\t\t\t\t\t\t\t\t\t\t\t\t\t\t\t\t\t\t\t\t\t\t\t\t\t\t\t\t\t\t\t\t\t\t\t\t\t\t\t\t\t\t\t\t\t\t<img \t\t\t\t\t\tsrc=\"\/wp-content\/uploads\/2025\/08\/banner-transfer-europe-sk-455.png\" \t\t\t\t\t\talt=\"Banner-sk\" \t\t\t\t\t\t\t\t\t\t\t\t\t\t\t\t\t\/> \t\t\t\t\t\t\t\t\t\t\t<\/p>\n<div class=\"clr\"><\/div>\n<\/p><\/div>\n<\/p><\/div>\n<\/p><\/div>\n<\/div>\n<\/div><\/div>\n<\/p><\/div>\n<\/div><\/div>\n<div id=\"t4-section-8\" class=\"t4-section  t4-section-8  section-border-top\" role=\"section-8\">\n<div class=\"bg-overlay bg-overlay-image\">&nbsp;<\/div>\n<\/p><\/div>\n<p>  <a href='javascript:' id='back-to-top'><i class='fa fa-chevron-up'><\/i><\/a>                <\/p>\n","protected":false},"excerpt":{"rendered":"<p>Transfer z Var\u0161avy do Bratislavy Var\u0161ava Osobn\u00e1 preprava Rezervova\u0165 Ke\u010f ide o cestu z Var\u0161avy do Bratislavy, ch\u00e1peme, \u017ee spo\u013eahliv\u00fd a pohodln\u00fd sp\u00f4sob dopravy je rozhoduj\u00faci pre zabezpe\u010denie cesty bez stresu. Pr\u00e1ve tu prich\u00e1dzame na sc\u00e9nu my &#8211; pon\u00fakame v\u00e1m v\u00fdnimo\u010dn\u00e9 slu\u017eby prepravy automobilov, ktor\u00e9 prekonaj\u00fa va\u0161e o\u010dak\u00e1vania. Rezervova\u0165 Pre\u010do si vybra\u0165 na\u0161u slu\u017ebu transferu [&hellip;]<\/p>\n","protected":false},"author":1,"featured_media":82153,"parent":19833,"menu_order":0,"comment_status":"closed","ping_status":"closed","template":"","meta":{"footnotes":""},"class_list":["post-82152","page","type-page","status-publish","has-post-thumbnail","hentry"],"yoast_head":"<!-- This site is optimized with the Yoast SEO plugin v25.6 - https:\/\/yoast.com\/wordpress\/plugins\/seo\/ -->\n<title>Transfer z Var\u0161avy do Bratislavy - Transfer Europe<\/title>\n<meta name=\"description\" content=\"\u0160of\u00e9rujte z Var\u0161avy do Bratislavy s vodi\u010dom. Rezervujte si online transfer Var\u0161ava - Bratislava na Transfer Europe \u2714 Ve\u013ek\u00fd vozov\u00fd park \u2714 VIP taxi \u2714 Bezpe\u010dn\u00e9 platby.\" \/>\n<meta name=\"robots\" content=\"index, follow, max-snippet:-1, max-image-preview:large, max-video-preview:-1\" \/>\n<link rel=\"canonical\" href=\"https:\/\/transfereurope.com\/sk\/destinacie\/varsava\/transfer-z-varsavy-do-bratislavy\/\" \/>\n<meta property=\"og:locale\" content=\"sk_SK\" \/>\n<meta property=\"og:type\" content=\"article\" \/>\n<meta property=\"og:title\" content=\"Transfer z Var\u0161avy do Bratislavy - Transfer Europe\" \/>\n<meta property=\"og:description\" content=\"\u0160of\u00e9rujte z Var\u0161avy do Bratislavy s vodi\u010dom. Rezervujte si online transfer Var\u0161ava - Bratislava na Transfer Europe \u2714 Ve\u013ek\u00fd vozov\u00fd park \u2714 VIP taxi \u2714 Bezpe\u010dn\u00e9 platby.\" \/>\n<meta property=\"og:url\" content=\"https:\/\/transfereurope.com\/sk\/destinacie\/varsava\/transfer-z-varsavy-do-bratislavy\/\" \/>\n<meta property=\"og:site_name\" content=\"transfereurope\" \/>\n<meta property=\"og:image\" content=\"https:\/\/transfereurope.com\/wp-content\/uploads\/2025\/08\/Europe-Destinations-Transfers-339-2-1.jpg\" \/>\n\t<meta property=\"og:image:width\" content=\"1500\" \/>\n\t<meta property=\"og:image:height\" content=\"2000\" \/>\n\t<meta property=\"og:image:type\" content=\"image\/jpeg\" \/>\n<meta name=\"twitter:card\" content=\"summary_large_image\" \/>\n<meta name=\"twitter:label1\" content=\"Predpokladan\u00fd \u010das \u010d\u00edtania\" \/>\n\t<meta name=\"twitter:data1\" content=\"4 min\u00faty\" \/>\n<script type=\"application\/ld+json\" class=\"yoast-schema-graph\">{\"@context\":\"https:\/\/schema.org\",\"@graph\":[{\"@type\":\"WebPage\",\"@id\":\"https:\/\/transfereurope.com\/sk\/destinacie\/varsava\/transfer-z-varsavy-do-bratislavy\/\",\"url\":\"https:\/\/transfereurope.com\/sk\/destinacie\/varsava\/transfer-z-varsavy-do-bratislavy\/\",\"name\":\"Transfer z Var\u0161avy do Bratislavy - Transfer Europe\",\"isPartOf\":{\"@id\":\"https:\/\/transfereurope.com\/sk\/#website\"},\"primaryImageOfPage\":{\"@id\":\"https:\/\/transfereurope.com\/sk\/destinacie\/varsava\/transfer-z-varsavy-do-bratislavy\/#primaryimage\"},\"image\":{\"@id\":\"https:\/\/transfereurope.com\/sk\/destinacie\/varsava\/transfer-z-varsavy-do-bratislavy\/#primaryimage\"},\"thumbnailUrl\":\"https:\/\/transfereurope.com\/wp-content\/uploads\/2025\/08\/Europe-Destinations-Transfers-339-2-1.jpg\",\"datePublished\":\"2025-08-05T23:59:03+00:00\",\"description\":\"\u0160of\u00e9rujte z Var\u0161avy do Bratislavy s vodi\u010dom. Rezervujte si online transfer Var\u0161ava - Bratislava na Transfer Europe \u2714 Ve\u013ek\u00fd vozov\u00fd park \u2714 VIP taxi \u2714 Bezpe\u010dn\u00e9 platby.\",\"breadcrumb\":{\"@id\":\"https:\/\/transfereurope.com\/sk\/destinacie\/varsava\/transfer-z-varsavy-do-bratislavy\/#breadcrumb\"},\"inLanguage\":\"sk-SK\",\"potentialAction\":[{\"@type\":\"ReadAction\",\"target\":[\"https:\/\/transfereurope.com\/sk\/destinacie\/varsava\/transfer-z-varsavy-do-bratislavy\/\"]}]},{\"@type\":\"ImageObject\",\"inLanguage\":\"sk-SK\",\"@id\":\"https:\/\/transfereurope.com\/sk\/destinacie\/varsava\/transfer-z-varsavy-do-bratislavy\/#primaryimage\",\"url\":\"https:\/\/transfereurope.com\/wp-content\/uploads\/2025\/08\/Europe-Destinations-Transfers-339-2-1.jpg\",\"contentUrl\":\"https:\/\/transfereurope.com\/wp-content\/uploads\/2025\/08\/Europe-Destinations-Transfers-339-2-1.jpg\",\"width\":1500,\"height\":2000},{\"@type\":\"BreadcrumbList\",\"@id\":\"https:\/\/transfereurope.com\/sk\/destinacie\/varsava\/transfer-z-varsavy-do-bratislavy\/#breadcrumb\",\"itemListElement\":[{\"@type\":\"ListItem\",\"position\":1,\"name\":\"Home\",\"item\":\"https:\/\/transfereurope.com\/sk\/\"},{\"@type\":\"ListItem\",\"position\":2,\"name\":\"Transfer z Var\u0161avy do Bratislavy\"}]},{\"@type\":\"WebSite\",\"@id\":\"https:\/\/transfereurope.com\/sk\/#website\",\"url\":\"https:\/\/transfereurope.com\/sk\/\",\"name\":\"transfereurope\",\"description\":\"\",\"publisher\":{\"@id\":\"https:\/\/transfereurope.com\/sk\/#organization\"},\"potentialAction\":[{\"@type\":\"SearchAction\",\"target\":{\"@type\":\"EntryPoint\",\"urlTemplate\":\"https:\/\/transfereurope.com\/sk\/?s={search_term_string}\"},\"query-input\":{\"@type\":\"PropertyValueSpecification\",\"valueRequired\":true,\"valueName\":\"search_term_string\"}}],\"inLanguage\":\"sk-SK\"},{\"@type\":\"Organization\",\"@id\":\"https:\/\/transfereurope.com\/sk\/#organization\",\"name\":\"transfereurope\",\"url\":\"https:\/\/transfereurope.com\/sk\/\",\"logo\":{\"@type\":\"ImageObject\",\"inLanguage\":\"sk-SK\",\"@id\":\"https:\/\/transfereurope.com\/sk\/#\/schema\/logo\/image\/\",\"url\":\"https:\/\/transfereurope.com\/wp-content\/uploads\/2025\/08\/TRANSFERS-1655.png\",\"contentUrl\":\"https:\/\/transfereurope.com\/wp-content\/uploads\/2025\/08\/TRANSFERS-1655.png\",\"width\":500,\"height\":274,\"caption\":\"transfereurope\"},\"image\":{\"@id\":\"https:\/\/transfereurope.com\/sk\/#\/schema\/logo\/image\/\"}}]}<\/script>\n<!-- \/ Yoast SEO plugin. -->","yoast_head_json":{"title":"Transfer z Var\u0161avy do Bratislavy - Transfer Europe","description":"\u0160of\u00e9rujte z Var\u0161avy do Bratislavy s vodi\u010dom. Rezervujte si online transfer Var\u0161ava - Bratislava na Transfer Europe \u2714 Ve\u013ek\u00fd vozov\u00fd park \u2714 VIP taxi \u2714 Bezpe\u010dn\u00e9 platby.","robots":{"index":"index","follow":"follow","max-snippet":"max-snippet:-1","max-image-preview":"max-image-preview:large","max-video-preview":"max-video-preview:-1"},"canonical":"https:\/\/transfereurope.com\/sk\/destinacie\/varsava\/transfer-z-varsavy-do-bratislavy\/","og_locale":"sk_SK","og_type":"article","og_title":"Transfer z Var\u0161avy do Bratislavy - Transfer Europe","og_description":"\u0160of\u00e9rujte z Var\u0161avy do Bratislavy s vodi\u010dom. Rezervujte si online transfer Var\u0161ava - Bratislava na Transfer Europe \u2714 Ve\u013ek\u00fd vozov\u00fd park \u2714 VIP taxi \u2714 Bezpe\u010dn\u00e9 platby.","og_url":"https:\/\/transfereurope.com\/sk\/destinacie\/varsava\/transfer-z-varsavy-do-bratislavy\/","og_site_name":"transfereurope","og_image":[{"width":1500,"height":2000,"url":"https:\/\/transfereurope.com\/wp-content\/uploads\/2025\/08\/Europe-Destinations-Transfers-339-2-1.jpg","type":"image\/jpeg"}],"twitter_card":"summary_large_image","twitter_misc":{"Predpokladan\u00fd \u010das \u010d\u00edtania":"4 min\u00faty"},"schema":{"@context":"https:\/\/schema.org","@graph":[{"@type":"WebPage","@id":"https:\/\/transfereurope.com\/sk\/destinacie\/varsava\/transfer-z-varsavy-do-bratislavy\/","url":"https:\/\/transfereurope.com\/sk\/destinacie\/varsava\/transfer-z-varsavy-do-bratislavy\/","name":"Transfer z Var\u0161avy do Bratislavy - Transfer Europe","isPartOf":{"@id":"https:\/\/transfereurope.com\/sk\/#website"},"primaryImageOfPage":{"@id":"https:\/\/transfereurope.com\/sk\/destinacie\/varsava\/transfer-z-varsavy-do-bratislavy\/#primaryimage"},"image":{"@id":"https:\/\/transfereurope.com\/sk\/destinacie\/varsava\/transfer-z-varsavy-do-bratislavy\/#primaryimage"},"thumbnailUrl":"https:\/\/transfereurope.com\/wp-content\/uploads\/2025\/08\/Europe-Destinations-Transfers-339-2-1.jpg","datePublished":"2025-08-05T23:59:03+00:00","description":"\u0160of\u00e9rujte z Var\u0161avy do Bratislavy s vodi\u010dom. Rezervujte si online transfer Var\u0161ava - Bratislava na Transfer Europe \u2714 Ve\u013ek\u00fd vozov\u00fd park \u2714 VIP taxi \u2714 Bezpe\u010dn\u00e9 platby.","breadcrumb":{"@id":"https:\/\/transfereurope.com\/sk\/destinacie\/varsava\/transfer-z-varsavy-do-bratislavy\/#breadcrumb"},"inLanguage":"sk-SK","potentialAction":[{"@type":"ReadAction","target":["https:\/\/transfereurope.com\/sk\/destinacie\/varsava\/transfer-z-varsavy-do-bratislavy\/"]}]},{"@type":"ImageObject","inLanguage":"sk-SK","@id":"https:\/\/transfereurope.com\/sk\/destinacie\/varsava\/transfer-z-varsavy-do-bratislavy\/#primaryimage","url":"https:\/\/transfereurope.com\/wp-content\/uploads\/2025\/08\/Europe-Destinations-Transfers-339-2-1.jpg","contentUrl":"https:\/\/transfereurope.com\/wp-content\/uploads\/2025\/08\/Europe-Destinations-Transfers-339-2-1.jpg","width":1500,"height":2000},{"@type":"BreadcrumbList","@id":"https:\/\/transfereurope.com\/sk\/destinacie\/varsava\/transfer-z-varsavy-do-bratislavy\/#breadcrumb","itemListElement":[{"@type":"ListItem","position":1,"name":"Home","item":"https:\/\/transfereurope.com\/sk\/"},{"@type":"ListItem","position":2,"name":"Transfer z Var\u0161avy do Bratislavy"}]},{"@type":"WebSite","@id":"https:\/\/transfereurope.com\/sk\/#website","url":"https:\/\/transfereurope.com\/sk\/","name":"transfereurope","description":"","publisher":{"@id":"https:\/\/transfereurope.com\/sk\/#organization"},"potentialAction":[{"@type":"SearchAction","target":{"@type":"EntryPoint","urlTemplate":"https:\/\/transfereurope.com\/sk\/?s={search_term_string}"},"query-input":{"@type":"PropertyValueSpecification","valueRequired":true,"valueName":"search_term_string"}}],"inLanguage":"sk-SK"},{"@type":"Organization","@id":"https:\/\/transfereurope.com\/sk\/#organization","name":"transfereurope","url":"https:\/\/transfereurope.com\/sk\/","logo":{"@type":"ImageObject","inLanguage":"sk-SK","@id":"https:\/\/transfereurope.com\/sk\/#\/schema\/logo\/image\/","url":"https:\/\/transfereurope.com\/wp-content\/uploads\/2025\/08\/TRANSFERS-1655.png","contentUrl":"https:\/\/transfereurope.com\/wp-content\/uploads\/2025\/08\/TRANSFERS-1655.png","width":500,"height":274,"caption":"transfereurope"},"image":{"@id":"https:\/\/transfereurope.com\/sk\/#\/schema\/logo\/image\/"}}]}},"_links":{"self":[{"href":"https:\/\/transfereurope.com\/sk\/wp-json\/wp\/v2\/pages\/82152","targetHints":{"allow":["GET"]}}],"collection":[{"href":"https:\/\/transfereurope.com\/sk\/wp-json\/wp\/v2\/pages"}],"about":[{"href":"https:\/\/transfereurope.com\/sk\/wp-json\/wp\/v2\/types\/page"}],"author":[{"embeddable":true,"href":"https:\/\/transfereurope.com\/sk\/wp-json\/wp\/v2\/users\/1"}],"replies":[{"embeddable":true,"href":"https:\/\/transfereurope.com\/sk\/wp-json\/wp\/v2\/comments?post=82152"}],"version-history":[{"count":0,"href":"https:\/\/transfereurope.com\/sk\/wp-json\/wp\/v2\/pages\/82152\/revisions"}],"up":[{"embeddable":true,"href":"https:\/\/transfereurope.com\/sk\/wp-json\/wp\/v2\/pages\/19833"}],"wp:featuredmedia":[{"embeddable":true,"href":"https:\/\/transfereurope.com\/sk\/wp-json\/wp\/v2\/media\/82153"}],"wp:attachment":[{"href":"https:\/\/transfereurope.com\/sk\/wp-json\/wp\/v2\/media?parent=82152"}],"curies":[{"name":"wp","href":"https:\/\/api.w.org\/{rel}","templated":true}]}}