{"id":82053,"date":"2025-08-05T23:58:12","date_gmt":"2025-08-05T23:58:12","guid":{"rendered":"https:\/\/transfereurope.com\/transfer-z-varsavy-do-viedne\/"},"modified":"2025-08-05T23:58:12","modified_gmt":"2025-08-05T23:58:12","slug":"transfer-z-varsavy-do-viedne","status":"publish","type":"page","link":"https:\/\/transfereurope.com\/sk\/destinacie\/varsava\/transfer-z-varsavy-do-viedne\/","title":{"rendered":"Transfer z Var\u0161avy do Viedne"},"content":{"rendered":"\n<div id=\"t4-masthead\" class=\"t4-section  t4-masthead\">\n<div class=\"t4-col text-center\">\n<div class=\"ja-masthead\" >\n<div class=\"ja-masthead-detail\">\n<h1 class=\"ja-masthead-title\">Transfer z Var\u0161avy do Viedne<\/h1>\n<p>                 <!---->            <\/p>\n<div class=\"block-breadcrumb\">                       <\/div>\n<\/p><\/div>\n<\/p><\/div>\n<pre><\/pre>\n<\/div>\n<\/div>\n<div id=\"t4-main-body\" class=\"t4-section  t4-main-body\" role=\"main body\">\n<div class=\"t4-section-inner container\">\n<div class=\"t4-row row\">\n<div class=\"t4-col col-12 col-xl\">\n<div id=\"system-message-container\"> \t<\/div>\n<div class=\"com-content-article item-page view-tour-detail\">\n<div class=\"tour-top-info clearfix\">\n<div class=\"pull-left\">\n<div class=\"category-article-dot\">\n<div class=\"category-name\"> \t\t\t\t\t<a href=\"\/sk\/destinacie\/varsava\" itemprop=\"genre\">Var\u0161ava Osobn\u00e1 preprava<\/a> \t\t\t\t<\/div>\n<\/p><\/div>\n<\/p><\/div>\n<div class=\"pull-right\">\n<div class=\"text-danger tour-price\"> \t\t\t\t\t\t<a href=\"\/sk\/rezervovat-transfer\">Rezervova\u0165<\/a><\/div>\n<\/p><\/div>\n<\/p><\/div>\n<p>  \t <!--\t-->  \t<\/p>\n<div class=\"vm-product-container\">\n<figure class=\"pull-left item-image\">\n<div class=\"main-image\"> \t\t<a title=\"Warsaw to Vienna Transfer Service\" rel='vm-additional-images' href=\"\/images\/virtuemart\/product\/Italy Milan Transfers (5)535.jpg\"><img decoding=\"async\"  loading=\"lazy\"  src=\"\/wp-content\/uploads\/2025\/08\/Italy-Milan-Transfers-5535-7.jpg\"  alt=\"Warsaw to Vienna Transfer Service\"  \/><\/a>\t\t<\/p>\n<div class=\"clear\"><\/div>\n<\/p><\/div>\n<\/figure>\n<div class=\"vm-product-details-container\">\n<div class=\"spacer-buy-area\">    \t\t \t\t<\/div>\n<\/p><\/div>\n<div class=\"clear\"><\/div>\n<\/p><\/div>\n<div class=\"product-description\" >\n<div class=\"book-now mt-5\" style=\"text-align: left;\">\n<p>H\u013ead\u00e1te bezprobl\u00e9mov\u00fa a pohodln\u00fa cestu z Var\u0161avy do Viedne? U\u017e nemus\u00edte h\u013eada\u0165 \u010falej! Na\u0161a slu\u017eba transferu z Var\u0161avy do Viedne je tu, aby v\u00e1m poskytla maxim\u00e1lne pohodlie a pokoj pri cestovan\u00ed medzi t\u00fdmito dvoma \u00fa\u017easn\u00fdmi mestami.<\/p>\n<p style=\"text-align: center;\"><a class=\"btn btn-primary\" href=\"\/sk\/rezervovat-transfer\">Rezervova\u0165<\/a><\/p>\n<h2 style=\"text-align: center;\"><strong>Pre\u010do si vybra\u0165 na\u0161u slu\u017ebu transferu z Var\u0161avy do Viedne?<\/strong><\/h2>\n<ul>\n<li><strong>Efekt\u00edvna doprava:<\/strong>\u00a0N\u00e1\u0161 \u0161pecializovan\u00fd t\u00edm sa usiluje o to, aby ste sa z Var\u0161avy do Viedne prepravili bez stresu a efekt\u00edvne. Rozl\u00fa\u010dte sa s \u0165a\u017ekos\u0165ami verejnej dopravy a u\u017eite si pohodlie s\u00fakromn\u00e9ho vozidla.<\/li>\n<li><strong>S\u00fakromn\u00fd vodi\u010d:<\/strong>\u00a0Sme hrd\u00ed na to, \u017ee pon\u00fakame vysoko profesion\u00e1lneho a zdvoril\u00e9ho s\u00fakromn\u00e9ho vodi\u010da, ktor\u00fd v\u00e1m bude k dispoz\u00edcii po\u010das celej cesty. Na\u0161i vodi\u010di s\u00fa dobre vy\u0161kolen\u00ed, sk\u00fasen\u00ed a maj\u00fa v\u00fdborn\u00fa znalos\u0165 trasy, \u010do zaru\u010duje bezpe\u010dn\u00fa a pohodln\u00fa cestu.<\/li>\n<li><strong>Spo\u013eahlivos\u0165 a dochv\u00ed\u013enos\u0165:<\/strong>\u00a0Ch\u00e1peme hodnotu v\u00e1\u0161ho \u010dasu a sme tu, aby sme zabezpe\u010dili, \u017ee sa do cie\u013ea dostanete v\u010das. V\u010faka na\u0161im presn\u00fdm slu\u017eb\u00e1m si m\u00f4\u017eete by\u0165 ist\u00ed, \u017ee v\u00e1\u0161 pl\u00e1n bude dodr\u017ean\u00fd.<\/li>\n<li><strong>Pohodln\u00e9 vozidl\u00e1:<\/strong>\u00a0N\u00e1\u0161 vozov\u00fd park je navrhnut\u00fd tak, aby v\u00e1m poskytoval maxim\u00e1lne pohodlie. Na\u0161e vozidl\u00e1 udr\u017eiavame pod\u013ea najvy\u0161\u0161\u00edch \u0161tandardov, \u010d\u00edm zabezpe\u010dujeme pr\u00edjemn\u00fa a plynul\u00fa jazdu od za\u010diatku a\u017e do konca.<\/li>\n<li><strong>Cenovo dostupn\u00e9 ceny:<\/strong>\u00a0Ver\u00edme, \u017ee kvalitn\u00e1 preprava nemus\u00ed ma\u0165 extravagantn\u00fa cenovku. V\u010faka na\u0161im konkuren\u010dn\u00fdm cen\u00e1m je pren\u00e1jom na\u0161ich slu\u017eieb n\u00e1kladovo efekt\u00edvnou a rozumnou vo\u013ebou.<\/li>\n<li><strong>Flexibiln\u00e1 rezerv\u00e1cia:<\/strong>\u00a0Pon\u00fakame jednoduch\u00e9 a flexibiln\u00e9 mo\u017enosti rezerv\u00e1cie. Na\u0161u slu\u017ebu si m\u00f4\u017eete prenaja\u0165 pod\u013ea svojho rozvrhu a preferenci\u00ed, v\u010faka \u010domu sa pre v\u00e1s stane bezprobl\u00e9movou.<\/li>\n<\/ul>\n<h2 style=\"text-align: center;\">\u00a0<\/h2>\n<h2 style=\"text-align: center;\"><strong>Rezerv\u00e1cia transferu z Var\u0161avy do Viedne\u00a0<\/strong><\/h2>\n<p>Vychutnajte si pohodlie a luxus na\u0161ich transferov\u00fdch slu\u017eieb z Var\u0161avy do Viedne a nechajte n\u00e1s postara\u0165 sa o va\u0161e prepravn\u00e9 potreby. \u010ci u\u017e cestujete pracovne alebo na dovolenku, sme tu, aby sme v\u00e1m zabezpe\u010dili \u010do najpohodlnej\u0161iu a najstresuj\u00facej\u0161iu cestu.<\/p>\n<p>Rezervujte si u n\u00e1s pren\u00e1jom s\u00fakromn\u00e9ho vozidla e\u0161te dnes a vydajte sa na pr\u00edjemn\u00fa a bezstarostn\u00fa prepravu z Var\u0161avy do Viedne. Na\u0161\u00edm cie\u013eom je, aby bola va\u0161a cesta nezabudnute\u013en\u00e1 a pr\u00edjemn\u00e1.<\/p>\n<p style=\"text-align: center;\"><a class=\"btn btn-primary\" href=\"\/sk\/rezervovat-transfer\">Rezervova\u0165<\/a><\/p>\n<h2 style=\"text-align: center;\"><b>Ako sa dosta\u0165 z Var\u0161avy do Viedne<\/b><\/h2>\n<p>Pl\u00e1nujete cestu z pulzuj\u00faceho hlavn\u00e9ho mesta Po\u013eska, Var\u0161avy, do o\u010daruj\u00facej rak\u00faskej metropoly, Viedne? \u010ci u\u017e cestujete pracovne alebo za z\u00e1bavou, m\u00e1te k dispoz\u00edcii nieko\u013eko v\u00fdhodn\u00fdch mo\u017enost\u00ed, aby va\u0161a cesta bola \u010do najplynulej\u0161ia a najpr\u00edjemnej\u0161ia. Tu je v\u00e1\u0161 dokonal\u00fd cestovn\u00fd sprievodca, ako sa dosta\u0165 z Var\u0161avy do Viedne:<\/p>\n<h3>Leteckou dopravou<\/h3>\n<p>Do Viedne sa z Var\u0161avy dostanete najr\u00fdchlej\u0161ie letecky. M\u00f4\u017eete si rezervova\u0165 priamy let z letiska Var\u0161ava Chopin (WAW) na medzin\u00e1rodn\u00e9 letisko Viede\u0148 (VIE).<\/p>\n<p>Nieko\u013eko leteck\u00fdch spolo\u010dnost\u00ed pon\u00faka denn\u00e9 lety, \u010do zaru\u010duje flexibilitu v\u00e1\u0161ho cestovn\u00e9ho pl\u00e1nu.<\/p>\n<p>Let trv\u00e1 pribli\u017ene 1 hodinu a 20 min\u00fat, \u010do z neho rob\u00ed \u010dasovo \u00fasporn\u00fa vo\u013ebu.<\/p>\n<h3>Vlakom<\/h3>\n<p>\u010eal\u0161ou ob\u013e\u00fabenou mo\u017enos\u0165ou je cesta vlakom z Var\u0161avy do Viedne. Cesta pon\u00faka malebn\u00e9 v\u00fdh\u013eady a pohodov\u00fd sp\u00f4sob cestovania.<\/p>\n<p>Tieto dve mest\u00e1 sp\u00e1ja slu\u017eba RailJet a cesta trv\u00e1 pribli\u017ene 4 a\u017e 5 hod\u00edn.<\/p>\n<p>Vlaky s\u00fa pohodln\u00e9 a vybaven\u00e9 r\u00f4znymi zariadeniami vr\u00e1tane jed\u00e1lensk\u00fdch voz\u0148ov.<\/p>\n<p>\u00a0<\/p>\n<h3>Autobusom<\/h3>\n<p>Ak h\u013ead\u00e1te finan\u010dne nen\u00e1ro\u010dn\u00fa mo\u017enos\u0165, autobus z Var\u0161avy do Viedne je vhodnou vo\u013ebou.<\/p>\n<p>T\u00fato trasu prev\u00e1dzkuje mno\u017estvo autobusov\u00fdch spolo\u010dnost\u00ed, ktor\u00e9 pon\u00fakaj\u00fa r\u00f4zne \u010dasy odchodov.<\/p>\n<p>Cesta zvy\u010dajne trv\u00e1 pribli\u017ene 6-8 hod\u00edn a mnoh\u00e9 autobusy pon\u00fakaj\u00fa na palube vybavenie, ako je Wi-Fi a elektrick\u00e9 z\u00e1suvky.<\/p>\n<h3>Automobilom<\/h3>\n<p>Pre t\u00fdch, ktor\u00ed d\u00e1vaj\u00fa prednos\u0165 vo\u013enosti na otvorenej ceste, je jednou z mo\u017enost\u00ed cesta autom z Var\u0161avy do Viedne.<\/p>\n<p>Vzdialenos\u0165 medzi t\u00fdmito dvoma mestami je pribli\u017ene 340 kilometrov a cesta trv\u00e1 pribli\u017ene 4 a\u017e 5 hod\u00edn v z\u00e1vislosti od prem\u00e1vky a trasy.<\/p>\n<p>Ak pl\u00e1nujete jazdi\u0165 cez medzin\u00e1rodn\u00e9 hranice, nezabudnite sa obozn\u00e1mi\u0165 s pravidlami cestnej prem\u00e1vky a ma\u0165 potrebn\u00e9 cestovn\u00e9 doklady.<\/p>\n<h3>S\u00fakromn\u00e1 doprava<\/h3>\n<p>Ak si \u017eel\u00e1te pohodlnej\u0161iu a komfortnej\u0161iu cestu, zv\u00e1\u017ete pren\u00e1jom s\u00fakromn\u00e9ho vozidla s profesion\u00e1lnym vodi\u010dom.<\/p>\n<p>T\u00e1to mo\u017enos\u0165 umo\u017e\u0148uje individu\u00e1lny z\u00e1\u017eitok a flexibilitu pri zastavovan\u00ed na zauj\u00edmav\u00fdch miestach po ceste.<\/p>\n<p style=\"text-align: center;\"><a class=\"btn btn-primary\" href=\"\/sk\/rezervovat-transfer\">Rezervova\u0165<\/a><\/p>\n<p style=\"text-align: left;\">Bez oh\u013eadu na to, ak\u00fd sp\u00f4sob dopravy si vyberiete, va\u0161a cesta z Var\u0161avy do Viedne bude vzru\u0161uj\u00facim dobrodru\u017estvom. Nezabudnite si napl\u00e1nova\u0165 cestu pod\u013ea svojich preferenci\u00ed, rozpo\u010dtu a \u010dasov\u00e9ho harmonogramu a vychutnajte si jedine\u010dn\u00e9 z\u00e1\u017eitky, ktor\u00e9 v\u00e1m obe mest\u00e1 pon\u00fakaj\u00fa. Bezpe\u010dn\u00e9 cestovanie!<\/p>\n<\/p><\/div>\n<\/p><\/div>\n<div class=\"product-price-container\">\n<div class=\"sale-price\"> \t\t<\/div>\n<\/p><\/div>\n<div class=\"options\"><\/div>\n<div> \t\t<\/div>\n<p>   \t        <script type=\"text\/javascript\" ><\/script>  <script type=\"text\/javascript\" ><\/script> <script type=\"text\/javascript\" ><\/script>  <script type=\"text\/javascript\" ><\/script> <script type=\"text\/javascript\" ><\/script> <script type=\"text\/javascript\" ><\/script> <script type=\"text\/javascript\" ><\/script> <\/div>\n<p> \t\t<!-- \u041f\u043b\u0430\u0433\u0438\u043d \u0440\u0435\u0439\u0442\u0438\u043d\u0433\u0430 --> <\/p>\n<div class=\"vrvote-body\">\n<ul class=\"vrvote-ul\">\n<li id=\"rating_77\" class=\"current-rating\" style=\"width:99.13%;\"><\/li>\n<li> \t\t\t\t\t\t<a class=\"vr-one-star\" onclick=\"javascript:JSVRvote(77,1,114,23,0)\" href=\"javascript:void(null)\">1<\/a> \t\t\t\t\t<\/li>\n<li> \t\t\t\t\t\t<a class=\"vr-two-stars\" onclick=\"javascript:JSVRvote(77,2,114,23,0)\" href=\"javascript:void(null)\">2<\/a> \t\t\t\t\t<\/li>\n<li> \t\t\t\t\t\t<a class=\"vr-three-stars\" onclick=\"javascript:JSVRvote(77,3,114,23,0)\" href=\"javascript:void(null)\">3<\/a> \t\t\t\t\t<\/li>\n<li> \t\t\t\t\t\t<a class=\"vr-four-stars\" onclick=\"javascript:JSVRvote(77,4,114,23,0)\" href=\"javascript:void(null)\">4<\/a> \t\t\t\t\t<\/li>\n<li> \t\t\t\t\t\t<a class=\"vr-five-stars\" onclick=\"javascript:JSVRvote(77,5,114,23,0)\" href=\"javascript:void(null)\">5<\/a> \t\t\t\t\t<\/li>\n<\/ul><\/div>\n<p> \t\t\t<span id=\"vrvote_77\" class=\"vrvote-count\"><small><\/small><\/span>\t<\/span><script type=\"application\/ld+json\"><\/script>   <\/div>\n<div class=\"t4-col sidebar-r col-12 col-xl-4\">\n<div class=\"t4-module module\" id=\"Mod306\">\n<div class=\"module-inner\">\n<div class=\"module-ct\">\n<div class=\"bannergroup\">\n<div class=\"banneritem\"> \t\t\t\t\t\t\t\t\t\t\t\t\t\t\t\t\t\t\t\t\t\t\t\t\t\t\t\t\t\t\t\t\t\t\t\t\t\t\t\t\t\t\t\t\t\t\t\t\t\t<img \t\t\t\t\t\tsrc=\"\/wp-content\/uploads\/2025\/08\/banner-transfer-europe-sk-454.png\" \t\t\t\t\t\talt=\"Banner-sk\" \t\t\t\t\t\t\t\t\t\t\t\t\t\t\t\t\t\/> \t\t\t\t\t\t\t\t\t\t\t<\/p>\n<div class=\"clr\"><\/div>\n<\/p><\/div>\n<\/p><\/div>\n<\/p><\/div>\n<\/div>\n<\/div><\/div>\n<\/p><\/div>\n<\/div><\/div>\n<div id=\"t4-section-8\" class=\"t4-section  t4-section-8  section-border-top\" role=\"section-8\">\n<div class=\"bg-overlay bg-overlay-image\">&nbsp;<\/div>\n<\/p><\/div>\n<p>  <a href='javascript:' id='back-to-top'><i class='fa fa-chevron-up'><\/i><\/a>                <\/p>\n","protected":false},"excerpt":{"rendered":"<p>Transfer z Var\u0161avy do Viedne Var\u0161ava Osobn\u00e1 preprava Rezervova\u0165 H\u013ead\u00e1te bezprobl\u00e9mov\u00fa a pohodln\u00fa cestu z Var\u0161avy do Viedne? U\u017e nemus\u00edte h\u013eada\u0165 \u010falej! Na\u0161a slu\u017eba transferu z Var\u0161avy do Viedne je tu, aby v\u00e1m poskytla maxim\u00e1lne pohodlie a pokoj pri cestovan\u00ed medzi t\u00fdmito dvoma \u00fa\u017easn\u00fdmi mestami. Rezervova\u0165 Pre\u010do si vybra\u0165 na\u0161u slu\u017ebu transferu z Var\u0161avy do [&hellip;]<\/p>\n","protected":false},"author":1,"featured_media":82054,"parent":19833,"menu_order":0,"comment_status":"closed","ping_status":"closed","template":"","meta":{"footnotes":""},"class_list":["post-82053","page","type-page","status-publish","has-post-thumbnail","hentry"],"yoast_head":"<!-- This site is optimized with the Yoast SEO plugin v25.6 - https:\/\/yoast.com\/wordpress\/plugins\/seo\/ -->\n<title>Transfer z Var\u0161avy do Viedne - Transfer Europe<\/title>\n<meta name=\"description\" content=\"\u0160of\u00e9rujte z Var\u0161avy do Viedne s vodi\u010dom. Zarezervujte si online transfer Var\u0161ava - Viede\u0148 do Transfer Europe \u2714Ve\u013ek\u00fd vozov\u00fd park \u2714VIP taxi \u2714Bezpe\u010dn\u00e1 platba.\" \/>\n<meta name=\"robots\" content=\"index, follow, max-snippet:-1, max-image-preview:large, max-video-preview:-1\" \/>\n<link rel=\"canonical\" href=\"https:\/\/transfereurope.com\/sk\/destinacie\/varsava\/transfer-z-varsavy-do-viedne\/\" \/>\n<meta property=\"og:locale\" content=\"sk_SK\" \/>\n<meta property=\"og:type\" content=\"article\" \/>\n<meta property=\"og:title\" content=\"Transfer z Var\u0161avy do Viedne - Transfer Europe\" \/>\n<meta property=\"og:description\" content=\"\u0160of\u00e9rujte z Var\u0161avy do Viedne s vodi\u010dom. Zarezervujte si online transfer Var\u0161ava - Viede\u0148 do Transfer Europe \u2714Ve\u013ek\u00fd vozov\u00fd park \u2714VIP taxi \u2714Bezpe\u010dn\u00e1 platba.\" \/>\n<meta property=\"og:url\" content=\"https:\/\/transfereurope.com\/sk\/destinacie\/varsava\/transfer-z-varsavy-do-viedne\/\" \/>\n<meta property=\"og:site_name\" content=\"transfereurope\" \/>\n<meta property=\"og:image\" content=\"https:\/\/transfereurope.com\/wp-content\/uploads\/2025\/08\/Italy-Milan-Transfers-5535-7-1.jpg\" \/>\n\t<meta property=\"og:image:width\" content=\"1500\" \/>\n\t<meta property=\"og:image:height\" content=\"2000\" \/>\n\t<meta property=\"og:image:type\" content=\"image\/jpeg\" \/>\n<meta name=\"twitter:card\" content=\"summary_large_image\" \/>\n<meta name=\"twitter:label1\" content=\"Predpokladan\u00fd \u010das \u010d\u00edtania\" \/>\n\t<meta name=\"twitter:data1\" content=\"4 min\u00faty\" \/>\n<script type=\"application\/ld+json\" class=\"yoast-schema-graph\">{\"@context\":\"https:\/\/schema.org\",\"@graph\":[{\"@type\":\"WebPage\",\"@id\":\"https:\/\/transfereurope.com\/sk\/destinacie\/varsava\/transfer-z-varsavy-do-viedne\/\",\"url\":\"https:\/\/transfereurope.com\/sk\/destinacie\/varsava\/transfer-z-varsavy-do-viedne\/\",\"name\":\"Transfer z Var\u0161avy do Viedne - Transfer Europe\",\"isPartOf\":{\"@id\":\"https:\/\/transfereurope.com\/sk\/#website\"},\"primaryImageOfPage\":{\"@id\":\"https:\/\/transfereurope.com\/sk\/destinacie\/varsava\/transfer-z-varsavy-do-viedne\/#primaryimage\"},\"image\":{\"@id\":\"https:\/\/transfereurope.com\/sk\/destinacie\/varsava\/transfer-z-varsavy-do-viedne\/#primaryimage\"},\"thumbnailUrl\":\"https:\/\/transfereurope.com\/wp-content\/uploads\/2025\/08\/Italy-Milan-Transfers-5535-7-1.jpg\",\"datePublished\":\"2025-08-05T23:58:12+00:00\",\"description\":\"\u0160of\u00e9rujte z Var\u0161avy do Viedne s vodi\u010dom. Zarezervujte si online transfer Var\u0161ava - Viede\u0148 do Transfer Europe \u2714Ve\u013ek\u00fd vozov\u00fd park \u2714VIP taxi \u2714Bezpe\u010dn\u00e1 platba.\",\"breadcrumb\":{\"@id\":\"https:\/\/transfereurope.com\/sk\/destinacie\/varsava\/transfer-z-varsavy-do-viedne\/#breadcrumb\"},\"inLanguage\":\"sk-SK\",\"potentialAction\":[{\"@type\":\"ReadAction\",\"target\":[\"https:\/\/transfereurope.com\/sk\/destinacie\/varsava\/transfer-z-varsavy-do-viedne\/\"]}]},{\"@type\":\"ImageObject\",\"inLanguage\":\"sk-SK\",\"@id\":\"https:\/\/transfereurope.com\/sk\/destinacie\/varsava\/transfer-z-varsavy-do-viedne\/#primaryimage\",\"url\":\"https:\/\/transfereurope.com\/wp-content\/uploads\/2025\/08\/Italy-Milan-Transfers-5535-7-1.jpg\",\"contentUrl\":\"https:\/\/transfereurope.com\/wp-content\/uploads\/2025\/08\/Italy-Milan-Transfers-5535-7-1.jpg\",\"width\":1500,\"height\":2000},{\"@type\":\"BreadcrumbList\",\"@id\":\"https:\/\/transfereurope.com\/sk\/destinacie\/varsava\/transfer-z-varsavy-do-viedne\/#breadcrumb\",\"itemListElement\":[{\"@type\":\"ListItem\",\"position\":1,\"name\":\"Home\",\"item\":\"https:\/\/transfereurope.com\/sk\/\"},{\"@type\":\"ListItem\",\"position\":2,\"name\":\"Transfer z Var\u0161avy do Viedne\"}]},{\"@type\":\"WebSite\",\"@id\":\"https:\/\/transfereurope.com\/sk\/#website\",\"url\":\"https:\/\/transfereurope.com\/sk\/\",\"name\":\"transfereurope\",\"description\":\"\",\"publisher\":{\"@id\":\"https:\/\/transfereurope.com\/sk\/#organization\"},\"potentialAction\":[{\"@type\":\"SearchAction\",\"target\":{\"@type\":\"EntryPoint\",\"urlTemplate\":\"https:\/\/transfereurope.com\/sk\/?s={search_term_string}\"},\"query-input\":{\"@type\":\"PropertyValueSpecification\",\"valueRequired\":true,\"valueName\":\"search_term_string\"}}],\"inLanguage\":\"sk-SK\"},{\"@type\":\"Organization\",\"@id\":\"https:\/\/transfereurope.com\/sk\/#organization\",\"name\":\"transfereurope\",\"url\":\"https:\/\/transfereurope.com\/sk\/\",\"logo\":{\"@type\":\"ImageObject\",\"inLanguage\":\"sk-SK\",\"@id\":\"https:\/\/transfereurope.com\/sk\/#\/schema\/logo\/image\/\",\"url\":\"https:\/\/transfereurope.com\/wp-content\/uploads\/2025\/08\/TRANSFERS-1655.png\",\"contentUrl\":\"https:\/\/transfereurope.com\/wp-content\/uploads\/2025\/08\/TRANSFERS-1655.png\",\"width\":500,\"height\":274,\"caption\":\"transfereurope\"},\"image\":{\"@id\":\"https:\/\/transfereurope.com\/sk\/#\/schema\/logo\/image\/\"}}]}<\/script>\n<!-- \/ Yoast SEO plugin. -->","yoast_head_json":{"title":"Transfer z Var\u0161avy do Viedne - Transfer Europe","description":"\u0160of\u00e9rujte z Var\u0161avy do Viedne s vodi\u010dom. Zarezervujte si online transfer Var\u0161ava - Viede\u0148 do Transfer Europe \u2714Ve\u013ek\u00fd vozov\u00fd park \u2714VIP taxi \u2714Bezpe\u010dn\u00e1 platba.","robots":{"index":"index","follow":"follow","max-snippet":"max-snippet:-1","max-image-preview":"max-image-preview:large","max-video-preview":"max-video-preview:-1"},"canonical":"https:\/\/transfereurope.com\/sk\/destinacie\/varsava\/transfer-z-varsavy-do-viedne\/","og_locale":"sk_SK","og_type":"article","og_title":"Transfer z Var\u0161avy do Viedne - Transfer Europe","og_description":"\u0160of\u00e9rujte z Var\u0161avy do Viedne s vodi\u010dom. Zarezervujte si online transfer Var\u0161ava - Viede\u0148 do Transfer Europe \u2714Ve\u013ek\u00fd vozov\u00fd park \u2714VIP taxi \u2714Bezpe\u010dn\u00e1 platba.","og_url":"https:\/\/transfereurope.com\/sk\/destinacie\/varsava\/transfer-z-varsavy-do-viedne\/","og_site_name":"transfereurope","og_image":[{"width":1500,"height":2000,"url":"https:\/\/transfereurope.com\/wp-content\/uploads\/2025\/08\/Italy-Milan-Transfers-5535-7-1.jpg","type":"image\/jpeg"}],"twitter_card":"summary_large_image","twitter_misc":{"Predpokladan\u00fd \u010das \u010d\u00edtania":"4 min\u00faty"},"schema":{"@context":"https:\/\/schema.org","@graph":[{"@type":"WebPage","@id":"https:\/\/transfereurope.com\/sk\/destinacie\/varsava\/transfer-z-varsavy-do-viedne\/","url":"https:\/\/transfereurope.com\/sk\/destinacie\/varsava\/transfer-z-varsavy-do-viedne\/","name":"Transfer z Var\u0161avy do Viedne - Transfer Europe","isPartOf":{"@id":"https:\/\/transfereurope.com\/sk\/#website"},"primaryImageOfPage":{"@id":"https:\/\/transfereurope.com\/sk\/destinacie\/varsava\/transfer-z-varsavy-do-viedne\/#primaryimage"},"image":{"@id":"https:\/\/transfereurope.com\/sk\/destinacie\/varsava\/transfer-z-varsavy-do-viedne\/#primaryimage"},"thumbnailUrl":"https:\/\/transfereurope.com\/wp-content\/uploads\/2025\/08\/Italy-Milan-Transfers-5535-7-1.jpg","datePublished":"2025-08-05T23:58:12+00:00","description":"\u0160of\u00e9rujte z Var\u0161avy do Viedne s vodi\u010dom. Zarezervujte si online transfer Var\u0161ava - Viede\u0148 do Transfer Europe \u2714Ve\u013ek\u00fd vozov\u00fd park \u2714VIP taxi \u2714Bezpe\u010dn\u00e1 platba.","breadcrumb":{"@id":"https:\/\/transfereurope.com\/sk\/destinacie\/varsava\/transfer-z-varsavy-do-viedne\/#breadcrumb"},"inLanguage":"sk-SK","potentialAction":[{"@type":"ReadAction","target":["https:\/\/transfereurope.com\/sk\/destinacie\/varsava\/transfer-z-varsavy-do-viedne\/"]}]},{"@type":"ImageObject","inLanguage":"sk-SK","@id":"https:\/\/transfereurope.com\/sk\/destinacie\/varsava\/transfer-z-varsavy-do-viedne\/#primaryimage","url":"https:\/\/transfereurope.com\/wp-content\/uploads\/2025\/08\/Italy-Milan-Transfers-5535-7-1.jpg","contentUrl":"https:\/\/transfereurope.com\/wp-content\/uploads\/2025\/08\/Italy-Milan-Transfers-5535-7-1.jpg","width":1500,"height":2000},{"@type":"BreadcrumbList","@id":"https:\/\/transfereurope.com\/sk\/destinacie\/varsava\/transfer-z-varsavy-do-viedne\/#breadcrumb","itemListElement":[{"@type":"ListItem","position":1,"name":"Home","item":"https:\/\/transfereurope.com\/sk\/"},{"@type":"ListItem","position":2,"name":"Transfer z Var\u0161avy do Viedne"}]},{"@type":"WebSite","@id":"https:\/\/transfereurope.com\/sk\/#website","url":"https:\/\/transfereurope.com\/sk\/","name":"transfereurope","description":"","publisher":{"@id":"https:\/\/transfereurope.com\/sk\/#organization"},"potentialAction":[{"@type":"SearchAction","target":{"@type":"EntryPoint","urlTemplate":"https:\/\/transfereurope.com\/sk\/?s={search_term_string}"},"query-input":{"@type":"PropertyValueSpecification","valueRequired":true,"valueName":"search_term_string"}}],"inLanguage":"sk-SK"},{"@type":"Organization","@id":"https:\/\/transfereurope.com\/sk\/#organization","name":"transfereurope","url":"https:\/\/transfereurope.com\/sk\/","logo":{"@type":"ImageObject","inLanguage":"sk-SK","@id":"https:\/\/transfereurope.com\/sk\/#\/schema\/logo\/image\/","url":"https:\/\/transfereurope.com\/wp-content\/uploads\/2025\/08\/TRANSFERS-1655.png","contentUrl":"https:\/\/transfereurope.com\/wp-content\/uploads\/2025\/08\/TRANSFERS-1655.png","width":500,"height":274,"caption":"transfereurope"},"image":{"@id":"https:\/\/transfereurope.com\/sk\/#\/schema\/logo\/image\/"}}]}},"_links":{"self":[{"href":"https:\/\/transfereurope.com\/sk\/wp-json\/wp\/v2\/pages\/82053","targetHints":{"allow":["GET"]}}],"collection":[{"href":"https:\/\/transfereurope.com\/sk\/wp-json\/wp\/v2\/pages"}],"about":[{"href":"https:\/\/transfereurope.com\/sk\/wp-json\/wp\/v2\/types\/page"}],"author":[{"embeddable":true,"href":"https:\/\/transfereurope.com\/sk\/wp-json\/wp\/v2\/users\/1"}],"replies":[{"embeddable":true,"href":"https:\/\/transfereurope.com\/sk\/wp-json\/wp\/v2\/comments?post=82053"}],"version-history":[{"count":0,"href":"https:\/\/transfereurope.com\/sk\/wp-json\/wp\/v2\/pages\/82053\/revisions"}],"up":[{"embeddable":true,"href":"https:\/\/transfereurope.com\/sk\/wp-json\/wp\/v2\/pages\/19833"}],"wp:featuredmedia":[{"embeddable":true,"href":"https:\/\/transfereurope.com\/sk\/wp-json\/wp\/v2\/media\/82054"}],"wp:attachment":[{"href":"https:\/\/transfereurope.com\/sk\/wp-json\/wp\/v2\/media?parent=82053"}],"curies":[{"name":"wp","href":"https:\/\/api.w.org\/{rel}","templated":true}]}}