{"id":81756,"date":"2025-08-05T23:55:39","date_gmt":"2025-08-05T23:55:39","guid":{"rendered":"https:\/\/transfereurope.com\/transfer-z-letiska-krakow-balice-do-bratislavy\/"},"modified":"2025-08-05T23:55:39","modified_gmt":"2025-08-05T23:55:39","slug":"transfer-z-letiska-krakow-balice-do-bratislavy","status":"publish","type":"page","link":"https:\/\/transfereurope.com\/sk\/transfer-z-letiska-krakow-balice-do-bratislavy\/","title":{"rendered":"Transfer z letiska Krakow-Balice do Bratislavy"},"content":{"rendered":"\n<div id=\"t4-masthead\" class=\"t4-section  t4-masthead\">\n<div class=\"t4-col text-center\">\n<div class=\"ja-masthead\" >\n<div class=\"ja-masthead-detail\">\n<h1 class=\"ja-masthead-title\">Transfer z letiska Krakow-Balice do Bratislavy<\/h1>\n<p>                 <!---->            <\/p>\n<div class=\"block-breadcrumb\">                       <\/div>\n<\/p><\/div>\n<\/p><\/div>\n<pre><\/pre>\n<\/div>\n<\/div>\n<div id=\"t4-main-body\" class=\"t4-section  t4-main-body\" role=\"main body\">\n<div class=\"t4-section-inner container\">\n<div class=\"t4-row row\">\n<div class=\"t4-col col-12 col-xl\">\n<div id=\"system-message-container\"> \t<\/div>\n<div class=\"com-content-article item-page view-tour-detail\">\n<div class=\"tour-top-info clearfix\">\n<div class=\"pull-left\">\n<div class=\"category-article-dot\">\n<div class=\"category-name\"> \t\t\t\t\t<a href=\"\/sk\/destinacie\/krakov\" itemprop=\"genre\">Krakov Osobn\u00e1 preprava<\/a> \t\t\t\t<\/div>\n<\/p><\/div>\n<\/p><\/div>\n<div class=\"pull-right\">\n<div class=\"text-danger tour-price\"> \t\t\t\t\t\t<a href=\"\/sk\/rezervovat-transfer\">Rezervova\u0165<\/a><\/div>\n<\/p><\/div>\n<\/p><\/div>\n<p>  \t <!--\t-->  \t<\/p>\n<div class=\"vm-product-container\">\n<figure class=\"pull-left item-image\">\n<div class=\"main-image\"> \t\t<a title=\"Krakow-Balice Airport to Bratislava Transfer Service\" rel='vm-additional-images' href=\"\/images\/virtuemart\/product\/Europe Destinations Transfers (3)11.jpg\"><img decoding=\"async\"  loading=\"lazy\"  src=\"\/wp-content\/uploads\/2025\/08\/Europe-Destinations-Transfers-311-2.jpg\"  alt=\"Krakow-Balice Airport to Bratislava Transfer Service\"  \/><\/a>\t\t<\/p>\n<div class=\"clear\"><\/div>\n<\/p><\/div>\n<\/figure>\n<div class=\"vm-product-details-container\">\n<div class=\"spacer-buy-area\">    \t\t \t\t<\/div>\n<\/p><\/div>\n<div class=\"clear\"><\/div>\n<\/p><\/div>\n<div class=\"product-description\" >\n<div class=\"book-now mt-5\" style=\"text-align: left;\">\n<p>Vitajte v na\u0161ej \u0161pi\u010dkovej dopravnej slu\u017ebe, ktor\u00e1 sa \u0161pecializuje na slu\u017eby s\u00fakromn\u00e9ho vodi\u010da a pren\u00e1jom \u00e1ut pre cestuj\u00facich na ceste z letiska Krakov-Balice do Bratislavy. V spolo\u010dnosti Transfer z letiska Krakow-Balice do Bratislavy ch\u00e1peme d\u00f4le\u017eitos\u0165 bezprobl\u00e9movej a pohodlnej cesty a sna\u017e\u00edme sa o to, aby va\u0161e cestovanie bolo \u010do najbezprobl\u00e9movej\u0161ie.<\/p>\n<p style=\"text-align: center;\"><a class=\"btn btn-primary\" href=\"\/sk\/rezervovat-transfer-z-na-letisko\">Rezervova\u0165<\/a><\/p>\n<h2 style=\"text-align: center;\"><strong>Pre\u010do si vybra\u0165 na\u0161u slu\u017ebu transferu z letiska Krakow-Balice do Bratislavy?<\/strong><\/h2>\n<ul>\n<li><strong>Odbornos\u0165 s\u00fakromn\u00e9ho vodi\u010da:<\/strong> Na\u0161i sk\u00fasen\u00ed vodi\u010di s\u00fa dobre obozn\u00e1men\u00ed so zaisten\u00edm va\u0161ej bezpe\u010dnosti, pohodlia a dochv\u00ed\u013enosti. V\u010faka bohat\u00fdm znalostiam o trase v\u00e1s dopravia do cie\u013ea efekt\u00edvne a bezpe\u010dne.<\/li>\n<li><strong>Rozmanitos\u0165 pren\u00e1jmu vozidiel:<\/strong> Vyberte si z na\u0161ej rozmanitej flotily starostlivo udr\u017eiavan\u00fdch vozidiel. \u010ci u\u017e cestujete sami alebo so skupinou, m\u00e1me pre v\u00e1s dokonal\u00e9 vozidlo, ktor\u00e9 vyhovuje va\u0161im potreb\u00e1m a pon\u00faka \u0161t\u00fdl aj funk\u010dnos\u0165.<\/li>\n<li><strong>Personalizovan\u00e9 slu\u017eby:<\/strong> Va\u0161a spokojnos\u0165 je na\u0161ou najvy\u0161\u0161ou prioritou. Po pr\u00edlete na letisko Krakov-Balice v\u00e1s priv\u00edta n\u00e1\u0161 s\u00fakromn\u00fd vodi\u010d, ktor\u00fd bude pripraven\u00fd vyhovie\u0165 va\u0161im \u0161pecifick\u00fdm po\u017eiadavk\u00e1m a zabezpe\u010d\u00ed v\u00e1m pohodov\u00fa cestu do Bratislavy.<\/li>\n<li><strong>Efekt\u00edvnos\u0165 a spo\u013eahlivos\u0165:<\/strong> Sme hrd\u00ed na na\u0161u presnos\u0165 a spo\u013eahlivos\u0165. V\u00e1\u0161 \u010das je cenn\u00fd a na\u0161\u00edm cie\u013eom je pom\u00f4c\u0165 v\u00e1m dosta\u0165 sa do cie\u013ea r\u00fdchlo, zatia\u013e \u010do vy budete relaxova\u0165 a u\u017e\u00edva\u0165 si cestu.<\/li>\n<\/ul>\n<h2 style=\"text-align: center;\">\u00a0<\/h2>\n<h2 style=\"text-align: center;\"><strong>Rezerv\u00e1cia transferu z letiska Krakow-Balice do Bratislavy\u00a0<\/strong><\/h2>\n<p>Ke\u010f si objedn\u00e1te transfer z letiska Krakow-Balice do Bratislavy, vyberiete si viac ne\u017e len jazdu, vyberiete si bezpe\u010dn\u00fa a pohodln\u00fa cestu bez stresu. N\u00e1\u0161 pren\u00e1jom vozidla a slu\u017eby s\u00fakromn\u00e9ho vodi\u010da v\u00e1m poskytn\u00fa bezprobl\u00e9mov\u00fd z\u00e1\u017eitok z prepravy, na ktor\u00fd sa m\u00f4\u017eete spo\u013eahn\u00fa\u0165.<\/p>\n<p>Nenechajte svoje prepravn\u00e9 potreby na n\u00e1hodu; objednajte si u n\u00e1s dokonal\u00e9 dopravn\u00e9 rie\u0161enia. N\u00e1\u0161 \u0161pecializovan\u00fd t\u00edm je tu pre v\u00e1s, aby v\u00e1m pomohol pri organiz\u00e1cii v\u00e1\u0161ho transferu z letiska Krakov-Balice do Bratislavy. U\u017eite si pohodlie, spo\u013eahlivos\u0165 a komfort na\u0161ich s\u00fakromn\u00fdch vodi\u010dov a prepravn\u00fdch slu\u017eieb.<\/p>\n<p style=\"text-align: center;\"><a class=\"btn btn-primary\" href=\"\/sk\/rezervovat-transfer-z-na-letisko\">Rezervova\u0165<\/a><\/p>\n<h2 style=\"text-align: center;\"><b>Ako sa dosta\u0165 z letiska Krakov-Balice do Bratislavy<\/b><\/h2>\n<p>Cesta z letiska Krakov-Balice do o\u010daruj\u00facej Bratislavy je cesta pln\u00e1 vzru\u0161uj\u00facich mo\u017enost\u00ed. Aby sme v\u00e1m pomohli vy\u0165a\u017ei\u0165 z va\u0161ej cesty \u010do najviac, pripravili sme pre v\u00e1s tohto praktick\u00e9ho sprievodcu, ako sa \u013eahko dosta\u0165 z letiska Krakov-Balice do Bratislavy.<\/p>\n<h3>S\u00fakromn\u00e9 prepravn\u00e9 slu\u017eby<\/h3>\n<p>Najpohodlnej\u0161ou a najstresuj\u00facej\u0161ou mo\u017enos\u0165ou je objedna\u0165 si s\u00fakromn\u00fa prepravn\u00fa slu\u017ebu. Pren\u00e1jom s\u00fakromn\u00e9ho vozidla s vyhraden\u00fdm vodi\u010dom zaru\u010duje pohodln\u00fa a priamu cestu prisp\u00f4soben\u00fa v\u00e1\u0161mu \u010dasov\u00e9mu rozvrhu.<\/p>\n<h3>Verejn\u00e1 doprava<\/h3>\n<p>Letisko Krakov-Balice pon\u00faka r\u00f4zne mo\u017enosti verejnej dopravy vr\u00e1tane autobusov a vlakov. Autobusom alebo vlakom sa m\u00f4\u017eete dosta\u0165 do centra Krakova a potom presk\u00fama\u0165 dostupn\u00e9 trasy do Bratislavy.<\/p>\n<h3>Pren\u00e1jom vozidiel<\/h3>\n<p>Ak d\u00e1vate prednos\u0165 dobrodru\u017estvu na vlastn\u00fa p\u00e4s\u0165, po\u017ei\u010dovne \u00e1ut na letisku pon\u00fakaj\u00fa v\u00fdber vozidiel. T\u00e1to mo\u017enos\u0165 v\u00e1m d\u00e1va slobodu objavova\u0165 \u010desk\u00fa aj slovensk\u00fa krajinu vlastn\u00fdm tempom.<\/p>\n<p>\u00a0<\/p>\n<h3>Spolo\u010dn\u00e1 kyvadlov\u00e1 doprava<\/h3>\n<p>K dispoz\u00edcii m\u00f4\u017eu by\u0165 slu\u017eby zdie\u013eanej kyvadlovej dopravy, ktor\u00e9 v\u00e1m umo\u017enia zdie\u013ea\u0165 jazdu so spolucestuj\u00facimi. Je to cenovo v\u00fdhodn\u00e1 mo\u017enos\u0165, hoci \u010dasy a cestovn\u00e9 poriadky sa m\u00f4\u017eu l\u00ed\u0161i\u0165.<\/p>\n<h3>Taxislu\u017eba<\/h3>\n<p>Na letisku Krakov-Balice s\u00fa \u013eahko dostupn\u00e9 tax\u00edky. S\u00fa s\u00edce drah\u0161ie ako in\u00e9 mo\u017enosti, ale pon\u00fakaj\u00fa r\u00fdchly a pohodln\u00fd sp\u00f4sob, ako sa dosta\u0165 do Bratislavy.<\/p>\n<h3>Kombin\u00e1cia sp\u00f4sobov dopravy<\/h3>\n<p>Sp\u00f4soby dopravy m\u00f4\u017eete kombinova\u0165 pod\u013ea svojich preferenci\u00ed a rozpo\u010dtu. Napr\u00edklad autobusom do bl\u00edzkeho mesta a potom prestupom k s\u00fakromn\u00e9mu vodi\u010dovi na posledn\u00fd \u00fasek cesty.<\/p>\n<h3>Cestovanie vlakom<\/h3>\n<p>Hoci to nie je najpriamej\u0161ia trasa, z Krakova do Bratislavy sa m\u00f4\u017eete dosta\u0165 vlakom. T\u00e1to mo\u017enos\u0165 v\u0161ak zvy\u010dajne zah\u0155\u0148a prestupy a dlh\u0161\u00ed \u010das cestovania.<\/p>\n<p style=\"text-align: center;\"><a class=\"btn btn-primary\" href=\"\/sk\/rezervovat-transfer-z-na-letisko\">Rezervova\u0165<\/a><\/p>\n<p style=\"text-align: left;\">Predt\u00fdm, ako sa vyd\u00e1te na cestu, je vhodn\u00e9 skontrolova\u0165 si aktu\u00e1lne cestovn\u00e9 poriadky, trasy a dostupnos\u0165 jednotliv\u00fdch druhov dopravy. Napl\u00e1nujte si cestu tak, aby ste si zabezpe\u010dili bezprobl\u00e9mov\u00fd prechod z letiska Krakov-Balice do pulzuj\u00faceho mesta Bratislava. U\u017eite si svoje dobrodru\u017estvo a vyu\u017eite \u010das na spozn\u00e1vanie kr\u00e1snej krajiny a bohatej kult\u00fary, ktor\u00e9 tieto regi\u00f3ny pon\u00fakaj\u00fa. Bezpe\u010dn\u00e9 cestovanie!<\/p>\n<\/p><\/div>\n<\/p><\/div>\n<div class=\"product-price-container\">\n<div class=\"sale-price\"> \t\t<\/div>\n<\/p><\/div>\n<div class=\"options\"><\/div>\n<div> \t\t<\/div>\n<p>   \t        <script type=\"text\/javascript\" ><\/script>  <script type=\"text\/javascript\" ><\/script> <script type=\"text\/javascript\" ><\/script>  <script type=\"text\/javascript\" ><\/script> <script type=\"text\/javascript\" ><\/script> <script type=\"text\/javascript\" ><\/script> <script type=\"text\/javascript\" ><\/script> <\/div>\n<p> \t\t<!-- \u041f\u043b\u0430\u0433\u0438\u043d \u0440\u0435\u0439\u0442\u0438\u043d\u0433\u0430 --> <\/p>\n<div class=\"vrvote-body\">\n<ul class=\"vrvote-ul\">\n<li id=\"rating_92\" class=\"current-rating\" style=\"width:99.20%;\"><\/li>\n<li> \t\t\t\t\t\t<a class=\"vr-one-star\" onclick=\"javascript:JSVRvote(92,1,124,25,0)\" href=\"javascript:void(null)\">1<\/a> \t\t\t\t\t<\/li>\n<li> \t\t\t\t\t\t<a class=\"vr-two-stars\" onclick=\"javascript:JSVRvote(92,2,124,25,0)\" href=\"javascript:void(null)\">2<\/a> \t\t\t\t\t<\/li>\n<li> \t\t\t\t\t\t<a class=\"vr-three-stars\" onclick=\"javascript:JSVRvote(92,3,124,25,0)\" href=\"javascript:void(null)\">3<\/a> \t\t\t\t\t<\/li>\n<li> \t\t\t\t\t\t<a class=\"vr-four-stars\" onclick=\"javascript:JSVRvote(92,4,124,25,0)\" href=\"javascript:void(null)\">4<\/a> \t\t\t\t\t<\/li>\n<li> \t\t\t\t\t\t<a class=\"vr-five-stars\" onclick=\"javascript:JSVRvote(92,5,124,25,0)\" href=\"javascript:void(null)\">5<\/a> \t\t\t\t\t<\/li>\n<\/ul><\/div>\n<p> \t\t\t<span id=\"vrvote_92\" class=\"vrvote-count\"><small><\/small><\/span>\t<\/span><script type=\"application\/ld+json\"><\/script>   <\/div>\n<div class=\"t4-col sidebar-r col-12 col-xl-4\">\n<div class=\"t4-module module\" id=\"Mod306\">\n<div class=\"module-inner\">\n<div class=\"module-ct\">\n<div class=\"bannergroup\">\n<div class=\"banneritem\"> \t\t\t\t\t\t\t\t\t\t\t\t\t\t\t\t\t\t\t\t\t\t\t\t\t\t\t\t\t\t\t\t\t\t\t\t\t\t\t\t\t\t\t\t\t\t\t\t\t\t<img \t\t\t\t\t\tsrc=\"\/wp-content\/uploads\/2025\/08\/banner-transfer-europe-sk-451.png\" \t\t\t\t\t\talt=\"Banner-sk\" \t\t\t\t\t\t\t\t\t\t\t\t\t\t\t\t\t\/> \t\t\t\t\t\t\t\t\t\t\t<\/p>\n<div class=\"clr\"><\/div>\n<\/p><\/div>\n<\/p><\/div>\n<\/p><\/div>\n<\/div>\n<\/div><\/div>\n<\/p><\/div>\n<\/div><\/div>\n<div id=\"t4-section-8\" class=\"t4-section  t4-section-8  section-border-top\" role=\"section-8\">\n<div class=\"bg-overlay bg-overlay-image\">&nbsp;<\/div>\n<\/p><\/div>\n<p>  <a href='javascript:' id='back-to-top'><i class='fa fa-chevron-up'><\/i><\/a>                <\/p>\n","protected":false},"excerpt":{"rendered":"<p>Transfer z letiska Krakow-Balice do Bratislavy Krakov Osobn\u00e1 preprava Rezervova\u0165 Vitajte v na\u0161ej \u0161pi\u010dkovej dopravnej slu\u017ebe, ktor\u00e1 sa \u0161pecializuje na slu\u017eby s\u00fakromn\u00e9ho vodi\u010da a pren\u00e1jom \u00e1ut pre cestuj\u00facich na ceste z letiska Krakov-Balice do Bratislavy. V spolo\u010dnosti Transfer z letiska Krakow-Balice do Bratislavy ch\u00e1peme d\u00f4le\u017eitos\u0165 bezprobl\u00e9movej a pohodlnej cesty a sna\u017e\u00edme sa o to, aby [&hellip;]<\/p>\n","protected":false},"author":1,"featured_media":81757,"parent":0,"menu_order":0,"comment_status":"closed","ping_status":"closed","template":"","meta":{"footnotes":""},"class_list":["post-81756","page","type-page","status-publish","has-post-thumbnail","hentry"],"yoast_head":"<!-- This site is optimized with the Yoast SEO plugin v25.6 - https:\/\/yoast.com\/wordpress\/plugins\/seo\/ -->\n<title>Transfer z letiska Krakow-Balice, KRK do Bratislavy - Transfer Eur\u00f3pa<\/title>\n<meta name=\"description\" content=\"Cesta z letiska KRK do mesta Bratislava autom so \u0161of\u00e9rom. Zarezervujte si online transfer na letisko Krakow-Balice - Bratislava prostredn\u00edctvom slu\u017eby Transfer Europe \u2714Ve\u013ek\u00fd vozov\u00fd park \u2714VIP taxi \u2714Bezpe\u010dn\u00e9 platby.\" \/>\n<meta name=\"robots\" content=\"index, follow, max-snippet:-1, max-image-preview:large, max-video-preview:-1\" \/>\n<link rel=\"canonical\" href=\"https:\/\/transfereurope.com\/sk\/transfer-z-letiska-krakow-balice-do-bratislavy\/\" \/>\n<meta property=\"og:locale\" content=\"sk_SK\" \/>\n<meta property=\"og:type\" content=\"article\" \/>\n<meta property=\"og:title\" content=\"Transfer z letiska Krakow-Balice, KRK do Bratislavy - Transfer Eur\u00f3pa\" \/>\n<meta property=\"og:description\" content=\"Cesta z letiska KRK do mesta Bratislava autom so \u0161of\u00e9rom. Zarezervujte si online transfer na letisko Krakow-Balice - Bratislava prostredn\u00edctvom slu\u017eby Transfer Europe \u2714Ve\u013ek\u00fd vozov\u00fd park \u2714VIP taxi \u2714Bezpe\u010dn\u00e9 platby.\" \/>\n<meta property=\"og:url\" content=\"https:\/\/transfereurope.com\/sk\/transfer-z-letiska-krakow-balice-do-bratislavy\/\" \/>\n<meta property=\"og:site_name\" content=\"transfereurope\" \/>\n<meta property=\"og:image\" content=\"https:\/\/transfereurope.com\/wp-content\/uploads\/2025\/08\/Europe-Destinations-Transfers-311-2-1.jpg\" \/>\n\t<meta property=\"og:image:width\" content=\"1500\" \/>\n\t<meta property=\"og:image:height\" content=\"2000\" \/>\n\t<meta property=\"og:image:type\" content=\"image\/jpeg\" \/>\n<meta name=\"twitter:card\" content=\"summary_large_image\" \/>\n<meta name=\"twitter:label1\" content=\"Predpokladan\u00fd \u010das \u010d\u00edtania\" \/>\n\t<meta name=\"twitter:data1\" content=\"4 min\u00faty\" \/>\n<script type=\"application\/ld+json\" class=\"yoast-schema-graph\">{\"@context\":\"https:\/\/schema.org\",\"@graph\":[{\"@type\":\"WebPage\",\"@id\":\"https:\/\/transfereurope.com\/sk\/transfer-z-letiska-krakow-balice-do-bratislavy\/\",\"url\":\"https:\/\/transfereurope.com\/sk\/transfer-z-letiska-krakow-balice-do-bratislavy\/\",\"name\":\"Transfer z letiska Krakow-Balice, KRK do Bratislavy - Transfer Eur\u00f3pa\",\"isPartOf\":{\"@id\":\"https:\/\/transfereurope.com\/sk\/#website\"},\"primaryImageOfPage\":{\"@id\":\"https:\/\/transfereurope.com\/sk\/transfer-z-letiska-krakow-balice-do-bratislavy\/#primaryimage\"},\"image\":{\"@id\":\"https:\/\/transfereurope.com\/sk\/transfer-z-letiska-krakow-balice-do-bratislavy\/#primaryimage\"},\"thumbnailUrl\":\"https:\/\/transfereurope.com\/wp-content\/uploads\/2025\/08\/Europe-Destinations-Transfers-311-2-1.jpg\",\"datePublished\":\"2025-08-05T23:55:39+00:00\",\"description\":\"Cesta z letiska KRK do mesta Bratislava autom so \u0161of\u00e9rom. Zarezervujte si online transfer na letisko Krakow-Balice - Bratislava prostredn\u00edctvom slu\u017eby Transfer Europe \u2714Ve\u013ek\u00fd vozov\u00fd park \u2714VIP taxi \u2714Bezpe\u010dn\u00e9 platby.\",\"breadcrumb\":{\"@id\":\"https:\/\/transfereurope.com\/sk\/transfer-z-letiska-krakow-balice-do-bratislavy\/#breadcrumb\"},\"inLanguage\":\"sk-SK\",\"potentialAction\":[{\"@type\":\"ReadAction\",\"target\":[\"https:\/\/transfereurope.com\/sk\/transfer-z-letiska-krakow-balice-do-bratislavy\/\"]}]},{\"@type\":\"ImageObject\",\"inLanguage\":\"sk-SK\",\"@id\":\"https:\/\/transfereurope.com\/sk\/transfer-z-letiska-krakow-balice-do-bratislavy\/#primaryimage\",\"url\":\"https:\/\/transfereurope.com\/wp-content\/uploads\/2025\/08\/Europe-Destinations-Transfers-311-2-1.jpg\",\"contentUrl\":\"https:\/\/transfereurope.com\/wp-content\/uploads\/2025\/08\/Europe-Destinations-Transfers-311-2-1.jpg\",\"width\":1500,\"height\":2000},{\"@type\":\"BreadcrumbList\",\"@id\":\"https:\/\/transfereurope.com\/sk\/transfer-z-letiska-krakow-balice-do-bratislavy\/#breadcrumb\",\"itemListElement\":[{\"@type\":\"ListItem\",\"position\":1,\"name\":\"Home\",\"item\":\"https:\/\/transfereurope.com\/sk\/\"},{\"@type\":\"ListItem\",\"position\":2,\"name\":\"Transfer z letiska Krakow-Balice do Bratislavy\"}]},{\"@type\":\"WebSite\",\"@id\":\"https:\/\/transfereurope.com\/sk\/#website\",\"url\":\"https:\/\/transfereurope.com\/sk\/\",\"name\":\"transfereurope\",\"description\":\"\",\"publisher\":{\"@id\":\"https:\/\/transfereurope.com\/sk\/#organization\"},\"potentialAction\":[{\"@type\":\"SearchAction\",\"target\":{\"@type\":\"EntryPoint\",\"urlTemplate\":\"https:\/\/transfereurope.com\/sk\/?s={search_term_string}\"},\"query-input\":{\"@type\":\"PropertyValueSpecification\",\"valueRequired\":true,\"valueName\":\"search_term_string\"}}],\"inLanguage\":\"sk-SK\"},{\"@type\":\"Organization\",\"@id\":\"https:\/\/transfereurope.com\/sk\/#organization\",\"name\":\"transfereurope\",\"url\":\"https:\/\/transfereurope.com\/sk\/\",\"logo\":{\"@type\":\"ImageObject\",\"inLanguage\":\"sk-SK\",\"@id\":\"https:\/\/transfereurope.com\/sk\/#\/schema\/logo\/image\/\",\"url\":\"https:\/\/transfereurope.com\/wp-content\/uploads\/2025\/08\/TRANSFERS-1655.png\",\"contentUrl\":\"https:\/\/transfereurope.com\/wp-content\/uploads\/2025\/08\/TRANSFERS-1655.png\",\"width\":500,\"height\":274,\"caption\":\"transfereurope\"},\"image\":{\"@id\":\"https:\/\/transfereurope.com\/sk\/#\/schema\/logo\/image\/\"}}]}<\/script>\n<!-- \/ Yoast SEO plugin. -->","yoast_head_json":{"title":"Transfer z letiska Krakow-Balice, KRK do Bratislavy - Transfer Eur\u00f3pa","description":"Cesta z letiska KRK do mesta Bratislava autom so \u0161of\u00e9rom. Zarezervujte si online transfer na letisko Krakow-Balice - Bratislava prostredn\u00edctvom slu\u017eby Transfer Europe \u2714Ve\u013ek\u00fd vozov\u00fd park \u2714VIP taxi \u2714Bezpe\u010dn\u00e9 platby.","robots":{"index":"index","follow":"follow","max-snippet":"max-snippet:-1","max-image-preview":"max-image-preview:large","max-video-preview":"max-video-preview:-1"},"canonical":"https:\/\/transfereurope.com\/sk\/transfer-z-letiska-krakow-balice-do-bratislavy\/","og_locale":"sk_SK","og_type":"article","og_title":"Transfer z letiska Krakow-Balice, KRK do Bratislavy - Transfer Eur\u00f3pa","og_description":"Cesta z letiska KRK do mesta Bratislava autom so \u0161of\u00e9rom. Zarezervujte si online transfer na letisko Krakow-Balice - Bratislava prostredn\u00edctvom slu\u017eby Transfer Europe \u2714Ve\u013ek\u00fd vozov\u00fd park \u2714VIP taxi \u2714Bezpe\u010dn\u00e9 platby.","og_url":"https:\/\/transfereurope.com\/sk\/transfer-z-letiska-krakow-balice-do-bratislavy\/","og_site_name":"transfereurope","og_image":[{"width":1500,"height":2000,"url":"https:\/\/transfereurope.com\/wp-content\/uploads\/2025\/08\/Europe-Destinations-Transfers-311-2-1.jpg","type":"image\/jpeg"}],"twitter_card":"summary_large_image","twitter_misc":{"Predpokladan\u00fd \u010das \u010d\u00edtania":"4 min\u00faty"},"schema":{"@context":"https:\/\/schema.org","@graph":[{"@type":"WebPage","@id":"https:\/\/transfereurope.com\/sk\/transfer-z-letiska-krakow-balice-do-bratislavy\/","url":"https:\/\/transfereurope.com\/sk\/transfer-z-letiska-krakow-balice-do-bratislavy\/","name":"Transfer z letiska Krakow-Balice, KRK do Bratislavy - Transfer Eur\u00f3pa","isPartOf":{"@id":"https:\/\/transfereurope.com\/sk\/#website"},"primaryImageOfPage":{"@id":"https:\/\/transfereurope.com\/sk\/transfer-z-letiska-krakow-balice-do-bratislavy\/#primaryimage"},"image":{"@id":"https:\/\/transfereurope.com\/sk\/transfer-z-letiska-krakow-balice-do-bratislavy\/#primaryimage"},"thumbnailUrl":"https:\/\/transfereurope.com\/wp-content\/uploads\/2025\/08\/Europe-Destinations-Transfers-311-2-1.jpg","datePublished":"2025-08-05T23:55:39+00:00","description":"Cesta z letiska KRK do mesta Bratislava autom so \u0161of\u00e9rom. Zarezervujte si online transfer na letisko Krakow-Balice - Bratislava prostredn\u00edctvom slu\u017eby Transfer Europe \u2714Ve\u013ek\u00fd vozov\u00fd park \u2714VIP taxi \u2714Bezpe\u010dn\u00e9 platby.","breadcrumb":{"@id":"https:\/\/transfereurope.com\/sk\/transfer-z-letiska-krakow-balice-do-bratislavy\/#breadcrumb"},"inLanguage":"sk-SK","potentialAction":[{"@type":"ReadAction","target":["https:\/\/transfereurope.com\/sk\/transfer-z-letiska-krakow-balice-do-bratislavy\/"]}]},{"@type":"ImageObject","inLanguage":"sk-SK","@id":"https:\/\/transfereurope.com\/sk\/transfer-z-letiska-krakow-balice-do-bratislavy\/#primaryimage","url":"https:\/\/transfereurope.com\/wp-content\/uploads\/2025\/08\/Europe-Destinations-Transfers-311-2-1.jpg","contentUrl":"https:\/\/transfereurope.com\/wp-content\/uploads\/2025\/08\/Europe-Destinations-Transfers-311-2-1.jpg","width":1500,"height":2000},{"@type":"BreadcrumbList","@id":"https:\/\/transfereurope.com\/sk\/transfer-z-letiska-krakow-balice-do-bratislavy\/#breadcrumb","itemListElement":[{"@type":"ListItem","position":1,"name":"Home","item":"https:\/\/transfereurope.com\/sk\/"},{"@type":"ListItem","position":2,"name":"Transfer z letiska Krakow-Balice do Bratislavy"}]},{"@type":"WebSite","@id":"https:\/\/transfereurope.com\/sk\/#website","url":"https:\/\/transfereurope.com\/sk\/","name":"transfereurope","description":"","publisher":{"@id":"https:\/\/transfereurope.com\/sk\/#organization"},"potentialAction":[{"@type":"SearchAction","target":{"@type":"EntryPoint","urlTemplate":"https:\/\/transfereurope.com\/sk\/?s={search_term_string}"},"query-input":{"@type":"PropertyValueSpecification","valueRequired":true,"valueName":"search_term_string"}}],"inLanguage":"sk-SK"},{"@type":"Organization","@id":"https:\/\/transfereurope.com\/sk\/#organization","name":"transfereurope","url":"https:\/\/transfereurope.com\/sk\/","logo":{"@type":"ImageObject","inLanguage":"sk-SK","@id":"https:\/\/transfereurope.com\/sk\/#\/schema\/logo\/image\/","url":"https:\/\/transfereurope.com\/wp-content\/uploads\/2025\/08\/TRANSFERS-1655.png","contentUrl":"https:\/\/transfereurope.com\/wp-content\/uploads\/2025\/08\/TRANSFERS-1655.png","width":500,"height":274,"caption":"transfereurope"},"image":{"@id":"https:\/\/transfereurope.com\/sk\/#\/schema\/logo\/image\/"}}]}},"_links":{"self":[{"href":"https:\/\/transfereurope.com\/sk\/wp-json\/wp\/v2\/pages\/81756","targetHints":{"allow":["GET"]}}],"collection":[{"href":"https:\/\/transfereurope.com\/sk\/wp-json\/wp\/v2\/pages"}],"about":[{"href":"https:\/\/transfereurope.com\/sk\/wp-json\/wp\/v2\/types\/page"}],"author":[{"embeddable":true,"href":"https:\/\/transfereurope.com\/sk\/wp-json\/wp\/v2\/users\/1"}],"replies":[{"embeddable":true,"href":"https:\/\/transfereurope.com\/sk\/wp-json\/wp\/v2\/comments?post=81756"}],"version-history":[{"count":0,"href":"https:\/\/transfereurope.com\/sk\/wp-json\/wp\/v2\/pages\/81756\/revisions"}],"wp:featuredmedia":[{"embeddable":true,"href":"https:\/\/transfereurope.com\/sk\/wp-json\/wp\/v2\/media\/81757"}],"wp:attachment":[{"href":"https:\/\/transfereurope.com\/sk\/wp-json\/wp\/v2\/media?parent=81756"}],"curies":[{"name":"wp","href":"https:\/\/api.w.org\/{rel}","templated":true}]}}