{"id":81657,"date":"2025-08-05T23:54:48","date_gmt":"2025-08-05T23:54:48","guid":{"rendered":"https:\/\/transfereurope.com\/transfer-z-letiska-krakow-balice-do-viedne\/"},"modified":"2025-08-05T23:54:48","modified_gmt":"2025-08-05T23:54:48","slug":"transfer-z-letiska-krakow-balice-do-viedne","status":"publish","type":"page","link":"https:\/\/transfereurope.com\/sk\/transfer-z-letiska-krakow-balice-do-viedne\/","title":{"rendered":"Transfer z letiska Krakow-Balice do Viedne"},"content":{"rendered":"\n<div id=\"t4-masthead\" class=\"t4-section  t4-masthead\">\n<div class=\"t4-col text-center\">\n<div class=\"ja-masthead\" >\n<div class=\"ja-masthead-detail\">\n<h1 class=\"ja-masthead-title\">Transfer z letiska Krakow-Balice do Viedne<\/h1>\n<p>                 <!---->            <\/p>\n<div class=\"block-breadcrumb\">                       <\/div>\n<\/p><\/div>\n<\/p><\/div>\n<pre><\/pre>\n<\/div>\n<\/div>\n<div id=\"t4-main-body\" class=\"t4-section  t4-main-body\" role=\"main body\">\n<div class=\"t4-section-inner container\">\n<div class=\"t4-row row\">\n<div class=\"t4-col col-12 col-xl\">\n<div id=\"system-message-container\"> \t<\/div>\n<div class=\"com-content-article item-page view-tour-detail\">\n<div class=\"tour-top-info clearfix\">\n<div class=\"pull-left\">\n<div class=\"category-article-dot\">\n<div class=\"category-name\"> \t\t\t\t\t<a href=\"\/sk\/destinacie\/krakov\" itemprop=\"genre\">Krakov Osobn\u00e1 preprava<\/a> \t\t\t\t<\/div>\n<\/p><\/div>\n<\/p><\/div>\n<div class=\"pull-right\">\n<div class=\"text-danger tour-price\"> \t\t\t\t\t\t<a href=\"\/sk\/rezervovat-transfer\">Rezervova\u0165<\/a><\/div>\n<\/p><\/div>\n<\/p><\/div>\n<p>  \t <!--\t-->  \t<\/p>\n<div class=\"vm-product-container\">\n<figure class=\"pull-left item-image\">\n<div class=\"main-image\"> \t\t<a title=\"Krakow-Balice Airport to Vienna Transfer Service\" rel='vm-additional-images' href=\"\/images\/virtuemart\/product\/Europe Destinations Transfers (1)24.jpg\"><img decoding=\"async\"  loading=\"lazy\"  src=\"\/wp-content\/uploads\/2025\/08\/Europe-Destinations-Transfers-124-2.jpg\"  alt=\"Krakow-Balice Airport to Vienna Transfer Service\"  \/><\/a>\t\t<\/p>\n<div class=\"clear\"><\/div>\n<\/p><\/div>\n<\/figure>\n<div class=\"vm-product-details-container\">\n<div class=\"spacer-buy-area\">    \t\t \t\t<\/div>\n<\/p><\/div>\n<div class=\"clear\"><\/div>\n<\/p><\/div>\n<div class=\"product-description\" >\n<div class=\"book-now mt-5\" style=\"text-align: left;\">\n<p>Pl\u00e1nujete cestova\u0165 z letiska Krakov-Balice do Viedne \u010do najpohodlnej\u0161ie a bez probl\u00e9mov? Neh\u013eadajte \u010falej &#8211; na\u0161a prepravn\u00e1 slu\u017eba je tu, aby v\u00e1m poskytla pohodln\u00e9 a spo\u013eahliv\u00e9 rie\u0161enie.<\/p>\n<p style=\"text-align: center;\"><a class=\"btn btn-primary\" href=\"\/sk\/rezervovat-transfer-z-na-letisko\">Rezervova\u0165<\/a><\/p>\n<h2 style=\"text-align: center;\"><strong>Pre\u010do si vybra\u0165 n\u00e1\u0161 transfer z letiska Krakow-Balice do Viedne?<\/strong><\/h2>\n<ul>\n<li><strong>Pren\u00e1jom s\u00fakromn\u00fdch vodi\u010dov:<\/strong> Ke\u010f si vyberiete na\u0161u slu\u017ebu transferu, m\u00f4\u017eete sa uvo\u013eni\u0165 a u\u017e\u00edva\u0165 si cestu, zatia\u013e \u010do o zvy\u0161ok sa postar\u00e1 n\u00e1\u0161 profesion\u00e1lny s\u00fakromn\u00fd vodi\u010d. S na\u0161\u00edm s\u00fakromn\u00fdm vodi\u010dom m\u00f4\u017eete o\u010dak\u00e1va\u0165 individu\u00e1lny a pohodln\u00fd z\u00e1\u017eitok, ktor\u00fd v\u00e1m zaru\u010d\u00ed, \u017ee do Viedne doraz\u00edte bez stresu.<\/li>\n<li><strong>Pren\u00e1jom auta:<\/strong> N\u00e1\u0161 vozov\u00fd park dobre udr\u017eiavan\u00fdch, modern\u00fdch vozidiel je v\u00e1m k dispoz\u00edcii. \u010ci u\u017e d\u00e1vate prednos\u0165 luxusn\u00e9mu sedanu alebo priestrannej dod\u00e1vke, pon\u00fakame cel\u00fd rad mo\u017enost\u00ed vozidiel, ktor\u00e9 vyhovuj\u00fa va\u0161im potreb\u00e1m. V\u0161etky na\u0161e vozidl\u00e1 s\u00fa vybaven\u00e9 najmodernej\u0161\u00edm vybaven\u00edm, ktor\u00e9 v\u00e1m spr\u00edjemn\u00ed cestovanie.<\/li>\n<li><strong>Slu\u017eby od dver\u00ed k dver\u00e1m:<\/strong> Ch\u00e1peme d\u00f4le\u017eitos\u0165 bezprobl\u00e9movej prepravy od chv\u00edle, ke\u010f prilet\u00edte na letisko Krakov-Balice, a\u017e do cie\u013ea va\u0161ej cesty vo Viedni. Na\u0161e slu\u017eby od dver\u00ed k dver\u00e1m zabezpe\u010duj\u00fa plynul\u00fa a nepreru\u0161ovan\u00fa cestu, \u010d\u00edm \u0161etria v\u00e1\u0161 \u010das a n\u00e1mahu.<\/li>\n<li><strong>Bezpe\u010dn\u00e1 a spo\u013eahliv\u00e1 preprava:<\/strong> Bezpe\u010dnos\u0165 je na\u0161ou najvy\u0161\u0161ou prioritou. Na\u0161i sk\u00fasen\u00ed vodi\u010di s\u00fa dobre vy\u0161kolen\u00ed a poznaj\u00fa trasu z letiska Krakov-Balice do Viedne, v\u010faka \u010domu bude va\u0161a cesta nielen efekt\u00edvna, ale aj bezpe\u010dn\u00e1.<\/li>\n<li><strong>Pohodln\u00e1 rezerv\u00e1cia:<\/strong> Rezerv\u00e1cia na\u0161ich transferov\u00fdch slu\u017eieb je r\u00fdchla a jednoduch\u00e1. Na\u0161\u00edm cie\u013eom je, aby bolo pl\u00e1novanie va\u0161ej cesty bezprobl\u00e9mov\u00e9, a umo\u017e\u0148ujeme v\u00e1m jednoducho si rezervova\u0165 s\u00fakromn\u00e9ho vodi\u010da a prepravu.<\/li>\n<li><strong>Konkuren\u010dn\u00e9 ceny:<\/strong> Pon\u00fakame konkurencieschopn\u00e9 ceny za na\u0161e slu\u017eby transferu, \u010d\u00edm v\u00e1m zabezpe\u010d\u00edme, \u017ee za svoje peniaze dostanete najlep\u0161iu hodnotu a z\u00e1rove\u0148 si u\u017eijete vysokokvalitn\u00e9 prepravn\u00e9 slu\u017eby.<\/li>\n<\/ul>\n<h2 style=\"text-align: center;\">\u00a0<\/h2>\n<h2 style=\"text-align: center;\"><strong>Rezerv\u00e1cia transferu z letiska Krakow-Balice do Viedne\u00a0<\/strong><\/h2>\n<p>S na\u0161ou slu\u017ebou transferu z letiska Krakov-Balice do Viedne sa m\u00f4\u017eete plne s\u00fastredi\u0165 na z\u00e1\u017eitok z cesty. \u010ci u\u017e ste turista, ktor\u00fd objavuje bohat\u00e9 kult\u00farne dedi\u010dstvo Viedne, alebo obchodn\u00fd cestuj\u00faci, ktor\u00fd sa z\u00fa\u010dast\u0148uje na d\u00f4le\u017eit\u00fdch stretnutiach, sme tu, aby sme v\u00e1m poskytli v\u00fdnimo\u010dn\u00fa dopravu.<\/p>\n<p>Rezervujte si miesto e\u0161te dnes a nechajte n\u00e1s postara\u0165 sa o va\u0161e cestovn\u00e9 potreby. Vysk\u00fa\u0161ajte pohodlie a komfort na\u0161ich prepravn\u00fdch slu\u017eieb z letiska Krakov-Balice do Viedne a za\u010dnite svoju cestu bez stresu.<\/p>\n<p style=\"text-align: center;\"><a class=\"btn btn-primary\" href=\"\/sk\/rezervovat-transfer-z-na-letisko\">Rezervova\u0165<\/a><\/p>\n<h2 style=\"text-align: center;\"><b>Ako sa dosta\u0165 z letiska Krakov-Balice do Viedne<\/b><\/h2>\n<p>Cestujete z letiska Krakov-Balice do Viedne? M\u00e1me pre v\u00e1s nieko\u013eko pohodln\u00fdch mo\u017enost\u00ed, aby va\u0161a cesta bola \u010do najhlad\u0161ia. Tu sa dozviete, ako sa m\u00f4\u017eete dosta\u0165 z o\u010daruj\u00faceho Krakova do cis\u00e1rskeho hlavn\u00e9ho mesta Viedne:<\/p>\n<h3>Priame lety<\/h3>\n<p>Najr\u00fdchlej\u0161\u00ed a najefekt\u00edvnej\u0161\u00ed sp\u00f4sob, ako cestova\u0165 medzi t\u00fdmito dvoma mestami, je vyu\u017ei\u0165 priamy let. Z letiska Krakov-Balice na medzin\u00e1rodn\u00e9 letisko Viede\u0148 denne lieta nieko\u013eko leteck\u00fdch spolo\u010dnost\u00ed. Let trv\u00e1 zvy\u010dajne pribli\u017ene jednu hodinu, \u010do je v\u00fdhodn\u00e1 vo\u013eba pre t\u00fdch, ktor\u00ed chc\u00fa u\u0161etri\u0165 \u010das.<\/p>\n<h3>Vlak<\/h3>\n<p>Ak d\u00e1vate prednos\u0165 pozemnej doprave a chcete si vychutna\u0165 malebn\u00fa krajinu po ceste, m\u00f4\u017eete vyu\u017ei\u0165 vlak. Najsk\u00f4r sa mus\u00edte dosta\u0165 vlakom z Krakova do Katov\u00edc a odtia\u013e nastupova\u0165 na vlak do Viedne. Cesta je dlh\u0161ia ako let, ale milovn\u00edkom vlakov pon\u00faka jedine\u010dn\u00fd cestovate\u013esk\u00fd z\u00e1\u017eitok.<\/p>\n<p>\u00a0<\/p>\n<h3>Autobus<\/h3>\n<p>\u010eal\u0161ou mo\u017enos\u0165ou pre t\u00fdch, ktor\u00ed h\u013eadaj\u00fa cenovo v\u00fdhodn\u00e9 cestovanie, je autobus z Krakova do Viedne. Medzi t\u00fdmito dvoma mestami prem\u00e1vaj\u00fa r\u00f4zne autobusov\u00e9 spolo\u010dnosti a cesta trv\u00e1 pribli\u017ene 4 a\u017e 6 hod\u00edn. Nezabudnite si pozrie\u0165 cestovn\u00e9 poriadky a rezervova\u0165 si l\u00edstky vopred.<\/p>\n<h3>S\u00fakromn\u00fd transfer<\/h3>\n<p>Ak si chcete u\u017ei\u0165 pohodln\u00fa a bezprobl\u00e9mov\u00fa cestu, objednajte si s\u00fakromn\u00fd transfer. M\u00f4\u017eete si prenaja\u0165 s\u00fakromn\u00e9ho vodi\u010da a vozidlo, ktor\u00e9 v\u00e1s odvezie priamo z letiska Krakov-Balice do Viedne. T\u00e1to mo\u017enos\u0165 pon\u00faka pohodlie, flexibilitu a slobodu cestova\u0165 vlastn\u00fdm tempom.<\/p>\n<h3>Po\u017ei\u010dov\u0148a \u00e1ut<\/h3>\n<p>Ak m\u00e1te rad\u0161ej kontrolu nad svoj\u00edm \u010dasov\u00fdm harmonogramom a chcete presk\u00fama\u0165 regi\u00f3ny medzi nimi, m\u00f4\u017eete si na letisku Krakov-Balice prenaja\u0165 auto a odviez\u0165 sa do Viedne. Cesta poskytuje slobodu zastavi\u0165 sa na zauj\u00edmav\u00fdch miestach po ceste a ur\u010di\u0165 si vlastn\u00e9 tempo.<\/p>\n<p style=\"text-align: center;\"><a class=\"btn btn-primary\" href=\"\/sk\/rezervovat-transfer-z-na-letisko\">Rezervova\u0165<\/a><\/p>\n<p style=\"text-align: left;\">Ka\u017ed\u00e1 z t\u00fdchto mo\u017enost\u00ed m\u00e1 svoje v\u00fdhody, preto si vyberte t\u00fa, ktor\u00e1 najlep\u0161ie vyhovuje va\u0161im preferenci\u00e1m a cestovn\u00fdm potreb\u00e1m. \u010ci u\u017e h\u013ead\u00e1te r\u00fdchlos\u0165, cenovo v\u00fdhodn\u00e9 mo\u017enosti alebo individu\u00e1lne z\u00e1\u017eitky, existuje rie\u0161enie, ktor\u00e9 v\u00e1m pom\u00f4\u017ee dosta\u0165 sa z letiska Krakov-Balice do Viedne pohodlne a efekt\u00edvne. Bezpe\u010dn\u00e9 cestovanie!<\/p>\n<\/p><\/div>\n<\/p><\/div>\n<div class=\"product-price-container\">\n<div class=\"sale-price\"> \t\t<\/div>\n<\/p><\/div>\n<div class=\"options\"><\/div>\n<div> \t\t<\/div>\n<p>   \t        <script type=\"text\/javascript\" ><\/script>  <script type=\"text\/javascript\" ><\/script> <script type=\"text\/javascript\" ><\/script>  <script type=\"text\/javascript\" ><\/script> <script type=\"text\/javascript\" ><\/script> <script type=\"text\/javascript\" ><\/script> <script type=\"text\/javascript\" ><\/script> <\/div>\n<p> \t\t<!-- \u041f\u043b\u0430\u0433\u0438\u043d \u0440\u0435\u0439\u0442\u0438\u043d\u0433\u0430 --> <\/p>\n<div class=\"vrvote-body\">\n<ul class=\"vrvote-ul\">\n<li id=\"rating_90\" class=\"current-rating\" style=\"width:99.20%;\"><\/li>\n<li> \t\t\t\t\t\t<a class=\"vr-one-star\" onclick=\"javascript:JSVRvote(90,1,124,25,0)\" href=\"javascript:void(null)\">1<\/a> \t\t\t\t\t<\/li>\n<li> \t\t\t\t\t\t<a class=\"vr-two-stars\" onclick=\"javascript:JSVRvote(90,2,124,25,0)\" href=\"javascript:void(null)\">2<\/a> \t\t\t\t\t<\/li>\n<li> \t\t\t\t\t\t<a class=\"vr-three-stars\" onclick=\"javascript:JSVRvote(90,3,124,25,0)\" href=\"javascript:void(null)\">3<\/a> \t\t\t\t\t<\/li>\n<li> \t\t\t\t\t\t<a class=\"vr-four-stars\" onclick=\"javascript:JSVRvote(90,4,124,25,0)\" href=\"javascript:void(null)\">4<\/a> \t\t\t\t\t<\/li>\n<li> \t\t\t\t\t\t<a class=\"vr-five-stars\" onclick=\"javascript:JSVRvote(90,5,124,25,0)\" href=\"javascript:void(null)\">5<\/a> \t\t\t\t\t<\/li>\n<\/ul><\/div>\n<p> \t\t\t<span id=\"vrvote_90\" class=\"vrvote-count\"><small><\/small><\/span>\t<\/span><script type=\"application\/ld+json\"><\/script>   <\/div>\n<div class=\"t4-col sidebar-r col-12 col-xl-4\">\n<div class=\"t4-module module\" id=\"Mod306\">\n<div class=\"module-inner\">\n<div class=\"module-ct\">\n<div class=\"bannergroup\">\n<div class=\"banneritem\"> \t\t\t\t\t\t\t\t\t\t\t\t\t\t\t\t\t\t\t\t\t\t\t\t\t\t\t\t\t\t\t\t\t\t\t\t\t\t\t\t\t\t\t\t\t\t\t\t\t\t<img \t\t\t\t\t\tsrc=\"\/wp-content\/uploads\/2025\/08\/banner-transfer-europe-sk-450.png\" \t\t\t\t\t\talt=\"Banner-sk\" \t\t\t\t\t\t\t\t\t\t\t\t\t\t\t\t\t\/> \t\t\t\t\t\t\t\t\t\t\t<\/p>\n<div class=\"clr\"><\/div>\n<\/p><\/div>\n<\/p><\/div>\n<\/p><\/div>\n<\/div>\n<\/div><\/div>\n<\/p><\/div>\n<\/div><\/div>\n<div id=\"t4-section-8\" class=\"t4-section  t4-section-8  section-border-top\" role=\"section-8\">\n<div class=\"bg-overlay bg-overlay-image\">&nbsp;<\/div>\n<\/p><\/div>\n<p>  <a href='javascript:' id='back-to-top'><i class='fa fa-chevron-up'><\/i><\/a>                <\/p>\n","protected":false},"excerpt":{"rendered":"<p>Transfer z letiska Krakow-Balice do Viedne Krakov Osobn\u00e1 preprava Rezervova\u0165 Pl\u00e1nujete cestova\u0165 z letiska Krakov-Balice do Viedne \u010do najpohodlnej\u0161ie a bez probl\u00e9mov? Neh\u013eadajte \u010falej &#8211; na\u0161a prepravn\u00e1 slu\u017eba je tu, aby v\u00e1m poskytla pohodln\u00e9 a spo\u013eahliv\u00e9 rie\u0161enie. Rezervova\u0165 Pre\u010do si vybra\u0165 n\u00e1\u0161 transfer z letiska Krakow-Balice do Viedne? Pren\u00e1jom s\u00fakromn\u00fdch vodi\u010dov: Ke\u010f si vyberiete na\u0161u [&hellip;]<\/p>\n","protected":false},"author":1,"featured_media":81658,"parent":0,"menu_order":0,"comment_status":"closed","ping_status":"closed","template":"","meta":{"footnotes":""},"class_list":["post-81657","page","type-page","status-publish","has-post-thumbnail","hentry"],"yoast_head":"<!-- This site is optimized with the Yoast SEO plugin v25.6 - https:\/\/yoast.com\/wordpress\/plugins\/seo\/ -->\n<title>Transfer z letiska Krakow-Balice, KRK do Viedne - Transfer Eur\u00f3pa<\/title>\n<meta name=\"description\" content=\"\u0160of\u00e9rujte z letiska KRK do rak\u00faskej Viedne s vodi\u010dom. Zarezervujte si online transfer na letisko Krakow-Balice - Viede\u0148 prostredn\u00edctvom slu\u017eby Transfer Europe \u2714Ve\u013ek\u00fd vozov\u00fd park \u2714VIP taxi \u2714Bezpe\u010dn\u00e1 platba.\" \/>\n<meta name=\"robots\" content=\"index, follow, max-snippet:-1, max-image-preview:large, max-video-preview:-1\" \/>\n<link rel=\"canonical\" href=\"https:\/\/transfereurope.com\/sk\/transfer-z-letiska-krakow-balice-do-viedne\/\" \/>\n<meta property=\"og:locale\" content=\"sk_SK\" \/>\n<meta property=\"og:type\" content=\"article\" \/>\n<meta property=\"og:title\" content=\"Transfer z letiska Krakow-Balice, KRK do Viedne - Transfer Eur\u00f3pa\" \/>\n<meta property=\"og:description\" content=\"\u0160of\u00e9rujte z letiska KRK do rak\u00faskej Viedne s vodi\u010dom. Zarezervujte si online transfer na letisko Krakow-Balice - Viede\u0148 prostredn\u00edctvom slu\u017eby Transfer Europe \u2714Ve\u013ek\u00fd vozov\u00fd park \u2714VIP taxi \u2714Bezpe\u010dn\u00e1 platba.\" \/>\n<meta property=\"og:url\" content=\"https:\/\/transfereurope.com\/sk\/transfer-z-letiska-krakow-balice-do-viedne\/\" \/>\n<meta property=\"og:site_name\" content=\"transfereurope\" \/>\n<meta property=\"og:image\" content=\"https:\/\/transfereurope.com\/wp-content\/uploads\/2025\/08\/Europe-Destinations-Transfers-124-2-1.jpg\" \/>\n\t<meta property=\"og:image:width\" content=\"1500\" \/>\n\t<meta property=\"og:image:height\" content=\"2000\" \/>\n\t<meta property=\"og:image:type\" content=\"image\/jpeg\" \/>\n<meta name=\"twitter:card\" content=\"summary_large_image\" \/>\n<meta name=\"twitter:label1\" content=\"Predpokladan\u00fd \u010das \u010d\u00edtania\" \/>\n\t<meta name=\"twitter:data1\" content=\"4 min\u00faty\" \/>\n<script type=\"application\/ld+json\" class=\"yoast-schema-graph\">{\"@context\":\"https:\/\/schema.org\",\"@graph\":[{\"@type\":\"WebPage\",\"@id\":\"https:\/\/transfereurope.com\/sk\/transfer-z-letiska-krakow-balice-do-viedne\/\",\"url\":\"https:\/\/transfereurope.com\/sk\/transfer-z-letiska-krakow-balice-do-viedne\/\",\"name\":\"Transfer z letiska Krakow-Balice, KRK do Viedne - Transfer Eur\u00f3pa\",\"isPartOf\":{\"@id\":\"https:\/\/transfereurope.com\/sk\/#website\"},\"primaryImageOfPage\":{\"@id\":\"https:\/\/transfereurope.com\/sk\/transfer-z-letiska-krakow-balice-do-viedne\/#primaryimage\"},\"image\":{\"@id\":\"https:\/\/transfereurope.com\/sk\/transfer-z-letiska-krakow-balice-do-viedne\/#primaryimage\"},\"thumbnailUrl\":\"https:\/\/transfereurope.com\/wp-content\/uploads\/2025\/08\/Europe-Destinations-Transfers-124-2-1.jpg\",\"datePublished\":\"2025-08-05T23:54:48+00:00\",\"description\":\"\u0160of\u00e9rujte z letiska KRK do rak\u00faskej Viedne s vodi\u010dom. Zarezervujte si online transfer na letisko Krakow-Balice - Viede\u0148 prostredn\u00edctvom slu\u017eby Transfer Europe \u2714Ve\u013ek\u00fd vozov\u00fd park \u2714VIP taxi \u2714Bezpe\u010dn\u00e1 platba.\",\"breadcrumb\":{\"@id\":\"https:\/\/transfereurope.com\/sk\/transfer-z-letiska-krakow-balice-do-viedne\/#breadcrumb\"},\"inLanguage\":\"sk-SK\",\"potentialAction\":[{\"@type\":\"ReadAction\",\"target\":[\"https:\/\/transfereurope.com\/sk\/transfer-z-letiska-krakow-balice-do-viedne\/\"]}]},{\"@type\":\"ImageObject\",\"inLanguage\":\"sk-SK\",\"@id\":\"https:\/\/transfereurope.com\/sk\/transfer-z-letiska-krakow-balice-do-viedne\/#primaryimage\",\"url\":\"https:\/\/transfereurope.com\/wp-content\/uploads\/2025\/08\/Europe-Destinations-Transfers-124-2-1.jpg\",\"contentUrl\":\"https:\/\/transfereurope.com\/wp-content\/uploads\/2025\/08\/Europe-Destinations-Transfers-124-2-1.jpg\",\"width\":1500,\"height\":2000},{\"@type\":\"BreadcrumbList\",\"@id\":\"https:\/\/transfereurope.com\/sk\/transfer-z-letiska-krakow-balice-do-viedne\/#breadcrumb\",\"itemListElement\":[{\"@type\":\"ListItem\",\"position\":1,\"name\":\"Home\",\"item\":\"https:\/\/transfereurope.com\/sk\/\"},{\"@type\":\"ListItem\",\"position\":2,\"name\":\"Transfer z letiska Krakow-Balice do Viedne\"}]},{\"@type\":\"WebSite\",\"@id\":\"https:\/\/transfereurope.com\/sk\/#website\",\"url\":\"https:\/\/transfereurope.com\/sk\/\",\"name\":\"transfereurope\",\"description\":\"\",\"publisher\":{\"@id\":\"https:\/\/transfereurope.com\/sk\/#organization\"},\"potentialAction\":[{\"@type\":\"SearchAction\",\"target\":{\"@type\":\"EntryPoint\",\"urlTemplate\":\"https:\/\/transfereurope.com\/sk\/?s={search_term_string}\"},\"query-input\":{\"@type\":\"PropertyValueSpecification\",\"valueRequired\":true,\"valueName\":\"search_term_string\"}}],\"inLanguage\":\"sk-SK\"},{\"@type\":\"Organization\",\"@id\":\"https:\/\/transfereurope.com\/sk\/#organization\",\"name\":\"transfereurope\",\"url\":\"https:\/\/transfereurope.com\/sk\/\",\"logo\":{\"@type\":\"ImageObject\",\"inLanguage\":\"sk-SK\",\"@id\":\"https:\/\/transfereurope.com\/sk\/#\/schema\/logo\/image\/\",\"url\":\"https:\/\/transfereurope.com\/wp-content\/uploads\/2025\/08\/TRANSFERS-1655.png\",\"contentUrl\":\"https:\/\/transfereurope.com\/wp-content\/uploads\/2025\/08\/TRANSFERS-1655.png\",\"width\":500,\"height\":274,\"caption\":\"transfereurope\"},\"image\":{\"@id\":\"https:\/\/transfereurope.com\/sk\/#\/schema\/logo\/image\/\"}}]}<\/script>\n<!-- \/ Yoast SEO plugin. -->","yoast_head_json":{"title":"Transfer z letiska Krakow-Balice, KRK do Viedne - Transfer Eur\u00f3pa","description":"\u0160of\u00e9rujte z letiska KRK do rak\u00faskej Viedne s vodi\u010dom. Zarezervujte si online transfer na letisko Krakow-Balice - Viede\u0148 prostredn\u00edctvom slu\u017eby Transfer Europe \u2714Ve\u013ek\u00fd vozov\u00fd park \u2714VIP taxi \u2714Bezpe\u010dn\u00e1 platba.","robots":{"index":"index","follow":"follow","max-snippet":"max-snippet:-1","max-image-preview":"max-image-preview:large","max-video-preview":"max-video-preview:-1"},"canonical":"https:\/\/transfereurope.com\/sk\/transfer-z-letiska-krakow-balice-do-viedne\/","og_locale":"sk_SK","og_type":"article","og_title":"Transfer z letiska Krakow-Balice, KRK do Viedne - Transfer Eur\u00f3pa","og_description":"\u0160of\u00e9rujte z letiska KRK do rak\u00faskej Viedne s vodi\u010dom. Zarezervujte si online transfer na letisko Krakow-Balice - Viede\u0148 prostredn\u00edctvom slu\u017eby Transfer Europe \u2714Ve\u013ek\u00fd vozov\u00fd park \u2714VIP taxi \u2714Bezpe\u010dn\u00e1 platba.","og_url":"https:\/\/transfereurope.com\/sk\/transfer-z-letiska-krakow-balice-do-viedne\/","og_site_name":"transfereurope","og_image":[{"width":1500,"height":2000,"url":"https:\/\/transfereurope.com\/wp-content\/uploads\/2025\/08\/Europe-Destinations-Transfers-124-2-1.jpg","type":"image\/jpeg"}],"twitter_card":"summary_large_image","twitter_misc":{"Predpokladan\u00fd \u010das \u010d\u00edtania":"4 min\u00faty"},"schema":{"@context":"https:\/\/schema.org","@graph":[{"@type":"WebPage","@id":"https:\/\/transfereurope.com\/sk\/transfer-z-letiska-krakow-balice-do-viedne\/","url":"https:\/\/transfereurope.com\/sk\/transfer-z-letiska-krakow-balice-do-viedne\/","name":"Transfer z letiska Krakow-Balice, KRK do Viedne - Transfer Eur\u00f3pa","isPartOf":{"@id":"https:\/\/transfereurope.com\/sk\/#website"},"primaryImageOfPage":{"@id":"https:\/\/transfereurope.com\/sk\/transfer-z-letiska-krakow-balice-do-viedne\/#primaryimage"},"image":{"@id":"https:\/\/transfereurope.com\/sk\/transfer-z-letiska-krakow-balice-do-viedne\/#primaryimage"},"thumbnailUrl":"https:\/\/transfereurope.com\/wp-content\/uploads\/2025\/08\/Europe-Destinations-Transfers-124-2-1.jpg","datePublished":"2025-08-05T23:54:48+00:00","description":"\u0160of\u00e9rujte z letiska KRK do rak\u00faskej Viedne s vodi\u010dom. Zarezervujte si online transfer na letisko Krakow-Balice - Viede\u0148 prostredn\u00edctvom slu\u017eby Transfer Europe \u2714Ve\u013ek\u00fd vozov\u00fd park \u2714VIP taxi \u2714Bezpe\u010dn\u00e1 platba.","breadcrumb":{"@id":"https:\/\/transfereurope.com\/sk\/transfer-z-letiska-krakow-balice-do-viedne\/#breadcrumb"},"inLanguage":"sk-SK","potentialAction":[{"@type":"ReadAction","target":["https:\/\/transfereurope.com\/sk\/transfer-z-letiska-krakow-balice-do-viedne\/"]}]},{"@type":"ImageObject","inLanguage":"sk-SK","@id":"https:\/\/transfereurope.com\/sk\/transfer-z-letiska-krakow-balice-do-viedne\/#primaryimage","url":"https:\/\/transfereurope.com\/wp-content\/uploads\/2025\/08\/Europe-Destinations-Transfers-124-2-1.jpg","contentUrl":"https:\/\/transfereurope.com\/wp-content\/uploads\/2025\/08\/Europe-Destinations-Transfers-124-2-1.jpg","width":1500,"height":2000},{"@type":"BreadcrumbList","@id":"https:\/\/transfereurope.com\/sk\/transfer-z-letiska-krakow-balice-do-viedne\/#breadcrumb","itemListElement":[{"@type":"ListItem","position":1,"name":"Home","item":"https:\/\/transfereurope.com\/sk\/"},{"@type":"ListItem","position":2,"name":"Transfer z letiska Krakow-Balice do Viedne"}]},{"@type":"WebSite","@id":"https:\/\/transfereurope.com\/sk\/#website","url":"https:\/\/transfereurope.com\/sk\/","name":"transfereurope","description":"","publisher":{"@id":"https:\/\/transfereurope.com\/sk\/#organization"},"potentialAction":[{"@type":"SearchAction","target":{"@type":"EntryPoint","urlTemplate":"https:\/\/transfereurope.com\/sk\/?s={search_term_string}"},"query-input":{"@type":"PropertyValueSpecification","valueRequired":true,"valueName":"search_term_string"}}],"inLanguage":"sk-SK"},{"@type":"Organization","@id":"https:\/\/transfereurope.com\/sk\/#organization","name":"transfereurope","url":"https:\/\/transfereurope.com\/sk\/","logo":{"@type":"ImageObject","inLanguage":"sk-SK","@id":"https:\/\/transfereurope.com\/sk\/#\/schema\/logo\/image\/","url":"https:\/\/transfereurope.com\/wp-content\/uploads\/2025\/08\/TRANSFERS-1655.png","contentUrl":"https:\/\/transfereurope.com\/wp-content\/uploads\/2025\/08\/TRANSFERS-1655.png","width":500,"height":274,"caption":"transfereurope"},"image":{"@id":"https:\/\/transfereurope.com\/sk\/#\/schema\/logo\/image\/"}}]}},"_links":{"self":[{"href":"https:\/\/transfereurope.com\/sk\/wp-json\/wp\/v2\/pages\/81657","targetHints":{"allow":["GET"]}}],"collection":[{"href":"https:\/\/transfereurope.com\/sk\/wp-json\/wp\/v2\/pages"}],"about":[{"href":"https:\/\/transfereurope.com\/sk\/wp-json\/wp\/v2\/types\/page"}],"author":[{"embeddable":true,"href":"https:\/\/transfereurope.com\/sk\/wp-json\/wp\/v2\/users\/1"}],"replies":[{"embeddable":true,"href":"https:\/\/transfereurope.com\/sk\/wp-json\/wp\/v2\/comments?post=81657"}],"version-history":[{"count":0,"href":"https:\/\/transfereurope.com\/sk\/wp-json\/wp\/v2\/pages\/81657\/revisions"}],"wp:featuredmedia":[{"embeddable":true,"href":"https:\/\/transfereurope.com\/sk\/wp-json\/wp\/v2\/media\/81658"}],"wp:attachment":[{"href":"https:\/\/transfereurope.com\/sk\/wp-json\/wp\/v2\/media?parent=81657"}],"curies":[{"name":"wp","href":"https:\/\/api.w.org\/{rel}","templated":true}]}}